{"id":96217,"date":"2025-08-21T13:19:14","date_gmt":"2025-08-21T10:19:14","guid":{"rendered":"https:\/\/xstyle.md\/?post_type=product&#038;p=96217"},"modified":"2026-04-04T13:14:21","modified_gmt":"2026-04-04T10:14:21","slug":"kepka-compressport-visor-pro-racing-indigo","status":"publish","type":"product","link":"https:\/\/xstyle.md\/ro\/produs\/kepka-compressport-visor-pro-racing-indigo\/","title":{"rendered":"Chipiu Compressport Visor Pro Racing indigo"},"content":{"rendered":"<\/p>\n<p><strong>Compressport Visor Pro Racing indigo<\/strong> &#8212; este un chipiu de performan\u021b\u0103, creat pentru sportivii care au nevoie de protec\u021bie solar\u0103 eficient\u0103 \u0219i gestionarea optim\u0103 a transpira\u021biei f\u0103r\u0103 a supra\u00eenc\u0103lzi capul.<\/p>\n<h3>Particularit\u0103\u021bi<\/h3>\n<ul>\n<li>Absorb\u021bia transpira\u021biei &#8212; banda frontal\u0103 din material moale de tip prosop absoarbe rapid umezeala, prevenind p\u0103trunderea transpira\u021biei \u00een ochi<\/li>\n<li>Designul deschis permite circula\u021bia liber\u0103 a aerului pe toat\u0103 suprafa\u021ba capului<\/li>\n<li>Banda elastic\u0103 lat\u0103 asigur\u0103 o fixare sigur\u0103 \u0219i stabil\u0103, f\u0103r\u0103 a pune presiune, chiar \u0219i \u00een timpul mi\u0219c\u0103rilor intense<\/li>\n<li>Uscare rapid\u0103 &#8212; materialele ultra-u\u0219oare nu re\u021bin apa \u0219i se usuc\u0103 \u00eentr-un timp record<\/li>\n<\/ul>\n<p><\/p>\n<h3><strong>Marca<\/strong><\/h3>\n<p>Compressport - este un brand elve\u021bian, recunoscut ca lider mondial \u00een produc\u021bia de echipament de compresie inovator pentru alergare, triatlon \u0219i sporturi outdoor. Produsele brandului combin\u0103 tehnologii medicale avansate cu ergonomia sportiv\u0103, ajut\u00e2nd atle\u021bii s\u0103 \u00eembun\u0103t\u0103\u021beasc\u0103 circula\u021bia sanguin\u0103, s\u0103 reduc\u0103 vibra\u021biile musculare \u0219i s\u0103 accelereze semnificativ procesul de recuperare dup\u0103 eforturi extreme.<\/p>","protected":false},"excerpt":{"rendered":"<p>\u0411\u0440\u0435\u043d\u0434 Compressport \u2014 \u044d\u0442\u043e \u0448\u0432\u0435\u0439\u0446\u0430\u0440\u0441\u043a\u0438\u0439 \u0431\u0440\u0435\u043d\u0434, \u043f\u0440\u0438\u0437\u043d\u0430\u043d\u043d\u044b\u0439 \u043c\u0438\u0440\u043e\u0432\u044b\u043c \u043b\u0438\u0434\u0435\u0440\u043e\u043c \u0432 \u043f\u0440\u043e\u0438\u0437\u0432\u043e\u0434\u0441\u0442\u0432\u0435 \u0438\u043d\u043d\u043e\u0432\u0430\u0446\u0438\u043e\u043d\u043d\u043e\u0439 \u043a\u043e\u043c\u043f\u0440\u0435\u0441\u0441\u0438\u043e\u043d\u043d\u043e\u0439 \u043e\u0434\u0435\u0436\u0434\u044b \u0434\u043b\u044f \u0431\u0435\u0433\u0430, \u0442\u0440\u0438\u0430\u0442\u043b\u043e\u043d\u0430 \u0438 \u0430\u043a\u0442\u0438\u0432\u043d\u043e\u0433\u043e \u043e\u0442\u0434\u044b\u0445\u0430. \u041f\u0440\u043e\u0434\u0443\u043a\u0446\u0438\u044f \u0431\u0440\u0435\u043d\u0434\u0430 \u0441\u043e\u0447\u0435\u0442\u0430\u0435\u0442 \u0432 \u0441\u0435\u0431\u0435 \u043f\u0435\u0440\u0435\u0434\u043e\u0432\u044b\u0435 \u043c\u0435\u0434\u0438\u0446\u0438\u043d\u0441\u043a\u0438\u0435 \u0442\u0435\u0445\u043d\u043e\u043b\u043e\u0433\u0438\u0438 \u0438 \u0441\u043f\u043e\u0440\u0442\u0438\u0432\u043d\u0443\u044e \u044d\u0440\u0433\u043e\u043d\u043e\u043c\u0438\u043a\u0443, \u043f\u043e\u043c\u043e\u0433\u0430\u044f \u0430\u0442\u043b\u0435\u0442\u0430\u043c \u0443\u043b\u0443\u0447\u0448\u0430\u0442\u044c \u043a\u0440\u043e\u0432\u043e\u043e\u0431\u0440\u0430\u0449\u0435\u043d\u0438\u0435, \u0441\u043d\u0438\u0436\u0430\u0442\u044c \u043c\u044b\u0448\u0435\u0447\u043d\u0443\u044e \u0432\u0438\u0431\u0440\u0430\u0446\u0438\u044e \u0438 \u0437\u043d\u0430\u0447\u0438\u0442\u0435\u043b\u044c\u043d\u043e \u0443\u0441\u043a\u043e\u0440\u044f\u0442\u044c \u043f\u0440\u043e\u0446\u0435\u0441\u0441 \u0432\u043e\u0441\u0441\u0442\u0430\u043d\u043e\u0432\u043b\u0435\u043d\u0438\u044f \u043f\u043e\u0441\u043b\u0435 \u044d\u043a\u0441\u0442\u0440\u0435\u043c\u0430\u043b\u044c\u043d\u044b\u0445 \u043d\u0430\u0433\u0440\u0443\u0437\u043e\u043a.<\/p>","protected":false},"featured_media":104763,"comment_status":"open","ping_status":"closed","template":"","meta":{"_acf_changed":false,"inline_featured_image":false},"product_brand":[1514],"product_cat":[382],"product_tag":[],"class_list":{"0":"post-96217","1":"product","2":"type-product","3":"status-publish","4":"has-post-thumbnail","6":"product_brand-compressport","7":"product_cat-hats","9":"first","10":"instock","11":"shipping-taxable","12":"purchasable","13":"product-type-simple"},"acf":[],"yoast_head":"<!-- This site is optimized with the Yoast SEO plugin v27.2 - https:\/\/yoast.com\/product\/yoast-seo-wordpress\/ -->\n<title>\u041a\u0435\u043f\u043a\u0430 Compressport Visor Pro Racing indigo - \u041c\u0430\u0433\u0430\u0437\u0438\u043d Xstyle<\/title>\n<meta name=\"robots\" content=\"index, follow, max-snippet:-1, max-image-preview:large, max-video-preview:-1\" \/>\n<link rel=\"canonical\" href=\"https:\/\/xstyle.md\/ro\/produs\/kepka-compressport-visor-pro-racing-indigo\/\" \/>\n<meta property=\"og:locale\" content=\"ro_RO\" \/>\n<meta property=\"og:type\" content=\"article\" \/>\n<meta property=\"og:title\" content=\"\u041a\u0435\u043f\u043a\u0430 Compressport Visor Pro Racing indigo - \u041c\u0430\u0433\u0430\u0437\u0438\u043d Xstyle\" \/>\n<meta property=\"og:description\" content=\"\u0411\u0440\u0435\u043d\u0434 Compressport \u2014 \u044d\u0442\u043e \u0448\u0432\u0435\u0439\u0446\u0430\u0440\u0441\u043a\u0438\u0439 \u0431\u0440\u0435\u043d\u0434, \u043f\u0440\u0438\u0437\u043d\u0430\u043d\u043d\u044b\u0439 \u043c\u0438\u0440\u043e\u0432\u044b\u043c \u043b\u0438\u0434\u0435\u0440\u043e\u043c \u0432 \u043f\u0440\u043e\u0438\u0437\u0432\u043e\u0434\u0441\u0442\u0432\u0435 \u0438\u043d\u043d\u043e\u0432\u0430\u0446\u0438\u043e\u043d\u043d\u043e\u0439 \u043a\u043e\u043c\u043f\u0440\u0435\u0441\u0441\u0438\u043e\u043d\u043d\u043e\u0439 \u043e\u0434\u0435\u0436\u0434\u044b \u0434\u043b\u044f \u0431\u0435\u0433\u0430, \u0442\u0440\u0438\u0430\u0442\u043b\u043e\u043d\u0430 \u0438 \u0430\u043a\u0442\u0438\u0432\u043d\u043e\u0433\u043e \u043e\u0442\u0434\u044b\u0445\u0430. \u041f\u0440\u043e\u0434\u0443\u043a\u0446\u0438\u044f \u0431\u0440\u0435\u043d\u0434\u0430 \u0441\u043e\u0447\u0435\u0442\u0430\u0435\u0442 \u0432 \u0441\u0435\u0431\u0435 \u043f\u0435\u0440\u0435\u0434\u043e\u0432\u044b\u0435 \u043c\u0435\u0434\u0438\u0446\u0438\u043d\u0441\u043a\u0438\u0435 \u0442\u0435\u0445\u043d\u043e\u043b\u043e\u0433\u0438\u0438 \u0438 \u0441\u043f\u043e\u0440\u0442\u0438\u0432\u043d\u0443\u044e \u044d\u0440\u0433\u043e\u043d\u043e\u043c\u0438\u043a\u0443, \u043f\u043e\u043c\u043e\u0433\u0430\u044f \u0430\u0442\u043b\u0435\u0442\u0430\u043c \u0443\u043b\u0443\u0447\u0448\u0430\u0442\u044c \u043a\u0440\u043e\u0432\u043e\u043e\u0431\u0440\u0430\u0449\u0435\u043d\u0438\u0435, \u0441\u043d\u0438\u0436\u0430\u0442\u044c \u043c\u044b\u0448\u0435\u0447\u043d\u0443\u044e \u0432\u0438\u0431\u0440\u0430\u0446\u0438\u044e \u0438 \u0437\u043d\u0430\u0447\u0438\u0442\u0435\u043b\u044c\u043d\u043e \u0443\u0441\u043a\u043e\u0440\u044f\u0442\u044c \u043f\u0440\u043e\u0446\u0435\u0441\u0441 \u0432\u043e\u0441\u0441\u0442\u0430\u043d\u043e\u0432\u043b\u0435\u043d\u0438\u044f \u043f\u043e\u0441\u043b\u0435 \u044d\u043a\u0441\u0442\u0440\u0435\u043c\u0430\u043b\u044c\u043d\u044b\u0445 \u043d\u0430\u0433\u0440\u0443\u0437\u043e\u043a.\" \/>\n<meta property=\"og:url\" content=\"https:\/\/xstyle.md\/ro\/produs\/kepka-compressport-visor-pro-racing-indigo\/\" \/>\n<meta property=\"og:site_name\" content=\"\u041c\u0430\u0433\u0430\u0437\u0438\u043d Xstyle\" \/>\n<meta property=\"article:publisher\" content=\"https:\/\/www.facebook.com\/xstylemd\" \/>\n<meta property=\"article:modified_time\" content=\"2026-04-04T10:14:21+00:00\" \/>\n<meta property=\"og:image\" content=\"https:\/\/xstyle.md\/wp-content\/uploads\/2025\/08\/compressport-visor-pro-racing-indigo-1.webp\" \/>\n\t<meta property=\"og:image:width\" content=\"1200\" \/>\n\t<meta property=\"og:image:height\" content=\"1200\" \/>\n\t<meta property=\"og:image:type\" content=\"image\/webp\" \/>\n<meta name=\"twitter:card\" content=\"summary_large_image\" \/>\n<meta name=\"twitter:label1\" content=\"Pre\u021b\" \/>\n\t<meta name=\"twitter:data1\" content=\"520&nbsp;MDL\" \/>\n\t<meta name=\"twitter:label2\" content=\"Disponibilitate\" \/>\n\t<meta name=\"twitter:data2\" content=\"\u00cen stoc\" \/>\n<script type=\"application\/ld+json\" class=\"yoast-schema-graph\">{\"@context\":\"https:\/\/schema.org\",\"@graph\":[{\"@type\":\"WebPage\",\"@id\":\"https:\/\/xstyle.md\/product\/kepka-compressport-visor-pro-racing-indigo\/\",\"url\":\"https:\/\/xstyle.md\/product\/kepka-compressport-visor-pro-racing-indigo\/\",\"name\":\"\u041a\u0435\u043f\u043a\u0430 Compressport Visor Pro Racing indigo - \u041c\u0430\u0433\u0430\u0437\u0438\u043d Xstyle\",\"isPartOf\":{\"@id\":\"https:\/\/xstyle.md\/#website\"},\"primaryImageOfPage\":{\"@id\":\"https:\/\/xstyle.md\/product\/kepka-compressport-visor-pro-racing-indigo\/#primaryimage\"},\"image\":{\"@id\":\"https:\/\/xstyle.md\/product\/kepka-compressport-visor-pro-racing-indigo\/#primaryimage\"},\"thumbnailUrl\":\"https:\/\/xstyle.md\/wp-content\/uploads\/2025\/08\/compressport-visor-pro-racing-indigo-1.webp\",\"datePublished\":\"2025-08-21T10:19:14+00:00\",\"dateModified\":\"2026-04-04T10:14:21+00:00\",\"breadcrumb\":{\"@id\":\"https:\/\/xstyle.md\/product\/kepka-compressport-visor-pro-racing-indigo\/#breadcrumb\"},\"inLanguage\":\"ro-RO\",\"potentialAction\":[{\"@type\":\"ReadAction\",\"target\":[\"https:\/\/xstyle.md\/product\/kepka-compressport-visor-pro-racing-indigo\/\"]}]},{\"@type\":\"ImageObject\",\"inLanguage\":\"ro-RO\",\"@id\":\"https:\/\/xstyle.md\/product\/kepka-compressport-visor-pro-racing-indigo\/#primaryimage\",\"url\":\"https:\/\/xstyle.md\/wp-content\/uploads\/2025\/08\/compressport-visor-pro-racing-indigo-1.webp\",\"contentUrl\":\"https:\/\/xstyle.md\/wp-content\/uploads\/2025\/08\/compressport-visor-pro-racing-indigo-1.webp\",\"width\":1200,\"height\":1200},{\"@type\":\"BreadcrumbList\",\"@id\":\"https:\/\/xstyle.md\/product\/kepka-compressport-visor-pro-racing-indigo\/#breadcrumb\",\"itemListElement\":[{\"@type\":\"ListItem\",\"position\":1,\"name\":\"\u0413\u043b\u0430\u0432\u043d\u0430\u044f \u0441\u0442\u0440\u0430\u043d\u0438\u0446\u0430\",\"item\":\"https:\/\/xstyle.md\/\"},{\"@type\":\"ListItem\",\"position\":2,\"name\":\"\u041c\u0430\u0433\u0430\u0437\u0438\u043d\",\"item\":\"https:\/\/xstyle.md\/shop\/\"},{\"@type\":\"ListItem\",\"position\":3,\"name\":\"\u041a\u0435\u043f\u043a\u0430 Compressport Visor Pro Racing indigo\"}]},{\"@type\":\"WebSite\",\"@id\":\"https:\/\/xstyle.md\/#website\",\"url\":\"https:\/\/xstyle.md\/\",\"name\":\"\u041c\u0430\u0433\u0430\u0437\u0438\u043d Xstyle\",\"description\":\"C\u043d\u0430\u0440\u044f\u0436\u0435\u043d\u0438\u0435 \u0434\u043b\u044f \u0442\u0443\u0440\u0438\u0437\u043c\u0430 \u0438 \u044d\u043a\u0441\u0442\u0440\u0435\u043c\u0430\u043b\u044c\u043d\u044b\u0445 \u0432\u0438\u0434\u043e\u0432 \u0441\u043f\u043e\u0440\u0442\u0430 \u0432 \u041c\u043e\u043b\u0434\u043e\u0432\u0435.. \u0426\u0435\u043d\u044b, \u0444\u043e\u0442\u043e, \u0445\u0430\u0440\u0430\u043a\u0442\u0435\u0440\u0438\u0441\u0442\u0438\u043a\u0438 \u0432 \u041c\u043e\u043b\u0434\u043e\u0432\u0435.\",\"publisher\":{\"@id\":\"https:\/\/xstyle.md\/#organization\"},\"alternateName\":\"X-Style\",\"potentialAction\":[{\"@type\":\"SearchAction\",\"target\":{\"@type\":\"EntryPoint\",\"urlTemplate\":\"https:\/\/xstyle.md\/?s={search_term_string}\"},\"query-input\":{\"@type\":\"PropertyValueSpecification\",\"valueRequired\":true,\"valueName\":\"search_term_string\"}}],\"inLanguage\":\"ro-RO\"},{\"@type\":\"Organization\",\"@id\":\"https:\/\/xstyle.md\/#organization\",\"name\":\"\u041c\u0430\u0433\u0430\u0437\u0438\u043d Xstyle\",\"alternateName\":\"x-style\",\"url\":\"https:\/\/xstyle.md\/\",\"logo\":{\"@type\":\"ImageObject\",\"inLanguage\":\"ro-RO\",\"@id\":\"https:\/\/xstyle.md\/#\/schema\/logo\/image\/\",\"url\":\"https:\/\/xstyle.md\/wp-content\/uploads\/2020\/06\/logoicon.svg\",\"contentUrl\":\"https:\/\/xstyle.md\/wp-content\/uploads\/2020\/06\/logoicon.svg\",\"caption\":\"\u041c\u0430\u0433\u0430\u0437\u0438\u043d Xstyle\"},\"image\":{\"@id\":\"https:\/\/xstyle.md\/#\/schema\/logo\/image\/\"},\"sameAs\":[\"https:\/\/www.facebook.com\/xstylemd\",\"https:\/\/www.instagram.com\/xstyle_md\/\",\"https:\/\/t.me\/xstyle_outdoor\"],\"hasMerchantReturnPolicy\":{\"@type\":\"MerchantReturnPolicy\",\"merchantReturnLink\":\"https:\/\/xstyle.md\/ro\/conditions\/\"}}]}<\/script>\n<meta property=\"product:price:amount\" content=\"520.00\" \/>\n<meta property=\"product:price:currency\" content=\"MDL\" \/>\n<meta property=\"og:availability\" content=\"instock\" \/>\n<meta property=\"product:availability\" content=\"instock\" \/>\n<meta property=\"product:retailer_item_id\" content=\"7630279405423\" \/>\n<meta property=\"product:condition\" content=\"new\" \/>\n<!-- \/ Yoast SEO plugin. -->","yoast_head_json":{"title":"\u041a\u0435\u043f\u043a\u0430 Compressport Visor Pro Racing indigo - \u041c\u0430\u0433\u0430\u0437\u0438\u043d Xstyle","robots":{"index":"index","follow":"follow","max-snippet":"max-snippet:-1","max-image-preview":"max-image-preview:large","max-video-preview":"max-video-preview:-1"},"canonical":"https:\/\/xstyle.md\/ro\/produs\/kepka-compressport-visor-pro-racing-indigo\/","og_locale":"ro_RO","og_type":"article","og_title":"\u041a\u0435\u043f\u043a\u0430 Compressport Visor Pro Racing indigo - \u041c\u0430\u0433\u0430\u0437\u0438\u043d Xstyle","og_description":"\u0411\u0440\u0435\u043d\u0434 Compressport \u2014 \u044d\u0442\u043e \u0448\u0432\u0435\u0439\u0446\u0430\u0440\u0441\u043a\u0438\u0439 \u0431\u0440\u0435\u043d\u0434, \u043f\u0440\u0438\u0437\u043d\u0430\u043d\u043d\u044b\u0439 \u043c\u0438\u0440\u043e\u0432\u044b\u043c \u043b\u0438\u0434\u0435\u0440\u043e\u043c \u0432 \u043f\u0440\u043e\u0438\u0437\u0432\u043e\u0434\u0441\u0442\u0432\u0435 \u0438\u043d\u043d\u043e\u0432\u0430\u0446\u0438\u043e\u043d\u043d\u043e\u0439 \u043a\u043e\u043c\u043f\u0440\u0435\u0441\u0441\u0438\u043e\u043d\u043d\u043e\u0439 \u043e\u0434\u0435\u0436\u0434\u044b \u0434\u043b\u044f \u0431\u0435\u0433\u0430, \u0442\u0440\u0438\u0430\u0442\u043b\u043e\u043d\u0430 \u0438 \u0430\u043a\u0442\u0438\u0432\u043d\u043e\u0433\u043e \u043e\u0442\u0434\u044b\u0445\u0430. \u041f\u0440\u043e\u0434\u0443\u043a\u0446\u0438\u044f \u0431\u0440\u0435\u043d\u0434\u0430 \u0441\u043e\u0447\u0435\u0442\u0430\u0435\u0442 \u0432 \u0441\u0435\u0431\u0435 \u043f\u0435\u0440\u0435\u0434\u043e\u0432\u044b\u0435 \u043c\u0435\u0434\u0438\u0446\u0438\u043d\u0441\u043a\u0438\u0435 \u0442\u0435\u0445\u043d\u043e\u043b\u043e\u0433\u0438\u0438 \u0438 \u0441\u043f\u043e\u0440\u0442\u0438\u0432\u043d\u0443\u044e \u044d\u0440\u0433\u043e\u043d\u043e\u043c\u0438\u043a\u0443, \u043f\u043e\u043c\u043e\u0433\u0430\u044f \u0430\u0442\u043b\u0435\u0442\u0430\u043c \u0443\u043b\u0443\u0447\u0448\u0430\u0442\u044c \u043a\u0440\u043e\u0432\u043e\u043e\u0431\u0440\u0430\u0449\u0435\u043d\u0438\u0435, \u0441\u043d\u0438\u0436\u0430\u0442\u044c \u043c\u044b\u0448\u0435\u0447\u043d\u0443\u044e \u0432\u0438\u0431\u0440\u0430\u0446\u0438\u044e \u0438 \u0437\u043d\u0430\u0447\u0438\u0442\u0435\u043b\u044c\u043d\u043e \u0443\u0441\u043a\u043e\u0440\u044f\u0442\u044c \u043f\u0440\u043e\u0446\u0435\u0441\u0441 \u0432\u043e\u0441\u0441\u0442\u0430\u043d\u043e\u0432\u043b\u0435\u043d\u0438\u044f \u043f\u043e\u0441\u043b\u0435 \u044d\u043a\u0441\u0442\u0440\u0435\u043c\u0430\u043b\u044c\u043d\u044b\u0445 \u043d\u0430\u0433\u0440\u0443\u0437\u043e\u043a.","og_url":"https:\/\/xstyle.md\/ro\/produs\/kepka-compressport-visor-pro-racing-indigo\/","og_site_name":"\u041c\u0430\u0433\u0430\u0437\u0438\u043d Xstyle","article_publisher":"https:\/\/www.facebook.com\/xstylemd","article_modified_time":"2026-04-04T10:14:21+00:00","og_image":[{"width":1200,"height":1200,"url":"https:\/\/xstyle.md\/wp-content\/uploads\/2025\/08\/compressport-visor-pro-racing-indigo-1.webp","type":"image\/webp"}],"twitter_card":"summary_large_image","twitter_misc":{"Pre\u021b":"520&nbsp;MDL","Disponibilitate":"\u00cen stoc"},"schema":{"@context":"https:\/\/schema.org","@graph":[{"@type":"WebPage","@id":"https:\/\/xstyle.md\/product\/kepka-compressport-visor-pro-racing-indigo\/","url":"https:\/\/xstyle.md\/product\/kepka-compressport-visor-pro-racing-indigo\/","name":"\u041a\u0435\u043f\u043a\u0430 Compressport Visor Pro Racing indigo - \u041c\u0430\u0433\u0430\u0437\u0438\u043d Xstyle","isPartOf":{"@id":"https:\/\/xstyle.md\/#website"},"primaryImageOfPage":{"@id":"https:\/\/xstyle.md\/product\/kepka-compressport-visor-pro-racing-indigo\/#primaryimage"},"image":{"@id":"https:\/\/xstyle.md\/product\/kepka-compressport-visor-pro-racing-indigo\/#primaryimage"},"thumbnailUrl":"https:\/\/xstyle.md\/wp-content\/uploads\/2025\/08\/compressport-visor-pro-racing-indigo-1.webp","datePublished":"2025-08-21T10:19:14+00:00","dateModified":"2026-04-04T10:14:21+00:00","breadcrumb":{"@id":"https:\/\/xstyle.md\/product\/kepka-compressport-visor-pro-racing-indigo\/#breadcrumb"},"inLanguage":"ro-RO","potentialAction":[{"@type":"ReadAction","target":["https:\/\/xstyle.md\/product\/kepka-compressport-visor-pro-racing-indigo\/"]}]},{"@type":"ImageObject","inLanguage":"ro-RO","@id":"https:\/\/xstyle.md\/product\/kepka-compressport-visor-pro-racing-indigo\/#primaryimage","url":"https:\/\/xstyle.md\/wp-content\/uploads\/2025\/08\/compressport-visor-pro-racing-indigo-1.webp","contentUrl":"https:\/\/xstyle.md\/wp-content\/uploads\/2025\/08\/compressport-visor-pro-racing-indigo-1.webp","width":1200,"height":1200},{"@type":"BreadcrumbList","@id":"https:\/\/xstyle.md\/product\/kepka-compressport-visor-pro-racing-indigo\/#breadcrumb","itemListElement":[{"@type":"ListItem","position":1,"name":"\u0413\u043b\u0430\u0432\u043d\u0430\u044f \u0441\u0442\u0440\u0430\u043d\u0438\u0446\u0430","item":"https:\/\/xstyle.md\/"},{"@type":"ListItem","position":2,"name":"\u041c\u0430\u0433\u0430\u0437\u0438\u043d","item":"https:\/\/xstyle.md\/shop\/"},{"@type":"ListItem","position":3,"name":"\u041a\u0435\u043f\u043a\u0430 Compressport Visor Pro Racing indigo"}]},{"@type":"WebSite","@id":"https:\/\/xstyle.md\/#website","url":"https:\/\/xstyle.md\/","name":"Magazinul X-Style","description":"Echipamente pentru turism \u0219i sporturi extreme \u00een Moldova. Pre\u021buri, fotografii, caracteristici \u00een Moldova.","publisher":{"@id":"https:\/\/xstyle.md\/#organization"},"alternateName":"X-Style","potentialAction":[{"@type":"SearchAction","target":{"@type":"EntryPoint","urlTemplate":"https:\/\/xstyle.md\/?s={search_term_string}"},"query-input":{"@type":"PropertyValueSpecification","valueRequired":true,"valueName":"search_term_string"}}],"inLanguage":"ro-RO"},{"@type":"Organization","@id":"https:\/\/xstyle.md\/#organization","name":"Magazinul X-Style","alternateName":"x-style","url":"https:\/\/xstyle.md\/","logo":{"@type":"ImageObject","inLanguage":"ro-RO","@id":"https:\/\/xstyle.md\/#\/schema\/logo\/image\/","url":"https:\/\/xstyle.md\/wp-content\/uploads\/2020\/06\/logoicon.svg","contentUrl":"https:\/\/xstyle.md\/wp-content\/uploads\/2020\/06\/logoicon.svg","caption":"\u041c\u0430\u0433\u0430\u0437\u0438\u043d Xstyle"},"image":{"@id":"https:\/\/xstyle.md\/#\/schema\/logo\/image\/"},"sameAs":["https:\/\/www.facebook.com\/xstylemd","https:\/\/www.instagram.com\/xstyle_md\/","https:\/\/t.me\/xstyle_outdoor"],"hasMerchantReturnPolicy":{"@type":"MerchantReturnPolicy","merchantReturnLink":"https:\/\/xstyle.md\/ro\/conditions\/"}}]},"product_price_amount":"520.00","product_price_currency":"MDL","og_availability":"instock","product_availability":"instock","product_retailer_item_id":"7630279405423","product_condition":"new"},"post_mailing_queue_ids":[],"_links":{"self":[{"href":"https:\/\/xstyle.md\/ro\/wp-json\/wp\/v2\/product\/96217","targetHints":{"allow":["GET"]}}],"collection":[{"href":"https:\/\/xstyle.md\/ro\/wp-json\/wp\/v2\/product"}],"about":[{"href":"https:\/\/xstyle.md\/ro\/wp-json\/wp\/v2\/types\/product"}],"replies":[{"embeddable":true,"href":"https:\/\/xstyle.md\/ro\/wp-json\/wp\/v2\/comments?post=96217"}],"wp:featuredmedia":[{"embeddable":true,"href":"https:\/\/xstyle.md\/ro\/wp-json\/wp\/v2\/media\/104763"}],"wp:attachment":[{"href":"https:\/\/xstyle.md\/ro\/wp-json\/wp\/v2\/media?parent=96217"}],"wp:term":[{"taxonomy":"product_brand","embeddable":true,"href":"https:\/\/xstyle.md\/ro\/wp-json\/wp\/v2\/product_brand?post=96217"},{"taxonomy":"product_cat","embeddable":true,"href":"https:\/\/xstyle.md\/ro\/wp-json\/wp\/v2\/product_cat?post=96217"},{"taxonomy":"product_tag","embeddable":true,"href":"https:\/\/xstyle.md\/ro\/wp-json\/wp\/v2\/product_tag?post=96217"}],"curies":[{"name":"wp","href":"https:\/\/api.w.org\/{rel}","templated":true}]}}