{"id":96209,"date":"2025-08-21T13:19:02","date_gmt":"2025-08-21T10:19:02","guid":{"rendered":"https:\/\/xstyle.md\/?post_type=product&#038;p=96209"},"modified":"2026-02-23T18:33:07","modified_gmt":"2026-02-23T15:33:07","slug":"nozh-benchmade-socp-dagger","status":"publish","type":"product","link":"https:\/\/xstyle.md\/ro\/produs\/nozh-benchmade-socp-dagger\/","title":{"rendered":"Cu\u021bit Benchmade Socp Dagger"},"content":{"rendered":"<p><\/p>\n<p><strong>Cu\u021bitul Benchmade SOCP Dagger<\/strong> &#8212; a fost creat \u00een colaborare cu instructorul de lupt\u0103 corp la corp Greg Thompson, autorul programului Special Operations Combatives Program pentru armata SUA.<\/p>\n<p>Modelul este proiectat pentru sarcini tactice \u0219i autoap\u0103rare: lama tip pumnal (dagger), cu sec\u021biune romboid\u0103 \u0219i v\u00e2rf ranforsat, str\u0103punge cu u\u0219urin\u021b\u0103 \u00eembr\u0103c\u0103mintea \u0219i echipamentul, men\u021bin\u00e2nd adversarul la distan\u021b\u0103.<\/p>\n<p>Cu\u021bitul este de tip integral (dintr-o singur\u0103 bucat\u0103 de metal), av\u00e2nd o lungime total\u0103 de 184 mm. M\u00e2nerul cu decupaje simetrice este potrivit pentru orice tip de priz\u0103, iar inelul generos de la cap\u0103t asigur\u0103 o reten\u021bie extrem de sigur\u0103 \u2014 cu\u021bitul nu poate fi smuls din m\u00e2n\u0103 chiar dac\u0103 palma este deschis\u0103.<\/p>\n<p>Lama este fabricat\u0103 din o\u021bel inoxidabil american 440C (58 HRC), av\u00e2nd un finisaj negru antireflex. Setul include o teac\u0103 cu clem\u0103, compatibil\u0103 cu sistemul MOLLE, ceea ce permite purtarea discret\u0103 a cu\u021bitului, l\u0103s\u00e2nd accesibil doar inelul.<\/p>\n<h3>Caracteristici<\/h3>\n<ul>\n<li>Tip cu\u021bit &#8212; fix\u0103<\/li>\n<li>Tip t\u0103i\u0219 &#8212; standard<\/li>\n<li>Lungime total\u0103 &#8212; 18,4 cm<\/li>\n<li>Lungime lam\u0103 &#8212; 8,2 cm<\/li>\n<li>Material m\u00e2ner &#8212; Scheletizat<\/li>\n<li>Duritate o\u021bel &#8212; 58-60 HRC<\/li>\n<li>Marc\u0103 o\u021bel &#8212; 440C<\/li>\n<li>Greutate &#8212; 60 g<\/li>\n<\/ul>\n<p><\/p>\n<h3>Marca<\/h3>\n<p>Benchmade - este un brand american de prestigiu, renumit pentru precizia mecanic\u0103 \u0219i inova\u021bia constant\u0103 \u00een produc\u021bia de cu\u021bite premium. Compania este celebr\u0103 \u00een \u00eentreaga lume pentru inventarea \u0219i popularizarea sistemului de blocare AXIS Lock, considerat unul dintre cele mai sigure \u0219i ambidextre mecanisme din istorie. Utiliz\u00e2nd materiale de ultim\u0103 genera\u021bie \u0219i o\u021beluri de \u00eenalt\u0103 performan\u021b\u0103, Benchmade ofer\u0103 o garan\u021bie pe via\u021b\u0103 numit\u0103 \u201eLifesharp\u201d, care asigur\u0103 reascu\u021birea \u0219i \u00eentre\u021binerea gratuit\u0103 a produselor lor.<\/p>","protected":false},"excerpt":{"rendered":"<p>\u0411\u0440\u0435\u043d\u0434 Benchmade \u2014 \u044d\u0442\u043e \u043f\u0440\u0435\u0441\u0442\u0438\u0436\u043d\u044b\u0439 \u0430\u043c\u0435\u0440\u0438\u043a\u0430\u043d\u0441\u043a\u0438\u0439 \u0431\u0440\u0435\u043d\u0434, \u0438\u0437\u0432\u0435\u0441\u0442\u043d\u044b\u0439 \u0441\u0432\u043e\u0435\u0439 \u043c\u0435\u0445\u0430\u043d\u0438\u0447\u0435\u0441\u043a\u043e\u0439 \u0442\u043e\u0447\u043d\u043e\u0441\u0442\u044c\u044e \u0438 \u043f\u043e\u0441\u0442\u043e\u044f\u043d\u043d\u044b\u043c\u0438 \u0438\u043d\u043d\u043e\u0432\u0430\u0446\u0438\u044f\u043c\u0438 \u0432 \u043f\u0440\u043e\u0438\u0437\u0432\u043e\u0434\u0441\u0442\u0432\u0435 \u043d\u043e\u0436\u0435\u0439 \u043f\u0440\u0435\u043c\u0438\u0443\u043c-\u043a\u043b\u0430\u0441\u0441\u0430. \u041a\u043e\u043c\u043f\u0430\u043d\u0438\u044f \u043f\u0440\u043e\u0441\u043b\u0430\u0432\u0438\u043b\u0430\u0441\u044c \u043d\u0430 \u0432\u0435\u0441\u044c \u043c\u0438\u0440 \u0431\u043b\u0430\u0433\u043e\u0434\u0430\u0440\u044f \u0438\u0437\u043e\u0431\u0440\u0435\u0442\u0435\u043d\u0438\u044e \u0438 \u043f\u043e\u043f\u0443\u043b\u044f\u0440\u0438\u0437\u0430\u0446\u0438\u0438 \u0437\u0430\u043c\u043a\u0430 AXIS Lock, \u043a\u043e\u0442\u043e\u0440\u044b\u0439 \u0441\u0447\u0438\u0442\u0430\u0435\u0442\u0441\u044f \u043e\u0434\u043d\u0438\u043c \u0438\u0437 \u0441\u0430\u043c\u044b\u0445 \u043d\u0430\u0434\u0435\u0436\u043d\u044b\u0445 \u0438 \u0443\u0434\u043e\u0431\u043d\u044b\u0445 \u0434\u043b\u044f \u043e\u0431\u0435\u0438\u0445 \u0440\u0443\u043a \u043c\u0435\u0445\u0430\u043d\u0438\u0437\u043c\u043e\u0432 \u0432 \u0438\u0441\u0442\u043e\u0440\u0438\u0438. \u0418\u0441\u043f\u043e\u043b\u044c\u0437\u0443\u044f \u043f\u0435\u0440\u0435\u0434\u043e\u0432\u044b\u0435 \u043c\u0430\u0442\u0435\u0440\u0438\u0430\u043b\u044b \u0438 \u0432\u044b\u0441\u043e\u043a\u043e\u0442\u0435\u0445\u043d\u043e\u043b\u043e\u0433\u0438\u0447\u043d\u044b\u0435 \u0441\u0442\u0430\u043b\u0438, Benchmade \u043f\u0440\u0435\u0434\u043e\u0441\u0442\u0430\u0432\u043b\u044f\u0435\u0442 \u043f\u043e\u0436\u0438\u0437\u043d\u0435\u043d\u043d\u0443\u044e \u0433\u0430\u0440\u0430\u043d\u0442\u0438\u044e \u00abLifesharp\u00bb, [&hellip;]<\/p>\n","protected":false},"featured_media":96616,"comment_status":"open","ping_status":"closed","template":"","meta":{"_acf_changed":false,"inline_featured_image":false},"product_brand":[1513],"product_cat":[169],"product_tag":[],"class_list":{"0":"post-96209","1":"product","2":"type-product","3":"status-publish","4":"has-post-thumbnail","6":"product_brand-benchmade","7":"product_cat-knives","9":"first","10":"instock","11":"shipping-taxable","12":"purchasable","13":"product-type-simple"},"acf":[],"yoast_head":"<!-- This site is optimized with the Yoast SEO plugin v27.4 - https:\/\/yoast.com\/product\/yoast-seo-wordpress\/ -->\n<title>\u041d\u043e\u0436 Benchmade Socp Dagger - \u041c\u0430\u0433\u0430\u0437\u0438\u043d Xstyle<\/title>\n<meta name=\"robots\" content=\"index, follow, max-snippet:-1, max-image-preview:large, max-video-preview:-1\" \/>\n<link rel=\"canonical\" href=\"https:\/\/xstyle.md\/ro\/produs\/nozh-benchmade-socp-dagger\/\" \/>\n<meta property=\"og:locale\" content=\"ro_RO\" \/>\n<meta property=\"og:type\" content=\"article\" \/>\n<meta property=\"og:title\" content=\"\u041d\u043e\u0436 Benchmade Socp Dagger - \u041c\u0430\u0433\u0430\u0437\u0438\u043d Xstyle\" \/>\n<meta property=\"og:description\" content=\"\u0411\u0440\u0435\u043d\u0434 Benchmade \u2014 \u044d\u0442\u043e \u043f\u0440\u0435\u0441\u0442\u0438\u0436\u043d\u044b\u0439 \u0430\u043c\u0435\u0440\u0438\u043a\u0430\u043d\u0441\u043a\u0438\u0439 \u0431\u0440\u0435\u043d\u0434, \u0438\u0437\u0432\u0435\u0441\u0442\u043d\u044b\u0439 \u0441\u0432\u043e\u0435\u0439 \u043c\u0435\u0445\u0430\u043d\u0438\u0447\u0435\u0441\u043a\u043e\u0439 \u0442\u043e\u0447\u043d\u043e\u0441\u0442\u044c\u044e \u0438 \u043f\u043e\u0441\u0442\u043e\u044f\u043d\u043d\u044b\u043c\u0438 \u0438\u043d\u043d\u043e\u0432\u0430\u0446\u0438\u044f\u043c\u0438 \u0432 \u043f\u0440\u043e\u0438\u0437\u0432\u043e\u0434\u0441\u0442\u0432\u0435 \u043d\u043e\u0436\u0435\u0439 \u043f\u0440\u0435\u043c\u0438\u0443\u043c-\u043a\u043b\u0430\u0441\u0441\u0430. \u041a\u043e\u043c\u043f\u0430\u043d\u0438\u044f \u043f\u0440\u043e\u0441\u043b\u0430\u0432\u0438\u043b\u0430\u0441\u044c \u043d\u0430 \u0432\u0435\u0441\u044c \u043c\u0438\u0440 \u0431\u043b\u0430\u0433\u043e\u0434\u0430\u0440\u044f \u0438\u0437\u043e\u0431\u0440\u0435\u0442\u0435\u043d\u0438\u044e \u0438 \u043f\u043e\u043f\u0443\u043b\u044f\u0440\u0438\u0437\u0430\u0446\u0438\u0438 \u0437\u0430\u043c\u043a\u0430 AXIS Lock, \u043a\u043e\u0442\u043e\u0440\u044b\u0439 \u0441\u0447\u0438\u0442\u0430\u0435\u0442\u0441\u044f \u043e\u0434\u043d\u0438\u043c \u0438\u0437 \u0441\u0430\u043c\u044b\u0445 \u043d\u0430\u0434\u0435\u0436\u043d\u044b\u0445 \u0438 \u0443\u0434\u043e\u0431\u043d\u044b\u0445 \u0434\u043b\u044f \u043e\u0431\u0435\u0438\u0445 \u0440\u0443\u043a \u043c\u0435\u0445\u0430\u043d\u0438\u0437\u043c\u043e\u0432 \u0432 \u0438\u0441\u0442\u043e\u0440\u0438\u0438. \u0418\u0441\u043f\u043e\u043b\u044c\u0437\u0443\u044f \u043f\u0435\u0440\u0435\u0434\u043e\u0432\u044b\u0435 \u043c\u0430\u0442\u0435\u0440\u0438\u0430\u043b\u044b \u0438 \u0432\u044b\u0441\u043e\u043a\u043e\u0442\u0435\u0445\u043d\u043e\u043b\u043e\u0433\u0438\u0447\u043d\u044b\u0435 \u0441\u0442\u0430\u043b\u0438, Benchmade \u043f\u0440\u0435\u0434\u043e\u0441\u0442\u0430\u0432\u043b\u044f\u0435\u0442 \u043f\u043e\u0436\u0438\u0437\u043d\u0435\u043d\u043d\u0443\u044e \u0433\u0430\u0440\u0430\u043d\u0442\u0438\u044e \u00abLifesharp\u00bb, [&hellip;]\" \/>\n<meta property=\"og:url\" content=\"https:\/\/xstyle.md\/ro\/produs\/nozh-benchmade-socp-dagger\/\" \/>\n<meta property=\"og:site_name\" content=\"\u041c\u0430\u0433\u0430\u0437\u0438\u043d Xstyle\" \/>\n<meta property=\"article:publisher\" content=\"https:\/\/www.facebook.com\/xstylemd\" \/>\n<meta property=\"article:modified_time\" content=\"2026-02-23T15:33:07+00:00\" \/>\n<meta property=\"og:image\" content=\"https:\/\/xstyle.md\/wp-content\/uploads\/2025\/08\/benchmade-socp-dagger.webp\" \/>\n\t<meta property=\"og:image:width\" content=\"1080\" \/>\n\t<meta property=\"og:image:height\" content=\"1080\" \/>\n\t<meta property=\"og:image:type\" content=\"image\/webp\" \/>\n<meta name=\"twitter:card\" content=\"summary_large_image\" \/>\n<meta name=\"twitter:label1\" content=\"Pre\u021b\" \/>\n\t<meta name=\"twitter:data1\" content=\"2.280&nbsp;MDL\" \/>\n\t<meta name=\"twitter:label2\" content=\"Disponibilitate\" \/>\n\t<meta name=\"twitter:data2\" content=\"\u00cen stoc\" \/>\n<script type=\"application\/ld+json\" class=\"yoast-schema-graph\">{\"@context\":\"https:\\\/\\\/schema.org\",\"@graph\":[{\"@type\":\"WebPage\",\"@id\":\"https:\\\/\\\/xstyle.md\\\/product\\\/nozh-benchmade-socp-dagger\\\/\",\"url\":\"https:\\\/\\\/xstyle.md\\\/product\\\/nozh-benchmade-socp-dagger\\\/\",\"name\":\"\u041d\u043e\u0436 Benchmade Socp Dagger - \u041c\u0430\u0433\u0430\u0437\u0438\u043d Xstyle\",\"isPartOf\":{\"@id\":\"https:\\\/\\\/xstyle.md\\\/#website\"},\"primaryImageOfPage\":{\"@id\":\"https:\\\/\\\/xstyle.md\\\/product\\\/nozh-benchmade-socp-dagger\\\/#primaryimage\"},\"image\":{\"@id\":\"https:\\\/\\\/xstyle.md\\\/product\\\/nozh-benchmade-socp-dagger\\\/#primaryimage\"},\"thumbnailUrl\":\"https:\\\/\\\/xstyle.md\\\/wp-content\\\/uploads\\\/2025\\\/08\\\/benchmade-socp-dagger.webp\",\"datePublished\":\"2025-08-21T10:19:02+00:00\",\"dateModified\":\"2026-02-23T15:33:07+00:00\",\"breadcrumb\":{\"@id\":\"https:\\\/\\\/xstyle.md\\\/product\\\/nozh-benchmade-socp-dagger\\\/#breadcrumb\"},\"inLanguage\":\"ro-RO\",\"potentialAction\":[{\"@type\":\"ReadAction\",\"target\":[\"https:\\\/\\\/xstyle.md\\\/product\\\/nozh-benchmade-socp-dagger\\\/\"]}]},{\"@type\":\"ImageObject\",\"inLanguage\":\"ro-RO\",\"@id\":\"https:\\\/\\\/xstyle.md\\\/product\\\/nozh-benchmade-socp-dagger\\\/#primaryimage\",\"url\":\"https:\\\/\\\/xstyle.md\\\/wp-content\\\/uploads\\\/2025\\\/08\\\/benchmade-socp-dagger.webp\",\"contentUrl\":\"https:\\\/\\\/xstyle.md\\\/wp-content\\\/uploads\\\/2025\\\/08\\\/benchmade-socp-dagger.webp\",\"width\":1080,\"height\":1080,\"caption\":\"\u0422\u043e\u0432\u0430\u0440\u044b \u0434\u043b\u044f \u0430\u043a\u0442\u0438\u0432\u043d\u043e\u0433\u043e \u043e\u0442\u0434\u044b\u0445\u0430, \u043e\u0434\u0435\u0436\u0434\u0430 \u0438 \u043e\u0431\u0443\u0432\u044c \u0434\u043b\u044f \u043f\u043e\u0445\u043e\u0434\u043e\u0432 \u0438 \u0430\u043b\u044c\u043f\u0438\u043d\u0438\u0437\u043c\u0430, \u043d\u043e\u0436 Benchmade Socp Dagger \u0434\u043b\u044f \u043f\u0443\u0442\u0435\u0448\u0435\u0441\u0442\u0432\u0438\u0439 \u0438 \u0442\u0443\u0440\u0438\u0437\u043c\u0430\"},{\"@type\":\"BreadcrumbList\",\"@id\":\"https:\\\/\\\/xstyle.md\\\/product\\\/nozh-benchmade-socp-dagger\\\/#breadcrumb\",\"itemListElement\":[{\"@type\":\"ListItem\",\"position\":1,\"name\":\"\u0413\u043b\u0430\u0432\u043d\u0430\u044f \u0441\u0442\u0440\u0430\u043d\u0438\u0446\u0430\",\"item\":\"https:\\\/\\\/xstyle.md\\\/\"},{\"@type\":\"ListItem\",\"position\":2,\"name\":\"\u041c\u0430\u0433\u0430\u0437\u0438\u043d\",\"item\":\"https:\\\/\\\/xstyle.md\\\/shop\\\/\"},{\"@type\":\"ListItem\",\"position\":3,\"name\":\"\u041d\u043e\u0436 Benchmade Socp Dagger\"}]},{\"@type\":\"WebSite\",\"@id\":\"https:\\\/\\\/xstyle.md\\\/#website\",\"url\":\"https:\\\/\\\/xstyle.md\\\/\",\"name\":\"\u041c\u0430\u0433\u0430\u0437\u0438\u043d Xstyle\",\"description\":\"C\u043d\u0430\u0440\u044f\u0436\u0435\u043d\u0438\u0435 \u0434\u043b\u044f \u0442\u0443\u0440\u0438\u0437\u043c\u0430 \u0438 \u044d\u043a\u0441\u0442\u0440\u0435\u043c\u0430\u043b\u044c\u043d\u044b\u0445 \u0432\u0438\u0434\u043e\u0432 \u0441\u043f\u043e\u0440\u0442\u0430 \u0432 \u041c\u043e\u043b\u0434\u043e\u0432\u0435.. \u0426\u0435\u043d\u044b, \u0444\u043e\u0442\u043e, \u0445\u0430\u0440\u0430\u043a\u0442\u0435\u0440\u0438\u0441\u0442\u0438\u043a\u0438 \u0432 \u041c\u043e\u043b\u0434\u043e\u0432\u0435.\",\"publisher\":{\"@id\":\"https:\\\/\\\/xstyle.md\\\/#organization\"},\"alternateName\":\"X-Style\",\"potentialAction\":[{\"@type\":\"SearchAction\",\"target\":{\"@type\":\"EntryPoint\",\"urlTemplate\":\"https:\\\/\\\/xstyle.md\\\/?s={search_term_string}\"},\"query-input\":{\"@type\":\"PropertyValueSpecification\",\"valueRequired\":true,\"valueName\":\"search_term_string\"}}],\"inLanguage\":\"ro-RO\"},{\"@type\":\"Organization\",\"@id\":\"https:\\\/\\\/xstyle.md\\\/#organization\",\"name\":\"\u041c\u0430\u0433\u0430\u0437\u0438\u043d Xstyle\",\"alternateName\":\"x-style\",\"url\":\"https:\\\/\\\/xstyle.md\\\/\",\"logo\":{\"@type\":\"ImageObject\",\"inLanguage\":\"ro-RO\",\"@id\":\"https:\\\/\\\/xstyle.md\\\/#\\\/schema\\\/logo\\\/image\\\/\",\"url\":\"https:\\\/\\\/xstyle.md\\\/wp-content\\\/uploads\\\/2020\\\/06\\\/logoicon.svg\",\"contentUrl\":\"https:\\\/\\\/xstyle.md\\\/wp-content\\\/uploads\\\/2020\\\/06\\\/logoicon.svg\",\"caption\":\"\u041c\u0430\u0433\u0430\u0437\u0438\u043d Xstyle\"},\"image\":{\"@id\":\"https:\\\/\\\/xstyle.md\\\/#\\\/schema\\\/logo\\\/image\\\/\"},\"sameAs\":[\"https:\\\/\\\/www.facebook.com\\\/xstylemd\",\"https:\\\/\\\/www.instagram.com\\\/xstyle_md\\\/\",\"https:\\\/\\\/t.me\\\/xstyle_outdoor\"],\"hasMerchantReturnPolicy\":{\"@type\":\"MerchantReturnPolicy\",\"merchantReturnLink\":\"https:\\\/\\\/xstyle.md\\\/ro\\\/conditions\\\/\"}}]}<\/script>\n<meta property=\"product:price:amount\" content=\"2280.00\" \/>\n<meta property=\"product:price:currency\" content=\"MDL\" \/>\n<meta property=\"og:availability\" content=\"instock\" \/>\n<meta property=\"product:availability\" content=\"instock\" \/>\n<meta property=\"product:retailer_item_id\" content=\"610953138806\" \/>\n<meta property=\"product:condition\" content=\"new\" \/>\n<!-- \/ Yoast SEO plugin. -->","yoast_head_json":{"title":"\u041d\u043e\u0436 Benchmade Socp Dagger - \u041c\u0430\u0433\u0430\u0437\u0438\u043d Xstyle","robots":{"index":"index","follow":"follow","max-snippet":"max-snippet:-1","max-image-preview":"max-image-preview:large","max-video-preview":"max-video-preview:-1"},"canonical":"https:\/\/xstyle.md\/ro\/produs\/nozh-benchmade-socp-dagger\/","og_locale":"ro_RO","og_type":"article","og_title":"\u041d\u043e\u0436 Benchmade Socp Dagger - \u041c\u0430\u0433\u0430\u0437\u0438\u043d Xstyle","og_description":"\u0411\u0440\u0435\u043d\u0434 Benchmade \u2014 \u044d\u0442\u043e \u043f\u0440\u0435\u0441\u0442\u0438\u0436\u043d\u044b\u0439 \u0430\u043c\u0435\u0440\u0438\u043a\u0430\u043d\u0441\u043a\u0438\u0439 \u0431\u0440\u0435\u043d\u0434, \u0438\u0437\u0432\u0435\u0441\u0442\u043d\u044b\u0439 \u0441\u0432\u043e\u0435\u0439 \u043c\u0435\u0445\u0430\u043d\u0438\u0447\u0435\u0441\u043a\u043e\u0439 \u0442\u043e\u0447\u043d\u043e\u0441\u0442\u044c\u044e \u0438 \u043f\u043e\u0441\u0442\u043e\u044f\u043d\u043d\u044b\u043c\u0438 \u0438\u043d\u043d\u043e\u0432\u0430\u0446\u0438\u044f\u043c\u0438 \u0432 \u043f\u0440\u043e\u0438\u0437\u0432\u043e\u0434\u0441\u0442\u0432\u0435 \u043d\u043e\u0436\u0435\u0439 \u043f\u0440\u0435\u043c\u0438\u0443\u043c-\u043a\u043b\u0430\u0441\u0441\u0430. \u041a\u043e\u043c\u043f\u0430\u043d\u0438\u044f \u043f\u0440\u043e\u0441\u043b\u0430\u0432\u0438\u043b\u0430\u0441\u044c \u043d\u0430 \u0432\u0435\u0441\u044c \u043c\u0438\u0440 \u0431\u043b\u0430\u0433\u043e\u0434\u0430\u0440\u044f \u0438\u0437\u043e\u0431\u0440\u0435\u0442\u0435\u043d\u0438\u044e \u0438 \u043f\u043e\u043f\u0443\u043b\u044f\u0440\u0438\u0437\u0430\u0446\u0438\u0438 \u0437\u0430\u043c\u043a\u0430 AXIS Lock, \u043a\u043e\u0442\u043e\u0440\u044b\u0439 \u0441\u0447\u0438\u0442\u0430\u0435\u0442\u0441\u044f \u043e\u0434\u043d\u0438\u043c \u0438\u0437 \u0441\u0430\u043c\u044b\u0445 \u043d\u0430\u0434\u0435\u0436\u043d\u044b\u0445 \u0438 \u0443\u0434\u043e\u0431\u043d\u044b\u0445 \u0434\u043b\u044f \u043e\u0431\u0435\u0438\u0445 \u0440\u0443\u043a \u043c\u0435\u0445\u0430\u043d\u0438\u0437\u043c\u043e\u0432 \u0432 \u0438\u0441\u0442\u043e\u0440\u0438\u0438. \u0418\u0441\u043f\u043e\u043b\u044c\u0437\u0443\u044f \u043f\u0435\u0440\u0435\u0434\u043e\u0432\u044b\u0435 \u043c\u0430\u0442\u0435\u0440\u0438\u0430\u043b\u044b \u0438 \u0432\u044b\u0441\u043e\u043a\u043e\u0442\u0435\u0445\u043d\u043e\u043b\u043e\u0433\u0438\u0447\u043d\u044b\u0435 \u0441\u0442\u0430\u043b\u0438, Benchmade \u043f\u0440\u0435\u0434\u043e\u0441\u0442\u0430\u0432\u043b\u044f\u0435\u0442 \u043f\u043e\u0436\u0438\u0437\u043d\u0435\u043d\u043d\u0443\u044e \u0433\u0430\u0440\u0430\u043d\u0442\u0438\u044e \u00abLifesharp\u00bb, [&hellip;]","og_url":"https:\/\/xstyle.md\/ro\/produs\/nozh-benchmade-socp-dagger\/","og_site_name":"\u041c\u0430\u0433\u0430\u0437\u0438\u043d Xstyle","article_publisher":"https:\/\/www.facebook.com\/xstylemd","article_modified_time":"2026-02-23T15:33:07+00:00","og_image":[{"width":1080,"height":1080,"url":"https:\/\/xstyle.md\/wp-content\/uploads\/2025\/08\/benchmade-socp-dagger.webp","type":"image\/webp"}],"twitter_card":"summary_large_image","twitter_misc":{"Pre\u021b":"2.280&nbsp;MDL","Disponibilitate":"\u00cen stoc"},"schema":{"@context":"https:\/\/schema.org","@graph":[{"@type":"WebPage","@id":"https:\/\/xstyle.md\/product\/nozh-benchmade-socp-dagger\/","url":"https:\/\/xstyle.md\/product\/nozh-benchmade-socp-dagger\/","name":"\u041d\u043e\u0436 Benchmade Socp Dagger - \u041c\u0430\u0433\u0430\u0437\u0438\u043d Xstyle","isPartOf":{"@id":"https:\/\/xstyle.md\/#website"},"primaryImageOfPage":{"@id":"https:\/\/xstyle.md\/product\/nozh-benchmade-socp-dagger\/#primaryimage"},"image":{"@id":"https:\/\/xstyle.md\/product\/nozh-benchmade-socp-dagger\/#primaryimage"},"thumbnailUrl":"https:\/\/xstyle.md\/wp-content\/uploads\/2025\/08\/benchmade-socp-dagger.webp","datePublished":"2025-08-21T10:19:02+00:00","dateModified":"2026-02-23T15:33:07+00:00","breadcrumb":{"@id":"https:\/\/xstyle.md\/product\/nozh-benchmade-socp-dagger\/#breadcrumb"},"inLanguage":"ro-RO","potentialAction":[{"@type":"ReadAction","target":["https:\/\/xstyle.md\/product\/nozh-benchmade-socp-dagger\/"]}]},{"@type":"ImageObject","inLanguage":"ro-RO","@id":"https:\/\/xstyle.md\/product\/nozh-benchmade-socp-dagger\/#primaryimage","url":"https:\/\/xstyle.md\/wp-content\/uploads\/2025\/08\/benchmade-socp-dagger.webp","contentUrl":"https:\/\/xstyle.md\/wp-content\/uploads\/2025\/08\/benchmade-socp-dagger.webp","width":1080,"height":1080,"caption":"\u0422\u043e\u0432\u0430\u0440\u044b \u0434\u043b\u044f \u0430\u043a\u0442\u0438\u0432\u043d\u043e\u0433\u043e \u043e\u0442\u0434\u044b\u0445\u0430, \u043e\u0434\u0435\u0436\u0434\u0430 \u0438 \u043e\u0431\u0443\u0432\u044c \u0434\u043b\u044f \u043f\u043e\u0445\u043e\u0434\u043e\u0432 \u0438 \u0430\u043b\u044c\u043f\u0438\u043d\u0438\u0437\u043c\u0430, \u043d\u043e\u0436 Benchmade Socp Dagger \u0434\u043b\u044f \u043f\u0443\u0442\u0435\u0448\u0435\u0441\u0442\u0432\u0438\u0439 \u0438 \u0442\u0443\u0440\u0438\u0437\u043c\u0430"},{"@type":"BreadcrumbList","@id":"https:\/\/xstyle.md\/product\/nozh-benchmade-socp-dagger\/#breadcrumb","itemListElement":[{"@type":"ListItem","position":1,"name":"\u0413\u043b\u0430\u0432\u043d\u0430\u044f \u0441\u0442\u0440\u0430\u043d\u0438\u0446\u0430","item":"https:\/\/xstyle.md\/"},{"@type":"ListItem","position":2,"name":"\u041c\u0430\u0433\u0430\u0437\u0438\u043d","item":"https:\/\/xstyle.md\/shop\/"},{"@type":"ListItem","position":3,"name":"\u041d\u043e\u0436 Benchmade Socp Dagger"}]},{"@type":"WebSite","@id":"https:\/\/xstyle.md\/#website","url":"https:\/\/xstyle.md\/","name":"Magazinul X-Style","description":"Echipamente pentru turism \u0219i sporturi extreme \u00een Moldova. Pre\u021buri, fotografii, caracteristici \u00een Moldova.","publisher":{"@id":"https:\/\/xstyle.md\/#organization"},"alternateName":"X-Style","potentialAction":[{"@type":"SearchAction","target":{"@type":"EntryPoint","urlTemplate":"https:\/\/xstyle.md\/?s={search_term_string}"},"query-input":{"@type":"PropertyValueSpecification","valueRequired":true,"valueName":"search_term_string"}}],"inLanguage":"ro-RO"},{"@type":"Organization","@id":"https:\/\/xstyle.md\/#organization","name":"Magazinul X-Style","alternateName":"x-style","url":"https:\/\/xstyle.md\/","logo":{"@type":"ImageObject","inLanguage":"ro-RO","@id":"https:\/\/xstyle.md\/#\/schema\/logo\/image\/","url":"https:\/\/xstyle.md\/wp-content\/uploads\/2020\/06\/logoicon.svg","contentUrl":"https:\/\/xstyle.md\/wp-content\/uploads\/2020\/06\/logoicon.svg","caption":"\u041c\u0430\u0433\u0430\u0437\u0438\u043d Xstyle"},"image":{"@id":"https:\/\/xstyle.md\/#\/schema\/logo\/image\/"},"sameAs":["https:\/\/www.facebook.com\/xstylemd","https:\/\/www.instagram.com\/xstyle_md\/","https:\/\/t.me\/xstyle_outdoor"],"hasMerchantReturnPolicy":{"@type":"MerchantReturnPolicy","merchantReturnLink":"https:\/\/xstyle.md\/ro\/conditions\/"}}]},"product_price_amount":"2280.00","product_price_currency":"MDL","og_availability":"instock","product_availability":"instock","product_retailer_item_id":"610953138806","product_condition":"new"},"_links":{"self":[{"href":"https:\/\/xstyle.md\/ro\/wp-json\/wp\/v2\/product\/96209","targetHints":{"allow":["GET"]}}],"collection":[{"href":"https:\/\/xstyle.md\/ro\/wp-json\/wp\/v2\/product"}],"about":[{"href":"https:\/\/xstyle.md\/ro\/wp-json\/wp\/v2\/types\/product"}],"replies":[{"embeddable":true,"href":"https:\/\/xstyle.md\/ro\/wp-json\/wp\/v2\/comments?post=96209"}],"wp:featuredmedia":[{"embeddable":true,"href":"https:\/\/xstyle.md\/ro\/wp-json\/wp\/v2\/media\/96616"}],"wp:attachment":[{"href":"https:\/\/xstyle.md\/ro\/wp-json\/wp\/v2\/media?parent=96209"}],"wp:term":[{"taxonomy":"product_brand","embeddable":true,"href":"https:\/\/xstyle.md\/ro\/wp-json\/wp\/v2\/product_brand?post=96209"},{"taxonomy":"product_cat","embeddable":true,"href":"https:\/\/xstyle.md\/ro\/wp-json\/wp\/v2\/product_cat?post=96209"},{"taxonomy":"product_tag","embeddable":true,"href":"https:\/\/xstyle.md\/ro\/wp-json\/wp\/v2\/product_tag?post=96209"}],"curies":[{"name":"wp","href":"https:\/\/api.w.org\/{rel}","templated":true}]}}