{"id":96208,"date":"2025-08-21T13:19:02","date_gmt":"2025-08-21T10:19:02","guid":{"rendered":"https:\/\/xstyle.md\/?post_type=product&#038;p=96208"},"modified":"2026-03-14T21:52:41","modified_gmt":"2026-03-14T18:52:41","slug":"raskladnoj-stul-helinox-zero-highback","status":"publish","type":"product","link":"https:\/\/xstyle.md\/ro\/produs\/raskladnoj-stul-helinox-zero-highback\/","title":{"rendered":"Scaun pliabil Helinox Zero HighBack"},"content":{"rendered":"<p><\/p>\n<p><strong>Scaun pliabil Helinox Zero HighBack<\/strong> &#8212; este un scaun turistic ultra-u\u0219or cu sp\u0103tar \u00eenalt din seria Zero. Ca structur\u0103, acesta urmeaz\u0103 designul modelului Chair Zero, dar ofer\u0103 un confort sporit datorit\u0103 sus\u021binerii suplimentare pentru spate. Construc\u021bia robust\u0103 \u0219i simplu de asamblat \u00eel face extrem de practic \u00een utilizare.<\/p>\n<p>Este bine echilibrat \u0219i stabil, fiind dotat cu picioare din aliaj de aluminiu DAC \u2014 un material u\u0219or, fiabil \u0219i durabil. Helinox este singurul brand care utilizeaz\u0103 aceast\u0103 tehnologie, creat\u0103 ini\u021bial pentru corturile de expedi\u021bie, oferind astfel o garan\u021bie a rezisten\u021bei. Helinox Zero High Back combin\u0103 greutatea minim\u0103 cu dimensiunile compacte, fiind alegerea ideal\u0103 pentru cicloturism, drume\u021bii pe jos \u0219i relaxare \u00een natur\u0103.<\/p>\n<h3>Particularit\u0103\u021bi<\/h3>\n<ul>\n<li>Sp\u0103tar \u00eenalt &#8212; pentru sus\u021binere suplimentar\u0103 \u0219i confort sporit<\/li>\n<li>Ultra-u\u0219or \u0219i compact &#8212; dimensiunile reduse asigur\u0103 un transport facil<\/li>\n<li>Asamblare rapid\u0103 &#8212; instalare simpl\u0103 \u0219i intuitiv\u0103<\/li>\n<li>Cadru DAC &#8212; fabricat din aliaj de aluminiu premium, extrem de rezistent<\/li>\n<li>Stabilitate &#8212; construc\u021bie echilibrat\u0103 pentru o sus\u021binere excelent\u0103.<\/li>\n<li>Durabilitate &#8212; scaunul este rezistent la radia\u021biile UV \u0219i la precipita\u021bii<\/li>\n<\/ul>\n<h3>Caracteristici<\/h3>\n<ul>\n<li>Material \u0219ezut &#8212; Poliester (cu elemente de aluminiu \u00een punctele de fixare)<\/li>\n<li>Material cadru &#8212; bare din aluminiu DAC<\/li>\n<li>Dimensiuni (deschis) &#8212; 82 x 52 x 54.5 cm<\/li>\n<li>Dimensiuni (pliat) &#8212; 12 x 12 x 40 cm<\/li>\n<li>Sarcina maxim\u0103 &#8212; 120 kg<\/li>\n<li>Greutate &#8212; 690 g<\/li>\n<\/ul>\n<h3>Tehnologii<\/h3>\n<ul>\n<li><strong>Barele DAC<\/strong> &#8212; din aluminiu de \u00eenalt\u0103 calitate, utilizate de obicei \u00een produc\u021bia corturilor profesionale. Sunt extrem de rezistente \u0219i u\u0219oare, garant\u00e2nd o durat\u0103 lung\u0103 de via\u021b\u0103 a produsului.<\/li>\n<\/ul>\n<p><\/p>\n<h3>Marca<\/h3>\n<h3><\/h3>\n<p>Helinox - este liderul mondial \u00een produc\u021bia de mobilier de camping ultra-u\u0219or \u0219i portabil, fiind recunoscut pentru echilibrul perfect \u00eentre designul modern \u0219i durabilitatea extrem\u0103. Brandul utilizeaz\u0103 aliaje de aluminiu premium de la DAC, acelea\u0219i folosite \u00een corturile de expedi\u021bie, pentru a crea scaune, mese \u0219i paturi de camping care pot fi transportate cu u\u0219urin\u021b\u0103 \u00een orice rucsac. Produsele Helinox sunt destinate celor care nu vor s\u0103 fac\u0103 compromisuri \u00eentre confortul de acas\u0103 \u0219i libertatea aventurilor \u00een natur\u0103.<\/p>","protected":false},"excerpt":{"rendered":"<p>\u0411\u0440\u0435\u043d\u0434 Helinox \u2014 \u044d\u0442\u043e \u043c\u0438\u0440\u043e\u0432\u043e\u0439 \u043b\u0438\u0434\u0435\u0440 \u0432 \u043f\u0440\u043e\u0438\u0437\u0432\u043e\u0434\u0441\u0442\u0432\u0435 \u0443\u043b\u044c\u0442\u0440\u0430\u043b\u0435\u0433\u043a\u043e\u0439 \u0438 \u043f\u043e\u0440\u0442\u0430\u0442\u0438\u0432\u043d\u043e\u0439 \u043a\u0435\u043c\u043f\u0438\u043d\u0433\u043e\u0432\u043e\u0439 \u043c\u0435\u0431\u0435\u043b\u0438, \u0437\u043d\u0430\u043c\u0435\u043d\u0438\u0442\u044b\u0439 \u0441\u0432\u043e\u0438\u043c \u0443\u043c\u0435\u043d\u0438\u0435\u043c \u0441\u043e\u0447\u0435\u0442\u0430\u0442\u044c \u0441\u043e\u0432\u0440\u0435\u043c\u0435\u043d\u043d\u044b\u0439 \u0434\u0438\u0437\u0430\u0439\u043d \u0438 \u043d\u0435\u0432\u0435\u0440\u043e\u044f\u0442\u043d\u0443\u044e \u043f\u0440\u043e\u0447\u043d\u043e\u0441\u0442\u044c. \u0411\u0440\u0435\u043d\u0434 \u0438\u0441\u043f\u043e\u043b\u044c\u0437\u0443\u0435\u0442 \u043f\u0440\u0435\u043c\u0438\u0430\u043b\u044c\u043d\u044b\u0435 \u0430\u043b\u044e\u043c\u0438\u043d\u0438\u0435\u0432\u044b\u0435 \u0441\u043f\u043b\u0430\u0432\u044b \u043e\u0442 \u043a\u043e\u043c\u043f\u0430\u043d\u0438\u0438 DAC, \u043a\u043e\u0442\u043e\u0440\u044b\u0435 \u043f\u0440\u0438\u043c\u0435\u043d\u044f\u044e\u0442\u0441\u044f \u0432 \u044d\u043a\u0441\u043f\u0435\u0434\u0438\u0446\u0438\u043e\u043d\u043d\u044b\u0445 \u043f\u0430\u043b\u0430\u0442\u043a\u0430\u0445, \u0434\u043b\u044f \u0441\u043e\u0437\u0434\u0430\u043d\u0438\u044f \u0441\u0442\u0443\u043b\u044c\u0435\u0432, \u0441\u0442\u043e\u043b\u043e\u0432 \u0438 \u0440\u0430\u0441\u043a\u043b\u0430\u0434\u0443\u0448\u0435\u043a, \u043b\u0435\u0433\u043a\u043e \u043f\u043e\u043c\u0435\u0449\u0430\u044e\u0449\u0438\u0445\u0441\u044f \u0432 \u043b\u044e\u0431\u043e\u0439 \u0440\u044e\u043a\u0437\u0430\u043a. \u041f\u0440\u043e\u0434\u0443\u043a\u0446\u0438\u044f Helinox \u0441\u043e\u0437\u0434\u0430\u043d\u0430 \u0434\u043b\u044f \u0442\u0435\u0445, \u043a\u0442\u043e \u043d\u0435 \u0433\u043e\u0442\u043e\u0432 \u0438\u0434\u0442\u0438 [&hellip;]<\/p>\n","protected":false},"featured_media":96623,"comment_status":"open","ping_status":"closed","template":"","meta":{"_acf_changed":false,"inline_featured_image":false},"product_brand":[1432],"product_cat":[120],"product_tag":[],"class_list":{"0":"post-96208","1":"product","2":"type-product","3":"status-publish","4":"has-post-thumbnail","6":"product_brand-helinox","7":"product_cat-sun-loungers","9":"first","10":"outofstock","11":"shipping-taxable","12":"product-type-simple"},"acf":[],"yoast_head":"<!-- This site is optimized with the Yoast SEO plugin v27.2 - https:\/\/yoast.com\/product\/yoast-seo-wordpress\/ -->\n<title>\u0420\u0430\u0441\u043a\u043b\u0430\u0434\u043d\u043e\u0439 \u0441\u0442\u0443\u043b Helinox Zero HighBack - \u041c\u0430\u0433\u0430\u0437\u0438\u043d Xstyle<\/title>\n<meta name=\"robots\" content=\"index, follow, max-snippet:-1, max-image-preview:large, max-video-preview:-1\" \/>\n<link rel=\"canonical\" href=\"https:\/\/xstyle.md\/ro\/produs\/raskladnoj-stul-helinox-zero-highback\/\" \/>\n<meta property=\"og:locale\" content=\"ro_RO\" \/>\n<meta property=\"og:type\" content=\"article\" \/>\n<meta property=\"og:title\" content=\"\u0420\u0430\u0441\u043a\u043b\u0430\u0434\u043d\u043e\u0439 \u0441\u0442\u0443\u043b Helinox Zero HighBack - \u041c\u0430\u0433\u0430\u0437\u0438\u043d Xstyle\" \/>\n<meta property=\"og:description\" content=\"\u0411\u0440\u0435\u043d\u0434 Helinox \u2014 \u044d\u0442\u043e \u043c\u0438\u0440\u043e\u0432\u043e\u0439 \u043b\u0438\u0434\u0435\u0440 \u0432 \u043f\u0440\u043e\u0438\u0437\u0432\u043e\u0434\u0441\u0442\u0432\u0435 \u0443\u043b\u044c\u0442\u0440\u0430\u043b\u0435\u0433\u043a\u043e\u0439 \u0438 \u043f\u043e\u0440\u0442\u0430\u0442\u0438\u0432\u043d\u043e\u0439 \u043a\u0435\u043c\u043f\u0438\u043d\u0433\u043e\u0432\u043e\u0439 \u043c\u0435\u0431\u0435\u043b\u0438, \u0437\u043d\u0430\u043c\u0435\u043d\u0438\u0442\u044b\u0439 \u0441\u0432\u043e\u0438\u043c \u0443\u043c\u0435\u043d\u0438\u0435\u043c \u0441\u043e\u0447\u0435\u0442\u0430\u0442\u044c \u0441\u043e\u0432\u0440\u0435\u043c\u0435\u043d\u043d\u044b\u0439 \u0434\u0438\u0437\u0430\u0439\u043d \u0438 \u043d\u0435\u0432\u0435\u0440\u043e\u044f\u0442\u043d\u0443\u044e \u043f\u0440\u043e\u0447\u043d\u043e\u0441\u0442\u044c. \u0411\u0440\u0435\u043d\u0434 \u0438\u0441\u043f\u043e\u043b\u044c\u0437\u0443\u0435\u0442 \u043f\u0440\u0435\u043c\u0438\u0430\u043b\u044c\u043d\u044b\u0435 \u0430\u043b\u044e\u043c\u0438\u043d\u0438\u0435\u0432\u044b\u0435 \u0441\u043f\u043b\u0430\u0432\u044b \u043e\u0442 \u043a\u043e\u043c\u043f\u0430\u043d\u0438\u0438 DAC, \u043a\u043e\u0442\u043e\u0440\u044b\u0435 \u043f\u0440\u0438\u043c\u0435\u043d\u044f\u044e\u0442\u0441\u044f \u0432 \u044d\u043a\u0441\u043f\u0435\u0434\u0438\u0446\u0438\u043e\u043d\u043d\u044b\u0445 \u043f\u0430\u043b\u0430\u0442\u043a\u0430\u0445, \u0434\u043b\u044f \u0441\u043e\u0437\u0434\u0430\u043d\u0438\u044f \u0441\u0442\u0443\u043b\u044c\u0435\u0432, \u0441\u0442\u043e\u043b\u043e\u0432 \u0438 \u0440\u0430\u0441\u043a\u043b\u0430\u0434\u0443\u0448\u0435\u043a, \u043b\u0435\u0433\u043a\u043e \u043f\u043e\u043c\u0435\u0449\u0430\u044e\u0449\u0438\u0445\u0441\u044f \u0432 \u043b\u044e\u0431\u043e\u0439 \u0440\u044e\u043a\u0437\u0430\u043a. \u041f\u0440\u043e\u0434\u0443\u043a\u0446\u0438\u044f Helinox \u0441\u043e\u0437\u0434\u0430\u043d\u0430 \u0434\u043b\u044f \u0442\u0435\u0445, \u043a\u0442\u043e \u043d\u0435 \u0433\u043e\u0442\u043e\u0432 \u0438\u0434\u0442\u0438 [&hellip;]\" \/>\n<meta property=\"og:url\" content=\"https:\/\/xstyle.md\/ro\/produs\/raskladnoj-stul-helinox-zero-highback\/\" \/>\n<meta property=\"og:site_name\" content=\"\u041c\u0430\u0433\u0430\u0437\u0438\u043d Xstyle\" \/>\n<meta property=\"article:publisher\" content=\"https:\/\/www.facebook.com\/xstylemd\" \/>\n<meta property=\"article:modified_time\" content=\"2026-03-14T18:52:41+00:00\" \/>\n<meta property=\"og:image\" content=\"https:\/\/xstyle.md\/wp-content\/uploads\/2025\/08\/helinox-zero-highback.webp\" \/>\n\t<meta property=\"og:image:width\" content=\"800\" \/>\n\t<meta property=\"og:image:height\" content=\"800\" \/>\n\t<meta property=\"og:image:type\" content=\"image\/webp\" \/>\n<meta name=\"twitter:card\" content=\"summary_large_image\" \/>\n<meta name=\"twitter:label1\" content=\"Pre\u021b\" \/>\n\t<meta name=\"twitter:data1\" content=\"4.490&nbsp;MDL\" \/>\n\t<meta name=\"twitter:label2\" content=\"Disponibilitate\" \/>\n\t<meta name=\"twitter:data2\" content=\"Stoc epuizat\" \/>\n<script type=\"application\/ld+json\" class=\"yoast-schema-graph\">{\"@context\":\"https:\/\/schema.org\",\"@graph\":[{\"@type\":\"WebPage\",\"@id\":\"https:\/\/xstyle.md\/product\/raskladnoj-stul-helinox-zero-highback\/\",\"url\":\"https:\/\/xstyle.md\/product\/raskladnoj-stul-helinox-zero-highback\/\",\"name\":\"\u0420\u0430\u0441\u043a\u043b\u0430\u0434\u043d\u043e\u0439 \u0441\u0442\u0443\u043b Helinox Zero HighBack - \u041c\u0430\u0433\u0430\u0437\u0438\u043d Xstyle\",\"isPartOf\":{\"@id\":\"https:\/\/xstyle.md\/#website\"},\"primaryImageOfPage\":{\"@id\":\"https:\/\/xstyle.md\/product\/raskladnoj-stul-helinox-zero-highback\/#primaryimage\"},\"image\":{\"@id\":\"https:\/\/xstyle.md\/product\/raskladnoj-stul-helinox-zero-highback\/#primaryimage\"},\"thumbnailUrl\":\"https:\/\/xstyle.md\/wp-content\/uploads\/2025\/08\/helinox-zero-highback.webp\",\"datePublished\":\"2025-08-21T10:19:02+00:00\",\"dateModified\":\"2026-03-14T18:52:41+00:00\",\"breadcrumb\":{\"@id\":\"https:\/\/xstyle.md\/product\/raskladnoj-stul-helinox-zero-highback\/#breadcrumb\"},\"inLanguage\":\"ro-RO\",\"potentialAction\":[{\"@type\":\"ReadAction\",\"target\":[\"https:\/\/xstyle.md\/product\/raskladnoj-stul-helinox-zero-highback\/\"]}]},{\"@type\":\"ImageObject\",\"inLanguage\":\"ro-RO\",\"@id\":\"https:\/\/xstyle.md\/product\/raskladnoj-stul-helinox-zero-highback\/#primaryimage\",\"url\":\"https:\/\/xstyle.md\/wp-content\/uploads\/2025\/08\/helinox-zero-highback.webp\",\"contentUrl\":\"https:\/\/xstyle.md\/wp-content\/uploads\/2025\/08\/helinox-zero-highback.webp\",\"width\":800,\"height\":800,\"caption\":\"\u0422\u0443\u0440\u0438\u0441\u0442\u0438\u0447\u0435\u0441\u043a\u0438\u0439 \u0440\u0430\u0441\u043a\u043b\u0430\u0434\u043d\u043e\u0439 \u0441\u0442\u0443\u043b Helinox Zero HighBack \u0434\u043b\u044f \u0430\u043a\u0442\u0438\u0432\u043d\u043e\u0433\u043e \u043e\u0442\u0434\u044b\u0445\u0430, \u043f\u043e\u0445\u043e\u0434\u043e\u0432, \u043f\u0443\u0442\u0435\u0448\u0435\u0441\u0442\u0432\u0438\u0439 \u0438 \u043a\u0435\u043c\u043f\u0438\u043d\u0433\u0430 \u0441 \u0443\u0434\u043e\u0431\u043d\u043e\u0439 \u0441\u043f\u0438\u043d\u043a\u043e\u0439, \u043f\u043e\u0434\u0445\u043e\u0434\u0438\u0442 \u0434\u043b\u044f \u0441\u0430\u0439\u043b\u043e\u0432 \u0434\u043b\u044f \u043c\u0430\u0433\u0430\u0437\u0438\u043d\u0430 \u0441\u043f\u043e\u0440\u0442\u0438\u0432\u043d\u043e\u0439 \u043e\u0434\u0435\u0436\u0434\u044b \u0438 \u043e\u0431\u0443\u0432\u0438 \u0434\u043b\u044f \u0430\u043a\u0442\u0438\u0432\u043d\u043e\u0439 \u0436\u0438\u0437\u043d\u0438\"},{\"@type\":\"BreadcrumbList\",\"@id\":\"https:\/\/xstyle.md\/product\/raskladnoj-stul-helinox-zero-highback\/#breadcrumb\",\"itemListElement\":[{\"@type\":\"ListItem\",\"position\":1,\"name\":\"\u0413\u043b\u0430\u0432\u043d\u0430\u044f \u0441\u0442\u0440\u0430\u043d\u0438\u0446\u0430\",\"item\":\"https:\/\/xstyle.md\/\"},{\"@type\":\"ListItem\",\"position\":2,\"name\":\"\u041c\u0430\u0433\u0430\u0437\u0438\u043d\",\"item\":\"https:\/\/xstyle.md\/shop\/\"},{\"@type\":\"ListItem\",\"position\":3,\"name\":\"\u0420\u0430\u0441\u043a\u043b\u0430\u0434\u043d\u043e\u0439 \u0441\u0442\u0443\u043b Helinox Zero HighBack\"}]},{\"@type\":\"WebSite\",\"@id\":\"https:\/\/xstyle.md\/#website\",\"url\":\"https:\/\/xstyle.md\/\",\"name\":\"\u041c\u0430\u0433\u0430\u0437\u0438\u043d Xstyle\",\"description\":\"C\u043d\u0430\u0440\u044f\u0436\u0435\u043d\u0438\u0435 \u0434\u043b\u044f \u0442\u0443\u0440\u0438\u0437\u043c\u0430 \u0438 \u044d\u043a\u0441\u0442\u0440\u0435\u043c\u0430\u043b\u044c\u043d\u044b\u0445 \u0432\u0438\u0434\u043e\u0432 \u0441\u043f\u043e\u0440\u0442\u0430 \u0432 \u041c\u043e\u043b\u0434\u043e\u0432\u0435.. \u0426\u0435\u043d\u044b, \u0444\u043e\u0442\u043e, \u0445\u0430\u0440\u0430\u043a\u0442\u0435\u0440\u0438\u0441\u0442\u0438\u043a\u0438 \u0432 \u041c\u043e\u043b\u0434\u043e\u0432\u0435.\",\"publisher\":{\"@id\":\"https:\/\/xstyle.md\/#organization\"},\"alternateName\":\"X-Style\",\"potentialAction\":[{\"@type\":\"SearchAction\",\"target\":{\"@type\":\"EntryPoint\",\"urlTemplate\":\"https:\/\/xstyle.md\/?s={search_term_string}\"},\"query-input\":{\"@type\":\"PropertyValueSpecification\",\"valueRequired\":true,\"valueName\":\"search_term_string\"}}],\"inLanguage\":\"ro-RO\"},{\"@type\":\"Organization\",\"@id\":\"https:\/\/xstyle.md\/#organization\",\"name\":\"\u041c\u0430\u0433\u0430\u0437\u0438\u043d Xstyle\",\"alternateName\":\"x-style\",\"url\":\"https:\/\/xstyle.md\/\",\"logo\":{\"@type\":\"ImageObject\",\"inLanguage\":\"ro-RO\",\"@id\":\"https:\/\/xstyle.md\/#\/schema\/logo\/image\/\",\"url\":\"https:\/\/xstyle.md\/wp-content\/uploads\/2020\/06\/logoicon.svg\",\"contentUrl\":\"https:\/\/xstyle.md\/wp-content\/uploads\/2020\/06\/logoicon.svg\",\"caption\":\"\u041c\u0430\u0433\u0430\u0437\u0438\u043d Xstyle\"},\"image\":{\"@id\":\"https:\/\/xstyle.md\/#\/schema\/logo\/image\/\"},\"sameAs\":[\"https:\/\/www.facebook.com\/xstylemd\",\"https:\/\/www.instagram.com\/xstyle_md\/\",\"https:\/\/t.me\/xstyle_outdoor\"],\"hasMerchantReturnPolicy\":{\"@type\":\"MerchantReturnPolicy\",\"merchantReturnLink\":\"https:\/\/xstyle.md\/ro\/conditions\/\"}}]}<\/script>\n<meta property=\"product:price:amount\" content=\"4490.00\" \/>\n<meta property=\"product:price:currency\" content=\"MDL\" \/>\n<meta property=\"og:availability\" content=\"out of stock\" \/>\n<meta property=\"product:availability\" content=\"out of stock\" \/>\n<meta property=\"product:retailer_item_id\" content=\"8809759231947\" \/>\n<meta property=\"product:condition\" content=\"new\" \/>\n<!-- \/ Yoast SEO plugin. -->","yoast_head_json":{"title":"\u0420\u0430\u0441\u043a\u043b\u0430\u0434\u043d\u043e\u0439 \u0441\u0442\u0443\u043b Helinox Zero HighBack - \u041c\u0430\u0433\u0430\u0437\u0438\u043d Xstyle","robots":{"index":"index","follow":"follow","max-snippet":"max-snippet:-1","max-image-preview":"max-image-preview:large","max-video-preview":"max-video-preview:-1"},"canonical":"https:\/\/xstyle.md\/ro\/produs\/raskladnoj-stul-helinox-zero-highback\/","og_locale":"ro_RO","og_type":"article","og_title":"\u0420\u0430\u0441\u043a\u043b\u0430\u0434\u043d\u043e\u0439 \u0441\u0442\u0443\u043b Helinox Zero HighBack - \u041c\u0430\u0433\u0430\u0437\u0438\u043d Xstyle","og_description":"\u0411\u0440\u0435\u043d\u0434 Helinox \u2014 \u044d\u0442\u043e \u043c\u0438\u0440\u043e\u0432\u043e\u0439 \u043b\u0438\u0434\u0435\u0440 \u0432 \u043f\u0440\u043e\u0438\u0437\u0432\u043e\u0434\u0441\u0442\u0432\u0435 \u0443\u043b\u044c\u0442\u0440\u0430\u043b\u0435\u0433\u043a\u043e\u0439 \u0438 \u043f\u043e\u0440\u0442\u0430\u0442\u0438\u0432\u043d\u043e\u0439 \u043a\u0435\u043c\u043f\u0438\u043d\u0433\u043e\u0432\u043e\u0439 \u043c\u0435\u0431\u0435\u043b\u0438, \u0437\u043d\u0430\u043c\u0435\u043d\u0438\u0442\u044b\u0439 \u0441\u0432\u043e\u0438\u043c \u0443\u043c\u0435\u043d\u0438\u0435\u043c \u0441\u043e\u0447\u0435\u0442\u0430\u0442\u044c \u0441\u043e\u0432\u0440\u0435\u043c\u0435\u043d\u043d\u044b\u0439 \u0434\u0438\u0437\u0430\u0439\u043d \u0438 \u043d\u0435\u0432\u0435\u0440\u043e\u044f\u0442\u043d\u0443\u044e \u043f\u0440\u043e\u0447\u043d\u043e\u0441\u0442\u044c. \u0411\u0440\u0435\u043d\u0434 \u0438\u0441\u043f\u043e\u043b\u044c\u0437\u0443\u0435\u0442 \u043f\u0440\u0435\u043c\u0438\u0430\u043b\u044c\u043d\u044b\u0435 \u0430\u043b\u044e\u043c\u0438\u043d\u0438\u0435\u0432\u044b\u0435 \u0441\u043f\u043b\u0430\u0432\u044b \u043e\u0442 \u043a\u043e\u043c\u043f\u0430\u043d\u0438\u0438 DAC, \u043a\u043e\u0442\u043e\u0440\u044b\u0435 \u043f\u0440\u0438\u043c\u0435\u043d\u044f\u044e\u0442\u0441\u044f \u0432 \u044d\u043a\u0441\u043f\u0435\u0434\u0438\u0446\u0438\u043e\u043d\u043d\u044b\u0445 \u043f\u0430\u043b\u0430\u0442\u043a\u0430\u0445, \u0434\u043b\u044f \u0441\u043e\u0437\u0434\u0430\u043d\u0438\u044f \u0441\u0442\u0443\u043b\u044c\u0435\u0432, \u0441\u0442\u043e\u043b\u043e\u0432 \u0438 \u0440\u0430\u0441\u043a\u043b\u0430\u0434\u0443\u0448\u0435\u043a, \u043b\u0435\u0433\u043a\u043e \u043f\u043e\u043c\u0435\u0449\u0430\u044e\u0449\u0438\u0445\u0441\u044f \u0432 \u043b\u044e\u0431\u043e\u0439 \u0440\u044e\u043a\u0437\u0430\u043a. \u041f\u0440\u043e\u0434\u0443\u043a\u0446\u0438\u044f Helinox \u0441\u043e\u0437\u0434\u0430\u043d\u0430 \u0434\u043b\u044f \u0442\u0435\u0445, \u043a\u0442\u043e \u043d\u0435 \u0433\u043e\u0442\u043e\u0432 \u0438\u0434\u0442\u0438 [&hellip;]","og_url":"https:\/\/xstyle.md\/ro\/produs\/raskladnoj-stul-helinox-zero-highback\/","og_site_name":"\u041c\u0430\u0433\u0430\u0437\u0438\u043d Xstyle","article_publisher":"https:\/\/www.facebook.com\/xstylemd","article_modified_time":"2026-03-14T18:52:41+00:00","og_image":[{"width":800,"height":800,"url":"https:\/\/xstyle.md\/wp-content\/uploads\/2025\/08\/helinox-zero-highback.webp","type":"image\/webp"}],"twitter_card":"summary_large_image","twitter_misc":{"Pre\u021b":"4.490&nbsp;MDL","Disponibilitate":"Stoc epuizat"},"schema":{"@context":"https:\/\/schema.org","@graph":[{"@type":"WebPage","@id":"https:\/\/xstyle.md\/product\/raskladnoj-stul-helinox-zero-highback\/","url":"https:\/\/xstyle.md\/product\/raskladnoj-stul-helinox-zero-highback\/","name":"\u0420\u0430\u0441\u043a\u043b\u0430\u0434\u043d\u043e\u0439 \u0441\u0442\u0443\u043b Helinox Zero HighBack - \u041c\u0430\u0433\u0430\u0437\u0438\u043d Xstyle","isPartOf":{"@id":"https:\/\/xstyle.md\/#website"},"primaryImageOfPage":{"@id":"https:\/\/xstyle.md\/product\/raskladnoj-stul-helinox-zero-highback\/#primaryimage"},"image":{"@id":"https:\/\/xstyle.md\/product\/raskladnoj-stul-helinox-zero-highback\/#primaryimage"},"thumbnailUrl":"https:\/\/xstyle.md\/wp-content\/uploads\/2025\/08\/helinox-zero-highback.webp","datePublished":"2025-08-21T10:19:02+00:00","dateModified":"2026-03-14T18:52:41+00:00","breadcrumb":{"@id":"https:\/\/xstyle.md\/product\/raskladnoj-stul-helinox-zero-highback\/#breadcrumb"},"inLanguage":"ro-RO","potentialAction":[{"@type":"ReadAction","target":["https:\/\/xstyle.md\/product\/raskladnoj-stul-helinox-zero-highback\/"]}]},{"@type":"ImageObject","inLanguage":"ro-RO","@id":"https:\/\/xstyle.md\/product\/raskladnoj-stul-helinox-zero-highback\/#primaryimage","url":"https:\/\/xstyle.md\/wp-content\/uploads\/2025\/08\/helinox-zero-highback.webp","contentUrl":"https:\/\/xstyle.md\/wp-content\/uploads\/2025\/08\/helinox-zero-highback.webp","width":800,"height":800,"caption":"\u0422\u0443\u0440\u0438\u0441\u0442\u0438\u0447\u0435\u0441\u043a\u0438\u0439 \u0440\u0430\u0441\u043a\u043b\u0430\u0434\u043d\u043e\u0439 \u0441\u0442\u0443\u043b Helinox Zero HighBack \u0434\u043b\u044f \u0430\u043a\u0442\u0438\u0432\u043d\u043e\u0433\u043e \u043e\u0442\u0434\u044b\u0445\u0430, \u043f\u043e\u0445\u043e\u0434\u043e\u0432, \u043f\u0443\u0442\u0435\u0448\u0435\u0441\u0442\u0432\u0438\u0439 \u0438 \u043a\u0435\u043c\u043f\u0438\u043d\u0433\u0430 \u0441 \u0443\u0434\u043e\u0431\u043d\u043e\u0439 \u0441\u043f\u0438\u043d\u043a\u043e\u0439, \u043f\u043e\u0434\u0445\u043e\u0434\u0438\u0442 \u0434\u043b\u044f \u0441\u0430\u0439\u043b\u043e\u0432 \u0434\u043b\u044f \u043c\u0430\u0433\u0430\u0437\u0438\u043d\u0430 \u0441\u043f\u043e\u0440\u0442\u0438\u0432\u043d\u043e\u0439 \u043e\u0434\u0435\u0436\u0434\u044b \u0438 \u043e\u0431\u0443\u0432\u0438 \u0434\u043b\u044f \u0430\u043a\u0442\u0438\u0432\u043d\u043e\u0439 \u0436\u0438\u0437\u043d\u0438"},{"@type":"BreadcrumbList","@id":"https:\/\/xstyle.md\/product\/raskladnoj-stul-helinox-zero-highback\/#breadcrumb","itemListElement":[{"@type":"ListItem","position":1,"name":"\u0413\u043b\u0430\u0432\u043d\u0430\u044f \u0441\u0442\u0440\u0430\u043d\u0438\u0446\u0430","item":"https:\/\/xstyle.md\/"},{"@type":"ListItem","position":2,"name":"\u041c\u0430\u0433\u0430\u0437\u0438\u043d","item":"https:\/\/xstyle.md\/shop\/"},{"@type":"ListItem","position":3,"name":"\u0420\u0430\u0441\u043a\u043b\u0430\u0434\u043d\u043e\u0439 \u0441\u0442\u0443\u043b Helinox Zero HighBack"}]},{"@type":"WebSite","@id":"https:\/\/xstyle.md\/#website","url":"https:\/\/xstyle.md\/","name":"Magazinul X-Style","description":"Echipamente pentru turism \u0219i sporturi extreme \u00een Moldova. Pre\u021buri, fotografii, caracteristici \u00een Moldova.","publisher":{"@id":"https:\/\/xstyle.md\/#organization"},"alternateName":"X-Style","potentialAction":[{"@type":"SearchAction","target":{"@type":"EntryPoint","urlTemplate":"https:\/\/xstyle.md\/?s={search_term_string}"},"query-input":{"@type":"PropertyValueSpecification","valueRequired":true,"valueName":"search_term_string"}}],"inLanguage":"ro-RO"},{"@type":"Organization","@id":"https:\/\/xstyle.md\/#organization","name":"Magazinul X-Style","alternateName":"x-style","url":"https:\/\/xstyle.md\/","logo":{"@type":"ImageObject","inLanguage":"ro-RO","@id":"https:\/\/xstyle.md\/#\/schema\/logo\/image\/","url":"https:\/\/xstyle.md\/wp-content\/uploads\/2020\/06\/logoicon.svg","contentUrl":"https:\/\/xstyle.md\/wp-content\/uploads\/2020\/06\/logoicon.svg","caption":"\u041c\u0430\u0433\u0430\u0437\u0438\u043d Xstyle"},"image":{"@id":"https:\/\/xstyle.md\/#\/schema\/logo\/image\/"},"sameAs":["https:\/\/www.facebook.com\/xstylemd","https:\/\/www.instagram.com\/xstyle_md\/","https:\/\/t.me\/xstyle_outdoor"],"hasMerchantReturnPolicy":{"@type":"MerchantReturnPolicy","merchantReturnLink":"https:\/\/xstyle.md\/ro\/conditions\/"}}]},"product_price_amount":"4490.00","product_price_currency":"MDL","og_availability":"out of stock","product_availability":"out of stock","product_retailer_item_id":"8809759231947","product_condition":"new"},"post_mailing_queue_ids":[],"_links":{"self":[{"href":"https:\/\/xstyle.md\/ro\/wp-json\/wp\/v2\/product\/96208","targetHints":{"allow":["GET"]}}],"collection":[{"href":"https:\/\/xstyle.md\/ro\/wp-json\/wp\/v2\/product"}],"about":[{"href":"https:\/\/xstyle.md\/ro\/wp-json\/wp\/v2\/types\/product"}],"replies":[{"embeddable":true,"href":"https:\/\/xstyle.md\/ro\/wp-json\/wp\/v2\/comments?post=96208"}],"wp:featuredmedia":[{"embeddable":true,"href":"https:\/\/xstyle.md\/ro\/wp-json\/wp\/v2\/media\/96623"}],"wp:attachment":[{"href":"https:\/\/xstyle.md\/ro\/wp-json\/wp\/v2\/media?parent=96208"}],"wp:term":[{"taxonomy":"product_brand","embeddable":true,"href":"https:\/\/xstyle.md\/ro\/wp-json\/wp\/v2\/product_brand?post=96208"},{"taxonomy":"product_cat","embeddable":true,"href":"https:\/\/xstyle.md\/ro\/wp-json\/wp\/v2\/product_cat?post=96208"},{"taxonomy":"product_tag","embeddable":true,"href":"https:\/\/xstyle.md\/ro\/wp-json\/wp\/v2\/product_tag?post=96208"}],"curies":[{"name":"wp","href":"https:\/\/api.w.org\/{rel}","templated":true}]}}