{"id":96060,"date":"2025-07-28T12:54:54","date_gmt":"2025-07-28T09:54:54","guid":{"rendered":"https:\/\/xstyle.md\/?post_type=product&#038;p=96060"},"modified":"2026-02-25T14:32:21","modified_gmt":"2026-02-25T11:32:21","slug":"velosumka-thule-shield-pannier-17l-black","status":"publish","type":"product","link":"https:\/\/xstyle.md\/ro\/produs\/velosumka-thule-shield-pannier-17l-black\/","title":{"rendered":"Geant\u0103 Thule Shield Pannier 17L black"},"content":{"rendered":"<\/p>\n<p><strong>Thule Shield Pannier 17L<\/strong> &#8212; este o pereche de gen\u021bi de biciclet\u0103 impermeabile, cu un sistem de montare intuitiv, ideale at\u00e2t pentru naveta zilnic\u0103 prin ora\u0219, c\u00e2t \u0219i pentru aventurile lungi pe biciclet\u0103. Acestea ofer\u0103 o protec\u021bie fiabil\u0103 \u00eempotriva ploii \u0219i a noroiului datorit\u0103 gradului ridicat de impermeabilitate (IPX4).<\/p>\n<h3>Particularit\u0103\u021bi<\/h3>\n<ul>\n<li>Construc\u021bia sudat\u0103 \u0219i \u00eenchiderea prin rulare (roll-top) garanteaz\u0103 c\u0103 interiorul r\u0103m\u00e2ne uscat<\/li>\n<li>Se instaleaz\u0103 u\u0219or pe portbagajele de biciclet\u0103 cu diametrul de 8\u201316 mm, f\u0103r\u0103 a necesita adaptoare<\/li>\n<li>Buzunare interioare dedicate pentru documente \u0219i obiecte mici<\/li>\n<li>Puncte de ata\u0219are pentru lumini \u0219i elemente reflectorizante pentru o vizibilitate sporit\u0103 pe timp de noapte<\/li>\n<li>Cureaua de um\u0103r deta\u0219abil\u0103 permite transportul confortabil al gen\u021bii dup\u0103 ce a fost scoas\u0103 de pe biciclet\u0103<\/li>\n<\/ul>\n<h3>Caracteristici<\/h3>\n<ul>\n<li>Volum &#8212; 17 litri<\/li>\n<li>Greutate &#8212; 1.1 kg (o geant\u0103)<\/li>\n<li>Dimensiuni &#8212; 31 x 18 x 31 cm<\/li>\n<li>Clasa de protec\u021bie &#8212; IPX4 (protec\u021bie \u00eempotriva stropilor \u0219i a ploii abundente)<\/li>\n<\/ul>\n<p><\/p>\n<h3>Marca<\/h3>\n<p>THULE - este o companie interna\u021bional\u0103 de top, recunoscut\u0103 la nivel mondial ca produc\u0103tor de top de sisteme de bagaje \u0219i cutii auto. THULE produce produse premium renumite pentru calitatea lor de neegalat, siguran\u021b\u0103, u\u0219urin\u021b\u0103 \u00een utilizare \u0219i design elegant. Produsele THULE sunt potrivite pentru persoanele care se bucur\u0103 de activit\u0103\u021bi \u00een aer liber, sunt pasionate de sport, c\u0103l\u0103toresc mult \u0219i apreciaz\u0103 solu\u021biile bine g\u00e2ndite.<\/p>","protected":false},"excerpt":{"rendered":"<p>\u0411\u0440\u0435\u043d\u0434 THULE \u2013 \u044d\u0442\u043e \u0432\u0435\u0434\u0443\u0449\u0430\u044f \u043c\u0435\u0436\u0434\u0443\u043d\u0430\u0440\u043e\u0434\u043d\u0430\u044f \u043a\u043e\u043c\u043f\u0430\u043d\u0438\u044f, \u043a\u043e\u0442\u043e\u0440\u0430\u044f \u0432\u043e \u0432\u0441\u0451\u043c \u043c\u0438\u0440\u0435 \u043f\u0440\u0438\u0437\u043d\u0430\u043d\u0430 \u043b\u0438\u0434\u0435\u0440\u043e\u043c \u043f\u043e \u043f\u0440\u043e\u0438\u0437\u0432\u043e\u0434\u0441\u0442\u0432\u0443 \u0431\u0430\u0433\u0430\u0436\u043d\u044b\u0445 \u0441\u0438\u0441\u0442\u0435\u043c \u0438 \u0430\u0432\u0442\u043e\u043c\u043e\u0431\u0438\u043b\u044c\u043d\u044b\u0445 \u0431\u043e\u043a\u0441\u043e\u0432. \u041a\u043e\u043c\u043f\u0430\u043d\u0438\u044f THULE \u043f\u0440\u043e\u0438\u0437\u0432\u043e\u0434\u0438\u0442 \u043f\u0440\u043e\u0434\u0443\u043a\u0446\u0438\u044e \u043f\u0440\u0435\u043c\u0438\u0443\u043c-\u043a\u043b\u0430\u0441\u0441\u0430, \u043a\u043e\u0442\u043e\u0440\u0430\u044f \u0441\u043b\u0430\u0432\u0438\u0442\u0441\u044f \u0441\u0432\u043e\u0438\u043c \u043d\u0435\u043f\u0440\u0435\u0432\u0437\u043e\u0439\u0434\u0451\u043d\u043d\u044b\u043c \u043a\u0430\u0447\u0435\u0441\u0442\u0432\u043e\u043c, \u0431\u0435\u0437\u043e\u043f\u0430\u0441\u043d\u043e\u0441\u0442\u044c\u044e, \u043f\u0440\u043e\u0441\u0442\u043e\u0442\u043e\u0439 \u0432 \u044d\u043a\u0441\u043f\u043b\u0443\u0430\u0442\u0430\u0446\u0438\u0438 \u0438 \u0441\u0442\u0438\u043b\u044c\u043d\u044b\u043c \u0434\u0438\u0437\u0430\u0439\u043d\u043e\u043c. \u0422\u043e\u0432\u0430\u0440\u044b THULE \u043f\u043e\u0434\u0445\u043e\u0434\u044f\u0442 \u043b\u044e\u0434\u044f\u043c, \u043a\u043e\u0442\u043e\u0440\u044b\u0435 \u043f\u0440\u0435\u0434\u043f\u043e\u0447\u0438\u0442\u0430\u044e\u0442 \u0430\u043a\u0442\u0438\u0432\u043d\u044b\u0439 \u0432\u0438\u0434 \u043e\u0442\u0434\u044b\u0445\u0430, \u0443\u0432\u043b\u0435\u043a\u0430\u044e\u0442\u0441\u044f \u0441\u043f\u043e\u0440\u0442\u043e\u043c, \u043c\u043d\u043e\u0433\u043e \u043f\u0443\u0442\u0435\u0448\u0435\u0441\u0442\u0432\u0443\u044e\u0442 \u0438 \u0446\u0435\u043d\u044f\u0442 \u043f\u0440\u043e\u0434\u0443\u043c\u0430\u043d\u043d\u044b\u0435 \u0434\u043e \u043c\u0435\u043b\u043e\u0447\u0435\u0439 [&hellip;]<\/p>\n","protected":false},"featured_media":102199,"comment_status":"open","ping_status":"closed","template":"","meta":{"_acf_changed":false,"inline_featured_image":false},"product_brand":[1269],"product_cat":[845],"product_tag":[],"class_list":{"0":"post-96060","1":"product","2":"type-product","3":"status-publish","4":"has-post-thumbnail","6":"product_brand-thule","7":"product_cat-backpacks-velo","9":"first","10":"instock","11":"shipping-taxable","12":"purchasable","13":"product-type-simple"},"acf":[],"yoast_head":"<!-- This site is optimized with the Yoast SEO plugin v27.4 - https:\/\/yoast.com\/product\/yoast-seo-wordpress\/ -->\n<title>\u0412\u0435\u043b\u043e\u0441\u0443\u043c\u043a\u0430 Thule Shield Pannier 17L black - \u041c\u0430\u0433\u0430\u0437\u0438\u043d Xstyle<\/title>\n<meta name=\"robots\" content=\"index, follow, max-snippet:-1, max-image-preview:large, max-video-preview:-1\" \/>\n<link rel=\"canonical\" href=\"https:\/\/xstyle.md\/ro\/produs\/velosumka-thule-shield-pannier-17l-black\/\" \/>\n<meta property=\"og:locale\" content=\"ro_RO\" \/>\n<meta property=\"og:type\" content=\"article\" \/>\n<meta property=\"og:title\" content=\"\u0412\u0435\u043b\u043e\u0441\u0443\u043c\u043a\u0430 Thule Shield Pannier 17L black - \u041c\u0430\u0433\u0430\u0437\u0438\u043d Xstyle\" \/>\n<meta property=\"og:description\" content=\"\u0411\u0440\u0435\u043d\u0434 THULE \u2013 \u044d\u0442\u043e \u0432\u0435\u0434\u0443\u0449\u0430\u044f \u043c\u0435\u0436\u0434\u0443\u043d\u0430\u0440\u043e\u0434\u043d\u0430\u044f \u043a\u043e\u043c\u043f\u0430\u043d\u0438\u044f, \u043a\u043e\u0442\u043e\u0440\u0430\u044f \u0432\u043e \u0432\u0441\u0451\u043c \u043c\u0438\u0440\u0435 \u043f\u0440\u0438\u0437\u043d\u0430\u043d\u0430 \u043b\u0438\u0434\u0435\u0440\u043e\u043c \u043f\u043e \u043f\u0440\u043e\u0438\u0437\u0432\u043e\u0434\u0441\u0442\u0432\u0443 \u0431\u0430\u0433\u0430\u0436\u043d\u044b\u0445 \u0441\u0438\u0441\u0442\u0435\u043c \u0438 \u0430\u0432\u0442\u043e\u043c\u043e\u0431\u0438\u043b\u044c\u043d\u044b\u0445 \u0431\u043e\u043a\u0441\u043e\u0432. \u041a\u043e\u043c\u043f\u0430\u043d\u0438\u044f THULE \u043f\u0440\u043e\u0438\u0437\u0432\u043e\u0434\u0438\u0442 \u043f\u0440\u043e\u0434\u0443\u043a\u0446\u0438\u044e \u043f\u0440\u0435\u043c\u0438\u0443\u043c-\u043a\u043b\u0430\u0441\u0441\u0430, \u043a\u043e\u0442\u043e\u0440\u0430\u044f \u0441\u043b\u0430\u0432\u0438\u0442\u0441\u044f \u0441\u0432\u043e\u0438\u043c \u043d\u0435\u043f\u0440\u0435\u0432\u0437\u043e\u0439\u0434\u0451\u043d\u043d\u044b\u043c \u043a\u0430\u0447\u0435\u0441\u0442\u0432\u043e\u043c, \u0431\u0435\u0437\u043e\u043f\u0430\u0441\u043d\u043e\u0441\u0442\u044c\u044e, \u043f\u0440\u043e\u0441\u0442\u043e\u0442\u043e\u0439 \u0432 \u044d\u043a\u0441\u043f\u043b\u0443\u0430\u0442\u0430\u0446\u0438\u0438 \u0438 \u0441\u0442\u0438\u043b\u044c\u043d\u044b\u043c \u0434\u0438\u0437\u0430\u0439\u043d\u043e\u043c. \u0422\u043e\u0432\u0430\u0440\u044b THULE \u043f\u043e\u0434\u0445\u043e\u0434\u044f\u0442 \u043b\u044e\u0434\u044f\u043c, \u043a\u043e\u0442\u043e\u0440\u044b\u0435 \u043f\u0440\u0435\u0434\u043f\u043e\u0447\u0438\u0442\u0430\u044e\u0442 \u0430\u043a\u0442\u0438\u0432\u043d\u044b\u0439 \u0432\u0438\u0434 \u043e\u0442\u0434\u044b\u0445\u0430, \u0443\u0432\u043b\u0435\u043a\u0430\u044e\u0442\u0441\u044f \u0441\u043f\u043e\u0440\u0442\u043e\u043c, \u043c\u043d\u043e\u0433\u043e \u043f\u0443\u0442\u0435\u0448\u0435\u0441\u0442\u0432\u0443\u044e\u0442 \u0438 \u0446\u0435\u043d\u044f\u0442 \u043f\u0440\u043e\u0434\u0443\u043c\u0430\u043d\u043d\u044b\u0435 \u0434\u043e \u043c\u0435\u043b\u043e\u0447\u0435\u0439 [&hellip;]\" \/>\n<meta property=\"og:url\" content=\"https:\/\/xstyle.md\/ro\/produs\/velosumka-thule-shield-pannier-17l-black\/\" \/>\n<meta property=\"og:site_name\" content=\"\u041c\u0430\u0433\u0430\u0437\u0438\u043d Xstyle\" \/>\n<meta property=\"article:publisher\" content=\"https:\/\/www.facebook.com\/xstylemd\" \/>\n<meta property=\"article:modified_time\" content=\"2026-02-25T11:32:21+00:00\" \/>\n<meta property=\"og:image\" content=\"https:\/\/xstyle.md\/wp-content\/uploads\/2025\/07\/velosumka-thule-shield-pannier-17l-black-4.webp\" \/>\n\t<meta property=\"og:image:width\" content=\"1200\" \/>\n\t<meta property=\"og:image:height\" content=\"1200\" \/>\n\t<meta property=\"og:image:type\" content=\"image\/webp\" \/>\n<meta name=\"twitter:card\" content=\"summary_large_image\" \/>\n<meta name=\"twitter:label1\" content=\"Pre\u021b\" \/>\n\t<meta name=\"twitter:data1\" content=\"1.850&nbsp;MDL\" \/>\n\t<meta name=\"twitter:label2\" content=\"Disponibilitate\" \/>\n\t<meta name=\"twitter:data2\" content=\"\u00cen stoc\" \/>\n<script type=\"application\/ld+json\" class=\"yoast-schema-graph\">{\"@context\":\"https:\\\/\\\/schema.org\",\"@graph\":[{\"@type\":\"WebPage\",\"@id\":\"https:\\\/\\\/xstyle.md\\\/product\\\/velosumka-thule-shield-pannier-17l-black\\\/\",\"url\":\"https:\\\/\\\/xstyle.md\\\/product\\\/velosumka-thule-shield-pannier-17l-black\\\/\",\"name\":\"\u0412\u0435\u043b\u043e\u0441\u0443\u043c\u043a\u0430 Thule Shield Pannier 17L black - \u041c\u0430\u0433\u0430\u0437\u0438\u043d Xstyle\",\"isPartOf\":{\"@id\":\"https:\\\/\\\/xstyle.md\\\/#website\"},\"primaryImageOfPage\":{\"@id\":\"https:\\\/\\\/xstyle.md\\\/product\\\/velosumka-thule-shield-pannier-17l-black\\\/#primaryimage\"},\"image\":{\"@id\":\"https:\\\/\\\/xstyle.md\\\/product\\\/velosumka-thule-shield-pannier-17l-black\\\/#primaryimage\"},\"thumbnailUrl\":\"https:\\\/\\\/xstyle.md\\\/wp-content\\\/uploads\\\/2025\\\/07\\\/velosumka-thule-shield-pannier-17l-black-4.webp\",\"datePublished\":\"2025-07-28T09:54:54+00:00\",\"dateModified\":\"2026-02-25T11:32:21+00:00\",\"breadcrumb\":{\"@id\":\"https:\\\/\\\/xstyle.md\\\/product\\\/velosumka-thule-shield-pannier-17l-black\\\/#breadcrumb\"},\"inLanguage\":\"ro-RO\",\"potentialAction\":[{\"@type\":\"ReadAction\",\"target\":[\"https:\\\/\\\/xstyle.md\\\/product\\\/velosumka-thule-shield-pannier-17l-black\\\/\"]}]},{\"@type\":\"ImageObject\",\"inLanguage\":\"ro-RO\",\"@id\":\"https:\\\/\\\/xstyle.md\\\/product\\\/velosumka-thule-shield-pannier-17l-black\\\/#primaryimage\",\"url\":\"https:\\\/\\\/xstyle.md\\\/wp-content\\\/uploads\\\/2025\\\/07\\\/velosumka-thule-shield-pannier-17l-black-4.webp\",\"contentUrl\":\"https:\\\/\\\/xstyle.md\\\/wp-content\\\/uploads\\\/2025\\\/07\\\/velosumka-thule-shield-pannier-17l-black-4.webp\",\"width\":1200,\"height\":1200,\"caption\":\"\u0412\u0435\u043b\u043e\u0441\u0443\u043c\u043a\u0430 Thule Shield Pannier 17L \u0447\u0435\u0440\u043d\u0430\u044f \u0434\u043b\u044f \u0430\u043a\u0442\u0438\u0432\u043d\u043e\u0433\u043e \u043e\u0442\u0434\u044b\u0445\u0430 \u043a\u0435\u043c\u043f\u0438\u043d\u0433\u0430 \u0438 \u043f\u0443\u0442\u0435\u0448\u0435\u0441\u0442\u0432\u0438\u0439, \u043f\u043e\u0434\u0445\u043e\u0434\u044f\u0449\u0430\u044f \u0434\u043b\u044f \u043e\u0434\u0435\u0436\u0434\u044b, \u043e\u0431\u0443\u0432\u0438 \u0438 \u0441\u043d\u0430\u0440\u044f\u0436\u0435\u043d\u0438\u044f \u0434\u043b\u044f \u0445\u0430\u0439\u043a\u0438\u043d\u0433\u0430 \u0438 \u0430\u043b\u044c\u043f\u0438\u043d\u0438\u0437\u043c\u0430\"},{\"@type\":\"BreadcrumbList\",\"@id\":\"https:\\\/\\\/xstyle.md\\\/product\\\/velosumka-thule-shield-pannier-17l-black\\\/#breadcrumb\",\"itemListElement\":[{\"@type\":\"ListItem\",\"position\":1,\"name\":\"\u0413\u043b\u0430\u0432\u043d\u0430\u044f \u0441\u0442\u0440\u0430\u043d\u0438\u0446\u0430\",\"item\":\"https:\\\/\\\/xstyle.md\\\/\"},{\"@type\":\"ListItem\",\"position\":2,\"name\":\"\u041c\u0430\u0433\u0430\u0437\u0438\u043d\",\"item\":\"https:\\\/\\\/xstyle.md\\\/shop\\\/\"},{\"@type\":\"ListItem\",\"position\":3,\"name\":\"\u0412\u0435\u043b\u043e\u0441\u0443\u043c\u043a\u0430 Thule Shield Pannier 17L black\"}]},{\"@type\":\"WebSite\",\"@id\":\"https:\\\/\\\/xstyle.md\\\/#website\",\"url\":\"https:\\\/\\\/xstyle.md\\\/\",\"name\":\"\u041c\u0430\u0433\u0430\u0437\u0438\u043d Xstyle\",\"description\":\"C\u043d\u0430\u0440\u044f\u0436\u0435\u043d\u0438\u0435 \u0434\u043b\u044f \u0442\u0443\u0440\u0438\u0437\u043c\u0430 \u0438 \u044d\u043a\u0441\u0442\u0440\u0435\u043c\u0430\u043b\u044c\u043d\u044b\u0445 \u0432\u0438\u0434\u043e\u0432 \u0441\u043f\u043e\u0440\u0442\u0430 \u0432 \u041c\u043e\u043b\u0434\u043e\u0432\u0435.. \u0426\u0435\u043d\u044b, \u0444\u043e\u0442\u043e, \u0445\u0430\u0440\u0430\u043a\u0442\u0435\u0440\u0438\u0441\u0442\u0438\u043a\u0438 \u0432 \u041c\u043e\u043b\u0434\u043e\u0432\u0435.\",\"publisher\":{\"@id\":\"https:\\\/\\\/xstyle.md\\\/#organization\"},\"alternateName\":\"X-Style\",\"potentialAction\":[{\"@type\":\"SearchAction\",\"target\":{\"@type\":\"EntryPoint\",\"urlTemplate\":\"https:\\\/\\\/xstyle.md\\\/?s={search_term_string}\"},\"query-input\":{\"@type\":\"PropertyValueSpecification\",\"valueRequired\":true,\"valueName\":\"search_term_string\"}}],\"inLanguage\":\"ro-RO\"},{\"@type\":\"Organization\",\"@id\":\"https:\\\/\\\/xstyle.md\\\/#organization\",\"name\":\"\u041c\u0430\u0433\u0430\u0437\u0438\u043d Xstyle\",\"alternateName\":\"x-style\",\"url\":\"https:\\\/\\\/xstyle.md\\\/\",\"logo\":{\"@type\":\"ImageObject\",\"inLanguage\":\"ro-RO\",\"@id\":\"https:\\\/\\\/xstyle.md\\\/#\\\/schema\\\/logo\\\/image\\\/\",\"url\":\"https:\\\/\\\/xstyle.md\\\/wp-content\\\/uploads\\\/2020\\\/06\\\/logoicon.svg\",\"contentUrl\":\"https:\\\/\\\/xstyle.md\\\/wp-content\\\/uploads\\\/2020\\\/06\\\/logoicon.svg\",\"caption\":\"\u041c\u0430\u0433\u0430\u0437\u0438\u043d Xstyle\"},\"image\":{\"@id\":\"https:\\\/\\\/xstyle.md\\\/#\\\/schema\\\/logo\\\/image\\\/\"},\"sameAs\":[\"https:\\\/\\\/www.facebook.com\\\/xstylemd\",\"https:\\\/\\\/www.instagram.com\\\/xstyle_md\\\/\",\"https:\\\/\\\/t.me\\\/xstyle_outdoor\"],\"hasMerchantReturnPolicy\":{\"@type\":\"MerchantReturnPolicy\",\"merchantReturnLink\":\"https:\\\/\\\/xstyle.md\\\/ro\\\/conditions\\\/\"}}]}<\/script>\n<meta property=\"product:price:amount\" content=\"1850.00\" \/>\n<meta property=\"product:price:currency\" content=\"MDL\" \/>\n<meta property=\"og:availability\" content=\"instock\" \/>\n<meta property=\"product:availability\" content=\"instock\" \/>\n<meta property=\"product:retailer_item_id\" content=\"85854246903\" \/>\n<meta property=\"product:condition\" content=\"new\" \/>\n<!-- \/ Yoast SEO plugin. -->","yoast_head_json":{"title":"\u0412\u0435\u043b\u043e\u0441\u0443\u043c\u043a\u0430 Thule Shield Pannier 17L black - \u041c\u0430\u0433\u0430\u0437\u0438\u043d Xstyle","robots":{"index":"index","follow":"follow","max-snippet":"max-snippet:-1","max-image-preview":"max-image-preview:large","max-video-preview":"max-video-preview:-1"},"canonical":"https:\/\/xstyle.md\/ro\/produs\/velosumka-thule-shield-pannier-17l-black\/","og_locale":"ro_RO","og_type":"article","og_title":"\u0412\u0435\u043b\u043e\u0441\u0443\u043c\u043a\u0430 Thule Shield Pannier 17L black - \u041c\u0430\u0433\u0430\u0437\u0438\u043d Xstyle","og_description":"\u0411\u0440\u0435\u043d\u0434 THULE \u2013 \u044d\u0442\u043e \u0432\u0435\u0434\u0443\u0449\u0430\u044f \u043c\u0435\u0436\u0434\u0443\u043d\u0430\u0440\u043e\u0434\u043d\u0430\u044f \u043a\u043e\u043c\u043f\u0430\u043d\u0438\u044f, \u043a\u043e\u0442\u043e\u0440\u0430\u044f \u0432\u043e \u0432\u0441\u0451\u043c \u043c\u0438\u0440\u0435 \u043f\u0440\u0438\u0437\u043d\u0430\u043d\u0430 \u043b\u0438\u0434\u0435\u0440\u043e\u043c \u043f\u043e \u043f\u0440\u043e\u0438\u0437\u0432\u043e\u0434\u0441\u0442\u0432\u0443 \u0431\u0430\u0433\u0430\u0436\u043d\u044b\u0445 \u0441\u0438\u0441\u0442\u0435\u043c \u0438 \u0430\u0432\u0442\u043e\u043c\u043e\u0431\u0438\u043b\u044c\u043d\u044b\u0445 \u0431\u043e\u043a\u0441\u043e\u0432. \u041a\u043e\u043c\u043f\u0430\u043d\u0438\u044f THULE \u043f\u0440\u043e\u0438\u0437\u0432\u043e\u0434\u0438\u0442 \u043f\u0440\u043e\u0434\u0443\u043a\u0446\u0438\u044e \u043f\u0440\u0435\u043c\u0438\u0443\u043c-\u043a\u043b\u0430\u0441\u0441\u0430, \u043a\u043e\u0442\u043e\u0440\u0430\u044f \u0441\u043b\u0430\u0432\u0438\u0442\u0441\u044f \u0441\u0432\u043e\u0438\u043c \u043d\u0435\u043f\u0440\u0435\u0432\u0437\u043e\u0439\u0434\u0451\u043d\u043d\u044b\u043c \u043a\u0430\u0447\u0435\u0441\u0442\u0432\u043e\u043c, \u0431\u0435\u0437\u043e\u043f\u0430\u0441\u043d\u043e\u0441\u0442\u044c\u044e, \u043f\u0440\u043e\u0441\u0442\u043e\u0442\u043e\u0439 \u0432 \u044d\u043a\u0441\u043f\u043b\u0443\u0430\u0442\u0430\u0446\u0438\u0438 \u0438 \u0441\u0442\u0438\u043b\u044c\u043d\u044b\u043c \u0434\u0438\u0437\u0430\u0439\u043d\u043e\u043c. \u0422\u043e\u0432\u0430\u0440\u044b THULE \u043f\u043e\u0434\u0445\u043e\u0434\u044f\u0442 \u043b\u044e\u0434\u044f\u043c, \u043a\u043e\u0442\u043e\u0440\u044b\u0435 \u043f\u0440\u0435\u0434\u043f\u043e\u0447\u0438\u0442\u0430\u044e\u0442 \u0430\u043a\u0442\u0438\u0432\u043d\u044b\u0439 \u0432\u0438\u0434 \u043e\u0442\u0434\u044b\u0445\u0430, \u0443\u0432\u043b\u0435\u043a\u0430\u044e\u0442\u0441\u044f \u0441\u043f\u043e\u0440\u0442\u043e\u043c, \u043c\u043d\u043e\u0433\u043e \u043f\u0443\u0442\u0435\u0448\u0435\u0441\u0442\u0432\u0443\u044e\u0442 \u0438 \u0446\u0435\u043d\u044f\u0442 \u043f\u0440\u043e\u0434\u0443\u043c\u0430\u043d\u043d\u044b\u0435 \u0434\u043e \u043c\u0435\u043b\u043e\u0447\u0435\u0439 [&hellip;]","og_url":"https:\/\/xstyle.md\/ro\/produs\/velosumka-thule-shield-pannier-17l-black\/","og_site_name":"\u041c\u0430\u0433\u0430\u0437\u0438\u043d Xstyle","article_publisher":"https:\/\/www.facebook.com\/xstylemd","article_modified_time":"2026-02-25T11:32:21+00:00","og_image":[{"width":1200,"height":1200,"url":"https:\/\/xstyle.md\/wp-content\/uploads\/2025\/07\/velosumka-thule-shield-pannier-17l-black-4.webp","type":"image\/webp"}],"twitter_card":"summary_large_image","twitter_misc":{"Pre\u021b":"1.850&nbsp;MDL","Disponibilitate":"\u00cen stoc"},"schema":{"@context":"https:\/\/schema.org","@graph":[{"@type":"WebPage","@id":"https:\/\/xstyle.md\/product\/velosumka-thule-shield-pannier-17l-black\/","url":"https:\/\/xstyle.md\/product\/velosumka-thule-shield-pannier-17l-black\/","name":"\u0412\u0435\u043b\u043e\u0441\u0443\u043c\u043a\u0430 Thule Shield Pannier 17L black - \u041c\u0430\u0433\u0430\u0437\u0438\u043d Xstyle","isPartOf":{"@id":"https:\/\/xstyle.md\/#website"},"primaryImageOfPage":{"@id":"https:\/\/xstyle.md\/product\/velosumka-thule-shield-pannier-17l-black\/#primaryimage"},"image":{"@id":"https:\/\/xstyle.md\/product\/velosumka-thule-shield-pannier-17l-black\/#primaryimage"},"thumbnailUrl":"https:\/\/xstyle.md\/wp-content\/uploads\/2025\/07\/velosumka-thule-shield-pannier-17l-black-4.webp","datePublished":"2025-07-28T09:54:54+00:00","dateModified":"2026-02-25T11:32:21+00:00","breadcrumb":{"@id":"https:\/\/xstyle.md\/product\/velosumka-thule-shield-pannier-17l-black\/#breadcrumb"},"inLanguage":"ro-RO","potentialAction":[{"@type":"ReadAction","target":["https:\/\/xstyle.md\/product\/velosumka-thule-shield-pannier-17l-black\/"]}]},{"@type":"ImageObject","inLanguage":"ro-RO","@id":"https:\/\/xstyle.md\/product\/velosumka-thule-shield-pannier-17l-black\/#primaryimage","url":"https:\/\/xstyle.md\/wp-content\/uploads\/2025\/07\/velosumka-thule-shield-pannier-17l-black-4.webp","contentUrl":"https:\/\/xstyle.md\/wp-content\/uploads\/2025\/07\/velosumka-thule-shield-pannier-17l-black-4.webp","width":1200,"height":1200,"caption":"\u0412\u0435\u043b\u043e\u0441\u0443\u043c\u043a\u0430 Thule Shield Pannier 17L \u0447\u0435\u0440\u043d\u0430\u044f \u0434\u043b\u044f \u0430\u043a\u0442\u0438\u0432\u043d\u043e\u0433\u043e \u043e\u0442\u0434\u044b\u0445\u0430 \u043a\u0435\u043c\u043f\u0438\u043d\u0433\u0430 \u0438 \u043f\u0443\u0442\u0435\u0448\u0435\u0441\u0442\u0432\u0438\u0439, \u043f\u043e\u0434\u0445\u043e\u0434\u044f\u0449\u0430\u044f \u0434\u043b\u044f \u043e\u0434\u0435\u0436\u0434\u044b, \u043e\u0431\u0443\u0432\u0438 \u0438 \u0441\u043d\u0430\u0440\u044f\u0436\u0435\u043d\u0438\u044f \u0434\u043b\u044f \u0445\u0430\u0439\u043a\u0438\u043d\u0433\u0430 \u0438 \u0430\u043b\u044c\u043f\u0438\u043d\u0438\u0437\u043c\u0430"},{"@type":"BreadcrumbList","@id":"https:\/\/xstyle.md\/product\/velosumka-thule-shield-pannier-17l-black\/#breadcrumb","itemListElement":[{"@type":"ListItem","position":1,"name":"\u0413\u043b\u0430\u0432\u043d\u0430\u044f \u0441\u0442\u0440\u0430\u043d\u0438\u0446\u0430","item":"https:\/\/xstyle.md\/"},{"@type":"ListItem","position":2,"name":"\u041c\u0430\u0433\u0430\u0437\u0438\u043d","item":"https:\/\/xstyle.md\/shop\/"},{"@type":"ListItem","position":3,"name":"\u0412\u0435\u043b\u043e\u0441\u0443\u043c\u043a\u0430 Thule Shield Pannier 17L black"}]},{"@type":"WebSite","@id":"https:\/\/xstyle.md\/#website","url":"https:\/\/xstyle.md\/","name":"Magazinul X-Style","description":"Echipamente pentru turism \u0219i sporturi extreme \u00een Moldova. Pre\u021buri, fotografii, caracteristici \u00een Moldova.","publisher":{"@id":"https:\/\/xstyle.md\/#organization"},"alternateName":"X-Style","potentialAction":[{"@type":"SearchAction","target":{"@type":"EntryPoint","urlTemplate":"https:\/\/xstyle.md\/?s={search_term_string}"},"query-input":{"@type":"PropertyValueSpecification","valueRequired":true,"valueName":"search_term_string"}}],"inLanguage":"ro-RO"},{"@type":"Organization","@id":"https:\/\/xstyle.md\/#organization","name":"Magazinul X-Style","alternateName":"x-style","url":"https:\/\/xstyle.md\/","logo":{"@type":"ImageObject","inLanguage":"ro-RO","@id":"https:\/\/xstyle.md\/#\/schema\/logo\/image\/","url":"https:\/\/xstyle.md\/wp-content\/uploads\/2020\/06\/logoicon.svg","contentUrl":"https:\/\/xstyle.md\/wp-content\/uploads\/2020\/06\/logoicon.svg","caption":"\u041c\u0430\u0433\u0430\u0437\u0438\u043d Xstyle"},"image":{"@id":"https:\/\/xstyle.md\/#\/schema\/logo\/image\/"},"sameAs":["https:\/\/www.facebook.com\/xstylemd","https:\/\/www.instagram.com\/xstyle_md\/","https:\/\/t.me\/xstyle_outdoor"],"hasMerchantReturnPolicy":{"@type":"MerchantReturnPolicy","merchantReturnLink":"https:\/\/xstyle.md\/ro\/conditions\/"}}]},"product_price_amount":"1850.00","product_price_currency":"MDL","og_availability":"instock","product_availability":"instock","product_retailer_item_id":"85854246903","product_condition":"new"},"_links":{"self":[{"href":"https:\/\/xstyle.md\/ro\/wp-json\/wp\/v2\/product\/96060","targetHints":{"allow":["GET"]}}],"collection":[{"href":"https:\/\/xstyle.md\/ro\/wp-json\/wp\/v2\/product"}],"about":[{"href":"https:\/\/xstyle.md\/ro\/wp-json\/wp\/v2\/types\/product"}],"replies":[{"embeddable":true,"href":"https:\/\/xstyle.md\/ro\/wp-json\/wp\/v2\/comments?post=96060"}],"wp:featuredmedia":[{"embeddable":true,"href":"https:\/\/xstyle.md\/ro\/wp-json\/wp\/v2\/media\/102199"}],"wp:attachment":[{"href":"https:\/\/xstyle.md\/ro\/wp-json\/wp\/v2\/media?parent=96060"}],"wp:term":[{"taxonomy":"product_brand","embeddable":true,"href":"https:\/\/xstyle.md\/ro\/wp-json\/wp\/v2\/product_brand?post=96060"},{"taxonomy":"product_cat","embeddable":true,"href":"https:\/\/xstyle.md\/ro\/wp-json\/wp\/v2\/product_cat?post=96060"},{"taxonomy":"product_tag","embeddable":true,"href":"https:\/\/xstyle.md\/ro\/wp-json\/wp\/v2\/product_tag?post=96060"}],"curies":[{"name":"wp","href":"https:\/\/api.w.org\/{rel}","templated":true}]}}