{"id":96058,"date":"2025-07-28T12:54:52","date_gmt":"2025-07-28T09:54:52","guid":{"rendered":"https:\/\/xstyle.md\/?post_type=product&#038;p=96058"},"modified":"2026-03-26T18:18:10","modified_gmt":"2026-03-26T15:18:10","slug":"berushi-dlya-plavaniya-abisal-blue-silicone-ear-plugs-nils-aqua","status":"publish","type":"product","link":"https:\/\/xstyle.md\/ro\/produs\/berushi-dlya-plavaniya-abisal-blue-silicone-ear-plugs-nils-aqua\/","title":{"rendered":"Dopuri de urechi pentru \u00eenot Abisal Blue Silicone Ear Plugs Nils Aqua"},"content":{"rendered":"<\/p>\n<p><strong>Abisal Blue Silicone Ear Plugs Nils Aqua<\/strong> &#8212; acestea sunt dopuri de urechi ergonomice concepute pentru a proteja canalele auditive \u00eempotriva p\u0103trunderii apei \u00een timpul \u00eenotului. Modelul se remarc\u0103 prin forma sa special\u0103, care asigur\u0103 o fixare sigur\u0103 \u0219i un nivel ridicat de confort.<\/p>\n<h3>Particularit\u0103\u021bi<\/h3>\n<ul>\n<li>Designul dopurilor este creat pentru a urma c\u00e2t mai precis anatomia pavilionului urechii, prevenind c\u0103derea accidental\u0103 a acestora \u00een timpul mi\u0219c\u0103rilor active<\/li>\n<li>Fabricate din silicon moale de \u00eenalt\u0103 calitate, care se adapteaz\u0103 u\u0219or formei urechii, f\u0103r\u0103 a provoca irita\u021bii sau senza\u021bie de presiune<\/li>\n<li>Bloceaz\u0103 eficient p\u0103trunderea apei, prevenind apari\u021bia otitei \u0219i a disconfortului cauzat de lichidul ajuns \u00een urechea medie<\/li>\n<li>Materialul este u\u0219or de sp\u0103lat \u0219i rezistent la ac\u021biunea apei clorurate din piscin\u0103<\/li>\n<li>Setul include o caset\u0103 special\u0103 din plastic, care protejeaz\u0103 dopurile de murd\u0103rie \u0219i pierdere<\/li>\n<\/ul>\n<h3>Caracteristici<\/h3>\n<ul>\n<li>Material &#8212; 100% silicon<\/li>\n<li>Pachetul include &#8212; o pereche de dopuri + carcas\u0103 compact\u0103 din plastic<\/li>\n<li>Destina\u021bie &#8212; \u00eenot \u00een piscin\u0103 \u0219i ape deschise<\/li>\n<\/ul>\n<p><\/p>\n<h3>Marca<\/h3>\n<p>Spokey - este un brand polonez popular, specializat \u00een produc\u021bia de echipamente pentru sport, fitness \u0219i activit\u0103\u021bi \u00een aer liber. Compania se remarc\u0103 prin produse care combin\u0103 siguran\u021ba, designul modern \u0219i un raport excelent calitate-pre\u021b, fiind accesibile at\u00e2t pentru amatori, c\u00e2t \u0219i pentru pasiona\u021bii de un stil de via\u021b\u0103 activ.<\/p>","protected":false},"excerpt":{"rendered":"<p>\u0411\u0440\u0435\u043d\u0434 Spokey &#8212; \u044d\u0442\u043e \u0438\u0437\u0432\u0435\u0441\u0442\u043d\u044b\u0439 \u043f\u043e\u043b\u044c\u0441\u043a\u0438\u0439 \u0431\u0440\u0435\u043d\u0434, \u043a\u043e\u0442\u043e\u0440\u044b\u0439 \u0441\u043f\u0435\u0446\u0438\u0430\u043b\u0438\u0437\u0438\u0440\u0443\u0435\u0442\u0441\u044f \u043d\u0430 \u043f\u0440\u043e\u0438\u0437\u0432\u043e\u0434\u0441\u0442\u0432\u0435 \u0448\u0438\u0440\u043e\u043a\u043e\u0433\u043e \u0441\u043f\u0435\u043a\u0442\u0440\u0430 \u0442\u043e\u0432\u0430\u0440\u043e\u0432 \u0434\u043b\u044f \u0441\u043f\u043e\u0440\u0442\u0430, \u0442\u0443\u0440\u0438\u0437\u043c\u0430 \u0438 \u0430\u043a\u0442\u0438\u0432\u043d\u043e\u0433\u043e \u043e\u0442\u0434\u044b\u0445\u0430. \u041a\u043e\u043c\u043f\u0430\u043d\u0438\u044f \u0434\u0435\u043b\u0430\u0435\u0442 \u0441\u0442\u0430\u0432\u043a\u0443 \u043d\u0430 \u0441\u043e\u0447\u0435\u0442\u0430\u043d\u0438\u0435 \u0441\u043e\u0432\u0440\u0435\u043c\u0435\u043d\u043d\u043e\u0433\u043e \u0434\u0438\u0437\u0430\u0439\u043d\u0430, \u0431\u0435\u0437\u043e\u043f\u0430\u0441\u043d\u043e\u0441\u0442\u0438 \u0438 \u0434\u043e\u0441\u0442\u0443\u043f\u043d\u043e\u0439 \u0446\u0435\u043d\u044b, \u043f\u0440\u0435\u0434\u043b\u0430\u0433\u0430\u044f \u0432\u0441\u0451: \u043e\u0442 \u0440\u043e\u043b\u0438\u043a\u043e\u0432\u044b\u0445 \u043a\u043e\u043d\u044c\u043a\u043e\u0432 \u0438 \u043a\u043e\u0432\u0440\u0438\u043a\u043e\u0432 \u0434\u043b\u044f \u0439\u043e\u0433\u0438 \u0434\u043e \u043f\u0430\u043b\u0430\u0442\u043e\u043a \u0438 \u0442\u0440\u0435\u043d\u0430\u0436\u0435\u0440\u043e\u0432.<\/p>","protected":false},"featured_media":104269,"comment_status":"open","ping_status":"closed","template":"","meta":{"_acf_changed":false,"inline_featured_image":false},"product_brand":[1425],"product_cat":[1107],"product_tag":[],"class_list":{"0":"post-96058","1":"product","2":"type-product","3":"status-publish","4":"has-post-thumbnail","6":"product_brand-spokey","7":"product_cat-ear-plugs","9":"first","10":"instock","11":"shipping-taxable","12":"purchasable","13":"product-type-simple"},"acf":[],"yoast_head":"<!-- This site is optimized with the Yoast SEO plugin v27.2 - https:\/\/yoast.com\/product\/yoast-seo-wordpress\/ -->\n<title>\u0411\u0435\u0440\u0443\u0448\u0438 \u0434\u043b\u044f \u043f\u043b\u0430\u0432\u0430\u043d\u0438\u044f Abisal Blue Silicone Ear Plugs Nils Aqua - \u041c\u0430\u0433\u0430\u0437\u0438\u043d Xstyle<\/title>\n<meta name=\"robots\" content=\"index, follow, max-snippet:-1, max-image-preview:large, max-video-preview:-1\" \/>\n<link rel=\"canonical\" href=\"https:\/\/xstyle.md\/ro\/produs\/berushi-dlya-plavaniya-abisal-blue-silicone-ear-plugs-nils-aqua\/\" \/>\n<meta property=\"og:locale\" content=\"ro_RO\" \/>\n<meta property=\"og:type\" content=\"article\" \/>\n<meta property=\"og:title\" content=\"\u0411\u0435\u0440\u0443\u0448\u0438 \u0434\u043b\u044f \u043f\u043b\u0430\u0432\u0430\u043d\u0438\u044f Abisal Blue Silicone Ear Plugs Nils Aqua - \u041c\u0430\u0433\u0430\u0437\u0438\u043d Xstyle\" \/>\n<meta property=\"og:description\" content=\"\u0411\u0440\u0435\u043d\u0434 Spokey &#8212; \u044d\u0442\u043e \u0438\u0437\u0432\u0435\u0441\u0442\u043d\u044b\u0439 \u043f\u043e\u043b\u044c\u0441\u043a\u0438\u0439 \u0431\u0440\u0435\u043d\u0434, \u043a\u043e\u0442\u043e\u0440\u044b\u0439 \u0441\u043f\u0435\u0446\u0438\u0430\u043b\u0438\u0437\u0438\u0440\u0443\u0435\u0442\u0441\u044f \u043d\u0430 \u043f\u0440\u043e\u0438\u0437\u0432\u043e\u0434\u0441\u0442\u0432\u0435 \u0448\u0438\u0440\u043e\u043a\u043e\u0433\u043e \u0441\u043f\u0435\u043a\u0442\u0440\u0430 \u0442\u043e\u0432\u0430\u0440\u043e\u0432 \u0434\u043b\u044f \u0441\u043f\u043e\u0440\u0442\u0430, \u0442\u0443\u0440\u0438\u0437\u043c\u0430 \u0438 \u0430\u043a\u0442\u0438\u0432\u043d\u043e\u0433\u043e \u043e\u0442\u0434\u044b\u0445\u0430. \u041a\u043e\u043c\u043f\u0430\u043d\u0438\u044f \u0434\u0435\u043b\u0430\u0435\u0442 \u0441\u0442\u0430\u0432\u043a\u0443 \u043d\u0430 \u0441\u043e\u0447\u0435\u0442\u0430\u043d\u0438\u0435 \u0441\u043e\u0432\u0440\u0435\u043c\u0435\u043d\u043d\u043e\u0433\u043e \u0434\u0438\u0437\u0430\u0439\u043d\u0430, \u0431\u0435\u0437\u043e\u043f\u0430\u0441\u043d\u043e\u0441\u0442\u0438 \u0438 \u0434\u043e\u0441\u0442\u0443\u043f\u043d\u043e\u0439 \u0446\u0435\u043d\u044b, \u043f\u0440\u0435\u0434\u043b\u0430\u0433\u0430\u044f \u0432\u0441\u0451: \u043e\u0442 \u0440\u043e\u043b\u0438\u043a\u043e\u0432\u044b\u0445 \u043a\u043e\u043d\u044c\u043a\u043e\u0432 \u0438 \u043a\u043e\u0432\u0440\u0438\u043a\u043e\u0432 \u0434\u043b\u044f \u0439\u043e\u0433\u0438 \u0434\u043e \u043f\u0430\u043b\u0430\u0442\u043e\u043a \u0438 \u0442\u0440\u0435\u043d\u0430\u0436\u0435\u0440\u043e\u0432.\" \/>\n<meta property=\"og:url\" content=\"https:\/\/xstyle.md\/ro\/produs\/berushi-dlya-plavaniya-abisal-blue-silicone-ear-plugs-nils-aqua\/\" \/>\n<meta property=\"og:site_name\" content=\"\u041c\u0430\u0433\u0430\u0437\u0438\u043d Xstyle\" \/>\n<meta property=\"article:publisher\" content=\"https:\/\/www.facebook.com\/xstylemd\" \/>\n<meta property=\"article:modified_time\" content=\"2026-03-26T15:18:10+00:00\" \/>\n<meta property=\"og:image\" content=\"https:\/\/xstyle.md\/wp-content\/uploads\/2025\/07\/abisal-blue-silicone-ear-plugs-nils-aqua.webp\" \/>\n\t<meta property=\"og:image:width\" content=\"1200\" \/>\n\t<meta property=\"og:image:height\" content=\"1200\" \/>\n\t<meta property=\"og:image:type\" content=\"image\/webp\" \/>\n<meta name=\"twitter:card\" content=\"summary_large_image\" \/>\n<meta name=\"twitter:label1\" content=\"Pre\u021b\" \/>\n\t<meta name=\"twitter:data1\" content=\"95&nbsp;MDL\" \/>\n\t<meta name=\"twitter:label2\" content=\"Disponibilitate\" \/>\n\t<meta name=\"twitter:data2\" content=\"\u00cen stoc\" \/>\n<script type=\"application\/ld+json\" class=\"yoast-schema-graph\">{\"@context\":\"https:\/\/schema.org\",\"@graph\":[{\"@type\":\"WebPage\",\"@id\":\"https:\/\/xstyle.md\/product\/berushi-dlya-plavaniya-abisal-blue-silicone-ear-plugs-nils-aqua\/\",\"url\":\"https:\/\/xstyle.md\/product\/berushi-dlya-plavaniya-abisal-blue-silicone-ear-plugs-nils-aqua\/\",\"name\":\"\u0411\u0435\u0440\u0443\u0448\u0438 \u0434\u043b\u044f \u043f\u043b\u0430\u0432\u0430\u043d\u0438\u044f Abisal Blue Silicone Ear Plugs Nils Aqua - \u041c\u0430\u0433\u0430\u0437\u0438\u043d Xstyle\",\"isPartOf\":{\"@id\":\"https:\/\/xstyle.md\/#website\"},\"primaryImageOfPage\":{\"@id\":\"https:\/\/xstyle.md\/product\/berushi-dlya-plavaniya-abisal-blue-silicone-ear-plugs-nils-aqua\/#primaryimage\"},\"image\":{\"@id\":\"https:\/\/xstyle.md\/product\/berushi-dlya-plavaniya-abisal-blue-silicone-ear-plugs-nils-aqua\/#primaryimage\"},\"thumbnailUrl\":\"https:\/\/xstyle.md\/wp-content\/uploads\/2025\/07\/abisal-blue-silicone-ear-plugs-nils-aqua.webp\",\"datePublished\":\"2025-07-28T09:54:52+00:00\",\"dateModified\":\"2026-03-26T15:18:10+00:00\",\"breadcrumb\":{\"@id\":\"https:\/\/xstyle.md\/product\/berushi-dlya-plavaniya-abisal-blue-silicone-ear-plugs-nils-aqua\/#breadcrumb\"},\"inLanguage\":\"ro-RO\",\"potentialAction\":[{\"@type\":\"ReadAction\",\"target\":[\"https:\/\/xstyle.md\/product\/berushi-dlya-plavaniya-abisal-blue-silicone-ear-plugs-nils-aqua\/\"]}]},{\"@type\":\"ImageObject\",\"inLanguage\":\"ro-RO\",\"@id\":\"https:\/\/xstyle.md\/product\/berushi-dlya-plavaniya-abisal-blue-silicone-ear-plugs-nils-aqua\/#primaryimage\",\"url\":\"https:\/\/xstyle.md\/wp-content\/uploads\/2025\/07\/abisal-blue-silicone-ear-plugs-nils-aqua.webp\",\"contentUrl\":\"https:\/\/xstyle.md\/wp-content\/uploads\/2025\/07\/abisal-blue-silicone-ear-plugs-nils-aqua.webp\",\"width\":1200,\"height\":1200,\"caption\":\"\u041f\u043b\u0430\u0432\u0430\u0442\u0435\u043b\u044c\u043d\u044b\u0435 \u0431\u0435\u0440\u0443\u0448\u0438 Abisal Blue \u0441\u0438\u043b\u0438\u043a\u043e\u043d\u043e\u0432\u044b\u0435 \u0434\u043b\u044f \u0430\u043a\u0442\u0438\u0432\u043d\u043e\u0433\u043e \u043e\u0442\u0434\u044b\u0445\u0430, \u043f\u043e\u0445\u043e\u0434\u043e\u0432 \u0438 \u043f\u0443\u0442\u0435\u0448\u0435\u0441\u0442\u0432\u0438\u0439, \u043e\u0431\u0443\u0432\u044c \u0438 \u044d\u043a\u0438\u043f\u0438\u0440\u043e\u0432\u043a\u0430 \u0434\u043b\u044f \u0430\u043b\u044c\u043f\u0438\u043d\u0438\u0437\u043c\u0430 \u0438 \u0442\u0443\u0440\u0438\u0437\u043c\u0430\"},{\"@type\":\"BreadcrumbList\",\"@id\":\"https:\/\/xstyle.md\/product\/berushi-dlya-plavaniya-abisal-blue-silicone-ear-plugs-nils-aqua\/#breadcrumb\",\"itemListElement\":[{\"@type\":\"ListItem\",\"position\":1,\"name\":\"\u0413\u043b\u0430\u0432\u043d\u0430\u044f \u0441\u0442\u0440\u0430\u043d\u0438\u0446\u0430\",\"item\":\"https:\/\/xstyle.md\/\"},{\"@type\":\"ListItem\",\"position\":2,\"name\":\"\u041c\u0430\u0433\u0430\u0437\u0438\u043d\",\"item\":\"https:\/\/xstyle.md\/shop\/\"},{\"@type\":\"ListItem\",\"position\":3,\"name\":\"\u0411\u0435\u0440\u0443\u0448\u0438 \u0434\u043b\u044f \u043f\u043b\u0430\u0432\u0430\u043d\u0438\u044f Abisal Blue Silicone Ear Plugs Nils Aqua\"}]},{\"@type\":\"WebSite\",\"@id\":\"https:\/\/xstyle.md\/#website\",\"url\":\"https:\/\/xstyle.md\/\",\"name\":\"\u041c\u0430\u0433\u0430\u0437\u0438\u043d Xstyle\",\"description\":\"C\u043d\u0430\u0440\u044f\u0436\u0435\u043d\u0438\u0435 \u0434\u043b\u044f \u0442\u0443\u0440\u0438\u0437\u043c\u0430 \u0438 \u044d\u043a\u0441\u0442\u0440\u0435\u043c\u0430\u043b\u044c\u043d\u044b\u0445 \u0432\u0438\u0434\u043e\u0432 \u0441\u043f\u043e\u0440\u0442\u0430 \u0432 \u041c\u043e\u043b\u0434\u043e\u0432\u0435.. \u0426\u0435\u043d\u044b, \u0444\u043e\u0442\u043e, \u0445\u0430\u0440\u0430\u043a\u0442\u0435\u0440\u0438\u0441\u0442\u0438\u043a\u0438 \u0432 \u041c\u043e\u043b\u0434\u043e\u0432\u0435.\",\"publisher\":{\"@id\":\"https:\/\/xstyle.md\/#organization\"},\"alternateName\":\"X-Style\",\"potentialAction\":[{\"@type\":\"SearchAction\",\"target\":{\"@type\":\"EntryPoint\",\"urlTemplate\":\"https:\/\/xstyle.md\/?s={search_term_string}\"},\"query-input\":{\"@type\":\"PropertyValueSpecification\",\"valueRequired\":true,\"valueName\":\"search_term_string\"}}],\"inLanguage\":\"ro-RO\"},{\"@type\":\"Organization\",\"@id\":\"https:\/\/xstyle.md\/#organization\",\"name\":\"\u041c\u0430\u0433\u0430\u0437\u0438\u043d Xstyle\",\"alternateName\":\"x-style\",\"url\":\"https:\/\/xstyle.md\/\",\"logo\":{\"@type\":\"ImageObject\",\"inLanguage\":\"ro-RO\",\"@id\":\"https:\/\/xstyle.md\/#\/schema\/logo\/image\/\",\"url\":\"https:\/\/xstyle.md\/wp-content\/uploads\/2020\/06\/logoicon.svg\",\"contentUrl\":\"https:\/\/xstyle.md\/wp-content\/uploads\/2020\/06\/logoicon.svg\",\"caption\":\"\u041c\u0430\u0433\u0430\u0437\u0438\u043d Xstyle\"},\"image\":{\"@id\":\"https:\/\/xstyle.md\/#\/schema\/logo\/image\/\"},\"sameAs\":[\"https:\/\/www.facebook.com\/xstylemd\",\"https:\/\/www.instagram.com\/xstyle_md\/\",\"https:\/\/t.me\/xstyle_outdoor\"],\"hasMerchantReturnPolicy\":{\"@type\":\"MerchantReturnPolicy\",\"merchantReturnLink\":\"https:\/\/xstyle.md\/ro\/conditions\/\"}}]}<\/script>\n<meta property=\"product:price:amount\" content=\"95.00\" \/>\n<meta property=\"product:price:currency\" content=\"MDL\" \/>\n<meta property=\"og:availability\" content=\"instock\" \/>\n<meta property=\"product:availability\" content=\"instock\" \/>\n<meta property=\"product:retailer_item_id\" content=\"5907695531541\" \/>\n<meta property=\"product:condition\" content=\"new\" \/>\n<!-- \/ Yoast SEO plugin. -->","yoast_head_json":{"title":"\u0411\u0435\u0440\u0443\u0448\u0438 \u0434\u043b\u044f \u043f\u043b\u0430\u0432\u0430\u043d\u0438\u044f Abisal Blue Silicone Ear Plugs Nils Aqua - \u041c\u0430\u0433\u0430\u0437\u0438\u043d Xstyle","robots":{"index":"index","follow":"follow","max-snippet":"max-snippet:-1","max-image-preview":"max-image-preview:large","max-video-preview":"max-video-preview:-1"},"canonical":"https:\/\/xstyle.md\/ro\/produs\/berushi-dlya-plavaniya-abisal-blue-silicone-ear-plugs-nils-aqua\/","og_locale":"ro_RO","og_type":"article","og_title":"\u0411\u0435\u0440\u0443\u0448\u0438 \u0434\u043b\u044f \u043f\u043b\u0430\u0432\u0430\u043d\u0438\u044f Abisal Blue Silicone Ear Plugs Nils Aqua - \u041c\u0430\u0433\u0430\u0437\u0438\u043d Xstyle","og_description":"\u0411\u0440\u0435\u043d\u0434 Spokey &#8212; \u044d\u0442\u043e \u0438\u0437\u0432\u0435\u0441\u0442\u043d\u044b\u0439 \u043f\u043e\u043b\u044c\u0441\u043a\u0438\u0439 \u0431\u0440\u0435\u043d\u0434, \u043a\u043e\u0442\u043e\u0440\u044b\u0439 \u0441\u043f\u0435\u0446\u0438\u0430\u043b\u0438\u0437\u0438\u0440\u0443\u0435\u0442\u0441\u044f \u043d\u0430 \u043f\u0440\u043e\u0438\u0437\u0432\u043e\u0434\u0441\u0442\u0432\u0435 \u0448\u0438\u0440\u043e\u043a\u043e\u0433\u043e \u0441\u043f\u0435\u043a\u0442\u0440\u0430 \u0442\u043e\u0432\u0430\u0440\u043e\u0432 \u0434\u043b\u044f \u0441\u043f\u043e\u0440\u0442\u0430, \u0442\u0443\u0440\u0438\u0437\u043c\u0430 \u0438 \u0430\u043a\u0442\u0438\u0432\u043d\u043e\u0433\u043e \u043e\u0442\u0434\u044b\u0445\u0430. \u041a\u043e\u043c\u043f\u0430\u043d\u0438\u044f \u0434\u0435\u043b\u0430\u0435\u0442 \u0441\u0442\u0430\u0432\u043a\u0443 \u043d\u0430 \u0441\u043e\u0447\u0435\u0442\u0430\u043d\u0438\u0435 \u0441\u043e\u0432\u0440\u0435\u043c\u0435\u043d\u043d\u043e\u0433\u043e \u0434\u0438\u0437\u0430\u0439\u043d\u0430, \u0431\u0435\u0437\u043e\u043f\u0430\u0441\u043d\u043e\u0441\u0442\u0438 \u0438 \u0434\u043e\u0441\u0442\u0443\u043f\u043d\u043e\u0439 \u0446\u0435\u043d\u044b, \u043f\u0440\u0435\u0434\u043b\u0430\u0433\u0430\u044f \u0432\u0441\u0451: \u043e\u0442 \u0440\u043e\u043b\u0438\u043a\u043e\u0432\u044b\u0445 \u043a\u043e\u043d\u044c\u043a\u043e\u0432 \u0438 \u043a\u043e\u0432\u0440\u0438\u043a\u043e\u0432 \u0434\u043b\u044f \u0439\u043e\u0433\u0438 \u0434\u043e \u043f\u0430\u043b\u0430\u0442\u043e\u043a \u0438 \u0442\u0440\u0435\u043d\u0430\u0436\u0435\u0440\u043e\u0432.","og_url":"https:\/\/xstyle.md\/ro\/produs\/berushi-dlya-plavaniya-abisal-blue-silicone-ear-plugs-nils-aqua\/","og_site_name":"\u041c\u0430\u0433\u0430\u0437\u0438\u043d Xstyle","article_publisher":"https:\/\/www.facebook.com\/xstylemd","article_modified_time":"2026-03-26T15:18:10+00:00","og_image":[{"width":1200,"height":1200,"url":"https:\/\/xstyle.md\/wp-content\/uploads\/2025\/07\/abisal-blue-silicone-ear-plugs-nils-aqua.webp","type":"image\/webp"}],"twitter_card":"summary_large_image","twitter_misc":{"Pre\u021b":"95&nbsp;MDL","Disponibilitate":"\u00cen stoc"},"schema":{"@context":"https:\/\/schema.org","@graph":[{"@type":"WebPage","@id":"https:\/\/xstyle.md\/product\/berushi-dlya-plavaniya-abisal-blue-silicone-ear-plugs-nils-aqua\/","url":"https:\/\/xstyle.md\/product\/berushi-dlya-plavaniya-abisal-blue-silicone-ear-plugs-nils-aqua\/","name":"\u0411\u0435\u0440\u0443\u0448\u0438 \u0434\u043b\u044f \u043f\u043b\u0430\u0432\u0430\u043d\u0438\u044f Abisal Blue Silicone Ear Plugs Nils Aqua - \u041c\u0430\u0433\u0430\u0437\u0438\u043d Xstyle","isPartOf":{"@id":"https:\/\/xstyle.md\/#website"},"primaryImageOfPage":{"@id":"https:\/\/xstyle.md\/product\/berushi-dlya-plavaniya-abisal-blue-silicone-ear-plugs-nils-aqua\/#primaryimage"},"image":{"@id":"https:\/\/xstyle.md\/product\/berushi-dlya-plavaniya-abisal-blue-silicone-ear-plugs-nils-aqua\/#primaryimage"},"thumbnailUrl":"https:\/\/xstyle.md\/wp-content\/uploads\/2025\/07\/abisal-blue-silicone-ear-plugs-nils-aqua.webp","datePublished":"2025-07-28T09:54:52+00:00","dateModified":"2026-03-26T15:18:10+00:00","breadcrumb":{"@id":"https:\/\/xstyle.md\/product\/berushi-dlya-plavaniya-abisal-blue-silicone-ear-plugs-nils-aqua\/#breadcrumb"},"inLanguage":"ro-RO","potentialAction":[{"@type":"ReadAction","target":["https:\/\/xstyle.md\/product\/berushi-dlya-plavaniya-abisal-blue-silicone-ear-plugs-nils-aqua\/"]}]},{"@type":"ImageObject","inLanguage":"ro-RO","@id":"https:\/\/xstyle.md\/product\/berushi-dlya-plavaniya-abisal-blue-silicone-ear-plugs-nils-aqua\/#primaryimage","url":"https:\/\/xstyle.md\/wp-content\/uploads\/2025\/07\/abisal-blue-silicone-ear-plugs-nils-aqua.webp","contentUrl":"https:\/\/xstyle.md\/wp-content\/uploads\/2025\/07\/abisal-blue-silicone-ear-plugs-nils-aqua.webp","width":1200,"height":1200,"caption":"\u041f\u043b\u0430\u0432\u0430\u0442\u0435\u043b\u044c\u043d\u044b\u0435 \u0431\u0435\u0440\u0443\u0448\u0438 Abisal Blue \u0441\u0438\u043b\u0438\u043a\u043e\u043d\u043e\u0432\u044b\u0435 \u0434\u043b\u044f \u0430\u043a\u0442\u0438\u0432\u043d\u043e\u0433\u043e \u043e\u0442\u0434\u044b\u0445\u0430, \u043f\u043e\u0445\u043e\u0434\u043e\u0432 \u0438 \u043f\u0443\u0442\u0435\u0448\u0435\u0441\u0442\u0432\u0438\u0439, \u043e\u0431\u0443\u0432\u044c \u0438 \u044d\u043a\u0438\u043f\u0438\u0440\u043e\u0432\u043a\u0430 \u0434\u043b\u044f \u0430\u043b\u044c\u043f\u0438\u043d\u0438\u0437\u043c\u0430 \u0438 \u0442\u0443\u0440\u0438\u0437\u043c\u0430"},{"@type":"BreadcrumbList","@id":"https:\/\/xstyle.md\/product\/berushi-dlya-plavaniya-abisal-blue-silicone-ear-plugs-nils-aqua\/#breadcrumb","itemListElement":[{"@type":"ListItem","position":1,"name":"\u0413\u043b\u0430\u0432\u043d\u0430\u044f \u0441\u0442\u0440\u0430\u043d\u0438\u0446\u0430","item":"https:\/\/xstyle.md\/"},{"@type":"ListItem","position":2,"name":"\u041c\u0430\u0433\u0430\u0437\u0438\u043d","item":"https:\/\/xstyle.md\/shop\/"},{"@type":"ListItem","position":3,"name":"\u0411\u0435\u0440\u0443\u0448\u0438 \u0434\u043b\u044f \u043f\u043b\u0430\u0432\u0430\u043d\u0438\u044f Abisal Blue Silicone Ear Plugs Nils Aqua"}]},{"@type":"WebSite","@id":"https:\/\/xstyle.md\/#website","url":"https:\/\/xstyle.md\/","name":"Magazinul X-Style","description":"Echipamente pentru turism \u0219i sporturi extreme \u00een Moldova. Pre\u021buri, fotografii, caracteristici \u00een Moldova.","publisher":{"@id":"https:\/\/xstyle.md\/#organization"},"alternateName":"X-Style","potentialAction":[{"@type":"SearchAction","target":{"@type":"EntryPoint","urlTemplate":"https:\/\/xstyle.md\/?s={search_term_string}"},"query-input":{"@type":"PropertyValueSpecification","valueRequired":true,"valueName":"search_term_string"}}],"inLanguage":"ro-RO"},{"@type":"Organization","@id":"https:\/\/xstyle.md\/#organization","name":"Magazinul X-Style","alternateName":"x-style","url":"https:\/\/xstyle.md\/","logo":{"@type":"ImageObject","inLanguage":"ro-RO","@id":"https:\/\/xstyle.md\/#\/schema\/logo\/image\/","url":"https:\/\/xstyle.md\/wp-content\/uploads\/2020\/06\/logoicon.svg","contentUrl":"https:\/\/xstyle.md\/wp-content\/uploads\/2020\/06\/logoicon.svg","caption":"\u041c\u0430\u0433\u0430\u0437\u0438\u043d Xstyle"},"image":{"@id":"https:\/\/xstyle.md\/#\/schema\/logo\/image\/"},"sameAs":["https:\/\/www.facebook.com\/xstylemd","https:\/\/www.instagram.com\/xstyle_md\/","https:\/\/t.me\/xstyle_outdoor"],"hasMerchantReturnPolicy":{"@type":"MerchantReturnPolicy","merchantReturnLink":"https:\/\/xstyle.md\/ro\/conditions\/"}}]},"product_price_amount":"95.00","product_price_currency":"MDL","og_availability":"instock","product_availability":"instock","product_retailer_item_id":"5907695531541","product_condition":"new"},"post_mailing_queue_ids":[],"_links":{"self":[{"href":"https:\/\/xstyle.md\/ro\/wp-json\/wp\/v2\/product\/96058","targetHints":{"allow":["GET"]}}],"collection":[{"href":"https:\/\/xstyle.md\/ro\/wp-json\/wp\/v2\/product"}],"about":[{"href":"https:\/\/xstyle.md\/ro\/wp-json\/wp\/v2\/types\/product"}],"replies":[{"embeddable":true,"href":"https:\/\/xstyle.md\/ro\/wp-json\/wp\/v2\/comments?post=96058"}],"wp:featuredmedia":[{"embeddable":true,"href":"https:\/\/xstyle.md\/ro\/wp-json\/wp\/v2\/media\/104269"}],"wp:attachment":[{"href":"https:\/\/xstyle.md\/ro\/wp-json\/wp\/v2\/media?parent=96058"}],"wp:term":[{"taxonomy":"product_brand","embeddable":true,"href":"https:\/\/xstyle.md\/ro\/wp-json\/wp\/v2\/product_brand?post=96058"},{"taxonomy":"product_cat","embeddable":true,"href":"https:\/\/xstyle.md\/ro\/wp-json\/wp\/v2\/product_cat?post=96058"},{"taxonomy":"product_tag","embeddable":true,"href":"https:\/\/xstyle.md\/ro\/wp-json\/wp\/v2\/product_tag?post=96058"}],"curies":[{"name":"wp","href":"https:\/\/api.w.org\/{rel}","templated":true}]}}