{"id":96014,"date":"2025-07-28T12:54:30","date_gmt":"2025-07-28T09:54:30","guid":{"rendered":"https:\/\/xstyle.md\/?post_type=product&#038;p=96014"},"modified":"2026-03-19T17:36:41","modified_gmt":"2026-03-19T14:36:41","slug":"gril-cadac-safari-chef-30-compact-deluxe","status":"publish","type":"product","link":"https:\/\/xstyle.md\/ro\/produs\/gril-cadac-safari-chef-30-compact-deluxe\/","title":{"rendered":"Gr\u0103tar Cadac Safari Chef 30 Compact Deluxe"},"content":{"rendered":"<p><\/p>\n<p><strong>Gr\u0103tar Cadac Safari Chef 30 Compact Deluxe<\/strong> &#8212; Cadac Safari Chef 30 Compact Deluxe \u2013 gr\u0103tar cu gaz ultra-compact pentru c\u0103l\u0103torii.<\/p>\n<p>Acesta este unul dintre cele mai populare gr\u0103tare pentru camping \u0219i rulote din Marea Britanie. Noul model Safari Chef 30 Compact c\u00e2nt\u0103re\u0219te mai pu\u021bin de 4,3 kg \u0219i se conecteaz\u0103 direct la un cartu\u0219 de gaz de 227 g, ceea ce \u00eel face extrem de practic pentru drume\u021bii, picnicuri \u0219i gr\u0103tare la drum.<\/p>\n<p>Gr\u0103tarul este dotat cu mai multe suprafe\u021be interschimbabile: o gril\u0103 cu \u00eenveli\u0219 ceramic, o plit\u0103 grill neted\u0103 \u0219i un suport pentru ceainice \u0219i oale. Capacul emailat \u00een form\u0103 de cupol\u0103 poate fi utilizat ca oal\u0103, iar setul include un t\u0103vi\u021b\u0103 pentru gr\u0103sime cu orificii pentru flac\u0103r\u0103.<\/p>\n<p>Dispozitivul este echipat cu aprindere piezoelectric\u0103 automat\u0103 \u0219i un sistem de fixare rapid\u0103 a cartu\u0219ului. \u00centregul set se pliaz\u0103 \u00eentr-o geant\u0103 rezistent\u0103 pentru depozitare \u0219i transport facil.<\/p>\n<h3>Caracteristici<\/h3>\n<ul>\n<li>Material - o\u021bel inoxidabil<\/li>\n<li>Combustibil &#8212; gaz<\/li>\n<li>Dimensiuni suprafa\u021b\u0103 de g\u0103tit &#8212; 28 x 28 cm<\/li>\n<li>Dimensiuni totale &#8212; 33 x 33 x 25 cm<\/li>\n<li>Putere termic\u0103 total\u0103 &#8212; 1,8 kW<\/li>\n<li>Greutate &#8212; 4,3 kg<\/li>\n<li>Aprindere piezoelectric\u0103 &#8212; da<\/li>\n<li>Func\u021bie cuptor (capac tip cupol\u0103) &#8212; da<\/li>\n<li>Gr\u0103tar inclus &#8212; da<\/li>\n<li>Capac inclus &#8212; da<\/li>\n<li>Ro\u021bi &#8212; nu<\/li>\n<li>Termometru &#8212; nu<\/li>\n<\/ul>\n<p><\/p>\n<h3>Marca<\/h3>\n<p>Cadac - este un brand de renume mondial, originar din Africa de Sud, care de peste 70 de ani este lider \u00een produc\u021bia de gr\u0103tare cu gaz inovatoare \u0219i modulare. Brandul este renumit pentru conceptul s\u0103u \u201eDometic Cadac\u201d, oferind solu\u021bii versatile pentru g\u0103titul \u00een aer liber, unde un singur gr\u0103tar poate fi transformat cu u\u0219urin\u021b\u0103 \u00een cuptor, plit\u0103 sau tigaie pentru paella.<\/p>","protected":false},"excerpt":{"rendered":"<p>\u0411\u0440\u0435\u043d\u0434 Cadac \u2014 \u044d\u0442\u043e \u0432\u0441\u0435\u043c\u0438\u0440\u043d\u043e \u0438\u0437\u0432\u0435\u0441\u0442\u043d\u044b\u0439 \u0431\u0440\u0435\u043d\u0434 \u0438\u0437 \u042e\u0436\u043d\u043e\u0439 \u0410\u0444\u0440\u0438\u043a\u0438, \u043a\u043e\u0442\u043e\u0440\u044b\u0439 \u0443\u0436\u0435 \u0431\u043e\u043b\u0435\u0435 70 \u043b\u0435\u0442 \u044f\u0432\u043b\u044f\u0435\u0442\u0441\u044f \u043b\u0438\u0434\u0435\u0440\u043e\u043c \u0432 \u043f\u0440\u043e\u0438\u0437\u0432\u043e\u0434\u0441\u0442\u0432\u0435 \u0438\u043d\u043d\u043e\u0432\u0430\u0446\u0438\u043e\u043d\u043d\u044b\u0445 \u0438 \u043c\u043e\u0434\u0443\u043b\u044c\u043d\u044b\u0445 \u0433\u0430\u0437\u043e\u0432\u044b\u0445 \u0433\u0440\u0438\u043b\u0435\u0439. \u0411\u0440\u0435\u043d\u0434 \u0441\u043b\u0430\u0432\u0438\u0442\u0441\u044f \u0441\u0432\u043e\u0435\u0439 \u043a\u043e\u043d\u0446\u0435\u043f\u0446\u0438\u0435\u0439 \u00abDometic Cadac\u00bb, \u043f\u0440\u0435\u0434\u043b\u0430\u0433\u0430\u044f \u0443\u043d\u0438\u0432\u0435\u0440\u0441\u0430\u043b\u044c\u043d\u044b\u0435 \u0440\u0435\u0448\u0435\u043d\u0438\u044f \u0434\u043b\u044f \u043f\u0440\u0438\u0433\u043e\u0442\u043e\u0432\u043b\u0435\u043d\u0438\u044f \u043f\u0438\u0449\u0438 \u043d\u0430 \u043e\u0442\u043a\u0440\u044b\u0442\u043e\u043c \u0432\u043e\u0437\u0434\u0443\u0445\u0435, \u0433\u0434\u0435 \u043e\u0434\u0438\u043d \u0433\u0440\u0438\u043b\u044c \u043c\u043e\u0436\u0435\u0442 \u043b\u0435\u0433\u043a\u043e \u043f\u0440\u0435\u0432\u0440\u0430\u0449\u0430\u0442\u044c\u0441\u044f \u0432 \u0434\u0443\u0445\u043e\u0432\u043a\u0443, \u043f\u043b\u0438\u0442\u0443 \u0438\u043b\u0438 \u0441\u043a\u043e\u0432\u043e\u0440\u043e\u0434\u0443 \u0434\u043b\u044f \u043f\u0430\u044d\u043b\u044c\u0438.<\/p>","protected":false},"featured_media":96363,"comment_status":"open","ping_status":"closed","template":"","meta":{"_acf_changed":false,"inline_featured_image":false},"product_brand":[1418],"product_cat":[896],"product_tag":[],"class_list":{"0":"post-96014","1":"product","2":"type-product","3":"status-publish","4":"has-post-thumbnail","6":"product_brand-cadac","7":"product_cat-mangal","9":"first","10":"instock","11":"shipping-taxable","12":"purchasable","13":"product-type-simple"},"acf":[],"yoast_head":"<!-- This site is optimized with the Yoast SEO plugin v27.2 - https:\/\/yoast.com\/product\/yoast-seo-wordpress\/ -->\n<title>\u0413\u0440\u0438\u043b\u044c Cadac Safari Chef 30 Compact Deluxe - \u041c\u0430\u0433\u0430\u0437\u0438\u043d Xstyle<\/title>\n<meta name=\"robots\" content=\"index, follow, max-snippet:-1, max-image-preview:large, max-video-preview:-1\" \/>\n<link rel=\"canonical\" href=\"https:\/\/xstyle.md\/ro\/produs\/gril-cadac-safari-chef-30-compact-deluxe\/\" \/>\n<meta property=\"og:locale\" content=\"ro_RO\" \/>\n<meta property=\"og:type\" content=\"article\" \/>\n<meta property=\"og:title\" content=\"\u0413\u0440\u0438\u043b\u044c Cadac Safari Chef 30 Compact Deluxe - \u041c\u0430\u0433\u0430\u0437\u0438\u043d Xstyle\" \/>\n<meta property=\"og:description\" content=\"\u0411\u0440\u0435\u043d\u0434 Cadac \u2014 \u044d\u0442\u043e \u0432\u0441\u0435\u043c\u0438\u0440\u043d\u043e \u0438\u0437\u0432\u0435\u0441\u0442\u043d\u044b\u0439 \u0431\u0440\u0435\u043d\u0434 \u0438\u0437 \u042e\u0436\u043d\u043e\u0439 \u0410\u0444\u0440\u0438\u043a\u0438, \u043a\u043e\u0442\u043e\u0440\u044b\u0439 \u0443\u0436\u0435 \u0431\u043e\u043b\u0435\u0435 70 \u043b\u0435\u0442 \u044f\u0432\u043b\u044f\u0435\u0442\u0441\u044f \u043b\u0438\u0434\u0435\u0440\u043e\u043c \u0432 \u043f\u0440\u043e\u0438\u0437\u0432\u043e\u0434\u0441\u0442\u0432\u0435 \u0438\u043d\u043d\u043e\u0432\u0430\u0446\u0438\u043e\u043d\u043d\u044b\u0445 \u0438 \u043c\u043e\u0434\u0443\u043b\u044c\u043d\u044b\u0445 \u0433\u0430\u0437\u043e\u0432\u044b\u0445 \u0433\u0440\u0438\u043b\u0435\u0439. \u0411\u0440\u0435\u043d\u0434 \u0441\u043b\u0430\u0432\u0438\u0442\u0441\u044f \u0441\u0432\u043e\u0435\u0439 \u043a\u043e\u043d\u0446\u0435\u043f\u0446\u0438\u0435\u0439 \u00abDometic Cadac\u00bb, \u043f\u0440\u0435\u0434\u043b\u0430\u0433\u0430\u044f \u0443\u043d\u0438\u0432\u0435\u0440\u0441\u0430\u043b\u044c\u043d\u044b\u0435 \u0440\u0435\u0448\u0435\u043d\u0438\u044f \u0434\u043b\u044f \u043f\u0440\u0438\u0433\u043e\u0442\u043e\u0432\u043b\u0435\u043d\u0438\u044f \u043f\u0438\u0449\u0438 \u043d\u0430 \u043e\u0442\u043a\u0440\u044b\u0442\u043e\u043c \u0432\u043e\u0437\u0434\u0443\u0445\u0435, \u0433\u0434\u0435 \u043e\u0434\u0438\u043d \u0433\u0440\u0438\u043b\u044c \u043c\u043e\u0436\u0435\u0442 \u043b\u0435\u0433\u043a\u043e \u043f\u0440\u0435\u0432\u0440\u0430\u0449\u0430\u0442\u044c\u0441\u044f \u0432 \u0434\u0443\u0445\u043e\u0432\u043a\u0443, \u043f\u043b\u0438\u0442\u0443 \u0438\u043b\u0438 \u0441\u043a\u043e\u0432\u043e\u0440\u043e\u0434\u0443 \u0434\u043b\u044f \u043f\u0430\u044d\u043b\u044c\u0438.\" \/>\n<meta property=\"og:url\" content=\"https:\/\/xstyle.md\/ro\/produs\/gril-cadac-safari-chef-30-compact-deluxe\/\" \/>\n<meta property=\"og:site_name\" content=\"\u041c\u0430\u0433\u0430\u0437\u0438\u043d Xstyle\" \/>\n<meta property=\"article:publisher\" content=\"https:\/\/www.facebook.com\/xstylemd\" \/>\n<meta property=\"article:modified_time\" content=\"2026-03-19T14:36:41+00:00\" \/>\n<meta property=\"og:image\" content=\"https:\/\/xstyle.md\/wp-content\/uploads\/2025\/07\/cadac-safari-chef-30-compact-deluxe.jpg\" \/>\n\t<meta property=\"og:image:width\" content=\"800\" \/>\n\t<meta property=\"og:image:height\" content=\"701\" \/>\n\t<meta property=\"og:image:type\" content=\"image\/jpeg\" \/>\n<meta name=\"twitter:card\" content=\"summary_large_image\" \/>\n<meta name=\"twitter:label1\" content=\"Pre\u021b\" \/>\n\t<meta name=\"twitter:data1\" content=\"3.890&nbsp;MDL\" \/>\n\t<meta name=\"twitter:label2\" content=\"Disponibilitate\" \/>\n\t<meta name=\"twitter:data2\" content=\"\u00cen stoc\" \/>\n<script type=\"application\/ld+json\" class=\"yoast-schema-graph\">{\"@context\":\"https:\/\/schema.org\",\"@graph\":[{\"@type\":\"WebPage\",\"@id\":\"https:\/\/xstyle.md\/product\/gril-cadac-safari-chef-30-compact-deluxe\/\",\"url\":\"https:\/\/xstyle.md\/product\/gril-cadac-safari-chef-30-compact-deluxe\/\",\"name\":\"\u0413\u0440\u0438\u043b\u044c Cadac Safari Chef 30 Compact Deluxe - \u041c\u0430\u0433\u0430\u0437\u0438\u043d Xstyle\",\"isPartOf\":{\"@id\":\"https:\/\/xstyle.md\/#website\"},\"primaryImageOfPage\":{\"@id\":\"https:\/\/xstyle.md\/product\/gril-cadac-safari-chef-30-compact-deluxe\/#primaryimage\"},\"image\":{\"@id\":\"https:\/\/xstyle.md\/product\/gril-cadac-safari-chef-30-compact-deluxe\/#primaryimage\"},\"thumbnailUrl\":\"https:\/\/xstyle.md\/wp-content\/uploads\/2025\/07\/cadac-safari-chef-30-compact-deluxe.jpg\",\"datePublished\":\"2025-07-28T09:54:30+00:00\",\"dateModified\":\"2026-03-19T14:36:41+00:00\",\"breadcrumb\":{\"@id\":\"https:\/\/xstyle.md\/product\/gril-cadac-safari-chef-30-compact-deluxe\/#breadcrumb\"},\"inLanguage\":\"ro-RO\",\"potentialAction\":[{\"@type\":\"ReadAction\",\"target\":[\"https:\/\/xstyle.md\/product\/gril-cadac-safari-chef-30-compact-deluxe\/\"]}]},{\"@type\":\"ImageObject\",\"inLanguage\":\"ro-RO\",\"@id\":\"https:\/\/xstyle.md\/product\/gril-cadac-safari-chef-30-compact-deluxe\/#primaryimage\",\"url\":\"https:\/\/xstyle.md\/wp-content\/uploads\/2025\/07\/cadac-safari-chef-30-compact-deluxe.jpg\",\"contentUrl\":\"https:\/\/xstyle.md\/wp-content\/uploads\/2025\/07\/cadac-safari-chef-30-compact-deluxe.jpg\",\"width\":800,\"height\":701,\"caption\":\"\u0420\u0430\u043d\u0442\u0443\u0440\u043d\u044b\u0439 \u0433\u0440\u0438\u043b\u044c Cadac Safari Chef 30 Compact Deluxe \u0434\u043b\u044f \u0430\u043a\u0442\u0438\u0432\u043d\u043e\u0433\u043e \u043e\u0442\u0434\u044b\u0445\u0430 \u043f\u0443\u0442\u0435\u0448\u0435\u0441\u0442\u0432\u0438\u0439 \u043a\u0435\u043c\u043f\u0438\u043d\u0433\u0430 \u0438 \u043f\u043e\u0445\u043e\u0434\u043e\u0432 \u0441 \u044d\u043a\u0438\u043f\u0438\u0440\u043e\u0432\u043a\u043e\u0439 \u0434\u043b\u044f outdoor activities, \u0441\u043f\u043e\u0440\u0442\u0438\u0432\u043d\u043e\u0439 \u043e\u0434\u0435\u0436\u0434\u044b \u0438 \u043e\u0431\u0443\u0432\u0438\"},{\"@type\":\"BreadcrumbList\",\"@id\":\"https:\/\/xstyle.md\/product\/gril-cadac-safari-chef-30-compact-deluxe\/#breadcrumb\",\"itemListElement\":[{\"@type\":\"ListItem\",\"position\":1,\"name\":\"\u0413\u043b\u0430\u0432\u043d\u0430\u044f \u0441\u0442\u0440\u0430\u043d\u0438\u0446\u0430\",\"item\":\"https:\/\/xstyle.md\/\"},{\"@type\":\"ListItem\",\"position\":2,\"name\":\"\u041c\u0430\u0433\u0430\u0437\u0438\u043d\",\"item\":\"https:\/\/xstyle.md\/shop\/\"},{\"@type\":\"ListItem\",\"position\":3,\"name\":\"\u0413\u0440\u0438\u043b\u044c Cadac Safari Chef 30 Compact Deluxe\"}]},{\"@type\":\"WebSite\",\"@id\":\"https:\/\/xstyle.md\/#website\",\"url\":\"https:\/\/xstyle.md\/\",\"name\":\"\u041c\u0430\u0433\u0430\u0437\u0438\u043d Xstyle\",\"description\":\"C\u043d\u0430\u0440\u044f\u0436\u0435\u043d\u0438\u0435 \u0434\u043b\u044f \u0442\u0443\u0440\u0438\u0437\u043c\u0430 \u0438 \u044d\u043a\u0441\u0442\u0440\u0435\u043c\u0430\u043b\u044c\u043d\u044b\u0445 \u0432\u0438\u0434\u043e\u0432 \u0441\u043f\u043e\u0440\u0442\u0430 \u0432 \u041c\u043e\u043b\u0434\u043e\u0432\u0435.. \u0426\u0435\u043d\u044b, \u0444\u043e\u0442\u043e, \u0445\u0430\u0440\u0430\u043a\u0442\u0435\u0440\u0438\u0441\u0442\u0438\u043a\u0438 \u0432 \u041c\u043e\u043b\u0434\u043e\u0432\u0435.\",\"publisher\":{\"@id\":\"https:\/\/xstyle.md\/#organization\"},\"alternateName\":\"X-Style\",\"potentialAction\":[{\"@type\":\"SearchAction\",\"target\":{\"@type\":\"EntryPoint\",\"urlTemplate\":\"https:\/\/xstyle.md\/?s={search_term_string}\"},\"query-input\":{\"@type\":\"PropertyValueSpecification\",\"valueRequired\":true,\"valueName\":\"search_term_string\"}}],\"inLanguage\":\"ro-RO\"},{\"@type\":\"Organization\",\"@id\":\"https:\/\/xstyle.md\/#organization\",\"name\":\"\u041c\u0430\u0433\u0430\u0437\u0438\u043d Xstyle\",\"alternateName\":\"x-style\",\"url\":\"https:\/\/xstyle.md\/\",\"logo\":{\"@type\":\"ImageObject\",\"inLanguage\":\"ro-RO\",\"@id\":\"https:\/\/xstyle.md\/#\/schema\/logo\/image\/\",\"url\":\"https:\/\/xstyle.md\/wp-content\/uploads\/2020\/06\/logoicon.svg\",\"contentUrl\":\"https:\/\/xstyle.md\/wp-content\/uploads\/2020\/06\/logoicon.svg\",\"caption\":\"\u041c\u0430\u0433\u0430\u0437\u0438\u043d Xstyle\"},\"image\":{\"@id\":\"https:\/\/xstyle.md\/#\/schema\/logo\/image\/\"},\"sameAs\":[\"https:\/\/www.facebook.com\/xstylemd\",\"https:\/\/www.instagram.com\/xstyle_md\/\",\"https:\/\/t.me\/xstyle_outdoor\"],\"hasMerchantReturnPolicy\":{\"@type\":\"MerchantReturnPolicy\",\"merchantReturnLink\":\"https:\/\/xstyle.md\/ro\/conditions\/\"}}]}<\/script>\n<meta property=\"product:price:amount\" content=\"3890.00\" \/>\n<meta property=\"product:price:currency\" content=\"MDL\" \/>\n<meta property=\"og:availability\" content=\"instock\" \/>\n<meta property=\"product:availability\" content=\"instock\" \/>\n<meta property=\"product:retailer_item_id\" content=\"6001773117272\" \/>\n<meta property=\"product:condition\" content=\"new\" \/>\n<!-- \/ Yoast SEO plugin. -->","yoast_head_json":{"title":"\u0413\u0440\u0438\u043b\u044c Cadac Safari Chef 30 Compact Deluxe - \u041c\u0430\u0433\u0430\u0437\u0438\u043d Xstyle","robots":{"index":"index","follow":"follow","max-snippet":"max-snippet:-1","max-image-preview":"max-image-preview:large","max-video-preview":"max-video-preview:-1"},"canonical":"https:\/\/xstyle.md\/ro\/produs\/gril-cadac-safari-chef-30-compact-deluxe\/","og_locale":"ro_RO","og_type":"article","og_title":"\u0413\u0440\u0438\u043b\u044c Cadac Safari Chef 30 Compact Deluxe - \u041c\u0430\u0433\u0430\u0437\u0438\u043d Xstyle","og_description":"\u0411\u0440\u0435\u043d\u0434 Cadac \u2014 \u044d\u0442\u043e \u0432\u0441\u0435\u043c\u0438\u0440\u043d\u043e \u0438\u0437\u0432\u0435\u0441\u0442\u043d\u044b\u0439 \u0431\u0440\u0435\u043d\u0434 \u0438\u0437 \u042e\u0436\u043d\u043e\u0439 \u0410\u0444\u0440\u0438\u043a\u0438, \u043a\u043e\u0442\u043e\u0440\u044b\u0439 \u0443\u0436\u0435 \u0431\u043e\u043b\u0435\u0435 70 \u043b\u0435\u0442 \u044f\u0432\u043b\u044f\u0435\u0442\u0441\u044f \u043b\u0438\u0434\u0435\u0440\u043e\u043c \u0432 \u043f\u0440\u043e\u0438\u0437\u0432\u043e\u0434\u0441\u0442\u0432\u0435 \u0438\u043d\u043d\u043e\u0432\u0430\u0446\u0438\u043e\u043d\u043d\u044b\u0445 \u0438 \u043c\u043e\u0434\u0443\u043b\u044c\u043d\u044b\u0445 \u0433\u0430\u0437\u043e\u0432\u044b\u0445 \u0433\u0440\u0438\u043b\u0435\u0439. \u0411\u0440\u0435\u043d\u0434 \u0441\u043b\u0430\u0432\u0438\u0442\u0441\u044f \u0441\u0432\u043e\u0435\u0439 \u043a\u043e\u043d\u0446\u0435\u043f\u0446\u0438\u0435\u0439 \u00abDometic Cadac\u00bb, \u043f\u0440\u0435\u0434\u043b\u0430\u0433\u0430\u044f \u0443\u043d\u0438\u0432\u0435\u0440\u0441\u0430\u043b\u044c\u043d\u044b\u0435 \u0440\u0435\u0448\u0435\u043d\u0438\u044f \u0434\u043b\u044f \u043f\u0440\u0438\u0433\u043e\u0442\u043e\u0432\u043b\u0435\u043d\u0438\u044f \u043f\u0438\u0449\u0438 \u043d\u0430 \u043e\u0442\u043a\u0440\u044b\u0442\u043e\u043c \u0432\u043e\u0437\u0434\u0443\u0445\u0435, \u0433\u0434\u0435 \u043e\u0434\u0438\u043d \u0433\u0440\u0438\u043b\u044c \u043c\u043e\u0436\u0435\u0442 \u043b\u0435\u0433\u043a\u043e \u043f\u0440\u0435\u0432\u0440\u0430\u0449\u0430\u0442\u044c\u0441\u044f \u0432 \u0434\u0443\u0445\u043e\u0432\u043a\u0443, \u043f\u043b\u0438\u0442\u0443 \u0438\u043b\u0438 \u0441\u043a\u043e\u0432\u043e\u0440\u043e\u0434\u0443 \u0434\u043b\u044f \u043f\u0430\u044d\u043b\u044c\u0438.","og_url":"https:\/\/xstyle.md\/ro\/produs\/gril-cadac-safari-chef-30-compact-deluxe\/","og_site_name":"\u041c\u0430\u0433\u0430\u0437\u0438\u043d Xstyle","article_publisher":"https:\/\/www.facebook.com\/xstylemd","article_modified_time":"2026-03-19T14:36:41+00:00","og_image":[{"width":800,"height":701,"url":"https:\/\/xstyle.md\/wp-content\/uploads\/2025\/07\/cadac-safari-chef-30-compact-deluxe.jpg","type":"image\/jpeg"}],"twitter_card":"summary_large_image","twitter_misc":{"Pre\u021b":"3.890&nbsp;MDL","Disponibilitate":"\u00cen stoc"},"schema":{"@context":"https:\/\/schema.org","@graph":[{"@type":"WebPage","@id":"https:\/\/xstyle.md\/product\/gril-cadac-safari-chef-30-compact-deluxe\/","url":"https:\/\/xstyle.md\/product\/gril-cadac-safari-chef-30-compact-deluxe\/","name":"\u0413\u0440\u0438\u043b\u044c Cadac Safari Chef 30 Compact Deluxe - \u041c\u0430\u0433\u0430\u0437\u0438\u043d Xstyle","isPartOf":{"@id":"https:\/\/xstyle.md\/#website"},"primaryImageOfPage":{"@id":"https:\/\/xstyle.md\/product\/gril-cadac-safari-chef-30-compact-deluxe\/#primaryimage"},"image":{"@id":"https:\/\/xstyle.md\/product\/gril-cadac-safari-chef-30-compact-deluxe\/#primaryimage"},"thumbnailUrl":"https:\/\/xstyle.md\/wp-content\/uploads\/2025\/07\/cadac-safari-chef-30-compact-deluxe.jpg","datePublished":"2025-07-28T09:54:30+00:00","dateModified":"2026-03-19T14:36:41+00:00","breadcrumb":{"@id":"https:\/\/xstyle.md\/product\/gril-cadac-safari-chef-30-compact-deluxe\/#breadcrumb"},"inLanguage":"ro-RO","potentialAction":[{"@type":"ReadAction","target":["https:\/\/xstyle.md\/product\/gril-cadac-safari-chef-30-compact-deluxe\/"]}]},{"@type":"ImageObject","inLanguage":"ro-RO","@id":"https:\/\/xstyle.md\/product\/gril-cadac-safari-chef-30-compact-deluxe\/#primaryimage","url":"https:\/\/xstyle.md\/wp-content\/uploads\/2025\/07\/cadac-safari-chef-30-compact-deluxe.jpg","contentUrl":"https:\/\/xstyle.md\/wp-content\/uploads\/2025\/07\/cadac-safari-chef-30-compact-deluxe.jpg","width":800,"height":701,"caption":"\u0420\u0430\u043d\u0442\u0443\u0440\u043d\u044b\u0439 \u0433\u0440\u0438\u043b\u044c Cadac Safari Chef 30 Compact Deluxe \u0434\u043b\u044f \u0430\u043a\u0442\u0438\u0432\u043d\u043e\u0433\u043e \u043e\u0442\u0434\u044b\u0445\u0430 \u043f\u0443\u0442\u0435\u0448\u0435\u0441\u0442\u0432\u0438\u0439 \u043a\u0435\u043c\u043f\u0438\u043d\u0433\u0430 \u0438 \u043f\u043e\u0445\u043e\u0434\u043e\u0432 \u0441 \u044d\u043a\u0438\u043f\u0438\u0440\u043e\u0432\u043a\u043e\u0439 \u0434\u043b\u044f outdoor activities, \u0441\u043f\u043e\u0440\u0442\u0438\u0432\u043d\u043e\u0439 \u043e\u0434\u0435\u0436\u0434\u044b \u0438 \u043e\u0431\u0443\u0432\u0438"},{"@type":"BreadcrumbList","@id":"https:\/\/xstyle.md\/product\/gril-cadac-safari-chef-30-compact-deluxe\/#breadcrumb","itemListElement":[{"@type":"ListItem","position":1,"name":"\u0413\u043b\u0430\u0432\u043d\u0430\u044f \u0441\u0442\u0440\u0430\u043d\u0438\u0446\u0430","item":"https:\/\/xstyle.md\/"},{"@type":"ListItem","position":2,"name":"\u041c\u0430\u0433\u0430\u0437\u0438\u043d","item":"https:\/\/xstyle.md\/shop\/"},{"@type":"ListItem","position":3,"name":"\u0413\u0440\u0438\u043b\u044c Cadac Safari Chef 30 Compact Deluxe"}]},{"@type":"WebSite","@id":"https:\/\/xstyle.md\/#website","url":"https:\/\/xstyle.md\/","name":"Magazinul X-Style","description":"Echipamente pentru turism \u0219i sporturi extreme \u00een Moldova. Pre\u021buri, fotografii, caracteristici \u00een Moldova.","publisher":{"@id":"https:\/\/xstyle.md\/#organization"},"alternateName":"X-Style","potentialAction":[{"@type":"SearchAction","target":{"@type":"EntryPoint","urlTemplate":"https:\/\/xstyle.md\/?s={search_term_string}"},"query-input":{"@type":"PropertyValueSpecification","valueRequired":true,"valueName":"search_term_string"}}],"inLanguage":"ro-RO"},{"@type":"Organization","@id":"https:\/\/xstyle.md\/#organization","name":"Magazinul X-Style","alternateName":"x-style","url":"https:\/\/xstyle.md\/","logo":{"@type":"ImageObject","inLanguage":"ro-RO","@id":"https:\/\/xstyle.md\/#\/schema\/logo\/image\/","url":"https:\/\/xstyle.md\/wp-content\/uploads\/2020\/06\/logoicon.svg","contentUrl":"https:\/\/xstyle.md\/wp-content\/uploads\/2020\/06\/logoicon.svg","caption":"\u041c\u0430\u0433\u0430\u0437\u0438\u043d Xstyle"},"image":{"@id":"https:\/\/xstyle.md\/#\/schema\/logo\/image\/"},"sameAs":["https:\/\/www.facebook.com\/xstylemd","https:\/\/www.instagram.com\/xstyle_md\/","https:\/\/t.me\/xstyle_outdoor"],"hasMerchantReturnPolicy":{"@type":"MerchantReturnPolicy","merchantReturnLink":"https:\/\/xstyle.md\/ro\/conditions\/"}}]},"product_price_amount":"3890.00","product_price_currency":"MDL","og_availability":"instock","product_availability":"instock","product_retailer_item_id":"6001773117272","product_condition":"new"},"post_mailing_queue_ids":[],"_links":{"self":[{"href":"https:\/\/xstyle.md\/ro\/wp-json\/wp\/v2\/product\/96014","targetHints":{"allow":["GET"]}}],"collection":[{"href":"https:\/\/xstyle.md\/ro\/wp-json\/wp\/v2\/product"}],"about":[{"href":"https:\/\/xstyle.md\/ro\/wp-json\/wp\/v2\/types\/product"}],"replies":[{"embeddable":true,"href":"https:\/\/xstyle.md\/ro\/wp-json\/wp\/v2\/comments?post=96014"}],"wp:featuredmedia":[{"embeddable":true,"href":"https:\/\/xstyle.md\/ro\/wp-json\/wp\/v2\/media\/96363"}],"wp:attachment":[{"href":"https:\/\/xstyle.md\/ro\/wp-json\/wp\/v2\/media?parent=96014"}],"wp:term":[{"taxonomy":"product_brand","embeddable":true,"href":"https:\/\/xstyle.md\/ro\/wp-json\/wp\/v2\/product_brand?post=96014"},{"taxonomy":"product_cat","embeddable":true,"href":"https:\/\/xstyle.md\/ro\/wp-json\/wp\/v2\/product_cat?post=96014"},{"taxonomy":"product_tag","embeddable":true,"href":"https:\/\/xstyle.md\/ro\/wp-json\/wp\/v2\/product_tag?post=96014"}],"curies":[{"name":"wp","href":"https:\/\/api.w.org\/{rel}","templated":true}]}}