{"id":96013,"date":"2025-07-28T12:54:30","date_gmt":"2025-07-28T09:54:30","guid":{"rendered":"https:\/\/xstyle.md\/?post_type=product&#038;p=96013"},"modified":"2026-03-19T17:36:40","modified_gmt":"2026-03-19T14:36:40","slug":"gril-cadac-carri-chef-50-bbq-grill-2-braai-30mbar","status":"publish","type":"product","link":"https:\/\/xstyle.md\/ro\/produs\/gril-cadac-carri-chef-50-bbq-grill-2-braai-30mbar\/","title":{"rendered":"Gr\u0103tar Cadac Carri Chef 50 BBQ + Grill 2 Braai 30mbar"},"content":{"rendered":"<p><\/p>\n<p><strong>Gr\u0103tar Cadac Carri Chef 50 BBQ + Grill 2 Braai 30mbar<\/strong> &#8212; un gr\u0103tar versatil pentru g\u0103tit \u00een aer liber.<\/p>\n<p>U\u0219or de asamblat, confortabil de utilizat \u0219i compact pentru depozitare, acest gr\u0103tar este solu\u021bia ideal\u0103 pentru camping \u0219i activit\u0103\u021bi recreative. Arz\u0103torul rotund din o\u021bel inoxidabil, dotat cu aprindere piezoelectric\u0103, asigur\u0103 o \u00eenc\u0103lzire stabil\u0103 \u0219i un control precis al temperaturii, \u00een timp ce capacul cu indicator transform\u0103 gr\u0103tarul \u00eentr-un adev\u0103rat cuptor pentru coacere.<\/p>\n<p>Setul include o plit\u0103 de tip plancha cu dou\u0103 zone, care permite g\u0103tirea simultan\u0103 a diferitelor preparate: legume, carne, pe\u0219te sau cl\u0103tite. Capacul cu termometru \u0219i arz\u0103torul puternic permit gestionarea facil\u0103 a procesului de preparare.<\/p>\n<p>Gr\u0103tarul utilizeaz\u0103 uleiul \u00een mod economic, p\u0103str\u00e2nd gustul natural al alimentelor. Datorit\u0103 t\u0103vii groase, m\u00e2ncarea r\u0103m\u00e2ne cald\u0103 \u0219i suculent\u0103 chiar \u0219i dup\u0103 oprirea gazului. \u00cempreun\u0103 cu gr\u0103tarul, ve\u021bi primi \u0219i o carte de re\u021bete pentru inspira\u021bie.<\/p>\n<h3>Caracteristici<\/h3>\n<ul>\n<li>Material &#8212; ceramic\u0103, o\u021bel inoxidabil<\/li>\n<li>Combustibil &#8212; gaz<\/li>\n<li>Dimensiuni suprafa\u021b\u0103 de g\u0103tit &#8212; 460 x 460 mm<\/li>\n<li>Dimensiuni totale &#8212; 70 x 70 x 93 cm<\/li>\n<li>Putere termic\u0103 total\u0103 &#8212; 3,7 kW<\/li>\n<li>Consum mediu de gaz &#8212; 270 g\/h<\/li>\n<li>Presiune medie de lucru &#8212; 30 mbar<\/li>\n<li>Greutate &#8212; 12 kg<\/li>\n<li>Aprindere piezoelectric\u0103 &#8212; da<\/li>\n<li>Surs\u0103 gaz &#8212; da<\/li>\n<li>Gr\u0103tar inclus &#8212; da<\/li>\n<li>Capac inclus &#8212; da<\/li>\n<li>Termometru &#8212; da<\/li>\n<\/ul>\n<p><\/p>\n<h3>Marca<\/h3>\n<p>Cadac - este un brand de renume mondial, originar din Africa de Sud, care de peste 70 de ani este lider \u00een produc\u021bia de gr\u0103tare cu gaz inovatoare \u0219i modulare. Brandul este renumit pentru conceptul s\u0103u \u201eDometic Cadac\u201d, oferind solu\u021bii versatile pentru g\u0103titul \u00een aer liber, unde un singur gr\u0103tar poate fi transformat cu u\u0219urin\u021b\u0103 \u00een cuptor, plit\u0103 sau tigaie pentru paella.<\/p>","protected":false},"excerpt":{"rendered":"<p>\u0411\u0440\u0435\u043d\u0434 Cadac \u2014 \u044d\u0442\u043e \u0432\u0441\u0435\u043c\u0438\u0440\u043d\u043e \u0438\u0437\u0432\u0435\u0441\u0442\u043d\u044b\u0439 \u0431\u0440\u0435\u043d\u0434 \u0438\u0437 \u042e\u0436\u043d\u043e\u0439 \u0410\u0444\u0440\u0438\u043a\u0438, \u043a\u043e\u0442\u043e\u0440\u044b\u0439 \u0443\u0436\u0435 \u0431\u043e\u043b\u0435\u0435 70 \u043b\u0435\u0442 \u044f\u0432\u043b\u044f\u0435\u0442\u0441\u044f \u043b\u0438\u0434\u0435\u0440\u043e\u043c \u0432 \u043f\u0440\u043e\u0438\u0437\u0432\u043e\u0434\u0441\u0442\u0432\u0435 \u0438\u043d\u043d\u043e\u0432\u0430\u0446\u0438\u043e\u043d\u043d\u044b\u0445 \u0438 \u043c\u043e\u0434\u0443\u043b\u044c\u043d\u044b\u0445 \u0433\u0430\u0437\u043e\u0432\u044b\u0445 \u0433\u0440\u0438\u043b\u0435\u0439. \u0411\u0440\u0435\u043d\u0434 \u0441\u043b\u0430\u0432\u0438\u0442\u0441\u044f \u0441\u0432\u043e\u0435\u0439 \u043a\u043e\u043d\u0446\u0435\u043f\u0446\u0438\u0435\u0439 \u00abDometic Cadac\u00bb, \u043f\u0440\u0435\u0434\u043b\u0430\u0433\u0430\u044f \u0443\u043d\u0438\u0432\u0435\u0440\u0441\u0430\u043b\u044c\u043d\u044b\u0435 \u0440\u0435\u0448\u0435\u043d\u0438\u044f \u0434\u043b\u044f \u043f\u0440\u0438\u0433\u043e\u0442\u043e\u0432\u043b\u0435\u043d\u0438\u044f \u043f\u0438\u0449\u0438 \u043d\u0430 \u043e\u0442\u043a\u0440\u044b\u0442\u043e\u043c \u0432\u043e\u0437\u0434\u0443\u0445\u0435, \u0433\u0434\u0435 \u043e\u0434\u0438\u043d \u0433\u0440\u0438\u043b\u044c \u043c\u043e\u0436\u0435\u0442 \u043b\u0435\u0433\u043a\u043e \u043f\u0440\u0435\u0432\u0440\u0430\u0449\u0430\u0442\u044c\u0441\u044f \u0432 \u0434\u0443\u0445\u043e\u0432\u043a\u0443, \u043f\u043b\u0438\u0442\u0443 \u0438\u043b\u0438 \u0441\u043a\u043e\u0432\u043e\u0440\u043e\u0434\u0443 \u0434\u043b\u044f \u043f\u0430\u044d\u043b\u044c\u0438.<\/p>","protected":false},"featured_media":96355,"comment_status":"open","ping_status":"closed","template":"","meta":{"_acf_changed":false,"inline_featured_image":false},"product_brand":[1418],"product_cat":[896],"product_tag":[],"class_list":{"0":"post-96013","1":"product","2":"type-product","3":"status-publish","4":"has-post-thumbnail","6":"product_brand-cadac","7":"product_cat-mangal","9":"first","10":"instock","11":"shipping-taxable","12":"purchasable","13":"product-type-simple"},"acf":[],"yoast_head":"<!-- This site is optimized with the Yoast SEO plugin v27.2 - https:\/\/yoast.com\/product\/yoast-seo-wordpress\/ -->\n<title>\u0413\u0440\u0438\u043b\u044c Cadac Carri Chef 50 BBQ + Grill 2 Braai 30mbar - \u041c\u0430\u0433\u0430\u0437\u0438\u043d Xstyle<\/title>\n<meta name=\"robots\" content=\"index, follow, max-snippet:-1, max-image-preview:large, max-video-preview:-1\" \/>\n<link rel=\"canonical\" href=\"https:\/\/xstyle.md\/ro\/produs\/gril-cadac-carri-chef-50-bbq-grill-2-braai-30mbar\/\" \/>\n<meta property=\"og:locale\" content=\"ro_RO\" \/>\n<meta property=\"og:type\" content=\"article\" \/>\n<meta property=\"og:title\" content=\"\u0413\u0440\u0438\u043b\u044c Cadac Carri Chef 50 BBQ + Grill 2 Braai 30mbar - \u041c\u0430\u0433\u0430\u0437\u0438\u043d Xstyle\" \/>\n<meta property=\"og:description\" content=\"\u0411\u0440\u0435\u043d\u0434 Cadac \u2014 \u044d\u0442\u043e \u0432\u0441\u0435\u043c\u0438\u0440\u043d\u043e \u0438\u0437\u0432\u0435\u0441\u0442\u043d\u044b\u0439 \u0431\u0440\u0435\u043d\u0434 \u0438\u0437 \u042e\u0436\u043d\u043e\u0439 \u0410\u0444\u0440\u0438\u043a\u0438, \u043a\u043e\u0442\u043e\u0440\u044b\u0439 \u0443\u0436\u0435 \u0431\u043e\u043b\u0435\u0435 70 \u043b\u0435\u0442 \u044f\u0432\u043b\u044f\u0435\u0442\u0441\u044f \u043b\u0438\u0434\u0435\u0440\u043e\u043c \u0432 \u043f\u0440\u043e\u0438\u0437\u0432\u043e\u0434\u0441\u0442\u0432\u0435 \u0438\u043d\u043d\u043e\u0432\u0430\u0446\u0438\u043e\u043d\u043d\u044b\u0445 \u0438 \u043c\u043e\u0434\u0443\u043b\u044c\u043d\u044b\u0445 \u0433\u0430\u0437\u043e\u0432\u044b\u0445 \u0433\u0440\u0438\u043b\u0435\u0439. \u0411\u0440\u0435\u043d\u0434 \u0441\u043b\u0430\u0432\u0438\u0442\u0441\u044f \u0441\u0432\u043e\u0435\u0439 \u043a\u043e\u043d\u0446\u0435\u043f\u0446\u0438\u0435\u0439 \u00abDometic Cadac\u00bb, \u043f\u0440\u0435\u0434\u043b\u0430\u0433\u0430\u044f \u0443\u043d\u0438\u0432\u0435\u0440\u0441\u0430\u043b\u044c\u043d\u044b\u0435 \u0440\u0435\u0448\u0435\u043d\u0438\u044f \u0434\u043b\u044f \u043f\u0440\u0438\u0433\u043e\u0442\u043e\u0432\u043b\u0435\u043d\u0438\u044f \u043f\u0438\u0449\u0438 \u043d\u0430 \u043e\u0442\u043a\u0440\u044b\u0442\u043e\u043c \u0432\u043e\u0437\u0434\u0443\u0445\u0435, \u0433\u0434\u0435 \u043e\u0434\u0438\u043d \u0433\u0440\u0438\u043b\u044c \u043c\u043e\u0436\u0435\u0442 \u043b\u0435\u0433\u043a\u043e \u043f\u0440\u0435\u0432\u0440\u0430\u0449\u0430\u0442\u044c\u0441\u044f \u0432 \u0434\u0443\u0445\u043e\u0432\u043a\u0443, \u043f\u043b\u0438\u0442\u0443 \u0438\u043b\u0438 \u0441\u043a\u043e\u0432\u043e\u0440\u043e\u0434\u0443 \u0434\u043b\u044f \u043f\u0430\u044d\u043b\u044c\u0438.\" \/>\n<meta property=\"og:url\" content=\"https:\/\/xstyle.md\/ro\/produs\/gril-cadac-carri-chef-50-bbq-grill-2-braai-30mbar\/\" \/>\n<meta property=\"og:site_name\" content=\"\u041c\u0430\u0433\u0430\u0437\u0438\u043d Xstyle\" \/>\n<meta property=\"article:publisher\" content=\"https:\/\/www.facebook.com\/xstylemd\" \/>\n<meta property=\"article:modified_time\" content=\"2026-03-19T14:36:40+00:00\" \/>\n<meta property=\"og:image\" content=\"https:\/\/xstyle.md\/wp-content\/uploads\/2025\/07\/cadac-carri-chef-50-bbq-grill-2-braai-30mbar.png\" \/>\n\t<meta property=\"og:image:width\" content=\"1080\" \/>\n\t<meta property=\"og:image:height\" content=\"1080\" \/>\n\t<meta property=\"og:image:type\" content=\"image\/png\" \/>\n<meta name=\"twitter:card\" content=\"summary_large_image\" \/>\n<meta name=\"twitter:label1\" content=\"Pre\u021b\" \/>\n\t<meta name=\"twitter:data1\" content=\"8.790&nbsp;MDL\" \/>\n\t<meta name=\"twitter:label2\" content=\"Disponibilitate\" \/>\n\t<meta name=\"twitter:data2\" content=\"\u00cen stoc\" \/>\n<script type=\"application\/ld+json\" class=\"yoast-schema-graph\">{\"@context\":\"https:\/\/schema.org\",\"@graph\":[{\"@type\":\"WebPage\",\"@id\":\"https:\/\/xstyle.md\/product\/gril-cadac-carri-chef-50-bbq-grill-2-braai-30mbar\/\",\"url\":\"https:\/\/xstyle.md\/product\/gril-cadac-carri-chef-50-bbq-grill-2-braai-30mbar\/\",\"name\":\"\u0413\u0440\u0438\u043b\u044c Cadac Carri Chef 50 BBQ + Grill 2 Braai 30mbar - \u041c\u0430\u0433\u0430\u0437\u0438\u043d Xstyle\",\"isPartOf\":{\"@id\":\"https:\/\/xstyle.md\/#website\"},\"primaryImageOfPage\":{\"@id\":\"https:\/\/xstyle.md\/product\/gril-cadac-carri-chef-50-bbq-grill-2-braai-30mbar\/#primaryimage\"},\"image\":{\"@id\":\"https:\/\/xstyle.md\/product\/gril-cadac-carri-chef-50-bbq-grill-2-braai-30mbar\/#primaryimage\"},\"thumbnailUrl\":\"https:\/\/xstyle.md\/wp-content\/uploads\/2025\/07\/cadac-carri-chef-50-bbq-grill-2-braai-30mbar.png\",\"datePublished\":\"2025-07-28T09:54:30+00:00\",\"dateModified\":\"2026-03-19T14:36:40+00:00\",\"breadcrumb\":{\"@id\":\"https:\/\/xstyle.md\/product\/gril-cadac-carri-chef-50-bbq-grill-2-braai-30mbar\/#breadcrumb\"},\"inLanguage\":\"ro-RO\",\"potentialAction\":[{\"@type\":\"ReadAction\",\"target\":[\"https:\/\/xstyle.md\/product\/gril-cadac-carri-chef-50-bbq-grill-2-braai-30mbar\/\"]}]},{\"@type\":\"ImageObject\",\"inLanguage\":\"ro-RO\",\"@id\":\"https:\/\/xstyle.md\/product\/gril-cadac-carri-chef-50-bbq-grill-2-braai-30mbar\/#primaryimage\",\"url\":\"https:\/\/xstyle.md\/wp-content\/uploads\/2025\/07\/cadac-carri-chef-50-bbq-grill-2-braai-30mbar.png\",\"contentUrl\":\"https:\/\/xstyle.md\/wp-content\/uploads\/2025\/07\/cadac-carri-chef-50-bbq-grill-2-braai-30mbar.png\",\"width\":1080,\"height\":1080,\"caption\":\"\u041a\u043e\u043c\u043f\u0430\u043a\u0442\u043d\u044b\u0439 \u043f\u043e\u0440\u0442\u0430\u0442\u0438\u0432\u043d\u044b\u0439 \u0433\u0440\u0438\u043b\u044c Cadac Carri Chef 50 \u0434\u043b\u044f \u0430\u043a\u0442\u0438\u0432\u043d\u043e\u0433\u043e \u043e\u0442\u0434\u044b\u0445\u0430, \u043f\u0443\u0442\u0435\u0448\u0435\u0441\u0442\u0432\u0438\u0439 \u0438 \u043a\u0435\u043c\u043f\u0438\u043d\u0433\u0430, \u043f\u043e\u0434\u0445\u043e\u0434\u0438\u0442 \u0434\u043b\u044f \u0441\u0432\u0430\u0434\u0435\u0431, \u043f\u0438\u043a\u043d\u0438\u043a\u043e\u0432, \u043f\u043e\u0445\u043e\u0434\u043e\u0432 \u0438 outdoor \u0430\u043a\u0442\u0438\u0432\u043d\u043e\u0441\u0442\u0435\u0439, \u043f\u0440\u043e\u0434\u0430\u0435\u0442\u0441\u044f \u0432 \u0438\u043d\u0442\u0435\u0440\u043d\u0435\u0442-\u043c\u0430\u0433\u0430\u0437\u0438\u043d\u0435 \u0441\u043f\u043e\u0440\u0442\u0438\u0432\u043d\u043e\u0439 \u0438 \u0442\u0443\u0440\u0438\u0441\u0442\u0438\u0447\u0435\u0441\u043a\u043e\u0439 \u043e\u0434\u0435\u0436\u0434\u044b \u0438 \u043e\u0431\u0443\u0432\u0438\"},{\"@type\":\"BreadcrumbList\",\"@id\":\"https:\/\/xstyle.md\/product\/gril-cadac-carri-chef-50-bbq-grill-2-braai-30mbar\/#breadcrumb\",\"itemListElement\":[{\"@type\":\"ListItem\",\"position\":1,\"name\":\"\u0413\u043b\u0430\u0432\u043d\u0430\u044f \u0441\u0442\u0440\u0430\u043d\u0438\u0446\u0430\",\"item\":\"https:\/\/xstyle.md\/\"},{\"@type\":\"ListItem\",\"position\":2,\"name\":\"\u041c\u0430\u0433\u0430\u0437\u0438\u043d\",\"item\":\"https:\/\/xstyle.md\/shop\/\"},{\"@type\":\"ListItem\",\"position\":3,\"name\":\"\u0413\u0440\u0438\u043b\u044c Cadac Carri Chef 50 BBQ + Grill 2 Braai 30mbar\"}]},{\"@type\":\"WebSite\",\"@id\":\"https:\/\/xstyle.md\/#website\",\"url\":\"https:\/\/xstyle.md\/\",\"name\":\"\u041c\u0430\u0433\u0430\u0437\u0438\u043d Xstyle\",\"description\":\"C\u043d\u0430\u0440\u044f\u0436\u0435\u043d\u0438\u0435 \u0434\u043b\u044f \u0442\u0443\u0440\u0438\u0437\u043c\u0430 \u0438 \u044d\u043a\u0441\u0442\u0440\u0435\u043c\u0430\u043b\u044c\u043d\u044b\u0445 \u0432\u0438\u0434\u043e\u0432 \u0441\u043f\u043e\u0440\u0442\u0430 \u0432 \u041c\u043e\u043b\u0434\u043e\u0432\u0435.. \u0426\u0435\u043d\u044b, \u0444\u043e\u0442\u043e, \u0445\u0430\u0440\u0430\u043a\u0442\u0435\u0440\u0438\u0441\u0442\u0438\u043a\u0438 \u0432 \u041c\u043e\u043b\u0434\u043e\u0432\u0435.\",\"publisher\":{\"@id\":\"https:\/\/xstyle.md\/#organization\"},\"alternateName\":\"X-Style\",\"potentialAction\":[{\"@type\":\"SearchAction\",\"target\":{\"@type\":\"EntryPoint\",\"urlTemplate\":\"https:\/\/xstyle.md\/?s={search_term_string}\"},\"query-input\":{\"@type\":\"PropertyValueSpecification\",\"valueRequired\":true,\"valueName\":\"search_term_string\"}}],\"inLanguage\":\"ro-RO\"},{\"@type\":\"Organization\",\"@id\":\"https:\/\/xstyle.md\/#organization\",\"name\":\"\u041c\u0430\u0433\u0430\u0437\u0438\u043d Xstyle\",\"alternateName\":\"x-style\",\"url\":\"https:\/\/xstyle.md\/\",\"logo\":{\"@type\":\"ImageObject\",\"inLanguage\":\"ro-RO\",\"@id\":\"https:\/\/xstyle.md\/#\/schema\/logo\/image\/\",\"url\":\"https:\/\/xstyle.md\/wp-content\/uploads\/2020\/06\/logoicon.svg\",\"contentUrl\":\"https:\/\/xstyle.md\/wp-content\/uploads\/2020\/06\/logoicon.svg\",\"caption\":\"\u041c\u0430\u0433\u0430\u0437\u0438\u043d Xstyle\"},\"image\":{\"@id\":\"https:\/\/xstyle.md\/#\/schema\/logo\/image\/\"},\"sameAs\":[\"https:\/\/www.facebook.com\/xstylemd\",\"https:\/\/www.instagram.com\/xstyle_md\/\",\"https:\/\/t.me\/xstyle_outdoor\"],\"hasMerchantReturnPolicy\":{\"@type\":\"MerchantReturnPolicy\",\"merchantReturnLink\":\"https:\/\/xstyle.md\/ro\/conditions\/\"}}]}<\/script>\n<meta property=\"product:price:amount\" content=\"8790.00\" \/>\n<meta property=\"product:price:currency\" content=\"MDL\" \/>\n<meta property=\"og:availability\" content=\"instock\" \/>\n<meta property=\"product:availability\" content=\"instock\" \/>\n<meta property=\"product:retailer_item_id\" content=\"6001773120647\" \/>\n<meta property=\"product:condition\" content=\"new\" \/>\n<!-- \/ Yoast SEO plugin. -->","yoast_head_json":{"title":"\u0413\u0440\u0438\u043b\u044c Cadac Carri Chef 50 BBQ + Grill 2 Braai 30mbar - \u041c\u0430\u0433\u0430\u0437\u0438\u043d Xstyle","robots":{"index":"index","follow":"follow","max-snippet":"max-snippet:-1","max-image-preview":"max-image-preview:large","max-video-preview":"max-video-preview:-1"},"canonical":"https:\/\/xstyle.md\/ro\/produs\/gril-cadac-carri-chef-50-bbq-grill-2-braai-30mbar\/","og_locale":"ro_RO","og_type":"article","og_title":"\u0413\u0440\u0438\u043b\u044c Cadac Carri Chef 50 BBQ + Grill 2 Braai 30mbar - \u041c\u0430\u0433\u0430\u0437\u0438\u043d Xstyle","og_description":"\u0411\u0440\u0435\u043d\u0434 Cadac \u2014 \u044d\u0442\u043e \u0432\u0441\u0435\u043c\u0438\u0440\u043d\u043e \u0438\u0437\u0432\u0435\u0441\u0442\u043d\u044b\u0439 \u0431\u0440\u0435\u043d\u0434 \u0438\u0437 \u042e\u0436\u043d\u043e\u0439 \u0410\u0444\u0440\u0438\u043a\u0438, \u043a\u043e\u0442\u043e\u0440\u044b\u0439 \u0443\u0436\u0435 \u0431\u043e\u043b\u0435\u0435 70 \u043b\u0435\u0442 \u044f\u0432\u043b\u044f\u0435\u0442\u0441\u044f \u043b\u0438\u0434\u0435\u0440\u043e\u043c \u0432 \u043f\u0440\u043e\u0438\u0437\u0432\u043e\u0434\u0441\u0442\u0432\u0435 \u0438\u043d\u043d\u043e\u0432\u0430\u0446\u0438\u043e\u043d\u043d\u044b\u0445 \u0438 \u043c\u043e\u0434\u0443\u043b\u044c\u043d\u044b\u0445 \u0433\u0430\u0437\u043e\u0432\u044b\u0445 \u0433\u0440\u0438\u043b\u0435\u0439. \u0411\u0440\u0435\u043d\u0434 \u0441\u043b\u0430\u0432\u0438\u0442\u0441\u044f \u0441\u0432\u043e\u0435\u0439 \u043a\u043e\u043d\u0446\u0435\u043f\u0446\u0438\u0435\u0439 \u00abDometic Cadac\u00bb, \u043f\u0440\u0435\u0434\u043b\u0430\u0433\u0430\u044f \u0443\u043d\u0438\u0432\u0435\u0440\u0441\u0430\u043b\u044c\u043d\u044b\u0435 \u0440\u0435\u0448\u0435\u043d\u0438\u044f \u0434\u043b\u044f \u043f\u0440\u0438\u0433\u043e\u0442\u043e\u0432\u043b\u0435\u043d\u0438\u044f \u043f\u0438\u0449\u0438 \u043d\u0430 \u043e\u0442\u043a\u0440\u044b\u0442\u043e\u043c \u0432\u043e\u0437\u0434\u0443\u0445\u0435, \u0433\u0434\u0435 \u043e\u0434\u0438\u043d \u0433\u0440\u0438\u043b\u044c \u043c\u043e\u0436\u0435\u0442 \u043b\u0435\u0433\u043a\u043e \u043f\u0440\u0435\u0432\u0440\u0430\u0449\u0430\u0442\u044c\u0441\u044f \u0432 \u0434\u0443\u0445\u043e\u0432\u043a\u0443, \u043f\u043b\u0438\u0442\u0443 \u0438\u043b\u0438 \u0441\u043a\u043e\u0432\u043e\u0440\u043e\u0434\u0443 \u0434\u043b\u044f \u043f\u0430\u044d\u043b\u044c\u0438.","og_url":"https:\/\/xstyle.md\/ro\/produs\/gril-cadac-carri-chef-50-bbq-grill-2-braai-30mbar\/","og_site_name":"\u041c\u0430\u0433\u0430\u0437\u0438\u043d Xstyle","article_publisher":"https:\/\/www.facebook.com\/xstylemd","article_modified_time":"2026-03-19T14:36:40+00:00","og_image":[{"width":1080,"height":1080,"url":"https:\/\/xstyle.md\/wp-content\/uploads\/2025\/07\/cadac-carri-chef-50-bbq-grill-2-braai-30mbar.png","type":"image\/png"}],"twitter_card":"summary_large_image","twitter_misc":{"Pre\u021b":"8.790&nbsp;MDL","Disponibilitate":"\u00cen stoc"},"schema":{"@context":"https:\/\/schema.org","@graph":[{"@type":"WebPage","@id":"https:\/\/xstyle.md\/product\/gril-cadac-carri-chef-50-bbq-grill-2-braai-30mbar\/","url":"https:\/\/xstyle.md\/product\/gril-cadac-carri-chef-50-bbq-grill-2-braai-30mbar\/","name":"\u0413\u0440\u0438\u043b\u044c Cadac Carri Chef 50 BBQ + Grill 2 Braai 30mbar - \u041c\u0430\u0433\u0430\u0437\u0438\u043d Xstyle","isPartOf":{"@id":"https:\/\/xstyle.md\/#website"},"primaryImageOfPage":{"@id":"https:\/\/xstyle.md\/product\/gril-cadac-carri-chef-50-bbq-grill-2-braai-30mbar\/#primaryimage"},"image":{"@id":"https:\/\/xstyle.md\/product\/gril-cadac-carri-chef-50-bbq-grill-2-braai-30mbar\/#primaryimage"},"thumbnailUrl":"https:\/\/xstyle.md\/wp-content\/uploads\/2025\/07\/cadac-carri-chef-50-bbq-grill-2-braai-30mbar.png","datePublished":"2025-07-28T09:54:30+00:00","dateModified":"2026-03-19T14:36:40+00:00","breadcrumb":{"@id":"https:\/\/xstyle.md\/product\/gril-cadac-carri-chef-50-bbq-grill-2-braai-30mbar\/#breadcrumb"},"inLanguage":"ro-RO","potentialAction":[{"@type":"ReadAction","target":["https:\/\/xstyle.md\/product\/gril-cadac-carri-chef-50-bbq-grill-2-braai-30mbar\/"]}]},{"@type":"ImageObject","inLanguage":"ro-RO","@id":"https:\/\/xstyle.md\/product\/gril-cadac-carri-chef-50-bbq-grill-2-braai-30mbar\/#primaryimage","url":"https:\/\/xstyle.md\/wp-content\/uploads\/2025\/07\/cadac-carri-chef-50-bbq-grill-2-braai-30mbar.png","contentUrl":"https:\/\/xstyle.md\/wp-content\/uploads\/2025\/07\/cadac-carri-chef-50-bbq-grill-2-braai-30mbar.png","width":1080,"height":1080,"caption":"\u041a\u043e\u043c\u043f\u0430\u043a\u0442\u043d\u044b\u0439 \u043f\u043e\u0440\u0442\u0430\u0442\u0438\u0432\u043d\u044b\u0439 \u0433\u0440\u0438\u043b\u044c Cadac Carri Chef 50 \u0434\u043b\u044f \u0430\u043a\u0442\u0438\u0432\u043d\u043e\u0433\u043e \u043e\u0442\u0434\u044b\u0445\u0430, \u043f\u0443\u0442\u0435\u0448\u0435\u0441\u0442\u0432\u0438\u0439 \u0438 \u043a\u0435\u043c\u043f\u0438\u043d\u0433\u0430, \u043f\u043e\u0434\u0445\u043e\u0434\u0438\u0442 \u0434\u043b\u044f \u0441\u0432\u0430\u0434\u0435\u0431, \u043f\u0438\u043a\u043d\u0438\u043a\u043e\u0432, \u043f\u043e\u0445\u043e\u0434\u043e\u0432 \u0438 outdoor \u0430\u043a\u0442\u0438\u0432\u043d\u043e\u0441\u0442\u0435\u0439, \u043f\u0440\u043e\u0434\u0430\u0435\u0442\u0441\u044f \u0432 \u0438\u043d\u0442\u0435\u0440\u043d\u0435\u0442-\u043c\u0430\u0433\u0430\u0437\u0438\u043d\u0435 \u0441\u043f\u043e\u0440\u0442\u0438\u0432\u043d\u043e\u0439 \u0438 \u0442\u0443\u0440\u0438\u0441\u0442\u0438\u0447\u0435\u0441\u043a\u043e\u0439 \u043e\u0434\u0435\u0436\u0434\u044b \u0438 \u043e\u0431\u0443\u0432\u0438"},{"@type":"BreadcrumbList","@id":"https:\/\/xstyle.md\/product\/gril-cadac-carri-chef-50-bbq-grill-2-braai-30mbar\/#breadcrumb","itemListElement":[{"@type":"ListItem","position":1,"name":"\u0413\u043b\u0430\u0432\u043d\u0430\u044f \u0441\u0442\u0440\u0430\u043d\u0438\u0446\u0430","item":"https:\/\/xstyle.md\/"},{"@type":"ListItem","position":2,"name":"\u041c\u0430\u0433\u0430\u0437\u0438\u043d","item":"https:\/\/xstyle.md\/shop\/"},{"@type":"ListItem","position":3,"name":"\u0413\u0440\u0438\u043b\u044c Cadac Carri Chef 50 BBQ + Grill 2 Braai 30mbar"}]},{"@type":"WebSite","@id":"https:\/\/xstyle.md\/#website","url":"https:\/\/xstyle.md\/","name":"Magazinul X-Style","description":"Echipamente pentru turism \u0219i sporturi extreme \u00een Moldova. Pre\u021buri, fotografii, caracteristici \u00een Moldova.","publisher":{"@id":"https:\/\/xstyle.md\/#organization"},"alternateName":"X-Style","potentialAction":[{"@type":"SearchAction","target":{"@type":"EntryPoint","urlTemplate":"https:\/\/xstyle.md\/?s={search_term_string}"},"query-input":{"@type":"PropertyValueSpecification","valueRequired":true,"valueName":"search_term_string"}}],"inLanguage":"ro-RO"},{"@type":"Organization","@id":"https:\/\/xstyle.md\/#organization","name":"Magazinul X-Style","alternateName":"x-style","url":"https:\/\/xstyle.md\/","logo":{"@type":"ImageObject","inLanguage":"ro-RO","@id":"https:\/\/xstyle.md\/#\/schema\/logo\/image\/","url":"https:\/\/xstyle.md\/wp-content\/uploads\/2020\/06\/logoicon.svg","contentUrl":"https:\/\/xstyle.md\/wp-content\/uploads\/2020\/06\/logoicon.svg","caption":"\u041c\u0430\u0433\u0430\u0437\u0438\u043d Xstyle"},"image":{"@id":"https:\/\/xstyle.md\/#\/schema\/logo\/image\/"},"sameAs":["https:\/\/www.facebook.com\/xstylemd","https:\/\/www.instagram.com\/xstyle_md\/","https:\/\/t.me\/xstyle_outdoor"],"hasMerchantReturnPolicy":{"@type":"MerchantReturnPolicy","merchantReturnLink":"https:\/\/xstyle.md\/ro\/conditions\/"}}]},"product_price_amount":"8790.00","product_price_currency":"MDL","og_availability":"instock","product_availability":"instock","product_retailer_item_id":"6001773120647","product_condition":"new"},"post_mailing_queue_ids":[],"_links":{"self":[{"href":"https:\/\/xstyle.md\/ro\/wp-json\/wp\/v2\/product\/96013","targetHints":{"allow":["GET"]}}],"collection":[{"href":"https:\/\/xstyle.md\/ro\/wp-json\/wp\/v2\/product"}],"about":[{"href":"https:\/\/xstyle.md\/ro\/wp-json\/wp\/v2\/types\/product"}],"replies":[{"embeddable":true,"href":"https:\/\/xstyle.md\/ro\/wp-json\/wp\/v2\/comments?post=96013"}],"wp:featuredmedia":[{"embeddable":true,"href":"https:\/\/xstyle.md\/ro\/wp-json\/wp\/v2\/media\/96355"}],"wp:attachment":[{"href":"https:\/\/xstyle.md\/ro\/wp-json\/wp\/v2\/media?parent=96013"}],"wp:term":[{"taxonomy":"product_brand","embeddable":true,"href":"https:\/\/xstyle.md\/ro\/wp-json\/wp\/v2\/product_brand?post=96013"},{"taxonomy":"product_cat","embeddable":true,"href":"https:\/\/xstyle.md\/ro\/wp-json\/wp\/v2\/product_cat?post=96013"},{"taxonomy":"product_tag","embeddable":true,"href":"https:\/\/xstyle.md\/ro\/wp-json\/wp\/v2\/product_tag?post=96013"}],"curies":[{"name":"wp","href":"https:\/\/api.w.org\/{rel}","templated":true}]}}