{"id":96005,"date":"2025-07-28T12:54:25","date_gmt":"2025-07-28T09:54:25","guid":{"rendered":"https:\/\/xstyle.md\/?post_type=product&#038;p=96005"},"modified":"2025-08-14T14:48:02","modified_gmt":"2025-08-14T11:48:02","slug":"nabor-stopperov-black-diamond-pro-stopper-set-1-13","status":"publish","type":"product","link":"https:\/\/xstyle.md\/ro\/produs\/nabor-stopperov-black-diamond-pro-stopper-set-1-13\/","title":{"rendered":"Accesoriu Black Diamond Pro Stopper Set #1 -13"},"content":{"rendered":"<p>\u041d\u0430\u0431\u043e\u0440 \u0441\u0442\u043e\u043f\u043f\u0435\u0440\u043e\u0432 <strong>Black Diamond Pro \u2116 1\u201313<\/strong> \u043e\u0445\u0432\u0430\u0442\u044b\u0432\u0430\u0435\u0442 \u0432\u0435\u0441\u044c \u0434\u0438\u0430\u043f\u0430\u0437\u043e\u043d \u0440\u0430\u0437\u043c\u0435\u0440\u043e\u0432 \u2014 \u043e\u0442 \u043c\u0438\u043a\u0440\u043e\u0442\u0440\u0435\u0449\u0438\u043d \u0434\u043e \u0449\u0435\u043b\u0435\u0439 \u0442\u043e\u043b\u0449\u0438\u043d\u043e\u0439 \u0432 \u043f\u0430\u043b\u0435\u0446 \u2014 \u0438 \u043e\u0441\u043d\u0430\u0449\u0451\u043d \u043f\u0440\u043e\u0447\u043d\u044b\u043c\u0438 \u0442\u0440\u043e\u0441\u0438\u043a\u0430\u043c\u0438 \u0438\u0437 \u043e\u0446\u0438\u043d\u043a\u043e\u0432\u0430\u043d\u043d\u043e\u0439 \u0441\u0442\u0430\u043b\u0438 \u0434\u043b\u044f \u043d\u0430\u0434\u0451\u0436\u043d\u043e\u0439 \u0441\u0442\u0440\u0430\u0445\u043e\u0432\u043a\u0438. \u0422\u0430\u043a\u043e\u0439 \u043a\u043e\u043c\u043f\u043b\u0435\u043a\u0442 \u0441\u0442\u0430\u043d\u0435\u0442 \u0432\u0430\u0436\u043d\u043e\u0439 \u0447\u0430\u0441\u0442\u044c\u044e \u0432\u0430\u0448\u0435\u0433\u043e \u0430\u043b\u044c\u043f\u0438\u043d\u0438\u0441\u0442\u0441\u043a\u043e\u0433\u043e \u0441\u043d\u0430\u0440\u044f\u0436\u0435\u043d\u0438\u044f.<\/p>\n<h3>Particularit\u0103\u021bi<\/h3>\n<ul>\n<li>\u0423\u043d\u0438\u0432\u0435\u0440\u0441\u0430\u043b\u044c\u043d\u043e\u0435 \u0441\u0435\u0447\u0435\u043d\u0438\u0435 \u043f\u043e\u0437\u0432\u043e\u043b\u044f\u0435\u0442 \u044d\u0444\u0444\u0435\u043a\u0442\u0438\u0432\u043d\u043e \u0440\u0430\u0431\u043e\u0442\u0430\u0442\u044c \u0432 \u0442\u0440\u0435\u0449\u0438\u043d\u0430\u0445 \u0440\u0430\u0437\u043d\u043e\u0433\u043e \u0442\u0438\u043f\u0430<\/li>\n<li>\u0410\u043d\u043e\u0434\u0438\u0440\u043e\u0432\u0430\u043d\u043d\u0430\u044f \u043e\u043a\u0440\u0430\u0441\u043a\u0430 \u0432 \u0440\u0430\u0437\u043d\u044b\u0435 \u0446\u0432\u0435\u0442\u0430 \u043f\u043e \u0440\u0430\u0437\u043c\u0435\u0440\u0430\u043c \u0434\u043b\u044f \u0431\u044b\u0441\u0442\u0440\u043e\u0439 \u0438\u0434\u0435\u043d\u0442\u0438\u0444\u0438\u043a\u0430\u0446\u0438\u0438<\/li>\n<li>\u0421\u043a\u0440\u0443\u0433\u043b\u0451\u043d\u043d\u044b\u0435 \u0433\u0440\u0430\u043d\u0438 \u043e\u0431\u043b\u0435\u0433\u0447\u0430\u044e\u0442 \u0438\u0437\u0432\u043b\u0435\u0447\u0435\u043d\u0438\u0435 (\u043c\u0430\u043b\u044b\u0435 \u0440\u0430\u0437\u043c\u0435\u0440\u044b \u0441 \u043f\u0440\u044f\u043c\u044b\u043c\u0438 \u0433\u0440\u0430\u043d\u044f\u043c\u0438 \u043e\u0431\u0435\u0441\u043f\u0435\u0447\u0438\u0432\u0430\u044e\u0442 \u0431\u043e\u043b\u044c\u0448\u0438\u0439 \u043a\u043e\u043d\u0442\u0430\u043a\u0442 \u0441 \u043f\u043e\u0432\u0435\u0440\u0445\u043d\u043e\u0441\u0442\u044c\u044e)<\/li>\n<li>\u0420\u0430\u0437\u043c\u0435\u0440\u044b #1 \u0438 #2 \u043f\u043e\u0434\u0445\u043e\u0434\u044f\u0442 \u0442\u043e\u043b\u044c\u043a\u043e \u0434\u043b\u044f \u0438\u0441\u043f\u043e\u043b\u044c\u0437\u043e\u0432\u0430\u043d\u0438\u044f \u043a\u0430\u043a \u0442\u043e\u0447\u043a\u0438 \u0438\u0441\u043a\u0443\u0441\u0441\u0442\u0432\u0435\u043d\u043d\u043e\u0439 \u043e\u043f\u043e\u0440\u044b<\/li>\n<\/ul>\n<h3>Complecta\u021bia<\/h3>\n<p><strong>\u041d\u0430\u0433\u0440\u0443\u0437\u043a\u0430 (kN) \/ \u0440\u0430\u0441\u043a\u0440\u044b\u0442\u0438\u0435 (\u043c\u043c) \u043c\u0438\u043a\u0440\u043e-\u0441\u0442\u043e\u043f\u043f\u0435\u0440\u043e\u0432:<\/strong><\/p>\n<ul>\n<li>#1 &#8212; 2 kN \/ 4.3 &#8212; 9.1 \u043c\u043c<\/li>\n<li>#2 &#8212; 2 kN \/ 4.8 &#8212; 9.9 \u043c\u043c<\/li>\n<li>#3 &#8212; 5 kN \/ 6.1 &#8212; 11.4 \u043c\u043c<\/li>\n<li>#4 &#8212; 6 kN \/ 6.9 &#8212; 12.4 \u043c\u043c<\/li>\n<li>#5 &#8212; 6 kN \/ 8.4 &#8212; 13.5 \u043c\u043c<\/li>\n<li>#6 &#8212; 10 kN \/ 10.2 &#8212; 15.5 \u043c\u043c<\/li>\n<li>#7 &#8212; 10 kN \/ 11.7 &#8212; 16.3 \u043c\u043c<\/li>\n<li>#8 &#8212; 10 kN \/ 13.5 &#8212; 18.3 \u043c\u043c<\/li>\n<li>#9 &#8212; 10 kN \/ 15.2 &#8212; 20.8 \u043c\u043c<\/li>\n<li>#10 &#8212; 10 kN \/ 17.3 &#8212; 23.4 \u043c\u043c<\/li>\n<li>#11 &#8212; 10 kN \/ 20.1 &#8212; 26.7 \u043c\u043c<\/li>\n<li>#12 &#8212; 10 kN \/ 21.9 30.5 \u043c\u043c<\/li>\n<li>#12 &#8212; 10 kN \/ 26.4 &#8212; 35.1 \u043c\u043c<\/li>\n<\/ul>\n<h3>Caracteristici<\/h3>\n<ul>\n<li>\u041c\u0430\u0442\u0435\u0440\u0438\u0430\u043b \u0442\u0440\u043e\u0441\u0430 &#8212; \u043e\u0446\u0438\u043d\u043a\u043e\u0432\u0430\u043d\u043d\u0430\u044f \u0441\u0442\u0430\u043b\u044c<\/li>\n<li>\u041c\u0430\u0442\u0435\u0440\u0438\u0430\u043b \u0433\u043e\u043b\u043e\u0432\u043a\u0438 &#8212; \u0430\u043b\u044e\u043c\u0438\u043d\u0438\u0439 \u0441 \u0440\u0430\u0437\u043d\u043e\u0446\u0432\u0435\u0442\u043d\u044b\u043c \u0430\u043d\u043e\u0434\u0438\u0440\u043e\u0432\u0430\u043d\u043d\u044b\u043c \u043f\u043e\u043a\u0440\u044b\u0442\u0438\u0435\u043c<\/li>\n<li>\u0412\u0435\u0441 &#8212; 456 \u0433<\/li>\n<li>\u0421\u0435\u0440\u0442\u0438\u0444\u0438\u043a\u0430\u0446\u0438\u044f &#8212; EN 12270:2013<\/li>\n<\/ul>\n<h3>Marca<\/h3>\n<p>Compania american\u0103 Black Diamond - este crea\u021bia legendarului Yvon Chouinard, un pasionat de escalad\u0103. \u00cencep\u00e2nd cu fabricarea pitoanelor de st\u00e2nc\u0103 pentru uz propriu \u00een forja sa improvizat\u0103, acesta a creat un adev\u0103rat imperiu \u00een lumea outdoor: Chouinard Equipment, Patagonia \u0219i Black Diamond. Ast\u0103zi, Black Diamond este unul dintre cei mai importan\u021bi produc\u0103tori de echipamente pentru freeride, ski-touring, alpinism \u0219i alte sporturi montane, de\u021bin\u00e2nd numeroase tehnologii unice \u0219i premii interna\u021bionale. Recent, portofoliul companiei a fost completat cu o linie de \u00eembr\u0103c\u0103minte tehnic\u0103 Black Diamond.<\/p>","protected":false},"excerpt":{"rendered":"<p>\u041d\u0430\u0431\u043e\u0440 \u0441\u0442\u043e\u043f\u043f\u0435\u0440\u043e\u0432 Black Diamond Pro \u2116 1\u201313 \u043e\u0445\u0432\u0430\u0442\u044b\u0432\u0430\u0435\u0442 \u0432\u0435\u0441\u044c \u0434\u0438\u0430\u043f\u0430\u0437\u043e\u043d \u0440\u0430\u0437\u043c\u0435\u0440\u043e\u0432 \u2014 \u043e\u0442 \u043c\u0438\u043a\u0440\u043e\u0442\u0440\u0435\u0449\u0438\u043d \u0434\u043e \u0449\u0435\u043b\u0435\u0439 \u0442\u043e\u043b\u0449\u0438\u043d\u043e\u0439 \u0432 \u043f\u0430\u043b\u0435\u0446 \u2014 \u0438 \u043e\u0441\u043d\u0430\u0449\u0451\u043d \u043f\u0440\u043e\u0447\u043d\u044b\u043c\u0438 \u0442\u0440\u043e\u0441\u0438\u043a\u0430\u043c\u0438 \u0438\u0437 \u043e\u0446\u0438\u043d\u043a\u043e\u0432\u0430\u043d\u043d\u043e\u0439 \u0441\u0442\u0430\u043b\u0438 \u0434\u043b\u044f \u043d\u0430\u0434\u0451\u0436\u043d\u043e\u0439 \u0441\u0442\u0440\u0430\u0445\u043e\u0432\u043a\u0438. \u0422\u0430\u043a\u043e\u0439 \u043a\u043e\u043c\u043f\u043b\u0435\u043a\u0442 \u0441\u0442\u0430\u043d\u0435\u0442 \u0432\u0430\u0436\u043d\u043e\u0439 \u0447\u0430\u0441\u0442\u044c\u044e \u0432\u0430\u0448\u0435\u0433\u043e \u0430\u043b\u044c\u043f\u0438\u043d\u0438\u0441\u0442\u0441\u043a\u043e\u0433\u043e \u0441\u043d\u0430\u0440\u044f\u0436\u0435\u043d\u0438\u044f. \u041e\u0441\u043e\u0431\u0435\u043d\u043d\u043e\u0441\u0442\u0438 \u0423\u043d\u0438\u0432\u0435\u0440\u0441\u0430\u043b\u044c\u043d\u043e\u0435 \u0441\u0435\u0447\u0435\u043d\u0438\u0435 \u043f\u043e\u0437\u0432\u043e\u043b\u044f\u0435\u0442 \u044d\u0444\u0444\u0435\u043a\u0442\u0438\u0432\u043d\u043e \u0440\u0430\u0431\u043e\u0442\u0430\u0442\u044c \u0432 \u0442\u0440\u0435\u0449\u0438\u043d\u0430\u0445 \u0440\u0430\u0437\u043d\u043e\u0433\u043e \u0442\u0438\u043f\u0430 \u0410\u043d\u043e\u0434\u0438\u0440\u043e\u0432\u0430\u043d\u043d\u0430\u044f \u043e\u043a\u0440\u0430\u0441\u043a\u0430 \u0432 \u0440\u0430\u0437\u043d\u044b\u0435 \u0446\u0432\u0435\u0442\u0430 \u043f\u043e \u0440\u0430\u0437\u043c\u0435\u0440\u0430\u043c [&hellip;]<\/p>\n","protected":false},"featured_media":96168,"comment_status":"open","ping_status":"closed","template":"","meta":{"_acf_changed":false,"inline_featured_image":false},"product_brand":[1306],"product_cat":[328],"product_tag":[],"class_list":{"0":"post-96005","1":"product","2":"type-product","3":"status-publish","4":"has-post-thumbnail","6":"product_brand-black-diamond","7":"product_cat-hooks","9":"first","10":"instock","11":"shipping-taxable","12":"purchasable","13":"product-type-simple"},"acf":[],"yoast_head":"<!-- This site is optimized with the Yoast SEO plugin v27.4 - https:\/\/yoast.com\/product\/yoast-seo-wordpress\/ -->\n<title>\u041d\u0430\u0431\u043e\u0440 \u0441\u0442\u043e\u043f\u043f\u0435\u0440\u043e\u0432 Black Diamond Pro Stopper Set #1 -13 - \u041c\u0430\u0433\u0430\u0437\u0438\u043d Xstyle<\/title>\n<meta name=\"robots\" content=\"index, follow, max-snippet:-1, max-image-preview:large, max-video-preview:-1\" \/>\n<link rel=\"canonical\" href=\"https:\/\/xstyle.md\/ro\/produs\/nabor-stopperov-black-diamond-pro-stopper-set-1-13\/\" \/>\n<meta property=\"og:locale\" content=\"ro_RO\" \/>\n<meta property=\"og:type\" content=\"article\" \/>\n<meta property=\"og:title\" content=\"\u041d\u0430\u0431\u043e\u0440 \u0441\u0442\u043e\u043f\u043f\u0435\u0440\u043e\u0432 Black Diamond Pro Stopper Set #1 -13 - \u041c\u0430\u0433\u0430\u0437\u0438\u043d Xstyle\" \/>\n<meta property=\"og:description\" content=\"\u041d\u0430\u0431\u043e\u0440 \u0441\u0442\u043e\u043f\u043f\u0435\u0440\u043e\u0432 Black Diamond Pro \u2116 1\u201313 \u043e\u0445\u0432\u0430\u0442\u044b\u0432\u0430\u0435\u0442 \u0432\u0435\u0441\u044c \u0434\u0438\u0430\u043f\u0430\u0437\u043e\u043d \u0440\u0430\u0437\u043c\u0435\u0440\u043e\u0432 \u2014 \u043e\u0442 \u043c\u0438\u043a\u0440\u043e\u0442\u0440\u0435\u0449\u0438\u043d \u0434\u043e \u0449\u0435\u043b\u0435\u0439 \u0442\u043e\u043b\u0449\u0438\u043d\u043e\u0439 \u0432 \u043f\u0430\u043b\u0435\u0446 \u2014 \u0438 \u043e\u0441\u043d\u0430\u0449\u0451\u043d \u043f\u0440\u043e\u0447\u043d\u044b\u043c\u0438 \u0442\u0440\u043e\u0441\u0438\u043a\u0430\u043c\u0438 \u0438\u0437 \u043e\u0446\u0438\u043d\u043a\u043e\u0432\u0430\u043d\u043d\u043e\u0439 \u0441\u0442\u0430\u043b\u0438 \u0434\u043b\u044f \u043d\u0430\u0434\u0451\u0436\u043d\u043e\u0439 \u0441\u0442\u0440\u0430\u0445\u043e\u0432\u043a\u0438. \u0422\u0430\u043a\u043e\u0439 \u043a\u043e\u043c\u043f\u043b\u0435\u043a\u0442 \u0441\u0442\u0430\u043d\u0435\u0442 \u0432\u0430\u0436\u043d\u043e\u0439 \u0447\u0430\u0441\u0442\u044c\u044e \u0432\u0430\u0448\u0435\u0433\u043e \u0430\u043b\u044c\u043f\u0438\u043d\u0438\u0441\u0442\u0441\u043a\u043e\u0433\u043e \u0441\u043d\u0430\u0440\u044f\u0436\u0435\u043d\u0438\u044f. \u041e\u0441\u043e\u0431\u0435\u043d\u043d\u043e\u0441\u0442\u0438 \u0423\u043d\u0438\u0432\u0435\u0440\u0441\u0430\u043b\u044c\u043d\u043e\u0435 \u0441\u0435\u0447\u0435\u043d\u0438\u0435 \u043f\u043e\u0437\u0432\u043e\u043b\u044f\u0435\u0442 \u044d\u0444\u0444\u0435\u043a\u0442\u0438\u0432\u043d\u043e \u0440\u0430\u0431\u043e\u0442\u0430\u0442\u044c \u0432 \u0442\u0440\u0435\u0449\u0438\u043d\u0430\u0445 \u0440\u0430\u0437\u043d\u043e\u0433\u043e \u0442\u0438\u043f\u0430 \u0410\u043d\u043e\u0434\u0438\u0440\u043e\u0432\u0430\u043d\u043d\u0430\u044f \u043e\u043a\u0440\u0430\u0441\u043a\u0430 \u0432 \u0440\u0430\u0437\u043d\u044b\u0435 \u0446\u0432\u0435\u0442\u0430 \u043f\u043e \u0440\u0430\u0437\u043c\u0435\u0440\u0430\u043c [&hellip;]\" \/>\n<meta property=\"og:url\" content=\"https:\/\/xstyle.md\/ro\/produs\/nabor-stopperov-black-diamond-pro-stopper-set-1-13\/\" \/>\n<meta property=\"og:site_name\" content=\"\u041c\u0430\u0433\u0430\u0437\u0438\u043d Xstyle\" \/>\n<meta property=\"article:publisher\" content=\"https:\/\/www.facebook.com\/xstylemd\" \/>\n<meta property=\"article:modified_time\" content=\"2025-08-14T11:48:02+00:00\" \/>\n<meta property=\"og:image\" content=\"https:\/\/xstyle.md\/wp-content\/uploads\/2025\/07\/black-diamond-pro-stopper-set-1-13.webp\" \/>\n\t<meta property=\"og:image:width\" content=\"1000\" \/>\n\t<meta property=\"og:image:height\" content=\"931\" \/>\n\t<meta property=\"og:image:type\" content=\"image\/webp\" \/>\n<meta name=\"twitter:card\" content=\"summary_large_image\" \/>\n<meta name=\"twitter:label1\" content=\"Pre\u021b\" \/>\n\t<meta name=\"twitter:data1\" content=\"3.350&nbsp;MDL\" \/>\n\t<meta name=\"twitter:label2\" content=\"Disponibilitate\" \/>\n\t<meta name=\"twitter:data2\" content=\"\u00cen stoc\" \/>\n<script type=\"application\/ld+json\" class=\"yoast-schema-graph\">{\"@context\":\"https:\\\/\\\/schema.org\",\"@graph\":[{\"@type\":\"WebPage\",\"@id\":\"https:\\\/\\\/xstyle.md\\\/product\\\/nabor-stopperov-black-diamond-pro-stopper-set-1-13\\\/\",\"url\":\"https:\\\/\\\/xstyle.md\\\/product\\\/nabor-stopperov-black-diamond-pro-stopper-set-1-13\\\/\",\"name\":\"\u041d\u0430\u0431\u043e\u0440 \u0441\u0442\u043e\u043f\u043f\u0435\u0440\u043e\u0432 Black Diamond Pro Stopper Set #1 -13 - \u041c\u0430\u0433\u0430\u0437\u0438\u043d Xstyle\",\"isPartOf\":{\"@id\":\"https:\\\/\\\/xstyle.md\\\/#website\"},\"primaryImageOfPage\":{\"@id\":\"https:\\\/\\\/xstyle.md\\\/product\\\/nabor-stopperov-black-diamond-pro-stopper-set-1-13\\\/#primaryimage\"},\"image\":{\"@id\":\"https:\\\/\\\/xstyle.md\\\/product\\\/nabor-stopperov-black-diamond-pro-stopper-set-1-13\\\/#primaryimage\"},\"thumbnailUrl\":\"https:\\\/\\\/xstyle.md\\\/wp-content\\\/uploads\\\/2025\\\/07\\\/black-diamond-pro-stopper-set-1-13.webp\",\"datePublished\":\"2025-07-28T09:54:25+00:00\",\"dateModified\":\"2025-08-14T11:48:02+00:00\",\"breadcrumb\":{\"@id\":\"https:\\\/\\\/xstyle.md\\\/product\\\/nabor-stopperov-black-diamond-pro-stopper-set-1-13\\\/#breadcrumb\"},\"inLanguage\":\"ro-RO\",\"potentialAction\":[{\"@type\":\"ReadAction\",\"target\":[\"https:\\\/\\\/xstyle.md\\\/product\\\/nabor-stopperov-black-diamond-pro-stopper-set-1-13\\\/\"]}]},{\"@type\":\"ImageObject\",\"inLanguage\":\"ro-RO\",\"@id\":\"https:\\\/\\\/xstyle.md\\\/product\\\/nabor-stopperov-black-diamond-pro-stopper-set-1-13\\\/#primaryimage\",\"url\":\"https:\\\/\\\/xstyle.md\\\/wp-content\\\/uploads\\\/2025\\\/07\\\/black-diamond-pro-stopper-set-1-13.webp\",\"contentUrl\":\"https:\\\/\\\/xstyle.md\\\/wp-content\\\/uploads\\\/2025\\\/07\\\/black-diamond-pro-stopper-set-1-13.webp\",\"width\":1000,\"height\":931,\"caption\":\"\u041d\u0430\u0431\u043e\u0440 \u0441\u0442\u043e\u043f\u043f\u0435\u0440\u043e\u0432 Black Diamond Pro Stopper Set \u0434\u043b\u044f \u0430\u043a\u0442\u0438\u0432\u043d\u043e\u0433\u043e \u043e\u0442\u0434\u044b\u0445\u0430, \u043a\u0435\u043c\u043f\u0438\u043d\u0433\u0430 \u0438 \u0430\u043b\u044c\u043f\u0438\u043d\u0438\u0437\u043c\u0430, \u044d\u043a\u0438\u043f\u0438\u0440\u043e\u0432\u043a\u0430 \u0434\u043b\u044f \u0441\u043a\u0430\u043b\u043e\u043b\u0430\u0437\u0430\u043d\u0438\u044f, \u043f\u043e\u0445\u043e\u0434\u043e\u0432 \u0438 \u043f\u0443\u0442\u0435\u0448\u0435\u0441\u0442\u0432\u0438\u0439 \u0432 \u0438\u043d\u0442\u0435\u0440\u043d\u0435\u0442-\u043c\u0430\u0433\u0430\u0437\u0438\u043d\u0435 \u0434\u043b\u044f \u0430\u043a\u0442\u0438\u0432\u043d\u043e\u0439 \u0436\u0438\u0437\u043d\u0438\"},{\"@type\":\"BreadcrumbList\",\"@id\":\"https:\\\/\\\/xstyle.md\\\/product\\\/nabor-stopperov-black-diamond-pro-stopper-set-1-13\\\/#breadcrumb\",\"itemListElement\":[{\"@type\":\"ListItem\",\"position\":1,\"name\":\"\u0413\u043b\u0430\u0432\u043d\u0430\u044f \u0441\u0442\u0440\u0430\u043d\u0438\u0446\u0430\",\"item\":\"https:\\\/\\\/xstyle.md\\\/\"},{\"@type\":\"ListItem\",\"position\":2,\"name\":\"\u041c\u0430\u0433\u0430\u0437\u0438\u043d\",\"item\":\"https:\\\/\\\/xstyle.md\\\/shop\\\/\"},{\"@type\":\"ListItem\",\"position\":3,\"name\":\"\u041d\u0430\u0431\u043e\u0440 \u0441\u0442\u043e\u043f\u043f\u0435\u0440\u043e\u0432 Black Diamond Pro Stopper Set #1 -13\"}]},{\"@type\":\"WebSite\",\"@id\":\"https:\\\/\\\/xstyle.md\\\/#website\",\"url\":\"https:\\\/\\\/xstyle.md\\\/\",\"name\":\"\u041c\u0430\u0433\u0430\u0437\u0438\u043d Xstyle\",\"description\":\"C\u043d\u0430\u0440\u044f\u0436\u0435\u043d\u0438\u0435 \u0434\u043b\u044f \u0442\u0443\u0440\u0438\u0437\u043c\u0430 \u0438 \u044d\u043a\u0441\u0442\u0440\u0435\u043c\u0430\u043b\u044c\u043d\u044b\u0445 \u0432\u0438\u0434\u043e\u0432 \u0441\u043f\u043e\u0440\u0442\u0430 \u0432 \u041c\u043e\u043b\u0434\u043e\u0432\u0435.. \u0426\u0435\u043d\u044b, \u0444\u043e\u0442\u043e, \u0445\u0430\u0440\u0430\u043a\u0442\u0435\u0440\u0438\u0441\u0442\u0438\u043a\u0438 \u0432 \u041c\u043e\u043b\u0434\u043e\u0432\u0435.\",\"publisher\":{\"@id\":\"https:\\\/\\\/xstyle.md\\\/#organization\"},\"alternateName\":\"X-Style\",\"potentialAction\":[{\"@type\":\"SearchAction\",\"target\":{\"@type\":\"EntryPoint\",\"urlTemplate\":\"https:\\\/\\\/xstyle.md\\\/?s={search_term_string}\"},\"query-input\":{\"@type\":\"PropertyValueSpecification\",\"valueRequired\":true,\"valueName\":\"search_term_string\"}}],\"inLanguage\":\"ro-RO\"},{\"@type\":\"Organization\",\"@id\":\"https:\\\/\\\/xstyle.md\\\/#organization\",\"name\":\"\u041c\u0430\u0433\u0430\u0437\u0438\u043d Xstyle\",\"alternateName\":\"x-style\",\"url\":\"https:\\\/\\\/xstyle.md\\\/\",\"logo\":{\"@type\":\"ImageObject\",\"inLanguage\":\"ro-RO\",\"@id\":\"https:\\\/\\\/xstyle.md\\\/#\\\/schema\\\/logo\\\/image\\\/\",\"url\":\"https:\\\/\\\/xstyle.md\\\/wp-content\\\/uploads\\\/2020\\\/06\\\/logoicon.svg\",\"contentUrl\":\"https:\\\/\\\/xstyle.md\\\/wp-content\\\/uploads\\\/2020\\\/06\\\/logoicon.svg\",\"caption\":\"\u041c\u0430\u0433\u0430\u0437\u0438\u043d Xstyle\"},\"image\":{\"@id\":\"https:\\\/\\\/xstyle.md\\\/#\\\/schema\\\/logo\\\/image\\\/\"},\"sameAs\":[\"https:\\\/\\\/www.facebook.com\\\/xstylemd\",\"https:\\\/\\\/www.instagram.com\\\/xstyle_md\\\/\",\"https:\\\/\\\/t.me\\\/xstyle_outdoor\"],\"hasMerchantReturnPolicy\":{\"@type\":\"MerchantReturnPolicy\",\"merchantReturnLink\":\"https:\\\/\\\/xstyle.md\\\/ro\\\/conditions\\\/\"}}]}<\/script>\n<meta property=\"product:price:amount\" content=\"3350.00\" \/>\n<meta property=\"product:price:currency\" content=\"MDL\" \/>\n<meta property=\"og:availability\" content=\"instock\" \/>\n<meta property=\"product:availability\" content=\"instock\" \/>\n<meta property=\"product:retailer_item_id\" content=\"793661322986\" \/>\n<meta property=\"product:condition\" content=\"new\" \/>\n<!-- \/ Yoast SEO plugin. -->","yoast_head_json":{"title":"\u041d\u0430\u0431\u043e\u0440 \u0441\u0442\u043e\u043f\u043f\u0435\u0440\u043e\u0432 Black Diamond Pro Stopper Set #1 -13 - \u041c\u0430\u0433\u0430\u0437\u0438\u043d Xstyle","robots":{"index":"index","follow":"follow","max-snippet":"max-snippet:-1","max-image-preview":"max-image-preview:large","max-video-preview":"max-video-preview:-1"},"canonical":"https:\/\/xstyle.md\/ro\/produs\/nabor-stopperov-black-diamond-pro-stopper-set-1-13\/","og_locale":"ro_RO","og_type":"article","og_title":"\u041d\u0430\u0431\u043e\u0440 \u0441\u0442\u043e\u043f\u043f\u0435\u0440\u043e\u0432 Black Diamond Pro Stopper Set #1 -13 - \u041c\u0430\u0433\u0430\u0437\u0438\u043d Xstyle","og_description":"\u041d\u0430\u0431\u043e\u0440 \u0441\u0442\u043e\u043f\u043f\u0435\u0440\u043e\u0432 Black Diamond Pro \u2116 1\u201313 \u043e\u0445\u0432\u0430\u0442\u044b\u0432\u0430\u0435\u0442 \u0432\u0435\u0441\u044c \u0434\u0438\u0430\u043f\u0430\u0437\u043e\u043d \u0440\u0430\u0437\u043c\u0435\u0440\u043e\u0432 \u2014 \u043e\u0442 \u043c\u0438\u043a\u0440\u043e\u0442\u0440\u0435\u0449\u0438\u043d \u0434\u043e \u0449\u0435\u043b\u0435\u0439 \u0442\u043e\u043b\u0449\u0438\u043d\u043e\u0439 \u0432 \u043f\u0430\u043b\u0435\u0446 \u2014 \u0438 \u043e\u0441\u043d\u0430\u0449\u0451\u043d \u043f\u0440\u043e\u0447\u043d\u044b\u043c\u0438 \u0442\u0440\u043e\u0441\u0438\u043a\u0430\u043c\u0438 \u0438\u0437 \u043e\u0446\u0438\u043d\u043a\u043e\u0432\u0430\u043d\u043d\u043e\u0439 \u0441\u0442\u0430\u043b\u0438 \u0434\u043b\u044f \u043d\u0430\u0434\u0451\u0436\u043d\u043e\u0439 \u0441\u0442\u0440\u0430\u0445\u043e\u0432\u043a\u0438. \u0422\u0430\u043a\u043e\u0439 \u043a\u043e\u043c\u043f\u043b\u0435\u043a\u0442 \u0441\u0442\u0430\u043d\u0435\u0442 \u0432\u0430\u0436\u043d\u043e\u0439 \u0447\u0430\u0441\u0442\u044c\u044e \u0432\u0430\u0448\u0435\u0433\u043e \u0430\u043b\u044c\u043f\u0438\u043d\u0438\u0441\u0442\u0441\u043a\u043e\u0433\u043e \u0441\u043d\u0430\u0440\u044f\u0436\u0435\u043d\u0438\u044f. \u041e\u0441\u043e\u0431\u0435\u043d\u043d\u043e\u0441\u0442\u0438 \u0423\u043d\u0438\u0432\u0435\u0440\u0441\u0430\u043b\u044c\u043d\u043e\u0435 \u0441\u0435\u0447\u0435\u043d\u0438\u0435 \u043f\u043e\u0437\u0432\u043e\u043b\u044f\u0435\u0442 \u044d\u0444\u0444\u0435\u043a\u0442\u0438\u0432\u043d\u043e \u0440\u0430\u0431\u043e\u0442\u0430\u0442\u044c \u0432 \u0442\u0440\u0435\u0449\u0438\u043d\u0430\u0445 \u0440\u0430\u0437\u043d\u043e\u0433\u043e \u0442\u0438\u043f\u0430 \u0410\u043d\u043e\u0434\u0438\u0440\u043e\u0432\u0430\u043d\u043d\u0430\u044f \u043e\u043a\u0440\u0430\u0441\u043a\u0430 \u0432 \u0440\u0430\u0437\u043d\u044b\u0435 \u0446\u0432\u0435\u0442\u0430 \u043f\u043e \u0440\u0430\u0437\u043c\u0435\u0440\u0430\u043c [&hellip;]","og_url":"https:\/\/xstyle.md\/ro\/produs\/nabor-stopperov-black-diamond-pro-stopper-set-1-13\/","og_site_name":"\u041c\u0430\u0433\u0430\u0437\u0438\u043d Xstyle","article_publisher":"https:\/\/www.facebook.com\/xstylemd","article_modified_time":"2025-08-14T11:48:02+00:00","og_image":[{"width":1000,"height":931,"url":"https:\/\/xstyle.md\/wp-content\/uploads\/2025\/07\/black-diamond-pro-stopper-set-1-13.webp","type":"image\/webp"}],"twitter_card":"summary_large_image","twitter_misc":{"Pre\u021b":"3.350&nbsp;MDL","Disponibilitate":"\u00cen stoc"},"schema":{"@context":"https:\/\/schema.org","@graph":[{"@type":"WebPage","@id":"https:\/\/xstyle.md\/product\/nabor-stopperov-black-diamond-pro-stopper-set-1-13\/","url":"https:\/\/xstyle.md\/product\/nabor-stopperov-black-diamond-pro-stopper-set-1-13\/","name":"\u041d\u0430\u0431\u043e\u0440 \u0441\u0442\u043e\u043f\u043f\u0435\u0440\u043e\u0432 Black Diamond Pro Stopper Set #1 -13 - \u041c\u0430\u0433\u0430\u0437\u0438\u043d Xstyle","isPartOf":{"@id":"https:\/\/xstyle.md\/#website"},"primaryImageOfPage":{"@id":"https:\/\/xstyle.md\/product\/nabor-stopperov-black-diamond-pro-stopper-set-1-13\/#primaryimage"},"image":{"@id":"https:\/\/xstyle.md\/product\/nabor-stopperov-black-diamond-pro-stopper-set-1-13\/#primaryimage"},"thumbnailUrl":"https:\/\/xstyle.md\/wp-content\/uploads\/2025\/07\/black-diamond-pro-stopper-set-1-13.webp","datePublished":"2025-07-28T09:54:25+00:00","dateModified":"2025-08-14T11:48:02+00:00","breadcrumb":{"@id":"https:\/\/xstyle.md\/product\/nabor-stopperov-black-diamond-pro-stopper-set-1-13\/#breadcrumb"},"inLanguage":"ro-RO","potentialAction":[{"@type":"ReadAction","target":["https:\/\/xstyle.md\/product\/nabor-stopperov-black-diamond-pro-stopper-set-1-13\/"]}]},{"@type":"ImageObject","inLanguage":"ro-RO","@id":"https:\/\/xstyle.md\/product\/nabor-stopperov-black-diamond-pro-stopper-set-1-13\/#primaryimage","url":"https:\/\/xstyle.md\/wp-content\/uploads\/2025\/07\/black-diamond-pro-stopper-set-1-13.webp","contentUrl":"https:\/\/xstyle.md\/wp-content\/uploads\/2025\/07\/black-diamond-pro-stopper-set-1-13.webp","width":1000,"height":931,"caption":"\u041d\u0430\u0431\u043e\u0440 \u0441\u0442\u043e\u043f\u043f\u0435\u0440\u043e\u0432 Black Diamond Pro Stopper Set \u0434\u043b\u044f \u0430\u043a\u0442\u0438\u0432\u043d\u043e\u0433\u043e \u043e\u0442\u0434\u044b\u0445\u0430, \u043a\u0435\u043c\u043f\u0438\u043d\u0433\u0430 \u0438 \u0430\u043b\u044c\u043f\u0438\u043d\u0438\u0437\u043c\u0430, \u044d\u043a\u0438\u043f\u0438\u0440\u043e\u0432\u043a\u0430 \u0434\u043b\u044f \u0441\u043a\u0430\u043b\u043e\u043b\u0430\u0437\u0430\u043d\u0438\u044f, \u043f\u043e\u0445\u043e\u0434\u043e\u0432 \u0438 \u043f\u0443\u0442\u0435\u0448\u0435\u0441\u0442\u0432\u0438\u0439 \u0432 \u0438\u043d\u0442\u0435\u0440\u043d\u0435\u0442-\u043c\u0430\u0433\u0430\u0437\u0438\u043d\u0435 \u0434\u043b\u044f \u0430\u043a\u0442\u0438\u0432\u043d\u043e\u0439 \u0436\u0438\u0437\u043d\u0438"},{"@type":"BreadcrumbList","@id":"https:\/\/xstyle.md\/product\/nabor-stopperov-black-diamond-pro-stopper-set-1-13\/#breadcrumb","itemListElement":[{"@type":"ListItem","position":1,"name":"\u0413\u043b\u0430\u0432\u043d\u0430\u044f \u0441\u0442\u0440\u0430\u043d\u0438\u0446\u0430","item":"https:\/\/xstyle.md\/"},{"@type":"ListItem","position":2,"name":"\u041c\u0430\u0433\u0430\u0437\u0438\u043d","item":"https:\/\/xstyle.md\/shop\/"},{"@type":"ListItem","position":3,"name":"\u041d\u0430\u0431\u043e\u0440 \u0441\u0442\u043e\u043f\u043f\u0435\u0440\u043e\u0432 Black Diamond Pro Stopper Set #1 -13"}]},{"@type":"WebSite","@id":"https:\/\/xstyle.md\/#website","url":"https:\/\/xstyle.md\/","name":"Magazinul X-Style","description":"Echipamente pentru turism \u0219i sporturi extreme \u00een Moldova. Pre\u021buri, fotografii, caracteristici \u00een Moldova.","publisher":{"@id":"https:\/\/xstyle.md\/#organization"},"alternateName":"X-Style","potentialAction":[{"@type":"SearchAction","target":{"@type":"EntryPoint","urlTemplate":"https:\/\/xstyle.md\/?s={search_term_string}"},"query-input":{"@type":"PropertyValueSpecification","valueRequired":true,"valueName":"search_term_string"}}],"inLanguage":"ro-RO"},{"@type":"Organization","@id":"https:\/\/xstyle.md\/#organization","name":"Magazinul X-Style","alternateName":"x-style","url":"https:\/\/xstyle.md\/","logo":{"@type":"ImageObject","inLanguage":"ro-RO","@id":"https:\/\/xstyle.md\/#\/schema\/logo\/image\/","url":"https:\/\/xstyle.md\/wp-content\/uploads\/2020\/06\/logoicon.svg","contentUrl":"https:\/\/xstyle.md\/wp-content\/uploads\/2020\/06\/logoicon.svg","caption":"\u041c\u0430\u0433\u0430\u0437\u0438\u043d Xstyle"},"image":{"@id":"https:\/\/xstyle.md\/#\/schema\/logo\/image\/"},"sameAs":["https:\/\/www.facebook.com\/xstylemd","https:\/\/www.instagram.com\/xstyle_md\/","https:\/\/t.me\/xstyle_outdoor"],"hasMerchantReturnPolicy":{"@type":"MerchantReturnPolicy","merchantReturnLink":"https:\/\/xstyle.md\/ro\/conditions\/"}}]},"product_price_amount":"3350.00","product_price_currency":"MDL","og_availability":"instock","product_availability":"instock","product_retailer_item_id":"793661322986","product_condition":"new"},"_links":{"self":[{"href":"https:\/\/xstyle.md\/ro\/wp-json\/wp\/v2\/product\/96005","targetHints":{"allow":["GET"]}}],"collection":[{"href":"https:\/\/xstyle.md\/ro\/wp-json\/wp\/v2\/product"}],"about":[{"href":"https:\/\/xstyle.md\/ro\/wp-json\/wp\/v2\/types\/product"}],"replies":[{"embeddable":true,"href":"https:\/\/xstyle.md\/ro\/wp-json\/wp\/v2\/comments?post=96005"}],"wp:featuredmedia":[{"embeddable":true,"href":"https:\/\/xstyle.md\/ro\/wp-json\/wp\/v2\/media\/96168"}],"wp:attachment":[{"href":"https:\/\/xstyle.md\/ro\/wp-json\/wp\/v2\/media?parent=96005"}],"wp:term":[{"taxonomy":"product_brand","embeddable":true,"href":"https:\/\/xstyle.md\/ro\/wp-json\/wp\/v2\/product_brand?post=96005"},{"taxonomy":"product_cat","embeddable":true,"href":"https:\/\/xstyle.md\/ro\/wp-json\/wp\/v2\/product_cat?post=96005"},{"taxonomy":"product_tag","embeddable":true,"href":"https:\/\/xstyle.md\/ro\/wp-json\/wp\/v2\/product_tag?post=96005"}],"curies":[{"name":"wp","href":"https:\/\/api.w.org\/{rel}","templated":true}]}}