{"id":95989,"date":"2025-07-28T12:54:15","date_gmt":"2025-07-28T09:54:15","guid":{"rendered":"https:\/\/xstyle.md\/?post_type=product&#038;p=95989"},"modified":"2026-03-19T17:36:37","modified_gmt":"2026-03-19T14:36:37","slug":"velobutylka-fidlock-twist-590-ml-transparent-white","status":"publish","type":"product","link":"https:\/\/xstyle.md\/ro\/produs\/velobutylka-fidlock-twist-590-ml-transparent-white\/","title":{"rendered":"Bidon biciclet\u0103 Fidlock Twist 590 ml transparent white"},"content":{"rendered":"<\/p>\n<p><strong>Bidon biciclet\u0103 Fidlock Twist 590 ml transparent white<\/strong>\u00a0&#8212; transparent white &#8212; vine cu un design nou \u0219i o tehnologie de conectare \u00eembun\u0103t\u0103\u021bit\u0103 \u2013 pentru o fixare ferm\u0103 garantat\u0103 la fiecare tur\u0103. Designul optimizat ergonomic, cu capete rotunjite, ofer\u0103 o compatibilitate mai mare cu cadrul \u0219i face prinderea \u0219i ata\u0219area la baza TWIST \u0219i mai intuitiv\u0103. Noul capac cu membran\u0103 cu auto-\u00eenchidere asigur\u0103 un debit mare de ap\u0103 \u0219i este complet protejat \u00eempotriva scurgerilor \u0219i picur\u0103rii. Datorit\u0103 capacului anti-murd\u0103rie deta\u0219abil, mu\u0219tiucul r\u0103m\u00e2ne curat chiar \u0219i atunci c\u00e2nd este montat pe partea inferioar\u0103 a cadrului.<\/p>\n<h3>Particularit\u0103\u021bi<\/h3>\n<ul>\n<li>Cu capete rotunjite pentru o mai bun\u0103 compatibilitate cu cadrul<\/li>\n<li>Capac cu membran\u0103 cu auto-\u00eenchidere \u0219i capac op\u021bional anti-murd\u0103rie<\/li>\n<li>Lavabil \u00een ma\u0219ina de sp\u0103lat vase<\/li>\n<li>Polietilen\u0103 f\u0103r\u0103 BPA<\/li>\n<li>Design ergonomic nou pentru o deta\u0219are \u0219i ata\u0219are mai intuitiv\u0103 la baza TWIST<\/li>\n<li>Tehnologie nou\u0103 de conectare pentru fixare garantat\u0103 f\u0103r\u0103 Gravity Kit<\/li>\n<li>Compatibil cu toate bazele TWIST<\/li>\n<\/ul>\n<h3>Caracteristici<\/h3>\n<ul>\n<li>Volum \u2013 590 ml<\/li>\n<li>Material \u2013 compozit<\/li>\n<li>Grup\u0103 de v\u00e2rst\u0103 \u2013 adul\u021bi<\/li>\n<li>Gen \u2013 unisex<\/li>\n<\/ul>\n<p><\/p>\n<h3>Marca<\/h3>\n<p>Fidlock - este un brand german revolu\u021bionar, celebru pentru reinventarea sistemelor de prindere prin combinarea for\u021bei magnetice cu blocarea mecanic\u0103 sigur\u0103. Tehnologia lor premiat\u0103 este utilizat\u0103 nu doar pentru bidoane de biciclet\u0103, ci \u0219i pentru catarame de c\u0103\u0219ti, rucsaci \u0219i accesorii auto, oferind o experien\u021b\u0103 de utilizare extrem de intuitiv\u0103 \u0219i rapid\u0103 (\u201eclick &amp; go\u201d)<\/p>","protected":false},"excerpt":{"rendered":"<p>\u0411\u0440\u0435\u043d\u0434 Fidlock \u2014 \u0440\u0435\u0432\u043e\u043b\u044e\u0446\u0438\u043e\u043d\u043d\u044b\u0439 \u043d\u0435\u043c\u0435\u0446\u043a\u0438\u0439 \u0431\u0440\u0435\u043d\u0434, \u043f\u0440\u043e\u0441\u043b\u0430\u0432\u0438\u0432\u0448\u0438\u0439\u0441\u044f \u043f\u0435\u0440\u0435\u043e\u0441\u043c\u044b\u0441\u043b\u0435\u043d\u0438\u0435\u043c \u0441\u0438\u0441\u0442\u0435\u043c \u043a\u0440\u0435\u043f\u043b\u0435\u043d\u0438\u044f \u0431\u043b\u0430\u0433\u043e\u0434\u0430\u0440\u044f \u0441\u043e\u0447\u0435\u0442\u0430\u043d\u0438\u044e \u043c\u0430\u0433\u043d\u0438\u0442\u043d\u043e\u0439 \u0441\u0438\u043b\u044b \u0438 \u043d\u0430\u0434\u0435\u0436\u043d\u043e\u0439 \u043c\u0435\u0445\u0430\u043d\u0438\u0447\u0435\u0441\u043a\u043e\u0439 \u0444\u0438\u043a\u0441\u0430\u0446\u0438\u0438. \u0418\u0445 \u043e\u0442\u043c\u0435\u0447\u0435\u043d\u043d\u0430\u044f \u043d\u0430\u0433\u0440\u0430\u0434\u0430\u043c\u0438 \u0442\u0435\u0445\u043d\u043e\u043b\u043e\u0433\u0438\u044f \u0438\u0441\u043f\u043e\u043b\u044c\u0437\u0443\u0435\u0442\u0441\u044f \u043d\u0435 \u0442\u043e\u043b\u044c\u043a\u043e \u0432 \u0432\u0435\u043b\u043e\u0444\u043b\u044f\u0433\u0430\u0445, \u043d\u043e \u0438 \u0432 \u043f\u0440\u044f\u0436\u043a\u0430\u0445 \u0448\u043b\u0435\u043c\u043e\u0432, \u0440\u044e\u043a\u0437\u0430\u043a\u0430\u0445 \u0438 \u0430\u0432\u0442\u043e\u0430\u043a\u0441\u0435\u0441\u0441\u0443\u0430\u0440\u0430\u0445, \u043e\u0431\u0435\u0441\u043f\u0435\u0447\u0438\u0432\u0430\u044f \u0438\u043d\u0442\u0443\u0438\u0442\u0438\u0432\u043d\u043e \u043f\u043e\u043d\u044f\u0442\u043d\u043e\u0435 \u0438 \u0431\u044b\u0441\u0442\u0440\u043e\u0435 \u0438\u0441\u043f\u043e\u043b\u044c\u0437\u043e\u0432\u0430\u043d\u0438\u0435 \u043f\u043e \u043f\u0440\u0438\u043d\u0446\u0438\u043f\u0443 \u00ab\u0432 \u043e\u0434\u0438\u043d \u043a\u043b\u0438\u043a\u00bb<\/p>","protected":false},"featured_media":101554,"comment_status":"open","ping_status":"closed","template":"","meta":{"_acf_changed":false,"inline_featured_image":false},"product_brand":[1512],"product_cat":[406],"product_tag":[],"class_list":{"0":"post-95989","1":"product","2":"type-product","3":"status-publish","4":"has-post-thumbnail","6":"product_brand-fidlock","7":"product_cat-bike-accessories","9":"first","10":"instock","11":"shipping-taxable","12":"purchasable","13":"product-type-simple"},"acf":[],"yoast_head":"<!-- This site is optimized with the Yoast SEO plugin v27.2 - https:\/\/yoast.com\/product\/yoast-seo-wordpress\/ -->\n<title>\u0412\u0435\u043b\u043e\u0431\u0443\u0442\u044b\u043b\u043a\u0430 Fidlock Twist 590 ml transparent white - \u041c\u0430\u0433\u0430\u0437\u0438\u043d Xstyle<\/title>\n<meta name=\"robots\" content=\"index, follow, max-snippet:-1, max-image-preview:large, max-video-preview:-1\" \/>\n<link rel=\"canonical\" href=\"https:\/\/xstyle.md\/ro\/produs\/velobutylka-fidlock-twist-590-ml-transparent-white\/\" \/>\n<meta property=\"og:locale\" content=\"ro_RO\" \/>\n<meta property=\"og:type\" content=\"article\" \/>\n<meta property=\"og:title\" content=\"\u0412\u0435\u043b\u043e\u0431\u0443\u0442\u044b\u043b\u043a\u0430 Fidlock Twist 590 ml transparent white - \u041c\u0430\u0433\u0430\u0437\u0438\u043d Xstyle\" \/>\n<meta property=\"og:description\" content=\"\u0411\u0440\u0435\u043d\u0434 Fidlock \u2014 \u0440\u0435\u0432\u043e\u043b\u044e\u0446\u0438\u043e\u043d\u043d\u044b\u0439 \u043d\u0435\u043c\u0435\u0446\u043a\u0438\u0439 \u0431\u0440\u0435\u043d\u0434, \u043f\u0440\u043e\u0441\u043b\u0430\u0432\u0438\u0432\u0448\u0438\u0439\u0441\u044f \u043f\u0435\u0440\u0435\u043e\u0441\u043c\u044b\u0441\u043b\u0435\u043d\u0438\u0435\u043c \u0441\u0438\u0441\u0442\u0435\u043c \u043a\u0440\u0435\u043f\u043b\u0435\u043d\u0438\u044f \u0431\u043b\u0430\u0433\u043e\u0434\u0430\u0440\u044f \u0441\u043e\u0447\u0435\u0442\u0430\u043d\u0438\u044e \u043c\u0430\u0433\u043d\u0438\u0442\u043d\u043e\u0439 \u0441\u0438\u043b\u044b \u0438 \u043d\u0430\u0434\u0435\u0436\u043d\u043e\u0439 \u043c\u0435\u0445\u0430\u043d\u0438\u0447\u0435\u0441\u043a\u043e\u0439 \u0444\u0438\u043a\u0441\u0430\u0446\u0438\u0438. \u0418\u0445 \u043e\u0442\u043c\u0435\u0447\u0435\u043d\u043d\u0430\u044f \u043d\u0430\u0433\u0440\u0430\u0434\u0430\u043c\u0438 \u0442\u0435\u0445\u043d\u043e\u043b\u043e\u0433\u0438\u044f \u0438\u0441\u043f\u043e\u043b\u044c\u0437\u0443\u0435\u0442\u0441\u044f \u043d\u0435 \u0442\u043e\u043b\u044c\u043a\u043e \u0432 \u0432\u0435\u043b\u043e\u0444\u043b\u044f\u0433\u0430\u0445, \u043d\u043e \u0438 \u0432 \u043f\u0440\u044f\u0436\u043a\u0430\u0445 \u0448\u043b\u0435\u043c\u043e\u0432, \u0440\u044e\u043a\u0437\u0430\u043a\u0430\u0445 \u0438 \u0430\u0432\u0442\u043e\u0430\u043a\u0441\u0435\u0441\u0441\u0443\u0430\u0440\u0430\u0445, \u043e\u0431\u0435\u0441\u043f\u0435\u0447\u0438\u0432\u0430\u044f \u0438\u043d\u0442\u0443\u0438\u0442\u0438\u0432\u043d\u043e \u043f\u043e\u043d\u044f\u0442\u043d\u043e\u0435 \u0438 \u0431\u044b\u0441\u0442\u0440\u043e\u0435 \u0438\u0441\u043f\u043e\u043b\u044c\u0437\u043e\u0432\u0430\u043d\u0438\u0435 \u043f\u043e \u043f\u0440\u0438\u043d\u0446\u0438\u043f\u0443 \u00ab\u0432 \u043e\u0434\u0438\u043d \u043a\u043b\u0438\u043a\u00bb\" \/>\n<meta property=\"og:url\" content=\"https:\/\/xstyle.md\/ro\/produs\/velobutylka-fidlock-twist-590-ml-transparent-white\/\" \/>\n<meta property=\"og:site_name\" content=\"\u041c\u0430\u0433\u0430\u0437\u0438\u043d Xstyle\" \/>\n<meta property=\"article:publisher\" content=\"https:\/\/www.facebook.com\/xstylemd\" \/>\n<meta property=\"article:modified_time\" content=\"2026-03-19T14:36:37+00:00\" \/>\n<meta property=\"og:image\" content=\"https:\/\/xstyle.md\/wp-content\/uploads\/2025\/07\/fidlock-twist-590-ml-transparent-white-1.webp\" \/>\n\t<meta property=\"og:image:width\" content=\"1200\" \/>\n\t<meta property=\"og:image:height\" content=\"1200\" \/>\n\t<meta property=\"og:image:type\" content=\"image\/webp\" \/>\n<meta name=\"twitter:card\" content=\"summary_large_image\" \/>\n<meta name=\"twitter:label1\" content=\"Pre\u021b\" \/>\n\t<meta name=\"twitter:data1\" content=\"990&nbsp;MDL\" \/>\n\t<meta name=\"twitter:label2\" content=\"Disponibilitate\" \/>\n\t<meta name=\"twitter:data2\" content=\"\u00cen stoc\" \/>\n<script type=\"application\/ld+json\" class=\"yoast-schema-graph\">{\"@context\":\"https:\/\/schema.org\",\"@graph\":[{\"@type\":\"WebPage\",\"@id\":\"https:\/\/xstyle.md\/product\/velobutylka-fidlock-twist-590-ml-transparent-white\/\",\"url\":\"https:\/\/xstyle.md\/product\/velobutylka-fidlock-twist-590-ml-transparent-white\/\",\"name\":\"\u0412\u0435\u043b\u043e\u0431\u0443\u0442\u044b\u043b\u043a\u0430 Fidlock Twist 590 ml transparent white - \u041c\u0430\u0433\u0430\u0437\u0438\u043d Xstyle\",\"isPartOf\":{\"@id\":\"https:\/\/xstyle.md\/#website\"},\"primaryImageOfPage\":{\"@id\":\"https:\/\/xstyle.md\/product\/velobutylka-fidlock-twist-590-ml-transparent-white\/#primaryimage\"},\"image\":{\"@id\":\"https:\/\/xstyle.md\/product\/velobutylka-fidlock-twist-590-ml-transparent-white\/#primaryimage\"},\"thumbnailUrl\":\"https:\/\/xstyle.md\/wp-content\/uploads\/2025\/07\/fidlock-twist-590-ml-transparent-white-1.webp\",\"datePublished\":\"2025-07-28T09:54:15+00:00\",\"dateModified\":\"2026-03-19T14:36:37+00:00\",\"breadcrumb\":{\"@id\":\"https:\/\/xstyle.md\/product\/velobutylka-fidlock-twist-590-ml-transparent-white\/#breadcrumb\"},\"inLanguage\":\"ro-RO\",\"potentialAction\":[{\"@type\":\"ReadAction\",\"target\":[\"https:\/\/xstyle.md\/product\/velobutylka-fidlock-twist-590-ml-transparent-white\/\"]}]},{\"@type\":\"ImageObject\",\"inLanguage\":\"ro-RO\",\"@id\":\"https:\/\/xstyle.md\/product\/velobutylka-fidlock-twist-590-ml-transparent-white\/#primaryimage\",\"url\":\"https:\/\/xstyle.md\/wp-content\/uploads\/2025\/07\/fidlock-twist-590-ml-transparent-white-1.webp\",\"contentUrl\":\"https:\/\/xstyle.md\/wp-content\/uploads\/2025\/07\/fidlock-twist-590-ml-transparent-white-1.webp\",\"width\":1200,\"height\":1200,\"caption\":\"\u0411\u0443\u0442\u044b\u043b\u043a\u0430 \u0434\u043b\u044f \u043f\u0438\u0442\u044c\u044f Fidlock Twist 590 \u043c\u043b \u043f\u0440\u043e\u0437\u0440\u0430\u0447\u043d\u0430\u044f \u0431\u0435\u043b\u0430\u044f \u0434\u043b\u044f \u0430\u043a\u0442\u0438\u0432\u043d\u043e\u0433\u043e \u043e\u0442\u0434\u044b\u0445\u0430 \u0441\u043f\u043e\u0440\u0442 \u043f\u043e\u0445\u043e\u0434\u044b \u0442\u0443\u0440\u0438\u0437\u043c \u043e\u0431\u0443\u0432\u044c \u0438 \u043e\u0434\u0435\u0436\u0434\u0430 \u0434\u043b\u044f \u0431\u0435\u0433\u0430 \u0438 \u043f\u0443\u0442\u0435\u0448\u0435\u0441\u0442\u0432\u0438\u0439 \u0432 \u043e\u043d\u043b\u0430\u0439\u043d \u043c\u0430\u0433\u0430\u0437\u0438\u043d\u0435 \u0430\u043a\u0442\u0438\u0432\u043d\u044b\u0445 \u0442\u043e\u0432\u0430\u0440\u043e\u0432\"},{\"@type\":\"BreadcrumbList\",\"@id\":\"https:\/\/xstyle.md\/product\/velobutylka-fidlock-twist-590-ml-transparent-white\/#breadcrumb\",\"itemListElement\":[{\"@type\":\"ListItem\",\"position\":1,\"name\":\"\u0413\u043b\u0430\u0432\u043d\u0430\u044f \u0441\u0442\u0440\u0430\u043d\u0438\u0446\u0430\",\"item\":\"https:\/\/xstyle.md\/\"},{\"@type\":\"ListItem\",\"position\":2,\"name\":\"\u041c\u0430\u0433\u0430\u0437\u0438\u043d\",\"item\":\"https:\/\/xstyle.md\/shop\/\"},{\"@type\":\"ListItem\",\"position\":3,\"name\":\"\u0412\u0435\u043b\u043e\u0431\u0443\u0442\u044b\u043b\u043a\u0430 Fidlock Twist 590 ml transparent white\"}]},{\"@type\":\"WebSite\",\"@id\":\"https:\/\/xstyle.md\/#website\",\"url\":\"https:\/\/xstyle.md\/\",\"name\":\"\u041c\u0430\u0433\u0430\u0437\u0438\u043d Xstyle\",\"description\":\"C\u043d\u0430\u0440\u044f\u0436\u0435\u043d\u0438\u0435 \u0434\u043b\u044f \u0442\u0443\u0440\u0438\u0437\u043c\u0430 \u0438 \u044d\u043a\u0441\u0442\u0440\u0435\u043c\u0430\u043b\u044c\u043d\u044b\u0445 \u0432\u0438\u0434\u043e\u0432 \u0441\u043f\u043e\u0440\u0442\u0430 \u0432 \u041c\u043e\u043b\u0434\u043e\u0432\u0435.. \u0426\u0435\u043d\u044b, \u0444\u043e\u0442\u043e, \u0445\u0430\u0440\u0430\u043a\u0442\u0435\u0440\u0438\u0441\u0442\u0438\u043a\u0438 \u0432 \u041c\u043e\u043b\u0434\u043e\u0432\u0435.\",\"publisher\":{\"@id\":\"https:\/\/xstyle.md\/#organization\"},\"alternateName\":\"X-Style\",\"potentialAction\":[{\"@type\":\"SearchAction\",\"target\":{\"@type\":\"EntryPoint\",\"urlTemplate\":\"https:\/\/xstyle.md\/?s={search_term_string}\"},\"query-input\":{\"@type\":\"PropertyValueSpecification\",\"valueRequired\":true,\"valueName\":\"search_term_string\"}}],\"inLanguage\":\"ro-RO\"},{\"@type\":\"Organization\",\"@id\":\"https:\/\/xstyle.md\/#organization\",\"name\":\"\u041c\u0430\u0433\u0430\u0437\u0438\u043d Xstyle\",\"alternateName\":\"x-style\",\"url\":\"https:\/\/xstyle.md\/\",\"logo\":{\"@type\":\"ImageObject\",\"inLanguage\":\"ro-RO\",\"@id\":\"https:\/\/xstyle.md\/#\/schema\/logo\/image\/\",\"url\":\"https:\/\/xstyle.md\/wp-content\/uploads\/2020\/06\/logoicon.svg\",\"contentUrl\":\"https:\/\/xstyle.md\/wp-content\/uploads\/2020\/06\/logoicon.svg\",\"caption\":\"\u041c\u0430\u0433\u0430\u0437\u0438\u043d Xstyle\"},\"image\":{\"@id\":\"https:\/\/xstyle.md\/#\/schema\/logo\/image\/\"},\"sameAs\":[\"https:\/\/www.facebook.com\/xstylemd\",\"https:\/\/www.instagram.com\/xstyle_md\/\",\"https:\/\/t.me\/xstyle_outdoor\"],\"hasMerchantReturnPolicy\":{\"@type\":\"MerchantReturnPolicy\",\"merchantReturnLink\":\"https:\/\/xstyle.md\/ro\/conditions\/\"}}]}<\/script>\n<meta property=\"product:price:amount\" content=\"990.00\" \/>\n<meta property=\"product:price:currency\" content=\"MDL\" \/>\n<meta property=\"og:availability\" content=\"instock\" \/>\n<meta property=\"product:availability\" content=\"instock\" \/>\n<meta property=\"product:retailer_item_id\" content=\"4251207400995\" \/>\n<meta property=\"product:condition\" content=\"new\" \/>\n<!-- \/ Yoast SEO plugin. -->","yoast_head_json":{"title":"\u0412\u0435\u043b\u043e\u0431\u0443\u0442\u044b\u043b\u043a\u0430 Fidlock Twist 590 ml transparent white - \u041c\u0430\u0433\u0430\u0437\u0438\u043d Xstyle","robots":{"index":"index","follow":"follow","max-snippet":"max-snippet:-1","max-image-preview":"max-image-preview:large","max-video-preview":"max-video-preview:-1"},"canonical":"https:\/\/xstyle.md\/ro\/produs\/velobutylka-fidlock-twist-590-ml-transparent-white\/","og_locale":"ro_RO","og_type":"article","og_title":"\u0412\u0435\u043b\u043e\u0431\u0443\u0442\u044b\u043b\u043a\u0430 Fidlock Twist 590 ml transparent white - \u041c\u0430\u0433\u0430\u0437\u0438\u043d Xstyle","og_description":"\u0411\u0440\u0435\u043d\u0434 Fidlock \u2014 \u0440\u0435\u0432\u043e\u043b\u044e\u0446\u0438\u043e\u043d\u043d\u044b\u0439 \u043d\u0435\u043c\u0435\u0446\u043a\u0438\u0439 \u0431\u0440\u0435\u043d\u0434, \u043f\u0440\u043e\u0441\u043b\u0430\u0432\u0438\u0432\u0448\u0438\u0439\u0441\u044f \u043f\u0435\u0440\u0435\u043e\u0441\u043c\u044b\u0441\u043b\u0435\u043d\u0438\u0435\u043c \u0441\u0438\u0441\u0442\u0435\u043c \u043a\u0440\u0435\u043f\u043b\u0435\u043d\u0438\u044f \u0431\u043b\u0430\u0433\u043e\u0434\u0430\u0440\u044f \u0441\u043e\u0447\u0435\u0442\u0430\u043d\u0438\u044e \u043c\u0430\u0433\u043d\u0438\u0442\u043d\u043e\u0439 \u0441\u0438\u043b\u044b \u0438 \u043d\u0430\u0434\u0435\u0436\u043d\u043e\u0439 \u043c\u0435\u0445\u0430\u043d\u0438\u0447\u0435\u0441\u043a\u043e\u0439 \u0444\u0438\u043a\u0441\u0430\u0446\u0438\u0438. \u0418\u0445 \u043e\u0442\u043c\u0435\u0447\u0435\u043d\u043d\u0430\u044f \u043d\u0430\u0433\u0440\u0430\u0434\u0430\u043c\u0438 \u0442\u0435\u0445\u043d\u043e\u043b\u043e\u0433\u0438\u044f \u0438\u0441\u043f\u043e\u043b\u044c\u0437\u0443\u0435\u0442\u0441\u044f \u043d\u0435 \u0442\u043e\u043b\u044c\u043a\u043e \u0432 \u0432\u0435\u043b\u043e\u0444\u043b\u044f\u0433\u0430\u0445, \u043d\u043e \u0438 \u0432 \u043f\u0440\u044f\u0436\u043a\u0430\u0445 \u0448\u043b\u0435\u043c\u043e\u0432, \u0440\u044e\u043a\u0437\u0430\u043a\u0430\u0445 \u0438 \u0430\u0432\u0442\u043e\u0430\u043a\u0441\u0435\u0441\u0441\u0443\u0430\u0440\u0430\u0445, \u043e\u0431\u0435\u0441\u043f\u0435\u0447\u0438\u0432\u0430\u044f \u0438\u043d\u0442\u0443\u0438\u0442\u0438\u0432\u043d\u043e \u043f\u043e\u043d\u044f\u0442\u043d\u043e\u0435 \u0438 \u0431\u044b\u0441\u0442\u0440\u043e\u0435 \u0438\u0441\u043f\u043e\u043b\u044c\u0437\u043e\u0432\u0430\u043d\u0438\u0435 \u043f\u043e \u043f\u0440\u0438\u043d\u0446\u0438\u043f\u0443 \u00ab\u0432 \u043e\u0434\u0438\u043d \u043a\u043b\u0438\u043a\u00bb","og_url":"https:\/\/xstyle.md\/ro\/produs\/velobutylka-fidlock-twist-590-ml-transparent-white\/","og_site_name":"\u041c\u0430\u0433\u0430\u0437\u0438\u043d Xstyle","article_publisher":"https:\/\/www.facebook.com\/xstylemd","article_modified_time":"2026-03-19T14:36:37+00:00","og_image":[{"width":1200,"height":1200,"url":"https:\/\/xstyle.md\/wp-content\/uploads\/2025\/07\/fidlock-twist-590-ml-transparent-white-1.webp","type":"image\/webp"}],"twitter_card":"summary_large_image","twitter_misc":{"Pre\u021b":"990&nbsp;MDL","Disponibilitate":"\u00cen stoc"},"schema":{"@context":"https:\/\/schema.org","@graph":[{"@type":"WebPage","@id":"https:\/\/xstyle.md\/product\/velobutylka-fidlock-twist-590-ml-transparent-white\/","url":"https:\/\/xstyle.md\/product\/velobutylka-fidlock-twist-590-ml-transparent-white\/","name":"\u0412\u0435\u043b\u043e\u0431\u0443\u0442\u044b\u043b\u043a\u0430 Fidlock Twist 590 ml transparent white - \u041c\u0430\u0433\u0430\u0437\u0438\u043d Xstyle","isPartOf":{"@id":"https:\/\/xstyle.md\/#website"},"primaryImageOfPage":{"@id":"https:\/\/xstyle.md\/product\/velobutylka-fidlock-twist-590-ml-transparent-white\/#primaryimage"},"image":{"@id":"https:\/\/xstyle.md\/product\/velobutylka-fidlock-twist-590-ml-transparent-white\/#primaryimage"},"thumbnailUrl":"https:\/\/xstyle.md\/wp-content\/uploads\/2025\/07\/fidlock-twist-590-ml-transparent-white-1.webp","datePublished":"2025-07-28T09:54:15+00:00","dateModified":"2026-03-19T14:36:37+00:00","breadcrumb":{"@id":"https:\/\/xstyle.md\/product\/velobutylka-fidlock-twist-590-ml-transparent-white\/#breadcrumb"},"inLanguage":"ro-RO","potentialAction":[{"@type":"ReadAction","target":["https:\/\/xstyle.md\/product\/velobutylka-fidlock-twist-590-ml-transparent-white\/"]}]},{"@type":"ImageObject","inLanguage":"ro-RO","@id":"https:\/\/xstyle.md\/product\/velobutylka-fidlock-twist-590-ml-transparent-white\/#primaryimage","url":"https:\/\/xstyle.md\/wp-content\/uploads\/2025\/07\/fidlock-twist-590-ml-transparent-white-1.webp","contentUrl":"https:\/\/xstyle.md\/wp-content\/uploads\/2025\/07\/fidlock-twist-590-ml-transparent-white-1.webp","width":1200,"height":1200,"caption":"\u0411\u0443\u0442\u044b\u043b\u043a\u0430 \u0434\u043b\u044f \u043f\u0438\u0442\u044c\u044f Fidlock Twist 590 \u043c\u043b \u043f\u0440\u043e\u0437\u0440\u0430\u0447\u043d\u0430\u044f \u0431\u0435\u043b\u0430\u044f \u0434\u043b\u044f \u0430\u043a\u0442\u0438\u0432\u043d\u043e\u0433\u043e \u043e\u0442\u0434\u044b\u0445\u0430 \u0441\u043f\u043e\u0440\u0442 \u043f\u043e\u0445\u043e\u0434\u044b \u0442\u0443\u0440\u0438\u0437\u043c \u043e\u0431\u0443\u0432\u044c \u0438 \u043e\u0434\u0435\u0436\u0434\u0430 \u0434\u043b\u044f \u0431\u0435\u0433\u0430 \u0438 \u043f\u0443\u0442\u0435\u0448\u0435\u0441\u0442\u0432\u0438\u0439 \u0432 \u043e\u043d\u043b\u0430\u0439\u043d \u043c\u0430\u0433\u0430\u0437\u0438\u043d\u0435 \u0430\u043a\u0442\u0438\u0432\u043d\u044b\u0445 \u0442\u043e\u0432\u0430\u0440\u043e\u0432"},{"@type":"BreadcrumbList","@id":"https:\/\/xstyle.md\/product\/velobutylka-fidlock-twist-590-ml-transparent-white\/#breadcrumb","itemListElement":[{"@type":"ListItem","position":1,"name":"\u0413\u043b\u0430\u0432\u043d\u0430\u044f \u0441\u0442\u0440\u0430\u043d\u0438\u0446\u0430","item":"https:\/\/xstyle.md\/"},{"@type":"ListItem","position":2,"name":"\u041c\u0430\u0433\u0430\u0437\u0438\u043d","item":"https:\/\/xstyle.md\/shop\/"},{"@type":"ListItem","position":3,"name":"\u0412\u0435\u043b\u043e\u0431\u0443\u0442\u044b\u043b\u043a\u0430 Fidlock Twist 590 ml transparent white"}]},{"@type":"WebSite","@id":"https:\/\/xstyle.md\/#website","url":"https:\/\/xstyle.md\/","name":"Magazinul X-Style","description":"Echipamente pentru turism \u0219i sporturi extreme \u00een Moldova. Pre\u021buri, fotografii, caracteristici \u00een Moldova.","publisher":{"@id":"https:\/\/xstyle.md\/#organization"},"alternateName":"X-Style","potentialAction":[{"@type":"SearchAction","target":{"@type":"EntryPoint","urlTemplate":"https:\/\/xstyle.md\/?s={search_term_string}"},"query-input":{"@type":"PropertyValueSpecification","valueRequired":true,"valueName":"search_term_string"}}],"inLanguage":"ro-RO"},{"@type":"Organization","@id":"https:\/\/xstyle.md\/#organization","name":"Magazinul X-Style","alternateName":"x-style","url":"https:\/\/xstyle.md\/","logo":{"@type":"ImageObject","inLanguage":"ro-RO","@id":"https:\/\/xstyle.md\/#\/schema\/logo\/image\/","url":"https:\/\/xstyle.md\/wp-content\/uploads\/2020\/06\/logoicon.svg","contentUrl":"https:\/\/xstyle.md\/wp-content\/uploads\/2020\/06\/logoicon.svg","caption":"\u041c\u0430\u0433\u0430\u0437\u0438\u043d Xstyle"},"image":{"@id":"https:\/\/xstyle.md\/#\/schema\/logo\/image\/"},"sameAs":["https:\/\/www.facebook.com\/xstylemd","https:\/\/www.instagram.com\/xstyle_md\/","https:\/\/t.me\/xstyle_outdoor"],"hasMerchantReturnPolicy":{"@type":"MerchantReturnPolicy","merchantReturnLink":"https:\/\/xstyle.md\/ro\/conditions\/"}}]},"product_price_amount":"990.00","product_price_currency":"MDL","og_availability":"instock","product_availability":"instock","product_retailer_item_id":"4251207400995","product_condition":"new"},"post_mailing_queue_ids":[],"_links":{"self":[{"href":"https:\/\/xstyle.md\/ro\/wp-json\/wp\/v2\/product\/95989","targetHints":{"allow":["GET"]}}],"collection":[{"href":"https:\/\/xstyle.md\/ro\/wp-json\/wp\/v2\/product"}],"about":[{"href":"https:\/\/xstyle.md\/ro\/wp-json\/wp\/v2\/types\/product"}],"replies":[{"embeddable":true,"href":"https:\/\/xstyle.md\/ro\/wp-json\/wp\/v2\/comments?post=95989"}],"wp:featuredmedia":[{"embeddable":true,"href":"https:\/\/xstyle.md\/ro\/wp-json\/wp\/v2\/media\/101554"}],"wp:attachment":[{"href":"https:\/\/xstyle.md\/ro\/wp-json\/wp\/v2\/media?parent=95989"}],"wp:term":[{"taxonomy":"product_brand","embeddable":true,"href":"https:\/\/xstyle.md\/ro\/wp-json\/wp\/v2\/product_brand?post=95989"},{"taxonomy":"product_cat","embeddable":true,"href":"https:\/\/xstyle.md\/ro\/wp-json\/wp\/v2\/product_cat?post=95989"},{"taxonomy":"product_tag","embeddable":true,"href":"https:\/\/xstyle.md\/ro\/wp-json\/wp\/v2\/product_tag?post=95989"}],"curies":[{"name":"wp","href":"https:\/\/api.w.org\/{rel}","templated":true}]}}