{"id":95097,"date":"2025-06-12T17:50:23","date_gmt":"2025-06-12T14:50:23","guid":{"rendered":"https:\/\/xstyle.md\/?post_type=product&#038;p=95097"},"modified":"2025-10-27T12:50:47","modified_gmt":"2025-10-27T09:50:47","slug":"chajnik-primus-campfire-1-5-l-stainless-steel","status":"publish","type":"product","link":"https:\/\/xstyle.md\/ro\/produs\/chajnik-primus-campfire-1-5-l-stainless-steel\/","title":{"rendered":"Ceainic Primus Campfire 1.5 L Stainless Steel"},"content":{"rendered":"<p><strong>Primus Campfire 1.5 L Stainless Steel<\/strong> &#8212; \u043f\u0440\u043e\u0447\u043d\u044b\u0439 \u0438 \u0441\u0442\u0438\u043b\u044c\u043d\u044b\u0439 \u0447\u0430\u0439\u043d\u0438\u043a, \u0441\u043e\u0437\u0434\u0430\u043d\u043d\u044b\u0439 \u0434\u043b\u044f \u0442\u0435\u0445, \u043a\u0442\u043e \u0446\u0435\u043d\u0438\u0442 \u043a\u043e\u043c\u0444\u043e\u0440\u0442 \u0434\u0430\u0436\u0435 \u0432 \u043f\u043e\u0445\u043e\u0434\u043d\u044b\u0445 \u0443\u0441\u043b\u043e\u0432\u0438\u044f\u0445. \u0421 \u043d\u0438\u043c \u043b\u0435\u0433\u043a\u043e \u043d\u0430\u0447\u0430\u0442\u044c \u0443\u0442\u0440\u043e \u0441 \u0430\u0440\u043e\u043c\u0430\u0442\u043d\u043e\u0433\u043e \u043a\u043e\u0444\u0435 \u0438\u043b\u0438 \u0437\u0430\u0432\u0435\u0440\u0448\u0438\u0442\u044c \u0434\u0435\u043d\u044c \u0447\u0430\u0448\u043a\u043e\u0439 \u0433\u043e\u0440\u044f\u0447\u0435\u0433\u043e \u0447\u0430\u044f \u0443 \u043a\u043e\u0441\u0442\u0440\u0430.<\/p>\n<p>\u0418\u0437\u0433\u043e\u0442\u043e\u0432\u043b\u0435\u043d \u0438\u0437 \u043f\u0438\u0449\u0435\u0432\u043e\u0439 \u043d\u0435\u0440\u0436\u0430\u0432\u0435\u044e\u0449\u0435\u0439 \u0441\u0442\u0430\u043b\u0438 18\/8, \u043a\u043e\u0442\u043e\u0440\u0430\u044f \u043d\u0435 \u0432\u043f\u0438\u0442\u044b\u0432\u0430\u0435\u0442 \u0437\u0430\u043f\u0430\u0445\u0438 \u0438 \u043d\u0435 \u0432\u043b\u0438\u044f\u0435\u0442 \u043d\u0430 \u0432\u043a\u0443\u0441 \u043d\u0430\u043f\u0438\u0442\u043a\u043e\u0432. \u041c\u0435\u0434\u043d\u043e\u0435 \u0434\u043d\u043e \u043e\u0431\u0435\u0441\u043f\u0435\u0447\u0438\u0432\u0430\u0435\u0442 \u0440\u0430\u0432\u043d\u043e\u043c\u0435\u0440\u043d\u043e\u0435 \u0440\u0430\u0441\u043f\u0440\u0435\u0434\u0435\u043b\u0435\u043d\u0438\u0435 \u0442\u0435\u043f\u043b\u0430, \u0443\u0441\u043a\u043e\u0440\u044f\u044f \u043f\u0440\u043e\u0446\u0435\u0441\u0441 \u0437\u0430\u043a\u0438\u043f\u0430\u043d\u0438\u044f \u0432\u043e\u0434\u044b. \u0427\u0430\u0439\u043d\u0438\u043a \u043f\u043e\u0434\u0445\u043e\u0434\u0438\u0442 \u0434\u043b\u044f \u0438\u0441\u043f\u043e\u043b\u044c\u0437\u043e\u0432\u0430\u043d\u0438\u044f \u043a\u0430\u043a \u043d\u0430 \u0433\u0430\u0437\u043e\u0432\u043e\u0439 \u0433\u043e\u0440\u0435\u043b\u043a\u0435, \u0442\u0430\u043a \u0438 \u043d\u0430 \u043e\u0442\u043a\u0440\u044b\u0442\u043e\u043c \u043e\u0433\u043d\u0435, \u0447\u0442\u043e \u0434\u0435\u043b\u0430\u0435\u0442 \u0435\u0433\u043e \u0443\u043d\u0438\u0432\u0435\u0440\u0441\u0430\u043b\u044c\u043d\u044b\u043c \u0441\u043f\u0443\u0442\u043d\u0438\u043a\u043e\u043c \u0432 \u043f\u0443\u0442\u0435\u0448\u0435\u0441\u0442\u0432\u0438\u044f\u0445.<\/p>\n<h3>Particularit\u0103\u021bi<\/h3>\n<ul>\n<li>\u041f\u0440\u043e\u0447\u043d\u044b\u0439 \u043a\u043e\u0444\u0435\u0439\u043d\u0438\u043a \u0438\u0437 \u043d\u0435\u0440\u0436\u0430\u0432\u0435\u044e\u0449\u0435\u0439 \u0441\u0442\u0430\u043b\u0438 \u2014 \u0438\u0434\u0435\u0430\u043b\u044c\u043d\u043e \u043f\u043e\u0434\u0445\u043e\u0434\u0438\u0442 \u0434\u043b\u044f \u0443\u0442\u0440\u0435\u043d\u043d\u0435\u0433\u043e \u043a\u043e\u0444\u0435 \u0438\u043b\u0438 \u0447\u0430\u044f \u0443 \u043a\u043e\u0441\u0442\u0440\u0430<\/li>\n<li>\u041f\u0438\u0449\u0435\u0432\u0430\u044f \u043d\u0435\u0440\u0436\u0430\u0432\u0435\u044e\u0449\u0430\u044f \u0441\u0442\u0430\u043b\u044c 18\/8 \u2014 \u043d\u0435 \u0432\u044b\u0434\u0435\u043b\u044f\u0435\u0442 \u0438 \u043d\u0435 \u0432\u043f\u0438\u0442\u044b\u0432\u0430\u0435\u0442 \u0430\u0440\u043e\u043c\u0430\u0442\u044b<\/li>\n<li>\u041c\u0435\u0434\u043d\u043e\u0435 \u043e\u0441\u043d\u043e\u0432\u0430\u043d\u0438\u0435 \u2014 \u0440\u0430\u0432\u043d\u043e\u043c\u0435\u0440\u043d\u043e\u0435 \u0440\u0430\u0441\u043f\u0440\u0435\u0434\u0435\u043b\u0435\u043d\u0438\u0435 \u0442\u0435\u043f\u043b\u0430 \u0438 \u0431\u044b\u0441\u0442\u0440\u044b\u0439 \u043d\u0430\u0433\u0440\u0435\u0432<\/li>\n<li>\u0421\u043e\u0432\u043c\u0435\u0441\u0442\u0438\u043c \u0441 \u0431\u043e\u043b\u044c\u0448\u0438\u043d\u0441\u0442\u0432\u043e\u043c \u043f\u043b\u0438\u0442 \u0438 \u0433\u043e\u0440\u0435\u043b\u043e\u043a<\/li>\n<li>\u0421\u044a\u0451\u043c\u043d\u0430\u044f \u043a\u0440\u044b\u0448\u043a\u0430 \u2014 \u0443\u0434\u043e\u0431\u043d\u043e\u0435 \u043d\u0430\u043f\u043e\u043b\u043d\u0435\u043d\u0438\u0435 \u0438 \u043b\u0451\u0433\u043a\u0430\u044f \u043e\u0447\u0438\u0441\u0442\u043a\u0430<\/li>\n<li>\u0423\u0437\u043a\u0438\u0439 \u043d\u043e\u0441\u0438\u043a \u2014 \u0442\u043e\u0447\u043d\u043e\u0435 \u0438 \u0430\u043a\u043a\u0443\u0440\u0430\u0442\u043d\u043e\u0435 \u043d\u0430\u043b\u0438\u0432\u0430\u043d\u0438\u0435<\/li>\n<li>\u0421\u043a\u043b\u0430\u0434\u043d\u0430\u044f \u0440\u0443\u0447\u043a\u0430 \u2014 \u043a\u043e\u043c\u043f\u0430\u043a\u0442\u043d\u043e\u0435 \u0445\u0440\u0430\u043d\u0435\u043d\u0438\u0435 \u0438 \u0443\u0434\u043e\u0431\u043d\u0430\u044f \u0442\u0440\u0430\u043d\u0441\u043f\u043e\u0440\u0442\u0438\u0440\u043e\u0432\u043a\u0430<\/li>\n<\/ul>\n<h3>Caracteristici<\/h3>\n<ul>\n<li>\u041c\u0430\u0442\u0435\u0440\u0438\u0430\u043b \u2014 \u043d\u0435\u0440\u0436\u0430\u0432\u0435\u044e\u0449\u0430\u044f \u0441\u0442\u0430\u043b\u044c 18\/8, \u043c\u0435\u0434\u044c<\/li>\n<li>\u041e\u0431\u044a\u0435\u043c \u2014 1.5 \u043b<\/li>\n<li>\u0420\u0430\u0437\u043c\u0435\u0440\u044b \u2014 150 x 115 \u043c\u043c<\/li>\n<li>\u0412\u0435\u0441 \u2014 300 \u0433<\/li>\n<\/ul>\n<h3>Marca<\/h3>\n<p>Primus este o companie suedez\u0103 fondat\u0103 de mecanicul F.W.Lindqvist, care a inventat primul arz\u0103tor cu parafin\u0103, care nu avea fitil, iar designul sem\u0103na cu cel al unui blowtorch, f\u0103r\u0103 funingine \u0219i murd\u0103rie la utilizare. Ini\u021bial a fost conceput pentru a facilita g\u0103titul la domiciliu, dar cu timpul arz\u0103torul \u0219i-a schimbat scopul, devenind un instrument indispensabil pentru a face via\u021ba mai u\u0219oar\u0103 \u00een campingul amatorilor, \u00een taberele de baz\u0103 de alpinism \u0219i \u00een sta\u021bionarele mobile din expedi\u021biile de cercetare.<\/p>\n<p>Ast\u0103zi, legendara companie Primus produce o gam\u0103 larg\u0103 de produse pentru prepararea \u0219i conservarea alimentelor: arz\u0103toare care func\u021bioneaz\u0103 cu gaz sau combustibil lichid, seturi de vase pentru turism, termosuri, ceaune \u0219i butelii de gaz. Toate produsele sub logo-ul acestei companii sunt fiabile \u0219i durabile.<\/p>","protected":false},"excerpt":{"rendered":"<p>Primus Campfire 1.5 L Stainless Steel &#8212; \u043f\u0440\u043e\u0447\u043d\u044b\u0439 \u0438 \u0441\u0442\u0438\u043b\u044c\u043d\u044b\u0439 \u0447\u0430\u0439\u043d\u0438\u043a, \u0441\u043e\u0437\u0434\u0430\u043d\u043d\u044b\u0439 \u0434\u043b\u044f \u0442\u0435\u0445, \u043a\u0442\u043e \u0446\u0435\u043d\u0438\u0442 \u043a\u043e\u043c\u0444\u043e\u0440\u0442 \u0434\u0430\u0436\u0435 \u0432 \u043f\u043e\u0445\u043e\u0434\u043d\u044b\u0445 \u0443\u0441\u043b\u043e\u0432\u0438\u044f\u0445. \u0421 \u043d\u0438\u043c \u043b\u0435\u0433\u043a\u043e \u043d\u0430\u0447\u0430\u0442\u044c \u0443\u0442\u0440\u043e \u0441 \u0430\u0440\u043e\u043c\u0430\u0442\u043d\u043e\u0433\u043e \u043a\u043e\u0444\u0435 \u0438\u043b\u0438 \u0437\u0430\u0432\u0435\u0440\u0448\u0438\u0442\u044c \u0434\u0435\u043d\u044c \u0447\u0430\u0448\u043a\u043e\u0439 \u0433\u043e\u0440\u044f\u0447\u0435\u0433\u043e \u0447\u0430\u044f \u0443 \u043a\u043e\u0441\u0442\u0440\u0430. \u0418\u0437\u0433\u043e\u0442\u043e\u0432\u043b\u0435\u043d \u0438\u0437 \u043f\u0438\u0449\u0435\u0432\u043e\u0439 \u043d\u0435\u0440\u0436\u0430\u0432\u0435\u044e\u0449\u0435\u0439 \u0441\u0442\u0430\u043b\u0438 18\/8, \u043a\u043e\u0442\u043e\u0440\u0430\u044f \u043d\u0435 \u0432\u043f\u0438\u0442\u044b\u0432\u0430\u0435\u0442 \u0437\u0430\u043f\u0430\u0445\u0438 \u0438 \u043d\u0435 \u0432\u043b\u0438\u044f\u0435\u0442 \u043d\u0430 \u0432\u043a\u0443\u0441 \u043d\u0430\u043f\u0438\u0442\u043a\u043e\u0432. \u041c\u0435\u0434\u043d\u043e\u0435 \u0434\u043d\u043e [&hellip;]<\/p>\n","protected":false},"featured_media":97450,"comment_status":"open","ping_status":"closed","template":"","meta":{"_acf_changed":false,"inline_featured_image":false},"product_brand":[1494],"product_cat":[155],"product_tag":[],"class_list":{"0":"post-95097","1":"product","2":"type-product","3":"status-publish","4":"has-post-thumbnail","6":"product_brand-silva","7":"product_cat-teapot","9":"first","10":"instock","11":"shipping-taxable","12":"purchasable","13":"product-type-simple"},"acf":[],"yoast_head":"<!-- This site is optimized with the Yoast SEO plugin v27.2 - https:\/\/yoast.com\/product\/yoast-seo-wordpress\/ -->\n<title>\u0427\u0430\u0439\u043d\u0438\u043a Primus Campfire 1.5 L Stainless Steel - \u041c\u0430\u0433\u0430\u0437\u0438\u043d Xstyle<\/title>\n<meta name=\"robots\" content=\"index, follow, max-snippet:-1, max-image-preview:large, max-video-preview:-1\" \/>\n<link rel=\"canonical\" href=\"https:\/\/xstyle.md\/ro\/produs\/chajnik-primus-campfire-1-5-l-stainless-steel\/\" \/>\n<meta property=\"og:locale\" content=\"ro_RO\" \/>\n<meta property=\"og:type\" content=\"article\" \/>\n<meta property=\"og:title\" content=\"\u0427\u0430\u0439\u043d\u0438\u043a Primus Campfire 1.5 L Stainless Steel - \u041c\u0430\u0433\u0430\u0437\u0438\u043d Xstyle\" \/>\n<meta property=\"og:description\" content=\"Primus Campfire 1.5 L Stainless Steel &#8212; \u043f\u0440\u043e\u0447\u043d\u044b\u0439 \u0438 \u0441\u0442\u0438\u043b\u044c\u043d\u044b\u0439 \u0447\u0430\u0439\u043d\u0438\u043a, \u0441\u043e\u0437\u0434\u0430\u043d\u043d\u044b\u0439 \u0434\u043b\u044f \u0442\u0435\u0445, \u043a\u0442\u043e \u0446\u0435\u043d\u0438\u0442 \u043a\u043e\u043c\u0444\u043e\u0440\u0442 \u0434\u0430\u0436\u0435 \u0432 \u043f\u043e\u0445\u043e\u0434\u043d\u044b\u0445 \u0443\u0441\u043b\u043e\u0432\u0438\u044f\u0445. \u0421 \u043d\u0438\u043c \u043b\u0435\u0433\u043a\u043e \u043d\u0430\u0447\u0430\u0442\u044c \u0443\u0442\u0440\u043e \u0441 \u0430\u0440\u043e\u043c\u0430\u0442\u043d\u043e\u0433\u043e \u043a\u043e\u0444\u0435 \u0438\u043b\u0438 \u0437\u0430\u0432\u0435\u0440\u0448\u0438\u0442\u044c \u0434\u0435\u043d\u044c \u0447\u0430\u0448\u043a\u043e\u0439 \u0433\u043e\u0440\u044f\u0447\u0435\u0433\u043e \u0447\u0430\u044f \u0443 \u043a\u043e\u0441\u0442\u0440\u0430. \u0418\u0437\u0433\u043e\u0442\u043e\u0432\u043b\u0435\u043d \u0438\u0437 \u043f\u0438\u0449\u0435\u0432\u043e\u0439 \u043d\u0435\u0440\u0436\u0430\u0432\u0435\u044e\u0449\u0435\u0439 \u0441\u0442\u0430\u043b\u0438 18\/8, \u043a\u043e\u0442\u043e\u0440\u0430\u044f \u043d\u0435 \u0432\u043f\u0438\u0442\u044b\u0432\u0430\u0435\u0442 \u0437\u0430\u043f\u0430\u0445\u0438 \u0438 \u043d\u0435 \u0432\u043b\u0438\u044f\u0435\u0442 \u043d\u0430 \u0432\u043a\u0443\u0441 \u043d\u0430\u043f\u0438\u0442\u043a\u043e\u0432. \u041c\u0435\u0434\u043d\u043e\u0435 \u0434\u043d\u043e [&hellip;]\" \/>\n<meta property=\"og:url\" content=\"https:\/\/xstyle.md\/ro\/produs\/chajnik-primus-campfire-1-5-l-stainless-steel\/\" \/>\n<meta property=\"og:site_name\" content=\"\u041c\u0430\u0433\u0430\u0437\u0438\u043d Xstyle\" \/>\n<meta property=\"article:publisher\" content=\"https:\/\/www.facebook.com\/xstylemd\" \/>\n<meta property=\"article:modified_time\" content=\"2025-10-27T09:50:47+00:00\" \/>\n<meta property=\"og:image\" content=\"https:\/\/xstyle.md\/wp-content\/uploads\/2025\/06\/primus-campfire-1.5-l-stainless-steel.webp\" \/>\n\t<meta property=\"og:image:width\" content=\"1080\" \/>\n\t<meta property=\"og:image:height\" content=\"1080\" \/>\n\t<meta property=\"og:image:type\" content=\"image\/webp\" \/>\n<meta name=\"twitter:card\" content=\"summary_large_image\" \/>\n<meta name=\"twitter:label1\" content=\"Pre\u021b\" \/>\n\t<meta name=\"twitter:data1\" content=\"1.050&nbsp;MDL\" \/>\n\t<meta name=\"twitter:label2\" content=\"Disponibilitate\" \/>\n\t<meta name=\"twitter:data2\" content=\"\u00cen stoc\" \/>\n<script type=\"application\/ld+json\" class=\"yoast-schema-graph\">{\"@context\":\"https:\/\/schema.org\",\"@graph\":[{\"@type\":\"WebPage\",\"@id\":\"https:\/\/xstyle.md\/product\/chajnik-primus-campfire-1-5-l-stainless-steel\/\",\"url\":\"https:\/\/xstyle.md\/product\/chajnik-primus-campfire-1-5-l-stainless-steel\/\",\"name\":\"\u0427\u0430\u0439\u043d\u0438\u043a Primus Campfire 1.5 L Stainless Steel - \u041c\u0430\u0433\u0430\u0437\u0438\u043d Xstyle\",\"isPartOf\":{\"@id\":\"https:\/\/xstyle.md\/#website\"},\"primaryImageOfPage\":{\"@id\":\"https:\/\/xstyle.md\/product\/chajnik-primus-campfire-1-5-l-stainless-steel\/#primaryimage\"},\"image\":{\"@id\":\"https:\/\/xstyle.md\/product\/chajnik-primus-campfire-1-5-l-stainless-steel\/#primaryimage\"},\"thumbnailUrl\":\"https:\/\/xstyle.md\/wp-content\/uploads\/2025\/06\/primus-campfire-1.5-l-stainless-steel.webp\",\"datePublished\":\"2025-06-12T14:50:23+00:00\",\"dateModified\":\"2025-10-27T09:50:47+00:00\",\"breadcrumb\":{\"@id\":\"https:\/\/xstyle.md\/product\/chajnik-primus-campfire-1-5-l-stainless-steel\/#breadcrumb\"},\"inLanguage\":\"ro-RO\",\"potentialAction\":[{\"@type\":\"ReadAction\",\"target\":[\"https:\/\/xstyle.md\/product\/chajnik-primus-campfire-1-5-l-stainless-steel\/\"]}]},{\"@type\":\"ImageObject\",\"inLanguage\":\"ro-RO\",\"@id\":\"https:\/\/xstyle.md\/product\/chajnik-primus-campfire-1-5-l-stainless-steel\/#primaryimage\",\"url\":\"https:\/\/xstyle.md\/wp-content\/uploads\/2025\/06\/primus-campfire-1.5-l-stainless-steel.webp\",\"contentUrl\":\"https:\/\/xstyle.md\/wp-content\/uploads\/2025\/06\/primus-campfire-1.5-l-stainless-steel.webp\",\"width\":1080,\"height\":1080,\"caption\":\"\u0422\u0435\u0440\u043c\u043e\u043a\u0440\u0443\u0436\u043a\u0430 Primus Campfire 1.5 \u043b \u0438\u0437 \u043d\u0435\u0440\u0436\u0430\u0432\u0435\u044e\u0449\u0435\u0439 \u0441\u0442\u0430\u043b\u0438 \u0434\u043b\u044f \u0430\u043a\u0442\u0438\u0432\u043d\u043e\u0433\u043e \u043e\u0442\u0434\u044b\u0445\u0430, \u043f\u043e\u0445\u043e\u0434\u043e\u0432, \u043f\u0443\u0442\u0435\u0448\u0435\u0441\u0442\u0432\u0438\u0439 \u0438 \u0442\u0443\u0440\u0438\u0437\u043c\u0430, \u044d\u043a\u0438\u043f\u0438\u0440\u043e\u0432\u043a\u0430 \u0434\u043b\u044f \u0430\u043a\u0442\u0438\u0432\u043d\u043e\u0439 \u0436\u0438\u0437\u043d\u0438, \u043f\u043e\u0445\u043e\u0434\u043d\u0430\u044f \u043f\u043e\u0441\u0443\u0434\u0430 \u0434\u043b\u044f \u043f\u043e\u0445\u043e\u0434\u043e\u0432 \u0438 \u0430\u043b\u044c\u043f\u0438\u043d\u0438\u0437\u043c\u0430\"},{\"@type\":\"BreadcrumbList\",\"@id\":\"https:\/\/xstyle.md\/product\/chajnik-primus-campfire-1-5-l-stainless-steel\/#breadcrumb\",\"itemListElement\":[{\"@type\":\"ListItem\",\"position\":1,\"name\":\"\u0413\u043b\u0430\u0432\u043d\u0430\u044f \u0441\u0442\u0440\u0430\u043d\u0438\u0446\u0430\",\"item\":\"https:\/\/xstyle.md\/\"},{\"@type\":\"ListItem\",\"position\":2,\"name\":\"\u041c\u0430\u0433\u0430\u0437\u0438\u043d\",\"item\":\"https:\/\/xstyle.md\/shop\/\"},{\"@type\":\"ListItem\",\"position\":3,\"name\":\"\u0427\u0430\u0439\u043d\u0438\u043a Primus Campfire 1.5 L Stainless Steel\"}]},{\"@type\":\"WebSite\",\"@id\":\"https:\/\/xstyle.md\/#website\",\"url\":\"https:\/\/xstyle.md\/\",\"name\":\"\u041c\u0430\u0433\u0430\u0437\u0438\u043d Xstyle\",\"description\":\"C\u043d\u0430\u0440\u044f\u0436\u0435\u043d\u0438\u0435 \u0434\u043b\u044f \u0442\u0443\u0440\u0438\u0437\u043c\u0430 \u0438 \u044d\u043a\u0441\u0442\u0440\u0435\u043c\u0430\u043b\u044c\u043d\u044b\u0445 \u0432\u0438\u0434\u043e\u0432 \u0441\u043f\u043e\u0440\u0442\u0430 \u0432 \u041c\u043e\u043b\u0434\u043e\u0432\u0435.. \u0426\u0435\u043d\u044b, \u0444\u043e\u0442\u043e, \u0445\u0430\u0440\u0430\u043a\u0442\u0435\u0440\u0438\u0441\u0442\u0438\u043a\u0438 \u0432 \u041c\u043e\u043b\u0434\u043e\u0432\u0435.\",\"publisher\":{\"@id\":\"https:\/\/xstyle.md\/#organization\"},\"alternateName\":\"X-Style\",\"potentialAction\":[{\"@type\":\"SearchAction\",\"target\":{\"@type\":\"EntryPoint\",\"urlTemplate\":\"https:\/\/xstyle.md\/?s={search_term_string}\"},\"query-input\":{\"@type\":\"PropertyValueSpecification\",\"valueRequired\":true,\"valueName\":\"search_term_string\"}}],\"inLanguage\":\"ro-RO\"},{\"@type\":\"Organization\",\"@id\":\"https:\/\/xstyle.md\/#organization\",\"name\":\"\u041c\u0430\u0433\u0430\u0437\u0438\u043d Xstyle\",\"alternateName\":\"x-style\",\"url\":\"https:\/\/xstyle.md\/\",\"logo\":{\"@type\":\"ImageObject\",\"inLanguage\":\"ro-RO\",\"@id\":\"https:\/\/xstyle.md\/#\/schema\/logo\/image\/\",\"url\":\"https:\/\/xstyle.md\/wp-content\/uploads\/2020\/06\/logoicon.svg\",\"contentUrl\":\"https:\/\/xstyle.md\/wp-content\/uploads\/2020\/06\/logoicon.svg\",\"caption\":\"\u041c\u0430\u0433\u0430\u0437\u0438\u043d Xstyle\"},\"image\":{\"@id\":\"https:\/\/xstyle.md\/#\/schema\/logo\/image\/\"},\"sameAs\":[\"https:\/\/www.facebook.com\/xstylemd\",\"https:\/\/www.instagram.com\/xstyle_md\/\",\"https:\/\/t.me\/xstyle_outdoor\"],\"hasMerchantReturnPolicy\":{\"@type\":\"MerchantReturnPolicy\",\"merchantReturnLink\":\"https:\/\/xstyle.md\/ro\/conditions\/\"}}]}<\/script>\n<meta property=\"product:price:amount\" content=\"1050.00\" \/>\n<meta property=\"product:price:currency\" content=\"MDL\" \/>\n<meta property=\"og:availability\" content=\"instock\" \/>\n<meta property=\"product:availability\" content=\"instock\" \/>\n<meta property=\"product:retailer_item_id\" content=\"7330033000863\" \/>\n<meta property=\"product:condition\" content=\"new\" \/>\n<!-- \/ Yoast SEO plugin. -->","yoast_head_json":{"title":"\u0427\u0430\u0439\u043d\u0438\u043a Primus Campfire 1.5 L Stainless Steel - \u041c\u0430\u0433\u0430\u0437\u0438\u043d Xstyle","robots":{"index":"index","follow":"follow","max-snippet":"max-snippet:-1","max-image-preview":"max-image-preview:large","max-video-preview":"max-video-preview:-1"},"canonical":"https:\/\/xstyle.md\/ro\/produs\/chajnik-primus-campfire-1-5-l-stainless-steel\/","og_locale":"ro_RO","og_type":"article","og_title":"\u0427\u0430\u0439\u043d\u0438\u043a Primus Campfire 1.5 L Stainless Steel - \u041c\u0430\u0433\u0430\u0437\u0438\u043d Xstyle","og_description":"Primus Campfire 1.5 L Stainless Steel &#8212; \u043f\u0440\u043e\u0447\u043d\u044b\u0439 \u0438 \u0441\u0442\u0438\u043b\u044c\u043d\u044b\u0439 \u0447\u0430\u0439\u043d\u0438\u043a, \u0441\u043e\u0437\u0434\u0430\u043d\u043d\u044b\u0439 \u0434\u043b\u044f \u0442\u0435\u0445, \u043a\u0442\u043e \u0446\u0435\u043d\u0438\u0442 \u043a\u043e\u043c\u0444\u043e\u0440\u0442 \u0434\u0430\u0436\u0435 \u0432 \u043f\u043e\u0445\u043e\u0434\u043d\u044b\u0445 \u0443\u0441\u043b\u043e\u0432\u0438\u044f\u0445. \u0421 \u043d\u0438\u043c \u043b\u0435\u0433\u043a\u043e \u043d\u0430\u0447\u0430\u0442\u044c \u0443\u0442\u0440\u043e \u0441 \u0430\u0440\u043e\u043c\u0430\u0442\u043d\u043e\u0433\u043e \u043a\u043e\u0444\u0435 \u0438\u043b\u0438 \u0437\u0430\u0432\u0435\u0440\u0448\u0438\u0442\u044c \u0434\u0435\u043d\u044c \u0447\u0430\u0448\u043a\u043e\u0439 \u0433\u043e\u0440\u044f\u0447\u0435\u0433\u043e \u0447\u0430\u044f \u0443 \u043a\u043e\u0441\u0442\u0440\u0430. \u0418\u0437\u0433\u043e\u0442\u043e\u0432\u043b\u0435\u043d \u0438\u0437 \u043f\u0438\u0449\u0435\u0432\u043e\u0439 \u043d\u0435\u0440\u0436\u0430\u0432\u0435\u044e\u0449\u0435\u0439 \u0441\u0442\u0430\u043b\u0438 18\/8, \u043a\u043e\u0442\u043e\u0440\u0430\u044f \u043d\u0435 \u0432\u043f\u0438\u0442\u044b\u0432\u0430\u0435\u0442 \u0437\u0430\u043f\u0430\u0445\u0438 \u0438 \u043d\u0435 \u0432\u043b\u0438\u044f\u0435\u0442 \u043d\u0430 \u0432\u043a\u0443\u0441 \u043d\u0430\u043f\u0438\u0442\u043a\u043e\u0432. \u041c\u0435\u0434\u043d\u043e\u0435 \u0434\u043d\u043e [&hellip;]","og_url":"https:\/\/xstyle.md\/ro\/produs\/chajnik-primus-campfire-1-5-l-stainless-steel\/","og_site_name":"\u041c\u0430\u0433\u0430\u0437\u0438\u043d Xstyle","article_publisher":"https:\/\/www.facebook.com\/xstylemd","article_modified_time":"2025-10-27T09:50:47+00:00","og_image":[{"width":1080,"height":1080,"url":"https:\/\/xstyle.md\/wp-content\/uploads\/2025\/06\/primus-campfire-1.5-l-stainless-steel.webp","type":"image\/webp"}],"twitter_card":"summary_large_image","twitter_misc":{"Pre\u021b":"1.050&nbsp;MDL","Disponibilitate":"\u00cen stoc"},"schema":{"@context":"https:\/\/schema.org","@graph":[{"@type":"WebPage","@id":"https:\/\/xstyle.md\/product\/chajnik-primus-campfire-1-5-l-stainless-steel\/","url":"https:\/\/xstyle.md\/product\/chajnik-primus-campfire-1-5-l-stainless-steel\/","name":"\u0427\u0430\u0439\u043d\u0438\u043a Primus Campfire 1.5 L Stainless Steel - \u041c\u0430\u0433\u0430\u0437\u0438\u043d Xstyle","isPartOf":{"@id":"https:\/\/xstyle.md\/#website"},"primaryImageOfPage":{"@id":"https:\/\/xstyle.md\/product\/chajnik-primus-campfire-1-5-l-stainless-steel\/#primaryimage"},"image":{"@id":"https:\/\/xstyle.md\/product\/chajnik-primus-campfire-1-5-l-stainless-steel\/#primaryimage"},"thumbnailUrl":"https:\/\/xstyle.md\/wp-content\/uploads\/2025\/06\/primus-campfire-1.5-l-stainless-steel.webp","datePublished":"2025-06-12T14:50:23+00:00","dateModified":"2025-10-27T09:50:47+00:00","breadcrumb":{"@id":"https:\/\/xstyle.md\/product\/chajnik-primus-campfire-1-5-l-stainless-steel\/#breadcrumb"},"inLanguage":"ro-RO","potentialAction":[{"@type":"ReadAction","target":["https:\/\/xstyle.md\/product\/chajnik-primus-campfire-1-5-l-stainless-steel\/"]}]},{"@type":"ImageObject","inLanguage":"ro-RO","@id":"https:\/\/xstyle.md\/product\/chajnik-primus-campfire-1-5-l-stainless-steel\/#primaryimage","url":"https:\/\/xstyle.md\/wp-content\/uploads\/2025\/06\/primus-campfire-1.5-l-stainless-steel.webp","contentUrl":"https:\/\/xstyle.md\/wp-content\/uploads\/2025\/06\/primus-campfire-1.5-l-stainless-steel.webp","width":1080,"height":1080,"caption":"\u0422\u0435\u0440\u043c\u043e\u043a\u0440\u0443\u0436\u043a\u0430 Primus Campfire 1.5 \u043b \u0438\u0437 \u043d\u0435\u0440\u0436\u0430\u0432\u0435\u044e\u0449\u0435\u0439 \u0441\u0442\u0430\u043b\u0438 \u0434\u043b\u044f \u0430\u043a\u0442\u0438\u0432\u043d\u043e\u0433\u043e \u043e\u0442\u0434\u044b\u0445\u0430, \u043f\u043e\u0445\u043e\u0434\u043e\u0432, \u043f\u0443\u0442\u0435\u0448\u0435\u0441\u0442\u0432\u0438\u0439 \u0438 \u0442\u0443\u0440\u0438\u0437\u043c\u0430, \u044d\u043a\u0438\u043f\u0438\u0440\u043e\u0432\u043a\u0430 \u0434\u043b\u044f \u0430\u043a\u0442\u0438\u0432\u043d\u043e\u0439 \u0436\u0438\u0437\u043d\u0438, \u043f\u043e\u0445\u043e\u0434\u043d\u0430\u044f \u043f\u043e\u0441\u0443\u0434\u0430 \u0434\u043b\u044f \u043f\u043e\u0445\u043e\u0434\u043e\u0432 \u0438 \u0430\u043b\u044c\u043f\u0438\u043d\u0438\u0437\u043c\u0430"},{"@type":"BreadcrumbList","@id":"https:\/\/xstyle.md\/product\/chajnik-primus-campfire-1-5-l-stainless-steel\/#breadcrumb","itemListElement":[{"@type":"ListItem","position":1,"name":"\u0413\u043b\u0430\u0432\u043d\u0430\u044f \u0441\u0442\u0440\u0430\u043d\u0438\u0446\u0430","item":"https:\/\/xstyle.md\/"},{"@type":"ListItem","position":2,"name":"\u041c\u0430\u0433\u0430\u0437\u0438\u043d","item":"https:\/\/xstyle.md\/shop\/"},{"@type":"ListItem","position":3,"name":"\u0427\u0430\u0439\u043d\u0438\u043a Primus Campfire 1.5 L Stainless Steel"}]},{"@type":"WebSite","@id":"https:\/\/xstyle.md\/#website","url":"https:\/\/xstyle.md\/","name":"Magazinul X-Style","description":"Echipamente pentru turism \u0219i sporturi extreme \u00een Moldova. Pre\u021buri, fotografii, caracteristici \u00een Moldova.","publisher":{"@id":"https:\/\/xstyle.md\/#organization"},"alternateName":"X-Style","potentialAction":[{"@type":"SearchAction","target":{"@type":"EntryPoint","urlTemplate":"https:\/\/xstyle.md\/?s={search_term_string}"},"query-input":{"@type":"PropertyValueSpecification","valueRequired":true,"valueName":"search_term_string"}}],"inLanguage":"ro-RO"},{"@type":"Organization","@id":"https:\/\/xstyle.md\/#organization","name":"Magazinul X-Style","alternateName":"x-style","url":"https:\/\/xstyle.md\/","logo":{"@type":"ImageObject","inLanguage":"ro-RO","@id":"https:\/\/xstyle.md\/#\/schema\/logo\/image\/","url":"https:\/\/xstyle.md\/wp-content\/uploads\/2020\/06\/logoicon.svg","contentUrl":"https:\/\/xstyle.md\/wp-content\/uploads\/2020\/06\/logoicon.svg","caption":"\u041c\u0430\u0433\u0430\u0437\u0438\u043d Xstyle"},"image":{"@id":"https:\/\/xstyle.md\/#\/schema\/logo\/image\/"},"sameAs":["https:\/\/www.facebook.com\/xstylemd","https:\/\/www.instagram.com\/xstyle_md\/","https:\/\/t.me\/xstyle_outdoor"],"hasMerchantReturnPolicy":{"@type":"MerchantReturnPolicy","merchantReturnLink":"https:\/\/xstyle.md\/ro\/conditions\/"}}]},"product_price_amount":"1050.00","product_price_currency":"MDL","og_availability":"instock","product_availability":"instock","product_retailer_item_id":"7330033000863","product_condition":"new"},"post_mailing_queue_ids":[],"_links":{"self":[{"href":"https:\/\/xstyle.md\/ro\/wp-json\/wp\/v2\/product\/95097","targetHints":{"allow":["GET"]}}],"collection":[{"href":"https:\/\/xstyle.md\/ro\/wp-json\/wp\/v2\/product"}],"about":[{"href":"https:\/\/xstyle.md\/ro\/wp-json\/wp\/v2\/types\/product"}],"replies":[{"embeddable":true,"href":"https:\/\/xstyle.md\/ro\/wp-json\/wp\/v2\/comments?post=95097"}],"wp:featuredmedia":[{"embeddable":true,"href":"https:\/\/xstyle.md\/ro\/wp-json\/wp\/v2\/media\/97450"}],"wp:attachment":[{"href":"https:\/\/xstyle.md\/ro\/wp-json\/wp\/v2\/media?parent=95097"}],"wp:term":[{"taxonomy":"product_brand","embeddable":true,"href":"https:\/\/xstyle.md\/ro\/wp-json\/wp\/v2\/product_brand?post=95097"},{"taxonomy":"product_cat","embeddable":true,"href":"https:\/\/xstyle.md\/ro\/wp-json\/wp\/v2\/product_cat?post=95097"},{"taxonomy":"product_tag","embeddable":true,"href":"https:\/\/xstyle.md\/ro\/wp-json\/wp\/v2\/product_tag?post=95097"}],"curies":[{"name":"wp","href":"https:\/\/api.w.org\/{rel}","templated":true}]}}