{"id":95081,"date":"2025-09-12T17:50:18","date_gmt":"2025-09-12T14:50:18","guid":{"rendered":"https:\/\/xstyle.md\/?post_type=product&#038;p=95081"},"modified":"2026-03-19T17:36:29","modified_gmt":"2026-03-19T14:36:29","slug":"krossovki-scott-pursuit-ride-2-black-dark-blue","status":"publish","type":"product","link":"https:\/\/xstyle.md\/ro\/produs\/krossovki-scott-pursuit-ride-2-black-dark-blue\/","title":{"rendered":"Adida\u0219i Scott Pursuit Ride 2 black\/dark blue"},"content":{"rendered":"<p><\/p>\n<p><strong>Scott Pursuit Ride 2<\/strong> &#8212; sunt partenerii ideali pentru antrenamentele zilnice, care se pot transforma \u00een orice moment \u00een alia\u021bi rapizi pentru competi\u021bii. U\u0219ori, dinamici \u0219i versatili, ace\u0219ti pantofi sunt crea\u021bi pentru alerg\u0103torii care \u00ee\u0219i doresc o \u00eenc\u0103l\u021b\u0103minte confortabil\u0103 \u0219i reactiv\u0103, capabil\u0103 s\u0103 fac\u0103 fa\u021b\u0103 at\u00e2t unui ritm constant, c\u00e2t \u0219i sprinturilor spre linia de sosire.<\/p>\n<h3>Particularit\u0103\u021bi<\/h3>\n<ul>\n<li>Talp\u0103 intermediar\u0103 din spum\u0103 inovatoare Kinetic Foam cu azot &#8212; u\u0219oar\u0103, moale \u0219i reactiv\u0103, \u00ee\u0219i p\u0103streaz\u0103 propriet\u0103\u021bile \u00een orice condi\u021bii meteorologice<\/li>\n<li>Geometrie rocker actualizat\u0103 ER3 (Evolved Rocker) &#8212; asigur\u0103 o tranzi\u021bie eficient\u0103, sus\u021bine mi\u0219carea natural\u0103 a piciorului \u0219i spore\u0219te stabilitatea<\/li>\n<li>Partea superioar\u0103 din plas\u0103 u\u0219oar\u0103 \u0219i respirabil\u0103 &#8212; se muleaz\u0103 str\u00e2ns pe picior pentru un confort maxim<\/li>\n<li>Talp\u0103 exterioar\u0103 cu suprafa\u021b\u0103 de contact m\u0103rit\u0103 \u0219i tehnologie Flat Traction &#8212; garanteaz\u0103 o aderen\u021b\u0103 sigur\u0103 pe asfalt umed \u0219i teren u\u0219or (light trail)<\/li>\n<li>Limb\u0103 sub\u021bire, par\u021bial integrat\u0103 \u0219i guler moale la nivelul gleznei &#8212; Ofer\u0103 o potrivire fix\u0103 \u0219i confortabil\u0103<\/li>\n<li>Inser\u021bii laterale de ranforsare din TPU &#8212; fixeaz\u0103 piciorul \u00een interiorul pantofului<\/li>\n<li>Bran\u021b anatomic OrthoLite ECO X-40 &#8212; adaug\u0103 un plus de amortizare \u0219i confort<\/li>\n<\/ul>\n<h3>Caracteristici<\/h3>\n<ul>\n<li>Material exterior &#8212; plas\u0103 respirabil\u0103<\/li>\n<li>Bran\u021b &#8212; OrthoLite\u00ae ECO X40\u2122<\/li>\n<li>Talp\u0103 intermediar\u0103 &#8212; Kinetic Foam<\/li>\n<li>Talp\u0103 exterioar\u0103 &#8212; Flat Traction<\/li>\n<li>Destina\u021bie &#8212; alergare \/ antrenamente de alergare<\/li>\n<li>Greutate &#8212; 265 g<\/li>\n<\/ul>\n<p><\/p>\n<h3>Marca<\/h3>\n<p>Scott Sports - este un brand elve\u021bian premium cu o istorie de peste 60 de ani, fiind renumit \u00een special pentru produc\u021bia celor mai u\u0219oare biciclete din lume. Lider \u00een industria mondial\u0103 a ciclismului, compania creeaz\u0103 biciclete pe care concureaz\u0103 \u0219i c\u00e2\u0219tig\u0103 cei mai buni atle\u021bi ai planetei. Pe l\u00e2ng\u0103 acestea, Scott este una dintre pu\u021binele companii care ofer\u0103 o gam\u0103 variat\u0103 de echipamente suplimentare: \u00eembr\u0103c\u0103minte, \u00eenc\u0103l\u021b\u0103minte \u0219i accesorii pentru ciclism. Produsele lor sunt caracterizate prin tehnologie avansat\u0103, stil, confort \u0219i fiabilitate. Cu Scott, ave\u021bi posibilitatea de a v\u0103 echipa complet folosind produsele unuia dintre cele mai bune branduri sportive din lume.<\/p>","protected":false},"excerpt":{"rendered":"<p>\u0411\u0440\u0435\u043d\u0434 Scott Sports \u2013 \u0448\u0432\u0435\u0439\u0446\u0430\u0440\u0441\u043a\u0438\u0439 \u043f\u0440\u0435\u043c\u0438\u0430\u043b\u044c\u043d\u044b\u0439 \u0431\u0440\u0435\u043d\u0434 \u0441 60-\u043b\u0435\u0442\u043d\u0435\u0439 \u0438\u0441\u0442\u043e\u0440\u0438\u0435\u0439, \u043d\u0430\u0438\u0431\u043e\u043b\u0435\u0435 \u0438\u0437\u0432\u0435\u0441\u0442\u043d\u044b\u0439 \u043f\u0440\u0435\u0436\u0434\u0435 \u0432\u0441\u0435\u0433\u043e \u0441\u0430\u043c\u044b\u043c\u0438 \u043b\u0435\u0433\u043a\u0438\u043c\u0438 \u0432\u0435\u043b\u043e\u0441\u0438\u043f\u0435\u0434\u0430\u043c\u0438. \u041b\u0438\u0434\u0438\u0440\u0443\u044e\u0449\u0430\u044f \u043a\u043e\u043c\u043f\u0430\u043d\u0438\u044f \u043c\u0438\u0440\u043e\u0432\u043e\u0439 \u0432\u0435\u043b\u043e\u0441\u0438\u043f\u0435\u0434\u043d\u043e\u0439 \u0438\u043d\u0434\u0443\u0441\u0442\u0440\u0438\u0438 \u0438\u0437\u0433\u043e\u0442\u0430\u0432\u043b\u0438\u0432\u0430\u0435\u0442 \u0432\u0435\u043b\u043e\u0441\u0438\u043f\u0435\u0434\u044b, \u043d\u0430 \u043a\u043e\u0442\u043e\u0440\u044b\u0445 \u0441\u043e\u0440\u0435\u0432\u043d\u0443\u044e\u0442\u0441\u044f \u0438 \u043f\u043e\u0431\u0435\u0436\u0434\u0430\u044e\u0442 \u043b\u0443\u0447\u0448\u0438\u0435 \u0430\u0442\u043b\u0435\u0442\u044b \u043f\u043b\u0430\u043d\u0435\u0442\u044b. \u041a\u0440\u043e\u043c\u0435 \u044d\u0442\u043e\u0433\u043e, Scott \u2013 \u044d\u0442\u043e \u043e\u0434\u043d\u0430 \u0438\u0437 \u043d\u0435\u043c\u043d\u043e\u0433\u0438\u0445 \u043a\u043e\u043c\u043f\u0430\u043d\u0438\u0439, \u043a\u043e\u0442\u043e\u0440\u044b\u0435 \u043c\u043e\u0433\u0443\u0442 \u043f\u0440\u0435\u0434\u043b\u043e\u0436\u0438\u0442\u044c \u0431\u043e\u0433\u0430\u0442\u044b\u0439 \u0432\u044b\u0431\u043e\u0440 \u0434\u043e\u043f\u043e\u043b\u043d\u0438\u0442\u0435\u043b\u044c\u043d\u043e\u0439 \u044d\u043a\u0438\u043f\u0438\u0440\u043e\u0432\u043a\u0438: \u0432\u0435\u043b\u043e\u043e\u0434\u0435\u0436\u0434\u044b, \u043e\u0431\u0443\u0432\u0438 \u0438 \u0430\u043a\u0441\u0435\u0441\u0441\u0443\u0430\u0440\u043e\u0432 \u0434\u043b\u044f \u0432\u0435\u043b\u043e\u0441\u043f\u043e\u0440\u0442\u0430. \u0412\u044b\u0441\u043e\u043a\u043e\u0442\u0435\u0445\u043d\u043e\u043b\u043e\u0433\u0438\u0447\u043d\u044b\u0435, [&hellip;]<\/p>\n","protected":false},"featured_media":96839,"comment_status":"open","ping_status":"closed","template":"","meta":{"_acf_changed":false,"inline_featured_image":false},"product_brand":[1467],"product_cat":[142],"product_tag":[],"class_list":{"0":"post-95081","1":"product","2":"type-product","3":"status-publish","4":"has-post-thumbnail","6":"product_brand-scott","7":"product_cat-sport-shoes","9":"first","10":"instock","11":"shipping-taxable","12":"purchasable","13":"product-type-simple"},"acf":[],"yoast_head":"<!-- This site is optimized with the Yoast SEO plugin v27.2 - https:\/\/yoast.com\/product\/yoast-seo-wordpress\/ -->\n<title>\u041a\u0440\u043e\u0441\u0441\u043e\u0432\u043a\u0438 Scott Pursuit Ride 2 black\/dark blue - \u041c\u0430\u0433\u0430\u0437\u0438\u043d Xstyle<\/title>\n<meta name=\"robots\" content=\"index, follow, max-snippet:-1, max-image-preview:large, max-video-preview:-1\" \/>\n<link rel=\"canonical\" href=\"https:\/\/xstyle.md\/ro\/produs\/krossovki-scott-pursuit-ride-2-black-dark-blue\/\" \/>\n<meta property=\"og:locale\" content=\"ro_RO\" \/>\n<meta property=\"og:type\" content=\"article\" \/>\n<meta property=\"og:title\" content=\"\u041a\u0440\u043e\u0441\u0441\u043e\u0432\u043a\u0438 Scott Pursuit Ride 2 black\/dark blue - \u041c\u0430\u0433\u0430\u0437\u0438\u043d Xstyle\" \/>\n<meta property=\"og:description\" content=\"\u0411\u0440\u0435\u043d\u0434 Scott Sports \u2013 \u0448\u0432\u0435\u0439\u0446\u0430\u0440\u0441\u043a\u0438\u0439 \u043f\u0440\u0435\u043c\u0438\u0430\u043b\u044c\u043d\u044b\u0439 \u0431\u0440\u0435\u043d\u0434 \u0441 60-\u043b\u0435\u0442\u043d\u0435\u0439 \u0438\u0441\u0442\u043e\u0440\u0438\u0435\u0439, \u043d\u0430\u0438\u0431\u043e\u043b\u0435\u0435 \u0438\u0437\u0432\u0435\u0441\u0442\u043d\u044b\u0439 \u043f\u0440\u0435\u0436\u0434\u0435 \u0432\u0441\u0435\u0433\u043e \u0441\u0430\u043c\u044b\u043c\u0438 \u043b\u0435\u0433\u043a\u0438\u043c\u0438 \u0432\u0435\u043b\u043e\u0441\u0438\u043f\u0435\u0434\u0430\u043c\u0438. \u041b\u0438\u0434\u0438\u0440\u0443\u044e\u0449\u0430\u044f \u043a\u043e\u043c\u043f\u0430\u043d\u0438\u044f \u043c\u0438\u0440\u043e\u0432\u043e\u0439 \u0432\u0435\u043b\u043e\u0441\u0438\u043f\u0435\u0434\u043d\u043e\u0439 \u0438\u043d\u0434\u0443\u0441\u0442\u0440\u0438\u0438 \u0438\u0437\u0433\u043e\u0442\u0430\u0432\u043b\u0438\u0432\u0430\u0435\u0442 \u0432\u0435\u043b\u043e\u0441\u0438\u043f\u0435\u0434\u044b, \u043d\u0430 \u043a\u043e\u0442\u043e\u0440\u044b\u0445 \u0441\u043e\u0440\u0435\u0432\u043d\u0443\u044e\u0442\u0441\u044f \u0438 \u043f\u043e\u0431\u0435\u0436\u0434\u0430\u044e\u0442 \u043b\u0443\u0447\u0448\u0438\u0435 \u0430\u0442\u043b\u0435\u0442\u044b \u043f\u043b\u0430\u043d\u0435\u0442\u044b. \u041a\u0440\u043e\u043c\u0435 \u044d\u0442\u043e\u0433\u043e, Scott \u2013 \u044d\u0442\u043e \u043e\u0434\u043d\u0430 \u0438\u0437 \u043d\u0435\u043c\u043d\u043e\u0433\u0438\u0445 \u043a\u043e\u043c\u043f\u0430\u043d\u0438\u0439, \u043a\u043e\u0442\u043e\u0440\u044b\u0435 \u043c\u043e\u0433\u0443\u0442 \u043f\u0440\u0435\u0434\u043b\u043e\u0436\u0438\u0442\u044c \u0431\u043e\u0433\u0430\u0442\u044b\u0439 \u0432\u044b\u0431\u043e\u0440 \u0434\u043e\u043f\u043e\u043b\u043d\u0438\u0442\u0435\u043b\u044c\u043d\u043e\u0439 \u044d\u043a\u0438\u043f\u0438\u0440\u043e\u0432\u043a\u0438: \u0432\u0435\u043b\u043e\u043e\u0434\u0435\u0436\u0434\u044b, \u043e\u0431\u0443\u0432\u0438 \u0438 \u0430\u043a\u0441\u0435\u0441\u0441\u0443\u0430\u0440\u043e\u0432 \u0434\u043b\u044f \u0432\u0435\u043b\u043e\u0441\u043f\u043e\u0440\u0442\u0430. \u0412\u044b\u0441\u043e\u043a\u043e\u0442\u0435\u0445\u043d\u043e\u043b\u043e\u0433\u0438\u0447\u043d\u044b\u0435, [&hellip;]\" \/>\n<meta property=\"og:url\" content=\"https:\/\/xstyle.md\/ro\/produs\/krossovki-scott-pursuit-ride-2-black-dark-blue\/\" \/>\n<meta property=\"og:site_name\" content=\"\u041c\u0430\u0433\u0430\u0437\u0438\u043d Xstyle\" \/>\n<meta property=\"article:publisher\" content=\"https:\/\/www.facebook.com\/xstylemd\" \/>\n<meta property=\"article:modified_time\" content=\"2026-03-19T14:36:29+00:00\" \/>\n<meta property=\"og:image\" content=\"https:\/\/xstyle.md\/wp-content\/uploads\/2025\/06\/scott-pursuit-ride-2-blackdark-blue.webp\" \/>\n\t<meta property=\"og:image:width\" content=\"700\" \/>\n\t<meta property=\"og:image:height\" content=\"700\" \/>\n\t<meta property=\"og:image:type\" content=\"image\/webp\" \/>\n<meta name=\"twitter:card\" content=\"summary_large_image\" \/>\n<meta name=\"twitter:label1\" content=\"Pre\u021b\" \/>\n\t<meta name=\"twitter:data1\" content=\"2.980&nbsp;MDL\" \/>\n\t<meta name=\"twitter:label2\" content=\"Disponibilitate\" \/>\n\t<meta name=\"twitter:data2\" content=\"\u00cen stoc\" \/>\n<script type=\"application\/ld+json\" class=\"yoast-schema-graph\">{\"@context\":\"https:\/\/schema.org\",\"@graph\":[{\"@type\":\"WebPage\",\"@id\":\"https:\/\/xstyle.md\/product\/krossovki-scott-pursuit-ride-2-black-dark-blue\/\",\"url\":\"https:\/\/xstyle.md\/product\/krossovki-scott-pursuit-ride-2-black-dark-blue\/\",\"name\":\"\u041a\u0440\u043e\u0441\u0441\u043e\u0432\u043a\u0438 Scott Pursuit Ride 2 black\/dark blue - \u041c\u0430\u0433\u0430\u0437\u0438\u043d Xstyle\",\"isPartOf\":{\"@id\":\"https:\/\/xstyle.md\/#website\"},\"primaryImageOfPage\":{\"@id\":\"https:\/\/xstyle.md\/product\/krossovki-scott-pursuit-ride-2-black-dark-blue\/#primaryimage\"},\"image\":{\"@id\":\"https:\/\/xstyle.md\/product\/krossovki-scott-pursuit-ride-2-black-dark-blue\/#primaryimage\"},\"thumbnailUrl\":\"https:\/\/xstyle.md\/wp-content\/uploads\/2025\/06\/scott-pursuit-ride-2-blackdark-blue.webp\",\"datePublished\":\"2025-09-12T14:50:18+00:00\",\"dateModified\":\"2026-03-19T14:36:29+00:00\",\"breadcrumb\":{\"@id\":\"https:\/\/xstyle.md\/product\/krossovki-scott-pursuit-ride-2-black-dark-blue\/#breadcrumb\"},\"inLanguage\":\"ro-RO\",\"potentialAction\":[{\"@type\":\"ReadAction\",\"target\":[\"https:\/\/xstyle.md\/product\/krossovki-scott-pursuit-ride-2-black-dark-blue\/\"]}]},{\"@type\":\"ImageObject\",\"inLanguage\":\"ro-RO\",\"@id\":\"https:\/\/xstyle.md\/product\/krossovki-scott-pursuit-ride-2-black-dark-blue\/#primaryimage\",\"url\":\"https:\/\/xstyle.md\/wp-content\/uploads\/2025\/06\/scott-pursuit-ride-2-blackdark-blue.webp\",\"contentUrl\":\"https:\/\/xstyle.md\/wp-content\/uploads\/2025\/06\/scott-pursuit-ride-2-blackdark-blue.webp\",\"width\":700,\"height\":700,\"caption\":\"\u0422\u043e\u043c\u043d\u044b\u0435 \u043a\u0440\u043e\u0441\u0441\u043e\u0432\u043a\u0438 Scott Pursuit Ride 2 \u0447\u0435\u0440\u043d\u044b\u0435 \u0442\u0435\u043c\u043d\u043e-\u0441\u0438\u043d\u0438\u0435 \u0434\u043b\u044f \u0430\u043a\u0442\u0438\u0432\u043d\u043e\u0433\u043e \u043e\u0442\u0434\u044b\u0445\u0430, \u0445\u0430\u0439\u043a\u0438\u043d\u0433\u0430, \u0430\u043b\u044c\u043f\u0438\u043d\u0438\u0437\u043c\u0430, \u043f\u0443\u0442\u0435\u0448\u0435\u0441\u0442\u0432\u0438\u0439, \u043e\u0431\u0443\u0432\u044c \u0434\u043b\u044f \u0430\u043a\u0442\u0438\u0432\u043d\u043e\u0439 \u0436\u0438\u0437\u043d\u0438 \u0432 \u0438\u043d\u0442\u0435\u0440\u043d\u0435\u0442-\u043c\u0430\u0433\u0430\u0437\u0438\u043d\u0435\"},{\"@type\":\"BreadcrumbList\",\"@id\":\"https:\/\/xstyle.md\/product\/krossovki-scott-pursuit-ride-2-black-dark-blue\/#breadcrumb\",\"itemListElement\":[{\"@type\":\"ListItem\",\"position\":1,\"name\":\"\u0413\u043b\u0430\u0432\u043d\u0430\u044f \u0441\u0442\u0440\u0430\u043d\u0438\u0446\u0430\",\"item\":\"https:\/\/xstyle.md\/\"},{\"@type\":\"ListItem\",\"position\":2,\"name\":\"\u041c\u0430\u0433\u0430\u0437\u0438\u043d\",\"item\":\"https:\/\/xstyle.md\/shop\/\"},{\"@type\":\"ListItem\",\"position\":3,\"name\":\"\u041a\u0440\u043e\u0441\u0441\u043e\u0432\u043a\u0438 Scott Pursuit Ride 2 black\/dark blue\"}]},{\"@type\":\"WebSite\",\"@id\":\"https:\/\/xstyle.md\/#website\",\"url\":\"https:\/\/xstyle.md\/\",\"name\":\"\u041c\u0430\u0433\u0430\u0437\u0438\u043d Xstyle\",\"description\":\"C\u043d\u0430\u0440\u044f\u0436\u0435\u043d\u0438\u0435 \u0434\u043b\u044f \u0442\u0443\u0440\u0438\u0437\u043c\u0430 \u0438 \u044d\u043a\u0441\u0442\u0440\u0435\u043c\u0430\u043b\u044c\u043d\u044b\u0445 \u0432\u0438\u0434\u043e\u0432 \u0441\u043f\u043e\u0440\u0442\u0430 \u0432 \u041c\u043e\u043b\u0434\u043e\u0432\u0435.. \u0426\u0435\u043d\u044b, \u0444\u043e\u0442\u043e, \u0445\u0430\u0440\u0430\u043a\u0442\u0435\u0440\u0438\u0441\u0442\u0438\u043a\u0438 \u0432 \u041c\u043e\u043b\u0434\u043e\u0432\u0435.\",\"publisher\":{\"@id\":\"https:\/\/xstyle.md\/#organization\"},\"alternateName\":\"X-Style\",\"potentialAction\":[{\"@type\":\"SearchAction\",\"target\":{\"@type\":\"EntryPoint\",\"urlTemplate\":\"https:\/\/xstyle.md\/?s={search_term_string}\"},\"query-input\":{\"@type\":\"PropertyValueSpecification\",\"valueRequired\":true,\"valueName\":\"search_term_string\"}}],\"inLanguage\":\"ro-RO\"},{\"@type\":\"Organization\",\"@id\":\"https:\/\/xstyle.md\/#organization\",\"name\":\"\u041c\u0430\u0433\u0430\u0437\u0438\u043d Xstyle\",\"alternateName\":\"x-style\",\"url\":\"https:\/\/xstyle.md\/\",\"logo\":{\"@type\":\"ImageObject\",\"inLanguage\":\"ro-RO\",\"@id\":\"https:\/\/xstyle.md\/#\/schema\/logo\/image\/\",\"url\":\"https:\/\/xstyle.md\/wp-content\/uploads\/2020\/06\/logoicon.svg\",\"contentUrl\":\"https:\/\/xstyle.md\/wp-content\/uploads\/2020\/06\/logoicon.svg\",\"caption\":\"\u041c\u0430\u0433\u0430\u0437\u0438\u043d Xstyle\"},\"image\":{\"@id\":\"https:\/\/xstyle.md\/#\/schema\/logo\/image\/\"},\"sameAs\":[\"https:\/\/www.facebook.com\/xstylemd\",\"https:\/\/www.instagram.com\/xstyle_md\/\",\"https:\/\/t.me\/xstyle_outdoor\"],\"hasMerchantReturnPolicy\":{\"@type\":\"MerchantReturnPolicy\",\"merchantReturnLink\":\"https:\/\/xstyle.md\/ro\/conditions\/\"}}]}<\/script>\n<meta property=\"product:price:amount\" content=\"2980.00\" \/>\n<meta property=\"product:price:currency\" content=\"MDL\" \/>\n<meta property=\"og:availability\" content=\"instock\" \/>\n<meta property=\"product:availability\" content=\"instock\" \/>\n<meta property=\"product:retailer_item_id\" content=\"7616185145417\" \/>\n<meta property=\"product:condition\" content=\"new\" \/>\n<!-- \/ Yoast SEO plugin. -->","yoast_head_json":{"title":"\u041a\u0440\u043e\u0441\u0441\u043e\u0432\u043a\u0438 Scott Pursuit Ride 2 black\/dark blue - \u041c\u0430\u0433\u0430\u0437\u0438\u043d Xstyle","robots":{"index":"index","follow":"follow","max-snippet":"max-snippet:-1","max-image-preview":"max-image-preview:large","max-video-preview":"max-video-preview:-1"},"canonical":"https:\/\/xstyle.md\/ro\/produs\/krossovki-scott-pursuit-ride-2-black-dark-blue\/","og_locale":"ro_RO","og_type":"article","og_title":"\u041a\u0440\u043e\u0441\u0441\u043e\u0432\u043a\u0438 Scott Pursuit Ride 2 black\/dark blue - \u041c\u0430\u0433\u0430\u0437\u0438\u043d Xstyle","og_description":"\u0411\u0440\u0435\u043d\u0434 Scott Sports \u2013 \u0448\u0432\u0435\u0439\u0446\u0430\u0440\u0441\u043a\u0438\u0439 \u043f\u0440\u0435\u043c\u0438\u0430\u043b\u044c\u043d\u044b\u0439 \u0431\u0440\u0435\u043d\u0434 \u0441 60-\u043b\u0435\u0442\u043d\u0435\u0439 \u0438\u0441\u0442\u043e\u0440\u0438\u0435\u0439, \u043d\u0430\u0438\u0431\u043e\u043b\u0435\u0435 \u0438\u0437\u0432\u0435\u0441\u0442\u043d\u044b\u0439 \u043f\u0440\u0435\u0436\u0434\u0435 \u0432\u0441\u0435\u0433\u043e \u0441\u0430\u043c\u044b\u043c\u0438 \u043b\u0435\u0433\u043a\u0438\u043c\u0438 \u0432\u0435\u043b\u043e\u0441\u0438\u043f\u0435\u0434\u0430\u043c\u0438. \u041b\u0438\u0434\u0438\u0440\u0443\u044e\u0449\u0430\u044f \u043a\u043e\u043c\u043f\u0430\u043d\u0438\u044f \u043c\u0438\u0440\u043e\u0432\u043e\u0439 \u0432\u0435\u043b\u043e\u0441\u0438\u043f\u0435\u0434\u043d\u043e\u0439 \u0438\u043d\u0434\u0443\u0441\u0442\u0440\u0438\u0438 \u0438\u0437\u0433\u043e\u0442\u0430\u0432\u043b\u0438\u0432\u0430\u0435\u0442 \u0432\u0435\u043b\u043e\u0441\u0438\u043f\u0435\u0434\u044b, \u043d\u0430 \u043a\u043e\u0442\u043e\u0440\u044b\u0445 \u0441\u043e\u0440\u0435\u0432\u043d\u0443\u044e\u0442\u0441\u044f \u0438 \u043f\u043e\u0431\u0435\u0436\u0434\u0430\u044e\u0442 \u043b\u0443\u0447\u0448\u0438\u0435 \u0430\u0442\u043b\u0435\u0442\u044b \u043f\u043b\u0430\u043d\u0435\u0442\u044b. \u041a\u0440\u043e\u043c\u0435 \u044d\u0442\u043e\u0433\u043e, Scott \u2013 \u044d\u0442\u043e \u043e\u0434\u043d\u0430 \u0438\u0437 \u043d\u0435\u043c\u043d\u043e\u0433\u0438\u0445 \u043a\u043e\u043c\u043f\u0430\u043d\u0438\u0439, \u043a\u043e\u0442\u043e\u0440\u044b\u0435 \u043c\u043e\u0433\u0443\u0442 \u043f\u0440\u0435\u0434\u043b\u043e\u0436\u0438\u0442\u044c \u0431\u043e\u0433\u0430\u0442\u044b\u0439 \u0432\u044b\u0431\u043e\u0440 \u0434\u043e\u043f\u043e\u043b\u043d\u0438\u0442\u0435\u043b\u044c\u043d\u043e\u0439 \u044d\u043a\u0438\u043f\u0438\u0440\u043e\u0432\u043a\u0438: \u0432\u0435\u043b\u043e\u043e\u0434\u0435\u0436\u0434\u044b, \u043e\u0431\u0443\u0432\u0438 \u0438 \u0430\u043a\u0441\u0435\u0441\u0441\u0443\u0430\u0440\u043e\u0432 \u0434\u043b\u044f \u0432\u0435\u043b\u043e\u0441\u043f\u043e\u0440\u0442\u0430. \u0412\u044b\u0441\u043e\u043a\u043e\u0442\u0435\u0445\u043d\u043e\u043b\u043e\u0433\u0438\u0447\u043d\u044b\u0435, [&hellip;]","og_url":"https:\/\/xstyle.md\/ro\/produs\/krossovki-scott-pursuit-ride-2-black-dark-blue\/","og_site_name":"\u041c\u0430\u0433\u0430\u0437\u0438\u043d Xstyle","article_publisher":"https:\/\/www.facebook.com\/xstylemd","article_modified_time":"2026-03-19T14:36:29+00:00","og_image":[{"width":700,"height":700,"url":"https:\/\/xstyle.md\/wp-content\/uploads\/2025\/06\/scott-pursuit-ride-2-blackdark-blue.webp","type":"image\/webp"}],"twitter_card":"summary_large_image","twitter_misc":{"Pre\u021b":"2.980&nbsp;MDL","Disponibilitate":"\u00cen stoc"},"schema":{"@context":"https:\/\/schema.org","@graph":[{"@type":"WebPage","@id":"https:\/\/xstyle.md\/product\/krossovki-scott-pursuit-ride-2-black-dark-blue\/","url":"https:\/\/xstyle.md\/product\/krossovki-scott-pursuit-ride-2-black-dark-blue\/","name":"\u041a\u0440\u043e\u0441\u0441\u043e\u0432\u043a\u0438 Scott Pursuit Ride 2 black\/dark blue - \u041c\u0430\u0433\u0430\u0437\u0438\u043d Xstyle","isPartOf":{"@id":"https:\/\/xstyle.md\/#website"},"primaryImageOfPage":{"@id":"https:\/\/xstyle.md\/product\/krossovki-scott-pursuit-ride-2-black-dark-blue\/#primaryimage"},"image":{"@id":"https:\/\/xstyle.md\/product\/krossovki-scott-pursuit-ride-2-black-dark-blue\/#primaryimage"},"thumbnailUrl":"https:\/\/xstyle.md\/wp-content\/uploads\/2025\/06\/scott-pursuit-ride-2-blackdark-blue.webp","datePublished":"2025-09-12T14:50:18+00:00","dateModified":"2026-03-19T14:36:29+00:00","breadcrumb":{"@id":"https:\/\/xstyle.md\/product\/krossovki-scott-pursuit-ride-2-black-dark-blue\/#breadcrumb"},"inLanguage":"ro-RO","potentialAction":[{"@type":"ReadAction","target":["https:\/\/xstyle.md\/product\/krossovki-scott-pursuit-ride-2-black-dark-blue\/"]}]},{"@type":"ImageObject","inLanguage":"ro-RO","@id":"https:\/\/xstyle.md\/product\/krossovki-scott-pursuit-ride-2-black-dark-blue\/#primaryimage","url":"https:\/\/xstyle.md\/wp-content\/uploads\/2025\/06\/scott-pursuit-ride-2-blackdark-blue.webp","contentUrl":"https:\/\/xstyle.md\/wp-content\/uploads\/2025\/06\/scott-pursuit-ride-2-blackdark-blue.webp","width":700,"height":700,"caption":"\u0422\u043e\u043c\u043d\u044b\u0435 \u043a\u0440\u043e\u0441\u0441\u043e\u0432\u043a\u0438 Scott Pursuit Ride 2 \u0447\u0435\u0440\u043d\u044b\u0435 \u0442\u0435\u043c\u043d\u043e-\u0441\u0438\u043d\u0438\u0435 \u0434\u043b\u044f \u0430\u043a\u0442\u0438\u0432\u043d\u043e\u0433\u043e \u043e\u0442\u0434\u044b\u0445\u0430, \u0445\u0430\u0439\u043a\u0438\u043d\u0433\u0430, \u0430\u043b\u044c\u043f\u0438\u043d\u0438\u0437\u043c\u0430, \u043f\u0443\u0442\u0435\u0448\u0435\u0441\u0442\u0432\u0438\u0439, \u043e\u0431\u0443\u0432\u044c \u0434\u043b\u044f \u0430\u043a\u0442\u0438\u0432\u043d\u043e\u0439 \u0436\u0438\u0437\u043d\u0438 \u0432 \u0438\u043d\u0442\u0435\u0440\u043d\u0435\u0442-\u043c\u0430\u0433\u0430\u0437\u0438\u043d\u0435"},{"@type":"BreadcrumbList","@id":"https:\/\/xstyle.md\/product\/krossovki-scott-pursuit-ride-2-black-dark-blue\/#breadcrumb","itemListElement":[{"@type":"ListItem","position":1,"name":"\u0413\u043b\u0430\u0432\u043d\u0430\u044f \u0441\u0442\u0440\u0430\u043d\u0438\u0446\u0430","item":"https:\/\/xstyle.md\/"},{"@type":"ListItem","position":2,"name":"\u041c\u0430\u0433\u0430\u0437\u0438\u043d","item":"https:\/\/xstyle.md\/shop\/"},{"@type":"ListItem","position":3,"name":"\u041a\u0440\u043e\u0441\u0441\u043e\u0432\u043a\u0438 Scott Pursuit Ride 2 black\/dark blue"}]},{"@type":"WebSite","@id":"https:\/\/xstyle.md\/#website","url":"https:\/\/xstyle.md\/","name":"Magazinul X-Style","description":"Echipamente pentru turism \u0219i sporturi extreme \u00een Moldova. Pre\u021buri, fotografii, caracteristici \u00een Moldova.","publisher":{"@id":"https:\/\/xstyle.md\/#organization"},"alternateName":"X-Style","potentialAction":[{"@type":"SearchAction","target":{"@type":"EntryPoint","urlTemplate":"https:\/\/xstyle.md\/?s={search_term_string}"},"query-input":{"@type":"PropertyValueSpecification","valueRequired":true,"valueName":"search_term_string"}}],"inLanguage":"ro-RO"},{"@type":"Organization","@id":"https:\/\/xstyle.md\/#organization","name":"Magazinul X-Style","alternateName":"x-style","url":"https:\/\/xstyle.md\/","logo":{"@type":"ImageObject","inLanguage":"ro-RO","@id":"https:\/\/xstyle.md\/#\/schema\/logo\/image\/","url":"https:\/\/xstyle.md\/wp-content\/uploads\/2020\/06\/logoicon.svg","contentUrl":"https:\/\/xstyle.md\/wp-content\/uploads\/2020\/06\/logoicon.svg","caption":"\u041c\u0430\u0433\u0430\u0437\u0438\u043d Xstyle"},"image":{"@id":"https:\/\/xstyle.md\/#\/schema\/logo\/image\/"},"sameAs":["https:\/\/www.facebook.com\/xstylemd","https:\/\/www.instagram.com\/xstyle_md\/","https:\/\/t.me\/xstyle_outdoor"],"hasMerchantReturnPolicy":{"@type":"MerchantReturnPolicy","merchantReturnLink":"https:\/\/xstyle.md\/ro\/conditions\/"}}]},"product_price_amount":"2980.00","product_price_currency":"MDL","og_availability":"instock","product_availability":"instock","product_retailer_item_id":"7616185145417","product_condition":"new"},"post_mailing_queue_ids":[],"_links":{"self":[{"href":"https:\/\/xstyle.md\/ro\/wp-json\/wp\/v2\/product\/95081","targetHints":{"allow":["GET"]}}],"collection":[{"href":"https:\/\/xstyle.md\/ro\/wp-json\/wp\/v2\/product"}],"about":[{"href":"https:\/\/xstyle.md\/ro\/wp-json\/wp\/v2\/types\/product"}],"replies":[{"embeddable":true,"href":"https:\/\/xstyle.md\/ro\/wp-json\/wp\/v2\/comments?post=95081"}],"wp:featuredmedia":[{"embeddable":true,"href":"https:\/\/xstyle.md\/ro\/wp-json\/wp\/v2\/media\/96839"}],"wp:attachment":[{"href":"https:\/\/xstyle.md\/ro\/wp-json\/wp\/v2\/media?parent=95081"}],"wp:term":[{"taxonomy":"product_brand","embeddable":true,"href":"https:\/\/xstyle.md\/ro\/wp-json\/wp\/v2\/product_brand?post=95081"},{"taxonomy":"product_cat","embeddable":true,"href":"https:\/\/xstyle.md\/ro\/wp-json\/wp\/v2\/product_cat?post=95081"},{"taxonomy":"product_tag","embeddable":true,"href":"https:\/\/xstyle.md\/ro\/wp-json\/wp\/v2\/product_tag?post=95081"}],"curies":[{"name":"wp","href":"https:\/\/api.w.org\/{rel}","templated":true}]}}