{"id":9507,"date":"2020-07-17T00:51:30","date_gmt":"2020-07-16T21:51:30","guid":{"rendered":"https:\/\/xstyle.md\/product\/karabin-singing-rock-colt-screw"},"modified":"2025-09-11T12:39:46","modified_gmt":"2025-09-11T09:39:46","slug":"karabin-singing-rock-colt-screw","status":"publish","type":"product","link":"https:\/\/xstyle.md\/ro\/produs\/karabin-singing-rock-colt-screw\/","title":{"rendered":"Carabinier\u0103 Singing Rock Colt Screw"},"content":{"rendered":"<\/p>\n<p><strong>Carabinier\u0103 Singing Rock Colt Screw<\/strong> super u\u0219oar\u0103 de dimensiuni normale \u00een form\u0103 de D cu ambreiaj cu \u0219urub \u0219i sistem KeyLock de la produc\u0103torul ceh. Este utilizat pentru asigurare \u0219i autoasigurare. Domenii de aplicare: alpinism, drume\u021bii montane, toate tipurile de alpinism industrial.<\/p>\n<h3>Particularit\u0103\u021bi<\/h3>\n<ul>\n<li>Tehnica de forjare la cald ofer\u0103 o rezisten\u021b\u0103 extraordinar\u0103 la rupere<\/li>\n<li>Deschiderea mare faciliteaz\u0103 fixarea carabinierului \u0219i utilizarea acestuia \u00eempreun\u0103 cu dispozitivele de eliberare.<\/li>\n<li>Fiecare carabinier este testat individual pentru rezisten\u021b\u0103 (10 kN)<\/li>\n<li>Blocarea cu cheie este mai convenabil\u0103 dec\u00e2t omologii s\u0103i<\/li>\n<li>Num\u0103r unic pentru controlul calit\u0103\u021bii<\/li>\n<\/ul>\n<h3>Caracteristici<\/h3>\n<ul>\n<li>Greutate &#8212; 48 g<\/li>\n<li>Material &#8212; aluminiu<\/li>\n<li>Rezisten\u021ba axei longitudinale &#8212; 26 kN<\/li>\n<li>Rezisten\u021ba axei transversale &#8212; 8 kN<\/li>\n<li>Rezisten\u021ba z\u0103vorului deschis &#8212; 11 kN<\/li>\n<li>L\u0103\u021bime deschidere &#8212; 18 mm<\/li>\n<li>Certificare &#8212; CE 1019, EN 12275, UIAA<\/li>\n<\/ul>\n<h3>Marca<\/h3>\n<p>SINGING ROCK este o companie ceh\u0103 implicat\u0103 \u00een produc\u021bia de echipamente de alpinism \u0219i escalad\u0103. A fost fondat\u0103 \u00een 1992 de c\u0103tre doi alpini\u0219ti cehi \u0219i un om de afaceri belgian. De la \u00eenceputurile sale \u0219i p\u00e2n\u0103 \u00een prezent, compania s-a concentrat pe utilizarea celor mai moderne progrese \u0219i evolu\u021bii \u00een produc\u021bie. SingingRock lucreaz\u0103 \u00een str\u00e2ns\u0103 leg\u0103tur\u0103 cu mul\u021bi alpini\u0219ti renumi\u021bi care testeaz\u0103 noile produse \u0219i ale c\u0103ror opinii sunt \u00eentotdeauna luate \u00een considerare \u00een timpul dezvolt\u0103rii.<\/p>\n<p>\u00cen prezent, SINGING ROCK este unul dintre liderii mondiali pe pia\u021ba echipamentelor profesionale pentru munca la \u00een\u0103l\u021bime, pentru armat\u0103 \u0219i pentru serviciile de urgen\u021b\u0103. Compania ofer\u0103 hamuri, fr\u00e2nghii, scripe\u021bi \u0219i carabiniere, dispozitive de rapel, dispozitive de siguran\u021b\u0103 pentru lucrul la \u00een\u0103l\u021bime, c\u00e2rlige de ancorare, fr\u00e2nghii de siguran\u021b\u0103 \u0219i alte echipamente necesare pentru acest tip de munc\u0103. Toate aceste produse sunt dezvoltate \u0219i fabricate \u00een Republica Ceh\u0103, \u00een Europa. Ele sunt certificate \u0219i respect\u0103 pe deplin standardele interna\u021bionale de securitate a muncii.<\/p>\n<p><\/p>","protected":false},"excerpt":{"rendered":"<p>Carabinier\u0103 Singing Rock Colt Screw<\/p>","protected":false},"featured_media":9505,"comment_status":"open","ping_status":"closed","template":"","meta":{"_acf_changed":false,"inline_featured_image":false},"product_brand":[1276],"product_cat":[158,159],"product_tag":[],"class_list":{"0":"post-9507","1":"product","2":"type-product","3":"status-publish","4":"has-post-thumbnail","6":"product_brand-singing-rock","7":"product_cat-connectors","8":"product_cat-carabiners","10":"first","11":"instock","12":"shipping-taxable","13":"purchasable","14":"product-type-simple"},"acf":[],"yoast_head":"<!-- This site is optimized with the Yoast SEO plugin v27.4 - https:\/\/yoast.com\/product\/yoast-seo-wordpress\/ -->\n<title>\u041a\u0430\u0440\u0430\u0431\u0438\u043d Singing Rock Colt Screw - \u041c\u0430\u0433\u0430\u0437\u0438\u043d Xstyle<\/title>\n<meta name=\"description\" content=\"\u041a\u0430\u0440\u0430\u0431\u0438\u043d Singing Rock Colt Screw \u2013 \u043b\u0435\u0433\u043a\u0438\u0439 \u0438 \u043f\u0440\u043e\u0447\u043d\u044b\u0439 \u043a\u0430\u0440\u0430\u0431\u0438\u043d \u0432 \u0444\u043e\u0440\u043c\u0435 D \u0441 \u0441\u0438\u0441\u0442\u0435\u043c\u043e\u0439 KeyLock. \u0418\u0434\u0435\u0430\u043b\u0435\u043d \u0434\u043b\u044f \u0430\u043b\u044c\u043f\u0438\u043d\u0438\u0437\u043c\u0430, \u0441\u043a\u0430\u043b\u043e\u043b\u0430\u0437\u0430\u043d\u0438\u044f \u0438 \u043f\u0440\u043e\u043c\u044b\u0448\u043b\u0435\u043d\u043d\u044b\u0445 \u0440\u0430\u0431\u043e\u0442.\" \/>\n<meta name=\"robots\" content=\"index, follow, max-snippet:-1, max-image-preview:large, max-video-preview:-1\" \/>\n<link rel=\"canonical\" href=\"https:\/\/xstyle.md\/ro\/produs\/karabin-singing-rock-colt-screw\/\" \/>\n<meta property=\"og:locale\" content=\"ro_RO\" \/>\n<meta property=\"og:type\" content=\"article\" \/>\n<meta property=\"og:title\" content=\"\u041a\u0430\u0440\u0430\u0431\u0438\u043d Singing Rock Colt Screw - \u041c\u0430\u0433\u0430\u0437\u0438\u043d Xstyle\" \/>\n<meta property=\"og:description\" content=\"\u041a\u0430\u0440\u0430\u0431\u0438\u043d Singing Rock Colt Screw \u2013 \u043b\u0435\u0433\u043a\u0438\u0439 \u0438 \u043f\u0440\u043e\u0447\u043d\u044b\u0439 \u043a\u0430\u0440\u0430\u0431\u0438\u043d \u0432 \u0444\u043e\u0440\u043c\u0435 D \u0441 \u0441\u0438\u0441\u0442\u0435\u043c\u043e\u0439 KeyLock. \u0418\u0434\u0435\u0430\u043b\u0435\u043d \u0434\u043b\u044f \u0430\u043b\u044c\u043f\u0438\u043d\u0438\u0437\u043c\u0430, \u0441\u043a\u0430\u043b\u043e\u043b\u0430\u0437\u0430\u043d\u0438\u044f \u0438 \u043f\u0440\u043e\u043c\u044b\u0448\u043b\u0435\u043d\u043d\u044b\u0445 \u0440\u0430\u0431\u043e\u0442.\" \/>\n<meta property=\"og:url\" content=\"https:\/\/xstyle.md\/ro\/produs\/karabin-singing-rock-colt-screw\/\" \/>\n<meta property=\"og:site_name\" content=\"\u041c\u0430\u0433\u0430\u0437\u0438\u043d Xstyle\" \/>\n<meta property=\"article:publisher\" content=\"https:\/\/www.facebook.com\/xstylemd\" \/>\n<meta property=\"article:modified_time\" content=\"2025-09-11T09:39:46+00:00\" \/>\n<meta property=\"og:image\" content=\"https:\/\/xstyle.md\/wp-content\/uploads\/2020\/07\/colt_screw-1.jpg\" \/>\n\t<meta property=\"og:image:width\" content=\"638\" \/>\n\t<meta property=\"og:image:height\" content=\"1000\" \/>\n\t<meta property=\"og:image:type\" content=\"image\/jpeg\" \/>\n<meta name=\"twitter:card\" content=\"summary_large_image\" \/>\n<meta name=\"twitter:label1\" content=\"Pre\u021b\" \/>\n\t<meta name=\"twitter:data1\" content=\"195&nbsp;MDL\" \/>\n\t<meta name=\"twitter:label2\" content=\"Disponibilitate\" \/>\n\t<meta name=\"twitter:data2\" content=\"\u00cen stoc\" \/>\n<script type=\"application\/ld+json\" class=\"yoast-schema-graph\">{\"@context\":\"https:\\\/\\\/schema.org\",\"@graph\":[{\"@type\":\"WebPage\",\"@id\":\"https:\\\/\\\/xstyle.md\\\/product\\\/karabin-singing-rock-colt-screw\\\/\",\"url\":\"https:\\\/\\\/xstyle.md\\\/product\\\/karabin-singing-rock-colt-screw\\\/\",\"name\":\"\u041a\u0430\u0440\u0430\u0431\u0438\u043d Singing Rock Colt Screw - \u041c\u0430\u0433\u0430\u0437\u0438\u043d Xstyle\",\"isPartOf\":{\"@id\":\"https:\\\/\\\/xstyle.md\\\/#website\"},\"primaryImageOfPage\":{\"@id\":\"https:\\\/\\\/xstyle.md\\\/product\\\/karabin-singing-rock-colt-screw\\\/#primaryimage\"},\"image\":{\"@id\":\"https:\\\/\\\/xstyle.md\\\/product\\\/karabin-singing-rock-colt-screw\\\/#primaryimage\"},\"thumbnailUrl\":\"https:\\\/\\\/xstyle.md\\\/wp-content\\\/uploads\\\/2020\\\/07\\\/colt_screw-1.jpg\",\"datePublished\":\"2020-07-16T21:51:30+00:00\",\"dateModified\":\"2025-09-11T09:39:46+00:00\",\"description\":\"\u041a\u0430\u0440\u0430\u0431\u0438\u043d Singing Rock Colt Screw \u2013 \u043b\u0435\u0433\u043a\u0438\u0439 \u0438 \u043f\u0440\u043e\u0447\u043d\u044b\u0439 \u043a\u0430\u0440\u0430\u0431\u0438\u043d \u0432 \u0444\u043e\u0440\u043c\u0435 D \u0441 \u0441\u0438\u0441\u0442\u0435\u043c\u043e\u0439 KeyLock. \u0418\u0434\u0435\u0430\u043b\u0435\u043d \u0434\u043b\u044f \u0430\u043b\u044c\u043f\u0438\u043d\u0438\u0437\u043c\u0430, \u0441\u043a\u0430\u043b\u043e\u043b\u0430\u0437\u0430\u043d\u0438\u044f \u0438 \u043f\u0440\u043e\u043c\u044b\u0448\u043b\u0435\u043d\u043d\u044b\u0445 \u0440\u0430\u0431\u043e\u0442.\",\"breadcrumb\":{\"@id\":\"https:\\\/\\\/xstyle.md\\\/product\\\/karabin-singing-rock-colt-screw\\\/#breadcrumb\"},\"inLanguage\":\"ro-RO\",\"potentialAction\":[{\"@type\":\"ReadAction\",\"target\":[\"https:\\\/\\\/xstyle.md\\\/product\\\/karabin-singing-rock-colt-screw\\\/\"]}]},{\"@type\":\"ImageObject\",\"inLanguage\":\"ro-RO\",\"@id\":\"https:\\\/\\\/xstyle.md\\\/product\\\/karabin-singing-rock-colt-screw\\\/#primaryimage\",\"url\":\"https:\\\/\\\/xstyle.md\\\/wp-content\\\/uploads\\\/2020\\\/07\\\/colt_screw-1.jpg\",\"contentUrl\":\"https:\\\/\\\/xstyle.md\\\/wp-content\\\/uploads\\\/2020\\\/07\\\/colt_screw-1.jpg\",\"width\":638,\"height\":1000},{\"@type\":\"BreadcrumbList\",\"@id\":\"https:\\\/\\\/xstyle.md\\\/product\\\/karabin-singing-rock-colt-screw\\\/#breadcrumb\",\"itemListElement\":[{\"@type\":\"ListItem\",\"position\":1,\"name\":\"\u0413\u043b\u0430\u0432\u043d\u0430\u044f \u0441\u0442\u0440\u0430\u043d\u0438\u0446\u0430\",\"item\":\"https:\\\/\\\/xstyle.md\\\/\"},{\"@type\":\"ListItem\",\"position\":2,\"name\":\"\u041c\u0430\u0433\u0430\u0437\u0438\u043d\",\"item\":\"https:\\\/\\\/xstyle.md\\\/shop\\\/\"},{\"@type\":\"ListItem\",\"position\":3,\"name\":\"\u041a\u0430\u0440\u0430\u0431\u0438\u043d Singing Rock Colt Screw\"}]},{\"@type\":\"WebSite\",\"@id\":\"https:\\\/\\\/xstyle.md\\\/#website\",\"url\":\"https:\\\/\\\/xstyle.md\\\/\",\"name\":\"\u041c\u0430\u0433\u0430\u0437\u0438\u043d Xstyle\",\"description\":\"C\u043d\u0430\u0440\u044f\u0436\u0435\u043d\u0438\u0435 \u0434\u043b\u044f \u0442\u0443\u0440\u0438\u0437\u043c\u0430 \u0438 \u044d\u043a\u0441\u0442\u0440\u0435\u043c\u0430\u043b\u044c\u043d\u044b\u0445 \u0432\u0438\u0434\u043e\u0432 \u0441\u043f\u043e\u0440\u0442\u0430 \u0432 \u041c\u043e\u043b\u0434\u043e\u0432\u0435.. \u0426\u0435\u043d\u044b, \u0444\u043e\u0442\u043e, \u0445\u0430\u0440\u0430\u043a\u0442\u0435\u0440\u0438\u0441\u0442\u0438\u043a\u0438 \u0432 \u041c\u043e\u043b\u0434\u043e\u0432\u0435.\",\"publisher\":{\"@id\":\"https:\\\/\\\/xstyle.md\\\/#organization\"},\"alternateName\":\"X-Style\",\"potentialAction\":[{\"@type\":\"SearchAction\",\"target\":{\"@type\":\"EntryPoint\",\"urlTemplate\":\"https:\\\/\\\/xstyle.md\\\/?s={search_term_string}\"},\"query-input\":{\"@type\":\"PropertyValueSpecification\",\"valueRequired\":true,\"valueName\":\"search_term_string\"}}],\"inLanguage\":\"ro-RO\"},{\"@type\":\"Organization\",\"@id\":\"https:\\\/\\\/xstyle.md\\\/#organization\",\"name\":\"\u041c\u0430\u0433\u0430\u0437\u0438\u043d Xstyle\",\"alternateName\":\"x-style\",\"url\":\"https:\\\/\\\/xstyle.md\\\/\",\"logo\":{\"@type\":\"ImageObject\",\"inLanguage\":\"ro-RO\",\"@id\":\"https:\\\/\\\/xstyle.md\\\/#\\\/schema\\\/logo\\\/image\\\/\",\"url\":\"https:\\\/\\\/xstyle.md\\\/wp-content\\\/uploads\\\/2020\\\/06\\\/logoicon.svg\",\"contentUrl\":\"https:\\\/\\\/xstyle.md\\\/wp-content\\\/uploads\\\/2020\\\/06\\\/logoicon.svg\",\"caption\":\"\u041c\u0430\u0433\u0430\u0437\u0438\u043d Xstyle\"},\"image\":{\"@id\":\"https:\\\/\\\/xstyle.md\\\/#\\\/schema\\\/logo\\\/image\\\/\"},\"sameAs\":[\"https:\\\/\\\/www.facebook.com\\\/xstylemd\",\"https:\\\/\\\/www.instagram.com\\\/xstyle_md\\\/\",\"https:\\\/\\\/t.me\\\/xstyle_outdoor\"],\"hasMerchantReturnPolicy\":{\"@type\":\"MerchantReturnPolicy\",\"merchantReturnLink\":\"https:\\\/\\\/xstyle.md\\\/ro\\\/conditions\\\/\"}}]}<\/script>\n<meta property=\"product:price:amount\" content=\"195.00\" \/>\n<meta property=\"product:price:currency\" content=\"MDL\" \/>\n<meta property=\"og:availability\" content=\"instock\" \/>\n<meta property=\"product:availability\" content=\"instock\" \/>\n<meta property=\"product:retailer_item_id\" content=\"8595033344488\" \/>\n<meta property=\"product:condition\" content=\"new\" \/>\n<!-- \/ Yoast SEO plugin. -->","yoast_head_json":{"title":"Carabinier\u0103 Singing Rock Colt Screw - Magazin Xstyle","description":"Carabiniera Singing Rock Colt Screw \u2013 un carabinier u\u0219or \u0219i rezistent, \u00een form\u0103 de D, cu sistemul KeyLock. Este ideal pentru alpinism, escalad\u0103 \u0219i lucr\u0103ri industriale.","robots":{"index":"index","follow":"follow","max-snippet":"max-snippet:-1","max-image-preview":"max-image-preview:large","max-video-preview":"max-video-preview:-1"},"canonical":"https:\/\/xstyle.md\/ro\/produs\/karabin-singing-rock-colt-screw\/","og_locale":"ro_RO","og_type":"article","og_title":"\u041a\u0430\u0440\u0430\u0431\u0438\u043d Singing Rock Colt Screw - \u041c\u0430\u0433\u0430\u0437\u0438\u043d Xstyle","og_description":"\u041a\u0430\u0440\u0430\u0431\u0438\u043d Singing Rock Colt Screw \u2013 \u043b\u0435\u0433\u043a\u0438\u0439 \u0438 \u043f\u0440\u043e\u0447\u043d\u044b\u0439 \u043a\u0430\u0440\u0430\u0431\u0438\u043d \u0432 \u0444\u043e\u0440\u043c\u0435 D \u0441 \u0441\u0438\u0441\u0442\u0435\u043c\u043e\u0439 KeyLock. \u0418\u0434\u0435\u0430\u043b\u0435\u043d \u0434\u043b\u044f \u0430\u043b\u044c\u043f\u0438\u043d\u0438\u0437\u043c\u0430, \u0441\u043a\u0430\u043b\u043e\u043b\u0430\u0437\u0430\u043d\u0438\u044f \u0438 \u043f\u0440\u043e\u043c\u044b\u0448\u043b\u0435\u043d\u043d\u044b\u0445 \u0440\u0430\u0431\u043e\u0442.","og_url":"https:\/\/xstyle.md\/ro\/produs\/karabin-singing-rock-colt-screw\/","og_site_name":"\u041c\u0430\u0433\u0430\u0437\u0438\u043d Xstyle","article_publisher":"https:\/\/www.facebook.com\/xstylemd","article_modified_time":"2025-09-11T09:39:46+00:00","og_image":[{"width":638,"height":1000,"url":"https:\/\/xstyle.md\/wp-content\/uploads\/2020\/07\/colt_screw-1.jpg","type":"image\/jpeg"}],"twitter_card":"summary_large_image","twitter_misc":{"Pre\u021b":"195&nbsp;MDL","Disponibilitate":"\u00cen stoc"},"schema":{"@context":"https:\/\/schema.org","@graph":[{"@type":"WebPage","@id":"https:\/\/xstyle.md\/product\/karabin-singing-rock-colt-screw\/","url":"https:\/\/xstyle.md\/product\/karabin-singing-rock-colt-screw\/","name":"Carabinier\u0103 Singing Rock Colt Screw - Magazin Xstyle","isPartOf":{"@id":"https:\/\/xstyle.md\/#website"},"primaryImageOfPage":{"@id":"https:\/\/xstyle.md\/product\/karabin-singing-rock-colt-screw\/#primaryimage"},"image":{"@id":"https:\/\/xstyle.md\/product\/karabin-singing-rock-colt-screw\/#primaryimage"},"thumbnailUrl":"https:\/\/xstyle.md\/wp-content\/uploads\/2020\/07\/colt_screw-1.jpg","datePublished":"2020-07-16T21:51:30+00:00","dateModified":"2025-09-11T09:39:46+00:00","description":"Carabiniera Singing Rock Colt Screw \u2013 un carabinier u\u0219or \u0219i rezistent, \u00een form\u0103 de D, cu sistemul KeyLock. Este ideal pentru alpinism, escalad\u0103 \u0219i lucr\u0103ri industriale.","breadcrumb":{"@id":"https:\/\/xstyle.md\/product\/karabin-singing-rock-colt-screw\/#breadcrumb"},"inLanguage":"ro-RO","potentialAction":[{"@type":"ReadAction","target":["https:\/\/xstyle.md\/product\/karabin-singing-rock-colt-screw\/"]}]},{"@type":"ImageObject","inLanguage":"ro-RO","@id":"https:\/\/xstyle.md\/product\/karabin-singing-rock-colt-screw\/#primaryimage","url":"https:\/\/xstyle.md\/wp-content\/uploads\/2020\/07\/colt_screw-1.jpg","contentUrl":"https:\/\/xstyle.md\/wp-content\/uploads\/2020\/07\/colt_screw-1.jpg","width":638,"height":1000},{"@type":"BreadcrumbList","@id":"https:\/\/xstyle.md\/product\/karabin-singing-rock-colt-screw\/#breadcrumb","itemListElement":[{"@type":"ListItem","position":1,"name":"\u0413\u043b\u0430\u0432\u043d\u0430\u044f \u0441\u0442\u0440\u0430\u043d\u0438\u0446\u0430","item":"https:\/\/xstyle.md\/"},{"@type":"ListItem","position":2,"name":"\u041c\u0430\u0433\u0430\u0437\u0438\u043d","item":"https:\/\/xstyle.md\/shop\/"},{"@type":"ListItem","position":3,"name":"\u041a\u0430\u0440\u0430\u0431\u0438\u043d Singing Rock Colt Screw"}]},{"@type":"WebSite","@id":"https:\/\/xstyle.md\/#website","url":"https:\/\/xstyle.md\/","name":"Magazinul X-Style","description":"Echipamente pentru turism \u0219i sporturi extreme \u00een Moldova. Pre\u021buri, fotografii, caracteristici \u00een Moldova.","publisher":{"@id":"https:\/\/xstyle.md\/#organization"},"alternateName":"X-Style","potentialAction":[{"@type":"SearchAction","target":{"@type":"EntryPoint","urlTemplate":"https:\/\/xstyle.md\/?s={search_term_string}"},"query-input":{"@type":"PropertyValueSpecification","valueRequired":true,"valueName":"search_term_string"}}],"inLanguage":"ro-RO"},{"@type":"Organization","@id":"https:\/\/xstyle.md\/#organization","name":"Magazinul X-Style","alternateName":"x-style","url":"https:\/\/xstyle.md\/","logo":{"@type":"ImageObject","inLanguage":"ro-RO","@id":"https:\/\/xstyle.md\/#\/schema\/logo\/image\/","url":"https:\/\/xstyle.md\/wp-content\/uploads\/2020\/06\/logoicon.svg","contentUrl":"https:\/\/xstyle.md\/wp-content\/uploads\/2020\/06\/logoicon.svg","caption":"\u041c\u0430\u0433\u0430\u0437\u0438\u043d Xstyle"},"image":{"@id":"https:\/\/xstyle.md\/#\/schema\/logo\/image\/"},"sameAs":["https:\/\/www.facebook.com\/xstylemd","https:\/\/www.instagram.com\/xstyle_md\/","https:\/\/t.me\/xstyle_outdoor"],"hasMerchantReturnPolicy":{"@type":"MerchantReturnPolicy","merchantReturnLink":"https:\/\/xstyle.md\/ro\/conditions\/"}}]},"product_price_amount":"195.00","product_price_currency":"MDL","og_availability":"instock","product_availability":"instock","product_retailer_item_id":"8595033344488","product_condition":"new"},"_links":{"self":[{"href":"https:\/\/xstyle.md\/ro\/wp-json\/wp\/v2\/product\/9507","targetHints":{"allow":["GET"]}}],"collection":[{"href":"https:\/\/xstyle.md\/ro\/wp-json\/wp\/v2\/product"}],"about":[{"href":"https:\/\/xstyle.md\/ro\/wp-json\/wp\/v2\/types\/product"}],"replies":[{"embeddable":true,"href":"https:\/\/xstyle.md\/ro\/wp-json\/wp\/v2\/comments?post=9507"}],"wp:featuredmedia":[{"embeddable":true,"href":"https:\/\/xstyle.md\/ro\/wp-json\/wp\/v2\/media\/9505"}],"wp:attachment":[{"href":"https:\/\/xstyle.md\/ro\/wp-json\/wp\/v2\/media?parent=9507"}],"wp:term":[{"taxonomy":"product_brand","embeddable":true,"href":"https:\/\/xstyle.md\/ro\/wp-json\/wp\/v2\/product_brand?post=9507"},{"taxonomy":"product_cat","embeddable":true,"href":"https:\/\/xstyle.md\/ro\/wp-json\/wp\/v2\/product_cat?post=9507"},{"taxonomy":"product_tag","embeddable":true,"href":"https:\/\/xstyle.md\/ro\/wp-json\/wp\/v2\/product_tag?post=9507"}],"curies":[{"name":"wp","href":"https:\/\/api.w.org\/{rel}","templated":true}]}}