{"id":95043,"date":"2025-06-12T17:50:06","date_gmt":"2025-06-12T14:50:06","guid":{"rendered":"https:\/\/xstyle.md\/?post_type=product&#038;p=95043"},"modified":"2026-02-12T13:45:17","modified_gmt":"2026-02-12T10:45:17","slug":"ryukzak-osprey-raptor-14-aprium-purple","status":"publish","type":"product","link":"https:\/\/xstyle.md\/ro\/produs\/ryukzak-osprey-raptor-14-aprium-purple\/","title":{"rendered":"Rucsac Osprey Raptor 14 aprium purple"},"content":{"rendered":"<p><\/p>\n<p>Rucsacul <strong>Osprey Raptor 14 aprium purple<\/strong> &#8212; va fi apreciat de to\u021bi cei care doresc s\u0103 se bucure pe deplin de mersul pe ciclism montan (mountain bike), de la trasee singletrack p\u00e2n\u0103 la bike park-uri. Datorit\u0103 performan\u021belor de top, este lider \u00een categoria sa. Este echipat cu cel mai nou rezervor de hidratare Hydraulics\u2122 \u0219i caracteristici robuste pentru cele mai grele zile pe traseu.<\/p>\n<h3>Particularit\u0103\u021bi<\/h3>\n<ul>\n<li>Buzunar cu fermoar pentru ochelari de soare \u0219i dispozitive electronice<\/li>\n<li>Buzunare din plas\u0103 elastic\u0103 pe centura de talie cu fermoar pentru acces rapid la obiecte mici<\/li>\n<li>Compartiment pentru punga de ap\u0103 cu acces direct prin fermoar \u0219i ghidaj pentru furtun<\/li>\n<li>Suport LidLock pentru casca de biciclet\u0103<\/li>\n<li>Buzunar frontal din plas\u0103 elastic\u0103 pentru depozitarea rapid\u0103 a echipamentului suplimentar<\/li>\n<li>Punct de ata\u0219are pentru lumin\u0103 intermitent\u0103 \u0219i grafic\u0103 reflectorizant\u0103 pentru siguran\u021b\u0103 sporit\u0103<\/li>\n<li>Organizator de scule deta\u0219abil (tool roll) pentru a p\u0103stra uneltele ordonate \u0219i la \u00eendem\u00e2n\u0103<\/li>\n<li>Magnet pe curea de piept pentru acces u\u0219or la valva furtunului<\/li>\n<li>Compartimente cu organizator pentru scule de ciclism \u00een zona principal\u0103<\/li>\n<li>Include o pung\u0103 de ap\u0103 Hydraulics\u2122 LT cu un volum de 2,5 litri<\/li>\n<li>Impregnare DWR f\u0103r\u0103 con\u021binut de PFAS<\/li>\n<\/ul>\n<h3>Caracteristici<\/h3>\n<ul>\n<li>Greutate \u2013 0,9 kg<\/li>\n<li>Volum \u2013 14 l<\/li>\n<li>Dimensiuni \u2013 48 x 22 x 23 (\u00ce x L x A) cm<\/li>\n<li>Material \u2013 100% nailon reciclat Bird Dobby, certificare bluesign\u00ae (210 den)<\/li>\n<li>Destina\u021bie \u2013 ciclism montan (mountain bike)<\/li>\n<li>Model \u2013 unisex<\/li>\n<\/ul>\n<h3>Tehnologii<\/h3>\n<ul>\n<li><strong>Hydraulics<\/strong>\u2122 este un sistem avansat de hidratare care ofer\u0103 acces facil la ap\u0103 \u00een timpul mi\u0219c\u0103rii. Rezervorul este dotat cu o plac\u0103 anatomic\u0103 special\u0103 care \u00eei men\u021bine forma \u0219i previne deformarea rucsacului, asigur\u00e2nd o pozi\u021bionare confortabil\u0103 pe spate.<\/li>\n<\/ul>\n<p><\/p>\n<h3>Marca<\/h3>\n<p>Osprey - este un produc\u0103tor american care produce rucsacuri excelente \u0219i moderne pentru o varietate de scopuri, gen\u021bi \u0219i accesorii pentru drume\u021bii. Calitatea produselor Osprey se datoreaz\u0103 interesului personal \u0219i implic\u0103rii \u00een dezvoltarea \u0219i controlul proprietarului, Mike Pfotenhauer.<\/p>\n<p>Din 1974, c\u00e2nd a \u00eenregistrat compania, a verificat fiecare element al rucsacurilor \u0219i al altor produse fabricate anatomic. Aceast\u0103 abordare este cea care a f\u0103cut ca, \u00een doar c\u00e2\u021biva ani de la introducerea Osprey, marca s\u0103 primeasc\u0103 cele mai bune note din partea clien\u021bilor prin cererea mare de produse.<\/p>\n<p>\u0218i chiar \u0219i acum, mai bine de 40 de ani mai t\u00e2rziu, Mike viziteaz\u0103 fabricile \u00een fiecare zi, verific\u00e2nd \u0219i ajust\u00e2nd toate procesele. Aceast\u0103 abordare a afacerii a f\u0103cut posibil\u0103 acordarea unei garan\u021bii pe via\u021b\u0103 pentru produsele sale. Principalele caracteristici ale produselor Osprey sunt calitatea ridicat\u0103, tehnologia \u0219i inova\u021bia.<\/p>","protected":false},"excerpt":{"rendered":"<p>\u0411\u0440\u0435\u043d\u0434 Osprey &#8212; \u0430\u043c\u0435\u0440\u0438\u043a\u0430\u043d\u0441\u043a\u0438\u0439 \u043f\u0440\u043e\u0438\u0437\u0432\u043e\u0434\u0438\u0442\u0435\u043b\u044c, \u0432\u044b\u043f\u0443\u0441\u043a\u0430\u044e\u0449\u0438\u0439 \u043e\u0442\u043b\u0438\u0447\u043d\u044b\u0435 \u0441\u043e\u0432\u0440\u0435\u043c\u0435\u043d\u043d\u044b\u0435 \u0440\u044e\u043a\u0437\u0430\u043a\u0438 \u043f\u043e\u0434 \u0441\u0430\u043c\u044b\u0435 \u0440\u0430\u0437\u043d\u044b\u0435 \u0437\u0430\u0434\u0430\u0447\u0438, \u0441\u0443\u043c\u043a\u0438 \u0438 \u043f\u043e\u0445\u043e\u0434\u043d\u044b\u0435 \u0430\u043a\u0441\u0435\u0441\u0441\u0443\u0430\u0440\u044b. \u041a\u0430\u0447\u0435\u0441\u0442\u0432\u043e \u043f\u0440\u043e\u0434\u0443\u043a\u0446\u0438\u0438 \u0431\u0440\u0435\u043d\u0434\u0430 Osprey \u043e\u0431\u0443\u0441\u043b\u043e\u0432\u043b\u0435\u043d\u043e \u043b\u0438\u0447\u043d\u043e\u0439 \u0437\u0430\u0438\u043d\u0442\u0435\u0440\u0435\u0441\u043e\u0432\u0430\u043d\u043d\u043e\u0441\u0442\u044c\u044e \u0438 \u0443\u0447\u0430\u0441\u0442\u0438\u0435\u043c \u0432 \u0440\u0430\u0437\u0440\u0430\u0431\u043e\u0442\u043a\u0430\u0445 \u0438 \u043a\u043e\u043d\u0442\u0440\u043e\u043b\u0435 \u0432\u043b\u0430\u0434\u0435\u043b\u044c\u0446\u0430 &#8212; \u041c\u0430\u0439\u043a\u0430 \u041f\u0444\u043e\u0442\u0435\u043d\u0445\u0430\u0443\u044d\u0440\u0430. \u041d\u0430\u0447\u0438\u043d\u0430\u044f \u0441 1974 \u0433\u043e\u0434\u0430, \u043a\u043e\u0433\u0434\u0430 \u043e\u043d \u0437\u0430\u0440\u0435\u0433\u0438\u0441\u0442\u0440\u0438\u0440\u043e\u0432\u0430\u043b \u043f\u0440\u0435\u0434\u043f\u0440\u0438\u044f\u0442\u0438\u0435, \u043e\u043d \u043f\u0440\u043e\u0432\u0435\u0440\u044f\u0435\u0442 \u043a\u0430\u0436\u0434\u044b\u0439 \u044d\u043b\u0435\u043c\u0435\u043d\u0442 \u0430\u043d\u0430\u0442\u043e\u043c\u0438\u0447\u0435\u0441\u043a\u0438 \u0438\u0437\u0433\u043e\u0442\u043e\u0432\u043b\u0435\u043d\u043d\u044b\u0445 \u0440\u044e\u043a\u0437\u0430\u043a\u043e\u0432 \u0438 \u0434\u0440\u0443\u0433\u0438\u0445 \u0438\u0437\u0434\u0435\u043b\u0438\u0439. \u0418\u043c\u0435\u043d\u043d\u043e \u0442\u0430\u043a\u043e\u0439 \u043f\u043e\u0434\u0445\u043e\u0434 [&hellip;]<\/p>\n","protected":false},"featured_media":101206,"comment_status":"open","ping_status":"closed","template":"","meta":{"_acf_changed":false,"inline_featured_image":false},"product_brand":[1260],"product_cat":[843],"product_tag":[],"class_list":{"0":"post-95043","1":"product","2":"type-product","3":"status-publish","4":"has-post-thumbnail","6":"product_brand-osprey","7":"product_cat-biking-and-cross-country","9":"first","10":"instock","11":"shipping-taxable","12":"purchasable","13":"product-type-simple"},"acf":[],"yoast_head":"<!-- This site is optimized with the Yoast SEO plugin v27.2 - https:\/\/yoast.com\/product\/yoast-seo-wordpress\/ -->\n<title>\u0420\u044e\u043a\u0437\u0430\u043a Osprey Raptor 14 aprium purple - \u041c\u0430\u0433\u0430\u0437\u0438\u043d Xstyle<\/title>\n<meta name=\"robots\" content=\"index, follow, max-snippet:-1, max-image-preview:large, max-video-preview:-1\" \/>\n<link rel=\"canonical\" href=\"https:\/\/xstyle.md\/ro\/produs\/ryukzak-osprey-raptor-14-aprium-purple\/\" \/>\n<meta property=\"og:locale\" content=\"ro_RO\" \/>\n<meta property=\"og:type\" content=\"article\" \/>\n<meta property=\"og:title\" content=\"\u0420\u044e\u043a\u0437\u0430\u043a Osprey Raptor 14 aprium purple - \u041c\u0430\u0433\u0430\u0437\u0438\u043d Xstyle\" \/>\n<meta property=\"og:description\" content=\"\u0411\u0440\u0435\u043d\u0434 Osprey &#8212; \u0430\u043c\u0435\u0440\u0438\u043a\u0430\u043d\u0441\u043a\u0438\u0439 \u043f\u0440\u043e\u0438\u0437\u0432\u043e\u0434\u0438\u0442\u0435\u043b\u044c, \u0432\u044b\u043f\u0443\u0441\u043a\u0430\u044e\u0449\u0438\u0439 \u043e\u0442\u043b\u0438\u0447\u043d\u044b\u0435 \u0441\u043e\u0432\u0440\u0435\u043c\u0435\u043d\u043d\u044b\u0435 \u0440\u044e\u043a\u0437\u0430\u043a\u0438 \u043f\u043e\u0434 \u0441\u0430\u043c\u044b\u0435 \u0440\u0430\u0437\u043d\u044b\u0435 \u0437\u0430\u0434\u0430\u0447\u0438, \u0441\u0443\u043c\u043a\u0438 \u0438 \u043f\u043e\u0445\u043e\u0434\u043d\u044b\u0435 \u0430\u043a\u0441\u0435\u0441\u0441\u0443\u0430\u0440\u044b. \u041a\u0430\u0447\u0435\u0441\u0442\u0432\u043e \u043f\u0440\u043e\u0434\u0443\u043a\u0446\u0438\u0438 \u0431\u0440\u0435\u043d\u0434\u0430 Osprey \u043e\u0431\u0443\u0441\u043b\u043e\u0432\u043b\u0435\u043d\u043e \u043b\u0438\u0447\u043d\u043e\u0439 \u0437\u0430\u0438\u043d\u0442\u0435\u0440\u0435\u0441\u043e\u0432\u0430\u043d\u043d\u043e\u0441\u0442\u044c\u044e \u0438 \u0443\u0447\u0430\u0441\u0442\u0438\u0435\u043c \u0432 \u0440\u0430\u0437\u0440\u0430\u0431\u043e\u0442\u043a\u0430\u0445 \u0438 \u043a\u043e\u043d\u0442\u0440\u043e\u043b\u0435 \u0432\u043b\u0430\u0434\u0435\u043b\u044c\u0446\u0430 &#8212; \u041c\u0430\u0439\u043a\u0430 \u041f\u0444\u043e\u0442\u0435\u043d\u0445\u0430\u0443\u044d\u0440\u0430. \u041d\u0430\u0447\u0438\u043d\u0430\u044f \u0441 1974 \u0433\u043e\u0434\u0430, \u043a\u043e\u0433\u0434\u0430 \u043e\u043d \u0437\u0430\u0440\u0435\u0433\u0438\u0441\u0442\u0440\u0438\u0440\u043e\u0432\u0430\u043b \u043f\u0440\u0435\u0434\u043f\u0440\u0438\u044f\u0442\u0438\u0435, \u043e\u043d \u043f\u0440\u043e\u0432\u0435\u0440\u044f\u0435\u0442 \u043a\u0430\u0436\u0434\u044b\u0439 \u044d\u043b\u0435\u043c\u0435\u043d\u0442 \u0430\u043d\u0430\u0442\u043e\u043c\u0438\u0447\u0435\u0441\u043a\u0438 \u0438\u0437\u0433\u043e\u0442\u043e\u0432\u043b\u0435\u043d\u043d\u044b\u0445 \u0440\u044e\u043a\u0437\u0430\u043a\u043e\u0432 \u0438 \u0434\u0440\u0443\u0433\u0438\u0445 \u0438\u0437\u0434\u0435\u043b\u0438\u0439. \u0418\u043c\u0435\u043d\u043d\u043e \u0442\u0430\u043a\u043e\u0439 \u043f\u043e\u0434\u0445\u043e\u0434 [&hellip;]\" \/>\n<meta property=\"og:url\" content=\"https:\/\/xstyle.md\/ro\/produs\/ryukzak-osprey-raptor-14-aprium-purple\/\" \/>\n<meta property=\"og:site_name\" content=\"\u041c\u0430\u0433\u0430\u0437\u0438\u043d Xstyle\" \/>\n<meta property=\"article:publisher\" content=\"https:\/\/www.facebook.com\/xstylemd\" \/>\n<meta property=\"article:modified_time\" content=\"2026-02-12T10:45:17+00:00\" \/>\n<meta property=\"og:image\" content=\"https:\/\/xstyle.md\/wp-content\/uploads\/2025\/06\/osprey-raptor-14-aprium-purple-1.webp\" \/>\n\t<meta property=\"og:image:width\" content=\"1200\" \/>\n\t<meta property=\"og:image:height\" content=\"1200\" \/>\n\t<meta property=\"og:image:type\" content=\"image\/webp\" \/>\n<meta name=\"twitter:card\" content=\"summary_large_image\" \/>\n<meta name=\"twitter:label1\" content=\"Pre\u021b\" \/>\n\t<meta name=\"twitter:data1\" content=\"3.690&nbsp;MDL\" \/>\n\t<meta name=\"twitter:label2\" content=\"Disponibilitate\" \/>\n\t<meta name=\"twitter:data2\" content=\"\u00cen stoc\" \/>\n<script type=\"application\/ld+json\" class=\"yoast-schema-graph\">{\"@context\":\"https:\/\/schema.org\",\"@graph\":[{\"@type\":\"WebPage\",\"@id\":\"https:\/\/xstyle.md\/product\/ryukzak-osprey-raptor-14-aprium-purple\/\",\"url\":\"https:\/\/xstyle.md\/product\/ryukzak-osprey-raptor-14-aprium-purple\/\",\"name\":\"\u0420\u044e\u043a\u0437\u0430\u043a Osprey Raptor 14 aprium purple - \u041c\u0430\u0433\u0430\u0437\u0438\u043d Xstyle\",\"isPartOf\":{\"@id\":\"https:\/\/xstyle.md\/#website\"},\"primaryImageOfPage\":{\"@id\":\"https:\/\/xstyle.md\/product\/ryukzak-osprey-raptor-14-aprium-purple\/#primaryimage\"},\"image\":{\"@id\":\"https:\/\/xstyle.md\/product\/ryukzak-osprey-raptor-14-aprium-purple\/#primaryimage\"},\"thumbnailUrl\":\"https:\/\/xstyle.md\/wp-content\/uploads\/2025\/06\/osprey-raptor-14-aprium-purple-1.webp\",\"datePublished\":\"2025-06-12T14:50:06+00:00\",\"dateModified\":\"2026-02-12T10:45:17+00:00\",\"breadcrumb\":{\"@id\":\"https:\/\/xstyle.md\/product\/ryukzak-osprey-raptor-14-aprium-purple\/#breadcrumb\"},\"inLanguage\":\"ro-RO\",\"potentialAction\":[{\"@type\":\"ReadAction\",\"target\":[\"https:\/\/xstyle.md\/product\/ryukzak-osprey-raptor-14-aprium-purple\/\"]}]},{\"@type\":\"ImageObject\",\"inLanguage\":\"ro-RO\",\"@id\":\"https:\/\/xstyle.md\/product\/ryukzak-osprey-raptor-14-aprium-purple\/#primaryimage\",\"url\":\"https:\/\/xstyle.md\/wp-content\/uploads\/2025\/06\/osprey-raptor-14-aprium-purple-1.webp\",\"contentUrl\":\"https:\/\/xstyle.md\/wp-content\/uploads\/2025\/06\/osprey-raptor-14-aprium-purple-1.webp\",\"width\":1200,\"height\":1200,\"caption\":\"\u0420\u044e\u043a\u0437\u0430\u043a osprey raptor 14 aprium purple \u0434\u043b\u044f \u0430\u043a\u0442\u0438\u0432\u043d\u043e\u0433\u043e \u043e\u0442\u0434\u044b\u0445\u0430, \u043f\u043e\u0445\u043e\u0434\u043e\u0432, \u0442\u0443\u0440\u0438\u0437\u043c\u0430 \u0438 \u043f\u0443\u0442\u0435\u0448\u0435\u0441\u0442\u0432\u0438\u0439, \u0441\u043f\u043e\u0440\u0442\u0438\u0432\u043d\u0430\u044f \u043e\u0434\u0435\u0436\u0434\u0430 \u0438 \u043e\u0431\u0443\u0432\u044c \u0434\u043b\u044f \u043f\u0443\u0442\u0435\u0448\u0435\u0441\u0442\u0432\u0438\u0439 \u0438 \u0430\u043b\u044c\u043f\u0438\u043d\u0438\u0437\u043c\u0430\"},{\"@type\":\"BreadcrumbList\",\"@id\":\"https:\/\/xstyle.md\/product\/ryukzak-osprey-raptor-14-aprium-purple\/#breadcrumb\",\"itemListElement\":[{\"@type\":\"ListItem\",\"position\":1,\"name\":\"\u0413\u043b\u0430\u0432\u043d\u0430\u044f \u0441\u0442\u0440\u0430\u043d\u0438\u0446\u0430\",\"item\":\"https:\/\/xstyle.md\/\"},{\"@type\":\"ListItem\",\"position\":2,\"name\":\"\u041c\u0430\u0433\u0430\u0437\u0438\u043d\",\"item\":\"https:\/\/xstyle.md\/shop\/\"},{\"@type\":\"ListItem\",\"position\":3,\"name\":\"\u0420\u044e\u043a\u0437\u0430\u043a Osprey Raptor 14 aprium purple\"}]},{\"@type\":\"WebSite\",\"@id\":\"https:\/\/xstyle.md\/#website\",\"url\":\"https:\/\/xstyle.md\/\",\"name\":\"\u041c\u0430\u0433\u0430\u0437\u0438\u043d Xstyle\",\"description\":\"C\u043d\u0430\u0440\u044f\u0436\u0435\u043d\u0438\u0435 \u0434\u043b\u044f \u0442\u0443\u0440\u0438\u0437\u043c\u0430 \u0438 \u044d\u043a\u0441\u0442\u0440\u0435\u043c\u0430\u043b\u044c\u043d\u044b\u0445 \u0432\u0438\u0434\u043e\u0432 \u0441\u043f\u043e\u0440\u0442\u0430 \u0432 \u041c\u043e\u043b\u0434\u043e\u0432\u0435.. \u0426\u0435\u043d\u044b, \u0444\u043e\u0442\u043e, \u0445\u0430\u0440\u0430\u043a\u0442\u0435\u0440\u0438\u0441\u0442\u0438\u043a\u0438 \u0432 \u041c\u043e\u043b\u0434\u043e\u0432\u0435.\",\"publisher\":{\"@id\":\"https:\/\/xstyle.md\/#organization\"},\"alternateName\":\"X-Style\",\"potentialAction\":[{\"@type\":\"SearchAction\",\"target\":{\"@type\":\"EntryPoint\",\"urlTemplate\":\"https:\/\/xstyle.md\/?s={search_term_string}\"},\"query-input\":{\"@type\":\"PropertyValueSpecification\",\"valueRequired\":true,\"valueName\":\"search_term_string\"}}],\"inLanguage\":\"ro-RO\"},{\"@type\":\"Organization\",\"@id\":\"https:\/\/xstyle.md\/#organization\",\"name\":\"\u041c\u0430\u0433\u0430\u0437\u0438\u043d Xstyle\",\"alternateName\":\"x-style\",\"url\":\"https:\/\/xstyle.md\/\",\"logo\":{\"@type\":\"ImageObject\",\"inLanguage\":\"ro-RO\",\"@id\":\"https:\/\/xstyle.md\/#\/schema\/logo\/image\/\",\"url\":\"https:\/\/xstyle.md\/wp-content\/uploads\/2020\/06\/logoicon.svg\",\"contentUrl\":\"https:\/\/xstyle.md\/wp-content\/uploads\/2020\/06\/logoicon.svg\",\"caption\":\"\u041c\u0430\u0433\u0430\u0437\u0438\u043d Xstyle\"},\"image\":{\"@id\":\"https:\/\/xstyle.md\/#\/schema\/logo\/image\/\"},\"sameAs\":[\"https:\/\/www.facebook.com\/xstylemd\",\"https:\/\/www.instagram.com\/xstyle_md\/\",\"https:\/\/t.me\/xstyle_outdoor\"],\"hasMerchantReturnPolicy\":{\"@type\":\"MerchantReturnPolicy\",\"merchantReturnLink\":\"https:\/\/xstyle.md\/ro\/conditions\/\"}}]}<\/script>\n<meta property=\"product:price:amount\" content=\"3690.00\" \/>\n<meta property=\"product:price:currency\" content=\"MDL\" \/>\n<meta property=\"og:availability\" content=\"instock\" \/>\n<meta property=\"product:availability\" content=\"instock\" \/>\n<meta property=\"product:retailer_item_id\" content=\"843820158939\" \/>\n<meta property=\"product:condition\" content=\"new\" \/>\n<!-- \/ Yoast SEO plugin. -->","yoast_head_json":{"title":"\u0420\u044e\u043a\u0437\u0430\u043a Osprey Raptor 14 aprium purple - \u041c\u0430\u0433\u0430\u0437\u0438\u043d Xstyle","robots":{"index":"index","follow":"follow","max-snippet":"max-snippet:-1","max-image-preview":"max-image-preview:large","max-video-preview":"max-video-preview:-1"},"canonical":"https:\/\/xstyle.md\/ro\/produs\/ryukzak-osprey-raptor-14-aprium-purple\/","og_locale":"ro_RO","og_type":"article","og_title":"\u0420\u044e\u043a\u0437\u0430\u043a Osprey Raptor 14 aprium purple - \u041c\u0430\u0433\u0430\u0437\u0438\u043d Xstyle","og_description":"\u0411\u0440\u0435\u043d\u0434 Osprey &#8212; \u0430\u043c\u0435\u0440\u0438\u043a\u0430\u043d\u0441\u043a\u0438\u0439 \u043f\u0440\u043e\u0438\u0437\u0432\u043e\u0434\u0438\u0442\u0435\u043b\u044c, \u0432\u044b\u043f\u0443\u0441\u043a\u0430\u044e\u0449\u0438\u0439 \u043e\u0442\u043b\u0438\u0447\u043d\u044b\u0435 \u0441\u043e\u0432\u0440\u0435\u043c\u0435\u043d\u043d\u044b\u0435 \u0440\u044e\u043a\u0437\u0430\u043a\u0438 \u043f\u043e\u0434 \u0441\u0430\u043c\u044b\u0435 \u0440\u0430\u0437\u043d\u044b\u0435 \u0437\u0430\u0434\u0430\u0447\u0438, \u0441\u0443\u043c\u043a\u0438 \u0438 \u043f\u043e\u0445\u043e\u0434\u043d\u044b\u0435 \u0430\u043a\u0441\u0435\u0441\u0441\u0443\u0430\u0440\u044b. \u041a\u0430\u0447\u0435\u0441\u0442\u0432\u043e \u043f\u0440\u043e\u0434\u0443\u043a\u0446\u0438\u0438 \u0431\u0440\u0435\u043d\u0434\u0430 Osprey \u043e\u0431\u0443\u0441\u043b\u043e\u0432\u043b\u0435\u043d\u043e \u043b\u0438\u0447\u043d\u043e\u0439 \u0437\u0430\u0438\u043d\u0442\u0435\u0440\u0435\u0441\u043e\u0432\u0430\u043d\u043d\u043e\u0441\u0442\u044c\u044e \u0438 \u0443\u0447\u0430\u0441\u0442\u0438\u0435\u043c \u0432 \u0440\u0430\u0437\u0440\u0430\u0431\u043e\u0442\u043a\u0430\u0445 \u0438 \u043a\u043e\u043d\u0442\u0440\u043e\u043b\u0435 \u0432\u043b\u0430\u0434\u0435\u043b\u044c\u0446\u0430 &#8212; \u041c\u0430\u0439\u043a\u0430 \u041f\u0444\u043e\u0442\u0435\u043d\u0445\u0430\u0443\u044d\u0440\u0430. \u041d\u0430\u0447\u0438\u043d\u0430\u044f \u0441 1974 \u0433\u043e\u0434\u0430, \u043a\u043e\u0433\u0434\u0430 \u043e\u043d \u0437\u0430\u0440\u0435\u0433\u0438\u0441\u0442\u0440\u0438\u0440\u043e\u0432\u0430\u043b \u043f\u0440\u0435\u0434\u043f\u0440\u0438\u044f\u0442\u0438\u0435, \u043e\u043d \u043f\u0440\u043e\u0432\u0435\u0440\u044f\u0435\u0442 \u043a\u0430\u0436\u0434\u044b\u0439 \u044d\u043b\u0435\u043c\u0435\u043d\u0442 \u0430\u043d\u0430\u0442\u043e\u043c\u0438\u0447\u0435\u0441\u043a\u0438 \u0438\u0437\u0433\u043e\u0442\u043e\u0432\u043b\u0435\u043d\u043d\u044b\u0445 \u0440\u044e\u043a\u0437\u0430\u043a\u043e\u0432 \u0438 \u0434\u0440\u0443\u0433\u0438\u0445 \u0438\u0437\u0434\u0435\u043b\u0438\u0439. \u0418\u043c\u0435\u043d\u043d\u043e \u0442\u0430\u043a\u043e\u0439 \u043f\u043e\u0434\u0445\u043e\u0434 [&hellip;]","og_url":"https:\/\/xstyle.md\/ro\/produs\/ryukzak-osprey-raptor-14-aprium-purple\/","og_site_name":"\u041c\u0430\u0433\u0430\u0437\u0438\u043d Xstyle","article_publisher":"https:\/\/www.facebook.com\/xstylemd","article_modified_time":"2026-02-12T10:45:17+00:00","og_image":[{"width":1200,"height":1200,"url":"https:\/\/xstyle.md\/wp-content\/uploads\/2025\/06\/osprey-raptor-14-aprium-purple-1.webp","type":"image\/webp"}],"twitter_card":"summary_large_image","twitter_misc":{"Pre\u021b":"3.690&nbsp;MDL","Disponibilitate":"\u00cen stoc"},"schema":{"@context":"https:\/\/schema.org","@graph":[{"@type":"WebPage","@id":"https:\/\/xstyle.md\/product\/ryukzak-osprey-raptor-14-aprium-purple\/","url":"https:\/\/xstyle.md\/product\/ryukzak-osprey-raptor-14-aprium-purple\/","name":"\u0420\u044e\u043a\u0437\u0430\u043a Osprey Raptor 14 aprium purple - \u041c\u0430\u0433\u0430\u0437\u0438\u043d Xstyle","isPartOf":{"@id":"https:\/\/xstyle.md\/#website"},"primaryImageOfPage":{"@id":"https:\/\/xstyle.md\/product\/ryukzak-osprey-raptor-14-aprium-purple\/#primaryimage"},"image":{"@id":"https:\/\/xstyle.md\/product\/ryukzak-osprey-raptor-14-aprium-purple\/#primaryimage"},"thumbnailUrl":"https:\/\/xstyle.md\/wp-content\/uploads\/2025\/06\/osprey-raptor-14-aprium-purple-1.webp","datePublished":"2025-06-12T14:50:06+00:00","dateModified":"2026-02-12T10:45:17+00:00","breadcrumb":{"@id":"https:\/\/xstyle.md\/product\/ryukzak-osprey-raptor-14-aprium-purple\/#breadcrumb"},"inLanguage":"ro-RO","potentialAction":[{"@type":"ReadAction","target":["https:\/\/xstyle.md\/product\/ryukzak-osprey-raptor-14-aprium-purple\/"]}]},{"@type":"ImageObject","inLanguage":"ro-RO","@id":"https:\/\/xstyle.md\/product\/ryukzak-osprey-raptor-14-aprium-purple\/#primaryimage","url":"https:\/\/xstyle.md\/wp-content\/uploads\/2025\/06\/osprey-raptor-14-aprium-purple-1.webp","contentUrl":"https:\/\/xstyle.md\/wp-content\/uploads\/2025\/06\/osprey-raptor-14-aprium-purple-1.webp","width":1200,"height":1200,"caption":"\u0420\u044e\u043a\u0437\u0430\u043a osprey raptor 14 aprium purple \u0434\u043b\u044f \u0430\u043a\u0442\u0438\u0432\u043d\u043e\u0433\u043e \u043e\u0442\u0434\u044b\u0445\u0430, \u043f\u043e\u0445\u043e\u0434\u043e\u0432, \u0442\u0443\u0440\u0438\u0437\u043c\u0430 \u0438 \u043f\u0443\u0442\u0435\u0448\u0435\u0441\u0442\u0432\u0438\u0439, \u0441\u043f\u043e\u0440\u0442\u0438\u0432\u043d\u0430\u044f \u043e\u0434\u0435\u0436\u0434\u0430 \u0438 \u043e\u0431\u0443\u0432\u044c \u0434\u043b\u044f \u043f\u0443\u0442\u0435\u0448\u0435\u0441\u0442\u0432\u0438\u0439 \u0438 \u0430\u043b\u044c\u043f\u0438\u043d\u0438\u0437\u043c\u0430"},{"@type":"BreadcrumbList","@id":"https:\/\/xstyle.md\/product\/ryukzak-osprey-raptor-14-aprium-purple\/#breadcrumb","itemListElement":[{"@type":"ListItem","position":1,"name":"\u0413\u043b\u0430\u0432\u043d\u0430\u044f \u0441\u0442\u0440\u0430\u043d\u0438\u0446\u0430","item":"https:\/\/xstyle.md\/"},{"@type":"ListItem","position":2,"name":"\u041c\u0430\u0433\u0430\u0437\u0438\u043d","item":"https:\/\/xstyle.md\/shop\/"},{"@type":"ListItem","position":3,"name":"\u0420\u044e\u043a\u0437\u0430\u043a Osprey Raptor 14 aprium purple"}]},{"@type":"WebSite","@id":"https:\/\/xstyle.md\/#website","url":"https:\/\/xstyle.md\/","name":"Magazinul X-Style","description":"Echipamente pentru turism \u0219i sporturi extreme \u00een Moldova. Pre\u021buri, fotografii, caracteristici \u00een Moldova.","publisher":{"@id":"https:\/\/xstyle.md\/#organization"},"alternateName":"X-Style","potentialAction":[{"@type":"SearchAction","target":{"@type":"EntryPoint","urlTemplate":"https:\/\/xstyle.md\/?s={search_term_string}"},"query-input":{"@type":"PropertyValueSpecification","valueRequired":true,"valueName":"search_term_string"}}],"inLanguage":"ro-RO"},{"@type":"Organization","@id":"https:\/\/xstyle.md\/#organization","name":"Magazinul X-Style","alternateName":"x-style","url":"https:\/\/xstyle.md\/","logo":{"@type":"ImageObject","inLanguage":"ro-RO","@id":"https:\/\/xstyle.md\/#\/schema\/logo\/image\/","url":"https:\/\/xstyle.md\/wp-content\/uploads\/2020\/06\/logoicon.svg","contentUrl":"https:\/\/xstyle.md\/wp-content\/uploads\/2020\/06\/logoicon.svg","caption":"\u041c\u0430\u0433\u0430\u0437\u0438\u043d Xstyle"},"image":{"@id":"https:\/\/xstyle.md\/#\/schema\/logo\/image\/"},"sameAs":["https:\/\/www.facebook.com\/xstylemd","https:\/\/www.instagram.com\/xstyle_md\/","https:\/\/t.me\/xstyle_outdoor"],"hasMerchantReturnPolicy":{"@type":"MerchantReturnPolicy","merchantReturnLink":"https:\/\/xstyle.md\/ro\/conditions\/"}}]},"product_price_amount":"3690.00","product_price_currency":"MDL","og_availability":"instock","product_availability":"instock","product_retailer_item_id":"843820158939","product_condition":"new"},"post_mailing_queue_ids":[],"_links":{"self":[{"href":"https:\/\/xstyle.md\/ro\/wp-json\/wp\/v2\/product\/95043","targetHints":{"allow":["GET"]}}],"collection":[{"href":"https:\/\/xstyle.md\/ro\/wp-json\/wp\/v2\/product"}],"about":[{"href":"https:\/\/xstyle.md\/ro\/wp-json\/wp\/v2\/types\/product"}],"replies":[{"embeddable":true,"href":"https:\/\/xstyle.md\/ro\/wp-json\/wp\/v2\/comments?post=95043"}],"wp:featuredmedia":[{"embeddable":true,"href":"https:\/\/xstyle.md\/ro\/wp-json\/wp\/v2\/media\/101206"}],"wp:attachment":[{"href":"https:\/\/xstyle.md\/ro\/wp-json\/wp\/v2\/media?parent=95043"}],"wp:term":[{"taxonomy":"product_brand","embeddable":true,"href":"https:\/\/xstyle.md\/ro\/wp-json\/wp\/v2\/product_brand?post=95043"},{"taxonomy":"product_cat","embeddable":true,"href":"https:\/\/xstyle.md\/ro\/wp-json\/wp\/v2\/product_cat?post=95043"},{"taxonomy":"product_tag","embeddable":true,"href":"https:\/\/xstyle.md\/ro\/wp-json\/wp\/v2\/product_tag?post=95043"}],"curies":[{"name":"wp","href":"https:\/\/api.w.org\/{rel}","templated":true}]}}