{"id":95036,"date":"2025-06-12T17:50:04","date_gmt":"2025-06-12T14:50:04","guid":{"rendered":"https:\/\/xstyle.md\/?post_type=product&#038;p=95036"},"modified":"2026-03-19T17:36:26","modified_gmt":"2026-03-19T14:36:26","slug":"ryukzak-osprey-ariel-65-medium-gray","status":"publish","type":"product","link":"https:\/\/xstyle.md\/ro\/produs\/ryukzak-osprey-ariel-65-medium-gray\/","title":{"rendered":"Rucsac Osprey Ariel 65 medium gray"},"content":{"rendered":"<\/p>\n<p>Rucsacul<strong> Osprey Ariel 65 medium gray<\/strong> &#8212; nu e doar despre stil, ci \u0219i o func\u021bionalitate excep\u021bional\u0103. Rucsacul con\u021bine numeroase dot\u0103ri suplimentare care fac mai u\u0219oar\u0103 orice provocare \u00een natur\u0103. Modelul dat este confortabil de purtat, iar materialul robust face din acest articol un companion de lung\u0103 durat\u0103. Rucsacul dispune de numeroase compartimente, iar logo-ul Osprey este vizibil \u00een mod clar.<\/p>\n<h3>Particularit\u0103\u021bi<\/h3>\n<ul>\n<li>Rucsacul se \u00eenchide cu un capac deta\u0219abil, cataram\u0103 reglabil\u0103 \u0219i \u0219nur de str\u00e2ngere.<\/li>\n<li>Compartiment principal &#8212; con\u021bine 1 compartiment pentru rezervorul de ap\u0103, 1 ching\u0103 de compresie cu cataram\u0103 reglabil\u0103 \u0219i 1 separator.<\/li>\n<li>Partea frontal\u0103 &#8212; 1 buzunar tip \u201eslide-in\u201d cu cataram\u0103 reglabil\u0103 pentru casca de biciclet\u0103, 4 chingi de compresie laterale \u0219i 2 chingi de compresie inferioare pentru jachete, p\u0103turi etc.<\/li>\n<li>Accesorii externe- 2 bucle de fixare \u0219i 2 bucle elastice cu \u0219nur reglabil pentru piole\u021bi, pozi\u021bionate frontal.<\/li>\n<li>P\u0103r\u021bile laterale &#8212; 1 suport elastic pentru sticle pe ambele p\u0103r\u021bi (st\u00e2nga \u0219i dreapta).<\/li>\n<li>Capac (flap) &#8212; 1 buzunar cu fermoar care con\u021bine o hus\u0103 de ploaie deta\u0219abil\u0103; adi\u021bional, un alt buzunar cu fermoar dotat cu breloc pentru chei.<\/li>\n<li>Sistem de spate &#8212; respirabil, cu form\u0103 ergonomic\u0103 \u0219i c\u0103ptu\u0219it.<\/li>\n<li>Stabilizare: Echipat cu centur\u0103 de piept, centur\u0103 lombar\u0103 \u0219i fluier de urgen\u021b\u0103 integrat \u00een catarama de la piept.<\/li>\n<li>Dotat cu puncte de fixare pe centura lombar\u0103, chingi de control al sarcinii pe bretele \u0219i sistem flexibil de ajustare a lungimii spatelui.<\/li>\n<li>Acces suplimentar direct \u00een compartimentul principal, fund ranforsat \u0219i orificiu pentru sistemul de hidratare.<\/li>\n<li>Suficient de mare pentru mape; dispune de un design specific feminin (ajustat pentru anatomia feminin\u0103).<\/li>\n<\/ul>\n<h3>Caracteristici<\/h3>\n<ul>\n<li>Volum \u2014 65 litri<\/li>\n<li>Dimensiuni \u2014 68 x 37 x 12 cm<\/li>\n<li>Material \u2014 100% nailon<\/li>\n<li>Utilizare \u2014 Urban, Turism<\/li>\n<li>Model \u2014 b\u0103rba\u021bi<\/li>\n<\/ul>\n<p><\/p>\n<h3>Marca<\/h3>\n<p>Osprey - este un produc\u0103tor american care produce rucsacuri excelente \u0219i moderne pentru o varietate de scopuri, gen\u021bi \u0219i accesorii pentru drume\u021bii. Calitatea produselor Osprey se datoreaz\u0103 interesului personal \u0219i implic\u0103rii \u00een dezvoltarea \u0219i controlul proprietarului, Mike Pfotenhauer.<\/p>\n<p>Din 1974, c\u00e2nd a \u00eenregistrat compania, a verificat fiecare element al rucsacurilor \u0219i al altor produse fabricate anatomic. Aceast\u0103 abordare este cea care a f\u0103cut ca, \u00een doar c\u00e2\u021biva ani de la introducerea Osprey, marca s\u0103 primeasc\u0103 cele mai bune note din partea clien\u021bilor prin cererea mare de produse.<\/p>\n<p>\u0218i chiar \u0219i acum, mai bine de 40 de ani mai t\u00e2rziu, Mike viziteaz\u0103 fabricile \u00een fiecare zi, verific\u00e2nd \u0219i ajust\u00e2nd toate procesele. Aceast\u0103 abordare a afacerii a f\u0103cut posibil\u0103 acordarea unei garan\u021bii pe via\u021b\u0103 pentru produsele sale. Principalele caracteristici ale produselor Osprey sunt calitatea ridicat\u0103, tehnologia \u0219i inova\u021bia.<\/p>","protected":false},"excerpt":{"rendered":"<p>\u0411\u0440\u0435\u043d\u0434 Osprey &#8212; \u0430\u043c\u0435\u0440\u0438\u043a\u0430\u043d\u0441\u043a\u0438\u0439 \u043f\u0440\u043e\u0438\u0437\u0432\u043e\u0434\u0438\u0442\u0435\u043b\u044c, \u0432\u044b\u043f\u0443\u0441\u043a\u0430\u044e\u0449\u0438\u0439 \u043e\u0442\u043b\u0438\u0447\u043d\u044b\u0435 \u0441\u043e\u0432\u0440\u0435\u043c\u0435\u043d\u043d\u044b\u0435 \u0440\u044e\u043a\u0437\u0430\u043a\u0438 \u043f\u043e\u0434 \u0441\u0430\u043c\u044b\u0435 \u0440\u0430\u0437\u043d\u044b\u0435 \u0437\u0430\u0434\u0430\u0447\u0438, \u0441\u0443\u043c\u043a\u0438 \u0438 \u043f\u043e\u0445\u043e\u0434\u043d\u044b\u0435 \u0430\u043a\u0441\u0435\u0441\u0441\u0443\u0430\u0440\u044b. \u041a\u0430\u0447\u0435\u0441\u0442\u0432\u043e \u043f\u0440\u043e\u0434\u0443\u043a\u0446\u0438\u0438 \u0431\u0440\u0435\u043d\u0434\u0430 Osprey \u043e\u0431\u0443\u0441\u043b\u043e\u0432\u043b\u0435\u043d\u043e \u043b\u0438\u0447\u043d\u043e\u0439 \u0437\u0430\u0438\u043d\u0442\u0435\u0440\u0435\u0441\u043e\u0432\u0430\u043d\u043d\u043e\u0441\u0442\u044c\u044e \u0438 \u0443\u0447\u0430\u0441\u0442\u0438\u0435\u043c \u0432 \u0440\u0430\u0437\u0440\u0430\u0431\u043e\u0442\u043a\u0430\u0445 \u0438 \u043a\u043e\u043d\u0442\u0440\u043e\u043b\u0435 \u0432\u043b\u0430\u0434\u0435\u043b\u044c\u0446\u0430 &#8212; \u041c\u0430\u0439\u043a\u0430 \u041f\u0444\u043e\u0442\u0435\u043d\u0445\u0430\u0443\u044d\u0440\u0430. \u041d\u0430\u0447\u0438\u043d\u0430\u044f \u0441 1974 \u0433\u043e\u0434\u0430, \u043a\u043e\u0433\u0434\u0430 \u043e\u043d \u0437\u0430\u0440\u0435\u0433\u0438\u0441\u0442\u0440\u0438\u0440\u043e\u0432\u0430\u043b \u043f\u0440\u0435\u0434\u043f\u0440\u0438\u044f\u0442\u0438\u0435, \u043e\u043d \u043f\u0440\u043e\u0432\u0435\u0440\u044f\u0435\u0442 \u043a\u0430\u0436\u0434\u044b\u0439 \u044d\u043b\u0435\u043c\u0435\u043d\u0442 \u0430\u043d\u0430\u0442\u043e\u043c\u0438\u0447\u0435\u0441\u043a\u0438 \u0438\u0437\u0433\u043e\u0442\u043e\u0432\u043b\u0435\u043d\u043d\u044b\u0445 \u0440\u044e\u043a\u0437\u0430\u043a\u043e\u0432 \u0438 \u0434\u0440\u0443\u0433\u0438\u0445 \u0438\u0437\u0434\u0435\u043b\u0438\u0439. \u0418\u043c\u0435\u043d\u043d\u043e \u0442\u0430\u043a\u043e\u0439 \u043f\u043e\u0434\u0445\u043e\u0434 [&hellip;]<\/p>\n","protected":false},"featured_media":100966,"comment_status":"open","ping_status":"closed","template":"","meta":{"_acf_changed":false,"inline_featured_image":false},"product_brand":[1260],"product_cat":[42],"product_tag":[],"class_list":{"0":"post-95036","1":"product","2":"type-product","3":"status-publish","4":"has-post-thumbnail","6":"product_brand-osprey","7":"product_cat-travel-up-to-100-bag","9":"first","10":"instock","11":"shipping-taxable","12":"purchasable","13":"product-type-simple"},"acf":[],"yoast_head":"<!-- This site is optimized with the Yoast SEO plugin v27.2 - https:\/\/yoast.com\/product\/yoast-seo-wordpress\/ -->\n<title>\u0420\u044e\u043a\u0437\u0430\u043a Osprey Ariel 65 medium gray - \u041c\u0430\u0433\u0430\u0437\u0438\u043d Xstyle<\/title>\n<meta name=\"robots\" content=\"index, follow, max-snippet:-1, max-image-preview:large, max-video-preview:-1\" \/>\n<link rel=\"canonical\" href=\"https:\/\/xstyle.md\/ro\/produs\/ryukzak-osprey-ariel-65-medium-gray\/\" \/>\n<meta property=\"og:locale\" content=\"ro_RO\" \/>\n<meta property=\"og:type\" content=\"article\" \/>\n<meta property=\"og:title\" content=\"\u0420\u044e\u043a\u0437\u0430\u043a Osprey Ariel 65 medium gray - \u041c\u0430\u0433\u0430\u0437\u0438\u043d Xstyle\" \/>\n<meta property=\"og:description\" content=\"\u0411\u0440\u0435\u043d\u0434 Osprey &#8212; \u0430\u043c\u0435\u0440\u0438\u043a\u0430\u043d\u0441\u043a\u0438\u0439 \u043f\u0440\u043e\u0438\u0437\u0432\u043e\u0434\u0438\u0442\u0435\u043b\u044c, \u0432\u044b\u043f\u0443\u0441\u043a\u0430\u044e\u0449\u0438\u0439 \u043e\u0442\u043b\u0438\u0447\u043d\u044b\u0435 \u0441\u043e\u0432\u0440\u0435\u043c\u0435\u043d\u043d\u044b\u0435 \u0440\u044e\u043a\u0437\u0430\u043a\u0438 \u043f\u043e\u0434 \u0441\u0430\u043c\u044b\u0435 \u0440\u0430\u0437\u043d\u044b\u0435 \u0437\u0430\u0434\u0430\u0447\u0438, \u0441\u0443\u043c\u043a\u0438 \u0438 \u043f\u043e\u0445\u043e\u0434\u043d\u044b\u0435 \u0430\u043a\u0441\u0435\u0441\u0441\u0443\u0430\u0440\u044b. \u041a\u0430\u0447\u0435\u0441\u0442\u0432\u043e \u043f\u0440\u043e\u0434\u0443\u043a\u0446\u0438\u0438 \u0431\u0440\u0435\u043d\u0434\u0430 Osprey \u043e\u0431\u0443\u0441\u043b\u043e\u0432\u043b\u0435\u043d\u043e \u043b\u0438\u0447\u043d\u043e\u0439 \u0437\u0430\u0438\u043d\u0442\u0435\u0440\u0435\u0441\u043e\u0432\u0430\u043d\u043d\u043e\u0441\u0442\u044c\u044e \u0438 \u0443\u0447\u0430\u0441\u0442\u0438\u0435\u043c \u0432 \u0440\u0430\u0437\u0440\u0430\u0431\u043e\u0442\u043a\u0430\u0445 \u0438 \u043a\u043e\u043d\u0442\u0440\u043e\u043b\u0435 \u0432\u043b\u0430\u0434\u0435\u043b\u044c\u0446\u0430 &#8212; \u041c\u0430\u0439\u043a\u0430 \u041f\u0444\u043e\u0442\u0435\u043d\u0445\u0430\u0443\u044d\u0440\u0430. \u041d\u0430\u0447\u0438\u043d\u0430\u044f \u0441 1974 \u0433\u043e\u0434\u0430, \u043a\u043e\u0433\u0434\u0430 \u043e\u043d \u0437\u0430\u0440\u0435\u0433\u0438\u0441\u0442\u0440\u0438\u0440\u043e\u0432\u0430\u043b \u043f\u0440\u0435\u0434\u043f\u0440\u0438\u044f\u0442\u0438\u0435, \u043e\u043d \u043f\u0440\u043e\u0432\u0435\u0440\u044f\u0435\u0442 \u043a\u0430\u0436\u0434\u044b\u0439 \u044d\u043b\u0435\u043c\u0435\u043d\u0442 \u0430\u043d\u0430\u0442\u043e\u043c\u0438\u0447\u0435\u0441\u043a\u0438 \u0438\u0437\u0433\u043e\u0442\u043e\u0432\u043b\u0435\u043d\u043d\u044b\u0445 \u0440\u044e\u043a\u0437\u0430\u043a\u043e\u0432 \u0438 \u0434\u0440\u0443\u0433\u0438\u0445 \u0438\u0437\u0434\u0435\u043b\u0438\u0439. \u0418\u043c\u0435\u043d\u043d\u043e \u0442\u0430\u043a\u043e\u0439 \u043f\u043e\u0434\u0445\u043e\u0434 [&hellip;]\" \/>\n<meta property=\"og:url\" content=\"https:\/\/xstyle.md\/ro\/produs\/ryukzak-osprey-ariel-65-medium-gray\/\" \/>\n<meta property=\"og:site_name\" content=\"\u041c\u0430\u0433\u0430\u0437\u0438\u043d Xstyle\" \/>\n<meta property=\"article:publisher\" content=\"https:\/\/www.facebook.com\/xstylemd\" \/>\n<meta property=\"article:modified_time\" content=\"2026-03-19T14:36:26+00:00\" \/>\n<meta property=\"og:image\" content=\"https:\/\/xstyle.md\/wp-content\/uploads\/2025\/06\/osprey-ariel-65-medium-gray-2.webp\" \/>\n\t<meta property=\"og:image:width\" content=\"1200\" \/>\n\t<meta property=\"og:image:height\" content=\"1200\" \/>\n\t<meta property=\"og:image:type\" content=\"image\/webp\" \/>\n<meta name=\"twitter:card\" content=\"summary_large_image\" \/>\n<meta name=\"twitter:label1\" content=\"Pre\u021b\" \/>\n\t<meta name=\"twitter:data1\" content=\"6.290&nbsp;MDL\" \/>\n\t<meta name=\"twitter:label2\" content=\"Disponibilitate\" \/>\n\t<meta name=\"twitter:data2\" content=\"\u00cen stoc\" \/>\n<script type=\"application\/ld+json\" class=\"yoast-schema-graph\">{\"@context\":\"https:\/\/schema.org\",\"@graph\":[{\"@type\":\"WebPage\",\"@id\":\"https:\/\/xstyle.md\/product\/ryukzak-osprey-ariel-65-medium-gray\/\",\"url\":\"https:\/\/xstyle.md\/product\/ryukzak-osprey-ariel-65-medium-gray\/\",\"name\":\"\u0420\u044e\u043a\u0437\u0430\u043a Osprey Ariel 65 medium gray - \u041c\u0430\u0433\u0430\u0437\u0438\u043d Xstyle\",\"isPartOf\":{\"@id\":\"https:\/\/xstyle.md\/#website\"},\"primaryImageOfPage\":{\"@id\":\"https:\/\/xstyle.md\/product\/ryukzak-osprey-ariel-65-medium-gray\/#primaryimage\"},\"image\":{\"@id\":\"https:\/\/xstyle.md\/product\/ryukzak-osprey-ariel-65-medium-gray\/#primaryimage\"},\"thumbnailUrl\":\"https:\/\/xstyle.md\/wp-content\/uploads\/2025\/06\/osprey-ariel-65-medium-gray-2.webp\",\"datePublished\":\"2025-06-12T14:50:04+00:00\",\"dateModified\":\"2026-03-19T14:36:26+00:00\",\"breadcrumb\":{\"@id\":\"https:\/\/xstyle.md\/product\/ryukzak-osprey-ariel-65-medium-gray\/#breadcrumb\"},\"inLanguage\":\"ro-RO\",\"potentialAction\":[{\"@type\":\"ReadAction\",\"target\":[\"https:\/\/xstyle.md\/product\/ryukzak-osprey-ariel-65-medium-gray\/\"]}]},{\"@type\":\"ImageObject\",\"inLanguage\":\"ro-RO\",\"@id\":\"https:\/\/xstyle.md\/product\/ryukzak-osprey-ariel-65-medium-gray\/#primaryimage\",\"url\":\"https:\/\/xstyle.md\/wp-content\/uploads\/2025\/06\/osprey-ariel-65-medium-gray-2.webp\",\"contentUrl\":\"https:\/\/xstyle.md\/wp-content\/uploads\/2025\/06\/osprey-ariel-65-medium-gray-2.webp\",\"width\":1200,\"height\":1200,\"caption\":\"\u0420\u044e\u043a\u0437\u0430\u043a Osprey Ariel 65 \u0441\u0440\u0435\u0434\u043d\u0435\u0441\u0435\u0440\u044b\u0439 \u0434\u043b\u044f \u0430\u043a\u0442\u0438\u0432\u043d\u043e\u0433\u043e \u043e\u0442\u0434\u044b\u0445\u0430 \u043f\u043e\u0445\u043e\u0434\u043e\u0432 \u0430\u043b\u044c\u043f\u0438\u043d\u0438\u0437\u043c\u0430 \u043f\u0443\u0442\u0435\u0448\u0435\u0441\u0442\u0432\u0438\u0439 \u0436\u0435\u043d\u0441\u043a\u0438\u0439 \u0441\u043d\u0430\u0440\u044f\u0436\u0435\u043d\u0438\u0435 \u0434\u043b\u044f \u0441\u043f\u043e\u0440\u0442\u0430 \u0438 \u0442\u0443\u0440\u0438\u0437\u043c\u0430 \u0432 \u043e\u043d\u043b\u0430\u0439\u043d \u043c\u0430\u0433\u0430\u0437\u0438\u043d\u0435 \u0442\u043e\u0432\u0430\u0440\u043e\u0432 \u0434\u043b\u044f \u0430\u043a\u0442\u0438\u0432\u043d\u043e\u0439 \u0436\u0438\u0437\u043d\u0438\"},{\"@type\":\"BreadcrumbList\",\"@id\":\"https:\/\/xstyle.md\/product\/ryukzak-osprey-ariel-65-medium-gray\/#breadcrumb\",\"itemListElement\":[{\"@type\":\"ListItem\",\"position\":1,\"name\":\"\u0413\u043b\u0430\u0432\u043d\u0430\u044f \u0441\u0442\u0440\u0430\u043d\u0438\u0446\u0430\",\"item\":\"https:\/\/xstyle.md\/\"},{\"@type\":\"ListItem\",\"position\":2,\"name\":\"\u041c\u0430\u0433\u0430\u0437\u0438\u043d\",\"item\":\"https:\/\/xstyle.md\/shop\/\"},{\"@type\":\"ListItem\",\"position\":3,\"name\":\"\u0420\u044e\u043a\u0437\u0430\u043a Osprey Ariel 65 medium gray\"}]},{\"@type\":\"WebSite\",\"@id\":\"https:\/\/xstyle.md\/#website\",\"url\":\"https:\/\/xstyle.md\/\",\"name\":\"\u041c\u0430\u0433\u0430\u0437\u0438\u043d Xstyle\",\"description\":\"C\u043d\u0430\u0440\u044f\u0436\u0435\u043d\u0438\u0435 \u0434\u043b\u044f \u0442\u0443\u0440\u0438\u0437\u043c\u0430 \u0438 \u044d\u043a\u0441\u0442\u0440\u0435\u043c\u0430\u043b\u044c\u043d\u044b\u0445 \u0432\u0438\u0434\u043e\u0432 \u0441\u043f\u043e\u0440\u0442\u0430 \u0432 \u041c\u043e\u043b\u0434\u043e\u0432\u0435.. \u0426\u0435\u043d\u044b, \u0444\u043e\u0442\u043e, \u0445\u0430\u0440\u0430\u043a\u0442\u0435\u0440\u0438\u0441\u0442\u0438\u043a\u0438 \u0432 \u041c\u043e\u043b\u0434\u043e\u0432\u0435.\",\"publisher\":{\"@id\":\"https:\/\/xstyle.md\/#organization\"},\"alternateName\":\"X-Style\",\"potentialAction\":[{\"@type\":\"SearchAction\",\"target\":{\"@type\":\"EntryPoint\",\"urlTemplate\":\"https:\/\/xstyle.md\/?s={search_term_string}\"},\"query-input\":{\"@type\":\"PropertyValueSpecification\",\"valueRequired\":true,\"valueName\":\"search_term_string\"}}],\"inLanguage\":\"ro-RO\"},{\"@type\":\"Organization\",\"@id\":\"https:\/\/xstyle.md\/#organization\",\"name\":\"\u041c\u0430\u0433\u0430\u0437\u0438\u043d Xstyle\",\"alternateName\":\"x-style\",\"url\":\"https:\/\/xstyle.md\/\",\"logo\":{\"@type\":\"ImageObject\",\"inLanguage\":\"ro-RO\",\"@id\":\"https:\/\/xstyle.md\/#\/schema\/logo\/image\/\",\"url\":\"https:\/\/xstyle.md\/wp-content\/uploads\/2020\/06\/logoicon.svg\",\"contentUrl\":\"https:\/\/xstyle.md\/wp-content\/uploads\/2020\/06\/logoicon.svg\",\"caption\":\"\u041c\u0430\u0433\u0430\u0437\u0438\u043d Xstyle\"},\"image\":{\"@id\":\"https:\/\/xstyle.md\/#\/schema\/logo\/image\/\"},\"sameAs\":[\"https:\/\/www.facebook.com\/xstylemd\",\"https:\/\/www.instagram.com\/xstyle_md\/\",\"https:\/\/t.me\/xstyle_outdoor\"],\"hasMerchantReturnPolicy\":{\"@type\":\"MerchantReturnPolicy\",\"merchantReturnLink\":\"https:\/\/xstyle.md\/ro\/conditions\/\"}}]}<\/script>\n<meta property=\"product:price:amount\" content=\"6290.00\" \/>\n<meta property=\"product:price:currency\" content=\"MDL\" \/>\n<meta property=\"og:availability\" content=\"instock\" \/>\n<meta property=\"product:availability\" content=\"instock\" \/>\n<meta property=\"product:retailer_item_id\" content=\"843820199468\" \/>\n<meta property=\"product:condition\" content=\"new\" \/>\n<!-- \/ Yoast SEO plugin. -->","yoast_head_json":{"title":"\u0420\u044e\u043a\u0437\u0430\u043a Osprey Ariel 65 medium gray - \u041c\u0430\u0433\u0430\u0437\u0438\u043d Xstyle","robots":{"index":"index","follow":"follow","max-snippet":"max-snippet:-1","max-image-preview":"max-image-preview:large","max-video-preview":"max-video-preview:-1"},"canonical":"https:\/\/xstyle.md\/ro\/produs\/ryukzak-osprey-ariel-65-medium-gray\/","og_locale":"ro_RO","og_type":"article","og_title":"\u0420\u044e\u043a\u0437\u0430\u043a Osprey Ariel 65 medium gray - \u041c\u0430\u0433\u0430\u0437\u0438\u043d Xstyle","og_description":"\u0411\u0440\u0435\u043d\u0434 Osprey &#8212; \u0430\u043c\u0435\u0440\u0438\u043a\u0430\u043d\u0441\u043a\u0438\u0439 \u043f\u0440\u043e\u0438\u0437\u0432\u043e\u0434\u0438\u0442\u0435\u043b\u044c, \u0432\u044b\u043f\u0443\u0441\u043a\u0430\u044e\u0449\u0438\u0439 \u043e\u0442\u043b\u0438\u0447\u043d\u044b\u0435 \u0441\u043e\u0432\u0440\u0435\u043c\u0435\u043d\u043d\u044b\u0435 \u0440\u044e\u043a\u0437\u0430\u043a\u0438 \u043f\u043e\u0434 \u0441\u0430\u043c\u044b\u0435 \u0440\u0430\u0437\u043d\u044b\u0435 \u0437\u0430\u0434\u0430\u0447\u0438, \u0441\u0443\u043c\u043a\u0438 \u0438 \u043f\u043e\u0445\u043e\u0434\u043d\u044b\u0435 \u0430\u043a\u0441\u0435\u0441\u0441\u0443\u0430\u0440\u044b. \u041a\u0430\u0447\u0435\u0441\u0442\u0432\u043e \u043f\u0440\u043e\u0434\u0443\u043a\u0446\u0438\u0438 \u0431\u0440\u0435\u043d\u0434\u0430 Osprey \u043e\u0431\u0443\u0441\u043b\u043e\u0432\u043b\u0435\u043d\u043e \u043b\u0438\u0447\u043d\u043e\u0439 \u0437\u0430\u0438\u043d\u0442\u0435\u0440\u0435\u0441\u043e\u0432\u0430\u043d\u043d\u043e\u0441\u0442\u044c\u044e \u0438 \u0443\u0447\u0430\u0441\u0442\u0438\u0435\u043c \u0432 \u0440\u0430\u0437\u0440\u0430\u0431\u043e\u0442\u043a\u0430\u0445 \u0438 \u043a\u043e\u043d\u0442\u0440\u043e\u043b\u0435 \u0432\u043b\u0430\u0434\u0435\u043b\u044c\u0446\u0430 &#8212; \u041c\u0430\u0439\u043a\u0430 \u041f\u0444\u043e\u0442\u0435\u043d\u0445\u0430\u0443\u044d\u0440\u0430. \u041d\u0430\u0447\u0438\u043d\u0430\u044f \u0441 1974 \u0433\u043e\u0434\u0430, \u043a\u043e\u0433\u0434\u0430 \u043e\u043d \u0437\u0430\u0440\u0435\u0433\u0438\u0441\u0442\u0440\u0438\u0440\u043e\u0432\u0430\u043b \u043f\u0440\u0435\u0434\u043f\u0440\u0438\u044f\u0442\u0438\u0435, \u043e\u043d \u043f\u0440\u043e\u0432\u0435\u0440\u044f\u0435\u0442 \u043a\u0430\u0436\u0434\u044b\u0439 \u044d\u043b\u0435\u043c\u0435\u043d\u0442 \u0430\u043d\u0430\u0442\u043e\u043c\u0438\u0447\u0435\u0441\u043a\u0438 \u0438\u0437\u0433\u043e\u0442\u043e\u0432\u043b\u0435\u043d\u043d\u044b\u0445 \u0440\u044e\u043a\u0437\u0430\u043a\u043e\u0432 \u0438 \u0434\u0440\u0443\u0433\u0438\u0445 \u0438\u0437\u0434\u0435\u043b\u0438\u0439. \u0418\u043c\u0435\u043d\u043d\u043e \u0442\u0430\u043a\u043e\u0439 \u043f\u043e\u0434\u0445\u043e\u0434 [&hellip;]","og_url":"https:\/\/xstyle.md\/ro\/produs\/ryukzak-osprey-ariel-65-medium-gray\/","og_site_name":"\u041c\u0430\u0433\u0430\u0437\u0438\u043d Xstyle","article_publisher":"https:\/\/www.facebook.com\/xstylemd","article_modified_time":"2026-03-19T14:36:26+00:00","og_image":[{"width":1200,"height":1200,"url":"https:\/\/xstyle.md\/wp-content\/uploads\/2025\/06\/osprey-ariel-65-medium-gray-2.webp","type":"image\/webp"}],"twitter_card":"summary_large_image","twitter_misc":{"Pre\u021b":"6.290&nbsp;MDL","Disponibilitate":"\u00cen stoc"},"schema":{"@context":"https:\/\/schema.org","@graph":[{"@type":"WebPage","@id":"https:\/\/xstyle.md\/product\/ryukzak-osprey-ariel-65-medium-gray\/","url":"https:\/\/xstyle.md\/product\/ryukzak-osprey-ariel-65-medium-gray\/","name":"\u0420\u044e\u043a\u0437\u0430\u043a Osprey Ariel 65 medium gray - \u041c\u0430\u0433\u0430\u0437\u0438\u043d Xstyle","isPartOf":{"@id":"https:\/\/xstyle.md\/#website"},"primaryImageOfPage":{"@id":"https:\/\/xstyle.md\/product\/ryukzak-osprey-ariel-65-medium-gray\/#primaryimage"},"image":{"@id":"https:\/\/xstyle.md\/product\/ryukzak-osprey-ariel-65-medium-gray\/#primaryimage"},"thumbnailUrl":"https:\/\/xstyle.md\/wp-content\/uploads\/2025\/06\/osprey-ariel-65-medium-gray-2.webp","datePublished":"2025-06-12T14:50:04+00:00","dateModified":"2026-03-19T14:36:26+00:00","breadcrumb":{"@id":"https:\/\/xstyle.md\/product\/ryukzak-osprey-ariel-65-medium-gray\/#breadcrumb"},"inLanguage":"ro-RO","potentialAction":[{"@type":"ReadAction","target":["https:\/\/xstyle.md\/product\/ryukzak-osprey-ariel-65-medium-gray\/"]}]},{"@type":"ImageObject","inLanguage":"ro-RO","@id":"https:\/\/xstyle.md\/product\/ryukzak-osprey-ariel-65-medium-gray\/#primaryimage","url":"https:\/\/xstyle.md\/wp-content\/uploads\/2025\/06\/osprey-ariel-65-medium-gray-2.webp","contentUrl":"https:\/\/xstyle.md\/wp-content\/uploads\/2025\/06\/osprey-ariel-65-medium-gray-2.webp","width":1200,"height":1200,"caption":"\u0420\u044e\u043a\u0437\u0430\u043a Osprey Ariel 65 \u0441\u0440\u0435\u0434\u043d\u0435\u0441\u0435\u0440\u044b\u0439 \u0434\u043b\u044f \u0430\u043a\u0442\u0438\u0432\u043d\u043e\u0433\u043e \u043e\u0442\u0434\u044b\u0445\u0430 \u043f\u043e\u0445\u043e\u0434\u043e\u0432 \u0430\u043b\u044c\u043f\u0438\u043d\u0438\u0437\u043c\u0430 \u043f\u0443\u0442\u0435\u0448\u0435\u0441\u0442\u0432\u0438\u0439 \u0436\u0435\u043d\u0441\u043a\u0438\u0439 \u0441\u043d\u0430\u0440\u044f\u0436\u0435\u043d\u0438\u0435 \u0434\u043b\u044f \u0441\u043f\u043e\u0440\u0442\u0430 \u0438 \u0442\u0443\u0440\u0438\u0437\u043c\u0430 \u0432 \u043e\u043d\u043b\u0430\u0439\u043d \u043c\u0430\u0433\u0430\u0437\u0438\u043d\u0435 \u0442\u043e\u0432\u0430\u0440\u043e\u0432 \u0434\u043b\u044f \u0430\u043a\u0442\u0438\u0432\u043d\u043e\u0439 \u0436\u0438\u0437\u043d\u0438"},{"@type":"BreadcrumbList","@id":"https:\/\/xstyle.md\/product\/ryukzak-osprey-ariel-65-medium-gray\/#breadcrumb","itemListElement":[{"@type":"ListItem","position":1,"name":"\u0413\u043b\u0430\u0432\u043d\u0430\u044f \u0441\u0442\u0440\u0430\u043d\u0438\u0446\u0430","item":"https:\/\/xstyle.md\/"},{"@type":"ListItem","position":2,"name":"\u041c\u0430\u0433\u0430\u0437\u0438\u043d","item":"https:\/\/xstyle.md\/shop\/"},{"@type":"ListItem","position":3,"name":"\u0420\u044e\u043a\u0437\u0430\u043a Osprey Ariel 65 medium gray"}]},{"@type":"WebSite","@id":"https:\/\/xstyle.md\/#website","url":"https:\/\/xstyle.md\/","name":"Magazinul X-Style","description":"Echipamente pentru turism \u0219i sporturi extreme \u00een Moldova. Pre\u021buri, fotografii, caracteristici \u00een Moldova.","publisher":{"@id":"https:\/\/xstyle.md\/#organization"},"alternateName":"X-Style","potentialAction":[{"@type":"SearchAction","target":{"@type":"EntryPoint","urlTemplate":"https:\/\/xstyle.md\/?s={search_term_string}"},"query-input":{"@type":"PropertyValueSpecification","valueRequired":true,"valueName":"search_term_string"}}],"inLanguage":"ro-RO"},{"@type":"Organization","@id":"https:\/\/xstyle.md\/#organization","name":"Magazinul X-Style","alternateName":"x-style","url":"https:\/\/xstyle.md\/","logo":{"@type":"ImageObject","inLanguage":"ro-RO","@id":"https:\/\/xstyle.md\/#\/schema\/logo\/image\/","url":"https:\/\/xstyle.md\/wp-content\/uploads\/2020\/06\/logoicon.svg","contentUrl":"https:\/\/xstyle.md\/wp-content\/uploads\/2020\/06\/logoicon.svg","caption":"\u041c\u0430\u0433\u0430\u0437\u0438\u043d Xstyle"},"image":{"@id":"https:\/\/xstyle.md\/#\/schema\/logo\/image\/"},"sameAs":["https:\/\/www.facebook.com\/xstylemd","https:\/\/www.instagram.com\/xstyle_md\/","https:\/\/t.me\/xstyle_outdoor"],"hasMerchantReturnPolicy":{"@type":"MerchantReturnPolicy","merchantReturnLink":"https:\/\/xstyle.md\/ro\/conditions\/"}}]},"product_price_amount":"6290.00","product_price_currency":"MDL","og_availability":"instock","product_availability":"instock","product_retailer_item_id":"843820199468","product_condition":"new"},"post_mailing_queue_ids":[],"_links":{"self":[{"href":"https:\/\/xstyle.md\/ro\/wp-json\/wp\/v2\/product\/95036","targetHints":{"allow":["GET"]}}],"collection":[{"href":"https:\/\/xstyle.md\/ro\/wp-json\/wp\/v2\/product"}],"about":[{"href":"https:\/\/xstyle.md\/ro\/wp-json\/wp\/v2\/types\/product"}],"replies":[{"embeddable":true,"href":"https:\/\/xstyle.md\/ro\/wp-json\/wp\/v2\/comments?post=95036"}],"wp:featuredmedia":[{"embeddable":true,"href":"https:\/\/xstyle.md\/ro\/wp-json\/wp\/v2\/media\/100966"}],"wp:attachment":[{"href":"https:\/\/xstyle.md\/ro\/wp-json\/wp\/v2\/media?parent=95036"}],"wp:term":[{"taxonomy":"product_brand","embeddable":true,"href":"https:\/\/xstyle.md\/ro\/wp-json\/wp\/v2\/product_brand?post=95036"},{"taxonomy":"product_cat","embeddable":true,"href":"https:\/\/xstyle.md\/ro\/wp-json\/wp\/v2\/product_cat?post=95036"},{"taxonomy":"product_tag","embeddable":true,"href":"https:\/\/xstyle.md\/ro\/wp-json\/wp\/v2\/product_tag?post=95036"}],"curies":[{"name":"wp","href":"https:\/\/api.w.org\/{rel}","templated":true}]}}