{"id":95029,"date":"2025-06-12T17:50:02","date_gmt":"2025-06-12T14:50:02","guid":{"rendered":"https:\/\/xstyle.md\/?post_type=product&#038;p=95029"},"modified":"2026-02-21T16:07:27","modified_gmt":"2026-02-21T13:07:27","slug":"poyasnaya-sumka-osprey-ultralight-stuff-waist-pack-1-l-tundra-green-hip","status":"publish","type":"product","link":"https:\/\/xstyle.md\/ro\/produs\/poyasnaya-sumka-osprey-ultralight-stuff-waist-pack-1-l-tundra-green-hip\/","title":{"rendered":"Borset\u0103 Osprey Ultralight Stuff Waist Pack 1 L tundra green hip"},"content":{"rendered":"<p><\/p>\n<p><strong>Borset\u0103 Osprey Ultralight Stuff Waist Pack 1 L tundra green hip<\/strong> &#8212; simpl\u0103 \u0219i extrem de u\u0219oar\u0103, aceast\u0103 borset\u0103 compact\u0103 se pliaz\u0103 \u00een propriul buzunar, fiind un accesoriu indispensabil pentru urm\u0103toarea ta c\u0103l\u0103torie. Dispune de dou\u0103 compartimente cu fermoar care te ajut\u0103 s\u0103 \u00ee\u021bi organizezi lucrurile esen\u021biale, oferindu-\u021bi o modalitate practic\u0103 \u0219i discret\u0103 de a-\u021bi suplimenta volumul de transport \u00een timpul excursiilor.<\/p>\n<h3>Particularit\u0103\u021bi<\/h3>\n<ul>\n<li>Sistem de \u00eempachetare personalizat &#8212; face parte dintr-un sistem coordonat pentru optimizarea bagajelor. Po\u021bi ad\u0103uga accesorii inteligente de organizare pentru a r\u0103spunde nevoilor tale exacte<\/li>\n<li>Inova\u021bie Osprey &#8212; toate accesoriile au fost reg\u00e2ndite pentru o mai bun\u0103 organizare, func\u021bionare \u0219i confort, reduc\u00e2nd \u00een acela\u0219i timp impactul asupra mediului<\/li>\n<li>Design sustenabil &#8212; Materiale principale aprobate bluesign\u00ae \u0219i 100% reciclate, certificate GRS<\/li>\n<li>Se pliaz\u0103 \u00een propriul buzunar<\/li>\n<li>Dou\u0103 buzunare cu fermoar<\/li>\n<li>Logo reflectorizant pentru vizibilitate<\/li>\n<li>Curele Deluxe AirMesh\u2122 pentru un transport confortabil<\/li>\n<li>Centur\u0103 reglabil\u0103 cu cataram\u0103 pentru eliberare rapid\u0103<\/li>\n<\/ul>\n<h3>Caracteristici<\/h3>\n<ul>\n<li>Greutate - 100 g<\/li>\n<li>Dimensiuni &#8212; 11 x 31 x 10 cm<\/li>\n<li>Material &#8212; 40D Sil-Nylon Ripstop (100% reciclat)<\/li>\n<li>Volum &#8212; 2 l<\/li>\n<\/ul>\n<p><\/p>\n<h3>Marca<\/h3>\n<p>Osprey - este un produc\u0103tor american care produce rucsacuri excelente \u0219i moderne pentru o varietate de scopuri, gen\u021bi \u0219i accesorii pentru drume\u021bii. Calitatea produselor Osprey se datoreaz\u0103 interesului personal \u0219i implic\u0103rii \u00een dezvoltarea \u0219i controlul proprietarului, Mike Pfotenhauer.<\/p>\n<p>Din 1974, c\u00e2nd a \u00eenregistrat compania, a verificat fiecare element al rucsacurilor \u0219i al altor produse fabricate anatomic. Aceast\u0103 abordare este cea care a f\u0103cut ca, \u00een doar c\u00e2\u021biva ani de la introducerea Osprey, marca s\u0103 primeasc\u0103 cele mai bune note din partea clien\u021bilor prin cererea mare de produse.<\/p>\n<p>\u0218i chiar \u0219i acum, mai bine de 40 de ani mai t\u00e2rziu, Mike viziteaz\u0103 fabricile \u00een fiecare zi, verific\u00e2nd \u0219i ajust\u00e2nd toate procesele. Aceast\u0103 abordare a afacerii a f\u0103cut posibil\u0103 acordarea unei garan\u021bii pe via\u021b\u0103 pentru produsele sale. Principalele caracteristici ale produselor Osprey sunt calitatea ridicat\u0103, tehnologia \u0219i inova\u021bia.<\/p>","protected":false},"excerpt":{"rendered":"<p>\u0411\u0440\u0435\u043d\u0434 Osprey &#8212; \u0430\u043c\u0435\u0440\u0438\u043a\u0430\u043d\u0441\u043a\u0438\u0439 \u043f\u0440\u043e\u0438\u0437\u0432\u043e\u0434\u0438\u0442\u0435\u043b\u044c, \u0432\u044b\u043f\u0443\u0441\u043a\u0430\u044e\u0449\u0438\u0439 \u043e\u0442\u043b\u0438\u0447\u043d\u044b\u0435 \u0441\u043e\u0432\u0440\u0435\u043c\u0435\u043d\u043d\u044b\u0435 \u0440\u044e\u043a\u0437\u0430\u043a\u0438 \u043f\u043e\u0434 \u0441\u0430\u043c\u044b\u0435 \u0440\u0430\u0437\u043d\u044b\u0435 \u0437\u0430\u0434\u0430\u0447\u0438, \u0441\u0443\u043c\u043a\u0438 \u0438 \u043f\u043e\u0445\u043e\u0434\u043d\u044b\u0435 \u0430\u043a\u0441\u0435\u0441\u0441\u0443\u0430\u0440\u044b. \u041a\u0430\u0447\u0435\u0441\u0442\u0432\u043e \u043f\u0440\u043e\u0434\u0443\u043a\u0446\u0438\u0438 \u0431\u0440\u0435\u043d\u0434\u0430 Osprey \u043e\u0431\u0443\u0441\u043b\u043e\u0432\u043b\u0435\u043d\u043e \u043b\u0438\u0447\u043d\u043e\u0439 \u0437\u0430\u0438\u043d\u0442\u0435\u0440\u0435\u0441\u043e\u0432\u0430\u043d\u043d\u043e\u0441\u0442\u044c\u044e \u0438 \u0443\u0447\u0430\u0441\u0442\u0438\u0435\u043c \u0432 \u0440\u0430\u0437\u0440\u0430\u0431\u043e\u0442\u043a\u0430\u0445 \u0438 \u043a\u043e\u043d\u0442\u0440\u043e\u043b\u0435 \u0432\u043b\u0430\u0434\u0435\u043b\u044c\u0446\u0430 &#8212; \u041c\u0430\u0439\u043a\u0430 \u041f\u0444\u043e\u0442\u0435\u043d\u0445\u0430\u0443\u044d\u0440\u0430. \u041d\u0430\u0447\u0438\u043d\u0430\u044f \u0441 1974 \u0433\u043e\u0434\u0430, \u043a\u043e\u0433\u0434\u0430 \u043e\u043d \u0437\u0430\u0440\u0435\u0433\u0438\u0441\u0442\u0440\u0438\u0440\u043e\u0432\u0430\u043b \u043f\u0440\u0435\u0434\u043f\u0440\u0438\u044f\u0442\u0438\u0435, \u043e\u043d \u043f\u0440\u043e\u0432\u0435\u0440\u044f\u0435\u0442 \u043a\u0430\u0436\u0434\u044b\u0439 \u044d\u043b\u0435\u043c\u0435\u043d\u0442 \u0430\u043d\u0430\u0442\u043e\u043c\u0438\u0447\u0435\u0441\u043a\u0438 \u0438\u0437\u0433\u043e\u0442\u043e\u0432\u043b\u0435\u043d\u043d\u044b\u0445 \u0440\u044e\u043a\u0437\u0430\u043a\u043e\u0432 \u0438 \u0434\u0440\u0443\u0433\u0438\u0445 \u0438\u0437\u0434\u0435\u043b\u0438\u0439. \u0418\u043c\u0435\u043d\u043d\u043e \u0442\u0430\u043a\u043e\u0439 \u043f\u043e\u0434\u0445\u043e\u0434 [&hellip;]<\/p>\n","protected":false},"featured_media":101935,"comment_status":"open","ping_status":"closed","template":"","meta":{"_acf_changed":false,"inline_featured_image":false},"product_brand":[1260],"product_cat":[330],"product_tag":[],"class_list":{"0":"post-95029","1":"product","2":"type-product","3":"status-publish","4":"has-post-thumbnail","6":"product_brand-osprey","7":"product_cat-waist-packs","9":"first","10":"instock","11":"shipping-taxable","12":"purchasable","13":"product-type-simple"},"acf":[],"yoast_head":"<!-- This site is optimized with the Yoast SEO plugin v27.2 - https:\/\/yoast.com\/product\/yoast-seo-wordpress\/ -->\n<title>\u041f\u043e\u044f\u0441\u043d\u0430\u044f \u0441\u0443\u043c\u043a\u0430 Osprey Ultralight Stuff Waist Pack 1 L tundra green hip - \u041c\u0430\u0433\u0430\u0437\u0438\u043d Xstyle<\/title>\n<meta name=\"robots\" content=\"index, follow, max-snippet:-1, max-image-preview:large, max-video-preview:-1\" \/>\n<link rel=\"canonical\" href=\"https:\/\/xstyle.md\/ro\/produs\/poyasnaya-sumka-osprey-ultralight-stuff-waist-pack-1-l-tundra-green-hip\/\" \/>\n<meta property=\"og:locale\" content=\"ro_RO\" \/>\n<meta property=\"og:type\" content=\"article\" \/>\n<meta property=\"og:title\" content=\"\u041f\u043e\u044f\u0441\u043d\u0430\u044f \u0441\u0443\u043c\u043a\u0430 Osprey Ultralight Stuff Waist Pack 1 L tundra green hip - \u041c\u0430\u0433\u0430\u0437\u0438\u043d Xstyle\" \/>\n<meta property=\"og:description\" content=\"\u0411\u0440\u0435\u043d\u0434 Osprey &#8212; \u0430\u043c\u0435\u0440\u0438\u043a\u0430\u043d\u0441\u043a\u0438\u0439 \u043f\u0440\u043e\u0438\u0437\u0432\u043e\u0434\u0438\u0442\u0435\u043b\u044c, \u0432\u044b\u043f\u0443\u0441\u043a\u0430\u044e\u0449\u0438\u0439 \u043e\u0442\u043b\u0438\u0447\u043d\u044b\u0435 \u0441\u043e\u0432\u0440\u0435\u043c\u0435\u043d\u043d\u044b\u0435 \u0440\u044e\u043a\u0437\u0430\u043a\u0438 \u043f\u043e\u0434 \u0441\u0430\u043c\u044b\u0435 \u0440\u0430\u0437\u043d\u044b\u0435 \u0437\u0430\u0434\u0430\u0447\u0438, \u0441\u0443\u043c\u043a\u0438 \u0438 \u043f\u043e\u0445\u043e\u0434\u043d\u044b\u0435 \u0430\u043a\u0441\u0435\u0441\u0441\u0443\u0430\u0440\u044b. \u041a\u0430\u0447\u0435\u0441\u0442\u0432\u043e \u043f\u0440\u043e\u0434\u0443\u043a\u0446\u0438\u0438 \u0431\u0440\u0435\u043d\u0434\u0430 Osprey \u043e\u0431\u0443\u0441\u043b\u043e\u0432\u043b\u0435\u043d\u043e \u043b\u0438\u0447\u043d\u043e\u0439 \u0437\u0430\u0438\u043d\u0442\u0435\u0440\u0435\u0441\u043e\u0432\u0430\u043d\u043d\u043e\u0441\u0442\u044c\u044e \u0438 \u0443\u0447\u0430\u0441\u0442\u0438\u0435\u043c \u0432 \u0440\u0430\u0437\u0440\u0430\u0431\u043e\u0442\u043a\u0430\u0445 \u0438 \u043a\u043e\u043d\u0442\u0440\u043e\u043b\u0435 \u0432\u043b\u0430\u0434\u0435\u043b\u044c\u0446\u0430 &#8212; \u041c\u0430\u0439\u043a\u0430 \u041f\u0444\u043e\u0442\u0435\u043d\u0445\u0430\u0443\u044d\u0440\u0430. \u041d\u0430\u0447\u0438\u043d\u0430\u044f \u0441 1974 \u0433\u043e\u0434\u0430, \u043a\u043e\u0433\u0434\u0430 \u043e\u043d \u0437\u0430\u0440\u0435\u0433\u0438\u0441\u0442\u0440\u0438\u0440\u043e\u0432\u0430\u043b \u043f\u0440\u0435\u0434\u043f\u0440\u0438\u044f\u0442\u0438\u0435, \u043e\u043d \u043f\u0440\u043e\u0432\u0435\u0440\u044f\u0435\u0442 \u043a\u0430\u0436\u0434\u044b\u0439 \u044d\u043b\u0435\u043c\u0435\u043d\u0442 \u0430\u043d\u0430\u0442\u043e\u043c\u0438\u0447\u0435\u0441\u043a\u0438 \u0438\u0437\u0433\u043e\u0442\u043e\u0432\u043b\u0435\u043d\u043d\u044b\u0445 \u0440\u044e\u043a\u0437\u0430\u043a\u043e\u0432 \u0438 \u0434\u0440\u0443\u0433\u0438\u0445 \u0438\u0437\u0434\u0435\u043b\u0438\u0439. \u0418\u043c\u0435\u043d\u043d\u043e \u0442\u0430\u043a\u043e\u0439 \u043f\u043e\u0434\u0445\u043e\u0434 [&hellip;]\" \/>\n<meta property=\"og:url\" content=\"https:\/\/xstyle.md\/ro\/produs\/poyasnaya-sumka-osprey-ultralight-stuff-waist-pack-1-l-tundra-green-hip\/\" \/>\n<meta property=\"og:site_name\" content=\"\u041c\u0430\u0433\u0430\u0437\u0438\u043d Xstyle\" \/>\n<meta property=\"article:publisher\" content=\"https:\/\/www.facebook.com\/xstylemd\" \/>\n<meta property=\"article:modified_time\" content=\"2026-02-21T13:07:27+00:00\" \/>\n<meta property=\"og:image\" content=\"https:\/\/xstyle.md\/wp-content\/uploads\/2025\/06\/osprey-ultralight-stuff-waist-pack-1-l-tundra-green-hip-1.webp\" \/>\n\t<meta property=\"og:image:width\" content=\"1200\" \/>\n\t<meta property=\"og:image:height\" content=\"1200\" \/>\n\t<meta property=\"og:image:type\" content=\"image\/webp\" \/>\n<meta name=\"twitter:card\" content=\"summary_large_image\" \/>\n<meta name=\"twitter:label1\" content=\"Pre\u021b\" \/>\n\t<meta name=\"twitter:data1\" content=\"750&nbsp;MDL\" \/>\n\t<meta name=\"twitter:label2\" content=\"Disponibilitate\" \/>\n\t<meta name=\"twitter:data2\" content=\"\u00cen stoc\" \/>\n<script type=\"application\/ld+json\" class=\"yoast-schema-graph\">{\"@context\":\"https:\/\/schema.org\",\"@graph\":[{\"@type\":\"WebPage\",\"@id\":\"https:\/\/xstyle.md\/product\/poyasnaya-sumka-osprey-ultralight-stuff-waist-pack-1-l-tundra-green-hip\/\",\"url\":\"https:\/\/xstyle.md\/product\/poyasnaya-sumka-osprey-ultralight-stuff-waist-pack-1-l-tundra-green-hip\/\",\"name\":\"\u041f\u043e\u044f\u0441\u043d\u0430\u044f \u0441\u0443\u043c\u043a\u0430 Osprey Ultralight Stuff Waist Pack 1 L tundra green hip - \u041c\u0430\u0433\u0430\u0437\u0438\u043d Xstyle\",\"isPartOf\":{\"@id\":\"https:\/\/xstyle.md\/#website\"},\"primaryImageOfPage\":{\"@id\":\"https:\/\/xstyle.md\/product\/poyasnaya-sumka-osprey-ultralight-stuff-waist-pack-1-l-tundra-green-hip\/#primaryimage\"},\"image\":{\"@id\":\"https:\/\/xstyle.md\/product\/poyasnaya-sumka-osprey-ultralight-stuff-waist-pack-1-l-tundra-green-hip\/#primaryimage\"},\"thumbnailUrl\":\"https:\/\/xstyle.md\/wp-content\/uploads\/2025\/06\/osprey-ultralight-stuff-waist-pack-1-l-tundra-green-hip-1.webp\",\"datePublished\":\"2025-06-12T14:50:02+00:00\",\"dateModified\":\"2026-02-21T13:07:27+00:00\",\"breadcrumb\":{\"@id\":\"https:\/\/xstyle.md\/product\/poyasnaya-sumka-osprey-ultralight-stuff-waist-pack-1-l-tundra-green-hip\/#breadcrumb\"},\"inLanguage\":\"ro-RO\",\"potentialAction\":[{\"@type\":\"ReadAction\",\"target\":[\"https:\/\/xstyle.md\/product\/poyasnaya-sumka-osprey-ultralight-stuff-waist-pack-1-l-tundra-green-hip\/\"]}]},{\"@type\":\"ImageObject\",\"inLanguage\":\"ro-RO\",\"@id\":\"https:\/\/xstyle.md\/product\/poyasnaya-sumka-osprey-ultralight-stuff-waist-pack-1-l-tundra-green-hip\/#primaryimage\",\"url\":\"https:\/\/xstyle.md\/wp-content\/uploads\/2025\/06\/osprey-ultralight-stuff-waist-pack-1-l-tundra-green-hip-1.webp\",\"contentUrl\":\"https:\/\/xstyle.md\/wp-content\/uploads\/2025\/06\/osprey-ultralight-stuff-waist-pack-1-l-tundra-green-hip-1.webp\",\"width\":1200,\"height\":1200,\"caption\":\"\u041f\u043e\u044f\u0441\u043d\u0430\u044f \u0441\u0443\u043c\u043a\u0430 \u0434\u043b\u044f \u0430\u043a\u0442\u0438\u0432\u043d\u043e\u0433\u043e \u043e\u0442\u0434\u044b\u0445\u0430 Osprey Ultralight, \u043f\u043e\u0445\u043e\u0434\u044b \u0438 \u043f\u0443\u0442\u0435\u0448\u0435\u0441\u0442\u0432\u0438\u044f, \u0437\u0435\u043b\u0435\u043d\u044b\u0439 \u0446\u0432\u0435\u0442, \u0441\u0443\u043c\u043a\u0430 \u0434\u043b\u044f \u0445\u0430\u0439\u043a\u0438\u043d\u0433\u0430 \u0438 \u0430\u043b\u044c\u043f\u0438\u043d\u0438\u0437\u043c\u0430\"},{\"@type\":\"BreadcrumbList\",\"@id\":\"https:\/\/xstyle.md\/product\/poyasnaya-sumka-osprey-ultralight-stuff-waist-pack-1-l-tundra-green-hip\/#breadcrumb\",\"itemListElement\":[{\"@type\":\"ListItem\",\"position\":1,\"name\":\"\u0413\u043b\u0430\u0432\u043d\u0430\u044f \u0441\u0442\u0440\u0430\u043d\u0438\u0446\u0430\",\"item\":\"https:\/\/xstyle.md\/\"},{\"@type\":\"ListItem\",\"position\":2,\"name\":\"\u041c\u0430\u0433\u0430\u0437\u0438\u043d\",\"item\":\"https:\/\/xstyle.md\/shop\/\"},{\"@type\":\"ListItem\",\"position\":3,\"name\":\"\u041f\u043e\u044f\u0441\u043d\u0430\u044f \u0441\u0443\u043c\u043a\u0430 Osprey Ultralight Stuff Waist Pack 1 L tundra green hip\"}]},{\"@type\":\"WebSite\",\"@id\":\"https:\/\/xstyle.md\/#website\",\"url\":\"https:\/\/xstyle.md\/\",\"name\":\"\u041c\u0430\u0433\u0430\u0437\u0438\u043d Xstyle\",\"description\":\"C\u043d\u0430\u0440\u044f\u0436\u0435\u043d\u0438\u0435 \u0434\u043b\u044f \u0442\u0443\u0440\u0438\u0437\u043c\u0430 \u0438 \u044d\u043a\u0441\u0442\u0440\u0435\u043c\u0430\u043b\u044c\u043d\u044b\u0445 \u0432\u0438\u0434\u043e\u0432 \u0441\u043f\u043e\u0440\u0442\u0430 \u0432 \u041c\u043e\u043b\u0434\u043e\u0432\u0435.. \u0426\u0435\u043d\u044b, \u0444\u043e\u0442\u043e, \u0445\u0430\u0440\u0430\u043a\u0442\u0435\u0440\u0438\u0441\u0442\u0438\u043a\u0438 \u0432 \u041c\u043e\u043b\u0434\u043e\u0432\u0435.\",\"publisher\":{\"@id\":\"https:\/\/xstyle.md\/#organization\"},\"alternateName\":\"X-Style\",\"potentialAction\":[{\"@type\":\"SearchAction\",\"target\":{\"@type\":\"EntryPoint\",\"urlTemplate\":\"https:\/\/xstyle.md\/?s={search_term_string}\"},\"query-input\":{\"@type\":\"PropertyValueSpecification\",\"valueRequired\":true,\"valueName\":\"search_term_string\"}}],\"inLanguage\":\"ro-RO\"},{\"@type\":\"Organization\",\"@id\":\"https:\/\/xstyle.md\/#organization\",\"name\":\"\u041c\u0430\u0433\u0430\u0437\u0438\u043d Xstyle\",\"alternateName\":\"x-style\",\"url\":\"https:\/\/xstyle.md\/\",\"logo\":{\"@type\":\"ImageObject\",\"inLanguage\":\"ro-RO\",\"@id\":\"https:\/\/xstyle.md\/#\/schema\/logo\/image\/\",\"url\":\"https:\/\/xstyle.md\/wp-content\/uploads\/2020\/06\/logoicon.svg\",\"contentUrl\":\"https:\/\/xstyle.md\/wp-content\/uploads\/2020\/06\/logoicon.svg\",\"caption\":\"\u041c\u0430\u0433\u0430\u0437\u0438\u043d Xstyle\"},\"image\":{\"@id\":\"https:\/\/xstyle.md\/#\/schema\/logo\/image\/\"},\"sameAs\":[\"https:\/\/www.facebook.com\/xstylemd\",\"https:\/\/www.instagram.com\/xstyle_md\/\",\"https:\/\/t.me\/xstyle_outdoor\"],\"hasMerchantReturnPolicy\":{\"@type\":\"MerchantReturnPolicy\",\"merchantReturnLink\":\"https:\/\/xstyle.md\/ro\/conditions\/\"}}]}<\/script>\n<meta property=\"product:price:amount\" content=\"750.00\" \/>\n<meta property=\"product:price:currency\" content=\"MDL\" \/>\n<meta property=\"og:availability\" content=\"instock\" \/>\n<meta property=\"product:availability\" content=\"instock\" \/>\n<meta property=\"product:retailer_item_id\" content=\"810145590409\" \/>\n<meta property=\"product:condition\" content=\"new\" \/>\n<!-- \/ Yoast SEO plugin. -->","yoast_head_json":{"title":"\u041f\u043e\u044f\u0441\u043d\u0430\u044f \u0441\u0443\u043c\u043a\u0430 Osprey Ultralight Stuff Waist Pack 1 L tundra green hip - \u041c\u0430\u0433\u0430\u0437\u0438\u043d Xstyle","robots":{"index":"index","follow":"follow","max-snippet":"max-snippet:-1","max-image-preview":"max-image-preview:large","max-video-preview":"max-video-preview:-1"},"canonical":"https:\/\/xstyle.md\/ro\/produs\/poyasnaya-sumka-osprey-ultralight-stuff-waist-pack-1-l-tundra-green-hip\/","og_locale":"ro_RO","og_type":"article","og_title":"\u041f\u043e\u044f\u0441\u043d\u0430\u044f \u0441\u0443\u043c\u043a\u0430 Osprey Ultralight Stuff Waist Pack 1 L tundra green hip - \u041c\u0430\u0433\u0430\u0437\u0438\u043d Xstyle","og_description":"\u0411\u0440\u0435\u043d\u0434 Osprey &#8212; \u0430\u043c\u0435\u0440\u0438\u043a\u0430\u043d\u0441\u043a\u0438\u0439 \u043f\u0440\u043e\u0438\u0437\u0432\u043e\u0434\u0438\u0442\u0435\u043b\u044c, \u0432\u044b\u043f\u0443\u0441\u043a\u0430\u044e\u0449\u0438\u0439 \u043e\u0442\u043b\u0438\u0447\u043d\u044b\u0435 \u0441\u043e\u0432\u0440\u0435\u043c\u0435\u043d\u043d\u044b\u0435 \u0440\u044e\u043a\u0437\u0430\u043a\u0438 \u043f\u043e\u0434 \u0441\u0430\u043c\u044b\u0435 \u0440\u0430\u0437\u043d\u044b\u0435 \u0437\u0430\u0434\u0430\u0447\u0438, \u0441\u0443\u043c\u043a\u0438 \u0438 \u043f\u043e\u0445\u043e\u0434\u043d\u044b\u0435 \u0430\u043a\u0441\u0435\u0441\u0441\u0443\u0430\u0440\u044b. \u041a\u0430\u0447\u0435\u0441\u0442\u0432\u043e \u043f\u0440\u043e\u0434\u0443\u043a\u0446\u0438\u0438 \u0431\u0440\u0435\u043d\u0434\u0430 Osprey \u043e\u0431\u0443\u0441\u043b\u043e\u0432\u043b\u0435\u043d\u043e \u043b\u0438\u0447\u043d\u043e\u0439 \u0437\u0430\u0438\u043d\u0442\u0435\u0440\u0435\u0441\u043e\u0432\u0430\u043d\u043d\u043e\u0441\u0442\u044c\u044e \u0438 \u0443\u0447\u0430\u0441\u0442\u0438\u0435\u043c \u0432 \u0440\u0430\u0437\u0440\u0430\u0431\u043e\u0442\u043a\u0430\u0445 \u0438 \u043a\u043e\u043d\u0442\u0440\u043e\u043b\u0435 \u0432\u043b\u0430\u0434\u0435\u043b\u044c\u0446\u0430 &#8212; \u041c\u0430\u0439\u043a\u0430 \u041f\u0444\u043e\u0442\u0435\u043d\u0445\u0430\u0443\u044d\u0440\u0430. \u041d\u0430\u0447\u0438\u043d\u0430\u044f \u0441 1974 \u0433\u043e\u0434\u0430, \u043a\u043e\u0433\u0434\u0430 \u043e\u043d \u0437\u0430\u0440\u0435\u0433\u0438\u0441\u0442\u0440\u0438\u0440\u043e\u0432\u0430\u043b \u043f\u0440\u0435\u0434\u043f\u0440\u0438\u044f\u0442\u0438\u0435, \u043e\u043d \u043f\u0440\u043e\u0432\u0435\u0440\u044f\u0435\u0442 \u043a\u0430\u0436\u0434\u044b\u0439 \u044d\u043b\u0435\u043c\u0435\u043d\u0442 \u0430\u043d\u0430\u0442\u043e\u043c\u0438\u0447\u0435\u0441\u043a\u0438 \u0438\u0437\u0433\u043e\u0442\u043e\u0432\u043b\u0435\u043d\u043d\u044b\u0445 \u0440\u044e\u043a\u0437\u0430\u043a\u043e\u0432 \u0438 \u0434\u0440\u0443\u0433\u0438\u0445 \u0438\u0437\u0434\u0435\u043b\u0438\u0439. \u0418\u043c\u0435\u043d\u043d\u043e \u0442\u0430\u043a\u043e\u0439 \u043f\u043e\u0434\u0445\u043e\u0434 [&hellip;]","og_url":"https:\/\/xstyle.md\/ro\/produs\/poyasnaya-sumka-osprey-ultralight-stuff-waist-pack-1-l-tundra-green-hip\/","og_site_name":"\u041c\u0430\u0433\u0430\u0437\u0438\u043d Xstyle","article_publisher":"https:\/\/www.facebook.com\/xstylemd","article_modified_time":"2026-02-21T13:07:27+00:00","og_image":[{"width":1200,"height":1200,"url":"https:\/\/xstyle.md\/wp-content\/uploads\/2025\/06\/osprey-ultralight-stuff-waist-pack-1-l-tundra-green-hip-1.webp","type":"image\/webp"}],"twitter_card":"summary_large_image","twitter_misc":{"Pre\u021b":"750&nbsp;MDL","Disponibilitate":"\u00cen stoc"},"schema":{"@context":"https:\/\/schema.org","@graph":[{"@type":"WebPage","@id":"https:\/\/xstyle.md\/product\/poyasnaya-sumka-osprey-ultralight-stuff-waist-pack-1-l-tundra-green-hip\/","url":"https:\/\/xstyle.md\/product\/poyasnaya-sumka-osprey-ultralight-stuff-waist-pack-1-l-tundra-green-hip\/","name":"\u041f\u043e\u044f\u0441\u043d\u0430\u044f \u0441\u0443\u043c\u043a\u0430 Osprey Ultralight Stuff Waist Pack 1 L tundra green hip - \u041c\u0430\u0433\u0430\u0437\u0438\u043d Xstyle","isPartOf":{"@id":"https:\/\/xstyle.md\/#website"},"primaryImageOfPage":{"@id":"https:\/\/xstyle.md\/product\/poyasnaya-sumka-osprey-ultralight-stuff-waist-pack-1-l-tundra-green-hip\/#primaryimage"},"image":{"@id":"https:\/\/xstyle.md\/product\/poyasnaya-sumka-osprey-ultralight-stuff-waist-pack-1-l-tundra-green-hip\/#primaryimage"},"thumbnailUrl":"https:\/\/xstyle.md\/wp-content\/uploads\/2025\/06\/osprey-ultralight-stuff-waist-pack-1-l-tundra-green-hip-1.webp","datePublished":"2025-06-12T14:50:02+00:00","dateModified":"2026-02-21T13:07:27+00:00","breadcrumb":{"@id":"https:\/\/xstyle.md\/product\/poyasnaya-sumka-osprey-ultralight-stuff-waist-pack-1-l-tundra-green-hip\/#breadcrumb"},"inLanguage":"ro-RO","potentialAction":[{"@type":"ReadAction","target":["https:\/\/xstyle.md\/product\/poyasnaya-sumka-osprey-ultralight-stuff-waist-pack-1-l-tundra-green-hip\/"]}]},{"@type":"ImageObject","inLanguage":"ro-RO","@id":"https:\/\/xstyle.md\/product\/poyasnaya-sumka-osprey-ultralight-stuff-waist-pack-1-l-tundra-green-hip\/#primaryimage","url":"https:\/\/xstyle.md\/wp-content\/uploads\/2025\/06\/osprey-ultralight-stuff-waist-pack-1-l-tundra-green-hip-1.webp","contentUrl":"https:\/\/xstyle.md\/wp-content\/uploads\/2025\/06\/osprey-ultralight-stuff-waist-pack-1-l-tundra-green-hip-1.webp","width":1200,"height":1200,"caption":"\u041f\u043e\u044f\u0441\u043d\u0430\u044f \u0441\u0443\u043c\u043a\u0430 \u0434\u043b\u044f \u0430\u043a\u0442\u0438\u0432\u043d\u043e\u0433\u043e \u043e\u0442\u0434\u044b\u0445\u0430 Osprey Ultralight, \u043f\u043e\u0445\u043e\u0434\u044b \u0438 \u043f\u0443\u0442\u0435\u0448\u0435\u0441\u0442\u0432\u0438\u044f, \u0437\u0435\u043b\u0435\u043d\u044b\u0439 \u0446\u0432\u0435\u0442, \u0441\u0443\u043c\u043a\u0430 \u0434\u043b\u044f \u0445\u0430\u0439\u043a\u0438\u043d\u0433\u0430 \u0438 \u0430\u043b\u044c\u043f\u0438\u043d\u0438\u0437\u043c\u0430"},{"@type":"BreadcrumbList","@id":"https:\/\/xstyle.md\/product\/poyasnaya-sumka-osprey-ultralight-stuff-waist-pack-1-l-tundra-green-hip\/#breadcrumb","itemListElement":[{"@type":"ListItem","position":1,"name":"\u0413\u043b\u0430\u0432\u043d\u0430\u044f \u0441\u0442\u0440\u0430\u043d\u0438\u0446\u0430","item":"https:\/\/xstyle.md\/"},{"@type":"ListItem","position":2,"name":"\u041c\u0430\u0433\u0430\u0437\u0438\u043d","item":"https:\/\/xstyle.md\/shop\/"},{"@type":"ListItem","position":3,"name":"\u041f\u043e\u044f\u0441\u043d\u0430\u044f \u0441\u0443\u043c\u043a\u0430 Osprey Ultralight Stuff Waist Pack 1 L tundra green hip"}]},{"@type":"WebSite","@id":"https:\/\/xstyle.md\/#website","url":"https:\/\/xstyle.md\/","name":"Magazinul X-Style","description":"Echipamente pentru turism \u0219i sporturi extreme \u00een Moldova. Pre\u021buri, fotografii, caracteristici \u00een Moldova.","publisher":{"@id":"https:\/\/xstyle.md\/#organization"},"alternateName":"X-Style","potentialAction":[{"@type":"SearchAction","target":{"@type":"EntryPoint","urlTemplate":"https:\/\/xstyle.md\/?s={search_term_string}"},"query-input":{"@type":"PropertyValueSpecification","valueRequired":true,"valueName":"search_term_string"}}],"inLanguage":"ro-RO"},{"@type":"Organization","@id":"https:\/\/xstyle.md\/#organization","name":"Magazinul X-Style","alternateName":"x-style","url":"https:\/\/xstyle.md\/","logo":{"@type":"ImageObject","inLanguage":"ro-RO","@id":"https:\/\/xstyle.md\/#\/schema\/logo\/image\/","url":"https:\/\/xstyle.md\/wp-content\/uploads\/2020\/06\/logoicon.svg","contentUrl":"https:\/\/xstyle.md\/wp-content\/uploads\/2020\/06\/logoicon.svg","caption":"\u041c\u0430\u0433\u0430\u0437\u0438\u043d Xstyle"},"image":{"@id":"https:\/\/xstyle.md\/#\/schema\/logo\/image\/"},"sameAs":["https:\/\/www.facebook.com\/xstylemd","https:\/\/www.instagram.com\/xstyle_md\/","https:\/\/t.me\/xstyle_outdoor"],"hasMerchantReturnPolicy":{"@type":"MerchantReturnPolicy","merchantReturnLink":"https:\/\/xstyle.md\/ro\/conditions\/"}}]},"product_price_amount":"750.00","product_price_currency":"MDL","og_availability":"instock","product_availability":"instock","product_retailer_item_id":"810145590409","product_condition":"new"},"post_mailing_queue_ids":[],"_links":{"self":[{"href":"https:\/\/xstyle.md\/ro\/wp-json\/wp\/v2\/product\/95029","targetHints":{"allow":["GET"]}}],"collection":[{"href":"https:\/\/xstyle.md\/ro\/wp-json\/wp\/v2\/product"}],"about":[{"href":"https:\/\/xstyle.md\/ro\/wp-json\/wp\/v2\/types\/product"}],"replies":[{"embeddable":true,"href":"https:\/\/xstyle.md\/ro\/wp-json\/wp\/v2\/comments?post=95029"}],"wp:featuredmedia":[{"embeddable":true,"href":"https:\/\/xstyle.md\/ro\/wp-json\/wp\/v2\/media\/101935"}],"wp:attachment":[{"href":"https:\/\/xstyle.md\/ro\/wp-json\/wp\/v2\/media?parent=95029"}],"wp:term":[{"taxonomy":"product_brand","embeddable":true,"href":"https:\/\/xstyle.md\/ro\/wp-json\/wp\/v2\/product_brand?post=95029"},{"taxonomy":"product_cat","embeddable":true,"href":"https:\/\/xstyle.md\/ro\/wp-json\/wp\/v2\/product_cat?post=95029"},{"taxonomy":"product_tag","embeddable":true,"href":"https:\/\/xstyle.md\/ro\/wp-json\/wp\/v2\/product_tag?post=95029"}],"curies":[{"name":"wp","href":"https:\/\/api.w.org\/{rel}","templated":true}]}}