{"id":95009,"date":"2025-06-12T17:49:55","date_gmt":"2025-06-12T14:49:55","guid":{"rendered":"https:\/\/xstyle.md\/?post_type=product&#038;p=95009"},"modified":"2026-03-17T17:02:01","modified_gmt":"2026-03-17T14:02:01","slug":"filtr-dlya-vody-lifesystems-water-purification-filter","status":"publish","type":"product","link":"https:\/\/xstyle.md\/ro\/produs\/filtr-dlya-vody-lifesystems-water-purification-filter\/","title":{"rendered":"Filtru Lifesystems Water Purification Filter"},"content":{"rendered":"<\/p>\n<p><strong>Lifesystems Water Purification Filter<\/strong> &#8212; acest cartu\u0219 de schimb de \u00eenalt\u0103 eficien\u021b\u0103 este conceput pentru sistemele de filtrare a apei Lifesystems. Acesta ofer\u0103 o protec\u021bie dubl\u0103, combin\u00e2nd filtrarea mecanic\u0103 \u0219i purificarea chimic\u0103 pentru a elimina o gam\u0103 larg\u0103 de contaminan\u021bi.<\/p>\n<h3>Particularit\u0103\u021bi<\/h3>\n<ul>\n<li>\u00cenlocuire rapid\u0103 \u0219i u\u0219oar\u0103, f\u0103r\u0103 unelte speciale<\/li>\n<li>Asigur\u0103 un debit ridicat de ap\u0103<\/li>\n<li>Garanteaz\u0103 siguran\u021ba apei potabile din surse deschise, re\u021bele de ap\u0103 \u0219i f\u00e2nt\u00e2ni<\/li>\n<li>Standarde &#8212; respect\u0103 protocoalele NSF 42 \u0219i 53, precum \u0219i standardele EPA pentru purificarea apei<\/li>\n<\/ul>\n<p><strong>Tehnologia de cur\u0103\u021bare:<\/strong><\/p>\n<ul>\n<li>Membran\u0103 din fibre goale (Hollow fiber) &#8212; elimin\u0103 99,9999% din bacterii, 99,9% din chisturi \u0219i 99,99% din protozoare<\/li>\n<li>C\u0103rbune activ &#8212; \u00eembun\u0103t\u0103\u021be\u0219te gustul \u0219i mirosul apei, reduce clorul \u0219i metalele grele<\/li>\n<li>Tehnologia Purifier &#8212; distruge eficient virusurile<\/li>\n<\/ul>\n<h3>Caracteristici<\/h3>\n<ul>\n<li>Tip de filtrare &#8212; purificare \u00een trei etape<\/li>\n<li>Capacitate &#8212; un cartu\u0219 poate filtra p\u00e2n\u0103 la 2500 litri de ap\u0103 (\u00een func\u021bie de calitatea apei surs\u0103)<\/li>\n<li>Destina\u021bie &#8212; ideal pentru c\u0103l\u0103torii \u00een regiuni cu o calitate sc\u0103zut\u0103 a apei, drume\u021bii \u0219i situa\u021bii de urgen\u021b\u0103<\/li>\n<\/ul>\n<p><\/p>\n<h3>Marca<\/h3>\n<p>Lifeventure - este un brand britanic renumit, care de peste 20 de ani se specializeaz\u0103 \u00een crearea echipamentelor de \u00eenalt\u0103 calitate pentru c\u0103l\u0103tori \u0219i aventurieri. Produsele companiei sunt apreciate pentru u\u0219urin\u021ba lor extrem\u0103, durabilitate \u0219i ergonomie bine g\u00e2ndit\u0103, de la vesel\u0103 de camping p\u00e2n\u0103 la sisteme de protec\u021bie a datelor personale.<\/p>\n<p>Filosofia lor se bazeaz\u0103 pe combinarea materialelor avansate cu un design practic, ceea ce face ca produsele brandului s\u0103 fie preferate at\u00e2t de exploratorii profesioni\u0219ti, c\u00e2t \u0219i de turi\u0219tii obi\u0219nui\u021bi.<\/p>","protected":false},"excerpt":{"rendered":"<p>\u0411\u0440\u0435\u043d\u0434 Lifeventure \u2014 \u044d\u0442\u043e \u0438\u0437\u0432\u0435\u0441\u0442\u043d\u044b\u0439 \u0431\u0440\u0438\u0442\u0430\u043d\u0441\u043a\u0438\u0439 \u0431\u0440\u0435\u043d\u0434, \u043a\u043e\u0442\u043e\u0440\u044b\u0439 \u0443\u0436\u0435 \u0431\u043e\u043b\u0435\u0435 20 \u043b\u0435\u0442 \u0441\u043f\u0435\u0446\u0438\u0430\u043b\u0438\u0437\u0438\u0440\u0443\u0435\u0442\u0441\u044f \u043d\u0430 \u0441\u043e\u0437\u0434\u0430\u043d\u0438\u0438 \u0432\u044b\u0441\u043e\u043a\u043e\u0442\u0435\u0445\u043d\u043e\u043b\u043e\u0433\u0438\u0447\u043d\u043e\u0433\u043e \u0441\u043d\u0430\u0440\u044f\u0436\u0435\u043d\u0438\u044f \u0434\u043b\u044f \u043f\u0443\u0442\u0435\u0448\u0435\u0441\u0442\u0432\u0435\u043d\u043d\u0438\u043a\u043e\u0432 \u0438 \u0438\u0441\u043a\u0430\u0442\u0435\u043b\u0435\u0439 \u043f\u0440\u0438\u043a\u043b\u044e\u0447\u0435\u043d\u0438\u0439. \u041f\u0440\u043e\u0434\u0443\u043a\u0446\u0438\u044f \u043a\u043e\u043c\u043f\u0430\u043d\u0438\u0438 \u0441\u043b\u0430\u0432\u0438\u0442\u0441\u044f \u0441\u0432\u043e\u0435\u0439 \u0438\u0441\u043a\u043b\u044e\u0447\u0438\u0442\u0435\u043b\u044c\u043d\u043e\u0439 \u043b\u0435\u0433\u043a\u043e\u0441\u0442\u044c\u044e, \u043d\u0430\u0434\u0435\u0436\u043d\u043e\u0441\u0442\u044c\u044e \u0438 \u043f\u0440\u043e\u0434\u0443\u043c\u0430\u043d\u043d\u043e\u0439 \u044d\u0440\u0433\u043e\u043d\u043e\u043c\u0438\u043a\u043e\u0439, \u0431\u0443\u0434\u044c \u0442\u043e \u0433\u0435\u0440\u043c\u043e\u043c\u0435\u0448\u043a\u0438, \u043f\u043e\u0445\u043e\u0434\u043d\u0430\u044f \u043f\u043e\u0441\u0443\u0434\u0430 \u0438\u043b\u0438 \u0441\u0438\u0441\u0442\u0435\u043c\u044b \u0437\u0430\u0449\u0438\u0442\u044b \u043b\u0438\u0447\u043d\u044b\u0445 \u0434\u0430\u043d\u043d\u044b\u0445. \u0418\u0445 \u0444\u0438\u043b\u043e\u0441\u043e\u0444\u0438\u044f \u0441\u0442\u0440\u043e\u0438\u0442\u0441\u044f \u043d\u0430 \u0441\u043e\u0447\u0435\u0442\u0430\u043d\u0438\u0438 \u043f\u0435\u0440\u0435\u0434\u043e\u0432\u044b\u0445 \u043c\u0430\u0442\u0435\u0440\u0438\u0430\u043b\u043e\u0432 \u0438 \u043f\u0440\u0430\u043a\u0442\u0438\u0447\u043d\u043e\u0433\u043e \u0434\u0438\u0437\u0430\u0439\u043d\u0430, \u0447\u0442\u043e \u0434\u0435\u043b\u0430\u0435\u0442 \u0442\u043e\u0432\u0430\u0440\u044b [&hellip;]<\/p>\n","protected":false},"featured_media":103647,"comment_status":"open","ping_status":"closed","template":"","meta":{"_acf_changed":false,"inline_featured_image":false},"product_brand":[1417],"product_cat":[860],"product_tag":[],"class_list":{"0":"post-95009","1":"product","2":"type-product","3":"status-publish","4":"has-post-thumbnail","6":"product_brand-lifesystems","7":"product_cat-filtre-pentru-apa","9":"first","10":"instock","11":"shipping-taxable","12":"purchasable","13":"product-type-simple"},"acf":[],"yoast_head":"<!-- This site is optimized with the Yoast SEO plugin v27.2 - https:\/\/yoast.com\/product\/yoast-seo-wordpress\/ -->\n<title>\u0424\u0438\u043b\u044c\u0442\u0440 \u0434\u043b\u044f \u0432\u043e\u0434\u044b Lifesystems Water Purification Filter - \u041c\u0430\u0433\u0430\u0437\u0438\u043d Xstyle<\/title>\n<meta name=\"robots\" content=\"index, follow, max-snippet:-1, max-image-preview:large, max-video-preview:-1\" \/>\n<link rel=\"canonical\" href=\"https:\/\/xstyle.md\/ro\/produs\/filtr-dlya-vody-lifesystems-water-purification-filter\/\" \/>\n<meta property=\"og:locale\" content=\"ro_RO\" \/>\n<meta property=\"og:type\" content=\"article\" \/>\n<meta property=\"og:title\" content=\"\u0424\u0438\u043b\u044c\u0442\u0440 \u0434\u043b\u044f \u0432\u043e\u0434\u044b Lifesystems Water Purification Filter - \u041c\u0430\u0433\u0430\u0437\u0438\u043d Xstyle\" \/>\n<meta property=\"og:description\" content=\"\u0411\u0440\u0435\u043d\u0434 Lifeventure \u2014 \u044d\u0442\u043e \u0438\u0437\u0432\u0435\u0441\u0442\u043d\u044b\u0439 \u0431\u0440\u0438\u0442\u0430\u043d\u0441\u043a\u0438\u0439 \u0431\u0440\u0435\u043d\u0434, \u043a\u043e\u0442\u043e\u0440\u044b\u0439 \u0443\u0436\u0435 \u0431\u043e\u043b\u0435\u0435 20 \u043b\u0435\u0442 \u0441\u043f\u0435\u0446\u0438\u0430\u043b\u0438\u0437\u0438\u0440\u0443\u0435\u0442\u0441\u044f \u043d\u0430 \u0441\u043e\u0437\u0434\u0430\u043d\u0438\u0438 \u0432\u044b\u0441\u043e\u043a\u043e\u0442\u0435\u0445\u043d\u043e\u043b\u043e\u0433\u0438\u0447\u043d\u043e\u0433\u043e \u0441\u043d\u0430\u0440\u044f\u0436\u0435\u043d\u0438\u044f \u0434\u043b\u044f \u043f\u0443\u0442\u0435\u0448\u0435\u0441\u0442\u0432\u0435\u043d\u043d\u0438\u043a\u043e\u0432 \u0438 \u0438\u0441\u043a\u0430\u0442\u0435\u043b\u0435\u0439 \u043f\u0440\u0438\u043a\u043b\u044e\u0447\u0435\u043d\u0438\u0439. \u041f\u0440\u043e\u0434\u0443\u043a\u0446\u0438\u044f \u043a\u043e\u043c\u043f\u0430\u043d\u0438\u0438 \u0441\u043b\u0430\u0432\u0438\u0442\u0441\u044f \u0441\u0432\u043e\u0435\u0439 \u0438\u0441\u043a\u043b\u044e\u0447\u0438\u0442\u0435\u043b\u044c\u043d\u043e\u0439 \u043b\u0435\u0433\u043a\u043e\u0441\u0442\u044c\u044e, \u043d\u0430\u0434\u0435\u0436\u043d\u043e\u0441\u0442\u044c\u044e \u0438 \u043f\u0440\u043e\u0434\u0443\u043c\u0430\u043d\u043d\u043e\u0439 \u044d\u0440\u0433\u043e\u043d\u043e\u043c\u0438\u043a\u043e\u0439, \u0431\u0443\u0434\u044c \u0442\u043e \u0433\u0435\u0440\u043c\u043e\u043c\u0435\u0448\u043a\u0438, \u043f\u043e\u0445\u043e\u0434\u043d\u0430\u044f \u043f\u043e\u0441\u0443\u0434\u0430 \u0438\u043b\u0438 \u0441\u0438\u0441\u0442\u0435\u043c\u044b \u0437\u0430\u0449\u0438\u0442\u044b \u043b\u0438\u0447\u043d\u044b\u0445 \u0434\u0430\u043d\u043d\u044b\u0445. \u0418\u0445 \u0444\u0438\u043b\u043e\u0441\u043e\u0444\u0438\u044f \u0441\u0442\u0440\u043e\u0438\u0442\u0441\u044f \u043d\u0430 \u0441\u043e\u0447\u0435\u0442\u0430\u043d\u0438\u0438 \u043f\u0435\u0440\u0435\u0434\u043e\u0432\u044b\u0445 \u043c\u0430\u0442\u0435\u0440\u0438\u0430\u043b\u043e\u0432 \u0438 \u043f\u0440\u0430\u043a\u0442\u0438\u0447\u043d\u043e\u0433\u043e \u0434\u0438\u0437\u0430\u0439\u043d\u0430, \u0447\u0442\u043e \u0434\u0435\u043b\u0430\u0435\u0442 \u0442\u043e\u0432\u0430\u0440\u044b [&hellip;]\" \/>\n<meta property=\"og:url\" content=\"https:\/\/xstyle.md\/ro\/produs\/filtr-dlya-vody-lifesystems-water-purification-filter\/\" \/>\n<meta property=\"og:site_name\" content=\"\u041c\u0430\u0433\u0430\u0437\u0438\u043d Xstyle\" \/>\n<meta property=\"article:publisher\" content=\"https:\/\/www.facebook.com\/xstylemd\" \/>\n<meta property=\"article:modified_time\" content=\"2026-03-17T14:02:01+00:00\" \/>\n<meta property=\"og:image\" content=\"https:\/\/xstyle.md\/wp-content\/uploads\/2025\/06\/filtr-dlya-vody-lifesystems-water-purification-filter.webp\" \/>\n\t<meta property=\"og:image:width\" content=\"1200\" \/>\n\t<meta property=\"og:image:height\" content=\"1200\" \/>\n\t<meta property=\"og:image:type\" content=\"image\/webp\" \/>\n<meta name=\"twitter:card\" content=\"summary_large_image\" \/>\n<meta name=\"twitter:label1\" content=\"Pre\u021b\" \/>\n\t<meta name=\"twitter:data1\" content=\"695&nbsp;MDL\" \/>\n\t<meta name=\"twitter:label2\" content=\"Disponibilitate\" \/>\n\t<meta name=\"twitter:data2\" content=\"\u00cen stoc\" \/>\n<script type=\"application\/ld+json\" class=\"yoast-schema-graph\">{\"@context\":\"https:\/\/schema.org\",\"@graph\":[{\"@type\":\"WebPage\",\"@id\":\"https:\/\/xstyle.md\/product\/filtr-dlya-vody-lifesystems-water-purification-filter\/\",\"url\":\"https:\/\/xstyle.md\/product\/filtr-dlya-vody-lifesystems-water-purification-filter\/\",\"name\":\"\u0424\u0438\u043b\u044c\u0442\u0440 \u0434\u043b\u044f \u0432\u043e\u0434\u044b Lifesystems Water Purification Filter - \u041c\u0430\u0433\u0430\u0437\u0438\u043d Xstyle\",\"isPartOf\":{\"@id\":\"https:\/\/xstyle.md\/#website\"},\"primaryImageOfPage\":{\"@id\":\"https:\/\/xstyle.md\/product\/filtr-dlya-vody-lifesystems-water-purification-filter\/#primaryimage\"},\"image\":{\"@id\":\"https:\/\/xstyle.md\/product\/filtr-dlya-vody-lifesystems-water-purification-filter\/#primaryimage\"},\"thumbnailUrl\":\"https:\/\/xstyle.md\/wp-content\/uploads\/2025\/06\/filtr-dlya-vody-lifesystems-water-purification-filter.webp\",\"datePublished\":\"2025-06-12T14:49:55+00:00\",\"dateModified\":\"2026-03-17T14:02:01+00:00\",\"breadcrumb\":{\"@id\":\"https:\/\/xstyle.md\/product\/filtr-dlya-vody-lifesystems-water-purification-filter\/#breadcrumb\"},\"inLanguage\":\"ro-RO\",\"potentialAction\":[{\"@type\":\"ReadAction\",\"target\":[\"https:\/\/xstyle.md\/product\/filtr-dlya-vody-lifesystems-water-purification-filter\/\"]}]},{\"@type\":\"ImageObject\",\"inLanguage\":\"ro-RO\",\"@id\":\"https:\/\/xstyle.md\/product\/filtr-dlya-vody-lifesystems-water-purification-filter\/#primaryimage\",\"url\":\"https:\/\/xstyle.md\/wp-content\/uploads\/2025\/06\/filtr-dlya-vody-lifesystems-water-purification-filter.webp\",\"contentUrl\":\"https:\/\/xstyle.md\/wp-content\/uploads\/2025\/06\/filtr-dlya-vody-lifesystems-water-purification-filter.webp\",\"width\":1200,\"height\":1200,\"caption\":\"\u0424\u0438\u043b\u044c\u0442\u0440 \u0434\u043b\u044f \u0432\u043e\u0434\u044b Lifesystems \u0434\u043b\u044f \u0430\u043a\u0442\u0438\u0432\u043d\u043e\u0433\u043e \u043e\u0442\u0434\u044b\u0445\u0430, \u043f\u043e\u0445\u043e\u0434\u043e\u0432 \u0438 \u043f\u0443\u0442\u0435\u0448\u0435\u0441\u0442\u0432\u0438\u0439, \u0438\u0434\u0435\u0430\u043b\u044c\u043d\u043e \u043f\u043e\u0434\u0445\u043e\u0434\u0438\u0442 \u0434\u043b\u044f \u0442\u0443\u0440\u0438\u0441\u0442\u0438\u0447\u0435\u0441\u043a\u043e\u0439 \u043e\u0431\u0443\u0432\u0438 \u0438 \u043e\u0434\u0435\u0436\u0434\u044b \u0434\u043b\u044f \u0430\u043a\u0442\u0438\u0432\u043d\u043e\u0433\u043e \u043e\u0431\u0440\u0430\u0437\u0430 \u0436\u0438\u0437\u043d\u0438\"},{\"@type\":\"BreadcrumbList\",\"@id\":\"https:\/\/xstyle.md\/product\/filtr-dlya-vody-lifesystems-water-purification-filter\/#breadcrumb\",\"itemListElement\":[{\"@type\":\"ListItem\",\"position\":1,\"name\":\"\u0413\u043b\u0430\u0432\u043d\u0430\u044f \u0441\u0442\u0440\u0430\u043d\u0438\u0446\u0430\",\"item\":\"https:\/\/xstyle.md\/\"},{\"@type\":\"ListItem\",\"position\":2,\"name\":\"\u041c\u0430\u0433\u0430\u0437\u0438\u043d\",\"item\":\"https:\/\/xstyle.md\/shop\/\"},{\"@type\":\"ListItem\",\"position\":3,\"name\":\"\u0424\u0438\u043b\u044c\u0442\u0440 \u0434\u043b\u044f \u0432\u043e\u0434\u044b Lifesystems Water Purification Filter\"}]},{\"@type\":\"WebSite\",\"@id\":\"https:\/\/xstyle.md\/#website\",\"url\":\"https:\/\/xstyle.md\/\",\"name\":\"\u041c\u0430\u0433\u0430\u0437\u0438\u043d Xstyle\",\"description\":\"C\u043d\u0430\u0440\u044f\u0436\u0435\u043d\u0438\u0435 \u0434\u043b\u044f \u0442\u0443\u0440\u0438\u0437\u043c\u0430 \u0438 \u044d\u043a\u0441\u0442\u0440\u0435\u043c\u0430\u043b\u044c\u043d\u044b\u0445 \u0432\u0438\u0434\u043e\u0432 \u0441\u043f\u043e\u0440\u0442\u0430 \u0432 \u041c\u043e\u043b\u0434\u043e\u0432\u0435.. \u0426\u0435\u043d\u044b, \u0444\u043e\u0442\u043e, \u0445\u0430\u0440\u0430\u043a\u0442\u0435\u0440\u0438\u0441\u0442\u0438\u043a\u0438 \u0432 \u041c\u043e\u043b\u0434\u043e\u0432\u0435.\",\"publisher\":{\"@id\":\"https:\/\/xstyle.md\/#organization\"},\"alternateName\":\"X-Style\",\"potentialAction\":[{\"@type\":\"SearchAction\",\"target\":{\"@type\":\"EntryPoint\",\"urlTemplate\":\"https:\/\/xstyle.md\/?s={search_term_string}\"},\"query-input\":{\"@type\":\"PropertyValueSpecification\",\"valueRequired\":true,\"valueName\":\"search_term_string\"}}],\"inLanguage\":\"ro-RO\"},{\"@type\":\"Organization\",\"@id\":\"https:\/\/xstyle.md\/#organization\",\"name\":\"\u041c\u0430\u0433\u0430\u0437\u0438\u043d Xstyle\",\"alternateName\":\"x-style\",\"url\":\"https:\/\/xstyle.md\/\",\"logo\":{\"@type\":\"ImageObject\",\"inLanguage\":\"ro-RO\",\"@id\":\"https:\/\/xstyle.md\/#\/schema\/logo\/image\/\",\"url\":\"https:\/\/xstyle.md\/wp-content\/uploads\/2020\/06\/logoicon.svg\",\"contentUrl\":\"https:\/\/xstyle.md\/wp-content\/uploads\/2020\/06\/logoicon.svg\",\"caption\":\"\u041c\u0430\u0433\u0430\u0437\u0438\u043d Xstyle\"},\"image\":{\"@id\":\"https:\/\/xstyle.md\/#\/schema\/logo\/image\/\"},\"sameAs\":[\"https:\/\/www.facebook.com\/xstylemd\",\"https:\/\/www.instagram.com\/xstyle_md\/\",\"https:\/\/t.me\/xstyle_outdoor\"],\"hasMerchantReturnPolicy\":{\"@type\":\"MerchantReturnPolicy\",\"merchantReturnLink\":\"https:\/\/xstyle.md\/ro\/conditions\/\"}}]}<\/script>\n<meta property=\"product:price:amount\" content=\"695.00\" \/>\n<meta property=\"product:price:currency\" content=\"MDL\" \/>\n<meta property=\"og:availability\" content=\"instock\" \/>\n<meta property=\"product:availability\" content=\"instock\" \/>\n<meta property=\"product:retailer_item_id\" content=\"5031863440318\" \/>\n<meta property=\"product:condition\" content=\"new\" \/>\n<!-- \/ Yoast SEO plugin. -->","yoast_head_json":{"title":"\u0424\u0438\u043b\u044c\u0442\u0440 \u0434\u043b\u044f \u0432\u043e\u0434\u044b Lifesystems Water Purification Filter - \u041c\u0430\u0433\u0430\u0437\u0438\u043d Xstyle","robots":{"index":"index","follow":"follow","max-snippet":"max-snippet:-1","max-image-preview":"max-image-preview:large","max-video-preview":"max-video-preview:-1"},"canonical":"https:\/\/xstyle.md\/ro\/produs\/filtr-dlya-vody-lifesystems-water-purification-filter\/","og_locale":"ro_RO","og_type":"article","og_title":"\u0424\u0438\u043b\u044c\u0442\u0440 \u0434\u043b\u044f \u0432\u043e\u0434\u044b Lifesystems Water Purification Filter - \u041c\u0430\u0433\u0430\u0437\u0438\u043d Xstyle","og_description":"\u0411\u0440\u0435\u043d\u0434 Lifeventure \u2014 \u044d\u0442\u043e \u0438\u0437\u0432\u0435\u0441\u0442\u043d\u044b\u0439 \u0431\u0440\u0438\u0442\u0430\u043d\u0441\u043a\u0438\u0439 \u0431\u0440\u0435\u043d\u0434, \u043a\u043e\u0442\u043e\u0440\u044b\u0439 \u0443\u0436\u0435 \u0431\u043e\u043b\u0435\u0435 20 \u043b\u0435\u0442 \u0441\u043f\u0435\u0446\u0438\u0430\u043b\u0438\u0437\u0438\u0440\u0443\u0435\u0442\u0441\u044f \u043d\u0430 \u0441\u043e\u0437\u0434\u0430\u043d\u0438\u0438 \u0432\u044b\u0441\u043e\u043a\u043e\u0442\u0435\u0445\u043d\u043e\u043b\u043e\u0433\u0438\u0447\u043d\u043e\u0433\u043e \u0441\u043d\u0430\u0440\u044f\u0436\u0435\u043d\u0438\u044f \u0434\u043b\u044f \u043f\u0443\u0442\u0435\u0448\u0435\u0441\u0442\u0432\u0435\u043d\u043d\u0438\u043a\u043e\u0432 \u0438 \u0438\u0441\u043a\u0430\u0442\u0435\u043b\u0435\u0439 \u043f\u0440\u0438\u043a\u043b\u044e\u0447\u0435\u043d\u0438\u0439. \u041f\u0440\u043e\u0434\u0443\u043a\u0446\u0438\u044f \u043a\u043e\u043c\u043f\u0430\u043d\u0438\u0438 \u0441\u043b\u0430\u0432\u0438\u0442\u0441\u044f \u0441\u0432\u043e\u0435\u0439 \u0438\u0441\u043a\u043b\u044e\u0447\u0438\u0442\u0435\u043b\u044c\u043d\u043e\u0439 \u043b\u0435\u0433\u043a\u043e\u0441\u0442\u044c\u044e, \u043d\u0430\u0434\u0435\u0436\u043d\u043e\u0441\u0442\u044c\u044e \u0438 \u043f\u0440\u043e\u0434\u0443\u043c\u0430\u043d\u043d\u043e\u0439 \u044d\u0440\u0433\u043e\u043d\u043e\u043c\u0438\u043a\u043e\u0439, \u0431\u0443\u0434\u044c \u0442\u043e \u0433\u0435\u0440\u043c\u043e\u043c\u0435\u0448\u043a\u0438, \u043f\u043e\u0445\u043e\u0434\u043d\u0430\u044f \u043f\u043e\u0441\u0443\u0434\u0430 \u0438\u043b\u0438 \u0441\u0438\u0441\u0442\u0435\u043c\u044b \u0437\u0430\u0449\u0438\u0442\u044b \u043b\u0438\u0447\u043d\u044b\u0445 \u0434\u0430\u043d\u043d\u044b\u0445. \u0418\u0445 \u0444\u0438\u043b\u043e\u0441\u043e\u0444\u0438\u044f \u0441\u0442\u0440\u043e\u0438\u0442\u0441\u044f \u043d\u0430 \u0441\u043e\u0447\u0435\u0442\u0430\u043d\u0438\u0438 \u043f\u0435\u0440\u0435\u0434\u043e\u0432\u044b\u0445 \u043c\u0430\u0442\u0435\u0440\u0438\u0430\u043b\u043e\u0432 \u0438 \u043f\u0440\u0430\u043a\u0442\u0438\u0447\u043d\u043e\u0433\u043e \u0434\u0438\u0437\u0430\u0439\u043d\u0430, \u0447\u0442\u043e \u0434\u0435\u043b\u0430\u0435\u0442 \u0442\u043e\u0432\u0430\u0440\u044b [&hellip;]","og_url":"https:\/\/xstyle.md\/ro\/produs\/filtr-dlya-vody-lifesystems-water-purification-filter\/","og_site_name":"\u041c\u0430\u0433\u0430\u0437\u0438\u043d Xstyle","article_publisher":"https:\/\/www.facebook.com\/xstylemd","article_modified_time":"2026-03-17T14:02:01+00:00","og_image":[{"width":1200,"height":1200,"url":"https:\/\/xstyle.md\/wp-content\/uploads\/2025\/06\/filtr-dlya-vody-lifesystems-water-purification-filter.webp","type":"image\/webp"}],"twitter_card":"summary_large_image","twitter_misc":{"Pre\u021b":"695&nbsp;MDL","Disponibilitate":"\u00cen stoc"},"schema":{"@context":"https:\/\/schema.org","@graph":[{"@type":"WebPage","@id":"https:\/\/xstyle.md\/product\/filtr-dlya-vody-lifesystems-water-purification-filter\/","url":"https:\/\/xstyle.md\/product\/filtr-dlya-vody-lifesystems-water-purification-filter\/","name":"\u0424\u0438\u043b\u044c\u0442\u0440 \u0434\u043b\u044f \u0432\u043e\u0434\u044b Lifesystems Water Purification Filter - \u041c\u0430\u0433\u0430\u0437\u0438\u043d Xstyle","isPartOf":{"@id":"https:\/\/xstyle.md\/#website"},"primaryImageOfPage":{"@id":"https:\/\/xstyle.md\/product\/filtr-dlya-vody-lifesystems-water-purification-filter\/#primaryimage"},"image":{"@id":"https:\/\/xstyle.md\/product\/filtr-dlya-vody-lifesystems-water-purification-filter\/#primaryimage"},"thumbnailUrl":"https:\/\/xstyle.md\/wp-content\/uploads\/2025\/06\/filtr-dlya-vody-lifesystems-water-purification-filter.webp","datePublished":"2025-06-12T14:49:55+00:00","dateModified":"2026-03-17T14:02:01+00:00","breadcrumb":{"@id":"https:\/\/xstyle.md\/product\/filtr-dlya-vody-lifesystems-water-purification-filter\/#breadcrumb"},"inLanguage":"ro-RO","potentialAction":[{"@type":"ReadAction","target":["https:\/\/xstyle.md\/product\/filtr-dlya-vody-lifesystems-water-purification-filter\/"]}]},{"@type":"ImageObject","inLanguage":"ro-RO","@id":"https:\/\/xstyle.md\/product\/filtr-dlya-vody-lifesystems-water-purification-filter\/#primaryimage","url":"https:\/\/xstyle.md\/wp-content\/uploads\/2025\/06\/filtr-dlya-vody-lifesystems-water-purification-filter.webp","contentUrl":"https:\/\/xstyle.md\/wp-content\/uploads\/2025\/06\/filtr-dlya-vody-lifesystems-water-purification-filter.webp","width":1200,"height":1200,"caption":"\u0424\u0438\u043b\u044c\u0442\u0440 \u0434\u043b\u044f \u0432\u043e\u0434\u044b Lifesystems \u0434\u043b\u044f \u0430\u043a\u0442\u0438\u0432\u043d\u043e\u0433\u043e \u043e\u0442\u0434\u044b\u0445\u0430, \u043f\u043e\u0445\u043e\u0434\u043e\u0432 \u0438 \u043f\u0443\u0442\u0435\u0448\u0435\u0441\u0442\u0432\u0438\u0439, \u0438\u0434\u0435\u0430\u043b\u044c\u043d\u043e \u043f\u043e\u0434\u0445\u043e\u0434\u0438\u0442 \u0434\u043b\u044f \u0442\u0443\u0440\u0438\u0441\u0442\u0438\u0447\u0435\u0441\u043a\u043e\u0439 \u043e\u0431\u0443\u0432\u0438 \u0438 \u043e\u0434\u0435\u0436\u0434\u044b \u0434\u043b\u044f \u0430\u043a\u0442\u0438\u0432\u043d\u043e\u0433\u043e \u043e\u0431\u0440\u0430\u0437\u0430 \u0436\u0438\u0437\u043d\u0438"},{"@type":"BreadcrumbList","@id":"https:\/\/xstyle.md\/product\/filtr-dlya-vody-lifesystems-water-purification-filter\/#breadcrumb","itemListElement":[{"@type":"ListItem","position":1,"name":"\u0413\u043b\u0430\u0432\u043d\u0430\u044f \u0441\u0442\u0440\u0430\u043d\u0438\u0446\u0430","item":"https:\/\/xstyle.md\/"},{"@type":"ListItem","position":2,"name":"\u041c\u0430\u0433\u0430\u0437\u0438\u043d","item":"https:\/\/xstyle.md\/shop\/"},{"@type":"ListItem","position":3,"name":"\u0424\u0438\u043b\u044c\u0442\u0440 \u0434\u043b\u044f \u0432\u043e\u0434\u044b Lifesystems Water Purification Filter"}]},{"@type":"WebSite","@id":"https:\/\/xstyle.md\/#website","url":"https:\/\/xstyle.md\/","name":"Magazinul X-Style","description":"Echipamente pentru turism \u0219i sporturi extreme \u00een Moldova. Pre\u021buri, fotografii, caracteristici \u00een Moldova.","publisher":{"@id":"https:\/\/xstyle.md\/#organization"},"alternateName":"X-Style","potentialAction":[{"@type":"SearchAction","target":{"@type":"EntryPoint","urlTemplate":"https:\/\/xstyle.md\/?s={search_term_string}"},"query-input":{"@type":"PropertyValueSpecification","valueRequired":true,"valueName":"search_term_string"}}],"inLanguage":"ro-RO"},{"@type":"Organization","@id":"https:\/\/xstyle.md\/#organization","name":"Magazinul X-Style","alternateName":"x-style","url":"https:\/\/xstyle.md\/","logo":{"@type":"ImageObject","inLanguage":"ro-RO","@id":"https:\/\/xstyle.md\/#\/schema\/logo\/image\/","url":"https:\/\/xstyle.md\/wp-content\/uploads\/2020\/06\/logoicon.svg","contentUrl":"https:\/\/xstyle.md\/wp-content\/uploads\/2020\/06\/logoicon.svg","caption":"\u041c\u0430\u0433\u0430\u0437\u0438\u043d Xstyle"},"image":{"@id":"https:\/\/xstyle.md\/#\/schema\/logo\/image\/"},"sameAs":["https:\/\/www.facebook.com\/xstylemd","https:\/\/www.instagram.com\/xstyle_md\/","https:\/\/t.me\/xstyle_outdoor"],"hasMerchantReturnPolicy":{"@type":"MerchantReturnPolicy","merchantReturnLink":"https:\/\/xstyle.md\/ro\/conditions\/"}}]},"product_price_amount":"695.00","product_price_currency":"MDL","og_availability":"instock","product_availability":"instock","product_retailer_item_id":"5031863440318","product_condition":"new"},"post_mailing_queue_ids":[],"_links":{"self":[{"href":"https:\/\/xstyle.md\/ro\/wp-json\/wp\/v2\/product\/95009","targetHints":{"allow":["GET"]}}],"collection":[{"href":"https:\/\/xstyle.md\/ro\/wp-json\/wp\/v2\/product"}],"about":[{"href":"https:\/\/xstyle.md\/ro\/wp-json\/wp\/v2\/types\/product"}],"replies":[{"embeddable":true,"href":"https:\/\/xstyle.md\/ro\/wp-json\/wp\/v2\/comments?post=95009"}],"wp:featuredmedia":[{"embeddable":true,"href":"https:\/\/xstyle.md\/ro\/wp-json\/wp\/v2\/media\/103647"}],"wp:attachment":[{"href":"https:\/\/xstyle.md\/ro\/wp-json\/wp\/v2\/media?parent=95009"}],"wp:term":[{"taxonomy":"product_brand","embeddable":true,"href":"https:\/\/xstyle.md\/ro\/wp-json\/wp\/v2\/product_brand?post=95009"},{"taxonomy":"product_cat","embeddable":true,"href":"https:\/\/xstyle.md\/ro\/wp-json\/wp\/v2\/product_cat?post=95009"},{"taxonomy":"product_tag","embeddable":true,"href":"https:\/\/xstyle.md\/ro\/wp-json\/wp\/v2\/product_tag?post=95009"}],"curies":[{"name":"wp","href":"https:\/\/api.w.org\/{rel}","templated":true}]}}