{"id":94990,"date":"2025-06-12T17:49:50","date_gmt":"2025-06-12T14:49:50","guid":{"rendered":"https:\/\/xstyle.md\/?post_type=product&#038;p=94990"},"modified":"2026-02-24T12:52:44","modified_gmt":"2026-02-24T09:52:44","slug":"nozh-helle-mandra-fg","status":"publish","type":"product","link":"https:\/\/xstyle.md\/ro\/produs\/nozh-helle-mandra-fg\/","title":{"rendered":"Cu\u021bit Helle Mandra FG"},"content":{"rendered":"<p><\/p>\n<p><strong>Helle M\u00e2ndra FG<\/strong> &#8212; este un cu\u021bit compact \u0219i u\u0219or, dezvoltat \u00een colaborare cu Les Stroud, cunoscut sub numele de \u201eSurvivorman\u201d. Construc\u021bia sa \u00eembin\u0103 calitatea tradi\u021bional\u0103 Helle cu un design modern, axat pe confort \u0219i func\u021bionalitate.<\/p>\n<p>Modelul FG (Full Flat Grind) se diferen\u021biaz\u0103 de varianta original\u0103 prin geometria \u00eembun\u0103t\u0103\u021bit\u0103 a lamei (emiz\u0103tur\u0103 plat\u0103 complet\u0103), ceea ce \u00eel face ideal pentru o t\u0103iere precis\u0103 \u0219i curat\u0103. Aceast\u0103 caracteristic\u0103 transform\u0103 cu\u021bitul \u00eentr-o alegere excelent\u0103 pentru culesul ciupercilor, preg\u0103tirea alimentelor sau alte sarcini minu\u021bioase \u00een natur\u0103.<\/p>\n<h3>Caracteristici<\/h3>\n<ul>\n<li>Tip cu\u021bit &#8212; fix\u0103<\/li>\n<li>Tip t\u0103i\u0219 &#8212; neted<\/li>\n<li>Tip emiz\u0103tur\u0103 &#8212; Full Flat Grind (FG)<\/li>\n<li>Lungime lam\u0103 &#8212; 6,9 cm<\/li>\n<li>Lungime m\u00e2ner &#8212; 8 cm<\/li>\n<li>Material m\u00e2ner &#8212; mesteac\u0103n<\/li>\n<li>Marc\u0103 o\u021bel &#8212; Sandvik 12C27<\/li>\n<li>Greutate &#8212; 104 g<\/li>\n<\/ul>\n<p><\/p>\n<h3>Marca<\/h3>\n<p>Helle - este o companie norvegian\u0103 produc\u0103toare de cu\u021bite, \u00eenfiin\u021bat\u0103 \u00een anii '30. Fondatorul s\u0103u, Steinar Helle, a fost un om care a admirat natura \u021binutului natal \u00eenc\u0103 din copil\u0103rie \u0219i a dorit s\u0103 fac\u0103 cunoscut satul s\u0103u, Holmedal. Steinar a fabricat singur prima serie de cu\u021bite \u0219i le-a v\u00e2ndut la un t\u00e2rg local. Ulterior, fratele s\u0103u i s-a al\u0103turat, pun\u00e2nd \u00eempreun\u0103 bazele unei mici afaceri de familie.<\/p>\n<p>\u00cen prezent, sediul central al companiei se afl\u0103 \u00een continuare \u00een Holmedal, locul unde a fost creat primul cu\u021bit norvegian Helle, iar afacerea este condus\u0103 de descenden\u021bii fra\u021bilor Helle. O\u021belul folosit pentru lamele cu\u021bitelor Helle are o compozi\u021bie original\u0103, utilizat\u0103 exclusiv de me\u0219terii acestui brand, \u00een timp ce m\u00e2nerul este realizat doar din materiale naturale.<\/p>","protected":false},"excerpt":{"rendered":"<p>\u0411\u0440\u0435\u043d\u0434 Helle &#8212; \u043d\u043e\u0440\u0432\u0435\u0436\u0441\u043a\u0430\u044f \u043a\u043e\u043c\u043f\u0430\u043d\u0438\u044f \u043f\u043e \u043f\u0440\u043e\u0438\u0437\u0432\u043e\u0434\u0441\u0442\u0432\u0443 \u043d\u043e\u0436\u0435\u0439, \u043a\u043e\u0442\u043e\u0440\u0430\u044f \u043f\u043e\u044f\u0432\u0438\u043b\u0430\u0441\u044c \u0432 30-\u0445 \u0433\u043e\u0434\u0430\u0445. \u041e\u0441\u043d\u043e\u0432\u0430\u043b \u0435\u0435 \u0428\u0442\u0430\u0439\u043d\u0435\u0440 \u0425\u0435\u043b\u043b\u0435, \u0447\u0435\u043b\u043e\u0432\u0435\u043a, \u0432\u043e\u0441\u0445\u0438\u0449\u0430\u0432\u0448\u0438\u0439\u0441\u044f \u043f\u0440\u0438\u0440\u043e\u0434\u043e\u0439 \u0441\u0432\u043e\u0435\u0433\u043e \u0440\u043e\u0434\u043d\u043e\u0433\u043e \u043a\u0440\u0430\u044f \u0441 \u0441\u0430\u043c\u043e\u0433\u043e \u0434\u0435\u0442\u0441\u0442\u0432\u0430 \u0438 \u0441\u0442\u0440\u0435\u043c\u0438\u0432\u0448\u0438\u0439\u0441\u044f \u043f\u0440\u043e\u0441\u043b\u0430\u0432\u0438\u0442\u044c \u0441\u0432\u043e\u044e \u0434\u0435\u0440\u0435\u0432\u043d\u044e \u0425\u043e\u043b\u043c\u0434\u0430\u043b. \u041f\u0435\u0440\u0432\u0443\u044e \u043f\u0430\u0440\u0442\u0438\u044e \u043d\u043e\u0436\u0435\u0439 \u0425\u0435\u043b\u043b\u0435 \u0438\u0437\u0433\u043e\u0442\u043e\u0432\u0438\u043b \u0441\u0430\u043c \u0438 \u043f\u0440\u043e\u0434\u0430\u043b \u043d\u0430 \u043c\u0435\u0441\u0442\u043d\u043e\u0439 \u044f\u0440\u043c\u0430\u0440\u043a\u0435. \u041f\u043e\u0437\u0434\u043d\u0435\u0435 \u0435\u0433\u043e \u0431\u0440\u0430\u0442 \u043f\u0440\u0438\u0441\u043e\u0435\u0434\u0438\u043d\u0438\u043b\u0441\u044f \u043a \u043d\u0435\u043c\u0443, \u0438 \u0432\u043c\u0435\u0441\u0442\u0435 \u043e\u043d\u0438 \u0441\u043e\u0437\u0434\u0430\u043b\u0438 \u043d\u0435\u0431\u043e\u043b\u044c\u0448\u043e\u0435 \u0441\u0435\u043c\u0435\u0439\u043d\u043e\u0435 [&hellip;]<\/p>\n","protected":false},"featured_media":95520,"comment_status":"open","ping_status":"closed","template":"","meta":{"_acf_changed":false,"inline_featured_image":false},"product_brand":[1396],"product_cat":[169],"product_tag":[],"class_list":{"0":"post-94990","1":"product","2":"type-product","3":"status-publish","4":"has-post-thumbnail","6":"product_brand-helle","7":"product_cat-knives","9":"first","10":"instock","11":"shipping-taxable","12":"purchasable","13":"product-type-simple"},"acf":[],"yoast_head":"<!-- This site is optimized with the Yoast SEO plugin v27.4 - https:\/\/yoast.com\/product\/yoast-seo-wordpress\/ -->\n<title>\u041d\u043e\u0436 Helle Mandra FG - \u041c\u0430\u0433\u0430\u0437\u0438\u043d Xstyle<\/title>\n<meta name=\"robots\" content=\"index, follow, max-snippet:-1, max-image-preview:large, max-video-preview:-1\" \/>\n<link rel=\"canonical\" href=\"https:\/\/xstyle.md\/ro\/produs\/nozh-helle-mandra-fg\/\" \/>\n<meta property=\"og:locale\" content=\"ro_RO\" \/>\n<meta property=\"og:type\" content=\"article\" \/>\n<meta property=\"og:title\" content=\"\u041d\u043e\u0436 Helle Mandra FG - \u041c\u0430\u0433\u0430\u0437\u0438\u043d Xstyle\" \/>\n<meta property=\"og:description\" content=\"\u0411\u0440\u0435\u043d\u0434 Helle &#8212; \u043d\u043e\u0440\u0432\u0435\u0436\u0441\u043a\u0430\u044f \u043a\u043e\u043c\u043f\u0430\u043d\u0438\u044f \u043f\u043e \u043f\u0440\u043e\u0438\u0437\u0432\u043e\u0434\u0441\u0442\u0432\u0443 \u043d\u043e\u0436\u0435\u0439, \u043a\u043e\u0442\u043e\u0440\u0430\u044f \u043f\u043e\u044f\u0432\u0438\u043b\u0430\u0441\u044c \u0432 30-\u0445 \u0433\u043e\u0434\u0430\u0445. \u041e\u0441\u043d\u043e\u0432\u0430\u043b \u0435\u0435 \u0428\u0442\u0430\u0439\u043d\u0435\u0440 \u0425\u0435\u043b\u043b\u0435, \u0447\u0435\u043b\u043e\u0432\u0435\u043a, \u0432\u043e\u0441\u0445\u0438\u0449\u0430\u0432\u0448\u0438\u0439\u0441\u044f \u043f\u0440\u0438\u0440\u043e\u0434\u043e\u0439 \u0441\u0432\u043e\u0435\u0433\u043e \u0440\u043e\u0434\u043d\u043e\u0433\u043e \u043a\u0440\u0430\u044f \u0441 \u0441\u0430\u043c\u043e\u0433\u043e \u0434\u0435\u0442\u0441\u0442\u0432\u0430 \u0438 \u0441\u0442\u0440\u0435\u043c\u0438\u0432\u0448\u0438\u0439\u0441\u044f \u043f\u0440\u043e\u0441\u043b\u0430\u0432\u0438\u0442\u044c \u0441\u0432\u043e\u044e \u0434\u0435\u0440\u0435\u0432\u043d\u044e \u0425\u043e\u043b\u043c\u0434\u0430\u043b. \u041f\u0435\u0440\u0432\u0443\u044e \u043f\u0430\u0440\u0442\u0438\u044e \u043d\u043e\u0436\u0435\u0439 \u0425\u0435\u043b\u043b\u0435 \u0438\u0437\u0433\u043e\u0442\u043e\u0432\u0438\u043b \u0441\u0430\u043c \u0438 \u043f\u0440\u043e\u0434\u0430\u043b \u043d\u0430 \u043c\u0435\u0441\u0442\u043d\u043e\u0439 \u044f\u0440\u043c\u0430\u0440\u043a\u0435. \u041f\u043e\u0437\u0434\u043d\u0435\u0435 \u0435\u0433\u043e \u0431\u0440\u0430\u0442 \u043f\u0440\u0438\u0441\u043e\u0435\u0434\u0438\u043d\u0438\u043b\u0441\u044f \u043a \u043d\u0435\u043c\u0443, \u0438 \u0432\u043c\u0435\u0441\u0442\u0435 \u043e\u043d\u0438 \u0441\u043e\u0437\u0434\u0430\u043b\u0438 \u043d\u0435\u0431\u043e\u043b\u044c\u0448\u043e\u0435 \u0441\u0435\u043c\u0435\u0439\u043d\u043e\u0435 [&hellip;]\" \/>\n<meta property=\"og:url\" content=\"https:\/\/xstyle.md\/ro\/produs\/nozh-helle-mandra-fg\/\" \/>\n<meta property=\"og:site_name\" content=\"\u041c\u0430\u0433\u0430\u0437\u0438\u043d Xstyle\" \/>\n<meta property=\"article:publisher\" content=\"https:\/\/www.facebook.com\/xstylemd\" \/>\n<meta property=\"article:modified_time\" content=\"2026-02-24T09:52:44+00:00\" \/>\n<meta property=\"og:image\" content=\"https:\/\/xstyle.md\/wp-content\/uploads\/2025\/06\/helle-mandra-fg.webp\" \/>\n\t<meta property=\"og:image:width\" content=\"700\" \/>\n\t<meta property=\"og:image:height\" content=\"700\" \/>\n\t<meta property=\"og:image:type\" content=\"image\/webp\" \/>\n<meta name=\"twitter:card\" content=\"summary_large_image\" \/>\n<meta name=\"twitter:label1\" content=\"Pre\u021b\" \/>\n\t<meta name=\"twitter:data1\" content=\"3.450&nbsp;MDL\" \/>\n\t<meta name=\"twitter:label2\" content=\"Disponibilitate\" \/>\n\t<meta name=\"twitter:data2\" content=\"\u00cen stoc\" \/>\n<script type=\"application\/ld+json\" class=\"yoast-schema-graph\">{\"@context\":\"https:\\\/\\\/schema.org\",\"@graph\":[{\"@type\":\"WebPage\",\"@id\":\"https:\\\/\\\/xstyle.md\\\/product\\\/nozh-helle-mandra-fg\\\/\",\"url\":\"https:\\\/\\\/xstyle.md\\\/product\\\/nozh-helle-mandra-fg\\\/\",\"name\":\"\u041d\u043e\u0436 Helle Mandra FG - \u041c\u0430\u0433\u0430\u0437\u0438\u043d Xstyle\",\"isPartOf\":{\"@id\":\"https:\\\/\\\/xstyle.md\\\/#website\"},\"primaryImageOfPage\":{\"@id\":\"https:\\\/\\\/xstyle.md\\\/product\\\/nozh-helle-mandra-fg\\\/#primaryimage\"},\"image\":{\"@id\":\"https:\\\/\\\/xstyle.md\\\/product\\\/nozh-helle-mandra-fg\\\/#primaryimage\"},\"thumbnailUrl\":\"https:\\\/\\\/xstyle.md\\\/wp-content\\\/uploads\\\/2025\\\/06\\\/helle-mandra-fg.webp\",\"datePublished\":\"2025-06-12T14:49:50+00:00\",\"dateModified\":\"2026-02-24T09:52:44+00:00\",\"breadcrumb\":{\"@id\":\"https:\\\/\\\/xstyle.md\\\/product\\\/nozh-helle-mandra-fg\\\/#breadcrumb\"},\"inLanguage\":\"ro-RO\",\"potentialAction\":[{\"@type\":\"ReadAction\",\"target\":[\"https:\\\/\\\/xstyle.md\\\/product\\\/nozh-helle-mandra-fg\\\/\"]}]},{\"@type\":\"ImageObject\",\"inLanguage\":\"ro-RO\",\"@id\":\"https:\\\/\\\/xstyle.md\\\/product\\\/nozh-helle-mandra-fg\\\/#primaryimage\",\"url\":\"https:\\\/\\\/xstyle.md\\\/wp-content\\\/uploads\\\/2025\\\/06\\\/helle-mandra-fg.webp\",\"contentUrl\":\"https:\\\/\\\/xstyle.md\\\/wp-content\\\/uploads\\\/2025\\\/06\\\/helle-mandra-fg.webp\",\"width\":700,\"height\":700,\"caption\":\"\u041d\u043e\u0436 Helle Mandra FG \u0434\u043b\u044f \u0430\u043a\u0442\u0438\u0432\u043d\u043e\u0433\u043e \u043e\u0442\u0434\u044b\u0445\u0430, \u043f\u043e\u0445\u043e\u0434\u043e\u0432, \u0430\u043b\u044c\u043f\u0438\u043d\u0438\u0437\u043c\u0430 \u0438 \u043f\u0443\u0442\u0435\u0448\u0435\u0441\u0442\u0432\u0438\u0439, \u044d\u043a\u0438\u043f\u0438\u0440\u043e\u0432\u043a\u0430 \u0434\u043b\u044f \u0442\u0443\u0440\u0438\u0441\u0442\u043e\u0432 \u0438 \u043b\u044e\u0431\u0438\u0442\u0435\u043b\u0435\u0439 outdoor \u0430\u043a\u0442\u0438\u0432\u043d\u043e\u0441\u0442\u0435\u0439\"},{\"@type\":\"BreadcrumbList\",\"@id\":\"https:\\\/\\\/xstyle.md\\\/product\\\/nozh-helle-mandra-fg\\\/#breadcrumb\",\"itemListElement\":[{\"@type\":\"ListItem\",\"position\":1,\"name\":\"\u0413\u043b\u0430\u0432\u043d\u0430\u044f \u0441\u0442\u0440\u0430\u043d\u0438\u0446\u0430\",\"item\":\"https:\\\/\\\/xstyle.md\\\/\"},{\"@type\":\"ListItem\",\"position\":2,\"name\":\"\u041c\u0430\u0433\u0430\u0437\u0438\u043d\",\"item\":\"https:\\\/\\\/xstyle.md\\\/shop\\\/\"},{\"@type\":\"ListItem\",\"position\":3,\"name\":\"\u041d\u043e\u0436 Helle Mandra FG\"}]},{\"@type\":\"WebSite\",\"@id\":\"https:\\\/\\\/xstyle.md\\\/#website\",\"url\":\"https:\\\/\\\/xstyle.md\\\/\",\"name\":\"\u041c\u0430\u0433\u0430\u0437\u0438\u043d Xstyle\",\"description\":\"C\u043d\u0430\u0440\u044f\u0436\u0435\u043d\u0438\u0435 \u0434\u043b\u044f \u0442\u0443\u0440\u0438\u0437\u043c\u0430 \u0438 \u044d\u043a\u0441\u0442\u0440\u0435\u043c\u0430\u043b\u044c\u043d\u044b\u0445 \u0432\u0438\u0434\u043e\u0432 \u0441\u043f\u043e\u0440\u0442\u0430 \u0432 \u041c\u043e\u043b\u0434\u043e\u0432\u0435.. \u0426\u0435\u043d\u044b, \u0444\u043e\u0442\u043e, \u0445\u0430\u0440\u0430\u043a\u0442\u0435\u0440\u0438\u0441\u0442\u0438\u043a\u0438 \u0432 \u041c\u043e\u043b\u0434\u043e\u0432\u0435.\",\"publisher\":{\"@id\":\"https:\\\/\\\/xstyle.md\\\/#organization\"},\"alternateName\":\"X-Style\",\"potentialAction\":[{\"@type\":\"SearchAction\",\"target\":{\"@type\":\"EntryPoint\",\"urlTemplate\":\"https:\\\/\\\/xstyle.md\\\/?s={search_term_string}\"},\"query-input\":{\"@type\":\"PropertyValueSpecification\",\"valueRequired\":true,\"valueName\":\"search_term_string\"}}],\"inLanguage\":\"ro-RO\"},{\"@type\":\"Organization\",\"@id\":\"https:\\\/\\\/xstyle.md\\\/#organization\",\"name\":\"\u041c\u0430\u0433\u0430\u0437\u0438\u043d Xstyle\",\"alternateName\":\"x-style\",\"url\":\"https:\\\/\\\/xstyle.md\\\/\",\"logo\":{\"@type\":\"ImageObject\",\"inLanguage\":\"ro-RO\",\"@id\":\"https:\\\/\\\/xstyle.md\\\/#\\\/schema\\\/logo\\\/image\\\/\",\"url\":\"https:\\\/\\\/xstyle.md\\\/wp-content\\\/uploads\\\/2020\\\/06\\\/logoicon.svg\",\"contentUrl\":\"https:\\\/\\\/xstyle.md\\\/wp-content\\\/uploads\\\/2020\\\/06\\\/logoicon.svg\",\"caption\":\"\u041c\u0430\u0433\u0430\u0437\u0438\u043d Xstyle\"},\"image\":{\"@id\":\"https:\\\/\\\/xstyle.md\\\/#\\\/schema\\\/logo\\\/image\\\/\"},\"sameAs\":[\"https:\\\/\\\/www.facebook.com\\\/xstylemd\",\"https:\\\/\\\/www.instagram.com\\\/xstyle_md\\\/\",\"https:\\\/\\\/t.me\\\/xstyle_outdoor\"],\"hasMerchantReturnPolicy\":{\"@type\":\"MerchantReturnPolicy\",\"merchantReturnLink\":\"https:\\\/\\\/xstyle.md\\\/ro\\\/conditions\\\/\"}}]}<\/script>\n<meta property=\"product:price:amount\" content=\"3450.00\" \/>\n<meta property=\"product:price:currency\" content=\"MDL\" \/>\n<meta property=\"og:availability\" content=\"instock\" \/>\n<meta property=\"product:availability\" content=\"instock\" \/>\n<meta property=\"product:retailer_item_id\" content=\"7023892016204\" \/>\n<meta property=\"product:condition\" content=\"new\" \/>\n<!-- \/ Yoast SEO plugin. -->","yoast_head_json":{"title":"\u041d\u043e\u0436 Helle Mandra FG - \u041c\u0430\u0433\u0430\u0437\u0438\u043d Xstyle","robots":{"index":"index","follow":"follow","max-snippet":"max-snippet:-1","max-image-preview":"max-image-preview:large","max-video-preview":"max-video-preview:-1"},"canonical":"https:\/\/xstyle.md\/ro\/produs\/nozh-helle-mandra-fg\/","og_locale":"ro_RO","og_type":"article","og_title":"\u041d\u043e\u0436 Helle Mandra FG - \u041c\u0430\u0433\u0430\u0437\u0438\u043d Xstyle","og_description":"\u0411\u0440\u0435\u043d\u0434 Helle &#8212; \u043d\u043e\u0440\u0432\u0435\u0436\u0441\u043a\u0430\u044f \u043a\u043e\u043c\u043f\u0430\u043d\u0438\u044f \u043f\u043e \u043f\u0440\u043e\u0438\u0437\u0432\u043e\u0434\u0441\u0442\u0432\u0443 \u043d\u043e\u0436\u0435\u0439, \u043a\u043e\u0442\u043e\u0440\u0430\u044f \u043f\u043e\u044f\u0432\u0438\u043b\u0430\u0441\u044c \u0432 30-\u0445 \u0433\u043e\u0434\u0430\u0445. \u041e\u0441\u043d\u043e\u0432\u0430\u043b \u0435\u0435 \u0428\u0442\u0430\u0439\u043d\u0435\u0440 \u0425\u0435\u043b\u043b\u0435, \u0447\u0435\u043b\u043e\u0432\u0435\u043a, \u0432\u043e\u0441\u0445\u0438\u0449\u0430\u0432\u0448\u0438\u0439\u0441\u044f \u043f\u0440\u0438\u0440\u043e\u0434\u043e\u0439 \u0441\u0432\u043e\u0435\u0433\u043e \u0440\u043e\u0434\u043d\u043e\u0433\u043e \u043a\u0440\u0430\u044f \u0441 \u0441\u0430\u043c\u043e\u0433\u043e \u0434\u0435\u0442\u0441\u0442\u0432\u0430 \u0438 \u0441\u0442\u0440\u0435\u043c\u0438\u0432\u0448\u0438\u0439\u0441\u044f \u043f\u0440\u043e\u0441\u043b\u0430\u0432\u0438\u0442\u044c \u0441\u0432\u043e\u044e \u0434\u0435\u0440\u0435\u0432\u043d\u044e \u0425\u043e\u043b\u043c\u0434\u0430\u043b. \u041f\u0435\u0440\u0432\u0443\u044e \u043f\u0430\u0440\u0442\u0438\u044e \u043d\u043e\u0436\u0435\u0439 \u0425\u0435\u043b\u043b\u0435 \u0438\u0437\u0433\u043e\u0442\u043e\u0432\u0438\u043b \u0441\u0430\u043c \u0438 \u043f\u0440\u043e\u0434\u0430\u043b \u043d\u0430 \u043c\u0435\u0441\u0442\u043d\u043e\u0439 \u044f\u0440\u043c\u0430\u0440\u043a\u0435. \u041f\u043e\u0437\u0434\u043d\u0435\u0435 \u0435\u0433\u043e \u0431\u0440\u0430\u0442 \u043f\u0440\u0438\u0441\u043e\u0435\u0434\u0438\u043d\u0438\u043b\u0441\u044f \u043a \u043d\u0435\u043c\u0443, \u0438 \u0432\u043c\u0435\u0441\u0442\u0435 \u043e\u043d\u0438 \u0441\u043e\u0437\u0434\u0430\u043b\u0438 \u043d\u0435\u0431\u043e\u043b\u044c\u0448\u043e\u0435 \u0441\u0435\u043c\u0435\u0439\u043d\u043e\u0435 [&hellip;]","og_url":"https:\/\/xstyle.md\/ro\/produs\/nozh-helle-mandra-fg\/","og_site_name":"\u041c\u0430\u0433\u0430\u0437\u0438\u043d Xstyle","article_publisher":"https:\/\/www.facebook.com\/xstylemd","article_modified_time":"2026-02-24T09:52:44+00:00","og_image":[{"width":700,"height":700,"url":"https:\/\/xstyle.md\/wp-content\/uploads\/2025\/06\/helle-mandra-fg.webp","type":"image\/webp"}],"twitter_card":"summary_large_image","twitter_misc":{"Pre\u021b":"3.450&nbsp;MDL","Disponibilitate":"\u00cen stoc"},"schema":{"@context":"https:\/\/schema.org","@graph":[{"@type":"WebPage","@id":"https:\/\/xstyle.md\/product\/nozh-helle-mandra-fg\/","url":"https:\/\/xstyle.md\/product\/nozh-helle-mandra-fg\/","name":"\u041d\u043e\u0436 Helle Mandra FG - \u041c\u0430\u0433\u0430\u0437\u0438\u043d Xstyle","isPartOf":{"@id":"https:\/\/xstyle.md\/#website"},"primaryImageOfPage":{"@id":"https:\/\/xstyle.md\/product\/nozh-helle-mandra-fg\/#primaryimage"},"image":{"@id":"https:\/\/xstyle.md\/product\/nozh-helle-mandra-fg\/#primaryimage"},"thumbnailUrl":"https:\/\/xstyle.md\/wp-content\/uploads\/2025\/06\/helle-mandra-fg.webp","datePublished":"2025-06-12T14:49:50+00:00","dateModified":"2026-02-24T09:52:44+00:00","breadcrumb":{"@id":"https:\/\/xstyle.md\/product\/nozh-helle-mandra-fg\/#breadcrumb"},"inLanguage":"ro-RO","potentialAction":[{"@type":"ReadAction","target":["https:\/\/xstyle.md\/product\/nozh-helle-mandra-fg\/"]}]},{"@type":"ImageObject","inLanguage":"ro-RO","@id":"https:\/\/xstyle.md\/product\/nozh-helle-mandra-fg\/#primaryimage","url":"https:\/\/xstyle.md\/wp-content\/uploads\/2025\/06\/helle-mandra-fg.webp","contentUrl":"https:\/\/xstyle.md\/wp-content\/uploads\/2025\/06\/helle-mandra-fg.webp","width":700,"height":700,"caption":"\u041d\u043e\u0436 Helle Mandra FG \u0434\u043b\u044f \u0430\u043a\u0442\u0438\u0432\u043d\u043e\u0433\u043e \u043e\u0442\u0434\u044b\u0445\u0430, \u043f\u043e\u0445\u043e\u0434\u043e\u0432, \u0430\u043b\u044c\u043f\u0438\u043d\u0438\u0437\u043c\u0430 \u0438 \u043f\u0443\u0442\u0435\u0448\u0435\u0441\u0442\u0432\u0438\u0439, \u044d\u043a\u0438\u043f\u0438\u0440\u043e\u0432\u043a\u0430 \u0434\u043b\u044f \u0442\u0443\u0440\u0438\u0441\u0442\u043e\u0432 \u0438 \u043b\u044e\u0431\u0438\u0442\u0435\u043b\u0435\u0439 outdoor \u0430\u043a\u0442\u0438\u0432\u043d\u043e\u0441\u0442\u0435\u0439"},{"@type":"BreadcrumbList","@id":"https:\/\/xstyle.md\/product\/nozh-helle-mandra-fg\/#breadcrumb","itemListElement":[{"@type":"ListItem","position":1,"name":"\u0413\u043b\u0430\u0432\u043d\u0430\u044f \u0441\u0442\u0440\u0430\u043d\u0438\u0446\u0430","item":"https:\/\/xstyle.md\/"},{"@type":"ListItem","position":2,"name":"\u041c\u0430\u0433\u0430\u0437\u0438\u043d","item":"https:\/\/xstyle.md\/shop\/"},{"@type":"ListItem","position":3,"name":"\u041d\u043e\u0436 Helle Mandra FG"}]},{"@type":"WebSite","@id":"https:\/\/xstyle.md\/#website","url":"https:\/\/xstyle.md\/","name":"Magazinul X-Style","description":"Echipamente pentru turism \u0219i sporturi extreme \u00een Moldova. Pre\u021buri, fotografii, caracteristici \u00een Moldova.","publisher":{"@id":"https:\/\/xstyle.md\/#organization"},"alternateName":"X-Style","potentialAction":[{"@type":"SearchAction","target":{"@type":"EntryPoint","urlTemplate":"https:\/\/xstyle.md\/?s={search_term_string}"},"query-input":{"@type":"PropertyValueSpecification","valueRequired":true,"valueName":"search_term_string"}}],"inLanguage":"ro-RO"},{"@type":"Organization","@id":"https:\/\/xstyle.md\/#organization","name":"Magazinul X-Style","alternateName":"x-style","url":"https:\/\/xstyle.md\/","logo":{"@type":"ImageObject","inLanguage":"ro-RO","@id":"https:\/\/xstyle.md\/#\/schema\/logo\/image\/","url":"https:\/\/xstyle.md\/wp-content\/uploads\/2020\/06\/logoicon.svg","contentUrl":"https:\/\/xstyle.md\/wp-content\/uploads\/2020\/06\/logoicon.svg","caption":"\u041c\u0430\u0433\u0430\u0437\u0438\u043d Xstyle"},"image":{"@id":"https:\/\/xstyle.md\/#\/schema\/logo\/image\/"},"sameAs":["https:\/\/www.facebook.com\/xstylemd","https:\/\/www.instagram.com\/xstyle_md\/","https:\/\/t.me\/xstyle_outdoor"],"hasMerchantReturnPolicy":{"@type":"MerchantReturnPolicy","merchantReturnLink":"https:\/\/xstyle.md\/ro\/conditions\/"}}]},"product_price_amount":"3450.00","product_price_currency":"MDL","og_availability":"instock","product_availability":"instock","product_retailer_item_id":"7023892016204","product_condition":"new"},"_links":{"self":[{"href":"https:\/\/xstyle.md\/ro\/wp-json\/wp\/v2\/product\/94990","targetHints":{"allow":["GET"]}}],"collection":[{"href":"https:\/\/xstyle.md\/ro\/wp-json\/wp\/v2\/product"}],"about":[{"href":"https:\/\/xstyle.md\/ro\/wp-json\/wp\/v2\/types\/product"}],"replies":[{"embeddable":true,"href":"https:\/\/xstyle.md\/ro\/wp-json\/wp\/v2\/comments?post=94990"}],"wp:featuredmedia":[{"embeddable":true,"href":"https:\/\/xstyle.md\/ro\/wp-json\/wp\/v2\/media\/95520"}],"wp:attachment":[{"href":"https:\/\/xstyle.md\/ro\/wp-json\/wp\/v2\/media?parent=94990"}],"wp:term":[{"taxonomy":"product_brand","embeddable":true,"href":"https:\/\/xstyle.md\/ro\/wp-json\/wp\/v2\/product_brand?post=94990"},{"taxonomy":"product_cat","embeddable":true,"href":"https:\/\/xstyle.md\/ro\/wp-json\/wp\/v2\/product_cat?post=94990"},{"taxonomy":"product_tag","embeddable":true,"href":"https:\/\/xstyle.md\/ro\/wp-json\/wp\/v2\/product_tag?post=94990"}],"curies":[{"name":"wp","href":"https:\/\/api.w.org\/{rel}","templated":true}]}}