{"id":94984,"date":"2025-06-12T17:49:45","date_gmt":"2025-06-12T14:49:45","guid":{"rendered":"https:\/\/xstyle.md\/?post_type=product&#038;p=94984"},"modified":"2026-03-30T16:46:36","modified_gmt":"2026-03-30T13:46:36","slug":"futbolka-hannah-wick-mns-seneca-rock","status":"publish","type":"product","link":"https:\/\/xstyle.md\/ro\/produs\/futbolka-hannah-wick-mns-seneca-rock\/","title":{"rendered":"Tricou Hannah Wick Mns seneca rock"},"content":{"rendered":"<p><\/p>\n<p><strong>Hannah Wick<\/strong> &#8212; este un tricou sport pentru b\u0103rba\u021bi, fabricat din materialul func\u021bional AFT Quick Dry, care este pl\u0103cut la atingere, elimin\u0103 eficient umiditatea, se usuc\u0103 rapid \u0219i \u00ee\u0219i p\u0103streaz\u0103 durabilitatea chiar \u0219i \u00een condi\u021bii de utilizare intens\u0103 \u0219i frecvent\u0103. Croiala sportiv\u0103 mulat\u0103 \u0219i designul minimalist asigur\u0103 o potrivire confortabil\u0103 \u0219i libertate total\u0103 de mi\u0219care.<\/p>\n<p>Datorit\u0103 tehnologiei Polygiene, tricoul este rezistent la mirosurile nepl\u0103cute \u2014 astfel, poate fi purtat mai mult timp \u0219i sp\u0103lat mai rar. Marginile m\u00e2necilor \u0219i tivul inferior sunt lipite, oferind modelului o greutate redus\u0103 \u0219i un aspect estetic curat. Tricoul este ideal pentru alergare, ciclism \u0219i alte activit\u0103\u021bi de var\u0103 \u00een aer liber.<\/p>\n<h3>Particularit\u0103\u021bi<\/h3>\n<ul>\n<li>Material func\u021bional AFT Quick Dry &#8212; se usuc\u0103 rapid, este durabil \u0219i moale la atingere<\/li>\n<li>Tehnologie Polygiene &#8212; protejeaz\u0103 \u00eempotriva mirosurilor nepl\u0103cute<\/li>\n<li>Croial\u0103 sportiv\u0103 mulat\u0103 (Athletic Fit) &#8212; pentru o performan\u021b\u0103 optim\u0103<\/li>\n<li>Margini lipite &#8212; la m\u00e2neci \u0219i la baz\u0103, pentru u\u0219urin\u021b\u0103 \u0219i o siluet\u0103 modern\u0103<\/li>\n<li>Versatilitate &#8212; ideal pentru activit\u0103\u021bi de var\u0103: alergare, ciclism, drume\u021bii<\/li>\n<\/ul>\n<h3>Caracteristici<\/h3>\n<ul>\n<li>Material &#8212; 100% poliester<\/li>\n<li>Sezon &#8212; Prim\u0103var\u0103 \/ Var\u0103<\/li>\n<li>Utilizare &#8212; sporturi active \/ Uz cotidian \/ Alergare \/ Ciclism<\/li>\n<li>Model - b\u0103rba\u021bi<\/li>\n<\/ul>\n<h3>Tehnologii<\/h3>\n<ul>\n<li><strong>AFT Quick dry<\/strong> \u2014 un material din fibre sintetice moale \u0219i confortabil, rezistent din punct de vedere mecanic \u0219i, \u00een acela\u0219i timp, respirabil \u0219i cu uscare rapid\u0103. Combin\u00e2nd aceste propriet\u0103\u021bi, acesta asigur\u0103 un confort maxim pentru utilizator \u00een timpul oric\u0103rei activit\u0103\u021bi \u00een aer liber.<\/li>\n<\/ul>\n<p><\/p>\n<h3>Marca<\/h3>\n<p>Hannah \u2013 este un brand interna\u021bional, specializat \u00een produc\u021bia de articole pentru turism \u0219i \u00eembr\u0103c\u0103minte sportiv\u0103 pentru orice sezon. Brandul Hannah a fost fondat \u00een Republica Ceh\u0103 \u00een 1991. Compania a ob\u021binut succese bune pe pia\u021ba intern\u0103, datorit\u0103 calit\u0103\u021bii ridicate \u0219i politicii de pre\u021buri accesibile pentru fiecare produs.<\/p>\n<p>La \u00eenceput, compania fabrica produse conform standardelor interna\u021bionale, deoarece au \u00een\u021beles pe deplin importan\u021ba unei reputa\u021bii excelente. \u00cen acest sens, s-a alocat mult timp selec\u021biei materialelor de \u00eenalt\u0103 calitate, care sunt rezistente la uzur\u0103 \u0219i rezistente la ap\u0103. Ast\u0103zi, brandul nu st\u0103 pe loc, catalogul lor este \u00een permanen\u021b\u0103 actualizat \u0219i extins, iar produsele pot fi g\u0103site \u00een toat\u0103 lumea.<\/p>","protected":false},"excerpt":{"rendered":"<p>\u0411\u0440\u0435\u043d\u0434 Hannah \u2013 \u044d\u0442\u043e \u043c\u0435\u0436\u0434\u0443\u043d\u0430\u0440\u043e\u0434\u043d\u044b\u0439 \u0431\u0440\u0435\u043d\u0434, \u0441\u043f\u0435\u0446\u0438\u0430\u043b\u0438\u0437\u0438\u0440\u0443\u044e\u0449\u0438\u0439\u0441\u044f \u043d\u0430 \u043f\u0440\u043e\u0438\u0437\u0432\u043e\u0434\u0441\u0442\u0432\u0435 \u0442\u0443\u0440\u0438\u0441\u0442\u0438\u0447\u0435\u0441\u043a\u0438\u0445 \u0442\u043e\u0432\u0430\u0440\u043e\u0432 \u0438 \u0441\u043f\u043e\u0440\u0442\u0438\u0432\u043d\u043e\u0439 \u043e\u0434\u0435\u0436\u0434\u044b \u043d\u0430 \u043b\u044e\u0431\u043e\u0439 \u0441\u0435\u0437\u043e\u043d. \u0411\u0440\u0435\u043d\u0434 Hannah \u0431\u044b\u043b \u043e\u0441\u043d\u043e\u0432\u0430\u043d \u0432 \u0427\u0435\u0445\u0438\u0438 \u0432 1991. \u041a\u043e\u043c\u043f\u0430\u043d\u0438\u044f \u0434\u043e\u0431\u0438\u043b\u0430\u0441\u044c \u0445\u043e\u0440\u043e\u0448\u0438\u0445 \u0443\u0441\u043f\u0435\u0445\u043e\u0432 \u043d\u0430 \u043e\u0442\u0435\u0447\u0435\u0441\u0442\u0432\u0435\u043d\u043d\u043e\u043c \u0440\u044b\u043d\u043a\u0435, \u0431\u043b\u0430\u0433\u043e\u0434\u0430\u0440\u044f \u0432\u044b\u0441\u043e\u043a\u043e\u043c\u0443 \u043a\u0430\u0447\u0435\u0441\u0442\u0432\u0443 \u0438 \u0434\u043e\u0441\u0442\u0443\u043f\u043d\u043e\u0439 \u0446\u0435\u043d\u043e\u0432\u043e\u0439 \u043f\u043e\u043b\u0438\u0442\u0438\u043a\u0435 \u0434\u043b\u044f \u043a\u0430\u0436\u0434\u043e\u0433\u043e \u0438\u0437\u0434\u0435\u043b\u0438\u044f. \u0412 \u0441\u0430\u043c\u043e\u043c \u043d\u0430\u0447\u0430\u043b\u0435, \u043a\u043e\u043c\u043f\u0430\u043d\u0438\u044f \u043d\u0430\u0447\u0430\u043b\u0430 \u0432\u044b\u043f\u0443\u0441\u043a\u0430\u0442\u044c \u043f\u0440\u043e\u0434\u0443\u043a\u0446\u0438\u044e \u0432 \u0441\u043e\u043e\u0442\u0432\u0435\u0442\u0441\u0442\u0432\u0438\u0438 \u0441 \u043c\u0435\u0436\u0434\u0443\u043d\u0430\u0440\u043e\u0434\u043d\u044b\u043c\u0438 \u0441\u0442\u0430\u043d\u0434\u0430\u0440\u0442\u0430\u043c\u0438, \u0442\u0430\u043a [&hellip;]<\/p>\n","protected":false},"featured_media":95876,"comment_status":"open","ping_status":"closed","template":"","meta":{"_acf_changed":false,"inline_featured_image":false},"product_brand":[1271],"product_cat":[891],"product_tag":[],"class_list":{"0":"post-94984","1":"product","2":"type-product","3":"status-publish","4":"has-post-thumbnail","6":"product_brand-hannah","7":"product_cat-short-sleeve-barbati","9":"first","10":"instock","11":"shipping-taxable","12":"purchasable","13":"product-type-simple"},"acf":[],"yoast_head":"<!-- This site is optimized with the Yoast SEO plugin v27.2 - https:\/\/yoast.com\/product\/yoast-seo-wordpress\/ -->\n<title>\u0424\u0443\u0442\u0431\u043e\u043b\u043a\u0430 Hannah Wick Mns seneca rock - \u041c\u0430\u0433\u0430\u0437\u0438\u043d Xstyle<\/title>\n<meta name=\"robots\" content=\"index, follow, max-snippet:-1, max-image-preview:large, max-video-preview:-1\" \/>\n<link rel=\"canonical\" href=\"https:\/\/xstyle.md\/ro\/produs\/futbolka-hannah-wick-mns-seneca-rock\/\" \/>\n<meta property=\"og:locale\" content=\"ro_RO\" \/>\n<meta property=\"og:type\" content=\"article\" \/>\n<meta property=\"og:title\" content=\"\u0424\u0443\u0442\u0431\u043e\u043b\u043a\u0430 Hannah Wick Mns seneca rock - \u041c\u0430\u0433\u0430\u0437\u0438\u043d Xstyle\" \/>\n<meta property=\"og:description\" content=\"\u0411\u0440\u0435\u043d\u0434 Hannah \u2013 \u044d\u0442\u043e \u043c\u0435\u0436\u0434\u0443\u043d\u0430\u0440\u043e\u0434\u043d\u044b\u0439 \u0431\u0440\u0435\u043d\u0434, \u0441\u043f\u0435\u0446\u0438\u0430\u043b\u0438\u0437\u0438\u0440\u0443\u044e\u0449\u0438\u0439\u0441\u044f \u043d\u0430 \u043f\u0440\u043e\u0438\u0437\u0432\u043e\u0434\u0441\u0442\u0432\u0435 \u0442\u0443\u0440\u0438\u0441\u0442\u0438\u0447\u0435\u0441\u043a\u0438\u0445 \u0442\u043e\u0432\u0430\u0440\u043e\u0432 \u0438 \u0441\u043f\u043e\u0440\u0442\u0438\u0432\u043d\u043e\u0439 \u043e\u0434\u0435\u0436\u0434\u044b \u043d\u0430 \u043b\u044e\u0431\u043e\u0439 \u0441\u0435\u0437\u043e\u043d. \u0411\u0440\u0435\u043d\u0434 Hannah \u0431\u044b\u043b \u043e\u0441\u043d\u043e\u0432\u0430\u043d \u0432 \u0427\u0435\u0445\u0438\u0438 \u0432 1991. \u041a\u043e\u043c\u043f\u0430\u043d\u0438\u044f \u0434\u043e\u0431\u0438\u043b\u0430\u0441\u044c \u0445\u043e\u0440\u043e\u0448\u0438\u0445 \u0443\u0441\u043f\u0435\u0445\u043e\u0432 \u043d\u0430 \u043e\u0442\u0435\u0447\u0435\u0441\u0442\u0432\u0435\u043d\u043d\u043e\u043c \u0440\u044b\u043d\u043a\u0435, \u0431\u043b\u0430\u0433\u043e\u0434\u0430\u0440\u044f \u0432\u044b\u0441\u043e\u043a\u043e\u043c\u0443 \u043a\u0430\u0447\u0435\u0441\u0442\u0432\u0443 \u0438 \u0434\u043e\u0441\u0442\u0443\u043f\u043d\u043e\u0439 \u0446\u0435\u043d\u043e\u0432\u043e\u0439 \u043f\u043e\u043b\u0438\u0442\u0438\u043a\u0435 \u0434\u043b\u044f \u043a\u0430\u0436\u0434\u043e\u0433\u043e \u0438\u0437\u0434\u0435\u043b\u0438\u044f. \u0412 \u0441\u0430\u043c\u043e\u043c \u043d\u0430\u0447\u0430\u043b\u0435, \u043a\u043e\u043c\u043f\u0430\u043d\u0438\u044f \u043d\u0430\u0447\u0430\u043b\u0430 \u0432\u044b\u043f\u0443\u0441\u043a\u0430\u0442\u044c \u043f\u0440\u043e\u0434\u0443\u043a\u0446\u0438\u044e \u0432 \u0441\u043e\u043e\u0442\u0432\u0435\u0442\u0441\u0442\u0432\u0438\u0438 \u0441 \u043c\u0435\u0436\u0434\u0443\u043d\u0430\u0440\u043e\u0434\u043d\u044b\u043c\u0438 \u0441\u0442\u0430\u043d\u0434\u0430\u0440\u0442\u0430\u043c\u0438, \u0442\u0430\u043a [&hellip;]\" \/>\n<meta property=\"og:url\" content=\"https:\/\/xstyle.md\/ro\/produs\/futbolka-hannah-wick-mns-seneca-rock\/\" \/>\n<meta property=\"og:site_name\" content=\"\u041c\u0430\u0433\u0430\u0437\u0438\u043d Xstyle\" \/>\n<meta property=\"article:publisher\" content=\"https:\/\/www.facebook.com\/xstylemd\" \/>\n<meta property=\"article:modified_time\" content=\"2026-03-30T13:46:36+00:00\" \/>\n<meta property=\"og:image\" content=\"https:\/\/xstyle.md\/wp-content\/uploads\/2025\/06\/hannah-wick-mns-seneca-rock.webp\" \/>\n\t<meta property=\"og:image:width\" content=\"1326\" \/>\n\t<meta property=\"og:image:height\" content=\"1350\" \/>\n\t<meta property=\"og:image:type\" content=\"image\/webp\" \/>\n<meta name=\"twitter:card\" content=\"summary_large_image\" \/>\n<meta name=\"twitter:label1\" content=\"Pre\u021b\" \/>\n\t<meta name=\"twitter:data1\" content=\"850&nbsp;MDL\" \/>\n\t<meta name=\"twitter:label2\" content=\"Disponibilitate\" \/>\n\t<meta name=\"twitter:data2\" content=\"\u00cen stoc\" \/>\n<script type=\"application\/ld+json\" class=\"yoast-schema-graph\">{\"@context\":\"https:\/\/schema.org\",\"@graph\":[{\"@type\":\"WebPage\",\"@id\":\"https:\/\/xstyle.md\/product\/futbolka-hannah-wick-mns-seneca-rock\/\",\"url\":\"https:\/\/xstyle.md\/product\/futbolka-hannah-wick-mns-seneca-rock\/\",\"name\":\"\u0424\u0443\u0442\u0431\u043e\u043b\u043a\u0430 Hannah Wick Mns seneca rock - \u041c\u0430\u0433\u0430\u0437\u0438\u043d Xstyle\",\"isPartOf\":{\"@id\":\"https:\/\/xstyle.md\/#website\"},\"primaryImageOfPage\":{\"@id\":\"https:\/\/xstyle.md\/product\/futbolka-hannah-wick-mns-seneca-rock\/#primaryimage\"},\"image\":{\"@id\":\"https:\/\/xstyle.md\/product\/futbolka-hannah-wick-mns-seneca-rock\/#primaryimage\"},\"thumbnailUrl\":\"https:\/\/xstyle.md\/wp-content\/uploads\/2025\/06\/hannah-wick-mns-seneca-rock.webp\",\"datePublished\":\"2025-06-12T14:49:45+00:00\",\"dateModified\":\"2026-03-30T13:46:36+00:00\",\"breadcrumb\":{\"@id\":\"https:\/\/xstyle.md\/product\/futbolka-hannah-wick-mns-seneca-rock\/#breadcrumb\"},\"inLanguage\":\"ro-RO\",\"potentialAction\":[{\"@type\":\"ReadAction\",\"target\":[\"https:\/\/xstyle.md\/product\/futbolka-hannah-wick-mns-seneca-rock\/\"]}]},{\"@type\":\"ImageObject\",\"inLanguage\":\"ro-RO\",\"@id\":\"https:\/\/xstyle.md\/product\/futbolka-hannah-wick-mns-seneca-rock\/#primaryimage\",\"url\":\"https:\/\/xstyle.md\/wp-content\/uploads\/2025\/06\/hannah-wick-mns-seneca-rock.webp\",\"contentUrl\":\"https:\/\/xstyle.md\/wp-content\/uploads\/2025\/06\/hannah-wick-mns-seneca-rock.webp\",\"width\":1326,\"height\":1350,\"caption\":\"\u0424\u0443\u0442\u0431\u043e\u043b\u043a\u0430 Hannah Wick Mns Seneca Rock \u0434\u043b\u044f \u0430\u043a\u0442\u0438\u0432\u043d\u043e\u0433\u043e \u043e\u0442\u0434\u044b\u0445\u0430, \u043f\u043e\u0445\u043e\u0434\u043e\u0432, \u043f\u0443\u0442\u0435\u0448\u0435\u0441\u0442\u0432\u0438\u0439, \u0441\u043f\u043e\u0440\u0442\u0430, \u0442\u0443\u0440\u0438\u0441\u0442\u0438\u0447\u0435\u0441\u043a\u0430\u044f \u043e\u0434\u0435\u0436\u0434\u0430 \u0438 \u043e\u0431\u0443\u0432\u044c \u0434\u043b\u044f \u0430\u043a\u0442\u0438\u0432\u043d\u043e\u0433\u043e \u043e\u0431\u0440\u0430\u0437\u0430 \u0436\u0438\u0437\u043d\u0438\"},{\"@type\":\"BreadcrumbList\",\"@id\":\"https:\/\/xstyle.md\/product\/futbolka-hannah-wick-mns-seneca-rock\/#breadcrumb\",\"itemListElement\":[{\"@type\":\"ListItem\",\"position\":1,\"name\":\"\u0413\u043b\u0430\u0432\u043d\u0430\u044f \u0441\u0442\u0440\u0430\u043d\u0438\u0446\u0430\",\"item\":\"https:\/\/xstyle.md\/\"},{\"@type\":\"ListItem\",\"position\":2,\"name\":\"\u041c\u0430\u0433\u0430\u0437\u0438\u043d\",\"item\":\"https:\/\/xstyle.md\/shop\/\"},{\"@type\":\"ListItem\",\"position\":3,\"name\":\"\u0424\u0443\u0442\u0431\u043e\u043b\u043a\u0430 Hannah Wick Mns seneca rock\"}]},{\"@type\":\"WebSite\",\"@id\":\"https:\/\/xstyle.md\/#website\",\"url\":\"https:\/\/xstyle.md\/\",\"name\":\"\u041c\u0430\u0433\u0430\u0437\u0438\u043d Xstyle\",\"description\":\"C\u043d\u0430\u0440\u044f\u0436\u0435\u043d\u0438\u0435 \u0434\u043b\u044f \u0442\u0443\u0440\u0438\u0437\u043c\u0430 \u0438 \u044d\u043a\u0441\u0442\u0440\u0435\u043c\u0430\u043b\u044c\u043d\u044b\u0445 \u0432\u0438\u0434\u043e\u0432 \u0441\u043f\u043e\u0440\u0442\u0430 \u0432 \u041c\u043e\u043b\u0434\u043e\u0432\u0435.. \u0426\u0435\u043d\u044b, \u0444\u043e\u0442\u043e, \u0445\u0430\u0440\u0430\u043a\u0442\u0435\u0440\u0438\u0441\u0442\u0438\u043a\u0438 \u0432 \u041c\u043e\u043b\u0434\u043e\u0432\u0435.\",\"publisher\":{\"@id\":\"https:\/\/xstyle.md\/#organization\"},\"alternateName\":\"X-Style\",\"potentialAction\":[{\"@type\":\"SearchAction\",\"target\":{\"@type\":\"EntryPoint\",\"urlTemplate\":\"https:\/\/xstyle.md\/?s={search_term_string}\"},\"query-input\":{\"@type\":\"PropertyValueSpecification\",\"valueRequired\":true,\"valueName\":\"search_term_string\"}}],\"inLanguage\":\"ro-RO\"},{\"@type\":\"Organization\",\"@id\":\"https:\/\/xstyle.md\/#organization\",\"name\":\"\u041c\u0430\u0433\u0430\u0437\u0438\u043d Xstyle\",\"alternateName\":\"x-style\",\"url\":\"https:\/\/xstyle.md\/\",\"logo\":{\"@type\":\"ImageObject\",\"inLanguage\":\"ro-RO\",\"@id\":\"https:\/\/xstyle.md\/#\/schema\/logo\/image\/\",\"url\":\"https:\/\/xstyle.md\/wp-content\/uploads\/2020\/06\/logoicon.svg\",\"contentUrl\":\"https:\/\/xstyle.md\/wp-content\/uploads\/2020\/06\/logoicon.svg\",\"caption\":\"\u041c\u0430\u0433\u0430\u0437\u0438\u043d Xstyle\"},\"image\":{\"@id\":\"https:\/\/xstyle.md\/#\/schema\/logo\/image\/\"},\"sameAs\":[\"https:\/\/www.facebook.com\/xstylemd\",\"https:\/\/www.instagram.com\/xstyle_md\/\",\"https:\/\/t.me\/xstyle_outdoor\"],\"hasMerchantReturnPolicy\":{\"@type\":\"MerchantReturnPolicy\",\"merchantReturnLink\":\"https:\/\/xstyle.md\/ro\/conditions\/\"}}]}<\/script>\n<meta property=\"product:price:amount\" content=\"850.00\" \/>\n<meta property=\"product:price:currency\" content=\"MDL\" \/>\n<meta property=\"og:availability\" content=\"instock\" \/>\n<meta property=\"product:availability\" content=\"instock\" \/>\n<meta property=\"product:retailer_item_id\" content=\"8591203530194\" \/>\n<meta property=\"product:condition\" content=\"new\" \/>\n<!-- \/ Yoast SEO plugin. -->","yoast_head_json":{"title":"\u0424\u0443\u0442\u0431\u043e\u043b\u043a\u0430 Hannah Wick Mns seneca rock - \u041c\u0430\u0433\u0430\u0437\u0438\u043d Xstyle","robots":{"index":"index","follow":"follow","max-snippet":"max-snippet:-1","max-image-preview":"max-image-preview:large","max-video-preview":"max-video-preview:-1"},"canonical":"https:\/\/xstyle.md\/ro\/produs\/futbolka-hannah-wick-mns-seneca-rock\/","og_locale":"ro_RO","og_type":"article","og_title":"\u0424\u0443\u0442\u0431\u043e\u043b\u043a\u0430 Hannah Wick Mns seneca rock - \u041c\u0430\u0433\u0430\u0437\u0438\u043d Xstyle","og_description":"\u0411\u0440\u0435\u043d\u0434 Hannah \u2013 \u044d\u0442\u043e \u043c\u0435\u0436\u0434\u0443\u043d\u0430\u0440\u043e\u0434\u043d\u044b\u0439 \u0431\u0440\u0435\u043d\u0434, \u0441\u043f\u0435\u0446\u0438\u0430\u043b\u0438\u0437\u0438\u0440\u0443\u044e\u0449\u0438\u0439\u0441\u044f \u043d\u0430 \u043f\u0440\u043e\u0438\u0437\u0432\u043e\u0434\u0441\u0442\u0432\u0435 \u0442\u0443\u0440\u0438\u0441\u0442\u0438\u0447\u0435\u0441\u043a\u0438\u0445 \u0442\u043e\u0432\u0430\u0440\u043e\u0432 \u0438 \u0441\u043f\u043e\u0440\u0442\u0438\u0432\u043d\u043e\u0439 \u043e\u0434\u0435\u0436\u0434\u044b \u043d\u0430 \u043b\u044e\u0431\u043e\u0439 \u0441\u0435\u0437\u043e\u043d. \u0411\u0440\u0435\u043d\u0434 Hannah \u0431\u044b\u043b \u043e\u0441\u043d\u043e\u0432\u0430\u043d \u0432 \u0427\u0435\u0445\u0438\u0438 \u0432 1991. \u041a\u043e\u043c\u043f\u0430\u043d\u0438\u044f \u0434\u043e\u0431\u0438\u043b\u0430\u0441\u044c \u0445\u043e\u0440\u043e\u0448\u0438\u0445 \u0443\u0441\u043f\u0435\u0445\u043e\u0432 \u043d\u0430 \u043e\u0442\u0435\u0447\u0435\u0441\u0442\u0432\u0435\u043d\u043d\u043e\u043c \u0440\u044b\u043d\u043a\u0435, \u0431\u043b\u0430\u0433\u043e\u0434\u0430\u0440\u044f \u0432\u044b\u0441\u043e\u043a\u043e\u043c\u0443 \u043a\u0430\u0447\u0435\u0441\u0442\u0432\u0443 \u0438 \u0434\u043e\u0441\u0442\u0443\u043f\u043d\u043e\u0439 \u0446\u0435\u043d\u043e\u0432\u043e\u0439 \u043f\u043e\u043b\u0438\u0442\u0438\u043a\u0435 \u0434\u043b\u044f \u043a\u0430\u0436\u0434\u043e\u0433\u043e \u0438\u0437\u0434\u0435\u043b\u0438\u044f. \u0412 \u0441\u0430\u043c\u043e\u043c \u043d\u0430\u0447\u0430\u043b\u0435, \u043a\u043e\u043c\u043f\u0430\u043d\u0438\u044f \u043d\u0430\u0447\u0430\u043b\u0430 \u0432\u044b\u043f\u0443\u0441\u043a\u0430\u0442\u044c \u043f\u0440\u043e\u0434\u0443\u043a\u0446\u0438\u044e \u0432 \u0441\u043e\u043e\u0442\u0432\u0435\u0442\u0441\u0442\u0432\u0438\u0438 \u0441 \u043c\u0435\u0436\u0434\u0443\u043d\u0430\u0440\u043e\u0434\u043d\u044b\u043c\u0438 \u0441\u0442\u0430\u043d\u0434\u0430\u0440\u0442\u0430\u043c\u0438, \u0442\u0430\u043a [&hellip;]","og_url":"https:\/\/xstyle.md\/ro\/produs\/futbolka-hannah-wick-mns-seneca-rock\/","og_site_name":"\u041c\u0430\u0433\u0430\u0437\u0438\u043d Xstyle","article_publisher":"https:\/\/www.facebook.com\/xstylemd","article_modified_time":"2026-03-30T13:46:36+00:00","og_image":[{"width":1326,"height":1350,"url":"https:\/\/xstyle.md\/wp-content\/uploads\/2025\/06\/hannah-wick-mns-seneca-rock.webp","type":"image\/webp"}],"twitter_card":"summary_large_image","twitter_misc":{"Pre\u021b":"850&nbsp;MDL","Disponibilitate":"\u00cen stoc"},"schema":{"@context":"https:\/\/schema.org","@graph":[{"@type":"WebPage","@id":"https:\/\/xstyle.md\/product\/futbolka-hannah-wick-mns-seneca-rock\/","url":"https:\/\/xstyle.md\/product\/futbolka-hannah-wick-mns-seneca-rock\/","name":"\u0424\u0443\u0442\u0431\u043e\u043b\u043a\u0430 Hannah Wick Mns seneca rock - \u041c\u0430\u0433\u0430\u0437\u0438\u043d Xstyle","isPartOf":{"@id":"https:\/\/xstyle.md\/#website"},"primaryImageOfPage":{"@id":"https:\/\/xstyle.md\/product\/futbolka-hannah-wick-mns-seneca-rock\/#primaryimage"},"image":{"@id":"https:\/\/xstyle.md\/product\/futbolka-hannah-wick-mns-seneca-rock\/#primaryimage"},"thumbnailUrl":"https:\/\/xstyle.md\/wp-content\/uploads\/2025\/06\/hannah-wick-mns-seneca-rock.webp","datePublished":"2025-06-12T14:49:45+00:00","dateModified":"2026-03-30T13:46:36+00:00","breadcrumb":{"@id":"https:\/\/xstyle.md\/product\/futbolka-hannah-wick-mns-seneca-rock\/#breadcrumb"},"inLanguage":"ro-RO","potentialAction":[{"@type":"ReadAction","target":["https:\/\/xstyle.md\/product\/futbolka-hannah-wick-mns-seneca-rock\/"]}]},{"@type":"ImageObject","inLanguage":"ro-RO","@id":"https:\/\/xstyle.md\/product\/futbolka-hannah-wick-mns-seneca-rock\/#primaryimage","url":"https:\/\/xstyle.md\/wp-content\/uploads\/2025\/06\/hannah-wick-mns-seneca-rock.webp","contentUrl":"https:\/\/xstyle.md\/wp-content\/uploads\/2025\/06\/hannah-wick-mns-seneca-rock.webp","width":1326,"height":1350,"caption":"\u0424\u0443\u0442\u0431\u043e\u043b\u043a\u0430 Hannah Wick Mns Seneca Rock \u0434\u043b\u044f \u0430\u043a\u0442\u0438\u0432\u043d\u043e\u0433\u043e \u043e\u0442\u0434\u044b\u0445\u0430, \u043f\u043e\u0445\u043e\u0434\u043e\u0432, \u043f\u0443\u0442\u0435\u0448\u0435\u0441\u0442\u0432\u0438\u0439, \u0441\u043f\u043e\u0440\u0442\u0430, \u0442\u0443\u0440\u0438\u0441\u0442\u0438\u0447\u0435\u0441\u043a\u0430\u044f \u043e\u0434\u0435\u0436\u0434\u0430 \u0438 \u043e\u0431\u0443\u0432\u044c \u0434\u043b\u044f \u0430\u043a\u0442\u0438\u0432\u043d\u043e\u0433\u043e \u043e\u0431\u0440\u0430\u0437\u0430 \u0436\u0438\u0437\u043d\u0438"},{"@type":"BreadcrumbList","@id":"https:\/\/xstyle.md\/product\/futbolka-hannah-wick-mns-seneca-rock\/#breadcrumb","itemListElement":[{"@type":"ListItem","position":1,"name":"\u0413\u043b\u0430\u0432\u043d\u0430\u044f \u0441\u0442\u0440\u0430\u043d\u0438\u0446\u0430","item":"https:\/\/xstyle.md\/"},{"@type":"ListItem","position":2,"name":"\u041c\u0430\u0433\u0430\u0437\u0438\u043d","item":"https:\/\/xstyle.md\/shop\/"},{"@type":"ListItem","position":3,"name":"\u0424\u0443\u0442\u0431\u043e\u043b\u043a\u0430 Hannah Wick Mns seneca rock"}]},{"@type":"WebSite","@id":"https:\/\/xstyle.md\/#website","url":"https:\/\/xstyle.md\/","name":"Magazinul X-Style","description":"Echipamente pentru turism \u0219i sporturi extreme \u00een Moldova. Pre\u021buri, fotografii, caracteristici \u00een Moldova.","publisher":{"@id":"https:\/\/xstyle.md\/#organization"},"alternateName":"X-Style","potentialAction":[{"@type":"SearchAction","target":{"@type":"EntryPoint","urlTemplate":"https:\/\/xstyle.md\/?s={search_term_string}"},"query-input":{"@type":"PropertyValueSpecification","valueRequired":true,"valueName":"search_term_string"}}],"inLanguage":"ro-RO"},{"@type":"Organization","@id":"https:\/\/xstyle.md\/#organization","name":"Magazinul X-Style","alternateName":"x-style","url":"https:\/\/xstyle.md\/","logo":{"@type":"ImageObject","inLanguage":"ro-RO","@id":"https:\/\/xstyle.md\/#\/schema\/logo\/image\/","url":"https:\/\/xstyle.md\/wp-content\/uploads\/2020\/06\/logoicon.svg","contentUrl":"https:\/\/xstyle.md\/wp-content\/uploads\/2020\/06\/logoicon.svg","caption":"\u041c\u0430\u0433\u0430\u0437\u0438\u043d Xstyle"},"image":{"@id":"https:\/\/xstyle.md\/#\/schema\/logo\/image\/"},"sameAs":["https:\/\/www.facebook.com\/xstylemd","https:\/\/www.instagram.com\/xstyle_md\/","https:\/\/t.me\/xstyle_outdoor"],"hasMerchantReturnPolicy":{"@type":"MerchantReturnPolicy","merchantReturnLink":"https:\/\/xstyle.md\/ro\/conditions\/"}}]},"product_price_amount":"850.00","product_price_currency":"MDL","og_availability":"instock","product_availability":"instock","product_retailer_item_id":"8591203530194","product_condition":"new"},"post_mailing_queue_ids":[],"_links":{"self":[{"href":"https:\/\/xstyle.md\/ro\/wp-json\/wp\/v2\/product\/94984","targetHints":{"allow":["GET"]}}],"collection":[{"href":"https:\/\/xstyle.md\/ro\/wp-json\/wp\/v2\/product"}],"about":[{"href":"https:\/\/xstyle.md\/ro\/wp-json\/wp\/v2\/types\/product"}],"replies":[{"embeddable":true,"href":"https:\/\/xstyle.md\/ro\/wp-json\/wp\/v2\/comments?post=94984"}],"wp:featuredmedia":[{"embeddable":true,"href":"https:\/\/xstyle.md\/ro\/wp-json\/wp\/v2\/media\/95876"}],"wp:attachment":[{"href":"https:\/\/xstyle.md\/ro\/wp-json\/wp\/v2\/media?parent=94984"}],"wp:term":[{"taxonomy":"product_brand","embeddable":true,"href":"https:\/\/xstyle.md\/ro\/wp-json\/wp\/v2\/product_brand?post=94984"},{"taxonomy":"product_cat","embeddable":true,"href":"https:\/\/xstyle.md\/ro\/wp-json\/wp\/v2\/product_cat?post=94984"},{"taxonomy":"product_tag","embeddable":true,"href":"https:\/\/xstyle.md\/ro\/wp-json\/wp\/v2\/product_tag?post=94984"}],"curies":[{"name":"wp","href":"https:\/\/api.w.org\/{rel}","templated":true}]}}