{"id":94953,"date":"2025-06-12T17:49:34","date_gmt":"2025-06-12T14:49:34","guid":{"rendered":"https:\/\/xstyle.md\/?post_type=product&#038;p=94953"},"modified":"2026-02-24T11:19:32","modified_gmt":"2026-02-24T08:19:32","slug":"nozh-firebird-fh926-bk","status":"publish","type":"product","link":"https:\/\/xstyle.md\/ro\/produs\/nozh-firebird-fh926-bk\/","title":{"rendered":"Cu\u021bit Firebird FH926-BK"},"content":{"rendered":"<p><\/p>\n<p><strong>Firebird FH926-BK<\/strong> &#8212; este un cu\u021bit EDC (Everyday Carry) compact \u0219i ergonomic, ideal pentru utilizarea zilnic\u0103, dar \u0219i pentru drume\u021bii, pescuit sau v\u00e2n\u0103toare. Lama de tip Drop Point, fabricat\u0103 din o\u021bel D2 (duritate ~60 HRC), combin\u0103 rezisten\u021ba sporit\u0103 cu protec\u021bia \u00eempotriva coroziunii \u0219i men\u021bine t\u0103i\u0219ul ascu\u021bit pentru o perioad\u0103 \u00eendelungat\u0103.<\/p>\n<h3>Particularit\u0103\u021bi<\/h3>\n<ul>\n<li>M\u00e2ner din <strong>G10<\/strong> &#8212; ofer\u0103 o priz\u0103 sigur\u0103 chiar \u0219i atunci c\u00e2nd purta\u021bi m\u0103nu\u0219i. Textura materialului previne alunecarea, iar decupajul special protejeaz\u0103 degetul \u00een timpul utiliz\u0103rii intense.<\/li>\n<li>Mecanism <strong>Button Lock<\/strong> &#8212; un sistem de blocare fiabil care fixeaz\u0103 ferm lama \u00een pozi\u021bie deschis\u0103.<\/li>\n<li>Deschidere Rapid\u0103 &#8212; datorit\u0103 flipper-ului \u0219i sistemului pe rulmen\u021bi, cu\u021bitul poate fi deschis cu u\u0219urin\u021b\u0103 folosind o singur\u0103 m\u00e2n\u0103.<\/li>\n<\/ul>\n<h3>Caracteristici<\/h3>\n<ul>\n<li>Tip cu\u021bit &#8212; pliabil<\/li>\n<li>Tip t\u0103i\u0219 &#8212; neted<\/li>\n<li>Tip blocare &#8212; Button Lock<\/li>\n<li>Lungime total\u0103 &#8212; 20 cm<\/li>\n<li>Lungime lam\u0103 &#8212; 8,8 cm<\/li>\n<li>Material m\u00e2ner &#8212; G10<\/li>\n<li>Duritate o\u021bel &#8212; 59-60 HRC<\/li>\n<li>Marc\u0103 o\u021bel &#8212; D2<\/li>\n<li>Greutate &#8212; 116,9 g<\/li>\n<\/ul>\n<p><\/p>\n<h3>Marca<\/h3>\n<p>Firebird - este o gam\u0103 modern\u0103 de cu\u021bite creat\u0103 de renumitul brand Ganzo, pun\u00e2nd accent pe un design stilat \u0219i utilizarea unor materiale mai avansate. Brandul a c\u00e2\u0219tigat rapid popularitate datorit\u0103 echilibrului ideal \u00eentre fiabilitate, ergonomie \u0219i pre\u021b accesibil, oferind instrumente excelente at\u00e2t pentru turism, c\u00e2t \u0219i pentru utilizarea zilnic\u0103 (EDC).<\/p>","protected":false},"excerpt":{"rendered":"<p>\u0411\u0440\u0435\u043d\u0434 Firebird \u2014 \u044d\u0442\u043e \u0441\u043e\u0432\u0440\u0435\u043c\u0435\u043d\u043d\u0430\u044f \u043b\u0438\u043d\u0435\u0439\u043a\u0430 \u043d\u043e\u0436\u0435\u0439 \u043e\u0442 \u0438\u0437\u0432\u0435\u0441\u0442\u043d\u043e\u0433\u043e \u0431\u0440\u0435\u043d\u0434\u0430 Ganzo, \u043e\u0440\u0438\u0435\u043d\u0442\u0438\u0440\u043e\u0432\u0430\u043d\u043d\u0430\u044f \u043d\u0430 \u0441\u0442\u0438\u043b\u044c\u043d\u044b\u0439 \u0434\u0438\u0437\u0430\u0439\u043d \u0438 \u0438\u0441\u043f\u043e\u043b\u044c\u0437\u043e\u0432\u0430\u043d\u0438\u0435 \u0431\u043e\u043b\u0435\u0435 \u043f\u0440\u043e\u0434\u0432\u0438\u043d\u0443\u0442\u044b\u0445 \u043c\u0430\u0442\u0435\u0440\u0438\u0430\u043b\u043e\u0432. \u0411\u0440\u0435\u043d\u0434 \u0431\u044b\u0441\u0442\u0440\u043e \u0437\u0430\u0432\u043e\u0435\u0432\u0430\u043b \u043f\u043e\u043f\u0443\u043b\u044f\u0440\u043d\u043e\u0441\u0442\u044c \u0431\u043b\u0430\u0433\u043e\u0434\u0430\u0440\u044f \u0438\u0434\u0435\u0430\u043b\u044c\u043d\u043e\u043c\u0443 \u0431\u0430\u043b\u0430\u043d\u0441\u0443 \u043c\u0435\u0436\u0434\u0443 \u043d\u0430\u0434\u0435\u0436\u043d\u043e\u0441\u0442\u044c\u044e, \u044d\u0440\u0433\u043e\u043d\u043e\u043c\u0438\u043a\u043e\u0439 \u0438 \u0434\u043e\u0441\u0442\u0443\u043f\u043d\u043e\u0439 \u0446\u0435\u043d\u043e\u0439, \u043f\u0440\u0435\u0434\u043b\u0430\u0433\u0430\u044f \u0438\u043d\u0441\u0442\u0440\u0443\u043c\u0435\u043d\u0442\u044b, \u043a\u043e\u0442\u043e\u0440\u044b\u0435 \u043e\u0442\u043b\u0438\u0447\u043d\u043e \u043f\u043e\u0434\u0445\u043e\u0434\u044f\u0442 \u043a\u0430\u043a \u0434\u043b\u044f \u0442\u0443\u0440\u0438\u0437\u043c\u0430, \u0442\u0430\u043a \u0438 \u0434\u043b\u044f \u043f\u043e\u0432\u0441\u0435\u0434\u043d\u0435\u0432\u043d\u043e\u0433\u043e \u043d\u043e\u0448\u0435\u043d\u0438\u044f.<\/p>","protected":false},"featured_media":95418,"comment_status":"open","ping_status":"closed","template":"","meta":{"_acf_changed":false,"inline_featured_image":false},"product_brand":[1415],"product_cat":[169],"product_tag":[],"class_list":{"0":"post-94953","1":"product","2":"type-product","3":"status-publish","4":"has-post-thumbnail","6":"product_brand-firebird","7":"product_cat-knives","9":"first","10":"instock","11":"shipping-taxable","12":"purchasable","13":"product-type-simple"},"acf":[],"yoast_head":"<!-- This site is optimized with the Yoast SEO plugin v27.4 - https:\/\/yoast.com\/product\/yoast-seo-wordpress\/ -->\n<title>\u041d\u043e\u0436 Firebird FH926-BK - \u041c\u0430\u0433\u0430\u0437\u0438\u043d Xstyle<\/title>\n<meta name=\"robots\" content=\"index, follow, max-snippet:-1, max-image-preview:large, max-video-preview:-1\" \/>\n<link rel=\"canonical\" href=\"https:\/\/xstyle.md\/ro\/produs\/nozh-firebird-fh926-bk\/\" \/>\n<meta property=\"og:locale\" content=\"ro_RO\" \/>\n<meta property=\"og:type\" content=\"article\" \/>\n<meta property=\"og:title\" content=\"\u041d\u043e\u0436 Firebird FH926-BK - \u041c\u0430\u0433\u0430\u0437\u0438\u043d Xstyle\" \/>\n<meta property=\"og:description\" content=\"\u0411\u0440\u0435\u043d\u0434 Firebird \u2014 \u044d\u0442\u043e \u0441\u043e\u0432\u0440\u0435\u043c\u0435\u043d\u043d\u0430\u044f \u043b\u0438\u043d\u0435\u0439\u043a\u0430 \u043d\u043e\u0436\u0435\u0439 \u043e\u0442 \u0438\u0437\u0432\u0435\u0441\u0442\u043d\u043e\u0433\u043e \u0431\u0440\u0435\u043d\u0434\u0430 Ganzo, \u043e\u0440\u0438\u0435\u043d\u0442\u0438\u0440\u043e\u0432\u0430\u043d\u043d\u0430\u044f \u043d\u0430 \u0441\u0442\u0438\u043b\u044c\u043d\u044b\u0439 \u0434\u0438\u0437\u0430\u0439\u043d \u0438 \u0438\u0441\u043f\u043e\u043b\u044c\u0437\u043e\u0432\u0430\u043d\u0438\u0435 \u0431\u043e\u043b\u0435\u0435 \u043f\u0440\u043e\u0434\u0432\u0438\u043d\u0443\u0442\u044b\u0445 \u043c\u0430\u0442\u0435\u0440\u0438\u0430\u043b\u043e\u0432. \u0411\u0440\u0435\u043d\u0434 \u0431\u044b\u0441\u0442\u0440\u043e \u0437\u0430\u0432\u043e\u0435\u0432\u0430\u043b \u043f\u043e\u043f\u0443\u043b\u044f\u0440\u043d\u043e\u0441\u0442\u044c \u0431\u043b\u0430\u0433\u043e\u0434\u0430\u0440\u044f \u0438\u0434\u0435\u0430\u043b\u044c\u043d\u043e\u043c\u0443 \u0431\u0430\u043b\u0430\u043d\u0441\u0443 \u043c\u0435\u0436\u0434\u0443 \u043d\u0430\u0434\u0435\u0436\u043d\u043e\u0441\u0442\u044c\u044e, \u044d\u0440\u0433\u043e\u043d\u043e\u043c\u0438\u043a\u043e\u0439 \u0438 \u0434\u043e\u0441\u0442\u0443\u043f\u043d\u043e\u0439 \u0446\u0435\u043d\u043e\u0439, \u043f\u0440\u0435\u0434\u043b\u0430\u0433\u0430\u044f \u0438\u043d\u0441\u0442\u0440\u0443\u043c\u0435\u043d\u0442\u044b, \u043a\u043e\u0442\u043e\u0440\u044b\u0435 \u043e\u0442\u043b\u0438\u0447\u043d\u043e \u043f\u043e\u0434\u0445\u043e\u0434\u044f\u0442 \u043a\u0430\u043a \u0434\u043b\u044f \u0442\u0443\u0440\u0438\u0437\u043c\u0430, \u0442\u0430\u043a \u0438 \u0434\u043b\u044f \u043f\u043e\u0432\u0441\u0435\u0434\u043d\u0435\u0432\u043d\u043e\u0433\u043e \u043d\u043e\u0448\u0435\u043d\u0438\u044f.\" \/>\n<meta property=\"og:url\" content=\"https:\/\/xstyle.md\/ro\/produs\/nozh-firebird-fh926-bk\/\" \/>\n<meta property=\"og:site_name\" content=\"\u041c\u0430\u0433\u0430\u0437\u0438\u043d Xstyle\" \/>\n<meta property=\"article:publisher\" content=\"https:\/\/www.facebook.com\/xstylemd\" \/>\n<meta property=\"article:modified_time\" content=\"2026-02-24T08:19:32+00:00\" \/>\n<meta property=\"og:image\" content=\"https:\/\/xstyle.md\/wp-content\/uploads\/2025\/06\/firebird-fh926-bk.webp\" \/>\n\t<meta property=\"og:image:width\" content=\"1000\" \/>\n\t<meta property=\"og:image:height\" content=\"1000\" \/>\n\t<meta property=\"og:image:type\" content=\"image\/webp\" \/>\n<meta name=\"twitter:card\" content=\"summary_large_image\" \/>\n<meta name=\"twitter:label1\" content=\"Pre\u021b\" \/>\n\t<meta name=\"twitter:data1\" content=\"995&nbsp;MDL\" \/>\n\t<meta name=\"twitter:label2\" content=\"Disponibilitate\" \/>\n\t<meta name=\"twitter:data2\" content=\"\u00cen stoc\" \/>\n<script type=\"application\/ld+json\" class=\"yoast-schema-graph\">{\"@context\":\"https:\\\/\\\/schema.org\",\"@graph\":[{\"@type\":\"WebPage\",\"@id\":\"https:\\\/\\\/xstyle.md\\\/product\\\/nozh-firebird-fh926-bk\\\/\",\"url\":\"https:\\\/\\\/xstyle.md\\\/product\\\/nozh-firebird-fh926-bk\\\/\",\"name\":\"\u041d\u043e\u0436 Firebird FH926-BK - \u041c\u0430\u0433\u0430\u0437\u0438\u043d Xstyle\",\"isPartOf\":{\"@id\":\"https:\\\/\\\/xstyle.md\\\/#website\"},\"primaryImageOfPage\":{\"@id\":\"https:\\\/\\\/xstyle.md\\\/product\\\/nozh-firebird-fh926-bk\\\/#primaryimage\"},\"image\":{\"@id\":\"https:\\\/\\\/xstyle.md\\\/product\\\/nozh-firebird-fh926-bk\\\/#primaryimage\"},\"thumbnailUrl\":\"https:\\\/\\\/xstyle.md\\\/wp-content\\\/uploads\\\/2025\\\/06\\\/firebird-fh926-bk.webp\",\"datePublished\":\"2025-06-12T14:49:34+00:00\",\"dateModified\":\"2026-02-24T08:19:32+00:00\",\"breadcrumb\":{\"@id\":\"https:\\\/\\\/xstyle.md\\\/product\\\/nozh-firebird-fh926-bk\\\/#breadcrumb\"},\"inLanguage\":\"ro-RO\",\"potentialAction\":[{\"@type\":\"ReadAction\",\"target\":[\"https:\\\/\\\/xstyle.md\\\/product\\\/nozh-firebird-fh926-bk\\\/\"]}]},{\"@type\":\"ImageObject\",\"inLanguage\":\"ro-RO\",\"@id\":\"https:\\\/\\\/xstyle.md\\\/product\\\/nozh-firebird-fh926-bk\\\/#primaryimage\",\"url\":\"https:\\\/\\\/xstyle.md\\\/wp-content\\\/uploads\\\/2025\\\/06\\\/firebird-fh926-bk.webp\",\"contentUrl\":\"https:\\\/\\\/xstyle.md\\\/wp-content\\\/uploads\\\/2025\\\/06\\\/firebird-fh926-bk.webp\",\"width\":1000,\"height\":1000,\"caption\":\"\u041f\u043e\u0440\u0442\u0430\u0442\u0438\u0432\u043d\u044b\u0439 \u043d\u043e\u0436 Firebird FH926-BK \u0434\u043b\u044f \u0430\u043a\u0442\u0438\u0432\u043d\u043e\u0433\u043e \u043e\u0442\u0434\u044b\u0445\u0430, \u043f\u043e\u0445\u043e\u0434\u043e\u0432 \u0438 \u043f\u0443\u0442\u0435\u0448\u0435\u0441\u0442\u0432\u0438\u0439, \u0430\u043a\u0441\u0435\u0441\u0441\u0443\u0430\u0440\u044b \u0434\u043b\u044f \u0442\u0443\u0440\u0438\u0441\u0442\u0438\u0447\u0435\u0441\u043a\u043e\u0439 \u044d\u043a\u0438\u043f\u0438\u0440\u043e\u0432\u043a\u0438 \u0432 \u043c\u0430\u0433\u0430\u0437\u0438\u043d\u0435 \u0441\u043f\u043e\u0440\u0442\u0438\u0432\u043d\u043e\u0439 \u043e\u0434\u0435\u0436\u0434\u044b \u0438 \u043e\u0431\u0443\u0432\u0438\"},{\"@type\":\"BreadcrumbList\",\"@id\":\"https:\\\/\\\/xstyle.md\\\/product\\\/nozh-firebird-fh926-bk\\\/#breadcrumb\",\"itemListElement\":[{\"@type\":\"ListItem\",\"position\":1,\"name\":\"\u0413\u043b\u0430\u0432\u043d\u0430\u044f \u0441\u0442\u0440\u0430\u043d\u0438\u0446\u0430\",\"item\":\"https:\\\/\\\/xstyle.md\\\/\"},{\"@type\":\"ListItem\",\"position\":2,\"name\":\"\u041c\u0430\u0433\u0430\u0437\u0438\u043d\",\"item\":\"https:\\\/\\\/xstyle.md\\\/shop\\\/\"},{\"@type\":\"ListItem\",\"position\":3,\"name\":\"\u041d\u043e\u0436 Firebird FH926-BK\"}]},{\"@type\":\"WebSite\",\"@id\":\"https:\\\/\\\/xstyle.md\\\/#website\",\"url\":\"https:\\\/\\\/xstyle.md\\\/\",\"name\":\"\u041c\u0430\u0433\u0430\u0437\u0438\u043d Xstyle\",\"description\":\"C\u043d\u0430\u0440\u044f\u0436\u0435\u043d\u0438\u0435 \u0434\u043b\u044f \u0442\u0443\u0440\u0438\u0437\u043c\u0430 \u0438 \u044d\u043a\u0441\u0442\u0440\u0435\u043c\u0430\u043b\u044c\u043d\u044b\u0445 \u0432\u0438\u0434\u043e\u0432 \u0441\u043f\u043e\u0440\u0442\u0430 \u0432 \u041c\u043e\u043b\u0434\u043e\u0432\u0435.. \u0426\u0435\u043d\u044b, \u0444\u043e\u0442\u043e, \u0445\u0430\u0440\u0430\u043a\u0442\u0435\u0440\u0438\u0441\u0442\u0438\u043a\u0438 \u0432 \u041c\u043e\u043b\u0434\u043e\u0432\u0435.\",\"publisher\":{\"@id\":\"https:\\\/\\\/xstyle.md\\\/#organization\"},\"alternateName\":\"X-Style\",\"potentialAction\":[{\"@type\":\"SearchAction\",\"target\":{\"@type\":\"EntryPoint\",\"urlTemplate\":\"https:\\\/\\\/xstyle.md\\\/?s={search_term_string}\"},\"query-input\":{\"@type\":\"PropertyValueSpecification\",\"valueRequired\":true,\"valueName\":\"search_term_string\"}}],\"inLanguage\":\"ro-RO\"},{\"@type\":\"Organization\",\"@id\":\"https:\\\/\\\/xstyle.md\\\/#organization\",\"name\":\"\u041c\u0430\u0433\u0430\u0437\u0438\u043d Xstyle\",\"alternateName\":\"x-style\",\"url\":\"https:\\\/\\\/xstyle.md\\\/\",\"logo\":{\"@type\":\"ImageObject\",\"inLanguage\":\"ro-RO\",\"@id\":\"https:\\\/\\\/xstyle.md\\\/#\\\/schema\\\/logo\\\/image\\\/\",\"url\":\"https:\\\/\\\/xstyle.md\\\/wp-content\\\/uploads\\\/2020\\\/06\\\/logoicon.svg\",\"contentUrl\":\"https:\\\/\\\/xstyle.md\\\/wp-content\\\/uploads\\\/2020\\\/06\\\/logoicon.svg\",\"caption\":\"\u041c\u0430\u0433\u0430\u0437\u0438\u043d Xstyle\"},\"image\":{\"@id\":\"https:\\\/\\\/xstyle.md\\\/#\\\/schema\\\/logo\\\/image\\\/\"},\"sameAs\":[\"https:\\\/\\\/www.facebook.com\\\/xstylemd\",\"https:\\\/\\\/www.instagram.com\\\/xstyle_md\\\/\",\"https:\\\/\\\/t.me\\\/xstyle_outdoor\"],\"hasMerchantReturnPolicy\":{\"@type\":\"MerchantReturnPolicy\",\"merchantReturnLink\":\"https:\\\/\\\/xstyle.md\\\/ro\\\/conditions\\\/\"}}]}<\/script>\n<meta property=\"product:price:amount\" content=\"995.00\" \/>\n<meta property=\"product:price:currency\" content=\"MDL\" \/>\n<meta property=\"og:availability\" content=\"instock\" \/>\n<meta property=\"product:availability\" content=\"instock\" \/>\n<meta property=\"product:retailer_item_id\" content=\"850065615103\" \/>\n<meta property=\"product:condition\" content=\"new\" \/>\n<!-- \/ Yoast SEO plugin. -->","yoast_head_json":{"title":"\u041d\u043e\u0436 Firebird FH926-BK - \u041c\u0430\u0433\u0430\u0437\u0438\u043d Xstyle","robots":{"index":"index","follow":"follow","max-snippet":"max-snippet:-1","max-image-preview":"max-image-preview:large","max-video-preview":"max-video-preview:-1"},"canonical":"https:\/\/xstyle.md\/ro\/produs\/nozh-firebird-fh926-bk\/","og_locale":"ro_RO","og_type":"article","og_title":"\u041d\u043e\u0436 Firebird FH926-BK - \u041c\u0430\u0433\u0430\u0437\u0438\u043d Xstyle","og_description":"\u0411\u0440\u0435\u043d\u0434 Firebird \u2014 \u044d\u0442\u043e \u0441\u043e\u0432\u0440\u0435\u043c\u0435\u043d\u043d\u0430\u044f \u043b\u0438\u043d\u0435\u0439\u043a\u0430 \u043d\u043e\u0436\u0435\u0439 \u043e\u0442 \u0438\u0437\u0432\u0435\u0441\u0442\u043d\u043e\u0433\u043e \u0431\u0440\u0435\u043d\u0434\u0430 Ganzo, \u043e\u0440\u0438\u0435\u043d\u0442\u0438\u0440\u043e\u0432\u0430\u043d\u043d\u0430\u044f \u043d\u0430 \u0441\u0442\u0438\u043b\u044c\u043d\u044b\u0439 \u0434\u0438\u0437\u0430\u0439\u043d \u0438 \u0438\u0441\u043f\u043e\u043b\u044c\u0437\u043e\u0432\u0430\u043d\u0438\u0435 \u0431\u043e\u043b\u0435\u0435 \u043f\u0440\u043e\u0434\u0432\u0438\u043d\u0443\u0442\u044b\u0445 \u043c\u0430\u0442\u0435\u0440\u0438\u0430\u043b\u043e\u0432. \u0411\u0440\u0435\u043d\u0434 \u0431\u044b\u0441\u0442\u0440\u043e \u0437\u0430\u0432\u043e\u0435\u0432\u0430\u043b \u043f\u043e\u043f\u0443\u043b\u044f\u0440\u043d\u043e\u0441\u0442\u044c \u0431\u043b\u0430\u0433\u043e\u0434\u0430\u0440\u044f \u0438\u0434\u0435\u0430\u043b\u044c\u043d\u043e\u043c\u0443 \u0431\u0430\u043b\u0430\u043d\u0441\u0443 \u043c\u0435\u0436\u0434\u0443 \u043d\u0430\u0434\u0435\u0436\u043d\u043e\u0441\u0442\u044c\u044e, \u044d\u0440\u0433\u043e\u043d\u043e\u043c\u0438\u043a\u043e\u0439 \u0438 \u0434\u043e\u0441\u0442\u0443\u043f\u043d\u043e\u0439 \u0446\u0435\u043d\u043e\u0439, \u043f\u0440\u0435\u0434\u043b\u0430\u0433\u0430\u044f \u0438\u043d\u0441\u0442\u0440\u0443\u043c\u0435\u043d\u0442\u044b, \u043a\u043e\u0442\u043e\u0440\u044b\u0435 \u043e\u0442\u043b\u0438\u0447\u043d\u043e \u043f\u043e\u0434\u0445\u043e\u0434\u044f\u0442 \u043a\u0430\u043a \u0434\u043b\u044f \u0442\u0443\u0440\u0438\u0437\u043c\u0430, \u0442\u0430\u043a \u0438 \u0434\u043b\u044f \u043f\u043e\u0432\u0441\u0435\u0434\u043d\u0435\u0432\u043d\u043e\u0433\u043e \u043d\u043e\u0448\u0435\u043d\u0438\u044f.","og_url":"https:\/\/xstyle.md\/ro\/produs\/nozh-firebird-fh926-bk\/","og_site_name":"\u041c\u0430\u0433\u0430\u0437\u0438\u043d Xstyle","article_publisher":"https:\/\/www.facebook.com\/xstylemd","article_modified_time":"2026-02-24T08:19:32+00:00","og_image":[{"width":1000,"height":1000,"url":"https:\/\/xstyle.md\/wp-content\/uploads\/2025\/06\/firebird-fh926-bk.webp","type":"image\/webp"}],"twitter_card":"summary_large_image","twitter_misc":{"Pre\u021b":"995&nbsp;MDL","Disponibilitate":"\u00cen stoc"},"schema":{"@context":"https:\/\/schema.org","@graph":[{"@type":"WebPage","@id":"https:\/\/xstyle.md\/product\/nozh-firebird-fh926-bk\/","url":"https:\/\/xstyle.md\/product\/nozh-firebird-fh926-bk\/","name":"\u041d\u043e\u0436 Firebird FH926-BK - \u041c\u0430\u0433\u0430\u0437\u0438\u043d Xstyle","isPartOf":{"@id":"https:\/\/xstyle.md\/#website"},"primaryImageOfPage":{"@id":"https:\/\/xstyle.md\/product\/nozh-firebird-fh926-bk\/#primaryimage"},"image":{"@id":"https:\/\/xstyle.md\/product\/nozh-firebird-fh926-bk\/#primaryimage"},"thumbnailUrl":"https:\/\/xstyle.md\/wp-content\/uploads\/2025\/06\/firebird-fh926-bk.webp","datePublished":"2025-06-12T14:49:34+00:00","dateModified":"2026-02-24T08:19:32+00:00","breadcrumb":{"@id":"https:\/\/xstyle.md\/product\/nozh-firebird-fh926-bk\/#breadcrumb"},"inLanguage":"ro-RO","potentialAction":[{"@type":"ReadAction","target":["https:\/\/xstyle.md\/product\/nozh-firebird-fh926-bk\/"]}]},{"@type":"ImageObject","inLanguage":"ro-RO","@id":"https:\/\/xstyle.md\/product\/nozh-firebird-fh926-bk\/#primaryimage","url":"https:\/\/xstyle.md\/wp-content\/uploads\/2025\/06\/firebird-fh926-bk.webp","contentUrl":"https:\/\/xstyle.md\/wp-content\/uploads\/2025\/06\/firebird-fh926-bk.webp","width":1000,"height":1000,"caption":"\u041f\u043e\u0440\u0442\u0430\u0442\u0438\u0432\u043d\u044b\u0439 \u043d\u043e\u0436 Firebird FH926-BK \u0434\u043b\u044f \u0430\u043a\u0442\u0438\u0432\u043d\u043e\u0433\u043e \u043e\u0442\u0434\u044b\u0445\u0430, \u043f\u043e\u0445\u043e\u0434\u043e\u0432 \u0438 \u043f\u0443\u0442\u0435\u0448\u0435\u0441\u0442\u0432\u0438\u0439, \u0430\u043a\u0441\u0435\u0441\u0441\u0443\u0430\u0440\u044b \u0434\u043b\u044f \u0442\u0443\u0440\u0438\u0441\u0442\u0438\u0447\u0435\u0441\u043a\u043e\u0439 \u044d\u043a\u0438\u043f\u0438\u0440\u043e\u0432\u043a\u0438 \u0432 \u043c\u0430\u0433\u0430\u0437\u0438\u043d\u0435 \u0441\u043f\u043e\u0440\u0442\u0438\u0432\u043d\u043e\u0439 \u043e\u0434\u0435\u0436\u0434\u044b \u0438 \u043e\u0431\u0443\u0432\u0438"},{"@type":"BreadcrumbList","@id":"https:\/\/xstyle.md\/product\/nozh-firebird-fh926-bk\/#breadcrumb","itemListElement":[{"@type":"ListItem","position":1,"name":"\u0413\u043b\u0430\u0432\u043d\u0430\u044f \u0441\u0442\u0440\u0430\u043d\u0438\u0446\u0430","item":"https:\/\/xstyle.md\/"},{"@type":"ListItem","position":2,"name":"\u041c\u0430\u0433\u0430\u0437\u0438\u043d","item":"https:\/\/xstyle.md\/shop\/"},{"@type":"ListItem","position":3,"name":"\u041d\u043e\u0436 Firebird FH926-BK"}]},{"@type":"WebSite","@id":"https:\/\/xstyle.md\/#website","url":"https:\/\/xstyle.md\/","name":"Magazinul X-Style","description":"Echipamente pentru turism \u0219i sporturi extreme \u00een Moldova. Pre\u021buri, fotografii, caracteristici \u00een Moldova.","publisher":{"@id":"https:\/\/xstyle.md\/#organization"},"alternateName":"X-Style","potentialAction":[{"@type":"SearchAction","target":{"@type":"EntryPoint","urlTemplate":"https:\/\/xstyle.md\/?s={search_term_string}"},"query-input":{"@type":"PropertyValueSpecification","valueRequired":true,"valueName":"search_term_string"}}],"inLanguage":"ro-RO"},{"@type":"Organization","@id":"https:\/\/xstyle.md\/#organization","name":"Magazinul X-Style","alternateName":"x-style","url":"https:\/\/xstyle.md\/","logo":{"@type":"ImageObject","inLanguage":"ro-RO","@id":"https:\/\/xstyle.md\/#\/schema\/logo\/image\/","url":"https:\/\/xstyle.md\/wp-content\/uploads\/2020\/06\/logoicon.svg","contentUrl":"https:\/\/xstyle.md\/wp-content\/uploads\/2020\/06\/logoicon.svg","caption":"\u041c\u0430\u0433\u0430\u0437\u0438\u043d Xstyle"},"image":{"@id":"https:\/\/xstyle.md\/#\/schema\/logo\/image\/"},"sameAs":["https:\/\/www.facebook.com\/xstylemd","https:\/\/www.instagram.com\/xstyle_md\/","https:\/\/t.me\/xstyle_outdoor"],"hasMerchantReturnPolicy":{"@type":"MerchantReturnPolicy","merchantReturnLink":"https:\/\/xstyle.md\/ro\/conditions\/"}}]},"product_price_amount":"995.00","product_price_currency":"MDL","og_availability":"instock","product_availability":"instock","product_retailer_item_id":"850065615103","product_condition":"new"},"_links":{"self":[{"href":"https:\/\/xstyle.md\/ro\/wp-json\/wp\/v2\/product\/94953","targetHints":{"allow":["GET"]}}],"collection":[{"href":"https:\/\/xstyle.md\/ro\/wp-json\/wp\/v2\/product"}],"about":[{"href":"https:\/\/xstyle.md\/ro\/wp-json\/wp\/v2\/types\/product"}],"replies":[{"embeddable":true,"href":"https:\/\/xstyle.md\/ro\/wp-json\/wp\/v2\/comments?post=94953"}],"wp:featuredmedia":[{"embeddable":true,"href":"https:\/\/xstyle.md\/ro\/wp-json\/wp\/v2\/media\/95418"}],"wp:attachment":[{"href":"https:\/\/xstyle.md\/ro\/wp-json\/wp\/v2\/media?parent=94953"}],"wp:term":[{"taxonomy":"product_brand","embeddable":true,"href":"https:\/\/xstyle.md\/ro\/wp-json\/wp\/v2\/product_brand?post=94953"},{"taxonomy":"product_cat","embeddable":true,"href":"https:\/\/xstyle.md\/ro\/wp-json\/wp\/v2\/product_cat?post=94953"},{"taxonomy":"product_tag","embeddable":true,"href":"https:\/\/xstyle.md\/ro\/wp-json\/wp\/v2\/product_tag?post=94953"}],"curies":[{"name":"wp","href":"https:\/\/api.w.org\/{rel}","templated":true}]}}