{"id":94947,"date":"2025-06-12T17:49:32","date_gmt":"2025-06-12T14:49:32","guid":{"rendered":"https:\/\/xstyle.md\/?post_type=product&#038;p=94947"},"modified":"2026-03-19T17:35:55","modified_gmt":"2026-03-19T14:35:55","slug":"holodilnik-dometic-psc-9-soft-cooler-moss","status":"publish","type":"product","link":"https:\/\/xstyle.md\/ro\/produs\/holodilnik-dometic-psc-9-soft-cooler-moss\/","title":{"rendered":"Frigider Dometic PSC 9 Soft Cooler Moss"},"content":{"rendered":"<p><\/p>\n<p><strong>Dometic PSC 9 Soft Cooler<\/strong>\u00a0 &#8212; este alegerea perfect\u0103 pentru excursii solo sau grupuri restr\u00e2nse. Acesta combin\u0103 o izola\u021bie termic\u0103 eficient\u0103 cu o construc\u021bie robust\u0103, asigur\u00e2nd p\u0103strarea alimentelor la rece \u00een condi\u021bii de siguran\u021b\u0103. Op\u021biunile confortabile de transport \u0219i materialele ranforsate \u00eel fac indispensabil la drum. Pur \u0219i simplu ad\u0103uga\u021bi ghea\u021b\u0103 sau elemente de r\u0103cire \u0219i sunte\u021bi gata de plecare.<\/p>\n<h3>Particularit\u0103\u021bi<\/h3>\n<ul>\n<li>Etan\u0219eitate maxim\u0103: Complet etan\u0219 la ap\u0103 \u0219i aer, testat sub presiune.<\/li>\n<li>Protec\u021bie superioar\u0103: \u00cenveli\u0219 exterior durabil cu clas\u0103 de protec\u021bie IPX6 \u00eempotriva umidit\u0103\u021bii \u0219i a stropilor de ap\u0103.<\/li>\n<li>Izola\u021bie eficient\u0103: Pere\u021bi laterali de 25 mm \u0219i capac cu grosime de 50 mm.<\/li>\n<li>Baz\u0103 rezistent\u0103: Fund anti-\u0219oc fabricat din material turnat.<\/li>\n<li>Transport confortabil: Curea de um\u0103r deta\u0219abil\u0103 \u0219i reglabil\u0103 \u00een lungime.<\/li>\n<li>Sistem de prindere: Gaici de tip MOLLE pentru ata\u0219area accesoriilor \u0219i fixarea rucsacului.<\/li>\n<\/ul>\n<h3>Caracteristici<\/h3>\n<ul>\n<li>Dimensiuni \u2013 234 x 405 x 208 mm<\/li>\n<li>Volum \u2013 9 l<\/li>\n<li>Greutate \u2013 1,12 kg<br \/>\n<\/li>\n<\/ul>\n<h3>Marca<\/h3>\n<p>Dometic este un brand suedez specializat \u00een mini-frigidere \u0219i diverse produse menite s\u0103 asigure confortul c\u0103l\u0103torilor. \u00cenfiin\u021bat\u0103 \u00een anul 1986, compania continu\u0103 \u0219i ast\u0103zi s\u0103 \u00ee\u0219i perfec\u021bioneze echipamentele, activ\u00e2nd sub sloganul \u201eMobile living made easy\u201d (Via\u021ba mobil\u0103 devine mai u\u0219oar\u0103).\nDispozitivele marca Dometic devin din ce \u00een ce mai eficiente, compacte \u0219i stilate, \u00een timp ce gama lor de produse se extinde constant. Ast\u0103zi, pe pia\u021b\u0103 este disponibil un sortiment bogat de articole, ceea ce permite fiec\u0103rui cump\u0103r\u0103tor s\u0103 fac\u0103 o alegere inspirat\u0103.<\/p>\n<p>Dometic este \u00eentruchiparea confortului, a prospe\u021bimii alimentelor \u0219i a siguran\u021bei \u2013 \u00eentr-un cuv\u00e2nt, tot ceea ce face o c\u0103l\u0103torie lung\u0103 s\u0103 fie pl\u0103cut\u0103.<\/p>","protected":false},"excerpt":{"rendered":"<p>\u0411\u0440\u0435\u043d\u0434 Dometic \u2014 \u0448\u0432\u0435\u0434\u0441\u043a\u0430\u044f \u0442\u043e\u0440\u0433\u043e\u0432\u0430\u044f \u043c\u0430\u0440\u043a\u0430 \u043c\u0438\u043d\u0438-\u0445\u043e\u043b\u043e\u0434\u0438\u043b\u044c\u043d\u0438\u043a\u043e\u0432 \u0438 \u0440\u0430\u0437\u043b\u0438\u0447\u043d\u043e\u0439 \u043f\u0440\u043e\u0434\u0443\u043a\u0446\u0438\u0438, \u043e\u0431\u0435\u0441\u043f\u0435\u0447\u0438\u0432\u0430\u044e\u0449\u0435\u0439 \u043a\u043e\u043c\u0444\u043e\u0440\u0442 \u043f\u0443\u0442\u0435\u0448\u0435\u0441\u0442\u0432\u0435\u043d\u043d\u0438\u043a\u0430\u043c. \u0421\u043e\u0437\u0434\u0430\u043d\u043d\u0430\u044f 1986 \u0433\u043e\u0434\u0443 \u043a\u043e\u043c\u043f\u0430\u043d\u0438\u044f \u0434\u043e \u0441\u0438\u0445 \u043f\u043e\u0440 \u043f\u0440\u043e\u0434\u043e\u043b\u0436\u0430\u0435\u0442 \u0441\u043e\u0432\u0435\u0440\u0448\u0435\u043d\u0441\u0442\u0432\u043e\u0432\u0430\u0442\u044c \u0432\u044b\u043f\u0443\u0441\u043a\u0430\u0435\u043c\u043e\u0435 \u043e\u0431\u043e\u0440\u0443\u0434\u043e\u0432\u0430\u043d\u0438\u0435, \u0434\u0435\u0439\u0441\u0442\u0432\u0443\u044f \u043f\u043e\u0434 \u0441\u043b\u043e\u0433\u0430\u043d\u043e\u043c Mobile living made easy (&#171;\u0414\u0435\u043b\u0430\u044f \u043c\u043e\u0431\u0438\u043b\u044c\u043d\u0443\u044e \u0436\u0438\u0437\u043d\u044c \u043b\u0435\u0433\u0447\u0435&#187;). \u0423\u0441\u0442\u0440\u043e\u0439\u0441\u0442\u0432\u0430 \u043c\u0430\u0440\u043a\u0438 Dometic \u0441\u0442\u0430\u043d\u043e\u0432\u044f\u0442\u0441\u044f \u0432\u0441\u0451 \u0431\u043e\u043b\u0435\u0435 \u044d\u0444\u0444\u0435\u043a\u0442\u0438\u0432\u043d\u044b\u043c\u0438, \u043a\u043e\u043c\u043f\u0430\u043a\u0442\u043d\u044b\u043c\u0438 \u0438 \u0441\u0442\u0438\u043b\u044c\u043d\u044b\u043c\u0438, \u0438\u0445 \u0430\u0441\u0441\u043e\u0440\u0442\u0438\u043c\u0435\u043d\u0442 \u043d\u0435\u0443\u043a\u043b\u043e\u043d\u043d\u043e \u0440\u0430\u0441\u0448\u0438\u0440\u044f\u0435\u0442\u0441\u044f. \u0421\u0435\u0433\u043e\u0434\u043d\u044f \u0432 \u043f\u0440\u043e\u0434\u0430\u0436\u0435 \u043f\u0440\u0435\u0434\u0441\u0442\u0430\u0432\u043b\u0435\u043d\u043e \u0431\u043e\u043b\u044c\u0448\u043e\u0435 \u043a\u043e\u043b\u0438\u0447\u0435\u0441\u0442\u0432\u043e [&hellip;]<\/p>\n","protected":false},"featured_media":95725,"comment_status":"open","ping_status":"closed","template":"","meta":{"_acf_changed":false,"inline_featured_image":false},"product_brand":[1274],"product_cat":[539],"product_tag":[],"class_list":{"0":"post-94947","1":"product","2":"type-product","3":"status-publish","4":"has-post-thumbnail","6":"product_brand-dometic","7":"product_cat-icebox","9":"first","10":"instock","11":"shipping-taxable","12":"purchasable","13":"product-type-simple"},"acf":[],"yoast_head":"<!-- This site is optimized with the Yoast SEO plugin v27.2 - https:\/\/yoast.com\/product\/yoast-seo-wordpress\/ -->\n<title>\u0425\u043e\u043b\u043e\u0434\u0438\u043b\u044c\u043d\u0438\u043a Dometic PSC 9 Soft Cooler Moss - \u041c\u0430\u0433\u0430\u0437\u0438\u043d Xstyle<\/title>\n<meta name=\"robots\" content=\"index, follow, max-snippet:-1, max-image-preview:large, max-video-preview:-1\" \/>\n<link rel=\"canonical\" href=\"https:\/\/xstyle.md\/ro\/produs\/holodilnik-dometic-psc-9-soft-cooler-moss\/\" \/>\n<meta property=\"og:locale\" content=\"ro_RO\" \/>\n<meta property=\"og:type\" content=\"article\" \/>\n<meta property=\"og:title\" content=\"\u0425\u043e\u043b\u043e\u0434\u0438\u043b\u044c\u043d\u0438\u043a Dometic PSC 9 Soft Cooler Moss - \u041c\u0430\u0433\u0430\u0437\u0438\u043d Xstyle\" \/>\n<meta property=\"og:description\" content=\"\u0411\u0440\u0435\u043d\u0434 Dometic \u2014 \u0448\u0432\u0435\u0434\u0441\u043a\u0430\u044f \u0442\u043e\u0440\u0433\u043e\u0432\u0430\u044f \u043c\u0430\u0440\u043a\u0430 \u043c\u0438\u043d\u0438-\u0445\u043e\u043b\u043e\u0434\u0438\u043b\u044c\u043d\u0438\u043a\u043e\u0432 \u0438 \u0440\u0430\u0437\u043b\u0438\u0447\u043d\u043e\u0439 \u043f\u0440\u043e\u0434\u0443\u043a\u0446\u0438\u0438, \u043e\u0431\u0435\u0441\u043f\u0435\u0447\u0438\u0432\u0430\u044e\u0449\u0435\u0439 \u043a\u043e\u043c\u0444\u043e\u0440\u0442 \u043f\u0443\u0442\u0435\u0448\u0435\u0441\u0442\u0432\u0435\u043d\u043d\u0438\u043a\u0430\u043c. \u0421\u043e\u0437\u0434\u0430\u043d\u043d\u0430\u044f 1986 \u0433\u043e\u0434\u0443 \u043a\u043e\u043c\u043f\u0430\u043d\u0438\u044f \u0434\u043e \u0441\u0438\u0445 \u043f\u043e\u0440 \u043f\u0440\u043e\u0434\u043e\u043b\u0436\u0430\u0435\u0442 \u0441\u043e\u0432\u0435\u0440\u0448\u0435\u043d\u0441\u0442\u0432\u043e\u0432\u0430\u0442\u044c \u0432\u044b\u043f\u0443\u0441\u043a\u0430\u0435\u043c\u043e\u0435 \u043e\u0431\u043e\u0440\u0443\u0434\u043e\u0432\u0430\u043d\u0438\u0435, \u0434\u0435\u0439\u0441\u0442\u0432\u0443\u044f \u043f\u043e\u0434 \u0441\u043b\u043e\u0433\u0430\u043d\u043e\u043c Mobile living made easy (&#171;\u0414\u0435\u043b\u0430\u044f \u043c\u043e\u0431\u0438\u043b\u044c\u043d\u0443\u044e \u0436\u0438\u0437\u043d\u044c \u043b\u0435\u0433\u0447\u0435&#187;). \u0423\u0441\u0442\u0440\u043e\u0439\u0441\u0442\u0432\u0430 \u043c\u0430\u0440\u043a\u0438 Dometic \u0441\u0442\u0430\u043d\u043e\u0432\u044f\u0442\u0441\u044f \u0432\u0441\u0451 \u0431\u043e\u043b\u0435\u0435 \u044d\u0444\u0444\u0435\u043a\u0442\u0438\u0432\u043d\u044b\u043c\u0438, \u043a\u043e\u043c\u043f\u0430\u043a\u0442\u043d\u044b\u043c\u0438 \u0438 \u0441\u0442\u0438\u043b\u044c\u043d\u044b\u043c\u0438, \u0438\u0445 \u0430\u0441\u0441\u043e\u0440\u0442\u0438\u043c\u0435\u043d\u0442 \u043d\u0435\u0443\u043a\u043b\u043e\u043d\u043d\u043e \u0440\u0430\u0441\u0448\u0438\u0440\u044f\u0435\u0442\u0441\u044f. \u0421\u0435\u0433\u043e\u0434\u043d\u044f \u0432 \u043f\u0440\u043e\u0434\u0430\u0436\u0435 \u043f\u0440\u0435\u0434\u0441\u0442\u0430\u0432\u043b\u0435\u043d\u043e \u0431\u043e\u043b\u044c\u0448\u043e\u0435 \u043a\u043e\u043b\u0438\u0447\u0435\u0441\u0442\u0432\u043e [&hellip;]\" \/>\n<meta property=\"og:url\" content=\"https:\/\/xstyle.md\/ro\/produs\/holodilnik-dometic-psc-9-soft-cooler-moss\/\" \/>\n<meta property=\"og:site_name\" content=\"\u041c\u0430\u0433\u0430\u0437\u0438\u043d Xstyle\" \/>\n<meta property=\"article:publisher\" content=\"https:\/\/www.facebook.com\/xstylemd\" \/>\n<meta property=\"article:modified_time\" content=\"2026-03-19T14:35:55+00:00\" \/>\n<meta property=\"og:image\" content=\"https:\/\/xstyle.md\/wp-content\/uploads\/2025\/06\/dometic-psc-9-soft-cooler-moss.webp\" \/>\n\t<meta property=\"og:image:width\" content=\"1280\" \/>\n\t<meta property=\"og:image:height\" content=\"1280\" \/>\n\t<meta property=\"og:image:type\" content=\"image\/webp\" \/>\n<meta name=\"twitter:card\" content=\"summary_large_image\" \/>\n<meta name=\"twitter:label1\" content=\"Pre\u021b\" \/>\n\t<meta name=\"twitter:data1\" content=\"5.870&nbsp;MDL\" \/>\n\t<meta name=\"twitter:label2\" content=\"Disponibilitate\" \/>\n\t<meta name=\"twitter:data2\" content=\"\u00cen stoc\" \/>\n<script type=\"application\/ld+json\" class=\"yoast-schema-graph\">{\"@context\":\"https:\/\/schema.org\",\"@graph\":[{\"@type\":\"WebPage\",\"@id\":\"https:\/\/xstyle.md\/product\/holodilnik-dometic-psc-9-soft-cooler-moss\/\",\"url\":\"https:\/\/xstyle.md\/product\/holodilnik-dometic-psc-9-soft-cooler-moss\/\",\"name\":\"\u0425\u043e\u043b\u043e\u0434\u0438\u043b\u044c\u043d\u0438\u043a Dometic PSC 9 Soft Cooler Moss - \u041c\u0430\u0433\u0430\u0437\u0438\u043d Xstyle\",\"isPartOf\":{\"@id\":\"https:\/\/xstyle.md\/#website\"},\"primaryImageOfPage\":{\"@id\":\"https:\/\/xstyle.md\/product\/holodilnik-dometic-psc-9-soft-cooler-moss\/#primaryimage\"},\"image\":{\"@id\":\"https:\/\/xstyle.md\/product\/holodilnik-dometic-psc-9-soft-cooler-moss\/#primaryimage\"},\"thumbnailUrl\":\"https:\/\/xstyle.md\/wp-content\/uploads\/2025\/06\/dometic-psc-9-soft-cooler-moss.webp\",\"datePublished\":\"2025-06-12T14:49:32+00:00\",\"dateModified\":\"2026-03-19T14:35:55+00:00\",\"breadcrumb\":{\"@id\":\"https:\/\/xstyle.md\/product\/holodilnik-dometic-psc-9-soft-cooler-moss\/#breadcrumb\"},\"inLanguage\":\"ro-RO\",\"potentialAction\":[{\"@type\":\"ReadAction\",\"target\":[\"https:\/\/xstyle.md\/product\/holodilnik-dometic-psc-9-soft-cooler-moss\/\"]}]},{\"@type\":\"ImageObject\",\"inLanguage\":\"ro-RO\",\"@id\":\"https:\/\/xstyle.md\/product\/holodilnik-dometic-psc-9-soft-cooler-moss\/#primaryimage\",\"url\":\"https:\/\/xstyle.md\/wp-content\/uploads\/2025\/06\/dometic-psc-9-soft-cooler-moss.webp\",\"contentUrl\":\"https:\/\/xstyle.md\/wp-content\/uploads\/2025\/06\/dometic-psc-9-soft-cooler-moss.webp\",\"width\":1280,\"height\":1280,\"caption\":\"\u041c\u044f\u0433\u043a\u0438\u0439 \u0445\u043e\u043b\u043e\u0434\u0438\u043b\u044c\u043d\u0438\u043a Dometic PSC 9 Moss \u0434\u043b\u044f \u0430\u043a\u0442\u0438\u0432\u043d\u043e\u0433\u043e \u043e\u0442\u0434\u044b\u0445\u0430 \u0438 \u043f\u0443\u0442\u0435\u0448\u0435\u0441\u0442\u0432\u0438\u0439, \u043f\u043e\u0445\u043e\u0434\u043e\u0432, \u0430\u043b\u044c\u043f\u0438\u043d\u0438\u0437\u043c\u0430, \u043e\u0434\u0435\u0436\u0434\u044b \u0438 \u043e\u0431\u0443\u0432\u0438 \u0434\u043b\u044f outdoor \u0430\u043a\u0442\u0438\u0432\u043d\u043e\u0441\u0442\u0438\"},{\"@type\":\"BreadcrumbList\",\"@id\":\"https:\/\/xstyle.md\/product\/holodilnik-dometic-psc-9-soft-cooler-moss\/#breadcrumb\",\"itemListElement\":[{\"@type\":\"ListItem\",\"position\":1,\"name\":\"\u0413\u043b\u0430\u0432\u043d\u0430\u044f \u0441\u0442\u0440\u0430\u043d\u0438\u0446\u0430\",\"item\":\"https:\/\/xstyle.md\/\"},{\"@type\":\"ListItem\",\"position\":2,\"name\":\"\u041c\u0430\u0433\u0430\u0437\u0438\u043d\",\"item\":\"https:\/\/xstyle.md\/shop\/\"},{\"@type\":\"ListItem\",\"position\":3,\"name\":\"\u0425\u043e\u043b\u043e\u0434\u0438\u043b\u044c\u043d\u0438\u043a Dometic PSC 9 Soft Cooler Moss\"}]},{\"@type\":\"WebSite\",\"@id\":\"https:\/\/xstyle.md\/#website\",\"url\":\"https:\/\/xstyle.md\/\",\"name\":\"\u041c\u0430\u0433\u0430\u0437\u0438\u043d Xstyle\",\"description\":\"C\u043d\u0430\u0440\u044f\u0436\u0435\u043d\u0438\u0435 \u0434\u043b\u044f \u0442\u0443\u0440\u0438\u0437\u043c\u0430 \u0438 \u044d\u043a\u0441\u0442\u0440\u0435\u043c\u0430\u043b\u044c\u043d\u044b\u0445 \u0432\u0438\u0434\u043e\u0432 \u0441\u043f\u043e\u0440\u0442\u0430 \u0432 \u041c\u043e\u043b\u0434\u043e\u0432\u0435.. \u0426\u0435\u043d\u044b, \u0444\u043e\u0442\u043e, \u0445\u0430\u0440\u0430\u043a\u0442\u0435\u0440\u0438\u0441\u0442\u0438\u043a\u0438 \u0432 \u041c\u043e\u043b\u0434\u043e\u0432\u0435.\",\"publisher\":{\"@id\":\"https:\/\/xstyle.md\/#organization\"},\"alternateName\":\"X-Style\",\"potentialAction\":[{\"@type\":\"SearchAction\",\"target\":{\"@type\":\"EntryPoint\",\"urlTemplate\":\"https:\/\/xstyle.md\/?s={search_term_string}\"},\"query-input\":{\"@type\":\"PropertyValueSpecification\",\"valueRequired\":true,\"valueName\":\"search_term_string\"}}],\"inLanguage\":\"ro-RO\"},{\"@type\":\"Organization\",\"@id\":\"https:\/\/xstyle.md\/#organization\",\"name\":\"\u041c\u0430\u0433\u0430\u0437\u0438\u043d Xstyle\",\"alternateName\":\"x-style\",\"url\":\"https:\/\/xstyle.md\/\",\"logo\":{\"@type\":\"ImageObject\",\"inLanguage\":\"ro-RO\",\"@id\":\"https:\/\/xstyle.md\/#\/schema\/logo\/image\/\",\"url\":\"https:\/\/xstyle.md\/wp-content\/uploads\/2020\/06\/logoicon.svg\",\"contentUrl\":\"https:\/\/xstyle.md\/wp-content\/uploads\/2020\/06\/logoicon.svg\",\"caption\":\"\u041c\u0430\u0433\u0430\u0437\u0438\u043d Xstyle\"},\"image\":{\"@id\":\"https:\/\/xstyle.md\/#\/schema\/logo\/image\/\"},\"sameAs\":[\"https:\/\/www.facebook.com\/xstylemd\",\"https:\/\/www.instagram.com\/xstyle_md\/\",\"https:\/\/t.me\/xstyle_outdoor\"],\"hasMerchantReturnPolicy\":{\"@type\":\"MerchantReturnPolicy\",\"merchantReturnLink\":\"https:\/\/xstyle.md\/ro\/conditions\/\"}}]}<\/script>\n<meta property=\"product:price:amount\" content=\"5870.00\" \/>\n<meta property=\"product:price:currency\" content=\"MDL\" \/>\n<meta property=\"og:availability\" content=\"instock\" \/>\n<meta property=\"product:availability\" content=\"instock\" \/>\n<meta property=\"product:retailer_item_id\" content=\"6975399592624\" \/>\n<meta property=\"product:condition\" content=\"new\" \/>\n<!-- \/ Yoast SEO plugin. -->","yoast_head_json":{"title":"\u0425\u043e\u043b\u043e\u0434\u0438\u043b\u044c\u043d\u0438\u043a Dometic PSC 9 Soft Cooler Moss - \u041c\u0430\u0433\u0430\u0437\u0438\u043d Xstyle","robots":{"index":"index","follow":"follow","max-snippet":"max-snippet:-1","max-image-preview":"max-image-preview:large","max-video-preview":"max-video-preview:-1"},"canonical":"https:\/\/xstyle.md\/ro\/produs\/holodilnik-dometic-psc-9-soft-cooler-moss\/","og_locale":"ro_RO","og_type":"article","og_title":"\u0425\u043e\u043b\u043e\u0434\u0438\u043b\u044c\u043d\u0438\u043a Dometic PSC 9 Soft Cooler Moss - \u041c\u0430\u0433\u0430\u0437\u0438\u043d Xstyle","og_description":"\u0411\u0440\u0435\u043d\u0434 Dometic \u2014 \u0448\u0432\u0435\u0434\u0441\u043a\u0430\u044f \u0442\u043e\u0440\u0433\u043e\u0432\u0430\u044f \u043c\u0430\u0440\u043a\u0430 \u043c\u0438\u043d\u0438-\u0445\u043e\u043b\u043e\u0434\u0438\u043b\u044c\u043d\u0438\u043a\u043e\u0432 \u0438 \u0440\u0430\u0437\u043b\u0438\u0447\u043d\u043e\u0439 \u043f\u0440\u043e\u0434\u0443\u043a\u0446\u0438\u0438, \u043e\u0431\u0435\u0441\u043f\u0435\u0447\u0438\u0432\u0430\u044e\u0449\u0435\u0439 \u043a\u043e\u043c\u0444\u043e\u0440\u0442 \u043f\u0443\u0442\u0435\u0448\u0435\u0441\u0442\u0432\u0435\u043d\u043d\u0438\u043a\u0430\u043c. \u0421\u043e\u0437\u0434\u0430\u043d\u043d\u0430\u044f 1986 \u0433\u043e\u0434\u0443 \u043a\u043e\u043c\u043f\u0430\u043d\u0438\u044f \u0434\u043e \u0441\u0438\u0445 \u043f\u043e\u0440 \u043f\u0440\u043e\u0434\u043e\u043b\u0436\u0430\u0435\u0442 \u0441\u043e\u0432\u0435\u0440\u0448\u0435\u043d\u0441\u0442\u0432\u043e\u0432\u0430\u0442\u044c \u0432\u044b\u043f\u0443\u0441\u043a\u0430\u0435\u043c\u043e\u0435 \u043e\u0431\u043e\u0440\u0443\u0434\u043e\u0432\u0430\u043d\u0438\u0435, \u0434\u0435\u0439\u0441\u0442\u0432\u0443\u044f \u043f\u043e\u0434 \u0441\u043b\u043e\u0433\u0430\u043d\u043e\u043c Mobile living made easy (&#171;\u0414\u0435\u043b\u0430\u044f \u043c\u043e\u0431\u0438\u043b\u044c\u043d\u0443\u044e \u0436\u0438\u0437\u043d\u044c \u043b\u0435\u0433\u0447\u0435&#187;). \u0423\u0441\u0442\u0440\u043e\u0439\u0441\u0442\u0432\u0430 \u043c\u0430\u0440\u043a\u0438 Dometic \u0441\u0442\u0430\u043d\u043e\u0432\u044f\u0442\u0441\u044f \u0432\u0441\u0451 \u0431\u043e\u043b\u0435\u0435 \u044d\u0444\u0444\u0435\u043a\u0442\u0438\u0432\u043d\u044b\u043c\u0438, \u043a\u043e\u043c\u043f\u0430\u043a\u0442\u043d\u044b\u043c\u0438 \u0438 \u0441\u0442\u0438\u043b\u044c\u043d\u044b\u043c\u0438, \u0438\u0445 \u0430\u0441\u0441\u043e\u0440\u0442\u0438\u043c\u0435\u043d\u0442 \u043d\u0435\u0443\u043a\u043b\u043e\u043d\u043d\u043e \u0440\u0430\u0441\u0448\u0438\u0440\u044f\u0435\u0442\u0441\u044f. \u0421\u0435\u0433\u043e\u0434\u043d\u044f \u0432 \u043f\u0440\u043e\u0434\u0430\u0436\u0435 \u043f\u0440\u0435\u0434\u0441\u0442\u0430\u0432\u043b\u0435\u043d\u043e \u0431\u043e\u043b\u044c\u0448\u043e\u0435 \u043a\u043e\u043b\u0438\u0447\u0435\u0441\u0442\u0432\u043e [&hellip;]","og_url":"https:\/\/xstyle.md\/ro\/produs\/holodilnik-dometic-psc-9-soft-cooler-moss\/","og_site_name":"\u041c\u0430\u0433\u0430\u0437\u0438\u043d Xstyle","article_publisher":"https:\/\/www.facebook.com\/xstylemd","article_modified_time":"2026-03-19T14:35:55+00:00","og_image":[{"width":1280,"height":1280,"url":"https:\/\/xstyle.md\/wp-content\/uploads\/2025\/06\/dometic-psc-9-soft-cooler-moss.webp","type":"image\/webp"}],"twitter_card":"summary_large_image","twitter_misc":{"Pre\u021b":"5.870&nbsp;MDL","Disponibilitate":"\u00cen stoc"},"schema":{"@context":"https:\/\/schema.org","@graph":[{"@type":"WebPage","@id":"https:\/\/xstyle.md\/product\/holodilnik-dometic-psc-9-soft-cooler-moss\/","url":"https:\/\/xstyle.md\/product\/holodilnik-dometic-psc-9-soft-cooler-moss\/","name":"\u0425\u043e\u043b\u043e\u0434\u0438\u043b\u044c\u043d\u0438\u043a Dometic PSC 9 Soft Cooler Moss - \u041c\u0430\u0433\u0430\u0437\u0438\u043d Xstyle","isPartOf":{"@id":"https:\/\/xstyle.md\/#website"},"primaryImageOfPage":{"@id":"https:\/\/xstyle.md\/product\/holodilnik-dometic-psc-9-soft-cooler-moss\/#primaryimage"},"image":{"@id":"https:\/\/xstyle.md\/product\/holodilnik-dometic-psc-9-soft-cooler-moss\/#primaryimage"},"thumbnailUrl":"https:\/\/xstyle.md\/wp-content\/uploads\/2025\/06\/dometic-psc-9-soft-cooler-moss.webp","datePublished":"2025-06-12T14:49:32+00:00","dateModified":"2026-03-19T14:35:55+00:00","breadcrumb":{"@id":"https:\/\/xstyle.md\/product\/holodilnik-dometic-psc-9-soft-cooler-moss\/#breadcrumb"},"inLanguage":"ro-RO","potentialAction":[{"@type":"ReadAction","target":["https:\/\/xstyle.md\/product\/holodilnik-dometic-psc-9-soft-cooler-moss\/"]}]},{"@type":"ImageObject","inLanguage":"ro-RO","@id":"https:\/\/xstyle.md\/product\/holodilnik-dometic-psc-9-soft-cooler-moss\/#primaryimage","url":"https:\/\/xstyle.md\/wp-content\/uploads\/2025\/06\/dometic-psc-9-soft-cooler-moss.webp","contentUrl":"https:\/\/xstyle.md\/wp-content\/uploads\/2025\/06\/dometic-psc-9-soft-cooler-moss.webp","width":1280,"height":1280,"caption":"\u041c\u044f\u0433\u043a\u0438\u0439 \u0445\u043e\u043b\u043e\u0434\u0438\u043b\u044c\u043d\u0438\u043a Dometic PSC 9 Moss \u0434\u043b\u044f \u0430\u043a\u0442\u0438\u0432\u043d\u043e\u0433\u043e \u043e\u0442\u0434\u044b\u0445\u0430 \u0438 \u043f\u0443\u0442\u0435\u0448\u0435\u0441\u0442\u0432\u0438\u0439, \u043f\u043e\u0445\u043e\u0434\u043e\u0432, \u0430\u043b\u044c\u043f\u0438\u043d\u0438\u0437\u043c\u0430, \u043e\u0434\u0435\u0436\u0434\u044b \u0438 \u043e\u0431\u0443\u0432\u0438 \u0434\u043b\u044f outdoor \u0430\u043a\u0442\u0438\u0432\u043d\u043e\u0441\u0442\u0438"},{"@type":"BreadcrumbList","@id":"https:\/\/xstyle.md\/product\/holodilnik-dometic-psc-9-soft-cooler-moss\/#breadcrumb","itemListElement":[{"@type":"ListItem","position":1,"name":"\u0413\u043b\u0430\u0432\u043d\u0430\u044f \u0441\u0442\u0440\u0430\u043d\u0438\u0446\u0430","item":"https:\/\/xstyle.md\/"},{"@type":"ListItem","position":2,"name":"\u041c\u0430\u0433\u0430\u0437\u0438\u043d","item":"https:\/\/xstyle.md\/shop\/"},{"@type":"ListItem","position":3,"name":"\u0425\u043e\u043b\u043e\u0434\u0438\u043b\u044c\u043d\u0438\u043a Dometic PSC 9 Soft Cooler Moss"}]},{"@type":"WebSite","@id":"https:\/\/xstyle.md\/#website","url":"https:\/\/xstyle.md\/","name":"Magazinul X-Style","description":"Echipamente pentru turism \u0219i sporturi extreme \u00een Moldova. Pre\u021buri, fotografii, caracteristici \u00een Moldova.","publisher":{"@id":"https:\/\/xstyle.md\/#organization"},"alternateName":"X-Style","potentialAction":[{"@type":"SearchAction","target":{"@type":"EntryPoint","urlTemplate":"https:\/\/xstyle.md\/?s={search_term_string}"},"query-input":{"@type":"PropertyValueSpecification","valueRequired":true,"valueName":"search_term_string"}}],"inLanguage":"ro-RO"},{"@type":"Organization","@id":"https:\/\/xstyle.md\/#organization","name":"Magazinul X-Style","alternateName":"x-style","url":"https:\/\/xstyle.md\/","logo":{"@type":"ImageObject","inLanguage":"ro-RO","@id":"https:\/\/xstyle.md\/#\/schema\/logo\/image\/","url":"https:\/\/xstyle.md\/wp-content\/uploads\/2020\/06\/logoicon.svg","contentUrl":"https:\/\/xstyle.md\/wp-content\/uploads\/2020\/06\/logoicon.svg","caption":"\u041c\u0430\u0433\u0430\u0437\u0438\u043d Xstyle"},"image":{"@id":"https:\/\/xstyle.md\/#\/schema\/logo\/image\/"},"sameAs":["https:\/\/www.facebook.com\/xstylemd","https:\/\/www.instagram.com\/xstyle_md\/","https:\/\/t.me\/xstyle_outdoor"],"hasMerchantReturnPolicy":{"@type":"MerchantReturnPolicy","merchantReturnLink":"https:\/\/xstyle.md\/ro\/conditions\/"}}]},"product_price_amount":"5870.00","product_price_currency":"MDL","og_availability":"instock","product_availability":"instock","product_retailer_item_id":"6975399592624","product_condition":"new"},"post_mailing_queue_ids":[],"_links":{"self":[{"href":"https:\/\/xstyle.md\/ro\/wp-json\/wp\/v2\/product\/94947","targetHints":{"allow":["GET"]}}],"collection":[{"href":"https:\/\/xstyle.md\/ro\/wp-json\/wp\/v2\/product"}],"about":[{"href":"https:\/\/xstyle.md\/ro\/wp-json\/wp\/v2\/types\/product"}],"replies":[{"embeddable":true,"href":"https:\/\/xstyle.md\/ro\/wp-json\/wp\/v2\/comments?post=94947"}],"wp:featuredmedia":[{"embeddable":true,"href":"https:\/\/xstyle.md\/ro\/wp-json\/wp\/v2\/media\/95725"}],"wp:attachment":[{"href":"https:\/\/xstyle.md\/ro\/wp-json\/wp\/v2\/media?parent=94947"}],"wp:term":[{"taxonomy":"product_brand","embeddable":true,"href":"https:\/\/xstyle.md\/ro\/wp-json\/wp\/v2\/product_brand?post=94947"},{"taxonomy":"product_cat","embeddable":true,"href":"https:\/\/xstyle.md\/ro\/wp-json\/wp\/v2\/product_cat?post=94947"},{"taxonomy":"product_tag","embeddable":true,"href":"https:\/\/xstyle.md\/ro\/wp-json\/wp\/v2\/product_tag?post=94947"}],"curies":[{"name":"wp","href":"https:\/\/api.w.org\/{rel}","templated":true}]}}