{"id":94925,"date":"2025-06-12T17:49:27","date_gmt":"2025-06-12T14:49:27","guid":{"rendered":"https:\/\/xstyle.md\/?post_type=product&#038;p=94925"},"modified":"2026-02-24T10:32:22","modified_gmt":"2026-02-24T07:32:22","slug":"nozh-crkt-attaboy","status":"publish","type":"product","link":"https:\/\/xstyle.md\/ro\/produs\/nozh-crkt-attaboy\/","title":{"rendered":"Cu\u021bit CRKT Attaboy"},"content":{"rendered":"<p><\/p>\n<p><strong>CRKT Attaboy<\/strong> &#8212; este un cu\u021bit pliabil ultra-compact, c\u00e2nt\u0103rind doar 100 g, conceput pentru sarcini cotidiene (EDC), at\u00e2t \u00een mediul urban, c\u00e2t \u0219i \u00een natur\u0103. Lama fabricat\u0103 din o\u021bel D2 se remarc\u0103 printr-o rezisten\u021b\u0103 ridicat\u0103 la uzur\u0103 \u0219i men\u021bine t\u0103i\u0219ul ascu\u021bit pentru o perioad\u0103 lung\u0103 de timp. Datorit\u0103 flipper-ului \u0219i mecanismului pe rulmen\u021bi IKBS\u2122, cu\u021bitul se deschide rapid \u0219i fluid.<\/p>\n<h3>Particularit\u0103\u021bi<\/h3>\n<ul>\n<li>Mecanism <strong>Deadbolt<\/strong>\u00ae &#8212; sistemul de blocare patentat garanteaz\u0103 o robuste\u021be excep\u021bional\u0103 a construc\u021biei \u0219i o utilizare simpl\u0103.<\/li>\n<li>M\u00e2ner din GRN &#8212; fabricat din nailon armat cu fibr\u0103 de sticl\u0103, m\u00e2nerul combin\u0103 greutatea redus\u0103 cu durabilitatea sporit\u0103.<\/li>\n<li>Clip de buzunar &#8212; clema pentru transport ad\u00e2nc (deep-carry) permite purtarea cu\u021bitului \u00eentr-un mod discret.<\/li>\n<\/ul>\n<h3>Caracteristici<\/h3>\n<ul>\n<li>Tip cu\u021bit &#8212; pliabil<\/li>\n<li>Tip t\u0103i\u0219 &#8212; neted<\/li>\n<li>Tip blocare &#8212; Deadbolt Lock<\/li>\n<li>Lungime total\u0103 &#8212; 16,5 cm<\/li>\n<li>Lungime lam\u0103 &#8212; 7 cm<\/li>\n<li>Material m\u00e2ner &#8212; GRN (Nailon armat cu fibr\u0103 de sticl\u0103)<\/li>\n<li>Duritate o\u021bel &#8212; 58-60 HRC<\/li>\n<li>Marc\u0103 o\u021bel &#8212; D2<\/li>\n<li>Greutate &#8212; 99 g<\/li>\n<\/ul>\n<p><\/p>\n<h3>Marca<\/h3>\n<p>CRKT - este o companie de produc\u021bie a cu\u021bitelor relativ t\u00e2n\u0103r\u0103, care \u0219i-a \u00eenceput activitatea \u00een 1994, dar care a reu\u0219it rapid s\u0103 atrag\u0103 aten\u021bia colec\u021bionarilor \u0219i pasiona\u021bilor din \u00eentreaga lume. \u00cen arsenalul companiei se reg\u0103se\u0219te o gam\u0103 vast\u0103 de cu\u021bite cu destina\u021bii diverse, care se disting nu doar prin calitatea deosebit\u0103, ci \u0219i prin originalitate \u0219i un concept de design propriu. Aproximativ treizeci de designeri cu renume mondial colaboreaz\u0103 cu firma, f\u0103c\u00e2nd produsele CRKT u\u0219or de recunoscut \u00een cercurile largi de utilizatori.<\/p>\n<p>Compania CRKT acord\u0103 o aten\u021bie meticuloas\u0103 calit\u0103\u021bii produselor sale. Tehnologii firmei au reu\u0219it s\u0103 g\u0103seasc\u0103 \u201echeia\u201d optim\u0103 pentru utilizarea diferitelor tipuri de o\u021bel pentru lame. Din acest motiv, cu\u021bitele CRKT men\u021bin un echilibru perfect \u00eentre pre\u021b \u0219i calitate, dep\u0103\u0219indu-\u0219i cu \u00eencredere concuren\u021bii. \u00cen procesul de fabrica\u021bie se utilizeaz\u0103 \u0219tan\u021barea \u0219i t\u0103ierea cu laser pe echipamente de ultim\u0103 genera\u021bie, \u00een timp ce duritatea, tenacitatea o\u021belului \u0219i compozi\u021bia chimic\u0103 (crom, nichel) sunt selectate cu o rigoare deosebit\u0103.<\/p>","protected":false},"excerpt":{"rendered":"<p>\u0411\u0440\u0435\u043d\u0434 CRKT \u2014 \u0434\u043e\u0441\u0442\u0430\u0442\u043e\u0447\u043d\u043e \u043c\u043e\u043b\u043e\u0434\u0430\u044f \u043a\u043e\u043c\u043f\u0430\u043d\u0438\u044f \u043f\u043e \u0438\u0437\u0433\u043e\u0442\u043e\u0432\u043b\u0435\u043d\u0438\u044e \u043d\u043e\u0436\u0435\u0439, \u043a\u043e\u0442\u043e\u0440\u0430\u044f \u043d\u0430\u0447\u0430\u043b\u0430 \u0441\u0432\u043e\u044e \u0434\u0435\u044f\u0442\u0435\u043b\u044c\u043d\u043e\u0441\u0442\u044c \u0441 1994 \u0433\u043e\u0434\u0430, \u043d\u043e \u0441\u0443\u043c\u0435\u0432\u0448\u0430\u044f \u0431\u044b\u0441\u0442\u0440\u043e \u043e\u0431\u0440\u0430\u0442\u0438\u0442\u044c \u043d\u0430 \u0441\u0435\u0431\u044f \u0432\u043d\u0438\u043c\u0430\u043d\u0438\u0435 \u0446\u0435\u043d\u0438\u0442\u0435\u043b\u0435\u0439 \u043d\u043e\u0436\u0435\u0439 \u0432\u043e \u0432\u0441\u0435\u043c \u043c\u0438\u0440\u0435. \u0412 \u0430\u0440\u0441\u0435\u043d\u0430\u043b\u0435 \u043a\u043e\u043c\u043f\u0430\u043d\u0438\u0438 \u043e\u0433\u0440\u043e\u043c\u043d\u044b\u0439 \u0430\u0441\u0441\u043e\u0440\u0442\u0438\u043c\u0435\u043d\u0442 \u043d\u043e\u0436\u0435\u0439 \u0441\u0430\u043c\u043e\u0433\u043e \u0440\u0430\u0437\u043d\u043e\u0433\u043e \u043d\u0430\u0437\u043d\u0430\u0447\u0435\u043d\u0438\u044f, \u043e\u0442\u043b\u0438\u0447\u0430\u044e\u0449\u0438\u0445\u0441\u044f \u043d\u0435 \u0442\u043e\u043b\u044c\u043a\u043e \u043e\u0442\u043c\u0435\u043d\u043d\u044b\u043c \u043a\u0430\u0447\u0435\u0441\u0442\u0432\u043e\u043c, \u043d\u043e \u0438 \u043e\u0440\u0438\u0433\u0438\u043d\u0430\u043b\u044c\u043d\u043e\u0441\u0442\u044c\u044e, \u0444\u0438\u0440\u043c\u0435\u043d\u043d\u043e\u0439 \u043a\u043e\u043d\u0446\u0435\u043f\u0446\u0438\u0435\u0439 \u0434\u0438\u0437\u0430\u0439\u043d\u0430. \u041d\u0430 \u043f\u0440\u0435\u0434\u043f\u0440\u0438\u044f\u0442\u0438\u0438 \u0440\u0430\u0431\u043e\u0442\u0430\u044e\u0442 \u043e\u043a\u043e\u043b\u043e \u0442\u0440\u0438\u0434\u0446\u0430\u0442\u0438 \u0434\u0438\u0437\u0430\u0439\u043d\u0435\u0440\u043e\u0432 \u0441 [&hellip;]<\/p>\n","protected":false},"featured_media":95731,"comment_status":"open","ping_status":"closed","template":"","meta":{"_acf_changed":false,"inline_featured_image":false},"product_brand":[1445],"product_cat":[169],"product_tag":[],"class_list":{"0":"post-94925","1":"product","2":"type-product","3":"status-publish","4":"has-post-thumbnail","6":"product_brand-crkt","7":"product_cat-knives","9":"first","10":"instock","11":"shipping-taxable","12":"purchasable","13":"product-type-simple"},"acf":[],"yoast_head":"<!-- This site is optimized with the Yoast SEO plugin v27.4 - https:\/\/yoast.com\/product\/yoast-seo-wordpress\/ -->\n<title>\u041d\u043e\u0436 CRKT Attaboy - \u041c\u0430\u0433\u0430\u0437\u0438\u043d Xstyle<\/title>\n<meta name=\"robots\" content=\"index, follow, max-snippet:-1, max-image-preview:large, max-video-preview:-1\" \/>\n<link rel=\"canonical\" href=\"https:\/\/xstyle.md\/ro\/produs\/nozh-crkt-attaboy\/\" \/>\n<meta property=\"og:locale\" content=\"ro_RO\" \/>\n<meta property=\"og:type\" content=\"article\" \/>\n<meta property=\"og:title\" content=\"\u041d\u043e\u0436 CRKT Attaboy - \u041c\u0430\u0433\u0430\u0437\u0438\u043d Xstyle\" \/>\n<meta property=\"og:description\" content=\"\u0411\u0440\u0435\u043d\u0434 CRKT \u2014 \u0434\u043e\u0441\u0442\u0430\u0442\u043e\u0447\u043d\u043e \u043c\u043e\u043b\u043e\u0434\u0430\u044f \u043a\u043e\u043c\u043f\u0430\u043d\u0438\u044f \u043f\u043e \u0438\u0437\u0433\u043e\u0442\u043e\u0432\u043b\u0435\u043d\u0438\u044e \u043d\u043e\u0436\u0435\u0439, \u043a\u043e\u0442\u043e\u0440\u0430\u044f \u043d\u0430\u0447\u0430\u043b\u0430 \u0441\u0432\u043e\u044e \u0434\u0435\u044f\u0442\u0435\u043b\u044c\u043d\u043e\u0441\u0442\u044c \u0441 1994 \u0433\u043e\u0434\u0430, \u043d\u043e \u0441\u0443\u043c\u0435\u0432\u0448\u0430\u044f \u0431\u044b\u0441\u0442\u0440\u043e \u043e\u0431\u0440\u0430\u0442\u0438\u0442\u044c \u043d\u0430 \u0441\u0435\u0431\u044f \u0432\u043d\u0438\u043c\u0430\u043d\u0438\u0435 \u0446\u0435\u043d\u0438\u0442\u0435\u043b\u0435\u0439 \u043d\u043e\u0436\u0435\u0439 \u0432\u043e \u0432\u0441\u0435\u043c \u043c\u0438\u0440\u0435. \u0412 \u0430\u0440\u0441\u0435\u043d\u0430\u043b\u0435 \u043a\u043e\u043c\u043f\u0430\u043d\u0438\u0438 \u043e\u0433\u0440\u043e\u043c\u043d\u044b\u0439 \u0430\u0441\u0441\u043e\u0440\u0442\u0438\u043c\u0435\u043d\u0442 \u043d\u043e\u0436\u0435\u0439 \u0441\u0430\u043c\u043e\u0433\u043e \u0440\u0430\u0437\u043d\u043e\u0433\u043e \u043d\u0430\u0437\u043d\u0430\u0447\u0435\u043d\u0438\u044f, \u043e\u0442\u043b\u0438\u0447\u0430\u044e\u0449\u0438\u0445\u0441\u044f \u043d\u0435 \u0442\u043e\u043b\u044c\u043a\u043e \u043e\u0442\u043c\u0435\u043d\u043d\u044b\u043c \u043a\u0430\u0447\u0435\u0441\u0442\u0432\u043e\u043c, \u043d\u043e \u0438 \u043e\u0440\u0438\u0433\u0438\u043d\u0430\u043b\u044c\u043d\u043e\u0441\u0442\u044c\u044e, \u0444\u0438\u0440\u043c\u0435\u043d\u043d\u043e\u0439 \u043a\u043e\u043d\u0446\u0435\u043f\u0446\u0438\u0435\u0439 \u0434\u0438\u0437\u0430\u0439\u043d\u0430. \u041d\u0430 \u043f\u0440\u0435\u0434\u043f\u0440\u0438\u044f\u0442\u0438\u0438 \u0440\u0430\u0431\u043e\u0442\u0430\u044e\u0442 \u043e\u043a\u043e\u043b\u043e \u0442\u0440\u0438\u0434\u0446\u0430\u0442\u0438 \u0434\u0438\u0437\u0430\u0439\u043d\u0435\u0440\u043e\u0432 \u0441 [&hellip;]\" \/>\n<meta property=\"og:url\" content=\"https:\/\/xstyle.md\/ro\/produs\/nozh-crkt-attaboy\/\" \/>\n<meta property=\"og:site_name\" content=\"\u041c\u0430\u0433\u0430\u0437\u0438\u043d Xstyle\" \/>\n<meta property=\"article:publisher\" content=\"https:\/\/www.facebook.com\/xstylemd\" \/>\n<meta property=\"article:modified_time\" content=\"2026-02-24T07:32:22+00:00\" \/>\n<meta property=\"og:image\" content=\"https:\/\/xstyle.md\/wp-content\/uploads\/2025\/06\/crkt-attaboy.webp\" \/>\n\t<meta property=\"og:image:width\" content=\"1000\" \/>\n\t<meta property=\"og:image:height\" content=\"1000\" \/>\n\t<meta property=\"og:image:type\" content=\"image\/webp\" \/>\n<meta name=\"twitter:card\" content=\"summary_large_image\" \/>\n<meta name=\"twitter:label1\" content=\"Pre\u021b\" \/>\n\t<meta name=\"twitter:data1\" content=\"3.180&nbsp;MDL\" \/>\n\t<meta name=\"twitter:label2\" content=\"Disponibilitate\" \/>\n\t<meta name=\"twitter:data2\" content=\"\u00cen stoc\" \/>\n<script type=\"application\/ld+json\" class=\"yoast-schema-graph\">{\"@context\":\"https:\\\/\\\/schema.org\",\"@graph\":[{\"@type\":\"WebPage\",\"@id\":\"https:\\\/\\\/xstyle.md\\\/product\\\/nozh-crkt-attaboy\\\/\",\"url\":\"https:\\\/\\\/xstyle.md\\\/product\\\/nozh-crkt-attaboy\\\/\",\"name\":\"\u041d\u043e\u0436 CRKT Attaboy - \u041c\u0430\u0433\u0430\u0437\u0438\u043d Xstyle\",\"isPartOf\":{\"@id\":\"https:\\\/\\\/xstyle.md\\\/#website\"},\"primaryImageOfPage\":{\"@id\":\"https:\\\/\\\/xstyle.md\\\/product\\\/nozh-crkt-attaboy\\\/#primaryimage\"},\"image\":{\"@id\":\"https:\\\/\\\/xstyle.md\\\/product\\\/nozh-crkt-attaboy\\\/#primaryimage\"},\"thumbnailUrl\":\"https:\\\/\\\/xstyle.md\\\/wp-content\\\/uploads\\\/2025\\\/06\\\/crkt-attaboy.webp\",\"datePublished\":\"2025-06-12T14:49:27+00:00\",\"dateModified\":\"2026-02-24T07:32:22+00:00\",\"breadcrumb\":{\"@id\":\"https:\\\/\\\/xstyle.md\\\/product\\\/nozh-crkt-attaboy\\\/#breadcrumb\"},\"inLanguage\":\"ro-RO\",\"potentialAction\":[{\"@type\":\"ReadAction\",\"target\":[\"https:\\\/\\\/xstyle.md\\\/product\\\/nozh-crkt-attaboy\\\/\"]}]},{\"@type\":\"ImageObject\",\"inLanguage\":\"ro-RO\",\"@id\":\"https:\\\/\\\/xstyle.md\\\/product\\\/nozh-crkt-attaboy\\\/#primaryimage\",\"url\":\"https:\\\/\\\/xstyle.md\\\/wp-content\\\/uploads\\\/2025\\\/06\\\/crkt-attaboy.webp\",\"contentUrl\":\"https:\\\/\\\/xstyle.md\\\/wp-content\\\/uploads\\\/2025\\\/06\\\/crkt-attaboy.webp\",\"width\":1000,\"height\":1000,\"caption\":\"\u041c\u0438\u043d\u0438\u0430\u0442\u044e\u0440\u043d\u044b\u0439 \u043d\u043e\u0436 CRKT Attaboy \u0434\u043b\u044f \u0430\u043a\u0442\u0438\u0432\u043d\u043e\u0433\u043e \u043e\u0442\u0434\u044b\u0445\u0430 \u0438 \u043f\u0443\u0442\u0435\u0448\u0435\u0441\u0442\u0432\u0438\u0439, \u043f\u043e\u0434\u0445\u043e\u0434\u044f\u0449\u0438\u0439 \u0434\u043b\u044f \u043a\u0435\u043c\u043f\u0438\u043d\u0433\u0430, \u0445\u0430\u0439\u043a\u0438\u043d\u0433\u0430 \u0438 \u0442\u0443\u0440\u0438\u0441\u0442\u0438\u0447\u0435\u0441\u043a\u043e\u0439 \u044d\u043a\u0438\u043f\u0438\u0440\u043e\u0432\u043a\u0438, \u043a\u0443\u043f\u0438\u0442\u044c \u0432 \u043e\u043d\u043b\u0430\u0439\u043d \u043c\u0430\u0433\u0430\u0437\u0438\u043d\u0435 \u044d\u043a\u0438\u043f\u0438\u0440\u043e\u0432\u043a\u0438 \u0434\u043b\u044f \u0430\u043a\u0442\u0438\u0432\u043d\u043e\u0439 \u0436\u0438\u0437\u043d\u0438\"},{\"@type\":\"BreadcrumbList\",\"@id\":\"https:\\\/\\\/xstyle.md\\\/product\\\/nozh-crkt-attaboy\\\/#breadcrumb\",\"itemListElement\":[{\"@type\":\"ListItem\",\"position\":1,\"name\":\"\u0413\u043b\u0430\u0432\u043d\u0430\u044f \u0441\u0442\u0440\u0430\u043d\u0438\u0446\u0430\",\"item\":\"https:\\\/\\\/xstyle.md\\\/\"},{\"@type\":\"ListItem\",\"position\":2,\"name\":\"\u041c\u0430\u0433\u0430\u0437\u0438\u043d\",\"item\":\"https:\\\/\\\/xstyle.md\\\/shop\\\/\"},{\"@type\":\"ListItem\",\"position\":3,\"name\":\"\u041d\u043e\u0436 CRKT Attaboy\"}]},{\"@type\":\"WebSite\",\"@id\":\"https:\\\/\\\/xstyle.md\\\/#website\",\"url\":\"https:\\\/\\\/xstyle.md\\\/\",\"name\":\"\u041c\u0430\u0433\u0430\u0437\u0438\u043d Xstyle\",\"description\":\"C\u043d\u0430\u0440\u044f\u0436\u0435\u043d\u0438\u0435 \u0434\u043b\u044f \u0442\u0443\u0440\u0438\u0437\u043c\u0430 \u0438 \u044d\u043a\u0441\u0442\u0440\u0435\u043c\u0430\u043b\u044c\u043d\u044b\u0445 \u0432\u0438\u0434\u043e\u0432 \u0441\u043f\u043e\u0440\u0442\u0430 \u0432 \u041c\u043e\u043b\u0434\u043e\u0432\u0435.. \u0426\u0435\u043d\u044b, \u0444\u043e\u0442\u043e, \u0445\u0430\u0440\u0430\u043a\u0442\u0435\u0440\u0438\u0441\u0442\u0438\u043a\u0438 \u0432 \u041c\u043e\u043b\u0434\u043e\u0432\u0435.\",\"publisher\":{\"@id\":\"https:\\\/\\\/xstyle.md\\\/#organization\"},\"alternateName\":\"X-Style\",\"potentialAction\":[{\"@type\":\"SearchAction\",\"target\":{\"@type\":\"EntryPoint\",\"urlTemplate\":\"https:\\\/\\\/xstyle.md\\\/?s={search_term_string}\"},\"query-input\":{\"@type\":\"PropertyValueSpecification\",\"valueRequired\":true,\"valueName\":\"search_term_string\"}}],\"inLanguage\":\"ro-RO\"},{\"@type\":\"Organization\",\"@id\":\"https:\\\/\\\/xstyle.md\\\/#organization\",\"name\":\"\u041c\u0430\u0433\u0430\u0437\u0438\u043d Xstyle\",\"alternateName\":\"x-style\",\"url\":\"https:\\\/\\\/xstyle.md\\\/\",\"logo\":{\"@type\":\"ImageObject\",\"inLanguage\":\"ro-RO\",\"@id\":\"https:\\\/\\\/xstyle.md\\\/#\\\/schema\\\/logo\\\/image\\\/\",\"url\":\"https:\\\/\\\/xstyle.md\\\/wp-content\\\/uploads\\\/2020\\\/06\\\/logoicon.svg\",\"contentUrl\":\"https:\\\/\\\/xstyle.md\\\/wp-content\\\/uploads\\\/2020\\\/06\\\/logoicon.svg\",\"caption\":\"\u041c\u0430\u0433\u0430\u0437\u0438\u043d Xstyle\"},\"image\":{\"@id\":\"https:\\\/\\\/xstyle.md\\\/#\\\/schema\\\/logo\\\/image\\\/\"},\"sameAs\":[\"https:\\\/\\\/www.facebook.com\\\/xstylemd\",\"https:\\\/\\\/www.instagram.com\\\/xstyle_md\\\/\",\"https:\\\/\\\/t.me\\\/xstyle_outdoor\"],\"hasMerchantReturnPolicy\":{\"@type\":\"MerchantReturnPolicy\",\"merchantReturnLink\":\"https:\\\/\\\/xstyle.md\\\/ro\\\/conditions\\\/\"}}]}<\/script>\n<meta property=\"product:price:amount\" content=\"3180.00\" \/>\n<meta property=\"product:price:currency\" content=\"MDL\" \/>\n<meta property=\"og:availability\" content=\"instock\" \/>\n<meta property=\"product:availability\" content=\"instock\" \/>\n<meta property=\"product:retailer_item_id\" content=\"794023541007\" \/>\n<meta property=\"product:condition\" content=\"new\" \/>\n<!-- \/ Yoast SEO plugin. -->","yoast_head_json":{"title":"\u041d\u043e\u0436 CRKT Attaboy - \u041c\u0430\u0433\u0430\u0437\u0438\u043d Xstyle","robots":{"index":"index","follow":"follow","max-snippet":"max-snippet:-1","max-image-preview":"max-image-preview:large","max-video-preview":"max-video-preview:-1"},"canonical":"https:\/\/xstyle.md\/ro\/produs\/nozh-crkt-attaboy\/","og_locale":"ro_RO","og_type":"article","og_title":"\u041d\u043e\u0436 CRKT Attaboy - \u041c\u0430\u0433\u0430\u0437\u0438\u043d Xstyle","og_description":"\u0411\u0440\u0435\u043d\u0434 CRKT \u2014 \u0434\u043e\u0441\u0442\u0430\u0442\u043e\u0447\u043d\u043e \u043c\u043e\u043b\u043e\u0434\u0430\u044f \u043a\u043e\u043c\u043f\u0430\u043d\u0438\u044f \u043f\u043e \u0438\u0437\u0433\u043e\u0442\u043e\u0432\u043b\u0435\u043d\u0438\u044e \u043d\u043e\u0436\u0435\u0439, \u043a\u043e\u0442\u043e\u0440\u0430\u044f \u043d\u0430\u0447\u0430\u043b\u0430 \u0441\u0432\u043e\u044e \u0434\u0435\u044f\u0442\u0435\u043b\u044c\u043d\u043e\u0441\u0442\u044c \u0441 1994 \u0433\u043e\u0434\u0430, \u043d\u043e \u0441\u0443\u043c\u0435\u0432\u0448\u0430\u044f \u0431\u044b\u0441\u0442\u0440\u043e \u043e\u0431\u0440\u0430\u0442\u0438\u0442\u044c \u043d\u0430 \u0441\u0435\u0431\u044f \u0432\u043d\u0438\u043c\u0430\u043d\u0438\u0435 \u0446\u0435\u043d\u0438\u0442\u0435\u043b\u0435\u0439 \u043d\u043e\u0436\u0435\u0439 \u0432\u043e \u0432\u0441\u0435\u043c \u043c\u0438\u0440\u0435. \u0412 \u0430\u0440\u0441\u0435\u043d\u0430\u043b\u0435 \u043a\u043e\u043c\u043f\u0430\u043d\u0438\u0438 \u043e\u0433\u0440\u043e\u043c\u043d\u044b\u0439 \u0430\u0441\u0441\u043e\u0440\u0442\u0438\u043c\u0435\u043d\u0442 \u043d\u043e\u0436\u0435\u0439 \u0441\u0430\u043c\u043e\u0433\u043e \u0440\u0430\u0437\u043d\u043e\u0433\u043e \u043d\u0430\u0437\u043d\u0430\u0447\u0435\u043d\u0438\u044f, \u043e\u0442\u043b\u0438\u0447\u0430\u044e\u0449\u0438\u0445\u0441\u044f \u043d\u0435 \u0442\u043e\u043b\u044c\u043a\u043e \u043e\u0442\u043c\u0435\u043d\u043d\u044b\u043c \u043a\u0430\u0447\u0435\u0441\u0442\u0432\u043e\u043c, \u043d\u043e \u0438 \u043e\u0440\u0438\u0433\u0438\u043d\u0430\u043b\u044c\u043d\u043e\u0441\u0442\u044c\u044e, \u0444\u0438\u0440\u043c\u0435\u043d\u043d\u043e\u0439 \u043a\u043e\u043d\u0446\u0435\u043f\u0446\u0438\u0435\u0439 \u0434\u0438\u0437\u0430\u0439\u043d\u0430. \u041d\u0430 \u043f\u0440\u0435\u0434\u043f\u0440\u0438\u044f\u0442\u0438\u0438 \u0440\u0430\u0431\u043e\u0442\u0430\u044e\u0442 \u043e\u043a\u043e\u043b\u043e \u0442\u0440\u0438\u0434\u0446\u0430\u0442\u0438 \u0434\u0438\u0437\u0430\u0439\u043d\u0435\u0440\u043e\u0432 \u0441 [&hellip;]","og_url":"https:\/\/xstyle.md\/ro\/produs\/nozh-crkt-attaboy\/","og_site_name":"\u041c\u0430\u0433\u0430\u0437\u0438\u043d Xstyle","article_publisher":"https:\/\/www.facebook.com\/xstylemd","article_modified_time":"2026-02-24T07:32:22+00:00","og_image":[{"width":1000,"height":1000,"url":"https:\/\/xstyle.md\/wp-content\/uploads\/2025\/06\/crkt-attaboy.webp","type":"image\/webp"}],"twitter_card":"summary_large_image","twitter_misc":{"Pre\u021b":"3.180&nbsp;MDL","Disponibilitate":"\u00cen stoc"},"schema":{"@context":"https:\/\/schema.org","@graph":[{"@type":"WebPage","@id":"https:\/\/xstyle.md\/product\/nozh-crkt-attaboy\/","url":"https:\/\/xstyle.md\/product\/nozh-crkt-attaboy\/","name":"\u041d\u043e\u0436 CRKT Attaboy - \u041c\u0430\u0433\u0430\u0437\u0438\u043d Xstyle","isPartOf":{"@id":"https:\/\/xstyle.md\/#website"},"primaryImageOfPage":{"@id":"https:\/\/xstyle.md\/product\/nozh-crkt-attaboy\/#primaryimage"},"image":{"@id":"https:\/\/xstyle.md\/product\/nozh-crkt-attaboy\/#primaryimage"},"thumbnailUrl":"https:\/\/xstyle.md\/wp-content\/uploads\/2025\/06\/crkt-attaboy.webp","datePublished":"2025-06-12T14:49:27+00:00","dateModified":"2026-02-24T07:32:22+00:00","breadcrumb":{"@id":"https:\/\/xstyle.md\/product\/nozh-crkt-attaboy\/#breadcrumb"},"inLanguage":"ro-RO","potentialAction":[{"@type":"ReadAction","target":["https:\/\/xstyle.md\/product\/nozh-crkt-attaboy\/"]}]},{"@type":"ImageObject","inLanguage":"ro-RO","@id":"https:\/\/xstyle.md\/product\/nozh-crkt-attaboy\/#primaryimage","url":"https:\/\/xstyle.md\/wp-content\/uploads\/2025\/06\/crkt-attaboy.webp","contentUrl":"https:\/\/xstyle.md\/wp-content\/uploads\/2025\/06\/crkt-attaboy.webp","width":1000,"height":1000,"caption":"\u041c\u0438\u043d\u0438\u0430\u0442\u044e\u0440\u043d\u044b\u0439 \u043d\u043e\u0436 CRKT Attaboy \u0434\u043b\u044f \u0430\u043a\u0442\u0438\u0432\u043d\u043e\u0433\u043e \u043e\u0442\u0434\u044b\u0445\u0430 \u0438 \u043f\u0443\u0442\u0435\u0448\u0435\u0441\u0442\u0432\u0438\u0439, \u043f\u043e\u0434\u0445\u043e\u0434\u044f\u0449\u0438\u0439 \u0434\u043b\u044f \u043a\u0435\u043c\u043f\u0438\u043d\u0433\u0430, \u0445\u0430\u0439\u043a\u0438\u043d\u0433\u0430 \u0438 \u0442\u0443\u0440\u0438\u0441\u0442\u0438\u0447\u0435\u0441\u043a\u043e\u0439 \u044d\u043a\u0438\u043f\u0438\u0440\u043e\u0432\u043a\u0438, \u043a\u0443\u043f\u0438\u0442\u044c \u0432 \u043e\u043d\u043b\u0430\u0439\u043d \u043c\u0430\u0433\u0430\u0437\u0438\u043d\u0435 \u044d\u043a\u0438\u043f\u0438\u0440\u043e\u0432\u043a\u0438 \u0434\u043b\u044f \u0430\u043a\u0442\u0438\u0432\u043d\u043e\u0439 \u0436\u0438\u0437\u043d\u0438"},{"@type":"BreadcrumbList","@id":"https:\/\/xstyle.md\/product\/nozh-crkt-attaboy\/#breadcrumb","itemListElement":[{"@type":"ListItem","position":1,"name":"\u0413\u043b\u0430\u0432\u043d\u0430\u044f \u0441\u0442\u0440\u0430\u043d\u0438\u0446\u0430","item":"https:\/\/xstyle.md\/"},{"@type":"ListItem","position":2,"name":"\u041c\u0430\u0433\u0430\u0437\u0438\u043d","item":"https:\/\/xstyle.md\/shop\/"},{"@type":"ListItem","position":3,"name":"\u041d\u043e\u0436 CRKT Attaboy"}]},{"@type":"WebSite","@id":"https:\/\/xstyle.md\/#website","url":"https:\/\/xstyle.md\/","name":"Magazinul X-Style","description":"Echipamente pentru turism \u0219i sporturi extreme \u00een Moldova. Pre\u021buri, fotografii, caracteristici \u00een Moldova.","publisher":{"@id":"https:\/\/xstyle.md\/#organization"},"alternateName":"X-Style","potentialAction":[{"@type":"SearchAction","target":{"@type":"EntryPoint","urlTemplate":"https:\/\/xstyle.md\/?s={search_term_string}"},"query-input":{"@type":"PropertyValueSpecification","valueRequired":true,"valueName":"search_term_string"}}],"inLanguage":"ro-RO"},{"@type":"Organization","@id":"https:\/\/xstyle.md\/#organization","name":"Magazinul X-Style","alternateName":"x-style","url":"https:\/\/xstyle.md\/","logo":{"@type":"ImageObject","inLanguage":"ro-RO","@id":"https:\/\/xstyle.md\/#\/schema\/logo\/image\/","url":"https:\/\/xstyle.md\/wp-content\/uploads\/2020\/06\/logoicon.svg","contentUrl":"https:\/\/xstyle.md\/wp-content\/uploads\/2020\/06\/logoicon.svg","caption":"\u041c\u0430\u0433\u0430\u0437\u0438\u043d Xstyle"},"image":{"@id":"https:\/\/xstyle.md\/#\/schema\/logo\/image\/"},"sameAs":["https:\/\/www.facebook.com\/xstylemd","https:\/\/www.instagram.com\/xstyle_md\/","https:\/\/t.me\/xstyle_outdoor"],"hasMerchantReturnPolicy":{"@type":"MerchantReturnPolicy","merchantReturnLink":"https:\/\/xstyle.md\/ro\/conditions\/"}}]},"product_price_amount":"3180.00","product_price_currency":"MDL","og_availability":"instock","product_availability":"instock","product_retailer_item_id":"794023541007","product_condition":"new"},"_links":{"self":[{"href":"https:\/\/xstyle.md\/ro\/wp-json\/wp\/v2\/product\/94925","targetHints":{"allow":["GET"]}}],"collection":[{"href":"https:\/\/xstyle.md\/ro\/wp-json\/wp\/v2\/product"}],"about":[{"href":"https:\/\/xstyle.md\/ro\/wp-json\/wp\/v2\/types\/product"}],"replies":[{"embeddable":true,"href":"https:\/\/xstyle.md\/ro\/wp-json\/wp\/v2\/comments?post=94925"}],"wp:featuredmedia":[{"embeddable":true,"href":"https:\/\/xstyle.md\/ro\/wp-json\/wp\/v2\/media\/95731"}],"wp:attachment":[{"href":"https:\/\/xstyle.md\/ro\/wp-json\/wp\/v2\/media?parent=94925"}],"wp:term":[{"taxonomy":"product_brand","embeddable":true,"href":"https:\/\/xstyle.md\/ro\/wp-json\/wp\/v2\/product_brand?post=94925"},{"taxonomy":"product_cat","embeddable":true,"href":"https:\/\/xstyle.md\/ro\/wp-json\/wp\/v2\/product_cat?post=94925"},{"taxonomy":"product_tag","embeddable":true,"href":"https:\/\/xstyle.md\/ro\/wp-json\/wp\/v2\/product_tag?post=94925"}],"curies":[{"name":"wp","href":"https:\/\/api.w.org\/{rel}","templated":true}]}}