{"id":94779,"date":"2025-06-12T17:48:39","date_gmt":"2025-06-12T14:48:39","guid":{"rendered":"https:\/\/xstyle.md\/?post_type=product&#038;p=94779"},"modified":"2026-03-19T17:34:44","modified_gmt":"2026-03-19T14:34:44","slug":"povyazka-na-lob-buff-coolnet-wide-logo-multi","status":"publish","type":"product","link":"https:\/\/xstyle.md\/ro\/produs\/povyazka-na-lob-buff-coolnet-wide-logo-multi\/","title":{"rendered":"Buff Buff Coolnet Wide Logo Multi"},"content":{"rendered":"<p><\/p>\n<p><strong>Buff Coolnet Wide Logo Multi<\/strong>\u00a0\u2014 banda de cap larg\u0103 este conceput\u0103 pentru antrenamentele de alergare pe vreme rece \u0219i cald\u0103. Este confec\u021bionat\u0103 din \u021bes\u0103tur\u0103 ultrau\u0219oar\u0103, avansat\u0103 din punct de vedere tehnologic, care absoarbe \u0219i evapor\u0103 eficient umezeala \u0219i are un efect de r\u0103cire pentru a v\u0103 men\u021bine confortabil \u0219i uscat. Tehnologia CoolNet\u00ae UV+ func\u021bioneaz\u0103 eficient chiar \u0219i la antrenamente de intensitate ridicat\u0103, \u00een timp ce construc\u021bia f\u0103r\u0103 cus\u0103turi \u0219i gradul ridicat de elasticitate creeaz\u0103 o potrivire confortabil\u0103 \u0219i stabil\u0103 pe cap.<\/p>\n<h3>Particularit\u0103\u021bi<\/h3>\n<ul>\n<li>Modul de \u021besere \u0219i forma fibrelor confer\u0103 \u021bes\u0103turii propriet\u0103\u021bi capilare sporite, ceea ce \u00eei permite s\u0103 absoarb\u0103 excesul de umiditate (\u00een contact cu pielea umed\u0103), s\u0103 o transfere \u00een stratul exterior al \u021bes\u0103turii \u0219i s\u0103 se evapore rapid.<\/li>\n<li>\u021aes\u0103tura Coolnet UV+ este extrem de u\u0219oar\u0103 (cu 20% mai u\u0219oar\u0103 dec\u00e2t Buff Original clasic) \u0219i foarte elastic\u0103.<\/li>\n<li>Ultra Stretch \u2014 \u021aes\u0103tura extrem de elastic\u0103 se \u00eentinde \u00een toate cele patru direc\u021bii pentru a oferi o potrivire confortabil\u0103 \u0219i confortabil\u0103.<\/li>\n<li>\u021aes\u0103tura UPF 50 are un grad ridicat de protec\u021bie UV, bloc\u00e2nd p\u00e2n\u0103 la 98% din radia\u021bii.<\/li>\n<li>Fabricare ecologic\u0103 \u2014 \u021bes\u0103tura de \u00eenalt\u0103 tehnologie este \u021besut\u0103 din fibre de poliester create din sticle de plastic reciclate.<\/li>\n<li>Cus\u0103turile filetate folosite pentru \u00eembinarea \u021bes\u0103turii cu ajutorul tehnologiei de lipire asigur\u0103 o potrivire optim\u0103, prevenind irita\u021biile.<\/li>\n<li>Polygiene\u00ae, o tehnologie care utilizeaz\u0103 particule de argint pentru a contracara dezvoltarea germenilor \u0219i a preveni mirosurile nepl\u0103cute, nu \u00ee\u0219i pierde propriet\u0103\u021bile dup\u0103 sp\u0103lare \u0219i p\u0103streaz\u0103 aspectul proasp\u0103t pentru mai mult timp.<\/li>\n<\/ul>\n<h3>Caracteristici<\/h3>\n<ul>\n<li>Material \u2014 95% poliester, 5% elastan<\/li>\n<li>Sezon \u2014 prim\u0103var\u0103\/var\u0103\/toamn\u0103<\/li>\n<li>Model \u2014 unisex<\/li>\n<\/ul>\n<h3>Tehnologie<\/h3>\n<ul>\n<li><strong>Coolnet UV+<\/strong>\u00a0este un material pe baz\u0103 de fibre de poliester reciclate. Modul de \u021besere \u0219i forma fibrelor \u00een sine confer\u0103 \u021bes\u0103turii propriet\u0103\u021bi capilare sporite, ceea ce \u00eei permite s\u0103 absoarb\u0103 excesul de umiditate (\u00een contact cu pielea umed\u0103), s\u0103 o transfere \u00een stratul exterior al \u021bes\u0103turii \u0219i s\u0103 se evapore rapid. \u021aes\u0103tura Coolnet UV+ este, de asemenea, extrem de u\u0219oar\u0103 (cu 20% mai u\u0219oar\u0103 dec\u00e2t Buff Original clasic), flexibil\u0103 \u0219i cu propriet\u0103\u021bi excelente de protec\u021bie solar\u0103 UPF 50+.<\/li>\n<li><strong>Ultrastretch<\/strong>\u00a0\u2014 este o \u021bes\u0103tur\u0103 elastic\u0103 care se \u00eentinde uniform \u00een toate direc\u021biile datorit\u0103 adaosului de elastan. Principalele avantaje ale acestui material sunt higroscopicitatea, respirabilitatea, hipoalergenicitatea \u0219i conductivitatea termic\u0103.<\/li>\n<li><strong>Polygiene<\/strong>\u00a0(Tehnologie natural\u0103 cu sare de argint) \u2014 este o tehnologie care previne mirosurile nepl\u0103cute. Este o tehnologie activ\u0103 de control al mirosurilor datorit\u0103 firelor de argint naturale, care au propriet\u0103\u021bi antibacteriene. F\u0103r\u0103 r\u0103sp\u00e2ndire bacterian\u0103, nu trebuie s\u0103 v\u0103 face\u021bi griji cu privire la mirosurile nepl\u0103cute. Aceast\u0103 proprietate a materialului se p\u0103streaz\u0103 \u0219i dup\u0103 multe sp\u0103l\u0103ri.<\/li>\n<li><strong>Protec\u021bie UV ridicat\u0103<\/strong>\u00a0\u2014 este un articol de \u00eembr\u0103c\u0103minte special conceput pentru protec\u021bia \u00eempotriva razelor UV, reduc\u00e2nd efectele negative ale acestora asupra corpului.<\/li>\n<\/ul>\n<p><\/p>\n<h3>Marca<\/h3>\n<p>BUFF\u00ae este un brand spaniol a c\u0103rui istorie a \u00eenceput \u00een 1992, c\u00e2nd Joan Rojas, pasionat de motociclete \u0219i proprietar al unei fabrici de textile catalane, a venit cu ideea unui accesoriu simplu care s\u0103 protejeze g\u00e2tul \u0219i capul de v\u00e2ntul, frigul \u0219i soarele arz\u0103tor pentru a face mai confortabil\u0103 c\u0103l\u0103toria pe motociclet\u0103.<\/p>\n<p>Lui Rojas i-a pl\u0103cut ideea unei e\u0219arfe militare multifunc\u021bionale, care s\u0103 poat\u0103 fi transformat\u0103 \u00een masc\u0103, c\u0103p\u0103t\u00e2i sau e\u0219arf\u0103. Experimentarea \u00een fabrica de textile a familiei sale cu diferite materiale \u0219i forme t\u0103iate a culminat cu g\u0103sirea de c\u0103tre Rojas a unei modalit\u0103\u021bi de a produce o e\u0219arf\u0103 cilindric\u0103 f\u0103r\u0103 cus\u0103turi din microfibr\u0103. Dup\u0103 ce prototipurile au fost testate de rudele, prietenii \u0219i cuno\u0219tin\u021bele sportivilor lui Rojas, \u00een 1992 a fost lansat\u0103 prima colec\u021bie de bandane f\u0103r\u0103 cus\u0103turi sub sigla BUFF\u00ae.<\/p>\n<p>\u00cen 2017, BUFF\u00ae \u0219i-a extins considerabil gama de modele, produc\u00e2nd nu numai bandane, ci \u0219i alte articole de acoperit capul, at\u00e2t pentru sport, c\u00e2t \u0219i pentru via\u021ba de zi cu zi.<\/p>","protected":false},"excerpt":{"rendered":"<p>\u0411\u0440\u0435\u043d\u0434 BUFF\u00ae \u2013 \u0438\u0441\u043f\u0430\u043d\u0441\u043a\u0438\u0439 \u0431\u0440\u0435\u043d\u0434, \u0438\u0441\u0442\u043e\u0440\u0438\u044f \u043a\u043e\u0442\u043e\u0440\u043e\u0433\u043e \u043d\u0430\u0447\u0430\u043b\u0430\u0441\u044c \u0432 1992 \u0433\u043e\u0434\u0443, \u043a\u043e\u0433\u0434\u0430 \u0432\u043b\u0430\u0434\u0435\u043b\u0435\u0446 \u043e\u0434\u043d\u043e\u0439 \u0438\u0437 \u043a\u0430\u0442\u0430\u043b\u043e\u043d\u0441\u043a\u0438\u0445 \u0442\u0435\u043a\u0441\u0442\u0438\u043b\u044c\u043d\u044b\u0445 \u0444\u0430\u0431\u0440\u0438\u043a, \u0425\u0443\u0430\u043d \u0420\u043e\u0445\u0430\u0441 (Joan Rojas), \u0443\u0432\u043b\u0435\u043a\u0430\u044e\u0449\u0438\u0439\u0441\u044f \u043c\u043e\u0442\u043e\u0441\u043f\u043e\u0440\u0442\u043e\u043c, \u043f\u0440\u0438\u0448\u0435\u043b \u043a \u0442\u043e\u043c\u0443, \u0447\u0442\u043e \u0434\u043b\u044f \u0431\u043e\u043b\u0435\u0435 \u043a\u043e\u043c\u0444\u043e\u0440\u0442\u043d\u043e\u0433\u043e \u043a\u0430\u0442\u0430\u043d\u0438\u044f \u043d\u0430 \u043c\u043e\u0442\u043e\u0446\u0438\u043a\u043b\u0435 \u043d\u0435\u043e\u0431\u0445\u043e\u0434\u0438\u043c \u043f\u0440\u043e\u0441\u0442\u043e\u0439 \u0430\u043a\u0441\u0435\u0441\u0441\u0443\u0430\u0440, \u0437\u0430\u0449\u0438\u0449\u0430\u044e\u0449\u0435\u0439 \u0448\u0435\u044e \u0438 \u0433\u043e\u043b\u043e\u0432\u0443 \u043e\u0442 \u0432\u0441\u0442\u0440\u0435\u0447\u043d\u043e\u0433\u043e \u0432\u0435\u0442\u0440\u0430, \u0445\u043e\u043b\u043e\u0434\u0430 \u0438 \u043f\u0430\u043b\u044f\u0449\u0435\u0433\u043e \u0441\u043e\u043b\u043d\u0446\u0430. \u0420\u043e\u0445\u0430\u0441\u0443 \u043f\u043e\u043d\u0440\u0430\u0432\u0438\u043b\u0430\u0441\u044c \u0438\u0434\u0435\u044f \u043c\u043d\u043e\u0433\u043e\u0444\u0443\u043d\u043a\u0446\u0438\u043e\u043d\u0430\u043b\u044c\u043d\u043e\u0433\u043e \u0432\u043e\u0435\u043d\u043d\u043e\u0433\u043e \u043f\u043b\u0430\u0442\u043a\u0430, \u043a\u043e\u0442\u043e\u0440\u044b\u0439 [&hellip;]<\/p>\n","protected":false},"featured_media":95338,"comment_status":"open","ping_status":"closed","template":"","meta":{"_acf_changed":false,"inline_featured_image":false},"product_brand":[1302],"product_cat":[487],"product_tag":[],"class_list":{"0":"post-94779","1":"product","2":"type-product","3":"status-publish","4":"has-post-thumbnail","6":"product_brand-buff","7":"product_cat-headband-buff","9":"first","10":"instock","11":"shipping-taxable","12":"purchasable","13":"product-type-simple"},"acf":[],"yoast_head":"<!-- This site is optimized with the Yoast SEO plugin v27.2 - https:\/\/yoast.com\/product\/yoast-seo-wordpress\/ -->\n<title>\u041f\u043e\u0432\u044f\u0437\u043a\u0430 \u043d\u0430 \u043b\u043e\u0431 Buff Coolnet Wide Logo Multi - \u041c\u0430\u0433\u0430\u0437\u0438\u043d Xstyle<\/title>\n<meta name=\"robots\" content=\"index, follow, max-snippet:-1, max-image-preview:large, max-video-preview:-1\" \/>\n<link rel=\"canonical\" href=\"https:\/\/xstyle.md\/ro\/produs\/povyazka-na-lob-buff-coolnet-wide-logo-multi\/\" \/>\n<meta property=\"og:locale\" content=\"ro_RO\" \/>\n<meta property=\"og:type\" content=\"article\" \/>\n<meta property=\"og:title\" content=\"\u041f\u043e\u0432\u044f\u0437\u043a\u0430 \u043d\u0430 \u043b\u043e\u0431 Buff Coolnet Wide Logo Multi - \u041c\u0430\u0433\u0430\u0437\u0438\u043d Xstyle\" \/>\n<meta property=\"og:description\" content=\"\u0411\u0440\u0435\u043d\u0434 BUFF\u00ae \u2013 \u0438\u0441\u043f\u0430\u043d\u0441\u043a\u0438\u0439 \u0431\u0440\u0435\u043d\u0434, \u0438\u0441\u0442\u043e\u0440\u0438\u044f \u043a\u043e\u0442\u043e\u0440\u043e\u0433\u043e \u043d\u0430\u0447\u0430\u043b\u0430\u0441\u044c \u0432 1992 \u0433\u043e\u0434\u0443, \u043a\u043e\u0433\u0434\u0430 \u0432\u043b\u0430\u0434\u0435\u043b\u0435\u0446 \u043e\u0434\u043d\u043e\u0439 \u0438\u0437 \u043a\u0430\u0442\u0430\u043b\u043e\u043d\u0441\u043a\u0438\u0445 \u0442\u0435\u043a\u0441\u0442\u0438\u043b\u044c\u043d\u044b\u0445 \u0444\u0430\u0431\u0440\u0438\u043a, \u0425\u0443\u0430\u043d \u0420\u043e\u0445\u0430\u0441 (Joan Rojas), \u0443\u0432\u043b\u0435\u043a\u0430\u044e\u0449\u0438\u0439\u0441\u044f \u043c\u043e\u0442\u043e\u0441\u043f\u043e\u0440\u0442\u043e\u043c, \u043f\u0440\u0438\u0448\u0435\u043b \u043a \u0442\u043e\u043c\u0443, \u0447\u0442\u043e \u0434\u043b\u044f \u0431\u043e\u043b\u0435\u0435 \u043a\u043e\u043c\u0444\u043e\u0440\u0442\u043d\u043e\u0433\u043e \u043a\u0430\u0442\u0430\u043d\u0438\u044f \u043d\u0430 \u043c\u043e\u0442\u043e\u0446\u0438\u043a\u043b\u0435 \u043d\u0435\u043e\u0431\u0445\u043e\u0434\u0438\u043c \u043f\u0440\u043e\u0441\u0442\u043e\u0439 \u0430\u043a\u0441\u0435\u0441\u0441\u0443\u0430\u0440, \u0437\u0430\u0449\u0438\u0449\u0430\u044e\u0449\u0435\u0439 \u0448\u0435\u044e \u0438 \u0433\u043e\u043b\u043e\u0432\u0443 \u043e\u0442 \u0432\u0441\u0442\u0440\u0435\u0447\u043d\u043e\u0433\u043e \u0432\u0435\u0442\u0440\u0430, \u0445\u043e\u043b\u043e\u0434\u0430 \u0438 \u043f\u0430\u043b\u044f\u0449\u0435\u0433\u043e \u0441\u043e\u043b\u043d\u0446\u0430. \u0420\u043e\u0445\u0430\u0441\u0443 \u043f\u043e\u043d\u0440\u0430\u0432\u0438\u043b\u0430\u0441\u044c \u0438\u0434\u0435\u044f \u043c\u043d\u043e\u0433\u043e\u0444\u0443\u043d\u043a\u0446\u0438\u043e\u043d\u0430\u043b\u044c\u043d\u043e\u0433\u043e \u0432\u043e\u0435\u043d\u043d\u043e\u0433\u043e \u043f\u043b\u0430\u0442\u043a\u0430, \u043a\u043e\u0442\u043e\u0440\u044b\u0439 [&hellip;]\" \/>\n<meta property=\"og:url\" content=\"https:\/\/xstyle.md\/ro\/produs\/povyazka-na-lob-buff-coolnet-wide-logo-multi\/\" \/>\n<meta property=\"og:site_name\" content=\"\u041c\u0430\u0433\u0430\u0437\u0438\u043d Xstyle\" \/>\n<meta property=\"article:publisher\" content=\"https:\/\/www.facebook.com\/xstylemd\" \/>\n<meta property=\"article:modified_time\" content=\"2026-03-19T14:34:44+00:00\" \/>\n<meta property=\"og:image\" content=\"https:\/\/xstyle.md\/wp-content\/uploads\/2025\/06\/buff-coolnet-wide-logo-multi.webp\" \/>\n\t<meta property=\"og:image:width\" content=\"350\" \/>\n\t<meta property=\"og:image:height\" content=\"350\" \/>\n\t<meta property=\"og:image:type\" content=\"image\/webp\" \/>\n<meta name=\"twitter:card\" content=\"summary_large_image\" \/>\n<meta name=\"twitter:label1\" content=\"Pre\u021b\" \/>\n\t<meta name=\"twitter:data1\" content=\"265&nbsp;MDL\" \/>\n\t<meta name=\"twitter:label2\" content=\"Disponibilitate\" \/>\n\t<meta name=\"twitter:data2\" content=\"\u00cen stoc\" \/>\n<script type=\"application\/ld+json\" class=\"yoast-schema-graph\">{\"@context\":\"https:\/\/schema.org\",\"@graph\":[{\"@type\":\"WebPage\",\"@id\":\"https:\/\/xstyle.md\/product\/povyazka-na-lob-buff-coolnet-wide-logo-multi\/\",\"url\":\"https:\/\/xstyle.md\/product\/povyazka-na-lob-buff-coolnet-wide-logo-multi\/\",\"name\":\"\u041f\u043e\u0432\u044f\u0437\u043a\u0430 \u043d\u0430 \u043b\u043e\u0431 Buff Coolnet Wide Logo Multi - \u041c\u0430\u0433\u0430\u0437\u0438\u043d Xstyle\",\"isPartOf\":{\"@id\":\"https:\/\/xstyle.md\/#website\"},\"primaryImageOfPage\":{\"@id\":\"https:\/\/xstyle.md\/product\/povyazka-na-lob-buff-coolnet-wide-logo-multi\/#primaryimage\"},\"image\":{\"@id\":\"https:\/\/xstyle.md\/product\/povyazka-na-lob-buff-coolnet-wide-logo-multi\/#primaryimage\"},\"thumbnailUrl\":\"https:\/\/xstyle.md\/wp-content\/uploads\/2025\/06\/buff-coolnet-wide-logo-multi.webp\",\"datePublished\":\"2025-06-12T14:48:39+00:00\",\"dateModified\":\"2026-03-19T14:34:44+00:00\",\"breadcrumb\":{\"@id\":\"https:\/\/xstyle.md\/product\/povyazka-na-lob-buff-coolnet-wide-logo-multi\/#breadcrumb\"},\"inLanguage\":\"ro-RO\",\"potentialAction\":[{\"@type\":\"ReadAction\",\"target\":[\"https:\/\/xstyle.md\/product\/povyazka-na-lob-buff-coolnet-wide-logo-multi\/\"]}]},{\"@type\":\"ImageObject\",\"inLanguage\":\"ro-RO\",\"@id\":\"https:\/\/xstyle.md\/product\/povyazka-na-lob-buff-coolnet-wide-logo-multi\/#primaryimage\",\"url\":\"https:\/\/xstyle.md\/wp-content\/uploads\/2025\/06\/buff-coolnet-wide-logo-multi.webp\",\"contentUrl\":\"https:\/\/xstyle.md\/wp-content\/uploads\/2025\/06\/buff-coolnet-wide-logo-multi.webp\",\"width\":350,\"height\":350,\"caption\":\"\u041f\u043e\u0432\u044f\u0437\u043a\u0430 \u043d\u0430 \u043b\u043e\u0431 Buff Coolnet Wide Logo Multi \u0434\u043b\u044f \u0430\u043a\u0442\u0438\u0432\u043d\u043e\u0433\u043e \u043e\u0442\u0434\u044b\u0445\u0430 \u043f\u043e\u0445\u043e\u0434\u043e\u0432 \u043f\u0443\u0442\u0435\u0448\u0435\u0441\u0442\u0432\u0438\u0439 \u0438 \u0441\u043f\u043e\u0440\u0442\u0430 \u043d\u0430 \u0441\u0430\u0439\u0442\u0435 \u043c\u0430\u0433\u0430\u0437\u0438\u043d\u0430 \u0441\u043f\u043e\u0440\u0442\u0438\u0432\u043d\u043e\u0439 \u044d\u043a\u0438\u043f\u0438\u0440\u043e\u0432\u043a\u0438 \u0434\u043b\u044f \u0430\u043b\u044c\u043f\u0438\u043d\u0438\u0437\u043c\u0430 \u0431\u0435\u0433\u043e\u0432\u044b\u0445 \u0438 \u0442\u0443\u0440\u0438\u0441\u0442\u0438\u0447\u0435\u0441\u043a\u0438\u0445 \u0442\u043e\u0432\u0430\u0440\u043e\u0432\"},{\"@type\":\"BreadcrumbList\",\"@id\":\"https:\/\/xstyle.md\/product\/povyazka-na-lob-buff-coolnet-wide-logo-multi\/#breadcrumb\",\"itemListElement\":[{\"@type\":\"ListItem\",\"position\":1,\"name\":\"\u0413\u043b\u0430\u0432\u043d\u0430\u044f \u0441\u0442\u0440\u0430\u043d\u0438\u0446\u0430\",\"item\":\"https:\/\/xstyle.md\/\"},{\"@type\":\"ListItem\",\"position\":2,\"name\":\"\u041c\u0430\u0433\u0430\u0437\u0438\u043d\",\"item\":\"https:\/\/xstyle.md\/shop\/\"},{\"@type\":\"ListItem\",\"position\":3,\"name\":\"\u041f\u043e\u0432\u044f\u0437\u043a\u0430 \u043d\u0430 \u043b\u043e\u0431 Buff Coolnet Wide Logo Multi\"}]},{\"@type\":\"WebSite\",\"@id\":\"https:\/\/xstyle.md\/#website\",\"url\":\"https:\/\/xstyle.md\/\",\"name\":\"\u041c\u0430\u0433\u0430\u0437\u0438\u043d Xstyle\",\"description\":\"C\u043d\u0430\u0440\u044f\u0436\u0435\u043d\u0438\u0435 \u0434\u043b\u044f \u0442\u0443\u0440\u0438\u0437\u043c\u0430 \u0438 \u044d\u043a\u0441\u0442\u0440\u0435\u043c\u0430\u043b\u044c\u043d\u044b\u0445 \u0432\u0438\u0434\u043e\u0432 \u0441\u043f\u043e\u0440\u0442\u0430 \u0432 \u041c\u043e\u043b\u0434\u043e\u0432\u0435.. \u0426\u0435\u043d\u044b, \u0444\u043e\u0442\u043e, \u0445\u0430\u0440\u0430\u043a\u0442\u0435\u0440\u0438\u0441\u0442\u0438\u043a\u0438 \u0432 \u041c\u043e\u043b\u0434\u043e\u0432\u0435.\",\"publisher\":{\"@id\":\"https:\/\/xstyle.md\/#organization\"},\"alternateName\":\"X-Style\",\"potentialAction\":[{\"@type\":\"SearchAction\",\"target\":{\"@type\":\"EntryPoint\",\"urlTemplate\":\"https:\/\/xstyle.md\/?s={search_term_string}\"},\"query-input\":{\"@type\":\"PropertyValueSpecification\",\"valueRequired\":true,\"valueName\":\"search_term_string\"}}],\"inLanguage\":\"ro-RO\"},{\"@type\":\"Organization\",\"@id\":\"https:\/\/xstyle.md\/#organization\",\"name\":\"\u041c\u0430\u0433\u0430\u0437\u0438\u043d Xstyle\",\"alternateName\":\"x-style\",\"url\":\"https:\/\/xstyle.md\/\",\"logo\":{\"@type\":\"ImageObject\",\"inLanguage\":\"ro-RO\",\"@id\":\"https:\/\/xstyle.md\/#\/schema\/logo\/image\/\",\"url\":\"https:\/\/xstyle.md\/wp-content\/uploads\/2020\/06\/logoicon.svg\",\"contentUrl\":\"https:\/\/xstyle.md\/wp-content\/uploads\/2020\/06\/logoicon.svg\",\"caption\":\"\u041c\u0430\u0433\u0430\u0437\u0438\u043d Xstyle\"},\"image\":{\"@id\":\"https:\/\/xstyle.md\/#\/schema\/logo\/image\/\"},\"sameAs\":[\"https:\/\/www.facebook.com\/xstylemd\",\"https:\/\/www.instagram.com\/xstyle_md\/\",\"https:\/\/t.me\/xstyle_outdoor\"],\"hasMerchantReturnPolicy\":{\"@type\":\"MerchantReturnPolicy\",\"merchantReturnLink\":\"https:\/\/xstyle.md\/ro\/conditions\/\"}}]}<\/script>\n<meta property=\"product:price:amount\" content=\"265.00\" \/>\n<meta property=\"product:price:currency\" content=\"MDL\" \/>\n<meta property=\"og:availability\" content=\"instock\" \/>\n<meta property=\"product:availability\" content=\"instock\" \/>\n<meta property=\"product:retailer_item_id\" content=\"8428927576361\" \/>\n<meta property=\"product:condition\" content=\"new\" \/>\n<!-- \/ Yoast SEO plugin. -->","yoast_head_json":{"title":"\u041f\u043e\u0432\u044f\u0437\u043a\u0430 \u043d\u0430 \u043b\u043e\u0431 Buff Coolnet Wide Logo Multi - \u041c\u0430\u0433\u0430\u0437\u0438\u043d Xstyle","robots":{"index":"index","follow":"follow","max-snippet":"max-snippet:-1","max-image-preview":"max-image-preview:large","max-video-preview":"max-video-preview:-1"},"canonical":"https:\/\/xstyle.md\/ro\/produs\/povyazka-na-lob-buff-coolnet-wide-logo-multi\/","og_locale":"ro_RO","og_type":"article","og_title":"\u041f\u043e\u0432\u044f\u0437\u043a\u0430 \u043d\u0430 \u043b\u043e\u0431 Buff Coolnet Wide Logo Multi - \u041c\u0430\u0433\u0430\u0437\u0438\u043d Xstyle","og_description":"\u0411\u0440\u0435\u043d\u0434 BUFF\u00ae \u2013 \u0438\u0441\u043f\u0430\u043d\u0441\u043a\u0438\u0439 \u0431\u0440\u0435\u043d\u0434, \u0438\u0441\u0442\u043e\u0440\u0438\u044f \u043a\u043e\u0442\u043e\u0440\u043e\u0433\u043e \u043d\u0430\u0447\u0430\u043b\u0430\u0441\u044c \u0432 1992 \u0433\u043e\u0434\u0443, \u043a\u043e\u0433\u0434\u0430 \u0432\u043b\u0430\u0434\u0435\u043b\u0435\u0446 \u043e\u0434\u043d\u043e\u0439 \u0438\u0437 \u043a\u0430\u0442\u0430\u043b\u043e\u043d\u0441\u043a\u0438\u0445 \u0442\u0435\u043a\u0441\u0442\u0438\u043b\u044c\u043d\u044b\u0445 \u0444\u0430\u0431\u0440\u0438\u043a, \u0425\u0443\u0430\u043d \u0420\u043e\u0445\u0430\u0441 (Joan Rojas), \u0443\u0432\u043b\u0435\u043a\u0430\u044e\u0449\u0438\u0439\u0441\u044f \u043c\u043e\u0442\u043e\u0441\u043f\u043e\u0440\u0442\u043e\u043c, \u043f\u0440\u0438\u0448\u0435\u043b \u043a \u0442\u043e\u043c\u0443, \u0447\u0442\u043e \u0434\u043b\u044f \u0431\u043e\u043b\u0435\u0435 \u043a\u043e\u043c\u0444\u043e\u0440\u0442\u043d\u043e\u0433\u043e \u043a\u0430\u0442\u0430\u043d\u0438\u044f \u043d\u0430 \u043c\u043e\u0442\u043e\u0446\u0438\u043a\u043b\u0435 \u043d\u0435\u043e\u0431\u0445\u043e\u0434\u0438\u043c \u043f\u0440\u043e\u0441\u0442\u043e\u0439 \u0430\u043a\u0441\u0435\u0441\u0441\u0443\u0430\u0440, \u0437\u0430\u0449\u0438\u0449\u0430\u044e\u0449\u0435\u0439 \u0448\u0435\u044e \u0438 \u0433\u043e\u043b\u043e\u0432\u0443 \u043e\u0442 \u0432\u0441\u0442\u0440\u0435\u0447\u043d\u043e\u0433\u043e \u0432\u0435\u0442\u0440\u0430, \u0445\u043e\u043b\u043e\u0434\u0430 \u0438 \u043f\u0430\u043b\u044f\u0449\u0435\u0433\u043e \u0441\u043e\u043b\u043d\u0446\u0430. \u0420\u043e\u0445\u0430\u0441\u0443 \u043f\u043e\u043d\u0440\u0430\u0432\u0438\u043b\u0430\u0441\u044c \u0438\u0434\u0435\u044f \u043c\u043d\u043e\u0433\u043e\u0444\u0443\u043d\u043a\u0446\u0438\u043e\u043d\u0430\u043b\u044c\u043d\u043e\u0433\u043e \u0432\u043e\u0435\u043d\u043d\u043e\u0433\u043e \u043f\u043b\u0430\u0442\u043a\u0430, \u043a\u043e\u0442\u043e\u0440\u044b\u0439 [&hellip;]","og_url":"https:\/\/xstyle.md\/ro\/produs\/povyazka-na-lob-buff-coolnet-wide-logo-multi\/","og_site_name":"\u041c\u0430\u0433\u0430\u0437\u0438\u043d Xstyle","article_publisher":"https:\/\/www.facebook.com\/xstylemd","article_modified_time":"2026-03-19T14:34:44+00:00","og_image":[{"width":350,"height":350,"url":"https:\/\/xstyle.md\/wp-content\/uploads\/2025\/06\/buff-coolnet-wide-logo-multi.webp","type":"image\/webp"}],"twitter_card":"summary_large_image","twitter_misc":{"Pre\u021b":"265&nbsp;MDL","Disponibilitate":"\u00cen stoc"},"schema":{"@context":"https:\/\/schema.org","@graph":[{"@type":"WebPage","@id":"https:\/\/xstyle.md\/product\/povyazka-na-lob-buff-coolnet-wide-logo-multi\/","url":"https:\/\/xstyle.md\/product\/povyazka-na-lob-buff-coolnet-wide-logo-multi\/","name":"\u041f\u043e\u0432\u044f\u0437\u043a\u0430 \u043d\u0430 \u043b\u043e\u0431 Buff Coolnet Wide Logo Multi - \u041c\u0430\u0433\u0430\u0437\u0438\u043d Xstyle","isPartOf":{"@id":"https:\/\/xstyle.md\/#website"},"primaryImageOfPage":{"@id":"https:\/\/xstyle.md\/product\/povyazka-na-lob-buff-coolnet-wide-logo-multi\/#primaryimage"},"image":{"@id":"https:\/\/xstyle.md\/product\/povyazka-na-lob-buff-coolnet-wide-logo-multi\/#primaryimage"},"thumbnailUrl":"https:\/\/xstyle.md\/wp-content\/uploads\/2025\/06\/buff-coolnet-wide-logo-multi.webp","datePublished":"2025-06-12T14:48:39+00:00","dateModified":"2026-03-19T14:34:44+00:00","breadcrumb":{"@id":"https:\/\/xstyle.md\/product\/povyazka-na-lob-buff-coolnet-wide-logo-multi\/#breadcrumb"},"inLanguage":"ro-RO","potentialAction":[{"@type":"ReadAction","target":["https:\/\/xstyle.md\/product\/povyazka-na-lob-buff-coolnet-wide-logo-multi\/"]}]},{"@type":"ImageObject","inLanguage":"ro-RO","@id":"https:\/\/xstyle.md\/product\/povyazka-na-lob-buff-coolnet-wide-logo-multi\/#primaryimage","url":"https:\/\/xstyle.md\/wp-content\/uploads\/2025\/06\/buff-coolnet-wide-logo-multi.webp","contentUrl":"https:\/\/xstyle.md\/wp-content\/uploads\/2025\/06\/buff-coolnet-wide-logo-multi.webp","width":350,"height":350,"caption":"\u041f\u043e\u0432\u044f\u0437\u043a\u0430 \u043d\u0430 \u043b\u043e\u0431 Buff Coolnet Wide Logo Multi \u0434\u043b\u044f \u0430\u043a\u0442\u0438\u0432\u043d\u043e\u0433\u043e \u043e\u0442\u0434\u044b\u0445\u0430 \u043f\u043e\u0445\u043e\u0434\u043e\u0432 \u043f\u0443\u0442\u0435\u0448\u0435\u0441\u0442\u0432\u0438\u0439 \u0438 \u0441\u043f\u043e\u0440\u0442\u0430 \u043d\u0430 \u0441\u0430\u0439\u0442\u0435 \u043c\u0430\u0433\u0430\u0437\u0438\u043d\u0430 \u0441\u043f\u043e\u0440\u0442\u0438\u0432\u043d\u043e\u0439 \u044d\u043a\u0438\u043f\u0438\u0440\u043e\u0432\u043a\u0438 \u0434\u043b\u044f \u0430\u043b\u044c\u043f\u0438\u043d\u0438\u0437\u043c\u0430 \u0431\u0435\u0433\u043e\u0432\u044b\u0445 \u0438 \u0442\u0443\u0440\u0438\u0441\u0442\u0438\u0447\u0435\u0441\u043a\u0438\u0445 \u0442\u043e\u0432\u0430\u0440\u043e\u0432"},{"@type":"BreadcrumbList","@id":"https:\/\/xstyle.md\/product\/povyazka-na-lob-buff-coolnet-wide-logo-multi\/#breadcrumb","itemListElement":[{"@type":"ListItem","position":1,"name":"\u0413\u043b\u0430\u0432\u043d\u0430\u044f \u0441\u0442\u0440\u0430\u043d\u0438\u0446\u0430","item":"https:\/\/xstyle.md\/"},{"@type":"ListItem","position":2,"name":"\u041c\u0430\u0433\u0430\u0437\u0438\u043d","item":"https:\/\/xstyle.md\/shop\/"},{"@type":"ListItem","position":3,"name":"\u041f\u043e\u0432\u044f\u0437\u043a\u0430 \u043d\u0430 \u043b\u043e\u0431 Buff Coolnet Wide Logo Multi"}]},{"@type":"WebSite","@id":"https:\/\/xstyle.md\/#website","url":"https:\/\/xstyle.md\/","name":"Magazinul X-Style","description":"Echipamente pentru turism \u0219i sporturi extreme \u00een Moldova. Pre\u021buri, fotografii, caracteristici \u00een Moldova.","publisher":{"@id":"https:\/\/xstyle.md\/#organization"},"alternateName":"X-Style","potentialAction":[{"@type":"SearchAction","target":{"@type":"EntryPoint","urlTemplate":"https:\/\/xstyle.md\/?s={search_term_string}"},"query-input":{"@type":"PropertyValueSpecification","valueRequired":true,"valueName":"search_term_string"}}],"inLanguage":"ro-RO"},{"@type":"Organization","@id":"https:\/\/xstyle.md\/#organization","name":"Magazinul X-Style","alternateName":"x-style","url":"https:\/\/xstyle.md\/","logo":{"@type":"ImageObject","inLanguage":"ro-RO","@id":"https:\/\/xstyle.md\/#\/schema\/logo\/image\/","url":"https:\/\/xstyle.md\/wp-content\/uploads\/2020\/06\/logoicon.svg","contentUrl":"https:\/\/xstyle.md\/wp-content\/uploads\/2020\/06\/logoicon.svg","caption":"\u041c\u0430\u0433\u0430\u0437\u0438\u043d Xstyle"},"image":{"@id":"https:\/\/xstyle.md\/#\/schema\/logo\/image\/"},"sameAs":["https:\/\/www.facebook.com\/xstylemd","https:\/\/www.instagram.com\/xstyle_md\/","https:\/\/t.me\/xstyle_outdoor"],"hasMerchantReturnPolicy":{"@type":"MerchantReturnPolicy","merchantReturnLink":"https:\/\/xstyle.md\/ro\/conditions\/"}}]},"product_price_amount":"265.00","product_price_currency":"MDL","og_availability":"instock","product_availability":"instock","product_retailer_item_id":"8428927576361","product_condition":"new"},"post_mailing_queue_ids":[],"_links":{"self":[{"href":"https:\/\/xstyle.md\/ro\/wp-json\/wp\/v2\/product\/94779","targetHints":{"allow":["GET"]}}],"collection":[{"href":"https:\/\/xstyle.md\/ro\/wp-json\/wp\/v2\/product"}],"about":[{"href":"https:\/\/xstyle.md\/ro\/wp-json\/wp\/v2\/types\/product"}],"replies":[{"embeddable":true,"href":"https:\/\/xstyle.md\/ro\/wp-json\/wp\/v2\/comments?post=94779"}],"wp:featuredmedia":[{"embeddable":true,"href":"https:\/\/xstyle.md\/ro\/wp-json\/wp\/v2\/media\/95338"}],"wp:attachment":[{"href":"https:\/\/xstyle.md\/ro\/wp-json\/wp\/v2\/media?parent=94779"}],"wp:term":[{"taxonomy":"product_brand","embeddable":true,"href":"https:\/\/xstyle.md\/ro\/wp-json\/wp\/v2\/product_brand?post=94779"},{"taxonomy":"product_cat","embeddable":true,"href":"https:\/\/xstyle.md\/ro\/wp-json\/wp\/v2\/product_cat?post=94779"},{"taxonomy":"product_tag","embeddable":true,"href":"https:\/\/xstyle.md\/ro\/wp-json\/wp\/v2\/product_tag?post=94779"}],"curies":[{"name":"wp","href":"https:\/\/api.w.org\/{rel}","templated":true}]}}