{"id":94760,"date":"2025-06-12T17:48:33","date_gmt":"2025-06-12T14:48:33","guid":{"rendered":"https:\/\/xstyle.md\/?post_type=product&#038;p=94760"},"modified":"2026-02-23T13:51:41","modified_gmt":"2026-02-23T10:51:41","slug":"nozh-boker-plus-poke","status":"publish","type":"product","link":"https:\/\/xstyle.md\/ro\/produs\/nozh-boker-plus-poke\/","title":{"rendered":"Cu\u021bit Boker Plus Poke"},"content":{"rendered":"<\/p>\n<p><strong>Cu\u021bit Boker Plus Poke<\/strong> &#8212; este un cu\u021bit EDC multifunc\u021bional creat de legendarul designer maghiar Janos Nemeth. Acest model impresioneaz\u0103 printr-un design interesant, care \u00eembin\u0103 armonios stilul tactic laconic cu misterul discret al clasicului etern. Boker Plus Poke (01BO637) este recomandat colec\u021bionarilor sau ca un cadou creativ pentru pasiona\u021bii de cu\u021bite care caut\u0103 un model pliabil de dimensiuni mari.<\/p>\n<h3>Particularit\u0103\u021bi<\/h3>\n<ul>\n<li>Calitate \u00eenalt\u0103 a fabrica\u021biei \u0219i asambl\u0103rii la un pre\u021b accesibil<\/li>\n<li>Design stilat \u0219i ergonomic, cu o construc\u021bie fiabil\u0103 \u0219i robust\u0103<\/li>\n<li>Lam\u0103 puternic\u0103 \u0219i versatil\u0103 &#8212; fabricat\u0103 din o\u021bel carbon D2 cu finisaj black stonewash<\/li>\n<li>Profil drop-point cu un ricasso bine definit<\/li>\n<li>T\u0103i\u0219 ultra-fin, u\u0219or de ascu\u021bit, care men\u021bine t\u0103ierea mult timp<\/li>\n<li>Capacitate excelent\u0103 de t\u0103iere \u0219i perforare a materialelor de diverse densit\u0103\u021bi, rezist\u00e2nd la sarcini intense<\/li>\n<li>Mecanism fluid &#8212; pivot pe \u0219aibe de teflon, cu deschidere rapid\u0103 prin pin (thumb stud) \u0219i blocare sigur\u0103 tip Liner-lock<\/li>\n<li>M\u00e2ner confortabil \u0219i aderent &#8212; pr\u0103sele din G10 texturat cu inser\u021bii contrastante din alam\u0103 de culoare aurie<\/li>\n<li>Suprafa\u021b\u0103 anti-alunecare, ergonomic\u0103 chiar \u0219i pentru m\u00e2ini mari<\/li>\n<li>Echipat cu clip din o\u021bel pe partea dreapt\u0103 pentru purtare discret\u0103 \u00een buzunar<\/li>\n<li>Eficien\u021b\u0103 ridicat\u0103 &#8212; ideal pentru mediul urban sau activit\u0103\u021bi \u00een aer liber (camping, turism, v\u00e2n\u0103toare, pescuit)<\/li>\n<\/ul>\n<h3>Caracteristici<\/h3>\n<ul>\n<li>Tip &#8212; pliabil, turistic, tactic, EDC<\/li>\n<li>Lungime total\u0103 &#8212; 207 mm (117 mm \u00eenchis)<\/li>\n<li>Greutate- 116 g<\/li>\n<li>Lungime lam\u0103 \/ t\u0103i\u0219- 91 mm \/ 98 mm<\/li>\n<li>Grosime lam\u0103 &#8212; 3,7 mm<\/li>\n<li>Material lam\u0103 &#8212; o\u021bel D2 (Duritate: 55 HRc)<\/li>\n<li>Sistem de deschidere\/blocare &#8212; pin (thumb stud) \/ Liner-lock<\/li>\n<li>Material m\u00e2ner &#8212; G10 cu inser\u021bii de alam\u0103<\/li>\n<li>Accesorii &#8212; clip de buzunar, hus\u0103 din nailon inclus\u0103<\/li>\n<\/ul>\n<p><\/p>\n<h3>Marca<\/h3>\n<p>Boker - este unul dintre cei mai vechi \u0219i respecta\u021bi produc\u0103tori de cu\u021bite din lume, av\u00e2ndu-\u0219i originile \u00een Solingen, Germania, \u00eenc\u0103 din secolul al XVII-lea. Brandul este faimos pentru logo-ul s\u0103u cu un castan \u0219i pentru gama imens\u0103 de produse, de la bricege tradi\u021bionale \u0219i cu\u021bite tactice, p\u00e2n\u0103 la accesorii de b\u0103rbierit de lux. Boker reu\u0219e\u0219te s\u0103 combine perfect tradi\u021bia me\u0219te\u0219ug\u0103reasc\u0103 german\u0103 cu designul modern, colabor\u00e2nd frecvent cu designeri de renume mondial.<\/p>","protected":false},"excerpt":{"rendered":"<p>\u0411\u0440\u0435\u043d\u0434 Boker \u2014 \u043e\u0434\u0438\u043d \u0438\u0437 \u0441\u0442\u0430\u0440\u0435\u0439\u0448\u0438\u0445 \u0438 \u0441\u0430\u043c\u044b\u0445 \u0443\u0432\u0430\u0436\u0430\u0435\u043c\u044b\u0445 \u043f\u0440\u043e\u0438\u0437\u0432\u043e\u0434\u0438\u0442\u0435\u043b\u0435\u0439 \u043d\u043e\u0436\u0435\u0439 \u0432 \u043c\u0438\u0440\u0435, \u0447\u044c\u044f \u0438\u0441\u0442\u043e\u0440\u0438\u044f \u043d\u0430\u0447\u0430\u043b\u0430\u0441\u044c \u0432 \u043d\u0435\u043c\u0435\u0446\u043a\u043e\u043c \u0433\u043e\u0440\u043e\u0434\u0435 \u0417\u043e\u043b\u0438\u043d\u0433\u0435\u043d \u0435\u0449\u0435 \u0432 XVII \u0432\u0435\u043a\u0435. \u0411\u0440\u0435\u043d\u0434 \u0437\u043d\u0430\u043c\u0435\u043d\u0438\u0442 \u0441\u0432\u043e\u0438\u043c \u043b\u043e\u0433\u043e\u0442\u0438\u043f\u043e\u043c \u0441 \u0438\u0437\u043e\u0431\u0440\u0430\u0436\u0435\u043d\u0438\u0435\u043c \u043a\u0430\u0448\u0442\u0430\u043d\u0430 \u0438 \u043a\u043e\u043b\u043e\u0441\u0441\u0430\u043b\u044c\u043d\u044b\u043c \u0430\u0441\u0441\u043e\u0440\u0442\u0438\u043c\u0435\u043d\u0442\u043e\u043c: \u043e\u0442 \u043a\u043b\u0430\u0441\u0441\u0438\u0447\u0435\u0441\u043a\u0438\u0445 \u043a\u0430\u0440\u043c\u0430\u043d\u043d\u044b\u0445 \u043d\u043e\u0436\u0435\u0439 \u0434\u043e \u0442\u0430\u043a\u0442\u0438\u0447\u0435\u0441\u043a\u0438\u0445 \u043c\u043e\u0434\u0435\u043b\u0435\u0439 \u0438 \u043e\u043f\u0430\u0441\u043d\u044b\u0445 \u0431\u0440\u0438\u0442\u0432. \u041a\u043e\u043c\u043f\u0430\u043d\u0438\u044f \u043c\u0430\u0441\u0442\u0435\u0440\u0441\u043a\u0438 \u0441\u043e\u0447\u0435\u0442\u0430\u0435\u0442 \u043c\u043d\u043e\u0433\u043e\u0432\u0435\u043a\u043e\u0432\u044b\u0435 \u0442\u0440\u0430\u0434\u0438\u0446\u0438\u0438 \u043d\u0435\u043c\u0435\u0446\u043a\u043e\u0433\u043e \u043a\u0430\u0447\u0435\u0441\u0442\u0432\u0430 \u0441 \u0438\u043d\u043d\u043e\u0432\u0430\u0446\u0438\u043e\u043d\u043d\u044b\u043c\u0438 \u043c\u0430\u0442\u0435\u0440\u0438\u0430\u043b\u0430\u043c\u0438 \u0438 [&hellip;]<\/p>\n","protected":false},"featured_media":101980,"comment_status":"open","ping_status":"closed","template":"","meta":{"_acf_changed":false,"inline_featured_image":false},"product_brand":[1392],"product_cat":[169],"product_tag":[],"class_list":{"0":"post-94760","1":"product","2":"type-product","3":"status-publish","4":"has-post-thumbnail","6":"product_brand-boker","7":"product_cat-knives","9":"first","10":"instock","11":"shipping-taxable","12":"purchasable","13":"product-type-simple"},"acf":[],"yoast_head":"<!-- This site is optimized with the Yoast SEO plugin v27.4 - https:\/\/yoast.com\/product\/yoast-seo-wordpress\/ -->\n<title>\u041d\u043e\u0436 Boker Plus Poke - \u041c\u0430\u0433\u0430\u0437\u0438\u043d Xstyle<\/title>\n<meta name=\"robots\" content=\"index, follow, max-snippet:-1, max-image-preview:large, max-video-preview:-1\" \/>\n<link rel=\"canonical\" href=\"https:\/\/xstyle.md\/ro\/produs\/nozh-boker-plus-poke\/\" \/>\n<meta property=\"og:locale\" content=\"ro_RO\" \/>\n<meta property=\"og:type\" content=\"article\" \/>\n<meta property=\"og:title\" content=\"\u041d\u043e\u0436 Boker Plus Poke - \u041c\u0430\u0433\u0430\u0437\u0438\u043d Xstyle\" \/>\n<meta property=\"og:description\" content=\"\u0411\u0440\u0435\u043d\u0434 Boker \u2014 \u043e\u0434\u0438\u043d \u0438\u0437 \u0441\u0442\u0430\u0440\u0435\u0439\u0448\u0438\u0445 \u0438 \u0441\u0430\u043c\u044b\u0445 \u0443\u0432\u0430\u0436\u0430\u0435\u043c\u044b\u0445 \u043f\u0440\u043e\u0438\u0437\u0432\u043e\u0434\u0438\u0442\u0435\u043b\u0435\u0439 \u043d\u043e\u0436\u0435\u0439 \u0432 \u043c\u0438\u0440\u0435, \u0447\u044c\u044f \u0438\u0441\u0442\u043e\u0440\u0438\u044f \u043d\u0430\u0447\u0430\u043b\u0430\u0441\u044c \u0432 \u043d\u0435\u043c\u0435\u0446\u043a\u043e\u043c \u0433\u043e\u0440\u043e\u0434\u0435 \u0417\u043e\u043b\u0438\u043d\u0433\u0435\u043d \u0435\u0449\u0435 \u0432 XVII \u0432\u0435\u043a\u0435. \u0411\u0440\u0435\u043d\u0434 \u0437\u043d\u0430\u043c\u0435\u043d\u0438\u0442 \u0441\u0432\u043e\u0438\u043c \u043b\u043e\u0433\u043e\u0442\u0438\u043f\u043e\u043c \u0441 \u0438\u0437\u043e\u0431\u0440\u0430\u0436\u0435\u043d\u0438\u0435\u043c \u043a\u0430\u0448\u0442\u0430\u043d\u0430 \u0438 \u043a\u043e\u043b\u043e\u0441\u0441\u0430\u043b\u044c\u043d\u044b\u043c \u0430\u0441\u0441\u043e\u0440\u0442\u0438\u043c\u0435\u043d\u0442\u043e\u043c: \u043e\u0442 \u043a\u043b\u0430\u0441\u0441\u0438\u0447\u0435\u0441\u043a\u0438\u0445 \u043a\u0430\u0440\u043c\u0430\u043d\u043d\u044b\u0445 \u043d\u043e\u0436\u0435\u0439 \u0434\u043e \u0442\u0430\u043a\u0442\u0438\u0447\u0435\u0441\u043a\u0438\u0445 \u043c\u043e\u0434\u0435\u043b\u0435\u0439 \u0438 \u043e\u043f\u0430\u0441\u043d\u044b\u0445 \u0431\u0440\u0438\u0442\u0432. \u041a\u043e\u043c\u043f\u0430\u043d\u0438\u044f \u043c\u0430\u0441\u0442\u0435\u0440\u0441\u043a\u0438 \u0441\u043e\u0447\u0435\u0442\u0430\u0435\u0442 \u043c\u043d\u043e\u0433\u043e\u0432\u0435\u043a\u043e\u0432\u044b\u0435 \u0442\u0440\u0430\u0434\u0438\u0446\u0438\u0438 \u043d\u0435\u043c\u0435\u0446\u043a\u043e\u0433\u043e \u043a\u0430\u0447\u0435\u0441\u0442\u0432\u0430 \u0441 \u0438\u043d\u043d\u043e\u0432\u0430\u0446\u0438\u043e\u043d\u043d\u044b\u043c\u0438 \u043c\u0430\u0442\u0435\u0440\u0438\u0430\u043b\u0430\u043c\u0438 \u0438 [&hellip;]\" \/>\n<meta property=\"og:url\" content=\"https:\/\/xstyle.md\/ro\/produs\/nozh-boker-plus-poke\/\" \/>\n<meta property=\"og:site_name\" content=\"\u041c\u0430\u0433\u0430\u0437\u0438\u043d Xstyle\" \/>\n<meta property=\"article:publisher\" content=\"https:\/\/www.facebook.com\/xstylemd\" \/>\n<meta property=\"article:modified_time\" content=\"2026-02-23T10:51:41+00:00\" \/>\n<meta property=\"og:image\" content=\"https:\/\/xstyle.md\/wp-content\/uploads\/2025\/06\/oker-plus-poke-6.webp\" \/>\n\t<meta property=\"og:image:width\" content=\"1200\" \/>\n\t<meta property=\"og:image:height\" content=\"1200\" \/>\n\t<meta property=\"og:image:type\" content=\"image\/webp\" \/>\n<meta name=\"twitter:card\" content=\"summary_large_image\" \/>\n<meta name=\"twitter:label1\" content=\"Pre\u021b\" \/>\n\t<meta name=\"twitter:data1\" content=\"990&nbsp;MDL\" \/>\n\t<meta name=\"twitter:label2\" content=\"Disponibilitate\" \/>\n\t<meta name=\"twitter:data2\" content=\"\u00cen stoc\" \/>\n<script type=\"application\/ld+json\" class=\"yoast-schema-graph\">{\"@context\":\"https:\\\/\\\/schema.org\",\"@graph\":[{\"@type\":\"WebPage\",\"@id\":\"https:\\\/\\\/xstyle.md\\\/product\\\/nozh-boker-plus-poke\\\/\",\"url\":\"https:\\\/\\\/xstyle.md\\\/product\\\/nozh-boker-plus-poke\\\/\",\"name\":\"\u041d\u043e\u0436 Boker Plus Poke - \u041c\u0430\u0433\u0430\u0437\u0438\u043d Xstyle\",\"isPartOf\":{\"@id\":\"https:\\\/\\\/xstyle.md\\\/#website\"},\"primaryImageOfPage\":{\"@id\":\"https:\\\/\\\/xstyle.md\\\/product\\\/nozh-boker-plus-poke\\\/#primaryimage\"},\"image\":{\"@id\":\"https:\\\/\\\/xstyle.md\\\/product\\\/nozh-boker-plus-poke\\\/#primaryimage\"},\"thumbnailUrl\":\"https:\\\/\\\/xstyle.md\\\/wp-content\\\/uploads\\\/2025\\\/06\\\/oker-plus-poke-6.webp\",\"datePublished\":\"2025-06-12T14:48:33+00:00\",\"dateModified\":\"2026-02-23T10:51:41+00:00\",\"breadcrumb\":{\"@id\":\"https:\\\/\\\/xstyle.md\\\/product\\\/nozh-boker-plus-poke\\\/#breadcrumb\"},\"inLanguage\":\"ro-RO\",\"potentialAction\":[{\"@type\":\"ReadAction\",\"target\":[\"https:\\\/\\\/xstyle.md\\\/product\\\/nozh-boker-plus-poke\\\/\"]}]},{\"@type\":\"ImageObject\",\"inLanguage\":\"ro-RO\",\"@id\":\"https:\\\/\\\/xstyle.md\\\/product\\\/nozh-boker-plus-poke\\\/#primaryimage\",\"url\":\"https:\\\/\\\/xstyle.md\\\/wp-content\\\/uploads\\\/2025\\\/06\\\/oker-plus-poke-6.webp\",\"contentUrl\":\"https:\\\/\\\/xstyle.md\\\/wp-content\\\/uploads\\\/2025\\\/06\\\/oker-plus-poke-6.webp\",\"width\":1200,\"height\":1200,\"caption\":\"\u041c\u0443\u0436\u0441\u043a\u043e\u0439 \u043d\u043e\u0436 Boker Plus Poke \u0434\u043b\u044f \u0430\u043a\u0442\u0438\u0432\u043d\u043e\u0433\u043e \u043e\u0442\u0434\u044b\u0445\u0430, \u043f\u043e\u0445\u043e\u0434\u043e\u0432, \u043f\u0443\u0442\u0435\u0448\u0435\u0441\u0442\u0432\u0438\u0439 \u0438 \u0430\u043b\u044c\u043f\u0438\u043d\u0438\u0437\u043c\u0430 \u043d\u0430 \u0441\u0430\u0439\u0442\u0435 \u043c\u0430\u0433\u0430\u0437\u0438\u043d\u0430 \u0441\u043f\u043e\u0440\u0442\u0438\u0432\u043d\u043e\u0439 \u043e\u0434\u0435\u0436\u0434\u044b \u0438 \u043e\u0431\u0443\u0432\u0438 \u0434\u043b\u044f \u0430\u043a\u0442\u0438\u0432\u043d\u043e\u0433\u043e \u043e\u0431\u0440\u0430\u0437\u0430 \u0436\u0438\u0437\u043d\u0438\"},{\"@type\":\"BreadcrumbList\",\"@id\":\"https:\\\/\\\/xstyle.md\\\/product\\\/nozh-boker-plus-poke\\\/#breadcrumb\",\"itemListElement\":[{\"@type\":\"ListItem\",\"position\":1,\"name\":\"\u0413\u043b\u0430\u0432\u043d\u0430\u044f \u0441\u0442\u0440\u0430\u043d\u0438\u0446\u0430\",\"item\":\"https:\\\/\\\/xstyle.md\\\/\"},{\"@type\":\"ListItem\",\"position\":2,\"name\":\"\u041c\u0430\u0433\u0430\u0437\u0438\u043d\",\"item\":\"https:\\\/\\\/xstyle.md\\\/shop\\\/\"},{\"@type\":\"ListItem\",\"position\":3,\"name\":\"\u041d\u043e\u0436 Boker Plus Poke\"}]},{\"@type\":\"WebSite\",\"@id\":\"https:\\\/\\\/xstyle.md\\\/#website\",\"url\":\"https:\\\/\\\/xstyle.md\\\/\",\"name\":\"\u041c\u0430\u0433\u0430\u0437\u0438\u043d Xstyle\",\"description\":\"C\u043d\u0430\u0440\u044f\u0436\u0435\u043d\u0438\u0435 \u0434\u043b\u044f \u0442\u0443\u0440\u0438\u0437\u043c\u0430 \u0438 \u044d\u043a\u0441\u0442\u0440\u0435\u043c\u0430\u043b\u044c\u043d\u044b\u0445 \u0432\u0438\u0434\u043e\u0432 \u0441\u043f\u043e\u0440\u0442\u0430 \u0432 \u041c\u043e\u043b\u0434\u043e\u0432\u0435.. \u0426\u0435\u043d\u044b, \u0444\u043e\u0442\u043e, \u0445\u0430\u0440\u0430\u043a\u0442\u0435\u0440\u0438\u0441\u0442\u0438\u043a\u0438 \u0432 \u041c\u043e\u043b\u0434\u043e\u0432\u0435.\",\"publisher\":{\"@id\":\"https:\\\/\\\/xstyle.md\\\/#organization\"},\"alternateName\":\"X-Style\",\"potentialAction\":[{\"@type\":\"SearchAction\",\"target\":{\"@type\":\"EntryPoint\",\"urlTemplate\":\"https:\\\/\\\/xstyle.md\\\/?s={search_term_string}\"},\"query-input\":{\"@type\":\"PropertyValueSpecification\",\"valueRequired\":true,\"valueName\":\"search_term_string\"}}],\"inLanguage\":\"ro-RO\"},{\"@type\":\"Organization\",\"@id\":\"https:\\\/\\\/xstyle.md\\\/#organization\",\"name\":\"\u041c\u0430\u0433\u0430\u0437\u0438\u043d Xstyle\",\"alternateName\":\"x-style\",\"url\":\"https:\\\/\\\/xstyle.md\\\/\",\"logo\":{\"@type\":\"ImageObject\",\"inLanguage\":\"ro-RO\",\"@id\":\"https:\\\/\\\/xstyle.md\\\/#\\\/schema\\\/logo\\\/image\\\/\",\"url\":\"https:\\\/\\\/xstyle.md\\\/wp-content\\\/uploads\\\/2020\\\/06\\\/logoicon.svg\",\"contentUrl\":\"https:\\\/\\\/xstyle.md\\\/wp-content\\\/uploads\\\/2020\\\/06\\\/logoicon.svg\",\"caption\":\"\u041c\u0430\u0433\u0430\u0437\u0438\u043d Xstyle\"},\"image\":{\"@id\":\"https:\\\/\\\/xstyle.md\\\/#\\\/schema\\\/logo\\\/image\\\/\"},\"sameAs\":[\"https:\\\/\\\/www.facebook.com\\\/xstylemd\",\"https:\\\/\\\/www.instagram.com\\\/xstyle_md\\\/\",\"https:\\\/\\\/t.me\\\/xstyle_outdoor\"],\"hasMerchantReturnPolicy\":{\"@type\":\"MerchantReturnPolicy\",\"merchantReturnLink\":\"https:\\\/\\\/xstyle.md\\\/ro\\\/conditions\\\/\"}}]}<\/script>\n<meta property=\"product:price:amount\" content=\"990.00\" \/>\n<meta property=\"product:price:currency\" content=\"MDL\" \/>\n<meta property=\"og:availability\" content=\"instock\" \/>\n<meta property=\"product:availability\" content=\"instock\" \/>\n<meta property=\"product:retailer_item_id\" content=\"4045011268649\" \/>\n<meta property=\"product:condition\" content=\"new\" \/>\n<!-- \/ Yoast SEO plugin. -->","yoast_head_json":{"title":"\u041d\u043e\u0436 Boker Plus Poke - \u041c\u0430\u0433\u0430\u0437\u0438\u043d Xstyle","robots":{"index":"index","follow":"follow","max-snippet":"max-snippet:-1","max-image-preview":"max-image-preview:large","max-video-preview":"max-video-preview:-1"},"canonical":"https:\/\/xstyle.md\/ro\/produs\/nozh-boker-plus-poke\/","og_locale":"ro_RO","og_type":"article","og_title":"\u041d\u043e\u0436 Boker Plus Poke - \u041c\u0430\u0433\u0430\u0437\u0438\u043d Xstyle","og_description":"\u0411\u0440\u0435\u043d\u0434 Boker \u2014 \u043e\u0434\u0438\u043d \u0438\u0437 \u0441\u0442\u0430\u0440\u0435\u0439\u0448\u0438\u0445 \u0438 \u0441\u0430\u043c\u044b\u0445 \u0443\u0432\u0430\u0436\u0430\u0435\u043c\u044b\u0445 \u043f\u0440\u043e\u0438\u0437\u0432\u043e\u0434\u0438\u0442\u0435\u043b\u0435\u0439 \u043d\u043e\u0436\u0435\u0439 \u0432 \u043c\u0438\u0440\u0435, \u0447\u044c\u044f \u0438\u0441\u0442\u043e\u0440\u0438\u044f \u043d\u0430\u0447\u0430\u043b\u0430\u0441\u044c \u0432 \u043d\u0435\u043c\u0435\u0446\u043a\u043e\u043c \u0433\u043e\u0440\u043e\u0434\u0435 \u0417\u043e\u043b\u0438\u043d\u0433\u0435\u043d \u0435\u0449\u0435 \u0432 XVII \u0432\u0435\u043a\u0435. \u0411\u0440\u0435\u043d\u0434 \u0437\u043d\u0430\u043c\u0435\u043d\u0438\u0442 \u0441\u0432\u043e\u0438\u043c \u043b\u043e\u0433\u043e\u0442\u0438\u043f\u043e\u043c \u0441 \u0438\u0437\u043e\u0431\u0440\u0430\u0436\u0435\u043d\u0438\u0435\u043c \u043a\u0430\u0448\u0442\u0430\u043d\u0430 \u0438 \u043a\u043e\u043b\u043e\u0441\u0441\u0430\u043b\u044c\u043d\u044b\u043c \u0430\u0441\u0441\u043e\u0440\u0442\u0438\u043c\u0435\u043d\u0442\u043e\u043c: \u043e\u0442 \u043a\u043b\u0430\u0441\u0441\u0438\u0447\u0435\u0441\u043a\u0438\u0445 \u043a\u0430\u0440\u043c\u0430\u043d\u043d\u044b\u0445 \u043d\u043e\u0436\u0435\u0439 \u0434\u043e \u0442\u0430\u043a\u0442\u0438\u0447\u0435\u0441\u043a\u0438\u0445 \u043c\u043e\u0434\u0435\u043b\u0435\u0439 \u0438 \u043e\u043f\u0430\u0441\u043d\u044b\u0445 \u0431\u0440\u0438\u0442\u0432. \u041a\u043e\u043c\u043f\u0430\u043d\u0438\u044f \u043c\u0430\u0441\u0442\u0435\u0440\u0441\u043a\u0438 \u0441\u043e\u0447\u0435\u0442\u0430\u0435\u0442 \u043c\u043d\u043e\u0433\u043e\u0432\u0435\u043a\u043e\u0432\u044b\u0435 \u0442\u0440\u0430\u0434\u0438\u0446\u0438\u0438 \u043d\u0435\u043c\u0435\u0446\u043a\u043e\u0433\u043e \u043a\u0430\u0447\u0435\u0441\u0442\u0432\u0430 \u0441 \u0438\u043d\u043d\u043e\u0432\u0430\u0446\u0438\u043e\u043d\u043d\u044b\u043c\u0438 \u043c\u0430\u0442\u0435\u0440\u0438\u0430\u043b\u0430\u043c\u0438 \u0438 [&hellip;]","og_url":"https:\/\/xstyle.md\/ro\/produs\/nozh-boker-plus-poke\/","og_site_name":"\u041c\u0430\u0433\u0430\u0437\u0438\u043d Xstyle","article_publisher":"https:\/\/www.facebook.com\/xstylemd","article_modified_time":"2026-02-23T10:51:41+00:00","og_image":[{"width":1200,"height":1200,"url":"https:\/\/xstyle.md\/wp-content\/uploads\/2025\/06\/oker-plus-poke-6.webp","type":"image\/webp"}],"twitter_card":"summary_large_image","twitter_misc":{"Pre\u021b":"990&nbsp;MDL","Disponibilitate":"\u00cen stoc"},"schema":{"@context":"https:\/\/schema.org","@graph":[{"@type":"WebPage","@id":"https:\/\/xstyle.md\/product\/nozh-boker-plus-poke\/","url":"https:\/\/xstyle.md\/product\/nozh-boker-plus-poke\/","name":"\u041d\u043e\u0436 Boker Plus Poke - \u041c\u0430\u0433\u0430\u0437\u0438\u043d Xstyle","isPartOf":{"@id":"https:\/\/xstyle.md\/#website"},"primaryImageOfPage":{"@id":"https:\/\/xstyle.md\/product\/nozh-boker-plus-poke\/#primaryimage"},"image":{"@id":"https:\/\/xstyle.md\/product\/nozh-boker-plus-poke\/#primaryimage"},"thumbnailUrl":"https:\/\/xstyle.md\/wp-content\/uploads\/2025\/06\/oker-plus-poke-6.webp","datePublished":"2025-06-12T14:48:33+00:00","dateModified":"2026-02-23T10:51:41+00:00","breadcrumb":{"@id":"https:\/\/xstyle.md\/product\/nozh-boker-plus-poke\/#breadcrumb"},"inLanguage":"ro-RO","potentialAction":[{"@type":"ReadAction","target":["https:\/\/xstyle.md\/product\/nozh-boker-plus-poke\/"]}]},{"@type":"ImageObject","inLanguage":"ro-RO","@id":"https:\/\/xstyle.md\/product\/nozh-boker-plus-poke\/#primaryimage","url":"https:\/\/xstyle.md\/wp-content\/uploads\/2025\/06\/oker-plus-poke-6.webp","contentUrl":"https:\/\/xstyle.md\/wp-content\/uploads\/2025\/06\/oker-plus-poke-6.webp","width":1200,"height":1200,"caption":"\u041c\u0443\u0436\u0441\u043a\u043e\u0439 \u043d\u043e\u0436 Boker Plus Poke \u0434\u043b\u044f \u0430\u043a\u0442\u0438\u0432\u043d\u043e\u0433\u043e \u043e\u0442\u0434\u044b\u0445\u0430, \u043f\u043e\u0445\u043e\u0434\u043e\u0432, \u043f\u0443\u0442\u0435\u0448\u0435\u0441\u0442\u0432\u0438\u0439 \u0438 \u0430\u043b\u044c\u043f\u0438\u043d\u0438\u0437\u043c\u0430 \u043d\u0430 \u0441\u0430\u0439\u0442\u0435 \u043c\u0430\u0433\u0430\u0437\u0438\u043d\u0430 \u0441\u043f\u043e\u0440\u0442\u0438\u0432\u043d\u043e\u0439 \u043e\u0434\u0435\u0436\u0434\u044b \u0438 \u043e\u0431\u0443\u0432\u0438 \u0434\u043b\u044f \u0430\u043a\u0442\u0438\u0432\u043d\u043e\u0433\u043e \u043e\u0431\u0440\u0430\u0437\u0430 \u0436\u0438\u0437\u043d\u0438"},{"@type":"BreadcrumbList","@id":"https:\/\/xstyle.md\/product\/nozh-boker-plus-poke\/#breadcrumb","itemListElement":[{"@type":"ListItem","position":1,"name":"\u0413\u043b\u0430\u0432\u043d\u0430\u044f \u0441\u0442\u0440\u0430\u043d\u0438\u0446\u0430","item":"https:\/\/xstyle.md\/"},{"@type":"ListItem","position":2,"name":"\u041c\u0430\u0433\u0430\u0437\u0438\u043d","item":"https:\/\/xstyle.md\/shop\/"},{"@type":"ListItem","position":3,"name":"\u041d\u043e\u0436 Boker Plus Poke"}]},{"@type":"WebSite","@id":"https:\/\/xstyle.md\/#website","url":"https:\/\/xstyle.md\/","name":"Magazinul X-Style","description":"Echipamente pentru turism \u0219i sporturi extreme \u00een Moldova. Pre\u021buri, fotografii, caracteristici \u00een Moldova.","publisher":{"@id":"https:\/\/xstyle.md\/#organization"},"alternateName":"X-Style","potentialAction":[{"@type":"SearchAction","target":{"@type":"EntryPoint","urlTemplate":"https:\/\/xstyle.md\/?s={search_term_string}"},"query-input":{"@type":"PropertyValueSpecification","valueRequired":true,"valueName":"search_term_string"}}],"inLanguage":"ro-RO"},{"@type":"Organization","@id":"https:\/\/xstyle.md\/#organization","name":"Magazinul X-Style","alternateName":"x-style","url":"https:\/\/xstyle.md\/","logo":{"@type":"ImageObject","inLanguage":"ro-RO","@id":"https:\/\/xstyle.md\/#\/schema\/logo\/image\/","url":"https:\/\/xstyle.md\/wp-content\/uploads\/2020\/06\/logoicon.svg","contentUrl":"https:\/\/xstyle.md\/wp-content\/uploads\/2020\/06\/logoicon.svg","caption":"\u041c\u0430\u0433\u0430\u0437\u0438\u043d Xstyle"},"image":{"@id":"https:\/\/xstyle.md\/#\/schema\/logo\/image\/"},"sameAs":["https:\/\/www.facebook.com\/xstylemd","https:\/\/www.instagram.com\/xstyle_md\/","https:\/\/t.me\/xstyle_outdoor"],"hasMerchantReturnPolicy":{"@type":"MerchantReturnPolicy","merchantReturnLink":"https:\/\/xstyle.md\/ro\/conditions\/"}}]},"product_price_amount":"990.00","product_price_currency":"MDL","og_availability":"instock","product_availability":"instock","product_retailer_item_id":"4045011268649","product_condition":"new"},"_links":{"self":[{"href":"https:\/\/xstyle.md\/ro\/wp-json\/wp\/v2\/product\/94760","targetHints":{"allow":["GET"]}}],"collection":[{"href":"https:\/\/xstyle.md\/ro\/wp-json\/wp\/v2\/product"}],"about":[{"href":"https:\/\/xstyle.md\/ro\/wp-json\/wp\/v2\/types\/product"}],"replies":[{"embeddable":true,"href":"https:\/\/xstyle.md\/ro\/wp-json\/wp\/v2\/comments?post=94760"}],"wp:featuredmedia":[{"embeddable":true,"href":"https:\/\/xstyle.md\/ro\/wp-json\/wp\/v2\/media\/101980"}],"wp:attachment":[{"href":"https:\/\/xstyle.md\/ro\/wp-json\/wp\/v2\/media?parent=94760"}],"wp:term":[{"taxonomy":"product_brand","embeddable":true,"href":"https:\/\/xstyle.md\/ro\/wp-json\/wp\/v2\/product_brand?post=94760"},{"taxonomy":"product_cat","embeddable":true,"href":"https:\/\/xstyle.md\/ro\/wp-json\/wp\/v2\/product_cat?post=94760"},{"taxonomy":"product_tag","embeddable":true,"href":"https:\/\/xstyle.md\/ro\/wp-json\/wp\/v2\/product_tag?post=94760"}],"curies":[{"name":"wp","href":"https:\/\/api.w.org\/{rel}","templated":true}]}}