{"id":94730,"date":"2025-06-12T17:48:18","date_gmt":"2025-06-12T14:48:18","guid":{"rendered":"https:\/\/xstyle.md\/?post_type=product&#038;p=94730"},"modified":"2026-02-17T14:59:36","modified_gmt":"2026-02-17T11:59:36","slug":"trekkingovye-palki-black-diamond-trail-trekking-pine-smoke","status":"publish","type":"product","link":"https:\/\/xstyle.md\/ro\/produs\/trekkingovye-palki-black-diamond-trail-trekking-pine-smoke\/","title":{"rendered":"Be\u021be trekking Black Diamond Trail Trekking Pine Smoke"},"content":{"rendered":"<\/p>\n<p><strong>Be\u021be trekking Black Diamond Trail Trekking Pine Smoke<\/strong> &#8212; echilibreaz\u0103 confortul, func\u021bionalitatea \u0219i fiabilitatea, modelul este reglabil din 3 sec\u021biuni, dispune de un m\u00e2ner actualizat din spum\u0103 EVA pentru un plus de confort \u0219i o curea plu\u0219at\u0103 Variwidth, fabricat\u0103 par\u021bial din materiale reciclate, pentru o siguran\u021b\u0103 sporit\u0103 \u0219i o manevrare mai bun\u0103.<\/p>\n<p>Sistemul Dual FlickLocks\u00ae ofer\u0103 o ajustabilitate complet\u0103 pentru a se adapta terenului. Vine echipat cu rozete de z\u0103pad\u0103 pentru condi\u021biile de traseu specifice sezoanelor de tranzi\u021bie.<\/p>\n<h3>Particularit\u0103\u021bi<\/h3>\n<ul>\n<li>Partea superioar\u0103 a m\u00e2nerului moale la atingere, cu priz\u0103 din spum\u0103 EVA \u0219i extensie de m\u00e2ner<\/li>\n<li>Curea confortabil\u0103 Variwidth c\u0103ptu\u0219it\u0103<\/li>\n<li>Sistem de reglare FlickLock\u00ae<\/li>\n<li>V\u00e2rfuri flexibile pentru 4 sezoane, cu rozete de trekking \u0219i de z\u0103pad\u0103 incluse<\/li>\n<\/ul>\n<h3>Caracteristici<\/h3>\n<ul>\n<li>Material &#8212; 100% aluminiu<\/li>\n<li>Sistem de blocare &#8212; FlickLock (nailon de \u00eenalt\u0103 rezisten\u021b\u0103)<\/li>\n<li>V\u00e2rf &#8212; carbur\u0103, o\u021bel<\/li>\n<li>Curea (ching\u0103) &#8212; nailon, poliester<\/li>\n<li>M\u00e2ner &#8212; spum\u0103 EVA<\/li>\n<li>Destina\u021bie &#8212; trekking<\/li>\n<li>Lungime &#8212; 100\u2013140 cm<\/li>\n<li>Pachetul con\u021bine &#8212; 2 buc\u0103\u021bi (pereche)<\/li>\n<li>Greutate (pereche) &#8212; 480 g<\/li>\n<\/ul>\n<p><\/p>\n<h3>Marca<\/h3>\n<p>Black Diamond - este un produc\u0103tor american de echipament sportiv \u0219i turistic de \u00eenalt\u0103 tehnologie, un dezvoltator legendar \u0219i \u201erevolu\u021bionar\u201d, fiind unul dintre cele mai cunoscute \u0219i autoritare branduri existente ast\u0103zi pe pia\u021ba mondial\u0103 de outdoor. Produsele companiei acoper\u0103 pe scar\u0103 larg\u0103 domenii precum alpinismul, escalada \u0219i schiul alpin. \u201eFier\u0103raia\u201d \u0219i carabinierele, echipamentul de ghea\u021b\u0103, sistemele de asigurare, c\u0103\u0219tile, rucsacurile, corturile, lanternele, be\u021bele telescopice, schiurile, cl\u0103parii \u0219i \u00eembr\u0103c\u0103mintea \u2013 toate acestea sunt fabricate de zeci de ani sub sigla Black Diamond. Acest logo simbolizeaz\u0103 tehnologiile de v\u00e2rf \u0219i reprezint\u0103 o garan\u021bie a calit\u0103\u021bii supreme, a fiabilit\u0103\u021bii maxime \u0219i a confortului \u00een utilizare.<\/p>","protected":false},"excerpt":{"rendered":"<p>\u0411\u0440\u0435\u043d\u0434 Black Diamond \u2013 \u0430\u043c\u0435\u0440\u0438\u043a\u0430\u043d\u0441\u043a\u0438\u0439 \u043f\u0440\u043e\u0438\u0437\u0432\u043e\u0434\u0438\u0442\u0435\u043b\u044c \u0432\u044b\u0441\u043e\u043a\u043e\u0442\u0435\u0445\u043d\u043e\u043b\u043e\u0433\u0438\u0447\u043d\u043e\u0433\u043e \u0441\u043f\u043e\u0440\u0442\u0438\u0432\u043d\u043e-\u0442\u0443\u0440\u0438\u0441\u0442\u0438\u0447\u0435\u0441\u043a\u043e\u0433\u043e \u0441\u043d\u0430\u0440\u044f\u0436\u0435\u043d\u0438\u044f, \u043b\u0435\u0433\u0435\u043d\u0434\u0430\u0440\u043d\u044b\u0439 \u0440\u0430\u0437\u0440\u0430\u0431\u043e\u0442\u0447\u0438\u043a \u0438 \u00ab\u0440\u0435\u0432\u043e\u043b\u044e\u0446\u0438\u043e\u043d\u0435\u0440\u00bb, \u043e\u0434\u0438\u043d \u0438\u0437 \u0441\u0430\u043c\u044b\u0445 \u0438\u0437\u0432\u0435\u0441\u0442\u043d\u044b\u0445 \u0438 \u0430\u0432\u0442\u043e\u0440\u0438\u0442\u0435\u0442\u043d\u044b\u0445 \u0431\u0440\u0435\u043d\u0434\u043e\u0432, \u0441\u0443\u0449\u0435\u0441\u0442\u0432\u0443\u044e\u0449\u0438\u0445 \u0441\u0435\u0433\u043e\u0434\u043d\u044f \u043d\u0430 \u043c\u0438\u0440\u043e\u0432\u043e\u043c outdoor-\u0440\u044b\u043d\u043a\u0435. \u041f\u0440\u043e\u0434\u0443\u043a\u0446\u0438\u0435\u0439 \u043a\u043e\u043c\u043f\u0430\u043d\u0438\u0438 \u0448\u0438\u0440\u043e\u043a\u043e \u043f\u0440\u0435\u0434\u0441\u0442\u0430\u0432\u043b\u0435\u043d\u044b \u0442\u0430\u043a\u0438\u0435 \u043d\u0430\u043f\u0440\u0430\u0432\u043b\u0435\u043d\u0438\u044f, \u043a\u0430\u043a \u0430\u043b\u044c\u043f\u0438\u043d\u0438\u0437\u043c, \u0441\u043a\u0430\u043b\u043e\u043b\u0430\u0437\u0430\u043d\u0438\u0435 \u0438 \u0433\u043e\u0440\u043d\u043e\u043b\u044b\u0436\u043d\u044b\u0439 \u0441\u043f\u043e\u0440\u0442. \u00ab\u0416\u0435\u043b\u0435\u0437\u043e\u00bb \u0438 \u043a\u0430\u0440\u0430\u0431\u0438\u043d\u044b, \u043b\u0435\u0434\u043e\u0432\u043e\u0435 \u0441\u043d\u0430\u0440\u044f\u0436\u0435\u043d\u0438\u0435, \u0441\u0442\u0440\u0430\u0445\u043e\u0432\u043e\u0447\u043d\u044b\u0435 \u0441\u0438\u0441\u0442\u0435\u043c\u044b, \u043a\u0430\u0441\u043a\u0438, \u0440\u044e\u043a\u0437\u0430\u043a\u0438, \u043f\u0430\u043b\u0430\u0442\u043a\u0438, \u0444\u043e\u043d\u0430\u0440\u0438, \u0442\u0435\u043b\u0435\u0441\u043a\u043e\u043f\u0438\u0447\u0435\u0441\u043a\u0438\u0435 \u043f\u0430\u043b\u043a\u0438, \u043b\u044b\u0436\u0438, \u0431\u043e\u0442\u0438\u043d\u043a\u0438, \u043e\u0434\u0435\u0436\u0434\u0430 \u2013 \u0432\u0441\u0435 [&hellip;]<\/p>\n","protected":false},"featured_media":101538,"comment_status":"open","ping_status":"closed","template":"","meta":{"_acf_changed":false,"inline_featured_image":false},"product_brand":[1306],"product_cat":[414],"product_tag":[],"class_list":{"0":"post-94730","1":"product","2":"type-product","3":"status-publish","4":"has-post-thumbnail","6":"product_brand-black-diamond","7":"product_cat-stalpi-de-trekking","9":"first","10":"instock","11":"shipping-taxable","12":"purchasable","13":"product-type-simple"},"acf":[],"yoast_head":"<!-- This site is optimized with the Yoast SEO plugin v27.2 - https:\/\/yoast.com\/product\/yoast-seo-wordpress\/ -->\n<title>\u0422\u0440\u0435\u043a\u043a\u0438\u043d\u0433\u043e\u0432\u044b\u0435 \u043f\u0430\u043b\u043a\u0438 Black Diamond Trail Trekking Pine Smoke - \u041c\u0430\u0433\u0430\u0437\u0438\u043d Xstyle<\/title>\n<meta name=\"robots\" content=\"index, follow, max-snippet:-1, max-image-preview:large, max-video-preview:-1\" \/>\n<link rel=\"canonical\" href=\"https:\/\/xstyle.md\/ro\/produs\/trekkingovye-palki-black-diamond-trail-trekking-pine-smoke\/\" \/>\n<meta property=\"og:locale\" content=\"ro_RO\" \/>\n<meta property=\"og:type\" content=\"article\" \/>\n<meta property=\"og:title\" content=\"\u0422\u0440\u0435\u043a\u043a\u0438\u043d\u0433\u043e\u0432\u044b\u0435 \u043f\u0430\u043b\u043a\u0438 Black Diamond Trail Trekking Pine Smoke - \u041c\u0430\u0433\u0430\u0437\u0438\u043d Xstyle\" \/>\n<meta property=\"og:description\" content=\"\u0411\u0440\u0435\u043d\u0434 Black Diamond \u2013 \u0430\u043c\u0435\u0440\u0438\u043a\u0430\u043d\u0441\u043a\u0438\u0439 \u043f\u0440\u043e\u0438\u0437\u0432\u043e\u0434\u0438\u0442\u0435\u043b\u044c \u0432\u044b\u0441\u043e\u043a\u043e\u0442\u0435\u0445\u043d\u043e\u043b\u043e\u0433\u0438\u0447\u043d\u043e\u0433\u043e \u0441\u043f\u043e\u0440\u0442\u0438\u0432\u043d\u043e-\u0442\u0443\u0440\u0438\u0441\u0442\u0438\u0447\u0435\u0441\u043a\u043e\u0433\u043e \u0441\u043d\u0430\u0440\u044f\u0436\u0435\u043d\u0438\u044f, \u043b\u0435\u0433\u0435\u043d\u0434\u0430\u0440\u043d\u044b\u0439 \u0440\u0430\u0437\u0440\u0430\u0431\u043e\u0442\u0447\u0438\u043a \u0438 \u00ab\u0440\u0435\u0432\u043e\u043b\u044e\u0446\u0438\u043e\u043d\u0435\u0440\u00bb, \u043e\u0434\u0438\u043d \u0438\u0437 \u0441\u0430\u043c\u044b\u0445 \u0438\u0437\u0432\u0435\u0441\u0442\u043d\u044b\u0445 \u0438 \u0430\u0432\u0442\u043e\u0440\u0438\u0442\u0435\u0442\u043d\u044b\u0445 \u0431\u0440\u0435\u043d\u0434\u043e\u0432, \u0441\u0443\u0449\u0435\u0441\u0442\u0432\u0443\u044e\u0449\u0438\u0445 \u0441\u0435\u0433\u043e\u0434\u043d\u044f \u043d\u0430 \u043c\u0438\u0440\u043e\u0432\u043e\u043c outdoor-\u0440\u044b\u043d\u043a\u0435. \u041f\u0440\u043e\u0434\u0443\u043a\u0446\u0438\u0435\u0439 \u043a\u043e\u043c\u043f\u0430\u043d\u0438\u0438 \u0448\u0438\u0440\u043e\u043a\u043e \u043f\u0440\u0435\u0434\u0441\u0442\u0430\u0432\u043b\u0435\u043d\u044b \u0442\u0430\u043a\u0438\u0435 \u043d\u0430\u043f\u0440\u0430\u0432\u043b\u0435\u043d\u0438\u044f, \u043a\u0430\u043a \u0430\u043b\u044c\u043f\u0438\u043d\u0438\u0437\u043c, \u0441\u043a\u0430\u043b\u043e\u043b\u0430\u0437\u0430\u043d\u0438\u0435 \u0438 \u0433\u043e\u0440\u043d\u043e\u043b\u044b\u0436\u043d\u044b\u0439 \u0441\u043f\u043e\u0440\u0442. \u00ab\u0416\u0435\u043b\u0435\u0437\u043e\u00bb \u0438 \u043a\u0430\u0440\u0430\u0431\u0438\u043d\u044b, \u043b\u0435\u0434\u043e\u0432\u043e\u0435 \u0441\u043d\u0430\u0440\u044f\u0436\u0435\u043d\u0438\u0435, \u0441\u0442\u0440\u0430\u0445\u043e\u0432\u043e\u0447\u043d\u044b\u0435 \u0441\u0438\u0441\u0442\u0435\u043c\u044b, \u043a\u0430\u0441\u043a\u0438, \u0440\u044e\u043a\u0437\u0430\u043a\u0438, \u043f\u0430\u043b\u0430\u0442\u043a\u0438, \u0444\u043e\u043d\u0430\u0440\u0438, \u0442\u0435\u043b\u0435\u0441\u043a\u043e\u043f\u0438\u0447\u0435\u0441\u043a\u0438\u0435 \u043f\u0430\u043b\u043a\u0438, \u043b\u044b\u0436\u0438, \u0431\u043e\u0442\u0438\u043d\u043a\u0438, \u043e\u0434\u0435\u0436\u0434\u0430 \u2013 \u0432\u0441\u0435 [&hellip;]\" \/>\n<meta property=\"og:url\" content=\"https:\/\/xstyle.md\/ro\/produs\/trekkingovye-palki-black-diamond-trail-trekking-pine-smoke\/\" \/>\n<meta property=\"og:site_name\" content=\"\u041c\u0430\u0433\u0430\u0437\u0438\u043d Xstyle\" \/>\n<meta property=\"article:publisher\" content=\"https:\/\/www.facebook.com\/xstylemd\" \/>\n<meta property=\"article:modified_time\" content=\"2026-02-17T11:59:36+00:00\" \/>\n<meta property=\"og:image\" content=\"https:\/\/xstyle.md\/wp-content\/uploads\/2025\/06\/black-diamond-trail-trekking-pine-smoke-1.webp\" \/>\n\t<meta property=\"og:image:width\" content=\"1200\" \/>\n\t<meta property=\"og:image:height\" content=\"1200\" \/>\n\t<meta property=\"og:image:type\" content=\"image\/webp\" \/>\n<meta name=\"twitter:card\" content=\"summary_large_image\" \/>\n<meta name=\"twitter:label1\" content=\"Pre\u021b\" \/>\n\t<meta name=\"twitter:data1\" content=\"2.390&nbsp;MDL\" \/>\n\t<meta name=\"twitter:label2\" content=\"Disponibilitate\" \/>\n\t<meta name=\"twitter:data2\" content=\"\u00cen stoc\" \/>\n<script type=\"application\/ld+json\" class=\"yoast-schema-graph\">{\"@context\":\"https:\/\/schema.org\",\"@graph\":[{\"@type\":\"WebPage\",\"@id\":\"https:\/\/xstyle.md\/product\/trekkingovye-palki-black-diamond-trail-trekking-pine-smoke\/\",\"url\":\"https:\/\/xstyle.md\/product\/trekkingovye-palki-black-diamond-trail-trekking-pine-smoke\/\",\"name\":\"\u0422\u0440\u0435\u043a\u043a\u0438\u043d\u0433\u043e\u0432\u044b\u0435 \u043f\u0430\u043b\u043a\u0438 Black Diamond Trail Trekking Pine Smoke - \u041c\u0430\u0433\u0430\u0437\u0438\u043d Xstyle\",\"isPartOf\":{\"@id\":\"https:\/\/xstyle.md\/#website\"},\"primaryImageOfPage\":{\"@id\":\"https:\/\/xstyle.md\/product\/trekkingovye-palki-black-diamond-trail-trekking-pine-smoke\/#primaryimage\"},\"image\":{\"@id\":\"https:\/\/xstyle.md\/product\/trekkingovye-palki-black-diamond-trail-trekking-pine-smoke\/#primaryimage\"},\"thumbnailUrl\":\"https:\/\/xstyle.md\/wp-content\/uploads\/2025\/06\/black-diamond-trail-trekking-pine-smoke-1.webp\",\"datePublished\":\"2025-06-12T14:48:18+00:00\",\"dateModified\":\"2026-02-17T11:59:36+00:00\",\"breadcrumb\":{\"@id\":\"https:\/\/xstyle.md\/product\/trekkingovye-palki-black-diamond-trail-trekking-pine-smoke\/#breadcrumb\"},\"inLanguage\":\"ro-RO\",\"potentialAction\":[{\"@type\":\"ReadAction\",\"target\":[\"https:\/\/xstyle.md\/product\/trekkingovye-palki-black-diamond-trail-trekking-pine-smoke\/\"]}]},{\"@type\":\"ImageObject\",\"inLanguage\":\"ro-RO\",\"@id\":\"https:\/\/xstyle.md\/product\/trekkingovye-palki-black-diamond-trail-trekking-pine-smoke\/#primaryimage\",\"url\":\"https:\/\/xstyle.md\/wp-content\/uploads\/2025\/06\/black-diamond-trail-trekking-pine-smoke-1.webp\",\"contentUrl\":\"https:\/\/xstyle.md\/wp-content\/uploads\/2025\/06\/black-diamond-trail-trekking-pine-smoke-1.webp\",\"width\":1200,\"height\":1200,\"caption\":\"\u0422\u0440\u0435\u043a\u043a\u0438\u043d\u0433\u043e\u0432\u044b\u0435 \u043f\u0430\u043b\u043a\u0438 Black Diamond Trail Trekking Pine Smoke \u0434\u043b\u044f \u0430\u043a\u0442\u0438\u0432\u043d\u043e\u0433\u043e \u043e\u0442\u0434\u044b\u0445\u0430 \u043f\u043e\u0445\u043e\u0434\u043e\u0432 \u0438 \u043f\u0443\u0442\u0435\u0448\u0435\u0441\u0442\u0432\u0438\u0439 \u043d\u0430 \u043e\u043d\u043b\u0430\u0439\u043d \u043c\u0430\u0433\u0430\u0437\u0438\u043d\u0435 \u0441\u043f\u043e\u0440\u0442\u0438\u0432\u043d\u043e\u0439 \u044d\u043a\u0438\u043f\u0438\u0440\u043e\u0432\u043a\u0438\"},{\"@type\":\"BreadcrumbList\",\"@id\":\"https:\/\/xstyle.md\/product\/trekkingovye-palki-black-diamond-trail-trekking-pine-smoke\/#breadcrumb\",\"itemListElement\":[{\"@type\":\"ListItem\",\"position\":1,\"name\":\"\u0413\u043b\u0430\u0432\u043d\u0430\u044f \u0441\u0442\u0440\u0430\u043d\u0438\u0446\u0430\",\"item\":\"https:\/\/xstyle.md\/\"},{\"@type\":\"ListItem\",\"position\":2,\"name\":\"\u041c\u0430\u0433\u0430\u0437\u0438\u043d\",\"item\":\"https:\/\/xstyle.md\/shop\/\"},{\"@type\":\"ListItem\",\"position\":3,\"name\":\"\u0422\u0440\u0435\u043a\u043a\u0438\u043d\u0433\u043e\u0432\u044b\u0435 \u043f\u0430\u043b\u043a\u0438 Black Diamond Trail Trekking Pine Smoke\"}]},{\"@type\":\"WebSite\",\"@id\":\"https:\/\/xstyle.md\/#website\",\"url\":\"https:\/\/xstyle.md\/\",\"name\":\"\u041c\u0430\u0433\u0430\u0437\u0438\u043d Xstyle\",\"description\":\"C\u043d\u0430\u0440\u044f\u0436\u0435\u043d\u0438\u0435 \u0434\u043b\u044f \u0442\u0443\u0440\u0438\u0437\u043c\u0430 \u0438 \u044d\u043a\u0441\u0442\u0440\u0435\u043c\u0430\u043b\u044c\u043d\u044b\u0445 \u0432\u0438\u0434\u043e\u0432 \u0441\u043f\u043e\u0440\u0442\u0430 \u0432 \u041c\u043e\u043b\u0434\u043e\u0432\u0435.. \u0426\u0435\u043d\u044b, \u0444\u043e\u0442\u043e, \u0445\u0430\u0440\u0430\u043a\u0442\u0435\u0440\u0438\u0441\u0442\u0438\u043a\u0438 \u0432 \u041c\u043e\u043b\u0434\u043e\u0432\u0435.\",\"publisher\":{\"@id\":\"https:\/\/xstyle.md\/#organization\"},\"alternateName\":\"X-Style\",\"potentialAction\":[{\"@type\":\"SearchAction\",\"target\":{\"@type\":\"EntryPoint\",\"urlTemplate\":\"https:\/\/xstyle.md\/?s={search_term_string}\"},\"query-input\":{\"@type\":\"PropertyValueSpecification\",\"valueRequired\":true,\"valueName\":\"search_term_string\"}}],\"inLanguage\":\"ro-RO\"},{\"@type\":\"Organization\",\"@id\":\"https:\/\/xstyle.md\/#organization\",\"name\":\"\u041c\u0430\u0433\u0430\u0437\u0438\u043d Xstyle\",\"alternateName\":\"x-style\",\"url\":\"https:\/\/xstyle.md\/\",\"logo\":{\"@type\":\"ImageObject\",\"inLanguage\":\"ro-RO\",\"@id\":\"https:\/\/xstyle.md\/#\/schema\/logo\/image\/\",\"url\":\"https:\/\/xstyle.md\/wp-content\/uploads\/2020\/06\/logoicon.svg\",\"contentUrl\":\"https:\/\/xstyle.md\/wp-content\/uploads\/2020\/06\/logoicon.svg\",\"caption\":\"\u041c\u0430\u0433\u0430\u0437\u0438\u043d Xstyle\"},\"image\":{\"@id\":\"https:\/\/xstyle.md\/#\/schema\/logo\/image\/\"},\"sameAs\":[\"https:\/\/www.facebook.com\/xstylemd\",\"https:\/\/www.instagram.com\/xstyle_md\/\",\"https:\/\/t.me\/xstyle_outdoor\"],\"hasMerchantReturnPolicy\":{\"@type\":\"MerchantReturnPolicy\",\"merchantReturnLink\":\"https:\/\/xstyle.md\/ro\/conditions\/\"}}]}<\/script>\n<meta property=\"product:price:amount\" content=\"2390.00\" \/>\n<meta property=\"product:price:currency\" content=\"MDL\" \/>\n<meta property=\"og:availability\" content=\"instock\" \/>\n<meta property=\"product:availability\" content=\"instock\" \/>\n<meta property=\"product:retailer_item_id\" content=\"793661665182\" \/>\n<meta property=\"product:condition\" content=\"new\" \/>\n<!-- \/ Yoast SEO plugin. -->","yoast_head_json":{"title":"\u0422\u0440\u0435\u043a\u043a\u0438\u043d\u0433\u043e\u0432\u044b\u0435 \u043f\u0430\u043b\u043a\u0438 Black Diamond Trail Trekking Pine Smoke - \u041c\u0430\u0433\u0430\u0437\u0438\u043d Xstyle","robots":{"index":"index","follow":"follow","max-snippet":"max-snippet:-1","max-image-preview":"max-image-preview:large","max-video-preview":"max-video-preview:-1"},"canonical":"https:\/\/xstyle.md\/ro\/produs\/trekkingovye-palki-black-diamond-trail-trekking-pine-smoke\/","og_locale":"ro_RO","og_type":"article","og_title":"\u0422\u0440\u0435\u043a\u043a\u0438\u043d\u0433\u043e\u0432\u044b\u0435 \u043f\u0430\u043b\u043a\u0438 Black Diamond Trail Trekking Pine Smoke - \u041c\u0430\u0433\u0430\u0437\u0438\u043d Xstyle","og_description":"\u0411\u0440\u0435\u043d\u0434 Black Diamond \u2013 \u0430\u043c\u0435\u0440\u0438\u043a\u0430\u043d\u0441\u043a\u0438\u0439 \u043f\u0440\u043e\u0438\u0437\u0432\u043e\u0434\u0438\u0442\u0435\u043b\u044c \u0432\u044b\u0441\u043e\u043a\u043e\u0442\u0435\u0445\u043d\u043e\u043b\u043e\u0433\u0438\u0447\u043d\u043e\u0433\u043e \u0441\u043f\u043e\u0440\u0442\u0438\u0432\u043d\u043e-\u0442\u0443\u0440\u0438\u0441\u0442\u0438\u0447\u0435\u0441\u043a\u043e\u0433\u043e \u0441\u043d\u0430\u0440\u044f\u0436\u0435\u043d\u0438\u044f, \u043b\u0435\u0433\u0435\u043d\u0434\u0430\u0440\u043d\u044b\u0439 \u0440\u0430\u0437\u0440\u0430\u0431\u043e\u0442\u0447\u0438\u043a \u0438 \u00ab\u0440\u0435\u0432\u043e\u043b\u044e\u0446\u0438\u043e\u043d\u0435\u0440\u00bb, \u043e\u0434\u0438\u043d \u0438\u0437 \u0441\u0430\u043c\u044b\u0445 \u0438\u0437\u0432\u0435\u0441\u0442\u043d\u044b\u0445 \u0438 \u0430\u0432\u0442\u043e\u0440\u0438\u0442\u0435\u0442\u043d\u044b\u0445 \u0431\u0440\u0435\u043d\u0434\u043e\u0432, \u0441\u0443\u0449\u0435\u0441\u0442\u0432\u0443\u044e\u0449\u0438\u0445 \u0441\u0435\u0433\u043e\u0434\u043d\u044f \u043d\u0430 \u043c\u0438\u0440\u043e\u0432\u043e\u043c outdoor-\u0440\u044b\u043d\u043a\u0435. \u041f\u0440\u043e\u0434\u0443\u043a\u0446\u0438\u0435\u0439 \u043a\u043e\u043c\u043f\u0430\u043d\u0438\u0438 \u0448\u0438\u0440\u043e\u043a\u043e \u043f\u0440\u0435\u0434\u0441\u0442\u0430\u0432\u043b\u0435\u043d\u044b \u0442\u0430\u043a\u0438\u0435 \u043d\u0430\u043f\u0440\u0430\u0432\u043b\u0435\u043d\u0438\u044f, \u043a\u0430\u043a \u0430\u043b\u044c\u043f\u0438\u043d\u0438\u0437\u043c, \u0441\u043a\u0430\u043b\u043e\u043b\u0430\u0437\u0430\u043d\u0438\u0435 \u0438 \u0433\u043e\u0440\u043d\u043e\u043b\u044b\u0436\u043d\u044b\u0439 \u0441\u043f\u043e\u0440\u0442. \u00ab\u0416\u0435\u043b\u0435\u0437\u043e\u00bb \u0438 \u043a\u0430\u0440\u0430\u0431\u0438\u043d\u044b, \u043b\u0435\u0434\u043e\u0432\u043e\u0435 \u0441\u043d\u0430\u0440\u044f\u0436\u0435\u043d\u0438\u0435, \u0441\u0442\u0440\u0430\u0445\u043e\u0432\u043e\u0447\u043d\u044b\u0435 \u0441\u0438\u0441\u0442\u0435\u043c\u044b, \u043a\u0430\u0441\u043a\u0438, \u0440\u044e\u043a\u0437\u0430\u043a\u0438, \u043f\u0430\u043b\u0430\u0442\u043a\u0438, \u0444\u043e\u043d\u0430\u0440\u0438, \u0442\u0435\u043b\u0435\u0441\u043a\u043e\u043f\u0438\u0447\u0435\u0441\u043a\u0438\u0435 \u043f\u0430\u043b\u043a\u0438, \u043b\u044b\u0436\u0438, \u0431\u043e\u0442\u0438\u043d\u043a\u0438, \u043e\u0434\u0435\u0436\u0434\u0430 \u2013 \u0432\u0441\u0435 [&hellip;]","og_url":"https:\/\/xstyle.md\/ro\/produs\/trekkingovye-palki-black-diamond-trail-trekking-pine-smoke\/","og_site_name":"\u041c\u0430\u0433\u0430\u0437\u0438\u043d Xstyle","article_publisher":"https:\/\/www.facebook.com\/xstylemd","article_modified_time":"2026-02-17T11:59:36+00:00","og_image":[{"width":1200,"height":1200,"url":"https:\/\/xstyle.md\/wp-content\/uploads\/2025\/06\/black-diamond-trail-trekking-pine-smoke-1.webp","type":"image\/webp"}],"twitter_card":"summary_large_image","twitter_misc":{"Pre\u021b":"2.390&nbsp;MDL","Disponibilitate":"\u00cen stoc"},"schema":{"@context":"https:\/\/schema.org","@graph":[{"@type":"WebPage","@id":"https:\/\/xstyle.md\/product\/trekkingovye-palki-black-diamond-trail-trekking-pine-smoke\/","url":"https:\/\/xstyle.md\/product\/trekkingovye-palki-black-diamond-trail-trekking-pine-smoke\/","name":"\u0422\u0440\u0435\u043a\u043a\u0438\u043d\u0433\u043e\u0432\u044b\u0435 \u043f\u0430\u043b\u043a\u0438 Black Diamond Trail Trekking Pine Smoke - \u041c\u0430\u0433\u0430\u0437\u0438\u043d Xstyle","isPartOf":{"@id":"https:\/\/xstyle.md\/#website"},"primaryImageOfPage":{"@id":"https:\/\/xstyle.md\/product\/trekkingovye-palki-black-diamond-trail-trekking-pine-smoke\/#primaryimage"},"image":{"@id":"https:\/\/xstyle.md\/product\/trekkingovye-palki-black-diamond-trail-trekking-pine-smoke\/#primaryimage"},"thumbnailUrl":"https:\/\/xstyle.md\/wp-content\/uploads\/2025\/06\/black-diamond-trail-trekking-pine-smoke-1.webp","datePublished":"2025-06-12T14:48:18+00:00","dateModified":"2026-02-17T11:59:36+00:00","breadcrumb":{"@id":"https:\/\/xstyle.md\/product\/trekkingovye-palki-black-diamond-trail-trekking-pine-smoke\/#breadcrumb"},"inLanguage":"ro-RO","potentialAction":[{"@type":"ReadAction","target":["https:\/\/xstyle.md\/product\/trekkingovye-palki-black-diamond-trail-trekking-pine-smoke\/"]}]},{"@type":"ImageObject","inLanguage":"ro-RO","@id":"https:\/\/xstyle.md\/product\/trekkingovye-palki-black-diamond-trail-trekking-pine-smoke\/#primaryimage","url":"https:\/\/xstyle.md\/wp-content\/uploads\/2025\/06\/black-diamond-trail-trekking-pine-smoke-1.webp","contentUrl":"https:\/\/xstyle.md\/wp-content\/uploads\/2025\/06\/black-diamond-trail-trekking-pine-smoke-1.webp","width":1200,"height":1200,"caption":"\u0422\u0440\u0435\u043a\u043a\u0438\u043d\u0433\u043e\u0432\u044b\u0435 \u043f\u0430\u043b\u043a\u0438 Black Diamond Trail Trekking Pine Smoke \u0434\u043b\u044f \u0430\u043a\u0442\u0438\u0432\u043d\u043e\u0433\u043e \u043e\u0442\u0434\u044b\u0445\u0430 \u043f\u043e\u0445\u043e\u0434\u043e\u0432 \u0438 \u043f\u0443\u0442\u0435\u0448\u0435\u0441\u0442\u0432\u0438\u0439 \u043d\u0430 \u043e\u043d\u043b\u0430\u0439\u043d \u043c\u0430\u0433\u0430\u0437\u0438\u043d\u0435 \u0441\u043f\u043e\u0440\u0442\u0438\u0432\u043d\u043e\u0439 \u044d\u043a\u0438\u043f\u0438\u0440\u043e\u0432\u043a\u0438"},{"@type":"BreadcrumbList","@id":"https:\/\/xstyle.md\/product\/trekkingovye-palki-black-diamond-trail-trekking-pine-smoke\/#breadcrumb","itemListElement":[{"@type":"ListItem","position":1,"name":"\u0413\u043b\u0430\u0432\u043d\u0430\u044f \u0441\u0442\u0440\u0430\u043d\u0438\u0446\u0430","item":"https:\/\/xstyle.md\/"},{"@type":"ListItem","position":2,"name":"\u041c\u0430\u0433\u0430\u0437\u0438\u043d","item":"https:\/\/xstyle.md\/shop\/"},{"@type":"ListItem","position":3,"name":"\u0422\u0440\u0435\u043a\u043a\u0438\u043d\u0433\u043e\u0432\u044b\u0435 \u043f\u0430\u043b\u043a\u0438 Black Diamond Trail Trekking Pine Smoke"}]},{"@type":"WebSite","@id":"https:\/\/xstyle.md\/#website","url":"https:\/\/xstyle.md\/","name":"Magazinul X-Style","description":"Echipamente pentru turism \u0219i sporturi extreme \u00een Moldova. Pre\u021buri, fotografii, caracteristici \u00een Moldova.","publisher":{"@id":"https:\/\/xstyle.md\/#organization"},"alternateName":"X-Style","potentialAction":[{"@type":"SearchAction","target":{"@type":"EntryPoint","urlTemplate":"https:\/\/xstyle.md\/?s={search_term_string}"},"query-input":{"@type":"PropertyValueSpecification","valueRequired":true,"valueName":"search_term_string"}}],"inLanguage":"ro-RO"},{"@type":"Organization","@id":"https:\/\/xstyle.md\/#organization","name":"Magazinul X-Style","alternateName":"x-style","url":"https:\/\/xstyle.md\/","logo":{"@type":"ImageObject","inLanguage":"ro-RO","@id":"https:\/\/xstyle.md\/#\/schema\/logo\/image\/","url":"https:\/\/xstyle.md\/wp-content\/uploads\/2020\/06\/logoicon.svg","contentUrl":"https:\/\/xstyle.md\/wp-content\/uploads\/2020\/06\/logoicon.svg","caption":"\u041c\u0430\u0433\u0430\u0437\u0438\u043d Xstyle"},"image":{"@id":"https:\/\/xstyle.md\/#\/schema\/logo\/image\/"},"sameAs":["https:\/\/www.facebook.com\/xstylemd","https:\/\/www.instagram.com\/xstyle_md\/","https:\/\/t.me\/xstyle_outdoor"],"hasMerchantReturnPolicy":{"@type":"MerchantReturnPolicy","merchantReturnLink":"https:\/\/xstyle.md\/ro\/conditions\/"}}]},"product_price_amount":"2390.00","product_price_currency":"MDL","og_availability":"instock","product_availability":"instock","product_retailer_item_id":"793661665182","product_condition":"new"},"post_mailing_queue_ids":[],"_links":{"self":[{"href":"https:\/\/xstyle.md\/ro\/wp-json\/wp\/v2\/product\/94730","targetHints":{"allow":["GET"]}}],"collection":[{"href":"https:\/\/xstyle.md\/ro\/wp-json\/wp\/v2\/product"}],"about":[{"href":"https:\/\/xstyle.md\/ro\/wp-json\/wp\/v2\/types\/product"}],"replies":[{"embeddable":true,"href":"https:\/\/xstyle.md\/ro\/wp-json\/wp\/v2\/comments?post=94730"}],"wp:featuredmedia":[{"embeddable":true,"href":"https:\/\/xstyle.md\/ro\/wp-json\/wp\/v2\/media\/101538"}],"wp:attachment":[{"href":"https:\/\/xstyle.md\/ro\/wp-json\/wp\/v2\/media?parent=94730"}],"wp:term":[{"taxonomy":"product_brand","embeddable":true,"href":"https:\/\/xstyle.md\/ro\/wp-json\/wp\/v2\/product_brand?post=94730"},{"taxonomy":"product_cat","embeddable":true,"href":"https:\/\/xstyle.md\/ro\/wp-json\/wp\/v2\/product_cat?post=94730"},{"taxonomy":"product_tag","embeddable":true,"href":"https:\/\/xstyle.md\/ro\/wp-json\/wp\/v2\/product_tag?post=94730"}],"curies":[{"name":"wp","href":"https:\/\/api.w.org\/{rel}","templated":true}]}}