{"id":94720,"date":"2025-06-16T17:48:10","date_gmt":"2025-06-16T14:48:10","guid":{"rendered":"https:\/\/xstyle.md\/?post_type=product&#038;p=94720"},"modified":"2026-03-19T17:34:28","modified_gmt":"2026-03-19T14:34:28","slug":"krossovki-asolo-acadia-lth-gtx-graphite-black","status":"publish","type":"product","link":"https:\/\/xstyle.md\/ro\/produs\/krossovki-asolo-acadia-lth-gtx-graphite-black\/","title":{"rendered":"Adida\u0219i Asolo Acadia Lth GTX graphite black"},"content":{"rendered":"<p><\/p>\n<p><strong>Asolo Acadia Lth GTX<\/strong> &#8212; sunt pantofi universali pentru b\u0103rba\u021bi, potrivi\u021bi at\u00e2t pentru purtarea zilnic\u0103 \u00een ora\u0219, c\u00e2t \u0219i pentru plimb\u0103ri \u00een natur\u0103 sau c\u0103l\u0103torii active. Partea superioar\u0103 din piele \u00eentoars\u0103 (velur) rezistent\u0103 la ap\u0103 protejeaz\u0103 eficient \u00eempotriva influen\u021belor externe, \u00een timp ce membrana Gore-Tex Extended Comfort Footwear asigur\u0103 o impermeabilitate excelent\u0103 \u0219i o circula\u021bie liber\u0103 a aerului, men\u021bin\u00e2nd picioarele uscate \u0219i confortabile pe tot parcursul zilei.<\/p>\n<p>Talpa intermediar\u0103 din EVA cu densitate unic\u0103 ofer\u0103 stabilitate \u0219i suport, iar un strat suplimentar de material mai moale \u00een zona c\u0103lc\u00e2iului \u00eembun\u0103t\u0103\u021be\u0219te amortizarea. Talpa Asolo Acadia, cu un profil de autocur\u0103\u021bare, este fabricat\u0103 din cauciuc Sigma Grip, garant\u00e2nd o trac\u021biune sigur\u0103 \u0219i rezisten\u021b\u0103 la uzur\u0103. V\u00e2rful protejat cu cauciuc previne deterior\u0103rile, iar sistemul de \u0219ireturi rapide cu blocaj permite o ajustare precis\u0103 a pantofului pe picior.<\/p>\n<h3>Particularit\u0103\u021bi<\/h3>\n<ul>\n<li>Partea superioar\u0103 durabil\u0103 din piele \u00eentoars\u0103 hidrofob\u0103<\/li>\n<li>Membran\u0103 Gore-Tex pentru protec\u021bie \u00eempotriva umidit\u0103\u021bii \u0219i ventila\u021bie<\/li>\n<li>Talp\u0103 fiabil\u0103 cu aderen\u021b\u0103 excelent\u0103 \u0219i profil de autocur\u0103\u021bare<\/li>\n<li>Amortizare eficient\u0103 \u0219i suport datorit\u0103 materialului EVA<\/li>\n<li>Protec\u021bie din cauciuc la nivelul v\u00e2rfului<\/li>\n<li>Sistem de \u0219ireturi rapid \u0219i confortabil<\/li>\n<\/ul>\n<h3>Caracteristici<\/h3>\n<ul>\n<li>Material exterior &#8212; piele \u00eentoars\u0103 (velur) rezistent\u0103 la umiditate<\/li>\n<li>Membrane - GORE-TEX\u00ae Extended Comfort<\/li>\n<li>Talp\u0103 &#8212; Asolo Acadia cu Sigma Grip<\/li>\n<li>Brant anatomic &#8212; acadia<\/li>\n<li>Destina\u021bie &#8212; Hiking \/ Ora\u0219<\/li>\n<li>Sezon &#8212; prim\u0103var\u0103-toamn\u0103 (Demi-sezon) \/ var\u0103<\/li>\n<li>Greutate &#8212; 450 g<\/li>\n<\/ul>\n<p><\/p>\n<h3>Marca<\/h3>\n<p>ASOLO - este una dintre cele mai mari companii produc\u0103toare de \u00eenc\u0103l\u021b\u0103minte pentru trekking, alpinism utilitar (altitudine), ora\u0219 \u0219i multisport. Compania italian\u0103 ASOLO exist\u0103 din anul 1975 \u0219i, \u00eenc\u0103 de la \u00eenfiin\u021bare, nu \u00eenceteaz\u0103 s\u0103 surprind\u0103 industria sportiv\u0103 cu dezvolt\u0103rile sale inovatoare.<\/p>\n<p>ASOLO integreaz\u0103 \u00een \u00eenc\u0103l\u021b\u0103mintea sa cele mai recente realiz\u0103ri ale tehnologiei moderne \u0219i cele mai avansate materiale, devenind tot mai performant\u0103 cu fiecare an. \u00cenc\u0103l\u021b\u0103mintea ASOLO \u2014 c\u0103lduroas\u0103, u\u0219oar\u0103, confortabil\u0103 \u0219i fiabil\u0103 \u2014 utilizeaz\u0103 t\u0103lpi VIBRAM. Acestea ofer\u0103 o stabilitate incredibil\u0103 pe orice tip de teren \u0219i previn alunecarea chiar \u0219i pe cele mai abrupte pante.<\/p>\n<p>Calitatea superioar\u0103 a croielii \u0219i caracteristicile tehnice de excep\u021bie reprezint\u0103 punctele forte ale brandului ASOLO.<\/p>","protected":false},"excerpt":{"rendered":"<p>\u0411\u0440\u0435\u043d\u0434 ASOLO \u2013 \u043e\u0434\u043d\u0430 \u0438\u0437 \u043a\u0440\u0443\u043f\u043d\u0435\u0439\u0448\u0438\u0445 \u043a\u043e\u043c\u043f\u0430\u043d\u0438\u0439, \u043f\u0440\u043e\u0438\u0437\u0432\u043e\u0434\u044f\u0449\u0438\u0445 \u0442\u0440\u0435\u043a\u043a\u0438\u043d\u0433\u043e\u0432\u0443\u044e \u043e\u0431\u0443\u0432\u044c, \u0432\u044b\u0441\u043e\u0442\u043d\u0443\u044e \u043e\u0431\u0443\u0432\u044c, \u043e\u0431\u0443\u0432\u044c \u0434\u043b\u044f \u0433\u043e\u0440\u043e\u0434\u0430 \u0438 \u043c\u0443\u043b\u044c\u0442\u0438\u0441\u043f\u043e\u0440\u0442\u0430. \u0418\u0442\u0430\u043b\u044c\u044f\u043d\u0441\u043a\u0430\u044f \u043a\u043e\u043c\u043f\u0430\u043d\u0438\u044f ASOLO \u0441\u0443\u0449\u0435\u0441\u0442\u0432\u0443\u0435\u0442 \u0441 1975 \u0433\u043e\u0434\u0430 \u0438 \u0441 \u0441\u0430\u043c\u043e\u0433\u043e \u0441\u0432\u043e\u0435\u0433\u043e \u0440\u043e\u0436\u0434\u0435\u043d\u0438\u044f \u043d\u0435 \u043f\u0435\u0440\u0435\u0441\u0442\u0430\u0435\u0442 \u0443\u0434\u0438\u0432\u043b\u044f\u0442\u044c \u043c\u0438\u0440 \u0441\u043f\u043e\u0440\u0442\u0438\u0432\u043d\u043e\u0439 \u0438\u043d\u0434\u0443\u0441\u0442\u0440\u0438\u0438 \u0441\u0432\u043e\u0438\u043c\u0438 \u0438\u043d\u043d\u043e\u0432\u0430\u0446\u0438\u043e\u043d\u043d\u044b\u043c\u0438 \u0440\u0430\u0437\u0440\u0430\u0431\u043e\u0442\u043a\u0430\u043c\u0438. ASOLO \u0432\u043e\u043f\u043b\u043e\u0449\u0430\u0435\u0442 \u0432 \u043e\u0431\u0443\u0432\u0438 \u0441\u0430\u043c\u044b\u0435 \u043f\u043e\u0441\u043b\u0435\u0434\u043d\u0438\u0435 \u0434\u043e\u0441\u0442\u0438\u0436\u0435\u043d\u0438\u044f \u0441\u043e\u0432\u0440\u0435\u043c\u0435\u043d\u043d\u043e\u0439 \u0442\u0435\u0445\u043d\u043e\u043b\u043e\u0433\u0438\u0438 \u0438 \u0441\u0430\u043c\u044b\u0435 \u0441\u043e\u0432\u0440\u0435\u043c\u0435\u043d\u043d\u044b\u0435 \u043c\u0430\u0442\u0435\u0440\u0438\u0430\u043b\u044b, \u0441 \u043a\u0430\u0436\u0434\u044b\u043c \u0433\u043e\u0434\u043e\u043c \u0434\u0435\u043b\u0430\u044f [&hellip;]<\/p>\n","protected":false},"featured_media":95790,"comment_status":"open","ping_status":"closed","template":"","meta":{"_acf_changed":false,"inline_featured_image":false},"product_brand":[1277],"product_cat":[142],"product_tag":[],"class_list":{"0":"post-94720","1":"product","2":"type-product","3":"status-publish","4":"has-post-thumbnail","6":"product_brand-asolo","7":"product_cat-sport-shoes","9":"first","10":"instock","11":"shipping-taxable","12":"purchasable","13":"product-type-simple"},"acf":[],"yoast_head":"<!-- This site is optimized with the Yoast SEO plugin v27.2 - https:\/\/yoast.com\/product\/yoast-seo-wordpress\/ -->\n<title>\u041a\u0440\u043e\u0441\u0441\u043e\u0432\u043a\u0438 Asolo Acadia Lth GTX graphite black - \u041c\u0430\u0433\u0430\u0437\u0438\u043d Xstyle<\/title>\n<meta name=\"robots\" content=\"index, follow, max-snippet:-1, max-image-preview:large, max-video-preview:-1\" \/>\n<link rel=\"canonical\" href=\"https:\/\/xstyle.md\/ro\/produs\/krossovki-asolo-acadia-lth-gtx-graphite-black\/\" \/>\n<meta property=\"og:locale\" content=\"ro_RO\" \/>\n<meta property=\"og:type\" content=\"article\" \/>\n<meta property=\"og:title\" content=\"\u041a\u0440\u043e\u0441\u0441\u043e\u0432\u043a\u0438 Asolo Acadia Lth GTX graphite black - \u041c\u0430\u0433\u0430\u0437\u0438\u043d Xstyle\" \/>\n<meta property=\"og:description\" content=\"\u0411\u0440\u0435\u043d\u0434 ASOLO \u2013 \u043e\u0434\u043d\u0430 \u0438\u0437 \u043a\u0440\u0443\u043f\u043d\u0435\u0439\u0448\u0438\u0445 \u043a\u043e\u043c\u043f\u0430\u043d\u0438\u0439, \u043f\u0440\u043e\u0438\u0437\u0432\u043e\u0434\u044f\u0449\u0438\u0445 \u0442\u0440\u0435\u043a\u043a\u0438\u043d\u0433\u043e\u0432\u0443\u044e \u043e\u0431\u0443\u0432\u044c, \u0432\u044b\u0441\u043e\u0442\u043d\u0443\u044e \u043e\u0431\u0443\u0432\u044c, \u043e\u0431\u0443\u0432\u044c \u0434\u043b\u044f \u0433\u043e\u0440\u043e\u0434\u0430 \u0438 \u043c\u0443\u043b\u044c\u0442\u0438\u0441\u043f\u043e\u0440\u0442\u0430. \u0418\u0442\u0430\u043b\u044c\u044f\u043d\u0441\u043a\u0430\u044f \u043a\u043e\u043c\u043f\u0430\u043d\u0438\u044f ASOLO \u0441\u0443\u0449\u0435\u0441\u0442\u0432\u0443\u0435\u0442 \u0441 1975 \u0433\u043e\u0434\u0430 \u0438 \u0441 \u0441\u0430\u043c\u043e\u0433\u043e \u0441\u0432\u043e\u0435\u0433\u043e \u0440\u043e\u0436\u0434\u0435\u043d\u0438\u044f \u043d\u0435 \u043f\u0435\u0440\u0435\u0441\u0442\u0430\u0435\u0442 \u0443\u0434\u0438\u0432\u043b\u044f\u0442\u044c \u043c\u0438\u0440 \u0441\u043f\u043e\u0440\u0442\u0438\u0432\u043d\u043e\u0439 \u0438\u043d\u0434\u0443\u0441\u0442\u0440\u0438\u0438 \u0441\u0432\u043e\u0438\u043c\u0438 \u0438\u043d\u043d\u043e\u0432\u0430\u0446\u0438\u043e\u043d\u043d\u044b\u043c\u0438 \u0440\u0430\u0437\u0440\u0430\u0431\u043e\u0442\u043a\u0430\u043c\u0438. ASOLO \u0432\u043e\u043f\u043b\u043e\u0449\u0430\u0435\u0442 \u0432 \u043e\u0431\u0443\u0432\u0438 \u0441\u0430\u043c\u044b\u0435 \u043f\u043e\u0441\u043b\u0435\u0434\u043d\u0438\u0435 \u0434\u043e\u0441\u0442\u0438\u0436\u0435\u043d\u0438\u044f \u0441\u043e\u0432\u0440\u0435\u043c\u0435\u043d\u043d\u043e\u0439 \u0442\u0435\u0445\u043d\u043e\u043b\u043e\u0433\u0438\u0438 \u0438 \u0441\u0430\u043c\u044b\u0435 \u0441\u043e\u0432\u0440\u0435\u043c\u0435\u043d\u043d\u044b\u0435 \u043c\u0430\u0442\u0435\u0440\u0438\u0430\u043b\u044b, \u0441 \u043a\u0430\u0436\u0434\u044b\u043c \u0433\u043e\u0434\u043e\u043c \u0434\u0435\u043b\u0430\u044f [&hellip;]\" \/>\n<meta property=\"og:url\" content=\"https:\/\/xstyle.md\/ro\/produs\/krossovki-asolo-acadia-lth-gtx-graphite-black\/\" \/>\n<meta property=\"og:site_name\" content=\"\u041c\u0430\u0433\u0430\u0437\u0438\u043d Xstyle\" \/>\n<meta property=\"article:publisher\" content=\"https:\/\/www.facebook.com\/xstylemd\" \/>\n<meta property=\"article:modified_time\" content=\"2026-03-19T14:34:28+00:00\" \/>\n<meta property=\"og:image\" content=\"https:\/\/xstyle.md\/wp-content\/uploads\/2025\/06\/asolo-acadia-lth-gtx-graphite-black.webp\" \/>\n\t<meta property=\"og:image:width\" content=\"1400\" \/>\n\t<meta property=\"og:image:height\" content=\"1400\" \/>\n\t<meta property=\"og:image:type\" content=\"image\/webp\" \/>\n<meta name=\"twitter:card\" content=\"summary_large_image\" \/>\n<meta name=\"twitter:label1\" content=\"Pre\u021b\" \/>\n\t<meta name=\"twitter:data1\" content=\"3.490&nbsp;MDL\" \/>\n\t<meta name=\"twitter:label2\" content=\"Disponibilitate\" \/>\n\t<meta name=\"twitter:data2\" content=\"\u00cen stoc\" \/>\n<script type=\"application\/ld+json\" class=\"yoast-schema-graph\">{\"@context\":\"https:\/\/schema.org\",\"@graph\":[{\"@type\":\"WebPage\",\"@id\":\"https:\/\/xstyle.md\/product\/krossovki-asolo-acadia-lth-gtx-graphite-black\/\",\"url\":\"https:\/\/xstyle.md\/product\/krossovki-asolo-acadia-lth-gtx-graphite-black\/\",\"name\":\"\u041a\u0440\u043e\u0441\u0441\u043e\u0432\u043a\u0438 Asolo Acadia Lth GTX graphite black - \u041c\u0430\u0433\u0430\u0437\u0438\u043d Xstyle\",\"isPartOf\":{\"@id\":\"https:\/\/xstyle.md\/#website\"},\"primaryImageOfPage\":{\"@id\":\"https:\/\/xstyle.md\/product\/krossovki-asolo-acadia-lth-gtx-graphite-black\/#primaryimage\"},\"image\":{\"@id\":\"https:\/\/xstyle.md\/product\/krossovki-asolo-acadia-lth-gtx-graphite-black\/#primaryimage\"},\"thumbnailUrl\":\"https:\/\/xstyle.md\/wp-content\/uploads\/2025\/06\/asolo-acadia-lth-gtx-graphite-black.webp\",\"datePublished\":\"2025-06-16T14:48:10+00:00\",\"dateModified\":\"2026-03-19T14:34:28+00:00\",\"breadcrumb\":{\"@id\":\"https:\/\/xstyle.md\/product\/krossovki-asolo-acadia-lth-gtx-graphite-black\/#breadcrumb\"},\"inLanguage\":\"ro-RO\",\"potentialAction\":[{\"@type\":\"ReadAction\",\"target\":[\"https:\/\/xstyle.md\/product\/krossovki-asolo-acadia-lth-gtx-graphite-black\/\"]}]},{\"@type\":\"ImageObject\",\"inLanguage\":\"ro-RO\",\"@id\":\"https:\/\/xstyle.md\/product\/krossovki-asolo-acadia-lth-gtx-graphite-black\/#primaryimage\",\"url\":\"https:\/\/xstyle.md\/wp-content\/uploads\/2025\/06\/asolo-acadia-lth-gtx-graphite-black.webp\",\"contentUrl\":\"https:\/\/xstyle.md\/wp-content\/uploads\/2025\/06\/asolo-acadia-lth-gtx-graphite-black.webp\",\"width\":1400,\"height\":1400,\"caption\":\"\u0422\u0430\u043c\u0430\u0440\u0430 \u043a\u0440\u043e\u0441\u0441\u043e\u0432\u043a\u0438 Asolo Acadia Lth GTX graphite black \u0434\u043b\u044f \u0430\u043a\u0442\u0438\u0432\u043d\u043e\u0433\u043e \u043e\u0442\u0434\u044b\u0445\u0430 \u0432 \u0438\u043d\u0442\u0435\u0440\u043d\u0435\u0442-\u043c\u0430\u0433\u0430\u0437\u0438\u043d\u0435 \u0442\u043e\u0432\u0430\u0440\u043e\u0432 \u0434\u043b\u044f \u0430\u043a\u0442\u0438\u0432\u043d\u043e\u0439 \u0436\u0438\u0437\u043d\u0438 \u043e\u0431\u0443\u0432\u044c \u0434\u043b\u044f \u0442\u0443\u0440\u0438\u0437\u043c\u0430 \u0430\u043b\u044c\u043f\u0438\u043d\u0438\u0437\u043c\u0430 \u043f\u0443\u0442\u0435\u0448\u0435\u0441\u0442\u0432\u0438\u0439 \u043f\u0443\u0442\u0435\u0448\u0435\u0441\u0442\u0432\u0435\u043d\u043d\u0438\u043a\u043e\u0432 \u043c\u0443\u0436\u0441\u043a\u0438\u0435 \u0438 \u0436\u0435\u043d\u0441\u043a\u0438\u0435 \u043a\u0440\u043e\u0441\u0441\u043e\u0432\u043a\u0438 \u0434\u043b\u044f \u043f\u043e\u0445\u043e\u0434\u043e\u0432\"},{\"@type\":\"BreadcrumbList\",\"@id\":\"https:\/\/xstyle.md\/product\/krossovki-asolo-acadia-lth-gtx-graphite-black\/#breadcrumb\",\"itemListElement\":[{\"@type\":\"ListItem\",\"position\":1,\"name\":\"\u0413\u043b\u0430\u0432\u043d\u0430\u044f \u0441\u0442\u0440\u0430\u043d\u0438\u0446\u0430\",\"item\":\"https:\/\/xstyle.md\/\"},{\"@type\":\"ListItem\",\"position\":2,\"name\":\"\u041c\u0430\u0433\u0430\u0437\u0438\u043d\",\"item\":\"https:\/\/xstyle.md\/shop\/\"},{\"@type\":\"ListItem\",\"position\":3,\"name\":\"\u041a\u0440\u043e\u0441\u0441\u043e\u0432\u043a\u0438 Asolo Acadia Lth GTX graphite black\"}]},{\"@type\":\"WebSite\",\"@id\":\"https:\/\/xstyle.md\/#website\",\"url\":\"https:\/\/xstyle.md\/\",\"name\":\"\u041c\u0430\u0433\u0430\u0437\u0438\u043d Xstyle\",\"description\":\"C\u043d\u0430\u0440\u044f\u0436\u0435\u043d\u0438\u0435 \u0434\u043b\u044f \u0442\u0443\u0440\u0438\u0437\u043c\u0430 \u0438 \u044d\u043a\u0441\u0442\u0440\u0435\u043c\u0430\u043b\u044c\u043d\u044b\u0445 \u0432\u0438\u0434\u043e\u0432 \u0441\u043f\u043e\u0440\u0442\u0430 \u0432 \u041c\u043e\u043b\u0434\u043e\u0432\u0435.. \u0426\u0435\u043d\u044b, \u0444\u043e\u0442\u043e, \u0445\u0430\u0440\u0430\u043a\u0442\u0435\u0440\u0438\u0441\u0442\u0438\u043a\u0438 \u0432 \u041c\u043e\u043b\u0434\u043e\u0432\u0435.\",\"publisher\":{\"@id\":\"https:\/\/xstyle.md\/#organization\"},\"alternateName\":\"X-Style\",\"potentialAction\":[{\"@type\":\"SearchAction\",\"target\":{\"@type\":\"EntryPoint\",\"urlTemplate\":\"https:\/\/xstyle.md\/?s={search_term_string}\"},\"query-input\":{\"@type\":\"PropertyValueSpecification\",\"valueRequired\":true,\"valueName\":\"search_term_string\"}}],\"inLanguage\":\"ro-RO\"},{\"@type\":\"Organization\",\"@id\":\"https:\/\/xstyle.md\/#organization\",\"name\":\"\u041c\u0430\u0433\u0430\u0437\u0438\u043d Xstyle\",\"alternateName\":\"x-style\",\"url\":\"https:\/\/xstyle.md\/\",\"logo\":{\"@type\":\"ImageObject\",\"inLanguage\":\"ro-RO\",\"@id\":\"https:\/\/xstyle.md\/#\/schema\/logo\/image\/\",\"url\":\"https:\/\/xstyle.md\/wp-content\/uploads\/2020\/06\/logoicon.svg\",\"contentUrl\":\"https:\/\/xstyle.md\/wp-content\/uploads\/2020\/06\/logoicon.svg\",\"caption\":\"\u041c\u0430\u0433\u0430\u0437\u0438\u043d Xstyle\"},\"image\":{\"@id\":\"https:\/\/xstyle.md\/#\/schema\/logo\/image\/\"},\"sameAs\":[\"https:\/\/www.facebook.com\/xstylemd\",\"https:\/\/www.instagram.com\/xstyle_md\/\",\"https:\/\/t.me\/xstyle_outdoor\"],\"hasMerchantReturnPolicy\":{\"@type\":\"MerchantReturnPolicy\",\"merchantReturnLink\":\"https:\/\/xstyle.md\/ro\/conditions\/\"}}]}<\/script>\n<meta property=\"product:price:amount\" content=\"3490.00\" \/>\n<meta property=\"product:price:currency\" content=\"MDL\" \/>\n<meta property=\"og:availability\" content=\"instock\" \/>\n<meta property=\"product:availability\" content=\"instock\" \/>\n<meta property=\"product:retailer_item_id\" content=\"8026948008481\" \/>\n<meta property=\"product:condition\" content=\"new\" \/>\n<!-- \/ Yoast SEO plugin. -->","yoast_head_json":{"title":"\u041a\u0440\u043e\u0441\u0441\u043e\u0432\u043a\u0438 Asolo Acadia Lth GTX graphite black - \u041c\u0430\u0433\u0430\u0437\u0438\u043d Xstyle","robots":{"index":"index","follow":"follow","max-snippet":"max-snippet:-1","max-image-preview":"max-image-preview:large","max-video-preview":"max-video-preview:-1"},"canonical":"https:\/\/xstyle.md\/ro\/produs\/krossovki-asolo-acadia-lth-gtx-graphite-black\/","og_locale":"ro_RO","og_type":"article","og_title":"\u041a\u0440\u043e\u0441\u0441\u043e\u0432\u043a\u0438 Asolo Acadia Lth GTX graphite black - \u041c\u0430\u0433\u0430\u0437\u0438\u043d Xstyle","og_description":"\u0411\u0440\u0435\u043d\u0434 ASOLO \u2013 \u043e\u0434\u043d\u0430 \u0438\u0437 \u043a\u0440\u0443\u043f\u043d\u0435\u0439\u0448\u0438\u0445 \u043a\u043e\u043c\u043f\u0430\u043d\u0438\u0439, \u043f\u0440\u043e\u0438\u0437\u0432\u043e\u0434\u044f\u0449\u0438\u0445 \u0442\u0440\u0435\u043a\u043a\u0438\u043d\u0433\u043e\u0432\u0443\u044e \u043e\u0431\u0443\u0432\u044c, \u0432\u044b\u0441\u043e\u0442\u043d\u0443\u044e \u043e\u0431\u0443\u0432\u044c, \u043e\u0431\u0443\u0432\u044c \u0434\u043b\u044f \u0433\u043e\u0440\u043e\u0434\u0430 \u0438 \u043c\u0443\u043b\u044c\u0442\u0438\u0441\u043f\u043e\u0440\u0442\u0430. \u0418\u0442\u0430\u043b\u044c\u044f\u043d\u0441\u043a\u0430\u044f \u043a\u043e\u043c\u043f\u0430\u043d\u0438\u044f ASOLO \u0441\u0443\u0449\u0435\u0441\u0442\u0432\u0443\u0435\u0442 \u0441 1975 \u0433\u043e\u0434\u0430 \u0438 \u0441 \u0441\u0430\u043c\u043e\u0433\u043e \u0441\u0432\u043e\u0435\u0433\u043e \u0440\u043e\u0436\u0434\u0435\u043d\u0438\u044f \u043d\u0435 \u043f\u0435\u0440\u0435\u0441\u0442\u0430\u0435\u0442 \u0443\u0434\u0438\u0432\u043b\u044f\u0442\u044c \u043c\u0438\u0440 \u0441\u043f\u043e\u0440\u0442\u0438\u0432\u043d\u043e\u0439 \u0438\u043d\u0434\u0443\u0441\u0442\u0440\u0438\u0438 \u0441\u0432\u043e\u0438\u043c\u0438 \u0438\u043d\u043d\u043e\u0432\u0430\u0446\u0438\u043e\u043d\u043d\u044b\u043c\u0438 \u0440\u0430\u0437\u0440\u0430\u0431\u043e\u0442\u043a\u0430\u043c\u0438. ASOLO \u0432\u043e\u043f\u043b\u043e\u0449\u0430\u0435\u0442 \u0432 \u043e\u0431\u0443\u0432\u0438 \u0441\u0430\u043c\u044b\u0435 \u043f\u043e\u0441\u043b\u0435\u0434\u043d\u0438\u0435 \u0434\u043e\u0441\u0442\u0438\u0436\u0435\u043d\u0438\u044f \u0441\u043e\u0432\u0440\u0435\u043c\u0435\u043d\u043d\u043e\u0439 \u0442\u0435\u0445\u043d\u043e\u043b\u043e\u0433\u0438\u0438 \u0438 \u0441\u0430\u043c\u044b\u0435 \u0441\u043e\u0432\u0440\u0435\u043c\u0435\u043d\u043d\u044b\u0435 \u043c\u0430\u0442\u0435\u0440\u0438\u0430\u043b\u044b, \u0441 \u043a\u0430\u0436\u0434\u044b\u043c \u0433\u043e\u0434\u043e\u043c \u0434\u0435\u043b\u0430\u044f [&hellip;]","og_url":"https:\/\/xstyle.md\/ro\/produs\/krossovki-asolo-acadia-lth-gtx-graphite-black\/","og_site_name":"\u041c\u0430\u0433\u0430\u0437\u0438\u043d Xstyle","article_publisher":"https:\/\/www.facebook.com\/xstylemd","article_modified_time":"2026-03-19T14:34:28+00:00","og_image":[{"width":1400,"height":1400,"url":"https:\/\/xstyle.md\/wp-content\/uploads\/2025\/06\/asolo-acadia-lth-gtx-graphite-black.webp","type":"image\/webp"}],"twitter_card":"summary_large_image","twitter_misc":{"Pre\u021b":"3.490&nbsp;MDL","Disponibilitate":"\u00cen stoc"},"schema":{"@context":"https:\/\/schema.org","@graph":[{"@type":"WebPage","@id":"https:\/\/xstyle.md\/product\/krossovki-asolo-acadia-lth-gtx-graphite-black\/","url":"https:\/\/xstyle.md\/product\/krossovki-asolo-acadia-lth-gtx-graphite-black\/","name":"\u041a\u0440\u043e\u0441\u0441\u043e\u0432\u043a\u0438 Asolo Acadia Lth GTX graphite black - \u041c\u0430\u0433\u0430\u0437\u0438\u043d Xstyle","isPartOf":{"@id":"https:\/\/xstyle.md\/#website"},"primaryImageOfPage":{"@id":"https:\/\/xstyle.md\/product\/krossovki-asolo-acadia-lth-gtx-graphite-black\/#primaryimage"},"image":{"@id":"https:\/\/xstyle.md\/product\/krossovki-asolo-acadia-lth-gtx-graphite-black\/#primaryimage"},"thumbnailUrl":"https:\/\/xstyle.md\/wp-content\/uploads\/2025\/06\/asolo-acadia-lth-gtx-graphite-black.webp","datePublished":"2025-06-16T14:48:10+00:00","dateModified":"2026-03-19T14:34:28+00:00","breadcrumb":{"@id":"https:\/\/xstyle.md\/product\/krossovki-asolo-acadia-lth-gtx-graphite-black\/#breadcrumb"},"inLanguage":"ro-RO","potentialAction":[{"@type":"ReadAction","target":["https:\/\/xstyle.md\/product\/krossovki-asolo-acadia-lth-gtx-graphite-black\/"]}]},{"@type":"ImageObject","inLanguage":"ro-RO","@id":"https:\/\/xstyle.md\/product\/krossovki-asolo-acadia-lth-gtx-graphite-black\/#primaryimage","url":"https:\/\/xstyle.md\/wp-content\/uploads\/2025\/06\/asolo-acadia-lth-gtx-graphite-black.webp","contentUrl":"https:\/\/xstyle.md\/wp-content\/uploads\/2025\/06\/asolo-acadia-lth-gtx-graphite-black.webp","width":1400,"height":1400,"caption":"\u0422\u0430\u043c\u0430\u0440\u0430 \u043a\u0440\u043e\u0441\u0441\u043e\u0432\u043a\u0438 Asolo Acadia Lth GTX graphite black \u0434\u043b\u044f \u0430\u043a\u0442\u0438\u0432\u043d\u043e\u0433\u043e \u043e\u0442\u0434\u044b\u0445\u0430 \u0432 \u0438\u043d\u0442\u0435\u0440\u043d\u0435\u0442-\u043c\u0430\u0433\u0430\u0437\u0438\u043d\u0435 \u0442\u043e\u0432\u0430\u0440\u043e\u0432 \u0434\u043b\u044f \u0430\u043a\u0442\u0438\u0432\u043d\u043e\u0439 \u0436\u0438\u0437\u043d\u0438 \u043e\u0431\u0443\u0432\u044c \u0434\u043b\u044f \u0442\u0443\u0440\u0438\u0437\u043c\u0430 \u0430\u043b\u044c\u043f\u0438\u043d\u0438\u0437\u043c\u0430 \u043f\u0443\u0442\u0435\u0448\u0435\u0441\u0442\u0432\u0438\u0439 \u043f\u0443\u0442\u0435\u0448\u0435\u0441\u0442\u0432\u0435\u043d\u043d\u0438\u043a\u043e\u0432 \u043c\u0443\u0436\u0441\u043a\u0438\u0435 \u0438 \u0436\u0435\u043d\u0441\u043a\u0438\u0435 \u043a\u0440\u043e\u0441\u0441\u043e\u0432\u043a\u0438 \u0434\u043b\u044f \u043f\u043e\u0445\u043e\u0434\u043e\u0432"},{"@type":"BreadcrumbList","@id":"https:\/\/xstyle.md\/product\/krossovki-asolo-acadia-lth-gtx-graphite-black\/#breadcrumb","itemListElement":[{"@type":"ListItem","position":1,"name":"\u0413\u043b\u0430\u0432\u043d\u0430\u044f \u0441\u0442\u0440\u0430\u043d\u0438\u0446\u0430","item":"https:\/\/xstyle.md\/"},{"@type":"ListItem","position":2,"name":"\u041c\u0430\u0433\u0430\u0437\u0438\u043d","item":"https:\/\/xstyle.md\/shop\/"},{"@type":"ListItem","position":3,"name":"\u041a\u0440\u043e\u0441\u0441\u043e\u0432\u043a\u0438 Asolo Acadia Lth GTX graphite black"}]},{"@type":"WebSite","@id":"https:\/\/xstyle.md\/#website","url":"https:\/\/xstyle.md\/","name":"Magazinul X-Style","description":"Echipamente pentru turism \u0219i sporturi extreme \u00een Moldova. Pre\u021buri, fotografii, caracteristici \u00een Moldova.","publisher":{"@id":"https:\/\/xstyle.md\/#organization"},"alternateName":"X-Style","potentialAction":[{"@type":"SearchAction","target":{"@type":"EntryPoint","urlTemplate":"https:\/\/xstyle.md\/?s={search_term_string}"},"query-input":{"@type":"PropertyValueSpecification","valueRequired":true,"valueName":"search_term_string"}}],"inLanguage":"ro-RO"},{"@type":"Organization","@id":"https:\/\/xstyle.md\/#organization","name":"Magazinul X-Style","alternateName":"x-style","url":"https:\/\/xstyle.md\/","logo":{"@type":"ImageObject","inLanguage":"ro-RO","@id":"https:\/\/xstyle.md\/#\/schema\/logo\/image\/","url":"https:\/\/xstyle.md\/wp-content\/uploads\/2020\/06\/logoicon.svg","contentUrl":"https:\/\/xstyle.md\/wp-content\/uploads\/2020\/06\/logoicon.svg","caption":"\u041c\u0430\u0433\u0430\u0437\u0438\u043d Xstyle"},"image":{"@id":"https:\/\/xstyle.md\/#\/schema\/logo\/image\/"},"sameAs":["https:\/\/www.facebook.com\/xstylemd","https:\/\/www.instagram.com\/xstyle_md\/","https:\/\/t.me\/xstyle_outdoor"],"hasMerchantReturnPolicy":{"@type":"MerchantReturnPolicy","merchantReturnLink":"https:\/\/xstyle.md\/ro\/conditions\/"}}]},"product_price_amount":"3490.00","product_price_currency":"MDL","og_availability":"instock","product_availability":"instock","product_retailer_item_id":"8026948008481","product_condition":"new"},"post_mailing_queue_ids":[],"_links":{"self":[{"href":"https:\/\/xstyle.md\/ro\/wp-json\/wp\/v2\/product\/94720","targetHints":{"allow":["GET"]}}],"collection":[{"href":"https:\/\/xstyle.md\/ro\/wp-json\/wp\/v2\/product"}],"about":[{"href":"https:\/\/xstyle.md\/ro\/wp-json\/wp\/v2\/types\/product"}],"replies":[{"embeddable":true,"href":"https:\/\/xstyle.md\/ro\/wp-json\/wp\/v2\/comments?post=94720"}],"wp:featuredmedia":[{"embeddable":true,"href":"https:\/\/xstyle.md\/ro\/wp-json\/wp\/v2\/media\/95790"}],"wp:attachment":[{"href":"https:\/\/xstyle.md\/ro\/wp-json\/wp\/v2\/media?parent=94720"}],"wp:term":[{"taxonomy":"product_brand","embeddable":true,"href":"https:\/\/xstyle.md\/ro\/wp-json\/wp\/v2\/product_brand?post=94720"},{"taxonomy":"product_cat","embeddable":true,"href":"https:\/\/xstyle.md\/ro\/wp-json\/wp\/v2\/product_cat?post=94720"},{"taxonomy":"product_tag","embeddable":true,"href":"https:\/\/xstyle.md\/ro\/wp-json\/wp\/v2\/product_tag?post=94720"}],"curies":[{"name":"wp","href":"https:\/\/api.w.org\/{rel}","templated":true}]}}