{"id":9457,"date":"2020-07-17T00:49:03","date_gmt":"2020-07-16T21:49:03","guid":{"rendered":"https:\/\/xstyle.md\/product\/termoshtany-zhenskie-montane-primino-140-long"},"modified":"2026-03-19T16:34:42","modified_gmt":"2026-03-19T13:34:42","slug":"montane-primino-140-long-wmn-black","status":"publish","type":"product","link":"https:\/\/xstyle.md\/ro\/produs\/montane-primino-140-long-wmn-black\/","title":{"rendered":"Pantaloni termici Montane Primino 140 Long Wmn Black"},"content":{"rendered":"<\/p>\n<p>Pantalonii termici pentru femei <strong>Montane Primino 140 Lung<\/strong> - Acestea sunt o nou\u0103 serie de terminale Montane lenjerie, special concepute pentru utilizarea \u00een condi\u021bii friguroase. Ca o chestiune de fapt, pantalonii sunt o baz\u0103 universal\u0103. Fabricat cu un material dintr-un inovator care combin\u0103 cele mai \u00eenalte calibre de Merinos \u0219 \u0219i Primaloft\u00ae. Aceast\u0103 combina\u021bie unic\u0103 asigur\u0103 eliminarea rapid\u0103 a umezelii de pe corp \u0219i uscarea instantanee a \u021bes\u0103turii. Produsele din seria Primino sunt cele mai confortabile \u0219i confortabile pe termen lung.<\/p>\n<h3>Particularit\u0103\u021bi<\/h3>\n<ul>\n<li>Fabricat dintr-un material unic care combin\u0103 cele mai bune calit\u0103\u021bi ale fibrelor naturale \u0219i sintetice;<\/li>\n<li>Cus\u0103turile plate ofer\u0103 un plus de confort \u0219i durabilitate;<\/li>\n<li>Pl\u0103cu\u021bi la atingere, \u00eendep\u0103rteaz\u0103 activ umezeala, se usuc\u0103 rapid, \u00eenc\u0103lze\u0219te;<\/li>\n<li>Grosmea de 140 g\/m2 este ideal\u0103 pentru utilizare \u00een ultimii ani;<\/li>\n<li>O ma\u0219in\u0103 specializat\u0103 \u00een stilul lenjerie termic\u0103 pentru confort \u0219i potrivire moale pe corp;<\/li>\n<li>Materialul este tratat cu impregnare antibacterian\u0103 Polygiene\u00ae.<\/li>\n<\/ul>\n<h3>Caracteristici<\/h3>\n<ul>\n<li>Sezon - prim\u0103var\u0103\/toamn\u0103\/iarn\u0103;<\/li>\n<li>Compozi\u021bie - 50% Merino Wool, 25% Primaloft\u00ae, 25% Poliester;<\/li>\n<li>Aplicare - odihn\u0103 activ\u0103\/alergare\/ciclism\/v\u00e2n\u0103toare\/pescuit\/trekking;<\/li>\n<li>Model - pentru femei.<\/li>\n<\/ul>\n<h3><strong>Tehnologie<\/strong><\/h3>\n<ul>\n<li><strong>Primaloft\u00ae<\/strong>\u00a0- Este un material sintetic care este potrivit pentru utilizarea materialelor termo-refractive. Testele de laborator arat\u0103 c\u0103 Primaloft este exact aceea\u0219i moliciune ca puful de g\u00e2sc\u0103 \u0219i este cel mai eficient mod de descompunere a materialelor termoizolante similare. Datorit\u0103 acestei caracteristicii a materialului, la aceste produse realizate \u00een acesta iau forma necesar\u0103: hainele se a\u0219eaz\u0103 pe figur\u0103.<\/li>\n<li><strong>Polygiene\u00ae<\/strong>\u00a0- Polygiene\u00ae este o tehnologie modern\u0103 de protec\u021bie antibacterian\u0103 a aerografului, de tratare a agen\u021bilor bacteriologici cu argint pentru prevenirea infec\u021biilor bacteriene, care \u00eempiedic\u0103 dezvoltarea microbilor instabili, cum ar fi microbii divergen\u021bi, viru\u0219i, viru\u0219i\u0219i\u0219i\u0219i\u0219i\u0219i \u0219i ciuperci. Tehnologia Polygiene\u00ae este recunoscuta \u00een primul r\u00e2nd ca un agent bacteriostatic sigur \u0219i eficient. Polygiene\u00ae este utilizat pentru tratarea unei variet\u0103\u021bi de materiale (\u00een principal textile) cu argint natural natural (argint clorurours), un agent antimicrobian extrem de eficient.<\/li>\n<\/ul>\n<p><strong>Marca<\/strong><\/p>\n<p>Compania Montane\u00ae produce gen\u021bi multifunc\u021bionale \u0219i confortabile, gen\u021bi de dormitor \u0219i alte echipamente pentru exerci\u021bii, activit\u0103\u021bi sportive extreme \u0219i montane.<\/p>\n<p>Marca Montane\u00ae este un devenit sinonim cu u\u0219oar\u0103 \u0219i respirabil\u0103. Este primul care a fost descris cu adevaluarea limitelor de control al polu\u0103rii aerului \u00eentr-un singur strat \u0219 i primul care a fost creat, realiz\u00e2nd adevaluarea sistemului de control al polu\u0103rii aerului, cu elemente ale sistemului de control al polu\u0103rii aerului rezistente la vibra\u021bii \u0219 i respirabile.<\/p>\n<p>Func\u021bionalitatea hainelor nu se opreste la design. Tehnologia de fabrica\u021bie a hainelului este de prim\u0103 clas\u0103. De peste 10 ani, Montane\u00ae este unul dintre cei mai importan\u021bi produc\u0103tori de echipamente de drume\u021bie din lume, care a reconstruit natura aventuroas\u0103 a turismului pentru revitalizarea alpinismului \u0219i a turismului, iar ploaia abundent\u0103 este o m\u0103rturie a performan\u021bei adevate a mediului extern.<\/p>\n<p><\/p>","protected":false},"excerpt":{"rendered":"<p>Pantaloni termici Montane Primino 140 Long Wmn Black<\/p>","protected":false},"featured_media":9456,"comment_status":"open","ping_status":"closed","template":"","meta":{"_acf_changed":false,"inline_featured_image":false},"product_brand":[1309],"product_cat":[274],"product_tag":[],"class_list":{"0":"post-9457","1":"product","2":"type-product","3":"status-publish","4":"has-post-thumbnail","6":"product_brand-montane","7":"product_cat-thermals-femei","9":"first","10":"instock","11":"shipping-taxable","12":"purchasable","13":"product-type-simple"},"acf":[],"yoast_head":"<!-- This site is optimized with the Yoast SEO plugin v27.2 - https:\/\/yoast.com\/product\/yoast-seo-wordpress\/ -->\n<title>\u0422\u0435\u0440\u043c\u043e\u0448\u0442\u0430\u043d\u044b Montane Primino 140 Long Wmn black - \u041c\u0430\u0433\u0430\u0437\u0438\u043d Xstyle<\/title>\n<meta name=\"description\" content=\"\u0422\u0435\u0440\u043c\u043e\u0448\u0442\u0430\u043d\u044b Montane Primino 140 Long \u0434\u043b\u044f \u0436\u0435\u043d\u0449\u0438\u043d - \u0438\u0434\u0435\u0430\u043b\u044c\u043d\u044b \u0434\u043b\u044f \u0445\u043e\u043b\u043e\u0434\u043d\u043e\u0439 \u043f\u043e\u0433\u043e\u0434\u044b. \u041a\u043e\u043c\u0431\u0438\u043d\u0438\u0440\u0443\u044e\u0442 Primaloft \u0438 \u043c\u0435\u0440\u0438\u043d\u043e\u0441\u043e\u0432\u0443\u044e \u0448\u0435\u0440\u0441\u0442\u044c \u0434\u043b\u044f \u043c\u0430\u043a\u0441\u0438\u043c\u0430\u043b\u044c\u043d\u043e\u0433\u043e \u043a\u043e\u043c\u0444\u043e\u0440\u0442\u0430.\" \/>\n<meta name=\"robots\" content=\"index, follow, max-snippet:-1, max-image-preview:large, max-video-preview:-1\" \/>\n<link rel=\"canonical\" href=\"https:\/\/xstyle.md\/ro\/produs\/montane-primino-140-long-wmn-black\/\" \/>\n<meta property=\"og:locale\" content=\"ro_RO\" \/>\n<meta property=\"og:type\" content=\"article\" \/>\n<meta property=\"og:title\" content=\"\u0422\u0435\u0440\u043c\u043e\u0448\u0442\u0430\u043d\u044b Montane Primino 140 Long Wmn black - \u041c\u0430\u0433\u0430\u0437\u0438\u043d Xstyle\" \/>\n<meta property=\"og:description\" content=\"\u0422\u0435\u0440\u043c\u043e\u0448\u0442\u0430\u043d\u044b Montane Primino 140 Long \u0434\u043b\u044f \u0436\u0435\u043d\u0449\u0438\u043d - \u0438\u0434\u0435\u0430\u043b\u044c\u043d\u044b \u0434\u043b\u044f \u0445\u043e\u043b\u043e\u0434\u043d\u043e\u0439 \u043f\u043e\u0433\u043e\u0434\u044b. \u041a\u043e\u043c\u0431\u0438\u043d\u0438\u0440\u0443\u044e\u0442 Primaloft \u0438 \u043c\u0435\u0440\u0438\u043d\u043e\u0441\u043e\u0432\u0443\u044e \u0448\u0435\u0440\u0441\u0442\u044c \u0434\u043b\u044f \u043c\u0430\u043a\u0441\u0438\u043c\u0430\u043b\u044c\u043d\u043e\u0433\u043e \u043a\u043e\u043c\u0444\u043e\u0440\u0442\u0430.\" \/>\n<meta property=\"og:url\" content=\"https:\/\/xstyle.md\/ro\/produs\/montane-primino-140-long-wmn-black\/\" \/>\n<meta property=\"og:site_name\" content=\"\u041c\u0430\u0433\u0430\u0437\u0438\u043d Xstyle\" \/>\n<meta property=\"article:publisher\" content=\"https:\/\/www.facebook.com\/xstylemd\" \/>\n<meta property=\"article:modified_time\" content=\"2026-03-19T13:34:42+00:00\" \/>\n<meta property=\"og:image\" content=\"https:\/\/xstyle.md\/wp-content\/uploads\/2020\/07\/primino-140-long-2.jpg\" \/>\n\t<meta property=\"og:image:width\" content=\"1000\" \/>\n\t<meta property=\"og:image:height\" content=\"1000\" \/>\n\t<meta property=\"og:image:type\" content=\"image\/jpeg\" \/>\n<meta name=\"twitter:card\" content=\"summary_large_image\" \/>\n<meta name=\"twitter:label1\" content=\"Pre\u021b\" \/>\n\t<meta name=\"twitter:data1\" content=\"1.300&nbsp;MDL\" \/>\n\t<meta name=\"twitter:label2\" content=\"Disponibilitate\" \/>\n\t<meta name=\"twitter:data2\" content=\"\u00cen stoc\" \/>\n<script type=\"application\/ld+json\" class=\"yoast-schema-graph\">{\"@context\":\"https:\/\/schema.org\",\"@graph\":[{\"@type\":\"WebPage\",\"@id\":\"https:\/\/xstyle.md\/product\/montane-primino-140-long-wmn-black\/\",\"url\":\"https:\/\/xstyle.md\/product\/montane-primino-140-long-wmn-black\/\",\"name\":\"\u0422\u0435\u0440\u043c\u043e\u0448\u0442\u0430\u043d\u044b Montane Primino 140 Long Wmn black - \u041c\u0430\u0433\u0430\u0437\u0438\u043d Xstyle\",\"isPartOf\":{\"@id\":\"https:\/\/xstyle.md\/#website\"},\"primaryImageOfPage\":{\"@id\":\"https:\/\/xstyle.md\/product\/montane-primino-140-long-wmn-black\/#primaryimage\"},\"image\":{\"@id\":\"https:\/\/xstyle.md\/product\/montane-primino-140-long-wmn-black\/#primaryimage\"},\"thumbnailUrl\":\"https:\/\/xstyle.md\/wp-content\/uploads\/2020\/07\/primino-140-long-2.jpg\",\"datePublished\":\"2020-07-16T21:49:03+00:00\",\"dateModified\":\"2026-03-19T13:34:42+00:00\",\"description\":\"\u0422\u0435\u0440\u043c\u043e\u0448\u0442\u0430\u043d\u044b Montane Primino 140 Long \u0434\u043b\u044f \u0436\u0435\u043d\u0449\u0438\u043d - \u0438\u0434\u0435\u0430\u043b\u044c\u043d\u044b \u0434\u043b\u044f \u0445\u043e\u043b\u043e\u0434\u043d\u043e\u0439 \u043f\u043e\u0433\u043e\u0434\u044b. \u041a\u043e\u043c\u0431\u0438\u043d\u0438\u0440\u0443\u044e\u0442 Primaloft \u0438 \u043c\u0435\u0440\u0438\u043d\u043e\u0441\u043e\u0432\u0443\u044e \u0448\u0435\u0440\u0441\u0442\u044c \u0434\u043b\u044f \u043c\u0430\u043a\u0441\u0438\u043c\u0430\u043b\u044c\u043d\u043e\u0433\u043e \u043a\u043e\u043c\u0444\u043e\u0440\u0442\u0430.\",\"breadcrumb\":{\"@id\":\"https:\/\/xstyle.md\/product\/montane-primino-140-long-wmn-black\/#breadcrumb\"},\"inLanguage\":\"ro-RO\",\"potentialAction\":[{\"@type\":\"ReadAction\",\"target\":[\"https:\/\/xstyle.md\/product\/montane-primino-140-long-wmn-black\/\"]}]},{\"@type\":\"ImageObject\",\"inLanguage\":\"ro-RO\",\"@id\":\"https:\/\/xstyle.md\/product\/montane-primino-140-long-wmn-black\/#primaryimage\",\"url\":\"https:\/\/xstyle.md\/wp-content\/uploads\/2020\/07\/primino-140-long-2.jpg\",\"contentUrl\":\"https:\/\/xstyle.md\/wp-content\/uploads\/2020\/07\/primino-140-long-2.jpg\",\"width\":1000,\"height\":1000},{\"@type\":\"BreadcrumbList\",\"@id\":\"https:\/\/xstyle.md\/product\/montane-primino-140-long-wmn-black\/#breadcrumb\",\"itemListElement\":[{\"@type\":\"ListItem\",\"position\":1,\"name\":\"\u0413\u043b\u0430\u0432\u043d\u0430\u044f \u0441\u0442\u0440\u0430\u043d\u0438\u0446\u0430\",\"item\":\"https:\/\/xstyle.md\/\"},{\"@type\":\"ListItem\",\"position\":2,\"name\":\"\u041c\u0430\u0433\u0430\u0437\u0438\u043d\",\"item\":\"https:\/\/xstyle.md\/shop\/\"},{\"@type\":\"ListItem\",\"position\":3,\"name\":\"\u0422\u0435\u0440\u043c\u043e\u0448\u0442\u0430\u043d\u044b Montane Primino 140 Long Wmn black\"}]},{\"@type\":\"WebSite\",\"@id\":\"https:\/\/xstyle.md\/#website\",\"url\":\"https:\/\/xstyle.md\/\",\"name\":\"\u041c\u0430\u0433\u0430\u0437\u0438\u043d Xstyle\",\"description\":\"C\u043d\u0430\u0440\u044f\u0436\u0435\u043d\u0438\u0435 \u0434\u043b\u044f \u0442\u0443\u0440\u0438\u0437\u043c\u0430 \u0438 \u044d\u043a\u0441\u0442\u0440\u0435\u043c\u0430\u043b\u044c\u043d\u044b\u0445 \u0432\u0438\u0434\u043e\u0432 \u0441\u043f\u043e\u0440\u0442\u0430 \u0432 \u041c\u043e\u043b\u0434\u043e\u0432\u0435.. \u0426\u0435\u043d\u044b, \u0444\u043e\u0442\u043e, \u0445\u0430\u0440\u0430\u043a\u0442\u0435\u0440\u0438\u0441\u0442\u0438\u043a\u0438 \u0432 \u041c\u043e\u043b\u0434\u043e\u0432\u0435.\",\"publisher\":{\"@id\":\"https:\/\/xstyle.md\/#organization\"},\"alternateName\":\"X-Style\",\"potentialAction\":[{\"@type\":\"SearchAction\",\"target\":{\"@type\":\"EntryPoint\",\"urlTemplate\":\"https:\/\/xstyle.md\/?s={search_term_string}\"},\"query-input\":{\"@type\":\"PropertyValueSpecification\",\"valueRequired\":true,\"valueName\":\"search_term_string\"}}],\"inLanguage\":\"ro-RO\"},{\"@type\":\"Organization\",\"@id\":\"https:\/\/xstyle.md\/#organization\",\"name\":\"\u041c\u0430\u0433\u0430\u0437\u0438\u043d Xstyle\",\"alternateName\":\"x-style\",\"url\":\"https:\/\/xstyle.md\/\",\"logo\":{\"@type\":\"ImageObject\",\"inLanguage\":\"ro-RO\",\"@id\":\"https:\/\/xstyle.md\/#\/schema\/logo\/image\/\",\"url\":\"https:\/\/xstyle.md\/wp-content\/uploads\/2020\/06\/logoicon.svg\",\"contentUrl\":\"https:\/\/xstyle.md\/wp-content\/uploads\/2020\/06\/logoicon.svg\",\"caption\":\"\u041c\u0430\u0433\u0430\u0437\u0438\u043d Xstyle\"},\"image\":{\"@id\":\"https:\/\/xstyle.md\/#\/schema\/logo\/image\/\"},\"sameAs\":[\"https:\/\/www.facebook.com\/xstylemd\",\"https:\/\/www.instagram.com\/xstyle_md\/\",\"https:\/\/t.me\/xstyle_outdoor\"],\"hasMerchantReturnPolicy\":{\"@type\":\"MerchantReturnPolicy\",\"merchantReturnLink\":\"https:\/\/xstyle.md\/ro\/conditions\/\"}}]}<\/script>\n<meta property=\"product:price:amount\" content=\"1300.00\" \/>\n<meta property=\"product:price:currency\" content=\"MDL\" \/>\n<meta property=\"og:availability\" content=\"instock\" \/>\n<meta property=\"product:availability\" content=\"instock\" \/>\n<meta property=\"product:retailer_item_id\" content=\"5055571775180\" \/>\n<meta property=\"product:condition\" content=\"new\" \/>\n<!-- \/ Yoast SEO plugin. -->","yoast_head_json":{"title":"Pantaloni termici Montane Primino 140 Long Wmn Black - Magazin Xstyle","description":"Pantalonii termo Montane Primino 140 Long pentru femei sunt ideali pentru vreme rece. Ace\u0219tia combin\u0103 Primaloft cu l\u00e2n\u0103 merinos pentru un confort maxim.","robots":{"index":"index","follow":"follow","max-snippet":"max-snippet:-1","max-image-preview":"max-image-preview:large","max-video-preview":"max-video-preview:-1"},"canonical":"https:\/\/xstyle.md\/ro\/produs\/montane-primino-140-long-wmn-black\/","og_locale":"ro_RO","og_type":"article","og_title":"\u0422\u0435\u0440\u043c\u043e\u0448\u0442\u0430\u043d\u044b Montane Primino 140 Long Wmn black - \u041c\u0430\u0433\u0430\u0437\u0438\u043d Xstyle","og_description":"\u0422\u0435\u0440\u043c\u043e\u0448\u0442\u0430\u043d\u044b Montane Primino 140 Long \u0434\u043b\u044f \u0436\u0435\u043d\u0449\u0438\u043d - \u0438\u0434\u0435\u0430\u043b\u044c\u043d\u044b \u0434\u043b\u044f \u0445\u043e\u043b\u043e\u0434\u043d\u043e\u0439 \u043f\u043e\u0433\u043e\u0434\u044b. \u041a\u043e\u043c\u0431\u0438\u043d\u0438\u0440\u0443\u044e\u0442 Primaloft \u0438 \u043c\u0435\u0440\u0438\u043d\u043e\u0441\u043e\u0432\u0443\u044e \u0448\u0435\u0440\u0441\u0442\u044c \u0434\u043b\u044f \u043c\u0430\u043a\u0441\u0438\u043c\u0430\u043b\u044c\u043d\u043e\u0433\u043e \u043a\u043e\u043c\u0444\u043e\u0440\u0442\u0430.","og_url":"https:\/\/xstyle.md\/ro\/produs\/montane-primino-140-long-wmn-black\/","og_site_name":"\u041c\u0430\u0433\u0430\u0437\u0438\u043d Xstyle","article_publisher":"https:\/\/www.facebook.com\/xstylemd","article_modified_time":"2026-03-19T13:34:42+00:00","og_image":[{"width":1000,"height":1000,"url":"https:\/\/xstyle.md\/wp-content\/uploads\/2020\/07\/primino-140-long-2.jpg","type":"image\/jpeg"}],"twitter_card":"summary_large_image","twitter_misc":{"Pre\u021b":"1.300&nbsp;MDL","Disponibilitate":"\u00cen stoc"},"schema":{"@context":"https:\/\/schema.org","@graph":[{"@type":"WebPage","@id":"https:\/\/xstyle.md\/product\/montane-primino-140-long-wmn-black\/","url":"https:\/\/xstyle.md\/product\/montane-primino-140-long-wmn-black\/","name":"Pantaloni termici Montane Primino 140 Long Wmn Black - Magazin Xstyle","isPartOf":{"@id":"https:\/\/xstyle.md\/#website"},"primaryImageOfPage":{"@id":"https:\/\/xstyle.md\/product\/montane-primino-140-long-wmn-black\/#primaryimage"},"image":{"@id":"https:\/\/xstyle.md\/product\/montane-primino-140-long-wmn-black\/#primaryimage"},"thumbnailUrl":"https:\/\/xstyle.md\/wp-content\/uploads\/2020\/07\/primino-140-long-2.jpg","datePublished":"2020-07-16T21:49:03+00:00","dateModified":"2026-03-19T13:34:42+00:00","description":"Pantalonii termo Montane Primino 140 Long pentru femei sunt ideali pentru vreme rece. Ace\u0219tia combin\u0103 Primaloft cu l\u00e2n\u0103 merinos pentru un confort maxim.","breadcrumb":{"@id":"https:\/\/xstyle.md\/product\/montane-primino-140-long-wmn-black\/#breadcrumb"},"inLanguage":"ro-RO","potentialAction":[{"@type":"ReadAction","target":["https:\/\/xstyle.md\/product\/montane-primino-140-long-wmn-black\/"]}]},{"@type":"ImageObject","inLanguage":"ro-RO","@id":"https:\/\/xstyle.md\/product\/montane-primino-140-long-wmn-black\/#primaryimage","url":"https:\/\/xstyle.md\/wp-content\/uploads\/2020\/07\/primino-140-long-2.jpg","contentUrl":"https:\/\/xstyle.md\/wp-content\/uploads\/2020\/07\/primino-140-long-2.jpg","width":1000,"height":1000},{"@type":"BreadcrumbList","@id":"https:\/\/xstyle.md\/product\/montane-primino-140-long-wmn-black\/#breadcrumb","itemListElement":[{"@type":"ListItem","position":1,"name":"\u0413\u043b\u0430\u0432\u043d\u0430\u044f \u0441\u0442\u0440\u0430\u043d\u0438\u0446\u0430","item":"https:\/\/xstyle.md\/"},{"@type":"ListItem","position":2,"name":"\u041c\u0430\u0433\u0430\u0437\u0438\u043d","item":"https:\/\/xstyle.md\/shop\/"},{"@type":"ListItem","position":3,"name":"\u0422\u0435\u0440\u043c\u043e\u0448\u0442\u0430\u043d\u044b Montane Primino 140 Long Wmn black"}]},{"@type":"WebSite","@id":"https:\/\/xstyle.md\/#website","url":"https:\/\/xstyle.md\/","name":"Magazinul X-Style","description":"Echipamente pentru turism \u0219i sporturi extreme \u00een Moldova. Pre\u021buri, fotografii, caracteristici \u00een Moldova.","publisher":{"@id":"https:\/\/xstyle.md\/#organization"},"alternateName":"X-Style","potentialAction":[{"@type":"SearchAction","target":{"@type":"EntryPoint","urlTemplate":"https:\/\/xstyle.md\/?s={search_term_string}"},"query-input":{"@type":"PropertyValueSpecification","valueRequired":true,"valueName":"search_term_string"}}],"inLanguage":"ro-RO"},{"@type":"Organization","@id":"https:\/\/xstyle.md\/#organization","name":"Magazinul X-Style","alternateName":"x-style","url":"https:\/\/xstyle.md\/","logo":{"@type":"ImageObject","inLanguage":"ro-RO","@id":"https:\/\/xstyle.md\/#\/schema\/logo\/image\/","url":"https:\/\/xstyle.md\/wp-content\/uploads\/2020\/06\/logoicon.svg","contentUrl":"https:\/\/xstyle.md\/wp-content\/uploads\/2020\/06\/logoicon.svg","caption":"\u041c\u0430\u0433\u0430\u0437\u0438\u043d Xstyle"},"image":{"@id":"https:\/\/xstyle.md\/#\/schema\/logo\/image\/"},"sameAs":["https:\/\/www.facebook.com\/xstylemd","https:\/\/www.instagram.com\/xstyle_md\/","https:\/\/t.me\/xstyle_outdoor"],"hasMerchantReturnPolicy":{"@type":"MerchantReturnPolicy","merchantReturnLink":"https:\/\/xstyle.md\/ro\/conditions\/"}}]},"product_price_amount":"1300.00","product_price_currency":"MDL","og_availability":"instock","product_availability":"instock","product_retailer_item_id":"5055571775180","product_condition":"new"},"post_mailing_queue_ids":[],"_links":{"self":[{"href":"https:\/\/xstyle.md\/ro\/wp-json\/wp\/v2\/product\/9457","targetHints":{"allow":["GET"]}}],"collection":[{"href":"https:\/\/xstyle.md\/ro\/wp-json\/wp\/v2\/product"}],"about":[{"href":"https:\/\/xstyle.md\/ro\/wp-json\/wp\/v2\/types\/product"}],"replies":[{"embeddable":true,"href":"https:\/\/xstyle.md\/ro\/wp-json\/wp\/v2\/comments?post=9457"}],"wp:featuredmedia":[{"embeddable":true,"href":"https:\/\/xstyle.md\/ro\/wp-json\/wp\/v2\/media\/9456"}],"wp:attachment":[{"href":"https:\/\/xstyle.md\/ro\/wp-json\/wp\/v2\/media?parent=9457"}],"wp:term":[{"taxonomy":"product_brand","embeddable":true,"href":"https:\/\/xstyle.md\/ro\/wp-json\/wp\/v2\/product_brand?post=9457"},{"taxonomy":"product_cat","embeddable":true,"href":"https:\/\/xstyle.md\/ro\/wp-json\/wp\/v2\/product_cat?post=9457"},{"taxonomy":"product_tag","embeddable":true,"href":"https:\/\/xstyle.md\/ro\/wp-json\/wp\/v2\/product_tag?post=9457"}],"curies":[{"name":"wp","href":"https:\/\/api.w.org\/{rel}","templated":true}]}}