{"id":94425,"date":"2025-05-12T12:09:02","date_gmt":"2025-05-12T09:09:02","guid":{"rendered":"https:\/\/xstyle.md\/?post_type=product&#038;p=94425"},"modified":"2025-06-12T19:43:34","modified_gmt":"2025-06-12T16:43:34","slug":"shorty-turbat-sup-shorts-mns-calla-green","status":"publish","type":"product","link":"https:\/\/xstyle.md\/ro\/produs\/shorty-turbat-sup-shorts-mns-calla-green\/","title":{"rendered":"Sor\u021bi de \u00eenot Turbat Sup Shorts Mns calla green"},"content":{"rendered":"<p><strong>Turbat Sup Shorts<\/strong> \u2014 \u043b\u0451\u0433\u043a\u0438\u0435 \u043c\u0443\u0436\u0441\u043a\u0438\u0435 \u0448\u043e\u0440\u0442\u044b \u0434\u043b\u044f \u0432\u043e\u0434\u043d\u044b\u0445 \u0430\u043a\u0442\u0438\u0432\u043d\u043e\u0441\u0442\u0435\u0439 \u0438 \u043b\u0435\u0442\u043d\u0435\u0433\u043e \u043e\u0442\u0434\u044b\u0445\u0430. \u041e\u0442\u043b\u0438\u0447\u043d\u043e \u043f\u043e\u0434\u043e\u0439\u0434\u0443\u0442 \u0442\u0435\u043c, \u043a\u0442\u043e \u043f\u0440\u043e\u0432\u043e\u0434\u0438\u0442 \u0432\u0440\u0435\u043c\u044f \u043d\u0430 SUP-\u0434\u043e\u0441\u043a\u0435, \u0432 \u043a\u0430\u044f\u043a\u0435, \u043f\u043b\u0430\u0432\u0430\u0435\u0442 \u0438\u043b\u0438 \u043f\u0440\u043e\u0441\u0442\u043e \u043e\u0442\u0434\u044b\u0445\u0430\u0435\u0442 \u0443 \u0432\u043e\u0434\u044b. \u0411\u044b\u0441\u0442\u0440\u043e \u0441\u043e\u0445\u043d\u0443\u0442 \u0438 \u043d\u0435 \u0442\u0440\u0435\u0431\u0443\u044e\u0442 \u0441\u043c\u0435\u043d\u043d\u043e\u0439 \u043e\u0434\u0435\u0436\u0434\u044b \u2014 \u043c\u043e\u0436\u043d\u043e \u0441\u043f\u043e\u043a\u043e\u0439\u043d\u043e \u043d\u044b\u0440\u043d\u0443\u0442\u044c \u0432 \u0432\u043e\u0434\u0443 \u0438 \u043f\u0440\u043e\u0434\u043e\u043b\u0436\u0430\u0442\u044c \u0434\u0435\u043d\u044c \u0431\u0435\u0437 \u0434\u0438\u0441\u043a\u043e\u043c\u0444\u043e\u0440\u0442\u0430.<\/p>\n<h3>Particularit\u0103\u021bi<\/h3>\n<ul>\n<li>\u0421\u0435\u0442\u0447\u0430\u0442\u0430\u044f \u043f\u043e\u0434\u043a\u043b\u0430\u0434\u043a\u0430 \u2014 \u043a\u043e\u043c\u0444\u043e\u0440\u0442 \u0438 \u043f\u043e\u0434\u0434\u0435\u0440\u0436\u043a\u0430 \u043f\u0440\u0438 \u043f\u043b\u0430\u0432\u0430\u043d\u0438\u0438<\/li>\n<li>\u041a\u0430\u0440\u043c\u0430\u043d\u044b \u0434\u043b\u044f \u0440\u0443\u043a \u2014 \u0443\u0434\u043e\u0431\u043d\u043e \u0445\u0440\u0430\u043d\u0438\u0442\u044c \u043c\u0435\u043b\u043a\u0438\u0435 \u0432\u0435\u0449\u0438<\/li>\n<li>\u0420\u0435\u0433\u0443\u043b\u0438\u0440\u0443\u0435\u043c\u044b\u0439 \u043f\u043e\u044f\u0441 \u043d\u0430 \u0448\u043d\u0443\u0440\u043a\u0435 \u2014 \u043d\u0430\u0434\u0451\u0436\u043d\u0430\u044f \u043f\u043e\u0441\u0430\u0434\u043a\u0430 \u0434\u0430\u0436\u0435 \u043f\u0440\u0438 \u0430\u043a\u0442\u0438\u0432\u043d\u044b\u0445 \u0434\u0432\u0438\u0436\u0435\u043d\u0438\u044f\u0445 \u0438\u043b\u0438 \u043f\u0440\u044b\u0436\u043a\u0430\u0445 \u0432 \u0432\u043e\u0434\u0443<\/li>\n<li>\u0411\u044b\u0441\u0442\u0440\u043e\u0441\u043e\u0445\u043d\u0443\u0449\u0438\u0439 \u043c\u0430\u0442\u0435\u0440\u0438\u0430\u043b \u2014 \u0438\u0434\u0435\u0430\u043b\u044c\u043d\u043e \u0434\u043b\u044f \u0442\u0435\u0445, \u043a\u0442\u043e \u043d\u0435 \u0445\u043e\u0447\u0435\u0442 \u043d\u043e\u0441\u0438\u0442\u044c \u0441\u043c\u0435\u043d\u043d\u044b\u0435 \u0448\u043e\u0440\u0442\u044b<\/li>\n<li>\u0414\u0432\u0435 \u043f\u0435\u0442\u043b\u0438 \u0441 \u0437\u0430\u0441\u0442\u0451\u0436\u043a\u0430\u043c\u0438 \u0434\u043b\u044f \u0441\u0443\u0448\u043a\u0438 \u2014 \u043c\u043e\u0436\u043d\u043e \u0437\u0430\u043a\u0440\u0435\u043f\u0438\u0442\u044c \u043d\u0430 \u0432\u0435\u0442\u043a\u0435, \u0432\u0435\u0440\u0451\u0432\u043a\u0435 \u0438\u043b\u0438 \u0441\u0443\u0448\u0438\u043b\u043a\u0435, \u043d\u0435 \u0431\u043e\u044f\u0441\u044c, \u0447\u0442\u043e \u0438\u0445 \u0443\u043d\u0435\u0441\u0451\u0442 \u0432\u0435\u0442\u0435\u0440<\/li>\n<li>\u0423\u0434\u043e\u0431\u043d\u0430\u044f \u043f\u0435\u0442\u043b\u044f \u0434\u043b\u044f \u043f\u043e\u0434\u0432\u0435\u0448\u0438\u0432\u0430\u043d\u0438\u044f \u2014 \u043f\u043e\u0432\u0435\u0441\u044c\u0442\u0435 \u043d\u0430 \u043a\u0440\u044e\u0447\u043e\u043a \u0432 \u0434\u0443\u0448\u0435 \u0438\u043b\u0438 \u043a\u0435\u043c\u043f\u0438\u043d\u0433\u0435<\/li>\n<\/ul>\n<h3>Caracteristici<\/h3>\n<ul>\n<li>\u041c\u0430\u0442\u0435\u0440\u0438\u0430\u043b \u2013 86% \u043d\u0435\u0439\u043b\u043e\u043d, 14% \u044d\u043b\u0430\u0441\u0442\u0430\u043d<\/li>\n<li>\u0421\u0435\u0437\u043e\u043d \u2013 \u043b\u0435\u0442\u043e<\/li>\n<li>\u041d\u0430\u0437\u043d\u0430\u0447\u0435\u043d\u0438\u0435 &#8212; SUP\/ \u043a\u0430\u044f\u043a\u0438\u043d\u0433\/ \u043a\u0430\u043d\u043e\u044d\/ \u0432\u0438\u043d\u0434\u0441\u0435\u0440\u0444\u0438\u043d\u0433\/ \u043b\u0435\u0442\u043d\u0438\u0435 \u0432\u043e\u0434\u043d\u044b\u0435 \u0430\u043a\u0442\u0438\u0432\u043d\u043e\u0441\u0442\u0438<\/li>\n<li>Model - pentru b\u0103rba\u021bi.<\/li>\n<\/ul>\n<h3>Marca<\/h3>\n<p>Turbat este un brand ucrainean care d\u0103r\u00e2m\u0103 toate stereotipurile \u0219i miturile legate de produsele autohtone \u0219i atitudinea p\u0103rtinitoare fa\u021b\u0103 de acestea. Brandul a demonstrat c\u0103 produc\u0103torul local nu cedeaz\u0103 cu nimic \u00een fa\u021ba calit\u0103\u021bii \u0219i durabilit\u0103\u021bii produselor de import. Echipamentele Turbat sunt adaptate realit\u0103\u021bilor din latitudinile noastre \u0219i vegeta\u021biei s\u0103lbatice a Carpa\u021bilor, cu arbori dobor\u00e2\u021bi \u0219i c\u0103r\u0103ri neumblate, care pot fi dep\u0103\u0219ite doar purt\u00e2nd haine \u0219i folosind un echipament de o rezisten\u021b\u0103 deosebit\u0103. Nu degeaba creatorii au \u00eemprumutat numele companiei de la r\u00e2ul Turbat \u2013 o ap\u0103 de o frumuse\u021be \u0219i puritate incredibile, dar, \u00een acela\u0219i timp, extrem de periculoas\u0103 \u0219i greu accesibil\u0103.<\/p>\n<p>Turbat ofer\u0103 clien\u021bilor s\u0103i \u00eembr\u0103c\u0103minte \u0219i echipament at\u00e2t pentru recreerea de var\u0103, c\u00e2t \u0219i pentru cea de iarn\u0103. Hainele, \u00eenc\u0103l\u021b\u0103mintea, corturile, sacii de dormit \u0219i rucsacurile de calitate, la pre\u021buri accesibile \u0219i cu un design unic, sunt doar o parte din portofoliul companiei. \u00cen plus, produc\u0103torul \u021bine cont de interesele diferitelor categorii de consumatori, oferind game dedicate pentru copii, b\u0103rba\u021bi \u0219i femei.<\/p>\n<p>Turbat are grij\u0103 de confortul \u0219i siguran\u021ba clien\u021bilor s\u0103i, inspir\u00e2ndu-i spre sporturi active, relaxare \u00een natur\u0103, c\u0103l\u0103torii romantice \u0219i aventuri memorabile.<\/p>","protected":false},"excerpt":{"rendered":"<p>Turbat Sup Shorts \u2014 \u043b\u0451\u0433\u043a\u0438\u0435 \u043c\u0443\u0436\u0441\u043a\u0438\u0435 \u0448\u043e\u0440\u0442\u044b \u0434\u043b\u044f \u0432\u043e\u0434\u043d\u044b\u0445 \u0430\u043a\u0442\u0438\u0432\u043d\u043e\u0441\u0442\u0435\u0439 \u0438 \u043b\u0435\u0442\u043d\u0435\u0433\u043e \u043e\u0442\u0434\u044b\u0445\u0430. \u041e\u0442\u043b\u0438\u0447\u043d\u043e \u043f\u043e\u0434\u043e\u0439\u0434\u0443\u0442 \u0442\u0435\u043c, \u043a\u0442\u043e \u043f\u0440\u043e\u0432\u043e\u0434\u0438\u0442 \u0432\u0440\u0435\u043c\u044f \u043d\u0430 SUP-\u0434\u043e\u0441\u043a\u0435, \u0432 \u043a\u0430\u044f\u043a\u0435, \u043f\u043b\u0430\u0432\u0430\u0435\u0442 \u0438\u043b\u0438 \u043f\u0440\u043e\u0441\u0442\u043e \u043e\u0442\u0434\u044b\u0445\u0430\u0435\u0442 \u0443 \u0432\u043e\u0434\u044b. \u0411\u044b\u0441\u0442\u0440\u043e \u0441\u043e\u0445\u043d\u0443\u0442 \u0438 \u043d\u0435 \u0442\u0440\u0435\u0431\u0443\u044e\u0442 \u0441\u043c\u0435\u043d\u043d\u043e\u0439 \u043e\u0434\u0435\u0436\u0434\u044b \u2014 \u043c\u043e\u0436\u043d\u043e \u0441\u043f\u043e\u043a\u043e\u0439\u043d\u043e \u043d\u044b\u0440\u043d\u0443\u0442\u044c \u0432 \u0432\u043e\u0434\u0443 \u0438 \u043f\u0440\u043e\u0434\u043e\u043b\u0436\u0430\u0442\u044c \u0434\u0435\u043d\u044c \u0431\u0435\u0437 \u0434\u0438\u0441\u043a\u043e\u043c\u0444\u043e\u0440\u0442\u0430. \u041e\u0441\u043e\u0431\u0435\u043d\u043d\u043e\u0441\u0442\u0438 \u0421\u0435\u0442\u0447\u0430\u0442\u0430\u044f \u043f\u043e\u0434\u043a\u043b\u0430\u0434\u043a\u0430 \u2014 \u043a\u043e\u043c\u0444\u043e\u0440\u0442 \u0438 \u043f\u043e\u0434\u0434\u0435\u0440\u0436\u043a\u0430 \u043f\u0440\u0438 [&hellip;]<\/p>\n","protected":false},"featured_media":95168,"comment_status":"open","ping_status":"closed","template":"","meta":{"_acf_changed":false,"inline_featured_image":false},"product_brand":[1469],"product_cat":[458],"product_tag":[],"class_list":{"0":"post-94425","1":"product","2":"type-product","3":"status-publish","4":"has-post-thumbnail","6":"product_brand-turbat","7":"product_cat-swimming-shorts-men","9":"first","10":"instock","11":"shipping-taxable","12":"purchasable","13":"product-type-simple"},"acf":[],"yoast_head":"<!-- This site is optimized with the Yoast SEO plugin v27.2 - https:\/\/yoast.com\/product\/yoast-seo-wordpress\/ -->\n<title>\u0428\u043e\u0440\u0442\u044b Turbat Sup Shorts Mns calla green - \u041c\u0430\u0433\u0430\u0437\u0438\u043d Xstyle<\/title>\n<meta name=\"robots\" content=\"index, follow, max-snippet:-1, max-image-preview:large, max-video-preview:-1\" \/>\n<link rel=\"canonical\" href=\"https:\/\/xstyle.md\/ro\/produs\/shorty-turbat-sup-shorts-mns-calla-green\/\" \/>\n<meta property=\"og:locale\" content=\"ro_RO\" \/>\n<meta property=\"og:type\" content=\"article\" \/>\n<meta property=\"og:title\" content=\"\u0428\u043e\u0440\u0442\u044b Turbat Sup Shorts Mns calla green - \u041c\u0430\u0433\u0430\u0437\u0438\u043d Xstyle\" \/>\n<meta property=\"og:description\" content=\"Turbat Sup Shorts \u2014 \u043b\u0451\u0433\u043a\u0438\u0435 \u043c\u0443\u0436\u0441\u043a\u0438\u0435 \u0448\u043e\u0440\u0442\u044b \u0434\u043b\u044f \u0432\u043e\u0434\u043d\u044b\u0445 \u0430\u043a\u0442\u0438\u0432\u043d\u043e\u0441\u0442\u0435\u0439 \u0438 \u043b\u0435\u0442\u043d\u0435\u0433\u043e \u043e\u0442\u0434\u044b\u0445\u0430. \u041e\u0442\u043b\u0438\u0447\u043d\u043e \u043f\u043e\u0434\u043e\u0439\u0434\u0443\u0442 \u0442\u0435\u043c, \u043a\u0442\u043e \u043f\u0440\u043e\u0432\u043e\u0434\u0438\u0442 \u0432\u0440\u0435\u043c\u044f \u043d\u0430 SUP-\u0434\u043e\u0441\u043a\u0435, \u0432 \u043a\u0430\u044f\u043a\u0435, \u043f\u043b\u0430\u0432\u0430\u0435\u0442 \u0438\u043b\u0438 \u043f\u0440\u043e\u0441\u0442\u043e \u043e\u0442\u0434\u044b\u0445\u0430\u0435\u0442 \u0443 \u0432\u043e\u0434\u044b. \u0411\u044b\u0441\u0442\u0440\u043e \u0441\u043e\u0445\u043d\u0443\u0442 \u0438 \u043d\u0435 \u0442\u0440\u0435\u0431\u0443\u044e\u0442 \u0441\u043c\u0435\u043d\u043d\u043e\u0439 \u043e\u0434\u0435\u0436\u0434\u044b \u2014 \u043c\u043e\u0436\u043d\u043e \u0441\u043f\u043e\u043a\u043e\u0439\u043d\u043e \u043d\u044b\u0440\u043d\u0443\u0442\u044c \u0432 \u0432\u043e\u0434\u0443 \u0438 \u043f\u0440\u043e\u0434\u043e\u043b\u0436\u0430\u0442\u044c \u0434\u0435\u043d\u044c \u0431\u0435\u0437 \u0434\u0438\u0441\u043a\u043e\u043c\u0444\u043e\u0440\u0442\u0430. \u041e\u0441\u043e\u0431\u0435\u043d\u043d\u043e\u0441\u0442\u0438 \u0421\u0435\u0442\u0447\u0430\u0442\u0430\u044f \u043f\u043e\u0434\u043a\u043b\u0430\u0434\u043a\u0430 \u2014 \u043a\u043e\u043c\u0444\u043e\u0440\u0442 \u0438 \u043f\u043e\u0434\u0434\u0435\u0440\u0436\u043a\u0430 \u043f\u0440\u0438 [&hellip;]\" \/>\n<meta property=\"og:url\" content=\"https:\/\/xstyle.md\/ro\/produs\/shorty-turbat-sup-shorts-mns-calla-green\/\" \/>\n<meta property=\"og:site_name\" content=\"\u041c\u0430\u0433\u0430\u0437\u0438\u043d Xstyle\" \/>\n<meta property=\"article:publisher\" content=\"https:\/\/www.facebook.com\/xstylemd\" \/>\n<meta property=\"article:modified_time\" content=\"2025-06-12T16:43:34+00:00\" \/>\n<meta property=\"og:image\" content=\"https:\/\/xstyle.md\/wp-content\/uploads\/2025\/05\/turbat-sup-shorts-mns-calla-green.webp\" \/>\n\t<meta property=\"og:image:width\" content=\"1000\" \/>\n\t<meta property=\"og:image:height\" content=\"1000\" \/>\n\t<meta property=\"og:image:type\" content=\"image\/webp\" \/>\n<meta name=\"twitter:card\" content=\"summary_large_image\" \/>\n<meta name=\"twitter:label1\" content=\"Pre\u021b\" \/>\n\t<meta name=\"twitter:data1\" content=\"850&nbsp;MDL\" \/>\n\t<meta name=\"twitter:label2\" content=\"Disponibilitate\" \/>\n\t<meta name=\"twitter:data2\" content=\"\u00cen stoc\" \/>\n<script type=\"application\/ld+json\" class=\"yoast-schema-graph\">{\"@context\":\"https:\/\/schema.org\",\"@graph\":[{\"@type\":\"WebPage\",\"@id\":\"https:\/\/xstyle.md\/product\/shorty-turbat-sup-shorts-mns-calla-green\/\",\"url\":\"https:\/\/xstyle.md\/product\/shorty-turbat-sup-shorts-mns-calla-green\/\",\"name\":\"\u0428\u043e\u0440\u0442\u044b Turbat Sup Shorts Mns calla green - \u041c\u0430\u0433\u0430\u0437\u0438\u043d Xstyle\",\"isPartOf\":{\"@id\":\"https:\/\/xstyle.md\/#website\"},\"primaryImageOfPage\":{\"@id\":\"https:\/\/xstyle.md\/product\/shorty-turbat-sup-shorts-mns-calla-green\/#primaryimage\"},\"image\":{\"@id\":\"https:\/\/xstyle.md\/product\/shorty-turbat-sup-shorts-mns-calla-green\/#primaryimage\"},\"thumbnailUrl\":\"https:\/\/xstyle.md\/wp-content\/uploads\/2025\/05\/turbat-sup-shorts-mns-calla-green.webp\",\"datePublished\":\"2025-05-12T09:09:02+00:00\",\"dateModified\":\"2025-06-12T16:43:34+00:00\",\"breadcrumb\":{\"@id\":\"https:\/\/xstyle.md\/product\/shorty-turbat-sup-shorts-mns-calla-green\/#breadcrumb\"},\"inLanguage\":\"ro-RO\",\"potentialAction\":[{\"@type\":\"ReadAction\",\"target\":[\"https:\/\/xstyle.md\/product\/shorty-turbat-sup-shorts-mns-calla-green\/\"]}]},{\"@type\":\"ImageObject\",\"inLanguage\":\"ro-RO\",\"@id\":\"https:\/\/xstyle.md\/product\/shorty-turbat-sup-shorts-mns-calla-green\/#primaryimage\",\"url\":\"https:\/\/xstyle.md\/wp-content\/uploads\/2025\/05\/turbat-sup-shorts-mns-calla-green.webp\",\"contentUrl\":\"https:\/\/xstyle.md\/wp-content\/uploads\/2025\/05\/turbat-sup-shorts-mns-calla-green.webp\",\"width\":1000,\"height\":1000,\"caption\":\"\u0428\u043e\u0440\u0442\u044b Turbat Sup Shorts Mns Calla \u0417\u0435\u043b\u0435\u043d\u044b\u0435 \u0434\u043b\u044f \u0430\u043a\u0442\u0438\u0432\u043d\u043e\u0433\u043e \u043e\u0442\u0434\u044b\u0445\u0430, \u043f\u0443\u0442\u0435\u0448\u0435\u0441\u0442\u0432\u0438\u0439, \u0442\u0443\u0440\u0438\u0441\u0442\u0438\u0447\u0435\u0441\u043a\u043e\u0439 \u043e\u0434\u0435\u0436\u0434\u044b \u0438 \u0441\u043f\u043e\u0440\u0442\u0438\u0432\u043d\u043e\u0439 \u044d\u043a\u0438\u043f\u0438\u0440\u043e\u0432\u043a\u0438 \u0434\u043b\u044f \u0445\u043e\u0434\u044c\u0431\u044b, \u0430\u043b\u044c\u043f\u0438\u043d\u0438\u0437\u043c\u0430 \u0438 \u043f\u043e\u0445\u043e\u0434\u043e\u0432\"},{\"@type\":\"BreadcrumbList\",\"@id\":\"https:\/\/xstyle.md\/product\/shorty-turbat-sup-shorts-mns-calla-green\/#breadcrumb\",\"itemListElement\":[{\"@type\":\"ListItem\",\"position\":1,\"name\":\"\u0413\u043b\u0430\u0432\u043d\u0430\u044f \u0441\u0442\u0440\u0430\u043d\u0438\u0446\u0430\",\"item\":\"https:\/\/xstyle.md\/\"},{\"@type\":\"ListItem\",\"position\":2,\"name\":\"\u041c\u0430\u0433\u0430\u0437\u0438\u043d\",\"item\":\"https:\/\/xstyle.md\/shop\/\"},{\"@type\":\"ListItem\",\"position\":3,\"name\":\"\u0428\u043e\u0440\u0442\u044b Turbat Sup Shorts Mns calla green\"}]},{\"@type\":\"WebSite\",\"@id\":\"https:\/\/xstyle.md\/#website\",\"url\":\"https:\/\/xstyle.md\/\",\"name\":\"\u041c\u0430\u0433\u0430\u0437\u0438\u043d Xstyle\",\"description\":\"C\u043d\u0430\u0440\u044f\u0436\u0435\u043d\u0438\u0435 \u0434\u043b\u044f \u0442\u0443\u0440\u0438\u0437\u043c\u0430 \u0438 \u044d\u043a\u0441\u0442\u0440\u0435\u043c\u0430\u043b\u044c\u043d\u044b\u0445 \u0432\u0438\u0434\u043e\u0432 \u0441\u043f\u043e\u0440\u0442\u0430 \u0432 \u041c\u043e\u043b\u0434\u043e\u0432\u0435.. \u0426\u0435\u043d\u044b, \u0444\u043e\u0442\u043e, \u0445\u0430\u0440\u0430\u043a\u0442\u0435\u0440\u0438\u0441\u0442\u0438\u043a\u0438 \u0432 \u041c\u043e\u043b\u0434\u043e\u0432\u0435.\",\"publisher\":{\"@id\":\"https:\/\/xstyle.md\/#organization\"},\"alternateName\":\"X-Style\",\"potentialAction\":[{\"@type\":\"SearchAction\",\"target\":{\"@type\":\"EntryPoint\",\"urlTemplate\":\"https:\/\/xstyle.md\/?s={search_term_string}\"},\"query-input\":{\"@type\":\"PropertyValueSpecification\",\"valueRequired\":true,\"valueName\":\"search_term_string\"}}],\"inLanguage\":\"ro-RO\"},{\"@type\":\"Organization\",\"@id\":\"https:\/\/xstyle.md\/#organization\",\"name\":\"\u041c\u0430\u0433\u0430\u0437\u0438\u043d Xstyle\",\"alternateName\":\"x-style\",\"url\":\"https:\/\/xstyle.md\/\",\"logo\":{\"@type\":\"ImageObject\",\"inLanguage\":\"ro-RO\",\"@id\":\"https:\/\/xstyle.md\/#\/schema\/logo\/image\/\",\"url\":\"https:\/\/xstyle.md\/wp-content\/uploads\/2020\/06\/logoicon.svg\",\"contentUrl\":\"https:\/\/xstyle.md\/wp-content\/uploads\/2020\/06\/logoicon.svg\",\"caption\":\"\u041c\u0430\u0433\u0430\u0437\u0438\u043d Xstyle\"},\"image\":{\"@id\":\"https:\/\/xstyle.md\/#\/schema\/logo\/image\/\"},\"sameAs\":[\"https:\/\/www.facebook.com\/xstylemd\",\"https:\/\/www.instagram.com\/xstyle_md\/\",\"https:\/\/t.me\/xstyle_outdoor\"],\"hasMerchantReturnPolicy\":{\"@type\":\"MerchantReturnPolicy\",\"merchantReturnLink\":\"https:\/\/xstyle.md\/ro\/conditions\/\"}}]}<\/script>\n<meta property=\"product:price:amount\" content=\"850.00\" \/>\n<meta property=\"product:price:currency\" content=\"MDL\" \/>\n<meta property=\"og:availability\" content=\"instock\" \/>\n<meta property=\"product:availability\" content=\"instock\" \/>\n<meta property=\"product:retailer_item_id\" content=\"4823100539616\" \/>\n<meta property=\"product:condition\" content=\"new\" \/>\n<!-- \/ Yoast SEO plugin. -->","yoast_head_json":{"title":"\u0428\u043e\u0440\u0442\u044b Turbat Sup Shorts Mns calla green - \u041c\u0430\u0433\u0430\u0437\u0438\u043d Xstyle","robots":{"index":"index","follow":"follow","max-snippet":"max-snippet:-1","max-image-preview":"max-image-preview:large","max-video-preview":"max-video-preview:-1"},"canonical":"https:\/\/xstyle.md\/ro\/produs\/shorty-turbat-sup-shorts-mns-calla-green\/","og_locale":"ro_RO","og_type":"article","og_title":"\u0428\u043e\u0440\u0442\u044b Turbat Sup Shorts Mns calla green - \u041c\u0430\u0433\u0430\u0437\u0438\u043d Xstyle","og_description":"Turbat Sup Shorts \u2014 \u043b\u0451\u0433\u043a\u0438\u0435 \u043c\u0443\u0436\u0441\u043a\u0438\u0435 \u0448\u043e\u0440\u0442\u044b \u0434\u043b\u044f \u0432\u043e\u0434\u043d\u044b\u0445 \u0430\u043a\u0442\u0438\u0432\u043d\u043e\u0441\u0442\u0435\u0439 \u0438 \u043b\u0435\u0442\u043d\u0435\u0433\u043e \u043e\u0442\u0434\u044b\u0445\u0430. \u041e\u0442\u043b\u0438\u0447\u043d\u043e \u043f\u043e\u0434\u043e\u0439\u0434\u0443\u0442 \u0442\u0435\u043c, \u043a\u0442\u043e \u043f\u0440\u043e\u0432\u043e\u0434\u0438\u0442 \u0432\u0440\u0435\u043c\u044f \u043d\u0430 SUP-\u0434\u043e\u0441\u043a\u0435, \u0432 \u043a\u0430\u044f\u043a\u0435, \u043f\u043b\u0430\u0432\u0430\u0435\u0442 \u0438\u043b\u0438 \u043f\u0440\u043e\u0441\u0442\u043e \u043e\u0442\u0434\u044b\u0445\u0430\u0435\u0442 \u0443 \u0432\u043e\u0434\u044b. \u0411\u044b\u0441\u0442\u0440\u043e \u0441\u043e\u0445\u043d\u0443\u0442 \u0438 \u043d\u0435 \u0442\u0440\u0435\u0431\u0443\u044e\u0442 \u0441\u043c\u0435\u043d\u043d\u043e\u0439 \u043e\u0434\u0435\u0436\u0434\u044b \u2014 \u043c\u043e\u0436\u043d\u043e \u0441\u043f\u043e\u043a\u043e\u0439\u043d\u043e \u043d\u044b\u0440\u043d\u0443\u0442\u044c \u0432 \u0432\u043e\u0434\u0443 \u0438 \u043f\u0440\u043e\u0434\u043e\u043b\u0436\u0430\u0442\u044c \u0434\u0435\u043d\u044c \u0431\u0435\u0437 \u0434\u0438\u0441\u043a\u043e\u043c\u0444\u043e\u0440\u0442\u0430. \u041e\u0441\u043e\u0431\u0435\u043d\u043d\u043e\u0441\u0442\u0438 \u0421\u0435\u0442\u0447\u0430\u0442\u0430\u044f \u043f\u043e\u0434\u043a\u043b\u0430\u0434\u043a\u0430 \u2014 \u043a\u043e\u043c\u0444\u043e\u0440\u0442 \u0438 \u043f\u043e\u0434\u0434\u0435\u0440\u0436\u043a\u0430 \u043f\u0440\u0438 [&hellip;]","og_url":"https:\/\/xstyle.md\/ro\/produs\/shorty-turbat-sup-shorts-mns-calla-green\/","og_site_name":"\u041c\u0430\u0433\u0430\u0437\u0438\u043d Xstyle","article_publisher":"https:\/\/www.facebook.com\/xstylemd","article_modified_time":"2025-06-12T16:43:34+00:00","og_image":[{"width":1000,"height":1000,"url":"https:\/\/xstyle.md\/wp-content\/uploads\/2025\/05\/turbat-sup-shorts-mns-calla-green.webp","type":"image\/webp"}],"twitter_card":"summary_large_image","twitter_misc":{"Pre\u021b":"850&nbsp;MDL","Disponibilitate":"\u00cen stoc"},"schema":{"@context":"https:\/\/schema.org","@graph":[{"@type":"WebPage","@id":"https:\/\/xstyle.md\/product\/shorty-turbat-sup-shorts-mns-calla-green\/","url":"https:\/\/xstyle.md\/product\/shorty-turbat-sup-shorts-mns-calla-green\/","name":"\u0428\u043e\u0440\u0442\u044b Turbat Sup Shorts Mns calla green - \u041c\u0430\u0433\u0430\u0437\u0438\u043d Xstyle","isPartOf":{"@id":"https:\/\/xstyle.md\/#website"},"primaryImageOfPage":{"@id":"https:\/\/xstyle.md\/product\/shorty-turbat-sup-shorts-mns-calla-green\/#primaryimage"},"image":{"@id":"https:\/\/xstyle.md\/product\/shorty-turbat-sup-shorts-mns-calla-green\/#primaryimage"},"thumbnailUrl":"https:\/\/xstyle.md\/wp-content\/uploads\/2025\/05\/turbat-sup-shorts-mns-calla-green.webp","datePublished":"2025-05-12T09:09:02+00:00","dateModified":"2025-06-12T16:43:34+00:00","breadcrumb":{"@id":"https:\/\/xstyle.md\/product\/shorty-turbat-sup-shorts-mns-calla-green\/#breadcrumb"},"inLanguage":"ro-RO","potentialAction":[{"@type":"ReadAction","target":["https:\/\/xstyle.md\/product\/shorty-turbat-sup-shorts-mns-calla-green\/"]}]},{"@type":"ImageObject","inLanguage":"ro-RO","@id":"https:\/\/xstyle.md\/product\/shorty-turbat-sup-shorts-mns-calla-green\/#primaryimage","url":"https:\/\/xstyle.md\/wp-content\/uploads\/2025\/05\/turbat-sup-shorts-mns-calla-green.webp","contentUrl":"https:\/\/xstyle.md\/wp-content\/uploads\/2025\/05\/turbat-sup-shorts-mns-calla-green.webp","width":1000,"height":1000,"caption":"\u0428\u043e\u0440\u0442\u044b Turbat Sup Shorts Mns Calla \u0417\u0435\u043b\u0435\u043d\u044b\u0435 \u0434\u043b\u044f \u0430\u043a\u0442\u0438\u0432\u043d\u043e\u0433\u043e \u043e\u0442\u0434\u044b\u0445\u0430, \u043f\u0443\u0442\u0435\u0448\u0435\u0441\u0442\u0432\u0438\u0439, \u0442\u0443\u0440\u0438\u0441\u0442\u0438\u0447\u0435\u0441\u043a\u043e\u0439 \u043e\u0434\u0435\u0436\u0434\u044b \u0438 \u0441\u043f\u043e\u0440\u0442\u0438\u0432\u043d\u043e\u0439 \u044d\u043a\u0438\u043f\u0438\u0440\u043e\u0432\u043a\u0438 \u0434\u043b\u044f \u0445\u043e\u0434\u044c\u0431\u044b, \u0430\u043b\u044c\u043f\u0438\u043d\u0438\u0437\u043c\u0430 \u0438 \u043f\u043e\u0445\u043e\u0434\u043e\u0432"},{"@type":"BreadcrumbList","@id":"https:\/\/xstyle.md\/product\/shorty-turbat-sup-shorts-mns-calla-green\/#breadcrumb","itemListElement":[{"@type":"ListItem","position":1,"name":"\u0413\u043b\u0430\u0432\u043d\u0430\u044f \u0441\u0442\u0440\u0430\u043d\u0438\u0446\u0430","item":"https:\/\/xstyle.md\/"},{"@type":"ListItem","position":2,"name":"\u041c\u0430\u0433\u0430\u0437\u0438\u043d","item":"https:\/\/xstyle.md\/shop\/"},{"@type":"ListItem","position":3,"name":"\u0428\u043e\u0440\u0442\u044b Turbat Sup Shorts Mns calla green"}]},{"@type":"WebSite","@id":"https:\/\/xstyle.md\/#website","url":"https:\/\/xstyle.md\/","name":"Magazinul X-Style","description":"Echipamente pentru turism \u0219i sporturi extreme \u00een Moldova. Pre\u021buri, fotografii, caracteristici \u00een Moldova.","publisher":{"@id":"https:\/\/xstyle.md\/#organization"},"alternateName":"X-Style","potentialAction":[{"@type":"SearchAction","target":{"@type":"EntryPoint","urlTemplate":"https:\/\/xstyle.md\/?s={search_term_string}"},"query-input":{"@type":"PropertyValueSpecification","valueRequired":true,"valueName":"search_term_string"}}],"inLanguage":"ro-RO"},{"@type":"Organization","@id":"https:\/\/xstyle.md\/#organization","name":"Magazinul X-Style","alternateName":"x-style","url":"https:\/\/xstyle.md\/","logo":{"@type":"ImageObject","inLanguage":"ro-RO","@id":"https:\/\/xstyle.md\/#\/schema\/logo\/image\/","url":"https:\/\/xstyle.md\/wp-content\/uploads\/2020\/06\/logoicon.svg","contentUrl":"https:\/\/xstyle.md\/wp-content\/uploads\/2020\/06\/logoicon.svg","caption":"\u041c\u0430\u0433\u0430\u0437\u0438\u043d Xstyle"},"image":{"@id":"https:\/\/xstyle.md\/#\/schema\/logo\/image\/"},"sameAs":["https:\/\/www.facebook.com\/xstylemd","https:\/\/www.instagram.com\/xstyle_md\/","https:\/\/t.me\/xstyle_outdoor"],"hasMerchantReturnPolicy":{"@type":"MerchantReturnPolicy","merchantReturnLink":"https:\/\/xstyle.md\/ro\/conditions\/"}}]},"product_price_amount":"850.00","product_price_currency":"MDL","og_availability":"instock","product_availability":"instock","product_retailer_item_id":"4823100539616","product_condition":"new"},"post_mailing_queue_ids":[],"_links":{"self":[{"href":"https:\/\/xstyle.md\/ro\/wp-json\/wp\/v2\/product\/94425","targetHints":{"allow":["GET"]}}],"collection":[{"href":"https:\/\/xstyle.md\/ro\/wp-json\/wp\/v2\/product"}],"about":[{"href":"https:\/\/xstyle.md\/ro\/wp-json\/wp\/v2\/types\/product"}],"replies":[{"embeddable":true,"href":"https:\/\/xstyle.md\/ro\/wp-json\/wp\/v2\/comments?post=94425"}],"wp:featuredmedia":[{"embeddable":true,"href":"https:\/\/xstyle.md\/ro\/wp-json\/wp\/v2\/media\/95168"}],"wp:attachment":[{"href":"https:\/\/xstyle.md\/ro\/wp-json\/wp\/v2\/media?parent=94425"}],"wp:term":[{"taxonomy":"product_brand","embeddable":true,"href":"https:\/\/xstyle.md\/ro\/wp-json\/wp\/v2\/product_brand?post=94425"},{"taxonomy":"product_cat","embeddable":true,"href":"https:\/\/xstyle.md\/ro\/wp-json\/wp\/v2\/product_cat?post=94425"},{"taxonomy":"product_tag","embeddable":true,"href":"https:\/\/xstyle.md\/ro\/wp-json\/wp\/v2\/product_tag?post=94425"}],"curies":[{"name":"wp","href":"https:\/\/api.w.org\/{rel}","templated":true}]}}