{"id":94405,"date":"2025-05-12T12:08:54","date_gmt":"2025-05-12T09:08:54","guid":{"rendered":"https:\/\/xstyle.md\/?post_type=product&#038;p=94405"},"modified":"2026-03-19T16:27:58","modified_gmt":"2026-03-19T13:27:58","slug":"ochki-julbo-whoops-titane-mat-plz3-cf-blue","status":"publish","type":"product","link":"https:\/\/xstyle.md\/ro\/produs\/ochki-julbo-whoops-titane-mat-plz3-cf-blue\/","title":{"rendered":"Ochelari Julbo Whoops Titane Mat PLZ3 CF Blue"},"content":{"rendered":"<p><strong>Julbo Whoops<\/strong> &#8212; \u043b\u0435\u0433\u043a\u0438\u0435 \u0438 \u043d\u0430\u0434\u0435\u0436\u043d\u044b\u0435 \u0441\u043f\u043e\u0440\u0442\u0438\u0432\u043d\u044b\u0435 \u043e\u0447\u043a\u0438 \u0441\u043e\u0437\u0434\u0430\u043d\u044b \u0441\u043f\u0435\u0446\u0438\u0430\u043b\u044c\u043d\u043e \u0434\u043b\u044f \u043b\u044e\u0434\u0435\u0439 \u0441 \u043d\u0435\u0431\u043e\u043b\u044c\u0448\u0438\u043c\u0438 \u0444\u043e\u0440\u043c\u0430\u043c\u0438 \u043b\u0438\u0446\u0430. \u0411\u043b\u0430\u0433\u043e\u0434\u0430\u0440\u044f \u0438\u0437\u043e\u0433\u043d\u0443\u0442\u043e\u0439 \u043e\u043f\u0440\u0430\u0432\u0435 \u0438 \u043f\u043b\u043e\u0442\u043d\u043e \u043f\u0440\u0438\u043b\u0435\u0433\u0430\u044e\u0449\u0435\u0439 \u043f\u043e\u0441\u0430\u0434\u043a\u0435, \u043e\u043d\u0438 \u043e\u0431\u0435\u0441\u043f\u0435\u0447\u0438\u0432\u0430\u044e\u0442 \u043e\u0442\u043b\u0438\u0447\u043d\u0443\u044e \u0437\u0430\u0449\u0438\u0442\u0443 \u043e\u0442 \u0441\u043e\u043b\u043d\u0446\u0430, \u0432\u0435\u0442\u0440\u0430 \u0438 \u043f\u044b\u043b\u0438. \u0418\u0434\u0435\u0430\u043b\u044c\u043d\u044b \u0434\u043b\u044f \u0430\u043a\u0442\u0438\u0432\u043d\u043e\u0433\u043e \u043e\u0442\u0434\u044b\u0445\u0430 \u0438 \u0441\u043f\u043e\u0440\u0442\u0430 \u043d\u0430 \u043e\u0442\u043a\u0440\u044b\u0442\u043e\u043c \u0432\u043e\u0437\u0434\u0443\u0445\u0435.<\/p>\n<h3>Particularit\u0103\u021bi<\/h3>\n<ul>\n<li>\u0423\u0437\u043a\u0430\u044f \u043f\u043e\u0441\u0430\u0434\u043a\u0430 \u2014 \u0440\u0430\u0437\u0440\u0430\u0431\u043e\u0442\u0430\u043d\u044b \u0434\u043b\u044f \u043b\u0438\u0446 \u043d\u0435\u0431\u043e\u043b\u044c\u0448\u043e\u0439 \u0444\u043e\u0440\u043c\u044b<\/li>\n<li>\u0418\u0437\u043e\u0433\u043d\u0443\u0442\u0430\u044f \u0444\u043e\u0440\u043c\u0430 \u043e\u043f\u0440\u0430\u0432\u044b \u2014 \u043f\u043b\u043e\u0442\u043d\u043e\u0435 \u043f\u0440\u0438\u043b\u0435\u0433\u0430\u043d\u0438\u0435 \u0438 \u043c\u0430\u043a\u0441\u0438\u043c\u0430\u043b\u044c\u043d\u0430\u044f \u0437\u0430\u0449\u0438\u0442\u0430<\/li>\n<li>\u041f\u0440\u043e\u0447\u043d\u0430\u044f \u0438 \u043b\u0451\u0433\u043a\u0430\u044f \u043a\u043e\u043d\u0441\u0442\u0440\u0443\u043a\u0446\u0438\u044f \u2014 \u043a\u043e\u043c\u0444\u043e\u0440\u0442 \u0434\u0430\u0436\u0435 \u043f\u0440\u0438 \u0434\u043b\u0438\u0442\u0435\u043b\u044c\u043d\u043e\u043c \u043d\u043e\u0448\u0435\u043d\u0438\u0438<\/li>\n<li>\u041e\u0442\u043b\u0438\u0447\u043d\u0430\u044f \u0444\u0438\u043a\u0441\u0430\u0446\u0438\u044f \u2014 \u043d\u0430\u0434\u0451\u0436\u043d\u043e \u0434\u0435\u0440\u0436\u0430\u0442\u0441\u044f \u0432\u043e \u0432\u0440\u0435\u043c\u044f \u0434\u0432\u0438\u0436\u0435\u043d\u0438\u044f<\/li>\n<li>\u0424\u0443\u043d\u043a\u0446\u0438\u043e\u043d\u0430\u043b\u044c\u043d\u044b\u0435 \u043b\u0438\u043d\u0437\u044b \u043d\u0430 \u0432\u044b\u0431\u043e\u0440 \u2014 \u043f\u043e\u0434 \u043b\u044e\u0431\u044b\u0435 \u0443\u0441\u043b\u043e\u0432\u0438\u044f \u0438 \u0430\u043a\u0442\u0438\u0432\u043d\u043e\u0441\u0442\u0438<\/li>\n<li>\u0418\u0434\u0435\u0430\u043b\u044c\u043d\u044b \u0434\u043b\u044f \u0430\u043a\u0442\u0438\u0432\u043d\u043e\u0433\u043e \u043e\u0442\u0434\u044b\u0445\u0430, \u0442\u0440\u0435\u043a\u043a\u0438\u043d\u0433\u0430, \u0432\u0435\u043b\u043e\u0441\u043f\u043e\u0440\u0442\u0430 \u0438 \u0432\u043e\u0434\u043d\u044b\u0445 \u0432\u0438\u0434\u043e\u0432 \u0441\u043f\u043e\u0440\u0442\u0430<\/li>\n<\/ul>\n<h3>Caracteristici<\/h3>\n<ul>\n<li>\u041b\u0438\u043d\u0437\u0430 &#8212;\u00a0Polarized 3<\/li>\n<li>Categoria de protec\u021bie UV: 3 (13% transmisie a luminii)<\/li>\n<li>\u0428\u0438\u0440\u0438\u043d\u0430 \u043b\u0438\u043d\u0437\u044b &#8212; 61 \u043c\u043c<\/li>\n<li>\u0414\u043b\u0438\u043d\u0430 \u0434\u0443\u0436\u0435\u043a &#8212;\u00a0 125 \u043c\u043c<\/li>\n<li>\u041f\u0435\u0440\u0435\u043d\u043e\u0441\u0438\u0446\u0430 &#8212; 17 \u043c\u043c<\/li>\n<li>\u041d\u0430\u0437\u043d\u0430\u0447\u0435\u043d\u0438\u0435 &#8212; \u0430\u043a\u0442\u0438\u0432\u043d\u044b\u0439 \u043e\u0442\u0434\u044b\u0445\/ \u0432\u0435\u043b\u043e\u0441\u043f\u043e\u0440\u0442\/ \u0442\u0443\u0440\u0438\u0437\u043c<\/li>\n<li>\u041c\u043e\u0434\u0435\u043b\u044c &#8212; \u0443\u043d\u0438\u0441\u0435\u043a\u0441<\/li>\n<\/ul>\n<h3>Tehnologie<\/h3>\n<ul>\n<li><strong>Polarizat 3<\/strong> - lentile polarizate pentru vreme \u00eensorit\u0103. Polarizarea - elimin\u0103 lumina reflectat\u0103 (str\u0103lucirea) cauzat\u0103 de reflectarea luminii pe suprafe\u021be orizontale, \u00een principal ap\u0103 sau z\u0103pad\u0103. Lentile universale pentru utilizare \u00een mun\u021bi \u0219i pe ap\u0103.<\/li>\n<\/ul>\n<h3>Marca<\/h3>\n<p>Julbo - este un brand francez de renume mondial care produce ochelari de sport de \u00eenalt\u0103 calitate, ochelari de protec\u021bie pentru sporturi nautice, alpinism la mare altitudine, m\u0103\u0219ti pentru sporturi de iarn\u0103, c\u0103\u0219ti de schi \u0219i multe altele. Istoria companiei dateaz\u0103 de mai bine de 130 de ani, iar \u00een acest timp a evoluat de la o mic\u0103 firm\u0103 de familie la un juc\u0103tor important pe pia\u021ba mondial\u0103. Julbo a devenit un adev\u0103rat expert \u0219i un punct de referin\u021b\u0103 \u00een dezvoltarea opticii pentru condi\u021bii extreme. Anii de experien\u021b\u0103 acumulat\u0103, tehnologia inovatoare \u0219i colaborarea cu sportivii au avut ca rezultat o gam\u0103 larg\u0103 de produse care au devenit foarte populare \u00een \u00eentreaga lume.<\/p>","protected":false},"excerpt":{"rendered":"<p>Julbo Whoops &#8212; \u043b\u0435\u0433\u043a\u0438\u0435 \u0438 \u043d\u0430\u0434\u0435\u0436\u043d\u044b\u0435 \u0441\u043f\u043e\u0440\u0442\u0438\u0432\u043d\u044b\u0435 \u043e\u0447\u043a\u0438 \u0441\u043e\u0437\u0434\u0430\u043d\u044b \u0441\u043f\u0435\u0446\u0438\u0430\u043b\u044c\u043d\u043e \u0434\u043b\u044f \u043b\u044e\u0434\u0435\u0439 \u0441 \u043d\u0435\u0431\u043e\u043b\u044c\u0448\u0438\u043c\u0438 \u0444\u043e\u0440\u043c\u0430\u043c\u0438 \u043b\u0438\u0446\u0430. \u0411\u043b\u0430\u0433\u043e\u0434\u0430\u0440\u044f \u0438\u0437\u043e\u0433\u043d\u0443\u0442\u043e\u0439 \u043e\u043f\u0440\u0430\u0432\u0435 \u0438 \u043f\u043b\u043e\u0442\u043d\u043e \u043f\u0440\u0438\u043b\u0435\u0433\u0430\u044e\u0449\u0435\u0439 \u043f\u043e\u0441\u0430\u0434\u043a\u0435, \u043e\u043d\u0438 \u043e\u0431\u0435\u0441\u043f\u0435\u0447\u0438\u0432\u0430\u044e\u0442 \u043e\u0442\u043b\u0438\u0447\u043d\u0443\u044e \u0437\u0430\u0449\u0438\u0442\u0443 \u043e\u0442 \u0441\u043e\u043b\u043d\u0446\u0430, \u0432\u0435\u0442\u0440\u0430 \u0438 \u043f\u044b\u043b\u0438. \u0418\u0434\u0435\u0430\u043b\u044c\u043d\u044b \u0434\u043b\u044f \u0430\u043a\u0442\u0438\u0432\u043d\u043e\u0433\u043e \u043e\u0442\u0434\u044b\u0445\u0430 \u0438 \u0441\u043f\u043e\u0440\u0442\u0430 \u043d\u0430 \u043e\u0442\u043a\u0440\u044b\u0442\u043e\u043c \u0432\u043e\u0437\u0434\u0443\u0445\u0435. \u041e\u0441\u043e\u0431\u0435\u043d\u043d\u043e\u0441\u0442\u0438 \u0423\u0437\u043a\u0430\u044f \u043f\u043e\u0441\u0430\u0434\u043a\u0430 \u2014 \u0440\u0430\u0437\u0440\u0430\u0431\u043e\u0442\u0430\u043d\u044b \u0434\u043b\u044f \u043b\u0438\u0446 \u043d\u0435\u0431\u043e\u043b\u044c\u0448\u043e\u0439 \u0444\u043e\u0440\u043c\u044b \u0418\u0437\u043e\u0433\u043d\u0443\u0442\u0430\u044f \u0444\u043e\u0440\u043c\u0430 \u043e\u043f\u0440\u0430\u0432\u044b \u2014 \u043f\u043b\u043e\u0442\u043d\u043e\u0435 [&hellip;]<\/p>\n","protected":false},"featured_media":94689,"comment_status":"open","ping_status":"closed","template":"","meta":{"_acf_changed":false,"inline_featured_image":false},"product_brand":[1294],"product_cat":[238],"product_tag":[],"class_list":{"0":"post-94405","1":"product","2":"type-product","3":"status-publish","4":"has-post-thumbnail","6":"product_brand-julbo","7":"product_cat-sunglasses-julbo","9":"first","10":"outofstock","11":"shipping-taxable","12":"product-type-simple"},"acf":[],"yoast_head":"<!-- This site is optimized with the Yoast SEO plugin v27.4 - https:\/\/yoast.com\/product\/yoast-seo-wordpress\/ -->\n<title>\u041e\u0447\u043a\u0438 Julbo Whoops Titane Mat PLZ3 CF Blue - \u041c\u0430\u0433\u0430\u0437\u0438\u043d Xstyle<\/title>\n<meta name=\"robots\" content=\"index, follow, max-snippet:-1, max-image-preview:large, max-video-preview:-1\" \/>\n<link rel=\"canonical\" href=\"https:\/\/xstyle.md\/ro\/produs\/ochki-julbo-whoops-titane-mat-plz3-cf-blue\/\" \/>\n<meta property=\"og:locale\" content=\"ro_RO\" \/>\n<meta property=\"og:type\" content=\"article\" \/>\n<meta property=\"og:title\" content=\"\u041e\u0447\u043a\u0438 Julbo Whoops Titane Mat PLZ3 CF Blue - \u041c\u0430\u0433\u0430\u0437\u0438\u043d Xstyle\" \/>\n<meta property=\"og:description\" content=\"Julbo Whoops &#8212; \u043b\u0435\u0433\u043a\u0438\u0435 \u0438 \u043d\u0430\u0434\u0435\u0436\u043d\u044b\u0435 \u0441\u043f\u043e\u0440\u0442\u0438\u0432\u043d\u044b\u0435 \u043e\u0447\u043a\u0438 \u0441\u043e\u0437\u0434\u0430\u043d\u044b \u0441\u043f\u0435\u0446\u0438\u0430\u043b\u044c\u043d\u043e \u0434\u043b\u044f \u043b\u044e\u0434\u0435\u0439 \u0441 \u043d\u0435\u0431\u043e\u043b\u044c\u0448\u0438\u043c\u0438 \u0444\u043e\u0440\u043c\u0430\u043c\u0438 \u043b\u0438\u0446\u0430. \u0411\u043b\u0430\u0433\u043e\u0434\u0430\u0440\u044f \u0438\u0437\u043e\u0433\u043d\u0443\u0442\u043e\u0439 \u043e\u043f\u0440\u0430\u0432\u0435 \u0438 \u043f\u043b\u043e\u0442\u043d\u043e \u043f\u0440\u0438\u043b\u0435\u0433\u0430\u044e\u0449\u0435\u0439 \u043f\u043e\u0441\u0430\u0434\u043a\u0435, \u043e\u043d\u0438 \u043e\u0431\u0435\u0441\u043f\u0435\u0447\u0438\u0432\u0430\u044e\u0442 \u043e\u0442\u043b\u0438\u0447\u043d\u0443\u044e \u0437\u0430\u0449\u0438\u0442\u0443 \u043e\u0442 \u0441\u043e\u043b\u043d\u0446\u0430, \u0432\u0435\u0442\u0440\u0430 \u0438 \u043f\u044b\u043b\u0438. \u0418\u0434\u0435\u0430\u043b\u044c\u043d\u044b \u0434\u043b\u044f \u0430\u043a\u0442\u0438\u0432\u043d\u043e\u0433\u043e \u043e\u0442\u0434\u044b\u0445\u0430 \u0438 \u0441\u043f\u043e\u0440\u0442\u0430 \u043d\u0430 \u043e\u0442\u043a\u0440\u044b\u0442\u043e\u043c \u0432\u043e\u0437\u0434\u0443\u0445\u0435. \u041e\u0441\u043e\u0431\u0435\u043d\u043d\u043e\u0441\u0442\u0438 \u0423\u0437\u043a\u0430\u044f \u043f\u043e\u0441\u0430\u0434\u043a\u0430 \u2014 \u0440\u0430\u0437\u0440\u0430\u0431\u043e\u0442\u0430\u043d\u044b \u0434\u043b\u044f \u043b\u0438\u0446 \u043d\u0435\u0431\u043e\u043b\u044c\u0448\u043e\u0439 \u0444\u043e\u0440\u043c\u044b \u0418\u0437\u043e\u0433\u043d\u0443\u0442\u0430\u044f \u0444\u043e\u0440\u043c\u0430 \u043e\u043f\u0440\u0430\u0432\u044b \u2014 \u043f\u043b\u043e\u0442\u043d\u043e\u0435 [&hellip;]\" \/>\n<meta property=\"og:url\" content=\"https:\/\/xstyle.md\/ro\/produs\/ochki-julbo-whoops-titane-mat-plz3-cf-blue\/\" \/>\n<meta property=\"og:site_name\" content=\"\u041c\u0430\u0433\u0430\u0437\u0438\u043d Xstyle\" \/>\n<meta property=\"article:publisher\" content=\"https:\/\/www.facebook.com\/xstylemd\" \/>\n<meta property=\"article:modified_time\" content=\"2026-03-19T13:27:58+00:00\" \/>\n<meta property=\"og:image\" content=\"https:\/\/xstyle.md\/wp-content\/uploads\/2025\/05\/julbo-whoops-titane-mat-plz3-cf-blue-scaled.webp\" \/>\n\t<meta property=\"og:image:width\" content=\"2560\" \/>\n\t<meta property=\"og:image:height\" content=\"2048\" \/>\n\t<meta property=\"og:image:type\" content=\"image\/webp\" \/>\n<meta name=\"twitter:card\" content=\"summary_large_image\" \/>\n<meta name=\"twitter:label1\" content=\"Pre\u021b\" \/>\n\t<meta name=\"twitter:data1\" content=\"1.650&nbsp;MDL\" \/>\n\t<meta name=\"twitter:label2\" content=\"Disponibilitate\" \/>\n\t<meta name=\"twitter:data2\" content=\"Stoc epuizat\" \/>\n<script type=\"application\/ld+json\" class=\"yoast-schema-graph\">{\"@context\":\"https:\\\/\\\/schema.org\",\"@graph\":[{\"@type\":\"WebPage\",\"@id\":\"https:\\\/\\\/xstyle.md\\\/product\\\/ochki-julbo-whoops-titane-mat-plz3-cf-blue\\\/\",\"url\":\"https:\\\/\\\/xstyle.md\\\/product\\\/ochki-julbo-whoops-titane-mat-plz3-cf-blue\\\/\",\"name\":\"\u041e\u0447\u043a\u0438 Julbo Whoops Titane Mat PLZ3 CF Blue - \u041c\u0430\u0433\u0430\u0437\u0438\u043d Xstyle\",\"isPartOf\":{\"@id\":\"https:\\\/\\\/xstyle.md\\\/#website\"},\"primaryImageOfPage\":{\"@id\":\"https:\\\/\\\/xstyle.md\\\/product\\\/ochki-julbo-whoops-titane-mat-plz3-cf-blue\\\/#primaryimage\"},\"image\":{\"@id\":\"https:\\\/\\\/xstyle.md\\\/product\\\/ochki-julbo-whoops-titane-mat-plz3-cf-blue\\\/#primaryimage\"},\"thumbnailUrl\":\"https:\\\/\\\/xstyle.md\\\/wp-content\\\/uploads\\\/2025\\\/05\\\/julbo-whoops-titane-mat-plz3-cf-blue-scaled.webp\",\"datePublished\":\"2025-05-12T09:08:54+00:00\",\"dateModified\":\"2026-03-19T13:27:58+00:00\",\"breadcrumb\":{\"@id\":\"https:\\\/\\\/xstyle.md\\\/product\\\/ochki-julbo-whoops-titane-mat-plz3-cf-blue\\\/#breadcrumb\"},\"inLanguage\":\"ro-RO\",\"potentialAction\":[{\"@type\":\"ReadAction\",\"target\":[\"https:\\\/\\\/xstyle.md\\\/product\\\/ochki-julbo-whoops-titane-mat-plz3-cf-blue\\\/\"]}]},{\"@type\":\"ImageObject\",\"inLanguage\":\"ro-RO\",\"@id\":\"https:\\\/\\\/xstyle.md\\\/product\\\/ochki-julbo-whoops-titane-mat-plz3-cf-blue\\\/#primaryimage\",\"url\":\"https:\\\/\\\/xstyle.md\\\/wp-content\\\/uploads\\\/2025\\\/05\\\/julbo-whoops-titane-mat-plz3-cf-blue-scaled.webp\",\"contentUrl\":\"https:\\\/\\\/xstyle.md\\\/wp-content\\\/uploads\\\/2025\\\/05\\\/julbo-whoops-titane-mat-plz3-cf-blue-scaled.webp\",\"width\":2560,\"height\":2048,\"caption\":\"\u0422\u0435\u043d\u0434\u0435\u043d\u0446\u0438\u043e\u043d\u043d\u044b\u0435 \u0441\u043e\u043b\u043d\u0446\u0435\u0437\u0430\u0449\u0438\u0442\u043d\u044b\u0435 \u043e\u0447\u043a\u0438 Julbo Whoops Titane Mat \u0434\u043b\u044f \u0430\u043a\u0442\u0438\u0432\u043d\u043e\u0433\u043e \u043e\u0442\u0434\u044b\u0445\u0430, \u043f\u0443\u0442\u0435\u0448\u0435\u0441\u0442\u0432\u0438\u0439 \u0438 \u0433\u043e\u0440\u043d\u044b\u0445 \u043f\u043e\u0445\u043e\u0434\u043e\u0432, \u043f\u043e\u0434\u0445\u043e\u0434\u044f\u0449\u0438\u0435 \u0434\u043b\u044f \u043e\u043d\u043b\u0430\u0439\u043d \u043c\u0430\u0433\u0430\u0437\u0438\u043d\u0430 \u044d\u043a\u0438\u043f\u0438\u0440\u043e\u0432\u043a\u0438 \u0434\u043b\u044f \u0430\u043a\u0442\u0438\u0432\u043d\u043e\u0439 \u0436\u0438\u0437\u043d\u0438\"},{\"@type\":\"BreadcrumbList\",\"@id\":\"https:\\\/\\\/xstyle.md\\\/product\\\/ochki-julbo-whoops-titane-mat-plz3-cf-blue\\\/#breadcrumb\",\"itemListElement\":[{\"@type\":\"ListItem\",\"position\":1,\"name\":\"\u0413\u043b\u0430\u0432\u043d\u0430\u044f \u0441\u0442\u0440\u0430\u043d\u0438\u0446\u0430\",\"item\":\"https:\\\/\\\/xstyle.md\\\/\"},{\"@type\":\"ListItem\",\"position\":2,\"name\":\"\u041c\u0430\u0433\u0430\u0437\u0438\u043d\",\"item\":\"https:\\\/\\\/xstyle.md\\\/shop\\\/\"},{\"@type\":\"ListItem\",\"position\":3,\"name\":\"\u041e\u0447\u043a\u0438 Julbo Whoops Titane Mat PLZ3 CF Blue\"}]},{\"@type\":\"WebSite\",\"@id\":\"https:\\\/\\\/xstyle.md\\\/#website\",\"url\":\"https:\\\/\\\/xstyle.md\\\/\",\"name\":\"\u041c\u0430\u0433\u0430\u0437\u0438\u043d Xstyle\",\"description\":\"C\u043d\u0430\u0440\u044f\u0436\u0435\u043d\u0438\u0435 \u0434\u043b\u044f \u0442\u0443\u0440\u0438\u0437\u043c\u0430 \u0438 \u044d\u043a\u0441\u0442\u0440\u0435\u043c\u0430\u043b\u044c\u043d\u044b\u0445 \u0432\u0438\u0434\u043e\u0432 \u0441\u043f\u043e\u0440\u0442\u0430 \u0432 \u041c\u043e\u043b\u0434\u043e\u0432\u0435.. \u0426\u0435\u043d\u044b, \u0444\u043e\u0442\u043e, \u0445\u0430\u0440\u0430\u043a\u0442\u0435\u0440\u0438\u0441\u0442\u0438\u043a\u0438 \u0432 \u041c\u043e\u043b\u0434\u043e\u0432\u0435.\",\"publisher\":{\"@id\":\"https:\\\/\\\/xstyle.md\\\/#organization\"},\"alternateName\":\"X-Style\",\"potentialAction\":[{\"@type\":\"SearchAction\",\"target\":{\"@type\":\"EntryPoint\",\"urlTemplate\":\"https:\\\/\\\/xstyle.md\\\/?s={search_term_string}\"},\"query-input\":{\"@type\":\"PropertyValueSpecification\",\"valueRequired\":true,\"valueName\":\"search_term_string\"}}],\"inLanguage\":\"ro-RO\"},{\"@type\":\"Organization\",\"@id\":\"https:\\\/\\\/xstyle.md\\\/#organization\",\"name\":\"\u041c\u0430\u0433\u0430\u0437\u0438\u043d Xstyle\",\"alternateName\":\"x-style\",\"url\":\"https:\\\/\\\/xstyle.md\\\/\",\"logo\":{\"@type\":\"ImageObject\",\"inLanguage\":\"ro-RO\",\"@id\":\"https:\\\/\\\/xstyle.md\\\/#\\\/schema\\\/logo\\\/image\\\/\",\"url\":\"https:\\\/\\\/xstyle.md\\\/wp-content\\\/uploads\\\/2020\\\/06\\\/logoicon.svg\",\"contentUrl\":\"https:\\\/\\\/xstyle.md\\\/wp-content\\\/uploads\\\/2020\\\/06\\\/logoicon.svg\",\"caption\":\"\u041c\u0430\u0433\u0430\u0437\u0438\u043d Xstyle\"},\"image\":{\"@id\":\"https:\\\/\\\/xstyle.md\\\/#\\\/schema\\\/logo\\\/image\\\/\"},\"sameAs\":[\"https:\\\/\\\/www.facebook.com\\\/xstylemd\",\"https:\\\/\\\/www.instagram.com\\\/xstyle_md\\\/\",\"https:\\\/\\\/t.me\\\/xstyle_outdoor\"],\"hasMerchantReturnPolicy\":{\"@type\":\"MerchantReturnPolicy\",\"merchantReturnLink\":\"https:\\\/\\\/xstyle.md\\\/ro\\\/conditions\\\/\"}}]}<\/script>\n<meta property=\"product:price:amount\" content=\"1650.00\" \/>\n<meta property=\"product:price:currency\" content=\"MDL\" \/>\n<meta property=\"og:availability\" content=\"out of stock\" \/>\n<meta property=\"product:availability\" content=\"out of stock\" \/>\n<meta property=\"product:retailer_item_id\" content=\"3660576111752\" \/>\n<meta property=\"product:condition\" content=\"new\" \/>\n<!-- \/ Yoast SEO plugin. -->","yoast_head_json":{"title":"\u041e\u0447\u043a\u0438 Julbo Whoops Titane Mat PLZ3 CF Blue - \u041c\u0430\u0433\u0430\u0437\u0438\u043d Xstyle","robots":{"index":"index","follow":"follow","max-snippet":"max-snippet:-1","max-image-preview":"max-image-preview:large","max-video-preview":"max-video-preview:-1"},"canonical":"https:\/\/xstyle.md\/ro\/produs\/ochki-julbo-whoops-titane-mat-plz3-cf-blue\/","og_locale":"ro_RO","og_type":"article","og_title":"\u041e\u0447\u043a\u0438 Julbo Whoops Titane Mat PLZ3 CF Blue - \u041c\u0430\u0433\u0430\u0437\u0438\u043d Xstyle","og_description":"Julbo Whoops &#8212; \u043b\u0435\u0433\u043a\u0438\u0435 \u0438 \u043d\u0430\u0434\u0435\u0436\u043d\u044b\u0435 \u0441\u043f\u043e\u0440\u0442\u0438\u0432\u043d\u044b\u0435 \u043e\u0447\u043a\u0438 \u0441\u043e\u0437\u0434\u0430\u043d\u044b \u0441\u043f\u0435\u0446\u0438\u0430\u043b\u044c\u043d\u043e \u0434\u043b\u044f \u043b\u044e\u0434\u0435\u0439 \u0441 \u043d\u0435\u0431\u043e\u043b\u044c\u0448\u0438\u043c\u0438 \u0444\u043e\u0440\u043c\u0430\u043c\u0438 \u043b\u0438\u0446\u0430. \u0411\u043b\u0430\u0433\u043e\u0434\u0430\u0440\u044f \u0438\u0437\u043e\u0433\u043d\u0443\u0442\u043e\u0439 \u043e\u043f\u0440\u0430\u0432\u0435 \u0438 \u043f\u043b\u043e\u0442\u043d\u043e \u043f\u0440\u0438\u043b\u0435\u0433\u0430\u044e\u0449\u0435\u0439 \u043f\u043e\u0441\u0430\u0434\u043a\u0435, \u043e\u043d\u0438 \u043e\u0431\u0435\u0441\u043f\u0435\u0447\u0438\u0432\u0430\u044e\u0442 \u043e\u0442\u043b\u0438\u0447\u043d\u0443\u044e \u0437\u0430\u0449\u0438\u0442\u0443 \u043e\u0442 \u0441\u043e\u043b\u043d\u0446\u0430, \u0432\u0435\u0442\u0440\u0430 \u0438 \u043f\u044b\u043b\u0438. \u0418\u0434\u0435\u0430\u043b\u044c\u043d\u044b \u0434\u043b\u044f \u0430\u043a\u0442\u0438\u0432\u043d\u043e\u0433\u043e \u043e\u0442\u0434\u044b\u0445\u0430 \u0438 \u0441\u043f\u043e\u0440\u0442\u0430 \u043d\u0430 \u043e\u0442\u043a\u0440\u044b\u0442\u043e\u043c \u0432\u043e\u0437\u0434\u0443\u0445\u0435. \u041e\u0441\u043e\u0431\u0435\u043d\u043d\u043e\u0441\u0442\u0438 \u0423\u0437\u043a\u0430\u044f \u043f\u043e\u0441\u0430\u0434\u043a\u0430 \u2014 \u0440\u0430\u0437\u0440\u0430\u0431\u043e\u0442\u0430\u043d\u044b \u0434\u043b\u044f \u043b\u0438\u0446 \u043d\u0435\u0431\u043e\u043b\u044c\u0448\u043e\u0439 \u0444\u043e\u0440\u043c\u044b \u0418\u0437\u043e\u0433\u043d\u0443\u0442\u0430\u044f \u0444\u043e\u0440\u043c\u0430 \u043e\u043f\u0440\u0430\u0432\u044b \u2014 \u043f\u043b\u043e\u0442\u043d\u043e\u0435 [&hellip;]","og_url":"https:\/\/xstyle.md\/ro\/produs\/ochki-julbo-whoops-titane-mat-plz3-cf-blue\/","og_site_name":"\u041c\u0430\u0433\u0430\u0437\u0438\u043d Xstyle","article_publisher":"https:\/\/www.facebook.com\/xstylemd","article_modified_time":"2026-03-19T13:27:58+00:00","og_image":[{"width":2560,"height":2048,"url":"https:\/\/xstyle.md\/wp-content\/uploads\/2025\/05\/julbo-whoops-titane-mat-plz3-cf-blue-scaled.webp","type":"image\/webp"}],"twitter_card":"summary_large_image","twitter_misc":{"Pre\u021b":"1.650&nbsp;MDL","Disponibilitate":"Stoc epuizat"},"schema":{"@context":"https:\/\/schema.org","@graph":[{"@type":"WebPage","@id":"https:\/\/xstyle.md\/product\/ochki-julbo-whoops-titane-mat-plz3-cf-blue\/","url":"https:\/\/xstyle.md\/product\/ochki-julbo-whoops-titane-mat-plz3-cf-blue\/","name":"\u041e\u0447\u043a\u0438 Julbo Whoops Titane Mat PLZ3 CF Blue - \u041c\u0430\u0433\u0430\u0437\u0438\u043d Xstyle","isPartOf":{"@id":"https:\/\/xstyle.md\/#website"},"primaryImageOfPage":{"@id":"https:\/\/xstyle.md\/product\/ochki-julbo-whoops-titane-mat-plz3-cf-blue\/#primaryimage"},"image":{"@id":"https:\/\/xstyle.md\/product\/ochki-julbo-whoops-titane-mat-plz3-cf-blue\/#primaryimage"},"thumbnailUrl":"https:\/\/xstyle.md\/wp-content\/uploads\/2025\/05\/julbo-whoops-titane-mat-plz3-cf-blue-scaled.webp","datePublished":"2025-05-12T09:08:54+00:00","dateModified":"2026-03-19T13:27:58+00:00","breadcrumb":{"@id":"https:\/\/xstyle.md\/product\/ochki-julbo-whoops-titane-mat-plz3-cf-blue\/#breadcrumb"},"inLanguage":"ro-RO","potentialAction":[{"@type":"ReadAction","target":["https:\/\/xstyle.md\/product\/ochki-julbo-whoops-titane-mat-plz3-cf-blue\/"]}]},{"@type":"ImageObject","inLanguage":"ro-RO","@id":"https:\/\/xstyle.md\/product\/ochki-julbo-whoops-titane-mat-plz3-cf-blue\/#primaryimage","url":"https:\/\/xstyle.md\/wp-content\/uploads\/2025\/05\/julbo-whoops-titane-mat-plz3-cf-blue-scaled.webp","contentUrl":"https:\/\/xstyle.md\/wp-content\/uploads\/2025\/05\/julbo-whoops-titane-mat-plz3-cf-blue-scaled.webp","width":2560,"height":2048,"caption":"\u0422\u0435\u043d\u0434\u0435\u043d\u0446\u0438\u043e\u043d\u043d\u044b\u0435 \u0441\u043e\u043b\u043d\u0446\u0435\u0437\u0430\u0449\u0438\u0442\u043d\u044b\u0435 \u043e\u0447\u043a\u0438 Julbo Whoops Titane Mat \u0434\u043b\u044f \u0430\u043a\u0442\u0438\u0432\u043d\u043e\u0433\u043e \u043e\u0442\u0434\u044b\u0445\u0430, \u043f\u0443\u0442\u0435\u0448\u0435\u0441\u0442\u0432\u0438\u0439 \u0438 \u0433\u043e\u0440\u043d\u044b\u0445 \u043f\u043e\u0445\u043e\u0434\u043e\u0432, \u043f\u043e\u0434\u0445\u043e\u0434\u044f\u0449\u0438\u0435 \u0434\u043b\u044f \u043e\u043d\u043b\u0430\u0439\u043d \u043c\u0430\u0433\u0430\u0437\u0438\u043d\u0430 \u044d\u043a\u0438\u043f\u0438\u0440\u043e\u0432\u043a\u0438 \u0434\u043b\u044f \u0430\u043a\u0442\u0438\u0432\u043d\u043e\u0439 \u0436\u0438\u0437\u043d\u0438"},{"@type":"BreadcrumbList","@id":"https:\/\/xstyle.md\/product\/ochki-julbo-whoops-titane-mat-plz3-cf-blue\/#breadcrumb","itemListElement":[{"@type":"ListItem","position":1,"name":"\u0413\u043b\u0430\u0432\u043d\u0430\u044f \u0441\u0442\u0440\u0430\u043d\u0438\u0446\u0430","item":"https:\/\/xstyle.md\/"},{"@type":"ListItem","position":2,"name":"\u041c\u0430\u0433\u0430\u0437\u0438\u043d","item":"https:\/\/xstyle.md\/shop\/"},{"@type":"ListItem","position":3,"name":"\u041e\u0447\u043a\u0438 Julbo Whoops Titane Mat PLZ3 CF Blue"}]},{"@type":"WebSite","@id":"https:\/\/xstyle.md\/#website","url":"https:\/\/xstyle.md\/","name":"Magazinul X-Style","description":"Echipamente pentru turism \u0219i sporturi extreme \u00een Moldova. Pre\u021buri, fotografii, caracteristici \u00een Moldova.","publisher":{"@id":"https:\/\/xstyle.md\/#organization"},"alternateName":"X-Style","potentialAction":[{"@type":"SearchAction","target":{"@type":"EntryPoint","urlTemplate":"https:\/\/xstyle.md\/?s={search_term_string}"},"query-input":{"@type":"PropertyValueSpecification","valueRequired":true,"valueName":"search_term_string"}}],"inLanguage":"ro-RO"},{"@type":"Organization","@id":"https:\/\/xstyle.md\/#organization","name":"Magazinul X-Style","alternateName":"x-style","url":"https:\/\/xstyle.md\/","logo":{"@type":"ImageObject","inLanguage":"ro-RO","@id":"https:\/\/xstyle.md\/#\/schema\/logo\/image\/","url":"https:\/\/xstyle.md\/wp-content\/uploads\/2020\/06\/logoicon.svg","contentUrl":"https:\/\/xstyle.md\/wp-content\/uploads\/2020\/06\/logoicon.svg","caption":"\u041c\u0430\u0433\u0430\u0437\u0438\u043d Xstyle"},"image":{"@id":"https:\/\/xstyle.md\/#\/schema\/logo\/image\/"},"sameAs":["https:\/\/www.facebook.com\/xstylemd","https:\/\/www.instagram.com\/xstyle_md\/","https:\/\/t.me\/xstyle_outdoor"],"hasMerchantReturnPolicy":{"@type":"MerchantReturnPolicy","merchantReturnLink":"https:\/\/xstyle.md\/ro\/conditions\/"}}]},"product_price_amount":"1650.00","product_price_currency":"MDL","og_availability":"out of stock","product_availability":"out of stock","product_retailer_item_id":"3660576111752","product_condition":"new"},"post_mailing_queue_ids":[],"_links":{"self":[{"href":"https:\/\/xstyle.md\/ro\/wp-json\/wp\/v2\/product\/94405","targetHints":{"allow":["GET"]}}],"collection":[{"href":"https:\/\/xstyle.md\/ro\/wp-json\/wp\/v2\/product"}],"about":[{"href":"https:\/\/xstyle.md\/ro\/wp-json\/wp\/v2\/types\/product"}],"replies":[{"embeddable":true,"href":"https:\/\/xstyle.md\/ro\/wp-json\/wp\/v2\/comments?post=94405"}],"wp:featuredmedia":[{"embeddable":true,"href":"https:\/\/xstyle.md\/ro\/wp-json\/wp\/v2\/media\/94689"}],"wp:attachment":[{"href":"https:\/\/xstyle.md\/ro\/wp-json\/wp\/v2\/media?parent=94405"}],"wp:term":[{"taxonomy":"product_brand","embeddable":true,"href":"https:\/\/xstyle.md\/ro\/wp-json\/wp\/v2\/product_brand?post=94405"},{"taxonomy":"product_cat","embeddable":true,"href":"https:\/\/xstyle.md\/ro\/wp-json\/wp\/v2\/product_cat?post=94405"},{"taxonomy":"product_tag","embeddable":true,"href":"https:\/\/xstyle.md\/ro\/wp-json\/wp\/v2\/product_tag?post=94405"}],"curies":[{"name":"wp","href":"https:\/\/api.w.org\/{rel}","templated":true}]}}