{"id":94383,"date":"2025-05-12T12:08:47","date_gmt":"2025-05-12T09:08:47","guid":{"rendered":"https:\/\/xstyle.md\/?post_type=product&#038;p=94383"},"modified":"2025-12-18T17:18:05","modified_gmt":"2025-12-18T14:18:05","slug":"ochki-julbo-intensity-army-beige-rplaf","status":"publish","type":"product","link":"https:\/\/xstyle.md\/ro\/produs\/ochki-julbo-intensity-army-beige-rplaf\/","title":{"rendered":"Ochelari Julbo Intensity Army Beige RPLAF"},"content":{"rendered":"<p><strong>Julbo Intensity<\/strong> &#8212; \u044d\u0442\u043e \u043d\u043e\u0432\u043e\u0435 \u043f\u043e\u043a\u043e\u043b\u0435\u043d\u0438\u0435 \u0441\u043f\u043e\u0440\u0442\u0438\u0432\u043d\u044b\u0445 \u043e\u0447\u043a\u043e\u0432, \u0441\u043e\u0437\u0434\u0430\u043d\u043d\u043e\u0435 \u0434\u043b\u044f \u0442\u0435\u0445, \u043a\u0442\u043e \u0441\u0442\u0440\u0435\u043c\u0438\u0442\u0441\u044f \u043a \u043f\u0440\u0435\u0434\u0435\u043b\u0430\u043c \u0432 \u0432\u0435\u043b\u043e\u0441\u043f\u043e\u0440\u0442\u0435 \u0438 \u0442\u0440\u0435\u0439\u043b\u0440\u0430\u043d\u043d\u0438\u043d\u0433\u0435. \u0418\u0441\u043a\u043b\u044e\u0447\u0438\u0442\u0435\u043b\u044c\u043d\u043e \u043b\u0451\u0433\u043a\u0438\u0435, \u043d\u0430\u0434\u0451\u0436\u043d\u043e \u0444\u0438\u043a\u0441\u0438\u0440\u0443\u044e\u0449\u0438\u0435\u0441\u044f \u0438 \u0430\u044d\u0440\u043e\u0434\u0438\u043d\u0430\u043c\u0438\u0447\u043d\u044b\u0435, \u043e\u043d\u0438 \u0440\u0430\u0437\u0440\u0430\u0431\u043e\u0442\u0430\u043d\u044b \u0434\u043b\u044f \u043c\u0430\u043a\u0441\u0438\u043c\u0430\u043b\u044c\u043d\u043e \u0430\u043a\u0442\u0438\u0432\u043d\u044b\u0445 \u0434\u0432\u0438\u0436\u0435\u043d\u0438\u0439. \u0421\u0442\u0440\u0430\u0442\u0435\u0433\u0438\u0447\u0435\u0441\u043a\u0430\u044f \u0432\u0435\u043d\u0442\u0438\u043b\u044f\u0446\u0438\u044f \u0441\u043d\u0438\u0436\u0430\u0435\u0442 \u0437\u0430\u043f\u043e\u0442\u0435\u0432\u0430\u043d\u0438\u0435, \u0434\u0430\u0436\u0435 \u043f\u0440\u0438 \u0432\u044b\u0441\u043e\u043a\u043e\u0439 \u043d\u0430\u0433\u0440\u0443\u0437\u043a\u0435. \u0410 \u0431\u043b\u0430\u0433\u043e\u0434\u0430\u0440\u044f \u0432\u044b\u0431\u043e\u0440\u0443 \u043b\u0438\u043d\u0437 \u2014 REACTIV, SPECTRON \u0438 \u043d\u043e\u0432\u044b\u043c SPECTRON HD 3 \u2014 \u0432\u044b \u043f\u043e\u043b\u0443\u0447\u0430\u0435\u0442\u0435 \u0430\u0434\u0430\u043f\u0442\u0430\u0446\u0438\u044e \u043f\u043e\u0434 \u043b\u044e\u0431\u044b\u0435 \u0443\u0441\u043b\u043e\u0432\u0438\u044f \u043e\u0441\u0432\u0435\u0449\u0451\u043d\u043d\u043e\u0441\u0442\u0438 \u0438 \u0440\u0435\u043b\u044c\u0435\u0444\u0430. Intensity \u2014 \u044d\u0442\u043e \u043d\u0435 \u043f\u0440\u043e\u0441\u0442\u043e \u043e\u0447\u043a\u0438, \u044d\u0442\u043e \u0443\u0441\u043a\u043e\u0440\u0435\u043d\u0438\u0435 \u0432\u0430\u0448\u0435\u0433\u043e \u0442\u0435\u043c\u043f\u0430 \u0438 \u0443\u0432\u0435\u0440\u0435\u043d\u043d\u043e\u0441\u0442\u044c \u0432 \u043a\u0430\u0436\u0434\u043e\u043c \u0434\u0432\u0438\u0436\u0435\u043d\u0438\u0438.<\/p>\n<h3>Particularit\u0103\u021bi<\/h3>\n<ul>\n<li>\u0421\u0432\u0435\u0440\u0445\u043b\u0451\u0433\u043a\u0438\u0439 \u0432\u0435\u0441 \u2014 \u043d\u0435 \u043e\u0449\u0443\u0449\u0430\u044e\u0442\u0441\u044f \u0434\u0430\u0436\u0435 \u043f\u0440\u0438 \u0434\u043b\u0438\u0442\u0435\u043b\u044c\u043d\u043e\u0439 \u0430\u043a\u0442\u0438\u0432\u043d\u043e\u0441\u0442\u0438<\/li>\n<li>\u0421\u043f\u043e\u0440\u0442\u0438\u0432\u043d\u0430\u044f \u043f\u043e\u0441\u0430\u0434\u043a\u0430 \u0441 \u043e\u0442\u043b\u0438\u0447\u043d\u043e\u0439 \u0444\u0438\u043a\u0441\u0430\u0446\u0438\u0435\u0439 \u2014 \u043d\u0435 \u0441\u043f\u043e\u043b\u0437\u0430\u044e\u0442 \u0432\u043e \u0432\u0440\u0435\u043c\u044f \u0434\u0432\u0438\u0436\u0435\u043d\u0438\u044f<\/li>\n<li>\u0421\u0442\u0440\u0430\u0442\u0435\u0433\u0438\u0447\u0435\u0441\u043a\u0438 \u0440\u0430\u0437\u043c\u0435\u0449\u0451\u043d\u043d\u0430\u044f \u0432\u0435\u043d\u0442\u0438\u043b\u044f\u0446\u0438\u044f \u2014 \u043c\u0438\u043d\u0438\u043c\u0438\u0437\u0438\u0440\u0443\u0435\u0442 \u0437\u0430\u043f\u043e\u0442\u0435\u0432\u0430\u043d\u0438\u0435<\/li>\n<li>\u0421\u043e\u0432\u043c\u0435\u0441\u0442\u0438\u043c\u044b \u0441 \u043b\u0438\u043d\u0437\u0430\u043c\u0438 REACTIV, SPECTRON \u0438 SPECTRON HD 3 \u2014 \u0434\u043b\u044f \u043b\u044e\u0431\u044b\u0445 \u0443\u0441\u043b\u043e\u0432\u0438\u0439<\/li>\n<li>\u0423\u043b\u0443\u0447\u0448\u0435\u043d\u043d\u0430\u044f \u0447\u0451\u0442\u043a\u043e\u0441\u0442\u044c \u0438 \u043a\u043e\u043d\u0442\u0440\u0430\u0441\u0442 \u2014 \u043c\u0430\u043a\u0441\u0438\u043c\u0430\u043b\u044c\u043d\u0430\u044f \u043a\u043e\u043d\u0446\u0435\u043d\u0442\u0440\u0430\u0446\u0438\u044f \u043d\u0430 \u043c\u0430\u0440\u0448\u0440\u0443\u0442\u0435<\/li>\n<li>\u0410\u044d\u0440\u043e\u0434\u0438\u043d\u0430\u043c\u0438\u0447\u043d\u0430\u044f \u0444\u043e\u0440\u043c\u0430 \u2014 \u0441\u043e\u0437\u0434\u0430\u043d\u0430 \u0434\u043b\u044f \u0441\u043a\u043e\u0440\u043e\u0441\u0442\u0438 \u0438 \u0441\u0432\u043e\u0431\u043e\u0434\u044b \u0434\u0432\u0438\u0436\u0435\u043d\u0438\u0439<\/li>\n<li>\u0418\u0434\u0435\u0430\u043b\u044c\u043d\u044b \u0434\u043b\u044f \u0432\u0435\u043b\u043e\u0441\u043f\u043e\u0440\u0442\u0430, \u0431\u0435\u0433\u0430 \u043f\u043e \u043f\u0435\u0440\u0435\u0441\u0435\u0447\u0451\u043d\u043d\u043e\u0439 \u043c\u0435\u0441\u0442\u043d\u043e\u0441\u0442\u0438 \u0438 \u0438\u043d\u0442\u0435\u043d\u0441\u0438\u0432\u043d\u044b\u0445 \u0442\u0440\u0435\u043d\u0438\u0440\u043e\u0432\u043e\u043a<\/li>\n<\/ul>\n<h3>Caracteristici<\/h3>\n<ul>\n<li>\u041b\u0438\u043d\u0437\u0430 \u2013 Reactiv 1-3 LA (Zebra Light)<\/li>\n<li>\u041a\u0430\u0442\u0435\u0433\u043e\u0440\u0438\u044f \u0437\u0430\u0449\u0438\u0442\u044b: 1-3 (17-75% \u0441\u0432\u0435\u0442\u043e\u043f\u0440\u043e\u043f\u0443\u0441\u043a\u0430\u043d\u0438\u044f)<\/li>\n<li>\u0428\u0438\u0440\u0438\u043d\u0430 \u043b\u0438\u043d\u0437\u044b \u2013 136 \u043c\u043c<\/li>\n<li>\u0414\u043b\u0438\u043d\u0430 \u0434\u0443\u0436\u0435\u043a \u2013 130 \u043c\u043c<\/li>\n<li>\u041f\u0435\u0440\u0435\u043d\u043e\u0441\u0438\u0446\u0430 \u2013 14 \u043c\u043c<\/li>\n<li>\u041d\u0430\u0437\u043d\u0430\u0447\u0435\u043d\u0438\u0435 \u2013 \u0430\u043a\u0442\u0438\u0432\u043d\u044b\u0439 \u043e\u0442\u0434\u044b\u0445\/ \u0432\u0435\u043b\u043e\u0433\u043e\u043d\u043a\u0438\/ \u0442\u0440\u0435\u0439\u043b\u0440\u0430\u043d\u043d\u0438\u043d\u0433<\/li>\n<li>Modelul este unisex<\/li>\n<\/ul>\n<h3>Marca<\/h3>\n<p>Julbo - este un brand francez de renume mondial care produce ochelari de sport de \u00eenalt\u0103 calitate, ochelari de protec\u021bie pentru sporturi nautice, alpinism la mare altitudine, m\u0103\u0219ti pentru sporturi de iarn\u0103, c\u0103\u0219ti de schi \u0219i multe altele. Istoria companiei dateaz\u0103 de mai bine de 130 de ani, iar \u00een acest timp a evoluat de la o mic\u0103 firm\u0103 de familie la un juc\u0103tor important pe pia\u021ba mondial\u0103. Julbo a devenit un adev\u0103rat expert \u0219i un punct de referin\u021b\u0103 \u00een dezvoltarea opticii pentru condi\u021bii extreme. Anii de experien\u021b\u0103 acumulat\u0103, tehnologia inovatoare \u0219i colaborarea cu sportivii au avut ca rezultat o gam\u0103 larg\u0103 de produse care au devenit foarte populare \u00een \u00eentreaga lume.<\/p>","protected":false},"excerpt":{"rendered":"<p>Julbo Intensity &#8212; \u044d\u0442\u043e \u043d\u043e\u0432\u043e\u0435 \u043f\u043e\u043a\u043e\u043b\u0435\u043d\u0438\u0435 \u0441\u043f\u043e\u0440\u0442\u0438\u0432\u043d\u044b\u0445 \u043e\u0447\u043a\u043e\u0432, \u0441\u043e\u0437\u0434\u0430\u043d\u043d\u043e\u0435 \u0434\u043b\u044f \u0442\u0435\u0445, \u043a\u0442\u043e \u0441\u0442\u0440\u0435\u043c\u0438\u0442\u0441\u044f \u043a \u043f\u0440\u0435\u0434\u0435\u043b\u0430\u043c \u0432 \u0432\u0435\u043b\u043e\u0441\u043f\u043e\u0440\u0442\u0435 \u0438 \u0442\u0440\u0435\u0439\u043b\u0440\u0430\u043d\u043d\u0438\u043d\u0433\u0435. \u0418\u0441\u043a\u043b\u044e\u0447\u0438\u0442\u0435\u043b\u044c\u043d\u043e \u043b\u0451\u0433\u043a\u0438\u0435, \u043d\u0430\u0434\u0451\u0436\u043d\u043e \u0444\u0438\u043a\u0441\u0438\u0440\u0443\u044e\u0449\u0438\u0435\u0441\u044f \u0438 \u0430\u044d\u0440\u043e\u0434\u0438\u043d\u0430\u043c\u0438\u0447\u043d\u044b\u0435, \u043e\u043d\u0438 \u0440\u0430\u0437\u0440\u0430\u0431\u043e\u0442\u0430\u043d\u044b \u0434\u043b\u044f \u043c\u0430\u043a\u0441\u0438\u043c\u0430\u043b\u044c\u043d\u043e \u0430\u043a\u0442\u0438\u0432\u043d\u044b\u0445 \u0434\u0432\u0438\u0436\u0435\u043d\u0438\u0439. \u0421\u0442\u0440\u0430\u0442\u0435\u0433\u0438\u0447\u0435\u0441\u043a\u0430\u044f \u0432\u0435\u043d\u0442\u0438\u043b\u044f\u0446\u0438\u044f \u0441\u043d\u0438\u0436\u0430\u0435\u0442 \u0437\u0430\u043f\u043e\u0442\u0435\u0432\u0430\u043d\u0438\u0435, \u0434\u0430\u0436\u0435 \u043f\u0440\u0438 \u0432\u044b\u0441\u043e\u043a\u043e\u0439 \u043d\u0430\u0433\u0440\u0443\u0437\u043a\u0435. \u0410 \u0431\u043b\u0430\u0433\u043e\u0434\u0430\u0440\u044f \u0432\u044b\u0431\u043e\u0440\u0443 \u043b\u0438\u043d\u0437 \u2014 REACTIV, SPECTRON \u0438 \u043d\u043e\u0432\u044b\u043c SPECTRON HD 3 \u2014 \u0432\u044b \u043f\u043e\u043b\u0443\u0447\u0430\u0435\u0442\u0435 \u0430\u0434\u0430\u043f\u0442\u0430\u0446\u0438\u044e [&hellip;]<\/p>\n","protected":false},"featured_media":94457,"comment_status":"open","ping_status":"closed","template":"","meta":{"_acf_changed":false,"inline_featured_image":false},"product_brand":[1294],"product_cat":[238,553],"product_tag":[],"class_list":{"0":"post-94383","1":"product","2":"type-product","3":"status-publish","4":"has-post-thumbnail","6":"product_brand-julbo","7":"product_cat-sunglasses-julbo","8":"product_cat-bycicle-glasses","10":"first","11":"instock","12":"shipping-taxable","13":"purchasable","14":"product-type-simple"},"acf":[],"yoast_head":"<!-- This site is optimized with the Yoast SEO plugin v27.2 - https:\/\/yoast.com\/product\/yoast-seo-wordpress\/ -->\n<title>\u041e\u0447\u043a\u0438 Julbo Intensity Army Beige RPLAF - \u041c\u0430\u0433\u0430\u0437\u0438\u043d Xstyle<\/title>\n<meta name=\"robots\" content=\"index, follow, max-snippet:-1, max-image-preview:large, max-video-preview:-1\" \/>\n<link rel=\"canonical\" href=\"https:\/\/xstyle.md\/ro\/produs\/ochki-julbo-intensity-army-beige-rplaf\/\" \/>\n<meta property=\"og:locale\" content=\"ro_RO\" \/>\n<meta property=\"og:type\" content=\"article\" \/>\n<meta property=\"og:title\" content=\"\u041e\u0447\u043a\u0438 Julbo Intensity Army Beige RPLAF - \u041c\u0430\u0433\u0430\u0437\u0438\u043d Xstyle\" \/>\n<meta property=\"og:description\" content=\"Julbo Intensity &#8212; \u044d\u0442\u043e \u043d\u043e\u0432\u043e\u0435 \u043f\u043e\u043a\u043e\u043b\u0435\u043d\u0438\u0435 \u0441\u043f\u043e\u0440\u0442\u0438\u0432\u043d\u044b\u0445 \u043e\u0447\u043a\u043e\u0432, \u0441\u043e\u0437\u0434\u0430\u043d\u043d\u043e\u0435 \u0434\u043b\u044f \u0442\u0435\u0445, \u043a\u0442\u043e \u0441\u0442\u0440\u0435\u043c\u0438\u0442\u0441\u044f \u043a \u043f\u0440\u0435\u0434\u0435\u043b\u0430\u043c \u0432 \u0432\u0435\u043b\u043e\u0441\u043f\u043e\u0440\u0442\u0435 \u0438 \u0442\u0440\u0435\u0439\u043b\u0440\u0430\u043d\u043d\u0438\u043d\u0433\u0435. \u0418\u0441\u043a\u043b\u044e\u0447\u0438\u0442\u0435\u043b\u044c\u043d\u043e \u043b\u0451\u0433\u043a\u0438\u0435, \u043d\u0430\u0434\u0451\u0436\u043d\u043e \u0444\u0438\u043a\u0441\u0438\u0440\u0443\u044e\u0449\u0438\u0435\u0441\u044f \u0438 \u0430\u044d\u0440\u043e\u0434\u0438\u043d\u0430\u043c\u0438\u0447\u043d\u044b\u0435, \u043e\u043d\u0438 \u0440\u0430\u0437\u0440\u0430\u0431\u043e\u0442\u0430\u043d\u044b \u0434\u043b\u044f \u043c\u0430\u043a\u0441\u0438\u043c\u0430\u043b\u044c\u043d\u043e \u0430\u043a\u0442\u0438\u0432\u043d\u044b\u0445 \u0434\u0432\u0438\u0436\u0435\u043d\u0438\u0439. \u0421\u0442\u0440\u0430\u0442\u0435\u0433\u0438\u0447\u0435\u0441\u043a\u0430\u044f \u0432\u0435\u043d\u0442\u0438\u043b\u044f\u0446\u0438\u044f \u0441\u043d\u0438\u0436\u0430\u0435\u0442 \u0437\u0430\u043f\u043e\u0442\u0435\u0432\u0430\u043d\u0438\u0435, \u0434\u0430\u0436\u0435 \u043f\u0440\u0438 \u0432\u044b\u0441\u043e\u043a\u043e\u0439 \u043d\u0430\u0433\u0440\u0443\u0437\u043a\u0435. \u0410 \u0431\u043b\u0430\u0433\u043e\u0434\u0430\u0440\u044f \u0432\u044b\u0431\u043e\u0440\u0443 \u043b\u0438\u043d\u0437 \u2014 REACTIV, SPECTRON \u0438 \u043d\u043e\u0432\u044b\u043c SPECTRON HD 3 \u2014 \u0432\u044b \u043f\u043e\u043b\u0443\u0447\u0430\u0435\u0442\u0435 \u0430\u0434\u0430\u043f\u0442\u0430\u0446\u0438\u044e [&hellip;]\" \/>\n<meta property=\"og:url\" content=\"https:\/\/xstyle.md\/ro\/produs\/ochki-julbo-intensity-army-beige-rplaf\/\" \/>\n<meta property=\"og:site_name\" content=\"\u041c\u0430\u0433\u0430\u0437\u0438\u043d Xstyle\" \/>\n<meta property=\"article:publisher\" content=\"https:\/\/www.facebook.com\/xstylemd\" \/>\n<meta property=\"article:modified_time\" content=\"2025-12-18T14:18:05+00:00\" \/>\n<meta property=\"og:image\" content=\"https:\/\/xstyle.md\/wp-content\/uploads\/2025\/05\/julbo-intensity-army-beige-rplaf.webp\" \/>\n\t<meta property=\"og:image:width\" content=\"1080\" \/>\n\t<meta property=\"og:image:height\" content=\"1080\" \/>\n\t<meta property=\"og:image:type\" content=\"image\/webp\" \/>\n<meta name=\"twitter:card\" content=\"summary_large_image\" \/>\n<meta name=\"twitter:label1\" content=\"Pre\u021b\" \/>\n\t<meta name=\"twitter:data1\" content=\"3.790&nbsp;MDL\" \/>\n\t<meta name=\"twitter:label2\" content=\"Disponibilitate\" \/>\n\t<meta name=\"twitter:data2\" content=\"\u00cen stoc\" \/>\n<script type=\"application\/ld+json\" class=\"yoast-schema-graph\">{\"@context\":\"https:\/\/schema.org\",\"@graph\":[{\"@type\":\"WebPage\",\"@id\":\"https:\/\/xstyle.md\/product\/ochki-julbo-intensity-army-beige-rplaf\/\",\"url\":\"https:\/\/xstyle.md\/product\/ochki-julbo-intensity-army-beige-rplaf\/\",\"name\":\"\u041e\u0447\u043a\u0438 Julbo Intensity Army Beige RPLAF - \u041c\u0430\u0433\u0430\u0437\u0438\u043d Xstyle\",\"isPartOf\":{\"@id\":\"https:\/\/xstyle.md\/#website\"},\"primaryImageOfPage\":{\"@id\":\"https:\/\/xstyle.md\/product\/ochki-julbo-intensity-army-beige-rplaf\/#primaryimage\"},\"image\":{\"@id\":\"https:\/\/xstyle.md\/product\/ochki-julbo-intensity-army-beige-rplaf\/#primaryimage\"},\"thumbnailUrl\":\"https:\/\/xstyle.md\/wp-content\/uploads\/2025\/05\/julbo-intensity-army-beige-rplaf.webp\",\"datePublished\":\"2025-05-12T09:08:47+00:00\",\"dateModified\":\"2025-12-18T14:18:05+00:00\",\"breadcrumb\":{\"@id\":\"https:\/\/xstyle.md\/product\/ochki-julbo-intensity-army-beige-rplaf\/#breadcrumb\"},\"inLanguage\":\"ro-RO\",\"potentialAction\":[{\"@type\":\"ReadAction\",\"target\":[\"https:\/\/xstyle.md\/product\/ochki-julbo-intensity-army-beige-rplaf\/\"]}]},{\"@type\":\"ImageObject\",\"inLanguage\":\"ro-RO\",\"@id\":\"https:\/\/xstyle.md\/product\/ochki-julbo-intensity-army-beige-rplaf\/#primaryimage\",\"url\":\"https:\/\/xstyle.md\/wp-content\/uploads\/2025\/05\/julbo-intensity-army-beige-rplaf.webp\",\"contentUrl\":\"https:\/\/xstyle.md\/wp-content\/uploads\/2025\/05\/julbo-intensity-army-beige-rplaf.webp\",\"width\":1080,\"height\":1080,\"caption\":\"\u041e\u0447\u043a\u0438 Julbo Intensity Army Beige \u0434\u043b\u044f \u0430\u043a\u0442\u0438\u0432\u043d\u043e\u0433\u043e \u043e\u0442\u0434\u044b\u0445\u0430, \u0442\u0443\u0440\u0438\u0441\u0442\u0438\u0447\u0435\u0441\u043a\u043e\u0439 \u043e\u0431\u0443\u0432\u0438, \u043e\u0434\u0435\u0436\u0434\u044b \u0438 \u0441\u043d\u0430\u0440\u044f\u0436\u0435\u043d\u0438\u044f \u0434\u043b\u044f \u043f\u0443\u0442\u0435\u0448\u0435\u0441\u0442\u0432\u0438\u0439, \u043f\u043e\u0445\u043e\u0434\u043e\u0432 \u0438 \u0430\u043b\u044c\u043f\u0438\u043d\u0438\u0437\u043c\u0430 \u0434\u043b\u044f \u043b\u044e\u0431\u0438\u0442\u0435\u043b\u0435\u0439 \u0430\u043a\u0442\u0438\u0432\u043d\u043e\u0433\u043e \u043e\u0431\u0440\u0430\u0437\u0430 \u0436\u0438\u0437\u043d\u0438\"},{\"@type\":\"BreadcrumbList\",\"@id\":\"https:\/\/xstyle.md\/product\/ochki-julbo-intensity-army-beige-rplaf\/#breadcrumb\",\"itemListElement\":[{\"@type\":\"ListItem\",\"position\":1,\"name\":\"\u0413\u043b\u0430\u0432\u043d\u0430\u044f \u0441\u0442\u0440\u0430\u043d\u0438\u0446\u0430\",\"item\":\"https:\/\/xstyle.md\/\"},{\"@type\":\"ListItem\",\"position\":2,\"name\":\"\u041c\u0430\u0433\u0430\u0437\u0438\u043d\",\"item\":\"https:\/\/xstyle.md\/shop\/\"},{\"@type\":\"ListItem\",\"position\":3,\"name\":\"\u041e\u0447\u043a\u0438 Julbo Intensity Army Beige RPLAF\"}]},{\"@type\":\"WebSite\",\"@id\":\"https:\/\/xstyle.md\/#website\",\"url\":\"https:\/\/xstyle.md\/\",\"name\":\"\u041c\u0430\u0433\u0430\u0437\u0438\u043d Xstyle\",\"description\":\"C\u043d\u0430\u0440\u044f\u0436\u0435\u043d\u0438\u0435 \u0434\u043b\u044f \u0442\u0443\u0440\u0438\u0437\u043c\u0430 \u0438 \u044d\u043a\u0441\u0442\u0440\u0435\u043c\u0430\u043b\u044c\u043d\u044b\u0445 \u0432\u0438\u0434\u043e\u0432 \u0441\u043f\u043e\u0440\u0442\u0430 \u0432 \u041c\u043e\u043b\u0434\u043e\u0432\u0435.. \u0426\u0435\u043d\u044b, \u0444\u043e\u0442\u043e, \u0445\u0430\u0440\u0430\u043a\u0442\u0435\u0440\u0438\u0441\u0442\u0438\u043a\u0438 \u0432 \u041c\u043e\u043b\u0434\u043e\u0432\u0435.\",\"publisher\":{\"@id\":\"https:\/\/xstyle.md\/#organization\"},\"alternateName\":\"X-Style\",\"potentialAction\":[{\"@type\":\"SearchAction\",\"target\":{\"@type\":\"EntryPoint\",\"urlTemplate\":\"https:\/\/xstyle.md\/?s={search_term_string}\"},\"query-input\":{\"@type\":\"PropertyValueSpecification\",\"valueRequired\":true,\"valueName\":\"search_term_string\"}}],\"inLanguage\":\"ro-RO\"},{\"@type\":\"Organization\",\"@id\":\"https:\/\/xstyle.md\/#organization\",\"name\":\"\u041c\u0430\u0433\u0430\u0437\u0438\u043d Xstyle\",\"alternateName\":\"x-style\",\"url\":\"https:\/\/xstyle.md\/\",\"logo\":{\"@type\":\"ImageObject\",\"inLanguage\":\"ro-RO\",\"@id\":\"https:\/\/xstyle.md\/#\/schema\/logo\/image\/\",\"url\":\"https:\/\/xstyle.md\/wp-content\/uploads\/2020\/06\/logoicon.svg\",\"contentUrl\":\"https:\/\/xstyle.md\/wp-content\/uploads\/2020\/06\/logoicon.svg\",\"caption\":\"\u041c\u0430\u0433\u0430\u0437\u0438\u043d Xstyle\"},\"image\":{\"@id\":\"https:\/\/xstyle.md\/#\/schema\/logo\/image\/\"},\"sameAs\":[\"https:\/\/www.facebook.com\/xstylemd\",\"https:\/\/www.instagram.com\/xstyle_md\/\",\"https:\/\/t.me\/xstyle_outdoor\"],\"hasMerchantReturnPolicy\":{\"@type\":\"MerchantReturnPolicy\",\"merchantReturnLink\":\"https:\/\/xstyle.md\/ro\/conditions\/\"}}]}<\/script>\n<meta property=\"product:price:amount\" content=\"3790.00\" \/>\n<meta property=\"product:price:currency\" content=\"MDL\" \/>\n<meta property=\"og:availability\" content=\"instock\" \/>\n<meta property=\"product:availability\" content=\"instock\" \/>\n<meta property=\"product:retailer_item_id\" content=\"3660576308930\" \/>\n<meta property=\"product:condition\" content=\"new\" \/>\n<!-- \/ Yoast SEO plugin. -->","yoast_head_json":{"title":"\u041e\u0447\u043a\u0438 Julbo Intensity Army Beige RPLAF - \u041c\u0430\u0433\u0430\u0437\u0438\u043d Xstyle","robots":{"index":"index","follow":"follow","max-snippet":"max-snippet:-1","max-image-preview":"max-image-preview:large","max-video-preview":"max-video-preview:-1"},"canonical":"https:\/\/xstyle.md\/ro\/produs\/ochki-julbo-intensity-army-beige-rplaf\/","og_locale":"ro_RO","og_type":"article","og_title":"\u041e\u0447\u043a\u0438 Julbo Intensity Army Beige RPLAF - \u041c\u0430\u0433\u0430\u0437\u0438\u043d Xstyle","og_description":"Julbo Intensity &#8212; \u044d\u0442\u043e \u043d\u043e\u0432\u043e\u0435 \u043f\u043e\u043a\u043e\u043b\u0435\u043d\u0438\u0435 \u0441\u043f\u043e\u0440\u0442\u0438\u0432\u043d\u044b\u0445 \u043e\u0447\u043a\u043e\u0432, \u0441\u043e\u0437\u0434\u0430\u043d\u043d\u043e\u0435 \u0434\u043b\u044f \u0442\u0435\u0445, \u043a\u0442\u043e \u0441\u0442\u0440\u0435\u043c\u0438\u0442\u0441\u044f \u043a \u043f\u0440\u0435\u0434\u0435\u043b\u0430\u043c \u0432 \u0432\u0435\u043b\u043e\u0441\u043f\u043e\u0440\u0442\u0435 \u0438 \u0442\u0440\u0435\u0439\u043b\u0440\u0430\u043d\u043d\u0438\u043d\u0433\u0435. \u0418\u0441\u043a\u043b\u044e\u0447\u0438\u0442\u0435\u043b\u044c\u043d\u043e \u043b\u0451\u0433\u043a\u0438\u0435, \u043d\u0430\u0434\u0451\u0436\u043d\u043e \u0444\u0438\u043a\u0441\u0438\u0440\u0443\u044e\u0449\u0438\u0435\u0441\u044f \u0438 \u0430\u044d\u0440\u043e\u0434\u0438\u043d\u0430\u043c\u0438\u0447\u043d\u044b\u0435, \u043e\u043d\u0438 \u0440\u0430\u0437\u0440\u0430\u0431\u043e\u0442\u0430\u043d\u044b \u0434\u043b\u044f \u043c\u0430\u043a\u0441\u0438\u043c\u0430\u043b\u044c\u043d\u043e \u0430\u043a\u0442\u0438\u0432\u043d\u044b\u0445 \u0434\u0432\u0438\u0436\u0435\u043d\u0438\u0439. \u0421\u0442\u0440\u0430\u0442\u0435\u0433\u0438\u0447\u0435\u0441\u043a\u0430\u044f \u0432\u0435\u043d\u0442\u0438\u043b\u044f\u0446\u0438\u044f \u0441\u043d\u0438\u0436\u0430\u0435\u0442 \u0437\u0430\u043f\u043e\u0442\u0435\u0432\u0430\u043d\u0438\u0435, \u0434\u0430\u0436\u0435 \u043f\u0440\u0438 \u0432\u044b\u0441\u043e\u043a\u043e\u0439 \u043d\u0430\u0433\u0440\u0443\u0437\u043a\u0435. \u0410 \u0431\u043b\u0430\u0433\u043e\u0434\u0430\u0440\u044f \u0432\u044b\u0431\u043e\u0440\u0443 \u043b\u0438\u043d\u0437 \u2014 REACTIV, SPECTRON \u0438 \u043d\u043e\u0432\u044b\u043c SPECTRON HD 3 \u2014 \u0432\u044b \u043f\u043e\u043b\u0443\u0447\u0430\u0435\u0442\u0435 \u0430\u0434\u0430\u043f\u0442\u0430\u0446\u0438\u044e [&hellip;]","og_url":"https:\/\/xstyle.md\/ro\/produs\/ochki-julbo-intensity-army-beige-rplaf\/","og_site_name":"\u041c\u0430\u0433\u0430\u0437\u0438\u043d Xstyle","article_publisher":"https:\/\/www.facebook.com\/xstylemd","article_modified_time":"2025-12-18T14:18:05+00:00","og_image":[{"width":1080,"height":1080,"url":"https:\/\/xstyle.md\/wp-content\/uploads\/2025\/05\/julbo-intensity-army-beige-rplaf.webp","type":"image\/webp"}],"twitter_card":"summary_large_image","twitter_misc":{"Pre\u021b":"3.790&nbsp;MDL","Disponibilitate":"\u00cen stoc"},"schema":{"@context":"https:\/\/schema.org","@graph":[{"@type":"WebPage","@id":"https:\/\/xstyle.md\/product\/ochki-julbo-intensity-army-beige-rplaf\/","url":"https:\/\/xstyle.md\/product\/ochki-julbo-intensity-army-beige-rplaf\/","name":"\u041e\u0447\u043a\u0438 Julbo Intensity Army Beige RPLAF - \u041c\u0430\u0433\u0430\u0437\u0438\u043d Xstyle","isPartOf":{"@id":"https:\/\/xstyle.md\/#website"},"primaryImageOfPage":{"@id":"https:\/\/xstyle.md\/product\/ochki-julbo-intensity-army-beige-rplaf\/#primaryimage"},"image":{"@id":"https:\/\/xstyle.md\/product\/ochki-julbo-intensity-army-beige-rplaf\/#primaryimage"},"thumbnailUrl":"https:\/\/xstyle.md\/wp-content\/uploads\/2025\/05\/julbo-intensity-army-beige-rplaf.webp","datePublished":"2025-05-12T09:08:47+00:00","dateModified":"2025-12-18T14:18:05+00:00","breadcrumb":{"@id":"https:\/\/xstyle.md\/product\/ochki-julbo-intensity-army-beige-rplaf\/#breadcrumb"},"inLanguage":"ro-RO","potentialAction":[{"@type":"ReadAction","target":["https:\/\/xstyle.md\/product\/ochki-julbo-intensity-army-beige-rplaf\/"]}]},{"@type":"ImageObject","inLanguage":"ro-RO","@id":"https:\/\/xstyle.md\/product\/ochki-julbo-intensity-army-beige-rplaf\/#primaryimage","url":"https:\/\/xstyle.md\/wp-content\/uploads\/2025\/05\/julbo-intensity-army-beige-rplaf.webp","contentUrl":"https:\/\/xstyle.md\/wp-content\/uploads\/2025\/05\/julbo-intensity-army-beige-rplaf.webp","width":1080,"height":1080,"caption":"\u041e\u0447\u043a\u0438 Julbo Intensity Army Beige \u0434\u043b\u044f \u0430\u043a\u0442\u0438\u0432\u043d\u043e\u0433\u043e \u043e\u0442\u0434\u044b\u0445\u0430, \u0442\u0443\u0440\u0438\u0441\u0442\u0438\u0447\u0435\u0441\u043a\u043e\u0439 \u043e\u0431\u0443\u0432\u0438, \u043e\u0434\u0435\u0436\u0434\u044b \u0438 \u0441\u043d\u0430\u0440\u044f\u0436\u0435\u043d\u0438\u044f \u0434\u043b\u044f \u043f\u0443\u0442\u0435\u0448\u0435\u0441\u0442\u0432\u0438\u0439, \u043f\u043e\u0445\u043e\u0434\u043e\u0432 \u0438 \u0430\u043b\u044c\u043f\u0438\u043d\u0438\u0437\u043c\u0430 \u0434\u043b\u044f \u043b\u044e\u0431\u0438\u0442\u0435\u043b\u0435\u0439 \u0430\u043a\u0442\u0438\u0432\u043d\u043e\u0433\u043e \u043e\u0431\u0440\u0430\u0437\u0430 \u0436\u0438\u0437\u043d\u0438"},{"@type":"BreadcrumbList","@id":"https:\/\/xstyle.md\/product\/ochki-julbo-intensity-army-beige-rplaf\/#breadcrumb","itemListElement":[{"@type":"ListItem","position":1,"name":"\u0413\u043b\u0430\u0432\u043d\u0430\u044f \u0441\u0442\u0440\u0430\u043d\u0438\u0446\u0430","item":"https:\/\/xstyle.md\/"},{"@type":"ListItem","position":2,"name":"\u041c\u0430\u0433\u0430\u0437\u0438\u043d","item":"https:\/\/xstyle.md\/shop\/"},{"@type":"ListItem","position":3,"name":"\u041e\u0447\u043a\u0438 Julbo Intensity Army Beige RPLAF"}]},{"@type":"WebSite","@id":"https:\/\/xstyle.md\/#website","url":"https:\/\/xstyle.md\/","name":"Magazinul X-Style","description":"Echipamente pentru turism \u0219i sporturi extreme \u00een Moldova. Pre\u021buri, fotografii, caracteristici \u00een Moldova.","publisher":{"@id":"https:\/\/xstyle.md\/#organization"},"alternateName":"X-Style","potentialAction":[{"@type":"SearchAction","target":{"@type":"EntryPoint","urlTemplate":"https:\/\/xstyle.md\/?s={search_term_string}"},"query-input":{"@type":"PropertyValueSpecification","valueRequired":true,"valueName":"search_term_string"}}],"inLanguage":"ro-RO"},{"@type":"Organization","@id":"https:\/\/xstyle.md\/#organization","name":"Magazinul X-Style","alternateName":"x-style","url":"https:\/\/xstyle.md\/","logo":{"@type":"ImageObject","inLanguage":"ro-RO","@id":"https:\/\/xstyle.md\/#\/schema\/logo\/image\/","url":"https:\/\/xstyle.md\/wp-content\/uploads\/2020\/06\/logoicon.svg","contentUrl":"https:\/\/xstyle.md\/wp-content\/uploads\/2020\/06\/logoicon.svg","caption":"\u041c\u0430\u0433\u0430\u0437\u0438\u043d Xstyle"},"image":{"@id":"https:\/\/xstyle.md\/#\/schema\/logo\/image\/"},"sameAs":["https:\/\/www.facebook.com\/xstylemd","https:\/\/www.instagram.com\/xstyle_md\/","https:\/\/t.me\/xstyle_outdoor"],"hasMerchantReturnPolicy":{"@type":"MerchantReturnPolicy","merchantReturnLink":"https:\/\/xstyle.md\/ro\/conditions\/"}}]},"product_price_amount":"3790.00","product_price_currency":"MDL","og_availability":"instock","product_availability":"instock","product_retailer_item_id":"3660576308930","product_condition":"new"},"post_mailing_queue_ids":[],"_links":{"self":[{"href":"https:\/\/xstyle.md\/ro\/wp-json\/wp\/v2\/product\/94383","targetHints":{"allow":["GET"]}}],"collection":[{"href":"https:\/\/xstyle.md\/ro\/wp-json\/wp\/v2\/product"}],"about":[{"href":"https:\/\/xstyle.md\/ro\/wp-json\/wp\/v2\/types\/product"}],"replies":[{"embeddable":true,"href":"https:\/\/xstyle.md\/ro\/wp-json\/wp\/v2\/comments?post=94383"}],"wp:featuredmedia":[{"embeddable":true,"href":"https:\/\/xstyle.md\/ro\/wp-json\/wp\/v2\/media\/94457"}],"wp:attachment":[{"href":"https:\/\/xstyle.md\/ro\/wp-json\/wp\/v2\/media?parent=94383"}],"wp:term":[{"taxonomy":"product_brand","embeddable":true,"href":"https:\/\/xstyle.md\/ro\/wp-json\/wp\/v2\/product_brand?post=94383"},{"taxonomy":"product_cat","embeddable":true,"href":"https:\/\/xstyle.md\/ro\/wp-json\/wp\/v2\/product_cat?post=94383"},{"taxonomy":"product_tag","embeddable":true,"href":"https:\/\/xstyle.md\/ro\/wp-json\/wp\/v2\/product_tag?post=94383"}],"curies":[{"name":"wp","href":"https:\/\/api.w.org\/{rel}","templated":true}]}}