{"id":94361,"date":"2025-05-12T12:08:37","date_gmt":"2025-05-12T09:08:37","guid":{"rendered":"https:\/\/xstyle.md\/?post_type=product&#038;p=94361"},"modified":"2025-07-28T12:31:29","modified_gmt":"2025-07-28T09:31:29","slug":"spasatelnyj-zhilet-aquarius-mq-holta","status":"publish","type":"product","link":"https:\/\/xstyle.md\/ro\/produs\/spasatelnyj-zhilet-aquarius-mq-holta\/","title":{"rendered":"Vest\u0103 de salvare Aquarius MQ Holta"},"content":{"rendered":"<\/p>\n<p><strong> Vest de salvare Aquarius MQ<\/strong>\u00a0&#8212; destinat\u0103 micilor canoi\u0219ti \u0219i windsurfers, dar va fi folosit\u0103 \u0219i \u00een alte sporturi nautice. Echipat cu dou\u0103 curele de um\u0103r reglabile \u0219i dou\u0103 pe laterale, ceea ce va ajuta la o potrivire optim\u0103. De asemenea, sistemul cu fermoar frontal elimin\u0103 posibilitatea ca vesta s\u0103 cad\u0103 \u00een timpul traficului rapid. Bretelele reglabile au fost \u00eenf\u0103\u0219urate suplimentar \u00een neopren pentru un confort mai mare al utilizatorului, acest model este excelent pentru orice activitate pe ap\u0103. Este str\u00e2ns prin intermediul a dou\u0103 catarame confortabile. Dotate cu benzi reflectorizante vor facilita foarte mult procesul de c\u0103utare.<\/p>\n<p>Echipamentul de salvare trebuie inclus \u00een echipament obligatoriu, deoarece permite \u00eentr-o situa\u021bie dificil\u0103 \u0219i periculoas\u0103 s\u0103 ofere o flotabilitate suplimentar\u0103 pentru a sprijini o persoan\u0103 pe ap\u0103. Acesta este motivul pentru care ar trebui ales bine, av\u00e2nd \u00een vedere clasificarea \u0219i caracteristicile acestora. Vesta pe care o oferim este durabil\u0103, ofer\u0103 libertate de mi\u0219care \u0219i are un design excelent. Utilizarea unei veste de salvare, va m\u0103ri siguran\u021ba. Vesta \u00eenmoaie lovitura de ap\u0103 \u0219i protejeaz\u0103 pieptul. La fel de importante sunt \u0219i propriet\u0103\u021bile izolatoare ale vestei, protej\u00e2nd corpul de frig \u0219i de fluxului v\u00e2ntului, ceea ce accelereaz\u0103 procesul de r\u0103cire.<\/p>\n<h3>Specifica\u021bii<\/h3>\n<ul>\n<li>spuma de polietilen\u0103 NOTOFAM u\u0219oar\u0103 se caracterizeaz\u0103 prin absorb\u021bie redus\u0103 a apei<\/li>\n<li>sistemul de fixare \u0219i reglare este centura principal\u0103 cu cataram\u0103 \u0219i fermoar<\/li>\n<li>lungimea centurii reglabile pe umeri \u0219i laturi<\/li>\n<li>foarte convenabil &#8212; nu restric\u021bioneaz\u0103 mi\u0219carea<\/li>\n<li>vesta este fabricat\u0103 \u00een conformitate cu PN-EN 393<\/li>\n<\/ul>\n<p><strong>Sfaturi pentru alegerea potrivit<\/strong><\/p>\n<ul>\n<li>\u00een primul r\u00e2nd, ar trebui s\u0103 verifica\u021bi calitatea cus\u0103turilor, fiabilitatea fermoarelor, centurilor,verifica\u021bi, de asemenea, materialul de c\u0103ptu\u0219eal\u0103 &#8212; ar trebui s\u0103 fie str\u00e2ns \u0219i s\u0103 nu se mi\u0219te atunci c\u00e2nd este ap\u0103sat cu unghia.<\/li>\n<li>de asemenea, trebuie acordat\u0103 aten\u021bie designului \u0219i calit\u0103\u021bii elementelor de fixare a cataramei, care trebuie s\u0103 reziste la o sarcin\u0103 care dep\u0103\u0219e\u0219te greutatea persoanei. Aceast\u0103 cerin\u021b\u0103 se datoreaz\u0103 faptului c\u0103, de regul\u0103, o persoan\u0103 este extras\u0103 din ap\u0103 de centura vestei, iar sarcina pe cataram\u0103 este jum\u0103tate din greutatea unei persoane.<\/li>\n<li>proiectarea vestei ar trebui s\u0103 prevad\u0103 prezen\u021ba unit\u0103\u021bilor de flotabilitate \u00een compartimentele pieptului, \u00een volum care dep\u0103\u0219e\u0219te semnificativ volumul din compartimentele din spate. Acest lucru este necesar pentru \u00eentoarcerea corpului unei persoane c\u0103zute \u00een ap\u0103 cu fa\u021ba \u00een sus, iar blocurile de flotabilitate dorsal\u0103, pe l\u00e2ng\u0103 asigurarea flotabilit\u0103\u021bii, se protejeaz\u0103 \u00eempotriva impactelor,.<\/li>\n<li>vestele pentru copii trebuie selectate \u00een concordan\u021b\u0103 strict\u0103 cu cre\u0219terea \u0219i greutatea micului c\u0103l\u0103tor. Principala condi\u021bie ar trebui s\u0103 fie o adaptare perfect\u0103 a acestui element la corp, ceea ce va ajuta la prevenirea alunec\u0103rii copilului \u00een timpul unei r\u0103sturn\u0103ri bru\u0219te \u00een lac. O astfel de condi\u021bie poate fi ob\u021binut\u0103 doar cu ajutorul unei probe, \u00een timpul c\u0103reia copilul trebuie s\u0103 sar\u0103 \u0219i, de preferin\u021b\u0103, s\u0103 trag\u0103 de vesta pentru a verifica rezisten\u021ba acestuia. Nu trebuie s\u0103 alunece pe fa\u021ba copilului.<\/li>\n<\/ul>\n<p><\/p>","protected":false},"excerpt":{"rendered":"","protected":false},"featured_media":94687,"comment_status":"open","ping_status":"closed","template":"","meta":{"_acf_changed":false,"inline_featured_image":false},"product_brand":[1290],"product_cat":[223],"product_tag":[],"class_list":{"0":"post-94361","1":"product","2":"type-product","3":"status-publish","4":"has-post-thumbnail","6":"product_brand-aquarius","7":"product_cat-life-jackets-and-helmets","9":"first","10":"outofstock","11":"shipping-taxable","12":"product-type-simple"},"acf":[],"yoast_head":"<!-- This site is optimized with the Yoast SEO plugin v27.4 - https:\/\/yoast.com\/product\/yoast-seo-wordpress\/ -->\n<title>\u0421\u043f\u0430\u0441\u0430\u0442\u0435\u043b\u044c\u043d\u044b\u0439 \u0436\u0438\u043b\u0435\u0442 Aquarius MQ Holta - \u041c\u0430\u0433\u0430\u0437\u0438\u043d Xstyle<\/title>\n<meta name=\"robots\" content=\"index, follow, max-snippet:-1, max-image-preview:large, max-video-preview:-1\" \/>\n<link rel=\"canonical\" href=\"https:\/\/xstyle.md\/ro\/produs\/spasatelnyj-zhilet-aquarius-mq-holta\/\" \/>\n<meta property=\"og:locale\" content=\"ro_RO\" \/>\n<meta property=\"og:type\" content=\"article\" \/>\n<meta property=\"og:title\" content=\"\u0421\u043f\u0430\u0441\u0430\u0442\u0435\u043b\u044c\u043d\u044b\u0439 \u0436\u0438\u043b\u0435\u0442 Aquarius MQ Holta - \u041c\u0430\u0433\u0430\u0437\u0438\u043d Xstyle\" \/>\n<meta property=\"og:url\" content=\"https:\/\/xstyle.md\/ro\/produs\/spasatelnyj-zhilet-aquarius-mq-holta\/\" \/>\n<meta property=\"og:site_name\" content=\"\u041c\u0430\u0433\u0430\u0437\u0438\u043d Xstyle\" \/>\n<meta property=\"article:publisher\" content=\"https:\/\/www.facebook.com\/xstylemd\" \/>\n<meta property=\"article:modified_time\" content=\"2025-07-28T09:31:29+00:00\" \/>\n<meta property=\"og:image\" content=\"https:\/\/xstyle.md\/wp-content\/uploads\/2025\/05\/aquarius-mq-holta.webp\" \/>\n\t<meta property=\"og:image:width\" content=\"872\" \/>\n\t<meta property=\"og:image:height\" content=\"929\" \/>\n\t<meta property=\"og:image:type\" content=\"image\/webp\" \/>\n<meta name=\"twitter:card\" content=\"summary_large_image\" \/>\n<meta name=\"twitter:label1\" content=\"Pre\u021b\" \/>\n\t<meta name=\"twitter:data1\" content=\"1.290&nbsp;MDL\" \/>\n\t<meta name=\"twitter:label2\" content=\"Disponibilitate\" \/>\n\t<meta name=\"twitter:data2\" content=\"Stoc epuizat\" \/>\n<script type=\"application\/ld+json\" class=\"yoast-schema-graph\">{\"@context\":\"https:\\\/\\\/schema.org\",\"@graph\":[{\"@type\":\"WebPage\",\"@id\":\"https:\\\/\\\/xstyle.md\\\/product\\\/spasatelnyj-zhilet-aquarius-mq-holta\\\/\",\"url\":\"https:\\\/\\\/xstyle.md\\\/product\\\/spasatelnyj-zhilet-aquarius-mq-holta\\\/\",\"name\":\"\u0421\u043f\u0430\u0441\u0430\u0442\u0435\u043b\u044c\u043d\u044b\u0439 \u0436\u0438\u043b\u0435\u0442 Aquarius MQ Holta - \u041c\u0430\u0433\u0430\u0437\u0438\u043d Xstyle\",\"isPartOf\":{\"@id\":\"https:\\\/\\\/xstyle.md\\\/#website\"},\"primaryImageOfPage\":{\"@id\":\"https:\\\/\\\/xstyle.md\\\/product\\\/spasatelnyj-zhilet-aquarius-mq-holta\\\/#primaryimage\"},\"image\":{\"@id\":\"https:\\\/\\\/xstyle.md\\\/product\\\/spasatelnyj-zhilet-aquarius-mq-holta\\\/#primaryimage\"},\"thumbnailUrl\":\"https:\\\/\\\/xstyle.md\\\/wp-content\\\/uploads\\\/2025\\\/05\\\/aquarius-mq-holta.webp\",\"datePublished\":\"2025-05-12T09:08:37+00:00\",\"dateModified\":\"2025-07-28T09:31:29+00:00\",\"breadcrumb\":{\"@id\":\"https:\\\/\\\/xstyle.md\\\/product\\\/spasatelnyj-zhilet-aquarius-mq-holta\\\/#breadcrumb\"},\"inLanguage\":\"ro-RO\",\"potentialAction\":[{\"@type\":\"ReadAction\",\"target\":[\"https:\\\/\\\/xstyle.md\\\/product\\\/spasatelnyj-zhilet-aquarius-mq-holta\\\/\"]}]},{\"@type\":\"ImageObject\",\"inLanguage\":\"ro-RO\",\"@id\":\"https:\\\/\\\/xstyle.md\\\/product\\\/spasatelnyj-zhilet-aquarius-mq-holta\\\/#primaryimage\",\"url\":\"https:\\\/\\\/xstyle.md\\\/wp-content\\\/uploads\\\/2025\\\/05\\\/aquarius-mq-holta.webp\",\"contentUrl\":\"https:\\\/\\\/xstyle.md\\\/wp-content\\\/uploads\\\/2025\\\/05\\\/aquarius-mq-holta.webp\",\"width\":872,\"height\":929,\"caption\":\"\u0421\u043f\u0430\u0441\u0430\u0442\u0435\u043b\u044c\u043d\u044b\u0439 \u0436\u0438\u043b\u0435\u0442 Aquarius MQ Holta \u0434\u043b\u044f \u0430\u043a\u0442\u0438\u0432\u043d\u043e\u0433\u043e \u043e\u0442\u0434\u044b\u0445\u0430, \u043f\u043e\u0445\u043e\u0434\u043e\u0432, \u043f\u0443\u0442\u0435\u0448\u0435\u0441\u0442\u0432\u0438\u0439 \u0438 \u0441\u043f\u043e\u0440\u0442\u043d\u043e\u0439 \u043e\u0434\u0435\u0436\u0434\u044b \u0434\u043b\u044f \u0430\u043b\u044c\u043f\u0438\u043d\u0438\u0437\u043c\u0430 \u0438 \u0442\u0443\u0440\u0438\u0437\u043c\u0430 \u0432 \u0438\u043d\u0442\u0435\u0440\u043d\u0435\u0442-\u043c\u0430\u0433\u0430\u0437\u0438\u043d\u0435\"},{\"@type\":\"BreadcrumbList\",\"@id\":\"https:\\\/\\\/xstyle.md\\\/product\\\/spasatelnyj-zhilet-aquarius-mq-holta\\\/#breadcrumb\",\"itemListElement\":[{\"@type\":\"ListItem\",\"position\":1,\"name\":\"\u0413\u043b\u0430\u0432\u043d\u0430\u044f \u0441\u0442\u0440\u0430\u043d\u0438\u0446\u0430\",\"item\":\"https:\\\/\\\/xstyle.md\\\/\"},{\"@type\":\"ListItem\",\"position\":2,\"name\":\"\u041c\u0430\u0433\u0430\u0437\u0438\u043d\",\"item\":\"https:\\\/\\\/xstyle.md\\\/shop\\\/\"},{\"@type\":\"ListItem\",\"position\":3,\"name\":\"\u0421\u043f\u0430\u0441\u0430\u0442\u0435\u043b\u044c\u043d\u044b\u0439 \u0436\u0438\u043b\u0435\u0442 Aquarius MQ Holta\"}]},{\"@type\":\"WebSite\",\"@id\":\"https:\\\/\\\/xstyle.md\\\/#website\",\"url\":\"https:\\\/\\\/xstyle.md\\\/\",\"name\":\"\u041c\u0430\u0433\u0430\u0437\u0438\u043d Xstyle\",\"description\":\"C\u043d\u0430\u0440\u044f\u0436\u0435\u043d\u0438\u0435 \u0434\u043b\u044f \u0442\u0443\u0440\u0438\u0437\u043c\u0430 \u0438 \u044d\u043a\u0441\u0442\u0440\u0435\u043c\u0430\u043b\u044c\u043d\u044b\u0445 \u0432\u0438\u0434\u043e\u0432 \u0441\u043f\u043e\u0440\u0442\u0430 \u0432 \u041c\u043e\u043b\u0434\u043e\u0432\u0435.. \u0426\u0435\u043d\u044b, \u0444\u043e\u0442\u043e, \u0445\u0430\u0440\u0430\u043a\u0442\u0435\u0440\u0438\u0441\u0442\u0438\u043a\u0438 \u0432 \u041c\u043e\u043b\u0434\u043e\u0432\u0435.\",\"publisher\":{\"@id\":\"https:\\\/\\\/xstyle.md\\\/#organization\"},\"alternateName\":\"X-Style\",\"potentialAction\":[{\"@type\":\"SearchAction\",\"target\":{\"@type\":\"EntryPoint\",\"urlTemplate\":\"https:\\\/\\\/xstyle.md\\\/?s={search_term_string}\"},\"query-input\":{\"@type\":\"PropertyValueSpecification\",\"valueRequired\":true,\"valueName\":\"search_term_string\"}}],\"inLanguage\":\"ro-RO\"},{\"@type\":\"Organization\",\"@id\":\"https:\\\/\\\/xstyle.md\\\/#organization\",\"name\":\"\u041c\u0430\u0433\u0430\u0437\u0438\u043d Xstyle\",\"alternateName\":\"x-style\",\"url\":\"https:\\\/\\\/xstyle.md\\\/\",\"logo\":{\"@type\":\"ImageObject\",\"inLanguage\":\"ro-RO\",\"@id\":\"https:\\\/\\\/xstyle.md\\\/#\\\/schema\\\/logo\\\/image\\\/\",\"url\":\"https:\\\/\\\/xstyle.md\\\/wp-content\\\/uploads\\\/2020\\\/06\\\/logoicon.svg\",\"contentUrl\":\"https:\\\/\\\/xstyle.md\\\/wp-content\\\/uploads\\\/2020\\\/06\\\/logoicon.svg\",\"caption\":\"\u041c\u0430\u0433\u0430\u0437\u0438\u043d Xstyle\"},\"image\":{\"@id\":\"https:\\\/\\\/xstyle.md\\\/#\\\/schema\\\/logo\\\/image\\\/\"},\"sameAs\":[\"https:\\\/\\\/www.facebook.com\\\/xstylemd\",\"https:\\\/\\\/www.instagram.com\\\/xstyle_md\\\/\",\"https:\\\/\\\/t.me\\\/xstyle_outdoor\"],\"hasMerchantReturnPolicy\":{\"@type\":\"MerchantReturnPolicy\",\"merchantReturnLink\":\"https:\\\/\\\/xstyle.md\\\/ro\\\/conditions\\\/\"}}]}<\/script>\n<meta property=\"product:price:amount\" content=\"1290.00\" \/>\n<meta property=\"product:price:currency\" content=\"MDL\" \/>\n<meta property=\"og:availability\" content=\"out of stock\" \/>\n<meta property=\"product:availability\" content=\"out of stock\" \/>\n<meta property=\"product:retailer_item_id\" content=\"5904083361056\" \/>\n<meta property=\"product:condition\" content=\"new\" \/>\n<!-- \/ Yoast SEO plugin. -->","yoast_head_json":{"title":"\u0421\u043f\u0430\u0441\u0430\u0442\u0435\u043b\u044c\u043d\u044b\u0439 \u0436\u0438\u043b\u0435\u0442 Aquarius MQ Holta - \u041c\u0430\u0433\u0430\u0437\u0438\u043d Xstyle","robots":{"index":"index","follow":"follow","max-snippet":"max-snippet:-1","max-image-preview":"max-image-preview:large","max-video-preview":"max-video-preview:-1"},"canonical":"https:\/\/xstyle.md\/ro\/produs\/spasatelnyj-zhilet-aquarius-mq-holta\/","og_locale":"ro_RO","og_type":"article","og_title":"\u0421\u043f\u0430\u0441\u0430\u0442\u0435\u043b\u044c\u043d\u044b\u0439 \u0436\u0438\u043b\u0435\u0442 Aquarius MQ Holta - \u041c\u0430\u0433\u0430\u0437\u0438\u043d Xstyle","og_url":"https:\/\/xstyle.md\/ro\/produs\/spasatelnyj-zhilet-aquarius-mq-holta\/","og_site_name":"\u041c\u0430\u0433\u0430\u0437\u0438\u043d Xstyle","article_publisher":"https:\/\/www.facebook.com\/xstylemd","article_modified_time":"2025-07-28T09:31:29+00:00","og_image":[{"width":872,"height":929,"url":"https:\/\/xstyle.md\/wp-content\/uploads\/2025\/05\/aquarius-mq-holta.webp","type":"image\/webp"}],"twitter_card":"summary_large_image","twitter_misc":{"Pre\u021b":"1.290&nbsp;MDL","Disponibilitate":"Stoc epuizat"},"schema":{"@context":"https:\/\/schema.org","@graph":[{"@type":"WebPage","@id":"https:\/\/xstyle.md\/product\/spasatelnyj-zhilet-aquarius-mq-holta\/","url":"https:\/\/xstyle.md\/product\/spasatelnyj-zhilet-aquarius-mq-holta\/","name":"\u0421\u043f\u0430\u0441\u0430\u0442\u0435\u043b\u044c\u043d\u044b\u0439 \u0436\u0438\u043b\u0435\u0442 Aquarius MQ Holta - \u041c\u0430\u0433\u0430\u0437\u0438\u043d Xstyle","isPartOf":{"@id":"https:\/\/xstyle.md\/#website"},"primaryImageOfPage":{"@id":"https:\/\/xstyle.md\/product\/spasatelnyj-zhilet-aquarius-mq-holta\/#primaryimage"},"image":{"@id":"https:\/\/xstyle.md\/product\/spasatelnyj-zhilet-aquarius-mq-holta\/#primaryimage"},"thumbnailUrl":"https:\/\/xstyle.md\/wp-content\/uploads\/2025\/05\/aquarius-mq-holta.webp","datePublished":"2025-05-12T09:08:37+00:00","dateModified":"2025-07-28T09:31:29+00:00","breadcrumb":{"@id":"https:\/\/xstyle.md\/product\/spasatelnyj-zhilet-aquarius-mq-holta\/#breadcrumb"},"inLanguage":"ro-RO","potentialAction":[{"@type":"ReadAction","target":["https:\/\/xstyle.md\/product\/spasatelnyj-zhilet-aquarius-mq-holta\/"]}]},{"@type":"ImageObject","inLanguage":"ro-RO","@id":"https:\/\/xstyle.md\/product\/spasatelnyj-zhilet-aquarius-mq-holta\/#primaryimage","url":"https:\/\/xstyle.md\/wp-content\/uploads\/2025\/05\/aquarius-mq-holta.webp","contentUrl":"https:\/\/xstyle.md\/wp-content\/uploads\/2025\/05\/aquarius-mq-holta.webp","width":872,"height":929,"caption":"\u0421\u043f\u0430\u0441\u0430\u0442\u0435\u043b\u044c\u043d\u044b\u0439 \u0436\u0438\u043b\u0435\u0442 Aquarius MQ Holta \u0434\u043b\u044f \u0430\u043a\u0442\u0438\u0432\u043d\u043e\u0433\u043e \u043e\u0442\u0434\u044b\u0445\u0430, \u043f\u043e\u0445\u043e\u0434\u043e\u0432, \u043f\u0443\u0442\u0435\u0448\u0435\u0441\u0442\u0432\u0438\u0439 \u0438 \u0441\u043f\u043e\u0440\u0442\u043d\u043e\u0439 \u043e\u0434\u0435\u0436\u0434\u044b \u0434\u043b\u044f \u0430\u043b\u044c\u043f\u0438\u043d\u0438\u0437\u043c\u0430 \u0438 \u0442\u0443\u0440\u0438\u0437\u043c\u0430 \u0432 \u0438\u043d\u0442\u0435\u0440\u043d\u0435\u0442-\u043c\u0430\u0433\u0430\u0437\u0438\u043d\u0435"},{"@type":"BreadcrumbList","@id":"https:\/\/xstyle.md\/product\/spasatelnyj-zhilet-aquarius-mq-holta\/#breadcrumb","itemListElement":[{"@type":"ListItem","position":1,"name":"\u0413\u043b\u0430\u0432\u043d\u0430\u044f \u0441\u0442\u0440\u0430\u043d\u0438\u0446\u0430","item":"https:\/\/xstyle.md\/"},{"@type":"ListItem","position":2,"name":"\u041c\u0430\u0433\u0430\u0437\u0438\u043d","item":"https:\/\/xstyle.md\/shop\/"},{"@type":"ListItem","position":3,"name":"\u0421\u043f\u0430\u0441\u0430\u0442\u0435\u043b\u044c\u043d\u044b\u0439 \u0436\u0438\u043b\u0435\u0442 Aquarius MQ Holta"}]},{"@type":"WebSite","@id":"https:\/\/xstyle.md\/#website","url":"https:\/\/xstyle.md\/","name":"Magazinul X-Style","description":"Echipamente pentru turism \u0219i sporturi extreme \u00een Moldova. Pre\u021buri, fotografii, caracteristici \u00een Moldova.","publisher":{"@id":"https:\/\/xstyle.md\/#organization"},"alternateName":"X-Style","potentialAction":[{"@type":"SearchAction","target":{"@type":"EntryPoint","urlTemplate":"https:\/\/xstyle.md\/?s={search_term_string}"},"query-input":{"@type":"PropertyValueSpecification","valueRequired":true,"valueName":"search_term_string"}}],"inLanguage":"ro-RO"},{"@type":"Organization","@id":"https:\/\/xstyle.md\/#organization","name":"Magazinul X-Style","alternateName":"x-style","url":"https:\/\/xstyle.md\/","logo":{"@type":"ImageObject","inLanguage":"ro-RO","@id":"https:\/\/xstyle.md\/#\/schema\/logo\/image\/","url":"https:\/\/xstyle.md\/wp-content\/uploads\/2020\/06\/logoicon.svg","contentUrl":"https:\/\/xstyle.md\/wp-content\/uploads\/2020\/06\/logoicon.svg","caption":"\u041c\u0430\u0433\u0430\u0437\u0438\u043d Xstyle"},"image":{"@id":"https:\/\/xstyle.md\/#\/schema\/logo\/image\/"},"sameAs":["https:\/\/www.facebook.com\/xstylemd","https:\/\/www.instagram.com\/xstyle_md\/","https:\/\/t.me\/xstyle_outdoor"],"hasMerchantReturnPolicy":{"@type":"MerchantReturnPolicy","merchantReturnLink":"https:\/\/xstyle.md\/ro\/conditions\/"}}]},"product_price_amount":"1290.00","product_price_currency":"MDL","og_availability":"out of stock","product_availability":"out of stock","product_retailer_item_id":"5904083361056","product_condition":"new"},"_links":{"self":[{"href":"https:\/\/xstyle.md\/ro\/wp-json\/wp\/v2\/product\/94361","targetHints":{"allow":["GET"]}}],"collection":[{"href":"https:\/\/xstyle.md\/ro\/wp-json\/wp\/v2\/product"}],"about":[{"href":"https:\/\/xstyle.md\/ro\/wp-json\/wp\/v2\/types\/product"}],"replies":[{"embeddable":true,"href":"https:\/\/xstyle.md\/ro\/wp-json\/wp\/v2\/comments?post=94361"}],"wp:featuredmedia":[{"embeddable":true,"href":"https:\/\/xstyle.md\/ro\/wp-json\/wp\/v2\/media\/94687"}],"wp:attachment":[{"href":"https:\/\/xstyle.md\/ro\/wp-json\/wp\/v2\/media?parent=94361"}],"wp:term":[{"taxonomy":"product_brand","embeddable":true,"href":"https:\/\/xstyle.md\/ro\/wp-json\/wp\/v2\/product_brand?post=94361"},{"taxonomy":"product_cat","embeddable":true,"href":"https:\/\/xstyle.md\/ro\/wp-json\/wp\/v2\/product_cat?post=94361"},{"taxonomy":"product_tag","embeddable":true,"href":"https:\/\/xstyle.md\/ro\/wp-json\/wp\/v2\/product_tag?post=94361"}],"curies":[{"name":"wp","href":"https:\/\/api.w.org\/{rel}","templated":true}]}}