{"id":93990,"date":"2025-04-24T15:47:35","date_gmt":"2025-04-24T12:47:35","guid":{"rendered":"https:\/\/xstyle.md\/?post_type=product&#038;p=93990"},"modified":"2026-03-19T17:34:01","modified_gmt":"2026-03-19T14:34:01","slug":"futbolka-ternua-krodi-ls-tee-mns-deep-citrus","status":"publish","type":"product","link":"https:\/\/xstyle.md\/ro\/produs\/futbolka-ternua-krodi-ls-tee-mns-deep-citrus\/","title":{"rendered":"Tricou Ternua Krodi LS Tee Mns deep citrus"},"content":{"rendered":"<\/p>\n<p><strong>Ternua Krodi LS Tee<\/strong> &#8212; un tricou cu m\u00e2nec\u0103 lung\u0103 pentru b\u0103rba\u021bi, avansat tehnologic \u0219i versatil, realizat cu materiale reciclate \u0219i tehnologie Dryshell. U\u0219or \u0219i confortabil, acest tricou absoarbe cu u\u0219urin\u021b\u0103 transpira\u021bia, o \u00eendep\u0103rteaz\u0103 de corp \u0219i se usuc\u0103 rapid pentru a v\u0103 ajuta s\u0103 v\u0103 sim\u021bi\u021bi confortabil.<\/p>\n<p>Tratamentul antibacterian special Polygiene\u00ae con\u021bine s\u0103ruri de argint \u0219i previne dezvoltarea bacteriilor care cauzeaz\u0103 mirosuri. Tehnologia Polygiene\u00ae este integrat\u0103 \u00een \u021bes\u0103tur\u0103 \u0219i nu se elimin\u0103 \u00een timpul sp\u0103l\u0103rii. Materialul elastic al tricoului este nerestrictiv \u0219i este realizat folosind sticle de plastic reciclate.<\/p>\n<p>Tricoul ideal pentru rucsacari, c\u0103l\u0103tori \u0219i persoane active care caut\u0103 \u00eembr\u0103c\u0103minte din materiale durabile. Ideal pentru zilele c\u0103lduroase \u0219i activit\u0103\u021bile foarte active.<\/p>\n<h3>Particularit\u0103\u021bi<\/h3>\n<ul>\n<li>\u021aes\u0103tura Dryshell, avansat\u0103 din punct de vedere tehnologic, este conceput\u0103 cu microfibre pentru uscare rapid\u0103 \u0219i eliminare a umidit\u0103\u021bii. Pe l\u00e2ng\u0103 faptul c\u0103 este foarte respirabil\u0103, ofer\u0103 sportivului un confort maxim, optimiz\u00e2nd \u0219i \u00eembun\u0103t\u0103\u021bind performan\u021ba.<\/li>\n<li>Polygiene\u00ae &#8212; tehnologie cu particule de argint pentru a contracara dezvoltarea microbian\u0103 \u0219i a preveni mirosul. Tehnologia Polygiene\u00ae nu \u00ee\u0219i pierde propriet\u0103\u021bile dup\u0103 sp\u0103lare \u0219i men\u021bine aspectul proasp\u0103t al produsului pentru mai mult timp.<\/li>\n<li>Fabricat din \u021bes\u0103tur\u0103 ob\u021binut\u0103 prin reciclarea unor materiale precum plase de pescuit, sticle de plastic etc.<\/li>\n<li>Tratament hidrofug ecologic, f\u0103r\u0103 substan\u021be toxice, f\u0103r\u0103 fluorocarburi.<\/li>\n<li>Fabricat din materiale produse \u00een mod ecologic \u0219i \u00een condi\u021bii de munc\u0103 \u0219i certificate bluesign\u00ae.<\/li>\n<\/ul>\n<h3>Caracteristici<\/h3>\n<ul>\n<li>Material &#8212; 100% poliester<\/li>\n<li>Sezonul &#8212; prim\u0103var\u0103\/var\u0103<\/li>\n<li>Aplicare &#8212; drume\u021bii \/ casual \/ trekking<\/li>\n<li>Model - b\u0103rba\u021bi.<\/li>\n<\/ul>\n<h3>Tehnologie<\/h3>\n<ul>\n<li><strong>Dryshell<\/strong> \u2013 \u021bes\u0103tura tehnologic\u0103 este conceput\u0103 cu microfibre pentru a atrage transpira\u021bia \u00een exterior \u0219i a se usca rapid. \u00cempreun\u0103 cu respirabilitatea sa ridicat\u0103, ofer\u0103 sportivului un confort maxim, optimiz\u00e2nd \u0219i \u00eembun\u0103t\u0103\u021bind performan\u021ba.<\/li>\n<li><strong>Polygiene<\/strong>\u00ae \u2013 o tehnologie modern\u0103 de protec\u021bie antibacterian\u0103 a hainelor prin tratarea \u021bes\u0103turilor cu argint pentru a preveni bacteriile care provoac\u0103 mirosuri, precum \u0219i diver\u0219i microbi, viru\u0219i \u0219i ciuperci. Tehnologia Polygiene\u00ae este recunoscut\u0103 \u00een primul r\u00e2nd ca fiind un agent bacteriostatic sigur \u0219i eficient. Aceasta se bazeaz\u0103 pe tratarea unei mari variet\u0103\u021bi de materiale (\u00een principal textile) cu s\u0103ruri de argint naturale (clorur\u0103 de argint), un agent antimicrobian foarte eficient.<\/li>\n<li><strong>DWR<\/strong> (Durable Water Repellent) &#8212; este o impregnare de material hidrofug de suprafa\u021b\u0103 care \u00eembun\u0103t\u0103\u021be\u0219te propriet\u0103\u021bile func\u021bionale ale \u00eembr\u0103c\u0103mintei. Impregnarea \u00ee\u0219i p\u0103streaz\u0103 propriet\u0103\u021bile p\u00e2n\u0103 la 10 cicluri de sp\u0103lare \u0219i, \u00een acela\u0219i timp, poate fi re\u00eennoit\u0103 cu u\u0219urin\u021b\u0103 cu ajutorul unor produse pe baz\u0103 de spray disponibile \u00een mod obi\u0219nuit (de exemplu, Toko Textile Proof). Impregnarea DWR C6 este mai prietenoas\u0103 cu mediul.<\/li>\n<\/ul>\n<h3>Marca<\/h3>\n<p>Ternua este un brand spaniol specializat \u00een \u00eembr\u0103c\u0103minte tehnic\u0103, func\u021bional\u0103 \u0219i inovatoare, capabil\u0103 s\u0103 se adapteze la cele mai nefavorabile condi\u021bii meteorologice. Spiritul antreprenorial \u0219i aventuros al balenierilor basci din secolul al XV-lea a inspirat crearea m\u0103rcii de outdoor Ternua \u00een 1995. \u00cen limba basc\u0103, &#171;Ternua&#187; \u00eenseamn\u0103 balen\u0103, motiv pentru care compania poart\u0103 acest nume, iar logo-ul s\u0103u este \u00eempodobit cu coada unei balene. Principiile principale ale Ternua sunt pasiunea pentru munte, respectul pentru mediu \u0219i respectul pentru r\u0103d\u0103cinile lor, pentru originea lor. Produc\u0103torul acord\u0103 o aten\u021bie deosebit\u0103 alegerii \u021bes\u0103turilor, d\u0103 preferin\u021b\u0103 culorilor bogate, hainele sunt versatile \u0219i se potrivesc bine. De asemenea, brandul are o grij\u0103 deosebit\u0103 fa\u021b\u0103 de natur\u0103, sus\u021bin\u00e2nd respectarea mediului \u0219i produc\u00e2nd haine din materiale reciclate.<\/p>\n<p><\/p>","protected":false},"excerpt":{"rendered":"","protected":false},"featured_media":94008,"comment_status":"open","ping_status":"closed","template":"","meta":{"_acf_changed":false,"inline_featured_image":false},"product_brand":[1426],"product_cat":[892],"product_tag":[],"class_list":{"0":"post-93990","1":"product","2":"type-product","3":"status-publish","4":"has-post-thumbnail","6":"product_brand-ternua","7":"product_cat-long-sleeve-barbati","9":"first","10":"instock","11":"shipping-taxable","12":"purchasable","13":"product-type-simple"},"acf":[],"yoast_head":"<!-- This site is optimized with the Yoast SEO plugin v27.2 - https:\/\/yoast.com\/product\/yoast-seo-wordpress\/ -->\n<title>\u0424\u0443\u0442\u0431\u043e\u043b\u043a\u0430 Ternua Krodi LS Tee Mns deep citrus - \u041c\u0430\u0433\u0430\u0437\u0438\u043d Xstyle<\/title>\n<meta name=\"robots\" content=\"index, follow, max-snippet:-1, max-image-preview:large, max-video-preview:-1\" \/>\n<link rel=\"canonical\" href=\"https:\/\/xstyle.md\/ro\/produs\/futbolka-ternua-krodi-ls-tee-mns-deep-citrus\/\" \/>\n<meta property=\"og:locale\" content=\"ro_RO\" \/>\n<meta property=\"og:type\" content=\"article\" \/>\n<meta property=\"og:title\" content=\"\u0424\u0443\u0442\u0431\u043e\u043b\u043a\u0430 Ternua Krodi LS Tee Mns deep citrus - \u041c\u0430\u0433\u0430\u0437\u0438\u043d Xstyle\" \/>\n<meta property=\"og:url\" content=\"https:\/\/xstyle.md\/ro\/produs\/futbolka-ternua-krodi-ls-tee-mns-deep-citrus\/\" \/>\n<meta property=\"og:site_name\" content=\"\u041c\u0430\u0433\u0430\u0437\u0438\u043d Xstyle\" \/>\n<meta property=\"article:publisher\" content=\"https:\/\/www.facebook.com\/xstylemd\" \/>\n<meta property=\"article:modified_time\" content=\"2026-03-19T14:34:01+00:00\" \/>\n<meta property=\"og:image\" content=\"https:\/\/xstyle.md\/wp-content\/uploads\/2025\/04\/ternua-krodi-ls-tee-mns-deep-citrus.webp\" \/>\n\t<meta property=\"og:image:width\" content=\"664\" \/>\n\t<meta property=\"og:image:height\" content=\"658\" \/>\n\t<meta property=\"og:image:type\" content=\"image\/webp\" \/>\n<meta name=\"twitter:card\" content=\"summary_large_image\" \/>\n<meta name=\"twitter:label1\" content=\"Pre\u021b\" \/>\n\t<meta name=\"twitter:data1\" content=\"995&nbsp;MDL\" \/>\n\t<meta name=\"twitter:label2\" content=\"Disponibilitate\" \/>\n\t<meta name=\"twitter:data2\" content=\"\u00cen stoc\" \/>\n<script type=\"application\/ld+json\" class=\"yoast-schema-graph\">{\"@context\":\"https:\/\/schema.org\",\"@graph\":[{\"@type\":\"WebPage\",\"@id\":\"https:\/\/xstyle.md\/product\/futbolka-ternua-krodi-ls-tee-mns-deep-citrus\/\",\"url\":\"https:\/\/xstyle.md\/product\/futbolka-ternua-krodi-ls-tee-mns-deep-citrus\/\",\"name\":\"\u0424\u0443\u0442\u0431\u043e\u043b\u043a\u0430 Ternua Krodi LS Tee Mns deep citrus - \u041c\u0430\u0433\u0430\u0437\u0438\u043d Xstyle\",\"isPartOf\":{\"@id\":\"https:\/\/xstyle.md\/#website\"},\"primaryImageOfPage\":{\"@id\":\"https:\/\/xstyle.md\/product\/futbolka-ternua-krodi-ls-tee-mns-deep-citrus\/#primaryimage\"},\"image\":{\"@id\":\"https:\/\/xstyle.md\/product\/futbolka-ternua-krodi-ls-tee-mns-deep-citrus\/#primaryimage\"},\"thumbnailUrl\":\"https:\/\/xstyle.md\/wp-content\/uploads\/2025\/04\/ternua-krodi-ls-tee-mns-deep-citrus.webp\",\"datePublished\":\"2025-04-24T12:47:35+00:00\",\"dateModified\":\"2026-03-19T14:34:01+00:00\",\"breadcrumb\":{\"@id\":\"https:\/\/xstyle.md\/product\/futbolka-ternua-krodi-ls-tee-mns-deep-citrus\/#breadcrumb\"},\"inLanguage\":\"ro-RO\",\"potentialAction\":[{\"@type\":\"ReadAction\",\"target\":[\"https:\/\/xstyle.md\/product\/futbolka-ternua-krodi-ls-tee-mns-deep-citrus\/\"]}]},{\"@type\":\"ImageObject\",\"inLanguage\":\"ro-RO\",\"@id\":\"https:\/\/xstyle.md\/product\/futbolka-ternua-krodi-ls-tee-mns-deep-citrus\/#primaryimage\",\"url\":\"https:\/\/xstyle.md\/wp-content\/uploads\/2025\/04\/ternua-krodi-ls-tee-mns-deep-citrus.webp\",\"contentUrl\":\"https:\/\/xstyle.md\/wp-content\/uploads\/2025\/04\/ternua-krodi-ls-tee-mns-deep-citrus.webp\",\"width\":664,\"height\":658,\"caption\":\"\u0424\u0443\u0442\u0431\u043e\u043b\u043a\u0430 \u0434\u043b\u044f \u0430\u043a\u0442\u0438\u0432\u043d\u043e\u0433\u043e \u043e\u0442\u0434\u044b\u0445\u0430 \u0438 \u043f\u0443\u0442\u0435\u0448\u0435\u0441\u0442\u0432\u0438\u0439 Ternua Krodi LS Tee Mns deep citrus \u2014 \u043e\u0434\u0435\u0436\u0434\u0430 \u0438 \u043e\u0431\u0443\u0432\u044c \u0434\u043b\u044f \u0430\u043a\u0442\u0438\u0432\u043d\u043e\u0439 \u0436\u0438\u0437\u043d\u0438, \u043f\u043e\u0445\u043e\u0434\u043e\u0432 \u0438 \u0430\u043b\u044c\u043f\u0438\u043d\u0438\u0437\u043c\u0430 \u0432 \u0438\u043d\u0442\u0435\u0440\u043d\u0435\u0442-\u043c\u0430\u0433\u0430\u0437\u0438\u043d\u0435\"},{\"@type\":\"BreadcrumbList\",\"@id\":\"https:\/\/xstyle.md\/product\/futbolka-ternua-krodi-ls-tee-mns-deep-citrus\/#breadcrumb\",\"itemListElement\":[{\"@type\":\"ListItem\",\"position\":1,\"name\":\"\u0413\u043b\u0430\u0432\u043d\u0430\u044f \u0441\u0442\u0440\u0430\u043d\u0438\u0446\u0430\",\"item\":\"https:\/\/xstyle.md\/\"},{\"@type\":\"ListItem\",\"position\":2,\"name\":\"\u041c\u0430\u0433\u0430\u0437\u0438\u043d\",\"item\":\"https:\/\/xstyle.md\/shop\/\"},{\"@type\":\"ListItem\",\"position\":3,\"name\":\"\u0424\u0443\u0442\u0431\u043e\u043b\u043a\u0430 Ternua Krodi LS Tee Mns deep citrus\"}]},{\"@type\":\"WebSite\",\"@id\":\"https:\/\/xstyle.md\/#website\",\"url\":\"https:\/\/xstyle.md\/\",\"name\":\"\u041c\u0430\u0433\u0430\u0437\u0438\u043d Xstyle\",\"description\":\"C\u043d\u0430\u0440\u044f\u0436\u0435\u043d\u0438\u0435 \u0434\u043b\u044f \u0442\u0443\u0440\u0438\u0437\u043c\u0430 \u0438 \u044d\u043a\u0441\u0442\u0440\u0435\u043c\u0430\u043b\u044c\u043d\u044b\u0445 \u0432\u0438\u0434\u043e\u0432 \u0441\u043f\u043e\u0440\u0442\u0430 \u0432 \u041c\u043e\u043b\u0434\u043e\u0432\u0435.. \u0426\u0435\u043d\u044b, \u0444\u043e\u0442\u043e, \u0445\u0430\u0440\u0430\u043a\u0442\u0435\u0440\u0438\u0441\u0442\u0438\u043a\u0438 \u0432 \u041c\u043e\u043b\u0434\u043e\u0432\u0435.\",\"publisher\":{\"@id\":\"https:\/\/xstyle.md\/#organization\"},\"alternateName\":\"X-Style\",\"potentialAction\":[{\"@type\":\"SearchAction\",\"target\":{\"@type\":\"EntryPoint\",\"urlTemplate\":\"https:\/\/xstyle.md\/?s={search_term_string}\"},\"query-input\":{\"@type\":\"PropertyValueSpecification\",\"valueRequired\":true,\"valueName\":\"search_term_string\"}}],\"inLanguage\":\"ro-RO\"},{\"@type\":\"Organization\",\"@id\":\"https:\/\/xstyle.md\/#organization\",\"name\":\"\u041c\u0430\u0433\u0430\u0437\u0438\u043d Xstyle\",\"alternateName\":\"x-style\",\"url\":\"https:\/\/xstyle.md\/\",\"logo\":{\"@type\":\"ImageObject\",\"inLanguage\":\"ro-RO\",\"@id\":\"https:\/\/xstyle.md\/#\/schema\/logo\/image\/\",\"url\":\"https:\/\/xstyle.md\/wp-content\/uploads\/2020\/06\/logoicon.svg\",\"contentUrl\":\"https:\/\/xstyle.md\/wp-content\/uploads\/2020\/06\/logoicon.svg\",\"caption\":\"\u041c\u0430\u0433\u0430\u0437\u0438\u043d Xstyle\"},\"image\":{\"@id\":\"https:\/\/xstyle.md\/#\/schema\/logo\/image\/\"},\"sameAs\":[\"https:\/\/www.facebook.com\/xstylemd\",\"https:\/\/www.instagram.com\/xstyle_md\/\",\"https:\/\/t.me\/xstyle_outdoor\"],\"hasMerchantReturnPolicy\":{\"@type\":\"MerchantReturnPolicy\",\"merchantReturnLink\":\"https:\/\/xstyle.md\/ro\/conditions\/\"}}]}<\/script>\n<meta property=\"product:price:amount\" content=\"995.00\" \/>\n<meta property=\"product:price:currency\" content=\"MDL\" \/>\n<meta property=\"og:availability\" content=\"instock\" \/>\n<meta property=\"product:availability\" content=\"instock\" \/>\n<meta property=\"product:retailer_item_id\" content=\"8447107357415\" \/>\n<meta property=\"product:condition\" content=\"new\" \/>\n<!-- \/ Yoast SEO plugin. -->","yoast_head_json":{"title":"\u0424\u0443\u0442\u0431\u043e\u043b\u043a\u0430 Ternua Krodi LS Tee Mns deep citrus - \u041c\u0430\u0433\u0430\u0437\u0438\u043d Xstyle","robots":{"index":"index","follow":"follow","max-snippet":"max-snippet:-1","max-image-preview":"max-image-preview:large","max-video-preview":"max-video-preview:-1"},"canonical":"https:\/\/xstyle.md\/ro\/produs\/futbolka-ternua-krodi-ls-tee-mns-deep-citrus\/","og_locale":"ro_RO","og_type":"article","og_title":"\u0424\u0443\u0442\u0431\u043e\u043b\u043a\u0430 Ternua Krodi LS Tee Mns deep citrus - \u041c\u0430\u0433\u0430\u0437\u0438\u043d Xstyle","og_url":"https:\/\/xstyle.md\/ro\/produs\/futbolka-ternua-krodi-ls-tee-mns-deep-citrus\/","og_site_name":"\u041c\u0430\u0433\u0430\u0437\u0438\u043d Xstyle","article_publisher":"https:\/\/www.facebook.com\/xstylemd","article_modified_time":"2026-03-19T14:34:01+00:00","og_image":[{"width":664,"height":658,"url":"https:\/\/xstyle.md\/wp-content\/uploads\/2025\/04\/ternua-krodi-ls-tee-mns-deep-citrus.webp","type":"image\/webp"}],"twitter_card":"summary_large_image","twitter_misc":{"Pre\u021b":"995&nbsp;MDL","Disponibilitate":"\u00cen stoc"},"schema":{"@context":"https:\/\/schema.org","@graph":[{"@type":"WebPage","@id":"https:\/\/xstyle.md\/product\/futbolka-ternua-krodi-ls-tee-mns-deep-citrus\/","url":"https:\/\/xstyle.md\/product\/futbolka-ternua-krodi-ls-tee-mns-deep-citrus\/","name":"\u0424\u0443\u0442\u0431\u043e\u043b\u043a\u0430 Ternua Krodi LS Tee Mns deep citrus - \u041c\u0430\u0433\u0430\u0437\u0438\u043d Xstyle","isPartOf":{"@id":"https:\/\/xstyle.md\/#website"},"primaryImageOfPage":{"@id":"https:\/\/xstyle.md\/product\/futbolka-ternua-krodi-ls-tee-mns-deep-citrus\/#primaryimage"},"image":{"@id":"https:\/\/xstyle.md\/product\/futbolka-ternua-krodi-ls-tee-mns-deep-citrus\/#primaryimage"},"thumbnailUrl":"https:\/\/xstyle.md\/wp-content\/uploads\/2025\/04\/ternua-krodi-ls-tee-mns-deep-citrus.webp","datePublished":"2025-04-24T12:47:35+00:00","dateModified":"2026-03-19T14:34:01+00:00","breadcrumb":{"@id":"https:\/\/xstyle.md\/product\/futbolka-ternua-krodi-ls-tee-mns-deep-citrus\/#breadcrumb"},"inLanguage":"ro-RO","potentialAction":[{"@type":"ReadAction","target":["https:\/\/xstyle.md\/product\/futbolka-ternua-krodi-ls-tee-mns-deep-citrus\/"]}]},{"@type":"ImageObject","inLanguage":"ro-RO","@id":"https:\/\/xstyle.md\/product\/futbolka-ternua-krodi-ls-tee-mns-deep-citrus\/#primaryimage","url":"https:\/\/xstyle.md\/wp-content\/uploads\/2025\/04\/ternua-krodi-ls-tee-mns-deep-citrus.webp","contentUrl":"https:\/\/xstyle.md\/wp-content\/uploads\/2025\/04\/ternua-krodi-ls-tee-mns-deep-citrus.webp","width":664,"height":658,"caption":"\u0424\u0443\u0442\u0431\u043e\u043b\u043a\u0430 \u0434\u043b\u044f \u0430\u043a\u0442\u0438\u0432\u043d\u043e\u0433\u043e \u043e\u0442\u0434\u044b\u0445\u0430 \u0438 \u043f\u0443\u0442\u0435\u0448\u0435\u0441\u0442\u0432\u0438\u0439 Ternua Krodi LS Tee Mns deep citrus \u2014 \u043e\u0434\u0435\u0436\u0434\u0430 \u0438 \u043e\u0431\u0443\u0432\u044c \u0434\u043b\u044f \u0430\u043a\u0442\u0438\u0432\u043d\u043e\u0439 \u0436\u0438\u0437\u043d\u0438, \u043f\u043e\u0445\u043e\u0434\u043e\u0432 \u0438 \u0430\u043b\u044c\u043f\u0438\u043d\u0438\u0437\u043c\u0430 \u0432 \u0438\u043d\u0442\u0435\u0440\u043d\u0435\u0442-\u043c\u0430\u0433\u0430\u0437\u0438\u043d\u0435"},{"@type":"BreadcrumbList","@id":"https:\/\/xstyle.md\/product\/futbolka-ternua-krodi-ls-tee-mns-deep-citrus\/#breadcrumb","itemListElement":[{"@type":"ListItem","position":1,"name":"\u0413\u043b\u0430\u0432\u043d\u0430\u044f \u0441\u0442\u0440\u0430\u043d\u0438\u0446\u0430","item":"https:\/\/xstyle.md\/"},{"@type":"ListItem","position":2,"name":"\u041c\u0430\u0433\u0430\u0437\u0438\u043d","item":"https:\/\/xstyle.md\/shop\/"},{"@type":"ListItem","position":3,"name":"\u0424\u0443\u0442\u0431\u043e\u043b\u043a\u0430 Ternua Krodi LS Tee Mns deep citrus"}]},{"@type":"WebSite","@id":"https:\/\/xstyle.md\/#website","url":"https:\/\/xstyle.md\/","name":"Magazinul X-Style","description":"Echipamente pentru turism \u0219i sporturi extreme \u00een Moldova. Pre\u021buri, fotografii, caracteristici \u00een Moldova.","publisher":{"@id":"https:\/\/xstyle.md\/#organization"},"alternateName":"X-Style","potentialAction":[{"@type":"SearchAction","target":{"@type":"EntryPoint","urlTemplate":"https:\/\/xstyle.md\/?s={search_term_string}"},"query-input":{"@type":"PropertyValueSpecification","valueRequired":true,"valueName":"search_term_string"}}],"inLanguage":"ro-RO"},{"@type":"Organization","@id":"https:\/\/xstyle.md\/#organization","name":"Magazinul X-Style","alternateName":"x-style","url":"https:\/\/xstyle.md\/","logo":{"@type":"ImageObject","inLanguage":"ro-RO","@id":"https:\/\/xstyle.md\/#\/schema\/logo\/image\/","url":"https:\/\/xstyle.md\/wp-content\/uploads\/2020\/06\/logoicon.svg","contentUrl":"https:\/\/xstyle.md\/wp-content\/uploads\/2020\/06\/logoicon.svg","caption":"\u041c\u0430\u0433\u0430\u0437\u0438\u043d Xstyle"},"image":{"@id":"https:\/\/xstyle.md\/#\/schema\/logo\/image\/"},"sameAs":["https:\/\/www.facebook.com\/xstylemd","https:\/\/www.instagram.com\/xstyle_md\/","https:\/\/t.me\/xstyle_outdoor"],"hasMerchantReturnPolicy":{"@type":"MerchantReturnPolicy","merchantReturnLink":"https:\/\/xstyle.md\/ro\/conditions\/"}}]},"product_price_amount":"995.00","product_price_currency":"MDL","og_availability":"instock","product_availability":"instock","product_retailer_item_id":"8447107357415","product_condition":"new"},"post_mailing_queue_ids":[],"_links":{"self":[{"href":"https:\/\/xstyle.md\/ro\/wp-json\/wp\/v2\/product\/93990","targetHints":{"allow":["GET"]}}],"collection":[{"href":"https:\/\/xstyle.md\/ro\/wp-json\/wp\/v2\/product"}],"about":[{"href":"https:\/\/xstyle.md\/ro\/wp-json\/wp\/v2\/types\/product"}],"replies":[{"embeddable":true,"href":"https:\/\/xstyle.md\/ro\/wp-json\/wp\/v2\/comments?post=93990"}],"wp:featuredmedia":[{"embeddable":true,"href":"https:\/\/xstyle.md\/ro\/wp-json\/wp\/v2\/media\/94008"}],"wp:attachment":[{"href":"https:\/\/xstyle.md\/ro\/wp-json\/wp\/v2\/media?parent=93990"}],"wp:term":[{"taxonomy":"product_brand","embeddable":true,"href":"https:\/\/xstyle.md\/ro\/wp-json\/wp\/v2\/product_brand?post=93990"},{"taxonomy":"product_cat","embeddable":true,"href":"https:\/\/xstyle.md\/ro\/wp-json\/wp\/v2\/product_cat?post=93990"},{"taxonomy":"product_tag","embeddable":true,"href":"https:\/\/xstyle.md\/ro\/wp-json\/wp\/v2\/product_tag?post=93990"}],"curies":[{"name":"wp","href":"https:\/\/api.w.org\/{rel}","templated":true}]}}