{"id":93985,"date":"2025-04-24T15:47:34","date_gmt":"2025-04-24T12:47:34","guid":{"rendered":"https:\/\/xstyle.md\/?post_type=product&#038;p=93985"},"modified":"2026-03-30T17:21:42","modified_gmt":"2026-03-30T14:21:42","slug":"futbolka-ternua-ayre-mns-perfect-pear","status":"publish","type":"product","link":"https:\/\/xstyle.md\/ro\/produs\/futbolka-ternua-ayre-mns-perfect-pear\/","title":{"rendered":"Tricou Ternua Ayre Mns perfect pear"},"content":{"rendered":"<p><\/p>\n<p><strong>Ternua Ayre<\/strong>\u00a0&#8212; este un tricou u\u0219or \u0219i confortabil, fabricat din 100% bumbac organic cu o densitate de 150 g\/m\u00b2. \u021aes\u0103tura nu con\u021bine substan\u021be chimice nocive, precum pesticidele sau erbicidele, ceea ce face ca acest produs s\u0103 fie sigur pentru piele \u0219i ecologic. Datorit\u0103 compozi\u021biei sale naturale, tricoul se remarc\u0103 printr-o rezisten\u021b\u0103 bun\u0103 la uzur\u0103 \u0219i este potrivit pentru purtarea zilnic\u0103. Imprimeul minimalist cu logo-ul Ternua adaug\u0103 un accent vizual, iar modelul respect\u0103 pe deplin principiile modei sustenabile.<\/p>\n<h3>Particularit\u0103\u021bi<\/h3>\n<ul>\n<li>Bumbac organic natural f\u0103r\u0103 substan\u021be chimice nocive<\/li>\n<li>\u021aes\u0103tur\u0103 u\u0219oar\u0103 \u0219i durabil\u0103 (150 g\/m\u00b2) &#8212; ofer\u0103 confort pe durata \u00eentregii zile<\/li>\n<li>Logo-ul Ternua pentru un aspect distinctiv<\/li>\n<li>Certific\u0103ri OEKO-TEX\u00ae \u0219i GOTS &#8212; garan\u021bia calit\u0103\u021bii \u0219i a respect\u0103rii standardelor ecologice<\/li>\n<li>Designul este 100% organic \u0219i este compatibil cu procesele de reciclare<\/li>\n<li>Perfect pentru utilizarea cotidian\u0103<\/li>\n<\/ul>\n<h3>Caracteristici<\/h3>\n<ul>\n<li>Material &#8212; 100% bumbac<\/li>\n<li>Sezon &#8212; Prim\u0103var\u0103 \/ Var\u0103<\/li>\n<li>Utilizare &#8212; turism \/ uz cotidian \/ trekking<\/li>\n<li>Model - b\u0103rba\u021bi<\/li>\n<\/ul>\n<p><\/p>\n<h3>Marca<\/h3>\n<p>Ternua - este un brand spaniol specializat \u00een \u00eembr\u0103c\u0103minte tehnic\u0103, func\u021bional\u0103 \u0219i inovatoare, capabil\u0103 s\u0103 se adapteze la cele mai nefavorabile condi\u021bii meteorologice. Spiritul antreprenorial \u0219i aventuros al balenierilor basci din secolul al XV-lea a inspirat crearea m\u0103rcii de outdoor Ternua \u00een 1995. Ternua \u00eenseamn\u0103 balen\u0103 \u00een limba basc\u0103, motiv pentru care compania poart\u0103 acest nume, iar logo-ul s\u0103u este \u00eempodobit cu o coad\u0103 de balen\u0103. Principiile principale ale Ternua sunt pasiunea pentru munte, respectul pentru mediu \u0219i respectul pentru r\u0103d\u0103cinile \u0219i originile lor. Produc\u0103torul acord\u0103 o aten\u021bie deosebit\u0103 alegerii \u021bes\u0103turilor, d\u0103 preferin\u021b\u0103 culorilor bogate, hainele sunt versatile \u0219i se potrivesc bine. De asemenea, marca are o grij\u0103 deosebit\u0103 fa\u021b\u0103 de natur\u0103, sus\u021bin\u00e2nd respectarea mediului \u0219i produc\u00e2nd haine din materiale reciclate.<\/p>","protected":false},"excerpt":{"rendered":"<p>\u0411\u0440\u0435\u043d\u0434 Ternua \u2014 \u0438\u0441\u043f\u0430\u043d\u0441\u043a\u0438\u0439 \u0431\u0440\u0435\u043d\u0434, \u0441\u043f\u0435\u0446\u0438\u0430\u043b\u0438\u0437\u0438\u0440\u0443\u044e\u0449\u0438\u0439\u0441\u044f \u043d\u0430 \u043f\u0440\u043e\u0438\u0437\u0432\u043e\u0434\u0441\u0442\u0432\u0435 \u0442\u0435\u0445\u043d\u0438\u0447\u0435\u0441\u043a\u043e\u0439, \u0444\u0443\u043d\u043a\u0446\u0438\u043e\u043d\u0430\u043b\u044c\u043d\u043e\u0439 \u0438 \u0438\u043d\u043d\u043e\u0432\u0430\u0446\u0438\u043e\u043d\u043d\u043e\u0439 \u043e\u0434\u0435\u0436\u0434\u044b, \u0441\u043f\u043e\u0441\u043e\u0431\u043d\u043e\u0439 \u043f\u0440\u0438\u0441\u043f\u043e\u0441\u043e\u0431\u0438\u0442\u044c\u0441\u044f \u043a \u0441\u0430\u043c\u044b\u043c \u043d\u0435\u0431\u043b\u0430\u0433\u043e\u043f\u0440\u0438\u044f\u0442\u043d\u044b\u043c \u043f\u043e\u0433\u043e\u0434\u043d\u044b\u043c \u0443\u0441\u043b\u043e\u0432\u0438\u044f\u043c. \u041f\u0440\u0435\u0434\u043f\u0440\u0438\u043d\u0438\u043c\u0430\u0442\u0435\u043b\u044c\u0441\u043a\u0438\u0439 \u0438 \u043f\u0440\u0438\u043a\u043b\u044e\u0447\u0435\u043d\u0447\u0435\u0441\u043a\u0438\u0439 \u0434\u0443\u0445 \u0431\u0430\u0441\u043a\u0441\u043a\u0438\u0445 \u043a\u0438\u0442\u043e\u0431\u043e\u0435\u0432 XV \u0432\u0435\u043a\u0430 \u0432\u0434\u043e\u0445\u043d\u043e\u0432\u0438\u043b \u0441\u043e\u0437\u0434\u0430\u043d\u0438\u0435 outdoor-\u0431\u0440\u0435\u043d\u0434\u0430 Ternua \u0432 1995 \u0433\u043e\u0434\u0443. \u041d\u0430 \u044f\u0437\u044b\u043a\u0435 \u0431\u0430\u0441\u043a\u043e\u0432 \u00abTernua\u00bb \u043e\u0437\u043d\u0430\u0447\u0430\u0435\u0442 \u043a\u0438\u0442, \u0438\u043c\u0435\u043d\u043d\u043e \u043f\u043e\u044d\u0442\u043e\u043c\u0443 \u043a\u043e\u043c\u043f\u0430\u043d\u0438\u044f \u043d\u043e\u0441\u0438\u0442 \u0442\u0430\u043a\u043e\u0435 \u0438\u043c\u044f, \u0430 \u0435\u0451 \u043b\u043e\u0433\u043e\u0442\u0438\u043f \u0443\u043a\u0440\u0430\u0448\u0430\u0435\u0442 \u0445\u0432\u043e\u0441\u0442 \u043a\u0438\u0442\u0430. \u041e\u0441\u043d\u043e\u0432\u043d\u044b\u043c\u0438 \u043f\u0440\u0438\u043d\u0446\u0438\u043f\u0430\u043c\u0438 [&hellip;]<\/p>\n","protected":false},"featured_media":104478,"comment_status":"open","ping_status":"closed","template":"","meta":{"_acf_changed":false,"inline_featured_image":false},"product_brand":[1426],"product_cat":[891],"product_tag":[],"class_list":{"0":"post-93985","1":"product","2":"type-product","3":"status-publish","4":"has-post-thumbnail","6":"product_brand-ternua","7":"product_cat-short-sleeve-barbati","9":"first","10":"instock","11":"shipping-taxable","12":"purchasable","13":"product-type-simple"},"acf":[],"yoast_head":"<!-- This site is optimized with the Yoast SEO plugin v27.2 - https:\/\/yoast.com\/product\/yoast-seo-wordpress\/ -->\n<title>\u0424\u0443\u0442\u0431\u043e\u043b\u043a\u0430 Ternua Ayre Mns perfect pear - \u041c\u0430\u0433\u0430\u0437\u0438\u043d Xstyle<\/title>\n<meta name=\"robots\" content=\"index, follow, max-snippet:-1, max-image-preview:large, max-video-preview:-1\" \/>\n<link rel=\"canonical\" href=\"https:\/\/xstyle.md\/ro\/produs\/futbolka-ternua-ayre-mns-perfect-pear\/\" \/>\n<meta property=\"og:locale\" content=\"ro_RO\" \/>\n<meta property=\"og:type\" content=\"article\" \/>\n<meta property=\"og:title\" content=\"\u0424\u0443\u0442\u0431\u043e\u043b\u043a\u0430 Ternua Ayre Mns perfect pear - \u041c\u0430\u0433\u0430\u0437\u0438\u043d Xstyle\" \/>\n<meta property=\"og:description\" content=\"\u0411\u0440\u0435\u043d\u0434 Ternua \u2014 \u0438\u0441\u043f\u0430\u043d\u0441\u043a\u0438\u0439 \u0431\u0440\u0435\u043d\u0434, \u0441\u043f\u0435\u0446\u0438\u0430\u043b\u0438\u0437\u0438\u0440\u0443\u044e\u0449\u0438\u0439\u0441\u044f \u043d\u0430 \u043f\u0440\u043e\u0438\u0437\u0432\u043e\u0434\u0441\u0442\u0432\u0435 \u0442\u0435\u0445\u043d\u0438\u0447\u0435\u0441\u043a\u043e\u0439, \u0444\u0443\u043d\u043a\u0446\u0438\u043e\u043d\u0430\u043b\u044c\u043d\u043e\u0439 \u0438 \u0438\u043d\u043d\u043e\u0432\u0430\u0446\u0438\u043e\u043d\u043d\u043e\u0439 \u043e\u0434\u0435\u0436\u0434\u044b, \u0441\u043f\u043e\u0441\u043e\u0431\u043d\u043e\u0439 \u043f\u0440\u0438\u0441\u043f\u043e\u0441\u043e\u0431\u0438\u0442\u044c\u0441\u044f \u043a \u0441\u0430\u043c\u044b\u043c \u043d\u0435\u0431\u043b\u0430\u0433\u043e\u043f\u0440\u0438\u044f\u0442\u043d\u044b\u043c \u043f\u043e\u0433\u043e\u0434\u043d\u044b\u043c \u0443\u0441\u043b\u043e\u0432\u0438\u044f\u043c. \u041f\u0440\u0435\u0434\u043f\u0440\u0438\u043d\u0438\u043c\u0430\u0442\u0435\u043b\u044c\u0441\u043a\u0438\u0439 \u0438 \u043f\u0440\u0438\u043a\u043b\u044e\u0447\u0435\u043d\u0447\u0435\u0441\u043a\u0438\u0439 \u0434\u0443\u0445 \u0431\u0430\u0441\u043a\u0441\u043a\u0438\u0445 \u043a\u0438\u0442\u043e\u0431\u043e\u0435\u0432 XV \u0432\u0435\u043a\u0430 \u0432\u0434\u043e\u0445\u043d\u043e\u0432\u0438\u043b \u0441\u043e\u0437\u0434\u0430\u043d\u0438\u0435 outdoor-\u0431\u0440\u0435\u043d\u0434\u0430 Ternua \u0432 1995 \u0433\u043e\u0434\u0443. \u041d\u0430 \u044f\u0437\u044b\u043a\u0435 \u0431\u0430\u0441\u043a\u043e\u0432 \u00abTernua\u00bb \u043e\u0437\u043d\u0430\u0447\u0430\u0435\u0442 \u043a\u0438\u0442, \u0438\u043c\u0435\u043d\u043d\u043e \u043f\u043e\u044d\u0442\u043e\u043c\u0443 \u043a\u043e\u043c\u043f\u0430\u043d\u0438\u044f \u043d\u043e\u0441\u0438\u0442 \u0442\u0430\u043a\u043e\u0435 \u0438\u043c\u044f, \u0430 \u0435\u0451 \u043b\u043e\u0433\u043e\u0442\u0438\u043f \u0443\u043a\u0440\u0430\u0448\u0430\u0435\u0442 \u0445\u0432\u043e\u0441\u0442 \u043a\u0438\u0442\u0430. \u041e\u0441\u043d\u043e\u0432\u043d\u044b\u043c\u0438 \u043f\u0440\u0438\u043d\u0446\u0438\u043f\u0430\u043c\u0438 [&hellip;]\" \/>\n<meta property=\"og:url\" content=\"https:\/\/xstyle.md\/ro\/produs\/futbolka-ternua-ayre-mns-perfect-pear\/\" \/>\n<meta property=\"og:site_name\" content=\"\u041c\u0430\u0433\u0430\u0437\u0438\u043d Xstyle\" \/>\n<meta property=\"article:publisher\" content=\"https:\/\/www.facebook.com\/xstylemd\" \/>\n<meta property=\"article:modified_time\" content=\"2026-03-30T14:21:42+00:00\" \/>\n<meta property=\"og:image\" content=\"https:\/\/xstyle.md\/wp-content\/uploads\/2025\/04\/tricou-ternua-ayre-mns-perfect-pear1.webp\" \/>\n\t<meta property=\"og:image:width\" content=\"1200\" \/>\n\t<meta property=\"og:image:height\" content=\"1200\" \/>\n\t<meta property=\"og:image:type\" content=\"image\/webp\" \/>\n<meta name=\"twitter:card\" content=\"summary_large_image\" \/>\n<meta name=\"twitter:label1\" content=\"Pre\u021b\" \/>\n\t<meta name=\"twitter:data1\" content=\"570&nbsp;MDL\" \/>\n\t<meta name=\"twitter:label2\" content=\"Disponibilitate\" \/>\n\t<meta name=\"twitter:data2\" content=\"\u00cen stoc\" \/>\n<script type=\"application\/ld+json\" class=\"yoast-schema-graph\">{\"@context\":\"https:\/\/schema.org\",\"@graph\":[{\"@type\":\"WebPage\",\"@id\":\"https:\/\/xstyle.md\/product\/futbolka-ternua-ayre-mns-perfect-pear\/\",\"url\":\"https:\/\/xstyle.md\/product\/futbolka-ternua-ayre-mns-perfect-pear\/\",\"name\":\"\u0424\u0443\u0442\u0431\u043e\u043b\u043a\u0430 Ternua Ayre Mns perfect pear - \u041c\u0430\u0433\u0430\u0437\u0438\u043d Xstyle\",\"isPartOf\":{\"@id\":\"https:\/\/xstyle.md\/#website\"},\"primaryImageOfPage\":{\"@id\":\"https:\/\/xstyle.md\/product\/futbolka-ternua-ayre-mns-perfect-pear\/#primaryimage\"},\"image\":{\"@id\":\"https:\/\/xstyle.md\/product\/futbolka-ternua-ayre-mns-perfect-pear\/#primaryimage\"},\"thumbnailUrl\":\"https:\/\/xstyle.md\/wp-content\/uploads\/2025\/04\/tricou-ternua-ayre-mns-perfect-pear1.webp\",\"datePublished\":\"2025-04-24T12:47:34+00:00\",\"dateModified\":\"2026-03-30T14:21:42+00:00\",\"breadcrumb\":{\"@id\":\"https:\/\/xstyle.md\/product\/futbolka-ternua-ayre-mns-perfect-pear\/#breadcrumb\"},\"inLanguage\":\"ro-RO\",\"potentialAction\":[{\"@type\":\"ReadAction\",\"target\":[\"https:\/\/xstyle.md\/product\/futbolka-ternua-ayre-mns-perfect-pear\/\"]}]},{\"@type\":\"ImageObject\",\"inLanguage\":\"ro-RO\",\"@id\":\"https:\/\/xstyle.md\/product\/futbolka-ternua-ayre-mns-perfect-pear\/#primaryimage\",\"url\":\"https:\/\/xstyle.md\/wp-content\/uploads\/2025\/04\/tricou-ternua-ayre-mns-perfect-pear1.webp\",\"contentUrl\":\"https:\/\/xstyle.md\/wp-content\/uploads\/2025\/04\/tricou-ternua-ayre-mns-perfect-pear1.webp\",\"width\":1200,\"height\":1200,\"caption\":\"\u0424\u0443\u0442\u0431\u043e\u043b\u043a\u0430 Ternua Ayre Mns perfect pear \u0434\u043b\u044f \u0430\u043a\u0442\u0438\u0432\u043d\u043e\u0433\u043e \u043e\u0442\u0434\u044b\u0445\u0430, \u043f\u043e\u0445\u043e\u0434\u043e\u0432, \u043f\u0443\u0442\u0435\u0448\u0435\u0441\u0442\u0432\u0438\u0439, \u0441\u043f\u043e\u0440\u0442\u0438\u0432\u043d\u043e\u0439 \u043e\u0434\u0435\u0436\u0434\u044b, \u043e\u0431\u0443\u0432\u0438 \u0438 \u0441\u043d\u0430\u0440\u044f\u0436\u0435\u043d\u0438\u044f \u0434\u043b\u044f \u0430\u043b\u044c\u043f\u0438\u043d\u0438\u0437\u043c\u0430 \u0438 \u0442\u0443\u0440\u0438\u0437\u043c\u0430\"},{\"@type\":\"BreadcrumbList\",\"@id\":\"https:\/\/xstyle.md\/product\/futbolka-ternua-ayre-mns-perfect-pear\/#breadcrumb\",\"itemListElement\":[{\"@type\":\"ListItem\",\"position\":1,\"name\":\"\u0413\u043b\u0430\u0432\u043d\u0430\u044f \u0441\u0442\u0440\u0430\u043d\u0438\u0446\u0430\",\"item\":\"https:\/\/xstyle.md\/\"},{\"@type\":\"ListItem\",\"position\":2,\"name\":\"\u041c\u0430\u0433\u0430\u0437\u0438\u043d\",\"item\":\"https:\/\/xstyle.md\/shop\/\"},{\"@type\":\"ListItem\",\"position\":3,\"name\":\"\u0424\u0443\u0442\u0431\u043e\u043b\u043a\u0430 Ternua Ayre Mns perfect pear\"}]},{\"@type\":\"WebSite\",\"@id\":\"https:\/\/xstyle.md\/#website\",\"url\":\"https:\/\/xstyle.md\/\",\"name\":\"\u041c\u0430\u0433\u0430\u0437\u0438\u043d Xstyle\",\"description\":\"C\u043d\u0430\u0440\u044f\u0436\u0435\u043d\u0438\u0435 \u0434\u043b\u044f \u0442\u0443\u0440\u0438\u0437\u043c\u0430 \u0438 \u044d\u043a\u0441\u0442\u0440\u0435\u043c\u0430\u043b\u044c\u043d\u044b\u0445 \u0432\u0438\u0434\u043e\u0432 \u0441\u043f\u043e\u0440\u0442\u0430 \u0432 \u041c\u043e\u043b\u0434\u043e\u0432\u0435.. \u0426\u0435\u043d\u044b, \u0444\u043e\u0442\u043e, \u0445\u0430\u0440\u0430\u043a\u0442\u0435\u0440\u0438\u0441\u0442\u0438\u043a\u0438 \u0432 \u041c\u043e\u043b\u0434\u043e\u0432\u0435.\",\"publisher\":{\"@id\":\"https:\/\/xstyle.md\/#organization\"},\"alternateName\":\"X-Style\",\"potentialAction\":[{\"@type\":\"SearchAction\",\"target\":{\"@type\":\"EntryPoint\",\"urlTemplate\":\"https:\/\/xstyle.md\/?s={search_term_string}\"},\"query-input\":{\"@type\":\"PropertyValueSpecification\",\"valueRequired\":true,\"valueName\":\"search_term_string\"}}],\"inLanguage\":\"ro-RO\"},{\"@type\":\"Organization\",\"@id\":\"https:\/\/xstyle.md\/#organization\",\"name\":\"\u041c\u0430\u0433\u0430\u0437\u0438\u043d Xstyle\",\"alternateName\":\"x-style\",\"url\":\"https:\/\/xstyle.md\/\",\"logo\":{\"@type\":\"ImageObject\",\"inLanguage\":\"ro-RO\",\"@id\":\"https:\/\/xstyle.md\/#\/schema\/logo\/image\/\",\"url\":\"https:\/\/xstyle.md\/wp-content\/uploads\/2020\/06\/logoicon.svg\",\"contentUrl\":\"https:\/\/xstyle.md\/wp-content\/uploads\/2020\/06\/logoicon.svg\",\"caption\":\"\u041c\u0430\u0433\u0430\u0437\u0438\u043d Xstyle\"},\"image\":{\"@id\":\"https:\/\/xstyle.md\/#\/schema\/logo\/image\/\"},\"sameAs\":[\"https:\/\/www.facebook.com\/xstylemd\",\"https:\/\/www.instagram.com\/xstyle_md\/\",\"https:\/\/t.me\/xstyle_outdoor\"],\"hasMerchantReturnPolicy\":{\"@type\":\"MerchantReturnPolicy\",\"merchantReturnLink\":\"https:\/\/xstyle.md\/ro\/conditions\/\"}}]}<\/script>\n<meta property=\"product:price:amount\" content=\"570.00\" \/>\n<meta property=\"product:price:currency\" content=\"MDL\" \/>\n<meta property=\"og:availability\" content=\"instock\" \/>\n<meta property=\"product:availability\" content=\"instock\" \/>\n<meta property=\"product:retailer_item_id\" content=\"8447107370834\" \/>\n<meta property=\"product:condition\" content=\"new\" \/>\n<!-- \/ Yoast SEO plugin. -->","yoast_head_json":{"title":"\u0424\u0443\u0442\u0431\u043e\u043b\u043a\u0430 Ternua Ayre Mns perfect pear - \u041c\u0430\u0433\u0430\u0437\u0438\u043d Xstyle","robots":{"index":"index","follow":"follow","max-snippet":"max-snippet:-1","max-image-preview":"max-image-preview:large","max-video-preview":"max-video-preview:-1"},"canonical":"https:\/\/xstyle.md\/ro\/produs\/futbolka-ternua-ayre-mns-perfect-pear\/","og_locale":"ro_RO","og_type":"article","og_title":"\u0424\u0443\u0442\u0431\u043e\u043b\u043a\u0430 Ternua Ayre Mns perfect pear - \u041c\u0430\u0433\u0430\u0437\u0438\u043d Xstyle","og_description":"\u0411\u0440\u0435\u043d\u0434 Ternua \u2014 \u0438\u0441\u043f\u0430\u043d\u0441\u043a\u0438\u0439 \u0431\u0440\u0435\u043d\u0434, \u0441\u043f\u0435\u0446\u0438\u0430\u043b\u0438\u0437\u0438\u0440\u0443\u044e\u0449\u0438\u0439\u0441\u044f \u043d\u0430 \u043f\u0440\u043e\u0438\u0437\u0432\u043e\u0434\u0441\u0442\u0432\u0435 \u0442\u0435\u0445\u043d\u0438\u0447\u0435\u0441\u043a\u043e\u0439, \u0444\u0443\u043d\u043a\u0446\u0438\u043e\u043d\u0430\u043b\u044c\u043d\u043e\u0439 \u0438 \u0438\u043d\u043d\u043e\u0432\u0430\u0446\u0438\u043e\u043d\u043d\u043e\u0439 \u043e\u0434\u0435\u0436\u0434\u044b, \u0441\u043f\u043e\u0441\u043e\u0431\u043d\u043e\u0439 \u043f\u0440\u0438\u0441\u043f\u043e\u0441\u043e\u0431\u0438\u0442\u044c\u0441\u044f \u043a \u0441\u0430\u043c\u044b\u043c \u043d\u0435\u0431\u043b\u0430\u0433\u043e\u043f\u0440\u0438\u044f\u0442\u043d\u044b\u043c \u043f\u043e\u0433\u043e\u0434\u043d\u044b\u043c \u0443\u0441\u043b\u043e\u0432\u0438\u044f\u043c. \u041f\u0440\u0435\u0434\u043f\u0440\u0438\u043d\u0438\u043c\u0430\u0442\u0435\u043b\u044c\u0441\u043a\u0438\u0439 \u0438 \u043f\u0440\u0438\u043a\u043b\u044e\u0447\u0435\u043d\u0447\u0435\u0441\u043a\u0438\u0439 \u0434\u0443\u0445 \u0431\u0430\u0441\u043a\u0441\u043a\u0438\u0445 \u043a\u0438\u0442\u043e\u0431\u043e\u0435\u0432 XV \u0432\u0435\u043a\u0430 \u0432\u0434\u043e\u0445\u043d\u043e\u0432\u0438\u043b \u0441\u043e\u0437\u0434\u0430\u043d\u0438\u0435 outdoor-\u0431\u0440\u0435\u043d\u0434\u0430 Ternua \u0432 1995 \u0433\u043e\u0434\u0443. \u041d\u0430 \u044f\u0437\u044b\u043a\u0435 \u0431\u0430\u0441\u043a\u043e\u0432 \u00abTernua\u00bb \u043e\u0437\u043d\u0430\u0447\u0430\u0435\u0442 \u043a\u0438\u0442, \u0438\u043c\u0435\u043d\u043d\u043e \u043f\u043e\u044d\u0442\u043e\u043c\u0443 \u043a\u043e\u043c\u043f\u0430\u043d\u0438\u044f \u043d\u043e\u0441\u0438\u0442 \u0442\u0430\u043a\u043e\u0435 \u0438\u043c\u044f, \u0430 \u0435\u0451 \u043b\u043e\u0433\u043e\u0442\u0438\u043f \u0443\u043a\u0440\u0430\u0448\u0430\u0435\u0442 \u0445\u0432\u043e\u0441\u0442 \u043a\u0438\u0442\u0430. \u041e\u0441\u043d\u043e\u0432\u043d\u044b\u043c\u0438 \u043f\u0440\u0438\u043d\u0446\u0438\u043f\u0430\u043c\u0438 [&hellip;]","og_url":"https:\/\/xstyle.md\/ro\/produs\/futbolka-ternua-ayre-mns-perfect-pear\/","og_site_name":"\u041c\u0430\u0433\u0430\u0437\u0438\u043d Xstyle","article_publisher":"https:\/\/www.facebook.com\/xstylemd","article_modified_time":"2026-03-30T14:21:42+00:00","og_image":[{"width":1200,"height":1200,"url":"https:\/\/xstyle.md\/wp-content\/uploads\/2025\/04\/tricou-ternua-ayre-mns-perfect-pear1.webp","type":"image\/webp"}],"twitter_card":"summary_large_image","twitter_misc":{"Pre\u021b":"570&nbsp;MDL","Disponibilitate":"\u00cen stoc"},"schema":{"@context":"https:\/\/schema.org","@graph":[{"@type":"WebPage","@id":"https:\/\/xstyle.md\/product\/futbolka-ternua-ayre-mns-perfect-pear\/","url":"https:\/\/xstyle.md\/product\/futbolka-ternua-ayre-mns-perfect-pear\/","name":"\u0424\u0443\u0442\u0431\u043e\u043b\u043a\u0430 Ternua Ayre Mns perfect pear - \u041c\u0430\u0433\u0430\u0437\u0438\u043d Xstyle","isPartOf":{"@id":"https:\/\/xstyle.md\/#website"},"primaryImageOfPage":{"@id":"https:\/\/xstyle.md\/product\/futbolka-ternua-ayre-mns-perfect-pear\/#primaryimage"},"image":{"@id":"https:\/\/xstyle.md\/product\/futbolka-ternua-ayre-mns-perfect-pear\/#primaryimage"},"thumbnailUrl":"https:\/\/xstyle.md\/wp-content\/uploads\/2025\/04\/tricou-ternua-ayre-mns-perfect-pear1.webp","datePublished":"2025-04-24T12:47:34+00:00","dateModified":"2026-03-30T14:21:42+00:00","breadcrumb":{"@id":"https:\/\/xstyle.md\/product\/futbolka-ternua-ayre-mns-perfect-pear\/#breadcrumb"},"inLanguage":"ro-RO","potentialAction":[{"@type":"ReadAction","target":["https:\/\/xstyle.md\/product\/futbolka-ternua-ayre-mns-perfect-pear\/"]}]},{"@type":"ImageObject","inLanguage":"ro-RO","@id":"https:\/\/xstyle.md\/product\/futbolka-ternua-ayre-mns-perfect-pear\/#primaryimage","url":"https:\/\/xstyle.md\/wp-content\/uploads\/2025\/04\/tricou-ternua-ayre-mns-perfect-pear1.webp","contentUrl":"https:\/\/xstyle.md\/wp-content\/uploads\/2025\/04\/tricou-ternua-ayre-mns-perfect-pear1.webp","width":1200,"height":1200,"caption":"\u0424\u0443\u0442\u0431\u043e\u043b\u043a\u0430 Ternua Ayre Mns perfect pear \u0434\u043b\u044f \u0430\u043a\u0442\u0438\u0432\u043d\u043e\u0433\u043e \u043e\u0442\u0434\u044b\u0445\u0430, \u043f\u043e\u0445\u043e\u0434\u043e\u0432, \u043f\u0443\u0442\u0435\u0448\u0435\u0441\u0442\u0432\u0438\u0439, \u0441\u043f\u043e\u0440\u0442\u0438\u0432\u043d\u043e\u0439 \u043e\u0434\u0435\u0436\u0434\u044b, \u043e\u0431\u0443\u0432\u0438 \u0438 \u0441\u043d\u0430\u0440\u044f\u0436\u0435\u043d\u0438\u044f \u0434\u043b\u044f \u0430\u043b\u044c\u043f\u0438\u043d\u0438\u0437\u043c\u0430 \u0438 \u0442\u0443\u0440\u0438\u0437\u043c\u0430"},{"@type":"BreadcrumbList","@id":"https:\/\/xstyle.md\/product\/futbolka-ternua-ayre-mns-perfect-pear\/#breadcrumb","itemListElement":[{"@type":"ListItem","position":1,"name":"\u0413\u043b\u0430\u0432\u043d\u0430\u044f \u0441\u0442\u0440\u0430\u043d\u0438\u0446\u0430","item":"https:\/\/xstyle.md\/"},{"@type":"ListItem","position":2,"name":"\u041c\u0430\u0433\u0430\u0437\u0438\u043d","item":"https:\/\/xstyle.md\/shop\/"},{"@type":"ListItem","position":3,"name":"\u0424\u0443\u0442\u0431\u043e\u043b\u043a\u0430 Ternua Ayre Mns perfect pear"}]},{"@type":"WebSite","@id":"https:\/\/xstyle.md\/#website","url":"https:\/\/xstyle.md\/","name":"Magazinul X-Style","description":"Echipamente pentru turism \u0219i sporturi extreme \u00een Moldova. Pre\u021buri, fotografii, caracteristici \u00een Moldova.","publisher":{"@id":"https:\/\/xstyle.md\/#organization"},"alternateName":"X-Style","potentialAction":[{"@type":"SearchAction","target":{"@type":"EntryPoint","urlTemplate":"https:\/\/xstyle.md\/?s={search_term_string}"},"query-input":{"@type":"PropertyValueSpecification","valueRequired":true,"valueName":"search_term_string"}}],"inLanguage":"ro-RO"},{"@type":"Organization","@id":"https:\/\/xstyle.md\/#organization","name":"Magazinul X-Style","alternateName":"x-style","url":"https:\/\/xstyle.md\/","logo":{"@type":"ImageObject","inLanguage":"ro-RO","@id":"https:\/\/xstyle.md\/#\/schema\/logo\/image\/","url":"https:\/\/xstyle.md\/wp-content\/uploads\/2020\/06\/logoicon.svg","contentUrl":"https:\/\/xstyle.md\/wp-content\/uploads\/2020\/06\/logoicon.svg","caption":"\u041c\u0430\u0433\u0430\u0437\u0438\u043d Xstyle"},"image":{"@id":"https:\/\/xstyle.md\/#\/schema\/logo\/image\/"},"sameAs":["https:\/\/www.facebook.com\/xstylemd","https:\/\/www.instagram.com\/xstyle_md\/","https:\/\/t.me\/xstyle_outdoor"],"hasMerchantReturnPolicy":{"@type":"MerchantReturnPolicy","merchantReturnLink":"https:\/\/xstyle.md\/ro\/conditions\/"}}]},"product_price_amount":"570.00","product_price_currency":"MDL","og_availability":"instock","product_availability":"instock","product_retailer_item_id":"8447107370834","product_condition":"new"},"post_mailing_queue_ids":[],"_links":{"self":[{"href":"https:\/\/xstyle.md\/ro\/wp-json\/wp\/v2\/product\/93985","targetHints":{"allow":["GET"]}}],"collection":[{"href":"https:\/\/xstyle.md\/ro\/wp-json\/wp\/v2\/product"}],"about":[{"href":"https:\/\/xstyle.md\/ro\/wp-json\/wp\/v2\/types\/product"}],"replies":[{"embeddable":true,"href":"https:\/\/xstyle.md\/ro\/wp-json\/wp\/v2\/comments?post=93985"}],"wp:featuredmedia":[{"embeddable":true,"href":"https:\/\/xstyle.md\/ro\/wp-json\/wp\/v2\/media\/104478"}],"wp:attachment":[{"href":"https:\/\/xstyle.md\/ro\/wp-json\/wp\/v2\/media?parent=93985"}],"wp:term":[{"taxonomy":"product_brand","embeddable":true,"href":"https:\/\/xstyle.md\/ro\/wp-json\/wp\/v2\/product_brand?post=93985"},{"taxonomy":"product_cat","embeddable":true,"href":"https:\/\/xstyle.md\/ro\/wp-json\/wp\/v2\/product_cat?post=93985"},{"taxonomy":"product_tag","embeddable":true,"href":"https:\/\/xstyle.md\/ro\/wp-json\/wp\/v2\/product_tag?post=93985"}],"curies":[{"name":"wp","href":"https:\/\/api.w.org\/{rel}","templated":true}]}}