{"id":93944,"date":"2025-04-24T15:47:16","date_gmt":"2025-04-24T12:47:16","guid":{"rendered":"https:\/\/xstyle.md\/?post_type=product&#038;p=93944"},"modified":"2026-04-07T15:06:29","modified_gmt":"2026-04-07T12:06:29","slug":"spalnyj-meshok-easy-camp-starling-mummy-green-8","status":"publish","type":"product","link":"https:\/\/xstyle.md\/ro\/produs\/spalnyj-meshok-easy-camp-starling-mummy-green-8\/","title":{"rendered":"Sac de dormit Easy Camp Starling Mummy Green 8\u00b0"},"content":{"rendered":"<\/p>\n<p>Sac de dormit<strong> Easy Camp Starling Mummy Green 8\u00b0\u00a0<\/strong>&#8212;\u00a0 ofer\u0103 un design u\u0219or, compact \u0219i func\u021bional, perfect pentru 1-2 sezoane. Cu o lungime a corpului de 190 cm, acesta dispune de o construc\u021bie \u00eentr-un singur strat, un fermoar cu autoblocare \u00een ambele sensuri \u0219i o protec\u021bie izolatoare pe toat\u0103 lungimea fermoarului cu protec\u021bie \u00eempotriva ag\u0103\u021b\u0103rii. Caracteristicile suplimentare includ bucle externe pentru ag\u0103\u021bat, o glug\u0103 profilat\u0103 cu \u0219nur \u0219i o hus\u0103 practic\u0103 pentru un transport u\u0219or.<\/p>\n<h3>Particularit\u0103\u021bi<\/h3>\n<ul>\n<li>Materiale f\u0103r\u0103 PFAS \/ umplutur\u0103 din poliester reciclat<\/li>\n<li>Umplutur\u0103 \u2014 fibr\u0103 de poliester reciclat, 1 x 150 g\/m\u00b2<\/li>\n<li>Construc\u021bie \u2014 un singur strat<\/li>\n<li>Fermoar \u2014 \u00een dou\u0103 sensuri, cu autoblocare<\/li>\n<\/ul>\n<h3>Caracteristici<\/h3>\n<ul>\n<li>Greutate \u2014 915 g<\/li>\n<li>Dimensiuni \u00eempachetat \u2014 34 x 18 cm<\/li>\n<li>Dimensiuni sac (max.) \u2014 210 x 75 x 50 (L x l x \u00ee) cm<\/li>\n<li>\u00cen\u0103l\u021bime utilizator \u2014 185 cm<\/li>\n<li>Fermoar \u2014 cu deschidere \u00een dou\u0103 sensuri \u0219i autoblocare<\/li>\n<li>Material exterior \u2014 Poliester 190T<\/li>\n<li>Material interior \u2014 Poliester periat 190T<\/li>\n<li>Umplutur\u0103 \u2014 f\u0103r\u0103 PFAS, din fibr\u0103 de poliester reciclat, 1 x 150 g\/m\u00b2<\/li>\n<li>Sezonabilitate \u2014 1-2 sezoane<\/li>\n<li>Tip \u2014 sac de dormit tip \u201emumiu\u021b\u0103\u201d (cocoon)<\/li>\n<li>Gen \u2014 unisex<\/li>\n<\/ul>\n<h3>Modul de temperatur\u0103<\/h3>\n<ul>\n<li>Temperatura de confort: +12\u00b0C<\/li>\n<li>Temperatura limit\u0103: +8\u00b0 C<\/li>\n<li>Temperatur\u0103 extrem\u0103: -5\u00b0C<\/li>\n<\/ul>\n<p><\/p>\n<h3>Marca<\/h3>\n<p class=\"translation-block\">Easy Camp -  este unul dintre cei mai cunoscu\u021bi produc\u0103tori danezi de articole pentru sectorul turistic \u0219i sportiv, precum \u0219i de produse pentru recreere activ\u0103. Easy Camp se pozi\u021bioneaz\u0103 ca un brand dedicat campingului, drume\u021biilor \u0219i c\u0103l\u0103toriilor. Printre produsele populare, care s-au impus pe pia\u021ba european\u0103 \u0219i mondial\u0103, se num\u0103r\u0103: rucsacuri, corturi, mobilier de camping, accesorii pentru camping, saci de dormit, saltele gonflabile \u0219i multe altele. Experien\u021ba vast\u0103 a consolidat reputa\u021bia acestui brand ca fiind unul dintre cele mai respectate \u0219i de \u00eencredere, compania produc\u00e2nd echipamente pentru activit\u0103\u021bi outdoor de peste 28 de ani.<\/p>\n<p>Misiunea Easy Camp  - const\u0103 \u00een utilizarea dezvolt\u0103rilor moderne \u0219i a inova\u021biilor pentru a \u00eembun\u0103t\u0103\u021bi calitatea vacan\u021belor. Tehnologiile de ultim\u0103 or\u0103 permit ob\u021binerea unor rezultate remarcabile. Materialele moderne \u0219i construc\u021biile \u00eembun\u0103t\u0103\u021bite le permit turi\u0219tilor \u0219i c\u0103l\u0103torilor s\u0103 se simt\u0103 relaxa\u021bi \u0219i confortabil \u00een orice situa\u021bie. Easy Camp este asociat cu corturi confortabile \u0219i u\u0219oare, saci de dormit c\u0103lduro\u0219i care ocup\u0103 un volum foarte mic, precum \u0219i cu o gam\u0103 larg\u0103 de alte produse esen\u021biale.<\/p>","protected":false},"excerpt":{"rendered":"<p>\u0411\u0440\u0435\u043d\u0434 Easy Camp \u2013 \u043e\u0434\u0438\u043d \u0438\u0437 \u0438\u0437\u0432\u0435\u0441\u0442\u043d\u0435\u0439\u0448\u0438\u0445 \u0434\u0430\u0442\u0441\u043a\u0438\u0445 \u043f\u0440\u043e\u0438\u0437\u0432\u043e\u0434\u0438\u0442\u0435\u043b\u0435\u0439 \u0442\u043e\u0432\u0430\u0440\u043e\u0432 \u0434\u043b\u044f \u0442\u0443\u0440\u0438\u0441\u0442\u0438\u0447\u0435\u0441\u043a\u043e\u0439 \u0438 \u0441\u043f\u043e\u0440\u0442\u0438\u0432\u043d\u043e\u0439 \u0441\u0444\u0435\u0440\u044b, \u0430 \u0442\u0430\u043a\u0436\u0435 \u043f\u0440\u043e\u0434\u0443\u043a\u0446\u0438\u0438 \u0434\u043b\u044f \u0430\u043a\u0442\u0438\u0432\u043d\u043e\u0433\u043e \u043e\u0442\u0434\u044b\u0445\u0430. Easy Camp \u043f\u043e\u0437\u0438\u0446\u0438\u043e\u043d\u0438\u0440\u0443\u0435\u0442 \u0441\u0435\u0431\u044f \u043a\u0430\u043a \u0431\u0440\u0435\u043d\u0434 \u0442\u043e\u0432\u0430\u0440\u043e\u0432 \u0434\u043b\u044f \u043a\u0435\u043c\u043f\u0438\u043d\u0433\u0430, \u043f\u043e\u0445\u043e\u0434\u043e\u0432 \u0438 \u043f\u0443\u0442\u0435\u0448\u0435\u0441\u0442\u0432\u0438\u0439. \u0421\u0440\u0435\u0434\u0438 \u043f\u043e\u043f\u0443\u043b\u044f\u0440\u043d\u044b\u0445 \u043f\u0440\u043e\u0434\u0443\u043a\u0442\u043e\u0432, \u043a\u043e\u0442\u043e\u0440\u044b\u0435 \u0437\u0430\u0440\u0435\u043a\u043e\u043c\u0435\u043d\u0434\u043e\u0432\u0430\u043b\u0438 \u0441\u0435\u0431\u044f \u043d\u0430 \u0435\u0432\u0440\u043e\u043f\u0435\u0439\u0441\u043a\u043e\u043c \u0438 \u043c\u0438\u0440\u043e\u0432\u043e\u043c \u0440\u044b\u043d\u043a\u0435: \u0440\u044e\u043a\u0437\u0430\u043a\u0438, \u043f\u0430\u043b\u0430\u0442\u043a\u0438, \u0442\u0443\u0440\u0438\u0441\u0442\u0438\u0447\u0435\u0441\u043a\u0430\u044f \u043c\u0435\u0431\u0435\u043b\u044c, \u0430\u043a\u0441\u0435\u0441\u0441\u0443\u0430\u0440\u044b \u0434\u043b\u044f \u043a\u0435\u043c\u043f\u043d\u0438\u0433\u0430, \u0441\u043f\u0430\u043b\u044c\u043d\u044b\u0435 \u043c\u0435\u0448\u043a\u0438, \u043d\u0430\u0434\u0443\u0432\u043d\u044b\u0435 \u043c\u0430\u0442\u0440\u0430\u0441\u044b [&hellip;]<\/p>\n","protected":false},"featured_media":101341,"comment_status":"open","ping_status":"closed","template":"","meta":{"_acf_changed":false,"inline_featured_image":false},"product_brand":[1334],"product_cat":[80],"product_tag":[],"class_list":{"0":"post-93944","1":"product","2":"type-product","3":"status-publish","4":"has-post-thumbnail","6":"product_brand-easy-camp","7":"product_cat-travel","9":"first","10":"instock","11":"shipping-taxable","12":"purchasable","13":"product-type-simple"},"acf":[],"yoast_head":"<!-- This site is optimized with the Yoast SEO plugin v27.2 - https:\/\/yoast.com\/product\/yoast-seo-wordpress\/ -->\n<title>\u0421\u043f\u0430\u043b\u044c\u043d\u044b\u0439 \u043c\u0435\u0448\u043e\u043a Easy Camp Starling Mummy Green 8\u00b0 - \u041c\u0430\u0433\u0430\u0437\u0438\u043d Xstyle<\/title>\n<meta name=\"robots\" content=\"index, follow, max-snippet:-1, max-image-preview:large, max-video-preview:-1\" \/>\n<link rel=\"canonical\" href=\"https:\/\/xstyle.md\/ro\/produs\/spalnyj-meshok-easy-camp-starling-mummy-green-8\/\" \/>\n<meta property=\"og:locale\" content=\"ro_RO\" \/>\n<meta property=\"og:type\" content=\"article\" \/>\n<meta property=\"og:title\" content=\"\u0421\u043f\u0430\u043b\u044c\u043d\u044b\u0439 \u043c\u0435\u0448\u043e\u043a Easy Camp Starling Mummy Green 8\u00b0 - \u041c\u0430\u0433\u0430\u0437\u0438\u043d Xstyle\" \/>\n<meta property=\"og:description\" content=\"\u0411\u0440\u0435\u043d\u0434 Easy Camp \u2013 \u043e\u0434\u0438\u043d \u0438\u0437 \u0438\u0437\u0432\u0435\u0441\u0442\u043d\u0435\u0439\u0448\u0438\u0445 \u0434\u0430\u0442\u0441\u043a\u0438\u0445 \u043f\u0440\u043e\u0438\u0437\u0432\u043e\u0434\u0438\u0442\u0435\u043b\u0435\u0439 \u0442\u043e\u0432\u0430\u0440\u043e\u0432 \u0434\u043b\u044f \u0442\u0443\u0440\u0438\u0441\u0442\u0438\u0447\u0435\u0441\u043a\u043e\u0439 \u0438 \u0441\u043f\u043e\u0440\u0442\u0438\u0432\u043d\u043e\u0439 \u0441\u0444\u0435\u0440\u044b, \u0430 \u0442\u0430\u043a\u0436\u0435 \u043f\u0440\u043e\u0434\u0443\u043a\u0446\u0438\u0438 \u0434\u043b\u044f \u0430\u043a\u0442\u0438\u0432\u043d\u043e\u0433\u043e \u043e\u0442\u0434\u044b\u0445\u0430. Easy Camp \u043f\u043e\u0437\u0438\u0446\u0438\u043e\u043d\u0438\u0440\u0443\u0435\u0442 \u0441\u0435\u0431\u044f \u043a\u0430\u043a \u0431\u0440\u0435\u043d\u0434 \u0442\u043e\u0432\u0430\u0440\u043e\u0432 \u0434\u043b\u044f \u043a\u0435\u043c\u043f\u0438\u043d\u0433\u0430, \u043f\u043e\u0445\u043e\u0434\u043e\u0432 \u0438 \u043f\u0443\u0442\u0435\u0448\u0435\u0441\u0442\u0432\u0438\u0439. \u0421\u0440\u0435\u0434\u0438 \u043f\u043e\u043f\u0443\u043b\u044f\u0440\u043d\u044b\u0445 \u043f\u0440\u043e\u0434\u0443\u043a\u0442\u043e\u0432, \u043a\u043e\u0442\u043e\u0440\u044b\u0435 \u0437\u0430\u0440\u0435\u043a\u043e\u043c\u0435\u043d\u0434\u043e\u0432\u0430\u043b\u0438 \u0441\u0435\u0431\u044f \u043d\u0430 \u0435\u0432\u0440\u043e\u043f\u0435\u0439\u0441\u043a\u043e\u043c \u0438 \u043c\u0438\u0440\u043e\u0432\u043e\u043c \u0440\u044b\u043d\u043a\u0435: \u0440\u044e\u043a\u0437\u0430\u043a\u0438, \u043f\u0430\u043b\u0430\u0442\u043a\u0438, \u0442\u0443\u0440\u0438\u0441\u0442\u0438\u0447\u0435\u0441\u043a\u0430\u044f \u043c\u0435\u0431\u0435\u043b\u044c, \u0430\u043a\u0441\u0435\u0441\u0441\u0443\u0430\u0440\u044b \u0434\u043b\u044f \u043a\u0435\u043c\u043f\u043d\u0438\u0433\u0430, \u0441\u043f\u0430\u043b\u044c\u043d\u044b\u0435 \u043c\u0435\u0448\u043a\u0438, \u043d\u0430\u0434\u0443\u0432\u043d\u044b\u0435 \u043c\u0430\u0442\u0440\u0430\u0441\u044b [&hellip;]\" \/>\n<meta property=\"og:url\" content=\"https:\/\/xstyle.md\/ro\/produs\/spalnyj-meshok-easy-camp-starling-mummy-green-8\/\" \/>\n<meta property=\"og:site_name\" content=\"\u041c\u0430\u0433\u0430\u0437\u0438\u043d Xstyle\" \/>\n<meta property=\"article:publisher\" content=\"https:\/\/www.facebook.com\/xstylemd\" \/>\n<meta property=\"article:modified_time\" content=\"2026-04-07T12:06:29+00:00\" \/>\n<meta property=\"og:image\" content=\"https:\/\/xstyle.md\/wp-content\/uploads\/2025\/04\/easy-camp-starling-mummy-green-8\u00b0-1.webp\" \/>\n\t<meta property=\"og:image:width\" content=\"1200\" \/>\n\t<meta property=\"og:image:height\" content=\"1200\" \/>\n\t<meta property=\"og:image:type\" content=\"image\/webp\" \/>\n<meta name=\"twitter:card\" content=\"summary_large_image\" \/>\n<meta name=\"twitter:label1\" content=\"Pre\u021b\" \/>\n\t<meta name=\"twitter:data1\" content=\"790&nbsp;MDL\" \/>\n\t<meta name=\"twitter:label2\" content=\"Disponibilitate\" \/>\n\t<meta name=\"twitter:data2\" content=\"\u00cen stoc\" \/>\n<script type=\"application\/ld+json\" class=\"yoast-schema-graph\">{\"@context\":\"https:\/\/schema.org\",\"@graph\":[{\"@type\":\"WebPage\",\"@id\":\"https:\/\/xstyle.md\/product\/spalnyj-meshok-easy-camp-starling-mummy-green-8\/\",\"url\":\"https:\/\/xstyle.md\/product\/spalnyj-meshok-easy-camp-starling-mummy-green-8\/\",\"name\":\"\u0421\u043f\u0430\u043b\u044c\u043d\u044b\u0439 \u043c\u0435\u0448\u043e\u043a Easy Camp Starling Mummy Green 8\u00b0 - \u041c\u0430\u0433\u0430\u0437\u0438\u043d Xstyle\",\"isPartOf\":{\"@id\":\"https:\/\/xstyle.md\/#website\"},\"primaryImageOfPage\":{\"@id\":\"https:\/\/xstyle.md\/product\/spalnyj-meshok-easy-camp-starling-mummy-green-8\/#primaryimage\"},\"image\":{\"@id\":\"https:\/\/xstyle.md\/product\/spalnyj-meshok-easy-camp-starling-mummy-green-8\/#primaryimage\"},\"thumbnailUrl\":\"https:\/\/xstyle.md\/wp-content\/uploads\/2025\/04\/easy-camp-starling-mummy-green-8\u00b0-1.webp\",\"datePublished\":\"2025-04-24T12:47:16+00:00\",\"dateModified\":\"2026-04-07T12:06:29+00:00\",\"breadcrumb\":{\"@id\":\"https:\/\/xstyle.md\/product\/spalnyj-meshok-easy-camp-starling-mummy-green-8\/#breadcrumb\"},\"inLanguage\":\"ro-RO\",\"potentialAction\":[{\"@type\":\"ReadAction\",\"target\":[\"https:\/\/xstyle.md\/product\/spalnyj-meshok-easy-camp-starling-mummy-green-8\/\"]}]},{\"@type\":\"ImageObject\",\"inLanguage\":\"ro-RO\",\"@id\":\"https:\/\/xstyle.md\/product\/spalnyj-meshok-easy-camp-starling-mummy-green-8\/#primaryimage\",\"url\":\"https:\/\/xstyle.md\/wp-content\/uploads\/2025\/04\/easy-camp-starling-mummy-green-8\u00b0-1.webp\",\"contentUrl\":\"https:\/\/xstyle.md\/wp-content\/uploads\/2025\/04\/easy-camp-starling-mummy-green-8\u00b0-1.webp\",\"width\":1200,\"height\":1200,\"caption\":\"\u0422\u043e\u0440\u0433\u043e\u0432\u043b\u044f \u0434\u043b\u044f \u0430\u043a\u0442\u0438\u0432\u043d\u043e\u0433\u043e \u043e\u0442\u0434\u044b\u0445\u0430 \u0441\u043f\u0430\u043b\u044c\u043d\u044b\u0439 \u043c\u0435\u0448\u043e\u043a Easy Camp Starling Mummy \u0437\u0435\u043b\u0435\u043d\u044b\u0439 8\u00b0 \u0434\u043b\u044f \u043f\u0443\u0442\u0435\u0448\u0435\u0441\u0442\u0432\u0438\u0439, \u043a\u0435\u043c\u043f\u0438\u043d\u0433\u0430 \u0438 \u043f\u043e\u0445\u043e\u0434\u043e\u0432 \u044d\u043a\u0438\u043f\u0438\u0440\u043e\u0432\u043a\u0430 \u0434\u043b\u044f outdoor \u0430\u043a\u0442\u0438\u0432\u043d\u043e\u0439 \u0436\u0438\u0437\u043d\u0438 \u043e\u0434\u0435\u0436\u0434\u0430 \u043e\u0431\u0443\u0432\u044c\"},{\"@type\":\"BreadcrumbList\",\"@id\":\"https:\/\/xstyle.md\/product\/spalnyj-meshok-easy-camp-starling-mummy-green-8\/#breadcrumb\",\"itemListElement\":[{\"@type\":\"ListItem\",\"position\":1,\"name\":\"\u0413\u043b\u0430\u0432\u043d\u0430\u044f \u0441\u0442\u0440\u0430\u043d\u0438\u0446\u0430\",\"item\":\"https:\/\/xstyle.md\/\"},{\"@type\":\"ListItem\",\"position\":2,\"name\":\"\u041c\u0430\u0433\u0430\u0437\u0438\u043d\",\"item\":\"https:\/\/xstyle.md\/shop\/\"},{\"@type\":\"ListItem\",\"position\":3,\"name\":\"\u0421\u043f\u0430\u043b\u044c\u043d\u044b\u0439 \u043c\u0435\u0448\u043e\u043a Easy Camp Starling Mummy Green 8\u00b0\"}]},{\"@type\":\"WebSite\",\"@id\":\"https:\/\/xstyle.md\/#website\",\"url\":\"https:\/\/xstyle.md\/\",\"name\":\"\u041c\u0430\u0433\u0430\u0437\u0438\u043d Xstyle\",\"description\":\"C\u043d\u0430\u0440\u044f\u0436\u0435\u043d\u0438\u0435 \u0434\u043b\u044f \u0442\u0443\u0440\u0438\u0437\u043c\u0430 \u0438 \u044d\u043a\u0441\u0442\u0440\u0435\u043c\u0430\u043b\u044c\u043d\u044b\u0445 \u0432\u0438\u0434\u043e\u0432 \u0441\u043f\u043e\u0440\u0442\u0430 \u0432 \u041c\u043e\u043b\u0434\u043e\u0432\u0435.. \u0426\u0435\u043d\u044b, \u0444\u043e\u0442\u043e, \u0445\u0430\u0440\u0430\u043a\u0442\u0435\u0440\u0438\u0441\u0442\u0438\u043a\u0438 \u0432 \u041c\u043e\u043b\u0434\u043e\u0432\u0435.\",\"publisher\":{\"@id\":\"https:\/\/xstyle.md\/#organization\"},\"alternateName\":\"X-Style\",\"potentialAction\":[{\"@type\":\"SearchAction\",\"target\":{\"@type\":\"EntryPoint\",\"urlTemplate\":\"https:\/\/xstyle.md\/?s={search_term_string}\"},\"query-input\":{\"@type\":\"PropertyValueSpecification\",\"valueRequired\":true,\"valueName\":\"search_term_string\"}}],\"inLanguage\":\"ro-RO\"},{\"@type\":\"Organization\",\"@id\":\"https:\/\/xstyle.md\/#organization\",\"name\":\"\u041c\u0430\u0433\u0430\u0437\u0438\u043d Xstyle\",\"alternateName\":\"x-style\",\"url\":\"https:\/\/xstyle.md\/\",\"logo\":{\"@type\":\"ImageObject\",\"inLanguage\":\"ro-RO\",\"@id\":\"https:\/\/xstyle.md\/#\/schema\/logo\/image\/\",\"url\":\"https:\/\/xstyle.md\/wp-content\/uploads\/2020\/06\/logoicon.svg\",\"contentUrl\":\"https:\/\/xstyle.md\/wp-content\/uploads\/2020\/06\/logoicon.svg\",\"caption\":\"\u041c\u0430\u0433\u0430\u0437\u0438\u043d Xstyle\"},\"image\":{\"@id\":\"https:\/\/xstyle.md\/#\/schema\/logo\/image\/\"},\"sameAs\":[\"https:\/\/www.facebook.com\/xstylemd\",\"https:\/\/www.instagram.com\/xstyle_md\/\",\"https:\/\/t.me\/xstyle_outdoor\"],\"hasMerchantReturnPolicy\":{\"@type\":\"MerchantReturnPolicy\",\"merchantReturnLink\":\"https:\/\/xstyle.md\/ro\/conditions\/\"}}]}<\/script>\n<meta property=\"product:price:amount\" content=\"790.00\" \/>\n<meta property=\"product:price:currency\" content=\"MDL\" \/>\n<meta property=\"og:availability\" content=\"instock\" \/>\n<meta property=\"product:availability\" content=\"instock\" \/>\n<meta property=\"product:retailer_item_id\" content=\"5709388147165\" \/>\n<meta property=\"product:condition\" content=\"new\" \/>\n<!-- \/ Yoast SEO plugin. -->","yoast_head_json":{"title":"\u0421\u043f\u0430\u043b\u044c\u043d\u044b\u0439 \u043c\u0435\u0448\u043e\u043a Easy Camp Starling Mummy Green 8\u00b0 - \u041c\u0430\u0433\u0430\u0437\u0438\u043d Xstyle","robots":{"index":"index","follow":"follow","max-snippet":"max-snippet:-1","max-image-preview":"max-image-preview:large","max-video-preview":"max-video-preview:-1"},"canonical":"https:\/\/xstyle.md\/ro\/produs\/spalnyj-meshok-easy-camp-starling-mummy-green-8\/","og_locale":"ro_RO","og_type":"article","og_title":"\u0421\u043f\u0430\u043b\u044c\u043d\u044b\u0439 \u043c\u0435\u0448\u043e\u043a Easy Camp Starling Mummy Green 8\u00b0 - \u041c\u0430\u0433\u0430\u0437\u0438\u043d Xstyle","og_description":"\u0411\u0440\u0435\u043d\u0434 Easy Camp \u2013 \u043e\u0434\u0438\u043d \u0438\u0437 \u0438\u0437\u0432\u0435\u0441\u0442\u043d\u0435\u0439\u0448\u0438\u0445 \u0434\u0430\u0442\u0441\u043a\u0438\u0445 \u043f\u0440\u043e\u0438\u0437\u0432\u043e\u0434\u0438\u0442\u0435\u043b\u0435\u0439 \u0442\u043e\u0432\u0430\u0440\u043e\u0432 \u0434\u043b\u044f \u0442\u0443\u0440\u0438\u0441\u0442\u0438\u0447\u0435\u0441\u043a\u043e\u0439 \u0438 \u0441\u043f\u043e\u0440\u0442\u0438\u0432\u043d\u043e\u0439 \u0441\u0444\u0435\u0440\u044b, \u0430 \u0442\u0430\u043a\u0436\u0435 \u043f\u0440\u043e\u0434\u0443\u043a\u0446\u0438\u0438 \u0434\u043b\u044f \u0430\u043a\u0442\u0438\u0432\u043d\u043e\u0433\u043e \u043e\u0442\u0434\u044b\u0445\u0430. Easy Camp \u043f\u043e\u0437\u0438\u0446\u0438\u043e\u043d\u0438\u0440\u0443\u0435\u0442 \u0441\u0435\u0431\u044f \u043a\u0430\u043a \u0431\u0440\u0435\u043d\u0434 \u0442\u043e\u0432\u0430\u0440\u043e\u0432 \u0434\u043b\u044f \u043a\u0435\u043c\u043f\u0438\u043d\u0433\u0430, \u043f\u043e\u0445\u043e\u0434\u043e\u0432 \u0438 \u043f\u0443\u0442\u0435\u0448\u0435\u0441\u0442\u0432\u0438\u0439. \u0421\u0440\u0435\u0434\u0438 \u043f\u043e\u043f\u0443\u043b\u044f\u0440\u043d\u044b\u0445 \u043f\u0440\u043e\u0434\u0443\u043a\u0442\u043e\u0432, \u043a\u043e\u0442\u043e\u0440\u044b\u0435 \u0437\u0430\u0440\u0435\u043a\u043e\u043c\u0435\u043d\u0434\u043e\u0432\u0430\u043b\u0438 \u0441\u0435\u0431\u044f \u043d\u0430 \u0435\u0432\u0440\u043e\u043f\u0435\u0439\u0441\u043a\u043e\u043c \u0438 \u043c\u0438\u0440\u043e\u0432\u043e\u043c \u0440\u044b\u043d\u043a\u0435: \u0440\u044e\u043a\u0437\u0430\u043a\u0438, \u043f\u0430\u043b\u0430\u0442\u043a\u0438, \u0442\u0443\u0440\u0438\u0441\u0442\u0438\u0447\u0435\u0441\u043a\u0430\u044f \u043c\u0435\u0431\u0435\u043b\u044c, \u0430\u043a\u0441\u0435\u0441\u0441\u0443\u0430\u0440\u044b \u0434\u043b\u044f \u043a\u0435\u043c\u043f\u043d\u0438\u0433\u0430, \u0441\u043f\u0430\u043b\u044c\u043d\u044b\u0435 \u043c\u0435\u0448\u043a\u0438, \u043d\u0430\u0434\u0443\u0432\u043d\u044b\u0435 \u043c\u0430\u0442\u0440\u0430\u0441\u044b [&hellip;]","og_url":"https:\/\/xstyle.md\/ro\/produs\/spalnyj-meshok-easy-camp-starling-mummy-green-8\/","og_site_name":"\u041c\u0430\u0433\u0430\u0437\u0438\u043d Xstyle","article_publisher":"https:\/\/www.facebook.com\/xstylemd","article_modified_time":"2026-04-07T12:06:29+00:00","og_image":[{"width":1200,"height":1200,"url":"https:\/\/xstyle.md\/wp-content\/uploads\/2025\/04\/easy-camp-starling-mummy-green-8\u00b0-1.webp","type":"image\/webp"}],"twitter_card":"summary_large_image","twitter_misc":{"Pre\u021b":"790&nbsp;MDL","Disponibilitate":"\u00cen stoc"},"schema":{"@context":"https:\/\/schema.org","@graph":[{"@type":"WebPage","@id":"https:\/\/xstyle.md\/product\/spalnyj-meshok-easy-camp-starling-mummy-green-8\/","url":"https:\/\/xstyle.md\/product\/spalnyj-meshok-easy-camp-starling-mummy-green-8\/","name":"\u0421\u043f\u0430\u043b\u044c\u043d\u044b\u0439 \u043c\u0435\u0448\u043e\u043a Easy Camp Starling Mummy Green 8\u00b0 - \u041c\u0430\u0433\u0430\u0437\u0438\u043d Xstyle","isPartOf":{"@id":"https:\/\/xstyle.md\/#website"},"primaryImageOfPage":{"@id":"https:\/\/xstyle.md\/product\/spalnyj-meshok-easy-camp-starling-mummy-green-8\/#primaryimage"},"image":{"@id":"https:\/\/xstyle.md\/product\/spalnyj-meshok-easy-camp-starling-mummy-green-8\/#primaryimage"},"thumbnailUrl":"https:\/\/xstyle.md\/wp-content\/uploads\/2025\/04\/easy-camp-starling-mummy-green-8\u00b0-1.webp","datePublished":"2025-04-24T12:47:16+00:00","dateModified":"2026-04-07T12:06:29+00:00","breadcrumb":{"@id":"https:\/\/xstyle.md\/product\/spalnyj-meshok-easy-camp-starling-mummy-green-8\/#breadcrumb"},"inLanguage":"ro-RO","potentialAction":[{"@type":"ReadAction","target":["https:\/\/xstyle.md\/product\/spalnyj-meshok-easy-camp-starling-mummy-green-8\/"]}]},{"@type":"ImageObject","inLanguage":"ro-RO","@id":"https:\/\/xstyle.md\/product\/spalnyj-meshok-easy-camp-starling-mummy-green-8\/#primaryimage","url":"https:\/\/xstyle.md\/wp-content\/uploads\/2025\/04\/easy-camp-starling-mummy-green-8\u00b0-1.webp","contentUrl":"https:\/\/xstyle.md\/wp-content\/uploads\/2025\/04\/easy-camp-starling-mummy-green-8\u00b0-1.webp","width":1200,"height":1200,"caption":"\u0422\u043e\u0440\u0433\u043e\u0432\u043b\u044f \u0434\u043b\u044f \u0430\u043a\u0442\u0438\u0432\u043d\u043e\u0433\u043e \u043e\u0442\u0434\u044b\u0445\u0430 \u0441\u043f\u0430\u043b\u044c\u043d\u044b\u0439 \u043c\u0435\u0448\u043e\u043a Easy Camp Starling Mummy \u0437\u0435\u043b\u0435\u043d\u044b\u0439 8\u00b0 \u0434\u043b\u044f \u043f\u0443\u0442\u0435\u0448\u0435\u0441\u0442\u0432\u0438\u0439, \u043a\u0435\u043c\u043f\u0438\u043d\u0433\u0430 \u0438 \u043f\u043e\u0445\u043e\u0434\u043e\u0432 \u044d\u043a\u0438\u043f\u0438\u0440\u043e\u0432\u043a\u0430 \u0434\u043b\u044f outdoor \u0430\u043a\u0442\u0438\u0432\u043d\u043e\u0439 \u0436\u0438\u0437\u043d\u0438 \u043e\u0434\u0435\u0436\u0434\u0430 \u043e\u0431\u0443\u0432\u044c"},{"@type":"BreadcrumbList","@id":"https:\/\/xstyle.md\/product\/spalnyj-meshok-easy-camp-starling-mummy-green-8\/#breadcrumb","itemListElement":[{"@type":"ListItem","position":1,"name":"\u0413\u043b\u0430\u0432\u043d\u0430\u044f \u0441\u0442\u0440\u0430\u043d\u0438\u0446\u0430","item":"https:\/\/xstyle.md\/"},{"@type":"ListItem","position":2,"name":"\u041c\u0430\u0433\u0430\u0437\u0438\u043d","item":"https:\/\/xstyle.md\/shop\/"},{"@type":"ListItem","position":3,"name":"\u0421\u043f\u0430\u043b\u044c\u043d\u044b\u0439 \u043c\u0435\u0448\u043e\u043a Easy Camp Starling Mummy Green 8\u00b0"}]},{"@type":"WebSite","@id":"https:\/\/xstyle.md\/#website","url":"https:\/\/xstyle.md\/","name":"Magazinul X-Style","description":"Echipamente pentru turism \u0219i sporturi extreme \u00een Moldova. Pre\u021buri, fotografii, caracteristici \u00een Moldova.","publisher":{"@id":"https:\/\/xstyle.md\/#organization"},"alternateName":"X-Style","potentialAction":[{"@type":"SearchAction","target":{"@type":"EntryPoint","urlTemplate":"https:\/\/xstyle.md\/?s={search_term_string}"},"query-input":{"@type":"PropertyValueSpecification","valueRequired":true,"valueName":"search_term_string"}}],"inLanguage":"ro-RO"},{"@type":"Organization","@id":"https:\/\/xstyle.md\/#organization","name":"Magazinul X-Style","alternateName":"x-style","url":"https:\/\/xstyle.md\/","logo":{"@type":"ImageObject","inLanguage":"ro-RO","@id":"https:\/\/xstyle.md\/#\/schema\/logo\/image\/","url":"https:\/\/xstyle.md\/wp-content\/uploads\/2020\/06\/logoicon.svg","contentUrl":"https:\/\/xstyle.md\/wp-content\/uploads\/2020\/06\/logoicon.svg","caption":"\u041c\u0430\u0433\u0430\u0437\u0438\u043d Xstyle"},"image":{"@id":"https:\/\/xstyle.md\/#\/schema\/logo\/image\/"},"sameAs":["https:\/\/www.facebook.com\/xstylemd","https:\/\/www.instagram.com\/xstyle_md\/","https:\/\/t.me\/xstyle_outdoor"],"hasMerchantReturnPolicy":{"@type":"MerchantReturnPolicy","merchantReturnLink":"https:\/\/xstyle.md\/ro\/conditions\/"}}]},"product_price_amount":"790.00","product_price_currency":"MDL","og_availability":"instock","product_availability":"instock","product_retailer_item_id":"5709388147165","product_condition":"new"},"post_mailing_queue_ids":[],"_links":{"self":[{"href":"https:\/\/xstyle.md\/ro\/wp-json\/wp\/v2\/product\/93944","targetHints":{"allow":["GET"]}}],"collection":[{"href":"https:\/\/xstyle.md\/ro\/wp-json\/wp\/v2\/product"}],"about":[{"href":"https:\/\/xstyle.md\/ro\/wp-json\/wp\/v2\/types\/product"}],"replies":[{"embeddable":true,"href":"https:\/\/xstyle.md\/ro\/wp-json\/wp\/v2\/comments?post=93944"}],"wp:featuredmedia":[{"embeddable":true,"href":"https:\/\/xstyle.md\/ro\/wp-json\/wp\/v2\/media\/101341"}],"wp:attachment":[{"href":"https:\/\/xstyle.md\/ro\/wp-json\/wp\/v2\/media?parent=93944"}],"wp:term":[{"taxonomy":"product_brand","embeddable":true,"href":"https:\/\/xstyle.md\/ro\/wp-json\/wp\/v2\/product_brand?post=93944"},{"taxonomy":"product_cat","embeddable":true,"href":"https:\/\/xstyle.md\/ro\/wp-json\/wp\/v2\/product_cat?post=93944"},{"taxonomy":"product_tag","embeddable":true,"href":"https:\/\/xstyle.md\/ro\/wp-json\/wp\/v2\/product_tag?post=93944"}],"curies":[{"name":"wp","href":"https:\/\/api.w.org\/{rel}","templated":true}]}}