{"id":93898,"date":"2025-04-24T15:46:54","date_gmt":"2025-04-24T12:46:54","guid":{"rendered":"https:\/\/xstyle.md\/?post_type=product&#038;p=93898"},"modified":"2026-03-19T17:33:30","modified_gmt":"2026-03-19T14:33:30","slug":"panama-ctr-k-sunshower-bucket-061-burnt-olive","status":"publish","type":"product","link":"https:\/\/xstyle.md\/ro\/produs\/panama-ctr-k-sunshower-bucket-061-burnt-olive\/","title":{"rendered":"Panam\u0103 CTR K Sunshower Bucket 061 burnt olive"},"content":{"rendered":"<p><strong>CTR K Sunshower Bucket<\/strong> &#8212; \u043b\u0435\u0433\u043a\u0430\u044f, \u0431\u044b\u0441\u0442\u0440\u043e\u0432\u044b\u0441\u044b\u0445\u0430\u044e\u0449\u0430\u044f \u043f\u0430\u043d\u0430\u043c\u0430-\u0431\u0430\u043a\u0435\u0442, \u0432\u044b\u043f\u043e\u043b\u043d\u0435\u043d\u043d\u0430\u044f \u0438\u0437 \u043f\u0435\u0440\u0435\u0440\u0430\u0431\u043e\u0442\u0430\u043d\u043d\u043e\u0433\u043e \u043c\u0430\u0442\u0435\u0440\u0438\u0430\u043b\u0430 HELISHADE \u0441 \u0437\u0430\u0449\u0438\u0442\u043e\u0439 UPF 50+.<\/p>\n<h3>Particularit\u0103\u021bi<\/h3>\n<ul>\n<li>UPF\u202f50+ \u2013 \u043d\u0430\u0434\u0435\u0436\u043d\u0430\u044f \u0437\u0430\u0449\u0438\u0442\u0430 \u043e\u0442 \u0443\u043b\u044c\u0442\u0440\u0430\u0444\u0438\u043e\u043b\u0435\u0442\u0430<\/li>\n<li>\u041b\u0435\u0433\u043a\u0430\u044f \u0442\u043a\u0430\u043d\u044c \u2013 \u043a\u043e\u043c\u0444\u043e\u0440\u0442\u043d\u0430\u044f \u0438 \u043f\u0440\u0430\u043a\u0442\u0438\u0447\u043d\u0430\u044f, \u043e\u043f\u0442\u0438\u043c\u0430\u043b\u044c\u043d\u0430 \u0434\u043b\u044f \u0430\u043a\u0442\u0438\u0432\u043d\u043e\u0433\u043e \u043e\u0442\u0434\u044b\u0445\u0430<\/li>\n<li>\u041f\u043e\u043b\u044f ~5 \u0441\u043c \u2014 \u0437\u0430\u0449\u0438\u0449\u0430\u0435\u0442 \u0433\u043b\u0430\u0437\u043a\u0438 \u0438 \u0448\u0435\u044e \u043c\u0430\u043b\u044b\u0448\u0435\u0439<\/li>\n<li>\u0423\u0434\u043e\u0431\u043d\u0430 \u0432 \u043d\u0435\u0441\u0435\u043d\u0438\u0438 \u0438 \u0443\u0445\u043e\u0434\u0435 \u2014 \u043b\u0435\u0433\u043a\u0430\u044f, \u0431\u044b\u0441\u0442\u0440\u043e \u0441\u043e\u0445\u043d\u0435\u0442, \u043b\u0435\u0433\u043a\u043e \u0441\u0442\u0438\u0440\u0430\u0435\u0442\u0441\u044f.<\/li>\n<\/ul>\n<h3>Caracteristici<\/h3>\n<ul>\n<li>\u041c\u0430\u0442\u0435\u0440\u0438\u0430\u043b \u2013 HELISHADE (100\u202f% \u043f\u0435\u0440\u0435\u0440\u0430\u0431\u043e\u0442\u0430\u043d\u043d\u044b\u0439 \u043f\u043e\u043b\u0438\u044d\u0441\u0442\u0435\u0440)<\/li>\n<li>\u041d\u0430\u0437\u043d\u0430\u0447\u0435\u043d\u0438\u0435 \u2013 \u0433\u043e\u0440\u043e\u0434\/ \u043f\u0443\u0442\u0435\u0448\u0435\u0441\u0442\u0432\u0438\u044f\/ \u043f\u043b\u044f\u0436<\/li>\n<li>Model - pentru copii.<\/li>\n<\/ul>\n<h3>Marca<\/h3>\n<p>CTR (Chaos Headwear) - este o companie canadian\u0103 cu sediul \u00een Montreal, specializat\u0103 \u00een dezvoltarea accesoriilor func\u021bionale pentru cap destinate activit\u0103\u021bilor \u00een aer liber: p\u0103l\u0103rii, panama, \u0219epci \u0219i cagule, pun\u00e2nd accent pe materiale ecologice \u0219i tehnologii inovatoare. Colec\u021biile lor ofer\u0103 o protec\u021bie solar\u0103 excelent\u0103 (adesea UPF 40\u201350+), ventila\u021bie optim\u0103 \u0219i compactitate, fiind extrem de practice at\u00e2t \u00een c\u0103l\u0103torii, c\u00e2t \u0219i pentru purtarea zilnic\u0103.<\/p>","protected":false},"excerpt":{"rendered":"<p>CTR K Sunshower Bucket &#8212; \u043b\u0435\u0433\u043a\u0430\u044f, \u0431\u044b\u0441\u0442\u0440\u043e\u0432\u044b\u0441\u044b\u0445\u0430\u044e\u0449\u0430\u044f \u043f\u0430\u043d\u0430\u043c\u0430-\u0431\u0430\u043a\u0435\u0442, \u0432\u044b\u043f\u043e\u043b\u043d\u0435\u043d\u043d\u0430\u044f \u0438\u0437 \u043f\u0435\u0440\u0435\u0440\u0430\u0431\u043e\u0442\u0430\u043d\u043d\u043e\u0433\u043e \u043c\u0430\u0442\u0435\u0440\u0438\u0430\u043b\u0430 HELISHADE \u0441 \u0437\u0430\u0449\u0438\u0442\u043e\u0439 UPF 50+. \u041e\u0441\u043e\u0431\u0435\u043d\u043d\u043e\u0441\u0442\u0438 UPF\u202f50+ \u2013 \u043d\u0430\u0434\u0435\u0436\u043d\u0430\u044f \u0437\u0430\u0449\u0438\u0442\u0430 \u043e\u0442 \u0443\u043b\u044c\u0442\u0440\u0430\u0444\u0438\u043e\u043b\u0435\u0442\u0430 \u041b\u0435\u0433\u043a\u0430\u044f \u0442\u043a\u0430\u043d\u044c \u2013 \u043a\u043e\u043c\u0444\u043e\u0440\u0442\u043d\u0430\u044f \u0438 \u043f\u0440\u0430\u043a\u0442\u0438\u0447\u043d\u0430\u044f, \u043e\u043f\u0442\u0438\u043c\u0430\u043b\u044c\u043d\u0430 \u0434\u043b\u044f \u0430\u043a\u0442\u0438\u0432\u043d\u043e\u0433\u043e \u043e\u0442\u0434\u044b\u0445\u0430 \u041f\u043e\u043b\u044f ~5 \u0441\u043c \u2014 \u0437\u0430\u0449\u0438\u0449\u0430\u0435\u0442 \u0433\u043b\u0430\u0437\u043a\u0438 \u0438 \u0448\u0435\u044e \u043c\u0430\u043b\u044b\u0448\u0435\u0439 \u0423\u0434\u043e\u0431\u043d\u0430 \u0432 \u043d\u0435\u0441\u0435\u043d\u0438\u0438 \u0438 \u0443\u0445\u043e\u0434\u0435 \u2014 \u043b\u0435\u0433\u043a\u0430\u044f, \u0431\u044b\u0441\u0442\u0440\u043e \u0441\u043e\u0445\u043d\u0435\u0442, \u043b\u0435\u0433\u043a\u043e \u0441\u0442\u0438\u0440\u0430\u0435\u0442\u0441\u044f. \u0425\u0430\u0440\u0430\u043a\u0442\u0435\u0440\u0438\u0441\u0442\u0438\u043a\u0438 [&hellip;]<\/p>\n","protected":false},"featured_media":95250,"comment_status":"open","ping_status":"closed","template":"","meta":{"_acf_changed":false,"inline_featured_image":false},"product_brand":[1310],"product_cat":[382],"product_tag":[],"class_list":{"0":"post-93898","1":"product","2":"type-product","3":"status-publish","4":"has-post-thumbnail","6":"product_brand-chaos","7":"product_cat-hats","9":"first","10":"instock","11":"shipping-taxable","12":"purchasable","13":"product-type-simple"},"acf":[],"yoast_head":"<!-- This site is optimized with the Yoast SEO plugin v27.4 - https:\/\/yoast.com\/product\/yoast-seo-wordpress\/ -->\n<title>\u041f\u0430\u043d\u0430\u043c\u0430 CTR K Sunshower Bucket 061 burnt olive - \u041c\u0430\u0433\u0430\u0437\u0438\u043d Xstyle<\/title>\n<meta name=\"robots\" content=\"index, follow, max-snippet:-1, max-image-preview:large, max-video-preview:-1\" \/>\n<link rel=\"canonical\" href=\"https:\/\/xstyle.md\/ro\/produs\/panama-ctr-k-sunshower-bucket-061-burnt-olive\/\" \/>\n<meta property=\"og:locale\" content=\"ro_RO\" \/>\n<meta property=\"og:type\" content=\"article\" \/>\n<meta property=\"og:title\" content=\"\u041f\u0430\u043d\u0430\u043c\u0430 CTR K Sunshower Bucket 061 burnt olive - \u041c\u0430\u0433\u0430\u0437\u0438\u043d Xstyle\" \/>\n<meta property=\"og:description\" content=\"CTR K Sunshower Bucket &#8212; \u043b\u0435\u0433\u043a\u0430\u044f, \u0431\u044b\u0441\u0442\u0440\u043e\u0432\u044b\u0441\u044b\u0445\u0430\u044e\u0449\u0430\u044f \u043f\u0430\u043d\u0430\u043c\u0430-\u0431\u0430\u043a\u0435\u0442, \u0432\u044b\u043f\u043e\u043b\u043d\u0435\u043d\u043d\u0430\u044f \u0438\u0437 \u043f\u0435\u0440\u0435\u0440\u0430\u0431\u043e\u0442\u0430\u043d\u043d\u043e\u0433\u043e \u043c\u0430\u0442\u0435\u0440\u0438\u0430\u043b\u0430 HELISHADE \u0441 \u0437\u0430\u0449\u0438\u0442\u043e\u0439 UPF 50+. \u041e\u0441\u043e\u0431\u0435\u043d\u043d\u043e\u0441\u0442\u0438 UPF\u202f50+ \u2013 \u043d\u0430\u0434\u0435\u0436\u043d\u0430\u044f \u0437\u0430\u0449\u0438\u0442\u0430 \u043e\u0442 \u0443\u043b\u044c\u0442\u0440\u0430\u0444\u0438\u043e\u043b\u0435\u0442\u0430 \u041b\u0435\u0433\u043a\u0430\u044f \u0442\u043a\u0430\u043d\u044c \u2013 \u043a\u043e\u043c\u0444\u043e\u0440\u0442\u043d\u0430\u044f \u0438 \u043f\u0440\u0430\u043a\u0442\u0438\u0447\u043d\u0430\u044f, \u043e\u043f\u0442\u0438\u043c\u0430\u043b\u044c\u043d\u0430 \u0434\u043b\u044f \u0430\u043a\u0442\u0438\u0432\u043d\u043e\u0433\u043e \u043e\u0442\u0434\u044b\u0445\u0430 \u041f\u043e\u043b\u044f ~5 \u0441\u043c \u2014 \u0437\u0430\u0449\u0438\u0449\u0430\u0435\u0442 \u0433\u043b\u0430\u0437\u043a\u0438 \u0438 \u0448\u0435\u044e \u043c\u0430\u043b\u044b\u0448\u0435\u0439 \u0423\u0434\u043e\u0431\u043d\u0430 \u0432 \u043d\u0435\u0441\u0435\u043d\u0438\u0438 \u0438 \u0443\u0445\u043e\u0434\u0435 \u2014 \u043b\u0435\u0433\u043a\u0430\u044f, \u0431\u044b\u0441\u0442\u0440\u043e \u0441\u043e\u0445\u043d\u0435\u0442, \u043b\u0435\u0433\u043a\u043e \u0441\u0442\u0438\u0440\u0430\u0435\u0442\u0441\u044f. \u0425\u0430\u0440\u0430\u043a\u0442\u0435\u0440\u0438\u0441\u0442\u0438\u043a\u0438 [&hellip;]\" \/>\n<meta property=\"og:url\" content=\"https:\/\/xstyle.md\/ro\/produs\/panama-ctr-k-sunshower-bucket-061-burnt-olive\/\" \/>\n<meta property=\"og:site_name\" content=\"\u041c\u0430\u0433\u0430\u0437\u0438\u043d Xstyle\" \/>\n<meta property=\"article:publisher\" content=\"https:\/\/www.facebook.com\/xstylemd\" \/>\n<meta property=\"article:modified_time\" content=\"2026-03-19T14:33:30+00:00\" \/>\n<meta property=\"og:image\" content=\"https:\/\/xstyle.md\/wp-content\/uploads\/2025\/04\/ctr-k-sunshower-bucket-061-burnt-olive.webp\" \/>\n\t<meta property=\"og:image:width\" content=\"960\" \/>\n\t<meta property=\"og:image:height\" content=\"960\" \/>\n\t<meta property=\"og:image:type\" content=\"image\/webp\" \/>\n<meta name=\"twitter:card\" content=\"summary_large_image\" \/>\n<meta name=\"twitter:label1\" content=\"Pre\u021b\" \/>\n\t<meta name=\"twitter:data1\" content=\"550&nbsp;MDL\" \/>\n\t<meta name=\"twitter:label2\" content=\"Disponibilitate\" \/>\n\t<meta name=\"twitter:data2\" content=\"\u00cen stoc\" \/>\n<script type=\"application\/ld+json\" class=\"yoast-schema-graph\">{\"@context\":\"https:\\\/\\\/schema.org\",\"@graph\":[{\"@type\":\"WebPage\",\"@id\":\"https:\\\/\\\/xstyle.md\\\/product\\\/panama-ctr-k-sunshower-bucket-061-burnt-olive\\\/\",\"url\":\"https:\\\/\\\/xstyle.md\\\/product\\\/panama-ctr-k-sunshower-bucket-061-burnt-olive\\\/\",\"name\":\"\u041f\u0430\u043d\u0430\u043c\u0430 CTR K Sunshower Bucket 061 burnt olive - \u041c\u0430\u0433\u0430\u0437\u0438\u043d Xstyle\",\"isPartOf\":{\"@id\":\"https:\\\/\\\/xstyle.md\\\/#website\"},\"primaryImageOfPage\":{\"@id\":\"https:\\\/\\\/xstyle.md\\\/product\\\/panama-ctr-k-sunshower-bucket-061-burnt-olive\\\/#primaryimage\"},\"image\":{\"@id\":\"https:\\\/\\\/xstyle.md\\\/product\\\/panama-ctr-k-sunshower-bucket-061-burnt-olive\\\/#primaryimage\"},\"thumbnailUrl\":\"https:\\\/\\\/xstyle.md\\\/wp-content\\\/uploads\\\/2025\\\/04\\\/ctr-k-sunshower-bucket-061-burnt-olive.webp\",\"datePublished\":\"2025-04-24T12:46:54+00:00\",\"dateModified\":\"2026-03-19T14:33:30+00:00\",\"breadcrumb\":{\"@id\":\"https:\\\/\\\/xstyle.md\\\/product\\\/panama-ctr-k-sunshower-bucket-061-burnt-olive\\\/#breadcrumb\"},\"inLanguage\":\"ro-RO\",\"potentialAction\":[{\"@type\":\"ReadAction\",\"target\":[\"https:\\\/\\\/xstyle.md\\\/product\\\/panama-ctr-k-sunshower-bucket-061-burnt-olive\\\/\"]}]},{\"@type\":\"ImageObject\",\"inLanguage\":\"ro-RO\",\"@id\":\"https:\\\/\\\/xstyle.md\\\/product\\\/panama-ctr-k-sunshower-bucket-061-burnt-olive\\\/#primaryimage\",\"url\":\"https:\\\/\\\/xstyle.md\\\/wp-content\\\/uploads\\\/2025\\\/04\\\/ctr-k-sunshower-bucket-061-burnt-olive.webp\",\"contentUrl\":\"https:\\\/\\\/xstyle.md\\\/wp-content\\\/uploads\\\/2025\\\/04\\\/ctr-k-sunshower-bucket-061-burnt-olive.webp\",\"width\":960,\"height\":960,\"caption\":\"\u041a\u0443\u043f\u0430\u043b\u044c\u043d\u0438\u043a \u043f\u0430\u043d\u0430\u043c\u0430 CTR K Sunshower Bucket 061 burnt olive \u0434\u043b\u044f \u0430\u043a\u0442\u0438\u0432\u043d\u043e\u0433\u043e \u043e\u0442\u0434\u044b\u0445\u0430 \u043f\u0443\u0442\u0435\u0448\u0435\u0441\u0442\u0432\u0438\u0439 \u0438 \u0430\u043b\u044c\u043f\u0438\u043d\u0438\u0437\u043c\u0430 \u043d\u0430 \u0441\u0430\u0439\u0442\u0435 \u043c\u0430\u0433\u0430\u0437\u0438\u043d\u0430 \u0441\u043f\u043e\u0440\u0442\u0438\u0432\u043d\u043e\u0439 \u043e\u0434\u0435\u0436\u0434\u044b \u0438 \u043e\u0431\u0443\u0432\u0438\"},{\"@type\":\"BreadcrumbList\",\"@id\":\"https:\\\/\\\/xstyle.md\\\/product\\\/panama-ctr-k-sunshower-bucket-061-burnt-olive\\\/#breadcrumb\",\"itemListElement\":[{\"@type\":\"ListItem\",\"position\":1,\"name\":\"\u0413\u043b\u0430\u0432\u043d\u0430\u044f \u0441\u0442\u0440\u0430\u043d\u0438\u0446\u0430\",\"item\":\"https:\\\/\\\/xstyle.md\\\/\"},{\"@type\":\"ListItem\",\"position\":2,\"name\":\"\u041c\u0430\u0433\u0430\u0437\u0438\u043d\",\"item\":\"https:\\\/\\\/xstyle.md\\\/shop\\\/\"},{\"@type\":\"ListItem\",\"position\":3,\"name\":\"\u041f\u0430\u043d\u0430\u043c\u0430 CTR K Sunshower Bucket 061 burnt olive\"}]},{\"@type\":\"WebSite\",\"@id\":\"https:\\\/\\\/xstyle.md\\\/#website\",\"url\":\"https:\\\/\\\/xstyle.md\\\/\",\"name\":\"\u041c\u0430\u0433\u0430\u0437\u0438\u043d Xstyle\",\"description\":\"C\u043d\u0430\u0440\u044f\u0436\u0435\u043d\u0438\u0435 \u0434\u043b\u044f \u0442\u0443\u0440\u0438\u0437\u043c\u0430 \u0438 \u044d\u043a\u0441\u0442\u0440\u0435\u043c\u0430\u043b\u044c\u043d\u044b\u0445 \u0432\u0438\u0434\u043e\u0432 \u0441\u043f\u043e\u0440\u0442\u0430 \u0432 \u041c\u043e\u043b\u0434\u043e\u0432\u0435.. \u0426\u0435\u043d\u044b, \u0444\u043e\u0442\u043e, \u0445\u0430\u0440\u0430\u043a\u0442\u0435\u0440\u0438\u0441\u0442\u0438\u043a\u0438 \u0432 \u041c\u043e\u043b\u0434\u043e\u0432\u0435.\",\"publisher\":{\"@id\":\"https:\\\/\\\/xstyle.md\\\/#organization\"},\"alternateName\":\"X-Style\",\"potentialAction\":[{\"@type\":\"SearchAction\",\"target\":{\"@type\":\"EntryPoint\",\"urlTemplate\":\"https:\\\/\\\/xstyle.md\\\/?s={search_term_string}\"},\"query-input\":{\"@type\":\"PropertyValueSpecification\",\"valueRequired\":true,\"valueName\":\"search_term_string\"}}],\"inLanguage\":\"ro-RO\"},{\"@type\":\"Organization\",\"@id\":\"https:\\\/\\\/xstyle.md\\\/#organization\",\"name\":\"\u041c\u0430\u0433\u0430\u0437\u0438\u043d Xstyle\",\"alternateName\":\"x-style\",\"url\":\"https:\\\/\\\/xstyle.md\\\/\",\"logo\":{\"@type\":\"ImageObject\",\"inLanguage\":\"ro-RO\",\"@id\":\"https:\\\/\\\/xstyle.md\\\/#\\\/schema\\\/logo\\\/image\\\/\",\"url\":\"https:\\\/\\\/xstyle.md\\\/wp-content\\\/uploads\\\/2020\\\/06\\\/logoicon.svg\",\"contentUrl\":\"https:\\\/\\\/xstyle.md\\\/wp-content\\\/uploads\\\/2020\\\/06\\\/logoicon.svg\",\"caption\":\"\u041c\u0430\u0433\u0430\u0437\u0438\u043d Xstyle\"},\"image\":{\"@id\":\"https:\\\/\\\/xstyle.md\\\/#\\\/schema\\\/logo\\\/image\\\/\"},\"sameAs\":[\"https:\\\/\\\/www.facebook.com\\\/xstylemd\",\"https:\\\/\\\/www.instagram.com\\\/xstyle_md\\\/\",\"https:\\\/\\\/t.me\\\/xstyle_outdoor\"],\"hasMerchantReturnPolicy\":{\"@type\":\"MerchantReturnPolicy\",\"merchantReturnLink\":\"https:\\\/\\\/xstyle.md\\\/ro\\\/conditions\\\/\"}}]}<\/script>\n<meta property=\"product:price:amount\" content=\"550.00\" \/>\n<meta property=\"product:price:currency\" content=\"MDL\" \/>\n<meta property=\"og:availability\" content=\"instock\" \/>\n<meta property=\"product:availability\" content=\"instock\" \/>\n<meta property=\"product:retailer_item_id\" content=\"59366040755\" \/>\n<meta property=\"product:condition\" content=\"new\" \/>\n<!-- \/ Yoast SEO plugin. -->","yoast_head_json":{"title":"\u041f\u0430\u043d\u0430\u043c\u0430 CTR K Sunshower Bucket 061 burnt olive - \u041c\u0430\u0433\u0430\u0437\u0438\u043d Xstyle","robots":{"index":"index","follow":"follow","max-snippet":"max-snippet:-1","max-image-preview":"max-image-preview:large","max-video-preview":"max-video-preview:-1"},"canonical":"https:\/\/xstyle.md\/ro\/produs\/panama-ctr-k-sunshower-bucket-061-burnt-olive\/","og_locale":"ro_RO","og_type":"article","og_title":"\u041f\u0430\u043d\u0430\u043c\u0430 CTR K Sunshower Bucket 061 burnt olive - \u041c\u0430\u0433\u0430\u0437\u0438\u043d Xstyle","og_description":"CTR K Sunshower Bucket &#8212; \u043b\u0435\u0433\u043a\u0430\u044f, \u0431\u044b\u0441\u0442\u0440\u043e\u0432\u044b\u0441\u044b\u0445\u0430\u044e\u0449\u0430\u044f \u043f\u0430\u043d\u0430\u043c\u0430-\u0431\u0430\u043a\u0435\u0442, \u0432\u044b\u043f\u043e\u043b\u043d\u0435\u043d\u043d\u0430\u044f \u0438\u0437 \u043f\u0435\u0440\u0435\u0440\u0430\u0431\u043e\u0442\u0430\u043d\u043d\u043e\u0433\u043e \u043c\u0430\u0442\u0435\u0440\u0438\u0430\u043b\u0430 HELISHADE \u0441 \u0437\u0430\u0449\u0438\u0442\u043e\u0439 UPF 50+. \u041e\u0441\u043e\u0431\u0435\u043d\u043d\u043e\u0441\u0442\u0438 UPF\u202f50+ \u2013 \u043d\u0430\u0434\u0435\u0436\u043d\u0430\u044f \u0437\u0430\u0449\u0438\u0442\u0430 \u043e\u0442 \u0443\u043b\u044c\u0442\u0440\u0430\u0444\u0438\u043e\u043b\u0435\u0442\u0430 \u041b\u0435\u0433\u043a\u0430\u044f \u0442\u043a\u0430\u043d\u044c \u2013 \u043a\u043e\u043c\u0444\u043e\u0440\u0442\u043d\u0430\u044f \u0438 \u043f\u0440\u0430\u043a\u0442\u0438\u0447\u043d\u0430\u044f, \u043e\u043f\u0442\u0438\u043c\u0430\u043b\u044c\u043d\u0430 \u0434\u043b\u044f \u0430\u043a\u0442\u0438\u0432\u043d\u043e\u0433\u043e \u043e\u0442\u0434\u044b\u0445\u0430 \u041f\u043e\u043b\u044f ~5 \u0441\u043c \u2014 \u0437\u0430\u0449\u0438\u0449\u0430\u0435\u0442 \u0433\u043b\u0430\u0437\u043a\u0438 \u0438 \u0448\u0435\u044e \u043c\u0430\u043b\u044b\u0448\u0435\u0439 \u0423\u0434\u043e\u0431\u043d\u0430 \u0432 \u043d\u0435\u0441\u0435\u043d\u0438\u0438 \u0438 \u0443\u0445\u043e\u0434\u0435 \u2014 \u043b\u0435\u0433\u043a\u0430\u044f, \u0431\u044b\u0441\u0442\u0440\u043e \u0441\u043e\u0445\u043d\u0435\u0442, \u043b\u0435\u0433\u043a\u043e \u0441\u0442\u0438\u0440\u0430\u0435\u0442\u0441\u044f. \u0425\u0430\u0440\u0430\u043a\u0442\u0435\u0440\u0438\u0441\u0442\u0438\u043a\u0438 [&hellip;]","og_url":"https:\/\/xstyle.md\/ro\/produs\/panama-ctr-k-sunshower-bucket-061-burnt-olive\/","og_site_name":"\u041c\u0430\u0433\u0430\u0437\u0438\u043d Xstyle","article_publisher":"https:\/\/www.facebook.com\/xstylemd","article_modified_time":"2026-03-19T14:33:30+00:00","og_image":[{"width":960,"height":960,"url":"https:\/\/xstyle.md\/wp-content\/uploads\/2025\/04\/ctr-k-sunshower-bucket-061-burnt-olive.webp","type":"image\/webp"}],"twitter_card":"summary_large_image","twitter_misc":{"Pre\u021b":"550&nbsp;MDL","Disponibilitate":"\u00cen stoc"},"schema":{"@context":"https:\/\/schema.org","@graph":[{"@type":"WebPage","@id":"https:\/\/xstyle.md\/product\/panama-ctr-k-sunshower-bucket-061-burnt-olive\/","url":"https:\/\/xstyle.md\/product\/panama-ctr-k-sunshower-bucket-061-burnt-olive\/","name":"\u041f\u0430\u043d\u0430\u043c\u0430 CTR K Sunshower Bucket 061 burnt olive - \u041c\u0430\u0433\u0430\u0437\u0438\u043d Xstyle","isPartOf":{"@id":"https:\/\/xstyle.md\/#website"},"primaryImageOfPage":{"@id":"https:\/\/xstyle.md\/product\/panama-ctr-k-sunshower-bucket-061-burnt-olive\/#primaryimage"},"image":{"@id":"https:\/\/xstyle.md\/product\/panama-ctr-k-sunshower-bucket-061-burnt-olive\/#primaryimage"},"thumbnailUrl":"https:\/\/xstyle.md\/wp-content\/uploads\/2025\/04\/ctr-k-sunshower-bucket-061-burnt-olive.webp","datePublished":"2025-04-24T12:46:54+00:00","dateModified":"2026-03-19T14:33:30+00:00","breadcrumb":{"@id":"https:\/\/xstyle.md\/product\/panama-ctr-k-sunshower-bucket-061-burnt-olive\/#breadcrumb"},"inLanguage":"ro-RO","potentialAction":[{"@type":"ReadAction","target":["https:\/\/xstyle.md\/product\/panama-ctr-k-sunshower-bucket-061-burnt-olive\/"]}]},{"@type":"ImageObject","inLanguage":"ro-RO","@id":"https:\/\/xstyle.md\/product\/panama-ctr-k-sunshower-bucket-061-burnt-olive\/#primaryimage","url":"https:\/\/xstyle.md\/wp-content\/uploads\/2025\/04\/ctr-k-sunshower-bucket-061-burnt-olive.webp","contentUrl":"https:\/\/xstyle.md\/wp-content\/uploads\/2025\/04\/ctr-k-sunshower-bucket-061-burnt-olive.webp","width":960,"height":960,"caption":"\u041a\u0443\u043f\u0430\u043b\u044c\u043d\u0438\u043a \u043f\u0430\u043d\u0430\u043c\u0430 CTR K Sunshower Bucket 061 burnt olive \u0434\u043b\u044f \u0430\u043a\u0442\u0438\u0432\u043d\u043e\u0433\u043e \u043e\u0442\u0434\u044b\u0445\u0430 \u043f\u0443\u0442\u0435\u0448\u0435\u0441\u0442\u0432\u0438\u0439 \u0438 \u0430\u043b\u044c\u043f\u0438\u043d\u0438\u0437\u043c\u0430 \u043d\u0430 \u0441\u0430\u0439\u0442\u0435 \u043c\u0430\u0433\u0430\u0437\u0438\u043d\u0430 \u0441\u043f\u043e\u0440\u0442\u0438\u0432\u043d\u043e\u0439 \u043e\u0434\u0435\u0436\u0434\u044b \u0438 \u043e\u0431\u0443\u0432\u0438"},{"@type":"BreadcrumbList","@id":"https:\/\/xstyle.md\/product\/panama-ctr-k-sunshower-bucket-061-burnt-olive\/#breadcrumb","itemListElement":[{"@type":"ListItem","position":1,"name":"\u0413\u043b\u0430\u0432\u043d\u0430\u044f \u0441\u0442\u0440\u0430\u043d\u0438\u0446\u0430","item":"https:\/\/xstyle.md\/"},{"@type":"ListItem","position":2,"name":"\u041c\u0430\u0433\u0430\u0437\u0438\u043d","item":"https:\/\/xstyle.md\/shop\/"},{"@type":"ListItem","position":3,"name":"\u041f\u0430\u043d\u0430\u043c\u0430 CTR K Sunshower Bucket 061 burnt olive"}]},{"@type":"WebSite","@id":"https:\/\/xstyle.md\/#website","url":"https:\/\/xstyle.md\/","name":"Magazinul X-Style","description":"Echipamente pentru turism \u0219i sporturi extreme \u00een Moldova. Pre\u021buri, fotografii, caracteristici \u00een Moldova.","publisher":{"@id":"https:\/\/xstyle.md\/#organization"},"alternateName":"X-Style","potentialAction":[{"@type":"SearchAction","target":{"@type":"EntryPoint","urlTemplate":"https:\/\/xstyle.md\/?s={search_term_string}"},"query-input":{"@type":"PropertyValueSpecification","valueRequired":true,"valueName":"search_term_string"}}],"inLanguage":"ro-RO"},{"@type":"Organization","@id":"https:\/\/xstyle.md\/#organization","name":"Magazinul X-Style","alternateName":"x-style","url":"https:\/\/xstyle.md\/","logo":{"@type":"ImageObject","inLanguage":"ro-RO","@id":"https:\/\/xstyle.md\/#\/schema\/logo\/image\/","url":"https:\/\/xstyle.md\/wp-content\/uploads\/2020\/06\/logoicon.svg","contentUrl":"https:\/\/xstyle.md\/wp-content\/uploads\/2020\/06\/logoicon.svg","caption":"\u041c\u0430\u0433\u0430\u0437\u0438\u043d Xstyle"},"image":{"@id":"https:\/\/xstyle.md\/#\/schema\/logo\/image\/"},"sameAs":["https:\/\/www.facebook.com\/xstylemd","https:\/\/www.instagram.com\/xstyle_md\/","https:\/\/t.me\/xstyle_outdoor"],"hasMerchantReturnPolicy":{"@type":"MerchantReturnPolicy","merchantReturnLink":"https:\/\/xstyle.md\/ro\/conditions\/"}}]},"product_price_amount":"550.00","product_price_currency":"MDL","og_availability":"instock","product_availability":"instock","product_retailer_item_id":"59366040755","product_condition":"new"},"_links":{"self":[{"href":"https:\/\/xstyle.md\/ro\/wp-json\/wp\/v2\/product\/93898","targetHints":{"allow":["GET"]}}],"collection":[{"href":"https:\/\/xstyle.md\/ro\/wp-json\/wp\/v2\/product"}],"about":[{"href":"https:\/\/xstyle.md\/ro\/wp-json\/wp\/v2\/types\/product"}],"replies":[{"embeddable":true,"href":"https:\/\/xstyle.md\/ro\/wp-json\/wp\/v2\/comments?post=93898"}],"wp:featuredmedia":[{"embeddable":true,"href":"https:\/\/xstyle.md\/ro\/wp-json\/wp\/v2\/media\/95250"}],"wp:attachment":[{"href":"https:\/\/xstyle.md\/ro\/wp-json\/wp\/v2\/media?parent=93898"}],"wp:term":[{"taxonomy":"product_brand","embeddable":true,"href":"https:\/\/xstyle.md\/ro\/wp-json\/wp\/v2\/product_brand?post=93898"},{"taxonomy":"product_cat","embeddable":true,"href":"https:\/\/xstyle.md\/ro\/wp-json\/wp\/v2\/product_cat?post=93898"},{"taxonomy":"product_tag","embeddable":true,"href":"https:\/\/xstyle.md\/ro\/wp-json\/wp\/v2\/product_tag?post=93898"}],"curies":[{"name":"wp","href":"https:\/\/api.w.org\/{rel}","templated":true}]}}