{"id":93668,"date":"2025-04-07T15:39:26","date_gmt":"2025-04-07T12:39:26","guid":{"rendered":"https:\/\/xstyle.md\/?post_type=product&#038;p=93668"},"modified":"2026-04-06T17:15:59","modified_gmt":"2026-04-06T14:15:59","slug":"vkladysh-v-spalnik-pinguin-liner-mummy-175-grey","status":"publish","type":"product","link":"https:\/\/xstyle.md\/ro\/produs\/vkladysh-v-spalnik-pinguin-liner-mummy-175-grey\/","title":{"rendered":"Lenjerie pentru sac de dormit Pinguin Liner Mummy 175 grey"},"content":{"rendered":"<\/p>\n<p><strong>Pinguin Liner Mummy 175 grey<\/strong> &#8212; cear\u0219af (liner) ultra-u\u0219or cu form\u0103 anatomic\u0103 (\u201emumie\u201d), conceput pentru a fi utilizat \u00een interiorul sacului de dormit. Acesta \u00eendepline\u0219te dou\u0103 func\u021bii esen\u021biale: \u00eembun\u0103t\u0103\u021be\u0219te izolarea termic\u0103 \u0219i protejeaz\u0103 interiorul sacului de dormit principal \u00eempotriva murd\u0103riei, prelungind astfel durata de via\u021b\u0103 a acestuia \u0219i facilit\u00e2nd \u00eentre\u021binerea echipamentului.<\/p>\n<h3>Particularit\u0103\u021bi<\/h3>\n<ul>\n<li>Igien\u0103 \u2014 linerul este mult mai u\u0219or de sp\u0103lat \u0219i de uscat dec\u00e2t un sac de dormit \u00eentreg, permi\u021b\u00e2nd men\u021binerea cur\u0103\u021beniei \u00een timpul drume\u021biilor<\/li>\n<li>Confort \u2014 materialul pl\u0103cut la atingere ofer\u0103 un somn lini\u0219tit \u0219i o evacuare eficient\u0103 a umidit\u0103\u021bii de la corp<\/li>\n<li>Compactitate \u2014 ocup\u0103 un spa\u021biu minim atunci c\u00e2nd este pliat \u0219i aproape c\u0103 nu adaug\u0103 greutate rucsacului<\/li>\n<li>Utilitate \u2014 dotat cu un fermoar dublu pentru o utilizare facil\u0103 \u0219i acces rapid \u00een interior<\/li>\n<\/ul>\n<h3>Caracteristici<\/h3>\n<ul>\n<li>Material \u2014 nailon (poliester)<\/li>\n<li>Form\u0103 \u2014 mumie (mummy)<\/li>\n<li>Lungime \u2014 175 cm<\/li>\n<li>L\u0103\u021bime (la umeri) \u2014 85 cm<\/li>\n<li>Greutate \u2014 0.47 kg<\/li>\n<li>Culoare \u2014 gri (Grey)<\/li>\n<li>Pozi\u021bie fermoar \u2014 dreapta (Right)<\/li>\n<\/ul>\n<h3>Tehnologii<\/h3>\n<ul>\n<li><strong>Mummy shape<\/strong> \u2014 croial\u0103 anatomic\u0103 ce urm\u0103re\u0219te conturul corpului pentru o reten\u021bie maxim\u0103 a c\u0103ldurii \u0219i reducerea greut\u0103\u021bii<\/li>\n<li><strong>Soft touch finish<\/strong> \u2014 tratament special al materialului pentru a oferi fine\u021be \u0219i a preveni iritarea pielii<\/li>\n<\/ul>\n<p><\/p>\n<h3>Marca<\/h3>\n<p>Pinguin - este cea mai experimentat\u0103 companie ceh\u0103 produc\u0103toare de echipamente outdoor, de c\u00e2nd primele produse au ap\u0103rut pe pia\u021b\u0103 \u00eenc\u0103 \u00een 1989. Echipamentul Pinguin a fost folosit de alpini\u0219ti \u0219i c\u0103l\u0103tori celebri \u00een cucerirea celor mai \u00eenalte v\u00e2rfuri muntoase din lume.<br \/>\nCompania a fost numit\u0103 \u00een cinstea unei p\u0103s\u0103ri care tr\u0103ie\u0219te \u00een Antarctica, deoarece este specializat\u0103 \u00een echipamente pentru drume\u021bii care vor oferi tuturor pasiona\u021bilor odihnei active confort \u0219i c\u0103ldur\u0103 \u00een condi\u021biile reci de iarn\u0103 sau pe v\u00e2rfurile muntoase acoperite cu ghea\u021b\u0103.<\/p>","protected":false},"excerpt":{"rendered":"<p>\u0411\u0440\u0435\u043d\u0434 Pinguin \u2013 \u0441\u0430\u043c\u0430\u044f \u043e\u043f\u044b\u0442\u043d\u0430\u044f \u0447\u0435\u0448\u0441\u043a\u0430\u044f \u043a\u043e\u043c\u043f\u0430\u043d\u0438\u044f \u043f\u0440\u043e\u0438\u0437\u0432\u043e\u0434\u044f\u0449\u0430\u044f outdoor \u044d\u043a\u0438\u043f\u0438\u0440\u043e\u0432\u043a\u0443, \u0442\u0430\u043a \u043a\u0430\u043a \u043f\u0435\u0440\u0432\u0430\u044f \u043f\u0440\u043e\u0434\u0443\u043a\u0446\u0438\u044f \u0432\u043e\u0437\u043d\u0438\u043a\u043b\u0430 \u043d\u0430 \u0440\u044b\u043d\u043a\u0435 \u0435\u0449\u0435 \u0432 1989 \u0433\u043e\u0434\u0443. \u0421\u043d\u0430\u0440\u044f\u0436\u0435\u043d\u0438\u0435 \u043a\u043e\u043c\u043f\u0430\u043d\u0438\u0438 Pinguin \u043d\u0435 \u0440\u0430\u0437 \u0438\u0441\u043f\u043e\u043b\u044c\u0437\u043e\u0432\u0430\u043b\u043e\u0441\u044c \u0438\u0437\u0432\u0435\u0441\u0442\u043d\u044b\u043c\u0438 \u0430\u043b\u044c\u043f\u0438\u043d\u0438\u0441\u0442\u0430\u043c\u0438 \u0438 \u043f\u0443\u0442\u0435\u0448\u0435\u0441\u0442\u0432\u0435\u043d\u043d\u0438\u043a\u0430\u043c\u0438 \u0432 \u043f\u043e\u043a\u043e\u0440\u0435\u043d\u0438\u0438 \u0441\u0430\u043c\u044b\u0445 \u0432\u044b\u0441\u043e\u043a\u0438\u0445 \u0433\u043e\u0440\u043d\u044b\u0445 \u0432\u0435\u0440\u0448\u0438\u043d \u043c\u0438\u0440\u0430. \u041a\u043e\u043c\u043f\u0430\u043d\u0438\u044f \u0431\u044b\u043b\u0430 \u043d\u0430\u0437\u0432\u0430\u043d\u0430 \u0432 \u0447\u0435\u0441\u0442\u044c \u043f\u0442\u0438\u0446\u044b \u043e\u0431\u0438\u0442\u0430\u044e\u0449\u0435\u0439 \u0432 \u0443\u0441\u043b\u043e\u0432\u0438\u044f\u0445 \u0441\u0443\u0440\u043e\u0432\u044b\u0445 \u043c\u043e\u0440\u043e\u0437\u043e\u0432 \u0410\u043d\u0442\u0430\u0440\u043a\u0442\u0438\u0434\u044b, \u0442\u0430\u043a \u043a\u0430\u043a \u0441\u043f\u0435\u0446\u0438\u0430\u043b\u0438\u0437\u0438\u0440\u0443\u0435\u0442\u0441\u044f \u0432 \u0442\u0443\u0440\u0438\u0441\u0442\u0438\u0447\u0435\u0441\u043a\u043e\u043c [&hellip;]<\/p>\n","protected":false},"featured_media":104894,"comment_status":"open","ping_status":"closed","template":"","meta":{"_acf_changed":false,"inline_featured_image":false},"product_brand":[1263],"product_cat":[378],"product_tag":[],"class_list":{"0":"post-93668","1":"product","2":"type-product","3":"status-publish","4":"has-post-thumbnail","6":"product_brand-pinguin","7":"product_cat-sleeping-bags-accessories","9":"first","10":"instock","11":"shipping-taxable","12":"purchasable","13":"product-type-simple"},"acf":[],"yoast_head":"<!-- This site is optimized with the Yoast SEO plugin v27.2 - https:\/\/yoast.com\/product\/yoast-seo-wordpress\/ -->\n<title>\u0412\u043a\u043b\u0430\u0434\u044b\u0448 \u0432 \u0441\u043f\u0430\u043b\u044c\u043d\u0438\u043a Pinguin Liner Mummy 175 grey - \u041c\u0430\u0433\u0430\u0437\u0438\u043d Xstyle<\/title>\n<meta name=\"robots\" content=\"index, follow, max-snippet:-1, max-image-preview:large, max-video-preview:-1\" \/>\n<link rel=\"canonical\" href=\"https:\/\/xstyle.md\/ro\/produs\/vkladysh-v-spalnik-pinguin-liner-mummy-175-grey\/\" \/>\n<meta property=\"og:locale\" content=\"ro_RO\" \/>\n<meta property=\"og:type\" content=\"article\" \/>\n<meta property=\"og:title\" content=\"\u0412\u043a\u043b\u0430\u0434\u044b\u0448 \u0432 \u0441\u043f\u0430\u043b\u044c\u043d\u0438\u043a Pinguin Liner Mummy 175 grey - \u041c\u0430\u0433\u0430\u0437\u0438\u043d Xstyle\" \/>\n<meta property=\"og:description\" content=\"\u0411\u0440\u0435\u043d\u0434 Pinguin \u2013 \u0441\u0430\u043c\u0430\u044f \u043e\u043f\u044b\u0442\u043d\u0430\u044f \u0447\u0435\u0448\u0441\u043a\u0430\u044f \u043a\u043e\u043c\u043f\u0430\u043d\u0438\u044f \u043f\u0440\u043e\u0438\u0437\u0432\u043e\u0434\u044f\u0449\u0430\u044f outdoor \u044d\u043a\u0438\u043f\u0438\u0440\u043e\u0432\u043a\u0443, \u0442\u0430\u043a \u043a\u0430\u043a \u043f\u0435\u0440\u0432\u0430\u044f \u043f\u0440\u043e\u0434\u0443\u043a\u0446\u0438\u044f \u0432\u043e\u0437\u043d\u0438\u043a\u043b\u0430 \u043d\u0430 \u0440\u044b\u043d\u043a\u0435 \u0435\u0449\u0435 \u0432 1989 \u0433\u043e\u0434\u0443. \u0421\u043d\u0430\u0440\u044f\u0436\u0435\u043d\u0438\u0435 \u043a\u043e\u043c\u043f\u0430\u043d\u0438\u0438 Pinguin \u043d\u0435 \u0440\u0430\u0437 \u0438\u0441\u043f\u043e\u043b\u044c\u0437\u043e\u0432\u0430\u043b\u043e\u0441\u044c \u0438\u0437\u0432\u0435\u0441\u0442\u043d\u044b\u043c\u0438 \u0430\u043b\u044c\u043f\u0438\u043d\u0438\u0441\u0442\u0430\u043c\u0438 \u0438 \u043f\u0443\u0442\u0435\u0448\u0435\u0441\u0442\u0432\u0435\u043d\u043d\u0438\u043a\u0430\u043c\u0438 \u0432 \u043f\u043e\u043a\u043e\u0440\u0435\u043d\u0438\u0438 \u0441\u0430\u043c\u044b\u0445 \u0432\u044b\u0441\u043e\u043a\u0438\u0445 \u0433\u043e\u0440\u043d\u044b\u0445 \u0432\u0435\u0440\u0448\u0438\u043d \u043c\u0438\u0440\u0430. \u041a\u043e\u043c\u043f\u0430\u043d\u0438\u044f \u0431\u044b\u043b\u0430 \u043d\u0430\u0437\u0432\u0430\u043d\u0430 \u0432 \u0447\u0435\u0441\u0442\u044c \u043f\u0442\u0438\u0446\u044b \u043e\u0431\u0438\u0442\u0430\u044e\u0449\u0435\u0439 \u0432 \u0443\u0441\u043b\u043e\u0432\u0438\u044f\u0445 \u0441\u0443\u0440\u043e\u0432\u044b\u0445 \u043c\u043e\u0440\u043e\u0437\u043e\u0432 \u0410\u043d\u0442\u0430\u0440\u043a\u0442\u0438\u0434\u044b, \u0442\u0430\u043a \u043a\u0430\u043a \u0441\u043f\u0435\u0446\u0438\u0430\u043b\u0438\u0437\u0438\u0440\u0443\u0435\u0442\u0441\u044f \u0432 \u0442\u0443\u0440\u0438\u0441\u0442\u0438\u0447\u0435\u0441\u043a\u043e\u043c [&hellip;]\" \/>\n<meta property=\"og:url\" content=\"https:\/\/xstyle.md\/ro\/produs\/vkladysh-v-spalnik-pinguin-liner-mummy-175-grey\/\" \/>\n<meta property=\"og:site_name\" content=\"\u041c\u0430\u0433\u0430\u0437\u0438\u043d Xstyle\" \/>\n<meta property=\"article:publisher\" content=\"https:\/\/www.facebook.com\/xstylemd\" \/>\n<meta property=\"article:modified_time\" content=\"2026-04-06T14:15:59+00:00\" \/>\n<meta property=\"og:image\" content=\"https:\/\/xstyle.md\/wp-content\/uploads\/2025\/04\/pinguin-liner-mummy-175-grey-1.webp\" \/>\n\t<meta property=\"og:image:width\" content=\"1200\" \/>\n\t<meta property=\"og:image:height\" content=\"1200\" \/>\n\t<meta property=\"og:image:type\" content=\"image\/webp\" \/>\n<meta name=\"twitter:card\" content=\"summary_large_image\" \/>\n<meta name=\"twitter:label1\" content=\"Pre\u021b\" \/>\n\t<meta name=\"twitter:data1\" content=\"450&nbsp;MDL\" \/>\n\t<meta name=\"twitter:label2\" content=\"Disponibilitate\" \/>\n\t<meta name=\"twitter:data2\" content=\"\u00cen stoc\" \/>\n<script type=\"application\/ld+json\" class=\"yoast-schema-graph\">{\"@context\":\"https:\/\/schema.org\",\"@graph\":[{\"@type\":\"WebPage\",\"@id\":\"https:\/\/xstyle.md\/product\/vkladysh-v-spalnik-pinguin-liner-mummy-175-grey\/\",\"url\":\"https:\/\/xstyle.md\/product\/vkladysh-v-spalnik-pinguin-liner-mummy-175-grey\/\",\"name\":\"\u0412\u043a\u043b\u0430\u0434\u044b\u0448 \u0432 \u0441\u043f\u0430\u043b\u044c\u043d\u0438\u043a Pinguin Liner Mummy 175 grey - \u041c\u0430\u0433\u0430\u0437\u0438\u043d Xstyle\",\"isPartOf\":{\"@id\":\"https:\/\/xstyle.md\/#website\"},\"primaryImageOfPage\":{\"@id\":\"https:\/\/xstyle.md\/product\/vkladysh-v-spalnik-pinguin-liner-mummy-175-grey\/#primaryimage\"},\"image\":{\"@id\":\"https:\/\/xstyle.md\/product\/vkladysh-v-spalnik-pinguin-liner-mummy-175-grey\/#primaryimage\"},\"thumbnailUrl\":\"https:\/\/xstyle.md\/wp-content\/uploads\/2025\/04\/pinguin-liner-mummy-175-grey-1.webp\",\"datePublished\":\"2025-04-07T12:39:26+00:00\",\"dateModified\":\"2026-04-06T14:15:59+00:00\",\"breadcrumb\":{\"@id\":\"https:\/\/xstyle.md\/product\/vkladysh-v-spalnik-pinguin-liner-mummy-175-grey\/#breadcrumb\"},\"inLanguage\":\"ro-RO\",\"potentialAction\":[{\"@type\":\"ReadAction\",\"target\":[\"https:\/\/xstyle.md\/product\/vkladysh-v-spalnik-pinguin-liner-mummy-175-grey\/\"]}]},{\"@type\":\"ImageObject\",\"inLanguage\":\"ro-RO\",\"@id\":\"https:\/\/xstyle.md\/product\/vkladysh-v-spalnik-pinguin-liner-mummy-175-grey\/#primaryimage\",\"url\":\"https:\/\/xstyle.md\/wp-content\/uploads\/2025\/04\/pinguin-liner-mummy-175-grey-1.webp\",\"contentUrl\":\"https:\/\/xstyle.md\/wp-content\/uploads\/2025\/04\/pinguin-liner-mummy-175-grey-1.webp\",\"width\":1200,\"height\":1200},{\"@type\":\"BreadcrumbList\",\"@id\":\"https:\/\/xstyle.md\/product\/vkladysh-v-spalnik-pinguin-liner-mummy-175-grey\/#breadcrumb\",\"itemListElement\":[{\"@type\":\"ListItem\",\"position\":1,\"name\":\"\u0413\u043b\u0430\u0432\u043d\u0430\u044f \u0441\u0442\u0440\u0430\u043d\u0438\u0446\u0430\",\"item\":\"https:\/\/xstyle.md\/\"},{\"@type\":\"ListItem\",\"position\":2,\"name\":\"\u041c\u0430\u0433\u0430\u0437\u0438\u043d\",\"item\":\"https:\/\/xstyle.md\/shop\/\"},{\"@type\":\"ListItem\",\"position\":3,\"name\":\"\u0412\u043a\u043b\u0430\u0434\u044b\u0448 \u0432 \u0441\u043f\u0430\u043b\u044c\u043d\u0438\u043a Pinguin Liner Mummy 175 grey\"}]},{\"@type\":\"WebSite\",\"@id\":\"https:\/\/xstyle.md\/#website\",\"url\":\"https:\/\/xstyle.md\/\",\"name\":\"\u041c\u0430\u0433\u0430\u0437\u0438\u043d Xstyle\",\"description\":\"C\u043d\u0430\u0440\u044f\u0436\u0435\u043d\u0438\u0435 \u0434\u043b\u044f \u0442\u0443\u0440\u0438\u0437\u043c\u0430 \u0438 \u044d\u043a\u0441\u0442\u0440\u0435\u043c\u0430\u043b\u044c\u043d\u044b\u0445 \u0432\u0438\u0434\u043e\u0432 \u0441\u043f\u043e\u0440\u0442\u0430 \u0432 \u041c\u043e\u043b\u0434\u043e\u0432\u0435.. \u0426\u0435\u043d\u044b, \u0444\u043e\u0442\u043e, \u0445\u0430\u0440\u0430\u043a\u0442\u0435\u0440\u0438\u0441\u0442\u0438\u043a\u0438 \u0432 \u041c\u043e\u043b\u0434\u043e\u0432\u0435.\",\"publisher\":{\"@id\":\"https:\/\/xstyle.md\/#organization\"},\"alternateName\":\"X-Style\",\"potentialAction\":[{\"@type\":\"SearchAction\",\"target\":{\"@type\":\"EntryPoint\",\"urlTemplate\":\"https:\/\/xstyle.md\/?s={search_term_string}\"},\"query-input\":{\"@type\":\"PropertyValueSpecification\",\"valueRequired\":true,\"valueName\":\"search_term_string\"}}],\"inLanguage\":\"ro-RO\"},{\"@type\":\"Organization\",\"@id\":\"https:\/\/xstyle.md\/#organization\",\"name\":\"\u041c\u0430\u0433\u0430\u0437\u0438\u043d Xstyle\",\"alternateName\":\"x-style\",\"url\":\"https:\/\/xstyle.md\/\",\"logo\":{\"@type\":\"ImageObject\",\"inLanguage\":\"ro-RO\",\"@id\":\"https:\/\/xstyle.md\/#\/schema\/logo\/image\/\",\"url\":\"https:\/\/xstyle.md\/wp-content\/uploads\/2020\/06\/logoicon.svg\",\"contentUrl\":\"https:\/\/xstyle.md\/wp-content\/uploads\/2020\/06\/logoicon.svg\",\"caption\":\"\u041c\u0430\u0433\u0430\u0437\u0438\u043d Xstyle\"},\"image\":{\"@id\":\"https:\/\/xstyle.md\/#\/schema\/logo\/image\/\"},\"sameAs\":[\"https:\/\/www.facebook.com\/xstylemd\",\"https:\/\/www.instagram.com\/xstyle_md\/\",\"https:\/\/t.me\/xstyle_outdoor\"],\"hasMerchantReturnPolicy\":{\"@type\":\"MerchantReturnPolicy\",\"merchantReturnLink\":\"https:\/\/xstyle.md\/ro\/conditions\/\"}}]}<\/script>\n<meta property=\"product:price:amount\" content=\"450.00\" \/>\n<meta property=\"product:price:currency\" content=\"MDL\" \/>\n<meta property=\"og:availability\" content=\"instock\" \/>\n<meta property=\"product:availability\" content=\"instock\" \/>\n<meta property=\"product:retailer_item_id\" content=\"8592638246780\" \/>\n<meta property=\"product:condition\" content=\"new\" \/>\n<!-- \/ Yoast SEO plugin. -->","yoast_head_json":{"title":"\u0412\u043a\u043b\u0430\u0434\u044b\u0448 \u0432 \u0441\u043f\u0430\u043b\u044c\u043d\u0438\u043a Pinguin Liner Mummy 175 grey - \u041c\u0430\u0433\u0430\u0437\u0438\u043d Xstyle","robots":{"index":"index","follow":"follow","max-snippet":"max-snippet:-1","max-image-preview":"max-image-preview:large","max-video-preview":"max-video-preview:-1"},"canonical":"https:\/\/xstyle.md\/ro\/produs\/vkladysh-v-spalnik-pinguin-liner-mummy-175-grey\/","og_locale":"ro_RO","og_type":"article","og_title":"\u0412\u043a\u043b\u0430\u0434\u044b\u0448 \u0432 \u0441\u043f\u0430\u043b\u044c\u043d\u0438\u043a Pinguin Liner Mummy 175 grey - \u041c\u0430\u0433\u0430\u0437\u0438\u043d Xstyle","og_description":"\u0411\u0440\u0435\u043d\u0434 Pinguin \u2013 \u0441\u0430\u043c\u0430\u044f \u043e\u043f\u044b\u0442\u043d\u0430\u044f \u0447\u0435\u0448\u0441\u043a\u0430\u044f \u043a\u043e\u043c\u043f\u0430\u043d\u0438\u044f \u043f\u0440\u043e\u0438\u0437\u0432\u043e\u0434\u044f\u0449\u0430\u044f outdoor \u044d\u043a\u0438\u043f\u0438\u0440\u043e\u0432\u043a\u0443, \u0442\u0430\u043a \u043a\u0430\u043a \u043f\u0435\u0440\u0432\u0430\u044f \u043f\u0440\u043e\u0434\u0443\u043a\u0446\u0438\u044f \u0432\u043e\u0437\u043d\u0438\u043a\u043b\u0430 \u043d\u0430 \u0440\u044b\u043d\u043a\u0435 \u0435\u0449\u0435 \u0432 1989 \u0433\u043e\u0434\u0443. \u0421\u043d\u0430\u0440\u044f\u0436\u0435\u043d\u0438\u0435 \u043a\u043e\u043c\u043f\u0430\u043d\u0438\u0438 Pinguin \u043d\u0435 \u0440\u0430\u0437 \u0438\u0441\u043f\u043e\u043b\u044c\u0437\u043e\u0432\u0430\u043b\u043e\u0441\u044c \u0438\u0437\u0432\u0435\u0441\u0442\u043d\u044b\u043c\u0438 \u0430\u043b\u044c\u043f\u0438\u043d\u0438\u0441\u0442\u0430\u043c\u0438 \u0438 \u043f\u0443\u0442\u0435\u0448\u0435\u0441\u0442\u0432\u0435\u043d\u043d\u0438\u043a\u0430\u043c\u0438 \u0432 \u043f\u043e\u043a\u043e\u0440\u0435\u043d\u0438\u0438 \u0441\u0430\u043c\u044b\u0445 \u0432\u044b\u0441\u043e\u043a\u0438\u0445 \u0433\u043e\u0440\u043d\u044b\u0445 \u0432\u0435\u0440\u0448\u0438\u043d \u043c\u0438\u0440\u0430. \u041a\u043e\u043c\u043f\u0430\u043d\u0438\u044f \u0431\u044b\u043b\u0430 \u043d\u0430\u0437\u0432\u0430\u043d\u0430 \u0432 \u0447\u0435\u0441\u0442\u044c \u043f\u0442\u0438\u0446\u044b \u043e\u0431\u0438\u0442\u0430\u044e\u0449\u0435\u0439 \u0432 \u0443\u0441\u043b\u043e\u0432\u0438\u044f\u0445 \u0441\u0443\u0440\u043e\u0432\u044b\u0445 \u043c\u043e\u0440\u043e\u0437\u043e\u0432 \u0410\u043d\u0442\u0430\u0440\u043a\u0442\u0438\u0434\u044b, \u0442\u0430\u043a \u043a\u0430\u043a \u0441\u043f\u0435\u0446\u0438\u0430\u043b\u0438\u0437\u0438\u0440\u0443\u0435\u0442\u0441\u044f \u0432 \u0442\u0443\u0440\u0438\u0441\u0442\u0438\u0447\u0435\u0441\u043a\u043e\u043c [&hellip;]","og_url":"https:\/\/xstyle.md\/ro\/produs\/vkladysh-v-spalnik-pinguin-liner-mummy-175-grey\/","og_site_name":"\u041c\u0430\u0433\u0430\u0437\u0438\u043d Xstyle","article_publisher":"https:\/\/www.facebook.com\/xstylemd","article_modified_time":"2026-04-06T14:15:59+00:00","og_image":[{"width":1200,"height":1200,"url":"https:\/\/xstyle.md\/wp-content\/uploads\/2025\/04\/pinguin-liner-mummy-175-grey-1.webp","type":"image\/webp"}],"twitter_card":"summary_large_image","twitter_misc":{"Pre\u021b":"450&nbsp;MDL","Disponibilitate":"\u00cen stoc"},"schema":{"@context":"https:\/\/schema.org","@graph":[{"@type":"WebPage","@id":"https:\/\/xstyle.md\/product\/vkladysh-v-spalnik-pinguin-liner-mummy-175-grey\/","url":"https:\/\/xstyle.md\/product\/vkladysh-v-spalnik-pinguin-liner-mummy-175-grey\/","name":"\u0412\u043a\u043b\u0430\u0434\u044b\u0448 \u0432 \u0441\u043f\u0430\u043b\u044c\u043d\u0438\u043a Pinguin Liner Mummy 175 grey - \u041c\u0430\u0433\u0430\u0437\u0438\u043d Xstyle","isPartOf":{"@id":"https:\/\/xstyle.md\/#website"},"primaryImageOfPage":{"@id":"https:\/\/xstyle.md\/product\/vkladysh-v-spalnik-pinguin-liner-mummy-175-grey\/#primaryimage"},"image":{"@id":"https:\/\/xstyle.md\/product\/vkladysh-v-spalnik-pinguin-liner-mummy-175-grey\/#primaryimage"},"thumbnailUrl":"https:\/\/xstyle.md\/wp-content\/uploads\/2025\/04\/pinguin-liner-mummy-175-grey-1.webp","datePublished":"2025-04-07T12:39:26+00:00","dateModified":"2026-04-06T14:15:59+00:00","breadcrumb":{"@id":"https:\/\/xstyle.md\/product\/vkladysh-v-spalnik-pinguin-liner-mummy-175-grey\/#breadcrumb"},"inLanguage":"ro-RO","potentialAction":[{"@type":"ReadAction","target":["https:\/\/xstyle.md\/product\/vkladysh-v-spalnik-pinguin-liner-mummy-175-grey\/"]}]},{"@type":"ImageObject","inLanguage":"ro-RO","@id":"https:\/\/xstyle.md\/product\/vkladysh-v-spalnik-pinguin-liner-mummy-175-grey\/#primaryimage","url":"https:\/\/xstyle.md\/wp-content\/uploads\/2025\/04\/pinguin-liner-mummy-175-grey-1.webp","contentUrl":"https:\/\/xstyle.md\/wp-content\/uploads\/2025\/04\/pinguin-liner-mummy-175-grey-1.webp","width":1200,"height":1200},{"@type":"BreadcrumbList","@id":"https:\/\/xstyle.md\/product\/vkladysh-v-spalnik-pinguin-liner-mummy-175-grey\/#breadcrumb","itemListElement":[{"@type":"ListItem","position":1,"name":"\u0413\u043b\u0430\u0432\u043d\u0430\u044f \u0441\u0442\u0440\u0430\u043d\u0438\u0446\u0430","item":"https:\/\/xstyle.md\/"},{"@type":"ListItem","position":2,"name":"\u041c\u0430\u0433\u0430\u0437\u0438\u043d","item":"https:\/\/xstyle.md\/shop\/"},{"@type":"ListItem","position":3,"name":"\u0412\u043a\u043b\u0430\u0434\u044b\u0448 \u0432 \u0441\u043f\u0430\u043b\u044c\u043d\u0438\u043a Pinguin Liner Mummy 175 grey"}]},{"@type":"WebSite","@id":"https:\/\/xstyle.md\/#website","url":"https:\/\/xstyle.md\/","name":"Magazinul X-Style","description":"Echipamente pentru turism \u0219i sporturi extreme \u00een Moldova. Pre\u021buri, fotografii, caracteristici \u00een Moldova.","publisher":{"@id":"https:\/\/xstyle.md\/#organization"},"alternateName":"X-Style","potentialAction":[{"@type":"SearchAction","target":{"@type":"EntryPoint","urlTemplate":"https:\/\/xstyle.md\/?s={search_term_string}"},"query-input":{"@type":"PropertyValueSpecification","valueRequired":true,"valueName":"search_term_string"}}],"inLanguage":"ro-RO"},{"@type":"Organization","@id":"https:\/\/xstyle.md\/#organization","name":"Magazinul X-Style","alternateName":"x-style","url":"https:\/\/xstyle.md\/","logo":{"@type":"ImageObject","inLanguage":"ro-RO","@id":"https:\/\/xstyle.md\/#\/schema\/logo\/image\/","url":"https:\/\/xstyle.md\/wp-content\/uploads\/2020\/06\/logoicon.svg","contentUrl":"https:\/\/xstyle.md\/wp-content\/uploads\/2020\/06\/logoicon.svg","caption":"\u041c\u0430\u0433\u0430\u0437\u0438\u043d Xstyle"},"image":{"@id":"https:\/\/xstyle.md\/#\/schema\/logo\/image\/"},"sameAs":["https:\/\/www.facebook.com\/xstylemd","https:\/\/www.instagram.com\/xstyle_md\/","https:\/\/t.me\/xstyle_outdoor"],"hasMerchantReturnPolicy":{"@type":"MerchantReturnPolicy","merchantReturnLink":"https:\/\/xstyle.md\/ro\/conditions\/"}}]},"product_price_amount":"450.00","product_price_currency":"MDL","og_availability":"instock","product_availability":"instock","product_retailer_item_id":"8592638246780","product_condition":"new"},"post_mailing_queue_ids":[],"_links":{"self":[{"href":"https:\/\/xstyle.md\/ro\/wp-json\/wp\/v2\/product\/93668","targetHints":{"allow":["GET"]}}],"collection":[{"href":"https:\/\/xstyle.md\/ro\/wp-json\/wp\/v2\/product"}],"about":[{"href":"https:\/\/xstyle.md\/ro\/wp-json\/wp\/v2\/types\/product"}],"replies":[{"embeddable":true,"href":"https:\/\/xstyle.md\/ro\/wp-json\/wp\/v2\/comments?post=93668"}],"wp:featuredmedia":[{"embeddable":true,"href":"https:\/\/xstyle.md\/ro\/wp-json\/wp\/v2\/media\/104894"}],"wp:attachment":[{"href":"https:\/\/xstyle.md\/ro\/wp-json\/wp\/v2\/media?parent=93668"}],"wp:term":[{"taxonomy":"product_brand","embeddable":true,"href":"https:\/\/xstyle.md\/ro\/wp-json\/wp\/v2\/product_brand?post=93668"},{"taxonomy":"product_cat","embeddable":true,"href":"https:\/\/xstyle.md\/ro\/wp-json\/wp\/v2\/product_cat?post=93668"},{"taxonomy":"product_tag","embeddable":true,"href":"https:\/\/xstyle.md\/ro\/wp-json\/wp\/v2\/product_tag?post=93668"}],"curies":[{"name":"wp","href":"https:\/\/api.w.org\/{rel}","templated":true}]}}