{"id":93648,"date":"2025-04-07T15:39:19","date_gmt":"2025-04-07T12:39:19","guid":{"rendered":"https:\/\/xstyle.md\/?post_type=product&#038;p=93648"},"modified":"2026-03-19T17:33:08","modified_gmt":"2026-03-19T14:33:08","slug":"velobagazhnik-m-wave-disc-ii-carrier-24-28","status":"publish","type":"product","link":"https:\/\/xstyle.md\/ro\/produs\/velobagazhnik-m-wave-disc-ii-carrier-24-28\/","title":{"rendered":"Portbagaj biciclet\u0103 M-WAVE Disc II carrier 24-28"},"content":{"rendered":"<p><\/p>\n<p><strong>M-WAVE Disc II carrier 24-28<\/strong> &#8212; este un portbagaj spate special conceput pentru biciclete cu diametrul ro\u021bilor cuprins \u00eentre 24&#8243; \u0219i 28&#8243;. Acesta este ideal pentru montarea pe bicicletele echipate cu fr\u00e2ne pe disc, oferind o platform\u0103 sigur\u0103 \u0219i stabil\u0103 pentru transportul bagajelor. Fabricat din aluminiu rezistent, acest portbagaj \u00eembin\u0103 greutatea redus\u0103 cu durabilitatea.<\/p>\n<h3>Caracteristici<\/h3>\n<ul>\n<li>Material &#8212; aluminiu<\/li>\n<li>Compatibilitate &#8212; biciclete cu ro\u021bi de 24&#8243;\u201328&#8243;<\/li>\n<li>Sarcina maxim\u0103 &#8212; 25 kg<\/li>\n<li>Montare &#8212; potrivit pentru biciclete cu fr\u00e2ne pe disc<\/li>\n<\/ul>\n<p><\/p>\n<h3>Marca<\/h3>\n<p>Messingschlager - este unul dintre cei mai mari furnizori europeni de componente \u0219i accesorii pentru biciclete, av\u00e2nd o experien\u021b\u0103 de peste 100 de ani \u00een industrie. Compania german\u0103 este renumit\u0103 pentru portofoliul s\u0103u vast, care include brandul propriu M-Wave, fiind un partener logistic esen\u021bial pentru produc\u0103torii \u0219i distribuitorii de biciclete din \u00eentreaga lume.<\/p>","protected":false},"excerpt":{"rendered":"<p>\u0411\u0440\u0435\u043d\u0434 Messingschlager \u2014 \u043e\u0434\u0438\u043d \u0438\u0437 \u043a\u0440\u0443\u043f\u043d\u0435\u0439\u0448\u0438\u0445 \u0435\u0432\u0440\u043e\u043f\u0435\u0439\u0441\u043a\u0438\u0445 \u043f\u043e\u0441\u0442\u0430\u0432\u0449\u0438\u043a\u043e\u0432 \u0437\u0430\u043f\u0447\u0430\u0441\u0442\u0435\u0439 \u0438 \u0430\u043a\u0441\u0435\u0441\u0441\u0443\u0430\u0440\u043e\u0432 \u0434\u043b\u044f \u0432\u0435\u043b\u043e\u0441\u0438\u043f\u0435\u0434\u043e\u0432 \u0441 \u0431\u043e\u043b\u0435\u0435 \u0447\u0435\u043c \u0432\u0435\u043a\u043e\u0432\u043e\u0439 \u0438\u0441\u0442\u043e\u0440\u0438\u0435\u0439. \u041d\u0435\u043c\u0435\u0446\u043a\u0430\u044f \u043a\u043e\u043c\u043f\u0430\u043d\u0438\u044f \u0438\u0437\u0432\u0435\u0441\u0442\u043d\u0430 \u0441\u0432\u043e\u0438\u043c \u043e\u0433\u0440\u043e\u043c\u043d\u044b\u043c \u0430\u0441\u0441\u043e\u0440\u0442\u0438\u043c\u0435\u043d\u0442\u043e\u043c, \u0432 \u043a\u043e\u0442\u043e\u0440\u044b\u0439 \u0432\u0445\u043e\u0434\u0438\u0442 \u0438\u0445 \u0441\u043e\u0431\u0441\u0442\u0432\u0435\u043d\u043d\u044b\u0439 \u0431\u0440\u0435\u043d\u0434 M-Wave, \u0438 \u044f\u0432\u043b\u044f\u0435\u0442\u0441\u044f \u043a\u043b\u044e\u0447\u0435\u0432\u044b\u043c \u043b\u043e\u0433\u0438\u0441\u0442\u0438\u0447\u0435\u0441\u043a\u0438\u043c \u043f\u0430\u0440\u0442\u043d\u0435\u0440\u043e\u043c \u0434\u043b\u044f \u043f\u0440\u043e\u0438\u0437\u0432\u043e\u0434\u0438\u0442\u0435\u043b\u0435\u0439 \u0438 \u0434\u0438\u043b\u0435\u0440\u043e\u0432 \u0432\u0435\u043b\u043e\u0441\u0438\u043f\u0435\u0434\u043e\u0432 \u043f\u043e \u0432\u0441\u0435\u043c\u0443 \u043c\u0438\u0440\u0443.<\/p>","protected":false},"featured_media":94566,"comment_status":"open","ping_status":"closed","template":"","meta":{"_acf_changed":false,"inline_featured_image":false},"product_brand":[1372],"product_cat":[406],"product_tag":[],"class_list":{"0":"post-93648","1":"product","2":"type-product","3":"status-publish","4":"has-post-thumbnail","6":"product_brand-messingschlager","7":"product_cat-bike-accessories","9":"first","10":"instock","11":"shipping-taxable","12":"purchasable","13":"product-type-simple"},"acf":[],"yoast_head":"<!-- This site is optimized with the Yoast SEO plugin v27.2 - https:\/\/yoast.com\/product\/yoast-seo-wordpress\/ -->\n<title>\u0412\u0435\u043b\u043e\u0431\u0430\u0433\u0430\u0436\u043d\u0438\u043a M-WAVE Disc II carrier 24-28 - \u041c\u0430\u0433\u0430\u0437\u0438\u043d Xstyle<\/title>\n<meta name=\"robots\" content=\"index, follow, max-snippet:-1, max-image-preview:large, max-video-preview:-1\" \/>\n<link rel=\"canonical\" href=\"https:\/\/xstyle.md\/ro\/produs\/velobagazhnik-m-wave-disc-ii-carrier-24-28\/\" \/>\n<meta property=\"og:locale\" content=\"ro_RO\" \/>\n<meta property=\"og:type\" content=\"article\" \/>\n<meta property=\"og:title\" content=\"\u0412\u0435\u043b\u043e\u0431\u0430\u0433\u0430\u0436\u043d\u0438\u043a M-WAVE Disc II carrier 24-28 - \u041c\u0430\u0433\u0430\u0437\u0438\u043d Xstyle\" \/>\n<meta property=\"og:description\" content=\"\u0411\u0440\u0435\u043d\u0434 Messingschlager \u2014 \u043e\u0434\u0438\u043d \u0438\u0437 \u043a\u0440\u0443\u043f\u043d\u0435\u0439\u0448\u0438\u0445 \u0435\u0432\u0440\u043e\u043f\u0435\u0439\u0441\u043a\u0438\u0445 \u043f\u043e\u0441\u0442\u0430\u0432\u0449\u0438\u043a\u043e\u0432 \u0437\u0430\u043f\u0447\u0430\u0441\u0442\u0435\u0439 \u0438 \u0430\u043a\u0441\u0435\u0441\u0441\u0443\u0430\u0440\u043e\u0432 \u0434\u043b\u044f \u0432\u0435\u043b\u043e\u0441\u0438\u043f\u0435\u0434\u043e\u0432 \u0441 \u0431\u043e\u043b\u0435\u0435 \u0447\u0435\u043c \u0432\u0435\u043a\u043e\u0432\u043e\u0439 \u0438\u0441\u0442\u043e\u0440\u0438\u0435\u0439. \u041d\u0435\u043c\u0435\u0446\u043a\u0430\u044f \u043a\u043e\u043c\u043f\u0430\u043d\u0438\u044f \u0438\u0437\u0432\u0435\u0441\u0442\u043d\u0430 \u0441\u0432\u043e\u0438\u043c \u043e\u0433\u0440\u043e\u043c\u043d\u044b\u043c \u0430\u0441\u0441\u043e\u0440\u0442\u0438\u043c\u0435\u043d\u0442\u043e\u043c, \u0432 \u043a\u043e\u0442\u043e\u0440\u044b\u0439 \u0432\u0445\u043e\u0434\u0438\u0442 \u0438\u0445 \u0441\u043e\u0431\u0441\u0442\u0432\u0435\u043d\u043d\u044b\u0439 \u0431\u0440\u0435\u043d\u0434 M-Wave, \u0438 \u044f\u0432\u043b\u044f\u0435\u0442\u0441\u044f \u043a\u043b\u044e\u0447\u0435\u0432\u044b\u043c \u043b\u043e\u0433\u0438\u0441\u0442\u0438\u0447\u0435\u0441\u043a\u0438\u043c \u043f\u0430\u0440\u0442\u043d\u0435\u0440\u043e\u043c \u0434\u043b\u044f \u043f\u0440\u043e\u0438\u0437\u0432\u043e\u0434\u0438\u0442\u0435\u043b\u0435\u0439 \u0438 \u0434\u0438\u043b\u0435\u0440\u043e\u0432 \u0432\u0435\u043b\u043e\u0441\u0438\u043f\u0435\u0434\u043e\u0432 \u043f\u043e \u0432\u0441\u0435\u043c\u0443 \u043c\u0438\u0440\u0443.\" \/>\n<meta property=\"og:url\" content=\"https:\/\/xstyle.md\/ro\/produs\/velobagazhnik-m-wave-disc-ii-carrier-24-28\/\" \/>\n<meta property=\"og:site_name\" content=\"\u041c\u0430\u0433\u0430\u0437\u0438\u043d Xstyle\" \/>\n<meta property=\"article:publisher\" content=\"https:\/\/www.facebook.com\/xstylemd\" \/>\n<meta property=\"article:modified_time\" content=\"2026-03-19T14:33:08+00:00\" \/>\n<meta property=\"og:image\" content=\"https:\/\/xstyle.md\/wp-content\/uploads\/2025\/04\/m-wave-disc-ii-carrier-24-28.webp\" \/>\n\t<meta property=\"og:image:width\" content=\"1500\" \/>\n\t<meta property=\"og:image:height\" content=\"1500\" \/>\n\t<meta property=\"og:image:type\" content=\"image\/webp\" \/>\n<meta name=\"twitter:card\" content=\"summary_large_image\" \/>\n<meta name=\"twitter:label1\" content=\"Pre\u021b\" \/>\n\t<meta name=\"twitter:data1\" content=\"730&nbsp;MDL\" \/>\n\t<meta name=\"twitter:label2\" content=\"Disponibilitate\" \/>\n\t<meta name=\"twitter:data2\" content=\"\u00cen stoc\" \/>\n<script type=\"application\/ld+json\" class=\"yoast-schema-graph\">{\"@context\":\"https:\/\/schema.org\",\"@graph\":[{\"@type\":\"WebPage\",\"@id\":\"https:\/\/xstyle.md\/product\/velobagazhnik-m-wave-disc-ii-carrier-24-28\/\",\"url\":\"https:\/\/xstyle.md\/product\/velobagazhnik-m-wave-disc-ii-carrier-24-28\/\",\"name\":\"\u0412\u0435\u043b\u043e\u0431\u0430\u0433\u0430\u0436\u043d\u0438\u043a M-WAVE Disc II carrier 24-28 - \u041c\u0430\u0433\u0430\u0437\u0438\u043d Xstyle\",\"isPartOf\":{\"@id\":\"https:\/\/xstyle.md\/#website\"},\"primaryImageOfPage\":{\"@id\":\"https:\/\/xstyle.md\/product\/velobagazhnik-m-wave-disc-ii-carrier-24-28\/#primaryimage\"},\"image\":{\"@id\":\"https:\/\/xstyle.md\/product\/velobagazhnik-m-wave-disc-ii-carrier-24-28\/#primaryimage\"},\"thumbnailUrl\":\"https:\/\/xstyle.md\/wp-content\/uploads\/2025\/04\/m-wave-disc-ii-carrier-24-28.webp\",\"datePublished\":\"2025-04-07T12:39:19+00:00\",\"dateModified\":\"2026-03-19T14:33:08+00:00\",\"breadcrumb\":{\"@id\":\"https:\/\/xstyle.md\/product\/velobagazhnik-m-wave-disc-ii-carrier-24-28\/#breadcrumb\"},\"inLanguage\":\"ro-RO\",\"potentialAction\":[{\"@type\":\"ReadAction\",\"target\":[\"https:\/\/xstyle.md\/product\/velobagazhnik-m-wave-disc-ii-carrier-24-28\/\"]}]},{\"@type\":\"ImageObject\",\"inLanguage\":\"ro-RO\",\"@id\":\"https:\/\/xstyle.md\/product\/velobagazhnik-m-wave-disc-ii-carrier-24-28\/#primaryimage\",\"url\":\"https:\/\/xstyle.md\/wp-content\/uploads\/2025\/04\/m-wave-disc-ii-carrier-24-28.webp\",\"contentUrl\":\"https:\/\/xstyle.md\/wp-content\/uploads\/2025\/04\/m-wave-disc-ii-carrier-24-28.webp\",\"width\":1500,\"height\":1500,\"caption\":\"\u0420\u043e\u0437\u043e\u0432\u0430\u044f \u0432\u0435\u043b\u043e\u0441\u0438\u043f\u0435\u0434\u043d\u0430\u044f \u043a\u043e\u0440\u0437\u0438\u043d\u0430 M-WAVE Disc II \u0434\u043b\u044f \u0430\u043a\u0442\u0438\u0432\u043d\u043e\u0433\u043e \u043e\u0442\u0434\u044b\u0445\u0430, \u043f\u043e\u0445\u043e\u0434\u043e\u0432 \u0438 \u043f\u0443\u0442\u0435\u0448\u0435\u0441\u0442\u0432\u0438\u0439, \u043f\u043e\u0434\u0445\u043e\u0434\u0438\u0442 \u0434\u043b\u044f \u0432\u0435\u043b\u043e\u044d\u043a\u0438\u043f\u0438\u0440\u043e\u0432\u043a\u0438, \u043e\u0431\u0443\u0432\u0438 \u0438 \u0441\u043d\u0430\u0440\u044f\u0436\u0435\u043d\u0438\u044f \u0434\u043b\u044f \u0430\u043a\u0442\u0438\u0432\u043d\u043e\u0439 \u0436\u0438\u0437\u043d\u0438, \u0432\u0435\u043b\u043e\u0430\u043a\u0441\u0435\u0441\u0441\u0443\u0430\u0440\u043e\u0432, \u043c\u043e\u0442\u043e\u044d\u043a\u0438\u043f\u0438\u0440\u043e\u0432\u043a\u0438, \u0434\u043b\u044f \u0442\u0443\u0440\u0438\u0437\u043c\u0430 \u0438 \u0433\u043e\u0440\u043d\u043e\u0433\u043e \u0442\u0443\u0440\u0438\u0437\u043c\u0430\"},{\"@type\":\"BreadcrumbList\",\"@id\":\"https:\/\/xstyle.md\/product\/velobagazhnik-m-wave-disc-ii-carrier-24-28\/#breadcrumb\",\"itemListElement\":[{\"@type\":\"ListItem\",\"position\":1,\"name\":\"\u0413\u043b\u0430\u0432\u043d\u0430\u044f \u0441\u0442\u0440\u0430\u043d\u0438\u0446\u0430\",\"item\":\"https:\/\/xstyle.md\/\"},{\"@type\":\"ListItem\",\"position\":2,\"name\":\"\u041c\u0430\u0433\u0430\u0437\u0438\u043d\",\"item\":\"https:\/\/xstyle.md\/shop\/\"},{\"@type\":\"ListItem\",\"position\":3,\"name\":\"\u0412\u0435\u043b\u043e\u0431\u0430\u0433\u0430\u0436\u043d\u0438\u043a M-WAVE Disc II carrier 24-28\"}]},{\"@type\":\"WebSite\",\"@id\":\"https:\/\/xstyle.md\/#website\",\"url\":\"https:\/\/xstyle.md\/\",\"name\":\"\u041c\u0430\u0433\u0430\u0437\u0438\u043d Xstyle\",\"description\":\"C\u043d\u0430\u0440\u044f\u0436\u0435\u043d\u0438\u0435 \u0434\u043b\u044f \u0442\u0443\u0440\u0438\u0437\u043c\u0430 \u0438 \u044d\u043a\u0441\u0442\u0440\u0435\u043c\u0430\u043b\u044c\u043d\u044b\u0445 \u0432\u0438\u0434\u043e\u0432 \u0441\u043f\u043e\u0440\u0442\u0430 \u0432 \u041c\u043e\u043b\u0434\u043e\u0432\u0435.. \u0426\u0435\u043d\u044b, \u0444\u043e\u0442\u043e, \u0445\u0430\u0440\u0430\u043a\u0442\u0435\u0440\u0438\u0441\u0442\u0438\u043a\u0438 \u0432 \u041c\u043e\u043b\u0434\u043e\u0432\u0435.\",\"publisher\":{\"@id\":\"https:\/\/xstyle.md\/#organization\"},\"alternateName\":\"X-Style\",\"potentialAction\":[{\"@type\":\"SearchAction\",\"target\":{\"@type\":\"EntryPoint\",\"urlTemplate\":\"https:\/\/xstyle.md\/?s={search_term_string}\"},\"query-input\":{\"@type\":\"PropertyValueSpecification\",\"valueRequired\":true,\"valueName\":\"search_term_string\"}}],\"inLanguage\":\"ro-RO\"},{\"@type\":\"Organization\",\"@id\":\"https:\/\/xstyle.md\/#organization\",\"name\":\"\u041c\u0430\u0433\u0430\u0437\u0438\u043d Xstyle\",\"alternateName\":\"x-style\",\"url\":\"https:\/\/xstyle.md\/\",\"logo\":{\"@type\":\"ImageObject\",\"inLanguage\":\"ro-RO\",\"@id\":\"https:\/\/xstyle.md\/#\/schema\/logo\/image\/\",\"url\":\"https:\/\/xstyle.md\/wp-content\/uploads\/2020\/06\/logoicon.svg\",\"contentUrl\":\"https:\/\/xstyle.md\/wp-content\/uploads\/2020\/06\/logoicon.svg\",\"caption\":\"\u041c\u0430\u0433\u0430\u0437\u0438\u043d Xstyle\"},\"image\":{\"@id\":\"https:\/\/xstyle.md\/#\/schema\/logo\/image\/\"},\"sameAs\":[\"https:\/\/www.facebook.com\/xstylemd\",\"https:\/\/www.instagram.com\/xstyle_md\/\",\"https:\/\/t.me\/xstyle_outdoor\"],\"hasMerchantReturnPolicy\":{\"@type\":\"MerchantReturnPolicy\",\"merchantReturnLink\":\"https:\/\/xstyle.md\/ro\/conditions\/\"}}]}<\/script>\n<meta property=\"product:price:amount\" content=\"730.00\" \/>\n<meta property=\"product:price:currency\" content=\"MDL\" \/>\n<meta property=\"og:availability\" content=\"instock\" \/>\n<meta property=\"product:availability\" content=\"instock\" \/>\n<meta property=\"product:retailer_item_id\" content=\"2000999771248\" \/>\n<meta property=\"product:condition\" content=\"new\" \/>\n<!-- \/ Yoast SEO plugin. -->","yoast_head_json":{"title":"\u0412\u0435\u043b\u043e\u0431\u0430\u0433\u0430\u0436\u043d\u0438\u043a M-WAVE Disc II carrier 24-28 - \u041c\u0430\u0433\u0430\u0437\u0438\u043d Xstyle","robots":{"index":"index","follow":"follow","max-snippet":"max-snippet:-1","max-image-preview":"max-image-preview:large","max-video-preview":"max-video-preview:-1"},"canonical":"https:\/\/xstyle.md\/ro\/produs\/velobagazhnik-m-wave-disc-ii-carrier-24-28\/","og_locale":"ro_RO","og_type":"article","og_title":"\u0412\u0435\u043b\u043e\u0431\u0430\u0433\u0430\u0436\u043d\u0438\u043a M-WAVE Disc II carrier 24-28 - \u041c\u0430\u0433\u0430\u0437\u0438\u043d Xstyle","og_description":"\u0411\u0440\u0435\u043d\u0434 Messingschlager \u2014 \u043e\u0434\u0438\u043d \u0438\u0437 \u043a\u0440\u0443\u043f\u043d\u0435\u0439\u0448\u0438\u0445 \u0435\u0432\u0440\u043e\u043f\u0435\u0439\u0441\u043a\u0438\u0445 \u043f\u043e\u0441\u0442\u0430\u0432\u0449\u0438\u043a\u043e\u0432 \u0437\u0430\u043f\u0447\u0430\u0441\u0442\u0435\u0439 \u0438 \u0430\u043a\u0441\u0435\u0441\u0441\u0443\u0430\u0440\u043e\u0432 \u0434\u043b\u044f \u0432\u0435\u043b\u043e\u0441\u0438\u043f\u0435\u0434\u043e\u0432 \u0441 \u0431\u043e\u043b\u0435\u0435 \u0447\u0435\u043c \u0432\u0435\u043a\u043e\u0432\u043e\u0439 \u0438\u0441\u0442\u043e\u0440\u0438\u0435\u0439. \u041d\u0435\u043c\u0435\u0446\u043a\u0430\u044f \u043a\u043e\u043c\u043f\u0430\u043d\u0438\u044f \u0438\u0437\u0432\u0435\u0441\u0442\u043d\u0430 \u0441\u0432\u043e\u0438\u043c \u043e\u0433\u0440\u043e\u043c\u043d\u044b\u043c \u0430\u0441\u0441\u043e\u0440\u0442\u0438\u043c\u0435\u043d\u0442\u043e\u043c, \u0432 \u043a\u043e\u0442\u043e\u0440\u044b\u0439 \u0432\u0445\u043e\u0434\u0438\u0442 \u0438\u0445 \u0441\u043e\u0431\u0441\u0442\u0432\u0435\u043d\u043d\u044b\u0439 \u0431\u0440\u0435\u043d\u0434 M-Wave, \u0438 \u044f\u0432\u043b\u044f\u0435\u0442\u0441\u044f \u043a\u043b\u044e\u0447\u0435\u0432\u044b\u043c \u043b\u043e\u0433\u0438\u0441\u0442\u0438\u0447\u0435\u0441\u043a\u0438\u043c \u043f\u0430\u0440\u0442\u043d\u0435\u0440\u043e\u043c \u0434\u043b\u044f \u043f\u0440\u043e\u0438\u0437\u0432\u043e\u0434\u0438\u0442\u0435\u043b\u0435\u0439 \u0438 \u0434\u0438\u043b\u0435\u0440\u043e\u0432 \u0432\u0435\u043b\u043e\u0441\u0438\u043f\u0435\u0434\u043e\u0432 \u043f\u043e \u0432\u0441\u0435\u043c\u0443 \u043c\u0438\u0440\u0443.","og_url":"https:\/\/xstyle.md\/ro\/produs\/velobagazhnik-m-wave-disc-ii-carrier-24-28\/","og_site_name":"\u041c\u0430\u0433\u0430\u0437\u0438\u043d Xstyle","article_publisher":"https:\/\/www.facebook.com\/xstylemd","article_modified_time":"2026-03-19T14:33:08+00:00","og_image":[{"width":1500,"height":1500,"url":"https:\/\/xstyle.md\/wp-content\/uploads\/2025\/04\/m-wave-disc-ii-carrier-24-28.webp","type":"image\/webp"}],"twitter_card":"summary_large_image","twitter_misc":{"Pre\u021b":"730&nbsp;MDL","Disponibilitate":"\u00cen stoc"},"schema":{"@context":"https:\/\/schema.org","@graph":[{"@type":"WebPage","@id":"https:\/\/xstyle.md\/product\/velobagazhnik-m-wave-disc-ii-carrier-24-28\/","url":"https:\/\/xstyle.md\/product\/velobagazhnik-m-wave-disc-ii-carrier-24-28\/","name":"\u0412\u0435\u043b\u043e\u0431\u0430\u0433\u0430\u0436\u043d\u0438\u043a M-WAVE Disc II carrier 24-28 - \u041c\u0430\u0433\u0430\u0437\u0438\u043d Xstyle","isPartOf":{"@id":"https:\/\/xstyle.md\/#website"},"primaryImageOfPage":{"@id":"https:\/\/xstyle.md\/product\/velobagazhnik-m-wave-disc-ii-carrier-24-28\/#primaryimage"},"image":{"@id":"https:\/\/xstyle.md\/product\/velobagazhnik-m-wave-disc-ii-carrier-24-28\/#primaryimage"},"thumbnailUrl":"https:\/\/xstyle.md\/wp-content\/uploads\/2025\/04\/m-wave-disc-ii-carrier-24-28.webp","datePublished":"2025-04-07T12:39:19+00:00","dateModified":"2026-03-19T14:33:08+00:00","breadcrumb":{"@id":"https:\/\/xstyle.md\/product\/velobagazhnik-m-wave-disc-ii-carrier-24-28\/#breadcrumb"},"inLanguage":"ro-RO","potentialAction":[{"@type":"ReadAction","target":["https:\/\/xstyle.md\/product\/velobagazhnik-m-wave-disc-ii-carrier-24-28\/"]}]},{"@type":"ImageObject","inLanguage":"ro-RO","@id":"https:\/\/xstyle.md\/product\/velobagazhnik-m-wave-disc-ii-carrier-24-28\/#primaryimage","url":"https:\/\/xstyle.md\/wp-content\/uploads\/2025\/04\/m-wave-disc-ii-carrier-24-28.webp","contentUrl":"https:\/\/xstyle.md\/wp-content\/uploads\/2025\/04\/m-wave-disc-ii-carrier-24-28.webp","width":1500,"height":1500,"caption":"\u0420\u043e\u0437\u043e\u0432\u0430\u044f \u0432\u0435\u043b\u043e\u0441\u0438\u043f\u0435\u0434\u043d\u0430\u044f \u043a\u043e\u0440\u0437\u0438\u043d\u0430 M-WAVE Disc II \u0434\u043b\u044f \u0430\u043a\u0442\u0438\u0432\u043d\u043e\u0433\u043e \u043e\u0442\u0434\u044b\u0445\u0430, \u043f\u043e\u0445\u043e\u0434\u043e\u0432 \u0438 \u043f\u0443\u0442\u0435\u0448\u0435\u0441\u0442\u0432\u0438\u0439, \u043f\u043e\u0434\u0445\u043e\u0434\u0438\u0442 \u0434\u043b\u044f \u0432\u0435\u043b\u043e\u044d\u043a\u0438\u043f\u0438\u0440\u043e\u0432\u043a\u0438, \u043e\u0431\u0443\u0432\u0438 \u0438 \u0441\u043d\u0430\u0440\u044f\u0436\u0435\u043d\u0438\u044f \u0434\u043b\u044f \u0430\u043a\u0442\u0438\u0432\u043d\u043e\u0439 \u0436\u0438\u0437\u043d\u0438, \u0432\u0435\u043b\u043e\u0430\u043a\u0441\u0435\u0441\u0441\u0443\u0430\u0440\u043e\u0432, \u043c\u043e\u0442\u043e\u044d\u043a\u0438\u043f\u0438\u0440\u043e\u0432\u043a\u0438, \u0434\u043b\u044f \u0442\u0443\u0440\u0438\u0437\u043c\u0430 \u0438 \u0433\u043e\u0440\u043d\u043e\u0433\u043e \u0442\u0443\u0440\u0438\u0437\u043c\u0430"},{"@type":"BreadcrumbList","@id":"https:\/\/xstyle.md\/product\/velobagazhnik-m-wave-disc-ii-carrier-24-28\/#breadcrumb","itemListElement":[{"@type":"ListItem","position":1,"name":"\u0413\u043b\u0430\u0432\u043d\u0430\u044f \u0441\u0442\u0440\u0430\u043d\u0438\u0446\u0430","item":"https:\/\/xstyle.md\/"},{"@type":"ListItem","position":2,"name":"\u041c\u0430\u0433\u0430\u0437\u0438\u043d","item":"https:\/\/xstyle.md\/shop\/"},{"@type":"ListItem","position":3,"name":"\u0412\u0435\u043b\u043e\u0431\u0430\u0433\u0430\u0436\u043d\u0438\u043a M-WAVE Disc II carrier 24-28"}]},{"@type":"WebSite","@id":"https:\/\/xstyle.md\/#website","url":"https:\/\/xstyle.md\/","name":"Magazinul X-Style","description":"Echipamente pentru turism \u0219i sporturi extreme \u00een Moldova. Pre\u021buri, fotografii, caracteristici \u00een Moldova.","publisher":{"@id":"https:\/\/xstyle.md\/#organization"},"alternateName":"X-Style","potentialAction":[{"@type":"SearchAction","target":{"@type":"EntryPoint","urlTemplate":"https:\/\/xstyle.md\/?s={search_term_string}"},"query-input":{"@type":"PropertyValueSpecification","valueRequired":true,"valueName":"search_term_string"}}],"inLanguage":"ro-RO"},{"@type":"Organization","@id":"https:\/\/xstyle.md\/#organization","name":"Magazinul X-Style","alternateName":"x-style","url":"https:\/\/xstyle.md\/","logo":{"@type":"ImageObject","inLanguage":"ro-RO","@id":"https:\/\/xstyle.md\/#\/schema\/logo\/image\/","url":"https:\/\/xstyle.md\/wp-content\/uploads\/2020\/06\/logoicon.svg","contentUrl":"https:\/\/xstyle.md\/wp-content\/uploads\/2020\/06\/logoicon.svg","caption":"\u041c\u0430\u0433\u0430\u0437\u0438\u043d Xstyle"},"image":{"@id":"https:\/\/xstyle.md\/#\/schema\/logo\/image\/"},"sameAs":["https:\/\/www.facebook.com\/xstylemd","https:\/\/www.instagram.com\/xstyle_md\/","https:\/\/t.me\/xstyle_outdoor"],"hasMerchantReturnPolicy":{"@type":"MerchantReturnPolicy","merchantReturnLink":"https:\/\/xstyle.md\/ro\/conditions\/"}}]},"product_price_amount":"730.00","product_price_currency":"MDL","og_availability":"instock","product_availability":"instock","product_retailer_item_id":"2000999771248","product_condition":"new"},"post_mailing_queue_ids":[],"_links":{"self":[{"href":"https:\/\/xstyle.md\/ro\/wp-json\/wp\/v2\/product\/93648","targetHints":{"allow":["GET"]}}],"collection":[{"href":"https:\/\/xstyle.md\/ro\/wp-json\/wp\/v2\/product"}],"about":[{"href":"https:\/\/xstyle.md\/ro\/wp-json\/wp\/v2\/types\/product"}],"replies":[{"embeddable":true,"href":"https:\/\/xstyle.md\/ro\/wp-json\/wp\/v2\/comments?post=93648"}],"wp:featuredmedia":[{"embeddable":true,"href":"https:\/\/xstyle.md\/ro\/wp-json\/wp\/v2\/media\/94566"}],"wp:attachment":[{"href":"https:\/\/xstyle.md\/ro\/wp-json\/wp\/v2\/media?parent=93648"}],"wp:term":[{"taxonomy":"product_brand","embeddable":true,"href":"https:\/\/xstyle.md\/ro\/wp-json\/wp\/v2\/product_brand?post=93648"},{"taxonomy":"product_cat","embeddable":true,"href":"https:\/\/xstyle.md\/ro\/wp-json\/wp\/v2\/product_cat?post=93648"},{"taxonomy":"product_tag","embeddable":true,"href":"https:\/\/xstyle.md\/ro\/wp-json\/wp\/v2\/product_tag?post=93648"}],"curies":[{"name":"wp","href":"https:\/\/api.w.org\/{rel}","templated":true}]}}