{"id":93635,"date":"2025-04-07T15:39:16","date_gmt":"2025-04-07T12:39:16","guid":{"rendered":"https:\/\/xstyle.md\/?post_type=product&#038;p=93635"},"modified":"2026-02-16T17:06:16","modified_gmt":"2026-02-16T14:06:16","slug":"skandinavskie-palki-masters-physique-08","status":"publish","type":"product","link":"https:\/\/xstyle.md\/ro\/produs\/skandinavskie-palki-masters-physique-08\/","title":{"rendered":"Be\u021be de Nordic Walking Masters Physique 0,8"},"content":{"rendered":"<\/p>\n<p><strong>Be\u021be de Nordic Walking Masters Physique 0,8<\/strong> &#8212; sunt deosebit de u\u0219oare \u0219i dinamice. Compus din 80% carbon, acest model este at\u00e2t u\u0219or, c\u00e2t \u0219i eficient. C\u00e2nt\u0103rind doar 300 de grame, acesta v\u0103 permite s\u0103 v\u0103 aventura\u021bi pe trasee cu u\u0219urin\u021b\u0103 maxim\u0103, chiar \u0219i dup\u0103 lungi ore de mers.<\/p>\n<p>Eficien\u021ba sa este sporit\u0103 de prezen\u021ba m\u00e2nerului ergonomic Snow Grip \u0219i de un sistem de ching\u0103 pentru \u00eencheietur\u0103 care \u00eenf\u0103\u0219oar\u0103 m\u00e2na \u0219i este u\u0219or deta\u0219abil datorit\u0103 benzii Velcro. Precizia, lejeritatea \u0219i confortul sunt principalele atuuri ale acestor b\u0103\u021be de Nordic Walking.<\/p>\n<h3>Caracteristici<\/h3>\n<ul>\n<li>Material &#8212; 80% carbon<\/li>\n<li>M\u00e2ner &#8212; Ergonomic (Snow Grip)<\/li>\n<li>Ching\u0103 &#8212; Sistem de \u00eenf\u0103\u0219urare cu Velcro<\/li>\n<li>Tip &#8212; Unisex<\/li>\n<li>Tub &#8212; Carbon<\/li>\n<\/ul>\n<p><\/p>\n<h3>Marca<\/h3>\n<p>Compania italian\u0103 Masters, fondat\u0103 \u00een 1977, este unul dintre liderii mondiali \u00een produc\u021bia de be\u021be de trekking \u0219i Nordic Walking. Produsele lor sunt renumite pentru utilizarea materialelor de \u00eenalt\u0103 calitate, a solu\u021biilor inginere\u0219ti brevetate \u0219i pentru un raport excelent \u00eentre greutate, fiabilitate \u0219i pre\u021b.<\/p>","protected":false},"excerpt":{"rendered":"<p>\u0411\u0440\u0435\u043d\u0434 \u0418\u0442\u0430\u043b\u044c\u044f\u043d\u0441\u043a\u0430\u044f \u043a\u043e\u043c\u043f\u0430\u043d\u0438\u044f Masters, \u043e\u0441\u043d\u043e\u0432\u0430\u043d\u043d\u0430\u044f \u0432 1977 \u0433\u043e\u0434\u0443, \u044f\u0432\u043b\u044f\u0435\u0442\u0441\u044f \u043e\u0434\u043d\u0438\u043c \u0438\u0437 \u043c\u0438\u0440\u043e\u0432\u044b\u0445 \u043b\u0438\u0434\u0435\u0440\u043e\u0432 \u043f\u043e \u043f\u0440\u043e\u0438\u0437\u0432\u043e\u0434\u0441\u0442\u0432\u0443 \u043f\u0430\u043b\u043e\u043a \u0434\u043b\u044f \u0442\u0440\u0435\u043a\u043a\u0438\u043d\u0433\u0430 \u0438 \u0441\u043a\u0430\u043d\u0434\u0438\u043d\u0430\u0432\u0441\u043a\u043e\u0439 \u0445\u043e\u0434\u044c\u0431\u044b. \u0418\u0445 \u043f\u0440\u043e\u0434\u0443\u043a\u0446\u0438\u044f \u0441\u043b\u0430\u0432\u0438\u0442\u0441\u044f \u0438\u0441\u043f\u043e\u043b\u044c\u0437\u043e\u0432\u0430\u043d\u0438\u0435\u043c \u0432\u044b\u0441\u043e\u043a\u043e\u043a\u0430\u0447\u0435\u0441\u0442\u0432\u0435\u043d\u043d\u044b\u0445 \u043c\u0430\u0442\u0435\u0440\u0438\u0430\u043b\u043e\u0432, \u0437\u0430\u043f\u0430\u0442\u0435\u043d\u0442\u043e\u0432\u0430\u043d\u043d\u044b\u0445 \u0438\u043d\u0436\u0435\u043d\u0435\u0440\u043d\u044b\u0445 \u0440\u0435\u0448\u0435\u043d\u0438\u0439 \u0438 \u043e\u0442\u043b\u0438\u0447\u043d\u044b\u043c \u0431\u0430\u043b\u0430\u043d\u0441\u043e\u043c \u043c\u0435\u0436\u0434\u0443 \u0432\u0435\u0441\u043e\u043c, \u043d\u0430\u0434\u0435\u0436\u043d\u043e\u0441\u0442\u044c\u044e \u0438 \u0446\u0435\u043d\u043e\u0439.<\/p>","protected":false},"featured_media":101478,"comment_status":"open","ping_status":"closed","template":"","meta":{"_acf_changed":false,"inline_featured_image":false},"product_brand":[1326],"product_cat":[461],"product_tag":[],"class_list":{"0":"post-93635","1":"product","2":"type-product","3":"status-publish","4":"has-post-thumbnail","6":"product_brand-masters","7":"product_cat-nordic-stalpi","9":"first","10":"instock","11":"shipping-taxable","12":"purchasable","13":"product-type-simple"},"acf":[],"yoast_head":"<!-- This site is optimized with the Yoast SEO plugin v27.2 - https:\/\/yoast.com\/product\/yoast-seo-wordpress\/ -->\n<title>\u0421\u043a\u0430\u043d\u0434\u0438\u043d\u0430\u0432\u0441\u043a\u0438\u0435 \u043f\u0430\u043b\u043a\u0438 Masters Physique 0,8 - \u041c\u0430\u0433\u0430\u0437\u0438\u043d Xstyle<\/title>\n<meta name=\"robots\" content=\"index, follow, max-snippet:-1, max-image-preview:large, max-video-preview:-1\" \/>\n<link rel=\"canonical\" href=\"https:\/\/xstyle.md\/ro\/produs\/skandinavskie-palki-masters-physique-08\/\" \/>\n<meta property=\"og:locale\" content=\"ro_RO\" \/>\n<meta property=\"og:type\" content=\"article\" \/>\n<meta property=\"og:title\" content=\"\u0421\u043a\u0430\u043d\u0434\u0438\u043d\u0430\u0432\u0441\u043a\u0438\u0435 \u043f\u0430\u043b\u043a\u0438 Masters Physique 0,8 - \u041c\u0430\u0433\u0430\u0437\u0438\u043d Xstyle\" \/>\n<meta property=\"og:description\" content=\"\u0411\u0440\u0435\u043d\u0434 \u0418\u0442\u0430\u043b\u044c\u044f\u043d\u0441\u043a\u0430\u044f \u043a\u043e\u043c\u043f\u0430\u043d\u0438\u044f Masters, \u043e\u0441\u043d\u043e\u0432\u0430\u043d\u043d\u0430\u044f \u0432 1977 \u0433\u043e\u0434\u0443, \u044f\u0432\u043b\u044f\u0435\u0442\u0441\u044f \u043e\u0434\u043d\u0438\u043c \u0438\u0437 \u043c\u0438\u0440\u043e\u0432\u044b\u0445 \u043b\u0438\u0434\u0435\u0440\u043e\u0432 \u043f\u043e \u043f\u0440\u043e\u0438\u0437\u0432\u043e\u0434\u0441\u0442\u0432\u0443 \u043f\u0430\u043b\u043e\u043a \u0434\u043b\u044f \u0442\u0440\u0435\u043a\u043a\u0438\u043d\u0433\u0430 \u0438 \u0441\u043a\u0430\u043d\u0434\u0438\u043d\u0430\u0432\u0441\u043a\u043e\u0439 \u0445\u043e\u0434\u044c\u0431\u044b. \u0418\u0445 \u043f\u0440\u043e\u0434\u0443\u043a\u0446\u0438\u044f \u0441\u043b\u0430\u0432\u0438\u0442\u0441\u044f \u0438\u0441\u043f\u043e\u043b\u044c\u0437\u043e\u0432\u0430\u043d\u0438\u0435\u043c \u0432\u044b\u0441\u043e\u043a\u043e\u043a\u0430\u0447\u0435\u0441\u0442\u0432\u0435\u043d\u043d\u044b\u0445 \u043c\u0430\u0442\u0435\u0440\u0438\u0430\u043b\u043e\u0432, \u0437\u0430\u043f\u0430\u0442\u0435\u043d\u0442\u043e\u0432\u0430\u043d\u043d\u044b\u0445 \u0438\u043d\u0436\u0435\u043d\u0435\u0440\u043d\u044b\u0445 \u0440\u0435\u0448\u0435\u043d\u0438\u0439 \u0438 \u043e\u0442\u043b\u0438\u0447\u043d\u044b\u043c \u0431\u0430\u043b\u0430\u043d\u0441\u043e\u043c \u043c\u0435\u0436\u0434\u0443 \u0432\u0435\u0441\u043e\u043c, \u043d\u0430\u0434\u0435\u0436\u043d\u043e\u0441\u0442\u044c\u044e \u0438 \u0446\u0435\u043d\u043e\u0439.\" \/>\n<meta property=\"og:url\" content=\"https:\/\/xstyle.md\/ro\/produs\/skandinavskie-palki-masters-physique-08\/\" \/>\n<meta property=\"og:site_name\" content=\"\u041c\u0430\u0433\u0430\u0437\u0438\u043d Xstyle\" \/>\n<meta property=\"article:publisher\" content=\"https:\/\/www.facebook.com\/xstylemd\" \/>\n<meta property=\"article:modified_time\" content=\"2026-02-16T14:06:16+00:00\" \/>\n<meta property=\"og:image\" content=\"https:\/\/xstyle.md\/wp-content\/uploads\/2025\/04\/masters-physique-08-1.webp\" \/>\n\t<meta property=\"og:image:width\" content=\"1200\" \/>\n\t<meta property=\"og:image:height\" content=\"1200\" \/>\n\t<meta property=\"og:image:type\" content=\"image\/webp\" \/>\n<meta name=\"twitter:card\" content=\"summary_large_image\" \/>\n<meta name=\"twitter:label1\" content=\"Pre\u021b\" \/>\n\t<meta name=\"twitter:data1\" content=\"1.490&nbsp;MDL\" \/>\n\t<meta name=\"twitter:label2\" content=\"Disponibilitate\" \/>\n\t<meta name=\"twitter:data2\" content=\"\u00cen stoc\" \/>\n<script type=\"application\/ld+json\" class=\"yoast-schema-graph\">{\"@context\":\"https:\/\/schema.org\",\"@graph\":[{\"@type\":\"WebPage\",\"@id\":\"https:\/\/xstyle.md\/product\/skandinavskie-palki-masters-physique-08\/\",\"url\":\"https:\/\/xstyle.md\/product\/skandinavskie-palki-masters-physique-08\/\",\"name\":\"\u0421\u043a\u0430\u043d\u0434\u0438\u043d\u0430\u0432\u0441\u043a\u0438\u0435 \u043f\u0430\u043b\u043a\u0438 Masters Physique 0,8 - \u041c\u0430\u0433\u0430\u0437\u0438\u043d Xstyle\",\"isPartOf\":{\"@id\":\"https:\/\/xstyle.md\/#website\"},\"primaryImageOfPage\":{\"@id\":\"https:\/\/xstyle.md\/product\/skandinavskie-palki-masters-physique-08\/#primaryimage\"},\"image\":{\"@id\":\"https:\/\/xstyle.md\/product\/skandinavskie-palki-masters-physique-08\/#primaryimage\"},\"thumbnailUrl\":\"https:\/\/xstyle.md\/wp-content\/uploads\/2025\/04\/masters-physique-08-1.webp\",\"datePublished\":\"2025-04-07T12:39:16+00:00\",\"dateModified\":\"2026-02-16T14:06:16+00:00\",\"breadcrumb\":{\"@id\":\"https:\/\/xstyle.md\/product\/skandinavskie-palki-masters-physique-08\/#breadcrumb\"},\"inLanguage\":\"ro-RO\",\"potentialAction\":[{\"@type\":\"ReadAction\",\"target\":[\"https:\/\/xstyle.md\/product\/skandinavskie-palki-masters-physique-08\/\"]}]},{\"@type\":\"ImageObject\",\"inLanguage\":\"ro-RO\",\"@id\":\"https:\/\/xstyle.md\/product\/skandinavskie-palki-masters-physique-08\/#primaryimage\",\"url\":\"https:\/\/xstyle.md\/wp-content\/uploads\/2025\/04\/masters-physique-08-1.webp\",\"contentUrl\":\"https:\/\/xstyle.md\/wp-content\/uploads\/2025\/04\/masters-physique-08-1.webp\",\"width\":1200,\"height\":1200,\"caption\":\"\u041a\u043e\u0440\u043e\u0442\u043a\u0438\u0435 \u0441\u043a\u0430\u043d\u0434\u0438\u043d\u0430\u0432\u0441\u043a\u0438\u0435 \u043f\u0430\u043b\u043a\u0438 Masters Physique 0,8 \u0434\u043b\u044f \u0430\u043a\u0442\u0438\u0432\u043d\u043e\u0433\u043e \u043e\u0442\u0434\u044b\u0445\u0430 \u0438 \u0442\u0443\u0440\u0438\u0437\u043c\u0430, \u043f\u043e\u0445\u043e\u0434\u043e\u0432, \u0433\u043e\u0440\u043d\u044b\u0445 \u043f\u043e\u0445\u043e\u0434\u043e\u0432 \u0438 \u043f\u0443\u0442\u0435\u0448\u0435\u0441\u0442\u0432\u0438\u0439, \u044d\u043a\u0438\u043f\u0438\u0440\u043e\u0432\u043a\u0430 \u0434\u043b\u044f \u0441\u043f\u043e\u0440\u0442\u0438\u0432\u043d\u043e\u0439 \u043e\u0434\u0435\u0436\u0434\u044b \u0438 \u043e\u0431\u0443\u0432\u0438 \u0434\u043b\u044f \u043f\u043e\u0445\u043e\u0434\u043e\u0432 \u0438 \u0430\u043a\u0442\u0438\u0432\u043d\u043e\u0433\u043e \u043e\u0431\u0440\u0430\u0437\u0430 \u0436\u0438\u0437\u043d\u0438\"},{\"@type\":\"BreadcrumbList\",\"@id\":\"https:\/\/xstyle.md\/product\/skandinavskie-palki-masters-physique-08\/#breadcrumb\",\"itemListElement\":[{\"@type\":\"ListItem\",\"position\":1,\"name\":\"\u0413\u043b\u0430\u0432\u043d\u0430\u044f \u0441\u0442\u0440\u0430\u043d\u0438\u0446\u0430\",\"item\":\"https:\/\/xstyle.md\/\"},{\"@type\":\"ListItem\",\"position\":2,\"name\":\"\u041c\u0430\u0433\u0430\u0437\u0438\u043d\",\"item\":\"https:\/\/xstyle.md\/shop\/\"},{\"@type\":\"ListItem\",\"position\":3,\"name\":\"\u0421\u043a\u0430\u043d\u0434\u0438\u043d\u0430\u0432\u0441\u043a\u0438\u0435 \u043f\u0430\u043b\u043a\u0438 Masters Physique 0,8\"}]},{\"@type\":\"WebSite\",\"@id\":\"https:\/\/xstyle.md\/#website\",\"url\":\"https:\/\/xstyle.md\/\",\"name\":\"\u041c\u0430\u0433\u0430\u0437\u0438\u043d Xstyle\",\"description\":\"C\u043d\u0430\u0440\u044f\u0436\u0435\u043d\u0438\u0435 \u0434\u043b\u044f \u0442\u0443\u0440\u0438\u0437\u043c\u0430 \u0438 \u044d\u043a\u0441\u0442\u0440\u0435\u043c\u0430\u043b\u044c\u043d\u044b\u0445 \u0432\u0438\u0434\u043e\u0432 \u0441\u043f\u043e\u0440\u0442\u0430 \u0432 \u041c\u043e\u043b\u0434\u043e\u0432\u0435.. \u0426\u0435\u043d\u044b, \u0444\u043e\u0442\u043e, \u0445\u0430\u0440\u0430\u043a\u0442\u0435\u0440\u0438\u0441\u0442\u0438\u043a\u0438 \u0432 \u041c\u043e\u043b\u0434\u043e\u0432\u0435.\",\"publisher\":{\"@id\":\"https:\/\/xstyle.md\/#organization\"},\"alternateName\":\"X-Style\",\"potentialAction\":[{\"@type\":\"SearchAction\",\"target\":{\"@type\":\"EntryPoint\",\"urlTemplate\":\"https:\/\/xstyle.md\/?s={search_term_string}\"},\"query-input\":{\"@type\":\"PropertyValueSpecification\",\"valueRequired\":true,\"valueName\":\"search_term_string\"}}],\"inLanguage\":\"ro-RO\"},{\"@type\":\"Organization\",\"@id\":\"https:\/\/xstyle.md\/#organization\",\"name\":\"\u041c\u0430\u0433\u0430\u0437\u0438\u043d Xstyle\",\"alternateName\":\"x-style\",\"url\":\"https:\/\/xstyle.md\/\",\"logo\":{\"@type\":\"ImageObject\",\"inLanguage\":\"ro-RO\",\"@id\":\"https:\/\/xstyle.md\/#\/schema\/logo\/image\/\",\"url\":\"https:\/\/xstyle.md\/wp-content\/uploads\/2020\/06\/logoicon.svg\",\"contentUrl\":\"https:\/\/xstyle.md\/wp-content\/uploads\/2020\/06\/logoicon.svg\",\"caption\":\"\u041c\u0430\u0433\u0430\u0437\u0438\u043d Xstyle\"},\"image\":{\"@id\":\"https:\/\/xstyle.md\/#\/schema\/logo\/image\/\"},\"sameAs\":[\"https:\/\/www.facebook.com\/xstylemd\",\"https:\/\/www.instagram.com\/xstyle_md\/\",\"https:\/\/t.me\/xstyle_outdoor\"],\"hasMerchantReturnPolicy\":{\"@type\":\"MerchantReturnPolicy\",\"merchantReturnLink\":\"https:\/\/xstyle.md\/ro\/conditions\/\"}}]}<\/script>\n<meta property=\"product:price:amount\" content=\"1490.00\" \/>\n<meta property=\"product:price:currency\" content=\"MDL\" \/>\n<meta property=\"og:availability\" content=\"instock\" \/>\n<meta property=\"product:availability\" content=\"instock\" \/>\n<meta property=\"product:retailer_item_id\" content=\"8023349015599\" \/>\n<meta property=\"product:condition\" content=\"new\" \/>\n<!-- \/ Yoast SEO plugin. -->","yoast_head_json":{"title":"\u0421\u043a\u0430\u043d\u0434\u0438\u043d\u0430\u0432\u0441\u043a\u0438\u0435 \u043f\u0430\u043b\u043a\u0438 Masters Physique 0,8 - \u041c\u0430\u0433\u0430\u0437\u0438\u043d Xstyle","robots":{"index":"index","follow":"follow","max-snippet":"max-snippet:-1","max-image-preview":"max-image-preview:large","max-video-preview":"max-video-preview:-1"},"canonical":"https:\/\/xstyle.md\/ro\/produs\/skandinavskie-palki-masters-physique-08\/","og_locale":"ro_RO","og_type":"article","og_title":"\u0421\u043a\u0430\u043d\u0434\u0438\u043d\u0430\u0432\u0441\u043a\u0438\u0435 \u043f\u0430\u043b\u043a\u0438 Masters Physique 0,8 - \u041c\u0430\u0433\u0430\u0437\u0438\u043d Xstyle","og_description":"\u0411\u0440\u0435\u043d\u0434 \u0418\u0442\u0430\u043b\u044c\u044f\u043d\u0441\u043a\u0430\u044f \u043a\u043e\u043c\u043f\u0430\u043d\u0438\u044f Masters, \u043e\u0441\u043d\u043e\u0432\u0430\u043d\u043d\u0430\u044f \u0432 1977 \u0433\u043e\u0434\u0443, \u044f\u0432\u043b\u044f\u0435\u0442\u0441\u044f \u043e\u0434\u043d\u0438\u043c \u0438\u0437 \u043c\u0438\u0440\u043e\u0432\u044b\u0445 \u043b\u0438\u0434\u0435\u0440\u043e\u0432 \u043f\u043e \u043f\u0440\u043e\u0438\u0437\u0432\u043e\u0434\u0441\u0442\u0432\u0443 \u043f\u0430\u043b\u043e\u043a \u0434\u043b\u044f \u0442\u0440\u0435\u043a\u043a\u0438\u043d\u0433\u0430 \u0438 \u0441\u043a\u0430\u043d\u0434\u0438\u043d\u0430\u0432\u0441\u043a\u043e\u0439 \u0445\u043e\u0434\u044c\u0431\u044b. \u0418\u0445 \u043f\u0440\u043e\u0434\u0443\u043a\u0446\u0438\u044f \u0441\u043b\u0430\u0432\u0438\u0442\u0441\u044f \u0438\u0441\u043f\u043e\u043b\u044c\u0437\u043e\u0432\u0430\u043d\u0438\u0435\u043c \u0432\u044b\u0441\u043e\u043a\u043e\u043a\u0430\u0447\u0435\u0441\u0442\u0432\u0435\u043d\u043d\u044b\u0445 \u043c\u0430\u0442\u0435\u0440\u0438\u0430\u043b\u043e\u0432, \u0437\u0430\u043f\u0430\u0442\u0435\u043d\u0442\u043e\u0432\u0430\u043d\u043d\u044b\u0445 \u0438\u043d\u0436\u0435\u043d\u0435\u0440\u043d\u044b\u0445 \u0440\u0435\u0448\u0435\u043d\u0438\u0439 \u0438 \u043e\u0442\u043b\u0438\u0447\u043d\u044b\u043c \u0431\u0430\u043b\u0430\u043d\u0441\u043e\u043c \u043c\u0435\u0436\u0434\u0443 \u0432\u0435\u0441\u043e\u043c, \u043d\u0430\u0434\u0435\u0436\u043d\u043e\u0441\u0442\u044c\u044e \u0438 \u0446\u0435\u043d\u043e\u0439.","og_url":"https:\/\/xstyle.md\/ro\/produs\/skandinavskie-palki-masters-physique-08\/","og_site_name":"\u041c\u0430\u0433\u0430\u0437\u0438\u043d Xstyle","article_publisher":"https:\/\/www.facebook.com\/xstylemd","article_modified_time":"2026-02-16T14:06:16+00:00","og_image":[{"width":1200,"height":1200,"url":"https:\/\/xstyle.md\/wp-content\/uploads\/2025\/04\/masters-physique-08-1.webp","type":"image\/webp"}],"twitter_card":"summary_large_image","twitter_misc":{"Pre\u021b":"1.490&nbsp;MDL","Disponibilitate":"\u00cen stoc"},"schema":{"@context":"https:\/\/schema.org","@graph":[{"@type":"WebPage","@id":"https:\/\/xstyle.md\/product\/skandinavskie-palki-masters-physique-08\/","url":"https:\/\/xstyle.md\/product\/skandinavskie-palki-masters-physique-08\/","name":"\u0421\u043a\u0430\u043d\u0434\u0438\u043d\u0430\u0432\u0441\u043a\u0438\u0435 \u043f\u0430\u043b\u043a\u0438 Masters Physique 0,8 - \u041c\u0430\u0433\u0430\u0437\u0438\u043d Xstyle","isPartOf":{"@id":"https:\/\/xstyle.md\/#website"},"primaryImageOfPage":{"@id":"https:\/\/xstyle.md\/product\/skandinavskie-palki-masters-physique-08\/#primaryimage"},"image":{"@id":"https:\/\/xstyle.md\/product\/skandinavskie-palki-masters-physique-08\/#primaryimage"},"thumbnailUrl":"https:\/\/xstyle.md\/wp-content\/uploads\/2025\/04\/masters-physique-08-1.webp","datePublished":"2025-04-07T12:39:16+00:00","dateModified":"2026-02-16T14:06:16+00:00","breadcrumb":{"@id":"https:\/\/xstyle.md\/product\/skandinavskie-palki-masters-physique-08\/#breadcrumb"},"inLanguage":"ro-RO","potentialAction":[{"@type":"ReadAction","target":["https:\/\/xstyle.md\/product\/skandinavskie-palki-masters-physique-08\/"]}]},{"@type":"ImageObject","inLanguage":"ro-RO","@id":"https:\/\/xstyle.md\/product\/skandinavskie-palki-masters-physique-08\/#primaryimage","url":"https:\/\/xstyle.md\/wp-content\/uploads\/2025\/04\/masters-physique-08-1.webp","contentUrl":"https:\/\/xstyle.md\/wp-content\/uploads\/2025\/04\/masters-physique-08-1.webp","width":1200,"height":1200,"caption":"\u041a\u043e\u0440\u043e\u0442\u043a\u0438\u0435 \u0441\u043a\u0430\u043d\u0434\u0438\u043d\u0430\u0432\u0441\u043a\u0438\u0435 \u043f\u0430\u043b\u043a\u0438 Masters Physique 0,8 \u0434\u043b\u044f \u0430\u043a\u0442\u0438\u0432\u043d\u043e\u0433\u043e \u043e\u0442\u0434\u044b\u0445\u0430 \u0438 \u0442\u0443\u0440\u0438\u0437\u043c\u0430, \u043f\u043e\u0445\u043e\u0434\u043e\u0432, \u0433\u043e\u0440\u043d\u044b\u0445 \u043f\u043e\u0445\u043e\u0434\u043e\u0432 \u0438 \u043f\u0443\u0442\u0435\u0448\u0435\u0441\u0442\u0432\u0438\u0439, \u044d\u043a\u0438\u043f\u0438\u0440\u043e\u0432\u043a\u0430 \u0434\u043b\u044f \u0441\u043f\u043e\u0440\u0442\u0438\u0432\u043d\u043e\u0439 \u043e\u0434\u0435\u0436\u0434\u044b \u0438 \u043e\u0431\u0443\u0432\u0438 \u0434\u043b\u044f \u043f\u043e\u0445\u043e\u0434\u043e\u0432 \u0438 \u0430\u043a\u0442\u0438\u0432\u043d\u043e\u0433\u043e \u043e\u0431\u0440\u0430\u0437\u0430 \u0436\u0438\u0437\u043d\u0438"},{"@type":"BreadcrumbList","@id":"https:\/\/xstyle.md\/product\/skandinavskie-palki-masters-physique-08\/#breadcrumb","itemListElement":[{"@type":"ListItem","position":1,"name":"\u0413\u043b\u0430\u0432\u043d\u0430\u044f \u0441\u0442\u0440\u0430\u043d\u0438\u0446\u0430","item":"https:\/\/xstyle.md\/"},{"@type":"ListItem","position":2,"name":"\u041c\u0430\u0433\u0430\u0437\u0438\u043d","item":"https:\/\/xstyle.md\/shop\/"},{"@type":"ListItem","position":3,"name":"\u0421\u043a\u0430\u043d\u0434\u0438\u043d\u0430\u0432\u0441\u043a\u0438\u0435 \u043f\u0430\u043b\u043a\u0438 Masters Physique 0,8"}]},{"@type":"WebSite","@id":"https:\/\/xstyle.md\/#website","url":"https:\/\/xstyle.md\/","name":"Magazinul X-Style","description":"Echipamente pentru turism \u0219i sporturi extreme \u00een Moldova. Pre\u021buri, fotografii, caracteristici \u00een Moldova.","publisher":{"@id":"https:\/\/xstyle.md\/#organization"},"alternateName":"X-Style","potentialAction":[{"@type":"SearchAction","target":{"@type":"EntryPoint","urlTemplate":"https:\/\/xstyle.md\/?s={search_term_string}"},"query-input":{"@type":"PropertyValueSpecification","valueRequired":true,"valueName":"search_term_string"}}],"inLanguage":"ro-RO"},{"@type":"Organization","@id":"https:\/\/xstyle.md\/#organization","name":"Magazinul X-Style","alternateName":"x-style","url":"https:\/\/xstyle.md\/","logo":{"@type":"ImageObject","inLanguage":"ro-RO","@id":"https:\/\/xstyle.md\/#\/schema\/logo\/image\/","url":"https:\/\/xstyle.md\/wp-content\/uploads\/2020\/06\/logoicon.svg","contentUrl":"https:\/\/xstyle.md\/wp-content\/uploads\/2020\/06\/logoicon.svg","caption":"\u041c\u0430\u0433\u0430\u0437\u0438\u043d Xstyle"},"image":{"@id":"https:\/\/xstyle.md\/#\/schema\/logo\/image\/"},"sameAs":["https:\/\/www.facebook.com\/xstylemd","https:\/\/www.instagram.com\/xstyle_md\/","https:\/\/t.me\/xstyle_outdoor"],"hasMerchantReturnPolicy":{"@type":"MerchantReturnPolicy","merchantReturnLink":"https:\/\/xstyle.md\/ro\/conditions\/"}}]},"product_price_amount":"1490.00","product_price_currency":"MDL","og_availability":"instock","product_availability":"instock","product_retailer_item_id":"8023349015599","product_condition":"new"},"post_mailing_queue_ids":[],"_links":{"self":[{"href":"https:\/\/xstyle.md\/ro\/wp-json\/wp\/v2\/product\/93635","targetHints":{"allow":["GET"]}}],"collection":[{"href":"https:\/\/xstyle.md\/ro\/wp-json\/wp\/v2\/product"}],"about":[{"href":"https:\/\/xstyle.md\/ro\/wp-json\/wp\/v2\/types\/product"}],"replies":[{"embeddable":true,"href":"https:\/\/xstyle.md\/ro\/wp-json\/wp\/v2\/comments?post=93635"}],"wp:featuredmedia":[{"embeddable":true,"href":"https:\/\/xstyle.md\/ro\/wp-json\/wp\/v2\/media\/101478"}],"wp:attachment":[{"href":"https:\/\/xstyle.md\/ro\/wp-json\/wp\/v2\/media?parent=93635"}],"wp:term":[{"taxonomy":"product_brand","embeddable":true,"href":"https:\/\/xstyle.md\/ro\/wp-json\/wp\/v2\/product_brand?post=93635"},{"taxonomy":"product_cat","embeddable":true,"href":"https:\/\/xstyle.md\/ro\/wp-json\/wp\/v2\/product_cat?post=93635"},{"taxonomy":"product_tag","embeddable":true,"href":"https:\/\/xstyle.md\/ro\/wp-json\/wp\/v2\/product_tag?post=93635"}],"curies":[{"name":"wp","href":"https:\/\/api.w.org\/{rel}","templated":true}]}}