{"id":93618,"date":"2025-04-11T12:39:09","date_gmt":"2025-04-11T09:39:09","guid":{"rendered":"https:\/\/xstyle.md\/?post_type=product&#038;p=93618"},"modified":"2026-03-19T17:32:58","modified_gmt":"2026-03-19T14:32:58","slug":"holodilnik-igloo-ie24-dc-12v","status":"publish","type":"product","link":"https:\/\/xstyle.md\/ro\/produs\/holodilnik-igloo-ie24-dc-12v\/","title":{"rendered":"Frigider Igloo IE24 DC 12V"},"content":{"rendered":"<p><\/p>\n<p><strong>Igloo IE24 DC 12V<\/strong>\u00a0 -este un frigider auto compact, cu un volum de 24 de litri, care func\u021bioneaz\u0103 la curent continuu de 12 V. Este ideal pentru c\u0103l\u0103torii, camping \u0219i picnicuri, asigur\u00e2nd p\u0103strarea alimentelor \u0219i a b\u0103uturilor \u00een stare rece.<\/p>\n<h3>Particularit\u0103\u021bi<\/h3>\n<ul>\n<li>Alimentare la 12 V: Func\u021bioneaz\u0103 prin conectarea la bricheta automobilului; cablul cu lungimea de 1,8 m este inclus \u00een pachet.<\/li>\n<li>R\u0103cire eficient\u0103: Reduce temperatura cu p\u00e2n\u0103 la 20\u00b0C sub temperatura mediului ambiant.<\/li>\n<li>U\u0219urin\u021b\u0103 \u00een utilizare: M\u00e2ner ergonomic pentru transport care are \u0219i rolul de a fixa (bloca) capacul; compartiment special \u00een capac pentru depozitarea cablului.<\/li>\n<li>Capacitate: Poate g\u0103zdui o sticl\u0103 de 1,5 l (cu \u00een\u0103l\u021bimea de p\u00e2n\u0103 la 350 mm) sau 30 de doze de 330 ml.<\/li>\n<\/ul>\n<h3>Caracteristici<\/h3>\n<ul>\n<li>Volum: 24 litri<\/li>\n<li>Alimentare: 12 V DC<\/li>\n<li>Regim de temperatur\u0103: R\u0103cire p\u00e2n\u0103 la 20\u00b0C sub temperatura mediului ambiant.<\/li>\n<li>Materiale: Carcas\u0103 din HDPE, izola\u021bie din spum\u0103 de poliuretan.<\/li>\n<li>Dimensiuni (l x A x \u00ee): 296 x 396 x 406 mm (f\u0103r\u0103 m\u00e2ner) \/ 296 x 396 x 490 mm (cu m\u00e2ner).<\/li>\n<li>Greutate: 3,7 kg<br \/>\n<\/li>\n<\/ul>\n<h3>Marca<\/h3>\n<p>Igloo este un brand american iconic, recunoscut la nivel mondial ca lider \u00een fabricarea l\u0103zilor frigorifice \u00eenc\u0103 din anul 1947. Compania a revolu\u021bionat modul \u00een care oamenii se bucur\u0103 de activit\u0103\u021bile \u00een aer liber, fiind prima care a creat l\u0103zi frigorifice din plastic, mult mai u\u0219oare \u0219i durabile dec\u00e2t cele din metal. Produsele Igloo sunt apreciate pentru fiabilitatea lor, designul ergonomic \u0219i capacitatea excelent\u0103 de men\u021binere a temperaturii, fiind alegerea preferat\u0103 pentru camping, pescuit \u0219i evenimente sportive. Ast\u0103zi, brandul pune un accent tot mai mare pe sustenabilitate, lans\u00e2nd linii de produse fabricate din materiale reciclate.<\/p>","protected":false},"excerpt":{"rendered":"<p>\u0411\u0440\u0435\u043d\u0434 Igloo \u2014 \u044d\u0442\u043e \u043a\u0443\u043b\u044c\u0442\u043e\u0432\u044b\u0439 \u0430\u043c\u0435\u0440\u0438\u043a\u0430\u043d\u0441\u043a\u0438\u0439 \u0431\u0440\u0435\u043d\u0434, \u043a\u043e\u0442\u043e\u0440\u044b\u0439 \u0441 1947 \u0433\u043e\u0434\u0430 \u044f\u0432\u043b\u044f\u0435\u0442\u0441\u044f \u043c\u0438\u0440\u043e\u0432\u044b\u043c \u043b\u0438\u0434\u0435\u0440\u043e\u043c \u0432 \u043f\u0440\u043e\u0438\u0437\u0432\u043e\u0434\u0441\u0442\u0432\u0435 \u0438\u0437\u043e\u0442\u0435\u0440\u043c\u0438\u0447\u0435\u0441\u043a\u0438\u0445 \u043a\u043e\u043d\u0442\u0435\u0439\u043d\u0435\u0440\u043e\u0432 \u0438 \u0441\u0443\u043c\u043e\u043a-\u0445\u043e\u043b\u043e\u0434\u0438\u043b\u044c\u043d\u0438\u043a\u043e\u0432. \u041a\u043e\u043c\u043f\u0430\u043d\u0438\u044f \u0441\u043e\u0432\u0435\u0440\u0448\u0438\u043b\u0430 \u0440\u0435\u0432\u043e\u043b\u044e\u0446\u0438\u044e \u0432 \u0438\u043d\u0434\u0443\u0441\u0442\u0440\u0438\u0438 \u043e\u0442\u0434\u044b\u0445\u0430 \u043d\u0430 \u043f\u0440\u0438\u0440\u043e\u0434\u0435, \u043f\u0435\u0440\u0432\u043e\u0439 \u0441\u043e\u0437\u0434\u0430\u0432 \u043f\u043b\u0430\u0441\u0442\u0438\u043a\u043e\u0432\u044b\u0435 \u0445\u043e\u043b\u043e\u0434\u0438\u043b\u044c\u043d\u0438\u043a\u0438, \u043a\u043e\u0442\u043e\u0440\u044b\u0435 \u0441\u0442\u0430\u043b\u0438 \u043d\u0430\u043c\u043d\u043e\u0433\u043e \u043b\u0435\u0433\u0447\u0435 \u0438 \u0434\u043e\u043b\u0433\u043e\u0432\u0435\u0447\u043d\u0435\u0435 \u043c\u0435\u0442\u0430\u043b\u043b\u0438\u0447\u0435\u0441\u043a\u0438\u0445 \u0430\u043d\u0430\u043b\u043e\u0433\u043e\u0432. \u041f\u0440\u043e\u0434\u0443\u043a\u0446\u0438\u044f Igloo \u0446\u0435\u043d\u0438\u0442\u0441\u044f \u0437\u0430 \u0441\u0432\u043e\u044e \u043d\u0430\u0434\u0435\u0436\u043d\u043e\u0441\u0442\u044c, \u044d\u0440\u0433\u043e\u043d\u043e\u043c\u0438\u0447\u043d\u044b\u0439 \u0434\u0438\u0437\u0430\u0439\u043d \u0438 \u043f\u0440\u0435\u0432\u043e\u0441\u0445\u043e\u0434\u043d\u0443\u044e \u0442\u0435\u0440\u043c\u043e\u0438\u0437\u043e\u043b\u044f\u0446\u0438\u044e, \u043e\u0441\u0442\u0430\u0432\u0430\u044f\u0441\u044c \u0432\u044b\u0431\u043e\u0440\u043e\u043c \u043d\u043e\u043c\u0435\u0440 \u043e\u0434\u0438\u043d [&hellip;]<\/p>\n","protected":false},"featured_media":93817,"comment_status":"open","ping_status":"closed","template":"","meta":{"_acf_changed":false,"inline_featured_image":false},"product_brand":[1510],"product_cat":[110],"product_tag":[],"class_list":{"0":"post-93618","1":"product","2":"type-product","3":"status-publish","4":"has-post-thumbnail","6":"product_brand-igloo","7":"product_cat-thermoelectric-refrigerators","9":"first","10":"instock","11":"shipping-taxable","12":"purchasable","13":"product-type-simple"},"acf":[],"yoast_head":"<!-- This site is optimized with the Yoast SEO plugin v27.2 - https:\/\/yoast.com\/product\/yoast-seo-wordpress\/ -->\n<title>\u0425\u043e\u043b\u043e\u0434\u0438\u043b\u044c\u043d\u0438\u043a Igloo IE24 DC 12V - \u041c\u0430\u0433\u0430\u0437\u0438\u043d Xstyle<\/title>\n<meta name=\"robots\" content=\"index, follow, max-snippet:-1, max-image-preview:large, max-video-preview:-1\" \/>\n<link rel=\"canonical\" href=\"https:\/\/xstyle.md\/ro\/produs\/holodilnik-igloo-ie24-dc-12v\/\" \/>\n<meta property=\"og:locale\" content=\"ro_RO\" \/>\n<meta property=\"og:type\" content=\"article\" \/>\n<meta property=\"og:title\" content=\"\u0425\u043e\u043b\u043e\u0434\u0438\u043b\u044c\u043d\u0438\u043a Igloo IE24 DC 12V - \u041c\u0430\u0433\u0430\u0437\u0438\u043d Xstyle\" \/>\n<meta property=\"og:description\" content=\"\u0411\u0440\u0435\u043d\u0434 Igloo \u2014 \u044d\u0442\u043e \u043a\u0443\u043b\u044c\u0442\u043e\u0432\u044b\u0439 \u0430\u043c\u0435\u0440\u0438\u043a\u0430\u043d\u0441\u043a\u0438\u0439 \u0431\u0440\u0435\u043d\u0434, \u043a\u043e\u0442\u043e\u0440\u044b\u0439 \u0441 1947 \u0433\u043e\u0434\u0430 \u044f\u0432\u043b\u044f\u0435\u0442\u0441\u044f \u043c\u0438\u0440\u043e\u0432\u044b\u043c \u043b\u0438\u0434\u0435\u0440\u043e\u043c \u0432 \u043f\u0440\u043e\u0438\u0437\u0432\u043e\u0434\u0441\u0442\u0432\u0435 \u0438\u0437\u043e\u0442\u0435\u0440\u043c\u0438\u0447\u0435\u0441\u043a\u0438\u0445 \u043a\u043e\u043d\u0442\u0435\u0439\u043d\u0435\u0440\u043e\u0432 \u0438 \u0441\u0443\u043c\u043e\u043a-\u0445\u043e\u043b\u043e\u0434\u0438\u043b\u044c\u043d\u0438\u043a\u043e\u0432. \u041a\u043e\u043c\u043f\u0430\u043d\u0438\u044f \u0441\u043e\u0432\u0435\u0440\u0448\u0438\u043b\u0430 \u0440\u0435\u0432\u043e\u043b\u044e\u0446\u0438\u044e \u0432 \u0438\u043d\u0434\u0443\u0441\u0442\u0440\u0438\u0438 \u043e\u0442\u0434\u044b\u0445\u0430 \u043d\u0430 \u043f\u0440\u0438\u0440\u043e\u0434\u0435, \u043f\u0435\u0440\u0432\u043e\u0439 \u0441\u043e\u0437\u0434\u0430\u0432 \u043f\u043b\u0430\u0441\u0442\u0438\u043a\u043e\u0432\u044b\u0435 \u0445\u043e\u043b\u043e\u0434\u0438\u043b\u044c\u043d\u0438\u043a\u0438, \u043a\u043e\u0442\u043e\u0440\u044b\u0435 \u0441\u0442\u0430\u043b\u0438 \u043d\u0430\u043c\u043d\u043e\u0433\u043e \u043b\u0435\u0433\u0447\u0435 \u0438 \u0434\u043e\u043b\u0433\u043e\u0432\u0435\u0447\u043d\u0435\u0435 \u043c\u0435\u0442\u0430\u043b\u043b\u0438\u0447\u0435\u0441\u043a\u0438\u0445 \u0430\u043d\u0430\u043b\u043e\u0433\u043e\u0432. \u041f\u0440\u043e\u0434\u0443\u043a\u0446\u0438\u044f Igloo \u0446\u0435\u043d\u0438\u0442\u0441\u044f \u0437\u0430 \u0441\u0432\u043e\u044e \u043d\u0430\u0434\u0435\u0436\u043d\u043e\u0441\u0442\u044c, \u044d\u0440\u0433\u043e\u043d\u043e\u043c\u0438\u0447\u043d\u044b\u0439 \u0434\u0438\u0437\u0430\u0439\u043d \u0438 \u043f\u0440\u0435\u0432\u043e\u0441\u0445\u043e\u0434\u043d\u0443\u044e \u0442\u0435\u0440\u043c\u043e\u0438\u0437\u043e\u043b\u044f\u0446\u0438\u044e, \u043e\u0441\u0442\u0430\u0432\u0430\u044f\u0441\u044c \u0432\u044b\u0431\u043e\u0440\u043e\u043c \u043d\u043e\u043c\u0435\u0440 \u043e\u0434\u0438\u043d [&hellip;]\" \/>\n<meta property=\"og:url\" content=\"https:\/\/xstyle.md\/ro\/produs\/holodilnik-igloo-ie24-dc-12v\/\" \/>\n<meta property=\"og:site_name\" content=\"\u041c\u0430\u0433\u0430\u0437\u0438\u043d Xstyle\" \/>\n<meta property=\"article:publisher\" content=\"https:\/\/www.facebook.com\/xstylemd\" \/>\n<meta property=\"article:modified_time\" content=\"2026-03-19T14:32:58+00:00\" \/>\n<meta property=\"og:image\" content=\"https:\/\/xstyle.md\/wp-content\/uploads\/2025\/04\/igloo-ie24-dc-12v.webp\" \/>\n\t<meta property=\"og:image:width\" content=\"1182\" \/>\n\t<meta property=\"og:image:height\" content=\"1176\" \/>\n\t<meta property=\"og:image:type\" content=\"image\/webp\" \/>\n<meta name=\"twitter:card\" content=\"summary_large_image\" \/>\n<meta name=\"twitter:label1\" content=\"Pre\u021b\" \/>\n\t<meta name=\"twitter:data1\" content=\"1.690&nbsp;MDL\" \/>\n\t<meta name=\"twitter:label2\" content=\"Disponibilitate\" \/>\n\t<meta name=\"twitter:data2\" content=\"\u00cen stoc\" \/>\n<script type=\"application\/ld+json\" class=\"yoast-schema-graph\">{\"@context\":\"https:\/\/schema.org\",\"@graph\":[{\"@type\":\"WebPage\",\"@id\":\"https:\/\/xstyle.md\/product\/holodilnik-igloo-ie24-dc-12v\/\",\"url\":\"https:\/\/xstyle.md\/product\/holodilnik-igloo-ie24-dc-12v\/\",\"name\":\"\u0425\u043e\u043b\u043e\u0434\u0438\u043b\u044c\u043d\u0438\u043a Igloo IE24 DC 12V - \u041c\u0430\u0433\u0430\u0437\u0438\u043d Xstyle\",\"isPartOf\":{\"@id\":\"https:\/\/xstyle.md\/#website\"},\"primaryImageOfPage\":{\"@id\":\"https:\/\/xstyle.md\/product\/holodilnik-igloo-ie24-dc-12v\/#primaryimage\"},\"image\":{\"@id\":\"https:\/\/xstyle.md\/product\/holodilnik-igloo-ie24-dc-12v\/#primaryimage\"},\"thumbnailUrl\":\"https:\/\/xstyle.md\/wp-content\/uploads\/2025\/04\/igloo-ie24-dc-12v.webp\",\"datePublished\":\"2025-04-11T09:39:09+00:00\",\"dateModified\":\"2026-03-19T14:32:58+00:00\",\"breadcrumb\":{\"@id\":\"https:\/\/xstyle.md\/product\/holodilnik-igloo-ie24-dc-12v\/#breadcrumb\"},\"inLanguage\":\"ro-RO\",\"potentialAction\":[{\"@type\":\"ReadAction\",\"target\":[\"https:\/\/xstyle.md\/product\/holodilnik-igloo-ie24-dc-12v\/\"]}]},{\"@type\":\"ImageObject\",\"inLanguage\":\"ro-RO\",\"@id\":\"https:\/\/xstyle.md\/product\/holodilnik-igloo-ie24-dc-12v\/#primaryimage\",\"url\":\"https:\/\/xstyle.md\/wp-content\/uploads\/2025\/04\/igloo-ie24-dc-12v.webp\",\"contentUrl\":\"https:\/\/xstyle.md\/wp-content\/uploads\/2025\/04\/igloo-ie24-dc-12v.webp\",\"width\":1182,\"height\":1176,\"caption\":\"\u0422\u043e\u0432\u0430\u0440\u044b \u0434\u043b\u044f \u0430\u043a\u0442\u0438\u0432\u043d\u043e\u0433\u043e \u043e\u0442\u0434\u044b\u0445\u0430: \u0445\u043e\u043b\u043e\u0434\u0438\u043b\u044c\u043d\u0438\u043a Igloo IE24 DC 12V \u0434\u043b\u044f \u043f\u043e\u0445\u043e\u0434\u043e\u0432 \u0438 \u043f\u0443\u0442\u0435\u0448\u0435\u0441\u0442\u0432\u0438\u0439, \u043e\u0434\u0435\u0436\u0434\u0430 \u0438 \u043e\u0431\u0443\u0432\u044c \u0434\u043b\u044f \u0445\u0430\u0439\u043a\u0438\u043d\u0433\u0430 \u0438 \u0430\u043b\u044c\u043f\u0438\u043d\u0438\u0437\u043c\u0430 \u0432 \u0438\u043d\u0442\u0435\u0440\u043d\u0435\u0442-\u043c\u0430\u0433\u0430\u0437\u0438\u043d\u0435\"},{\"@type\":\"BreadcrumbList\",\"@id\":\"https:\/\/xstyle.md\/product\/holodilnik-igloo-ie24-dc-12v\/#breadcrumb\",\"itemListElement\":[{\"@type\":\"ListItem\",\"position\":1,\"name\":\"\u0413\u043b\u0430\u0432\u043d\u0430\u044f \u0441\u0442\u0440\u0430\u043d\u0438\u0446\u0430\",\"item\":\"https:\/\/xstyle.md\/\"},{\"@type\":\"ListItem\",\"position\":2,\"name\":\"\u041c\u0430\u0433\u0430\u0437\u0438\u043d\",\"item\":\"https:\/\/xstyle.md\/shop\/\"},{\"@type\":\"ListItem\",\"position\":3,\"name\":\"\u0425\u043e\u043b\u043e\u0434\u0438\u043b\u044c\u043d\u0438\u043a Igloo IE24 DC 12V\"}]},{\"@type\":\"WebSite\",\"@id\":\"https:\/\/xstyle.md\/#website\",\"url\":\"https:\/\/xstyle.md\/\",\"name\":\"\u041c\u0430\u0433\u0430\u0437\u0438\u043d Xstyle\",\"description\":\"C\u043d\u0430\u0440\u044f\u0436\u0435\u043d\u0438\u0435 \u0434\u043b\u044f \u0442\u0443\u0440\u0438\u0437\u043c\u0430 \u0438 \u044d\u043a\u0441\u0442\u0440\u0435\u043c\u0430\u043b\u044c\u043d\u044b\u0445 \u0432\u0438\u0434\u043e\u0432 \u0441\u043f\u043e\u0440\u0442\u0430 \u0432 \u041c\u043e\u043b\u0434\u043e\u0432\u0435.. \u0426\u0435\u043d\u044b, \u0444\u043e\u0442\u043e, \u0445\u0430\u0440\u0430\u043a\u0442\u0435\u0440\u0438\u0441\u0442\u0438\u043a\u0438 \u0432 \u041c\u043e\u043b\u0434\u043e\u0432\u0435.\",\"publisher\":{\"@id\":\"https:\/\/xstyle.md\/#organization\"},\"alternateName\":\"X-Style\",\"potentialAction\":[{\"@type\":\"SearchAction\",\"target\":{\"@type\":\"EntryPoint\",\"urlTemplate\":\"https:\/\/xstyle.md\/?s={search_term_string}\"},\"query-input\":{\"@type\":\"PropertyValueSpecification\",\"valueRequired\":true,\"valueName\":\"search_term_string\"}}],\"inLanguage\":\"ro-RO\"},{\"@type\":\"Organization\",\"@id\":\"https:\/\/xstyle.md\/#organization\",\"name\":\"\u041c\u0430\u0433\u0430\u0437\u0438\u043d Xstyle\",\"alternateName\":\"x-style\",\"url\":\"https:\/\/xstyle.md\/\",\"logo\":{\"@type\":\"ImageObject\",\"inLanguage\":\"ro-RO\",\"@id\":\"https:\/\/xstyle.md\/#\/schema\/logo\/image\/\",\"url\":\"https:\/\/xstyle.md\/wp-content\/uploads\/2020\/06\/logoicon.svg\",\"contentUrl\":\"https:\/\/xstyle.md\/wp-content\/uploads\/2020\/06\/logoicon.svg\",\"caption\":\"\u041c\u0430\u0433\u0430\u0437\u0438\u043d Xstyle\"},\"image\":{\"@id\":\"https:\/\/xstyle.md\/#\/schema\/logo\/image\/\"},\"sameAs\":[\"https:\/\/www.facebook.com\/xstylemd\",\"https:\/\/www.instagram.com\/xstyle_md\/\",\"https:\/\/t.me\/xstyle_outdoor\"],\"hasMerchantReturnPolicy\":{\"@type\":\"MerchantReturnPolicy\",\"merchantReturnLink\":\"https:\/\/xstyle.md\/ro\/conditions\/\"}}]}<\/script>\n<meta property=\"product:price:amount\" content=\"1690.00\" \/>\n<meta property=\"product:price:currency\" content=\"MDL\" \/>\n<meta property=\"og:availability\" content=\"instock\" \/>\n<meta property=\"product:availability\" content=\"instock\" \/>\n<meta property=\"product:retailer_item_id\" content=\"7315091520072\" \/>\n<meta property=\"product:condition\" content=\"new\" \/>\n<!-- \/ Yoast SEO plugin. -->","yoast_head_json":{"title":"\u0425\u043e\u043b\u043e\u0434\u0438\u043b\u044c\u043d\u0438\u043a Igloo IE24 DC 12V - \u041c\u0430\u0433\u0430\u0437\u0438\u043d Xstyle","robots":{"index":"index","follow":"follow","max-snippet":"max-snippet:-1","max-image-preview":"max-image-preview:large","max-video-preview":"max-video-preview:-1"},"canonical":"https:\/\/xstyle.md\/ro\/produs\/holodilnik-igloo-ie24-dc-12v\/","og_locale":"ro_RO","og_type":"article","og_title":"\u0425\u043e\u043b\u043e\u0434\u0438\u043b\u044c\u043d\u0438\u043a Igloo IE24 DC 12V - \u041c\u0430\u0433\u0430\u0437\u0438\u043d Xstyle","og_description":"\u0411\u0440\u0435\u043d\u0434 Igloo \u2014 \u044d\u0442\u043e \u043a\u0443\u043b\u044c\u0442\u043e\u0432\u044b\u0439 \u0430\u043c\u0435\u0440\u0438\u043a\u0430\u043d\u0441\u043a\u0438\u0439 \u0431\u0440\u0435\u043d\u0434, \u043a\u043e\u0442\u043e\u0440\u044b\u0439 \u0441 1947 \u0433\u043e\u0434\u0430 \u044f\u0432\u043b\u044f\u0435\u0442\u0441\u044f \u043c\u0438\u0440\u043e\u0432\u044b\u043c \u043b\u0438\u0434\u0435\u0440\u043e\u043c \u0432 \u043f\u0440\u043e\u0438\u0437\u0432\u043e\u0434\u0441\u0442\u0432\u0435 \u0438\u0437\u043e\u0442\u0435\u0440\u043c\u0438\u0447\u0435\u0441\u043a\u0438\u0445 \u043a\u043e\u043d\u0442\u0435\u0439\u043d\u0435\u0440\u043e\u0432 \u0438 \u0441\u0443\u043c\u043e\u043a-\u0445\u043e\u043b\u043e\u0434\u0438\u043b\u044c\u043d\u0438\u043a\u043e\u0432. \u041a\u043e\u043c\u043f\u0430\u043d\u0438\u044f \u0441\u043e\u0432\u0435\u0440\u0448\u0438\u043b\u0430 \u0440\u0435\u0432\u043e\u043b\u044e\u0446\u0438\u044e \u0432 \u0438\u043d\u0434\u0443\u0441\u0442\u0440\u0438\u0438 \u043e\u0442\u0434\u044b\u0445\u0430 \u043d\u0430 \u043f\u0440\u0438\u0440\u043e\u0434\u0435, \u043f\u0435\u0440\u0432\u043e\u0439 \u0441\u043e\u0437\u0434\u0430\u0432 \u043f\u043b\u0430\u0441\u0442\u0438\u043a\u043e\u0432\u044b\u0435 \u0445\u043e\u043b\u043e\u0434\u0438\u043b\u044c\u043d\u0438\u043a\u0438, \u043a\u043e\u0442\u043e\u0440\u044b\u0435 \u0441\u0442\u0430\u043b\u0438 \u043d\u0430\u043c\u043d\u043e\u0433\u043e \u043b\u0435\u0433\u0447\u0435 \u0438 \u0434\u043e\u043b\u0433\u043e\u0432\u0435\u0447\u043d\u0435\u0435 \u043c\u0435\u0442\u0430\u043b\u043b\u0438\u0447\u0435\u0441\u043a\u0438\u0445 \u0430\u043d\u0430\u043b\u043e\u0433\u043e\u0432. \u041f\u0440\u043e\u0434\u0443\u043a\u0446\u0438\u044f Igloo \u0446\u0435\u043d\u0438\u0442\u0441\u044f \u0437\u0430 \u0441\u0432\u043e\u044e \u043d\u0430\u0434\u0435\u0436\u043d\u043e\u0441\u0442\u044c, \u044d\u0440\u0433\u043e\u043d\u043e\u043c\u0438\u0447\u043d\u044b\u0439 \u0434\u0438\u0437\u0430\u0439\u043d \u0438 \u043f\u0440\u0435\u0432\u043e\u0441\u0445\u043e\u0434\u043d\u0443\u044e \u0442\u0435\u0440\u043c\u043e\u0438\u0437\u043e\u043b\u044f\u0446\u0438\u044e, \u043e\u0441\u0442\u0430\u0432\u0430\u044f\u0441\u044c \u0432\u044b\u0431\u043e\u0440\u043e\u043c \u043d\u043e\u043c\u0435\u0440 \u043e\u0434\u0438\u043d [&hellip;]","og_url":"https:\/\/xstyle.md\/ro\/produs\/holodilnik-igloo-ie24-dc-12v\/","og_site_name":"\u041c\u0430\u0433\u0430\u0437\u0438\u043d Xstyle","article_publisher":"https:\/\/www.facebook.com\/xstylemd","article_modified_time":"2026-03-19T14:32:58+00:00","og_image":[{"width":1182,"height":1176,"url":"https:\/\/xstyle.md\/wp-content\/uploads\/2025\/04\/igloo-ie24-dc-12v.webp","type":"image\/webp"}],"twitter_card":"summary_large_image","twitter_misc":{"Pre\u021b":"1.690&nbsp;MDL","Disponibilitate":"\u00cen stoc"},"schema":{"@context":"https:\/\/schema.org","@graph":[{"@type":"WebPage","@id":"https:\/\/xstyle.md\/product\/holodilnik-igloo-ie24-dc-12v\/","url":"https:\/\/xstyle.md\/product\/holodilnik-igloo-ie24-dc-12v\/","name":"\u0425\u043e\u043b\u043e\u0434\u0438\u043b\u044c\u043d\u0438\u043a Igloo IE24 DC 12V - \u041c\u0430\u0433\u0430\u0437\u0438\u043d Xstyle","isPartOf":{"@id":"https:\/\/xstyle.md\/#website"},"primaryImageOfPage":{"@id":"https:\/\/xstyle.md\/product\/holodilnik-igloo-ie24-dc-12v\/#primaryimage"},"image":{"@id":"https:\/\/xstyle.md\/product\/holodilnik-igloo-ie24-dc-12v\/#primaryimage"},"thumbnailUrl":"https:\/\/xstyle.md\/wp-content\/uploads\/2025\/04\/igloo-ie24-dc-12v.webp","datePublished":"2025-04-11T09:39:09+00:00","dateModified":"2026-03-19T14:32:58+00:00","breadcrumb":{"@id":"https:\/\/xstyle.md\/product\/holodilnik-igloo-ie24-dc-12v\/#breadcrumb"},"inLanguage":"ro-RO","potentialAction":[{"@type":"ReadAction","target":["https:\/\/xstyle.md\/product\/holodilnik-igloo-ie24-dc-12v\/"]}]},{"@type":"ImageObject","inLanguage":"ro-RO","@id":"https:\/\/xstyle.md\/product\/holodilnik-igloo-ie24-dc-12v\/#primaryimage","url":"https:\/\/xstyle.md\/wp-content\/uploads\/2025\/04\/igloo-ie24-dc-12v.webp","contentUrl":"https:\/\/xstyle.md\/wp-content\/uploads\/2025\/04\/igloo-ie24-dc-12v.webp","width":1182,"height":1176,"caption":"\u0422\u043e\u0432\u0430\u0440\u044b \u0434\u043b\u044f \u0430\u043a\u0442\u0438\u0432\u043d\u043e\u0433\u043e \u043e\u0442\u0434\u044b\u0445\u0430: \u0445\u043e\u043b\u043e\u0434\u0438\u043b\u044c\u043d\u0438\u043a Igloo IE24 DC 12V \u0434\u043b\u044f \u043f\u043e\u0445\u043e\u0434\u043e\u0432 \u0438 \u043f\u0443\u0442\u0435\u0448\u0435\u0441\u0442\u0432\u0438\u0439, \u043e\u0434\u0435\u0436\u0434\u0430 \u0438 \u043e\u0431\u0443\u0432\u044c \u0434\u043b\u044f \u0445\u0430\u0439\u043a\u0438\u043d\u0433\u0430 \u0438 \u0430\u043b\u044c\u043f\u0438\u043d\u0438\u0437\u043c\u0430 \u0432 \u0438\u043d\u0442\u0435\u0440\u043d\u0435\u0442-\u043c\u0430\u0433\u0430\u0437\u0438\u043d\u0435"},{"@type":"BreadcrumbList","@id":"https:\/\/xstyle.md\/product\/holodilnik-igloo-ie24-dc-12v\/#breadcrumb","itemListElement":[{"@type":"ListItem","position":1,"name":"\u0413\u043b\u0430\u0432\u043d\u0430\u044f \u0441\u0442\u0440\u0430\u043d\u0438\u0446\u0430","item":"https:\/\/xstyle.md\/"},{"@type":"ListItem","position":2,"name":"\u041c\u0430\u0433\u0430\u0437\u0438\u043d","item":"https:\/\/xstyle.md\/shop\/"},{"@type":"ListItem","position":3,"name":"\u0425\u043e\u043b\u043e\u0434\u0438\u043b\u044c\u043d\u0438\u043a Igloo IE24 DC 12V"}]},{"@type":"WebSite","@id":"https:\/\/xstyle.md\/#website","url":"https:\/\/xstyle.md\/","name":"Magazinul X-Style","description":"Echipamente pentru turism \u0219i sporturi extreme \u00een Moldova. Pre\u021buri, fotografii, caracteristici \u00een Moldova.","publisher":{"@id":"https:\/\/xstyle.md\/#organization"},"alternateName":"X-Style","potentialAction":[{"@type":"SearchAction","target":{"@type":"EntryPoint","urlTemplate":"https:\/\/xstyle.md\/?s={search_term_string}"},"query-input":{"@type":"PropertyValueSpecification","valueRequired":true,"valueName":"search_term_string"}}],"inLanguage":"ro-RO"},{"@type":"Organization","@id":"https:\/\/xstyle.md\/#organization","name":"Magazinul X-Style","alternateName":"x-style","url":"https:\/\/xstyle.md\/","logo":{"@type":"ImageObject","inLanguage":"ro-RO","@id":"https:\/\/xstyle.md\/#\/schema\/logo\/image\/","url":"https:\/\/xstyle.md\/wp-content\/uploads\/2020\/06\/logoicon.svg","contentUrl":"https:\/\/xstyle.md\/wp-content\/uploads\/2020\/06\/logoicon.svg","caption":"\u041c\u0430\u0433\u0430\u0437\u0438\u043d Xstyle"},"image":{"@id":"https:\/\/xstyle.md\/#\/schema\/logo\/image\/"},"sameAs":["https:\/\/www.facebook.com\/xstylemd","https:\/\/www.instagram.com\/xstyle_md\/","https:\/\/t.me\/xstyle_outdoor"],"hasMerchantReturnPolicy":{"@type":"MerchantReturnPolicy","merchantReturnLink":"https:\/\/xstyle.md\/ro\/conditions\/"}}]},"product_price_amount":"1690.00","product_price_currency":"MDL","og_availability":"instock","product_availability":"instock","product_retailer_item_id":"7315091520072","product_condition":"new"},"post_mailing_queue_ids":[],"_links":{"self":[{"href":"https:\/\/xstyle.md\/ro\/wp-json\/wp\/v2\/product\/93618","targetHints":{"allow":["GET"]}}],"collection":[{"href":"https:\/\/xstyle.md\/ro\/wp-json\/wp\/v2\/product"}],"about":[{"href":"https:\/\/xstyle.md\/ro\/wp-json\/wp\/v2\/types\/product"}],"replies":[{"embeddable":true,"href":"https:\/\/xstyle.md\/ro\/wp-json\/wp\/v2\/comments?post=93618"}],"wp:featuredmedia":[{"embeddable":true,"href":"https:\/\/xstyle.md\/ro\/wp-json\/wp\/v2\/media\/93817"}],"wp:attachment":[{"href":"https:\/\/xstyle.md\/ro\/wp-json\/wp\/v2\/media?parent=93618"}],"wp:term":[{"taxonomy":"product_brand","embeddable":true,"href":"https:\/\/xstyle.md\/ro\/wp-json\/wp\/v2\/product_brand?post=93618"},{"taxonomy":"product_cat","embeddable":true,"href":"https:\/\/xstyle.md\/ro\/wp-json\/wp\/v2\/product_cat?post=93618"},{"taxonomy":"product_tag","embeddable":true,"href":"https:\/\/xstyle.md\/ro\/wp-json\/wp\/v2\/product_tag?post=93618"}],"curies":[{"name":"wp","href":"https:\/\/api.w.org\/{rel}","templated":true}]}}