{"id":92986,"date":"2025-03-01T16:16:39","date_gmt":"2025-03-01T13:16:39","guid":{"rendered":"https:\/\/xstyle.md\/?post_type=product&#038;p=92986"},"modified":"2026-02-23T17:44:47","modified_gmt":"2026-02-23T14:44:47","slug":"nozh-opinel-stainless-steel-padouk-no-12","status":"publish","type":"product","link":"https:\/\/xstyle.md\/ro\/produs\/nozh-opinel-stainless-steel-padouk-no-12\/","title":{"rendered":"Cu\u021bit Opinel Stainless Steel Padouk No.12"},"content":{"rendered":"<p><\/p>\n<p><strong>Opinel Stainless Steel No. 12<\/strong> &#8212; este un cu\u021bit de filetat, un model practic pentru utilizarea acas\u0103 sau \u00een c\u0103l\u0103torii. Este fabricat dintr-un aliaj inoxidabil \u0219i lemn natural, av\u00e2nd o construc\u021bie pliabil\u0103 \u0219i fiind dotat cu un mecanism de blocare pentru a men\u021bine lama \u00een pozi\u021bia dorit\u0103.<\/p>\n<p>Acest model este unul special pentru filetat, av\u00e2nd o lam\u0103 lung\u0103 \u0219i \u00eengust\u0103. \u00cen plus, lama este destul de flexibil\u0103, ceea ce face cu\u021bitul foarte comod pentru separarea fileului de pe\u0219te de oase. Este potrivit, de asemenea, pentru carne sau br\u00e2nzeturi, \u00eens\u0103 produsele mai dure este recomandat s\u0103 nu fie t\u0103iate cu acest cu\u021bit pentru a nu deteriora lama. Este u\u0219or de depozitat nu doar \u00een buc\u0103t\u0103rie, ci \u0219i de luat \u00een orice c\u0103l\u0103torie, datorit\u0103 faptului c\u0103 este pliabil.<\/p>\n<p>Cu\u021bitul nu necesit\u0103 o \u00eentre\u021binere preten\u021bioas\u0103, fiind creat din materiale practice. Lama sa nu rugine\u0219te (o\u021bel Sandvik 12C27) \u0219i se ascute u\u0219or. M\u00e2nerul este realizat din lemn de fag natural, de culoare deschis\u0103 \u0219i tratat cu un strat protector special. Din punct de vedere al geometriei, m\u00e2nerul se \u00eengusteaz\u0103 spre cap\u0103t pentru a asigura o priz\u0103 ferm\u0103. Lemnul de fag este recunoscut pentru calit\u0103\u021bile sale practice \u0219i aspectul estetic pl\u0103cut.<\/p>\n<p>O caracteristic\u0103 important\u0103 a modelului Opinel Nr. 12 este sistemul de blocare Virobloc. Acest mecanism cu man\u0219on este foarte simplu \u0219i durabil, neav\u00e2nd piese complexe. Acesta fixeaz\u0103 lama fa\u021b\u0103 de m\u00e2ner \u00een dou\u0103 pozi\u021bii: deschis \u0219i pliat. Prin urmare, cu\u021bitul poate fi transportat \u00een deplin\u0103 siguran\u021b\u0103 \u00een camping sau \u00een orice alt\u0103 ie\u0219ire \u00een natur\u0103.<\/p>\n<h3>Caracteristici<\/h3>\n<ul>\n<li>Tip cu\u021bit &#8212; pliabil<\/li>\n<li>Tip t\u0103i\u0219 &#8212; standard<\/li>\n<li>Tip blocare &#8212; Virobloc<\/li>\n<li>Lungime total\u0103 &#8212; 27 cm<\/li>\n<li>Lungime lam\u0103 &#8212; 12 cm<\/li>\n<li>Material m\u00e2ner &#8212; lemn de fag<\/li>\n<li>Duritate o\u021bel &#8212; 57-58 HRC<\/li>\n<li>Marc\u0103 o\u021bel &#8212; sandvik 12C27<\/li>\n<li>Greutate &#8212; 45 g<\/li>\n<\/ul>\n<p><\/p>\n<h3>Marca<\/h3>\n<p>Opinel este una dintre cele mai renumite companii produc\u0103toare de cu\u021bite, tac\u00e2muri \u0219i unelte de gr\u0103din\u0103rit. Istoria sa a \u00eenceput \u00een anul 1890, c\u00e2nd me\u0219te\u0219ugarul francez Joseph Opinel a creat primul s\u0103u cu\u021bit pliabil. Datorit\u0103 durabilit\u0103\u021bii \u0219i calit\u0103\u021bii materialelor, precum o\u021belul inoxidabil Sandvik 12C27 pentru lame \u0219i diverse tipuri de lemn pentru m\u00e2nere, cu\u021bitele Opinel au c\u00e2\u0219tigat aprecierea \u0219i recunoa\u0219terea universal\u0103. Tradi\u021bional, cu\u021bitele Opinel sunt produse \u00een unsprezece dimensiuni: de la modele miniaturale pentru lucr\u0103ri de fine\u021be, cu\u021bite pentru filetat \u0219i modele universale, p\u00e2n\u0103 la impresionantul cu\u021bit \u201eGigant\u201d cu num\u0103rul 13, precum \u0219i diverse accesorii pentru \u00eentre\u021binerea acestora.<\/p>","protected":false},"excerpt":{"rendered":"<p>\u0411\u0440\u0435\u043d\u0434 Opinel \u2013 \u043e\u0434\u043d\u0430 \u0438\u0437 \u0441\u0430\u043c\u044b\u0445 \u0438\u0437\u0432\u0435\u0441\u0442\u043d\u044b\u0445 \u0444\u0438\u0440\u043c-\u043f\u0440\u043e\u0438\u0437\u0432\u043e\u0434\u0438\u0442\u0435\u043b\u0435\u0439 \u043d\u043e\u0436\u0435\u0439, \u0441\u0442\u043e\u043b\u043e\u0432\u044b\u0445 \u043f\u0440\u0438\u0431\u043e\u0440\u043e\u0432 \u0438 \u0441\u0430\u0434\u043e\u0432\u044b\u0445 \u0438\u043d\u0441\u0442\u0440\u0443\u043c\u0435\u043d\u0442\u043e\u0432. \u0415\u0435 \u0438\u0441\u0442\u043e\u0440\u0438\u044f \u043d\u0430\u0447\u0430\u043b\u0430\u0441\u044c \u0432 1890 \u0433\u043e\u0434\u0443, \u043a\u043e\u0433\u0434\u0430 \u0444\u0440\u0430\u043d\u0446\u0443\u0437\u0441\u043a\u0438\u0439 \u0440\u0435\u043c\u0435\u0441\u043b\u0435\u043d\u043d\u0438\u043a \u0416\u043e\u0437\u0435\u0444 \u041e\u043f\u0438\u043d\u0435\u043b\u044c \u0441\u043e\u0437\u0434\u0430\u043b \u0441\u0432\u043e\u0439 \u043f\u0435\u0440\u0432\u044b\u0439 \u0441\u043a\u043b\u0430\u0434\u043d\u043e\u0439 \u043d\u043e\u0436. \u0411\u043b\u0430\u0433\u043e\u0434\u0430\u0440\u044f \u0434\u043e\u043b\u0433\u043e\u0432\u0435\u0447\u043d\u043e\u0441\u0442\u0438 \u0438 \u043a\u0430\u0447\u0435\u0441\u0442\u0432\u0443 \u043c\u0430\u0442\u0435\u0440\u0438\u0430\u043b\u043e\u0432, \u0442\u0430\u043a\u0438\u0445 \u043a\u0430\u043a \u043d\u0435\u0440\u0436\u0430\u0432\u0435\u044e\u0449\u0430\u044f \u0441\u0442\u0430\u043b\u044c Sandvik 12C27 \u0434\u043b\u044f \u043b\u0435\u0437\u0432\u0438\u0439 \u0438 \u0440\u0430\u0437\u043d\u043e\u043e\u0431\u0440\u0430\u0437\u043d\u044b\u0435 \u0432\u0438\u0434\u044b \u0434\u0435\u0440\u0435\u0432\u0430 \u0434\u043b\u044f \u0440\u0443\u043a\u043e\u044f\u0442\u043e\u043a, \u043d\u043e\u0436\u0438 Opinel \u0437\u0430\u0432\u043e\u0435\u0432\u0430\u043b\u0438 \u0432\u0441\u0435\u043e\u0431\u0449\u0443\u044e \u043b\u044e\u0431\u043e\u0432\u044c \u0438 [&hellip;]<\/p>\n","protected":false},"featured_media":93352,"comment_status":"open","ping_status":"closed","template":"","meta":{"_acf_changed":false,"inline_featured_image":false},"product_brand":[1268],"product_cat":[169],"product_tag":[],"class_list":{"0":"post-92986","1":"product","2":"type-product","3":"status-publish","4":"has-post-thumbnail","6":"product_brand-opinel","7":"product_cat-knives","9":"first","10":"instock","11":"shipping-taxable","12":"purchasable","13":"product-type-simple"},"acf":[],"yoast_head":"<!-- This site is optimized with the Yoast SEO plugin v27.4 - https:\/\/yoast.com\/product\/yoast-seo-wordpress\/ -->\n<title>\u041d\u043e\u0436 Opinel Stainless Steel Padouk No.12 - \u041c\u0430\u0433\u0430\u0437\u0438\u043d Xstyle<\/title>\n<meta name=\"robots\" content=\"index, follow, max-snippet:-1, max-image-preview:large, max-video-preview:-1\" \/>\n<link rel=\"canonical\" href=\"https:\/\/xstyle.md\/ro\/produs\/nozh-opinel-stainless-steel-padouk-no-12\/\" \/>\n<meta property=\"og:locale\" content=\"ro_RO\" \/>\n<meta property=\"og:type\" content=\"article\" \/>\n<meta property=\"og:title\" content=\"\u041d\u043e\u0436 Opinel Stainless Steel Padouk No.12 - \u041c\u0430\u0433\u0430\u0437\u0438\u043d Xstyle\" \/>\n<meta property=\"og:description\" content=\"\u0411\u0440\u0435\u043d\u0434 Opinel \u2013 \u043e\u0434\u043d\u0430 \u0438\u0437 \u0441\u0430\u043c\u044b\u0445 \u0438\u0437\u0432\u0435\u0441\u0442\u043d\u044b\u0445 \u0444\u0438\u0440\u043c-\u043f\u0440\u043e\u0438\u0437\u0432\u043e\u0434\u0438\u0442\u0435\u043b\u0435\u0439 \u043d\u043e\u0436\u0435\u0439, \u0441\u0442\u043e\u043b\u043e\u0432\u044b\u0445 \u043f\u0440\u0438\u0431\u043e\u0440\u043e\u0432 \u0438 \u0441\u0430\u0434\u043e\u0432\u044b\u0445 \u0438\u043d\u0441\u0442\u0440\u0443\u043c\u0435\u043d\u0442\u043e\u0432. \u0415\u0435 \u0438\u0441\u0442\u043e\u0440\u0438\u044f \u043d\u0430\u0447\u0430\u043b\u0430\u0441\u044c \u0432 1890 \u0433\u043e\u0434\u0443, \u043a\u043e\u0433\u0434\u0430 \u0444\u0440\u0430\u043d\u0446\u0443\u0437\u0441\u043a\u0438\u0439 \u0440\u0435\u043c\u0435\u0441\u043b\u0435\u043d\u043d\u0438\u043a \u0416\u043e\u0437\u0435\u0444 \u041e\u043f\u0438\u043d\u0435\u043b\u044c \u0441\u043e\u0437\u0434\u0430\u043b \u0441\u0432\u043e\u0439 \u043f\u0435\u0440\u0432\u044b\u0439 \u0441\u043a\u043b\u0430\u0434\u043d\u043e\u0439 \u043d\u043e\u0436. \u0411\u043b\u0430\u0433\u043e\u0434\u0430\u0440\u044f \u0434\u043e\u043b\u0433\u043e\u0432\u0435\u0447\u043d\u043e\u0441\u0442\u0438 \u0438 \u043a\u0430\u0447\u0435\u0441\u0442\u0432\u0443 \u043c\u0430\u0442\u0435\u0440\u0438\u0430\u043b\u043e\u0432, \u0442\u0430\u043a\u0438\u0445 \u043a\u0430\u043a \u043d\u0435\u0440\u0436\u0430\u0432\u0435\u044e\u0449\u0430\u044f \u0441\u0442\u0430\u043b\u044c Sandvik 12C27 \u0434\u043b\u044f \u043b\u0435\u0437\u0432\u0438\u0439 \u0438 \u0440\u0430\u0437\u043d\u043e\u043e\u0431\u0440\u0430\u0437\u043d\u044b\u0435 \u0432\u0438\u0434\u044b \u0434\u0435\u0440\u0435\u0432\u0430 \u0434\u043b\u044f \u0440\u0443\u043a\u043e\u044f\u0442\u043e\u043a, \u043d\u043e\u0436\u0438 Opinel \u0437\u0430\u0432\u043e\u0435\u0432\u0430\u043b\u0438 \u0432\u0441\u0435\u043e\u0431\u0449\u0443\u044e \u043b\u044e\u0431\u043e\u0432\u044c \u0438 [&hellip;]\" \/>\n<meta property=\"og:url\" content=\"https:\/\/xstyle.md\/ro\/produs\/nozh-opinel-stainless-steel-padouk-no-12\/\" \/>\n<meta property=\"og:site_name\" content=\"\u041c\u0430\u0433\u0430\u0437\u0438\u043d Xstyle\" \/>\n<meta property=\"article:publisher\" content=\"https:\/\/www.facebook.com\/xstylemd\" \/>\n<meta property=\"article:modified_time\" content=\"2026-02-23T14:44:47+00:00\" \/>\n<meta property=\"og:image\" content=\"https:\/\/xstyle.md\/wp-content\/uploads\/2025\/03\/opinel-stainless-steel-padouk-no.12.webp\" \/>\n\t<meta property=\"og:image:width\" content=\"1259\" \/>\n\t<meta property=\"og:image:height\" content=\"1247\" \/>\n\t<meta property=\"og:image:type\" content=\"image\/webp\" \/>\n<meta name=\"twitter:card\" content=\"summary_large_image\" \/>\n<meta name=\"twitter:label1\" content=\"Pre\u021b\" \/>\n\t<meta name=\"twitter:data1\" content=\"580&nbsp;MDL\" \/>\n\t<meta name=\"twitter:label2\" content=\"Disponibilitate\" \/>\n\t<meta name=\"twitter:data2\" content=\"\u00cen stoc\" \/>\n<script type=\"application\/ld+json\" class=\"yoast-schema-graph\">{\"@context\":\"https:\\\/\\\/schema.org\",\"@graph\":[{\"@type\":\"WebPage\",\"@id\":\"https:\\\/\\\/xstyle.md\\\/product\\\/nozh-opinel-stainless-steel-padouk-no-12\\\/\",\"url\":\"https:\\\/\\\/xstyle.md\\\/product\\\/nozh-opinel-stainless-steel-padouk-no-12\\\/\",\"name\":\"\u041d\u043e\u0436 Opinel Stainless Steel Padouk No.12 - \u041c\u0430\u0433\u0430\u0437\u0438\u043d Xstyle\",\"isPartOf\":{\"@id\":\"https:\\\/\\\/xstyle.md\\\/#website\"},\"primaryImageOfPage\":{\"@id\":\"https:\\\/\\\/xstyle.md\\\/product\\\/nozh-opinel-stainless-steel-padouk-no-12\\\/#primaryimage\"},\"image\":{\"@id\":\"https:\\\/\\\/xstyle.md\\\/product\\\/nozh-opinel-stainless-steel-padouk-no-12\\\/#primaryimage\"},\"thumbnailUrl\":\"https:\\\/\\\/xstyle.md\\\/wp-content\\\/uploads\\\/2025\\\/03\\\/opinel-stainless-steel-padouk-no.12.webp\",\"datePublished\":\"2025-03-01T13:16:39+00:00\",\"dateModified\":\"2026-02-23T14:44:47+00:00\",\"breadcrumb\":{\"@id\":\"https:\\\/\\\/xstyle.md\\\/product\\\/nozh-opinel-stainless-steel-padouk-no-12\\\/#breadcrumb\"},\"inLanguage\":\"ro-RO\",\"potentialAction\":[{\"@type\":\"ReadAction\",\"target\":[\"https:\\\/\\\/xstyle.md\\\/product\\\/nozh-opinel-stainless-steel-padouk-no-12\\\/\"]}]},{\"@type\":\"ImageObject\",\"inLanguage\":\"ro-RO\",\"@id\":\"https:\\\/\\\/xstyle.md\\\/product\\\/nozh-opinel-stainless-steel-padouk-no-12\\\/#primaryimage\",\"url\":\"https:\\\/\\\/xstyle.md\\\/wp-content\\\/uploads\\\/2025\\\/03\\\/opinel-stainless-steel-padouk-no.12.webp\",\"contentUrl\":\"https:\\\/\\\/xstyle.md\\\/wp-content\\\/uploads\\\/2025\\\/03\\\/opinel-stainless-steel-padouk-no.12.webp\",\"width\":1259,\"height\":1247,\"caption\":\"\u041d\u043e\u0436 Opinel \u0438\u0437 \u043d\u0435\u0440\u0436\u0430\u0432\u0435\u044e\u0449\u0435\u0439 \u0441\u0442\u0430\u043b\u0438 \u0438 \u043f\u0430\u043b\u0438\u0441\u0430\u043d\u0434\u0440\u0430 \u0434\u043b\u044f \u0430\u043a\u0442\u0438\u0432\u043d\u043e\u0433\u043e \u043e\u0442\u0434\u044b\u0445\u0430 \u043f\u043e\u0445\u043e\u0434\u043e\u0432 \u0438 \u043f\u0443\u0442\u0435\u0448\u0435\u0441\u0442\u0432\u0438\u0439 \u0432 \u0438\u043d\u0442\u0435\u0440\u043d\u0435\u0442-\u043c\u0430\u0433\u0430\u0437\u0438\u043d\u0435 \u0441\u043f\u043e\u0440\u0442\u0442\u043e\u0432\u0430\u0440\u043e\u0432 \u0434\u043b\u044f \u043e\u0434\u0435\u0436\u0434\u044b \u043e\u0431\u0443\u0432\u0438 \u0434\u043b\u044f \u0430\u043a\u0442\u0438\u0432\u043d\u044b\u0445 \u043f\u0443\u0442\u0435\u0448\u0435\u0441\u0442\u0432\u0435\u043d\u043d\u0438\u043a\u043e\u0432\"},{\"@type\":\"BreadcrumbList\",\"@id\":\"https:\\\/\\\/xstyle.md\\\/product\\\/nozh-opinel-stainless-steel-padouk-no-12\\\/#breadcrumb\",\"itemListElement\":[{\"@type\":\"ListItem\",\"position\":1,\"name\":\"\u0413\u043b\u0430\u0432\u043d\u0430\u044f \u0441\u0442\u0440\u0430\u043d\u0438\u0446\u0430\",\"item\":\"https:\\\/\\\/xstyle.md\\\/\"},{\"@type\":\"ListItem\",\"position\":2,\"name\":\"\u041c\u0430\u0433\u0430\u0437\u0438\u043d\",\"item\":\"https:\\\/\\\/xstyle.md\\\/shop\\\/\"},{\"@type\":\"ListItem\",\"position\":3,\"name\":\"\u041d\u043e\u0436 Opinel Stainless Steel Padouk No.12\"}]},{\"@type\":\"WebSite\",\"@id\":\"https:\\\/\\\/xstyle.md\\\/#website\",\"url\":\"https:\\\/\\\/xstyle.md\\\/\",\"name\":\"\u041c\u0430\u0433\u0430\u0437\u0438\u043d Xstyle\",\"description\":\"C\u043d\u0430\u0440\u044f\u0436\u0435\u043d\u0438\u0435 \u0434\u043b\u044f \u0442\u0443\u0440\u0438\u0437\u043c\u0430 \u0438 \u044d\u043a\u0441\u0442\u0440\u0435\u043c\u0430\u043b\u044c\u043d\u044b\u0445 \u0432\u0438\u0434\u043e\u0432 \u0441\u043f\u043e\u0440\u0442\u0430 \u0432 \u041c\u043e\u043b\u0434\u043e\u0432\u0435.. \u0426\u0435\u043d\u044b, \u0444\u043e\u0442\u043e, \u0445\u0430\u0440\u0430\u043a\u0442\u0435\u0440\u0438\u0441\u0442\u0438\u043a\u0438 \u0432 \u041c\u043e\u043b\u0434\u043e\u0432\u0435.\",\"publisher\":{\"@id\":\"https:\\\/\\\/xstyle.md\\\/#organization\"},\"alternateName\":\"X-Style\",\"potentialAction\":[{\"@type\":\"SearchAction\",\"target\":{\"@type\":\"EntryPoint\",\"urlTemplate\":\"https:\\\/\\\/xstyle.md\\\/?s={search_term_string}\"},\"query-input\":{\"@type\":\"PropertyValueSpecification\",\"valueRequired\":true,\"valueName\":\"search_term_string\"}}],\"inLanguage\":\"ro-RO\"},{\"@type\":\"Organization\",\"@id\":\"https:\\\/\\\/xstyle.md\\\/#organization\",\"name\":\"\u041c\u0430\u0433\u0430\u0437\u0438\u043d Xstyle\",\"alternateName\":\"x-style\",\"url\":\"https:\\\/\\\/xstyle.md\\\/\",\"logo\":{\"@type\":\"ImageObject\",\"inLanguage\":\"ro-RO\",\"@id\":\"https:\\\/\\\/xstyle.md\\\/#\\\/schema\\\/logo\\\/image\\\/\",\"url\":\"https:\\\/\\\/xstyle.md\\\/wp-content\\\/uploads\\\/2020\\\/06\\\/logoicon.svg\",\"contentUrl\":\"https:\\\/\\\/xstyle.md\\\/wp-content\\\/uploads\\\/2020\\\/06\\\/logoicon.svg\",\"caption\":\"\u041c\u0430\u0433\u0430\u0437\u0438\u043d Xstyle\"},\"image\":{\"@id\":\"https:\\\/\\\/xstyle.md\\\/#\\\/schema\\\/logo\\\/image\\\/\"},\"sameAs\":[\"https:\\\/\\\/www.facebook.com\\\/xstylemd\",\"https:\\\/\\\/www.instagram.com\\\/xstyle_md\\\/\",\"https:\\\/\\\/t.me\\\/xstyle_outdoor\"],\"hasMerchantReturnPolicy\":{\"@type\":\"MerchantReturnPolicy\",\"merchantReturnLink\":\"https:\\\/\\\/xstyle.md\\\/ro\\\/conditions\\\/\"}}]}<\/script>\n<meta property=\"product:price:amount\" content=\"580.00\" \/>\n<meta property=\"product:price:currency\" content=\"MDL\" \/>\n<meta property=\"og:availability\" content=\"instock\" \/>\n<meta property=\"product:availability\" content=\"instock\" \/>\n<meta property=\"product:retailer_item_id\" content=\"3123840025563\" \/>\n<meta property=\"product:condition\" content=\"new\" \/>\n<!-- \/ Yoast SEO plugin. -->","yoast_head_json":{"title":"\u041d\u043e\u0436 Opinel Stainless Steel Padouk No.12 - \u041c\u0430\u0433\u0430\u0437\u0438\u043d Xstyle","robots":{"index":"index","follow":"follow","max-snippet":"max-snippet:-1","max-image-preview":"max-image-preview:large","max-video-preview":"max-video-preview:-1"},"canonical":"https:\/\/xstyle.md\/ro\/produs\/nozh-opinel-stainless-steel-padouk-no-12\/","og_locale":"ro_RO","og_type":"article","og_title":"\u041d\u043e\u0436 Opinel Stainless Steel Padouk No.12 - \u041c\u0430\u0433\u0430\u0437\u0438\u043d Xstyle","og_description":"\u0411\u0440\u0435\u043d\u0434 Opinel \u2013 \u043e\u0434\u043d\u0430 \u0438\u0437 \u0441\u0430\u043c\u044b\u0445 \u0438\u0437\u0432\u0435\u0441\u0442\u043d\u044b\u0445 \u0444\u0438\u0440\u043c-\u043f\u0440\u043e\u0438\u0437\u0432\u043e\u0434\u0438\u0442\u0435\u043b\u0435\u0439 \u043d\u043e\u0436\u0435\u0439, \u0441\u0442\u043e\u043b\u043e\u0432\u044b\u0445 \u043f\u0440\u0438\u0431\u043e\u0440\u043e\u0432 \u0438 \u0441\u0430\u0434\u043e\u0432\u044b\u0445 \u0438\u043d\u0441\u0442\u0440\u0443\u043c\u0435\u043d\u0442\u043e\u0432. \u0415\u0435 \u0438\u0441\u0442\u043e\u0440\u0438\u044f \u043d\u0430\u0447\u0430\u043b\u0430\u0441\u044c \u0432 1890 \u0433\u043e\u0434\u0443, \u043a\u043e\u0433\u0434\u0430 \u0444\u0440\u0430\u043d\u0446\u0443\u0437\u0441\u043a\u0438\u0439 \u0440\u0435\u043c\u0435\u0441\u043b\u0435\u043d\u043d\u0438\u043a \u0416\u043e\u0437\u0435\u0444 \u041e\u043f\u0438\u043d\u0435\u043b\u044c \u0441\u043e\u0437\u0434\u0430\u043b \u0441\u0432\u043e\u0439 \u043f\u0435\u0440\u0432\u044b\u0439 \u0441\u043a\u043b\u0430\u0434\u043d\u043e\u0439 \u043d\u043e\u0436. \u0411\u043b\u0430\u0433\u043e\u0434\u0430\u0440\u044f \u0434\u043e\u043b\u0433\u043e\u0432\u0435\u0447\u043d\u043e\u0441\u0442\u0438 \u0438 \u043a\u0430\u0447\u0435\u0441\u0442\u0432\u0443 \u043c\u0430\u0442\u0435\u0440\u0438\u0430\u043b\u043e\u0432, \u0442\u0430\u043a\u0438\u0445 \u043a\u0430\u043a \u043d\u0435\u0440\u0436\u0430\u0432\u0435\u044e\u0449\u0430\u044f \u0441\u0442\u0430\u043b\u044c Sandvik 12C27 \u0434\u043b\u044f \u043b\u0435\u0437\u0432\u0438\u0439 \u0438 \u0440\u0430\u0437\u043d\u043e\u043e\u0431\u0440\u0430\u0437\u043d\u044b\u0435 \u0432\u0438\u0434\u044b \u0434\u0435\u0440\u0435\u0432\u0430 \u0434\u043b\u044f \u0440\u0443\u043a\u043e\u044f\u0442\u043e\u043a, \u043d\u043e\u0436\u0438 Opinel \u0437\u0430\u0432\u043e\u0435\u0432\u0430\u043b\u0438 \u0432\u0441\u0435\u043e\u0431\u0449\u0443\u044e \u043b\u044e\u0431\u043e\u0432\u044c \u0438 [&hellip;]","og_url":"https:\/\/xstyle.md\/ro\/produs\/nozh-opinel-stainless-steel-padouk-no-12\/","og_site_name":"\u041c\u0430\u0433\u0430\u0437\u0438\u043d Xstyle","article_publisher":"https:\/\/www.facebook.com\/xstylemd","article_modified_time":"2026-02-23T14:44:47+00:00","og_image":[{"width":1259,"height":1247,"url":"https:\/\/xstyle.md\/wp-content\/uploads\/2025\/03\/opinel-stainless-steel-padouk-no.12.webp","type":"image\/webp"}],"twitter_card":"summary_large_image","twitter_misc":{"Pre\u021b":"580&nbsp;MDL","Disponibilitate":"\u00cen stoc"},"schema":{"@context":"https:\/\/schema.org","@graph":[{"@type":"WebPage","@id":"https:\/\/xstyle.md\/product\/nozh-opinel-stainless-steel-padouk-no-12\/","url":"https:\/\/xstyle.md\/product\/nozh-opinel-stainless-steel-padouk-no-12\/","name":"\u041d\u043e\u0436 Opinel Stainless Steel Padouk No.12 - \u041c\u0430\u0433\u0430\u0437\u0438\u043d Xstyle","isPartOf":{"@id":"https:\/\/xstyle.md\/#website"},"primaryImageOfPage":{"@id":"https:\/\/xstyle.md\/product\/nozh-opinel-stainless-steel-padouk-no-12\/#primaryimage"},"image":{"@id":"https:\/\/xstyle.md\/product\/nozh-opinel-stainless-steel-padouk-no-12\/#primaryimage"},"thumbnailUrl":"https:\/\/xstyle.md\/wp-content\/uploads\/2025\/03\/opinel-stainless-steel-padouk-no.12.webp","datePublished":"2025-03-01T13:16:39+00:00","dateModified":"2026-02-23T14:44:47+00:00","breadcrumb":{"@id":"https:\/\/xstyle.md\/product\/nozh-opinel-stainless-steel-padouk-no-12\/#breadcrumb"},"inLanguage":"ro-RO","potentialAction":[{"@type":"ReadAction","target":["https:\/\/xstyle.md\/product\/nozh-opinel-stainless-steel-padouk-no-12\/"]}]},{"@type":"ImageObject","inLanguage":"ro-RO","@id":"https:\/\/xstyle.md\/product\/nozh-opinel-stainless-steel-padouk-no-12\/#primaryimage","url":"https:\/\/xstyle.md\/wp-content\/uploads\/2025\/03\/opinel-stainless-steel-padouk-no.12.webp","contentUrl":"https:\/\/xstyle.md\/wp-content\/uploads\/2025\/03\/opinel-stainless-steel-padouk-no.12.webp","width":1259,"height":1247,"caption":"\u041d\u043e\u0436 Opinel \u0438\u0437 \u043d\u0435\u0440\u0436\u0430\u0432\u0435\u044e\u0449\u0435\u0439 \u0441\u0442\u0430\u043b\u0438 \u0438 \u043f\u0430\u043b\u0438\u0441\u0430\u043d\u0434\u0440\u0430 \u0434\u043b\u044f \u0430\u043a\u0442\u0438\u0432\u043d\u043e\u0433\u043e \u043e\u0442\u0434\u044b\u0445\u0430 \u043f\u043e\u0445\u043e\u0434\u043e\u0432 \u0438 \u043f\u0443\u0442\u0435\u0448\u0435\u0441\u0442\u0432\u0438\u0439 \u0432 \u0438\u043d\u0442\u0435\u0440\u043d\u0435\u0442-\u043c\u0430\u0433\u0430\u0437\u0438\u043d\u0435 \u0441\u043f\u043e\u0440\u0442\u0442\u043e\u0432\u0430\u0440\u043e\u0432 \u0434\u043b\u044f \u043e\u0434\u0435\u0436\u0434\u044b \u043e\u0431\u0443\u0432\u0438 \u0434\u043b\u044f \u0430\u043a\u0442\u0438\u0432\u043d\u044b\u0445 \u043f\u0443\u0442\u0435\u0448\u0435\u0441\u0442\u0432\u0435\u043d\u043d\u0438\u043a\u043e\u0432"},{"@type":"BreadcrumbList","@id":"https:\/\/xstyle.md\/product\/nozh-opinel-stainless-steel-padouk-no-12\/#breadcrumb","itemListElement":[{"@type":"ListItem","position":1,"name":"\u0413\u043b\u0430\u0432\u043d\u0430\u044f \u0441\u0442\u0440\u0430\u043d\u0438\u0446\u0430","item":"https:\/\/xstyle.md\/"},{"@type":"ListItem","position":2,"name":"\u041c\u0430\u0433\u0430\u0437\u0438\u043d","item":"https:\/\/xstyle.md\/shop\/"},{"@type":"ListItem","position":3,"name":"\u041d\u043e\u0436 Opinel Stainless Steel Padouk No.12"}]},{"@type":"WebSite","@id":"https:\/\/xstyle.md\/#website","url":"https:\/\/xstyle.md\/","name":"Magazinul X-Style","description":"Echipamente pentru turism \u0219i sporturi extreme \u00een Moldova. Pre\u021buri, fotografii, caracteristici \u00een Moldova.","publisher":{"@id":"https:\/\/xstyle.md\/#organization"},"alternateName":"X-Style","potentialAction":[{"@type":"SearchAction","target":{"@type":"EntryPoint","urlTemplate":"https:\/\/xstyle.md\/?s={search_term_string}"},"query-input":{"@type":"PropertyValueSpecification","valueRequired":true,"valueName":"search_term_string"}}],"inLanguage":"ro-RO"},{"@type":"Organization","@id":"https:\/\/xstyle.md\/#organization","name":"Magazinul X-Style","alternateName":"x-style","url":"https:\/\/xstyle.md\/","logo":{"@type":"ImageObject","inLanguage":"ro-RO","@id":"https:\/\/xstyle.md\/#\/schema\/logo\/image\/","url":"https:\/\/xstyle.md\/wp-content\/uploads\/2020\/06\/logoicon.svg","contentUrl":"https:\/\/xstyle.md\/wp-content\/uploads\/2020\/06\/logoicon.svg","caption":"\u041c\u0430\u0433\u0430\u0437\u0438\u043d Xstyle"},"image":{"@id":"https:\/\/xstyle.md\/#\/schema\/logo\/image\/"},"sameAs":["https:\/\/www.facebook.com\/xstylemd","https:\/\/www.instagram.com\/xstyle_md\/","https:\/\/t.me\/xstyle_outdoor"],"hasMerchantReturnPolicy":{"@type":"MerchantReturnPolicy","merchantReturnLink":"https:\/\/xstyle.md\/ro\/conditions\/"}}]},"product_price_amount":"580.00","product_price_currency":"MDL","og_availability":"instock","product_availability":"instock","product_retailer_item_id":"3123840025563","product_condition":"new"},"_links":{"self":[{"href":"https:\/\/xstyle.md\/ro\/wp-json\/wp\/v2\/product\/92986","targetHints":{"allow":["GET"]}}],"collection":[{"href":"https:\/\/xstyle.md\/ro\/wp-json\/wp\/v2\/product"}],"about":[{"href":"https:\/\/xstyle.md\/ro\/wp-json\/wp\/v2\/types\/product"}],"replies":[{"embeddable":true,"href":"https:\/\/xstyle.md\/ro\/wp-json\/wp\/v2\/comments?post=92986"}],"wp:featuredmedia":[{"embeddable":true,"href":"https:\/\/xstyle.md\/ro\/wp-json\/wp\/v2\/media\/93352"}],"wp:attachment":[{"href":"https:\/\/xstyle.md\/ro\/wp-json\/wp\/v2\/media?parent=92986"}],"wp:term":[{"taxonomy":"product_brand","embeddable":true,"href":"https:\/\/xstyle.md\/ro\/wp-json\/wp\/v2\/product_brand?post=92986"},{"taxonomy":"product_cat","embeddable":true,"href":"https:\/\/xstyle.md\/ro\/wp-json\/wp\/v2\/product_cat?post=92986"},{"taxonomy":"product_tag","embeddable":true,"href":"https:\/\/xstyle.md\/ro\/wp-json\/wp\/v2\/product_tag?post=92986"}],"curies":[{"name":"wp","href":"https:\/\/api.w.org\/{rel}","templated":true}]}}