{"id":92982,"date":"2025-03-01T16:16:39","date_gmt":"2025-03-01T13:16:39","guid":{"rendered":"https:\/\/xstyle.md\/?post_type=product&#038;p=92982"},"modified":"2026-02-23T17:15:40","modified_gmt":"2026-02-23T14:15:40","slug":"nozh-opinel-laminated-birch-nr-8","status":"publish","type":"product","link":"https:\/\/xstyle.md\/ro\/produs\/nozh-opinel-laminated-birch-nr-8\/","title":{"rendered":"Cu\u021bit Opinel Laminated Birch Nr. 8"},"content":{"rendered":"<p><\/p>\n<p><strong>Opinel Laminated Birch Nr. 8<\/strong> &#8212; este un cu\u021bit pliabil cu o form\u0103 clasic\u0103 a m\u00e2nerului \u0219i o lam\u0103 de tip \u201eiatagan\u201d, ceea ce \u00eel face extrem de versatil \u2013 de la picnicuri p\u00e2n\u0103 la v\u00e2n\u0103toare.<\/p>\n<p>Acesta este un model premium din seria exclusivist\u0103 Luxury Range a liniei Tradition. Principala caracteristic\u0103 este utilizarea materialelor pre\u021bioase: o variant\u0103 \u00eembun\u0103t\u0103\u021bit\u0103 a o\u021belului pentru lam\u0103 \u0219i esen\u021be de lemn valoroase pentru m\u00e2ner. \u00cen acela\u0219i timp, forma cu\u021bitului \u0219i sistemul de fixare r\u0103m\u00e2n cele clasice.<\/p>\n<p>Acest cu\u021bit p\u0103streaz\u0103 designul tradi\u021bional al modelului \u201enum\u0103rul 8\u201d, dar se distinge prin finisajul laminat al m\u00e2nerului \u0219i o\u021belul suedez de \u00eenalt\u0103 calitate Sandvik 12C27M. Acesta posed\u0103 o duritate ridicat\u0103, nu necesit\u0103 o \u00eentre\u021binere complex\u0103 \u0219i \u00ee\u0219i men\u021bine ascu\u021bi\u0219ul pentru o perioad\u0103 lung\u0103 de timp.<\/p>\n<p>Fixarea lamei este asigurat\u0103 de sistemul patentat Virobloc\u00ae, care garanteaz\u0103 siguran\u021ba \u00een timpul utiliz\u0103rii. M\u00e2nerul este realizat din mesteac\u0103n finlandez, recunoscut pentru rezisten\u021ba, durabilitatea \u0219i textura sa natural\u0103 deosebit\u0103. Pentru o deschidere u\u0219oar\u0103, lama este prev\u0103zut\u0103 cu o crest\u0103tur\u0103 special\u0103 pentru unghie.<\/p>\n<h3>Caracteristici<\/h3>\n<ul>\n<li>Tip cu\u021bit- pliabil<\/li>\n<li>Tip t\u0103i\u0219 &#8212; standard (plain edge)<\/li>\n<li>Tip blocare &#8212; virobloc<\/li>\n<li>Lungime total\u0103 &#8212; 19 cm<\/li>\n<li>Lungime lam\u0103 &#8212; 8,5 cm<\/li>\n<li>Material m\u00e2ner &#8212; mesteac\u0103n finlandez<\/li>\n<li>Duritate o\u021bel &#8212; 57-58 HRC<\/li>\n<li>Marc\u0103 o\u021bel- Sandvik 12C27<\/li>\n<li>Greutate &#8212; 48 g<\/li>\n<\/ul>\n<p><\/p>\n<h3>Marca<\/h3>\n<p>Opinel este una dintre cele mai renumite companii produc\u0103toare de cu\u021bite, tac\u00e2muri \u0219i unelte de gr\u0103din\u0103rit. Istoria sa a \u00eenceput \u00een anul 1890, c\u00e2nd me\u0219te\u0219ugarul francez Joseph Opinel a creat primul s\u0103u cu\u021bit pliabil. Datorit\u0103 durabilit\u0103\u021bii \u0219i calit\u0103\u021bii materialelor, precum o\u021belul inoxidabil Sandvik 12C27 pentru lame \u0219i diverse tipuri de lemn pentru m\u00e2nere, cu\u021bitele Opinel au c\u00e2\u0219tigat aprecierea \u0219i recunoa\u0219terea universal\u0103. Tradi\u021bional, cu\u021bitele Opinel sunt produse \u00een unsprezece dimensiuni: de la modele miniaturale pentru lucr\u0103ri de fine\u021be, cu\u021bite pentru filetat \u0219i modele universale, p\u00e2n\u0103 la impresionantul cu\u021bit \u201eGigant\u201d cu num\u0103rul 13, precum \u0219i diverse accesorii pentru \u00eentre\u021binerea acestora.<\/p>","protected":false},"excerpt":{"rendered":"<p>\u0411\u0440\u0435\u043d\u0434 Opinel \u2013 \u043e\u0434\u043d\u0430 \u0438\u0437 \u0441\u0430\u043c\u044b\u0445 \u0438\u0437\u0432\u0435\u0441\u0442\u043d\u044b\u0445 \u0444\u0438\u0440\u043c-\u043f\u0440\u043e\u0438\u0437\u0432\u043e\u0434\u0438\u0442\u0435\u043b\u0435\u0439 \u043d\u043e\u0436\u0435\u0439, \u0441\u0442\u043e\u043b\u043e\u0432\u044b\u0445 \u043f\u0440\u0438\u0431\u043e\u0440\u043e\u0432 \u0438 \u0441\u0430\u0434\u043e\u0432\u044b\u0445 \u0438\u043d\u0441\u0442\u0440\u0443\u043c\u0435\u043d\u0442\u043e\u0432. \u0415\u0435 \u0438\u0441\u0442\u043e\u0440\u0438\u044f \u043d\u0430\u0447\u0430\u043b\u0430\u0441\u044c \u0432 1890 \u0433\u043e\u0434\u0443, \u043a\u043e\u0433\u0434\u0430 \u0444\u0440\u0430\u043d\u0446\u0443\u0437\u0441\u043a\u0438\u0439 \u0440\u0435\u043c\u0435\u0441\u043b\u0435\u043d\u043d\u0438\u043a \u0416\u043e\u0437\u0435\u0444 \u041e\u043f\u0438\u043d\u0435\u043b\u044c \u0441\u043e\u0437\u0434\u0430\u043b \u0441\u0432\u043e\u0439 \u043f\u0435\u0440\u0432\u044b\u0439 \u0441\u043a\u043b\u0430\u0434\u043d\u043e\u0439 \u043d\u043e\u0436. \u0411\u043b\u0430\u0433\u043e\u0434\u0430\u0440\u044f \u0434\u043e\u043b\u0433\u043e\u0432\u0435\u0447\u043d\u043e\u0441\u0442\u0438 \u0438 \u043a\u0430\u0447\u0435\u0441\u0442\u0432\u0443 \u043c\u0430\u0442\u0435\u0440\u0438\u0430\u043b\u043e\u0432, \u0442\u0430\u043a\u0438\u0445 \u043a\u0430\u043a \u043d\u0435\u0440\u0436\u0430\u0432\u0435\u044e\u0449\u0430\u044f \u0441\u0442\u0430\u043b\u044c Sandvik 12C27 \u0434\u043b\u044f \u043b\u0435\u0437\u0432\u0438\u0439 \u0438 \u0440\u0430\u0437\u043d\u043e\u043e\u0431\u0440\u0430\u0437\u043d\u044b\u0435 \u0432\u0438\u0434\u044b \u0434\u0435\u0440\u0435\u0432\u0430 \u0434\u043b\u044f \u0440\u0443\u043a\u043e\u044f\u0442\u043e\u043a, \u043d\u043e\u0436\u0438 Opinel \u0437\u0430\u0432\u043e\u0435\u0432\u0430\u043b\u0438 \u0432\u0441\u0435\u043e\u0431\u0449\u0443\u044e \u043b\u044e\u0431\u043e\u0432\u044c \u0438 [&hellip;]<\/p>\n","protected":false},"featured_media":93307,"comment_status":"open","ping_status":"closed","template":"","meta":{"_acf_changed":false,"inline_featured_image":false},"product_brand":[1268],"product_cat":[169],"product_tag":[],"class_list":{"0":"post-92982","1":"product","2":"type-product","3":"status-publish","4":"has-post-thumbnail","6":"product_brand-opinel","7":"product_cat-knives","9":"first","10":"instock","11":"shipping-taxable","12":"purchasable","13":"product-type-simple"},"acf":[],"yoast_head":"<!-- This site is optimized with the Yoast SEO plugin v27.4 - https:\/\/yoast.com\/product\/yoast-seo-wordpress\/ -->\n<title>\u041d\u043e\u0436 Opinel Laminated Birch Nr. 8 - \u041c\u0430\u0433\u0430\u0437\u0438\u043d Xstyle<\/title>\n<meta name=\"robots\" content=\"index, follow, max-snippet:-1, max-image-preview:large, max-video-preview:-1\" \/>\n<link rel=\"canonical\" href=\"https:\/\/xstyle.md\/ro\/produs\/nozh-opinel-laminated-birch-nr-8\/\" \/>\n<meta property=\"og:locale\" content=\"ro_RO\" \/>\n<meta property=\"og:type\" content=\"article\" \/>\n<meta property=\"og:title\" content=\"\u041d\u043e\u0436 Opinel Laminated Birch Nr. 8 - \u041c\u0430\u0433\u0430\u0437\u0438\u043d Xstyle\" \/>\n<meta property=\"og:description\" content=\"\u0411\u0440\u0435\u043d\u0434 Opinel \u2013 \u043e\u0434\u043d\u0430 \u0438\u0437 \u0441\u0430\u043c\u044b\u0445 \u0438\u0437\u0432\u0435\u0441\u0442\u043d\u044b\u0445 \u0444\u0438\u0440\u043c-\u043f\u0440\u043e\u0438\u0437\u0432\u043e\u0434\u0438\u0442\u0435\u043b\u0435\u0439 \u043d\u043e\u0436\u0435\u0439, \u0441\u0442\u043e\u043b\u043e\u0432\u044b\u0445 \u043f\u0440\u0438\u0431\u043e\u0440\u043e\u0432 \u0438 \u0441\u0430\u0434\u043e\u0432\u044b\u0445 \u0438\u043d\u0441\u0442\u0440\u0443\u043c\u0435\u043d\u0442\u043e\u0432. \u0415\u0435 \u0438\u0441\u0442\u043e\u0440\u0438\u044f \u043d\u0430\u0447\u0430\u043b\u0430\u0441\u044c \u0432 1890 \u0433\u043e\u0434\u0443, \u043a\u043e\u0433\u0434\u0430 \u0444\u0440\u0430\u043d\u0446\u0443\u0437\u0441\u043a\u0438\u0439 \u0440\u0435\u043c\u0435\u0441\u043b\u0435\u043d\u043d\u0438\u043a \u0416\u043e\u0437\u0435\u0444 \u041e\u043f\u0438\u043d\u0435\u043b\u044c \u0441\u043e\u0437\u0434\u0430\u043b \u0441\u0432\u043e\u0439 \u043f\u0435\u0440\u0432\u044b\u0439 \u0441\u043a\u043b\u0430\u0434\u043d\u043e\u0439 \u043d\u043e\u0436. \u0411\u043b\u0430\u0433\u043e\u0434\u0430\u0440\u044f \u0434\u043e\u043b\u0433\u043e\u0432\u0435\u0447\u043d\u043e\u0441\u0442\u0438 \u0438 \u043a\u0430\u0447\u0435\u0441\u0442\u0432\u0443 \u043c\u0430\u0442\u0435\u0440\u0438\u0430\u043b\u043e\u0432, \u0442\u0430\u043a\u0438\u0445 \u043a\u0430\u043a \u043d\u0435\u0440\u0436\u0430\u0432\u0435\u044e\u0449\u0430\u044f \u0441\u0442\u0430\u043b\u044c Sandvik 12C27 \u0434\u043b\u044f \u043b\u0435\u0437\u0432\u0438\u0439 \u0438 \u0440\u0430\u0437\u043d\u043e\u043e\u0431\u0440\u0430\u0437\u043d\u044b\u0435 \u0432\u0438\u0434\u044b \u0434\u0435\u0440\u0435\u0432\u0430 \u0434\u043b\u044f \u0440\u0443\u043a\u043e\u044f\u0442\u043e\u043a, \u043d\u043e\u0436\u0438 Opinel \u0437\u0430\u0432\u043e\u0435\u0432\u0430\u043b\u0438 \u0432\u0441\u0435\u043e\u0431\u0449\u0443\u044e \u043b\u044e\u0431\u043e\u0432\u044c \u0438 [&hellip;]\" \/>\n<meta property=\"og:url\" content=\"https:\/\/xstyle.md\/ro\/produs\/nozh-opinel-laminated-birch-nr-8\/\" \/>\n<meta property=\"og:site_name\" content=\"\u041c\u0430\u0433\u0430\u0437\u0438\u043d Xstyle\" \/>\n<meta property=\"article:publisher\" content=\"https:\/\/www.facebook.com\/xstylemd\" \/>\n<meta property=\"article:modified_time\" content=\"2026-02-23T14:15:40+00:00\" \/>\n<meta property=\"og:image\" content=\"https:\/\/xstyle.md\/wp-content\/uploads\/2025\/03\/opinel-laminated-birch-nr.-8.webp\" \/>\n\t<meta property=\"og:image:width\" content=\"1000\" \/>\n\t<meta property=\"og:image:height\" content=\"1000\" \/>\n\t<meta property=\"og:image:type\" content=\"image\/webp\" \/>\n<meta name=\"twitter:card\" content=\"summary_large_image\" \/>\n<meta name=\"twitter:label1\" content=\"Pre\u021b\" \/>\n\t<meta name=\"twitter:data1\" content=\"730&nbsp;MDL\" \/>\n\t<meta name=\"twitter:label2\" content=\"Disponibilitate\" \/>\n\t<meta name=\"twitter:data2\" content=\"\u00cen stoc\" \/>\n<script type=\"application\/ld+json\" class=\"yoast-schema-graph\">{\"@context\":\"https:\\\/\\\/schema.org\",\"@graph\":[{\"@type\":\"WebPage\",\"@id\":\"https:\\\/\\\/xstyle.md\\\/product\\\/nozh-opinel-laminated-birch-nr-8\\\/\",\"url\":\"https:\\\/\\\/xstyle.md\\\/product\\\/nozh-opinel-laminated-birch-nr-8\\\/\",\"name\":\"\u041d\u043e\u0436 Opinel Laminated Birch Nr. 8 - \u041c\u0430\u0433\u0430\u0437\u0438\u043d Xstyle\",\"isPartOf\":{\"@id\":\"https:\\\/\\\/xstyle.md\\\/#website\"},\"primaryImageOfPage\":{\"@id\":\"https:\\\/\\\/xstyle.md\\\/product\\\/nozh-opinel-laminated-birch-nr-8\\\/#primaryimage\"},\"image\":{\"@id\":\"https:\\\/\\\/xstyle.md\\\/product\\\/nozh-opinel-laminated-birch-nr-8\\\/#primaryimage\"},\"thumbnailUrl\":\"https:\\\/\\\/xstyle.md\\\/wp-content\\\/uploads\\\/2025\\\/03\\\/opinel-laminated-birch-nr.-8.webp\",\"datePublished\":\"2025-03-01T13:16:39+00:00\",\"dateModified\":\"2026-02-23T14:15:40+00:00\",\"breadcrumb\":{\"@id\":\"https:\\\/\\\/xstyle.md\\\/product\\\/nozh-opinel-laminated-birch-nr-8\\\/#breadcrumb\"},\"inLanguage\":\"ro-RO\",\"potentialAction\":[{\"@type\":\"ReadAction\",\"target\":[\"https:\\\/\\\/xstyle.md\\\/product\\\/nozh-opinel-laminated-birch-nr-8\\\/\"]}]},{\"@type\":\"ImageObject\",\"inLanguage\":\"ro-RO\",\"@id\":\"https:\\\/\\\/xstyle.md\\\/product\\\/nozh-opinel-laminated-birch-nr-8\\\/#primaryimage\",\"url\":\"https:\\\/\\\/xstyle.md\\\/wp-content\\\/uploads\\\/2025\\\/03\\\/opinel-laminated-birch-nr.-8.webp\",\"contentUrl\":\"https:\\\/\\\/xstyle.md\\\/wp-content\\\/uploads\\\/2025\\\/03\\\/opinel-laminated-birch-nr.-8.webp\",\"width\":1000,\"height\":1000,\"caption\":\"\u041c\u0438\u043d\u0438\u0430\u0442\u044e\u0440\u0430 \u043d\u043e\u0436\u0430 Opinel Laminated Birch Nr 8 \u0434\u043b\u044f \u0430\u043a\u0442\u0438\u0432\u043d\u043e\u0433\u043e \u043e\u0442\u0434\u044b\u0445\u0430, \u043f\u043e\u0445\u043e\u0434\u043e\u0432 \u0438 \u043f\u0443\u0442\u0435\u0448\u0435\u0441\u0442\u0432\u0438\u0439 \u0432 \u0440\u0430\u0437\u0434\u0435\u043b\u0435 \u0442\u043e\u0432\u0430\u0440\u043e\u0432 \u0434\u043b\u044f \u0430\u043b\u044c\u043f\u0438\u043d\u0438\u0437\u043c\u0430, \u0442\u0443\u0440\u0438\u0437\u043c\u0430 \u0438 \u0441\u043f\u043e\u0440\u0442\u0438\u0432\u043d\u043e\u0439 \u043e\u0434\u0435\u0436\u0434\u044b\"},{\"@type\":\"BreadcrumbList\",\"@id\":\"https:\\\/\\\/xstyle.md\\\/product\\\/nozh-opinel-laminated-birch-nr-8\\\/#breadcrumb\",\"itemListElement\":[{\"@type\":\"ListItem\",\"position\":1,\"name\":\"\u0413\u043b\u0430\u0432\u043d\u0430\u044f \u0441\u0442\u0440\u0430\u043d\u0438\u0446\u0430\",\"item\":\"https:\\\/\\\/xstyle.md\\\/\"},{\"@type\":\"ListItem\",\"position\":2,\"name\":\"\u041c\u0430\u0433\u0430\u0437\u0438\u043d\",\"item\":\"https:\\\/\\\/xstyle.md\\\/shop\\\/\"},{\"@type\":\"ListItem\",\"position\":3,\"name\":\"\u041d\u043e\u0436 Opinel Laminated Birch Nr. 8\"}]},{\"@type\":\"WebSite\",\"@id\":\"https:\\\/\\\/xstyle.md\\\/#website\",\"url\":\"https:\\\/\\\/xstyle.md\\\/\",\"name\":\"\u041c\u0430\u0433\u0430\u0437\u0438\u043d Xstyle\",\"description\":\"C\u043d\u0430\u0440\u044f\u0436\u0435\u043d\u0438\u0435 \u0434\u043b\u044f \u0442\u0443\u0440\u0438\u0437\u043c\u0430 \u0438 \u044d\u043a\u0441\u0442\u0440\u0435\u043c\u0430\u043b\u044c\u043d\u044b\u0445 \u0432\u0438\u0434\u043e\u0432 \u0441\u043f\u043e\u0440\u0442\u0430 \u0432 \u041c\u043e\u043b\u0434\u043e\u0432\u0435.. \u0426\u0435\u043d\u044b, \u0444\u043e\u0442\u043e, \u0445\u0430\u0440\u0430\u043a\u0442\u0435\u0440\u0438\u0441\u0442\u0438\u043a\u0438 \u0432 \u041c\u043e\u043b\u0434\u043e\u0432\u0435.\",\"publisher\":{\"@id\":\"https:\\\/\\\/xstyle.md\\\/#organization\"},\"alternateName\":\"X-Style\",\"potentialAction\":[{\"@type\":\"SearchAction\",\"target\":{\"@type\":\"EntryPoint\",\"urlTemplate\":\"https:\\\/\\\/xstyle.md\\\/?s={search_term_string}\"},\"query-input\":{\"@type\":\"PropertyValueSpecification\",\"valueRequired\":true,\"valueName\":\"search_term_string\"}}],\"inLanguage\":\"ro-RO\"},{\"@type\":\"Organization\",\"@id\":\"https:\\\/\\\/xstyle.md\\\/#organization\",\"name\":\"\u041c\u0430\u0433\u0430\u0437\u0438\u043d Xstyle\",\"alternateName\":\"x-style\",\"url\":\"https:\\\/\\\/xstyle.md\\\/\",\"logo\":{\"@type\":\"ImageObject\",\"inLanguage\":\"ro-RO\",\"@id\":\"https:\\\/\\\/xstyle.md\\\/#\\\/schema\\\/logo\\\/image\\\/\",\"url\":\"https:\\\/\\\/xstyle.md\\\/wp-content\\\/uploads\\\/2020\\\/06\\\/logoicon.svg\",\"contentUrl\":\"https:\\\/\\\/xstyle.md\\\/wp-content\\\/uploads\\\/2020\\\/06\\\/logoicon.svg\",\"caption\":\"\u041c\u0430\u0433\u0430\u0437\u0438\u043d Xstyle\"},\"image\":{\"@id\":\"https:\\\/\\\/xstyle.md\\\/#\\\/schema\\\/logo\\\/image\\\/\"},\"sameAs\":[\"https:\\\/\\\/www.facebook.com\\\/xstylemd\",\"https:\\\/\\\/www.instagram.com\\\/xstyle_md\\\/\",\"https:\\\/\\\/t.me\\\/xstyle_outdoor\"],\"hasMerchantReturnPolicy\":{\"@type\":\"MerchantReturnPolicy\",\"merchantReturnLink\":\"https:\\\/\\\/xstyle.md\\\/ro\\\/conditions\\\/\"}}]}<\/script>\n<meta property=\"product:price:amount\" content=\"730.00\" \/>\n<meta property=\"product:price:currency\" content=\"MDL\" \/>\n<meta property=\"og:availability\" content=\"instock\" \/>\n<meta property=\"product:availability\" content=\"instock\" \/>\n<meta property=\"product:retailer_item_id\" content=\"3123840023880\" \/>\n<meta property=\"product:condition\" content=\"new\" \/>\n<!-- \/ Yoast SEO plugin. -->","yoast_head_json":{"title":"\u041d\u043e\u0436 Opinel Laminated Birch Nr. 8 - \u041c\u0430\u0433\u0430\u0437\u0438\u043d Xstyle","robots":{"index":"index","follow":"follow","max-snippet":"max-snippet:-1","max-image-preview":"max-image-preview:large","max-video-preview":"max-video-preview:-1"},"canonical":"https:\/\/xstyle.md\/ro\/produs\/nozh-opinel-laminated-birch-nr-8\/","og_locale":"ro_RO","og_type":"article","og_title":"\u041d\u043e\u0436 Opinel Laminated Birch Nr. 8 - \u041c\u0430\u0433\u0430\u0437\u0438\u043d Xstyle","og_description":"\u0411\u0440\u0435\u043d\u0434 Opinel \u2013 \u043e\u0434\u043d\u0430 \u0438\u0437 \u0441\u0430\u043c\u044b\u0445 \u0438\u0437\u0432\u0435\u0441\u0442\u043d\u044b\u0445 \u0444\u0438\u0440\u043c-\u043f\u0440\u043e\u0438\u0437\u0432\u043e\u0434\u0438\u0442\u0435\u043b\u0435\u0439 \u043d\u043e\u0436\u0435\u0439, \u0441\u0442\u043e\u043b\u043e\u0432\u044b\u0445 \u043f\u0440\u0438\u0431\u043e\u0440\u043e\u0432 \u0438 \u0441\u0430\u0434\u043e\u0432\u044b\u0445 \u0438\u043d\u0441\u0442\u0440\u0443\u043c\u0435\u043d\u0442\u043e\u0432. \u0415\u0435 \u0438\u0441\u0442\u043e\u0440\u0438\u044f \u043d\u0430\u0447\u0430\u043b\u0430\u0441\u044c \u0432 1890 \u0433\u043e\u0434\u0443, \u043a\u043e\u0433\u0434\u0430 \u0444\u0440\u0430\u043d\u0446\u0443\u0437\u0441\u043a\u0438\u0439 \u0440\u0435\u043c\u0435\u0441\u043b\u0435\u043d\u043d\u0438\u043a \u0416\u043e\u0437\u0435\u0444 \u041e\u043f\u0438\u043d\u0435\u043b\u044c \u0441\u043e\u0437\u0434\u0430\u043b \u0441\u0432\u043e\u0439 \u043f\u0435\u0440\u0432\u044b\u0439 \u0441\u043a\u043b\u0430\u0434\u043d\u043e\u0439 \u043d\u043e\u0436. \u0411\u043b\u0430\u0433\u043e\u0434\u0430\u0440\u044f \u0434\u043e\u043b\u0433\u043e\u0432\u0435\u0447\u043d\u043e\u0441\u0442\u0438 \u0438 \u043a\u0430\u0447\u0435\u0441\u0442\u0432\u0443 \u043c\u0430\u0442\u0435\u0440\u0438\u0430\u043b\u043e\u0432, \u0442\u0430\u043a\u0438\u0445 \u043a\u0430\u043a \u043d\u0435\u0440\u0436\u0430\u0432\u0435\u044e\u0449\u0430\u044f \u0441\u0442\u0430\u043b\u044c Sandvik 12C27 \u0434\u043b\u044f \u043b\u0435\u0437\u0432\u0438\u0439 \u0438 \u0440\u0430\u0437\u043d\u043e\u043e\u0431\u0440\u0430\u0437\u043d\u044b\u0435 \u0432\u0438\u0434\u044b \u0434\u0435\u0440\u0435\u0432\u0430 \u0434\u043b\u044f \u0440\u0443\u043a\u043e\u044f\u0442\u043e\u043a, \u043d\u043e\u0436\u0438 Opinel \u0437\u0430\u0432\u043e\u0435\u0432\u0430\u043b\u0438 \u0432\u0441\u0435\u043e\u0431\u0449\u0443\u044e \u043b\u044e\u0431\u043e\u0432\u044c \u0438 [&hellip;]","og_url":"https:\/\/xstyle.md\/ro\/produs\/nozh-opinel-laminated-birch-nr-8\/","og_site_name":"\u041c\u0430\u0433\u0430\u0437\u0438\u043d Xstyle","article_publisher":"https:\/\/www.facebook.com\/xstylemd","article_modified_time":"2026-02-23T14:15:40+00:00","og_image":[{"width":1000,"height":1000,"url":"https:\/\/xstyle.md\/wp-content\/uploads\/2025\/03\/opinel-laminated-birch-nr.-8.webp","type":"image\/webp"}],"twitter_card":"summary_large_image","twitter_misc":{"Pre\u021b":"730&nbsp;MDL","Disponibilitate":"\u00cen stoc"},"schema":{"@context":"https:\/\/schema.org","@graph":[{"@type":"WebPage","@id":"https:\/\/xstyle.md\/product\/nozh-opinel-laminated-birch-nr-8\/","url":"https:\/\/xstyle.md\/product\/nozh-opinel-laminated-birch-nr-8\/","name":"\u041d\u043e\u0436 Opinel Laminated Birch Nr. 8 - \u041c\u0430\u0433\u0430\u0437\u0438\u043d Xstyle","isPartOf":{"@id":"https:\/\/xstyle.md\/#website"},"primaryImageOfPage":{"@id":"https:\/\/xstyle.md\/product\/nozh-opinel-laminated-birch-nr-8\/#primaryimage"},"image":{"@id":"https:\/\/xstyle.md\/product\/nozh-opinel-laminated-birch-nr-8\/#primaryimage"},"thumbnailUrl":"https:\/\/xstyle.md\/wp-content\/uploads\/2025\/03\/opinel-laminated-birch-nr.-8.webp","datePublished":"2025-03-01T13:16:39+00:00","dateModified":"2026-02-23T14:15:40+00:00","breadcrumb":{"@id":"https:\/\/xstyle.md\/product\/nozh-opinel-laminated-birch-nr-8\/#breadcrumb"},"inLanguage":"ro-RO","potentialAction":[{"@type":"ReadAction","target":["https:\/\/xstyle.md\/product\/nozh-opinel-laminated-birch-nr-8\/"]}]},{"@type":"ImageObject","inLanguage":"ro-RO","@id":"https:\/\/xstyle.md\/product\/nozh-opinel-laminated-birch-nr-8\/#primaryimage","url":"https:\/\/xstyle.md\/wp-content\/uploads\/2025\/03\/opinel-laminated-birch-nr.-8.webp","contentUrl":"https:\/\/xstyle.md\/wp-content\/uploads\/2025\/03\/opinel-laminated-birch-nr.-8.webp","width":1000,"height":1000,"caption":"\u041c\u0438\u043d\u0438\u0430\u0442\u044e\u0440\u0430 \u043d\u043e\u0436\u0430 Opinel Laminated Birch Nr 8 \u0434\u043b\u044f \u0430\u043a\u0442\u0438\u0432\u043d\u043e\u0433\u043e \u043e\u0442\u0434\u044b\u0445\u0430, \u043f\u043e\u0445\u043e\u0434\u043e\u0432 \u0438 \u043f\u0443\u0442\u0435\u0448\u0435\u0441\u0442\u0432\u0438\u0439 \u0432 \u0440\u0430\u0437\u0434\u0435\u043b\u0435 \u0442\u043e\u0432\u0430\u0440\u043e\u0432 \u0434\u043b\u044f \u0430\u043b\u044c\u043f\u0438\u043d\u0438\u0437\u043c\u0430, \u0442\u0443\u0440\u0438\u0437\u043c\u0430 \u0438 \u0441\u043f\u043e\u0440\u0442\u0438\u0432\u043d\u043e\u0439 \u043e\u0434\u0435\u0436\u0434\u044b"},{"@type":"BreadcrumbList","@id":"https:\/\/xstyle.md\/product\/nozh-opinel-laminated-birch-nr-8\/#breadcrumb","itemListElement":[{"@type":"ListItem","position":1,"name":"\u0413\u043b\u0430\u0432\u043d\u0430\u044f \u0441\u0442\u0440\u0430\u043d\u0438\u0446\u0430","item":"https:\/\/xstyle.md\/"},{"@type":"ListItem","position":2,"name":"\u041c\u0430\u0433\u0430\u0437\u0438\u043d","item":"https:\/\/xstyle.md\/shop\/"},{"@type":"ListItem","position":3,"name":"\u041d\u043e\u0436 Opinel Laminated Birch Nr. 8"}]},{"@type":"WebSite","@id":"https:\/\/xstyle.md\/#website","url":"https:\/\/xstyle.md\/","name":"Magazinul X-Style","description":"Echipamente pentru turism \u0219i sporturi extreme \u00een Moldova. Pre\u021buri, fotografii, caracteristici \u00een Moldova.","publisher":{"@id":"https:\/\/xstyle.md\/#organization"},"alternateName":"X-Style","potentialAction":[{"@type":"SearchAction","target":{"@type":"EntryPoint","urlTemplate":"https:\/\/xstyle.md\/?s={search_term_string}"},"query-input":{"@type":"PropertyValueSpecification","valueRequired":true,"valueName":"search_term_string"}}],"inLanguage":"ro-RO"},{"@type":"Organization","@id":"https:\/\/xstyle.md\/#organization","name":"Magazinul X-Style","alternateName":"x-style","url":"https:\/\/xstyle.md\/","logo":{"@type":"ImageObject","inLanguage":"ro-RO","@id":"https:\/\/xstyle.md\/#\/schema\/logo\/image\/","url":"https:\/\/xstyle.md\/wp-content\/uploads\/2020\/06\/logoicon.svg","contentUrl":"https:\/\/xstyle.md\/wp-content\/uploads\/2020\/06\/logoicon.svg","caption":"\u041c\u0430\u0433\u0430\u0437\u0438\u043d Xstyle"},"image":{"@id":"https:\/\/xstyle.md\/#\/schema\/logo\/image\/"},"sameAs":["https:\/\/www.facebook.com\/xstylemd","https:\/\/www.instagram.com\/xstyle_md\/","https:\/\/t.me\/xstyle_outdoor"],"hasMerchantReturnPolicy":{"@type":"MerchantReturnPolicy","merchantReturnLink":"https:\/\/xstyle.md\/ro\/conditions\/"}}]},"product_price_amount":"730.00","product_price_currency":"MDL","og_availability":"instock","product_availability":"instock","product_retailer_item_id":"3123840023880","product_condition":"new"},"_links":{"self":[{"href":"https:\/\/xstyle.md\/ro\/wp-json\/wp\/v2\/product\/92982","targetHints":{"allow":["GET"]}}],"collection":[{"href":"https:\/\/xstyle.md\/ro\/wp-json\/wp\/v2\/product"}],"about":[{"href":"https:\/\/xstyle.md\/ro\/wp-json\/wp\/v2\/types\/product"}],"replies":[{"embeddable":true,"href":"https:\/\/xstyle.md\/ro\/wp-json\/wp\/v2\/comments?post=92982"}],"wp:featuredmedia":[{"embeddable":true,"href":"https:\/\/xstyle.md\/ro\/wp-json\/wp\/v2\/media\/93307"}],"wp:attachment":[{"href":"https:\/\/xstyle.md\/ro\/wp-json\/wp\/v2\/media?parent=92982"}],"wp:term":[{"taxonomy":"product_brand","embeddable":true,"href":"https:\/\/xstyle.md\/ro\/wp-json\/wp\/v2\/product_brand?post=92982"},{"taxonomy":"product_cat","embeddable":true,"href":"https:\/\/xstyle.md\/ro\/wp-json\/wp\/v2\/product_cat?post=92982"},{"taxonomy":"product_tag","embeddable":true,"href":"https:\/\/xstyle.md\/ro\/wp-json\/wp\/v2\/product_tag?post=92982"}],"curies":[{"name":"wp","href":"https:\/\/api.w.org\/{rel}","templated":true}]}}