{"id":9189,"date":"2020-07-17T00:33:10","date_gmt":"2020-07-16T21:33:10","guid":{"rendered":"https:\/\/xstyle.md\/product\/odejalo-podushka-therm-a-rest-argo-blanket"},"modified":"2024-11-24T01:55:27","modified_gmt":"2024-11-23T22:55:27","slug":"odejalo-podushka-therm-a-rest-argo-blanket","status":"publish","type":"product","link":"https:\/\/xstyle.md\/ro\/produs\/odejalo-podushka-therm-a-rest-argo-blanket\/","title":{"rendered":"Plapum\u0103-perna Therm-a-rest Argo Blanket"},"content":{"rendered":"<\/p>\n<p><strong>Therm-a-rest Argo Blanket<\/strong> &#8212; p\u0103tur\u0103 func\u021bional\u0103, adaug\u0103 confort atunci c\u00e2nd merge\u021bi cu cortul sau dormi\u021bi \u00een ma\u0219in\u0103. Cu o izola\u021bie termic\u0103 de 37,5\u2122, p\u0103tura v\u0103 \u021bine cald atunci c\u00e2nd ave\u021bi nevoie de ea \u0219i, \u00een acela\u0219i timp, evacueaz\u0103 c\u0103ldura excesiv\u0103 atunci c\u00e2nd este cald, asigur\u00e2nd o bun\u0103 reglare termic\u0103.<\/p>\n<p>P\u0103tura este at\u00e2t de moale \u0219i confortabil\u0103 \u00eenc\u00e2t nu ve\u021bi mai dori s\u0103 dormi\u021bi niciodat\u0103 \u00eentr-un sac de dormit \u00een timpul verii. C\u0103ptu\u0219eala este moale \u0219i placuta, confec\u021bionat\u0103 din material moale la atingere. Exist\u0103 bucle cu nasturi pe p\u0103r\u021bile laterale, care v\u0103 permit s\u0103 fixa\u021bi p\u0103tura de un covora\u0219, sac de dormit, pat de campanie sau s\u0103 o lega\u021bi \u00eempreun\u0103 pentru a crea echivalentul unui sac de dormit pentru o singur\u0103 persoan\u0103.<\/p>\n<p>Marginea de jos a p\u0103turii are un cordon care v\u0103 permite s\u0103 v\u0103 puneti picioarele \u00een\u0103untru, reduc\u00e2nd zonele umflate. P\u0103tura poate fi pliat\u0103 \u00een propriul buzunar cu fermoar.<\/p>\n<h3>Particularit\u0103\u021bi<\/h3>\n<ul>\n<li>Material pl\u0103cut pentru piele<\/li>\n<li>Umplutur\u0103 din microfibre extrem de moale pentru o odihn\u0103 confortabil\u0103<\/li>\n<li>Hus\u0103 \u00eencorporat\u0103<\/li>\n<li>Dimensiune compact\u0103 a pachetului.<\/li>\n<\/ul>\n<h3>Caracteristici<\/h3>\n<ul>\n<li>Greutate &#8212; 610 g<\/li>\n<li>Greutatea izola\u021biei &#8212; 230 g<\/li>\n<li>Dimensiuni &#8212; 190 x 140 cm<\/li>\n<li>Dimensiuni ambalate &#8212; 37 x 30 x 13 cm<\/li>\n<li>Izola\u021bie &#8212; 37.5 Active Partical Polyester<\/li>\n<li>Material &#8212; 20D poliester Ripstop w\/DWR<\/li>\n<li>C\u0103ptu\u0219eal\u0103 &#8212; Poliester periat 50D.<\/li>\n<\/ul>\n<h3>Tehnologie<\/h3>\n<ul>\n<li><strong>37,5\u00a0 Technology<\/strong> &#8212; tehnologie de termoreglare dinamic\u0103, care este declan\u0219at\u0103 de umiditate. Se nume\u0219te tehnologia 37.5 deoarece ajut\u0103 la men\u021binerea temperaturii interne ideale a corpului dumneavoastr\u0103 la 37,5 grade Celsius \u0219i ajut\u0103 la men\u021binerea microclimatului de l\u00e2ng\u0103 piele la o umiditate relativ ideal\u0103 de 37,5%. Tehnologia 37,5 este declan\u0219at\u0103 de umiditate. Umiditatea este un indicator pentru a afla dac\u0103 v\u0103 este cald sau nu. Atunci c\u00e2nd v\u0103 este cald, particulele active din material folosesc energia corpului dumneavoastr\u0103 pentru a elimina umiditatea \u0219i a v\u0103 r\u0103cori. C\u00e2nd v\u0103 este frig, particulele active stocheaz\u0103 energia corpului dumneavoastr\u0103 pentru a v\u0103 \u00eenc\u0103lzi.<\/li>\n<\/ul>\n<h3>Marca<\/h3>\n<p>Therm-a-rest este un pionier \u00een domeniul covora\u0219elor auto-gonflabile, astfel \u00eenc\u00e2t Therm-a-rest este foarte confortabil pe pia\u021ba de exterior. Dar nu ofer\u0103 doar saltele pentru dormit, ci \u0219i perne pentru drume\u021bii, spume elegante, scaune gonflabile, \u0219ezlonguri compacte, scaune pliabile.<\/p>\n<p>Culorile vii, designul futurist \u0219i ingineria \u00eendr\u0103znea\u021b\u0103 fac ca produsele Therm-a-rest s\u0103 fie recunoscute \u00een \u00eentreaga lume, at\u00e2t de c\u0103tre cei care c\u0103l\u0103toresc pe distan\u021be lungi, c\u00e2t \u0219i de cei care doresc s\u0103 petreac\u0103 o zi relaxant\u0103 \u00een aer liber.<\/p>\n<p><\/p>","protected":false},"excerpt":{"rendered":"<p>Plapum\u0103-perna Therm-a-rest Argo Blanket<\/p>","protected":false},"featured_media":9187,"comment_status":"open","ping_status":"closed","template":"","meta":{"_acf_changed":false,"inline_featured_image":false},"product_brand":[1286],"product_cat":[304],"product_tag":[],"class_list":{"0":"post-9189","1":"product","2":"type-product","3":"status-publish","4":"has-post-thumbnail","6":"product_brand-therm-a-rest","7":"product_cat-blankets","9":"first","10":"instock","11":"shipping-taxable","12":"purchasable","13":"product-type-simple"},"acf":[],"yoast_head":"<!-- This site is optimized with the Yoast SEO plugin v27.2 - https:\/\/yoast.com\/product\/yoast-seo-wordpress\/ -->\n<title>\u041e\u0434\u0435\u044f\u043b\u043e-\u043f\u043e\u0434\u0443\u0448\u043a\u0430 Therm-a-rest Argo Blanket - \u041c\u0430\u0433\u0430\u0437\u0438\u043d Xstyle<\/title>\n<meta name=\"description\" content=\"\u041e\u0434\u0435\u044f\u043b\u043e-\u043f\u043e\u0434\u0443\u0448\u043a\u0430 Therm-a-rest Argo Blanket \u043e\u0431\u0435\u0441\u043f\u0435\u0447\u0438\u0432\u0430\u0435\u0442 \u043a\u043e\u043c\u0444\u043e\u0440\u0442 \u0438 \u0442\u0435\u043f\u043b\u043e \u0441 \u0438\u0437\u043e\u043b\u044f\u0446\u0438\u0435\u0439 375, \u0438\u0434\u0435\u0430\u043b\u044c\u043d\u043e \u043f\u043e\u0434\u0445\u043e\u0434\u0438\u0442 \u0434\u043b\u044f \u043a\u0435\u043c\u043f\u0438\u043d\u0433\u0430 \u0438 \u0441\u043d\u0430 \u0432 \u0430\u0432\u0442\u043e\u043c\u043e\u0431\u0438\u043b\u0435.\" \/>\n<meta name=\"robots\" content=\"index, follow, max-snippet:-1, max-image-preview:large, max-video-preview:-1\" \/>\n<link rel=\"canonical\" href=\"https:\/\/xstyle.md\/ro\/produs\/odejalo-podushka-therm-a-rest-argo-blanket\/\" \/>\n<meta property=\"og:locale\" content=\"ro_RO\" \/>\n<meta property=\"og:type\" content=\"article\" \/>\n<meta property=\"og:title\" content=\"\u041e\u0434\u0435\u044f\u043b\u043e-\u043f\u043e\u0434\u0443\u0448\u043a\u0430 Therm-a-rest Argo Blanket - \u041c\u0430\u0433\u0430\u0437\u0438\u043d Xstyle\" \/>\n<meta property=\"og:description\" content=\"\u041e\u0434\u0435\u044f\u043b\u043e-\u043f\u043e\u0434\u0443\u0448\u043a\u0430 Therm-a-rest Argo Blanket \u043e\u0431\u0435\u0441\u043f\u0435\u0447\u0438\u0432\u0430\u0435\u0442 \u043a\u043e\u043c\u0444\u043e\u0440\u0442 \u0438 \u0442\u0435\u043f\u043b\u043e \u0441 \u0438\u0437\u043e\u043b\u044f\u0446\u0438\u0435\u0439 375, \u0438\u0434\u0435\u0430\u043b\u044c\u043d\u043e \u043f\u043e\u0434\u0445\u043e\u0434\u0438\u0442 \u0434\u043b\u044f \u043a\u0435\u043c\u043f\u0438\u043d\u0433\u0430 \u0438 \u0441\u043d\u0430 \u0432 \u0430\u0432\u0442\u043e\u043c\u043e\u0431\u0438\u043b\u0435.\" \/>\n<meta property=\"og:url\" content=\"https:\/\/xstyle.md\/ro\/produs\/odejalo-podushka-therm-a-rest-argo-blanket\/\" \/>\n<meta property=\"og:site_name\" content=\"\u041c\u0430\u0433\u0430\u0437\u0438\u043d Xstyle\" \/>\n<meta property=\"article:publisher\" content=\"https:\/\/www.facebook.com\/xstylemd\" \/>\n<meta property=\"article:modified_time\" content=\"2024-11-23T22:55:27+00:00\" \/>\n<meta property=\"og:image\" content=\"https:\/\/xstyle.md\/wp-content\/uploads\/2020\/07\/argo_blanket_1_.jpg\" \/>\n\t<meta property=\"og:image:width\" content=\"900\" \/>\n\t<meta property=\"og:image:height\" content=\"900\" \/>\n\t<meta property=\"og:image:type\" content=\"image\/jpeg\" \/>\n<meta name=\"twitter:card\" content=\"summary_large_image\" \/>\n<meta name=\"twitter:label1\" content=\"Pre\u021b\" \/>\n\t<meta name=\"twitter:data1\" content=\"2.360&nbsp;MDL\" \/>\n\t<meta name=\"twitter:label2\" content=\"Disponibilitate\" \/>\n\t<meta name=\"twitter:data2\" content=\"\u00cen stoc\" \/>\n<script type=\"application\/ld+json\" class=\"yoast-schema-graph\">{\"@context\":\"https:\/\/schema.org\",\"@graph\":[{\"@type\":\"WebPage\",\"@id\":\"https:\/\/xstyle.md\/product\/odejalo-podushka-therm-a-rest-argo-blanket\/\",\"url\":\"https:\/\/xstyle.md\/product\/odejalo-podushka-therm-a-rest-argo-blanket\/\",\"name\":\"\u041e\u0434\u0435\u044f\u043b\u043e-\u043f\u043e\u0434\u0443\u0448\u043a\u0430 Therm-a-rest Argo Blanket - \u041c\u0430\u0433\u0430\u0437\u0438\u043d Xstyle\",\"isPartOf\":{\"@id\":\"https:\/\/xstyle.md\/#website\"},\"primaryImageOfPage\":{\"@id\":\"https:\/\/xstyle.md\/product\/odejalo-podushka-therm-a-rest-argo-blanket\/#primaryimage\"},\"image\":{\"@id\":\"https:\/\/xstyle.md\/product\/odejalo-podushka-therm-a-rest-argo-blanket\/#primaryimage\"},\"thumbnailUrl\":\"https:\/\/xstyle.md\/wp-content\/uploads\/2020\/07\/argo_blanket_1_.jpg\",\"datePublished\":\"2020-07-16T21:33:10+00:00\",\"dateModified\":\"2024-11-23T22:55:27+00:00\",\"description\":\"\u041e\u0434\u0435\u044f\u043b\u043e-\u043f\u043e\u0434\u0443\u0448\u043a\u0430 Therm-a-rest Argo Blanket \u043e\u0431\u0435\u0441\u043f\u0435\u0447\u0438\u0432\u0430\u0435\u0442 \u043a\u043e\u043c\u0444\u043e\u0440\u0442 \u0438 \u0442\u0435\u043f\u043b\u043e \u0441 \u0438\u0437\u043e\u043b\u044f\u0446\u0438\u0435\u0439 375, \u0438\u0434\u0435\u0430\u043b\u044c\u043d\u043e \u043f\u043e\u0434\u0445\u043e\u0434\u0438\u0442 \u0434\u043b\u044f \u043a\u0435\u043c\u043f\u0438\u043d\u0433\u0430 \u0438 \u0441\u043d\u0430 \u0432 \u0430\u0432\u0442\u043e\u043c\u043e\u0431\u0438\u043b\u0435.\",\"breadcrumb\":{\"@id\":\"https:\/\/xstyle.md\/product\/odejalo-podushka-therm-a-rest-argo-blanket\/#breadcrumb\"},\"inLanguage\":\"ro-RO\",\"potentialAction\":[{\"@type\":\"ReadAction\",\"target\":[\"https:\/\/xstyle.md\/product\/odejalo-podushka-therm-a-rest-argo-blanket\/\"]}]},{\"@type\":\"ImageObject\",\"inLanguage\":\"ro-RO\",\"@id\":\"https:\/\/xstyle.md\/product\/odejalo-podushka-therm-a-rest-argo-blanket\/#primaryimage\",\"url\":\"https:\/\/xstyle.md\/wp-content\/uploads\/2020\/07\/argo_blanket_1_.jpg\",\"contentUrl\":\"https:\/\/xstyle.md\/wp-content\/uploads\/2020\/07\/argo_blanket_1_.jpg\",\"width\":900,\"height\":900},{\"@type\":\"BreadcrumbList\",\"@id\":\"https:\/\/xstyle.md\/product\/odejalo-podushka-therm-a-rest-argo-blanket\/#breadcrumb\",\"itemListElement\":[{\"@type\":\"ListItem\",\"position\":1,\"name\":\"\u0413\u043b\u0430\u0432\u043d\u0430\u044f \u0441\u0442\u0440\u0430\u043d\u0438\u0446\u0430\",\"item\":\"https:\/\/xstyle.md\/\"},{\"@type\":\"ListItem\",\"position\":2,\"name\":\"\u041c\u0430\u0433\u0430\u0437\u0438\u043d\",\"item\":\"https:\/\/xstyle.md\/shop\/\"},{\"@type\":\"ListItem\",\"position\":3,\"name\":\"\u041e\u0434\u0435\u044f\u043b\u043e-\u043f\u043e\u0434\u0443\u0448\u043a\u0430 Therm-a-rest Argo Blanket\"}]},{\"@type\":\"WebSite\",\"@id\":\"https:\/\/xstyle.md\/#website\",\"url\":\"https:\/\/xstyle.md\/\",\"name\":\"\u041c\u0430\u0433\u0430\u0437\u0438\u043d Xstyle\",\"description\":\"C\u043d\u0430\u0440\u044f\u0436\u0435\u043d\u0438\u0435 \u0434\u043b\u044f \u0442\u0443\u0440\u0438\u0437\u043c\u0430 \u0438 \u044d\u043a\u0441\u0442\u0440\u0435\u043c\u0430\u043b\u044c\u043d\u044b\u0445 \u0432\u0438\u0434\u043e\u0432 \u0441\u043f\u043e\u0440\u0442\u0430 \u0432 \u041c\u043e\u043b\u0434\u043e\u0432\u0435.. \u0426\u0435\u043d\u044b, \u0444\u043e\u0442\u043e, \u0445\u0430\u0440\u0430\u043a\u0442\u0435\u0440\u0438\u0441\u0442\u0438\u043a\u0438 \u0432 \u041c\u043e\u043b\u0434\u043e\u0432\u0435.\",\"publisher\":{\"@id\":\"https:\/\/xstyle.md\/#organization\"},\"alternateName\":\"X-Style\",\"potentialAction\":[{\"@type\":\"SearchAction\",\"target\":{\"@type\":\"EntryPoint\",\"urlTemplate\":\"https:\/\/xstyle.md\/?s={search_term_string}\"},\"query-input\":{\"@type\":\"PropertyValueSpecification\",\"valueRequired\":true,\"valueName\":\"search_term_string\"}}],\"inLanguage\":\"ro-RO\"},{\"@type\":\"Organization\",\"@id\":\"https:\/\/xstyle.md\/#organization\",\"name\":\"\u041c\u0430\u0433\u0430\u0437\u0438\u043d Xstyle\",\"alternateName\":\"x-style\",\"url\":\"https:\/\/xstyle.md\/\",\"logo\":{\"@type\":\"ImageObject\",\"inLanguage\":\"ro-RO\",\"@id\":\"https:\/\/xstyle.md\/#\/schema\/logo\/image\/\",\"url\":\"https:\/\/xstyle.md\/wp-content\/uploads\/2020\/06\/logoicon.svg\",\"contentUrl\":\"https:\/\/xstyle.md\/wp-content\/uploads\/2020\/06\/logoicon.svg\",\"caption\":\"\u041c\u0430\u0433\u0430\u0437\u0438\u043d Xstyle\"},\"image\":{\"@id\":\"https:\/\/xstyle.md\/#\/schema\/logo\/image\/\"},\"sameAs\":[\"https:\/\/www.facebook.com\/xstylemd\",\"https:\/\/www.instagram.com\/xstyle_md\/\",\"https:\/\/t.me\/xstyle_outdoor\"],\"hasMerchantReturnPolicy\":{\"@type\":\"MerchantReturnPolicy\",\"merchantReturnLink\":\"https:\/\/xstyle.md\/ro\/conditions\/\"}}]}<\/script>\n<meta property=\"product:price:amount\" content=\"2360.00\" \/>\n<meta property=\"product:price:currency\" content=\"MDL\" \/>\n<meta property=\"og:availability\" content=\"instock\" \/>\n<meta property=\"product:availability\" content=\"instock\" \/>\n<meta property=\"product:retailer_item_id\" content=\"40818091883\" \/>\n<meta property=\"product:condition\" content=\"new\" \/>\n<!-- \/ Yoast SEO plugin. -->","yoast_head_json":{"title":"Plapum\u0103-perna Therm-a-rest Argo Blanket - Magazin Xstyle","description":"P\u0103tura-pern\u0103 Therm-a-rest Argo Blanket ofer\u0103 confort \u0219i c\u0103ldur\u0103 cu o izola\u021bie de 375, fiind perfect\u0103 pentru camping \u0219i odihn\u0103 \u00een ma\u0219in\u0103.","robots":{"index":"index","follow":"follow","max-snippet":"max-snippet:-1","max-image-preview":"max-image-preview:large","max-video-preview":"max-video-preview:-1"},"canonical":"https:\/\/xstyle.md\/ro\/produs\/odejalo-podushka-therm-a-rest-argo-blanket\/","og_locale":"ro_RO","og_type":"article","og_title":"\u041e\u0434\u0435\u044f\u043b\u043e-\u043f\u043e\u0434\u0443\u0448\u043a\u0430 Therm-a-rest Argo Blanket - \u041c\u0430\u0433\u0430\u0437\u0438\u043d Xstyle","og_description":"\u041e\u0434\u0435\u044f\u043b\u043e-\u043f\u043e\u0434\u0443\u0448\u043a\u0430 Therm-a-rest Argo Blanket \u043e\u0431\u0435\u0441\u043f\u0435\u0447\u0438\u0432\u0430\u0435\u0442 \u043a\u043e\u043c\u0444\u043e\u0440\u0442 \u0438 \u0442\u0435\u043f\u043b\u043e \u0441 \u0438\u0437\u043e\u043b\u044f\u0446\u0438\u0435\u0439 375, \u0438\u0434\u0435\u0430\u043b\u044c\u043d\u043e \u043f\u043e\u0434\u0445\u043e\u0434\u0438\u0442 \u0434\u043b\u044f \u043a\u0435\u043c\u043f\u0438\u043d\u0433\u0430 \u0438 \u0441\u043d\u0430 \u0432 \u0430\u0432\u0442\u043e\u043c\u043e\u0431\u0438\u043b\u0435.","og_url":"https:\/\/xstyle.md\/ro\/produs\/odejalo-podushka-therm-a-rest-argo-blanket\/","og_site_name":"\u041c\u0430\u0433\u0430\u0437\u0438\u043d Xstyle","article_publisher":"https:\/\/www.facebook.com\/xstylemd","article_modified_time":"2024-11-23T22:55:27+00:00","og_image":[{"width":900,"height":900,"url":"https:\/\/xstyle.md\/wp-content\/uploads\/2020\/07\/argo_blanket_1_.jpg","type":"image\/jpeg"}],"twitter_card":"summary_large_image","twitter_misc":{"Pre\u021b":"2.360&nbsp;MDL","Disponibilitate":"\u00cen stoc"},"schema":{"@context":"https:\/\/schema.org","@graph":[{"@type":"WebPage","@id":"https:\/\/xstyle.md\/product\/odejalo-podushka-therm-a-rest-argo-blanket\/","url":"https:\/\/xstyle.md\/product\/odejalo-podushka-therm-a-rest-argo-blanket\/","name":"Plapum\u0103-perna Therm-a-rest Argo Blanket - Magazin Xstyle","isPartOf":{"@id":"https:\/\/xstyle.md\/#website"},"primaryImageOfPage":{"@id":"https:\/\/xstyle.md\/product\/odejalo-podushka-therm-a-rest-argo-blanket\/#primaryimage"},"image":{"@id":"https:\/\/xstyle.md\/product\/odejalo-podushka-therm-a-rest-argo-blanket\/#primaryimage"},"thumbnailUrl":"https:\/\/xstyle.md\/wp-content\/uploads\/2020\/07\/argo_blanket_1_.jpg","datePublished":"2020-07-16T21:33:10+00:00","dateModified":"2024-11-23T22:55:27+00:00","description":"P\u0103tura-pern\u0103 Therm-a-rest Argo Blanket ofer\u0103 confort \u0219i c\u0103ldur\u0103 cu o izola\u021bie de 375, fiind perfect\u0103 pentru camping \u0219i odihn\u0103 \u00een ma\u0219in\u0103.","breadcrumb":{"@id":"https:\/\/xstyle.md\/product\/odejalo-podushka-therm-a-rest-argo-blanket\/#breadcrumb"},"inLanguage":"ro-RO","potentialAction":[{"@type":"ReadAction","target":["https:\/\/xstyle.md\/product\/odejalo-podushka-therm-a-rest-argo-blanket\/"]}]},{"@type":"ImageObject","inLanguage":"ro-RO","@id":"https:\/\/xstyle.md\/product\/odejalo-podushka-therm-a-rest-argo-blanket\/#primaryimage","url":"https:\/\/xstyle.md\/wp-content\/uploads\/2020\/07\/argo_blanket_1_.jpg","contentUrl":"https:\/\/xstyle.md\/wp-content\/uploads\/2020\/07\/argo_blanket_1_.jpg","width":900,"height":900},{"@type":"BreadcrumbList","@id":"https:\/\/xstyle.md\/product\/odejalo-podushka-therm-a-rest-argo-blanket\/#breadcrumb","itemListElement":[{"@type":"ListItem","position":1,"name":"\u0413\u043b\u0430\u0432\u043d\u0430\u044f \u0441\u0442\u0440\u0430\u043d\u0438\u0446\u0430","item":"https:\/\/xstyle.md\/"},{"@type":"ListItem","position":2,"name":"\u041c\u0430\u0433\u0430\u0437\u0438\u043d","item":"https:\/\/xstyle.md\/shop\/"},{"@type":"ListItem","position":3,"name":"\u041e\u0434\u0435\u044f\u043b\u043e-\u043f\u043e\u0434\u0443\u0448\u043a\u0430 Therm-a-rest Argo Blanket"}]},{"@type":"WebSite","@id":"https:\/\/xstyle.md\/#website","url":"https:\/\/xstyle.md\/","name":"Magazinul X-Style","description":"Echipamente pentru turism \u0219i sporturi extreme \u00een Moldova. Pre\u021buri, fotografii, caracteristici \u00een Moldova.","publisher":{"@id":"https:\/\/xstyle.md\/#organization"},"alternateName":"X-Style","potentialAction":[{"@type":"SearchAction","target":{"@type":"EntryPoint","urlTemplate":"https:\/\/xstyle.md\/?s={search_term_string}"},"query-input":{"@type":"PropertyValueSpecification","valueRequired":true,"valueName":"search_term_string"}}],"inLanguage":"ro-RO"},{"@type":"Organization","@id":"https:\/\/xstyle.md\/#organization","name":"Magazinul X-Style","alternateName":"x-style","url":"https:\/\/xstyle.md\/","logo":{"@type":"ImageObject","inLanguage":"ro-RO","@id":"https:\/\/xstyle.md\/#\/schema\/logo\/image\/","url":"https:\/\/xstyle.md\/wp-content\/uploads\/2020\/06\/logoicon.svg","contentUrl":"https:\/\/xstyle.md\/wp-content\/uploads\/2020\/06\/logoicon.svg","caption":"\u041c\u0430\u0433\u0430\u0437\u0438\u043d Xstyle"},"image":{"@id":"https:\/\/xstyle.md\/#\/schema\/logo\/image\/"},"sameAs":["https:\/\/www.facebook.com\/xstylemd","https:\/\/www.instagram.com\/xstyle_md\/","https:\/\/t.me\/xstyle_outdoor"],"hasMerchantReturnPolicy":{"@type":"MerchantReturnPolicy","merchantReturnLink":"https:\/\/xstyle.md\/ro\/conditions\/"}}]},"product_price_amount":"2360.00","product_price_currency":"MDL","og_availability":"instock","product_availability":"instock","product_retailer_item_id":"40818091883","product_condition":"new"},"post_mailing_queue_ids":[],"_links":{"self":[{"href":"https:\/\/xstyle.md\/ro\/wp-json\/wp\/v2\/product\/9189","targetHints":{"allow":["GET"]}}],"collection":[{"href":"https:\/\/xstyle.md\/ro\/wp-json\/wp\/v2\/product"}],"about":[{"href":"https:\/\/xstyle.md\/ro\/wp-json\/wp\/v2\/types\/product"}],"replies":[{"embeddable":true,"href":"https:\/\/xstyle.md\/ro\/wp-json\/wp\/v2\/comments?post=9189"}],"wp:featuredmedia":[{"embeddable":true,"href":"https:\/\/xstyle.md\/ro\/wp-json\/wp\/v2\/media\/9187"}],"wp:attachment":[{"href":"https:\/\/xstyle.md\/ro\/wp-json\/wp\/v2\/media?parent=9189"}],"wp:term":[{"taxonomy":"product_brand","embeddable":true,"href":"https:\/\/xstyle.md\/ro\/wp-json\/wp\/v2\/product_brand?post=9189"},{"taxonomy":"product_cat","embeddable":true,"href":"https:\/\/xstyle.md\/ro\/wp-json\/wp\/v2\/product_cat?post=9189"},{"taxonomy":"product_tag","embeddable":true,"href":"https:\/\/xstyle.md\/ro\/wp-json\/wp\/v2\/product_tag?post=9189"}],"curies":[{"name":"wp","href":"https:\/\/api.w.org\/{rel}","templated":true}]}}