{"id":9142,"date":"2020-07-17T00:29:59","date_gmt":"2020-07-16T21:29:59","guid":{"rendered":"https:\/\/xstyle.md\/product\/thule-wingbar-edge-958x-black"},"modified":"2024-11-07T12:15:05","modified_gmt":"2024-11-07T09:15:05","slug":"thule-wingbar-edge-958x-black","status":"publish","type":"product","link":"https:\/\/xstyle.md\/ro\/produs\/thule-wingbar-edge-958x-black\/","title":{"rendered":"Bare transversale Thule WingBar Edge 958X black"},"content":{"rendered":"<\/p>\n<p><strong>Bare transversale Thule WingBar Edge 958X black<\/strong> &#8212; este fabricat din aliaj u\u0219or de aluminiu, are un design \u00een form\u0103 de pic\u0103tur\u0103 \u0219i stopuri integrate pentru o mai bun\u0103 aerodinamic\u0103. Fanta sa \u00een form\u0103 de T poate g\u0103zdui accesorii pentru exterior, cum ar fi leg\u0103turile pentru biciclete, schiuri \u0219i sporturi nautice. De asemenea, pot fi montate cutii Thule.<\/p>\n<p>Barele transversale WingBar Edge au cea mai mic\u0103 rezisten\u021b\u0103 la fluxul de aer care vine din fa\u021b\u0103 \u0219i creeaz\u0103 mai pu\u021bin zgomot dec\u00e2t rafturile de acoperi\u0219 Thule clasice.<\/p>\n<p>Profilul redus al designului Thule WingBar Edge completeaz\u0103 perfect linia acoperi\u0219ului vehiculului. Forma aerodinamic\u0103 avansat\u0103, combinat\u0103 cu TrailEdge \u0219i WindDi\ufb00user, minimizeaz\u0103 zgomotul \u0219i \u00eembun\u0103t\u0103\u021be\u0219te eficien\u021ba consumului de combustibil. Cu forma sa elegant\u0103 \u0219i optimizat\u0103, Thule WingBar Edge este ideal \u0219i pentru situa\u021biile \u00een care nu folosi\u021bi portbagajul de acoperi\u0219, dar nu dori\u021bi s\u0103 \u00eel scoate\u021bi.<\/p>\n<p>Compania fabric\u0103 produse premium renumite pentru calitatea de neegalat, siguran\u021ba, u\u0219urin\u021ba \u00een utilizare \u0219i designul elegant. Compania suedez\u0103 Thule produce portbagaje \u0219i alte echipamente auto folosind tehnologie european\u0103 avansat\u0103. Toate produsele sunt testate temeinic \u00een diverse condi\u021bii pentru a se asigura c\u0103 Thule nu v\u0103 va dezam\u0103gi.<\/p>\n<p>Garan\u021bia oficial\u0103 a produc\u0103torului pentru produsele \u0219i accesoriile Thule este de 5 ani.<\/p>\n<h3>Particularit\u0103\u021bi<\/h3>\n<ul>\n<li>Arcuri u\u0219or curbate care se potrivesc perfect cu acoperi\u0219ul<\/li>\n<li>Tehnologia WindDiffuser \u00eentrerupe fluxul de aer, reduc\u00e2nd rezisten\u021ba \u0219i zgomotul \u0219i contribuind la economisirea combustibilului.<\/li>\n<li>Designul TrailEdge reduce rezisten\u021ba aerodinamic\u0103, promov\u00e2nd un arc aerodinamic.<\/li>\n<li>Structura intern\u0103 BoxBeam face ca arcul portbagajului s\u0103 fie extrem de rezistent<\/li>\n<li>Instrumentul AcuTight inclus indic\u0103 c\u00e2t de corect \u0219i sigur este ata\u0219at rack-ul la vehicul<\/li>\n<li>Bara superioar\u0103 \u00een form\u0103 de T permite instalarea \u0219i \u00eendep\u0103rtarea rapid\u0103 a accesoriilor (unele suporturi necesit\u0103 un adaptor Thule Xadapt; consulta\u021bi catalogul de selec\u021bie Thule pentru mai multe informa\u021bii).<\/li>\n<li>Bara preasamblat\u0103 \u0219i sistemul de sus\u021binere sunt rapid de instalat<\/li>\n<li>Se fixeaz\u0103 \u00een siguran\u021b\u0103 pe vehicul cu ajutorul \u00eencuietorilor incluse.<\/li>\n<li>Autoturisme cu acoperi\u0219 solar: din cauza mont\u0103rii joase a portbagajului de acoperi\u0219 pe autovehicul, acoperi\u0219ul solar nu poate fi \u00eentotdeauna deschis. Verifica\u021bi spa\u021biul liber dintre acoperi\u0219 \u0219i portbagaj \u00eenainte de a deschide plafonul.<\/li>\n<\/ul>\n<h3>Caracteristici<\/h3>\n<ul>\n<li>Sarcina maxim\u0103 este de 75 kg. Verifica\u021bi \u0219i sarcina maxim\u0103 admis\u0103 pentru acoperi\u0219ul vehiculului dvs.<\/li>\n<li>Echipat cu bar\u0103 \u00een T &#8212; Da<\/li>\n<li>\u00cencuietoare incluse &#8212; Da<\/li>\n<li>Compatibil cu sistemul One Key &#8212; Da<\/li>\n<\/ul>\n<p><\/p>\n<p><iframe loading=\"lazy\" title=\"Roof Racks - Thule WingBar Edge 958x\/Thule AeroBlade Edge 750x\" width=\"640\" height=\"360\" src=\"https:\/\/www.youtube.com\/embed\/B3Lrauub7_Y?feature=oembed\" frameborder=\"0\" allow=\"accelerometer; autoplay; clipboard-write; encrypted-media; gyroscope; picture-in-picture; web-share\" referrerpolicy=\"strict-origin-when-cross-origin\" allowfullscreen><\/iframe><\/p>","protected":false},"excerpt":{"rendered":"<p>Bare transversale Thule WingBar Edge 958X black<\/p>","protected":false},"featured_media":9139,"comment_status":"open","ping_status":"closed","template":"","meta":{"_acf_changed":false,"inline_featured_image":false},"product_brand":[1269],"product_cat":[364,363],"product_tag":[],"class_list":{"0":"post-9142","1":"product","2":"type-product","3":"status-publish","4":"has-post-thumbnail","6":"product_brand-thule","7":"product_cat-roof-rails","8":"product_cat-crossbars","10":"first","11":"under_request","12":"shipping-taxable","13":"product-type-simple"},"acf":[],"yoast_head":"<!-- This site is optimized with the Yoast SEO plugin v27.2 - https:\/\/yoast.com\/product\/yoast-seo-wordpress\/ -->\n<title>Thule WingBar Edge (958) black - \u041c\u0430\u0433\u0430\u0437\u0438\u043d Xstyle<\/title>\n<meta name=\"description\" content=\"\u041a\u0440\u044b\u0448\u043a\u0430 Thule WingBar Edge (958) \u0447\u0435\u0440\u043d\u0430\u044f - \u0438\u0434\u0435\u0430\u043b\u044c\u043d\u043e\u0435 \u0440\u0435\u0448\u0435\u043d\u0438\u0435 \u0434\u043b\u044f \u0432\u0430\u0448\u0435\u0433\u043e \u0430\u0432\u0442\u043e. \u0410\u044d\u0440\u043e\u0434\u0438\u043d\u0430\u043c\u0438\u0447\u043d\u044b\u0439 \u0434\u0438\u0437\u0430\u0439\u043d, \u043b\u0435\u0433\u043a\u0438\u0439 \u0430\u043b\u044e\u043c\u0438\u043d\u0438\u0439 \u0438 \u0441\u0438\u0441\u0442\u0435\u043c\u0430 One Key. \u0417\u0430\u043a\u0430\u0437\u044b\u0432\u0430\u0439\u0442\u0435 \u0441\u0435\u0439\u0447\u0430\u0441!\" \/>\n<meta name=\"robots\" content=\"index, follow, max-snippet:-1, max-image-preview:large, max-video-preview:-1\" \/>\n<link rel=\"canonical\" href=\"https:\/\/xstyle.md\/ro\/produs\/thule-wingbar-edge-958x-black\/\" \/>\n<meta property=\"og:locale\" content=\"ro_RO\" \/>\n<meta property=\"og:type\" content=\"article\" \/>\n<meta property=\"og:title\" content=\"Thule WingBar Edge (958) black - \u041c\u0430\u0433\u0430\u0437\u0438\u043d Xstyle\" \/>\n<meta property=\"og:description\" content=\"\u041a\u0440\u044b\u0448\u043a\u0430 Thule WingBar Edge (958) \u0447\u0435\u0440\u043d\u0430\u044f - \u0438\u0434\u0435\u0430\u043b\u044c\u043d\u043e\u0435 \u0440\u0435\u0448\u0435\u043d\u0438\u0435 \u0434\u043b\u044f \u0432\u0430\u0448\u0435\u0433\u043e \u0430\u0432\u0442\u043e. \u0410\u044d\u0440\u043e\u0434\u0438\u043d\u0430\u043c\u0438\u0447\u043d\u044b\u0439 \u0434\u0438\u0437\u0430\u0439\u043d, \u043b\u0435\u0433\u043a\u0438\u0439 \u0430\u043b\u044e\u043c\u0438\u043d\u0438\u0439 \u0438 \u0441\u0438\u0441\u0442\u0435\u043c\u0430 One Key. \u0417\u0430\u043a\u0430\u0437\u044b\u0432\u0430\u0439\u0442\u0435 \u0441\u0435\u0439\u0447\u0430\u0441!\" \/>\n<meta property=\"og:url\" content=\"https:\/\/xstyle.md\/ro\/produs\/thule-wingbar-edge-958x-black\/\" \/>\n<meta property=\"og:site_name\" content=\"\u041c\u0430\u0433\u0430\u0437\u0438\u043d Xstyle\" \/>\n<meta property=\"article:publisher\" content=\"https:\/\/www.facebook.com\/xstylemd\" \/>\n<meta property=\"article:modified_time\" content=\"2024-11-07T09:15:05+00:00\" \/>\n<meta property=\"og:image\" content=\"https:\/\/xstyle.md\/wp-content\/uploads\/2020\/07\/thule958-2_1.jpg\" \/>\n\t<meta property=\"og:image:width\" content=\"1548\" \/>\n\t<meta property=\"og:image:height\" content=\"758\" \/>\n\t<meta property=\"og:image:type\" content=\"image\/jpeg\" \/>\n<meta name=\"twitter:card\" content=\"summary_large_image\" \/>\n<meta name=\"twitter:label1\" content=\"Pre\u021b\" \/>\n\t<meta name=\"twitter:data1\" content=\"7.790&nbsp;MDL\" \/>\n\t<meta name=\"twitter:label2\" content=\"Disponibilitate\" \/>\n\t<meta name=\"twitter:data2\" content=\"\u00cen stoc\" \/>\n<script type=\"application\/ld+json\" class=\"yoast-schema-graph\">{\"@context\":\"https:\/\/schema.org\",\"@graph\":[{\"@type\":\"WebPage\",\"@id\":\"https:\/\/xstyle.md\/product\/thule-wingbar-edge-958x-black\/\",\"url\":\"https:\/\/xstyle.md\/product\/thule-wingbar-edge-958x-black\/\",\"name\":\"Thule WingBar Edge (958) black - \u041c\u0430\u0433\u0430\u0437\u0438\u043d Xstyle\",\"isPartOf\":{\"@id\":\"https:\/\/xstyle.md\/#website\"},\"primaryImageOfPage\":{\"@id\":\"https:\/\/xstyle.md\/product\/thule-wingbar-edge-958x-black\/#primaryimage\"},\"image\":{\"@id\":\"https:\/\/xstyle.md\/product\/thule-wingbar-edge-958x-black\/#primaryimage\"},\"thumbnailUrl\":\"https:\/\/xstyle.md\/wp-content\/uploads\/2020\/07\/thule958-2_1.jpg\",\"datePublished\":\"2020-07-16T21:29:59+00:00\",\"dateModified\":\"2024-11-07T09:15:05+00:00\",\"description\":\"\u041a\u0440\u044b\u0448\u043a\u0430 Thule WingBar Edge (958) \u0447\u0435\u0440\u043d\u0430\u044f - \u0438\u0434\u0435\u0430\u043b\u044c\u043d\u043e\u0435 \u0440\u0435\u0448\u0435\u043d\u0438\u0435 \u0434\u043b\u044f \u0432\u0430\u0448\u0435\u0433\u043e \u0430\u0432\u0442\u043e. \u0410\u044d\u0440\u043e\u0434\u0438\u043d\u0430\u043c\u0438\u0447\u043d\u044b\u0439 \u0434\u0438\u0437\u0430\u0439\u043d, \u043b\u0435\u0433\u043a\u0438\u0439 \u0430\u043b\u044e\u043c\u0438\u043d\u0438\u0439 \u0438 \u0441\u0438\u0441\u0442\u0435\u043c\u0430 One Key. \u0417\u0430\u043a\u0430\u0437\u044b\u0432\u0430\u0439\u0442\u0435 \u0441\u0435\u0439\u0447\u0430\u0441!\",\"breadcrumb\":{\"@id\":\"https:\/\/xstyle.md\/product\/thule-wingbar-edge-958x-black\/#breadcrumb\"},\"inLanguage\":\"ro-RO\",\"potentialAction\":[{\"@type\":\"ReadAction\",\"target\":[\"https:\/\/xstyle.md\/product\/thule-wingbar-edge-958x-black\/\"]}]},{\"@type\":\"ImageObject\",\"inLanguage\":\"ro-RO\",\"@id\":\"https:\/\/xstyle.md\/product\/thule-wingbar-edge-958x-black\/#primaryimage\",\"url\":\"https:\/\/xstyle.md\/wp-content\/uploads\/2020\/07\/thule958-2_1.jpg\",\"contentUrl\":\"https:\/\/xstyle.md\/wp-content\/uploads\/2020\/07\/thule958-2_1.jpg\",\"width\":1548,\"height\":758},{\"@type\":\"BreadcrumbList\",\"@id\":\"https:\/\/xstyle.md\/product\/thule-wingbar-edge-958x-black\/#breadcrumb\",\"itemListElement\":[{\"@type\":\"ListItem\",\"position\":1,\"name\":\"\u0413\u043b\u0430\u0432\u043d\u0430\u044f \u0441\u0442\u0440\u0430\u043d\u0438\u0446\u0430\",\"item\":\"https:\/\/xstyle.md\/\"},{\"@type\":\"ListItem\",\"position\":2,\"name\":\"\u041c\u0430\u0433\u0430\u0437\u0438\u043d\",\"item\":\"https:\/\/xstyle.md\/shop\/\"},{\"@type\":\"ListItem\",\"position\":3,\"name\":\"Thule WingBar Edge (958) black\"}]},{\"@type\":\"WebSite\",\"@id\":\"https:\/\/xstyle.md\/#website\",\"url\":\"https:\/\/xstyle.md\/\",\"name\":\"\u041c\u0430\u0433\u0430\u0437\u0438\u043d Xstyle\",\"description\":\"C\u043d\u0430\u0440\u044f\u0436\u0435\u043d\u0438\u0435 \u0434\u043b\u044f \u0442\u0443\u0440\u0438\u0437\u043c\u0430 \u0438 \u044d\u043a\u0441\u0442\u0440\u0435\u043c\u0430\u043b\u044c\u043d\u044b\u0445 \u0432\u0438\u0434\u043e\u0432 \u0441\u043f\u043e\u0440\u0442\u0430 \u0432 \u041c\u043e\u043b\u0434\u043e\u0432\u0435.. \u0426\u0435\u043d\u044b, \u0444\u043e\u0442\u043e, \u0445\u0430\u0440\u0430\u043a\u0442\u0435\u0440\u0438\u0441\u0442\u0438\u043a\u0438 \u0432 \u041c\u043e\u043b\u0434\u043e\u0432\u0435.\",\"publisher\":{\"@id\":\"https:\/\/xstyle.md\/#organization\"},\"alternateName\":\"X-Style\",\"potentialAction\":[{\"@type\":\"SearchAction\",\"target\":{\"@type\":\"EntryPoint\",\"urlTemplate\":\"https:\/\/xstyle.md\/?s={search_term_string}\"},\"query-input\":{\"@type\":\"PropertyValueSpecification\",\"valueRequired\":true,\"valueName\":\"search_term_string\"}}],\"inLanguage\":\"ro-RO\"},{\"@type\":\"Organization\",\"@id\":\"https:\/\/xstyle.md\/#organization\",\"name\":\"\u041c\u0430\u0433\u0430\u0437\u0438\u043d Xstyle\",\"alternateName\":\"x-style\",\"url\":\"https:\/\/xstyle.md\/\",\"logo\":{\"@type\":\"ImageObject\",\"inLanguage\":\"ro-RO\",\"@id\":\"https:\/\/xstyle.md\/#\/schema\/logo\/image\/\",\"url\":\"https:\/\/xstyle.md\/wp-content\/uploads\/2020\/06\/logoicon.svg\",\"contentUrl\":\"https:\/\/xstyle.md\/wp-content\/uploads\/2020\/06\/logoicon.svg\",\"caption\":\"\u041c\u0430\u0433\u0430\u0437\u0438\u043d Xstyle\"},\"image\":{\"@id\":\"https:\/\/xstyle.md\/#\/schema\/logo\/image\/\"},\"sameAs\":[\"https:\/\/www.facebook.com\/xstylemd\",\"https:\/\/www.instagram.com\/xstyle_md\/\",\"https:\/\/t.me\/xstyle_outdoor\"],\"hasMerchantReturnPolicy\":{\"@type\":\"MerchantReturnPolicy\",\"merchantReturnLink\":\"https:\/\/xstyle.md\/ro\/conditions\/\"}}]}<\/script>\n<meta property=\"product:price:amount\" content=\"7790.00\" \/>\n<meta property=\"product:price:currency\" content=\"MDL\" \/>\n<meta property=\"og:availability\" content=\"instock\" \/>\n<meta property=\"product:availability\" content=\"instock\" \/>\n<meta property=\"product:retailer_item_id\" content=\"958120\" \/>\n<meta property=\"product:condition\" content=\"new\" \/>\n<!-- \/ Yoast SEO plugin. -->","yoast_head_json":{"title":"Bare transversale Thule WingBar Edge 958X black - Magazin Xstyle","description":"Capacul Thule WingBar Edge (958) negru - solu\u021bia ideal\u0103 pentru ma\u0219ina dumneavoastr\u0103. Design aerodinamic, aluminiu u\u0219or \u0219i sistem One Key. Comanda\u021bi acum!","robots":{"index":"index","follow":"follow","max-snippet":"max-snippet:-1","max-image-preview":"max-image-preview:large","max-video-preview":"max-video-preview:-1"},"canonical":"https:\/\/xstyle.md\/ro\/produs\/thule-wingbar-edge-958x-black\/","og_locale":"ro_RO","og_type":"article","og_title":"Thule WingBar Edge (958) black - \u041c\u0430\u0433\u0430\u0437\u0438\u043d Xstyle","og_description":"\u041a\u0440\u044b\u0448\u043a\u0430 Thule WingBar Edge (958) \u0447\u0435\u0440\u043d\u0430\u044f - \u0438\u0434\u0435\u0430\u043b\u044c\u043d\u043e\u0435 \u0440\u0435\u0448\u0435\u043d\u0438\u0435 \u0434\u043b\u044f \u0432\u0430\u0448\u0435\u0433\u043e \u0430\u0432\u0442\u043e. \u0410\u044d\u0440\u043e\u0434\u0438\u043d\u0430\u043c\u0438\u0447\u043d\u044b\u0439 \u0434\u0438\u0437\u0430\u0439\u043d, \u043b\u0435\u0433\u043a\u0438\u0439 \u0430\u043b\u044e\u043c\u0438\u043d\u0438\u0439 \u0438 \u0441\u0438\u0441\u0442\u0435\u043c\u0430 One Key. \u0417\u0430\u043a\u0430\u0437\u044b\u0432\u0430\u0439\u0442\u0435 \u0441\u0435\u0439\u0447\u0430\u0441!","og_url":"https:\/\/xstyle.md\/ro\/produs\/thule-wingbar-edge-958x-black\/","og_site_name":"\u041c\u0430\u0433\u0430\u0437\u0438\u043d Xstyle","article_publisher":"https:\/\/www.facebook.com\/xstylemd","article_modified_time":"2024-11-07T09:15:05+00:00","og_image":[{"width":1548,"height":758,"url":"https:\/\/xstyle.md\/wp-content\/uploads\/2020\/07\/thule958-2_1.jpg","type":"image\/jpeg"}],"twitter_card":"summary_large_image","twitter_misc":{"Pre\u021b":"7.790&nbsp;MDL","Disponibilitate":"\u00cen stoc"},"schema":{"@context":"https:\/\/schema.org","@graph":[{"@type":"WebPage","@id":"https:\/\/xstyle.md\/product\/thule-wingbar-edge-958x-black\/","url":"https:\/\/xstyle.md\/product\/thule-wingbar-edge-958x-black\/","name":"Bare transversale Thule WingBar Edge 958X black - Magazin Xstyle","isPartOf":{"@id":"https:\/\/xstyle.md\/#website"},"primaryImageOfPage":{"@id":"https:\/\/xstyle.md\/product\/thule-wingbar-edge-958x-black\/#primaryimage"},"image":{"@id":"https:\/\/xstyle.md\/product\/thule-wingbar-edge-958x-black\/#primaryimage"},"thumbnailUrl":"https:\/\/xstyle.md\/wp-content\/uploads\/2020\/07\/thule958-2_1.jpg","datePublished":"2020-07-16T21:29:59+00:00","dateModified":"2024-11-07T09:15:05+00:00","description":"Capacul Thule WingBar Edge (958) negru - solu\u021bia ideal\u0103 pentru ma\u0219ina dumneavoastr\u0103. Design aerodinamic, aluminiu u\u0219or \u0219i sistem One Key. Comanda\u021bi acum!","breadcrumb":{"@id":"https:\/\/xstyle.md\/product\/thule-wingbar-edge-958x-black\/#breadcrumb"},"inLanguage":"ro-RO","potentialAction":[{"@type":"ReadAction","target":["https:\/\/xstyle.md\/product\/thule-wingbar-edge-958x-black\/"]}]},{"@type":"ImageObject","inLanguage":"ro-RO","@id":"https:\/\/xstyle.md\/product\/thule-wingbar-edge-958x-black\/#primaryimage","url":"https:\/\/xstyle.md\/wp-content\/uploads\/2020\/07\/thule958-2_1.jpg","contentUrl":"https:\/\/xstyle.md\/wp-content\/uploads\/2020\/07\/thule958-2_1.jpg","width":1548,"height":758},{"@type":"BreadcrumbList","@id":"https:\/\/xstyle.md\/product\/thule-wingbar-edge-958x-black\/#breadcrumb","itemListElement":[{"@type":"ListItem","position":1,"name":"\u0413\u043b\u0430\u0432\u043d\u0430\u044f \u0441\u0442\u0440\u0430\u043d\u0438\u0446\u0430","item":"https:\/\/xstyle.md\/"},{"@type":"ListItem","position":2,"name":"\u041c\u0430\u0433\u0430\u0437\u0438\u043d","item":"https:\/\/xstyle.md\/shop\/"},{"@type":"ListItem","position":3,"name":"Thule WingBar Edge (958) black"}]},{"@type":"WebSite","@id":"https:\/\/xstyle.md\/#website","url":"https:\/\/xstyle.md\/","name":"Magazinul X-Style","description":"Echipamente pentru turism \u0219i sporturi extreme \u00een Moldova. Pre\u021buri, fotografii, caracteristici \u00een Moldova.","publisher":{"@id":"https:\/\/xstyle.md\/#organization"},"alternateName":"X-Style","potentialAction":[{"@type":"SearchAction","target":{"@type":"EntryPoint","urlTemplate":"https:\/\/xstyle.md\/?s={search_term_string}"},"query-input":{"@type":"PropertyValueSpecification","valueRequired":true,"valueName":"search_term_string"}}],"inLanguage":"ro-RO"},{"@type":"Organization","@id":"https:\/\/xstyle.md\/#organization","name":"Magazinul X-Style","alternateName":"x-style","url":"https:\/\/xstyle.md\/","logo":{"@type":"ImageObject","inLanguage":"ro-RO","@id":"https:\/\/xstyle.md\/#\/schema\/logo\/image\/","url":"https:\/\/xstyle.md\/wp-content\/uploads\/2020\/06\/logoicon.svg","contentUrl":"https:\/\/xstyle.md\/wp-content\/uploads\/2020\/06\/logoicon.svg","caption":"\u041c\u0430\u0433\u0430\u0437\u0438\u043d Xstyle"},"image":{"@id":"https:\/\/xstyle.md\/#\/schema\/logo\/image\/"},"sameAs":["https:\/\/www.facebook.com\/xstylemd","https:\/\/www.instagram.com\/xstyle_md\/","https:\/\/t.me\/xstyle_outdoor"],"hasMerchantReturnPolicy":{"@type":"MerchantReturnPolicy","merchantReturnLink":"https:\/\/xstyle.md\/ro\/conditions\/"}}]},"product_price_amount":"7790.00","product_price_currency":"MDL","og_availability":"instock","product_availability":"instock","product_retailer_item_id":"958120","product_condition":"new"},"post_mailing_queue_ids":[],"_links":{"self":[{"href":"https:\/\/xstyle.md\/ro\/wp-json\/wp\/v2\/product\/9142","targetHints":{"allow":["GET"]}}],"collection":[{"href":"https:\/\/xstyle.md\/ro\/wp-json\/wp\/v2\/product"}],"about":[{"href":"https:\/\/xstyle.md\/ro\/wp-json\/wp\/v2\/types\/product"}],"replies":[{"embeddable":true,"href":"https:\/\/xstyle.md\/ro\/wp-json\/wp\/v2\/comments?post=9142"}],"wp:featuredmedia":[{"embeddable":true,"href":"https:\/\/xstyle.md\/ro\/wp-json\/wp\/v2\/media\/9139"}],"wp:attachment":[{"href":"https:\/\/xstyle.md\/ro\/wp-json\/wp\/v2\/media?parent=9142"}],"wp:term":[{"taxonomy":"product_brand","embeddable":true,"href":"https:\/\/xstyle.md\/ro\/wp-json\/wp\/v2\/product_brand?post=9142"},{"taxonomy":"product_cat","embeddable":true,"href":"https:\/\/xstyle.md\/ro\/wp-json\/wp\/v2\/product_cat?post=9142"},{"taxonomy":"product_tag","embeddable":true,"href":"https:\/\/xstyle.md\/ro\/wp-json\/wp\/v2\/product_tag?post=9142"}],"curies":[{"name":"wp","href":"https:\/\/api.w.org\/{rel}","templated":true}]}}