{"id":91155,"date":"2024-12-23T15:23:44","date_gmt":"2024-12-23T12:23:44","guid":{"rendered":"https:\/\/xstyle.md\/?post_type=product&#038;p=91155"},"modified":"2026-03-25T15:15:21","modified_gmt":"2026-03-25T12:15:21","slug":"shapka-viking-noma-2-0-gws-pro-style-black","status":"publish","type":"product","link":"https:\/\/xstyle.md\/ro\/produs\/shapka-viking-noma-2-0-gws-pro-style-black\/","title":{"rendered":"C\u0103ciul\u0103 Viking Noma 2.0 GWS Pro Style black"},"content":{"rendered":"<p><\/p>\n<p><strong>Viking Noma 2.0 GWS Pro Style <\/strong>\u00a0&#8212; este versiunea actualizat\u0103 a popularului model Noma, ce combin\u0103 tehnologii avansate \u0219i materiale de \u00eenalt\u0103 calitate pentru o protec\u021bie fiabil\u0103 \u00eempotriva frigului \u0219i a v\u00e2ntului. Este ideal\u0103 pentru purtarea zilnic\u0103 \u0219i activit\u0103\u021bi sportive \u00een condi\u021bii de temperaturi sc\u0103zute, fiind potrivit\u0103 at\u00e2t pentru b\u0103rba\u021bi, c\u00e2t \u0219i pentru femei.<\/p>\n<p>Membrana GORE-TEX Windstopper blocheaz\u0103 complet v\u00e2ntul, asigur\u00e2nd \u00een acela\u0219i timp o respirabilitate excelent\u0103. C\u0103ciula este fabricat\u0103 dintr-un amestec de l\u00e2n\u0103 merino \u0219i poliacril, oferind c\u0103ldur\u0103, propriet\u0103\u021bi hipoalergenice \u0219i durabilitate. Banda interioar\u0103 din fleece adaug\u0103 un plus de catifelare \u0219i protec\u021bie termic\u0103 suplimentar\u0103.<\/p>\n<h3>Particularit\u0103\u021bi<\/h3>\n<ul>\n<li>Membran\u0103 GORE-TEX Windstopper &#8212; protejeaz\u0103 \u00eempotriva v\u00e2ntului \u0219i asigur\u0103 un microclimat confortabil<\/li>\n<li>L\u00e2n\u0103 Merino &#8212; men\u021bine c\u0103ldura, respinge umiditatea \u0219i previne apari\u021bia mirosurilor nepl\u0103cute<\/li>\n<li>C\u0103ptu\u0219eal\u0103 din fleece &#8212; band\u0103 interioar\u0103 pe margine pentru un plus de c\u0103ldur\u0103 \u0219i confort la contactul cu pielea<\/li>\n<li>Material rezistent la deformare \u0219i la formarea sc\u0103mo\u0219\u0103rilor (anti-pilling)<\/li>\n<li>Ofer\u0103 o a\u0219ezare confortabil\u0103 pe cap<\/li>\n<\/ul>\n<h3>Caracteristici<\/h3>\n<ul>\n<li>Material &#8212; 50% l\u00e2n\u0103 merino, 50% poliacril<\/li>\n<li>Destina\u021bie &#8212; uz urban, multisport<\/li>\n<li>Model &#8212; unisex<\/li>\n<\/ul>\n<h3>Tehnologii<\/h3>\n<ul>\n<li><strong>GORE-TEX INFINIUM<\/strong>\u2122<strong> WINDSTOPPER<\/strong>\u00ae &#8212; este o membran\u0103 care ofer\u0103 protec\u021bie absolut\u0103 \u00eempotriva v\u00e2ntului \u0219i, \u00een acela\u0219i timp, o respirabilitate excelent\u0103. Aceasta protejeaz\u0103 eficient \u00eempotriva frigului \u0219i asigur\u0103 un control ideal al umidit\u0103\u021bii. Miliardele de pori ai membranei protectoare din interiorul m\u0103nu\u0219ilor sunt suficient de mari pentru a permite evacuarea vaporilor de transpira\u021bie. Astfel, m\u00e2inile r\u0103m\u00e2n uscate \u0219i confortabile chiar \u0219i pe parcursul unei zile active. Aceste m\u0103nu\u0219i reprezint\u0103 solu\u021bia ideal\u0103 pentru toate tipurile de sporturi active, cum ar fi schiul fond sau schiul de tur\u0103 \u00een condi\u021bii meteorologice moderate.<\/li>\n<\/ul>\n<p><\/p>\n<h3>Marca<\/h3>\n<p>VIKING - este o marc\u0103 polonez\u0103 de \u00eembr\u0103c\u0103minte sportiv\u0103 care activeaz\u0103 cu succes de mul\u021bi ani pe pia\u021ba polonez\u0103, fiind totodat\u0103 \u0219i distribuitor de m\u0103rci sportive interna\u021bionale. Brandul a fost creat \u00een anul 1996, perioad\u0103 \u00een care producea articole din doar dou\u0103 categorii: m\u0103nu\u0219i de schi \u0219i m\u0103nu\u0219i pentru snowboard. \u00cenc\u0103 de la \u00eenceput, au fost stabilite principiile care ghideaz\u0103 compania \u0219i ast\u0103zi: selec\u021bia materialelor moderne, execu\u021bia de \u00eenalt\u0103 calitate, func\u021bionalitatea, precum \u0219i adaptarea designului la cele mai noi tendin\u021be din moda sportiv\u0103.<\/p>\n<p>Prestigiul m\u0103rcii a crescut propor\u021bional cu participarea sa pe pia\u021ba polonez\u0103 a accesoriilor sportive, r\u0103m\u00e2n\u00e2nd lider pentru o perioad\u0103 foarte lung\u0103 de timp. \u00cen plus, produsele Viking sunt c\u0103utate de mul\u021bi ani \u00een Ucraina, Slovacia \u0219i Moldova, precum \u0219i \u00een Rusia, Spania, Fran\u021ba, Cehia, Serbia \u0219i Germania. Viking f\u0103r\u0103 nicio restric\u021bie combin\u0103 pasiunea, solu\u021biile tehnologice moderne \u0219i cele relevante.<\/p>","protected":false},"excerpt":{"rendered":"<p>\u0411\u0440\u0435\u043d\u0434 VIKING \u2014 \u043f\u043e\u043b\u044c\u0441\u043a\u0430\u044f \u043c\u0430\u0440\u043a\u0430 \u0441\u043f\u043e\u0440\u0442\u0438\u0432\u043d\u043e\u0439 \u043e\u0434\u0435\u0436\u0434\u044b, \u043a\u043e\u0442\u043e\u0440\u0430\u044f \u0443\u0436\u0435 \u043c\u043d\u043e\u0433\u043e \u043b\u0435\u0442 \u0443\u0441\u043f\u0435\u0448\u043d\u043e \u0440\u0430\u0431\u043e\u0442\u0430\u0435\u0442 \u043d\u0430 \u043f\u043e\u043b\u044c\u0441\u043a\u043e\u043c \u0440\u044b\u043d\u043a\u0435 \u0438 \u044f\u0432\u043b\u044f\u0435\u0442\u0441\u044f \u0434\u0438\u0441\u0442\u0440\u0438\u0431\u0443\u0442\u043e\u0440\u043e\u043c \u043c\u0438\u0440\u043e\u0432\u044b\u0445 \u0441\u043f\u043e\u0440\u0442\u0438\u0432\u043d\u044b\u0445 \u043c\u0430\u0440\u043e\u043a. \u041e\u043d\u0430 \u0431\u044b\u043b\u0430 \u0441\u043e\u0437\u0434\u0430\u043d\u0430 \u0432 1996 \u0433., \u0432 \u0442\u043e \u0432\u0440\u0435\u043c\u044f \u043f\u0440\u043e\u0438\u0437\u0432\u043e\u0434\u0438\u043b\u0438\u0441\u044c \u0438\u0437\u0434\u0435\u043b\u0438\u044f \u043b\u0438\u0448\u044c \u0434\u0432\u0443\u0445 \u043a\u0430\u0442\u0435\u0433\u043e\u0440\u0438\u0439: \u043b\u044b\u0436\u043d\u044b\u0435 \u043f\u0435\u0440\u0447\u0430\u0442\u043a\u0438 \u0438 \u043f\u0435\u0440\u0447\u0430\u0442\u043a\u0438 \u0434\u043b\u044f \u0441\u043d\u043e\u0443\u0431\u043e\u0440\u0434\u0430. \u0421 \u0441\u0430\u043c\u043e\u0433\u043e \u043d\u0430\u0447\u0430\u043b\u0430 \u0431\u044b\u043b\u0438 \u043e\u043f\u0440\u0435\u0434\u0435\u043b\u0435\u043d\u044b \u043f\u0440\u0438\u043d\u0446\u0438\u043f\u044b, \u043a\u043e\u0442\u043e\u0440\u044b\u043c\u0438 \u0440\u0443\u043a\u043e\u0432\u043e\u0434\u0441\u0442\u0432\u0443\u044e\u0442\u0441\u044f \u043f\u043e \u0441\u0435\u0439 \u0434\u0435\u043d\u044c: \u043f\u043e\u0434\u0431\u043e\u0440 \u0441\u043e\u0432\u0440\u0435\u043c\u0435\u043d\u043d\u044b\u0445 [&hellip;]<\/p>\n","protected":false},"featured_media":91655,"comment_status":"open","ping_status":"closed","template":"","meta":{"_acf_changed":false,"inline_featured_image":false},"product_brand":[1314],"product_cat":[369],"product_tag":[],"class_list":{"0":"post-91155","1":"product","2":"type-product","3":"status-publish","4":"has-post-thumbnail","6":"product_brand-viking","7":"product_cat-shapki-viking","9":"first","10":"instock","11":"shipping-taxable","12":"purchasable","13":"product-type-simple"},"acf":[],"yoast_head":"<!-- This site is optimized with the Yoast SEO plugin v27.4 - https:\/\/yoast.com\/product\/yoast-seo-wordpress\/ -->\n<title>\u0428\u0430\u043f\u043a\u0430 Viking Noma 2.0 GWS Pro Style black - \u041c\u0430\u0433\u0430\u0437\u0438\u043d Xstyle<\/title>\n<meta name=\"robots\" content=\"index, follow, max-snippet:-1, max-image-preview:large, max-video-preview:-1\" \/>\n<link rel=\"canonical\" href=\"https:\/\/xstyle.md\/ro\/produs\/shapka-viking-noma-2-0-gws-pro-style-black\/\" \/>\n<meta property=\"og:locale\" content=\"ro_RO\" \/>\n<meta property=\"og:type\" content=\"article\" \/>\n<meta property=\"og:title\" content=\"\u0428\u0430\u043f\u043a\u0430 Viking Noma 2.0 GWS Pro Style black - \u041c\u0430\u0433\u0430\u0437\u0438\u043d Xstyle\" \/>\n<meta property=\"og:description\" content=\"\u0411\u0440\u0435\u043d\u0434 VIKING \u2014 \u043f\u043e\u043b\u044c\u0441\u043a\u0430\u044f \u043c\u0430\u0440\u043a\u0430 \u0441\u043f\u043e\u0440\u0442\u0438\u0432\u043d\u043e\u0439 \u043e\u0434\u0435\u0436\u0434\u044b, \u043a\u043e\u0442\u043e\u0440\u0430\u044f \u0443\u0436\u0435 \u043c\u043d\u043e\u0433\u043e \u043b\u0435\u0442 \u0443\u0441\u043f\u0435\u0448\u043d\u043e \u0440\u0430\u0431\u043e\u0442\u0430\u0435\u0442 \u043d\u0430 \u043f\u043e\u043b\u044c\u0441\u043a\u043e\u043c \u0440\u044b\u043d\u043a\u0435 \u0438 \u044f\u0432\u043b\u044f\u0435\u0442\u0441\u044f \u0434\u0438\u0441\u0442\u0440\u0438\u0431\u0443\u0442\u043e\u0440\u043e\u043c \u043c\u0438\u0440\u043e\u0432\u044b\u0445 \u0441\u043f\u043e\u0440\u0442\u0438\u0432\u043d\u044b\u0445 \u043c\u0430\u0440\u043e\u043a. \u041e\u043d\u0430 \u0431\u044b\u043b\u0430 \u0441\u043e\u0437\u0434\u0430\u043d\u0430 \u0432 1996 \u0433., \u0432 \u0442\u043e \u0432\u0440\u0435\u043c\u044f \u043f\u0440\u043e\u0438\u0437\u0432\u043e\u0434\u0438\u043b\u0438\u0441\u044c \u0438\u0437\u0434\u0435\u043b\u0438\u044f \u043b\u0438\u0448\u044c \u0434\u0432\u0443\u0445 \u043a\u0430\u0442\u0435\u0433\u043e\u0440\u0438\u0439: \u043b\u044b\u0436\u043d\u044b\u0435 \u043f\u0435\u0440\u0447\u0430\u0442\u043a\u0438 \u0438 \u043f\u0435\u0440\u0447\u0430\u0442\u043a\u0438 \u0434\u043b\u044f \u0441\u043d\u043e\u0443\u0431\u043e\u0440\u0434\u0430. \u0421 \u0441\u0430\u043c\u043e\u0433\u043e \u043d\u0430\u0447\u0430\u043b\u0430 \u0431\u044b\u043b\u0438 \u043e\u043f\u0440\u0435\u0434\u0435\u043b\u0435\u043d\u044b \u043f\u0440\u0438\u043d\u0446\u0438\u043f\u044b, \u043a\u043e\u0442\u043e\u0440\u044b\u043c\u0438 \u0440\u0443\u043a\u043e\u0432\u043e\u0434\u0441\u0442\u0432\u0443\u044e\u0442\u0441\u044f \u043f\u043e \u0441\u0435\u0439 \u0434\u0435\u043d\u044c: \u043f\u043e\u0434\u0431\u043e\u0440 \u0441\u043e\u0432\u0440\u0435\u043c\u0435\u043d\u043d\u044b\u0445 [&hellip;]\" \/>\n<meta property=\"og:url\" content=\"https:\/\/xstyle.md\/ro\/produs\/shapka-viking-noma-2-0-gws-pro-style-black\/\" \/>\n<meta property=\"og:site_name\" content=\"\u041c\u0430\u0433\u0430\u0437\u0438\u043d Xstyle\" \/>\n<meta property=\"article:publisher\" content=\"https:\/\/www.facebook.com\/xstylemd\" \/>\n<meta property=\"article:modified_time\" content=\"2026-03-25T12:15:21+00:00\" \/>\n<meta property=\"og:image\" content=\"https:\/\/xstyle.md\/wp-content\/uploads\/2024\/12\/viking-noma-2.0-gws-pro-style-black.webp\" \/>\n\t<meta property=\"og:image:width\" content=\"1280\" \/>\n\t<meta property=\"og:image:height\" content=\"1280\" \/>\n\t<meta property=\"og:image:type\" content=\"image\/webp\" \/>\n<meta name=\"twitter:card\" content=\"summary_large_image\" \/>\n<meta name=\"twitter:label1\" content=\"Pre\u021b\" \/>\n\t<meta name=\"twitter:data1\" content=\"495&nbsp;MDL\" \/>\n\t<meta name=\"twitter:label2\" content=\"Disponibilitate\" \/>\n\t<meta name=\"twitter:data2\" content=\"\u00cen stoc\" \/>\n<script type=\"application\/ld+json\" class=\"yoast-schema-graph\">{\"@context\":\"https:\\\/\\\/schema.org\",\"@graph\":[{\"@type\":\"WebPage\",\"@id\":\"https:\\\/\\\/xstyle.md\\\/product\\\/shapka-viking-noma-2-0-gws-pro-style-black\\\/\",\"url\":\"https:\\\/\\\/xstyle.md\\\/product\\\/shapka-viking-noma-2-0-gws-pro-style-black\\\/\",\"name\":\"\u0428\u0430\u043f\u043a\u0430 Viking Noma 2.0 GWS Pro Style black - \u041c\u0430\u0433\u0430\u0437\u0438\u043d Xstyle\",\"isPartOf\":{\"@id\":\"https:\\\/\\\/xstyle.md\\\/#website\"},\"primaryImageOfPage\":{\"@id\":\"https:\\\/\\\/xstyle.md\\\/product\\\/shapka-viking-noma-2-0-gws-pro-style-black\\\/#primaryimage\"},\"image\":{\"@id\":\"https:\\\/\\\/xstyle.md\\\/product\\\/shapka-viking-noma-2-0-gws-pro-style-black\\\/#primaryimage\"},\"thumbnailUrl\":\"https:\\\/\\\/xstyle.md\\\/wp-content\\\/uploads\\\/2024\\\/12\\\/viking-noma-2.0-gws-pro-style-black.webp\",\"datePublished\":\"2024-12-23T12:23:44+00:00\",\"dateModified\":\"2026-03-25T12:15:21+00:00\",\"breadcrumb\":{\"@id\":\"https:\\\/\\\/xstyle.md\\\/product\\\/shapka-viking-noma-2-0-gws-pro-style-black\\\/#breadcrumb\"},\"inLanguage\":\"ro-RO\",\"potentialAction\":[{\"@type\":\"ReadAction\",\"target\":[\"https:\\\/\\\/xstyle.md\\\/product\\\/shapka-viking-noma-2-0-gws-pro-style-black\\\/\"]}]},{\"@type\":\"ImageObject\",\"inLanguage\":\"ro-RO\",\"@id\":\"https:\\\/\\\/xstyle.md\\\/product\\\/shapka-viking-noma-2-0-gws-pro-style-black\\\/#primaryimage\",\"url\":\"https:\\\/\\\/xstyle.md\\\/wp-content\\\/uploads\\\/2024\\\/12\\\/viking-noma-2.0-gws-pro-style-black.webp\",\"contentUrl\":\"https:\\\/\\\/xstyle.md\\\/wp-content\\\/uploads\\\/2024\\\/12\\\/viking-noma-2.0-gws-pro-style-black.webp\",\"width\":1280,\"height\":1280,\"caption\":\"\u0422\u043e\u0432\u0430\u0440 \u0448\u0430\u043f\u043a\u0430 Viking Noma 2.0 GWS Pro Style \u0447\u0435\u0440\u043d\u0430\u044f \u0434\u043b\u044f \u0430\u043a\u0442\u0438\u0432\u043d\u043e\u0433\u043e \u043e\u0442\u0434\u044b\u0445\u0430, \u043f\u043e\u0445\u043e\u0434\u043e\u0432 \u0438 \u043f\u0443\u0442\u0435\u0448\u0435\u0441\u0442\u0432\u0438\u0439 \u0432 \u0438\u043d\u0442\u0435\u0440\u043d\u0435\u0442-\u043c\u0430\u0433\u0430\u0437\u0438\u043d\u0435 \u043e\u0434\u0435\u0436\u0434\u044b, \u043e\u0431\u0443\u0432\u0438 \u0438 \u0441\u043d\u0430\u0440\u044f\u0436\u0435\u043d\u0438\u044f \u0434\u043b\u044f \u0430\u043a\u0442\u0438\u0432\u043d\u043e\u0439 \u0436\u0438\u0437\u043d\u0438\"},{\"@type\":\"BreadcrumbList\",\"@id\":\"https:\\\/\\\/xstyle.md\\\/product\\\/shapka-viking-noma-2-0-gws-pro-style-black\\\/#breadcrumb\",\"itemListElement\":[{\"@type\":\"ListItem\",\"position\":1,\"name\":\"\u0413\u043b\u0430\u0432\u043d\u0430\u044f \u0441\u0442\u0440\u0430\u043d\u0438\u0446\u0430\",\"item\":\"https:\\\/\\\/xstyle.md\\\/\"},{\"@type\":\"ListItem\",\"position\":2,\"name\":\"\u041c\u0430\u0433\u0430\u0437\u0438\u043d\",\"item\":\"https:\\\/\\\/xstyle.md\\\/shop\\\/\"},{\"@type\":\"ListItem\",\"position\":3,\"name\":\"\u0428\u0430\u043f\u043a\u0430 Viking Noma 2.0 GWS Pro Style black\"}]},{\"@type\":\"WebSite\",\"@id\":\"https:\\\/\\\/xstyle.md\\\/#website\",\"url\":\"https:\\\/\\\/xstyle.md\\\/\",\"name\":\"\u041c\u0430\u0433\u0430\u0437\u0438\u043d Xstyle\",\"description\":\"C\u043d\u0430\u0440\u044f\u0436\u0435\u043d\u0438\u0435 \u0434\u043b\u044f \u0442\u0443\u0440\u0438\u0437\u043c\u0430 \u0438 \u044d\u043a\u0441\u0442\u0440\u0435\u043c\u0430\u043b\u044c\u043d\u044b\u0445 \u0432\u0438\u0434\u043e\u0432 \u0441\u043f\u043e\u0440\u0442\u0430 \u0432 \u041c\u043e\u043b\u0434\u043e\u0432\u0435.. \u0426\u0435\u043d\u044b, \u0444\u043e\u0442\u043e, \u0445\u0430\u0440\u0430\u043a\u0442\u0435\u0440\u0438\u0441\u0442\u0438\u043a\u0438 \u0432 \u041c\u043e\u043b\u0434\u043e\u0432\u0435.\",\"publisher\":{\"@id\":\"https:\\\/\\\/xstyle.md\\\/#organization\"},\"alternateName\":\"X-Style\",\"potentialAction\":[{\"@type\":\"SearchAction\",\"target\":{\"@type\":\"EntryPoint\",\"urlTemplate\":\"https:\\\/\\\/xstyle.md\\\/?s={search_term_string}\"},\"query-input\":{\"@type\":\"PropertyValueSpecification\",\"valueRequired\":true,\"valueName\":\"search_term_string\"}}],\"inLanguage\":\"ro-RO\"},{\"@type\":\"Organization\",\"@id\":\"https:\\\/\\\/xstyle.md\\\/#organization\",\"name\":\"\u041c\u0430\u0433\u0430\u0437\u0438\u043d Xstyle\",\"alternateName\":\"x-style\",\"url\":\"https:\\\/\\\/xstyle.md\\\/\",\"logo\":{\"@type\":\"ImageObject\",\"inLanguage\":\"ro-RO\",\"@id\":\"https:\\\/\\\/xstyle.md\\\/#\\\/schema\\\/logo\\\/image\\\/\",\"url\":\"https:\\\/\\\/xstyle.md\\\/wp-content\\\/uploads\\\/2020\\\/06\\\/logoicon.svg\",\"contentUrl\":\"https:\\\/\\\/xstyle.md\\\/wp-content\\\/uploads\\\/2020\\\/06\\\/logoicon.svg\",\"caption\":\"\u041c\u0430\u0433\u0430\u0437\u0438\u043d Xstyle\"},\"image\":{\"@id\":\"https:\\\/\\\/xstyle.md\\\/#\\\/schema\\\/logo\\\/image\\\/\"},\"sameAs\":[\"https:\\\/\\\/www.facebook.com\\\/xstylemd\",\"https:\\\/\\\/www.instagram.com\\\/xstyle_md\\\/\",\"https:\\\/\\\/t.me\\\/xstyle_outdoor\"],\"hasMerchantReturnPolicy\":{\"@type\":\"MerchantReturnPolicy\",\"merchantReturnLink\":\"https:\\\/\\\/xstyle.md\\\/ro\\\/conditions\\\/\"}}]}<\/script>\n<meta property=\"product:price:amount\" content=\"495.00\" \/>\n<meta property=\"product:price:currency\" content=\"MDL\" \/>\n<meta property=\"og:availability\" content=\"instock\" \/>\n<meta property=\"product:availability\" content=\"instock\" \/>\n<meta property=\"product:retailer_item_id\" content=\"5908234714814\" \/>\n<meta property=\"product:condition\" content=\"new\" \/>\n<!-- \/ Yoast SEO plugin. -->","yoast_head_json":{"title":"\u0428\u0430\u043f\u043a\u0430 Viking Noma 2.0 GWS Pro Style black - \u041c\u0430\u0433\u0430\u0437\u0438\u043d Xstyle","robots":{"index":"index","follow":"follow","max-snippet":"max-snippet:-1","max-image-preview":"max-image-preview:large","max-video-preview":"max-video-preview:-1"},"canonical":"https:\/\/xstyle.md\/ro\/produs\/shapka-viking-noma-2-0-gws-pro-style-black\/","og_locale":"ro_RO","og_type":"article","og_title":"\u0428\u0430\u043f\u043a\u0430 Viking Noma 2.0 GWS Pro Style black - \u041c\u0430\u0433\u0430\u0437\u0438\u043d Xstyle","og_description":"\u0411\u0440\u0435\u043d\u0434 VIKING \u2014 \u043f\u043e\u043b\u044c\u0441\u043a\u0430\u044f \u043c\u0430\u0440\u043a\u0430 \u0441\u043f\u043e\u0440\u0442\u0438\u0432\u043d\u043e\u0439 \u043e\u0434\u0435\u0436\u0434\u044b, \u043a\u043e\u0442\u043e\u0440\u0430\u044f \u0443\u0436\u0435 \u043c\u043d\u043e\u0433\u043e \u043b\u0435\u0442 \u0443\u0441\u043f\u0435\u0448\u043d\u043e \u0440\u0430\u0431\u043e\u0442\u0430\u0435\u0442 \u043d\u0430 \u043f\u043e\u043b\u044c\u0441\u043a\u043e\u043c \u0440\u044b\u043d\u043a\u0435 \u0438 \u044f\u0432\u043b\u044f\u0435\u0442\u0441\u044f \u0434\u0438\u0441\u0442\u0440\u0438\u0431\u0443\u0442\u043e\u0440\u043e\u043c \u043c\u0438\u0440\u043e\u0432\u044b\u0445 \u0441\u043f\u043e\u0440\u0442\u0438\u0432\u043d\u044b\u0445 \u043c\u0430\u0440\u043e\u043a. \u041e\u043d\u0430 \u0431\u044b\u043b\u0430 \u0441\u043e\u0437\u0434\u0430\u043d\u0430 \u0432 1996 \u0433., \u0432 \u0442\u043e \u0432\u0440\u0435\u043c\u044f \u043f\u0440\u043e\u0438\u0437\u0432\u043e\u0434\u0438\u043b\u0438\u0441\u044c \u0438\u0437\u0434\u0435\u043b\u0438\u044f \u043b\u0438\u0448\u044c \u0434\u0432\u0443\u0445 \u043a\u0430\u0442\u0435\u0433\u043e\u0440\u0438\u0439: \u043b\u044b\u0436\u043d\u044b\u0435 \u043f\u0435\u0440\u0447\u0430\u0442\u043a\u0438 \u0438 \u043f\u0435\u0440\u0447\u0430\u0442\u043a\u0438 \u0434\u043b\u044f \u0441\u043d\u043e\u0443\u0431\u043e\u0440\u0434\u0430. \u0421 \u0441\u0430\u043c\u043e\u0433\u043e \u043d\u0430\u0447\u0430\u043b\u0430 \u0431\u044b\u043b\u0438 \u043e\u043f\u0440\u0435\u0434\u0435\u043b\u0435\u043d\u044b \u043f\u0440\u0438\u043d\u0446\u0438\u043f\u044b, \u043a\u043e\u0442\u043e\u0440\u044b\u043c\u0438 \u0440\u0443\u043a\u043e\u0432\u043e\u0434\u0441\u0442\u0432\u0443\u044e\u0442\u0441\u044f \u043f\u043e \u0441\u0435\u0439 \u0434\u0435\u043d\u044c: \u043f\u043e\u0434\u0431\u043e\u0440 \u0441\u043e\u0432\u0440\u0435\u043c\u0435\u043d\u043d\u044b\u0445 [&hellip;]","og_url":"https:\/\/xstyle.md\/ro\/produs\/shapka-viking-noma-2-0-gws-pro-style-black\/","og_site_name":"\u041c\u0430\u0433\u0430\u0437\u0438\u043d Xstyle","article_publisher":"https:\/\/www.facebook.com\/xstylemd","article_modified_time":"2026-03-25T12:15:21+00:00","og_image":[{"width":1280,"height":1280,"url":"https:\/\/xstyle.md\/wp-content\/uploads\/2024\/12\/viking-noma-2.0-gws-pro-style-black.webp","type":"image\/webp"}],"twitter_card":"summary_large_image","twitter_misc":{"Pre\u021b":"495&nbsp;MDL","Disponibilitate":"\u00cen stoc"},"schema":{"@context":"https:\/\/schema.org","@graph":[{"@type":"WebPage","@id":"https:\/\/xstyle.md\/product\/shapka-viking-noma-2-0-gws-pro-style-black\/","url":"https:\/\/xstyle.md\/product\/shapka-viking-noma-2-0-gws-pro-style-black\/","name":"\u0428\u0430\u043f\u043a\u0430 Viking Noma 2.0 GWS Pro Style black - \u041c\u0430\u0433\u0430\u0437\u0438\u043d Xstyle","isPartOf":{"@id":"https:\/\/xstyle.md\/#website"},"primaryImageOfPage":{"@id":"https:\/\/xstyle.md\/product\/shapka-viking-noma-2-0-gws-pro-style-black\/#primaryimage"},"image":{"@id":"https:\/\/xstyle.md\/product\/shapka-viking-noma-2-0-gws-pro-style-black\/#primaryimage"},"thumbnailUrl":"https:\/\/xstyle.md\/wp-content\/uploads\/2024\/12\/viking-noma-2.0-gws-pro-style-black.webp","datePublished":"2024-12-23T12:23:44+00:00","dateModified":"2026-03-25T12:15:21+00:00","breadcrumb":{"@id":"https:\/\/xstyle.md\/product\/shapka-viking-noma-2-0-gws-pro-style-black\/#breadcrumb"},"inLanguage":"ro-RO","potentialAction":[{"@type":"ReadAction","target":["https:\/\/xstyle.md\/product\/shapka-viking-noma-2-0-gws-pro-style-black\/"]}]},{"@type":"ImageObject","inLanguage":"ro-RO","@id":"https:\/\/xstyle.md\/product\/shapka-viking-noma-2-0-gws-pro-style-black\/#primaryimage","url":"https:\/\/xstyle.md\/wp-content\/uploads\/2024\/12\/viking-noma-2.0-gws-pro-style-black.webp","contentUrl":"https:\/\/xstyle.md\/wp-content\/uploads\/2024\/12\/viking-noma-2.0-gws-pro-style-black.webp","width":1280,"height":1280,"caption":"\u0422\u043e\u0432\u0430\u0440 \u0448\u0430\u043f\u043a\u0430 Viking Noma 2.0 GWS Pro Style \u0447\u0435\u0440\u043d\u0430\u044f \u0434\u043b\u044f \u0430\u043a\u0442\u0438\u0432\u043d\u043e\u0433\u043e \u043e\u0442\u0434\u044b\u0445\u0430, \u043f\u043e\u0445\u043e\u0434\u043e\u0432 \u0438 \u043f\u0443\u0442\u0435\u0448\u0435\u0441\u0442\u0432\u0438\u0439 \u0432 \u0438\u043d\u0442\u0435\u0440\u043d\u0435\u0442-\u043c\u0430\u0433\u0430\u0437\u0438\u043d\u0435 \u043e\u0434\u0435\u0436\u0434\u044b, \u043e\u0431\u0443\u0432\u0438 \u0438 \u0441\u043d\u0430\u0440\u044f\u0436\u0435\u043d\u0438\u044f \u0434\u043b\u044f \u0430\u043a\u0442\u0438\u0432\u043d\u043e\u0439 \u0436\u0438\u0437\u043d\u0438"},{"@type":"BreadcrumbList","@id":"https:\/\/xstyle.md\/product\/shapka-viking-noma-2-0-gws-pro-style-black\/#breadcrumb","itemListElement":[{"@type":"ListItem","position":1,"name":"\u0413\u043b\u0430\u0432\u043d\u0430\u044f \u0441\u0442\u0440\u0430\u043d\u0438\u0446\u0430","item":"https:\/\/xstyle.md\/"},{"@type":"ListItem","position":2,"name":"\u041c\u0430\u0433\u0430\u0437\u0438\u043d","item":"https:\/\/xstyle.md\/shop\/"},{"@type":"ListItem","position":3,"name":"\u0428\u0430\u043f\u043a\u0430 Viking Noma 2.0 GWS Pro Style black"}]},{"@type":"WebSite","@id":"https:\/\/xstyle.md\/#website","url":"https:\/\/xstyle.md\/","name":"Magazinul X-Style","description":"Echipamente pentru turism \u0219i sporturi extreme \u00een Moldova. Pre\u021buri, fotografii, caracteristici \u00een Moldova.","publisher":{"@id":"https:\/\/xstyle.md\/#organization"},"alternateName":"X-Style","potentialAction":[{"@type":"SearchAction","target":{"@type":"EntryPoint","urlTemplate":"https:\/\/xstyle.md\/?s={search_term_string}"},"query-input":{"@type":"PropertyValueSpecification","valueRequired":true,"valueName":"search_term_string"}}],"inLanguage":"ro-RO"},{"@type":"Organization","@id":"https:\/\/xstyle.md\/#organization","name":"Magazinul X-Style","alternateName":"x-style","url":"https:\/\/xstyle.md\/","logo":{"@type":"ImageObject","inLanguage":"ro-RO","@id":"https:\/\/xstyle.md\/#\/schema\/logo\/image\/","url":"https:\/\/xstyle.md\/wp-content\/uploads\/2020\/06\/logoicon.svg","contentUrl":"https:\/\/xstyle.md\/wp-content\/uploads\/2020\/06\/logoicon.svg","caption":"\u041c\u0430\u0433\u0430\u0437\u0438\u043d Xstyle"},"image":{"@id":"https:\/\/xstyle.md\/#\/schema\/logo\/image\/"},"sameAs":["https:\/\/www.facebook.com\/xstylemd","https:\/\/www.instagram.com\/xstyle_md\/","https:\/\/t.me\/xstyle_outdoor"],"hasMerchantReturnPolicy":{"@type":"MerchantReturnPolicy","merchantReturnLink":"https:\/\/xstyle.md\/ro\/conditions\/"}}]},"product_price_amount":"495.00","product_price_currency":"MDL","og_availability":"instock","product_availability":"instock","product_retailer_item_id":"5908234714814","product_condition":"new"},"post_mailing_queue_ids":[],"_links":{"self":[{"href":"https:\/\/xstyle.md\/ro\/wp-json\/wp\/v2\/product\/91155","targetHints":{"allow":["GET"]}}],"collection":[{"href":"https:\/\/xstyle.md\/ro\/wp-json\/wp\/v2\/product"}],"about":[{"href":"https:\/\/xstyle.md\/ro\/wp-json\/wp\/v2\/types\/product"}],"replies":[{"embeddable":true,"href":"https:\/\/xstyle.md\/ro\/wp-json\/wp\/v2\/comments?post=91155"}],"wp:featuredmedia":[{"embeddable":true,"href":"https:\/\/xstyle.md\/ro\/wp-json\/wp\/v2\/media\/91655"}],"wp:attachment":[{"href":"https:\/\/xstyle.md\/ro\/wp-json\/wp\/v2\/media?parent=91155"}],"wp:term":[{"taxonomy":"product_brand","embeddable":true,"href":"https:\/\/xstyle.md\/ro\/wp-json\/wp\/v2\/product_brand?post=91155"},{"taxonomy":"product_cat","embeddable":true,"href":"https:\/\/xstyle.md\/ro\/wp-json\/wp\/v2\/product_cat?post=91155"},{"taxonomy":"product_tag","embeddable":true,"href":"https:\/\/xstyle.md\/ro\/wp-json\/wp\/v2\/product_tag?post=91155"}],"curies":[{"name":"wp","href":"https:\/\/api.w.org\/{rel}","templated":true}]}}