{"id":91148,"date":"2024-12-23T15:23:42","date_gmt":"2024-12-23T12:23:42","guid":{"rendered":"https:\/\/xstyle.md\/?post_type=product&#038;p=91148"},"modified":"2025-10-24T13:15:26","modified_gmt":"2025-10-24T10:15:26","slug":"ochki-uvex-esntl-epic-black-matt-mir-red","status":"publish","type":"product","link":"https:\/\/xstyle.md\/ro\/produs\/ochki-uvex-esntl-epic-black-matt-mir-red\/","title":{"rendered":"Ochelari Uvex Esntl epic black matt\/mir.red"},"content":{"rendered":"<p><strong>Uvex Esntl epic<\/strong> &#8212; \u043e\u0447\u043a\u0438, \u043a\u043e\u0442\u043e\u0440\u044b\u0435 \u0438\u0434\u0435\u0430\u043b\u044c\u043d\u043e \u043f\u043e\u0434\u043e\u0439\u0434\u0443\u0442 \u0434\u043b\u044f \u0430\u043a\u0442\u0438\u0432\u043d\u044b\u0445 \u0432\u0438\u0434\u043e\u0432 \u043e\u0442\u0434\u044b\u0445\u0430, \u0431\u0443\u0434\u044c \u0442\u043e \u043a\u0430\u0442\u0430\u043d\u0438\u0435 \u043d\u0430 \u0441\u043a\u0435\u0439\u0442-\u043b\u044b\u0436\u0430\u0445, \u044d\u043b\u0435\u043a\u0442\u0440\u043e\u0432\u0435\u043b\u043e\u0441\u0438\u043f\u0435\u0434\u0435 ,\u043d\u0430 \u0441\u0442\u0430\u0440\u0442\u0435 \u043b\u044b\u0436\u043d\u043e\u0433\u043e \u0442\u0443\u0440\u0430 \u0438\u043b\u0438 \u043f\u0440\u043e\u0441\u0442\u043e \u0440\u0430\u0441\u0441\u043b\u0430\u0431\u043b\u0435\u043d\u0438\u0435 \u043d\u0430 \u0441\u043e\u043b\u043d\u0446\u0435 \u043f\u043e\u0441\u043b\u0435 \u0434\u043d\u044f \u043a\u0430\u0442\u0430\u043d\u0438\u044f \u043d\u0430 \u0441\u043d\u043e\u0443\u0431\u043e\u0440\u0434\u0435. \u041e\u043d\u0438 \u043f\u043e\u0434\u0445\u043e\u0434\u044f\u0442 \u0434\u043b\u044f outdoor-\u0441\u043f\u043e\u0440\u0442\u0441\u043c\u0435\u043d\u043e\u0432, \u043a\u043e\u0442\u043e\u0440\u044b\u0435 \u043d\u0435 \u0445\u043e\u0442\u044f\u0442 \u0432\u044b\u0431\u0438\u0440\u0430\u0442\u044c \u043c\u0435\u0436\u0434\u0443 \u043f\u043e\u0432\u0441\u0435\u0434\u043d\u0435\u0432\u043d\u044b\u043c \u0441\u0442\u0438\u043b\u0435\u043c \u0438 \u0441\u043f\u043e\u0440\u0442\u0438\u0432\u043d\u044b\u043c \u043e\u0431\u0440\u0430\u0437\u043e\u043c. \u042d\u0442\u0438 \u043e\u0447\u043a\u0438 \u043e\u0431\u044a\u0435\u0434\u0438\u043d\u044f\u044e\u0442 \u0441\u0442\u0438\u043b\u044c, \u043a\u043e\u043c\u0444\u043e\u0440\u0442 \u0438 \u044d\u043a\u043e\u043b\u043e\u0433\u0438\u0447\u043d\u043e\u0441\u0442\u044c, \u0431\u043b\u0430\u0433\u043e\u0434\u0430\u0440\u044f \u043f\u0440\u043e\u0447\u043d\u043e\u0439 \u0440\u0430\u043c\u043a\u0435, \u0438\u0437\u0433\u043e\u0442\u043e\u0432\u043b\u0435\u043d\u043d\u043e\u0439 \u0432 \u0418\u0442\u0430\u043b\u0438\u0438 \u0438\u0437 \u043f\u0435\u0440\u0435\u0440\u0430\u0431\u043e\u0442\u0430\u043d\u043d\u043e\u0433\u043e \u043d\u0435\u0439\u043b\u043e\u043d\u0430. \u0415\u0434\u0438\u043d\u0430\u044f \u043b\u0438\u043d\u0437\u0430 \u043e\u0431\u0435\u0441\u043f\u0435\u0447\u0438\u0432\u0430\u0435\u0442 \u0448\u0438\u0440\u043e\u043a\u0438\u0439 \u043e\u0431\u0437\u043e\u0440, \u0430 \u0442\u0430\u043a\u0436\u0435 \u0437\u0430\u0449\u0438\u0449\u0430\u0435\u0442 \u043e\u0442 100 % UVA, UVB \u0438 UVC \u043b\u0443\u0447\u0435\u0439.<\/p>\n<p>\u0411\u0443\u0434\u044c \u0442\u043e \u0438\u043d\u0442\u0435\u043d\u0441\u0438\u0432\u043d\u044b\u0435 \u0442\u0440\u0435\u043d\u0438\u0440\u043e\u0432\u043a\u0438 \u0438\u043b\u0438 \u043e\u0442\u0434\u044b\u0445 \u043d\u0430 \u0441\u0432\u0435\u0436\u0435\u043c \u0432\u043e\u0437\u0434\u0443\u0445\u0435, Uvex Esntl epic \u043f\u0440\u0435\u0434\u043b\u0430\u0433\u0430\u0435\u0442 \u0441\u0442\u0438\u043b\u044c \u0438 \u0434\u0438\u043d\u0430\u043c\u0438\u0447\u043d\u043e\u0441\u0442\u044c.<\/p>\n<h3>Caracteristici<\/h3>\n<ul>\n<li>\u041d\u0430\u0437\u043d\u0430\u0447\u0435\u043d\u0438\u0435 \u2013 \u0431\u0435\u0433, \u0442\u0440\u0435\u043a\u043a\u0438\u043d\u0433, \u0430\u043b\u044c\u043f\u0438\u043d\u0438\u0437\u043c, \u0433\u043e\u0440\u043e\u0434<\/li>\n<li>\u041a\u0430\u0442\u0435\u0433\u043e\u0440\u0438\u044f \u0444\u0438\u043b\u044c\u0442\u0440\u0430 \u2013 3<\/li>\n<li>\u041c\u0430\u0442\u0435\u0440\u0438\u0430\u043b \u043b\u0438\u043d\u0437 \u2013 \u043f\u043e\u043b\u0438\u043a\u0430\u0440\u0431\u043e\u043d\u0430\u0442<\/li>\n<li>\u041e\u043f\u0440\u0430\u0432\u0430 \u2013 \u043f\u043b\u0430\u0441\u0442\u0438\u043a<\/li>\n<\/ul>\n<h3>Marca<\/h3>\n<p>Uvex - este partenerul oficial al Federa\u021biei de Schi Alpin \u0219i Snowboard din Rusia, sponsorul echipei de ciclism T-Mobile \u0219i al multor sportivi, schiori, snowboarderi, motocicli\u0219ti \u0219i para\u0219uti\u0219ti. Compania \u0219i-a \u00eenceput activitatea \u00een anii '20-'30, fabric\u00e2nd produse pentru protec\u021bia ochilor \u00een mediile de lucru industriale nocive, un domeniu extrem de actual \u00een acea perioad\u0103. Deja \u00een anul 1959, a luat na\u0219tere brandul pe care \u00eel cunoa\u0219tem \u0219i ast\u0103zi: \u201eUVEX\u201d. Dar ce \u00eenseamn\u0103, de fapt, acest cuv\u00e2nt? Acesta nu are o traducere propriu-zis\u0103, fiind o abreviere a sloganului companiei: \u201eUltraViolet EXcluded\u201d \u2014 adic\u0103 \u201eUltravioletele sunt excluse\u201d. \u00cenc\u0103 din aceste cuvinte se poate observa c\u0103 produsele destinate sportivilor deveniser\u0103 deja o parte semnificativ\u0103 din produc\u021bia corpora\u021biei de la acea vreme.<\/p>\n<p>Compania UVEX \u00ee\u0219i propune ca obiectiv asigurarea protec\u021biei complete a sportivului, din cap p\u00e2n\u0103 \u00een picioare. De aceea, ast\u0103zi produce absolut totul: de la optic\u0103, p\u00e2n\u0103 la c\u0103\u0219ti \u0219i m\u0103nu\u0219i. Bine\u00een\u021beles, produsele UVEX se bucur\u0103 doar de recenzii pozitive, ceea ce nu este surprinz\u0103tor, av\u00e2nd \u00een vedere c\u0103 \u00een cur\u00e2nd compania va s\u0103rb\u0103tori un secol de existen\u021b\u0103. Pe parcursul tuturor acestor ani, deviza sa a fost: \u201eS\u0103 protej\u0103m oamenii!\u201d. Ast\u0103zi, Uvex este un juc\u0103tor major pe pia\u021ba echipamentelor de schi alpin, oferind anual solu\u021bii \u0219i tehnologii noi \u00een domeniul m\u0103\u0219tilor \u0219i c\u0103\u0219tilor de schi.<\/p>","protected":false},"excerpt":{"rendered":"<p>Uvex Esntl epic &#8212; \u043e\u0447\u043a\u0438, \u043a\u043e\u0442\u043e\u0440\u044b\u0435 \u0438\u0434\u0435\u0430\u043b\u044c\u043d\u043e \u043f\u043e\u0434\u043e\u0439\u0434\u0443\u0442 \u0434\u043b\u044f \u0430\u043a\u0442\u0438\u0432\u043d\u044b\u0445 \u0432\u0438\u0434\u043e\u0432 \u043e\u0442\u0434\u044b\u0445\u0430, \u0431\u0443\u0434\u044c \u0442\u043e \u043a\u0430\u0442\u0430\u043d\u0438\u0435 \u043d\u0430 \u0441\u043a\u0435\u0439\u0442-\u043b\u044b\u0436\u0430\u0445, \u044d\u043b\u0435\u043a\u0442\u0440\u043e\u0432\u0435\u043b\u043e\u0441\u0438\u043f\u0435\u0434\u0435 ,\u043d\u0430 \u0441\u0442\u0430\u0440\u0442\u0435 \u043b\u044b\u0436\u043d\u043e\u0433\u043e \u0442\u0443\u0440\u0430 \u0438\u043b\u0438 \u043f\u0440\u043e\u0441\u0442\u043e \u0440\u0430\u0441\u0441\u043b\u0430\u0431\u043b\u0435\u043d\u0438\u0435 \u043d\u0430 \u0441\u043e\u043b\u043d\u0446\u0435 \u043f\u043e\u0441\u043b\u0435 \u0434\u043d\u044f \u043a\u0430\u0442\u0430\u043d\u0438\u044f \u043d\u0430 \u0441\u043d\u043e\u0443\u0431\u043e\u0440\u0434\u0435. \u041e\u043d\u0438 \u043f\u043e\u0434\u0445\u043e\u0434\u044f\u0442 \u0434\u043b\u044f outdoor-\u0441\u043f\u043e\u0440\u0442\u0441\u043c\u0435\u043d\u043e\u0432, \u043a\u043e\u0442\u043e\u0440\u044b\u0435 \u043d\u0435 \u0445\u043e\u0442\u044f\u0442 \u0432\u044b\u0431\u0438\u0440\u0430\u0442\u044c \u043c\u0435\u0436\u0434\u0443 \u043f\u043e\u0432\u0441\u0435\u0434\u043d\u0435\u0432\u043d\u044b\u043c \u0441\u0442\u0438\u043b\u0435\u043c \u0438 \u0441\u043f\u043e\u0440\u0442\u0438\u0432\u043d\u044b\u043c \u043e\u0431\u0440\u0430\u0437\u043e\u043c. \u042d\u0442\u0438 \u043e\u0447\u043a\u0438 \u043e\u0431\u044a\u0435\u0434\u0438\u043d\u044f\u044e\u0442 \u0441\u0442\u0438\u043b\u044c, \u043a\u043e\u043c\u0444\u043e\u0440\u0442 \u0438 \u044d\u043a\u043e\u043b\u043e\u0433\u0438\u0447\u043d\u043e\u0441\u0442\u044c, \u0431\u043b\u0430\u0433\u043e\u0434\u0430\u0440\u044f \u043f\u0440\u043e\u0447\u043d\u043e\u0439 [&hellip;]<\/p>\n","protected":false},"featured_media":92280,"comment_status":"open","ping_status":"closed","template":"","meta":{"_acf_changed":false,"inline_featured_image":false},"product_brand":[1366],"product_cat":[553],"product_tag":[],"class_list":{"0":"post-91148","1":"product","2":"type-product","3":"status-publish","4":"has-post-thumbnail","6":"product_brand-uvex","7":"product_cat-bycicle-glasses","9":"first","10":"instock","11":"shipping-taxable","12":"purchasable","13":"product-type-simple"},"acf":[],"yoast_head":"<!-- This site is optimized with the Yoast SEO plugin v27.2 - https:\/\/yoast.com\/product\/yoast-seo-wordpress\/ -->\n<title>\u041e\u0447\u043a\u0438 Uvex Esntl epic black matt\/mir.red - \u041c\u0430\u0433\u0430\u0437\u0438\u043d Xstyle<\/title>\n<meta name=\"robots\" content=\"index, follow, max-snippet:-1, max-image-preview:large, max-video-preview:-1\" \/>\n<link rel=\"canonical\" href=\"https:\/\/xstyle.md\/ro\/produs\/ochki-uvex-esntl-epic-black-matt-mir-red\/\" \/>\n<meta property=\"og:locale\" content=\"ro_RO\" \/>\n<meta property=\"og:type\" content=\"article\" \/>\n<meta property=\"og:title\" content=\"\u041e\u0447\u043a\u0438 Uvex Esntl epic black matt\/mir.red - \u041c\u0430\u0433\u0430\u0437\u0438\u043d Xstyle\" \/>\n<meta property=\"og:description\" content=\"Uvex Esntl epic &#8212; \u043e\u0447\u043a\u0438, \u043a\u043e\u0442\u043e\u0440\u044b\u0435 \u0438\u0434\u0435\u0430\u043b\u044c\u043d\u043e \u043f\u043e\u0434\u043e\u0439\u0434\u0443\u0442 \u0434\u043b\u044f \u0430\u043a\u0442\u0438\u0432\u043d\u044b\u0445 \u0432\u0438\u0434\u043e\u0432 \u043e\u0442\u0434\u044b\u0445\u0430, \u0431\u0443\u0434\u044c \u0442\u043e \u043a\u0430\u0442\u0430\u043d\u0438\u0435 \u043d\u0430 \u0441\u043a\u0435\u0439\u0442-\u043b\u044b\u0436\u0430\u0445, \u044d\u043b\u0435\u043a\u0442\u0440\u043e\u0432\u0435\u043b\u043e\u0441\u0438\u043f\u0435\u0434\u0435 ,\u043d\u0430 \u0441\u0442\u0430\u0440\u0442\u0435 \u043b\u044b\u0436\u043d\u043e\u0433\u043e \u0442\u0443\u0440\u0430 \u0438\u043b\u0438 \u043f\u0440\u043e\u0441\u0442\u043e \u0440\u0430\u0441\u0441\u043b\u0430\u0431\u043b\u0435\u043d\u0438\u0435 \u043d\u0430 \u0441\u043e\u043b\u043d\u0446\u0435 \u043f\u043e\u0441\u043b\u0435 \u0434\u043d\u044f \u043a\u0430\u0442\u0430\u043d\u0438\u044f \u043d\u0430 \u0441\u043d\u043e\u0443\u0431\u043e\u0440\u0434\u0435. \u041e\u043d\u0438 \u043f\u043e\u0434\u0445\u043e\u0434\u044f\u0442 \u0434\u043b\u044f outdoor-\u0441\u043f\u043e\u0440\u0442\u0441\u043c\u0435\u043d\u043e\u0432, \u043a\u043e\u0442\u043e\u0440\u044b\u0435 \u043d\u0435 \u0445\u043e\u0442\u044f\u0442 \u0432\u044b\u0431\u0438\u0440\u0430\u0442\u044c \u043c\u0435\u0436\u0434\u0443 \u043f\u043e\u0432\u0441\u0435\u0434\u043d\u0435\u0432\u043d\u044b\u043c \u0441\u0442\u0438\u043b\u0435\u043c \u0438 \u0441\u043f\u043e\u0440\u0442\u0438\u0432\u043d\u044b\u043c \u043e\u0431\u0440\u0430\u0437\u043e\u043c. \u042d\u0442\u0438 \u043e\u0447\u043a\u0438 \u043e\u0431\u044a\u0435\u0434\u0438\u043d\u044f\u044e\u0442 \u0441\u0442\u0438\u043b\u044c, \u043a\u043e\u043c\u0444\u043e\u0440\u0442 \u0438 \u044d\u043a\u043e\u043b\u043e\u0433\u0438\u0447\u043d\u043e\u0441\u0442\u044c, \u0431\u043b\u0430\u0433\u043e\u0434\u0430\u0440\u044f \u043f\u0440\u043e\u0447\u043d\u043e\u0439 [&hellip;]\" \/>\n<meta property=\"og:url\" content=\"https:\/\/xstyle.md\/ro\/produs\/ochki-uvex-esntl-epic-black-matt-mir-red\/\" \/>\n<meta property=\"og:site_name\" content=\"\u041c\u0430\u0433\u0430\u0437\u0438\u043d Xstyle\" \/>\n<meta property=\"article:publisher\" content=\"https:\/\/www.facebook.com\/xstylemd\" \/>\n<meta property=\"article:modified_time\" content=\"2025-10-24T10:15:26+00:00\" \/>\n<meta property=\"og:image\" content=\"https:\/\/xstyle.md\/wp-content\/uploads\/2024\/12\/uvex-esntl-epic-black-matt-mir.red_.webp\" \/>\n\t<meta property=\"og:image:width\" content=\"2244\" \/>\n\t<meta property=\"og:image:height\" content=\"2244\" \/>\n\t<meta property=\"og:image:type\" content=\"image\/webp\" \/>\n<meta name=\"twitter:card\" content=\"summary_large_image\" \/>\n<meta name=\"twitter:label1\" content=\"Pre\u021b\" \/>\n\t<meta name=\"twitter:data1\" content=\"1.590&nbsp;MDL\" \/>\n\t<meta name=\"twitter:label2\" content=\"Disponibilitate\" \/>\n\t<meta name=\"twitter:data2\" content=\"\u00cen stoc\" \/>\n<script type=\"application\/ld+json\" class=\"yoast-schema-graph\">{\"@context\":\"https:\/\/schema.org\",\"@graph\":[{\"@type\":\"WebPage\",\"@id\":\"https:\/\/xstyle.md\/product\/ochki-uvex-esntl-epic-black-matt-mir-red\/\",\"url\":\"https:\/\/xstyle.md\/product\/ochki-uvex-esntl-epic-black-matt-mir-red\/\",\"name\":\"\u041e\u0447\u043a\u0438 Uvex Esntl epic black matt\/mir.red - \u041c\u0430\u0433\u0430\u0437\u0438\u043d Xstyle\",\"isPartOf\":{\"@id\":\"https:\/\/xstyle.md\/#website\"},\"primaryImageOfPage\":{\"@id\":\"https:\/\/xstyle.md\/product\/ochki-uvex-esntl-epic-black-matt-mir-red\/#primaryimage\"},\"image\":{\"@id\":\"https:\/\/xstyle.md\/product\/ochki-uvex-esntl-epic-black-matt-mir-red\/#primaryimage\"},\"thumbnailUrl\":\"https:\/\/xstyle.md\/wp-content\/uploads\/2024\/12\/uvex-esntl-epic-black-matt-mir.red_.webp\",\"datePublished\":\"2024-12-23T12:23:42+00:00\",\"dateModified\":\"2025-10-24T10:15:26+00:00\",\"breadcrumb\":{\"@id\":\"https:\/\/xstyle.md\/product\/ochki-uvex-esntl-epic-black-matt-mir-red\/#breadcrumb\"},\"inLanguage\":\"ro-RO\",\"potentialAction\":[{\"@type\":\"ReadAction\",\"target\":[\"https:\/\/xstyle.md\/product\/ochki-uvex-esntl-epic-black-matt-mir-red\/\"]}]},{\"@type\":\"ImageObject\",\"inLanguage\":\"ro-RO\",\"@id\":\"https:\/\/xstyle.md\/product\/ochki-uvex-esntl-epic-black-matt-mir-red\/#primaryimage\",\"url\":\"https:\/\/xstyle.md\/wp-content\/uploads\/2024\/12\/uvex-esntl-epic-black-matt-mir.red_.webp\",\"contentUrl\":\"https:\/\/xstyle.md\/wp-content\/uploads\/2024\/12\/uvex-esntl-epic-black-matt-mir.red_.webp\",\"width\":2244,\"height\":2244,\"caption\":\"\u041e\u0447\u043a\u0438 Uvex Esntl epic black matt mir.red \u0434\u043b\u044f \u0430\u043a\u0442\u0438\u0432\u043d\u043e\u0433\u043e \u043e\u0442\u0434\u044b\u0445\u0430, \u043f\u043e\u0445\u043e\u0434\u043e\u0432 \u0438 \u043f\u0443\u0442\u0435\u0448\u0435\u0441\u0442\u0432\u0438\u0439, \u0441\u043f\u043e\u0440\u0442\u0438\u0432\u043d\u0430\u044f \u043e\u0431\u0443\u0432\u044c \u0438 \u043e\u0434\u0435\u0436\u0434\u0430 \u0434\u043b\u044f \u0442\u0443\u0440\u0438\u0437\u043c\u0430 \u0438 \u0430\u043b\u044c\u043f\u0438\u043d\u0438\u0437\u043c\u0430 \u0432 \u043e\u043d\u043b\u0430\u0439\u043d \u043c\u0430\u0433\u0430\u0437\u0438\u043d\u0435\"},{\"@type\":\"BreadcrumbList\",\"@id\":\"https:\/\/xstyle.md\/product\/ochki-uvex-esntl-epic-black-matt-mir-red\/#breadcrumb\",\"itemListElement\":[{\"@type\":\"ListItem\",\"position\":1,\"name\":\"\u0413\u043b\u0430\u0432\u043d\u0430\u044f \u0441\u0442\u0440\u0430\u043d\u0438\u0446\u0430\",\"item\":\"https:\/\/xstyle.md\/\"},{\"@type\":\"ListItem\",\"position\":2,\"name\":\"\u041c\u0430\u0433\u0430\u0437\u0438\u043d\",\"item\":\"https:\/\/xstyle.md\/shop\/\"},{\"@type\":\"ListItem\",\"position\":3,\"name\":\"\u041e\u0447\u043a\u0438 Uvex Esntl epic black matt\/mir.red\"}]},{\"@type\":\"WebSite\",\"@id\":\"https:\/\/xstyle.md\/#website\",\"url\":\"https:\/\/xstyle.md\/\",\"name\":\"\u041c\u0430\u0433\u0430\u0437\u0438\u043d Xstyle\",\"description\":\"C\u043d\u0430\u0440\u044f\u0436\u0435\u043d\u0438\u0435 \u0434\u043b\u044f \u0442\u0443\u0440\u0438\u0437\u043c\u0430 \u0438 \u044d\u043a\u0441\u0442\u0440\u0435\u043c\u0430\u043b\u044c\u043d\u044b\u0445 \u0432\u0438\u0434\u043e\u0432 \u0441\u043f\u043e\u0440\u0442\u0430 \u0432 \u041c\u043e\u043b\u0434\u043e\u0432\u0435.. \u0426\u0435\u043d\u044b, \u0444\u043e\u0442\u043e, \u0445\u0430\u0440\u0430\u043a\u0442\u0435\u0440\u0438\u0441\u0442\u0438\u043a\u0438 \u0432 \u041c\u043e\u043b\u0434\u043e\u0432\u0435.\",\"publisher\":{\"@id\":\"https:\/\/xstyle.md\/#organization\"},\"alternateName\":\"X-Style\",\"potentialAction\":[{\"@type\":\"SearchAction\",\"target\":{\"@type\":\"EntryPoint\",\"urlTemplate\":\"https:\/\/xstyle.md\/?s={search_term_string}\"},\"query-input\":{\"@type\":\"PropertyValueSpecification\",\"valueRequired\":true,\"valueName\":\"search_term_string\"}}],\"inLanguage\":\"ro-RO\"},{\"@type\":\"Organization\",\"@id\":\"https:\/\/xstyle.md\/#organization\",\"name\":\"\u041c\u0430\u0433\u0430\u0437\u0438\u043d Xstyle\",\"alternateName\":\"x-style\",\"url\":\"https:\/\/xstyle.md\/\",\"logo\":{\"@type\":\"ImageObject\",\"inLanguage\":\"ro-RO\",\"@id\":\"https:\/\/xstyle.md\/#\/schema\/logo\/image\/\",\"url\":\"https:\/\/xstyle.md\/wp-content\/uploads\/2020\/06\/logoicon.svg\",\"contentUrl\":\"https:\/\/xstyle.md\/wp-content\/uploads\/2020\/06\/logoicon.svg\",\"caption\":\"\u041c\u0430\u0433\u0430\u0437\u0438\u043d Xstyle\"},\"image\":{\"@id\":\"https:\/\/xstyle.md\/#\/schema\/logo\/image\/\"},\"sameAs\":[\"https:\/\/www.facebook.com\/xstylemd\",\"https:\/\/www.instagram.com\/xstyle_md\/\",\"https:\/\/t.me\/xstyle_outdoor\"],\"hasMerchantReturnPolicy\":{\"@type\":\"MerchantReturnPolicy\",\"merchantReturnLink\":\"https:\/\/xstyle.md\/ro\/conditions\/\"}}]}<\/script>\n<meta property=\"product:price:amount\" content=\"1590.00\" \/>\n<meta property=\"product:price:currency\" content=\"MDL\" \/>\n<meta property=\"og:availability\" content=\"instock\" \/>\n<meta property=\"product:availability\" content=\"instock\" \/>\n<meta property=\"product:retailer_item_id\" content=\"4043197377360\" \/>\n<meta property=\"product:condition\" content=\"new\" \/>\n<!-- \/ Yoast SEO plugin. -->","yoast_head_json":{"title":"\u041e\u0447\u043a\u0438 Uvex Esntl epic black matt\/mir.red - \u041c\u0430\u0433\u0430\u0437\u0438\u043d Xstyle","robots":{"index":"index","follow":"follow","max-snippet":"max-snippet:-1","max-image-preview":"max-image-preview:large","max-video-preview":"max-video-preview:-1"},"canonical":"https:\/\/xstyle.md\/ro\/produs\/ochki-uvex-esntl-epic-black-matt-mir-red\/","og_locale":"ro_RO","og_type":"article","og_title":"\u041e\u0447\u043a\u0438 Uvex Esntl epic black matt\/mir.red - \u041c\u0430\u0433\u0430\u0437\u0438\u043d Xstyle","og_description":"Uvex Esntl epic &#8212; \u043e\u0447\u043a\u0438, \u043a\u043e\u0442\u043e\u0440\u044b\u0435 \u0438\u0434\u0435\u0430\u043b\u044c\u043d\u043e \u043f\u043e\u0434\u043e\u0439\u0434\u0443\u0442 \u0434\u043b\u044f \u0430\u043a\u0442\u0438\u0432\u043d\u044b\u0445 \u0432\u0438\u0434\u043e\u0432 \u043e\u0442\u0434\u044b\u0445\u0430, \u0431\u0443\u0434\u044c \u0442\u043e \u043a\u0430\u0442\u0430\u043d\u0438\u0435 \u043d\u0430 \u0441\u043a\u0435\u0439\u0442-\u043b\u044b\u0436\u0430\u0445, \u044d\u043b\u0435\u043a\u0442\u0440\u043e\u0432\u0435\u043b\u043e\u0441\u0438\u043f\u0435\u0434\u0435 ,\u043d\u0430 \u0441\u0442\u0430\u0440\u0442\u0435 \u043b\u044b\u0436\u043d\u043e\u0433\u043e \u0442\u0443\u0440\u0430 \u0438\u043b\u0438 \u043f\u0440\u043e\u0441\u0442\u043e \u0440\u0430\u0441\u0441\u043b\u0430\u0431\u043b\u0435\u043d\u0438\u0435 \u043d\u0430 \u0441\u043e\u043b\u043d\u0446\u0435 \u043f\u043e\u0441\u043b\u0435 \u0434\u043d\u044f \u043a\u0430\u0442\u0430\u043d\u0438\u044f \u043d\u0430 \u0441\u043d\u043e\u0443\u0431\u043e\u0440\u0434\u0435. \u041e\u043d\u0438 \u043f\u043e\u0434\u0445\u043e\u0434\u044f\u0442 \u0434\u043b\u044f outdoor-\u0441\u043f\u043e\u0440\u0442\u0441\u043c\u0435\u043d\u043e\u0432, \u043a\u043e\u0442\u043e\u0440\u044b\u0435 \u043d\u0435 \u0445\u043e\u0442\u044f\u0442 \u0432\u044b\u0431\u0438\u0440\u0430\u0442\u044c \u043c\u0435\u0436\u0434\u0443 \u043f\u043e\u0432\u0441\u0435\u0434\u043d\u0435\u0432\u043d\u044b\u043c \u0441\u0442\u0438\u043b\u0435\u043c \u0438 \u0441\u043f\u043e\u0440\u0442\u0438\u0432\u043d\u044b\u043c \u043e\u0431\u0440\u0430\u0437\u043e\u043c. \u042d\u0442\u0438 \u043e\u0447\u043a\u0438 \u043e\u0431\u044a\u0435\u0434\u0438\u043d\u044f\u044e\u0442 \u0441\u0442\u0438\u043b\u044c, \u043a\u043e\u043c\u0444\u043e\u0440\u0442 \u0438 \u044d\u043a\u043e\u043b\u043e\u0433\u0438\u0447\u043d\u043e\u0441\u0442\u044c, \u0431\u043b\u0430\u0433\u043e\u0434\u0430\u0440\u044f \u043f\u0440\u043e\u0447\u043d\u043e\u0439 [&hellip;]","og_url":"https:\/\/xstyle.md\/ro\/produs\/ochki-uvex-esntl-epic-black-matt-mir-red\/","og_site_name":"\u041c\u0430\u0433\u0430\u0437\u0438\u043d Xstyle","article_publisher":"https:\/\/www.facebook.com\/xstylemd","article_modified_time":"2025-10-24T10:15:26+00:00","og_image":[{"width":2244,"height":2244,"url":"https:\/\/xstyle.md\/wp-content\/uploads\/2024\/12\/uvex-esntl-epic-black-matt-mir.red_.webp","type":"image\/webp"}],"twitter_card":"summary_large_image","twitter_misc":{"Pre\u021b":"1.590&nbsp;MDL","Disponibilitate":"\u00cen stoc"},"schema":{"@context":"https:\/\/schema.org","@graph":[{"@type":"WebPage","@id":"https:\/\/xstyle.md\/product\/ochki-uvex-esntl-epic-black-matt-mir-red\/","url":"https:\/\/xstyle.md\/product\/ochki-uvex-esntl-epic-black-matt-mir-red\/","name":"\u041e\u0447\u043a\u0438 Uvex Esntl epic black matt\/mir.red - \u041c\u0430\u0433\u0430\u0437\u0438\u043d Xstyle","isPartOf":{"@id":"https:\/\/xstyle.md\/#website"},"primaryImageOfPage":{"@id":"https:\/\/xstyle.md\/product\/ochki-uvex-esntl-epic-black-matt-mir-red\/#primaryimage"},"image":{"@id":"https:\/\/xstyle.md\/product\/ochki-uvex-esntl-epic-black-matt-mir-red\/#primaryimage"},"thumbnailUrl":"https:\/\/xstyle.md\/wp-content\/uploads\/2024\/12\/uvex-esntl-epic-black-matt-mir.red_.webp","datePublished":"2024-12-23T12:23:42+00:00","dateModified":"2025-10-24T10:15:26+00:00","breadcrumb":{"@id":"https:\/\/xstyle.md\/product\/ochki-uvex-esntl-epic-black-matt-mir-red\/#breadcrumb"},"inLanguage":"ro-RO","potentialAction":[{"@type":"ReadAction","target":["https:\/\/xstyle.md\/product\/ochki-uvex-esntl-epic-black-matt-mir-red\/"]}]},{"@type":"ImageObject","inLanguage":"ro-RO","@id":"https:\/\/xstyle.md\/product\/ochki-uvex-esntl-epic-black-matt-mir-red\/#primaryimage","url":"https:\/\/xstyle.md\/wp-content\/uploads\/2024\/12\/uvex-esntl-epic-black-matt-mir.red_.webp","contentUrl":"https:\/\/xstyle.md\/wp-content\/uploads\/2024\/12\/uvex-esntl-epic-black-matt-mir.red_.webp","width":2244,"height":2244,"caption":"\u041e\u0447\u043a\u0438 Uvex Esntl epic black matt mir.red \u0434\u043b\u044f \u0430\u043a\u0442\u0438\u0432\u043d\u043e\u0433\u043e \u043e\u0442\u0434\u044b\u0445\u0430, \u043f\u043e\u0445\u043e\u0434\u043e\u0432 \u0438 \u043f\u0443\u0442\u0435\u0448\u0435\u0441\u0442\u0432\u0438\u0439, \u0441\u043f\u043e\u0440\u0442\u0438\u0432\u043d\u0430\u044f \u043e\u0431\u0443\u0432\u044c \u0438 \u043e\u0434\u0435\u0436\u0434\u0430 \u0434\u043b\u044f \u0442\u0443\u0440\u0438\u0437\u043c\u0430 \u0438 \u0430\u043b\u044c\u043f\u0438\u043d\u0438\u0437\u043c\u0430 \u0432 \u043e\u043d\u043b\u0430\u0439\u043d \u043c\u0430\u0433\u0430\u0437\u0438\u043d\u0435"},{"@type":"BreadcrumbList","@id":"https:\/\/xstyle.md\/product\/ochki-uvex-esntl-epic-black-matt-mir-red\/#breadcrumb","itemListElement":[{"@type":"ListItem","position":1,"name":"\u0413\u043b\u0430\u0432\u043d\u0430\u044f \u0441\u0442\u0440\u0430\u043d\u0438\u0446\u0430","item":"https:\/\/xstyle.md\/"},{"@type":"ListItem","position":2,"name":"\u041c\u0430\u0433\u0430\u0437\u0438\u043d","item":"https:\/\/xstyle.md\/shop\/"},{"@type":"ListItem","position":3,"name":"\u041e\u0447\u043a\u0438 Uvex Esntl epic black matt\/mir.red"}]},{"@type":"WebSite","@id":"https:\/\/xstyle.md\/#website","url":"https:\/\/xstyle.md\/","name":"Magazinul X-Style","description":"Echipamente pentru turism \u0219i sporturi extreme \u00een Moldova. Pre\u021buri, fotografii, caracteristici \u00een Moldova.","publisher":{"@id":"https:\/\/xstyle.md\/#organization"},"alternateName":"X-Style","potentialAction":[{"@type":"SearchAction","target":{"@type":"EntryPoint","urlTemplate":"https:\/\/xstyle.md\/?s={search_term_string}"},"query-input":{"@type":"PropertyValueSpecification","valueRequired":true,"valueName":"search_term_string"}}],"inLanguage":"ro-RO"},{"@type":"Organization","@id":"https:\/\/xstyle.md\/#organization","name":"Magazinul X-Style","alternateName":"x-style","url":"https:\/\/xstyle.md\/","logo":{"@type":"ImageObject","inLanguage":"ro-RO","@id":"https:\/\/xstyle.md\/#\/schema\/logo\/image\/","url":"https:\/\/xstyle.md\/wp-content\/uploads\/2020\/06\/logoicon.svg","contentUrl":"https:\/\/xstyle.md\/wp-content\/uploads\/2020\/06\/logoicon.svg","caption":"\u041c\u0430\u0433\u0430\u0437\u0438\u043d Xstyle"},"image":{"@id":"https:\/\/xstyle.md\/#\/schema\/logo\/image\/"},"sameAs":["https:\/\/www.facebook.com\/xstylemd","https:\/\/www.instagram.com\/xstyle_md\/","https:\/\/t.me\/xstyle_outdoor"],"hasMerchantReturnPolicy":{"@type":"MerchantReturnPolicy","merchantReturnLink":"https:\/\/xstyle.md\/ro\/conditions\/"}}]},"product_price_amount":"1590.00","product_price_currency":"MDL","og_availability":"instock","product_availability":"instock","product_retailer_item_id":"4043197377360","product_condition":"new"},"post_mailing_queue_ids":[],"_links":{"self":[{"href":"https:\/\/xstyle.md\/ro\/wp-json\/wp\/v2\/product\/91148","targetHints":{"allow":["GET"]}}],"collection":[{"href":"https:\/\/xstyle.md\/ro\/wp-json\/wp\/v2\/product"}],"about":[{"href":"https:\/\/xstyle.md\/ro\/wp-json\/wp\/v2\/types\/product"}],"replies":[{"embeddable":true,"href":"https:\/\/xstyle.md\/ro\/wp-json\/wp\/v2\/comments?post=91148"}],"wp:featuredmedia":[{"embeddable":true,"href":"https:\/\/xstyle.md\/ro\/wp-json\/wp\/v2\/media\/92280"}],"wp:attachment":[{"href":"https:\/\/xstyle.md\/ro\/wp-json\/wp\/v2\/media?parent=91148"}],"wp:term":[{"taxonomy":"product_brand","embeddable":true,"href":"https:\/\/xstyle.md\/ro\/wp-json\/wp\/v2\/product_brand?post=91148"},{"taxonomy":"product_cat","embeddable":true,"href":"https:\/\/xstyle.md\/ro\/wp-json\/wp\/v2\/product_cat?post=91148"},{"taxonomy":"product_tag","embeddable":true,"href":"https:\/\/xstyle.md\/ro\/wp-json\/wp\/v2\/product_tag?post=91148"}],"curies":[{"name":"wp","href":"https:\/\/api.w.org\/{rel}","templated":true}]}}