{"id":91092,"date":"2024-12-23T15:23:25","date_gmt":"2024-12-23T12:23:25","guid":{"rendered":"https:\/\/xstyle.md\/?post_type=product&#038;p=91092"},"modified":"2026-03-19T17:31:20","modified_gmt":"2026-03-19T14:31:20","slug":"termofutbolka-rab-pulse-ls-zip-wmn-tempest-blue","status":"publish","type":"product","link":"https:\/\/xstyle.md\/ro\/produs\/termofutbolka-rab-pulse-ls-zip-wmn-tempest-blue\/","title":{"rendered":"Tricou termic Rab Pulse LS Zip Wmn tempest blue"},"content":{"rendered":"<p><strong>Rab Pulse LS Zip<\/strong>\u00a0\u2014 tricou termic pentru femei, u\u0219or \u0219i cu uscare rapid\u0103, cu fermoar.<\/p>\n<p>Pulse LS este un strat de baz\u0103 tehnic universal, ideal pentru alpinism \u0219i drume\u021bii de mai multe zile. Conceput pentru utilizare activ\u0103, tricoul pentru femei Pulse LS Zip este un tricou tehnic cu m\u00e2neci lungi, cu fermoar, uscare rapid\u0103 \u0219i control al mirosurilor Polygiene\u00ae STAY FRESH.<\/p>\n<p>Fabricate din material u\u0219or Motiv\u2122, cus\u0103turile micro-active cu volum redus ofer\u0103 durabilitate \u0219i o potrivire moale pe piele, \u00een timp ce 30+ UPF asigur\u0103 protec\u021bie solar\u0103.<\/p>\n<p>Este un strat tehnic perfect pentru aventurile de mai multe zile \u00een timpul lunilor de var\u0103, cu un fermoar pe piept pentru controlul temperaturii \u0219i deschiz\u0103turi pentru degetul mare.<\/p>\n<h3>Particularit\u0103\u021bi<\/h3>\n<ul>\n<li>Absoarbe bine umezeala;<\/li>\n<li>Polygiene\u00ae STAY FRESH \u2014 asigur\u0103 protec\u021bie \u00eempotriva mirosurilor;<\/li>\n<li>Protec\u021bie solar\u0103 UPF 30+;<\/li>\n<li>Foarte u\u0219or \u0219i pl\u0103cut la atingere;<\/li>\n<li>Arm\u0103turi de calitate;<\/li>\n<li>Deschiz\u0103turi pentru degetul mare;<\/li>\n<li>M\u00e2neci lungi.<\/li>\n<\/ul>\n<h3>Caracteristici<\/h3>\n<ul>\n<li>Sezon - toamn\u0103\/iarn\u0103;<\/li>\n<li>Compozi\u021bie - Motiv \u2122;<\/li>\n<li>Aplicare - sporturi active\/turism\/utilizare zilnic\u0103;<\/li>\n<li>Model - pentru femei.<\/li>\n<\/ul>\n<h3>Tehnologie<\/h3>\n<ul>\n<li><strong>Polygiene<\/strong>\u00ae \u2013 este o tehnologie modern\u0103 de protec\u021bie antibacterian\u0103 a \u00eembr\u0103c\u0103mintei, prin tratarea \u021bes\u0103turilor cu argint pentru a preveni apari\u021bia bacteriilor care provoac\u0103 un miros nepl\u0103cut, precum \u0219i a diver\u0219ilor microbi, viru\u0219i \u0219i ciuperci. Tehnologia Polygiene\u00ae este recunoscut\u0103 \u00een primul r\u00e2nd ca un agent bacteriostatic sigur \u0219i eficient. Se bazeaz\u0103 pe tratarea unei variet\u0103\u021bi de materiale (\u00een principal textile) cu s\u0103ruri naturale de argint (clorur\u0103 de argint), un agent antimicrobian extrem de eficient.<\/li>\n<\/ul>\n<h3>Marca<\/h3>\n<p>Rab \u2014 un produc\u0103tor britanic de \u00eembr\u0103c\u0103minte \u0219i echipament pentru alpinism, al c\u0103rui punct forte este \u00eembr\u0103c\u0103mintea sportiv\u0103 de \u00eenalt\u0103 calitate \u0219i tehnologic avansat\u0103, izola\u021bia din puf \u0219i chestii pentru cap. Balaclavele acestui produc\u0103tor, de exemplu, sunt unele dintre cele mai bune exemple de pe pia\u021b\u0103, sacii de dormit se remarc\u0103 prin chibzuin\u021b\u0103.<\/p>\n<p>Compania a fost fondat\u0103 \u00een 1981 de c\u0103tre Rab Carrington, alpinist sco\u021bian de top. Baz\u00e2ndu-se pe propria sa experien\u021b\u0103 \u00een numeroase expedi\u021bii, Carrington a creat \u00eembr\u0103c\u0103minte care s\u0103 ofere confort, protec\u021bie \u0219i libertate \u00een mun\u021bi, \u00een drume\u021bii, c\u0103\u021b\u0103r\u0103ri sau alpinism.<\/p>\n<p>Jachetele de puf, sacii de dormit \u0219i hainele de expedi\u021bie Rab sunt fabricate din puf european de g\u00e2sc\u0103 \u0219i ra\u021b\u0103, provenit din surse etice \u0219i certificat Responsible Down. O impregnare hidrofug\u0103 f\u0103r\u0103 fluorocarburi numit\u0103 Nikwax este, de asemenea, aplicat\u0103 pufului folosit \u00een haine \u0219i saci de dormit pentru a le \u00eempiedica s\u0103 se \u00eencarce cu ap\u0103. \u00cen plus, se folosesc \u0219i materiale sintetice de \u00eenalt\u0103 calitate pentru izolare. \u00cembr\u0103c\u0103mintea Rab a devenit \"sinonim\u0103 cu produsele din puf de \u00eenalt\u0103 calitate\".<\/p>","protected":false},"excerpt":{"rendered":"<p>Rab Pulse LS Zip\u00a0&#8212; \u043b\u0435\u0433\u043a\u0430\u044f \u0438 \u0431\u044b\u0441\u0442\u0440\u043e \u0441\u043e\u0445\u043d\u0443\u0449\u0430\u044f \u0436\u0435\u043d\u0441\u043a\u0430\u044f \u0442\u0435\u0440\u043c\u043e\u0444\u0443\u0442\u0431\u043e\u043b\u043a\u0430 \u0441 \u0437\u0430\u0441\u0442\u0435\u0436\u043a\u043e\u0439-\u043c\u043e\u043b\u043d\u0438\u0435\u0439. Pulse LS \u043f\u0440\u0435\u0434\u0441\u0442\u0430\u0432\u043b\u044f\u0435\u0442 \u0441\u043e\u0431\u043e\u0439 \u0443\u043d\u0438\u0432\u0435\u0440\u0441\u0430\u043b\u044c\u043d\u044b\u0439 \u0442\u0435\u0445\u043d\u0438\u0447\u0435\u0441\u043a\u0438\u0439 \u0431\u0430\u0437\u043e\u0432\u044b\u0439 \u0441\u043b\u043e\u0439, \u0438\u0434\u0435\u0430\u043b\u044c\u043d\u044b\u0439 \u0434\u043b\u044f \u043c\u043d\u043e\u0433\u043e\u0434\u043d\u0435\u0432\u043d\u044b\u0445 \u0430\u043b\u044c\u043f\u0438\u043d\u0438\u0441\u0442\u0441\u043a\u0438\u0445 \u0438 \u0442\u0440\u0435\u043a\u043a\u0438\u043d\u0433\u043e\u0432\u044b\u0445 \u043f\u043e\u0445\u043e\u0434\u043e\u0432. \u0416\u0435\u043d\u0441\u043a\u0430\u044f \u0444\u0443\u0442\u0431\u043e\u043b\u043a\u0430 Pulse LS Zip \u043f\u0440\u0435\u0434\u043d\u0430\u0437\u043d\u0430\u0447\u0435\u043d\u0430 \u0434\u043b\u044f \u0430\u043a\u0442\u0438\u0432\u043d\u043e\u0433\u043e \u0438\u0441\u043f\u043e\u043b\u044c\u0437\u043e\u0432\u0430\u043d\u0438\u044f \u0438 \u043f\u0440\u0435\u0434\u0441\u0442\u0430\u0432\u043b\u044f\u0435\u0442 \u0441\u043e\u0431\u043e\u0439 \u0431\u044b\u0441\u0442\u0440\u043e\u0441\u043e\u0445\u043d\u0443\u0449\u0443\u044e \u0442\u0435\u0445\u043d\u0438\u0447\u0435\u0441\u043a\u0443\u044e \u0444\u0443\u0442\u0431\u043e\u043b\u043a\u0443 \u0441 \u0434\u043b\u0438\u043d\u043d\u044b\u043c \u0440\u0443\u043a\u0430\u0432\u043e\u043c \u043d\u0430 \u043c\u043e\u043b\u043d\u0438\u0438 \u0441 \u0437\u0430\u0449\u0438\u0442\u043e\u0439 \u043e\u0442 \u0437\u0430\u043f\u0430\u0445\u0430 Polygiene\u00ae STAY FRESH. \u0421\u0434\u0435\u043b\u0430\u043d\u0430 [&hellip;]<\/p>\n","protected":false},"featured_media":91616,"comment_status":"open","ping_status":"closed","template":"","meta":{"_acf_changed":false,"inline_featured_image":false},"product_brand":[1442],"product_cat":[893],"product_tag":[],"class_list":{"0":"post-91092","1":"product","2":"type-product","3":"status-publish","4":"has-post-thumbnail","6":"product_brand-rab","7":"product_cat-long-sleeve-women","9":"first","10":"instock","11":"shipping-taxable","12":"purchasable","13":"product-type-simple"},"acf":[],"yoast_head":"<!-- This site is optimized with the Yoast SEO plugin v27.4 - https:\/\/yoast.com\/product\/yoast-seo-wordpress\/ -->\n<title>\u0422\u0435\u0440\u043c\u043e\u0444\u0443\u0442\u0431\u043e\u043b\u043a\u0430 Rab Pulse LS Zip Wmn tempest blue - \u041c\u0430\u0433\u0430\u0437\u0438\u043d Xstyle<\/title>\n<meta name=\"robots\" content=\"index, follow, max-snippet:-1, max-image-preview:large, max-video-preview:-1\" \/>\n<link rel=\"canonical\" href=\"https:\/\/xstyle.md\/ro\/produs\/termofutbolka-rab-pulse-ls-zip-wmn-tempest-blue\/\" \/>\n<meta property=\"og:locale\" content=\"ro_RO\" \/>\n<meta property=\"og:type\" content=\"article\" \/>\n<meta property=\"og:title\" content=\"\u0422\u0435\u0440\u043c\u043e\u0444\u0443\u0442\u0431\u043e\u043b\u043a\u0430 Rab Pulse LS Zip Wmn tempest blue - \u041c\u0430\u0433\u0430\u0437\u0438\u043d Xstyle\" \/>\n<meta property=\"og:description\" content=\"Rab Pulse LS Zip\u00a0&#8212; \u043b\u0435\u0433\u043a\u0430\u044f \u0438 \u0431\u044b\u0441\u0442\u0440\u043e \u0441\u043e\u0445\u043d\u0443\u0449\u0430\u044f \u0436\u0435\u043d\u0441\u043a\u0430\u044f \u0442\u0435\u0440\u043c\u043e\u0444\u0443\u0442\u0431\u043e\u043b\u043a\u0430 \u0441 \u0437\u0430\u0441\u0442\u0435\u0436\u043a\u043e\u0439-\u043c\u043e\u043b\u043d\u0438\u0435\u0439. Pulse LS \u043f\u0440\u0435\u0434\u0441\u0442\u0430\u0432\u043b\u044f\u0435\u0442 \u0441\u043e\u0431\u043e\u0439 \u0443\u043d\u0438\u0432\u0435\u0440\u0441\u0430\u043b\u044c\u043d\u044b\u0439 \u0442\u0435\u0445\u043d\u0438\u0447\u0435\u0441\u043a\u0438\u0439 \u0431\u0430\u0437\u043e\u0432\u044b\u0439 \u0441\u043b\u043e\u0439, \u0438\u0434\u0435\u0430\u043b\u044c\u043d\u044b\u0439 \u0434\u043b\u044f \u043c\u043d\u043e\u0433\u043e\u0434\u043d\u0435\u0432\u043d\u044b\u0445 \u0430\u043b\u044c\u043f\u0438\u043d\u0438\u0441\u0442\u0441\u043a\u0438\u0445 \u0438 \u0442\u0440\u0435\u043a\u043a\u0438\u043d\u0433\u043e\u0432\u044b\u0445 \u043f\u043e\u0445\u043e\u0434\u043e\u0432. \u0416\u0435\u043d\u0441\u043a\u0430\u044f \u0444\u0443\u0442\u0431\u043e\u043b\u043a\u0430 Pulse LS Zip \u043f\u0440\u0435\u0434\u043d\u0430\u0437\u043d\u0430\u0447\u0435\u043d\u0430 \u0434\u043b\u044f \u0430\u043a\u0442\u0438\u0432\u043d\u043e\u0433\u043e \u0438\u0441\u043f\u043e\u043b\u044c\u0437\u043e\u0432\u0430\u043d\u0438\u044f \u0438 \u043f\u0440\u0435\u0434\u0441\u0442\u0430\u0432\u043b\u044f\u0435\u0442 \u0441\u043e\u0431\u043e\u0439 \u0431\u044b\u0441\u0442\u0440\u043e\u0441\u043e\u0445\u043d\u0443\u0449\u0443\u044e \u0442\u0435\u0445\u043d\u0438\u0447\u0435\u0441\u043a\u0443\u044e \u0444\u0443\u0442\u0431\u043e\u043b\u043a\u0443 \u0441 \u0434\u043b\u0438\u043d\u043d\u044b\u043c \u0440\u0443\u043a\u0430\u0432\u043e\u043c \u043d\u0430 \u043c\u043e\u043b\u043d\u0438\u0438 \u0441 \u0437\u0430\u0449\u0438\u0442\u043e\u0439 \u043e\u0442 \u0437\u0430\u043f\u0430\u0445\u0430 Polygiene\u00ae STAY FRESH. \u0421\u0434\u0435\u043b\u0430\u043d\u0430 [&hellip;]\" \/>\n<meta property=\"og:url\" content=\"https:\/\/xstyle.md\/ro\/produs\/termofutbolka-rab-pulse-ls-zip-wmn-tempest-blue\/\" \/>\n<meta property=\"og:site_name\" content=\"\u041c\u0430\u0433\u0430\u0437\u0438\u043d Xstyle\" \/>\n<meta property=\"article:publisher\" content=\"https:\/\/www.facebook.com\/xstylemd\" \/>\n<meta property=\"article:modified_time\" content=\"2026-03-19T14:31:20+00:00\" \/>\n<meta property=\"og:image\" content=\"https:\/\/xstyle.md\/wp-content\/uploads\/2024\/12\/rab-pulse-ls-zip-wmn-tempest-blue.webp\" \/>\n\t<meta property=\"og:image:width\" content=\"2334\" \/>\n\t<meta property=\"og:image:height\" content=\"2424\" \/>\n\t<meta property=\"og:image:type\" content=\"image\/webp\" \/>\n<meta name=\"twitter:card\" content=\"summary_large_image\" \/>\n<meta name=\"twitter:label1\" content=\"Pre\u021b\" \/>\n\t<meta name=\"twitter:data1\" content=\"790&nbsp;MDL\" \/>\n\t<meta name=\"twitter:label2\" content=\"Disponibilitate\" \/>\n\t<meta name=\"twitter:data2\" content=\"\u00cen stoc\" \/>\n<script type=\"application\/ld+json\" class=\"yoast-schema-graph\">{\"@context\":\"https:\\\/\\\/schema.org\",\"@graph\":[{\"@type\":\"WebPage\",\"@id\":\"https:\\\/\\\/xstyle.md\\\/product\\\/termofutbolka-rab-pulse-ls-zip-wmn-tempest-blue\\\/\",\"url\":\"https:\\\/\\\/xstyle.md\\\/product\\\/termofutbolka-rab-pulse-ls-zip-wmn-tempest-blue\\\/\",\"name\":\"\u0422\u0435\u0440\u043c\u043e\u0444\u0443\u0442\u0431\u043e\u043b\u043a\u0430 Rab Pulse LS Zip Wmn tempest blue - \u041c\u0430\u0433\u0430\u0437\u0438\u043d Xstyle\",\"isPartOf\":{\"@id\":\"https:\\\/\\\/xstyle.md\\\/#website\"},\"primaryImageOfPage\":{\"@id\":\"https:\\\/\\\/xstyle.md\\\/product\\\/termofutbolka-rab-pulse-ls-zip-wmn-tempest-blue\\\/#primaryimage\"},\"image\":{\"@id\":\"https:\\\/\\\/xstyle.md\\\/product\\\/termofutbolka-rab-pulse-ls-zip-wmn-tempest-blue\\\/#primaryimage\"},\"thumbnailUrl\":\"https:\\\/\\\/xstyle.md\\\/wp-content\\\/uploads\\\/2024\\\/12\\\/rab-pulse-ls-zip-wmn-tempest-blue.webp\",\"datePublished\":\"2024-12-23T12:23:25+00:00\",\"dateModified\":\"2026-03-19T14:31:20+00:00\",\"breadcrumb\":{\"@id\":\"https:\\\/\\\/xstyle.md\\\/product\\\/termofutbolka-rab-pulse-ls-zip-wmn-tempest-blue\\\/#breadcrumb\"},\"inLanguage\":\"ro-RO\",\"potentialAction\":[{\"@type\":\"ReadAction\",\"target\":[\"https:\\\/\\\/xstyle.md\\\/product\\\/termofutbolka-rab-pulse-ls-zip-wmn-tempest-blue\\\/\"]}]},{\"@type\":\"ImageObject\",\"inLanguage\":\"ro-RO\",\"@id\":\"https:\\\/\\\/xstyle.md\\\/product\\\/termofutbolka-rab-pulse-ls-zip-wmn-tempest-blue\\\/#primaryimage\",\"url\":\"https:\\\/\\\/xstyle.md\\\/wp-content\\\/uploads\\\/2024\\\/12\\\/rab-pulse-ls-zip-wmn-tempest-blue.webp\",\"contentUrl\":\"https:\\\/\\\/xstyle.md\\\/wp-content\\\/uploads\\\/2024\\\/12\\\/rab-pulse-ls-zip-wmn-tempest-blue.webp\",\"width\":2334,\"height\":2424,\"caption\":\"\u0422\u0435\u0440\u043c\u043e\u0444\u0443\u0442\u0431\u043e\u043b\u043a\u0430 Rab Pulse LS Zip Wmn \u0434\u043b\u044f \u0430\u043a\u0442\u0438\u0432\u043d\u043e\u0433\u043e \u043e\u0442\u0434\u044b\u0445\u0430, \u043f\u0443\u0442\u0435\u0448\u0435\u0441\u0442\u0432\u0438\u0439, \u0445\u0430\u0439\u043a\u0438\u043d\u0433\u0430 \u0438 \u0430\u043b\u044c\u043f\u0438\u043d\u0438\u0437\u043c\u0430, \u043e\u0434\u0435\u0436\u0434\u0430 \u0438 \u043e\u0431\u0443\u0432\u044c \u0434\u043b\u044f \u0430\u043a\u0442\u0438\u0432\u043d\u043e\u0433\u043e \u043e\u0431\u0440\u0430\u0437\u0430 \u0436\u0438\u0437\u043d\u0438 \u0432 \u0438\u043d\u0442\u0435\u0440\u043d\u0435\u0442-\u043c\u0430\u0433\u0430\u0437\u0438\u043d\u0435\"},{\"@type\":\"BreadcrumbList\",\"@id\":\"https:\\\/\\\/xstyle.md\\\/product\\\/termofutbolka-rab-pulse-ls-zip-wmn-tempest-blue\\\/#breadcrumb\",\"itemListElement\":[{\"@type\":\"ListItem\",\"position\":1,\"name\":\"\u0413\u043b\u0430\u0432\u043d\u0430\u044f \u0441\u0442\u0440\u0430\u043d\u0438\u0446\u0430\",\"item\":\"https:\\\/\\\/xstyle.md\\\/\"},{\"@type\":\"ListItem\",\"position\":2,\"name\":\"\u041c\u0430\u0433\u0430\u0437\u0438\u043d\",\"item\":\"https:\\\/\\\/xstyle.md\\\/shop\\\/\"},{\"@type\":\"ListItem\",\"position\":3,\"name\":\"\u0422\u0435\u0440\u043c\u043e\u0444\u0443\u0442\u0431\u043e\u043b\u043a\u0430 Rab Pulse LS Zip Wmn tempest blue\"}]},{\"@type\":\"WebSite\",\"@id\":\"https:\\\/\\\/xstyle.md\\\/#website\",\"url\":\"https:\\\/\\\/xstyle.md\\\/\",\"name\":\"\u041c\u0430\u0433\u0430\u0437\u0438\u043d Xstyle\",\"description\":\"C\u043d\u0430\u0440\u044f\u0436\u0435\u043d\u0438\u0435 \u0434\u043b\u044f \u0442\u0443\u0440\u0438\u0437\u043c\u0430 \u0438 \u044d\u043a\u0441\u0442\u0440\u0435\u043c\u0430\u043b\u044c\u043d\u044b\u0445 \u0432\u0438\u0434\u043e\u0432 \u0441\u043f\u043e\u0440\u0442\u0430 \u0432 \u041c\u043e\u043b\u0434\u043e\u0432\u0435.. \u0426\u0435\u043d\u044b, \u0444\u043e\u0442\u043e, \u0445\u0430\u0440\u0430\u043a\u0442\u0435\u0440\u0438\u0441\u0442\u0438\u043a\u0438 \u0432 \u041c\u043e\u043b\u0434\u043e\u0432\u0435.\",\"publisher\":{\"@id\":\"https:\\\/\\\/xstyle.md\\\/#organization\"},\"alternateName\":\"X-Style\",\"potentialAction\":[{\"@type\":\"SearchAction\",\"target\":{\"@type\":\"EntryPoint\",\"urlTemplate\":\"https:\\\/\\\/xstyle.md\\\/?s={search_term_string}\"},\"query-input\":{\"@type\":\"PropertyValueSpecification\",\"valueRequired\":true,\"valueName\":\"search_term_string\"}}],\"inLanguage\":\"ro-RO\"},{\"@type\":\"Organization\",\"@id\":\"https:\\\/\\\/xstyle.md\\\/#organization\",\"name\":\"\u041c\u0430\u0433\u0430\u0437\u0438\u043d Xstyle\",\"alternateName\":\"x-style\",\"url\":\"https:\\\/\\\/xstyle.md\\\/\",\"logo\":{\"@type\":\"ImageObject\",\"inLanguage\":\"ro-RO\",\"@id\":\"https:\\\/\\\/xstyle.md\\\/#\\\/schema\\\/logo\\\/image\\\/\",\"url\":\"https:\\\/\\\/xstyle.md\\\/wp-content\\\/uploads\\\/2020\\\/06\\\/logoicon.svg\",\"contentUrl\":\"https:\\\/\\\/xstyle.md\\\/wp-content\\\/uploads\\\/2020\\\/06\\\/logoicon.svg\",\"caption\":\"\u041c\u0430\u0433\u0430\u0437\u0438\u043d Xstyle\"},\"image\":{\"@id\":\"https:\\\/\\\/xstyle.md\\\/#\\\/schema\\\/logo\\\/image\\\/\"},\"sameAs\":[\"https:\\\/\\\/www.facebook.com\\\/xstylemd\",\"https:\\\/\\\/www.instagram.com\\\/xstyle_md\\\/\",\"https:\\\/\\\/t.me\\\/xstyle_outdoor\"],\"hasMerchantReturnPolicy\":{\"@type\":\"MerchantReturnPolicy\",\"merchantReturnLink\":\"https:\\\/\\\/xstyle.md\\\/ro\\\/conditions\\\/\"}}]}<\/script>\n<meta property=\"product:price:amount\" content=\"790.00\" \/>\n<meta property=\"product:price:currency\" content=\"MDL\" \/>\n<meta property=\"og:availability\" content=\"instock\" \/>\n<meta property=\"product:availability\" content=\"instock\" \/>\n<meta property=\"product:retailer_item_id\" content=\"5059913097695\" \/>\n<meta property=\"product:condition\" content=\"new\" \/>\n<!-- \/ Yoast SEO plugin. -->","yoast_head_json":{"title":"\u0422\u0435\u0440\u043c\u043e\u0444\u0443\u0442\u0431\u043e\u043b\u043a\u0430 Rab Pulse LS Zip Wmn tempest blue - \u041c\u0430\u0433\u0430\u0437\u0438\u043d Xstyle","robots":{"index":"index","follow":"follow","max-snippet":"max-snippet:-1","max-image-preview":"max-image-preview:large","max-video-preview":"max-video-preview:-1"},"canonical":"https:\/\/xstyle.md\/ro\/produs\/termofutbolka-rab-pulse-ls-zip-wmn-tempest-blue\/","og_locale":"ro_RO","og_type":"article","og_title":"\u0422\u0435\u0440\u043c\u043e\u0444\u0443\u0442\u0431\u043e\u043b\u043a\u0430 Rab Pulse LS Zip Wmn tempest blue - \u041c\u0430\u0433\u0430\u0437\u0438\u043d Xstyle","og_description":"Rab Pulse LS Zip\u00a0&#8212; \u043b\u0435\u0433\u043a\u0430\u044f \u0438 \u0431\u044b\u0441\u0442\u0440\u043e \u0441\u043e\u0445\u043d\u0443\u0449\u0430\u044f \u0436\u0435\u043d\u0441\u043a\u0430\u044f \u0442\u0435\u0440\u043c\u043e\u0444\u0443\u0442\u0431\u043e\u043b\u043a\u0430 \u0441 \u0437\u0430\u0441\u0442\u0435\u0436\u043a\u043e\u0439-\u043c\u043e\u043b\u043d\u0438\u0435\u0439. Pulse LS \u043f\u0440\u0435\u0434\u0441\u0442\u0430\u0432\u043b\u044f\u0435\u0442 \u0441\u043e\u0431\u043e\u0439 \u0443\u043d\u0438\u0432\u0435\u0440\u0441\u0430\u043b\u044c\u043d\u044b\u0439 \u0442\u0435\u0445\u043d\u0438\u0447\u0435\u0441\u043a\u0438\u0439 \u0431\u0430\u0437\u043e\u0432\u044b\u0439 \u0441\u043b\u043e\u0439, \u0438\u0434\u0435\u0430\u043b\u044c\u043d\u044b\u0439 \u0434\u043b\u044f \u043c\u043d\u043e\u0433\u043e\u0434\u043d\u0435\u0432\u043d\u044b\u0445 \u0430\u043b\u044c\u043f\u0438\u043d\u0438\u0441\u0442\u0441\u043a\u0438\u0445 \u0438 \u0442\u0440\u0435\u043a\u043a\u0438\u043d\u0433\u043e\u0432\u044b\u0445 \u043f\u043e\u0445\u043e\u0434\u043e\u0432. \u0416\u0435\u043d\u0441\u043a\u0430\u044f \u0444\u0443\u0442\u0431\u043e\u043b\u043a\u0430 Pulse LS Zip \u043f\u0440\u0435\u0434\u043d\u0430\u0437\u043d\u0430\u0447\u0435\u043d\u0430 \u0434\u043b\u044f \u0430\u043a\u0442\u0438\u0432\u043d\u043e\u0433\u043e \u0438\u0441\u043f\u043e\u043b\u044c\u0437\u043e\u0432\u0430\u043d\u0438\u044f \u0438 \u043f\u0440\u0435\u0434\u0441\u0442\u0430\u0432\u043b\u044f\u0435\u0442 \u0441\u043e\u0431\u043e\u0439 \u0431\u044b\u0441\u0442\u0440\u043e\u0441\u043e\u0445\u043d\u0443\u0449\u0443\u044e \u0442\u0435\u0445\u043d\u0438\u0447\u0435\u0441\u043a\u0443\u044e \u0444\u0443\u0442\u0431\u043e\u043b\u043a\u0443 \u0441 \u0434\u043b\u0438\u043d\u043d\u044b\u043c \u0440\u0443\u043a\u0430\u0432\u043e\u043c \u043d\u0430 \u043c\u043e\u043b\u043d\u0438\u0438 \u0441 \u0437\u0430\u0449\u0438\u0442\u043e\u0439 \u043e\u0442 \u0437\u0430\u043f\u0430\u0445\u0430 Polygiene\u00ae STAY FRESH. \u0421\u0434\u0435\u043b\u0430\u043d\u0430 [&hellip;]","og_url":"https:\/\/xstyle.md\/ro\/produs\/termofutbolka-rab-pulse-ls-zip-wmn-tempest-blue\/","og_site_name":"\u041c\u0430\u0433\u0430\u0437\u0438\u043d Xstyle","article_publisher":"https:\/\/www.facebook.com\/xstylemd","article_modified_time":"2026-03-19T14:31:20+00:00","og_image":[{"width":2334,"height":2424,"url":"https:\/\/xstyle.md\/wp-content\/uploads\/2024\/12\/rab-pulse-ls-zip-wmn-tempest-blue.webp","type":"image\/webp"}],"twitter_card":"summary_large_image","twitter_misc":{"Pre\u021b":"790&nbsp;MDL","Disponibilitate":"\u00cen stoc"},"schema":{"@context":"https:\/\/schema.org","@graph":[{"@type":"WebPage","@id":"https:\/\/xstyle.md\/product\/termofutbolka-rab-pulse-ls-zip-wmn-tempest-blue\/","url":"https:\/\/xstyle.md\/product\/termofutbolka-rab-pulse-ls-zip-wmn-tempest-blue\/","name":"\u0422\u0435\u0440\u043c\u043e\u0444\u0443\u0442\u0431\u043e\u043b\u043a\u0430 Rab Pulse LS Zip Wmn tempest blue - \u041c\u0430\u0433\u0430\u0437\u0438\u043d Xstyle","isPartOf":{"@id":"https:\/\/xstyle.md\/#website"},"primaryImageOfPage":{"@id":"https:\/\/xstyle.md\/product\/termofutbolka-rab-pulse-ls-zip-wmn-tempest-blue\/#primaryimage"},"image":{"@id":"https:\/\/xstyle.md\/product\/termofutbolka-rab-pulse-ls-zip-wmn-tempest-blue\/#primaryimage"},"thumbnailUrl":"https:\/\/xstyle.md\/wp-content\/uploads\/2024\/12\/rab-pulse-ls-zip-wmn-tempest-blue.webp","datePublished":"2024-12-23T12:23:25+00:00","dateModified":"2026-03-19T14:31:20+00:00","breadcrumb":{"@id":"https:\/\/xstyle.md\/product\/termofutbolka-rab-pulse-ls-zip-wmn-tempest-blue\/#breadcrumb"},"inLanguage":"ro-RO","potentialAction":[{"@type":"ReadAction","target":["https:\/\/xstyle.md\/product\/termofutbolka-rab-pulse-ls-zip-wmn-tempest-blue\/"]}]},{"@type":"ImageObject","inLanguage":"ro-RO","@id":"https:\/\/xstyle.md\/product\/termofutbolka-rab-pulse-ls-zip-wmn-tempest-blue\/#primaryimage","url":"https:\/\/xstyle.md\/wp-content\/uploads\/2024\/12\/rab-pulse-ls-zip-wmn-tempest-blue.webp","contentUrl":"https:\/\/xstyle.md\/wp-content\/uploads\/2024\/12\/rab-pulse-ls-zip-wmn-tempest-blue.webp","width":2334,"height":2424,"caption":"\u0422\u0435\u0440\u043c\u043e\u0444\u0443\u0442\u0431\u043e\u043b\u043a\u0430 Rab Pulse LS Zip Wmn \u0434\u043b\u044f \u0430\u043a\u0442\u0438\u0432\u043d\u043e\u0433\u043e \u043e\u0442\u0434\u044b\u0445\u0430, \u043f\u0443\u0442\u0435\u0448\u0435\u0441\u0442\u0432\u0438\u0439, \u0445\u0430\u0439\u043a\u0438\u043d\u0433\u0430 \u0438 \u0430\u043b\u044c\u043f\u0438\u043d\u0438\u0437\u043c\u0430, \u043e\u0434\u0435\u0436\u0434\u0430 \u0438 \u043e\u0431\u0443\u0432\u044c \u0434\u043b\u044f \u0430\u043a\u0442\u0438\u0432\u043d\u043e\u0433\u043e \u043e\u0431\u0440\u0430\u0437\u0430 \u0436\u0438\u0437\u043d\u0438 \u0432 \u0438\u043d\u0442\u0435\u0440\u043d\u0435\u0442-\u043c\u0430\u0433\u0430\u0437\u0438\u043d\u0435"},{"@type":"BreadcrumbList","@id":"https:\/\/xstyle.md\/product\/termofutbolka-rab-pulse-ls-zip-wmn-tempest-blue\/#breadcrumb","itemListElement":[{"@type":"ListItem","position":1,"name":"\u0413\u043b\u0430\u0432\u043d\u0430\u044f \u0441\u0442\u0440\u0430\u043d\u0438\u0446\u0430","item":"https:\/\/xstyle.md\/"},{"@type":"ListItem","position":2,"name":"\u041c\u0430\u0433\u0430\u0437\u0438\u043d","item":"https:\/\/xstyle.md\/shop\/"},{"@type":"ListItem","position":3,"name":"\u0422\u0435\u0440\u043c\u043e\u0444\u0443\u0442\u0431\u043e\u043b\u043a\u0430 Rab Pulse LS Zip Wmn tempest blue"}]},{"@type":"WebSite","@id":"https:\/\/xstyle.md\/#website","url":"https:\/\/xstyle.md\/","name":"Magazinul X-Style","description":"Echipamente pentru turism \u0219i sporturi extreme \u00een Moldova. Pre\u021buri, fotografii, caracteristici \u00een Moldova.","publisher":{"@id":"https:\/\/xstyle.md\/#organization"},"alternateName":"X-Style","potentialAction":[{"@type":"SearchAction","target":{"@type":"EntryPoint","urlTemplate":"https:\/\/xstyle.md\/?s={search_term_string}"},"query-input":{"@type":"PropertyValueSpecification","valueRequired":true,"valueName":"search_term_string"}}],"inLanguage":"ro-RO"},{"@type":"Organization","@id":"https:\/\/xstyle.md\/#organization","name":"Magazinul X-Style","alternateName":"x-style","url":"https:\/\/xstyle.md\/","logo":{"@type":"ImageObject","inLanguage":"ro-RO","@id":"https:\/\/xstyle.md\/#\/schema\/logo\/image\/","url":"https:\/\/xstyle.md\/wp-content\/uploads\/2020\/06\/logoicon.svg","contentUrl":"https:\/\/xstyle.md\/wp-content\/uploads\/2020\/06\/logoicon.svg","caption":"\u041c\u0430\u0433\u0430\u0437\u0438\u043d Xstyle"},"image":{"@id":"https:\/\/xstyle.md\/#\/schema\/logo\/image\/"},"sameAs":["https:\/\/www.facebook.com\/xstylemd","https:\/\/www.instagram.com\/xstyle_md\/","https:\/\/t.me\/xstyle_outdoor"],"hasMerchantReturnPolicy":{"@type":"MerchantReturnPolicy","merchantReturnLink":"https:\/\/xstyle.md\/ro\/conditions\/"}}]},"product_price_amount":"790.00","product_price_currency":"MDL","og_availability":"instock","product_availability":"instock","product_retailer_item_id":"5059913097695","product_condition":"new"},"_links":{"self":[{"href":"https:\/\/xstyle.md\/ro\/wp-json\/wp\/v2\/product\/91092","targetHints":{"allow":["GET"]}}],"collection":[{"href":"https:\/\/xstyle.md\/ro\/wp-json\/wp\/v2\/product"}],"about":[{"href":"https:\/\/xstyle.md\/ro\/wp-json\/wp\/v2\/types\/product"}],"replies":[{"embeddable":true,"href":"https:\/\/xstyle.md\/ro\/wp-json\/wp\/v2\/comments?post=91092"}],"wp:featuredmedia":[{"embeddable":true,"href":"https:\/\/xstyle.md\/ro\/wp-json\/wp\/v2\/media\/91616"}],"wp:attachment":[{"href":"https:\/\/xstyle.md\/ro\/wp-json\/wp\/v2\/media?parent=91092"}],"wp:term":[{"taxonomy":"product_brand","embeddable":true,"href":"https:\/\/xstyle.md\/ro\/wp-json\/wp\/v2\/product_brand?post=91092"},{"taxonomy":"product_cat","embeddable":true,"href":"https:\/\/xstyle.md\/ro\/wp-json\/wp\/v2\/product_cat?post=91092"},{"taxonomy":"product_tag","embeddable":true,"href":"https:\/\/xstyle.md\/ro\/wp-json\/wp\/v2\/product_tag?post=91092"}],"curies":[{"name":"wp","href":"https:\/\/api.w.org\/{rel}","templated":true}]}}