{"id":90979,"date":"2024-12-23T15:22:55","date_gmt":"2024-12-23T12:22:55","guid":{"rendered":"https:\/\/xstyle.md\/?post_type=product&#038;p=90979"},"modified":"2026-03-19T16:27:46","modified_gmt":"2026-03-19T13:27:46","slug":"svetootrazhayushhij-buff-dryflx-solid-black","status":"publish","type":"product","link":"https:\/\/xstyle.md\/ro\/produs\/svetootrazhayushhij-buff-dryflx-solid-black\/","title":{"rendered":"Buff reflectorizant Buff Dryflx Solid Black"},"content":{"rendered":"<\/p>\n<p><strong>Buff Dryflx Solid Black<\/strong> &#8212; un accesoriu flexibil pentru toate anotimpurile, cu benzi retroreflectorizante 3M, care v\u0103 sporesc siguran\u021ba \u00een condi\u021bii de lumin\u0103 slab\u0103. Benzile reflectorizante 3M Scotchlite\u2122 sunt iluminate puternic de farurile ma\u0219inilor care trec pe l\u00e2ng\u0103 tine de la o distan\u021b\u0103 de p\u00e2n\u0103 la 150 de metri. Aceast\u0103 bandan\u0103 transformabil\u0103 poate fi folosit\u0103 ca bandan\u0103 pentru fa\u021b\u0103 \u0219i poate fi folosit\u0103 ca o bandan\u0103 pentru masc\u0103 sau ca bandan\u0103 pentru g\u00e2t pentru a v\u0103 proteja de v\u00e2nt \u0219i insecte, a\u0219a cum este relevant atunci c\u00e2nd merge\u021bi pe biciclet\u0103 sau pe motociclet\u0103. Dimensiunea acestei bandane sportive Buff este universal\u0103 \u0219i se potrive\u0219te majorit\u0103\u021bii adul\u021bilor.<\/p>\n<h3 class=\"clear\" data-reader-unique-id=\"4\">Particularit\u0103\u021bi<\/h3>\n<ul>\n<li>Respirabilitate superioar\u0103<\/li>\n<li>Elemente reflectorizante 3M Scotchlite\u2122 pentru vizibilitate ridicat\u0103 \u0219i siguran\u021b\u0103 sporit\u0103<\/li>\n<li>Ultrau\u0219or, perfect pentru alergare, sporturi intense<\/li>\n<li>Nivel ridicat de protec\u021bie UV la UPF+50<\/li>\n<li>\u021aes\u0103tura e\u0219arfei este tratat\u0103 cu tehnologia special\u0103 Polygiene\u00ae cu s\u0103ruri de argint, care inhib\u0103 dezvoltarea bacteriilor \u0219i ciupercilor pe \u021bes\u0103tura sintetic\u0103<\/li>\n<li>Ultra Stretch, o \u021bes\u0103tur\u0103 foarte elastic\u0103, realizat\u0103 dintr-o combina\u021bie de poliester \u0219i elastan, se \u00eentinde \u00een patru direc\u021bii pentru a oferi o potrivire confortabil\u0103, confortabil\u0103 \u0219i precis\u0103<\/li>\n<li>100% f\u0103r\u0103 cus\u0103turi &#8212; creat\u0103 dintr-o singur\u0103 bucat\u0103 de \u021bes\u0103tur\u0103 \u0219i f\u0103r\u0103 cus\u0103turi, ofer\u0103 un confort maxim \u0219i previne iritarea pielii<\/li>\n<li>\u021aes\u0103tura a fost realizat\u0103 \u00een colaborare cu Repreve\u00ae, un brand care produce fibre reciclate din materiale reciclate, inclusiv din sticle de plastic folosite<\/li>\n<li>Certificat\u0103 OEKO-TEX standart 100: un sistem independent de testare a produselor pentru toate etapele de produc\u021bie<\/li>\n<\/ul>\n<h3>Caracteristici<\/h3>\n<ul>\n<li>Material &#8212; 49% poliamid\u0103, 47% poliester, 4% elastan<\/li>\n<li>Lungime &#8212; 29 cm<\/li>\n<li>L\u0103\u021bime &#8212; 25 cm<\/li>\n<\/ul>\n<h3>Tehnologie<\/h3>\n<ul>\n<li><strong>Polygiene<\/strong> (Tehnologia natural\u0103 a s\u0103rii de argint) &#8212; este o tehnologie care previne mirosurile nepl\u0103cute. Datorit\u0103 firelor de argint derivate \u00een mod natural, care au propriet\u0103\u021bi antibacteriene, este o tehnologie activ\u0103 de control al mirosurilor. F\u0103r\u0103 r\u0103sp\u00e2ndire bacterian\u0103, nu trebuie s\u0103 v\u0103 face\u021bi griji cu privire la mirosurile nepl\u0103cute. Aceast\u0103 proprietate a materialului se p\u0103streaz\u0103 \u0219i dup\u0103 sp\u0103l\u0103ri repetate.<\/li>\n<li><strong>3M Scotchlite\u2122<\/strong> &#8212; benzi reflectorizante, care clipesc luminos, atunci c\u00e2nd sunt expuse la lumina farurilor la o distan\u021b\u0103 de 150 de metri, ceea ce spore\u0219te semnificativ siguran\u021ba sportivului \u00een condi\u021bii de iluminare slab\u0103.<\/li>\n<li><strong>Ultrastretch<\/strong> &#8212; este o \u021bes\u0103tur\u0103 elastic\u0103, care se \u00eentinde uniform \u00een toate direc\u021biile datorit\u0103 adaosului de elastan. Principalele avantaje ale acestui material sunt higroscopicitatea, respirabilitatea, hipoalergenicitatea \u0219i conductivitatea termic\u0103.<\/li>\n<li><strong>Protec\u021bie UV ridicat\u0103<\/strong> &#8212; este un articol de \u00eembr\u0103c\u0103minte special conceput pentru protec\u021bia UV, reduc\u00e2nd efectele negative ale acesteia asupra corpului.<\/li>\n<\/ul>\n<p><\/p>\n<h3>Marca<\/h3>\n<p>BUFF\u00ae este un brand spaniol a c\u0103rui istorie a \u00eenceput \u00een 1992, c\u00e2nd Joan Rojas, pasionat de motociclete \u0219i proprietar al unei fabrici de textile catalane, a venit cu ideea unui accesoriu simplu care s\u0103 protejeze g\u00e2tul \u0219i capul de v\u00e2ntul, frigul \u0219i soarele arz\u0103tor pentru a face mai confortabil\u0103 c\u0103l\u0103toria pe motociclet\u0103.<\/p>\n<p>Lui Rojas i-a pl\u0103cut ideea unei e\u0219arfe militare multifunc\u021bionale, care s\u0103 poat\u0103 fi transformat\u0103 \u00een masc\u0103, c\u0103p\u0103t\u00e2i sau e\u0219arf\u0103. Experimentarea \u00een fabrica de textile a familiei sale cu diferite materiale \u0219i forme t\u0103iate a culminat cu g\u0103sirea de c\u0103tre Rojas a unei modalit\u0103\u021bi de a produce o e\u0219arf\u0103 cilindric\u0103 f\u0103r\u0103 cus\u0103turi din microfibr\u0103. Dup\u0103 ce prototipurile au fost testate de rudele, prietenii \u0219i cuno\u0219tin\u021bele sportivilor lui Rojas, \u00een 1992 a fost lansat\u0103 prima colec\u021bie de bandane f\u0103r\u0103 cus\u0103turi sub sigla BUFF\u00ae.<\/p>\n<p>\u00cen 2017, BUFF\u00ae \u0219i-a extins considerabil gama de modele, produc\u00e2nd nu numai bandane, ci \u0219i alte articole de acoperit capul, at\u00e2t pentru sport, c\u00e2t \u0219i pentru via\u021ba de zi cu zi.<\/p>","protected":false},"excerpt":{"rendered":"<p>\u0411\u0440\u0435\u043d\u0434 BUFF\u00ae \u2013 \u0438\u0441\u043f\u0430\u043d\u0441\u043a\u0438\u0439 \u0431\u0440\u0435\u043d\u0434, \u0438\u0441\u0442\u043e\u0440\u0438\u044f \u043a\u043e\u0442\u043e\u0440\u043e\u0433\u043e \u043d\u0430\u0447\u0430\u043b\u0430\u0441\u044c \u0432 1992 \u0433\u043e\u0434\u0443, \u043a\u043e\u0433\u0434\u0430 \u0432\u043b\u0430\u0434\u0435\u043b\u0435\u0446 \u043e\u0434\u043d\u043e\u0439 \u0438\u0437 \u043a\u0430\u0442\u0430\u043b\u043e\u043d\u0441\u043a\u0438\u0445 \u0442\u0435\u043a\u0441\u0442\u0438\u043b\u044c\u043d\u044b\u0445 \u0444\u0430\u0431\u0440\u0438\u043a, \u0425\u0443\u0430\u043d \u0420\u043e\u0445\u0430\u0441 (Joan Rojas), \u0443\u0432\u043b\u0435\u043a\u0430\u044e\u0449\u0438\u0439\u0441\u044f \u043c\u043e\u0442\u043e\u0441\u043f\u043e\u0440\u0442\u043e\u043c, \u043f\u0440\u0438\u0448\u0435\u043b \u043a \u0442\u043e\u043c\u0443, \u0447\u0442\u043e \u0434\u043b\u044f \u0431\u043e\u043b\u0435\u0435 \u043a\u043e\u043c\u0444\u043e\u0440\u0442\u043d\u043e\u0433\u043e \u043a\u0430\u0442\u0430\u043d\u0438\u044f \u043d\u0430 \u043c\u043e\u0442\u043e\u0446\u0438\u043a\u043b\u0435 \u043d\u0435\u043e\u0431\u0445\u043e\u0434\u0438\u043c \u043f\u0440\u043e\u0441\u0442\u043e\u0439 \u0430\u043a\u0441\u0435\u0441\u0441\u0443\u0430\u0440, \u0437\u0430\u0449\u0438\u0449\u0430\u044e\u0449\u0435\u0439 \u0448\u0435\u044e \u0438 \u0433\u043e\u043b\u043e\u0432\u0443 \u043e\u0442 \u0432\u0441\u0442\u0440\u0435\u0447\u043d\u043e\u0433\u043e \u0432\u0435\u0442\u0440\u0430, \u0445\u043e\u043b\u043e\u0434\u0430 \u0438 \u043f\u0430\u043b\u044f\u0449\u0435\u0433\u043e \u0441\u043e\u043b\u043d\u0446\u0430. \u0420\u043e\u0445\u0430\u0441\u0443 \u043f\u043e\u043d\u0440\u0430\u0432\u0438\u043b\u0430\u0441\u044c \u0438\u0434\u0435\u044f \u043c\u043d\u043e\u0433\u043e\u0444\u0443\u043d\u043a\u0446\u0438\u043e\u043d\u0430\u043b\u044c\u043d\u043e\u0433\u043e \u0432\u043e\u0435\u043d\u043d\u043e\u0433\u043e \u043f\u043b\u0430\u0442\u043a\u0430, \u043a\u043e\u0442\u043e\u0440\u044b\u0439 [&hellip;]<\/p>\n","protected":false},"featured_media":91337,"comment_status":"open","ping_status":"closed","template":"","meta":{"_acf_changed":false,"inline_featured_image":false},"product_brand":[1302],"product_cat":[489,622],"product_tag":[],"class_list":{"0":"post-90979","1":"product","2":"type-product","3":"status-publish","4":"has-post-thumbnail","6":"product_brand-buff","7":"product_cat-original-buff","8":"product_cat-reflective-buff","10":"first","11":"outofstock","12":"shipping-taxable","13":"product-type-simple"},"acf":[],"yoast_head":"<!-- This site is optimized with the Yoast SEO plugin v27.4 - https:\/\/yoast.com\/product\/yoast-seo-wordpress\/ -->\n<title>\u0421\u0432\u0435\u0442\u043e\u043e\u0442\u0440\u0430\u0436\u0430\u044e\u0449\u0438\u0439 Buff Dryflx Solid Black - \u041c\u0430\u0433\u0430\u0437\u0438\u043d Xstyle<\/title>\n<meta name=\"robots\" content=\"index, follow, max-snippet:-1, max-image-preview:large, max-video-preview:-1\" \/>\n<link rel=\"canonical\" href=\"https:\/\/xstyle.md\/ro\/produs\/svetootrazhayushhij-buff-dryflx-solid-black\/\" \/>\n<meta property=\"og:locale\" content=\"ro_RO\" \/>\n<meta property=\"og:type\" content=\"article\" \/>\n<meta property=\"og:title\" content=\"\u0421\u0432\u0435\u0442\u043e\u043e\u0442\u0440\u0430\u0436\u0430\u044e\u0449\u0438\u0439 Buff Dryflx Solid Black - \u041c\u0430\u0433\u0430\u0437\u0438\u043d Xstyle\" \/>\n<meta property=\"og:description\" content=\"\u0411\u0440\u0435\u043d\u0434 BUFF\u00ae \u2013 \u0438\u0441\u043f\u0430\u043d\u0441\u043a\u0438\u0439 \u0431\u0440\u0435\u043d\u0434, \u0438\u0441\u0442\u043e\u0440\u0438\u044f \u043a\u043e\u0442\u043e\u0440\u043e\u0433\u043e \u043d\u0430\u0447\u0430\u043b\u0430\u0441\u044c \u0432 1992 \u0433\u043e\u0434\u0443, \u043a\u043e\u0433\u0434\u0430 \u0432\u043b\u0430\u0434\u0435\u043b\u0435\u0446 \u043e\u0434\u043d\u043e\u0439 \u0438\u0437 \u043a\u0430\u0442\u0430\u043b\u043e\u043d\u0441\u043a\u0438\u0445 \u0442\u0435\u043a\u0441\u0442\u0438\u043b\u044c\u043d\u044b\u0445 \u0444\u0430\u0431\u0440\u0438\u043a, \u0425\u0443\u0430\u043d \u0420\u043e\u0445\u0430\u0441 (Joan Rojas), \u0443\u0432\u043b\u0435\u043a\u0430\u044e\u0449\u0438\u0439\u0441\u044f \u043c\u043e\u0442\u043e\u0441\u043f\u043e\u0440\u0442\u043e\u043c, \u043f\u0440\u0438\u0448\u0435\u043b \u043a \u0442\u043e\u043c\u0443, \u0447\u0442\u043e \u0434\u043b\u044f \u0431\u043e\u043b\u0435\u0435 \u043a\u043e\u043c\u0444\u043e\u0440\u0442\u043d\u043e\u0433\u043e \u043a\u0430\u0442\u0430\u043d\u0438\u044f \u043d\u0430 \u043c\u043e\u0442\u043e\u0446\u0438\u043a\u043b\u0435 \u043d\u0435\u043e\u0431\u0445\u043e\u0434\u0438\u043c \u043f\u0440\u043e\u0441\u0442\u043e\u0439 \u0430\u043a\u0441\u0435\u0441\u0441\u0443\u0430\u0440, \u0437\u0430\u0449\u0438\u0449\u0430\u044e\u0449\u0435\u0439 \u0448\u0435\u044e \u0438 \u0433\u043e\u043b\u043e\u0432\u0443 \u043e\u0442 \u0432\u0441\u0442\u0440\u0435\u0447\u043d\u043e\u0433\u043e \u0432\u0435\u0442\u0440\u0430, \u0445\u043e\u043b\u043e\u0434\u0430 \u0438 \u043f\u0430\u043b\u044f\u0449\u0435\u0433\u043e \u0441\u043e\u043b\u043d\u0446\u0430. \u0420\u043e\u0445\u0430\u0441\u0443 \u043f\u043e\u043d\u0440\u0430\u0432\u0438\u043b\u0430\u0441\u044c \u0438\u0434\u0435\u044f \u043c\u043d\u043e\u0433\u043e\u0444\u0443\u043d\u043a\u0446\u0438\u043e\u043d\u0430\u043b\u044c\u043d\u043e\u0433\u043e \u0432\u043e\u0435\u043d\u043d\u043e\u0433\u043e \u043f\u043b\u0430\u0442\u043a\u0430, \u043a\u043e\u0442\u043e\u0440\u044b\u0439 [&hellip;]\" \/>\n<meta property=\"og:url\" content=\"https:\/\/xstyle.md\/ro\/produs\/svetootrazhayushhij-buff-dryflx-solid-black\/\" \/>\n<meta property=\"og:site_name\" content=\"\u041c\u0430\u0433\u0430\u0437\u0438\u043d Xstyle\" \/>\n<meta property=\"article:publisher\" content=\"https:\/\/www.facebook.com\/xstylemd\" \/>\n<meta property=\"article:modified_time\" content=\"2026-03-19T13:27:46+00:00\" \/>\n<meta property=\"og:image\" content=\"https:\/\/xstyle.md\/wp-content\/uploads\/2024\/12\/svetootrazhayushhij-buff-dryflx-solid-black.webp\" \/>\n\t<meta property=\"og:image:width\" content=\"2094\" \/>\n\t<meta property=\"og:image:height\" content=\"2124\" \/>\n\t<meta property=\"og:image:type\" content=\"image\/webp\" \/>\n<meta name=\"twitter:card\" content=\"summary_large_image\" \/>\n<meta name=\"twitter:label1\" content=\"Pre\u021b\" \/>\n\t<meta name=\"twitter:data1\" content=\"430&nbsp;MDL\" \/>\n\t<meta name=\"twitter:label2\" content=\"Disponibilitate\" \/>\n\t<meta name=\"twitter:data2\" content=\"Stoc epuizat\" \/>\n<script type=\"application\/ld+json\" class=\"yoast-schema-graph\">{\"@context\":\"https:\\\/\\\/schema.org\",\"@graph\":[{\"@type\":\"WebPage\",\"@id\":\"https:\\\/\\\/xstyle.md\\\/product\\\/svetootrazhayushhij-buff-dryflx-solid-black\\\/\",\"url\":\"https:\\\/\\\/xstyle.md\\\/product\\\/svetootrazhayushhij-buff-dryflx-solid-black\\\/\",\"name\":\"\u0421\u0432\u0435\u0442\u043e\u043e\u0442\u0440\u0430\u0436\u0430\u044e\u0449\u0438\u0439 Buff Dryflx Solid Black - \u041c\u0430\u0433\u0430\u0437\u0438\u043d Xstyle\",\"isPartOf\":{\"@id\":\"https:\\\/\\\/xstyle.md\\\/#website\"},\"primaryImageOfPage\":{\"@id\":\"https:\\\/\\\/xstyle.md\\\/product\\\/svetootrazhayushhij-buff-dryflx-solid-black\\\/#primaryimage\"},\"image\":{\"@id\":\"https:\\\/\\\/xstyle.md\\\/product\\\/svetootrazhayushhij-buff-dryflx-solid-black\\\/#primaryimage\"},\"thumbnailUrl\":\"https:\\\/\\\/xstyle.md\\\/wp-content\\\/uploads\\\/2024\\\/12\\\/svetootrazhayushhij-buff-dryflx-solid-black.webp\",\"datePublished\":\"2024-12-23T12:22:55+00:00\",\"dateModified\":\"2026-03-19T13:27:46+00:00\",\"breadcrumb\":{\"@id\":\"https:\\\/\\\/xstyle.md\\\/product\\\/svetootrazhayushhij-buff-dryflx-solid-black\\\/#breadcrumb\"},\"inLanguage\":\"ro-RO\",\"potentialAction\":[{\"@type\":\"ReadAction\",\"target\":[\"https:\\\/\\\/xstyle.md\\\/product\\\/svetootrazhayushhij-buff-dryflx-solid-black\\\/\"]}]},{\"@type\":\"ImageObject\",\"inLanguage\":\"ro-RO\",\"@id\":\"https:\\\/\\\/xstyle.md\\\/product\\\/svetootrazhayushhij-buff-dryflx-solid-black\\\/#primaryimage\",\"url\":\"https:\\\/\\\/xstyle.md\\\/wp-content\\\/uploads\\\/2024\\\/12\\\/svetootrazhayushhij-buff-dryflx-solid-black.webp\",\"contentUrl\":\"https:\\\/\\\/xstyle.md\\\/wp-content\\\/uploads\\\/2024\\\/12\\\/svetootrazhayushhij-buff-dryflx-solid-black.webp\",\"width\":2094,\"height\":2124,\"caption\":\"\u0421\u0432\u0435\u0442\u043e\u043e\u0442\u0440\u0430\u0436\u0430\u044e\u0449\u0438\u0439 Buff Dryflx Solid Black \u0434\u043b\u044f \u0430\u043a\u0442\u0438\u0432\u043d\u043e\u0433\u043e \u043e\u0442\u0434\u044b\u0445\u0430, \u043f\u043e\u0445\u043e\u0434\u043e\u0432 \u0438 \u043f\u0443\u0442\u0435\u0448\u0435\u0441\u0442\u0432\u0438\u0439, \u0441\u043f\u043e\u0440\u0442\u0438\u0432\u043d\u0430\u044f \u043e\u0434\u0435\u0436\u0434\u0430 \u0438 \u043e\u0431\u0443\u0432\u044c \u0434\u043b\u044f \u0442\u0440\u0435\u043d\u0438\u0440\u043e\u0432\u043e\u043a \u0438 \u0442\u0443\u0440\u0438\u0437\u043c\u0430\"},{\"@type\":\"BreadcrumbList\",\"@id\":\"https:\\\/\\\/xstyle.md\\\/product\\\/svetootrazhayushhij-buff-dryflx-solid-black\\\/#breadcrumb\",\"itemListElement\":[{\"@type\":\"ListItem\",\"position\":1,\"name\":\"\u0413\u043b\u0430\u0432\u043d\u0430\u044f \u0441\u0442\u0440\u0430\u043d\u0438\u0446\u0430\",\"item\":\"https:\\\/\\\/xstyle.md\\\/\"},{\"@type\":\"ListItem\",\"position\":2,\"name\":\"\u041c\u0430\u0433\u0430\u0437\u0438\u043d\",\"item\":\"https:\\\/\\\/xstyle.md\\\/shop\\\/\"},{\"@type\":\"ListItem\",\"position\":3,\"name\":\"\u0421\u0432\u0435\u0442\u043e\u043e\u0442\u0440\u0430\u0436\u0430\u044e\u0449\u0438\u0439 Buff Dryflx Solid Black\"}]},{\"@type\":\"WebSite\",\"@id\":\"https:\\\/\\\/xstyle.md\\\/#website\",\"url\":\"https:\\\/\\\/xstyle.md\\\/\",\"name\":\"\u041c\u0430\u0433\u0430\u0437\u0438\u043d Xstyle\",\"description\":\"C\u043d\u0430\u0440\u044f\u0436\u0435\u043d\u0438\u0435 \u0434\u043b\u044f \u0442\u0443\u0440\u0438\u0437\u043c\u0430 \u0438 \u044d\u043a\u0441\u0442\u0440\u0435\u043c\u0430\u043b\u044c\u043d\u044b\u0445 \u0432\u0438\u0434\u043e\u0432 \u0441\u043f\u043e\u0440\u0442\u0430 \u0432 \u041c\u043e\u043b\u0434\u043e\u0432\u0435.. \u0426\u0435\u043d\u044b, \u0444\u043e\u0442\u043e, \u0445\u0430\u0440\u0430\u043a\u0442\u0435\u0440\u0438\u0441\u0442\u0438\u043a\u0438 \u0432 \u041c\u043e\u043b\u0434\u043e\u0432\u0435.\",\"publisher\":{\"@id\":\"https:\\\/\\\/xstyle.md\\\/#organization\"},\"alternateName\":\"X-Style\",\"potentialAction\":[{\"@type\":\"SearchAction\",\"target\":{\"@type\":\"EntryPoint\",\"urlTemplate\":\"https:\\\/\\\/xstyle.md\\\/?s={search_term_string}\"},\"query-input\":{\"@type\":\"PropertyValueSpecification\",\"valueRequired\":true,\"valueName\":\"search_term_string\"}}],\"inLanguage\":\"ro-RO\"},{\"@type\":\"Organization\",\"@id\":\"https:\\\/\\\/xstyle.md\\\/#organization\",\"name\":\"\u041c\u0430\u0433\u0430\u0437\u0438\u043d Xstyle\",\"alternateName\":\"x-style\",\"url\":\"https:\\\/\\\/xstyle.md\\\/\",\"logo\":{\"@type\":\"ImageObject\",\"inLanguage\":\"ro-RO\",\"@id\":\"https:\\\/\\\/xstyle.md\\\/#\\\/schema\\\/logo\\\/image\\\/\",\"url\":\"https:\\\/\\\/xstyle.md\\\/wp-content\\\/uploads\\\/2020\\\/06\\\/logoicon.svg\",\"contentUrl\":\"https:\\\/\\\/xstyle.md\\\/wp-content\\\/uploads\\\/2020\\\/06\\\/logoicon.svg\",\"caption\":\"\u041c\u0430\u0433\u0430\u0437\u0438\u043d Xstyle\"},\"image\":{\"@id\":\"https:\\\/\\\/xstyle.md\\\/#\\\/schema\\\/logo\\\/image\\\/\"},\"sameAs\":[\"https:\\\/\\\/www.facebook.com\\\/xstylemd\",\"https:\\\/\\\/www.instagram.com\\\/xstyle_md\\\/\",\"https:\\\/\\\/t.me\\\/xstyle_outdoor\"],\"hasMerchantReturnPolicy\":{\"@type\":\"MerchantReturnPolicy\",\"merchantReturnLink\":\"https:\\\/\\\/xstyle.md\\\/ro\\\/conditions\\\/\"}}]}<\/script>\n<meta property=\"product:price:amount\" content=\"430.00\" \/>\n<meta property=\"product:price:currency\" content=\"MDL\" \/>\n<meta property=\"og:availability\" content=\"out of stock\" \/>\n<meta property=\"product:availability\" content=\"out of stock\" \/>\n<meta property=\"product:retailer_item_id\" content=\"8428927346438\" \/>\n<meta property=\"product:condition\" content=\"new\" \/>\n<!-- \/ Yoast SEO plugin. -->","yoast_head_json":{"title":"\u0421\u0432\u0435\u0442\u043e\u043e\u0442\u0440\u0430\u0436\u0430\u044e\u0449\u0438\u0439 Buff Dryflx Solid Black - \u041c\u0430\u0433\u0430\u0437\u0438\u043d Xstyle","robots":{"index":"index","follow":"follow","max-snippet":"max-snippet:-1","max-image-preview":"max-image-preview:large","max-video-preview":"max-video-preview:-1"},"canonical":"https:\/\/xstyle.md\/ro\/produs\/svetootrazhayushhij-buff-dryflx-solid-black\/","og_locale":"ro_RO","og_type":"article","og_title":"\u0421\u0432\u0435\u0442\u043e\u043e\u0442\u0440\u0430\u0436\u0430\u044e\u0449\u0438\u0439 Buff Dryflx Solid Black - \u041c\u0430\u0433\u0430\u0437\u0438\u043d Xstyle","og_description":"\u0411\u0440\u0435\u043d\u0434 BUFF\u00ae \u2013 \u0438\u0441\u043f\u0430\u043d\u0441\u043a\u0438\u0439 \u0431\u0440\u0435\u043d\u0434, \u0438\u0441\u0442\u043e\u0440\u0438\u044f \u043a\u043e\u0442\u043e\u0440\u043e\u0433\u043e \u043d\u0430\u0447\u0430\u043b\u0430\u0441\u044c \u0432 1992 \u0433\u043e\u0434\u0443, \u043a\u043e\u0433\u0434\u0430 \u0432\u043b\u0430\u0434\u0435\u043b\u0435\u0446 \u043e\u0434\u043d\u043e\u0439 \u0438\u0437 \u043a\u0430\u0442\u0430\u043b\u043e\u043d\u0441\u043a\u0438\u0445 \u0442\u0435\u043a\u0441\u0442\u0438\u043b\u044c\u043d\u044b\u0445 \u0444\u0430\u0431\u0440\u0438\u043a, \u0425\u0443\u0430\u043d \u0420\u043e\u0445\u0430\u0441 (Joan Rojas), \u0443\u0432\u043b\u0435\u043a\u0430\u044e\u0449\u0438\u0439\u0441\u044f \u043c\u043e\u0442\u043e\u0441\u043f\u043e\u0440\u0442\u043e\u043c, \u043f\u0440\u0438\u0448\u0435\u043b \u043a \u0442\u043e\u043c\u0443, \u0447\u0442\u043e \u0434\u043b\u044f \u0431\u043e\u043b\u0435\u0435 \u043a\u043e\u043c\u0444\u043e\u0440\u0442\u043d\u043e\u0433\u043e \u043a\u0430\u0442\u0430\u043d\u0438\u044f \u043d\u0430 \u043c\u043e\u0442\u043e\u0446\u0438\u043a\u043b\u0435 \u043d\u0435\u043e\u0431\u0445\u043e\u0434\u0438\u043c \u043f\u0440\u043e\u0441\u0442\u043e\u0439 \u0430\u043a\u0441\u0435\u0441\u0441\u0443\u0430\u0440, \u0437\u0430\u0449\u0438\u0449\u0430\u044e\u0449\u0435\u0439 \u0448\u0435\u044e \u0438 \u0433\u043e\u043b\u043e\u0432\u0443 \u043e\u0442 \u0432\u0441\u0442\u0440\u0435\u0447\u043d\u043e\u0433\u043e \u0432\u0435\u0442\u0440\u0430, \u0445\u043e\u043b\u043e\u0434\u0430 \u0438 \u043f\u0430\u043b\u044f\u0449\u0435\u0433\u043e \u0441\u043e\u043b\u043d\u0446\u0430. \u0420\u043e\u0445\u0430\u0441\u0443 \u043f\u043e\u043d\u0440\u0430\u0432\u0438\u043b\u0430\u0441\u044c \u0438\u0434\u0435\u044f \u043c\u043d\u043e\u0433\u043e\u0444\u0443\u043d\u043a\u0446\u0438\u043e\u043d\u0430\u043b\u044c\u043d\u043e\u0433\u043e \u0432\u043e\u0435\u043d\u043d\u043e\u0433\u043e \u043f\u043b\u0430\u0442\u043a\u0430, \u043a\u043e\u0442\u043e\u0440\u044b\u0439 [&hellip;]","og_url":"https:\/\/xstyle.md\/ro\/produs\/svetootrazhayushhij-buff-dryflx-solid-black\/","og_site_name":"\u041c\u0430\u0433\u0430\u0437\u0438\u043d Xstyle","article_publisher":"https:\/\/www.facebook.com\/xstylemd","article_modified_time":"2026-03-19T13:27:46+00:00","og_image":[{"width":2094,"height":2124,"url":"https:\/\/xstyle.md\/wp-content\/uploads\/2024\/12\/svetootrazhayushhij-buff-dryflx-solid-black.webp","type":"image\/webp"}],"twitter_card":"summary_large_image","twitter_misc":{"Pre\u021b":"430&nbsp;MDL","Disponibilitate":"Stoc epuizat"},"schema":{"@context":"https:\/\/schema.org","@graph":[{"@type":"WebPage","@id":"https:\/\/xstyle.md\/product\/svetootrazhayushhij-buff-dryflx-solid-black\/","url":"https:\/\/xstyle.md\/product\/svetootrazhayushhij-buff-dryflx-solid-black\/","name":"\u0421\u0432\u0435\u0442\u043e\u043e\u0442\u0440\u0430\u0436\u0430\u044e\u0449\u0438\u0439 Buff Dryflx Solid Black - \u041c\u0430\u0433\u0430\u0437\u0438\u043d Xstyle","isPartOf":{"@id":"https:\/\/xstyle.md\/#website"},"primaryImageOfPage":{"@id":"https:\/\/xstyle.md\/product\/svetootrazhayushhij-buff-dryflx-solid-black\/#primaryimage"},"image":{"@id":"https:\/\/xstyle.md\/product\/svetootrazhayushhij-buff-dryflx-solid-black\/#primaryimage"},"thumbnailUrl":"https:\/\/xstyle.md\/wp-content\/uploads\/2024\/12\/svetootrazhayushhij-buff-dryflx-solid-black.webp","datePublished":"2024-12-23T12:22:55+00:00","dateModified":"2026-03-19T13:27:46+00:00","breadcrumb":{"@id":"https:\/\/xstyle.md\/product\/svetootrazhayushhij-buff-dryflx-solid-black\/#breadcrumb"},"inLanguage":"ro-RO","potentialAction":[{"@type":"ReadAction","target":["https:\/\/xstyle.md\/product\/svetootrazhayushhij-buff-dryflx-solid-black\/"]}]},{"@type":"ImageObject","inLanguage":"ro-RO","@id":"https:\/\/xstyle.md\/product\/svetootrazhayushhij-buff-dryflx-solid-black\/#primaryimage","url":"https:\/\/xstyle.md\/wp-content\/uploads\/2024\/12\/svetootrazhayushhij-buff-dryflx-solid-black.webp","contentUrl":"https:\/\/xstyle.md\/wp-content\/uploads\/2024\/12\/svetootrazhayushhij-buff-dryflx-solid-black.webp","width":2094,"height":2124,"caption":"\u0421\u0432\u0435\u0442\u043e\u043e\u0442\u0440\u0430\u0436\u0430\u044e\u0449\u0438\u0439 Buff Dryflx Solid Black \u0434\u043b\u044f \u0430\u043a\u0442\u0438\u0432\u043d\u043e\u0433\u043e \u043e\u0442\u0434\u044b\u0445\u0430, \u043f\u043e\u0445\u043e\u0434\u043e\u0432 \u0438 \u043f\u0443\u0442\u0435\u0448\u0435\u0441\u0442\u0432\u0438\u0439, \u0441\u043f\u043e\u0440\u0442\u0438\u0432\u043d\u0430\u044f \u043e\u0434\u0435\u0436\u0434\u0430 \u0438 \u043e\u0431\u0443\u0432\u044c \u0434\u043b\u044f \u0442\u0440\u0435\u043d\u0438\u0440\u043e\u0432\u043e\u043a \u0438 \u0442\u0443\u0440\u0438\u0437\u043c\u0430"},{"@type":"BreadcrumbList","@id":"https:\/\/xstyle.md\/product\/svetootrazhayushhij-buff-dryflx-solid-black\/#breadcrumb","itemListElement":[{"@type":"ListItem","position":1,"name":"\u0413\u043b\u0430\u0432\u043d\u0430\u044f \u0441\u0442\u0440\u0430\u043d\u0438\u0446\u0430","item":"https:\/\/xstyle.md\/"},{"@type":"ListItem","position":2,"name":"\u041c\u0430\u0433\u0430\u0437\u0438\u043d","item":"https:\/\/xstyle.md\/shop\/"},{"@type":"ListItem","position":3,"name":"\u0421\u0432\u0435\u0442\u043e\u043e\u0442\u0440\u0430\u0436\u0430\u044e\u0449\u0438\u0439 Buff Dryflx Solid Black"}]},{"@type":"WebSite","@id":"https:\/\/xstyle.md\/#website","url":"https:\/\/xstyle.md\/","name":"Magazinul X-Style","description":"Echipamente pentru turism \u0219i sporturi extreme \u00een Moldova. Pre\u021buri, fotografii, caracteristici \u00een Moldova.","publisher":{"@id":"https:\/\/xstyle.md\/#organization"},"alternateName":"X-Style","potentialAction":[{"@type":"SearchAction","target":{"@type":"EntryPoint","urlTemplate":"https:\/\/xstyle.md\/?s={search_term_string}"},"query-input":{"@type":"PropertyValueSpecification","valueRequired":true,"valueName":"search_term_string"}}],"inLanguage":"ro-RO"},{"@type":"Organization","@id":"https:\/\/xstyle.md\/#organization","name":"Magazinul X-Style","alternateName":"x-style","url":"https:\/\/xstyle.md\/","logo":{"@type":"ImageObject","inLanguage":"ro-RO","@id":"https:\/\/xstyle.md\/#\/schema\/logo\/image\/","url":"https:\/\/xstyle.md\/wp-content\/uploads\/2020\/06\/logoicon.svg","contentUrl":"https:\/\/xstyle.md\/wp-content\/uploads\/2020\/06\/logoicon.svg","caption":"\u041c\u0430\u0433\u0430\u0437\u0438\u043d Xstyle"},"image":{"@id":"https:\/\/xstyle.md\/#\/schema\/logo\/image\/"},"sameAs":["https:\/\/www.facebook.com\/xstylemd","https:\/\/www.instagram.com\/xstyle_md\/","https:\/\/t.me\/xstyle_outdoor"],"hasMerchantReturnPolicy":{"@type":"MerchantReturnPolicy","merchantReturnLink":"https:\/\/xstyle.md\/ro\/conditions\/"}}]},"product_price_amount":"430.00","product_price_currency":"MDL","og_availability":"out of stock","product_availability":"out of stock","product_retailer_item_id":"8428927346438","product_condition":"new"},"_links":{"self":[{"href":"https:\/\/xstyle.md\/ro\/wp-json\/wp\/v2\/product\/90979","targetHints":{"allow":["GET"]}}],"collection":[{"href":"https:\/\/xstyle.md\/ro\/wp-json\/wp\/v2\/product"}],"about":[{"href":"https:\/\/xstyle.md\/ro\/wp-json\/wp\/v2\/types\/product"}],"replies":[{"embeddable":true,"href":"https:\/\/xstyle.md\/ro\/wp-json\/wp\/v2\/comments?post=90979"}],"wp:featuredmedia":[{"embeddable":true,"href":"https:\/\/xstyle.md\/ro\/wp-json\/wp\/v2\/media\/91337"}],"wp:attachment":[{"href":"https:\/\/xstyle.md\/ro\/wp-json\/wp\/v2\/media?parent=90979"}],"wp:term":[{"taxonomy":"product_brand","embeddable":true,"href":"https:\/\/xstyle.md\/ro\/wp-json\/wp\/v2\/product_brand?post=90979"},{"taxonomy":"product_cat","embeddable":true,"href":"https:\/\/xstyle.md\/ro\/wp-json\/wp\/v2\/product_cat?post=90979"},{"taxonomy":"product_tag","embeddable":true,"href":"https:\/\/xstyle.md\/ro\/wp-json\/wp\/v2\/product_tag?post=90979"}],"curies":[{"name":"wp","href":"https:\/\/api.w.org\/{rel}","templated":true}]}}