{"id":90013,"date":"2024-11-25T11:58:33","date_gmt":"2024-11-25T08:58:33","guid":{"rendered":"https:\/\/xstyle.md\/?post_type=product&#038;p=90013"},"modified":"2026-03-19T17:30:32","modified_gmt":"2026-03-19T14:30:32","slug":"kurtka-rossignol-joseray-down-wmn-silver","status":"publish","type":"product","link":"https:\/\/xstyle.md\/ro\/produs\/kurtka-rossignol-joseray-down-wmn-silver\/","title":{"rendered":"Geac\u0103 de schi Rossignol Joseray Down Wmn silver"},"content":{"rendered":"<p><\/p>\n<p>Geac\u0103 de schi pentru femei <strong>Rossignol Joseray Down<\/strong> &#8212; \u00eembin\u0103 stilul cu performan\u021ba termic\u0103, permi\u021b\u00e2ndu-v\u0103 s\u0103 v\u0103 bucura\u021bi de schi cu un confort maxim. Aceasta dispune de o \u021bes\u0103tur\u0103 neted\u0103 \u0219i str\u0103lucitoare, completat\u0103 de o combina\u021bie sofisticat\u0103 de izola\u021bie natural\u0103 \u0219i sintetic\u0103 \u00een zonele cheie.<br \/>\nPuf-ul u\u0219or din zona corpului \u0219i a m\u00e2necilor, \u00eempreun\u0103 cu izola\u021bia respirabil\u0103 de pe laterale \u0219i umplutura din l\u00e2n\u0103 Merino, sporesc confortul \u0219i ajut\u0103 la reglarea temperaturii. Materialul tip softshell elastic \u00een patru direc\u021bii ofer\u0103 libertate total\u0103 de mi\u0219care pe p\u00e2rtie, \u00een timp ce gluga deta\u0219abil\u0103 cu blan\u0103 artificial\u0103 adaug\u0103 o not\u0103 de lux.<\/p>\n<h3>Particularita\u021bi<\/h3>\n<ul>\n<li>Izola\u021bie termic\u0103 ridicat\u0103 \u0219i confort maxim &#8212; Corpul \u0219i m\u00e2necile sunt umplute cu puf de calitate superioar\u0103, cu surs\u0103 trasabil\u0103, de la produc\u0103torul francez Duvet du Faubourg\u00ae<\/li>\n<li>Tehnologie <strong>Primaloft<\/strong>\u00ae <strong>Black<\/strong> &#8212; men\u021bine c\u0103ldura chiar \u0219i \u00een condi\u021bii de umiditate; utilizeaz\u0103 materiale 100% reciclate din sticle de plastic, certificate conform standardului GRS<\/li>\n<li>Libertate de mi\u0219care &#8212; \u021bes\u0103tur\u0103 cu grad ridicat de elasticitate pentru confort maxim \u0219i mobilitate pe tot parcursul zilei.<\/li>\n<li>L\u00e2n\u0103 Merino &#8212; material natural ce permite pielii s\u0103 respire, este rezistent la mirosuri nepl\u0103cute, durabil \u0219i regleaz\u0103 optim temperatura corpului<\/li>\n<li>Protec\u021bie ecologic\u0103 &#8212; protec\u021bie hidrofob Durable Water-Repellent (DWR), care protejeaz\u0103 \u00eempotriva z\u0103pezii \u0219i ploii f\u0103r\u0103 a utiliza substan\u021be chimice toxice pe baz\u0103 de fluorocarburi (f\u0103r\u0103 PFC).<\/li>\n<\/ul>\n<h3>Caracteristici<\/h3>\n<ul>\n<li>Material \u2014 100% Poliester<\/li>\n<li>Impermeabilitate \u2014 20 000 mm<\/li>\n<li>Respirabilitate \u2014 15 000 g\/m\u00b2\/24h<\/li>\n<li>Model \u2014 Femei<\/li>\n<\/ul>\n<h3>Tehnologii<\/h3>\n<ul>\n<li><strong>PrimaLoft<\/strong>\u00ae <strong>Black<\/strong> \u2014 este un material izolator u\u0219or, moale \u0219i compact, ob\u021binut prin reciclarea sticlelor de plastic, a pungilor \u0219i a altor materii prime. Acesta men\u021bine c\u0103ldura chiar \u0219i \u00een stare umed\u0103, iar propriet\u0103\u021bile sale de izolare termic\u0103 sunt comparabile cu cele ale pufului natural. Materialul permite trecerea vaporilor, l\u0103s\u00e2nd corpul s\u0103 respire, absoarbe foarte pu\u021bin\u0103 umiditate \u0219i p\u0103streaz\u0103 senza\u021bia de c\u0103ldur\u0103 \u0219i uscat.<\/li>\n<li><strong>DWR<\/strong> (Durable Water Repellent) \u2013 este un strat protector aplicat la suprafa\u021ba materialului care \u00eembun\u0103t\u0103\u021be\u0219te propriet\u0103\u021bile func\u021bionale ale hainei. Acesta rezist\u0103 p\u00e2n\u0103 la 10 cicluri de sp\u0103lare \u0219i poate fi re\u00eennoit u\u0219or cu spray-uri specializate (ex. Toko Textile Proof). Varianta DWR C6 este mai prietenoas\u0103 cu mediul \u00eenconjur\u0103tor.<br \/>\n<\/li>\n<\/ul>\n<h3>Marca<\/h3>\n<p>\u00cen urm\u0103 cu mai bine de 100 de ani, mai precis \u00een 1907, \u00een ora\u0219ul Voiron, nu departe de Grenoble (Fran\u021ba), t\u00e2mplarul Abel Rossignol a creat o mic\u0103 firm\u0103 specializat\u0103 \u00een produc\u021bia de produse din lemn pentru industria textil\u0103. Deja \u00een acel moment, Abel Rossignol se g\u00e2ndea cum s\u0103 \u00eenfiin\u021beze produc\u021bia propriilor schiuri din lemn. Patru ani mai t\u00e2rziu, prima pereche de schiuri a v\u0103zut lumina.<\/p>\n<p>Deja \u00een 1911, dup\u0103 o expedi\u021bie \u00een Scandinavia, a fost creat un departament la firma care se ocupa exclusiv de schi. Ast\u0103zi, Rossignol combin\u0103 mai multe m\u0103rci: Rossignol, Dynastar, Lange \u0219i Risport \u0219i ofer\u0103 o gam\u0103 complet\u0103 de echipamente pentru sporturile de iarn\u0103 - totul pentru cei care iubesc sportul.<\/p>","protected":false},"excerpt":{"rendered":"<p>\u0411\u0440\u0435\u043d\u0434 \u0411\u043e\u043b\u0435\u0435 100 \u043b\u0435\u0442 \u043d\u0430\u0437\u0430\u0434, \u0430 \u0442\u043e\u0447\u043d\u0435\u0435 \u0432 1907-\u043c \u0433\u043e\u0434\u0443 \u0432 \u043c\u0435\u0441\u0442\u0435\u0447\u043a\u0435 \u0412\u0443\u0430\u0440\u043e\u043d, \u043d\u0435\u0434\u0430\u043b\u0435\u043a\u043e \u043e\u0442 \u0413\u0440\u0435\u043d\u043e\u0431\u043b\u044f (\u0424\u0440\u0430\u043d\u0446\u0438\u044f) \u043f\u043b\u043e\u0442\u043d\u0438\u043a \u0410\u0431\u0435\u043b\u044c \u0420\u043e\u0441\u0441\u0438\u043d\u044c\u043e\u043b\u044c \u0441\u043e\u0437\u0434\u0430\u043b \u043d\u0435\u0431\u043e\u043b\u044c\u0448\u0443\u044e \u0444\u0438\u0440\u043c\u0443, \u043a\u043e\u0442\u043e\u0440\u0430\u044f \u0441\u043f\u0435\u0446\u0438\u0430\u043b\u0438\u0437\u0438\u0440\u043e\u0432\u0430\u043b\u0430\u0441\u044c \u043d\u0430 \u0432\u044b\u043f\u0443\u0441\u043a\u0435 \u0434\u0435\u0440\u0435\u0432\u044f\u043d\u043d\u044b\u0445 \u0438\u0437\u0434\u0435\u043b\u0438\u0439 \u0434\u043b\u044f \u0442\u0435\u043a\u0441\u0442\u0438\u043b\u044c\u043d\u043e\u0439 \u043f\u0440\u043e\u043c\u044b\u0448\u043b\u0435\u043d\u043d\u043e\u0441\u0442\u0438. \u0423\u0436\u0435 \u0432 \u0442\u043e \u0432\u0440\u0435\u043c\u044f \u0410\u0431\u0435\u043b\u044c \u0420\u043e\u0441\u0441\u0438\u043d\u044c\u043e\u043b\u044c \u0437\u0430\u0434\u0443\u043c\u044b\u0432\u0430\u043b\u0441\u044f \u043e \u0442\u043e\u043c, \u043a\u0430\u043a \u043d\u0430\u043b\u0430\u0434\u0438\u0442\u044c \u043f\u0440\u043e\u0438\u0437\u0432\u043e\u0434\u0441\u0442\u0432\u043e \u0441\u043e\u0431\u0441\u0442\u0432\u0435\u043d\u043d\u044b\u0445 \u0434\u0435\u0440\u0435\u0432\u044f\u043d\u043d\u044b\u0445 \u043b\u044b\u0436. \u0421\u043f\u0443\u0441\u0442\u044f \u0447\u0435\u0442\u044b\u0440\u0435 \u0433\u043e\u0434\u0430 \u043f\u0435\u0440\u0432\u0430\u044f \u043f\u0430\u0440\u0430 \u043b\u044b\u0436 \u0443\u0432\u0438\u0434\u0435\u043b\u0430 \u0441\u0432\u0435\u0442. [&hellip;]<\/p>\n","protected":false},"featured_media":90523,"comment_status":"open","ping_status":"closed","template":"","meta":{"_acf_changed":false,"inline_featured_image":false},"product_brand":[1320],"product_cat":[430],"product_tag":[],"class_list":{"0":"post-90013","1":"product","2":"type-product","3":"status-publish","4":"has-post-thumbnail","6":"product_brand-rossignol","7":"product_cat-jachete-de-schi-femei","9":"first","10":"instock","11":"shipping-taxable","12":"purchasable","13":"product-type-simple"},"acf":[],"yoast_head":"<!-- This site is optimized with the Yoast SEO plugin v27.4 - https:\/\/yoast.com\/product\/yoast-seo-wordpress\/ -->\n<title>\u041a\u0443\u0440\u0442\u043a\u0430 Rossignol Joseray Down Wmn silver - \u041c\u0430\u0433\u0430\u0437\u0438\u043d Xstyle<\/title>\n<meta name=\"robots\" content=\"index, follow, max-snippet:-1, max-image-preview:large, max-video-preview:-1\" \/>\n<link rel=\"canonical\" href=\"https:\/\/xstyle.md\/ro\/produs\/kurtka-rossignol-joseray-down-wmn-silver\/\" \/>\n<meta property=\"og:locale\" content=\"ro_RO\" \/>\n<meta property=\"og:type\" content=\"article\" \/>\n<meta property=\"og:title\" content=\"\u041a\u0443\u0440\u0442\u043a\u0430 Rossignol Joseray Down Wmn silver - \u041c\u0430\u0433\u0430\u0437\u0438\u043d Xstyle\" \/>\n<meta property=\"og:description\" content=\"\u0411\u0440\u0435\u043d\u0434 \u0411\u043e\u043b\u0435\u0435 100 \u043b\u0435\u0442 \u043d\u0430\u0437\u0430\u0434, \u0430 \u0442\u043e\u0447\u043d\u0435\u0435 \u0432 1907-\u043c \u0433\u043e\u0434\u0443 \u0432 \u043c\u0435\u0441\u0442\u0435\u0447\u043a\u0435 \u0412\u0443\u0430\u0440\u043e\u043d, \u043d\u0435\u0434\u0430\u043b\u0435\u043a\u043e \u043e\u0442 \u0413\u0440\u0435\u043d\u043e\u0431\u043b\u044f (\u0424\u0440\u0430\u043d\u0446\u0438\u044f) \u043f\u043b\u043e\u0442\u043d\u0438\u043a \u0410\u0431\u0435\u043b\u044c \u0420\u043e\u0441\u0441\u0438\u043d\u044c\u043e\u043b\u044c \u0441\u043e\u0437\u0434\u0430\u043b \u043d\u0435\u0431\u043e\u043b\u044c\u0448\u0443\u044e \u0444\u0438\u0440\u043c\u0443, \u043a\u043e\u0442\u043e\u0440\u0430\u044f \u0441\u043f\u0435\u0446\u0438\u0430\u043b\u0438\u0437\u0438\u0440\u043e\u0432\u0430\u043b\u0430\u0441\u044c \u043d\u0430 \u0432\u044b\u043f\u0443\u0441\u043a\u0435 \u0434\u0435\u0440\u0435\u0432\u044f\u043d\u043d\u044b\u0445 \u0438\u0437\u0434\u0435\u043b\u0438\u0439 \u0434\u043b\u044f \u0442\u0435\u043a\u0441\u0442\u0438\u043b\u044c\u043d\u043e\u0439 \u043f\u0440\u043e\u043c\u044b\u0448\u043b\u0435\u043d\u043d\u043e\u0441\u0442\u0438. \u0423\u0436\u0435 \u0432 \u0442\u043e \u0432\u0440\u0435\u043c\u044f \u0410\u0431\u0435\u043b\u044c \u0420\u043e\u0441\u0441\u0438\u043d\u044c\u043e\u043b\u044c \u0437\u0430\u0434\u0443\u043c\u044b\u0432\u0430\u043b\u0441\u044f \u043e \u0442\u043e\u043c, \u043a\u0430\u043a \u043d\u0430\u043b\u0430\u0434\u0438\u0442\u044c \u043f\u0440\u043e\u0438\u0437\u0432\u043e\u0434\u0441\u0442\u0432\u043e \u0441\u043e\u0431\u0441\u0442\u0432\u0435\u043d\u043d\u044b\u0445 \u0434\u0435\u0440\u0435\u0432\u044f\u043d\u043d\u044b\u0445 \u043b\u044b\u0436. \u0421\u043f\u0443\u0441\u0442\u044f \u0447\u0435\u0442\u044b\u0440\u0435 \u0433\u043e\u0434\u0430 \u043f\u0435\u0440\u0432\u0430\u044f \u043f\u0430\u0440\u0430 \u043b\u044b\u0436 \u0443\u0432\u0438\u0434\u0435\u043b\u0430 \u0441\u0432\u0435\u0442. [&hellip;]\" \/>\n<meta property=\"og:url\" content=\"https:\/\/xstyle.md\/ro\/produs\/kurtka-rossignol-joseray-down-wmn-silver\/\" \/>\n<meta property=\"og:site_name\" content=\"\u041c\u0430\u0433\u0430\u0437\u0438\u043d Xstyle\" \/>\n<meta property=\"article:publisher\" content=\"https:\/\/www.facebook.com\/xstylemd\" \/>\n<meta property=\"article:modified_time\" content=\"2026-03-19T14:30:32+00:00\" \/>\n<meta property=\"og:image\" content=\"https:\/\/xstyle.md\/wp-content\/uploads\/2024\/11\/rossignol-joseray-down-wmn-silver.webp\" \/>\n\t<meta property=\"og:image:width\" content=\"583\" \/>\n\t<meta property=\"og:image:height\" content=\"577\" \/>\n\t<meta property=\"og:image:type\" content=\"image\/webp\" \/>\n<meta name=\"twitter:card\" content=\"summary_large_image\" \/>\n<meta name=\"twitter:label1\" content=\"Pre\u021b\" \/>\n\t<meta name=\"twitter:data1\" content=\"9.590&nbsp;MDL\" \/>\n\t<meta name=\"twitter:label2\" content=\"Disponibilitate\" \/>\n\t<meta name=\"twitter:data2\" content=\"\u00cen stoc\" \/>\n<script type=\"application\/ld+json\" class=\"yoast-schema-graph\">{\"@context\":\"https:\\\/\\\/schema.org\",\"@graph\":[{\"@type\":\"WebPage\",\"@id\":\"https:\\\/\\\/xstyle.md\\\/product\\\/kurtka-rossignol-joseray-down-wmn-silver\\\/\",\"url\":\"https:\\\/\\\/xstyle.md\\\/product\\\/kurtka-rossignol-joseray-down-wmn-silver\\\/\",\"name\":\"\u041a\u0443\u0440\u0442\u043a\u0430 Rossignol Joseray Down Wmn silver - \u041c\u0430\u0433\u0430\u0437\u0438\u043d Xstyle\",\"isPartOf\":{\"@id\":\"https:\\\/\\\/xstyle.md\\\/#website\"},\"primaryImageOfPage\":{\"@id\":\"https:\\\/\\\/xstyle.md\\\/product\\\/kurtka-rossignol-joseray-down-wmn-silver\\\/#primaryimage\"},\"image\":{\"@id\":\"https:\\\/\\\/xstyle.md\\\/product\\\/kurtka-rossignol-joseray-down-wmn-silver\\\/#primaryimage\"},\"thumbnailUrl\":\"https:\\\/\\\/xstyle.md\\\/wp-content\\\/uploads\\\/2024\\\/11\\\/rossignol-joseray-down-wmn-silver.webp\",\"datePublished\":\"2024-11-25T08:58:33+00:00\",\"dateModified\":\"2026-03-19T14:30:32+00:00\",\"breadcrumb\":{\"@id\":\"https:\\\/\\\/xstyle.md\\\/product\\\/kurtka-rossignol-joseray-down-wmn-silver\\\/#breadcrumb\"},\"inLanguage\":\"ro-RO\",\"potentialAction\":[{\"@type\":\"ReadAction\",\"target\":[\"https:\\\/\\\/xstyle.md\\\/product\\\/kurtka-rossignol-joseray-down-wmn-silver\\\/\"]}]},{\"@type\":\"ImageObject\",\"inLanguage\":\"ro-RO\",\"@id\":\"https:\\\/\\\/xstyle.md\\\/product\\\/kurtka-rossignol-joseray-down-wmn-silver\\\/#primaryimage\",\"url\":\"https:\\\/\\\/xstyle.md\\\/wp-content\\\/uploads\\\/2024\\\/11\\\/rossignol-joseray-down-wmn-silver.webp\",\"contentUrl\":\"https:\\\/\\\/xstyle.md\\\/wp-content\\\/uploads\\\/2024\\\/11\\\/rossignol-joseray-down-wmn-silver.webp\",\"width\":583,\"height\":577,\"caption\":\"\u0414\u0430\u043c\u0441\u043a\u0430\u044f \u0437\u0438\u043c\u043d\u044f\u044f \u043a\u0443\u0440\u0442\u043a\u0430 Rossignol Joseray, \u0441\u0442\u0438\u043b\u044c\u043d\u0430\u044f \u0438 \u0442\u0435\u043f\u043b\u043e\u0441\u0431\u0435\u0440\u0435\u0433\u0430\u044e\u0449\u0430\u044f, \u043f\u043e\u0434\u0445\u043e\u0434\u0438\u0442 \u0434\u043b\u044f \u0430\u043a\u0442\u0438\u0432\u043d\u043e\u0433\u043e \u043e\u0442\u0434\u044b\u0445\u0430, \u043f\u0443\u0442\u0435\u0448\u0435\u0441\u0442\u0432\u0438\u0439 \u0438 \u0432\u043e\u0441\u0445\u043e\u0436\u0434\u0435\u043d\u0438\u0439 \u0432 \u0433\u043e\u0440\u0430\u0445, \u0438\u0434\u0435\u0430\u043b\u044c\u043d\u043e \u0441\u043e\u0447\u0435\u0442\u0430\u0435\u0442\u0441\u044f \u0441 \u043f\u043e\u0445\u043e\u0434\u043d\u043e\u0439 \u043e\u0431\u0443\u0432\u044c\u044e \u0438 \u0441\u043f\u043e\u0440\u0442\u0438\u0432\u043d\u043e\u0439 \u043e\u0434\u0435\u0436\u0434\u043e\u0439.\"},{\"@type\":\"BreadcrumbList\",\"@id\":\"https:\\\/\\\/xstyle.md\\\/product\\\/kurtka-rossignol-joseray-down-wmn-silver\\\/#breadcrumb\",\"itemListElement\":[{\"@type\":\"ListItem\",\"position\":1,\"name\":\"\u0413\u043b\u0430\u0432\u043d\u0430\u044f \u0441\u0442\u0440\u0430\u043d\u0438\u0446\u0430\",\"item\":\"https:\\\/\\\/xstyle.md\\\/\"},{\"@type\":\"ListItem\",\"position\":2,\"name\":\"\u041c\u0430\u0433\u0430\u0437\u0438\u043d\",\"item\":\"https:\\\/\\\/xstyle.md\\\/shop\\\/\"},{\"@type\":\"ListItem\",\"position\":3,\"name\":\"\u041a\u0443\u0440\u0442\u043a\u0430 Rossignol Joseray Down Wmn silver\"}]},{\"@type\":\"WebSite\",\"@id\":\"https:\\\/\\\/xstyle.md\\\/#website\",\"url\":\"https:\\\/\\\/xstyle.md\\\/\",\"name\":\"\u041c\u0430\u0433\u0430\u0437\u0438\u043d Xstyle\",\"description\":\"C\u043d\u0430\u0440\u044f\u0436\u0435\u043d\u0438\u0435 \u0434\u043b\u044f \u0442\u0443\u0440\u0438\u0437\u043c\u0430 \u0438 \u044d\u043a\u0441\u0442\u0440\u0435\u043c\u0430\u043b\u044c\u043d\u044b\u0445 \u0432\u0438\u0434\u043e\u0432 \u0441\u043f\u043e\u0440\u0442\u0430 \u0432 \u041c\u043e\u043b\u0434\u043e\u0432\u0435.. \u0426\u0435\u043d\u044b, \u0444\u043e\u0442\u043e, \u0445\u0430\u0440\u0430\u043a\u0442\u0435\u0440\u0438\u0441\u0442\u0438\u043a\u0438 \u0432 \u041c\u043e\u043b\u0434\u043e\u0432\u0435.\",\"publisher\":{\"@id\":\"https:\\\/\\\/xstyle.md\\\/#organization\"},\"alternateName\":\"X-Style\",\"potentialAction\":[{\"@type\":\"SearchAction\",\"target\":{\"@type\":\"EntryPoint\",\"urlTemplate\":\"https:\\\/\\\/xstyle.md\\\/?s={search_term_string}\"},\"query-input\":{\"@type\":\"PropertyValueSpecification\",\"valueRequired\":true,\"valueName\":\"search_term_string\"}}],\"inLanguage\":\"ro-RO\"},{\"@type\":\"Organization\",\"@id\":\"https:\\\/\\\/xstyle.md\\\/#organization\",\"name\":\"\u041c\u0430\u0433\u0430\u0437\u0438\u043d Xstyle\",\"alternateName\":\"x-style\",\"url\":\"https:\\\/\\\/xstyle.md\\\/\",\"logo\":{\"@type\":\"ImageObject\",\"inLanguage\":\"ro-RO\",\"@id\":\"https:\\\/\\\/xstyle.md\\\/#\\\/schema\\\/logo\\\/image\\\/\",\"url\":\"https:\\\/\\\/xstyle.md\\\/wp-content\\\/uploads\\\/2020\\\/06\\\/logoicon.svg\",\"contentUrl\":\"https:\\\/\\\/xstyle.md\\\/wp-content\\\/uploads\\\/2020\\\/06\\\/logoicon.svg\",\"caption\":\"\u041c\u0430\u0433\u0430\u0437\u0438\u043d Xstyle\"},\"image\":{\"@id\":\"https:\\\/\\\/xstyle.md\\\/#\\\/schema\\\/logo\\\/image\\\/\"},\"sameAs\":[\"https:\\\/\\\/www.facebook.com\\\/xstylemd\",\"https:\\\/\\\/www.instagram.com\\\/xstyle_md\\\/\",\"https:\\\/\\\/t.me\\\/xstyle_outdoor\"],\"hasMerchantReturnPolicy\":{\"@type\":\"MerchantReturnPolicy\",\"merchantReturnLink\":\"https:\\\/\\\/xstyle.md\\\/ro\\\/conditions\\\/\"}}]}<\/script>\n<meta property=\"product:price:amount\" content=\"9590.00\" \/>\n<meta property=\"product:price:currency\" content=\"MDL\" \/>\n<meta property=\"og:availability\" content=\"instock\" \/>\n<meta property=\"product:availability\" content=\"instock\" \/>\n<meta property=\"product:retailer_item_id\" content=\"3607684638283\" \/>\n<meta property=\"product:condition\" content=\"new\" \/>\n<!-- \/ Yoast SEO plugin. -->","yoast_head_json":{"title":"\u041a\u0443\u0440\u0442\u043a\u0430 Rossignol Joseray Down Wmn silver - \u041c\u0430\u0433\u0430\u0437\u0438\u043d Xstyle","robots":{"index":"index","follow":"follow","max-snippet":"max-snippet:-1","max-image-preview":"max-image-preview:large","max-video-preview":"max-video-preview:-1"},"canonical":"https:\/\/xstyle.md\/ro\/produs\/kurtka-rossignol-joseray-down-wmn-silver\/","og_locale":"ro_RO","og_type":"article","og_title":"\u041a\u0443\u0440\u0442\u043a\u0430 Rossignol Joseray Down Wmn silver - \u041c\u0430\u0433\u0430\u0437\u0438\u043d Xstyle","og_description":"\u0411\u0440\u0435\u043d\u0434 \u0411\u043e\u043b\u0435\u0435 100 \u043b\u0435\u0442 \u043d\u0430\u0437\u0430\u0434, \u0430 \u0442\u043e\u0447\u043d\u0435\u0435 \u0432 1907-\u043c \u0433\u043e\u0434\u0443 \u0432 \u043c\u0435\u0441\u0442\u0435\u0447\u043a\u0435 \u0412\u0443\u0430\u0440\u043e\u043d, \u043d\u0435\u0434\u0430\u043b\u0435\u043a\u043e \u043e\u0442 \u0413\u0440\u0435\u043d\u043e\u0431\u043b\u044f (\u0424\u0440\u0430\u043d\u0446\u0438\u044f) \u043f\u043b\u043e\u0442\u043d\u0438\u043a \u0410\u0431\u0435\u043b\u044c \u0420\u043e\u0441\u0441\u0438\u043d\u044c\u043e\u043b\u044c \u0441\u043e\u0437\u0434\u0430\u043b \u043d\u0435\u0431\u043e\u043b\u044c\u0448\u0443\u044e \u0444\u0438\u0440\u043c\u0443, \u043a\u043e\u0442\u043e\u0440\u0430\u044f \u0441\u043f\u0435\u0446\u0438\u0430\u043b\u0438\u0437\u0438\u0440\u043e\u0432\u0430\u043b\u0430\u0441\u044c \u043d\u0430 \u0432\u044b\u043f\u0443\u0441\u043a\u0435 \u0434\u0435\u0440\u0435\u0432\u044f\u043d\u043d\u044b\u0445 \u0438\u0437\u0434\u0435\u043b\u0438\u0439 \u0434\u043b\u044f \u0442\u0435\u043a\u0441\u0442\u0438\u043b\u044c\u043d\u043e\u0439 \u043f\u0440\u043e\u043c\u044b\u0448\u043b\u0435\u043d\u043d\u043e\u0441\u0442\u0438. \u0423\u0436\u0435 \u0432 \u0442\u043e \u0432\u0440\u0435\u043c\u044f \u0410\u0431\u0435\u043b\u044c \u0420\u043e\u0441\u0441\u0438\u043d\u044c\u043e\u043b\u044c \u0437\u0430\u0434\u0443\u043c\u044b\u0432\u0430\u043b\u0441\u044f \u043e \u0442\u043e\u043c, \u043a\u0430\u043a \u043d\u0430\u043b\u0430\u0434\u0438\u0442\u044c \u043f\u0440\u043e\u0438\u0437\u0432\u043e\u0434\u0441\u0442\u0432\u043e \u0441\u043e\u0431\u0441\u0442\u0432\u0435\u043d\u043d\u044b\u0445 \u0434\u0435\u0440\u0435\u0432\u044f\u043d\u043d\u044b\u0445 \u043b\u044b\u0436. \u0421\u043f\u0443\u0441\u0442\u044f \u0447\u0435\u0442\u044b\u0440\u0435 \u0433\u043e\u0434\u0430 \u043f\u0435\u0440\u0432\u0430\u044f \u043f\u0430\u0440\u0430 \u043b\u044b\u0436 \u0443\u0432\u0438\u0434\u0435\u043b\u0430 \u0441\u0432\u0435\u0442. [&hellip;]","og_url":"https:\/\/xstyle.md\/ro\/produs\/kurtka-rossignol-joseray-down-wmn-silver\/","og_site_name":"\u041c\u0430\u0433\u0430\u0437\u0438\u043d Xstyle","article_publisher":"https:\/\/www.facebook.com\/xstylemd","article_modified_time":"2026-03-19T14:30:32+00:00","og_image":[{"width":583,"height":577,"url":"https:\/\/xstyle.md\/wp-content\/uploads\/2024\/11\/rossignol-joseray-down-wmn-silver.webp","type":"image\/webp"}],"twitter_card":"summary_large_image","twitter_misc":{"Pre\u021b":"9.590&nbsp;MDL","Disponibilitate":"\u00cen stoc"},"schema":{"@context":"https:\/\/schema.org","@graph":[{"@type":"WebPage","@id":"https:\/\/xstyle.md\/product\/kurtka-rossignol-joseray-down-wmn-silver\/","url":"https:\/\/xstyle.md\/product\/kurtka-rossignol-joseray-down-wmn-silver\/","name":"\u041a\u0443\u0440\u0442\u043a\u0430 Rossignol Joseray Down Wmn silver - \u041c\u0430\u0433\u0430\u0437\u0438\u043d Xstyle","isPartOf":{"@id":"https:\/\/xstyle.md\/#website"},"primaryImageOfPage":{"@id":"https:\/\/xstyle.md\/product\/kurtka-rossignol-joseray-down-wmn-silver\/#primaryimage"},"image":{"@id":"https:\/\/xstyle.md\/product\/kurtka-rossignol-joseray-down-wmn-silver\/#primaryimage"},"thumbnailUrl":"https:\/\/xstyle.md\/wp-content\/uploads\/2024\/11\/rossignol-joseray-down-wmn-silver.webp","datePublished":"2024-11-25T08:58:33+00:00","dateModified":"2026-03-19T14:30:32+00:00","breadcrumb":{"@id":"https:\/\/xstyle.md\/product\/kurtka-rossignol-joseray-down-wmn-silver\/#breadcrumb"},"inLanguage":"ro-RO","potentialAction":[{"@type":"ReadAction","target":["https:\/\/xstyle.md\/product\/kurtka-rossignol-joseray-down-wmn-silver\/"]}]},{"@type":"ImageObject","inLanguage":"ro-RO","@id":"https:\/\/xstyle.md\/product\/kurtka-rossignol-joseray-down-wmn-silver\/#primaryimage","url":"https:\/\/xstyle.md\/wp-content\/uploads\/2024\/11\/rossignol-joseray-down-wmn-silver.webp","contentUrl":"https:\/\/xstyle.md\/wp-content\/uploads\/2024\/11\/rossignol-joseray-down-wmn-silver.webp","width":583,"height":577,"caption":"\u0414\u0430\u043c\u0441\u043a\u0430\u044f \u0437\u0438\u043c\u043d\u044f\u044f \u043a\u0443\u0440\u0442\u043a\u0430 Rossignol Joseray, \u0441\u0442\u0438\u043b\u044c\u043d\u0430\u044f \u0438 \u0442\u0435\u043f\u043b\u043e\u0441\u0431\u0435\u0440\u0435\u0433\u0430\u044e\u0449\u0430\u044f, \u043f\u043e\u0434\u0445\u043e\u0434\u0438\u0442 \u0434\u043b\u044f \u0430\u043a\u0442\u0438\u0432\u043d\u043e\u0433\u043e \u043e\u0442\u0434\u044b\u0445\u0430, \u043f\u0443\u0442\u0435\u0448\u0435\u0441\u0442\u0432\u0438\u0439 \u0438 \u0432\u043e\u0441\u0445\u043e\u0436\u0434\u0435\u043d\u0438\u0439 \u0432 \u0433\u043e\u0440\u0430\u0445, \u0438\u0434\u0435\u0430\u043b\u044c\u043d\u043e \u0441\u043e\u0447\u0435\u0442\u0430\u0435\u0442\u0441\u044f \u0441 \u043f\u043e\u0445\u043e\u0434\u043d\u043e\u0439 \u043e\u0431\u0443\u0432\u044c\u044e \u0438 \u0441\u043f\u043e\u0440\u0442\u0438\u0432\u043d\u043e\u0439 \u043e\u0434\u0435\u0436\u0434\u043e\u0439."},{"@type":"BreadcrumbList","@id":"https:\/\/xstyle.md\/product\/kurtka-rossignol-joseray-down-wmn-silver\/#breadcrumb","itemListElement":[{"@type":"ListItem","position":1,"name":"\u0413\u043b\u0430\u0432\u043d\u0430\u044f \u0441\u0442\u0440\u0430\u043d\u0438\u0446\u0430","item":"https:\/\/xstyle.md\/"},{"@type":"ListItem","position":2,"name":"\u041c\u0430\u0433\u0430\u0437\u0438\u043d","item":"https:\/\/xstyle.md\/shop\/"},{"@type":"ListItem","position":3,"name":"\u041a\u0443\u0440\u0442\u043a\u0430 Rossignol Joseray Down Wmn silver"}]},{"@type":"WebSite","@id":"https:\/\/xstyle.md\/#website","url":"https:\/\/xstyle.md\/","name":"Magazinul X-Style","description":"Echipamente pentru turism \u0219i sporturi extreme \u00een Moldova. Pre\u021buri, fotografii, caracteristici \u00een Moldova.","publisher":{"@id":"https:\/\/xstyle.md\/#organization"},"alternateName":"X-Style","potentialAction":[{"@type":"SearchAction","target":{"@type":"EntryPoint","urlTemplate":"https:\/\/xstyle.md\/?s={search_term_string}"},"query-input":{"@type":"PropertyValueSpecification","valueRequired":true,"valueName":"search_term_string"}}],"inLanguage":"ro-RO"},{"@type":"Organization","@id":"https:\/\/xstyle.md\/#organization","name":"Magazinul X-Style","alternateName":"x-style","url":"https:\/\/xstyle.md\/","logo":{"@type":"ImageObject","inLanguage":"ro-RO","@id":"https:\/\/xstyle.md\/#\/schema\/logo\/image\/","url":"https:\/\/xstyle.md\/wp-content\/uploads\/2020\/06\/logoicon.svg","contentUrl":"https:\/\/xstyle.md\/wp-content\/uploads\/2020\/06\/logoicon.svg","caption":"\u041c\u0430\u0433\u0430\u0437\u0438\u043d Xstyle"},"image":{"@id":"https:\/\/xstyle.md\/#\/schema\/logo\/image\/"},"sameAs":["https:\/\/www.facebook.com\/xstylemd","https:\/\/www.instagram.com\/xstyle_md\/","https:\/\/t.me\/xstyle_outdoor"],"hasMerchantReturnPolicy":{"@type":"MerchantReturnPolicy","merchantReturnLink":"https:\/\/xstyle.md\/ro\/conditions\/"}}]},"product_price_amount":"9590.00","product_price_currency":"MDL","og_availability":"instock","product_availability":"instock","product_retailer_item_id":"3607684638283","product_condition":"new"},"_links":{"self":[{"href":"https:\/\/xstyle.md\/ro\/wp-json\/wp\/v2\/product\/90013","targetHints":{"allow":["GET"]}}],"collection":[{"href":"https:\/\/xstyle.md\/ro\/wp-json\/wp\/v2\/product"}],"about":[{"href":"https:\/\/xstyle.md\/ro\/wp-json\/wp\/v2\/types\/product"}],"replies":[{"embeddable":true,"href":"https:\/\/xstyle.md\/ro\/wp-json\/wp\/v2\/comments?post=90013"}],"wp:featuredmedia":[{"embeddable":true,"href":"https:\/\/xstyle.md\/ro\/wp-json\/wp\/v2\/media\/90523"}],"wp:attachment":[{"href":"https:\/\/xstyle.md\/ro\/wp-json\/wp\/v2\/media?parent=90013"}],"wp:term":[{"taxonomy":"product_brand","embeddable":true,"href":"https:\/\/xstyle.md\/ro\/wp-json\/wp\/v2\/product_brand?post=90013"},{"taxonomy":"product_cat","embeddable":true,"href":"https:\/\/xstyle.md\/ro\/wp-json\/wp\/v2\/product_cat?post=90013"},{"taxonomy":"product_tag","embeddable":true,"href":"https:\/\/xstyle.md\/ro\/wp-json\/wp\/v2\/product_tag?post=90013"}],"curies":[{"name":"wp","href":"https:\/\/api.w.org\/{rel}","templated":true}]}}