{"id":90012,"date":"2024-11-25T11:58:33","date_gmt":"2024-11-25T08:58:33","guid":{"rendered":"https:\/\/xstyle.md\/?post_type=product&#038;p=90012"},"modified":"2026-03-19T17:30:31","modified_gmt":"2026-03-19T14:30:31","slug":"kurtka-rossignol-flat-wmn-birch","status":"publish","type":"product","link":"https:\/\/xstyle.md\/ro\/produs\/kurtka-rossignol-flat-wmn-birch\/","title":{"rendered":"Geac\u0103 de schi Rossignol Flat Wmn birch"},"content":{"rendered":"<\/p>\n<p><strong>Rossignol Flat<\/strong> &#8212; este o geac\u0103 de schi pentru dam\u0103, alegerea ideal\u0103 pentru perfec\u021bionarea tehnicii de carving. Liniile curate \u0219i croiala cambrat\u0103 \u00eei confer\u0103 un stil clasic, \u00een timp ce izola\u021bia u\u0219oar\u0103 \u0219i construc\u021bia impermeabil\u0103 \u0219i respirabil\u0103 asigur\u0103 confortul pe parcursul \u00eentregii zile pe p\u00e2rtie. Detalii precum fusta anti-z\u0103pad\u0103 integrat\u0103 \u0219i man\u0219etele cu orificii pentru degetul mare protejeaz\u0103 \u00eempotriva frigului, permi\u021b\u00e2ndu-v\u0103 s\u0103 v\u0103 concentra\u021bi pe schiat. Dot\u0103rile suplimentare, cum ar fi buzunarul pentru ski-pass \u0219i suportul pentru chei, fac fiecare zi la munte c\u00e2t mai confortabil\u0103.<\/p>\n<h3>Particularita\u021bi<\/h3>\n<ul>\n<li>Croial\u0103 clasic\u0103 \u0219i mulat\u0103, inspirat\u0103 de stilul sportiv de schi<\/li>\n<li>Cus\u0103turi principale sigilate \u0219i vulcanizate \u00een punctele critice pentru a bloca v\u00e2ntul, z\u0103pada \u0219i ploaia<\/li>\n<li>Ventila\u021bie &#8212; fermoarele de sub bra\u021b ajut\u0103 la reglarea eficient\u0103 a temperaturii corpului<\/li>\n<li>Izola\u021bie Primaloft\u00ae Black ECO care men\u021bine c\u0103ldura chiar \u0219i \u00een condi\u021bii de umiditate, utilizeaz\u0103 material 100% reciclat din sticle de plastic, certificat conform standardului GRS<\/li>\n<li>Buzunar pentru ski-pass, man\u0219ete cu orificii pentru degetul mare \u0219i lavet\u0103 integrat\u0103 pentru cur\u0103\u021barea ochelarilor<\/li>\n<li>Protec\u021bia DWR durabil &#8212; \u00eenveli\u0219ul hidrofug protejeaz\u0103 \u00eempotriva ninsorilor \u0219i ploilor u\u0219oare<\/li>\n<\/ul>\n<h3>Caracteristici<\/h3>\n<ul>\n<li>Material \u2014 100% poliester<\/li>\n<li>Impermeabilitate \u2014 20 000 mm<\/li>\n<li>Respirabilitate \u2014 15 000 g\/m\u00b2\/24h<\/li>\n<li>Model \u2014 Dam\u0103<\/li>\n<\/ul>\n<h3>Tehnologii<\/h3>\n<ul>\n<li><strong>PrimaLoft<\/strong>\u00ae <strong>Black Eco<\/strong> \u2014 este un material izolator u\u0219or, moale \u0219i compact, ob\u021binut prin reciclarea sticlelor de plastic, a pungilor \u0219i a altor materii prime. Acesta men\u021bine c\u0103ldura chiar \u0219i \u00een stare umed\u0103, iar propriet\u0103\u021bile sale de izolare termic\u0103 sunt comparabile cu cele ale pufului natural. Materialul permite trecerea vaporilor, l\u0103s\u00e2nd corpul s\u0103 respire, absoarbe foarte pu\u021bin\u0103 umiditate \u0219i p\u0103streaz\u0103 senza\u021bia de c\u0103ldur\u0103 \u0219i uscat.<\/li>\n<li><strong>DWR <\/strong>(Durable Water Repellent) \u2013 este un strat protector aplicat la suprafa\u021ba materialului care \u00eembun\u0103t\u0103\u021be\u0219te propriet\u0103\u021bile func\u021bionale ale hainei. Acesta rezist\u0103 p\u00e2n\u0103 la 10 cicluri de sp\u0103lare \u0219i poate fi re\u00eennoit u\u0219or cu spray-uri specializate (ex. Toko Textile Proof). Varianta DWR C6 este mai prietenoas\u0103 cu mediul \u00eenconjur\u0103tor.<br \/>\n<\/li>\n<\/ul>\n<h3>Marca<\/h3>\n<p>\u00cen urm\u0103 cu mai bine de 100 de ani, mai precis \u00een 1907, \u00een ora\u0219ul Voiron, nu departe de Grenoble (Fran\u021ba), t\u00e2mplarul Abel Rossignol a creat o mic\u0103 firm\u0103 specializat\u0103 \u00een produc\u021bia de produse din lemn pentru industria textil\u0103. Deja \u00een acel moment, Abel Rossignol se g\u00e2ndea cum s\u0103 \u00eenfiin\u021beze produc\u021bia propriilor schiuri din lemn. Patru ani mai t\u00e2rziu, prima pereche de schiuri a v\u0103zut lumina.<\/p>\n<p>Deja \u00een 1911, dup\u0103 o expedi\u021bie \u00een Scandinavia, a fost creat un departament la firma care se ocupa exclusiv de schi. Ast\u0103zi, Rossignol combin\u0103 mai multe m\u0103rci: Rossignol, Dynastar, Lange \u0219i Risport \u0219i ofer\u0103 o gam\u0103 complet\u0103 de echipamente pentru sporturile de iarn\u0103 - totul pentru cei care iubesc sportul.<\/p>","protected":false},"excerpt":{"rendered":"<p>\u0411\u0440\u0435\u043d\u0434 \u0411\u043e\u043b\u0435\u0435 100 \u043b\u0435\u0442 \u043d\u0430\u0437\u0430\u0434, \u0430 \u0442\u043e\u0447\u043d\u0435\u0435 \u0432 1907-\u043c \u0433\u043e\u0434\u0443 \u0432 \u043c\u0435\u0441\u0442\u0435\u0447\u043a\u0435 \u0412\u0443\u0430\u0440\u043e\u043d, \u043d\u0435\u0434\u0430\u043b\u0435\u043a\u043e \u043e\u0442 \u0413\u0440\u0435\u043d\u043e\u0431\u043b\u044f (\u0424\u0440\u0430\u043d\u0446\u0438\u044f) \u043f\u043b\u043e\u0442\u043d\u0438\u043a \u0410\u0431\u0435\u043b\u044c \u0420\u043e\u0441\u0441\u0438\u043d\u044c\u043e\u043b\u044c \u0441\u043e\u0437\u0434\u0430\u043b \u043d\u0435\u0431\u043e\u043b\u044c\u0448\u0443\u044e \u0444\u0438\u0440\u043c\u0443, \u043a\u043e\u0442\u043e\u0440\u0430\u044f \u0441\u043f\u0435\u0446\u0438\u0430\u043b\u0438\u0437\u0438\u0440\u043e\u0432\u0430\u043b\u0430\u0441\u044c \u043d\u0430 \u0432\u044b\u043f\u0443\u0441\u043a\u0435 \u0434\u0435\u0440\u0435\u0432\u044f\u043d\u043d\u044b\u0445 \u0438\u0437\u0434\u0435\u043b\u0438\u0439 \u0434\u043b\u044f \u0442\u0435\u043a\u0441\u0442\u0438\u043b\u044c\u043d\u043e\u0439 \u043f\u0440\u043e\u043c\u044b\u0448\u043b\u0435\u043d\u043d\u043e\u0441\u0442\u0438. \u0423\u0436\u0435 \u0432 \u0442\u043e \u0432\u0440\u0435\u043c\u044f \u0410\u0431\u0435\u043b\u044c \u0420\u043e\u0441\u0441\u0438\u043d\u044c\u043e\u043b\u044c \u0437\u0430\u0434\u0443\u043c\u044b\u0432\u0430\u043b\u0441\u044f \u043e \u0442\u043e\u043c, \u043a\u0430\u043a \u043d\u0430\u043b\u0430\u0434\u0438\u0442\u044c \u043f\u0440\u043e\u0438\u0437\u0432\u043e\u0434\u0441\u0442\u0432\u043e \u0441\u043e\u0431\u0441\u0442\u0432\u0435\u043d\u043d\u044b\u0445 \u0434\u0435\u0440\u0435\u0432\u044f\u043d\u043d\u044b\u0445 \u043b\u044b\u0436. \u0421\u043f\u0443\u0441\u0442\u044f \u0447\u0435\u0442\u044b\u0440\u0435 \u0433\u043e\u0434\u0430 \u043f\u0435\u0440\u0432\u0430\u044f \u043f\u0430\u0440\u0430 \u043b\u044b\u0436 \u0443\u0432\u0438\u0434\u0435\u043b\u0430 \u0441\u0432\u0435\u0442. [&hellip;]<\/p>\n","protected":false},"featured_media":90508,"comment_status":"open","ping_status":"closed","template":"","meta":{"_acf_changed":false,"inline_featured_image":false},"product_brand":[1320],"product_cat":[430],"product_tag":[],"class_list":{"0":"post-90012","1":"product","2":"type-product","3":"status-publish","4":"has-post-thumbnail","6":"product_brand-rossignol","7":"product_cat-jachete-de-schi-femei","9":"first","10":"instock","11":"shipping-taxable","12":"purchasable","13":"product-type-simple"},"acf":[],"yoast_head":"<!-- This site is optimized with the Yoast SEO plugin v27.4 - https:\/\/yoast.com\/product\/yoast-seo-wordpress\/ -->\n<title>\u041a\u0443\u0440\u0442\u043a\u0430 Rossignol Flat Wmn birch - \u041c\u0430\u0433\u0430\u0437\u0438\u043d Xstyle<\/title>\n<meta name=\"robots\" content=\"index, follow, max-snippet:-1, max-image-preview:large, max-video-preview:-1\" \/>\n<link rel=\"canonical\" href=\"https:\/\/xstyle.md\/ro\/produs\/kurtka-rossignol-flat-wmn-birch\/\" \/>\n<meta property=\"og:locale\" content=\"ro_RO\" \/>\n<meta property=\"og:type\" content=\"article\" \/>\n<meta property=\"og:title\" content=\"\u041a\u0443\u0440\u0442\u043a\u0430 Rossignol Flat Wmn birch - \u041c\u0430\u0433\u0430\u0437\u0438\u043d Xstyle\" \/>\n<meta property=\"og:description\" content=\"\u0411\u0440\u0435\u043d\u0434 \u0411\u043e\u043b\u0435\u0435 100 \u043b\u0435\u0442 \u043d\u0430\u0437\u0430\u0434, \u0430 \u0442\u043e\u0447\u043d\u0435\u0435 \u0432 1907-\u043c \u0433\u043e\u0434\u0443 \u0432 \u043c\u0435\u0441\u0442\u0435\u0447\u043a\u0435 \u0412\u0443\u0430\u0440\u043e\u043d, \u043d\u0435\u0434\u0430\u043b\u0435\u043a\u043e \u043e\u0442 \u0413\u0440\u0435\u043d\u043e\u0431\u043b\u044f (\u0424\u0440\u0430\u043d\u0446\u0438\u044f) \u043f\u043b\u043e\u0442\u043d\u0438\u043a \u0410\u0431\u0435\u043b\u044c \u0420\u043e\u0441\u0441\u0438\u043d\u044c\u043e\u043b\u044c \u0441\u043e\u0437\u0434\u0430\u043b \u043d\u0435\u0431\u043e\u043b\u044c\u0448\u0443\u044e \u0444\u0438\u0440\u043c\u0443, \u043a\u043e\u0442\u043e\u0440\u0430\u044f \u0441\u043f\u0435\u0446\u0438\u0430\u043b\u0438\u0437\u0438\u0440\u043e\u0432\u0430\u043b\u0430\u0441\u044c \u043d\u0430 \u0432\u044b\u043f\u0443\u0441\u043a\u0435 \u0434\u0435\u0440\u0435\u0432\u044f\u043d\u043d\u044b\u0445 \u0438\u0437\u0434\u0435\u043b\u0438\u0439 \u0434\u043b\u044f \u0442\u0435\u043a\u0441\u0442\u0438\u043b\u044c\u043d\u043e\u0439 \u043f\u0440\u043e\u043c\u044b\u0448\u043b\u0435\u043d\u043d\u043e\u0441\u0442\u0438. \u0423\u0436\u0435 \u0432 \u0442\u043e \u0432\u0440\u0435\u043c\u044f \u0410\u0431\u0435\u043b\u044c \u0420\u043e\u0441\u0441\u0438\u043d\u044c\u043e\u043b\u044c \u0437\u0430\u0434\u0443\u043c\u044b\u0432\u0430\u043b\u0441\u044f \u043e \u0442\u043e\u043c, \u043a\u0430\u043a \u043d\u0430\u043b\u0430\u0434\u0438\u0442\u044c \u043f\u0440\u043e\u0438\u0437\u0432\u043e\u0434\u0441\u0442\u0432\u043e \u0441\u043e\u0431\u0441\u0442\u0432\u0435\u043d\u043d\u044b\u0445 \u0434\u0435\u0440\u0435\u0432\u044f\u043d\u043d\u044b\u0445 \u043b\u044b\u0436. \u0421\u043f\u0443\u0441\u0442\u044f \u0447\u0435\u0442\u044b\u0440\u0435 \u0433\u043e\u0434\u0430 \u043f\u0435\u0440\u0432\u0430\u044f \u043f\u0430\u0440\u0430 \u043b\u044b\u0436 \u0443\u0432\u0438\u0434\u0435\u043b\u0430 \u0441\u0432\u0435\u0442. [&hellip;]\" \/>\n<meta property=\"og:url\" content=\"https:\/\/xstyle.md\/ro\/produs\/kurtka-rossignol-flat-wmn-birch\/\" \/>\n<meta property=\"og:site_name\" content=\"\u041c\u0430\u0433\u0430\u0437\u0438\u043d Xstyle\" \/>\n<meta property=\"article:publisher\" content=\"https:\/\/www.facebook.com\/xstylemd\" \/>\n<meta property=\"article:modified_time\" content=\"2026-03-19T14:30:31+00:00\" \/>\n<meta property=\"og:image\" content=\"https:\/\/xstyle.md\/wp-content\/uploads\/2024\/11\/rossignol-flat-wmn-birch.webp\" \/>\n\t<meta property=\"og:image:width\" content=\"500\" \/>\n\t<meta property=\"og:image:height\" content=\"500\" \/>\n\t<meta property=\"og:image:type\" content=\"image\/webp\" \/>\n<meta name=\"twitter:card\" content=\"summary_large_image\" \/>\n<meta name=\"twitter:label1\" content=\"Pre\u021b\" \/>\n\t<meta name=\"twitter:data1\" content=\"5.790&nbsp;MDL\" \/>\n\t<meta name=\"twitter:label2\" content=\"Disponibilitate\" \/>\n\t<meta name=\"twitter:data2\" content=\"\u00cen stoc\" \/>\n<script type=\"application\/ld+json\" class=\"yoast-schema-graph\">{\"@context\":\"https:\\\/\\\/schema.org\",\"@graph\":[{\"@type\":\"WebPage\",\"@id\":\"https:\\\/\\\/xstyle.md\\\/product\\\/kurtka-rossignol-flat-wmn-birch\\\/\",\"url\":\"https:\\\/\\\/xstyle.md\\\/product\\\/kurtka-rossignol-flat-wmn-birch\\\/\",\"name\":\"\u041a\u0443\u0440\u0442\u043a\u0430 Rossignol Flat Wmn birch - \u041c\u0430\u0433\u0430\u0437\u0438\u043d Xstyle\",\"isPartOf\":{\"@id\":\"https:\\\/\\\/xstyle.md\\\/#website\"},\"primaryImageOfPage\":{\"@id\":\"https:\\\/\\\/xstyle.md\\\/product\\\/kurtka-rossignol-flat-wmn-birch\\\/#primaryimage\"},\"image\":{\"@id\":\"https:\\\/\\\/xstyle.md\\\/product\\\/kurtka-rossignol-flat-wmn-birch\\\/#primaryimage\"},\"thumbnailUrl\":\"https:\\\/\\\/xstyle.md\\\/wp-content\\\/uploads\\\/2024\\\/11\\\/rossignol-flat-wmn-birch.webp\",\"datePublished\":\"2024-11-25T08:58:33+00:00\",\"dateModified\":\"2026-03-19T14:30:31+00:00\",\"breadcrumb\":{\"@id\":\"https:\\\/\\\/xstyle.md\\\/product\\\/kurtka-rossignol-flat-wmn-birch\\\/#breadcrumb\"},\"inLanguage\":\"ro-RO\",\"potentialAction\":[{\"@type\":\"ReadAction\",\"target\":[\"https:\\\/\\\/xstyle.md\\\/product\\\/kurtka-rossignol-flat-wmn-birch\\\/\"]}]},{\"@type\":\"ImageObject\",\"inLanguage\":\"ro-RO\",\"@id\":\"https:\\\/\\\/xstyle.md\\\/product\\\/kurtka-rossignol-flat-wmn-birch\\\/#primaryimage\",\"url\":\"https:\\\/\\\/xstyle.md\\\/wp-content\\\/uploads\\\/2024\\\/11\\\/rossignol-flat-wmn-birch.webp\",\"contentUrl\":\"https:\\\/\\\/xstyle.md\\\/wp-content\\\/uploads\\\/2024\\\/11\\\/rossignol-flat-wmn-birch.webp\",\"width\":500,\"height\":500,\"caption\":\"\u0416\u0435\u043d\u0441\u043a\u0430\u044f \u043e\u0434\u0435\u0436\u0434\u0430 \u0434\u043b\u044f \u0430\u043a\u0442\u0438\u0432\u043d\u043e\u0433\u043e \u043e\u0442\u0434\u044b\u0445\u0430, \u043e\u0434\u0435\u0436\u0434\u0430 Rossignol, \u0443\u0434\u043e\u0431\u043d\u044b\u0435 \u0437\u0438\u043c\u043d\u0438\u0435 \u0441\u0430\u043f\u043e\u0433\u0438, \u043e\u0431\u0443\u0432\u044c \u0434\u043b\u044f \u043f\u0443\u0442\u0435\u0448\u0435\u0441\u0442\u0432\u0438\u0439, \u0433\u043e\u0440\u043d\u044b\u0435 \u043f\u043e\u0445\u043e\u0434\u044b, \u0441\u0442\u0438\u043b\u044c\u043d\u044b\u0435 \u0437\u0438\u043c\u043d\u0438\u0435 \u0432\u0435\u0449\u0438.\"},{\"@type\":\"BreadcrumbList\",\"@id\":\"https:\\\/\\\/xstyle.md\\\/product\\\/kurtka-rossignol-flat-wmn-birch\\\/#breadcrumb\",\"itemListElement\":[{\"@type\":\"ListItem\",\"position\":1,\"name\":\"\u0413\u043b\u0430\u0432\u043d\u0430\u044f \u0441\u0442\u0440\u0430\u043d\u0438\u0446\u0430\",\"item\":\"https:\\\/\\\/xstyle.md\\\/\"},{\"@type\":\"ListItem\",\"position\":2,\"name\":\"\u041c\u0430\u0433\u0430\u0437\u0438\u043d\",\"item\":\"https:\\\/\\\/xstyle.md\\\/shop\\\/\"},{\"@type\":\"ListItem\",\"position\":3,\"name\":\"\u041a\u0443\u0440\u0442\u043a\u0430 Rossignol Flat Wmn birch\"}]},{\"@type\":\"WebSite\",\"@id\":\"https:\\\/\\\/xstyle.md\\\/#website\",\"url\":\"https:\\\/\\\/xstyle.md\\\/\",\"name\":\"\u041c\u0430\u0433\u0430\u0437\u0438\u043d Xstyle\",\"description\":\"C\u043d\u0430\u0440\u044f\u0436\u0435\u043d\u0438\u0435 \u0434\u043b\u044f \u0442\u0443\u0440\u0438\u0437\u043c\u0430 \u0438 \u044d\u043a\u0441\u0442\u0440\u0435\u043c\u0430\u043b\u044c\u043d\u044b\u0445 \u0432\u0438\u0434\u043e\u0432 \u0441\u043f\u043e\u0440\u0442\u0430 \u0432 \u041c\u043e\u043b\u0434\u043e\u0432\u0435.. \u0426\u0435\u043d\u044b, \u0444\u043e\u0442\u043e, \u0445\u0430\u0440\u0430\u043a\u0442\u0435\u0440\u0438\u0441\u0442\u0438\u043a\u0438 \u0432 \u041c\u043e\u043b\u0434\u043e\u0432\u0435.\",\"publisher\":{\"@id\":\"https:\\\/\\\/xstyle.md\\\/#organization\"},\"alternateName\":\"X-Style\",\"potentialAction\":[{\"@type\":\"SearchAction\",\"target\":{\"@type\":\"EntryPoint\",\"urlTemplate\":\"https:\\\/\\\/xstyle.md\\\/?s={search_term_string}\"},\"query-input\":{\"@type\":\"PropertyValueSpecification\",\"valueRequired\":true,\"valueName\":\"search_term_string\"}}],\"inLanguage\":\"ro-RO\"},{\"@type\":\"Organization\",\"@id\":\"https:\\\/\\\/xstyle.md\\\/#organization\",\"name\":\"\u041c\u0430\u0433\u0430\u0437\u0438\u043d Xstyle\",\"alternateName\":\"x-style\",\"url\":\"https:\\\/\\\/xstyle.md\\\/\",\"logo\":{\"@type\":\"ImageObject\",\"inLanguage\":\"ro-RO\",\"@id\":\"https:\\\/\\\/xstyle.md\\\/#\\\/schema\\\/logo\\\/image\\\/\",\"url\":\"https:\\\/\\\/xstyle.md\\\/wp-content\\\/uploads\\\/2020\\\/06\\\/logoicon.svg\",\"contentUrl\":\"https:\\\/\\\/xstyle.md\\\/wp-content\\\/uploads\\\/2020\\\/06\\\/logoicon.svg\",\"caption\":\"\u041c\u0430\u0433\u0430\u0437\u0438\u043d Xstyle\"},\"image\":{\"@id\":\"https:\\\/\\\/xstyle.md\\\/#\\\/schema\\\/logo\\\/image\\\/\"},\"sameAs\":[\"https:\\\/\\\/www.facebook.com\\\/xstylemd\",\"https:\\\/\\\/www.instagram.com\\\/xstyle_md\\\/\",\"https:\\\/\\\/t.me\\\/xstyle_outdoor\"],\"hasMerchantReturnPolicy\":{\"@type\":\"MerchantReturnPolicy\",\"merchantReturnLink\":\"https:\\\/\\\/xstyle.md\\\/ro\\\/conditions\\\/\"}}]}<\/script>\n<meta property=\"product:price:amount\" content=\"5790.00\" \/>\n<meta property=\"product:price:currency\" content=\"MDL\" \/>\n<meta property=\"og:availability\" content=\"instock\" \/>\n<meta property=\"product:availability\" content=\"instock\" \/>\n<meta property=\"product:retailer_item_id\" content=\"3607684646028\" \/>\n<meta property=\"product:condition\" content=\"new\" \/>\n<!-- \/ Yoast SEO plugin. -->","yoast_head_json":{"title":"\u041a\u0443\u0440\u0442\u043a\u0430 Rossignol Flat Wmn birch - \u041c\u0430\u0433\u0430\u0437\u0438\u043d Xstyle","robots":{"index":"index","follow":"follow","max-snippet":"max-snippet:-1","max-image-preview":"max-image-preview:large","max-video-preview":"max-video-preview:-1"},"canonical":"https:\/\/xstyle.md\/ro\/produs\/kurtka-rossignol-flat-wmn-birch\/","og_locale":"ro_RO","og_type":"article","og_title":"\u041a\u0443\u0440\u0442\u043a\u0430 Rossignol Flat Wmn birch - \u041c\u0430\u0433\u0430\u0437\u0438\u043d Xstyle","og_description":"\u0411\u0440\u0435\u043d\u0434 \u0411\u043e\u043b\u0435\u0435 100 \u043b\u0435\u0442 \u043d\u0430\u0437\u0430\u0434, \u0430 \u0442\u043e\u0447\u043d\u0435\u0435 \u0432 1907-\u043c \u0433\u043e\u0434\u0443 \u0432 \u043c\u0435\u0441\u0442\u0435\u0447\u043a\u0435 \u0412\u0443\u0430\u0440\u043e\u043d, \u043d\u0435\u0434\u0430\u043b\u0435\u043a\u043e \u043e\u0442 \u0413\u0440\u0435\u043d\u043e\u0431\u043b\u044f (\u0424\u0440\u0430\u043d\u0446\u0438\u044f) \u043f\u043b\u043e\u0442\u043d\u0438\u043a \u0410\u0431\u0435\u043b\u044c \u0420\u043e\u0441\u0441\u0438\u043d\u044c\u043e\u043b\u044c \u0441\u043e\u0437\u0434\u0430\u043b \u043d\u0435\u0431\u043e\u043b\u044c\u0448\u0443\u044e \u0444\u0438\u0440\u043c\u0443, \u043a\u043e\u0442\u043e\u0440\u0430\u044f \u0441\u043f\u0435\u0446\u0438\u0430\u043b\u0438\u0437\u0438\u0440\u043e\u0432\u0430\u043b\u0430\u0441\u044c \u043d\u0430 \u0432\u044b\u043f\u0443\u0441\u043a\u0435 \u0434\u0435\u0440\u0435\u0432\u044f\u043d\u043d\u044b\u0445 \u0438\u0437\u0434\u0435\u043b\u0438\u0439 \u0434\u043b\u044f \u0442\u0435\u043a\u0441\u0442\u0438\u043b\u044c\u043d\u043e\u0439 \u043f\u0440\u043e\u043c\u044b\u0448\u043b\u0435\u043d\u043d\u043e\u0441\u0442\u0438. \u0423\u0436\u0435 \u0432 \u0442\u043e \u0432\u0440\u0435\u043c\u044f \u0410\u0431\u0435\u043b\u044c \u0420\u043e\u0441\u0441\u0438\u043d\u044c\u043e\u043b\u044c \u0437\u0430\u0434\u0443\u043c\u044b\u0432\u0430\u043b\u0441\u044f \u043e \u0442\u043e\u043c, \u043a\u0430\u043a \u043d\u0430\u043b\u0430\u0434\u0438\u0442\u044c \u043f\u0440\u043e\u0438\u0437\u0432\u043e\u0434\u0441\u0442\u0432\u043e \u0441\u043e\u0431\u0441\u0442\u0432\u0435\u043d\u043d\u044b\u0445 \u0434\u0435\u0440\u0435\u0432\u044f\u043d\u043d\u044b\u0445 \u043b\u044b\u0436. \u0421\u043f\u0443\u0441\u0442\u044f \u0447\u0435\u0442\u044b\u0440\u0435 \u0433\u043e\u0434\u0430 \u043f\u0435\u0440\u0432\u0430\u044f \u043f\u0430\u0440\u0430 \u043b\u044b\u0436 \u0443\u0432\u0438\u0434\u0435\u043b\u0430 \u0441\u0432\u0435\u0442. [&hellip;]","og_url":"https:\/\/xstyle.md\/ro\/produs\/kurtka-rossignol-flat-wmn-birch\/","og_site_name":"\u041c\u0430\u0433\u0430\u0437\u0438\u043d Xstyle","article_publisher":"https:\/\/www.facebook.com\/xstylemd","article_modified_time":"2026-03-19T14:30:31+00:00","og_image":[{"width":500,"height":500,"url":"https:\/\/xstyle.md\/wp-content\/uploads\/2024\/11\/rossignol-flat-wmn-birch.webp","type":"image\/webp"}],"twitter_card":"summary_large_image","twitter_misc":{"Pre\u021b":"5.790&nbsp;MDL","Disponibilitate":"\u00cen stoc"},"schema":{"@context":"https:\/\/schema.org","@graph":[{"@type":"WebPage","@id":"https:\/\/xstyle.md\/product\/kurtka-rossignol-flat-wmn-birch\/","url":"https:\/\/xstyle.md\/product\/kurtka-rossignol-flat-wmn-birch\/","name":"\u041a\u0443\u0440\u0442\u043a\u0430 Rossignol Flat Wmn birch - \u041c\u0430\u0433\u0430\u0437\u0438\u043d Xstyle","isPartOf":{"@id":"https:\/\/xstyle.md\/#website"},"primaryImageOfPage":{"@id":"https:\/\/xstyle.md\/product\/kurtka-rossignol-flat-wmn-birch\/#primaryimage"},"image":{"@id":"https:\/\/xstyle.md\/product\/kurtka-rossignol-flat-wmn-birch\/#primaryimage"},"thumbnailUrl":"https:\/\/xstyle.md\/wp-content\/uploads\/2024\/11\/rossignol-flat-wmn-birch.webp","datePublished":"2024-11-25T08:58:33+00:00","dateModified":"2026-03-19T14:30:31+00:00","breadcrumb":{"@id":"https:\/\/xstyle.md\/product\/kurtka-rossignol-flat-wmn-birch\/#breadcrumb"},"inLanguage":"ro-RO","potentialAction":[{"@type":"ReadAction","target":["https:\/\/xstyle.md\/product\/kurtka-rossignol-flat-wmn-birch\/"]}]},{"@type":"ImageObject","inLanguage":"ro-RO","@id":"https:\/\/xstyle.md\/product\/kurtka-rossignol-flat-wmn-birch\/#primaryimage","url":"https:\/\/xstyle.md\/wp-content\/uploads\/2024\/11\/rossignol-flat-wmn-birch.webp","contentUrl":"https:\/\/xstyle.md\/wp-content\/uploads\/2024\/11\/rossignol-flat-wmn-birch.webp","width":500,"height":500,"caption":"\u0416\u0435\u043d\u0441\u043a\u0430\u044f \u043e\u0434\u0435\u0436\u0434\u0430 \u0434\u043b\u044f \u0430\u043a\u0442\u0438\u0432\u043d\u043e\u0433\u043e \u043e\u0442\u0434\u044b\u0445\u0430, \u043e\u0434\u0435\u0436\u0434\u0430 Rossignol, \u0443\u0434\u043e\u0431\u043d\u044b\u0435 \u0437\u0438\u043c\u043d\u0438\u0435 \u0441\u0430\u043f\u043e\u0433\u0438, \u043e\u0431\u0443\u0432\u044c \u0434\u043b\u044f \u043f\u0443\u0442\u0435\u0448\u0435\u0441\u0442\u0432\u0438\u0439, \u0433\u043e\u0440\u043d\u044b\u0435 \u043f\u043e\u0445\u043e\u0434\u044b, \u0441\u0442\u0438\u043b\u044c\u043d\u044b\u0435 \u0437\u0438\u043c\u043d\u0438\u0435 \u0432\u0435\u0449\u0438."},{"@type":"BreadcrumbList","@id":"https:\/\/xstyle.md\/product\/kurtka-rossignol-flat-wmn-birch\/#breadcrumb","itemListElement":[{"@type":"ListItem","position":1,"name":"\u0413\u043b\u0430\u0432\u043d\u0430\u044f \u0441\u0442\u0440\u0430\u043d\u0438\u0446\u0430","item":"https:\/\/xstyle.md\/"},{"@type":"ListItem","position":2,"name":"\u041c\u0430\u0433\u0430\u0437\u0438\u043d","item":"https:\/\/xstyle.md\/shop\/"},{"@type":"ListItem","position":3,"name":"\u041a\u0443\u0440\u0442\u043a\u0430 Rossignol Flat Wmn birch"}]},{"@type":"WebSite","@id":"https:\/\/xstyle.md\/#website","url":"https:\/\/xstyle.md\/","name":"Magazinul X-Style","description":"Echipamente pentru turism \u0219i sporturi extreme \u00een Moldova. Pre\u021buri, fotografii, caracteristici \u00een Moldova.","publisher":{"@id":"https:\/\/xstyle.md\/#organization"},"alternateName":"X-Style","potentialAction":[{"@type":"SearchAction","target":{"@type":"EntryPoint","urlTemplate":"https:\/\/xstyle.md\/?s={search_term_string}"},"query-input":{"@type":"PropertyValueSpecification","valueRequired":true,"valueName":"search_term_string"}}],"inLanguage":"ro-RO"},{"@type":"Organization","@id":"https:\/\/xstyle.md\/#organization","name":"Magazinul X-Style","alternateName":"x-style","url":"https:\/\/xstyle.md\/","logo":{"@type":"ImageObject","inLanguage":"ro-RO","@id":"https:\/\/xstyle.md\/#\/schema\/logo\/image\/","url":"https:\/\/xstyle.md\/wp-content\/uploads\/2020\/06\/logoicon.svg","contentUrl":"https:\/\/xstyle.md\/wp-content\/uploads\/2020\/06\/logoicon.svg","caption":"\u041c\u0430\u0433\u0430\u0437\u0438\u043d Xstyle"},"image":{"@id":"https:\/\/xstyle.md\/#\/schema\/logo\/image\/"},"sameAs":["https:\/\/www.facebook.com\/xstylemd","https:\/\/www.instagram.com\/xstyle_md\/","https:\/\/t.me\/xstyle_outdoor"],"hasMerchantReturnPolicy":{"@type":"MerchantReturnPolicy","merchantReturnLink":"https:\/\/xstyle.md\/ro\/conditions\/"}}]},"product_price_amount":"5790.00","product_price_currency":"MDL","og_availability":"instock","product_availability":"instock","product_retailer_item_id":"3607684646028","product_condition":"new"},"_links":{"self":[{"href":"https:\/\/xstyle.md\/ro\/wp-json\/wp\/v2\/product\/90012","targetHints":{"allow":["GET"]}}],"collection":[{"href":"https:\/\/xstyle.md\/ro\/wp-json\/wp\/v2\/product"}],"about":[{"href":"https:\/\/xstyle.md\/ro\/wp-json\/wp\/v2\/types\/product"}],"replies":[{"embeddable":true,"href":"https:\/\/xstyle.md\/ro\/wp-json\/wp\/v2\/comments?post=90012"}],"wp:featuredmedia":[{"embeddable":true,"href":"https:\/\/xstyle.md\/ro\/wp-json\/wp\/v2\/media\/90508"}],"wp:attachment":[{"href":"https:\/\/xstyle.md\/ro\/wp-json\/wp\/v2\/media?parent=90012"}],"wp:term":[{"taxonomy":"product_brand","embeddable":true,"href":"https:\/\/xstyle.md\/ro\/wp-json\/wp\/v2\/product_brand?post=90012"},{"taxonomy":"product_cat","embeddable":true,"href":"https:\/\/xstyle.md\/ro\/wp-json\/wp\/v2\/product_cat?post=90012"},{"taxonomy":"product_tag","embeddable":true,"href":"https:\/\/xstyle.md\/ro\/wp-json\/wp\/v2\/product_tag?post=90012"}],"curies":[{"name":"wp","href":"https:\/\/api.w.org\/{rel}","templated":true}]}}