{"id":89976,"date":"2024-11-25T11:58:22","date_gmt":"2024-11-25T08:58:22","guid":{"rendered":"https:\/\/xstyle.md\/?post_type=product&#038;p=89976"},"modified":"2026-01-09T13:03:07","modified_gmt":"2026-01-09T10:03:07","slug":"kurtka-rossignol-classique-hybrid-clim-wmn-moonlite","status":"publish","type":"product","link":"https:\/\/xstyle.md\/ro\/produs\/kurtka-rossignol-classique-hybrid-clim-wmn-moonlite\/","title":{"rendered":"Jachet\u0103 Rossignol Classique Hybrid Clim Wmn moonlite"},"content":{"rendered":"<p><strong>Rossignol Classique Hybrid Clim<\/strong> - este un strat versatil care este la fel de confortabil pe cont propriu \u00een timpul unei drume\u021bii de toamn\u0103 sau sub echipamentul de schi pe munte. Izola\u021bia PrimaLoft\u00ae Black Eco cu profil redus \u00een partea din fa\u021b\u0103 \u0219i \u021bes\u0103tura elastic\u0103 pe tot parcursul men\u021bin o gam\u0103 natural\u0103 de mi\u0219c\u0103ri.<\/p>\n<h3>Particularit\u0103\u021bi<\/h3>\n<ul>\n<li>Potrivire confortabil\u0103, clasic\u0103<\/li>\n<li>Izola\u021bia Primaloft\u00ae Black u\u0219oar\u0103, respirabil\u0103 \u0219i reciclat\u0103 v\u0103 men\u021bine cald chiar \u0219i \u00een condi\u021bii umede, iar modelul 100% este fabricat din sticle de plastic reciclate.<\/li>\n<li>\u021aes\u0103tur\u0103 cu \u00eentindere optim\u0103 pentru libertate de mi\u0219care<\/li>\n<\/ul>\n<h3>Caracteristici<\/h3>\n<ul>\n<li>Compozi\u021bie - 100% Polyester;<\/li>\n<li>Izola\u021bie - PrimaLoft\u00ae Black Eco<\/li>\n<li>Aplicare - sport activ\/alpinism\/trekking;<\/li>\n<li>Sezon - prim\u0103var\u0103\/toamn\u0103\/iarn\u0103;<\/li>\n<li>Model - pentru femei.<\/li>\n<\/ul>\n<h3>Tehnologie<\/h3>\n<ul>\n<li><strong>PrimaLoft<\/strong>\u00ae\u00a0<strong>Black Eco<\/strong>\u00a0- izola\u021bie u\u0219oar\u0103, moale, compact\u0103, care a fost ob\u021binut\u0103 ca urmare a recicl\u0103rii sticlelor de plastic, pungilor \u0219i a altor materii prime. Acesta re\u021bine c\u0103ldura chiar \u0219i atunci c\u00e2nd este umed, iar propriet\u0103\u021bile sale de izolare termic\u0103 pot fi comparate cu cele ale pufului natural. Transmite perfect vaporii, permi\u021b\u00e2nd corpului s\u0103 respire \u0219i practic nu absoarbe umezeala, men\u021bin\u00e2ndu-v\u0103 cald \u0219i uscat.<\/li>\n<\/ul>\n<h3>Marca<\/h3>\n<p>\u00cen urm\u0103 cu mai bine de 100 de ani, mai precis \u00een 1907, \u00een ora\u0219ul Voiron, nu departe de Grenoble (Fran\u021ba), t\u00e2mplarul Abel Rossignol a creat o mic\u0103 firm\u0103 specializat\u0103 \u00een produc\u021bia de produse din lemn pentru industria textil\u0103. Deja \u00een acel moment, Abel Rossignol se g\u00e2ndea cum s\u0103 \u00eenfiin\u021beze produc\u021bia propriilor schiuri din lemn. Patru ani mai t\u00e2rziu, prima pereche de schiuri a v\u0103zut lumina.<\/p>\n<p>Deja \u00een 1911, dup\u0103 o expedi\u021bie \u00een Scandinavia, a fost creat un departament la firma care se ocupa exclusiv de schi. Ast\u0103zi, Rossignol combin\u0103 mai multe m\u0103rci: Rossignol, Dynastar, Lange \u0219i Risport \u0219i ofer\u0103 o gam\u0103 complet\u0103 de echipamente pentru sporturile de iarn\u0103 - totul pentru cei care iubesc sportul.<\/p>","protected":false},"excerpt":{"rendered":"<p>Rossignol Classique Hybrid Clim &#8212; \u044d\u0442\u043e \u0443\u043d\u0438\u0432\u0435\u0440\u0441\u0430\u043b\u044c\u043d\u044b\u0439 \u0441\u043b\u043e\u0439, \u043a\u043e\u0442\u043e\u0440\u044b\u0439 \u043e\u0434\u0438\u043d\u0430\u043a\u043e\u0432\u043e \u0443\u0434\u043e\u0431\u0435\u043d \u043a\u0430\u043a \u0441\u0430\u043c \u043f\u043e \u0441\u0435\u0431\u0435 \u0432\u043e \u0432\u0440\u0435\u043c\u044f \u043e\u0441\u0435\u043d\u043d\u0435\u0433\u043e \u043f\u043e\u0445\u043e\u0434\u0430, \u0442\u0430\u043a \u0438 \u043f\u043e\u0434 \u0433\u043e\u0440\u043d\u043e\u043b\u044b\u0436\u043d\u044b\u043c \u0441\u043d\u0430\u0440\u044f\u0436\u0435\u043d\u0438\u0435\u043c \u043d\u0430 \u0433\u043e\u0440\u0435. \u041d\u0438\u0437\u043a\u043e\u043f\u0440\u043e\u0444\u0438\u043b\u044c\u043d\u044b\u0439 \u0443\u0442\u0435\u043f\u043b\u0438\u0442\u0435\u043b\u044c PrimaLoft\u00ae Black Eco \u0441\u043f\u0435\u0440\u0435\u0434\u0438 \u0438 \u044d\u043b\u0430\u0441\u0442\u0438\u0447\u043d\u0430\u044f \u0442\u043a\u0430\u043d\u044c \u043f\u043e \u0432\u0441\u0435\u0439 \u0434\u043b\u0438\u043d\u0435 \u043f\u043e\u0434\u0434\u0435\u0440\u0436\u0438\u0432\u0430\u044e\u0442 \u0435\u0441\u0442\u0435\u0441\u0442\u0432\u0435\u043d\u043d\u044b\u0439 \u0434\u0438\u0430\u043f\u0430\u0437\u043e\u043d \u0434\u0432\u0438\u0436\u0435\u043d\u0438\u0439. \u041e\u0441\u043e\u0431\u0435\u043d\u043d\u043e\u0441\u0442\u0438 \u0423\u0434\u043e\u0431\u043d\u044b\u0439, \u043a\u043b\u0430\u0441\u0441\u0438\u0447\u0435\u0441\u043a\u0438\u0439 \u043a\u0440\u043e\u0439 \u041b\u0435\u0433\u043a\u0438\u0439, \u0434\u044b\u0448\u0430\u0449\u0438\u0439 \u0438 \u043f\u0435\u0440\u0435\u0440\u0430\u0431\u043e\u0442\u0430\u043d\u043d\u044b\u0439 \u0443\u0442\u0435\u043f\u043b\u0438\u0442\u0435\u043b\u044c Primaloft\u00ae Black \u0441\u043e\u0445\u0440\u0430\u043d\u044f\u0435\u0442 \u0442\u0435\u043f\u043b\u043e [&hellip;]<\/p>\n","protected":false},"featured_media":90288,"comment_status":"open","ping_status":"closed","template":"","meta":{"_acf_changed":false,"inline_featured_image":false},"product_brand":[1320],"product_cat":[243],"product_tag":[],"class_list":{"0":"post-89976","1":"product","2":"type-product","3":"status-publish","4":"has-post-thumbnail","6":"product_brand-rossignol","7":"product_cat-fleece-scurta-femei","9":"first","10":"outofstock","11":"shipping-taxable","12":"product-type-simple"},"acf":[],"yoast_head":"<!-- This site is optimized with the Yoast SEO plugin v27.4 - https:\/\/yoast.com\/product\/yoast-seo-wordpress\/ -->\n<title>\u041a\u0443\u0440\u0442\u043a\u0430 Rossignol Classique Hybrid Clim Wmn moonlite - \u041c\u0430\u0433\u0430\u0437\u0438\u043d Xstyle<\/title>\n<meta name=\"robots\" content=\"index, follow, max-snippet:-1, max-image-preview:large, max-video-preview:-1\" \/>\n<link rel=\"canonical\" href=\"https:\/\/xstyle.md\/ro\/produs\/kurtka-rossignol-classique-hybrid-clim-wmn-moonlite\/\" \/>\n<meta property=\"og:locale\" content=\"ro_RO\" \/>\n<meta property=\"og:type\" content=\"article\" \/>\n<meta property=\"og:title\" content=\"\u041a\u0443\u0440\u0442\u043a\u0430 Rossignol Classique Hybrid Clim Wmn moonlite - \u041c\u0430\u0433\u0430\u0437\u0438\u043d Xstyle\" \/>\n<meta property=\"og:description\" content=\"Rossignol Classique Hybrid Clim &#8212; \u044d\u0442\u043e \u0443\u043d\u0438\u0432\u0435\u0440\u0441\u0430\u043b\u044c\u043d\u044b\u0439 \u0441\u043b\u043e\u0439, \u043a\u043e\u0442\u043e\u0440\u044b\u0439 \u043e\u0434\u0438\u043d\u0430\u043a\u043e\u0432\u043e \u0443\u0434\u043e\u0431\u0435\u043d \u043a\u0430\u043a \u0441\u0430\u043c \u043f\u043e \u0441\u0435\u0431\u0435 \u0432\u043e \u0432\u0440\u0435\u043c\u044f \u043e\u0441\u0435\u043d\u043d\u0435\u0433\u043e \u043f\u043e\u0445\u043e\u0434\u0430, \u0442\u0430\u043a \u0438 \u043f\u043e\u0434 \u0433\u043e\u0440\u043d\u043e\u043b\u044b\u0436\u043d\u044b\u043c \u0441\u043d\u0430\u0440\u044f\u0436\u0435\u043d\u0438\u0435\u043c \u043d\u0430 \u0433\u043e\u0440\u0435. \u041d\u0438\u0437\u043a\u043e\u043f\u0440\u043e\u0444\u0438\u043b\u044c\u043d\u044b\u0439 \u0443\u0442\u0435\u043f\u043b\u0438\u0442\u0435\u043b\u044c PrimaLoft\u00ae Black Eco \u0441\u043f\u0435\u0440\u0435\u0434\u0438 \u0438 \u044d\u043b\u0430\u0441\u0442\u0438\u0447\u043d\u0430\u044f \u0442\u043a\u0430\u043d\u044c \u043f\u043e \u0432\u0441\u0435\u0439 \u0434\u043b\u0438\u043d\u0435 \u043f\u043e\u0434\u0434\u0435\u0440\u0436\u0438\u0432\u0430\u044e\u0442 \u0435\u0441\u0442\u0435\u0441\u0442\u0432\u0435\u043d\u043d\u044b\u0439 \u0434\u0438\u0430\u043f\u0430\u0437\u043e\u043d \u0434\u0432\u0438\u0436\u0435\u043d\u0438\u0439. \u041e\u0441\u043e\u0431\u0435\u043d\u043d\u043e\u0441\u0442\u0438 \u0423\u0434\u043e\u0431\u043d\u044b\u0439, \u043a\u043b\u0430\u0441\u0441\u0438\u0447\u0435\u0441\u043a\u0438\u0439 \u043a\u0440\u043e\u0439 \u041b\u0435\u0433\u043a\u0438\u0439, \u0434\u044b\u0448\u0430\u0449\u0438\u0439 \u0438 \u043f\u0435\u0440\u0435\u0440\u0430\u0431\u043e\u0442\u0430\u043d\u043d\u044b\u0439 \u0443\u0442\u0435\u043f\u043b\u0438\u0442\u0435\u043b\u044c Primaloft\u00ae Black \u0441\u043e\u0445\u0440\u0430\u043d\u044f\u0435\u0442 \u0442\u0435\u043f\u043b\u043e [&hellip;]\" \/>\n<meta property=\"og:url\" content=\"https:\/\/xstyle.md\/ro\/produs\/kurtka-rossignol-classique-hybrid-clim-wmn-moonlite\/\" \/>\n<meta property=\"og:site_name\" content=\"\u041c\u0430\u0433\u0430\u0437\u0438\u043d Xstyle\" \/>\n<meta property=\"article:publisher\" content=\"https:\/\/www.facebook.com\/xstylemd\" \/>\n<meta property=\"article:modified_time\" content=\"2026-01-09T10:03:07+00:00\" \/>\n<meta property=\"og:image\" content=\"https:\/\/xstyle.md\/wp-content\/uploads\/2024\/11\/rossignol-classique-hybrid-clim-wmn-moonlite.webp\" \/>\n\t<meta property=\"og:image:width\" content=\"500\" \/>\n\t<meta property=\"og:image:height\" content=\"500\" \/>\n\t<meta property=\"og:image:type\" content=\"image\/webp\" \/>\n<meta name=\"twitter:card\" content=\"summary_large_image\" \/>\n<meta name=\"twitter:label1\" content=\"Pre\u021b\" \/>\n\t<meta name=\"twitter:data1\" content=\"2.690&nbsp;MDL\" \/>\n\t<meta name=\"twitter:label2\" content=\"Disponibilitate\" \/>\n\t<meta name=\"twitter:data2\" content=\"Stoc epuizat\" \/>\n<script type=\"application\/ld+json\" class=\"yoast-schema-graph\">{\"@context\":\"https:\\\/\\\/schema.org\",\"@graph\":[{\"@type\":\"WebPage\",\"@id\":\"https:\\\/\\\/xstyle.md\\\/product\\\/kurtka-rossignol-classique-hybrid-clim-wmn-moonlite\\\/\",\"url\":\"https:\\\/\\\/xstyle.md\\\/product\\\/kurtka-rossignol-classique-hybrid-clim-wmn-moonlite\\\/\",\"name\":\"\u041a\u0443\u0440\u0442\u043a\u0430 Rossignol Classique Hybrid Clim Wmn moonlite - \u041c\u0430\u0433\u0430\u0437\u0438\u043d Xstyle\",\"isPartOf\":{\"@id\":\"https:\\\/\\\/xstyle.md\\\/#website\"},\"primaryImageOfPage\":{\"@id\":\"https:\\\/\\\/xstyle.md\\\/product\\\/kurtka-rossignol-classique-hybrid-clim-wmn-moonlite\\\/#primaryimage\"},\"image\":{\"@id\":\"https:\\\/\\\/xstyle.md\\\/product\\\/kurtka-rossignol-classique-hybrid-clim-wmn-moonlite\\\/#primaryimage\"},\"thumbnailUrl\":\"https:\\\/\\\/xstyle.md\\\/wp-content\\\/uploads\\\/2024\\\/11\\\/rossignol-classique-hybrid-clim-wmn-moonlite.webp\",\"datePublished\":\"2024-11-25T08:58:22+00:00\",\"dateModified\":\"2026-01-09T10:03:07+00:00\",\"breadcrumb\":{\"@id\":\"https:\\\/\\\/xstyle.md\\\/product\\\/kurtka-rossignol-classique-hybrid-clim-wmn-moonlite\\\/#breadcrumb\"},\"inLanguage\":\"ro-RO\",\"potentialAction\":[{\"@type\":\"ReadAction\",\"target\":[\"https:\\\/\\\/xstyle.md\\\/product\\\/kurtka-rossignol-classique-hybrid-clim-wmn-moonlite\\\/\"]}]},{\"@type\":\"ImageObject\",\"inLanguage\":\"ro-RO\",\"@id\":\"https:\\\/\\\/xstyle.md\\\/product\\\/kurtka-rossignol-classique-hybrid-clim-wmn-moonlite\\\/#primaryimage\",\"url\":\"https:\\\/\\\/xstyle.md\\\/wp-content\\\/uploads\\\/2024\\\/11\\\/rossignol-classique-hybrid-clim-wmn-moonlite.webp\",\"contentUrl\":\"https:\\\/\\\/xstyle.md\\\/wp-content\\\/uploads\\\/2024\\\/11\\\/rossignol-classique-hybrid-clim-wmn-moonlite.webp\",\"width\":500,\"height\":500,\"caption\":\"\u0416\u0435\u043d\u0441\u043a\u0438\u0435 \u043a\u0440\u043e\u0441\u0441\u043e\u0432\u043a\u0438 Rossignol \u0434\u043b\u044f \u0430\u043a\u0442\u0438\u0432\u043d\u043e\u0433\u043e \u043e\u0442\u0434\u044b\u0445\u0430, \u0433\u043e\u0440\u043d\u044b\u0445 \u043f\u043e\u0445\u043e\u0434\u043e\u0432 \u0438 \u043f\u0443\u0442\u0435\u0448\u0435\u0441\u0442\u0432\u0438\u0439, \u0438\u0434\u0435\u0430\u043b\u044c\u043d\u043e \u043f\u043e\u0434\u0445\u043e\u0434\u044f\u0442 \u0434\u043b\u044f \u0441\u043f\u043e\u0440\u0442\u0438\u0432\u043d\u043e\u0439 \u043e\u0434\u0435\u0436\u0434\u044b \u0438 \u043e\u0431\u0443\u0432\u0438.\"},{\"@type\":\"BreadcrumbList\",\"@id\":\"https:\\\/\\\/xstyle.md\\\/product\\\/kurtka-rossignol-classique-hybrid-clim-wmn-moonlite\\\/#breadcrumb\",\"itemListElement\":[{\"@type\":\"ListItem\",\"position\":1,\"name\":\"\u0413\u043b\u0430\u0432\u043d\u0430\u044f \u0441\u0442\u0440\u0430\u043d\u0438\u0446\u0430\",\"item\":\"https:\\\/\\\/xstyle.md\\\/\"},{\"@type\":\"ListItem\",\"position\":2,\"name\":\"\u041c\u0430\u0433\u0430\u0437\u0438\u043d\",\"item\":\"https:\\\/\\\/xstyle.md\\\/shop\\\/\"},{\"@type\":\"ListItem\",\"position\":3,\"name\":\"\u041a\u0443\u0440\u0442\u043a\u0430 Rossignol Classique Hybrid Clim Wmn moonlite\"}]},{\"@type\":\"WebSite\",\"@id\":\"https:\\\/\\\/xstyle.md\\\/#website\",\"url\":\"https:\\\/\\\/xstyle.md\\\/\",\"name\":\"\u041c\u0430\u0433\u0430\u0437\u0438\u043d Xstyle\",\"description\":\"C\u043d\u0430\u0440\u044f\u0436\u0435\u043d\u0438\u0435 \u0434\u043b\u044f \u0442\u0443\u0440\u0438\u0437\u043c\u0430 \u0438 \u044d\u043a\u0441\u0442\u0440\u0435\u043c\u0430\u043b\u044c\u043d\u044b\u0445 \u0432\u0438\u0434\u043e\u0432 \u0441\u043f\u043e\u0440\u0442\u0430 \u0432 \u041c\u043e\u043b\u0434\u043e\u0432\u0435.. \u0426\u0435\u043d\u044b, \u0444\u043e\u0442\u043e, \u0445\u0430\u0440\u0430\u043a\u0442\u0435\u0440\u0438\u0441\u0442\u0438\u043a\u0438 \u0432 \u041c\u043e\u043b\u0434\u043e\u0432\u0435.\",\"publisher\":{\"@id\":\"https:\\\/\\\/xstyle.md\\\/#organization\"},\"alternateName\":\"X-Style\",\"potentialAction\":[{\"@type\":\"SearchAction\",\"target\":{\"@type\":\"EntryPoint\",\"urlTemplate\":\"https:\\\/\\\/xstyle.md\\\/?s={search_term_string}\"},\"query-input\":{\"@type\":\"PropertyValueSpecification\",\"valueRequired\":true,\"valueName\":\"search_term_string\"}}],\"inLanguage\":\"ro-RO\"},{\"@type\":\"Organization\",\"@id\":\"https:\\\/\\\/xstyle.md\\\/#organization\",\"name\":\"\u041c\u0430\u0433\u0430\u0437\u0438\u043d Xstyle\",\"alternateName\":\"x-style\",\"url\":\"https:\\\/\\\/xstyle.md\\\/\",\"logo\":{\"@type\":\"ImageObject\",\"inLanguage\":\"ro-RO\",\"@id\":\"https:\\\/\\\/xstyle.md\\\/#\\\/schema\\\/logo\\\/image\\\/\",\"url\":\"https:\\\/\\\/xstyle.md\\\/wp-content\\\/uploads\\\/2020\\\/06\\\/logoicon.svg\",\"contentUrl\":\"https:\\\/\\\/xstyle.md\\\/wp-content\\\/uploads\\\/2020\\\/06\\\/logoicon.svg\",\"caption\":\"\u041c\u0430\u0433\u0430\u0437\u0438\u043d Xstyle\"},\"image\":{\"@id\":\"https:\\\/\\\/xstyle.md\\\/#\\\/schema\\\/logo\\\/image\\\/\"},\"sameAs\":[\"https:\\\/\\\/www.facebook.com\\\/xstylemd\",\"https:\\\/\\\/www.instagram.com\\\/xstyle_md\\\/\",\"https:\\\/\\\/t.me\\\/xstyle_outdoor\"],\"hasMerchantReturnPolicy\":{\"@type\":\"MerchantReturnPolicy\",\"merchantReturnLink\":\"https:\\\/\\\/xstyle.md\\\/ro\\\/conditions\\\/\"}}]}<\/script>\n<meta property=\"product:price:amount\" content=\"2690.00\" \/>\n<meta property=\"product:price:currency\" content=\"MDL\" \/>\n<meta property=\"og:availability\" content=\"out of stock\" \/>\n<meta property=\"product:availability\" content=\"out of stock\" \/>\n<meta property=\"product:retailer_item_id\" content=\"3607684669386\" \/>\n<meta property=\"product:condition\" content=\"new\" \/>\n<!-- \/ Yoast SEO plugin. -->","yoast_head_json":{"title":"\u041a\u0443\u0440\u0442\u043a\u0430 Rossignol Classique Hybrid Clim Wmn moonlite - \u041c\u0430\u0433\u0430\u0437\u0438\u043d Xstyle","robots":{"index":"index","follow":"follow","max-snippet":"max-snippet:-1","max-image-preview":"max-image-preview:large","max-video-preview":"max-video-preview:-1"},"canonical":"https:\/\/xstyle.md\/ro\/produs\/kurtka-rossignol-classique-hybrid-clim-wmn-moonlite\/","og_locale":"ro_RO","og_type":"article","og_title":"\u041a\u0443\u0440\u0442\u043a\u0430 Rossignol Classique Hybrid Clim Wmn moonlite - \u041c\u0430\u0433\u0430\u0437\u0438\u043d Xstyle","og_description":"Rossignol Classique Hybrid Clim &#8212; \u044d\u0442\u043e \u0443\u043d\u0438\u0432\u0435\u0440\u0441\u0430\u043b\u044c\u043d\u044b\u0439 \u0441\u043b\u043e\u0439, \u043a\u043e\u0442\u043e\u0440\u044b\u0439 \u043e\u0434\u0438\u043d\u0430\u043a\u043e\u0432\u043e \u0443\u0434\u043e\u0431\u0435\u043d \u043a\u0430\u043a \u0441\u0430\u043c \u043f\u043e \u0441\u0435\u0431\u0435 \u0432\u043e \u0432\u0440\u0435\u043c\u044f \u043e\u0441\u0435\u043d\u043d\u0435\u0433\u043e \u043f\u043e\u0445\u043e\u0434\u0430, \u0442\u0430\u043a \u0438 \u043f\u043e\u0434 \u0433\u043e\u0440\u043d\u043e\u043b\u044b\u0436\u043d\u044b\u043c \u0441\u043d\u0430\u0440\u044f\u0436\u0435\u043d\u0438\u0435\u043c \u043d\u0430 \u0433\u043e\u0440\u0435. \u041d\u0438\u0437\u043a\u043e\u043f\u0440\u043e\u0444\u0438\u043b\u044c\u043d\u044b\u0439 \u0443\u0442\u0435\u043f\u043b\u0438\u0442\u0435\u043b\u044c PrimaLoft\u00ae Black Eco \u0441\u043f\u0435\u0440\u0435\u0434\u0438 \u0438 \u044d\u043b\u0430\u0441\u0442\u0438\u0447\u043d\u0430\u044f \u0442\u043a\u0430\u043d\u044c \u043f\u043e \u0432\u0441\u0435\u0439 \u0434\u043b\u0438\u043d\u0435 \u043f\u043e\u0434\u0434\u0435\u0440\u0436\u0438\u0432\u0430\u044e\u0442 \u0435\u0441\u0442\u0435\u0441\u0442\u0432\u0435\u043d\u043d\u044b\u0439 \u0434\u0438\u0430\u043f\u0430\u0437\u043e\u043d \u0434\u0432\u0438\u0436\u0435\u043d\u0438\u0439. \u041e\u0441\u043e\u0431\u0435\u043d\u043d\u043e\u0441\u0442\u0438 \u0423\u0434\u043e\u0431\u043d\u044b\u0439, \u043a\u043b\u0430\u0441\u0441\u0438\u0447\u0435\u0441\u043a\u0438\u0439 \u043a\u0440\u043e\u0439 \u041b\u0435\u0433\u043a\u0438\u0439, \u0434\u044b\u0448\u0430\u0449\u0438\u0439 \u0438 \u043f\u0435\u0440\u0435\u0440\u0430\u0431\u043e\u0442\u0430\u043d\u043d\u044b\u0439 \u0443\u0442\u0435\u043f\u043b\u0438\u0442\u0435\u043b\u044c Primaloft\u00ae Black \u0441\u043e\u0445\u0440\u0430\u043d\u044f\u0435\u0442 \u0442\u0435\u043f\u043b\u043e [&hellip;]","og_url":"https:\/\/xstyle.md\/ro\/produs\/kurtka-rossignol-classique-hybrid-clim-wmn-moonlite\/","og_site_name":"\u041c\u0430\u0433\u0430\u0437\u0438\u043d Xstyle","article_publisher":"https:\/\/www.facebook.com\/xstylemd","article_modified_time":"2026-01-09T10:03:07+00:00","og_image":[{"width":500,"height":500,"url":"https:\/\/xstyle.md\/wp-content\/uploads\/2024\/11\/rossignol-classique-hybrid-clim-wmn-moonlite.webp","type":"image\/webp"}],"twitter_card":"summary_large_image","twitter_misc":{"Pre\u021b":"2.690&nbsp;MDL","Disponibilitate":"Stoc epuizat"},"schema":{"@context":"https:\/\/schema.org","@graph":[{"@type":"WebPage","@id":"https:\/\/xstyle.md\/product\/kurtka-rossignol-classique-hybrid-clim-wmn-moonlite\/","url":"https:\/\/xstyle.md\/product\/kurtka-rossignol-classique-hybrid-clim-wmn-moonlite\/","name":"\u041a\u0443\u0440\u0442\u043a\u0430 Rossignol Classique Hybrid Clim Wmn moonlite - \u041c\u0430\u0433\u0430\u0437\u0438\u043d Xstyle","isPartOf":{"@id":"https:\/\/xstyle.md\/#website"},"primaryImageOfPage":{"@id":"https:\/\/xstyle.md\/product\/kurtka-rossignol-classique-hybrid-clim-wmn-moonlite\/#primaryimage"},"image":{"@id":"https:\/\/xstyle.md\/product\/kurtka-rossignol-classique-hybrid-clim-wmn-moonlite\/#primaryimage"},"thumbnailUrl":"https:\/\/xstyle.md\/wp-content\/uploads\/2024\/11\/rossignol-classique-hybrid-clim-wmn-moonlite.webp","datePublished":"2024-11-25T08:58:22+00:00","dateModified":"2026-01-09T10:03:07+00:00","breadcrumb":{"@id":"https:\/\/xstyle.md\/product\/kurtka-rossignol-classique-hybrid-clim-wmn-moonlite\/#breadcrumb"},"inLanguage":"ro-RO","potentialAction":[{"@type":"ReadAction","target":["https:\/\/xstyle.md\/product\/kurtka-rossignol-classique-hybrid-clim-wmn-moonlite\/"]}]},{"@type":"ImageObject","inLanguage":"ro-RO","@id":"https:\/\/xstyle.md\/product\/kurtka-rossignol-classique-hybrid-clim-wmn-moonlite\/#primaryimage","url":"https:\/\/xstyle.md\/wp-content\/uploads\/2024\/11\/rossignol-classique-hybrid-clim-wmn-moonlite.webp","contentUrl":"https:\/\/xstyle.md\/wp-content\/uploads\/2024\/11\/rossignol-classique-hybrid-clim-wmn-moonlite.webp","width":500,"height":500,"caption":"\u0416\u0435\u043d\u0441\u043a\u0438\u0435 \u043a\u0440\u043e\u0441\u0441\u043e\u0432\u043a\u0438 Rossignol \u0434\u043b\u044f \u0430\u043a\u0442\u0438\u0432\u043d\u043e\u0433\u043e \u043e\u0442\u0434\u044b\u0445\u0430, \u0433\u043e\u0440\u043d\u044b\u0445 \u043f\u043e\u0445\u043e\u0434\u043e\u0432 \u0438 \u043f\u0443\u0442\u0435\u0448\u0435\u0441\u0442\u0432\u0438\u0439, \u0438\u0434\u0435\u0430\u043b\u044c\u043d\u043e \u043f\u043e\u0434\u0445\u043e\u0434\u044f\u0442 \u0434\u043b\u044f \u0441\u043f\u043e\u0440\u0442\u0438\u0432\u043d\u043e\u0439 \u043e\u0434\u0435\u0436\u0434\u044b \u0438 \u043e\u0431\u0443\u0432\u0438."},{"@type":"BreadcrumbList","@id":"https:\/\/xstyle.md\/product\/kurtka-rossignol-classique-hybrid-clim-wmn-moonlite\/#breadcrumb","itemListElement":[{"@type":"ListItem","position":1,"name":"\u0413\u043b\u0430\u0432\u043d\u0430\u044f \u0441\u0442\u0440\u0430\u043d\u0438\u0446\u0430","item":"https:\/\/xstyle.md\/"},{"@type":"ListItem","position":2,"name":"\u041c\u0430\u0433\u0430\u0437\u0438\u043d","item":"https:\/\/xstyle.md\/shop\/"},{"@type":"ListItem","position":3,"name":"\u041a\u0443\u0440\u0442\u043a\u0430 Rossignol Classique Hybrid Clim Wmn moonlite"}]},{"@type":"WebSite","@id":"https:\/\/xstyle.md\/#website","url":"https:\/\/xstyle.md\/","name":"Magazinul X-Style","description":"Echipamente pentru turism \u0219i sporturi extreme \u00een Moldova. Pre\u021buri, fotografii, caracteristici \u00een Moldova.","publisher":{"@id":"https:\/\/xstyle.md\/#organization"},"alternateName":"X-Style","potentialAction":[{"@type":"SearchAction","target":{"@type":"EntryPoint","urlTemplate":"https:\/\/xstyle.md\/?s={search_term_string}"},"query-input":{"@type":"PropertyValueSpecification","valueRequired":true,"valueName":"search_term_string"}}],"inLanguage":"ro-RO"},{"@type":"Organization","@id":"https:\/\/xstyle.md\/#organization","name":"Magazinul X-Style","alternateName":"x-style","url":"https:\/\/xstyle.md\/","logo":{"@type":"ImageObject","inLanguage":"ro-RO","@id":"https:\/\/xstyle.md\/#\/schema\/logo\/image\/","url":"https:\/\/xstyle.md\/wp-content\/uploads\/2020\/06\/logoicon.svg","contentUrl":"https:\/\/xstyle.md\/wp-content\/uploads\/2020\/06\/logoicon.svg","caption":"\u041c\u0430\u0433\u0430\u0437\u0438\u043d Xstyle"},"image":{"@id":"https:\/\/xstyle.md\/#\/schema\/logo\/image\/"},"sameAs":["https:\/\/www.facebook.com\/xstylemd","https:\/\/www.instagram.com\/xstyle_md\/","https:\/\/t.me\/xstyle_outdoor"],"hasMerchantReturnPolicy":{"@type":"MerchantReturnPolicy","merchantReturnLink":"https:\/\/xstyle.md\/ro\/conditions\/"}}]},"product_price_amount":"2690.00","product_price_currency":"MDL","og_availability":"out of stock","product_availability":"out of stock","product_retailer_item_id":"3607684669386","product_condition":"new"},"_links":{"self":[{"href":"https:\/\/xstyle.md\/ro\/wp-json\/wp\/v2\/product\/89976","targetHints":{"allow":["GET"]}}],"collection":[{"href":"https:\/\/xstyle.md\/ro\/wp-json\/wp\/v2\/product"}],"about":[{"href":"https:\/\/xstyle.md\/ro\/wp-json\/wp\/v2\/types\/product"}],"replies":[{"embeddable":true,"href":"https:\/\/xstyle.md\/ro\/wp-json\/wp\/v2\/comments?post=89976"}],"wp:featuredmedia":[{"embeddable":true,"href":"https:\/\/xstyle.md\/ro\/wp-json\/wp\/v2\/media\/90288"}],"wp:attachment":[{"href":"https:\/\/xstyle.md\/ro\/wp-json\/wp\/v2\/media?parent=89976"}],"wp:term":[{"taxonomy":"product_brand","embeddable":true,"href":"https:\/\/xstyle.md\/ro\/wp-json\/wp\/v2\/product_brand?post=89976"},{"taxonomy":"product_cat","embeddable":true,"href":"https:\/\/xstyle.md\/ro\/wp-json\/wp\/v2\/product_cat?post=89976"},{"taxonomy":"product_tag","embeddable":true,"href":"https:\/\/xstyle.md\/ro\/wp-json\/wp\/v2\/product_tag?post=89976"}],"curies":[{"name":"wp","href":"https:\/\/api.w.org\/{rel}","templated":true}]}}