{"id":89955,"date":"2024-11-25T11:58:17","date_gmt":"2024-11-25T08:58:17","guid":{"rendered":"https:\/\/xstyle.md\/?post_type=product&#038;p=89955"},"modified":"2026-03-04T12:38:17","modified_gmt":"2026-03-04T09:38:17","slug":"bagazhnik-na-kryshu-modula-travel-460-glossy-black","status":"publish","type":"product","link":"https:\/\/xstyle.md\/ro\/produs\/bagazhnik-na-kryshu-modula-travel-460-glossy-black\/","title":{"rendered":"Box Modula Travel 460 Glossy Black"},"content":{"rendered":"<\/p>\n<p><strong>Modula Travel 460 Glossy<\/strong> &#8212; portbagajul de acoperi\u0219 auto se remarc\u0103 prin designul s\u0103u unic, care urmeaz\u0103 cele mai recente tendin\u021be din industria auto. Ideal pentru cei implica\u021bi \u00een activit\u0103\u021bi sportive \u0219i \u00een aer liber. Datorit\u0103 \u00een\u0103l\u021bimii sale crescute, ofer\u0103 o capacitate de \u00eenc\u0103rcare mai mare.<\/p>\n<h3>Particularit\u0103\u021bi<\/h3>\n<ul>\n<li>Sistem pentru dubl\u0103 deschidere dubl\u0103<\/li>\n<li>Sistem de \u00eenchidere centralizat<\/li>\n<li>Sistem de fixare rapid\u0103<\/li>\n<li>Plastic ABS rezistent la zg\u00e2rieturi cu protec\u021bie UV.<\/li>\n<\/ul>\n<h3>Caracteristici<\/h3>\n<ul>\n<li>Deschidere &#8212; dus-\u00eentors<\/li>\n<li>\u00cenchidere &#8212; central\u0103<\/li>\n<li>Dimensiuni &#8212; 197 x 71 x 48 cm<\/li>\n<li>Capacitate &#8212; 460 litri<\/li>\n<li>Capacitate de \u00eenc\u0103rcare - 75 kg.<\/li>\n<\/ul>\n<p><\/p>","protected":false},"excerpt":{"rendered":"","protected":false},"featured_media":90218,"comment_status":"open","ping_status":"closed","template":"","meta":{"_acf_changed":false,"inline_featured_image":false},"product_brand":[1463],"product_cat":[1083],"product_tag":[],"class_list":{"0":"post-89955","1":"product","2":"type-product","3":"status-publish","4":"has-post-thumbnail","6":"product_brand-modula","7":"product_cat-modula","9":"first","10":"instock","11":"shipping-taxable","12":"purchasable","13":"product-type-simple"},"acf":[],"yoast_head":"<!-- This site is optimized with the Yoast SEO plugin v27.2 - https:\/\/yoast.com\/product\/yoast-seo-wordpress\/ -->\n<title>\u0411\u0430\u0433\u0430\u0436\u043d\u0438\u043a \u043d\u0430 \u043a\u0440\u044b\u0448\u0443 Modula Travel 460 Glossy Black - \u041c\u0430\u0433\u0430\u0437\u0438\u043d Xstyle<\/title>\n<meta name=\"robots\" content=\"index, follow, max-snippet:-1, max-image-preview:large, max-video-preview:-1\" \/>\n<link rel=\"canonical\" href=\"https:\/\/xstyle.md\/ro\/produs\/bagazhnik-na-kryshu-modula-travel-460-glossy-black\/\" \/>\n<meta property=\"og:locale\" content=\"ro_RO\" \/>\n<meta property=\"og:type\" content=\"article\" \/>\n<meta property=\"og:title\" content=\"\u0411\u0430\u0433\u0430\u0436\u043d\u0438\u043a \u043d\u0430 \u043a\u0440\u044b\u0448\u0443 Modula Travel 460 Glossy Black - \u041c\u0430\u0433\u0430\u0437\u0438\u043d Xstyle\" \/>\n<meta property=\"og:url\" content=\"https:\/\/xstyle.md\/ro\/produs\/bagazhnik-na-kryshu-modula-travel-460-glossy-black\/\" \/>\n<meta property=\"og:site_name\" content=\"\u041c\u0430\u0433\u0430\u0437\u0438\u043d Xstyle\" \/>\n<meta property=\"article:publisher\" content=\"https:\/\/www.facebook.com\/xstylemd\" \/>\n<meta property=\"article:modified_time\" content=\"2026-03-04T09:38:17+00:00\" \/>\n<meta property=\"og:image\" content=\"https:\/\/xstyle.md\/wp-content\/uploads\/2024\/11\/modula-travel-460-glossy-black.jpg\" \/>\n\t<meta property=\"og:image:width\" content=\"1280\" \/>\n\t<meta property=\"og:image:height\" content=\"1280\" \/>\n\t<meta property=\"og:image:type\" content=\"image\/jpeg\" \/>\n<meta name=\"twitter:card\" content=\"summary_large_image\" \/>\n<meta name=\"twitter:label1\" content=\"Pre\u021b\" \/>\n\t<meta name=\"twitter:data1\" content=\"9.190&nbsp;MDL\" \/>\n\t<meta name=\"twitter:label2\" content=\"Disponibilitate\" \/>\n\t<meta name=\"twitter:data2\" content=\"\u00cen stoc\" \/>\n<script type=\"application\/ld+json\" class=\"yoast-schema-graph\">{\"@context\":\"https:\/\/schema.org\",\"@graph\":[{\"@type\":\"WebPage\",\"@id\":\"https:\/\/xstyle.md\/product\/bagazhnik-na-kryshu-modula-travel-460-glossy-black\/\",\"url\":\"https:\/\/xstyle.md\/product\/bagazhnik-na-kryshu-modula-travel-460-glossy-black\/\",\"name\":\"\u0411\u0430\u0433\u0430\u0436\u043d\u0438\u043a \u043d\u0430 \u043a\u0440\u044b\u0448\u0443 Modula Travel 460 Glossy Black - \u041c\u0430\u0433\u0430\u0437\u0438\u043d Xstyle\",\"isPartOf\":{\"@id\":\"https:\/\/xstyle.md\/#website\"},\"primaryImageOfPage\":{\"@id\":\"https:\/\/xstyle.md\/product\/bagazhnik-na-kryshu-modula-travel-460-glossy-black\/#primaryimage\"},\"image\":{\"@id\":\"https:\/\/xstyle.md\/product\/bagazhnik-na-kryshu-modula-travel-460-glossy-black\/#primaryimage\"},\"thumbnailUrl\":\"https:\/\/xstyle.md\/wp-content\/uploads\/2024\/11\/modula-travel-460-glossy-black.jpg\",\"datePublished\":\"2024-11-25T08:58:17+00:00\",\"dateModified\":\"2026-03-04T09:38:17+00:00\",\"breadcrumb\":{\"@id\":\"https:\/\/xstyle.md\/product\/bagazhnik-na-kryshu-modula-travel-460-glossy-black\/#breadcrumb\"},\"inLanguage\":\"ro-RO\",\"potentialAction\":[{\"@type\":\"ReadAction\",\"target\":[\"https:\/\/xstyle.md\/product\/bagazhnik-na-kryshu-modula-travel-460-glossy-black\/\"]}]},{\"@type\":\"ImageObject\",\"inLanguage\":\"ro-RO\",\"@id\":\"https:\/\/xstyle.md\/product\/bagazhnik-na-kryshu-modula-travel-460-glossy-black\/#primaryimage\",\"url\":\"https:\/\/xstyle.md\/wp-content\/uploads\/2024\/11\/modula-travel-460-glossy-black.jpg\",\"contentUrl\":\"https:\/\/xstyle.md\/wp-content\/uploads\/2024\/11\/modula-travel-460-glossy-black.jpg\",\"width\":1280,\"height\":1280,\"caption\":\"\u042d\u043b\u0435\u0433\u0430\u043d\u0442\u043d\u0430\u044f \u0433\u043b\u044f\u043d\u0446\u0435\u0432\u0430\u044f \u0447\u0435\u0440\u043d\u0430\u044f \u0441\u0443\u043c\u043a\u0430 \u0434\u043b\u044f \u043f\u0443\u0442\u0435\u0448\u0435\u0441\u0442\u0432\u0438\u0439, \u0438\u0434\u0435\u0430\u043b\u044c\u043d\u043e \u043f\u043e\u0434\u0445\u043e\u0434\u044f\u0449\u0430\u044f \u0434\u043b\u044f \u0430\u043a\u0442\u0438\u0432\u043d\u043e\u0433\u043e \u043e\u0431\u0440\u0430\u0437\u0430 \u0436\u0438\u0437\u043d\u0438, \u043f\u043e\u0434\u0445\u043e\u0434\u0438\u0442 \u0434\u043b\u044f \u043f\u043e\u0445\u043e\u0434\u043e\u0432, \u0430\u043b\u044c\u043f\u0438\u043d\u0438\u0437\u043c\u0430 \u0438 \u043f\u0440\u0438\u043a\u043b\u044e\u0447\u0435\u043d\u0438\u0439 \u043d\u0430 \u043e\u0442\u043a\u0440\u044b\u0442\u043e\u043c \u0432\u043e\u0437\u0434\u0443\u0445\u0435.\"},{\"@type\":\"BreadcrumbList\",\"@id\":\"https:\/\/xstyle.md\/product\/bagazhnik-na-kryshu-modula-travel-460-glossy-black\/#breadcrumb\",\"itemListElement\":[{\"@type\":\"ListItem\",\"position\":1,\"name\":\"\u0413\u043b\u0430\u0432\u043d\u0430\u044f \u0441\u0442\u0440\u0430\u043d\u0438\u0446\u0430\",\"item\":\"https:\/\/xstyle.md\/\"},{\"@type\":\"ListItem\",\"position\":2,\"name\":\"\u041c\u0430\u0433\u0430\u0437\u0438\u043d\",\"item\":\"https:\/\/xstyle.md\/shop\/\"},{\"@type\":\"ListItem\",\"position\":3,\"name\":\"\u0411\u0430\u0433\u0430\u0436\u043d\u0438\u043a \u043d\u0430 \u043a\u0440\u044b\u0448\u0443 Modula Travel 460 Glossy Black\"}]},{\"@type\":\"WebSite\",\"@id\":\"https:\/\/xstyle.md\/#website\",\"url\":\"https:\/\/xstyle.md\/\",\"name\":\"\u041c\u0430\u0433\u0430\u0437\u0438\u043d Xstyle\",\"description\":\"C\u043d\u0430\u0440\u044f\u0436\u0435\u043d\u0438\u0435 \u0434\u043b\u044f \u0442\u0443\u0440\u0438\u0437\u043c\u0430 \u0438 \u044d\u043a\u0441\u0442\u0440\u0435\u043c\u0430\u043b\u044c\u043d\u044b\u0445 \u0432\u0438\u0434\u043e\u0432 \u0441\u043f\u043e\u0440\u0442\u0430 \u0432 \u041c\u043e\u043b\u0434\u043e\u0432\u0435.. \u0426\u0435\u043d\u044b, \u0444\u043e\u0442\u043e, \u0445\u0430\u0440\u0430\u043a\u0442\u0435\u0440\u0438\u0441\u0442\u0438\u043a\u0438 \u0432 \u041c\u043e\u043b\u0434\u043e\u0432\u0435.\",\"publisher\":{\"@id\":\"https:\/\/xstyle.md\/#organization\"},\"alternateName\":\"X-Style\",\"potentialAction\":[{\"@type\":\"SearchAction\",\"target\":{\"@type\":\"EntryPoint\",\"urlTemplate\":\"https:\/\/xstyle.md\/?s={search_term_string}\"},\"query-input\":{\"@type\":\"PropertyValueSpecification\",\"valueRequired\":true,\"valueName\":\"search_term_string\"}}],\"inLanguage\":\"ro-RO\"},{\"@type\":\"Organization\",\"@id\":\"https:\/\/xstyle.md\/#organization\",\"name\":\"\u041c\u0430\u0433\u0430\u0437\u0438\u043d Xstyle\",\"alternateName\":\"x-style\",\"url\":\"https:\/\/xstyle.md\/\",\"logo\":{\"@type\":\"ImageObject\",\"inLanguage\":\"ro-RO\",\"@id\":\"https:\/\/xstyle.md\/#\/schema\/logo\/image\/\",\"url\":\"https:\/\/xstyle.md\/wp-content\/uploads\/2020\/06\/logoicon.svg\",\"contentUrl\":\"https:\/\/xstyle.md\/wp-content\/uploads\/2020\/06\/logoicon.svg\",\"caption\":\"\u041c\u0430\u0433\u0430\u0437\u0438\u043d Xstyle\"},\"image\":{\"@id\":\"https:\/\/xstyle.md\/#\/schema\/logo\/image\/\"},\"sameAs\":[\"https:\/\/www.facebook.com\/xstylemd\",\"https:\/\/www.instagram.com\/xstyle_md\/\",\"https:\/\/t.me\/xstyle_outdoor\"],\"hasMerchantReturnPolicy\":{\"@type\":\"MerchantReturnPolicy\",\"merchantReturnLink\":\"https:\/\/xstyle.md\/ro\/conditions\/\"}}]}<\/script>\n<meta property=\"product:price:amount\" content=\"9190.00\" \/>\n<meta property=\"product:price:currency\" content=\"MDL\" \/>\n<meta property=\"og:availability\" content=\"instock\" \/>\n<meta property=\"product:availability\" content=\"instock\" \/>\n<meta property=\"product:retailer_item_id\" content=\"8051406426101\" \/>\n<meta property=\"product:condition\" content=\"new\" \/>\n<!-- \/ Yoast SEO plugin. -->","yoast_head_json":{"title":"\u0411\u0430\u0433\u0430\u0436\u043d\u0438\u043a \u043d\u0430 \u043a\u0440\u044b\u0448\u0443 Modula Travel 460 Glossy Black - \u041c\u0430\u0433\u0430\u0437\u0438\u043d Xstyle","robots":{"index":"index","follow":"follow","max-snippet":"max-snippet:-1","max-image-preview":"max-image-preview:large","max-video-preview":"max-video-preview:-1"},"canonical":"https:\/\/xstyle.md\/ro\/produs\/bagazhnik-na-kryshu-modula-travel-460-glossy-black\/","og_locale":"ro_RO","og_type":"article","og_title":"\u0411\u0430\u0433\u0430\u0436\u043d\u0438\u043a \u043d\u0430 \u043a\u0440\u044b\u0448\u0443 Modula Travel 460 Glossy Black - \u041c\u0430\u0433\u0430\u0437\u0438\u043d Xstyle","og_url":"https:\/\/xstyle.md\/ro\/produs\/bagazhnik-na-kryshu-modula-travel-460-glossy-black\/","og_site_name":"\u041c\u0430\u0433\u0430\u0437\u0438\u043d Xstyle","article_publisher":"https:\/\/www.facebook.com\/xstylemd","article_modified_time":"2026-03-04T09:38:17+00:00","og_image":[{"width":1280,"height":1280,"url":"https:\/\/xstyle.md\/wp-content\/uploads\/2024\/11\/modula-travel-460-glossy-black.jpg","type":"image\/jpeg"}],"twitter_card":"summary_large_image","twitter_misc":{"Pre\u021b":"9.190&nbsp;MDL","Disponibilitate":"\u00cen stoc"},"schema":{"@context":"https:\/\/schema.org","@graph":[{"@type":"WebPage","@id":"https:\/\/xstyle.md\/product\/bagazhnik-na-kryshu-modula-travel-460-glossy-black\/","url":"https:\/\/xstyle.md\/product\/bagazhnik-na-kryshu-modula-travel-460-glossy-black\/","name":"\u0411\u0430\u0433\u0430\u0436\u043d\u0438\u043a \u043d\u0430 \u043a\u0440\u044b\u0448\u0443 Modula Travel 460 Glossy Black - \u041c\u0430\u0433\u0430\u0437\u0438\u043d Xstyle","isPartOf":{"@id":"https:\/\/xstyle.md\/#website"},"primaryImageOfPage":{"@id":"https:\/\/xstyle.md\/product\/bagazhnik-na-kryshu-modula-travel-460-glossy-black\/#primaryimage"},"image":{"@id":"https:\/\/xstyle.md\/product\/bagazhnik-na-kryshu-modula-travel-460-glossy-black\/#primaryimage"},"thumbnailUrl":"https:\/\/xstyle.md\/wp-content\/uploads\/2024\/11\/modula-travel-460-glossy-black.jpg","datePublished":"2024-11-25T08:58:17+00:00","dateModified":"2026-03-04T09:38:17+00:00","breadcrumb":{"@id":"https:\/\/xstyle.md\/product\/bagazhnik-na-kryshu-modula-travel-460-glossy-black\/#breadcrumb"},"inLanguage":"ro-RO","potentialAction":[{"@type":"ReadAction","target":["https:\/\/xstyle.md\/product\/bagazhnik-na-kryshu-modula-travel-460-glossy-black\/"]}]},{"@type":"ImageObject","inLanguage":"ro-RO","@id":"https:\/\/xstyle.md\/product\/bagazhnik-na-kryshu-modula-travel-460-glossy-black\/#primaryimage","url":"https:\/\/xstyle.md\/wp-content\/uploads\/2024\/11\/modula-travel-460-glossy-black.jpg","contentUrl":"https:\/\/xstyle.md\/wp-content\/uploads\/2024\/11\/modula-travel-460-glossy-black.jpg","width":1280,"height":1280,"caption":"\u042d\u043b\u0435\u0433\u0430\u043d\u0442\u043d\u0430\u044f \u0433\u043b\u044f\u043d\u0446\u0435\u0432\u0430\u044f \u0447\u0435\u0440\u043d\u0430\u044f \u0441\u0443\u043c\u043a\u0430 \u0434\u043b\u044f \u043f\u0443\u0442\u0435\u0448\u0435\u0441\u0442\u0432\u0438\u0439, \u0438\u0434\u0435\u0430\u043b\u044c\u043d\u043e \u043f\u043e\u0434\u0445\u043e\u0434\u044f\u0449\u0430\u044f \u0434\u043b\u044f \u0430\u043a\u0442\u0438\u0432\u043d\u043e\u0433\u043e \u043e\u0431\u0440\u0430\u0437\u0430 \u0436\u0438\u0437\u043d\u0438, \u043f\u043e\u0434\u0445\u043e\u0434\u0438\u0442 \u0434\u043b\u044f \u043f\u043e\u0445\u043e\u0434\u043e\u0432, \u0430\u043b\u044c\u043f\u0438\u043d\u0438\u0437\u043c\u0430 \u0438 \u043f\u0440\u0438\u043a\u043b\u044e\u0447\u0435\u043d\u0438\u0439 \u043d\u0430 \u043e\u0442\u043a\u0440\u044b\u0442\u043e\u043c \u0432\u043e\u0437\u0434\u0443\u0445\u0435."},{"@type":"BreadcrumbList","@id":"https:\/\/xstyle.md\/product\/bagazhnik-na-kryshu-modula-travel-460-glossy-black\/#breadcrumb","itemListElement":[{"@type":"ListItem","position":1,"name":"\u0413\u043b\u0430\u0432\u043d\u0430\u044f \u0441\u0442\u0440\u0430\u043d\u0438\u0446\u0430","item":"https:\/\/xstyle.md\/"},{"@type":"ListItem","position":2,"name":"\u041c\u0430\u0433\u0430\u0437\u0438\u043d","item":"https:\/\/xstyle.md\/shop\/"},{"@type":"ListItem","position":3,"name":"\u0411\u0430\u0433\u0430\u0436\u043d\u0438\u043a \u043d\u0430 \u043a\u0440\u044b\u0448\u0443 Modula Travel 460 Glossy Black"}]},{"@type":"WebSite","@id":"https:\/\/xstyle.md\/#website","url":"https:\/\/xstyle.md\/","name":"Magazinul X-Style","description":"Echipamente pentru turism \u0219i sporturi extreme \u00een Moldova. Pre\u021buri, fotografii, caracteristici \u00een Moldova.","publisher":{"@id":"https:\/\/xstyle.md\/#organization"},"alternateName":"X-Style","potentialAction":[{"@type":"SearchAction","target":{"@type":"EntryPoint","urlTemplate":"https:\/\/xstyle.md\/?s={search_term_string}"},"query-input":{"@type":"PropertyValueSpecification","valueRequired":true,"valueName":"search_term_string"}}],"inLanguage":"ro-RO"},{"@type":"Organization","@id":"https:\/\/xstyle.md\/#organization","name":"Magazinul X-Style","alternateName":"x-style","url":"https:\/\/xstyle.md\/","logo":{"@type":"ImageObject","inLanguage":"ro-RO","@id":"https:\/\/xstyle.md\/#\/schema\/logo\/image\/","url":"https:\/\/xstyle.md\/wp-content\/uploads\/2020\/06\/logoicon.svg","contentUrl":"https:\/\/xstyle.md\/wp-content\/uploads\/2020\/06\/logoicon.svg","caption":"\u041c\u0430\u0433\u0430\u0437\u0438\u043d Xstyle"},"image":{"@id":"https:\/\/xstyle.md\/#\/schema\/logo\/image\/"},"sameAs":["https:\/\/www.facebook.com\/xstylemd","https:\/\/www.instagram.com\/xstyle_md\/","https:\/\/t.me\/xstyle_outdoor"],"hasMerchantReturnPolicy":{"@type":"MerchantReturnPolicy","merchantReturnLink":"https:\/\/xstyle.md\/ro\/conditions\/"}}]},"product_price_amount":"9190.00","product_price_currency":"MDL","og_availability":"instock","product_availability":"instock","product_retailer_item_id":"8051406426101","product_condition":"new"},"post_mailing_queue_ids":[],"_links":{"self":[{"href":"https:\/\/xstyle.md\/ro\/wp-json\/wp\/v2\/product\/89955","targetHints":{"allow":["GET"]}}],"collection":[{"href":"https:\/\/xstyle.md\/ro\/wp-json\/wp\/v2\/product"}],"about":[{"href":"https:\/\/xstyle.md\/ro\/wp-json\/wp\/v2\/types\/product"}],"replies":[{"embeddable":true,"href":"https:\/\/xstyle.md\/ro\/wp-json\/wp\/v2\/comments?post=89955"}],"wp:featuredmedia":[{"embeddable":true,"href":"https:\/\/xstyle.md\/ro\/wp-json\/wp\/v2\/media\/90218"}],"wp:attachment":[{"href":"https:\/\/xstyle.md\/ro\/wp-json\/wp\/v2\/media?parent=89955"}],"wp:term":[{"taxonomy":"product_brand","embeddable":true,"href":"https:\/\/xstyle.md\/ro\/wp-json\/wp\/v2\/product_brand?post=89955"},{"taxonomy":"product_cat","embeddable":true,"href":"https:\/\/xstyle.md\/ro\/wp-json\/wp\/v2\/product_cat?post=89955"},{"taxonomy":"product_tag","embeddable":true,"href":"https:\/\/xstyle.md\/ro\/wp-json\/wp\/v2\/product_tag?post=89955"}],"curies":[{"name":"wp","href":"https:\/\/api.w.org\/{rel}","templated":true}]}}